{"id":841302,"date":"2026-02-12T15:49:11","date_gmt":"2026-02-12T15:49:11","guid":{"rendered":"https:\/\/hidalgo.nl\/product\/gp-b-series-powerbank-5000-mah\/"},"modified":"2026-04-24T12:41:00","modified_gmt":"2026-04-24T12:41:00","slug":"gp-b-series-powerbank-5000-mah","status":"publish","type":"product","link":"https:\/\/hidalgo.nl\/de\/product\/841302\/powerbank-bedrucken-gp-b-serie-3-ports-usb-c-5000-mah\/","title":{"rendered":"GP B+ Series Powerbank 5000 mAh"},"content":{"rendered":"<p>De GP PowerBank combineert betrouwbare stroomvoorziening met een stijlvol design. Met een capaciteit van 5000 kun je drie apparaten gelijktijdig opladen via 2x USB-A en 1x USB-C. De powerbank is uitgerust met een 8-voudige beveiliging voor veilig gebruik en een gegarandeerde lange levensduur. Ideaal voor professioneel en dagelijks gebruik.<\/p>\n","protected":false},"excerpt":{"rendered":"<p>De GP PowerBank combineert betrouwbare stroomvoorziening met een stijlvol design. Met een capaciteit van 5000 kun je drie apparaten gelijktijdig opladen via 2x USB-A en 1x USB-C. De powerbank is uitgerust met een 8-voudige beveiliging voor veilig gebruik en een gegarandeerde lange levensduur. Ideaal voor professioneel en dagelijks gebruik.<\/p>\n","protected":false},"featured_media":841303,"template":"","meta":{"_acf_changed":false,"om_disable_all_campaigns":false,"_monsterinsights_skip_tracking":false,"_monsterinsights_sitenote_active":false,"_monsterinsights_sitenote_note":"","_monsterinsights_sitenote_category":0},"product_brand":[6374],"product_cat":[4720,2816,4719],"product_tag":[],"class_list":{"0":"post-841302","1":"product","2":"type-product","3":"status-publish","4":"has-post-thumbnail","6":"product_supplier-a53","7":"product_brand-hidalgo","8":"product_cat-promotionele-artikelen-elektronica-en-gadgets","9":"product_cat-promotionele-artikelen-elektronica-en-gadgets-powerbanks","10":"product_cat-promotionele-artikelen","11":"entry","13":"first","14":"instock","15":"taxable","16":"shipping-taxable","17":"purchasable","18":"product-type-variable"},"acf":{"imprint_cost":[{"imprint_cost_key":"3b8f6c519b00381f14ed19fdd2710a59cbbad1c9","product_quantity_price_range":[{"imprint_cost_recommended_selling_price":"1.245","imprint_cost_recommended_selling_quantity":"1"},{"imprint_cost_recommended_selling_price":"1.0575","imprint_cost_recommended_selling_quantity":"10"},{"imprint_cost_recommended_selling_price":"0.9","imprint_cost_recommended_selling_quantity":"25"},{"imprint_cost_recommended_selling_price":"0.8025","imprint_cost_recommended_selling_quantity":"50"},{"imprint_cost_recommended_selling_price":"0.7275","imprint_cost_recommended_selling_quantity":"100"},{"imprint_cost_recommended_selling_price":"0.63","imprint_cost_recommended_selling_quantity":"250"},{"imprint_cost_recommended_selling_price":"0.57","imprint_cost_recommended_selling_quantity":"500"},{"imprint_cost_recommended_selling_price":"0.5175","imprint_cost_recommended_selling_quantity":"1000"},{"imprint_cost_recommended_selling_price":"0.4875","imprint_cost_recommended_selling_quantity":"2500"},{"imprint_cost_recommended_selling_price":"0.4725","imprint_cost_recommended_selling_quantity":"5000"},{"imprint_cost_recommended_selling_price":"0.4575","imprint_cost_recommended_selling_quantity":"10000"}],"product_quantity_price_range_buying":[{"imprint_cost_general_buying_price":"0.83","imprint_cost_general_buying_quantity":"1"},{"imprint_cost_general_buying_price":"0.705","imprint_cost_general_buying_quantity":"10"},{"imprint_cost_general_buying_price":"0.6","imprint_cost_general_buying_quantity":"25"},{"imprint_cost_general_buying_price":"0.535","imprint_cost_general_buying_quantity":"50"},{"imprint_cost_general_buying_price":"0.485","imprint_cost_general_buying_quantity":"100"},{"imprint_cost_general_buying_price":"0.42","imprint_cost_general_buying_quantity":"250"},{"imprint_cost_general_buying_price":"0.38","imprint_cost_general_buying_quantity":"500"},{"imprint_cost_general_buying_price":"0.345","imprint_cost_general_buying_quantity":"1000"},{"imprint_cost_general_buying_price":"0.325","imprint_cost_general_buying_quantity":"2500"},{"imprint_cost_general_buying_price":"0.315","imprint_cost_general_buying_quantity":"5000"},{"imprint_cost_general_buying_price":"0.305","imprint_cost_general_buying_quantity":"10000"}],"imprint_cost_setup_costs":"54","imprint_cost_handling_costs":"0.12"}]},"aioseo_notices":[],"aioseo_head":"\n\t\t<!-- All in One SEO Pro 4.9.6.2 - aioseo.com -->\n\t<meta name=\"description\" content=\"Dieses kompakte Mobile Ladeger\u00e4t mit 5000 mAh l\u00e4dt dank drei Anschl\u00fcssen dein Smartphone und Zubeh\u00f6r gleichzeitig, ideal f\u00fcr unterwegs und Tagesausfl\u00fcge. Als USB Powerbank kannst du es bei Hidalgo mit deinem Logo bedrucken lassen, erh\u00e4ltlich in Schwarz oder Beige.\" \/>\n\t<meta name=\"robots\" content=\"max-image-preview:large\" \/>\n\t<link rel=\"canonical\" href=\"https:\/\/hidalgo.nl\/de\/wp-json\/wp\/v2\/product\/841302\" \/>\n\t<meta name=\"generator\" content=\"All in One SEO Pro (AIOSEO) 4.9.6.2\" \/>\n\t\t<meta property=\"og:locale\" content=\"de_DE\" \/>\n\t\t<meta property=\"og:site_name\" content=\"Hidalgo -\" \/>\n\t\t<meta property=\"og:type\" content=\"article\" \/>\n\t\t<meta property=\"og:title\" content=\"Powerbank bedrucken GP B+ Serie 3 Ports USB-C 5000 mAh\" \/>\n\t\t<meta property=\"og:description\" content=\"Dieses kompakte Mobile Ladeger\u00e4t mit 5000 mAh l\u00e4dt dank drei Anschl\u00fcssen dein Smartphone und Zubeh\u00f6r gleichzeitig, ideal f\u00fcr unterwegs und Tagesausfl\u00fcge. Als USB Powerbank kannst du es bei Hidalgo mit deinem Logo bedrucken lassen, erh\u00e4ltlich in Schwarz oder Beige.\" \/>\n\t\t<meta property=\"og:url\" content=\"https:\/\/hidalgo.nl\/de\/wp-json\/wp\/v2\/product\/841302\" \/>\n\t\t<meta property=\"og:image\" content=\"https:\/\/shop.hidalgo.nl\/wp-content\/uploads\/2025\/11\/cropped-Hidalgo-est1993.png\" \/>\n\t\t<meta property=\"og:image:secure_url\" content=\"https:\/\/shop.hidalgo.nl\/wp-content\/uploads\/2025\/11\/cropped-Hidalgo-est1993.png\" \/>\n\t\t<meta property=\"article:published_time\" content=\"2026-02-12T15:49:11+00:00\" \/>\n\t\t<meta property=\"article:modified_time\" content=\"2026-04-24T12:41:00+00:00\" \/>\n\t\t<meta name=\"twitter:card\" content=\"summary_large_image\" \/>\n\t\t<meta name=\"twitter:title\" content=\"Powerbank bedrucken GP B+ Serie 3 Ports USB-C 5000 mAh\" \/>\n\t\t<meta name=\"twitter:description\" content=\"Dieses kompakte Mobile Ladeger\u00e4t mit 5000 mAh l\u00e4dt dank drei Anschl\u00fcssen dein Smartphone und Zubeh\u00f6r gleichzeitig, ideal f\u00fcr unterwegs und Tagesausfl\u00fcge. Als USB Powerbank kannst du es bei Hidalgo mit deinem Logo bedrucken lassen, erh\u00e4ltlich in Schwarz oder Beige.\" \/>\n\t\t<meta name=\"twitter:image\" content=\"https:\/\/shop.hidalgo.nl\/wp-content\/uploads\/2025\/11\/cropped-Hidalgo-est1993.png\" \/>\n\t\t<script type=\"application\/ld+json\" class=\"aioseo-schema\">\n\t\t\t{\"@context\":\"https:\\\/\\\/schema.org\",\"@graph\":[{\"@type\":\"BreadcrumbList\",\"@id\":\"https:\\\/\\\/hidalgo.nl\\\/de\\\/product\\\/841302\\\/powerbank-bedrucken-gp-b-serie-3-ports-usb-c-5000-mah\\\/#breadcrumblist\",\"itemListElement\":[{\"@type\":\"ListItem\",\"@id\":\"https:\\\/\\\/hidalgo.nl\\\/de\\\/#listItem\",\"position\":1,\"name\":\"Home\",\"item\":\"https:\\\/\\\/hidalgo.nl\\\/de\\\/\",\"nextItem\":{\"@type\":\"ListItem\",\"@id\":\"https:\\\/\\\/hidalgo.nl\\\/example\\\/#listItem\",\"name\":\"example\"}},{\"@type\":\"ListItem\",\"@id\":\"https:\\\/\\\/hidalgo.nl\\\/example\\\/#listItem\",\"position\":2,\"name\":\"example\",\"item\":\"https:\\\/\\\/hidalgo.nl\\\/example\\\/\",\"nextItem\":{\"@type\":\"ListItem\",\"@id\":\"https:\\\/\\\/hidalgo.nl\\\/en\\\/product-supplier\\\/a53\\\/#listItem\",\"name\":\"A53\"},\"previousItem\":{\"@type\":\"ListItem\",\"@id\":\"https:\\\/\\\/hidalgo.nl\\\/de\\\/#listItem\",\"name\":\"Home\"}},{\"@type\":\"ListItem\",\"@id\":\"https:\\\/\\\/hidalgo.nl\\\/en\\\/product-supplier\\\/a53\\\/#listItem\",\"position\":3,\"name\":\"A53\",\"item\":\"https:\\\/\\\/hidalgo.nl\\\/en\\\/product-supplier\\\/a53\\\/\",\"nextItem\":{\"@type\":\"ListItem\",\"@id\":\"https:\\\/\\\/hidalgo.nl\\\/de\\\/product\\\/841302\\\/powerbank-bedrucken-gp-b-serie-3-ports-usb-c-5000-mah\\\/#listItem\",\"name\":\"GP B+ Series Powerbank 5000 mAh\"},\"previousItem\":{\"@type\":\"ListItem\",\"@id\":\"https:\\\/\\\/hidalgo.nl\\\/example\\\/#listItem\",\"name\":\"example\"}},{\"@type\":\"ListItem\",\"@id\":\"https:\\\/\\\/hidalgo.nl\\\/de\\\/product\\\/841302\\\/powerbank-bedrucken-gp-b-serie-3-ports-usb-c-5000-mah\\\/#listItem\",\"position\":4,\"name\":\"GP B+ Series Powerbank 5000 mAh\",\"previousItem\":{\"@type\":\"ListItem\",\"@id\":\"https:\\\/\\\/hidalgo.nl\\\/en\\\/product-supplier\\\/a53\\\/#listItem\",\"name\":\"A53\"}}]},{\"@type\":\"ItemPage\",\"@id\":\"https:\\\/\\\/hidalgo.nl\\\/de\\\/product\\\/841302\\\/powerbank-bedrucken-gp-b-serie-3-ports-usb-c-5000-mah\\\/#itempage\",\"url\":\"https:\\\/\\\/hidalgo.nl\\\/de\\\/product\\\/841302\\\/powerbank-bedrucken-gp-b-serie-3-ports-usb-c-5000-mah\\\/\",\"name\":\"Powerbank bedrucken GP B+ Serie 3 Ports USB-C 5000 mAh\",\"description\":\"Dieses kompakte Mobile Ladeger\\u00e4t mit 5000 mAh l\\u00e4dt dank drei Anschl\\u00fcssen dein Smartphone und Zubeh\\u00f6r gleichzeitig, ideal f\\u00fcr unterwegs und Tagesausfl\\u00fcge. Als USB Powerbank kannst du es bei Hidalgo mit deinem Logo bedrucken lassen, erh\\u00e4ltlich in Schwarz oder Beige.\",\"inLanguage\":\"de-DE\",\"isPartOf\":{\"@id\":\"https:\\\/\\\/hidalgo.nl\\\/de\\\/#website\"},\"breadcrumb\":{\"@id\":\"https:\\\/\\\/hidalgo.nl\\\/de\\\/product\\\/841302\\\/powerbank-bedrucken-gp-b-serie-3-ports-usb-c-5000-mah\\\/#breadcrumblist\"},\"image\":{\"@type\":\"ImageObject\",\"url\":\"https:\\\/\\\/shop.hidalgo.nl\\\/wp-content\\\/uploads\\\/2025\\\/03\\\/fc389b754c6c85e7fdd4facce84e4b6bef1f13df08208e23af69138bc7443623.jpg\",\"@id\":\"https:\\\/\\\/hidalgo.nl\\\/de\\\/product\\\/841302\\\/powerbank-bedrucken-gp-b-serie-3-ports-usb-c-5000-mah\\\/#mainImage\"},\"primaryImageOfPage\":{\"@id\":\"https:\\\/\\\/hidalgo.nl\\\/de\\\/product\\\/841302\\\/powerbank-bedrucken-gp-b-serie-3-ports-usb-c-5000-mah\\\/#mainImage\"},\"datePublished\":\"2026-02-12T15:49:11+00:00\",\"dateModified\":\"2026-04-24T12:41:00+00:00\"},{\"@type\":\"Organization\",\"@id\":\"https:\\\/\\\/hidalgo.nl\\\/de\\\/#organization\",\"name\":\"Hidalgo\",\"url\":\"https:\\\/\\\/hidalgo.nl\\\/de\\\/\",\"logo\":{\"@type\":\"ImageObject\",\"url\":\"https:\\\/\\\/shop.hidalgo.nl\\\/wp-content\\\/uploads\\\/2025\\\/11\\\/cropped-Hidalgo-est1993.png\",\"@id\":\"https:\\\/\\\/hidalgo.nl\\\/de\\\/product\\\/841302\\\/powerbank-bedrucken-gp-b-serie-3-ports-usb-c-5000-mah\\\/#organizationLogo\",\"width\":585,\"height\":195},\"image\":{\"@id\":\"https:\\\/\\\/hidalgo.nl\\\/de\\\/product\\\/841302\\\/powerbank-bedrucken-gp-b-serie-3-ports-usb-c-5000-mah\\\/#organizationLogo\"}},{\"@type\":\"WebPage\",\"@id\":\"https:\\\/\\\/hidalgo.nl\\\/de\\\/product\\\/841302\\\/powerbank-bedrucken-gp-b-serie-3-ports-usb-c-5000-mah\\\/#webpage\",\"url\":\"https:\\\/\\\/hidalgo.nl\\\/de\\\/product\\\/841302\\\/powerbank-bedrucken-gp-b-serie-3-ports-usb-c-5000-mah\\\/\",\"name\":\"Powerbank bedrucken GP B+ Serie 3 Ports USB-C 5000 mAh\",\"description\":\"Dieses kompakte Mobile Ladeger\\u00e4t mit 5000 mAh l\\u00e4dt dank drei Anschl\\u00fcssen dein Smartphone und Zubeh\\u00f6r gleichzeitig, ideal f\\u00fcr unterwegs und Tagesausfl\\u00fcge. Als USB Powerbank kannst du es bei Hidalgo mit deinem Logo bedrucken lassen, erh\\u00e4ltlich in Schwarz oder Beige.\",\"inLanguage\":\"de-DE\",\"isPartOf\":{\"@id\":\"https:\\\/\\\/hidalgo.nl\\\/de\\\/#website\"},\"breadcrumb\":{\"@id\":\"https:\\\/\\\/hidalgo.nl\\\/de\\\/product\\\/841302\\\/powerbank-bedrucken-gp-b-serie-3-ports-usb-c-5000-mah\\\/#breadcrumblist\"},\"image\":{\"@type\":\"ImageObject\",\"url\":\"https:\\\/\\\/shop.hidalgo.nl\\\/wp-content\\\/uploads\\\/2025\\\/03\\\/fc389b754c6c85e7fdd4facce84e4b6bef1f13df08208e23af69138bc7443623.jpg\",\"@id\":\"https:\\\/\\\/hidalgo.nl\\\/de\\\/product\\\/841302\\\/powerbank-bedrucken-gp-b-serie-3-ports-usb-c-5000-mah\\\/#mainImage\"},\"primaryImageOfPage\":{\"@id\":\"https:\\\/\\\/hidalgo.nl\\\/de\\\/product\\\/841302\\\/powerbank-bedrucken-gp-b-serie-3-ports-usb-c-5000-mah\\\/#mainImage\"},\"datePublished\":\"2026-02-12T15:49:11+00:00\",\"dateModified\":\"2026-04-24T12:41:00+00:00\"},{\"@type\":\"WebSite\",\"@id\":\"https:\\\/\\\/hidalgo.nl\\\/de\\\/#website\",\"url\":\"https:\\\/\\\/hidalgo.nl\\\/de\\\/\",\"name\":\"Hidalgo\",\"inLanguage\":\"de-DE\",\"publisher\":{\"@id\":\"https:\\\/\\\/hidalgo.nl\\\/de\\\/#organization\"}}]}\n\t\t<\/script>\n\t\t<!-- All in One SEO Pro -->\r\n\t\t<title>Powerbank bedrucken GP B+ Serie 3 Ports USB-C 5000 mAh<\/title>\n\n","aioseo_head_json":{"title":"Powerbank bedrucken GP B+ Serie 3 Ports USB-C 5000 mAh","description":"Dieses kompakte Mobile Ladeger\u00e4t mit 5000 mAh l\u00e4dt dank drei Anschl\u00fcssen dein Smartphone und Zubeh\u00f6r gleichzeitig, ideal f\u00fcr unterwegs und Tagesausfl\u00fcge. Als USB Powerbank kannst du es bei Hidalgo mit deinem Logo bedrucken lassen, erh\u00e4ltlich in Schwarz oder Beige.","canonical_url":"https:\/\/hidalgo.nl\/de\/wp-json\/wp\/v2\/product\/841302","robots":"max-image-preview:large","keywords":"","webmasterTools":{"miscellaneous":""},"schema":{"@context":"https:\/\/schema.org","@graph":[{"@type":"BreadcrumbList","@id":"https:\/\/hidalgo.nl\/de\/product\/841302\/powerbank-bedrucken-gp-b-serie-3-ports-usb-c-5000-mah\/#breadcrumblist","itemListElement":[{"@type":"ListItem","@id":"https:\/\/hidalgo.nl\/de\/#listItem","position":1,"name":"Home","item":"https:\/\/hidalgo.nl\/de\/","nextItem":{"@type":"ListItem","@id":"https:\/\/hidalgo.nl\/example\/#listItem","name":"example"}},{"@type":"ListItem","@id":"https:\/\/hidalgo.nl\/example\/#listItem","position":2,"name":"example","item":"https:\/\/hidalgo.nl\/example\/","nextItem":{"@type":"ListItem","@id":"https:\/\/hidalgo.nl\/en\/product-supplier\/a53\/#listItem","name":"A53"},"previousItem":{"@type":"ListItem","@id":"https:\/\/hidalgo.nl\/de\/#listItem","name":"Home"}},{"@type":"ListItem","@id":"https:\/\/hidalgo.nl\/en\/product-supplier\/a53\/#listItem","position":3,"name":"A53","item":"https:\/\/hidalgo.nl\/en\/product-supplier\/a53\/","nextItem":{"@type":"ListItem","@id":"https:\/\/hidalgo.nl\/de\/product\/841302\/powerbank-bedrucken-gp-b-serie-3-ports-usb-c-5000-mah\/#listItem","name":"GP B+ Series Powerbank 5000 mAh"},"previousItem":{"@type":"ListItem","@id":"https:\/\/hidalgo.nl\/example\/#listItem","name":"example"}},{"@type":"ListItem","@id":"https:\/\/hidalgo.nl\/de\/product\/841302\/powerbank-bedrucken-gp-b-serie-3-ports-usb-c-5000-mah\/#listItem","position":4,"name":"GP B+ Series Powerbank 5000 mAh","previousItem":{"@type":"ListItem","@id":"https:\/\/hidalgo.nl\/en\/product-supplier\/a53\/#listItem","name":"A53"}}]},{"@type":"ItemPage","@id":"https:\/\/hidalgo.nl\/de\/product\/841302\/powerbank-bedrucken-gp-b-serie-3-ports-usb-c-5000-mah\/#itempage","url":"https:\/\/hidalgo.nl\/de\/product\/841302\/powerbank-bedrucken-gp-b-serie-3-ports-usb-c-5000-mah\/","name":"Powerbank bedrucken GP B+ Serie 3 Ports USB-C 5000 mAh","description":"Dieses kompakte Mobile Ladeger\u00e4t mit 5000 mAh l\u00e4dt dank drei Anschl\u00fcssen dein Smartphone und Zubeh\u00f6r gleichzeitig, ideal f\u00fcr unterwegs und Tagesausfl\u00fcge. Als USB Powerbank kannst du es bei Hidalgo mit deinem Logo bedrucken lassen, erh\u00e4ltlich in Schwarz oder Beige.","inLanguage":"de-DE","isPartOf":{"@id":"https:\/\/hidalgo.nl\/de\/#website"},"breadcrumb":{"@id":"https:\/\/hidalgo.nl\/de\/product\/841302\/powerbank-bedrucken-gp-b-serie-3-ports-usb-c-5000-mah\/#breadcrumblist"},"image":{"@type":"ImageObject","url":"https:\/\/shop.hidalgo.nl\/wp-content\/uploads\/2025\/03\/fc389b754c6c85e7fdd4facce84e4b6bef1f13df08208e23af69138bc7443623.jpg","@id":"https:\/\/hidalgo.nl\/de\/product\/841302\/powerbank-bedrucken-gp-b-serie-3-ports-usb-c-5000-mah\/#mainImage"},"primaryImageOfPage":{"@id":"https:\/\/hidalgo.nl\/de\/product\/841302\/powerbank-bedrucken-gp-b-serie-3-ports-usb-c-5000-mah\/#mainImage"},"datePublished":"2026-02-12T15:49:11+00:00","dateModified":"2026-04-24T12:41:00+00:00"},{"@type":"Organization","@id":"https:\/\/hidalgo.nl\/de\/#organization","name":"Hidalgo","url":"https:\/\/hidalgo.nl\/de\/","logo":{"@type":"ImageObject","url":"https:\/\/shop.hidalgo.nl\/wp-content\/uploads\/2025\/11\/cropped-Hidalgo-est1993.png","@id":"https:\/\/hidalgo.nl\/de\/product\/841302\/powerbank-bedrucken-gp-b-serie-3-ports-usb-c-5000-mah\/#organizationLogo","width":585,"height":195},"image":{"@id":"https:\/\/hidalgo.nl\/de\/product\/841302\/powerbank-bedrucken-gp-b-serie-3-ports-usb-c-5000-mah\/#organizationLogo"}},{"@type":"WebPage","@id":"https:\/\/hidalgo.nl\/de\/product\/841302\/powerbank-bedrucken-gp-b-serie-3-ports-usb-c-5000-mah\/#webpage","url":"https:\/\/hidalgo.nl\/de\/product\/841302\/powerbank-bedrucken-gp-b-serie-3-ports-usb-c-5000-mah\/","name":"Powerbank bedrucken GP B+ Serie 3 Ports USB-C 5000 mAh","description":"Dieses kompakte Mobile Ladeger\u00e4t mit 5000 mAh l\u00e4dt dank drei Anschl\u00fcssen dein Smartphone und Zubeh\u00f6r gleichzeitig, ideal f\u00fcr unterwegs und Tagesausfl\u00fcge. Als USB Powerbank kannst du es bei Hidalgo mit deinem Logo bedrucken lassen, erh\u00e4ltlich in Schwarz oder Beige.","inLanguage":"de-DE","isPartOf":{"@id":"https:\/\/hidalgo.nl\/de\/#website"},"breadcrumb":{"@id":"https:\/\/hidalgo.nl\/de\/product\/841302\/powerbank-bedrucken-gp-b-serie-3-ports-usb-c-5000-mah\/#breadcrumblist"},"image":{"@type":"ImageObject","url":"https:\/\/shop.hidalgo.nl\/wp-content\/uploads\/2025\/03\/fc389b754c6c85e7fdd4facce84e4b6bef1f13df08208e23af69138bc7443623.jpg","@id":"https:\/\/hidalgo.nl\/de\/product\/841302\/powerbank-bedrucken-gp-b-serie-3-ports-usb-c-5000-mah\/#mainImage"},"primaryImageOfPage":{"@id":"https:\/\/hidalgo.nl\/de\/product\/841302\/powerbank-bedrucken-gp-b-serie-3-ports-usb-c-5000-mah\/#mainImage"},"datePublished":"2026-02-12T15:49:11+00:00","dateModified":"2026-04-24T12:41:00+00:00"},{"@type":"WebSite","@id":"https:\/\/hidalgo.nl\/de\/#website","url":"https:\/\/hidalgo.nl\/de\/","name":"Hidalgo","inLanguage":"de-DE","publisher":{"@id":"https:\/\/hidalgo.nl\/de\/#organization"}}]},"og:locale":"de_DE","og:site_name":"Hidalgo -","og:type":"article","og:title":"Powerbank bedrucken GP B+ Serie 3 Ports USB-C 5000 mAh","og:description":"Dieses kompakte Mobile Ladeger\u00e4t mit 5000 mAh l\u00e4dt dank drei Anschl\u00fcssen dein Smartphone und Zubeh\u00f6r gleichzeitig, ideal f\u00fcr unterwegs und Tagesausfl\u00fcge. Als USB Powerbank kannst du es bei Hidalgo mit deinem Logo bedrucken lassen, erh\u00e4ltlich in Schwarz oder Beige.","og:url":"https:\/\/hidalgo.nl\/de\/wp-json\/wp\/v2\/product\/841302","og:image":"https:\/\/shop.hidalgo.nl\/wp-content\/uploads\/2025\/11\/cropped-Hidalgo-est1993.png","og:image:secure_url":"https:\/\/shop.hidalgo.nl\/wp-content\/uploads\/2025\/11\/cropped-Hidalgo-est1993.png","article:published_time":"2026-02-12T15:49:11+00:00","article:modified_time":"2026-04-24T12:41:00+00:00","twitter:card":"summary_large_image","twitter:title":"Powerbank bedrucken GP B+ Serie 3 Ports USB-C 5000 mAh","twitter:description":"Dieses kompakte Mobile Ladeger\u00e4t mit 5000 mAh l\u00e4dt dank drei Anschl\u00fcssen dein Smartphone und Zubeh\u00f6r gleichzeitig, ideal f\u00fcr unterwegs und Tagesausfl\u00fcge. Als USB Powerbank kannst du es bei Hidalgo mit deinem Logo bedrucken lassen, erh\u00e4ltlich in Schwarz oder Beige.","twitter:image":"https:\/\/shop.hidalgo.nl\/wp-content\/uploads\/2025\/11\/cropped-Hidalgo-est1993.png"},"aioseo_meta_data":{"post_id":"841302","title":null,"description":null,"keywords":null,"keyphrases":null,"primary_term":null,"canonical_url":null,"og_title":null,"og_description":null,"og_object_type":"default","og_image_type":"default","og_image_url":null,"og_image_width":null,"og_image_height":null,"og_image_custom_url":null,"og_image_custom_fields":null,"og_video":null,"og_custom_url":null,"og_article_section":null,"og_article_tags":null,"twitter_use_og":false,"twitter_card":"default","twitter_image_type":"default","twitter_image_url":null,"twitter_image_custom_url":null,"twitter_image_custom_fields":null,"twitter_title":null,"twitter_description":null,"schema":{"blockGraphs":[],"customGraphs":[],"default":{"data":{"Article":[],"Course":[],"Dataset":[],"FAQPage":[],"Movie":[],"Person":[],"Product":[],"ProductReview":[],"Car":[],"Recipe":[],"Service":[],"SoftwareApplication":[],"WebPage":[]},"graphName":"","isEnabled":true},"graphs":[]},"schema_type":"default","schema_type_options":null,"pillar_content":false,"robots_default":true,"robots_noindex":false,"robots_noarchive":false,"robots_nosnippet":false,"robots_nofollow":false,"robots_noimageindex":false,"robots_noodp":false,"robots_notranslate":false,"robots_max_snippet":null,"robots_max_videopreview":null,"robots_max_imagepreview":"large","priority":null,"frequency":null,"local_seo":null,"seo_analyzer_scan_date":"2026-02-13 05:19:12","breadcrumb_settings":null,"limit_modified_date":false,"reviewed_by":null,"open_ai":null,"ai":null,"created":"2026-02-12 15:51:20","updated":"2026-04-24 13:05:58"},"aioseo_breadcrumb":"<div class=\"aioseo-breadcrumbs\"><span class=\"aioseo-breadcrumb\">\n\t<a href=\"https:\/\/hidalgo.nl\/de\/\" title=\"Home\">Home<\/a>\n<\/span><span class=\"aioseo-breadcrumb-separator\">\u00bb<\/span><span class=\"aioseo-breadcrumb\">\n\t<a href=\"https:\/\/hidalgo.nl\/example\/\" title=\"example\">example<\/a>\n<\/span><span class=\"aioseo-breadcrumb-separator\">\u00bb<\/span><span class=\"aioseo-breadcrumb\">\n\t<a href=\"https:\/\/hidalgo.nl\/en\/product-supplier\/a53\/\" title=\"A53\">A53<\/a>\n<\/span><span class=\"aioseo-breadcrumb-separator\">\u00bb<\/span><span class=\"aioseo-breadcrumb\">\n\tGP B+ Series Powerbank 5000 mAh\n<\/span><\/div>","aioseo_breadcrumb_json":[{"label":"Home","link":"https:\/\/hidalgo.nl\/de\/"},{"label":"example","link":"https:\/\/hidalgo.nl\/example\/"},{"label":"A53","link":"https:\/\/hidalgo.nl\/en\/product-supplier\/a53\/"},{"label":"GP B+ Series Powerbank 5000 mAh","link":"https:\/\/hidalgo.nl\/de\/product\/841302\/powerbank-bedrucken-gp-b-serie-3-ports-usb-c-5000-mah\/"}],"_links":{"self":[{"href":"https:\/\/hidalgo.nl\/de\/wp-json\/wp\/v2\/product\/841302","targetHints":{"allow":["GET"]}}],"collection":[{"href":"https:\/\/hidalgo.nl\/de\/wp-json\/wp\/v2\/product"}],"about":[{"href":"https:\/\/hidalgo.nl\/de\/wp-json\/wp\/v2\/types\/product"}],"wp:featuredmedia":[{"embeddable":true,"href":"https:\/\/hidalgo.nl\/de\/wp-json\/wp\/v2\/media\/841303"}],"wp:attachment":[{"href":"https:\/\/hidalgo.nl\/de\/wp-json\/wp\/v2\/media?parent=841302"}],"wp:term":[{"taxonomy":"product_brand","embeddable":true,"href":"https:\/\/hidalgo.nl\/de\/wp-json\/wp\/v2\/product_brand?post=841302"},{"taxonomy":"product_cat","embeddable":true,"href":"https:\/\/hidalgo.nl\/de\/wp-json\/wp\/v2\/product_cat?post=841302"},{"taxonomy":"product_tag","embeddable":true,"href":"https:\/\/hidalgo.nl\/de\/wp-json\/wp\/v2\/product_tag?post=841302"}],"curies":[{"name":"wp","href":"https:\/\/api.w.org\/{rel}","templated":true}]}}