{"id":841246,"date":"2026-02-12T15:49:02","date_gmt":"2026-02-12T15:49:02","guid":{"rendered":"https:\/\/hidalgo.nl\/product\/gerecycled-abs-powerbank-tavi\/"},"modified":"2026-03-13T19:51:01","modified_gmt":"2026-03-13T19:51:01","slug":"gerecycled-abs-powerbank-tavi","status":"publish","type":"product","link":"https:\/\/hidalgo.nl\/de\/product\/841246\/powerbank-tavi-bedrucken-22-5w-recycled-abs-10000mah\/","title":{"rendered":"Gerecycled ABS powerbank Tavi"},"content":{"rendered":"<p>Gerecyclede ABS powerbank met 10.000?mAh Li-ion batterij en 22,5W snellaadfunctie. Voorzien van Type-C in- en uitgang en Type-A ingang. Het ontwerp van de powerbank bestaat uit \u00e9\u00e9n derde glad oppervlak voor bedrukking en twee derde met reli\u00ebfstructuur. Bovenop zit een digitale display voor het weergeven van de batterijcapaciteit. Beschermd tegen oververhitting, kortsluiting, overspanning en overstroom. Inclusief label met gerecycled ABS-logo op de achterzijde. Individueel verpakt in een bruine kartonnen doos met zijdepapier.<\/p>\n","protected":false},"excerpt":{"rendered":"<p>Gerecyclede ABS powerbank met 10.000?mAh Li-ion batterij en 22,5W snellaadfunctie. Voorzien van Type-C in- en uitgang en Type-A ingang. Het ontwerp van de powerbank bestaat uit \u00e9\u00e9n derde glad oppervlak voor bedrukking en twee derde met reli\u00ebfstructuur. Bovenop zit een digitale display voor het weergeven van de batterijcapaciteit. Beschermd tegen oververhitting, kortsluiting, overspanning en overstroom.&hellip; <a class=\"more-link\" href=\"https:\/\/hidalgo.nl\/de\/product\/841246\/powerbank-tavi-bedrucken-22-5w-recycled-abs-10000mah\/\"><span class=\"screen-reader-text\">Gerecycled ABS powerbank Tavi<\/span> weiterlesen<\/a><\/p>\n","protected":false},"featured_media":841247,"template":"","meta":{"_acf_changed":false,"om_disable_all_campaigns":false,"_monsterinsights_skip_tracking":false,"_monsterinsights_sitenote_active":false,"_monsterinsights_sitenote_note":"","_monsterinsights_sitenote_category":0},"product_brand":[49],"product_cat":[4720,2816,4719],"product_tag":[],"class_list":{"0":"post-841246","1":"product","2":"type-product","3":"status-publish","4":"has-post-thumbnail","6":"product_supplier-a58","7":"product_material-gerecycled-abs","8":"product_material-pc","9":"product_material-pcb","10":"product_brand-impression","11":"product_cat-promotionele-artikelen-elektronica-en-gadgets","12":"product_cat-promotionele-artikelen-elektronica-en-gadgets-powerbanks","13":"product_cat-promotionele-artikelen","14":"entry","16":"first","17":"instock","18":"taxable","19":"shipping-taxable","20":"purchasable","21":"product-type-variable"},"acf":{"imprint_cost":[{"imprint_cost_key":"74900fcd181b1be03bc41f1a5c77b5e23f984dbc","product_quantity_price_range":[{"imprint_cost_recommended_selling_price":"6.06","imprint_cost_recommended_selling_quantity":"1"},{"imprint_cost_recommended_selling_price":"4.52","imprint_cost_recommended_selling_quantity":"25"},{"imprint_cost_recommended_selling_price":"2.23","imprint_cost_recommended_selling_quantity":"50"},{"imprint_cost_recommended_selling_price":"1.72","imprint_cost_recommended_selling_quantity":"100"},{"imprint_cost_recommended_selling_price":"1.31","imprint_cost_recommended_selling_quantity":"250"},{"imprint_cost_recommended_selling_price":"1.11","imprint_cost_recommended_selling_quantity":"500"},{"imprint_cost_recommended_selling_price":"1.06","imprint_cost_recommended_selling_quantity":"1000"},{"imprint_cost_recommended_selling_price":"0.98","imprint_cost_recommended_selling_quantity":"2500"},{"imprint_cost_recommended_selling_price":"0.94","imprint_cost_recommended_selling_quantity":"5000"},{"imprint_cost_recommended_selling_price":"0.92","imprint_cost_recommended_selling_quantity":"10000"}],"product_quantity_price_range_buying":false,"imprint_cost_setup_costs":"71.54","imprint_cost_handling_costs":"0.26"},{"imprint_cost_key":"bbced85bf183809eab0cdd5067d2490b083aa521","product_quantity_price_range":[{"imprint_cost_recommended_selling_price":"2.68","imprint_cost_recommended_selling_quantity":"1"},{"imprint_cost_recommended_selling_price":"1.45","imprint_cost_recommended_selling_quantity":"25"},{"imprint_cost_recommended_selling_price":"1.02","imprint_cost_recommended_selling_quantity":"50"},{"imprint_cost_recommended_selling_price":"0.91","imprint_cost_recommended_selling_quantity":"100"},{"imprint_cost_recommended_selling_price":"0.6","imprint_cost_recommended_selling_quantity":"250"},{"imprint_cost_recommended_selling_price":"0.52","imprint_cost_recommended_selling_quantity":"500"},{"imprint_cost_recommended_selling_price":"0.43","imprint_cost_recommended_selling_quantity":"1000"},{"imprint_cost_recommended_selling_price":"0.38","imprint_cost_recommended_selling_quantity":"2500"},{"imprint_cost_recommended_selling_price":"0.35","imprint_cost_recommended_selling_quantity":"5000"},{"imprint_cost_recommended_selling_price":"0.32","imprint_cost_recommended_selling_quantity":"10000"}],"product_quantity_price_range_buying":false,"imprint_cost_setup_costs":"51.54","imprint_cost_handling_costs":"0.2"},{"imprint_cost_key":"5c745bf773aad0477ba864393ccb26cc74441929","product_quantity_price_range":[{"imprint_cost_recommended_selling_price":"0.97","imprint_cost_recommended_selling_quantity":"1"},{"imprint_cost_recommended_selling_price":"0.82","imprint_cost_recommended_selling_quantity":"25"},{"imprint_cost_recommended_selling_price":"0.75","imprint_cost_recommended_selling_quantity":"50"},{"imprint_cost_recommended_selling_price":"0.68","imprint_cost_recommended_selling_quantity":"100"},{"imprint_cost_recommended_selling_price":"0.62","imprint_cost_recommended_selling_quantity":"250"},{"imprint_cost_recommended_selling_price":"0.55","imprint_cost_recommended_selling_quantity":"500"},{"imprint_cost_recommended_selling_price":"0.51","imprint_cost_recommended_selling_quantity":"1000"},{"imprint_cost_recommended_selling_price":"0.48","imprint_cost_recommended_selling_quantity":"2500"},{"imprint_cost_recommended_selling_price":"0.43","imprint_cost_recommended_selling_quantity":"5000"}],"product_quantity_price_range_buying":false,"imprint_cost_setup_costs":"60.77","imprint_cost_handling_costs":"0.26"}]},"aioseo_notices":[],"aioseo_head":"\n\t\t<!-- All in One SEO Pro 4.9.6.1 - aioseo.com -->\n\t<meta name=\"description\" content=\"Dieses moderne mobile Ladeger\u00e4t aus wiederverwertetem ABS \u00fcberzeugt mit 10.000 mAh Kapazit\u00e4t und 22,5W Schnellladung. Bestelle die nachhaltige Powerbank Tavi im Gro\u00dfhandel und lass sie direkt als hochwertigen Werbeartikel mit deinem Firmenlogo bedrucken.\" \/>\n\t<meta name=\"robots\" content=\"max-image-preview:large\" \/>\n\t<link rel=\"canonical\" href=\"https:\/\/hidalgo.nl\/de\/wp-json\/wp\/v2\/product\/841246\" \/>\n\t<meta name=\"generator\" content=\"All in One SEO Pro (AIOSEO) 4.9.6.1\" \/>\n\t\t<meta property=\"og:locale\" content=\"de_DE\" \/>\n\t\t<meta property=\"og:site_name\" content=\"Hidalgo -\" \/>\n\t\t<meta property=\"og:type\" content=\"article\" \/>\n\t\t<meta property=\"og:title\" content=\"Powerbank Tavi bedrucken 22.5W Recycled ABS 10000mAh\" \/>\n\t\t<meta property=\"og:description\" content=\"Dieses moderne mobile Ladeger\u00e4t aus wiederverwertetem ABS \u00fcberzeugt mit 10.000 mAh Kapazit\u00e4t und 22,5W Schnellladung. Bestelle die nachhaltige Powerbank Tavi im Gro\u00dfhandel und lass sie direkt als hochwertigen Werbeartikel mit deinem Firmenlogo bedrucken.\" \/>\n\t\t<meta property=\"og:url\" content=\"https:\/\/hidalgo.nl\/de\/wp-json\/wp\/v2\/product\/841246\" \/>\n\t\t<meta property=\"og:image\" content=\"https:\/\/shop.hidalgo.nl\/wp-content\/uploads\/2025\/11\/cropped-Hidalgo-est1993.png\" \/>\n\t\t<meta property=\"og:image:secure_url\" content=\"https:\/\/shop.hidalgo.nl\/wp-content\/uploads\/2025\/11\/cropped-Hidalgo-est1993.png\" \/>\n\t\t<meta property=\"article:published_time\" content=\"2026-02-12T15:49:02+00:00\" \/>\n\t\t<meta property=\"article:modified_time\" content=\"2026-03-13T19:51:01+00:00\" \/>\n\t\t<meta name=\"twitter:card\" content=\"summary_large_image\" \/>\n\t\t<meta name=\"twitter:title\" content=\"Powerbank Tavi bedrucken 22.5W Recycled ABS 10000mAh\" \/>\n\t\t<meta name=\"twitter:description\" content=\"Dieses moderne mobile Ladeger\u00e4t aus wiederverwertetem ABS \u00fcberzeugt mit 10.000 mAh Kapazit\u00e4t und 22,5W Schnellladung. Bestelle die nachhaltige Powerbank Tavi im Gro\u00dfhandel und lass sie direkt als hochwertigen Werbeartikel mit deinem Firmenlogo bedrucken.\" \/>\n\t\t<meta name=\"twitter:image\" content=\"https:\/\/shop.hidalgo.nl\/wp-content\/uploads\/2025\/11\/cropped-Hidalgo-est1993.png\" \/>\n\t\t<script type=\"application\/ld+json\" class=\"aioseo-schema\">\n\t\t\t{\"@context\":\"https:\\\/\\\/schema.org\",\"@graph\":[{\"@type\":\"BreadcrumbList\",\"@id\":\"https:\\\/\\\/hidalgo.nl\\\/de\\\/product\\\/841246\\\/powerbank-tavi-bedrucken-22-5w-recycled-abs-10000mah\\\/#breadcrumblist\",\"itemListElement\":[{\"@type\":\"ListItem\",\"@id\":\"https:\\\/\\\/hidalgo.nl\\\/de\\\/#listItem\",\"position\":1,\"name\":\"Home\",\"item\":\"https:\\\/\\\/hidalgo.nl\\\/de\\\/\",\"nextItem\":{\"@type\":\"ListItem\",\"@id\":\"https:\\\/\\\/hidalgo.nl\\\/example\\\/#listItem\",\"name\":\"example\"}},{\"@type\":\"ListItem\",\"@id\":\"https:\\\/\\\/hidalgo.nl\\\/example\\\/#listItem\",\"position\":2,\"name\":\"example\",\"item\":\"https:\\\/\\\/hidalgo.nl\\\/example\\\/\",\"nextItem\":{\"@type\":\"ListItem\",\"@id\":\"https:\\\/\\\/hidalgo.nl\\\/en\\\/product-supplier\\\/a58\\\/#listItem\",\"name\":\"A58\"},\"previousItem\":{\"@type\":\"ListItem\",\"@id\":\"https:\\\/\\\/hidalgo.nl\\\/de\\\/#listItem\",\"name\":\"Home\"}},{\"@type\":\"ListItem\",\"@id\":\"https:\\\/\\\/hidalgo.nl\\\/en\\\/product-supplier\\\/a58\\\/#listItem\",\"position\":3,\"name\":\"A58\",\"item\":\"https:\\\/\\\/hidalgo.nl\\\/en\\\/product-supplier\\\/a58\\\/\",\"nextItem\":{\"@type\":\"ListItem\",\"@id\":\"https:\\\/\\\/hidalgo.nl\\\/de\\\/product\\\/841246\\\/powerbank-tavi-bedrucken-22-5w-recycled-abs-10000mah\\\/#listItem\",\"name\":\"Gerecycled ABS powerbank Tavi\"},\"previousItem\":{\"@type\":\"ListItem\",\"@id\":\"https:\\\/\\\/hidalgo.nl\\\/example\\\/#listItem\",\"name\":\"example\"}},{\"@type\":\"ListItem\",\"@id\":\"https:\\\/\\\/hidalgo.nl\\\/de\\\/product\\\/841246\\\/powerbank-tavi-bedrucken-22-5w-recycled-abs-10000mah\\\/#listItem\",\"position\":4,\"name\":\"Gerecycled ABS powerbank Tavi\",\"previousItem\":{\"@type\":\"ListItem\",\"@id\":\"https:\\\/\\\/hidalgo.nl\\\/en\\\/product-supplier\\\/a58\\\/#listItem\",\"name\":\"A58\"}}]},{\"@type\":\"ItemPage\",\"@id\":\"https:\\\/\\\/hidalgo.nl\\\/de\\\/product\\\/841246\\\/powerbank-tavi-bedrucken-22-5w-recycled-abs-10000mah\\\/#itempage\",\"url\":\"https:\\\/\\\/hidalgo.nl\\\/de\\\/product\\\/841246\\\/powerbank-tavi-bedrucken-22-5w-recycled-abs-10000mah\\\/\",\"name\":\"Powerbank Tavi bedrucken 22.5W Recycled ABS 10000mAh\",\"description\":\"Dieses moderne mobile Ladeger\\u00e4t aus wiederverwertetem ABS \\u00fcberzeugt mit 10.000 mAh Kapazit\\u00e4t und 22,5W Schnellladung. Bestelle die nachhaltige Powerbank Tavi im Gro\\u00dfhandel und lass sie direkt als hochwertigen Werbeartikel mit deinem Firmenlogo bedrucken.\",\"inLanguage\":\"de-DE\",\"isPartOf\":{\"@id\":\"https:\\\/\\\/hidalgo.nl\\\/de\\\/#website\"},\"breadcrumb\":{\"@id\":\"https:\\\/\\\/hidalgo.nl\\\/de\\\/product\\\/841246\\\/powerbank-tavi-bedrucken-22-5w-recycled-abs-10000mah\\\/#breadcrumblist\"},\"image\":{\"@type\":\"ImageObject\",\"url\":\"https:\\\/\\\/shop.hidalgo.nl\\\/wp-content\\\/uploads\\\/2026\\\/01\\\/98b5470a45fc52712e0ee906f3666977b64f191c7cba5cf41042fce5af149482.jpg\",\"@id\":\"https:\\\/\\\/hidalgo.nl\\\/de\\\/product\\\/841246\\\/powerbank-tavi-bedrucken-22-5w-recycled-abs-10000mah\\\/#mainImage\"},\"primaryImageOfPage\":{\"@id\":\"https:\\\/\\\/hidalgo.nl\\\/de\\\/product\\\/841246\\\/powerbank-tavi-bedrucken-22-5w-recycled-abs-10000mah\\\/#mainImage\"},\"datePublished\":\"2026-02-12T15:49:02+00:00\",\"dateModified\":\"2026-03-13T19:51:01+00:00\"},{\"@type\":\"Organization\",\"@id\":\"https:\\\/\\\/hidalgo.nl\\\/de\\\/#organization\",\"name\":\"Hidalgo\",\"url\":\"https:\\\/\\\/hidalgo.nl\\\/de\\\/\",\"logo\":{\"@type\":\"ImageObject\",\"url\":\"https:\\\/\\\/shop.hidalgo.nl\\\/wp-content\\\/uploads\\\/2025\\\/11\\\/cropped-Hidalgo-est1993.png\",\"@id\":\"https:\\\/\\\/hidalgo.nl\\\/de\\\/product\\\/841246\\\/powerbank-tavi-bedrucken-22-5w-recycled-abs-10000mah\\\/#organizationLogo\",\"width\":585,\"height\":195},\"image\":{\"@id\":\"https:\\\/\\\/hidalgo.nl\\\/de\\\/product\\\/841246\\\/powerbank-tavi-bedrucken-22-5w-recycled-abs-10000mah\\\/#organizationLogo\"}},{\"@type\":\"WebPage\",\"@id\":\"https:\\\/\\\/hidalgo.nl\\\/de\\\/product\\\/841246\\\/powerbank-tavi-bedrucken-22-5w-recycled-abs-10000mah\\\/#webpage\",\"url\":\"https:\\\/\\\/hidalgo.nl\\\/de\\\/product\\\/841246\\\/powerbank-tavi-bedrucken-22-5w-recycled-abs-10000mah\\\/\",\"name\":\"Powerbank Tavi bedrucken 22.5W Recycled ABS 10000mAh\",\"description\":\"Dieses moderne mobile Ladeger\\u00e4t aus wiederverwertetem ABS \\u00fcberzeugt mit 10.000 mAh Kapazit\\u00e4t und 22,5W Schnellladung. Bestelle die nachhaltige Powerbank Tavi im Gro\\u00dfhandel und lass sie direkt als hochwertigen Werbeartikel mit deinem Firmenlogo bedrucken.\",\"inLanguage\":\"de-DE\",\"isPartOf\":{\"@id\":\"https:\\\/\\\/hidalgo.nl\\\/de\\\/#website\"},\"breadcrumb\":{\"@id\":\"https:\\\/\\\/hidalgo.nl\\\/de\\\/product\\\/841246\\\/powerbank-tavi-bedrucken-22-5w-recycled-abs-10000mah\\\/#breadcrumblist\"},\"image\":{\"@type\":\"ImageObject\",\"url\":\"https:\\\/\\\/shop.hidalgo.nl\\\/wp-content\\\/uploads\\\/2026\\\/01\\\/98b5470a45fc52712e0ee906f3666977b64f191c7cba5cf41042fce5af149482.jpg\",\"@id\":\"https:\\\/\\\/hidalgo.nl\\\/de\\\/product\\\/841246\\\/powerbank-tavi-bedrucken-22-5w-recycled-abs-10000mah\\\/#mainImage\"},\"primaryImageOfPage\":{\"@id\":\"https:\\\/\\\/hidalgo.nl\\\/de\\\/product\\\/841246\\\/powerbank-tavi-bedrucken-22-5w-recycled-abs-10000mah\\\/#mainImage\"},\"datePublished\":\"2026-02-12T15:49:02+00:00\",\"dateModified\":\"2026-03-13T19:51:01+00:00\"},{\"@type\":\"WebSite\",\"@id\":\"https:\\\/\\\/hidalgo.nl\\\/de\\\/#website\",\"url\":\"https:\\\/\\\/hidalgo.nl\\\/de\\\/\",\"name\":\"Hidalgo\",\"inLanguage\":\"de-DE\",\"publisher\":{\"@id\":\"https:\\\/\\\/hidalgo.nl\\\/de\\\/#organization\"}}]}\n\t\t<\/script>\n\t\t<!-- All in One SEO Pro -->\r\n\t\t<title>Powerbank Tavi bedrucken 22.5W Recycled ABS 10000mAh<\/title>\n\n","aioseo_head_json":{"title":"Powerbank Tavi bedrucken 22.5W Recycled ABS 10000mAh","description":"Dieses moderne mobile Ladeger\u00e4t aus wiederverwertetem ABS \u00fcberzeugt mit 10.000 mAh Kapazit\u00e4t und 22,5W Schnellladung. Bestelle die nachhaltige Powerbank Tavi im Gro\u00dfhandel und lass sie direkt als hochwertigen Werbeartikel mit deinem Firmenlogo bedrucken.","canonical_url":"https:\/\/hidalgo.nl\/de\/wp-json\/wp\/v2\/product\/841246","robots":"max-image-preview:large","keywords":"","webmasterTools":{"miscellaneous":""},"schema":{"@context":"https:\/\/schema.org","@graph":[{"@type":"BreadcrumbList","@id":"https:\/\/hidalgo.nl\/de\/product\/841246\/powerbank-tavi-bedrucken-22-5w-recycled-abs-10000mah\/#breadcrumblist","itemListElement":[{"@type":"ListItem","@id":"https:\/\/hidalgo.nl\/de\/#listItem","position":1,"name":"Home","item":"https:\/\/hidalgo.nl\/de\/","nextItem":{"@type":"ListItem","@id":"https:\/\/hidalgo.nl\/example\/#listItem","name":"example"}},{"@type":"ListItem","@id":"https:\/\/hidalgo.nl\/example\/#listItem","position":2,"name":"example","item":"https:\/\/hidalgo.nl\/example\/","nextItem":{"@type":"ListItem","@id":"https:\/\/hidalgo.nl\/en\/product-supplier\/a58\/#listItem","name":"A58"},"previousItem":{"@type":"ListItem","@id":"https:\/\/hidalgo.nl\/de\/#listItem","name":"Home"}},{"@type":"ListItem","@id":"https:\/\/hidalgo.nl\/en\/product-supplier\/a58\/#listItem","position":3,"name":"A58","item":"https:\/\/hidalgo.nl\/en\/product-supplier\/a58\/","nextItem":{"@type":"ListItem","@id":"https:\/\/hidalgo.nl\/de\/product\/841246\/powerbank-tavi-bedrucken-22-5w-recycled-abs-10000mah\/#listItem","name":"Gerecycled ABS powerbank Tavi"},"previousItem":{"@type":"ListItem","@id":"https:\/\/hidalgo.nl\/example\/#listItem","name":"example"}},{"@type":"ListItem","@id":"https:\/\/hidalgo.nl\/de\/product\/841246\/powerbank-tavi-bedrucken-22-5w-recycled-abs-10000mah\/#listItem","position":4,"name":"Gerecycled ABS powerbank Tavi","previousItem":{"@type":"ListItem","@id":"https:\/\/hidalgo.nl\/en\/product-supplier\/a58\/#listItem","name":"A58"}}]},{"@type":"ItemPage","@id":"https:\/\/hidalgo.nl\/de\/product\/841246\/powerbank-tavi-bedrucken-22-5w-recycled-abs-10000mah\/#itempage","url":"https:\/\/hidalgo.nl\/de\/product\/841246\/powerbank-tavi-bedrucken-22-5w-recycled-abs-10000mah\/","name":"Powerbank Tavi bedrucken 22.5W Recycled ABS 10000mAh","description":"Dieses moderne mobile Ladeger\u00e4t aus wiederverwertetem ABS \u00fcberzeugt mit 10.000 mAh Kapazit\u00e4t und 22,5W Schnellladung. Bestelle die nachhaltige Powerbank Tavi im Gro\u00dfhandel und lass sie direkt als hochwertigen Werbeartikel mit deinem Firmenlogo bedrucken.","inLanguage":"de-DE","isPartOf":{"@id":"https:\/\/hidalgo.nl\/de\/#website"},"breadcrumb":{"@id":"https:\/\/hidalgo.nl\/de\/product\/841246\/powerbank-tavi-bedrucken-22-5w-recycled-abs-10000mah\/#breadcrumblist"},"image":{"@type":"ImageObject","url":"https:\/\/shop.hidalgo.nl\/wp-content\/uploads\/2026\/01\/98b5470a45fc52712e0ee906f3666977b64f191c7cba5cf41042fce5af149482.jpg","@id":"https:\/\/hidalgo.nl\/de\/product\/841246\/powerbank-tavi-bedrucken-22-5w-recycled-abs-10000mah\/#mainImage"},"primaryImageOfPage":{"@id":"https:\/\/hidalgo.nl\/de\/product\/841246\/powerbank-tavi-bedrucken-22-5w-recycled-abs-10000mah\/#mainImage"},"datePublished":"2026-02-12T15:49:02+00:00","dateModified":"2026-03-13T19:51:01+00:00"},{"@type":"Organization","@id":"https:\/\/hidalgo.nl\/de\/#organization","name":"Hidalgo","url":"https:\/\/hidalgo.nl\/de\/","logo":{"@type":"ImageObject","url":"https:\/\/shop.hidalgo.nl\/wp-content\/uploads\/2025\/11\/cropped-Hidalgo-est1993.png","@id":"https:\/\/hidalgo.nl\/de\/product\/841246\/powerbank-tavi-bedrucken-22-5w-recycled-abs-10000mah\/#organizationLogo","width":585,"height":195},"image":{"@id":"https:\/\/hidalgo.nl\/de\/product\/841246\/powerbank-tavi-bedrucken-22-5w-recycled-abs-10000mah\/#organizationLogo"}},{"@type":"WebPage","@id":"https:\/\/hidalgo.nl\/de\/product\/841246\/powerbank-tavi-bedrucken-22-5w-recycled-abs-10000mah\/#webpage","url":"https:\/\/hidalgo.nl\/de\/product\/841246\/powerbank-tavi-bedrucken-22-5w-recycled-abs-10000mah\/","name":"Powerbank Tavi bedrucken 22.5W Recycled ABS 10000mAh","description":"Dieses moderne mobile Ladeger\u00e4t aus wiederverwertetem ABS \u00fcberzeugt mit 10.000 mAh Kapazit\u00e4t und 22,5W Schnellladung. Bestelle die nachhaltige Powerbank Tavi im Gro\u00dfhandel und lass sie direkt als hochwertigen Werbeartikel mit deinem Firmenlogo bedrucken.","inLanguage":"de-DE","isPartOf":{"@id":"https:\/\/hidalgo.nl\/de\/#website"},"breadcrumb":{"@id":"https:\/\/hidalgo.nl\/de\/product\/841246\/powerbank-tavi-bedrucken-22-5w-recycled-abs-10000mah\/#breadcrumblist"},"image":{"@type":"ImageObject","url":"https:\/\/shop.hidalgo.nl\/wp-content\/uploads\/2026\/01\/98b5470a45fc52712e0ee906f3666977b64f191c7cba5cf41042fce5af149482.jpg","@id":"https:\/\/hidalgo.nl\/de\/product\/841246\/powerbank-tavi-bedrucken-22-5w-recycled-abs-10000mah\/#mainImage"},"primaryImageOfPage":{"@id":"https:\/\/hidalgo.nl\/de\/product\/841246\/powerbank-tavi-bedrucken-22-5w-recycled-abs-10000mah\/#mainImage"},"datePublished":"2026-02-12T15:49:02+00:00","dateModified":"2026-03-13T19:51:01+00:00"},{"@type":"WebSite","@id":"https:\/\/hidalgo.nl\/de\/#website","url":"https:\/\/hidalgo.nl\/de\/","name":"Hidalgo","inLanguage":"de-DE","publisher":{"@id":"https:\/\/hidalgo.nl\/de\/#organization"}}]},"og:locale":"de_DE","og:site_name":"Hidalgo -","og:type":"article","og:title":"Powerbank Tavi bedrucken 22.5W Recycled ABS 10000mAh","og:description":"Dieses moderne mobile Ladeger\u00e4t aus wiederverwertetem ABS \u00fcberzeugt mit 10.000 mAh Kapazit\u00e4t und 22,5W Schnellladung. Bestelle die nachhaltige Powerbank Tavi im Gro\u00dfhandel und lass sie direkt als hochwertigen Werbeartikel mit deinem Firmenlogo bedrucken.","og:url":"https:\/\/hidalgo.nl\/de\/wp-json\/wp\/v2\/product\/841246","og:image":"https:\/\/shop.hidalgo.nl\/wp-content\/uploads\/2025\/11\/cropped-Hidalgo-est1993.png","og:image:secure_url":"https:\/\/shop.hidalgo.nl\/wp-content\/uploads\/2025\/11\/cropped-Hidalgo-est1993.png","article:published_time":"2026-02-12T15:49:02+00:00","article:modified_time":"2026-03-13T19:51:01+00:00","twitter:card":"summary_large_image","twitter:title":"Powerbank Tavi bedrucken 22.5W Recycled ABS 10000mAh","twitter:description":"Dieses moderne mobile Ladeger\u00e4t aus wiederverwertetem ABS \u00fcberzeugt mit 10.000 mAh Kapazit\u00e4t und 22,5W Schnellladung. Bestelle die nachhaltige Powerbank Tavi im Gro\u00dfhandel und lass sie direkt als hochwertigen Werbeartikel mit deinem Firmenlogo bedrucken.","twitter:image":"https:\/\/shop.hidalgo.nl\/wp-content\/uploads\/2025\/11\/cropped-Hidalgo-est1993.png"},"aioseo_meta_data":{"post_id":"841246","title":null,"description":null,"keywords":null,"keyphrases":null,"primary_term":null,"canonical_url":null,"og_title":null,"og_description":null,"og_object_type":"default","og_image_type":"default","og_image_url":null,"og_image_width":null,"og_image_height":null,"og_image_custom_url":null,"og_image_custom_fields":null,"og_video":null,"og_custom_url":null,"og_article_section":null,"og_article_tags":null,"twitter_use_og":false,"twitter_card":"default","twitter_image_type":"default","twitter_image_url":null,"twitter_image_custom_url":null,"twitter_image_custom_fields":null,"twitter_title":null,"twitter_description":null,"schema":{"blockGraphs":[],"customGraphs":[],"default":{"data":{"Article":[],"Course":[],"Dataset":[],"FAQPage":[],"Movie":[],"Person":[],"Product":[],"ProductReview":[],"Car":[],"Recipe":[],"Service":[],"SoftwareApplication":[],"WebPage":[]},"graphName":"","isEnabled":true},"graphs":[]},"schema_type":"default","schema_type_options":null,"pillar_content":false,"robots_default":true,"robots_noindex":false,"robots_noarchive":false,"robots_nosnippet":false,"robots_nofollow":false,"robots_noimageindex":false,"robots_noodp":false,"robots_notranslate":false,"robots_max_snippet":null,"robots_max_videopreview":null,"robots_max_imagepreview":"large","priority":null,"frequency":null,"local_seo":null,"seo_analyzer_scan_date":"2026-02-12 16:05:59","breadcrumb_settings":null,"limit_modified_date":false,"reviewed_by":null,"open_ai":null,"ai":null,"created":"2026-02-12 15:51:21","updated":"2026-03-16 15:59:53"},"aioseo_breadcrumb":"<div class=\"aioseo-breadcrumbs\"><span class=\"aioseo-breadcrumb\">\n\t<a href=\"https:\/\/hidalgo.nl\/de\/\" title=\"Home\">Home<\/a>\n<\/span><span class=\"aioseo-breadcrumb-separator\">\u00bb<\/span><span class=\"aioseo-breadcrumb\">\n\t<a href=\"https:\/\/hidalgo.nl\/example\/\" title=\"example\">example<\/a>\n<\/span><span class=\"aioseo-breadcrumb-separator\">\u00bb<\/span><span class=\"aioseo-breadcrumb\">\n\t<a href=\"https:\/\/hidalgo.nl\/en\/product-supplier\/a58\/\" title=\"A58\">A58<\/a>\n<\/span><span class=\"aioseo-breadcrumb-separator\">\u00bb<\/span><span class=\"aioseo-breadcrumb\">\n\tGerecycled ABS powerbank Tavi\n<\/span><\/div>","aioseo_breadcrumb_json":[{"label":"Home","link":"https:\/\/hidalgo.nl\/de\/"},{"label":"example","link":"https:\/\/hidalgo.nl\/example\/"},{"label":"A58","link":"https:\/\/hidalgo.nl\/en\/product-supplier\/a58\/"},{"label":"Gerecycled ABS powerbank Tavi","link":"https:\/\/hidalgo.nl\/de\/product\/841246\/powerbank-tavi-bedrucken-22-5w-recycled-abs-10000mah\/"}],"_links":{"self":[{"href":"https:\/\/hidalgo.nl\/de\/wp-json\/wp\/v2\/product\/841246","targetHints":{"allow":["GET"]}}],"collection":[{"href":"https:\/\/hidalgo.nl\/de\/wp-json\/wp\/v2\/product"}],"about":[{"href":"https:\/\/hidalgo.nl\/de\/wp-json\/wp\/v2\/types\/product"}],"wp:featuredmedia":[{"embeddable":true,"href":"https:\/\/hidalgo.nl\/de\/wp-json\/wp\/v2\/media\/841247"}],"wp:attachment":[{"href":"https:\/\/hidalgo.nl\/de\/wp-json\/wp\/v2\/media?parent=841246"}],"wp:term":[{"taxonomy":"product_brand","embeddable":true,"href":"https:\/\/hidalgo.nl\/de\/wp-json\/wp\/v2\/product_brand?post=841246"},{"taxonomy":"product_cat","embeddable":true,"href":"https:\/\/hidalgo.nl\/de\/wp-json\/wp\/v2\/product_cat?post=841246"},{"taxonomy":"product_tag","embeddable":true,"href":"https:\/\/hidalgo.nl\/de\/wp-json\/wp\/v2\/product_tag?post=841246"}],"curies":[{"name":"wp","href":"https:\/\/api.w.org\/{rel}","templated":true}]}}