{"id":841231,"date":"2026-02-12T15:23:20","date_gmt":"2026-02-12T15:23:20","guid":{"rendered":"https:\/\/hidalgo.nl\/product\/vilten-geschenkzak-50-x-70-cm\/"},"modified":"2026-04-24T07:45:59","modified_gmt":"2026-04-24T07:45:59","slug":"vilten-geschenkzak-50-x-70-cm","status":"publish","type":"product","link":"https:\/\/hidalgo.nl\/de\/product\/841231\/filz-geschenkbeutel-bedrucken-wiederverwendbar-rot-50x70-cm\/","title":{"rendered":"Vilten geschenkzak 50 x 70 cm"},"content":{"rendered":"<p>Verpak je cadeautjes in deze ruime vilten geschenktas met koord. De stevige en herbruikbare tas is perfect voor het opbergen en vervoeren van grote cadeaus en geeft een charmant tintje aan je feesten.<\/p>\n","protected":false},"excerpt":{"rendered":"<p>Verpak je cadeautjes in deze ruime vilten geschenktas met koord. De stevige en herbruikbare tas is perfect voor het opbergen en vervoeren van grote cadeaus en geeft een charmant tintje aan je feesten.<\/p>\n","protected":false},"featured_media":841232,"template":"","meta":{"_acf_changed":false,"om_disable_all_campaigns":false,"_monsterinsights_skip_tracking":false,"_monsterinsights_sitenote_active":false,"_monsterinsights_sitenote_note":"","_monsterinsights_sitenote_category":0},"product_brand":[],"product_cat":[4879,4713],"product_tag":[],"class_list":{"0":"post-841231","1":"product","2":"type-product","3":"status-publish","4":"has-post-thumbnail","6":"product_supplier-a53","7":"product_cat-goodie-tasjes","8":"product_cat-tassen","9":"entry","11":"first","12":"instock","13":"taxable","14":"shipping-taxable","15":"purchasable","16":"product-type-variable"},"acf":{"imprint_cost":[{"imprint_cost_key":"1f62c2d83cf9094623d9d35ffce14e673f2a73c3","product_quantity_price_range":[{"imprint_cost_recommended_selling_price":"1.245","imprint_cost_recommended_selling_quantity":"1"},{"imprint_cost_recommended_selling_price":"1.0425","imprint_cost_recommended_selling_quantity":"10"},{"imprint_cost_recommended_selling_price":"0.9525","imprint_cost_recommended_selling_quantity":"25"},{"imprint_cost_recommended_selling_price":"0.8775","imprint_cost_recommended_selling_quantity":"50"},{"imprint_cost_recommended_selling_price":"0.81","imprint_cost_recommended_selling_quantity":"100"},{"imprint_cost_recommended_selling_price":"0.7275","imprint_cost_recommended_selling_quantity":"250"},{"imprint_cost_recommended_selling_price":"0.7275","imprint_cost_recommended_selling_quantity":"500"},{"imprint_cost_recommended_selling_price":"0.69","imprint_cost_recommended_selling_quantity":"1000"},{"imprint_cost_recommended_selling_price":"0.645","imprint_cost_recommended_selling_quantity":"2500"},{"imprint_cost_recommended_selling_price":"0.615","imprint_cost_recommended_selling_quantity":"5000"},{"imprint_cost_recommended_selling_price":"0.615","imprint_cost_recommended_selling_quantity":"10000"}],"product_quantity_price_range_buying":[{"imprint_cost_general_buying_price":"0.83","imprint_cost_general_buying_quantity":"1"},{"imprint_cost_general_buying_price":"0.695","imprint_cost_general_buying_quantity":"10"},{"imprint_cost_general_buying_price":"0.635","imprint_cost_general_buying_quantity":"25"},{"imprint_cost_general_buying_price":"0.585","imprint_cost_general_buying_quantity":"50"},{"imprint_cost_general_buying_price":"0.54","imprint_cost_general_buying_quantity":"100"},{"imprint_cost_general_buying_price":"0.485","imprint_cost_general_buying_quantity":"250"},{"imprint_cost_general_buying_price":"0.485","imprint_cost_general_buying_quantity":"500"},{"imprint_cost_general_buying_price":"0.46","imprint_cost_general_buying_quantity":"1000"},{"imprint_cost_general_buying_price":"0.43","imprint_cost_general_buying_quantity":"2500"},{"imprint_cost_general_buying_price":"0.41","imprint_cost_general_buying_quantity":"5000"},{"imprint_cost_general_buying_price":"0.41","imprint_cost_general_buying_quantity":"10000"}],"imprint_cost_setup_costs":"54","imprint_cost_handling_costs":"0.03"}]},"aioseo_notices":[],"aioseo_head":"\n\t\t<!-- All in One SEO Pro 4.9.6.2 - aioseo.com -->\n\t<meta name=\"description\" content=\"Roter Filzbeutel mit Kordelzug in 50x70 cm f\u00fcr gro\u00dfe Pr\u00e4sente und Events. Du l\u00e4sst hier dein Logo von Hidalgo drucken und nutzt die Tasche mehrfach weiter. Ideal, wenn du Geschenktaschen Filz oder Filz Geschenkverpackung kaufen willst.\" \/>\n\t<meta name=\"robots\" content=\"max-image-preview:large\" \/>\n\t<link rel=\"canonical\" href=\"https:\/\/hidalgo.nl\/de\/wp-json\/wp\/v2\/product\/841231\" \/>\n\t<meta name=\"generator\" content=\"All in One SEO Pro (AIOSEO) 4.9.6.2\" \/>\n\t\t<meta property=\"og:locale\" content=\"de_DE\" \/>\n\t\t<meta property=\"og:site_name\" content=\"Hidalgo -\" \/>\n\t\t<meta property=\"og:type\" content=\"article\" \/>\n\t\t<meta property=\"og:title\" content=\"Filz-Geschenkbeutel bedrucken Wiederverwendbar Rot 50x70 cm\" \/>\n\t\t<meta property=\"og:description\" content=\"Roter Filzbeutel mit Kordelzug in 50x70 cm f\u00fcr gro\u00dfe Pr\u00e4sente und Events. Du l\u00e4sst hier dein Logo von Hidalgo drucken und nutzt die Tasche mehrfach weiter. Ideal, wenn du Geschenktaschen Filz oder Filz Geschenkverpackung kaufen willst.\" \/>\n\t\t<meta property=\"og:url\" content=\"https:\/\/hidalgo.nl\/de\/wp-json\/wp\/v2\/product\/841231\" \/>\n\t\t<meta property=\"og:image\" content=\"https:\/\/shop.hidalgo.nl\/wp-content\/uploads\/2025\/11\/cropped-Hidalgo-est1993.png\" \/>\n\t\t<meta property=\"og:image:secure_url\" content=\"https:\/\/shop.hidalgo.nl\/wp-content\/uploads\/2025\/11\/cropped-Hidalgo-est1993.png\" \/>\n\t\t<meta property=\"article:published_time\" content=\"2026-02-12T15:23:20+00:00\" \/>\n\t\t<meta property=\"article:modified_time\" content=\"2026-04-24T07:45:59+00:00\" \/>\n\t\t<meta name=\"twitter:card\" content=\"summary_large_image\" \/>\n\t\t<meta name=\"twitter:title\" content=\"Filz-Geschenkbeutel bedrucken Wiederverwendbar Rot 50x70 cm\" \/>\n\t\t<meta name=\"twitter:description\" content=\"Roter Filzbeutel mit Kordelzug in 50x70 cm f\u00fcr gro\u00dfe Pr\u00e4sente und Events. Du l\u00e4sst hier dein Logo von Hidalgo drucken und nutzt die Tasche mehrfach weiter. Ideal, wenn du Geschenktaschen Filz oder Filz Geschenkverpackung kaufen willst.\" \/>\n\t\t<meta name=\"twitter:image\" content=\"https:\/\/shop.hidalgo.nl\/wp-content\/uploads\/2025\/11\/cropped-Hidalgo-est1993.png\" \/>\n\t\t<script type=\"application\/ld+json\" class=\"aioseo-schema\">\n\t\t\t{\"@context\":\"https:\\\/\\\/schema.org\",\"@graph\":[{\"@type\":\"BreadcrumbList\",\"@id\":\"https:\\\/\\\/hidalgo.nl\\\/de\\\/product\\\/841231\\\/filz-geschenkbeutel-bedrucken-wiederverwendbar-rot-50x70-cm\\\/#breadcrumblist\",\"itemListElement\":[{\"@type\":\"ListItem\",\"@id\":\"https:\\\/\\\/hidalgo.nl\\\/de\\\/#listItem\",\"position\":1,\"name\":\"Home\",\"item\":\"https:\\\/\\\/hidalgo.nl\\\/de\\\/\",\"nextItem\":{\"@type\":\"ListItem\",\"@id\":\"https:\\\/\\\/hidalgo.nl\\\/example\\\/#listItem\",\"name\":\"example\"}},{\"@type\":\"ListItem\",\"@id\":\"https:\\\/\\\/hidalgo.nl\\\/example\\\/#listItem\",\"position\":2,\"name\":\"example\",\"item\":\"https:\\\/\\\/hidalgo.nl\\\/example\\\/\",\"nextItem\":{\"@type\":\"ListItem\",\"@id\":\"https:\\\/\\\/hidalgo.nl\\\/en\\\/product-supplier\\\/a53\\\/#listItem\",\"name\":\"A53\"},\"previousItem\":{\"@type\":\"ListItem\",\"@id\":\"https:\\\/\\\/hidalgo.nl\\\/de\\\/#listItem\",\"name\":\"Home\"}},{\"@type\":\"ListItem\",\"@id\":\"https:\\\/\\\/hidalgo.nl\\\/en\\\/product-supplier\\\/a53\\\/#listItem\",\"position\":3,\"name\":\"A53\",\"item\":\"https:\\\/\\\/hidalgo.nl\\\/en\\\/product-supplier\\\/a53\\\/\",\"nextItem\":{\"@type\":\"ListItem\",\"@id\":\"https:\\\/\\\/hidalgo.nl\\\/de\\\/product\\\/841231\\\/filz-geschenkbeutel-bedrucken-wiederverwendbar-rot-50x70-cm\\\/#listItem\",\"name\":\"Vilten geschenkzak 50 x 70 cm\"},\"previousItem\":{\"@type\":\"ListItem\",\"@id\":\"https:\\\/\\\/hidalgo.nl\\\/example\\\/#listItem\",\"name\":\"example\"}},{\"@type\":\"ListItem\",\"@id\":\"https:\\\/\\\/hidalgo.nl\\\/de\\\/product\\\/841231\\\/filz-geschenkbeutel-bedrucken-wiederverwendbar-rot-50x70-cm\\\/#listItem\",\"position\":4,\"name\":\"Vilten geschenkzak 50 x 70 cm\",\"previousItem\":{\"@type\":\"ListItem\",\"@id\":\"https:\\\/\\\/hidalgo.nl\\\/en\\\/product-supplier\\\/a53\\\/#listItem\",\"name\":\"A53\"}}]},{\"@type\":\"Organization\",\"@id\":\"https:\\\/\\\/hidalgo.nl\\\/de\\\/#organization\",\"name\":\"Hidalgo\",\"url\":\"https:\\\/\\\/hidalgo.nl\\\/de\\\/\",\"logo\":{\"@type\":\"ImageObject\",\"url\":\"https:\\\/\\\/shop.hidalgo.nl\\\/wp-content\\\/uploads\\\/2025\\\/11\\\/cropped-Hidalgo-est1993.png\",\"@id\":\"https:\\\/\\\/hidalgo.nl\\\/de\\\/product\\\/841231\\\/filz-geschenkbeutel-bedrucken-wiederverwendbar-rot-50x70-cm\\\/#organizationLogo\",\"width\":585,\"height\":195},\"image\":{\"@id\":\"https:\\\/\\\/hidalgo.nl\\\/de\\\/product\\\/841231\\\/filz-geschenkbeutel-bedrucken-wiederverwendbar-rot-50x70-cm\\\/#organizationLogo\"}},{\"@type\":\"ProductGroup\",\"@id\":\"https:\\\/\\\/hidalgo.nl\\\/de\\\/product\\\/841231\\\/filz-geschenkbeutel-bedrucken-wiederverwendbar-rot-50x70-cm\\\/#wooCommerceProduct\",\"name\":\"Filz-Geschenkbeutel bedrucken Wiederverwendbar Rot 50x70 cm\",\"url\":\"https:\\\/\\\/hidalgo.nl\\\/de\\\/product\\\/841231\\\/filz-geschenkbeutel-bedrucken-wiederverwendbar-rot-50x70-cm\\\/\",\"sku\":\"A53-LT90278\",\"image\":{\"@type\":\"ImageObject\",\"url\":\"https:\\\/\\\/shop.hidalgo.nl\\\/wp-content\\\/uploads\\\/2025\\\/04\\\/566e7c51e27bba8b4df22227a5cec7a8f66e17ceb58ed3f30406b1720db6ea48.jpg\",\"@id\":\"https:\\\/\\\/hidalgo.nl\\\/de\\\/product\\\/841231\\\/filz-geschenkbeutel-bedrucken-wiederverwendbar-rot-50x70-cm\\\/#productImage\"},\"productGroupID\":841231,\"hasVariant\":[{\"@type\":\"Product\",\"@id\":\"https:\\\/\\\/hidalgo.nl\\\/de\\\/product\\\/841231\\\/filz-geschenkbeutel-bedrucken-wiederverwendbar-rot-50x70-cm\\\/#wooCommerceProduct\",\"name\":\"Vilten geschenkzak 50 x 70 cm - rood\",\"url\":\"https:\\\/\\\/hidalgo.nl\\\/de\\\/product\\\/841231\\\/filz-geschenkbeutel-bedrucken-wiederverwendbar-rot-50x70-cm\\\/\",\"sku\":\"A53-LT90278-N0021\",\"image\":{\"@type\":\"ImageObject\",\"url\":\"https:\\\/\\\/shop.hidalgo.nl\\\/wp-content\\\/uploads\\\/2025\\\/04\\\/a6726dc63044d933050ec02122d3ea58c4a23af916d5141498246f5f43ad3308.jpg\",\"@id\":\"https:\\\/\\\/hidalgo.nl\\\/de\\\/product\\\/841231\\\/filz-geschenkbeutel-bedrucken-wiederverwendbar-rot-50x70-cm\\\/#productImage\"},\"offers\":{\"@type\":\"Offer\",\"url\":\"https:\\\/\\\/hidalgo.nl\\\/de\\\/product\\\/841231\\\/filz-geschenkbeutel-bedrucken-wiederverwendbar-rot-50x70-cm\\\/#wooCommerceOffer\",\"price\":\"2.43\",\"priceCurrency\":\"EUR\",\"category\":\"Tassen\",\"availability\":\"https:\\\/\\\/schema.org\\\/InStock\",\"priceSpecification\":{\"@type\":\"PriceSpecification\",\"price\":2.43,\"priceCurrency\":\"EUR\",\"valueAddedTaxIncluded\":\"true\"}}}]},{\"@type\":\"WebPage\",\"@id\":\"https:\\\/\\\/hidalgo.nl\\\/de\\\/product\\\/841231\\\/filz-geschenkbeutel-bedrucken-wiederverwendbar-rot-50x70-cm\\\/#webpage\",\"url\":\"https:\\\/\\\/hidalgo.nl\\\/de\\\/product\\\/841231\\\/filz-geschenkbeutel-bedrucken-wiederverwendbar-rot-50x70-cm\\\/\",\"name\":\"Filz-Geschenkbeutel bedrucken Wiederverwendbar Rot 50x70 cm\",\"description\":\"Roter Filzbeutel mit Kordelzug in 50x70 cm f\\u00fcr gro\\u00dfe Pr\\u00e4sente und Events. Du l\\u00e4sst hier dein Logo von Hidalgo drucken und nutzt die Tasche mehrfach weiter. Ideal, wenn du Geschenktaschen Filz oder Filz Geschenkverpackung kaufen willst.\",\"inLanguage\":\"de-DE\",\"isPartOf\":{\"@id\":\"https:\\\/\\\/hidalgo.nl\\\/de\\\/#website\"},\"breadcrumb\":{\"@id\":\"https:\\\/\\\/hidalgo.nl\\\/de\\\/product\\\/841231\\\/filz-geschenkbeutel-bedrucken-wiederverwendbar-rot-50x70-cm\\\/#breadcrumblist\"},\"image\":{\"@type\":\"ImageObject\",\"url\":\"https:\\\/\\\/shop.hidalgo.nl\\\/wp-content\\\/uploads\\\/2025\\\/04\\\/566e7c51e27bba8b4df22227a5cec7a8f66e17ceb58ed3f30406b1720db6ea48.jpg\",\"@id\":\"https:\\\/\\\/hidalgo.nl\\\/de\\\/product\\\/841231\\\/filz-geschenkbeutel-bedrucken-wiederverwendbar-rot-50x70-cm\\\/#mainImage\"},\"primaryImageOfPage\":{\"@id\":\"https:\\\/\\\/hidalgo.nl\\\/de\\\/product\\\/841231\\\/filz-geschenkbeutel-bedrucken-wiederverwendbar-rot-50x70-cm\\\/#mainImage\"},\"datePublished\":\"2026-02-12T15:23:20+00:00\",\"dateModified\":\"2026-04-24T07:45:59+00:00\"},{\"@type\":\"WebSite\",\"@id\":\"https:\\\/\\\/hidalgo.nl\\\/de\\\/#website\",\"url\":\"https:\\\/\\\/hidalgo.nl\\\/de\\\/\",\"name\":\"Hidalgo\",\"inLanguage\":\"de-DE\",\"publisher\":{\"@id\":\"https:\\\/\\\/hidalgo.nl\\\/de\\\/#organization\"}}]}\n\t\t<\/script>\n\t\t<!-- All in One SEO Pro -->\r\n\t\t<title>Filz-Geschenkbeutel bedrucken Wiederverwendbar Rot 50x70 cm<\/title>\n\n","aioseo_head_json":{"title":"Filz-Geschenkbeutel bedrucken Wiederverwendbar Rot 50x70 cm","description":"Roter Filzbeutel mit Kordelzug in 50x70 cm f\u00fcr gro\u00dfe Pr\u00e4sente und Events. Du l\u00e4sst hier dein Logo von Hidalgo drucken und nutzt die Tasche mehrfach weiter. Ideal, wenn du Geschenktaschen Filz oder Filz Geschenkverpackung kaufen willst.","canonical_url":"https:\/\/hidalgo.nl\/de\/wp-json\/wp\/v2\/product\/841231","robots":"max-image-preview:large","keywords":"","webmasterTools":{"miscellaneous":""},"schema":{"@context":"https:\/\/schema.org","@graph":[{"@type":"BreadcrumbList","@id":"https:\/\/hidalgo.nl\/de\/product\/841231\/filz-geschenkbeutel-bedrucken-wiederverwendbar-rot-50x70-cm\/#breadcrumblist","itemListElement":[{"@type":"ListItem","@id":"https:\/\/hidalgo.nl\/de\/#listItem","position":1,"name":"Home","item":"https:\/\/hidalgo.nl\/de\/","nextItem":{"@type":"ListItem","@id":"https:\/\/hidalgo.nl\/example\/#listItem","name":"example"}},{"@type":"ListItem","@id":"https:\/\/hidalgo.nl\/example\/#listItem","position":2,"name":"example","item":"https:\/\/hidalgo.nl\/example\/","nextItem":{"@type":"ListItem","@id":"https:\/\/hidalgo.nl\/en\/product-supplier\/a53\/#listItem","name":"A53"},"previousItem":{"@type":"ListItem","@id":"https:\/\/hidalgo.nl\/de\/#listItem","name":"Home"}},{"@type":"ListItem","@id":"https:\/\/hidalgo.nl\/en\/product-supplier\/a53\/#listItem","position":3,"name":"A53","item":"https:\/\/hidalgo.nl\/en\/product-supplier\/a53\/","nextItem":{"@type":"ListItem","@id":"https:\/\/hidalgo.nl\/de\/product\/841231\/filz-geschenkbeutel-bedrucken-wiederverwendbar-rot-50x70-cm\/#listItem","name":"Vilten geschenkzak 50 x 70 cm"},"previousItem":{"@type":"ListItem","@id":"https:\/\/hidalgo.nl\/example\/#listItem","name":"example"}},{"@type":"ListItem","@id":"https:\/\/hidalgo.nl\/de\/product\/841231\/filz-geschenkbeutel-bedrucken-wiederverwendbar-rot-50x70-cm\/#listItem","position":4,"name":"Vilten geschenkzak 50 x 70 cm","previousItem":{"@type":"ListItem","@id":"https:\/\/hidalgo.nl\/en\/product-supplier\/a53\/#listItem","name":"A53"}}]},{"@type":"Organization","@id":"https:\/\/hidalgo.nl\/de\/#organization","name":"Hidalgo","url":"https:\/\/hidalgo.nl\/de\/","logo":{"@type":"ImageObject","url":"https:\/\/shop.hidalgo.nl\/wp-content\/uploads\/2025\/11\/cropped-Hidalgo-est1993.png","@id":"https:\/\/hidalgo.nl\/de\/product\/841231\/filz-geschenkbeutel-bedrucken-wiederverwendbar-rot-50x70-cm\/#organizationLogo","width":585,"height":195},"image":{"@id":"https:\/\/hidalgo.nl\/de\/product\/841231\/filz-geschenkbeutel-bedrucken-wiederverwendbar-rot-50x70-cm\/#organizationLogo"}},{"@type":"ProductGroup","@id":"https:\/\/hidalgo.nl\/de\/product\/841231\/filz-geschenkbeutel-bedrucken-wiederverwendbar-rot-50x70-cm\/#wooCommerceProduct","name":"Filz-Geschenkbeutel bedrucken Wiederverwendbar Rot 50x70 cm","url":"https:\/\/hidalgo.nl\/de\/product\/841231\/filz-geschenkbeutel-bedrucken-wiederverwendbar-rot-50x70-cm\/","sku":"A53-LT90278","image":{"@type":"ImageObject","url":"https:\/\/shop.hidalgo.nl\/wp-content\/uploads\/2025\/04\/566e7c51e27bba8b4df22227a5cec7a8f66e17ceb58ed3f30406b1720db6ea48.jpg","@id":"https:\/\/hidalgo.nl\/de\/product\/841231\/filz-geschenkbeutel-bedrucken-wiederverwendbar-rot-50x70-cm\/#productImage"},"productGroupID":841231,"hasVariant":[{"@type":"Product","@id":"https:\/\/hidalgo.nl\/de\/product\/841231\/filz-geschenkbeutel-bedrucken-wiederverwendbar-rot-50x70-cm\/#wooCommerceProduct","name":"Vilten geschenkzak 50 x 70 cm - rood","url":"https:\/\/hidalgo.nl\/de\/product\/841231\/filz-geschenkbeutel-bedrucken-wiederverwendbar-rot-50x70-cm\/","sku":"A53-LT90278-N0021","image":{"@type":"ImageObject","url":"https:\/\/shop.hidalgo.nl\/wp-content\/uploads\/2025\/04\/a6726dc63044d933050ec02122d3ea58c4a23af916d5141498246f5f43ad3308.jpg","@id":"https:\/\/hidalgo.nl\/de\/product\/841231\/filz-geschenkbeutel-bedrucken-wiederverwendbar-rot-50x70-cm\/#productImage"},"offers":{"@type":"Offer","url":"https:\/\/hidalgo.nl\/de\/product\/841231\/filz-geschenkbeutel-bedrucken-wiederverwendbar-rot-50x70-cm\/#wooCommerceOffer","price":"2.43","priceCurrency":"EUR","category":"Tassen","availability":"https:\/\/schema.org\/InStock","priceSpecification":{"@type":"PriceSpecification","price":2.43,"priceCurrency":"EUR","valueAddedTaxIncluded":"true"}}}]},{"@type":"WebPage","@id":"https:\/\/hidalgo.nl\/de\/product\/841231\/filz-geschenkbeutel-bedrucken-wiederverwendbar-rot-50x70-cm\/#webpage","url":"https:\/\/hidalgo.nl\/de\/product\/841231\/filz-geschenkbeutel-bedrucken-wiederverwendbar-rot-50x70-cm\/","name":"Filz-Geschenkbeutel bedrucken Wiederverwendbar Rot 50x70 cm","description":"Roter Filzbeutel mit Kordelzug in 50x70 cm f\u00fcr gro\u00dfe Pr\u00e4sente und Events. Du l\u00e4sst hier dein Logo von Hidalgo drucken und nutzt die Tasche mehrfach weiter. Ideal, wenn du Geschenktaschen Filz oder Filz Geschenkverpackung kaufen willst.","inLanguage":"de-DE","isPartOf":{"@id":"https:\/\/hidalgo.nl\/de\/#website"},"breadcrumb":{"@id":"https:\/\/hidalgo.nl\/de\/product\/841231\/filz-geschenkbeutel-bedrucken-wiederverwendbar-rot-50x70-cm\/#breadcrumblist"},"image":{"@type":"ImageObject","url":"https:\/\/shop.hidalgo.nl\/wp-content\/uploads\/2025\/04\/566e7c51e27bba8b4df22227a5cec7a8f66e17ceb58ed3f30406b1720db6ea48.jpg","@id":"https:\/\/hidalgo.nl\/de\/product\/841231\/filz-geschenkbeutel-bedrucken-wiederverwendbar-rot-50x70-cm\/#mainImage"},"primaryImageOfPage":{"@id":"https:\/\/hidalgo.nl\/de\/product\/841231\/filz-geschenkbeutel-bedrucken-wiederverwendbar-rot-50x70-cm\/#mainImage"},"datePublished":"2026-02-12T15:23:20+00:00","dateModified":"2026-04-24T07:45:59+00:00"},{"@type":"WebSite","@id":"https:\/\/hidalgo.nl\/de\/#website","url":"https:\/\/hidalgo.nl\/de\/","name":"Hidalgo","inLanguage":"de-DE","publisher":{"@id":"https:\/\/hidalgo.nl\/de\/#organization"}}]},"og:locale":"de_DE","og:site_name":"Hidalgo -","og:type":"article","og:title":"Filz-Geschenkbeutel bedrucken Wiederverwendbar Rot 50x70 cm","og:description":"Roter Filzbeutel mit Kordelzug in 50x70 cm f\u00fcr gro\u00dfe Pr\u00e4sente und Events. Du l\u00e4sst hier dein Logo von Hidalgo drucken und nutzt die Tasche mehrfach weiter. Ideal, wenn du Geschenktaschen Filz oder Filz Geschenkverpackung kaufen willst.","og:url":"https:\/\/hidalgo.nl\/de\/wp-json\/wp\/v2\/product\/841231","og:image":"https:\/\/shop.hidalgo.nl\/wp-content\/uploads\/2025\/11\/cropped-Hidalgo-est1993.png","og:image:secure_url":"https:\/\/shop.hidalgo.nl\/wp-content\/uploads\/2025\/11\/cropped-Hidalgo-est1993.png","article:published_time":"2026-02-12T15:23:20+00:00","article:modified_time":"2026-04-24T07:45:59+00:00","twitter:card":"summary_large_image","twitter:title":"Filz-Geschenkbeutel bedrucken Wiederverwendbar Rot 50x70 cm","twitter:description":"Roter Filzbeutel mit Kordelzug in 50x70 cm f\u00fcr gro\u00dfe Pr\u00e4sente und Events. Du l\u00e4sst hier dein Logo von Hidalgo drucken und nutzt die Tasche mehrfach weiter. Ideal, wenn du Geschenktaschen Filz oder Filz Geschenkverpackung kaufen willst.","twitter:image":"https:\/\/shop.hidalgo.nl\/wp-content\/uploads\/2025\/11\/cropped-Hidalgo-est1993.png"},"aioseo_meta_data":{"post_id":"841231","title":null,"description":null,"keywords":null,"keyphrases":null,"primary_term":null,"canonical_url":null,"og_title":null,"og_description":null,"og_object_type":"default","og_image_type":"default","og_image_url":null,"og_image_width":null,"og_image_height":null,"og_image_custom_url":null,"og_image_custom_fields":null,"og_video":null,"og_custom_url":null,"og_article_section":null,"og_article_tags":null,"twitter_use_og":false,"twitter_card":"default","twitter_image_type":"default","twitter_image_url":null,"twitter_image_custom_url":null,"twitter_image_custom_fields":null,"twitter_title":null,"twitter_description":null,"schema":{"blockGraphs":[],"customGraphs":[],"default":{"data":{"Article":[],"Course":[],"Dataset":[],"FAQPage":[],"Movie":[],"Person":[],"Product":[],"ProductReview":[],"Car":[],"Recipe":[],"Service":[],"SoftwareApplication":[],"WebPage":[]},"graphName":"","isEnabled":true},"graphs":[]},"schema_type":"default","schema_type_options":null,"pillar_content":false,"robots_default":true,"robots_noindex":false,"robots_noarchive":false,"robots_nosnippet":false,"robots_nofollow":false,"robots_noimageindex":false,"robots_noodp":false,"robots_notranslate":false,"robots_max_snippet":null,"robots_max_videopreview":null,"robots_max_imagepreview":"large","priority":null,"frequency":null,"local_seo":null,"seo_analyzer_scan_date":"2026-02-12 15:34:50","breadcrumb_settings":null,"limit_modified_date":false,"reviewed_by":null,"open_ai":null,"ai":null,"created":"2026-02-12 15:25:29","updated":"2026-04-24 09:01:03"},"aioseo_breadcrumb":"<div class=\"aioseo-breadcrumbs\"><span class=\"aioseo-breadcrumb\">\n\t<a href=\"https:\/\/hidalgo.nl\/de\/\" title=\"Home\">Home<\/a>\n<\/span><span class=\"aioseo-breadcrumb-separator\">\u00bb<\/span><span class=\"aioseo-breadcrumb\">\n\t<a href=\"https:\/\/hidalgo.nl\/example\/\" title=\"example\">example<\/a>\n<\/span><span class=\"aioseo-breadcrumb-separator\">\u00bb<\/span><span class=\"aioseo-breadcrumb\">\n\t<a href=\"https:\/\/hidalgo.nl\/en\/product-supplier\/a53\/\" title=\"A53\">A53<\/a>\n<\/span><span class=\"aioseo-breadcrumb-separator\">\u00bb<\/span><span class=\"aioseo-breadcrumb\">\n\tVilten geschenkzak 50 x 70 cm\n<\/span><\/div>","aioseo_breadcrumb_json":[{"label":"Home","link":"https:\/\/hidalgo.nl\/de\/"},{"label":"example","link":"https:\/\/hidalgo.nl\/example\/"},{"label":"A53","link":"https:\/\/hidalgo.nl\/en\/product-supplier\/a53\/"},{"label":"Vilten geschenkzak 50 x 70 cm","link":"https:\/\/hidalgo.nl\/de\/product\/841231\/filz-geschenkbeutel-bedrucken-wiederverwendbar-rot-50x70-cm\/"}],"_links":{"self":[{"href":"https:\/\/hidalgo.nl\/de\/wp-json\/wp\/v2\/product\/841231","targetHints":{"allow":["GET"]}}],"collection":[{"href":"https:\/\/hidalgo.nl\/de\/wp-json\/wp\/v2\/product"}],"about":[{"href":"https:\/\/hidalgo.nl\/de\/wp-json\/wp\/v2\/types\/product"}],"wp:featuredmedia":[{"embeddable":true,"href":"https:\/\/hidalgo.nl\/de\/wp-json\/wp\/v2\/media\/841232"}],"wp:attachment":[{"href":"https:\/\/hidalgo.nl\/de\/wp-json\/wp\/v2\/media?parent=841231"}],"wp:term":[{"taxonomy":"product_brand","embeddable":true,"href":"https:\/\/hidalgo.nl\/de\/wp-json\/wp\/v2\/product_brand?post=841231"},{"taxonomy":"product_cat","embeddable":true,"href":"https:\/\/hidalgo.nl\/de\/wp-json\/wp\/v2\/product_cat?post=841231"},{"taxonomy":"product_tag","embeddable":true,"href":"https:\/\/hidalgo.nl\/de\/wp-json\/wp\/v2\/product_tag?post=841231"}],"curies":[{"name":"wp","href":"https:\/\/api.w.org\/{rel}","templated":true}]}}