{"id":841024,"date":"2026-02-12T14:50:32","date_gmt":"2026-02-12T14:50:32","guid":{"rendered":"https:\/\/hidalgo.nl\/product\/ehbo-15-stuks-eerste-hulp-set-everest\/"},"modified":"2026-04-24T07:46:37","modified_gmt":"2026-04-24T07:46:37","slug":"ehbo-15-stuks-eerste-hulp-set-everest","status":"publish","type":"product","link":"https:\/\/hidalgo.nl\/de\/product\/841024\/erste-hilfe-set-bedrucken-15-teilig-rotes-eva-etui\/","title":{"rendered":"EHBO 15 stuks Eerste hulp set Everest"},"content":{"rendered":"<p>Deze EHBO set zit in een stevige EVA-etui en voldoet aan Europese normen voor EHBO-materialen. Ideaal voor thuis, op kantoor, in de auto of bij outdoor-activiteiten. Compact en praktisch, met essenti\u00eble items voor het behandelen van kleine verwondingen, snijwonden of verstuikingen tot professionele hulp beschikbaar is. Inhoud: 1 \u00d7 schaar, 1 \u00d7 elastisch crepeverband 7.5 \u00d7 450 cm, 1 \u00d7 wondverband 2&#8243; \u00d7 2&#8243; 4-laags (5 stuks), 1 \u00d7 medische tape 1.25 cm \u00d7 4.5 m, 4 \u00d7 reinigingsdoekjes, 1 \u00d7 veiligheidsspelden (10 stuks), 5 \u00d7 pleisters 72 \u00d7 19 mm PE, 1 \u00d7 driekantverband 90 \u00d7 90 \u00d7 127 cm.<\/p>\n","protected":false},"excerpt":{"rendered":"<p>Deze EHBO set zit in een stevige EVA-etui en voldoet aan Europese normen voor EHBO-materialen. Ideaal voor thuis, op kantoor, in de auto of bij outdoor-activiteiten. Compact en praktisch, met essenti\u00eble items voor het behandelen van kleine verwondingen, snijwonden of verstuikingen tot professionele hulp beschikbaar is. Inhoud: 1 \u00d7 schaar, 1 \u00d7 elastisch crepeverband 7.5&hellip; <a class=\"more-link\" href=\"https:\/\/hidalgo.nl\/de\/product\/841024\/erste-hilfe-set-bedrucken-15-teilig-rotes-eva-etui\/\"><span class=\"screen-reader-text\">EHBO 15 stuks Eerste hulp set Everest<\/span> weiterlesen<\/a><\/p>\n","protected":false},"featured_media":841025,"template":"","meta":{"_acf_changed":false,"om_disable_all_campaigns":false,"_monsterinsights_skip_tracking":false,"_monsterinsights_sitenote_active":false,"_monsterinsights_sitenote_note":"","_monsterinsights_sitenote_category":0},"product_brand":[],"product_cat":[4803,4722,4719],"product_tag":[],"class_list":{"0":"post-841024","1":"product","2":"type-product","3":"status-publish","4":"has-post-thumbnail","6":"product_supplier-a53","7":"product_cat-ehbo-kits","8":"product_cat-gezondheid","9":"product_cat-promotionele-artikelen","10":"entry","12":"first","13":"instock","14":"taxable","15":"shipping-taxable","16":"purchasable","17":"product-type-variable"},"acf":{"imprint_cost":[{"imprint_cost_key":"2d19e5182ae3a874c86082bc9f89ffd61ae47558","product_quantity_price_range":[{"imprint_cost_recommended_selling_price":"1.245","imprint_cost_recommended_selling_quantity":"1"},{"imprint_cost_recommended_selling_price":"1.0575","imprint_cost_recommended_selling_quantity":"10"},{"imprint_cost_recommended_selling_price":"0.9","imprint_cost_recommended_selling_quantity":"25"},{"imprint_cost_recommended_selling_price":"0.8025","imprint_cost_recommended_selling_quantity":"50"},{"imprint_cost_recommended_selling_price":"0.7275","imprint_cost_recommended_selling_quantity":"100"},{"imprint_cost_recommended_selling_price":"0.63","imprint_cost_recommended_selling_quantity":"250"},{"imprint_cost_recommended_selling_price":"0.57","imprint_cost_recommended_selling_quantity":"500"},{"imprint_cost_recommended_selling_price":"0.5175","imprint_cost_recommended_selling_quantity":"1000"},{"imprint_cost_recommended_selling_price":"0.4875","imprint_cost_recommended_selling_quantity":"2500"},{"imprint_cost_recommended_selling_price":"0.4725","imprint_cost_recommended_selling_quantity":"5000"},{"imprint_cost_recommended_selling_price":"0.4575","imprint_cost_recommended_selling_quantity":"10000"}],"product_quantity_price_range_buying":[{"imprint_cost_general_buying_price":"0.83","imprint_cost_general_buying_quantity":"1"},{"imprint_cost_general_buying_price":"0.705","imprint_cost_general_buying_quantity":"10"},{"imprint_cost_general_buying_price":"0.6","imprint_cost_general_buying_quantity":"25"},{"imprint_cost_general_buying_price":"0.535","imprint_cost_general_buying_quantity":"50"},{"imprint_cost_general_buying_price":"0.485","imprint_cost_general_buying_quantity":"100"},{"imprint_cost_general_buying_price":"0.42","imprint_cost_general_buying_quantity":"250"},{"imprint_cost_general_buying_price":"0.38","imprint_cost_general_buying_quantity":"500"},{"imprint_cost_general_buying_price":"0.345","imprint_cost_general_buying_quantity":"1000"},{"imprint_cost_general_buying_price":"0.325","imprint_cost_general_buying_quantity":"2500"},{"imprint_cost_general_buying_price":"0.315","imprint_cost_general_buying_quantity":"5000"},{"imprint_cost_general_buying_price":"0.305","imprint_cost_general_buying_quantity":"10000"}],"imprint_cost_setup_costs":"54","imprint_cost_handling_costs":"0.12"}]},"aioseo_notices":[],"aioseo_head":"\n\t\t<!-- All in One SEO Pro 4.9.6.2 - aioseo.com -->\n\t<meta name=\"description\" content=\"Kompakte 15-teilige Erstversorgung im robusten roten EVA-Etui; passt in deinen Rucksack, ins Auto und ins B\u00fcro. Hidalgo druckt dein Logo auf die Tasche - ideal als n\u00fctzliches Werbegeschenk; jetzt als Notfallset Outdoor bestellen oder Erste Hilfe Set online bestellen.\" \/>\n\t<meta name=\"robots\" content=\"max-image-preview:large\" \/>\n\t<link rel=\"canonical\" href=\"https:\/\/hidalgo.nl\/de\/wp-json\/wp\/v2\/product\/841024\" \/>\n\t<meta name=\"generator\" content=\"All in One SEO Pro (AIOSEO) 4.9.6.2\" \/>\n\t\t<meta property=\"og:locale\" content=\"de_DE\" \/>\n\t\t<meta property=\"og:site_name\" content=\"Hidalgo -\" \/>\n\t\t<meta property=\"og:type\" content=\"article\" \/>\n\t\t<meta property=\"og:title\" content=\"Erste-Hilfe-Set bedrucken 15-teilig rotes EVA-Etui\" \/>\n\t\t<meta property=\"og:description\" content=\"Kompakte 15-teilige Erstversorgung im robusten roten EVA-Etui; passt in deinen Rucksack, ins Auto und ins B\u00fcro. Hidalgo druckt dein Logo auf die Tasche - ideal als n\u00fctzliches Werbegeschenk; jetzt als Notfallset Outdoor bestellen oder Erste Hilfe Set online bestellen.\" \/>\n\t\t<meta property=\"og:url\" content=\"https:\/\/hidalgo.nl\/de\/wp-json\/wp\/v2\/product\/841024\" \/>\n\t\t<meta property=\"og:image\" content=\"https:\/\/shop.hidalgo.nl\/wp-content\/uploads\/2025\/11\/cropped-Hidalgo-est1993.png\" \/>\n\t\t<meta property=\"og:image:secure_url\" content=\"https:\/\/shop.hidalgo.nl\/wp-content\/uploads\/2025\/11\/cropped-Hidalgo-est1993.png\" \/>\n\t\t<meta property=\"article:published_time\" content=\"2026-02-12T14:50:32+00:00\" \/>\n\t\t<meta property=\"article:modified_time\" content=\"2026-04-24T07:46:37+00:00\" \/>\n\t\t<meta name=\"twitter:card\" content=\"summary_large_image\" \/>\n\t\t<meta name=\"twitter:title\" content=\"Erste-Hilfe-Set bedrucken 15-teilig rotes EVA-Etui\" \/>\n\t\t<meta name=\"twitter:description\" content=\"Kompakte 15-teilige Erstversorgung im robusten roten EVA-Etui; passt in deinen Rucksack, ins Auto und ins B\u00fcro. Hidalgo druckt dein Logo auf die Tasche - ideal als n\u00fctzliches Werbegeschenk; jetzt als Notfallset Outdoor bestellen oder Erste Hilfe Set online bestellen.\" \/>\n\t\t<meta name=\"twitter:image\" content=\"https:\/\/shop.hidalgo.nl\/wp-content\/uploads\/2025\/11\/cropped-Hidalgo-est1993.png\" \/>\n\t\t<script type=\"application\/ld+json\" class=\"aioseo-schema\">\n\t\t\t{\"@context\":\"https:\\\/\\\/schema.org\",\"@graph\":[{\"@type\":\"BreadcrumbList\",\"@id\":\"https:\\\/\\\/hidalgo.nl\\\/de\\\/product\\\/841024\\\/erste-hilfe-set-bedrucken-15-teilig-rotes-eva-etui\\\/#breadcrumblist\",\"itemListElement\":[{\"@type\":\"ListItem\",\"@id\":\"https:\\\/\\\/hidalgo.nl\\\/de\\\/#listItem\",\"position\":1,\"name\":\"Home\",\"item\":\"https:\\\/\\\/hidalgo.nl\\\/de\\\/\",\"nextItem\":{\"@type\":\"ListItem\",\"@id\":\"https:\\\/\\\/hidalgo.nl\\\/example\\\/#listItem\",\"name\":\"example\"}},{\"@type\":\"ListItem\",\"@id\":\"https:\\\/\\\/hidalgo.nl\\\/example\\\/#listItem\",\"position\":2,\"name\":\"example\",\"item\":\"https:\\\/\\\/hidalgo.nl\\\/example\\\/\",\"nextItem\":{\"@type\":\"ListItem\",\"@id\":\"https:\\\/\\\/hidalgo.nl\\\/en\\\/product-supplier\\\/a53\\\/#listItem\",\"name\":\"A53\"},\"previousItem\":{\"@type\":\"ListItem\",\"@id\":\"https:\\\/\\\/hidalgo.nl\\\/de\\\/#listItem\",\"name\":\"Home\"}},{\"@type\":\"ListItem\",\"@id\":\"https:\\\/\\\/hidalgo.nl\\\/en\\\/product-supplier\\\/a53\\\/#listItem\",\"position\":3,\"name\":\"A53\",\"item\":\"https:\\\/\\\/hidalgo.nl\\\/en\\\/product-supplier\\\/a53\\\/\",\"nextItem\":{\"@type\":\"ListItem\",\"@id\":\"https:\\\/\\\/hidalgo.nl\\\/de\\\/product\\\/841024\\\/erste-hilfe-set-bedrucken-15-teilig-rotes-eva-etui\\\/#listItem\",\"name\":\"EHBO 15 stuks Eerste hulp set Everest\"},\"previousItem\":{\"@type\":\"ListItem\",\"@id\":\"https:\\\/\\\/hidalgo.nl\\\/example\\\/#listItem\",\"name\":\"example\"}},{\"@type\":\"ListItem\",\"@id\":\"https:\\\/\\\/hidalgo.nl\\\/de\\\/product\\\/841024\\\/erste-hilfe-set-bedrucken-15-teilig-rotes-eva-etui\\\/#listItem\",\"position\":4,\"name\":\"EHBO 15 stuks Eerste hulp set Everest\",\"previousItem\":{\"@type\":\"ListItem\",\"@id\":\"https:\\\/\\\/hidalgo.nl\\\/en\\\/product-supplier\\\/a53\\\/#listItem\",\"name\":\"A53\"}}]},{\"@type\":\"Organization\",\"@id\":\"https:\\\/\\\/hidalgo.nl\\\/de\\\/#organization\",\"name\":\"Hidalgo\",\"url\":\"https:\\\/\\\/hidalgo.nl\\\/de\\\/\",\"logo\":{\"@type\":\"ImageObject\",\"url\":\"https:\\\/\\\/shop.hidalgo.nl\\\/wp-content\\\/uploads\\\/2025\\\/11\\\/cropped-Hidalgo-est1993.png\",\"@id\":\"https:\\\/\\\/hidalgo.nl\\\/de\\\/product\\\/841024\\\/erste-hilfe-set-bedrucken-15-teilig-rotes-eva-etui\\\/#organizationLogo\",\"width\":585,\"height\":195},\"image\":{\"@id\":\"https:\\\/\\\/hidalgo.nl\\\/de\\\/product\\\/841024\\\/erste-hilfe-set-bedrucken-15-teilig-rotes-eva-etui\\\/#organizationLogo\"}},{\"@type\":\"ProductGroup\",\"@id\":\"https:\\\/\\\/hidalgo.nl\\\/de\\\/product\\\/841024\\\/erste-hilfe-set-bedrucken-15-teilig-rotes-eva-etui\\\/#wooCommerceProduct\",\"name\":\"Erste-Hilfe-Set bedrucken 15-teilig rotes EVA-Etui\",\"url\":\"https:\\\/\\\/hidalgo.nl\\\/de\\\/product\\\/841024\\\/erste-hilfe-set-bedrucken-15-teilig-rotes-eva-etui\\\/\",\"sku\":\"A53-LT90310\",\"image\":{\"@type\":\"ImageObject\",\"url\":\"https:\\\/\\\/shop.hidalgo.nl\\\/wp-content\\\/uploads\\\/2025\\\/04\\\/da4a1ae624ff24fa5c09e109327a3750c7921c017527a6a43e0acb990eb9bb13.jpg\",\"@id\":\"https:\\\/\\\/hidalgo.nl\\\/de\\\/product\\\/841024\\\/erste-hilfe-set-bedrucken-15-teilig-rotes-eva-etui\\\/#productImage\"},\"productGroupID\":841024,\"hasVariant\":[{\"@type\":\"Product\",\"@id\":\"https:\\\/\\\/hidalgo.nl\\\/de\\\/product\\\/841024\\\/erste-hilfe-set-bedrucken-15-teilig-rotes-eva-etui\\\/#wooCommerceProduct\",\"name\":\"EHBO 15 stuks Eerste hulp set Everest - rood\",\"url\":\"https:\\\/\\\/hidalgo.nl\\\/de\\\/product\\\/841024\\\/erste-hilfe-set-bedrucken-15-teilig-rotes-eva-etui\\\/\",\"sku\":\"A53-LT90310-N0021\",\"image\":{\"@type\":\"ImageObject\",\"url\":\"https:\\\/\\\/shop.hidalgo.nl\\\/wp-content\\\/uploads\\\/2025\\\/04\\\/2decda8b8f1905168472ff70bdb0d23132f599682ead0bc63e82435a997bca7a.jpg\",\"@id\":\"https:\\\/\\\/hidalgo.nl\\\/de\\\/product\\\/841024\\\/erste-hilfe-set-bedrucken-15-teilig-rotes-eva-etui\\\/#productImage\"},\"offers\":{\"@type\":\"Offer\",\"url\":\"https:\\\/\\\/hidalgo.nl\\\/de\\\/product\\\/841024\\\/erste-hilfe-set-bedrucken-15-teilig-rotes-eva-etui\\\/#wooCommerceOffer\",\"price\":\"9.585\",\"priceCurrency\":\"EUR\",\"category\":\"Promotionele Artikelen\",\"availability\":\"https:\\\/\\\/schema.org\\\/InStock\",\"priceSpecification\":{\"@type\":\"PriceSpecification\",\"price\":9.585,\"priceCurrency\":\"EUR\",\"valueAddedTaxIncluded\":\"true\"}}}]},{\"@type\":\"WebPage\",\"@id\":\"https:\\\/\\\/hidalgo.nl\\\/de\\\/product\\\/841024\\\/erste-hilfe-set-bedrucken-15-teilig-rotes-eva-etui\\\/#webpage\",\"url\":\"https:\\\/\\\/hidalgo.nl\\\/de\\\/product\\\/841024\\\/erste-hilfe-set-bedrucken-15-teilig-rotes-eva-etui\\\/\",\"name\":\"Erste-Hilfe-Set bedrucken 15-teilig rotes EVA-Etui\",\"description\":\"Kompakte 15-teilige Erstversorgung im robusten roten EVA-Etui; passt in deinen Rucksack, ins Auto und ins B\\u00fcro. Hidalgo druckt dein Logo auf die Tasche - ideal als n\\u00fctzliches Werbegeschenk; jetzt als Notfallset Outdoor bestellen oder Erste Hilfe Set online bestellen.\",\"inLanguage\":\"de-DE\",\"isPartOf\":{\"@id\":\"https:\\\/\\\/hidalgo.nl\\\/de\\\/#website\"},\"breadcrumb\":{\"@id\":\"https:\\\/\\\/hidalgo.nl\\\/de\\\/product\\\/841024\\\/erste-hilfe-set-bedrucken-15-teilig-rotes-eva-etui\\\/#breadcrumblist\"},\"image\":{\"@type\":\"ImageObject\",\"url\":\"https:\\\/\\\/shop.hidalgo.nl\\\/wp-content\\\/uploads\\\/2025\\\/04\\\/da4a1ae624ff24fa5c09e109327a3750c7921c017527a6a43e0acb990eb9bb13.jpg\",\"@id\":\"https:\\\/\\\/hidalgo.nl\\\/de\\\/product\\\/841024\\\/erste-hilfe-set-bedrucken-15-teilig-rotes-eva-etui\\\/#mainImage\"},\"primaryImageOfPage\":{\"@id\":\"https:\\\/\\\/hidalgo.nl\\\/de\\\/product\\\/841024\\\/erste-hilfe-set-bedrucken-15-teilig-rotes-eva-etui\\\/#mainImage\"},\"datePublished\":\"2026-02-12T14:50:32+00:00\",\"dateModified\":\"2026-04-24T07:46:37+00:00\"},{\"@type\":\"WebSite\",\"@id\":\"https:\\\/\\\/hidalgo.nl\\\/de\\\/#website\",\"url\":\"https:\\\/\\\/hidalgo.nl\\\/de\\\/\",\"name\":\"Hidalgo\",\"inLanguage\":\"de-DE\",\"publisher\":{\"@id\":\"https:\\\/\\\/hidalgo.nl\\\/de\\\/#organization\"}}]}\n\t\t<\/script>\n\t\t<!-- All in One SEO Pro -->\r\n\t\t<title>Erste-Hilfe-Set bedrucken 15-teilig rotes EVA-Etui<\/title>\n\n","aioseo_head_json":{"title":"Erste-Hilfe-Set bedrucken 15-teilig rotes EVA-Etui","description":"Kompakte 15-teilige Erstversorgung im robusten roten EVA-Etui; passt in deinen Rucksack, ins Auto und ins B\u00fcro. Hidalgo druckt dein Logo auf die Tasche - ideal als n\u00fctzliches Werbegeschenk; jetzt als Notfallset Outdoor bestellen oder Erste Hilfe Set online bestellen.","canonical_url":"https:\/\/hidalgo.nl\/de\/wp-json\/wp\/v2\/product\/841024","robots":"max-image-preview:large","keywords":"","webmasterTools":{"miscellaneous":""},"schema":{"@context":"https:\/\/schema.org","@graph":[{"@type":"BreadcrumbList","@id":"https:\/\/hidalgo.nl\/de\/product\/841024\/erste-hilfe-set-bedrucken-15-teilig-rotes-eva-etui\/#breadcrumblist","itemListElement":[{"@type":"ListItem","@id":"https:\/\/hidalgo.nl\/de\/#listItem","position":1,"name":"Home","item":"https:\/\/hidalgo.nl\/de\/","nextItem":{"@type":"ListItem","@id":"https:\/\/hidalgo.nl\/example\/#listItem","name":"example"}},{"@type":"ListItem","@id":"https:\/\/hidalgo.nl\/example\/#listItem","position":2,"name":"example","item":"https:\/\/hidalgo.nl\/example\/","nextItem":{"@type":"ListItem","@id":"https:\/\/hidalgo.nl\/en\/product-supplier\/a53\/#listItem","name":"A53"},"previousItem":{"@type":"ListItem","@id":"https:\/\/hidalgo.nl\/de\/#listItem","name":"Home"}},{"@type":"ListItem","@id":"https:\/\/hidalgo.nl\/en\/product-supplier\/a53\/#listItem","position":3,"name":"A53","item":"https:\/\/hidalgo.nl\/en\/product-supplier\/a53\/","nextItem":{"@type":"ListItem","@id":"https:\/\/hidalgo.nl\/de\/product\/841024\/erste-hilfe-set-bedrucken-15-teilig-rotes-eva-etui\/#listItem","name":"EHBO 15 stuks Eerste hulp set Everest"},"previousItem":{"@type":"ListItem","@id":"https:\/\/hidalgo.nl\/example\/#listItem","name":"example"}},{"@type":"ListItem","@id":"https:\/\/hidalgo.nl\/de\/product\/841024\/erste-hilfe-set-bedrucken-15-teilig-rotes-eva-etui\/#listItem","position":4,"name":"EHBO 15 stuks Eerste hulp set Everest","previousItem":{"@type":"ListItem","@id":"https:\/\/hidalgo.nl\/en\/product-supplier\/a53\/#listItem","name":"A53"}}]},{"@type":"Organization","@id":"https:\/\/hidalgo.nl\/de\/#organization","name":"Hidalgo","url":"https:\/\/hidalgo.nl\/de\/","logo":{"@type":"ImageObject","url":"https:\/\/shop.hidalgo.nl\/wp-content\/uploads\/2025\/11\/cropped-Hidalgo-est1993.png","@id":"https:\/\/hidalgo.nl\/de\/product\/841024\/erste-hilfe-set-bedrucken-15-teilig-rotes-eva-etui\/#organizationLogo","width":585,"height":195},"image":{"@id":"https:\/\/hidalgo.nl\/de\/product\/841024\/erste-hilfe-set-bedrucken-15-teilig-rotes-eva-etui\/#organizationLogo"}},{"@type":"ProductGroup","@id":"https:\/\/hidalgo.nl\/de\/product\/841024\/erste-hilfe-set-bedrucken-15-teilig-rotes-eva-etui\/#wooCommerceProduct","name":"Erste-Hilfe-Set bedrucken 15-teilig rotes EVA-Etui","url":"https:\/\/hidalgo.nl\/de\/product\/841024\/erste-hilfe-set-bedrucken-15-teilig-rotes-eva-etui\/","sku":"A53-LT90310","image":{"@type":"ImageObject","url":"https:\/\/shop.hidalgo.nl\/wp-content\/uploads\/2025\/04\/da4a1ae624ff24fa5c09e109327a3750c7921c017527a6a43e0acb990eb9bb13.jpg","@id":"https:\/\/hidalgo.nl\/de\/product\/841024\/erste-hilfe-set-bedrucken-15-teilig-rotes-eva-etui\/#productImage"},"productGroupID":841024,"hasVariant":[{"@type":"Product","@id":"https:\/\/hidalgo.nl\/de\/product\/841024\/erste-hilfe-set-bedrucken-15-teilig-rotes-eva-etui\/#wooCommerceProduct","name":"EHBO 15 stuks Eerste hulp set Everest - rood","url":"https:\/\/hidalgo.nl\/de\/product\/841024\/erste-hilfe-set-bedrucken-15-teilig-rotes-eva-etui\/","sku":"A53-LT90310-N0021","image":{"@type":"ImageObject","url":"https:\/\/shop.hidalgo.nl\/wp-content\/uploads\/2025\/04\/2decda8b8f1905168472ff70bdb0d23132f599682ead0bc63e82435a997bca7a.jpg","@id":"https:\/\/hidalgo.nl\/de\/product\/841024\/erste-hilfe-set-bedrucken-15-teilig-rotes-eva-etui\/#productImage"},"offers":{"@type":"Offer","url":"https:\/\/hidalgo.nl\/de\/product\/841024\/erste-hilfe-set-bedrucken-15-teilig-rotes-eva-etui\/#wooCommerceOffer","price":"9.585","priceCurrency":"EUR","category":"Promotionele Artikelen","availability":"https:\/\/schema.org\/InStock","priceSpecification":{"@type":"PriceSpecification","price":9.585,"priceCurrency":"EUR","valueAddedTaxIncluded":"true"}}}]},{"@type":"WebPage","@id":"https:\/\/hidalgo.nl\/de\/product\/841024\/erste-hilfe-set-bedrucken-15-teilig-rotes-eva-etui\/#webpage","url":"https:\/\/hidalgo.nl\/de\/product\/841024\/erste-hilfe-set-bedrucken-15-teilig-rotes-eva-etui\/","name":"Erste-Hilfe-Set bedrucken 15-teilig rotes EVA-Etui","description":"Kompakte 15-teilige Erstversorgung im robusten roten EVA-Etui; passt in deinen Rucksack, ins Auto und ins B\u00fcro. Hidalgo druckt dein Logo auf die Tasche - ideal als n\u00fctzliches Werbegeschenk; jetzt als Notfallset Outdoor bestellen oder Erste Hilfe Set online bestellen.","inLanguage":"de-DE","isPartOf":{"@id":"https:\/\/hidalgo.nl\/de\/#website"},"breadcrumb":{"@id":"https:\/\/hidalgo.nl\/de\/product\/841024\/erste-hilfe-set-bedrucken-15-teilig-rotes-eva-etui\/#breadcrumblist"},"image":{"@type":"ImageObject","url":"https:\/\/shop.hidalgo.nl\/wp-content\/uploads\/2025\/04\/da4a1ae624ff24fa5c09e109327a3750c7921c017527a6a43e0acb990eb9bb13.jpg","@id":"https:\/\/hidalgo.nl\/de\/product\/841024\/erste-hilfe-set-bedrucken-15-teilig-rotes-eva-etui\/#mainImage"},"primaryImageOfPage":{"@id":"https:\/\/hidalgo.nl\/de\/product\/841024\/erste-hilfe-set-bedrucken-15-teilig-rotes-eva-etui\/#mainImage"},"datePublished":"2026-02-12T14:50:32+00:00","dateModified":"2026-04-24T07:46:37+00:00"},{"@type":"WebSite","@id":"https:\/\/hidalgo.nl\/de\/#website","url":"https:\/\/hidalgo.nl\/de\/","name":"Hidalgo","inLanguage":"de-DE","publisher":{"@id":"https:\/\/hidalgo.nl\/de\/#organization"}}]},"og:locale":"de_DE","og:site_name":"Hidalgo -","og:type":"article","og:title":"Erste-Hilfe-Set bedrucken 15-teilig rotes EVA-Etui","og:description":"Kompakte 15-teilige Erstversorgung im robusten roten EVA-Etui; passt in deinen Rucksack, ins Auto und ins B\u00fcro. Hidalgo druckt dein Logo auf die Tasche - ideal als n\u00fctzliches Werbegeschenk; jetzt als Notfallset Outdoor bestellen oder Erste Hilfe Set online bestellen.","og:url":"https:\/\/hidalgo.nl\/de\/wp-json\/wp\/v2\/product\/841024","og:image":"https:\/\/shop.hidalgo.nl\/wp-content\/uploads\/2025\/11\/cropped-Hidalgo-est1993.png","og:image:secure_url":"https:\/\/shop.hidalgo.nl\/wp-content\/uploads\/2025\/11\/cropped-Hidalgo-est1993.png","article:published_time":"2026-02-12T14:50:32+00:00","article:modified_time":"2026-04-24T07:46:37+00:00","twitter:card":"summary_large_image","twitter:title":"Erste-Hilfe-Set bedrucken 15-teilig rotes EVA-Etui","twitter:description":"Kompakte 15-teilige Erstversorgung im robusten roten EVA-Etui; passt in deinen Rucksack, ins Auto und ins B\u00fcro. Hidalgo druckt dein Logo auf die Tasche - ideal als n\u00fctzliches Werbegeschenk; jetzt als Notfallset Outdoor bestellen oder Erste Hilfe Set online bestellen.","twitter:image":"https:\/\/shop.hidalgo.nl\/wp-content\/uploads\/2025\/11\/cropped-Hidalgo-est1993.png"},"aioseo_meta_data":{"post_id":"841024","title":null,"description":null,"keywords":null,"keyphrases":null,"primary_term":null,"canonical_url":null,"og_title":null,"og_description":null,"og_object_type":"default","og_image_type":"default","og_image_url":null,"og_image_width":null,"og_image_height":null,"og_image_custom_url":null,"og_image_custom_fields":null,"og_video":null,"og_custom_url":null,"og_article_section":null,"og_article_tags":null,"twitter_use_og":false,"twitter_card":"default","twitter_image_type":"default","twitter_image_url":null,"twitter_image_custom_url":null,"twitter_image_custom_fields":null,"twitter_title":null,"twitter_description":null,"schema":{"blockGraphs":[],"customGraphs":[],"default":{"data":{"Article":[],"Course":[],"Dataset":[],"FAQPage":[],"Movie":[],"Person":[],"Product":[],"ProductReview":[],"Car":[],"Recipe":[],"Service":[],"SoftwareApplication":[],"WebPage":[]},"graphName":"","isEnabled":true},"graphs":[]},"schema_type":"default","schema_type_options":null,"pillar_content":false,"robots_default":true,"robots_noindex":false,"robots_noarchive":false,"robots_nosnippet":false,"robots_nofollow":false,"robots_noimageindex":false,"robots_noodp":false,"robots_notranslate":false,"robots_max_snippet":null,"robots_max_videopreview":null,"robots_max_imagepreview":"large","priority":null,"frequency":null,"local_seo":null,"seo_analyzer_scan_date":"2026-02-12 15:14:28","breadcrumb_settings":null,"limit_modified_date":false,"reviewed_by":null,"open_ai":null,"ai":null,"created":"2026-02-12 14:51:48","updated":"2026-04-24 08:56:57"},"aioseo_breadcrumb":"<div class=\"aioseo-breadcrumbs\"><span class=\"aioseo-breadcrumb\">\n\t<a href=\"https:\/\/hidalgo.nl\/de\/\" title=\"Home\">Home<\/a>\n<\/span><span class=\"aioseo-breadcrumb-separator\">\u00bb<\/span><span class=\"aioseo-breadcrumb\">\n\t<a href=\"https:\/\/hidalgo.nl\/example\/\" title=\"example\">example<\/a>\n<\/span><span class=\"aioseo-breadcrumb-separator\">\u00bb<\/span><span class=\"aioseo-breadcrumb\">\n\t<a href=\"https:\/\/hidalgo.nl\/en\/product-supplier\/a53\/\" title=\"A53\">A53<\/a>\n<\/span><span class=\"aioseo-breadcrumb-separator\">\u00bb<\/span><span class=\"aioseo-breadcrumb\">\n\tEHBO 15 stuks Eerste hulp set Everest\n<\/span><\/div>","aioseo_breadcrumb_json":[{"label":"Home","link":"https:\/\/hidalgo.nl\/de\/"},{"label":"example","link":"https:\/\/hidalgo.nl\/example\/"},{"label":"A53","link":"https:\/\/hidalgo.nl\/en\/product-supplier\/a53\/"},{"label":"EHBO 15 stuks Eerste hulp set Everest","link":"https:\/\/hidalgo.nl\/de\/product\/841024\/erste-hilfe-set-bedrucken-15-teilig-rotes-eva-etui\/"}],"_links":{"self":[{"href":"https:\/\/hidalgo.nl\/de\/wp-json\/wp\/v2\/product\/841024","targetHints":{"allow":["GET"]}}],"collection":[{"href":"https:\/\/hidalgo.nl\/de\/wp-json\/wp\/v2\/product"}],"about":[{"href":"https:\/\/hidalgo.nl\/de\/wp-json\/wp\/v2\/types\/product"}],"wp:featuredmedia":[{"embeddable":true,"href":"https:\/\/hidalgo.nl\/de\/wp-json\/wp\/v2\/media\/841025"}],"wp:attachment":[{"href":"https:\/\/hidalgo.nl\/de\/wp-json\/wp\/v2\/media?parent=841024"}],"wp:term":[{"taxonomy":"product_brand","embeddable":true,"href":"https:\/\/hidalgo.nl\/de\/wp-json\/wp\/v2\/product_brand?post=841024"},{"taxonomy":"product_cat","embeddable":true,"href":"https:\/\/hidalgo.nl\/de\/wp-json\/wp\/v2\/product_cat?post=841024"},{"taxonomy":"product_tag","embeddable":true,"href":"https:\/\/hidalgo.nl\/de\/wp-json\/wp\/v2\/product_tag?post=841024"}],"curies":[{"name":"wp","href":"https:\/\/api.w.org\/{rel}","templated":true}]}}