{"id":841015,"date":"2026-02-12T14:50:32","date_gmt":"2026-02-12T14:50:32","guid":{"rendered":"https:\/\/hidalgo.nl\/product\/eerste-hulp-set-13-delig-denali\/"},"modified":"2026-04-24T07:46:30","modified_gmt":"2026-04-24T07:46:30","slug":"eerste-hulp-set-13-delig-denali","status":"publish","type":"product","link":"https:\/\/hidalgo.nl\/de\/product\/841015\/erste-hilfe-set-bedrucken-13-teilig-karabinerhaken-kompakt\/","title":{"rendered":"Eerste hulp set 13-delig Denali"},"content":{"rendered":"<p>EHBO set in een 300D polyester etui met karabijnhaak. Voldoet aan de Europese normen. Ideaal voor buitengebruik, reizen of sportevenementen. Inhoud: 2 x 6 x 7 cm filmverbanden, 2 x 6 x 10 cm filmverbanden, 5 x pleisters, 2 x reinigingsdoekjes, 2 x alcoholdoekjes.<\/p>\n","protected":false},"excerpt":{"rendered":"<p>EHBO set in een 300D polyester etui met karabijnhaak. Voldoet aan de Europese normen. Ideaal voor buitengebruik, reizen of sportevenementen. Inhoud: 2 x 6 x 7 cm filmverbanden, 2 x 6 x 10 cm filmverbanden, 5 x pleisters, 2 x reinigingsdoekjes, 2 x alcoholdoekjes.<\/p>\n","protected":false},"featured_media":841016,"template":"","meta":{"_acf_changed":false,"om_disable_all_campaigns":false,"_monsterinsights_skip_tracking":false,"_monsterinsights_sitenote_active":false,"_monsterinsights_sitenote_note":"","_monsterinsights_sitenote_category":0},"product_brand":[],"product_cat":[4803,4722,4719],"product_tag":[],"class_list":{"0":"post-841015","1":"product","2":"type-product","3":"status-publish","4":"has-post-thumbnail","6":"product_supplier-a53","7":"product_cat-ehbo-kits","8":"product_cat-gezondheid","9":"product_cat-promotionele-artikelen","10":"entry","12":"first","13":"instock","14":"taxable","15":"shipping-taxable","16":"purchasable","17":"product-type-variable"},"acf":{"imprint_cost":[{"imprint_cost_key":"fa176b53b85c1376131d9159f19ea3a0258a7f16","product_quantity_price_range":[{"imprint_cost_recommended_selling_price":"1.0425","imprint_cost_recommended_selling_quantity":"1"},{"imprint_cost_recommended_selling_price":"0.8775","imprint_cost_recommended_selling_quantity":"10"},{"imprint_cost_recommended_selling_price":"0.81","imprint_cost_recommended_selling_quantity":"25"},{"imprint_cost_recommended_selling_price":"0.75","imprint_cost_recommended_selling_quantity":"50"},{"imprint_cost_recommended_selling_price":"0.69","imprint_cost_recommended_selling_quantity":"100"},{"imprint_cost_recommended_selling_price":"0.63","imprint_cost_recommended_selling_quantity":"250"},{"imprint_cost_recommended_selling_price":"0.63","imprint_cost_recommended_selling_quantity":"500"},{"imprint_cost_recommended_selling_price":"0.6","imprint_cost_recommended_selling_quantity":"1000"},{"imprint_cost_recommended_selling_price":"0.555","imprint_cost_recommended_selling_quantity":"2500"},{"imprint_cost_recommended_selling_price":"0.525","imprint_cost_recommended_selling_quantity":"5000"},{"imprint_cost_recommended_selling_price":"0.525","imprint_cost_recommended_selling_quantity":"10000"}],"product_quantity_price_range_buying":[{"imprint_cost_general_buying_price":"0.695","imprint_cost_general_buying_quantity":"1"},{"imprint_cost_general_buying_price":"0.585","imprint_cost_general_buying_quantity":"10"},{"imprint_cost_general_buying_price":"0.54","imprint_cost_general_buying_quantity":"25"},{"imprint_cost_general_buying_price":"0.5","imprint_cost_general_buying_quantity":"50"},{"imprint_cost_general_buying_price":"0.46","imprint_cost_general_buying_quantity":"100"},{"imprint_cost_general_buying_price":"0.42","imprint_cost_general_buying_quantity":"250"},{"imprint_cost_general_buying_price":"0.42","imprint_cost_general_buying_quantity":"500"},{"imprint_cost_general_buying_price":"0.4","imprint_cost_general_buying_quantity":"1000"},{"imprint_cost_general_buying_price":"0.37","imprint_cost_general_buying_quantity":"2500"},{"imprint_cost_general_buying_price":"0.35","imprint_cost_general_buying_quantity":"5000"},{"imprint_cost_general_buying_price":"0.35","imprint_cost_general_buying_quantity":"10000"}],"imprint_cost_setup_costs":"54","imprint_cost_handling_costs":"0.12"}]},"aioseo_notices":[],"aioseo_head":"\n\t\t<!-- All in One SEO Pro 4.9.6.2 - aioseo.com -->\n\t<meta name=\"description\" content=\"Greif unterwegs schnell zur kompakten 13-teiligen Erstversorgung: leichtes Etui mit Karabiner passt an Rucksack oder G\u00fcrtel. Lass dein Logo von Hidalgo bedrucken und nutze es als Outdoor Erste Hilfe Set f\u00fcr Wanderungen - ideal f\u00fcr 20-40-J\u00e4hrige auf Tour.\" \/>\n\t<meta name=\"robots\" content=\"max-image-preview:large\" \/>\n\t<link rel=\"canonical\" href=\"https:\/\/hidalgo.nl\/de\/wp-json\/wp\/v2\/product\/841015\" \/>\n\t<meta name=\"generator\" content=\"All in One SEO Pro (AIOSEO) 4.9.6.2\" \/>\n\t\t<meta property=\"og:locale\" content=\"de_DE\" \/>\n\t\t<meta property=\"og:site_name\" content=\"Hidalgo -\" \/>\n\t\t<meta property=\"og:type\" content=\"article\" \/>\n\t\t<meta property=\"og:title\" content=\"Erste-Hilfe-Set bedrucken 13-teilig Karabinerhaken Kompakt\" \/>\n\t\t<meta property=\"og:description\" content=\"Greif unterwegs schnell zur kompakten 13-teiligen Erstversorgung: leichtes Etui mit Karabiner passt an Rucksack oder G\u00fcrtel. Lass dein Logo von Hidalgo bedrucken und nutze es als Outdoor Erste Hilfe Set f\u00fcr Wanderungen - ideal f\u00fcr 20-40-J\u00e4hrige auf Tour.\" \/>\n\t\t<meta property=\"og:url\" content=\"https:\/\/hidalgo.nl\/de\/wp-json\/wp\/v2\/product\/841015\" \/>\n\t\t<meta property=\"og:image\" content=\"https:\/\/shop.hidalgo.nl\/wp-content\/uploads\/2025\/11\/cropped-Hidalgo-est1993.png\" \/>\n\t\t<meta property=\"og:image:secure_url\" content=\"https:\/\/shop.hidalgo.nl\/wp-content\/uploads\/2025\/11\/cropped-Hidalgo-est1993.png\" \/>\n\t\t<meta property=\"article:published_time\" content=\"2026-02-12T14:50:32+00:00\" \/>\n\t\t<meta property=\"article:modified_time\" content=\"2026-04-24T07:46:30+00:00\" \/>\n\t\t<meta name=\"twitter:card\" content=\"summary_large_image\" \/>\n\t\t<meta name=\"twitter:title\" content=\"Erste-Hilfe-Set bedrucken 13-teilig Karabinerhaken Kompakt\" \/>\n\t\t<meta name=\"twitter:description\" content=\"Greif unterwegs schnell zur kompakten 13-teiligen Erstversorgung: leichtes Etui mit Karabiner passt an Rucksack oder G\u00fcrtel. Lass dein Logo von Hidalgo bedrucken und nutze es als Outdoor Erste Hilfe Set f\u00fcr Wanderungen - ideal f\u00fcr 20-40-J\u00e4hrige auf Tour.\" \/>\n\t\t<meta name=\"twitter:image\" content=\"https:\/\/shop.hidalgo.nl\/wp-content\/uploads\/2025\/11\/cropped-Hidalgo-est1993.png\" \/>\n\t\t<script type=\"application\/ld+json\" class=\"aioseo-schema\">\n\t\t\t{\"@context\":\"https:\\\/\\\/schema.org\",\"@graph\":[{\"@type\":\"BreadcrumbList\",\"@id\":\"https:\\\/\\\/hidalgo.nl\\\/de\\\/product\\\/841015\\\/erste-hilfe-set-bedrucken-13-teilig-karabinerhaken-kompakt\\\/#breadcrumblist\",\"itemListElement\":[{\"@type\":\"ListItem\",\"@id\":\"https:\\\/\\\/hidalgo.nl\\\/de\\\/#listItem\",\"position\":1,\"name\":\"Home\",\"item\":\"https:\\\/\\\/hidalgo.nl\\\/de\\\/\",\"nextItem\":{\"@type\":\"ListItem\",\"@id\":\"https:\\\/\\\/hidalgo.nl\\\/example\\\/#listItem\",\"name\":\"example\"}},{\"@type\":\"ListItem\",\"@id\":\"https:\\\/\\\/hidalgo.nl\\\/example\\\/#listItem\",\"position\":2,\"name\":\"example\",\"item\":\"https:\\\/\\\/hidalgo.nl\\\/example\\\/\",\"nextItem\":{\"@type\":\"ListItem\",\"@id\":\"https:\\\/\\\/hidalgo.nl\\\/en\\\/product-supplier\\\/a53\\\/#listItem\",\"name\":\"A53\"},\"previousItem\":{\"@type\":\"ListItem\",\"@id\":\"https:\\\/\\\/hidalgo.nl\\\/de\\\/#listItem\",\"name\":\"Home\"}},{\"@type\":\"ListItem\",\"@id\":\"https:\\\/\\\/hidalgo.nl\\\/en\\\/product-supplier\\\/a53\\\/#listItem\",\"position\":3,\"name\":\"A53\",\"item\":\"https:\\\/\\\/hidalgo.nl\\\/en\\\/product-supplier\\\/a53\\\/\",\"nextItem\":{\"@type\":\"ListItem\",\"@id\":\"https:\\\/\\\/hidalgo.nl\\\/de\\\/product\\\/841015\\\/erste-hilfe-set-bedrucken-13-teilig-karabinerhaken-kompakt\\\/#listItem\",\"name\":\"Eerste hulp set 13-delig Denali\"},\"previousItem\":{\"@type\":\"ListItem\",\"@id\":\"https:\\\/\\\/hidalgo.nl\\\/example\\\/#listItem\",\"name\":\"example\"}},{\"@type\":\"ListItem\",\"@id\":\"https:\\\/\\\/hidalgo.nl\\\/de\\\/product\\\/841015\\\/erste-hilfe-set-bedrucken-13-teilig-karabinerhaken-kompakt\\\/#listItem\",\"position\":4,\"name\":\"Eerste hulp set 13-delig Denali\",\"previousItem\":{\"@type\":\"ListItem\",\"@id\":\"https:\\\/\\\/hidalgo.nl\\\/en\\\/product-supplier\\\/a53\\\/#listItem\",\"name\":\"A53\"}}]},{\"@type\":\"Organization\",\"@id\":\"https:\\\/\\\/hidalgo.nl\\\/de\\\/#organization\",\"name\":\"Hidalgo\",\"url\":\"https:\\\/\\\/hidalgo.nl\\\/de\\\/\",\"logo\":{\"@type\":\"ImageObject\",\"url\":\"https:\\\/\\\/shop.hidalgo.nl\\\/wp-content\\\/uploads\\\/2025\\\/11\\\/cropped-Hidalgo-est1993.png\",\"@id\":\"https:\\\/\\\/hidalgo.nl\\\/de\\\/product\\\/841015\\\/erste-hilfe-set-bedrucken-13-teilig-karabinerhaken-kompakt\\\/#organizationLogo\",\"width\":585,\"height\":195},\"image\":{\"@id\":\"https:\\\/\\\/hidalgo.nl\\\/de\\\/product\\\/841015\\\/erste-hilfe-set-bedrucken-13-teilig-karabinerhaken-kompakt\\\/#organizationLogo\"}},{\"@type\":\"ProductGroup\",\"@id\":\"https:\\\/\\\/hidalgo.nl\\\/de\\\/product\\\/841015\\\/erste-hilfe-set-bedrucken-13-teilig-karabinerhaken-kompakt\\\/#wooCommerceProduct\",\"name\":\"Erste-Hilfe-Set bedrucken 13-teilig Karabinerhaken Kompakt\",\"url\":\"https:\\\/\\\/hidalgo.nl\\\/de\\\/product\\\/841015\\\/erste-hilfe-set-bedrucken-13-teilig-karabinerhaken-kompakt\\\/\",\"sku\":\"A53-LT90311\",\"image\":{\"@type\":\"ImageObject\",\"url\":\"https:\\\/\\\/shop.hidalgo.nl\\\/wp-content\\\/uploads\\\/2025\\\/04\\\/7f41513beeec751cd56734bad5516d445ee76889d85e2129587f6f237dc6e59f.jpg\",\"@id\":\"https:\\\/\\\/hidalgo.nl\\\/de\\\/product\\\/841015\\\/erste-hilfe-set-bedrucken-13-teilig-karabinerhaken-kompakt\\\/#productImage\"},\"productGroupID\":841015,\"hasVariant\":[{\"@type\":\"Product\",\"@id\":\"https:\\\/\\\/hidalgo.nl\\\/de\\\/product\\\/841015\\\/erste-hilfe-set-bedrucken-13-teilig-karabinerhaken-kompakt\\\/#wooCommerceProduct\",\"name\":\"Eerste hulp set 13-delig Denali - zwart\",\"url\":\"https:\\\/\\\/hidalgo.nl\\\/de\\\/product\\\/841015\\\/erste-hilfe-set-bedrucken-13-teilig-karabinerhaken-kompakt\\\/\",\"sku\":\"A53-LT90311-N0002\",\"image\":{\"@type\":\"ImageObject\",\"url\":\"https:\\\/\\\/shop.hidalgo.nl\\\/wp-content\\\/uploads\\\/2025\\\/04\\\/196cc425a2cff7b15973bb70c0e8a25986aad291f696c826d5dee367210eb6d8.jpg\",\"@id\":\"https:\\\/\\\/hidalgo.nl\\\/de\\\/product\\\/841015\\\/erste-hilfe-set-bedrucken-13-teilig-karabinerhaken-kompakt\\\/#productImage\"},\"offers\":{\"@type\":\"Offer\",\"url\":\"https:\\\/\\\/hidalgo.nl\\\/de\\\/product\\\/841015\\\/erste-hilfe-set-bedrucken-13-teilig-karabinerhaken-kompakt\\\/#wooCommerceOffer\",\"price\":\"3.855\",\"priceCurrency\":\"EUR\",\"category\":\"Promotionele Artikelen\",\"availability\":\"https:\\\/\\\/schema.org\\\/InStock\",\"priceSpecification\":{\"@type\":\"PriceSpecification\",\"price\":3.855,\"priceCurrency\":\"EUR\",\"valueAddedTaxIncluded\":\"true\"}}},{\"@type\":\"Product\",\"@id\":\"https:\\\/\\\/hidalgo.nl\\\/de\\\/product\\\/841015\\\/erste-hilfe-set-bedrucken-13-teilig-karabinerhaken-kompakt\\\/#wooCommerceProduct\",\"name\":\"Eerste hulp set 13-delig Denali - rood\",\"url\":\"https:\\\/\\\/hidalgo.nl\\\/de\\\/product\\\/841015\\\/erste-hilfe-set-bedrucken-13-teilig-karabinerhaken-kompakt\\\/\",\"sku\":\"A53-LT90311-N0021\",\"image\":{\"@type\":\"ImageObject\",\"url\":\"https:\\\/\\\/shop.hidalgo.nl\\\/wp-content\\\/uploads\\\/2025\\\/04\\\/19548211883fda1e4fdfca8a69bdbbb6a2485d158e0c7b5c384468ae5a8dd0af.jpg\",\"@id\":\"https:\\\/\\\/hidalgo.nl\\\/de\\\/product\\\/841015\\\/erste-hilfe-set-bedrucken-13-teilig-karabinerhaken-kompakt\\\/#productImage\"},\"offers\":{\"@type\":\"Offer\",\"url\":\"https:\\\/\\\/hidalgo.nl\\\/de\\\/product\\\/841015\\\/erste-hilfe-set-bedrucken-13-teilig-karabinerhaken-kompakt\\\/#wooCommerceOffer\",\"price\":\"3.855\",\"priceCurrency\":\"EUR\",\"category\":\"Promotionele Artikelen\",\"availability\":\"https:\\\/\\\/schema.org\\\/InStock\",\"priceSpecification\":{\"@type\":\"PriceSpecification\",\"price\":3.855,\"priceCurrency\":\"EUR\",\"valueAddedTaxIncluded\":\"true\"}}}]},{\"@type\":\"WebPage\",\"@id\":\"https:\\\/\\\/hidalgo.nl\\\/de\\\/product\\\/841015\\\/erste-hilfe-set-bedrucken-13-teilig-karabinerhaken-kompakt\\\/#webpage\",\"url\":\"https:\\\/\\\/hidalgo.nl\\\/de\\\/product\\\/841015\\\/erste-hilfe-set-bedrucken-13-teilig-karabinerhaken-kompakt\\\/\",\"name\":\"Erste-Hilfe-Set bedrucken 13-teilig Karabinerhaken Kompakt\",\"description\":\"Greif unterwegs schnell zur kompakten 13-teiligen Erstversorgung: leichtes Etui mit Karabiner passt an Rucksack oder G\\u00fcrtel. Lass dein Logo von Hidalgo bedrucken und nutze es als Outdoor Erste Hilfe Set f\\u00fcr Wanderungen - ideal f\\u00fcr 20-40-J\\u00e4hrige auf Tour.\",\"inLanguage\":\"de-DE\",\"isPartOf\":{\"@id\":\"https:\\\/\\\/hidalgo.nl\\\/de\\\/#website\"},\"breadcrumb\":{\"@id\":\"https:\\\/\\\/hidalgo.nl\\\/de\\\/product\\\/841015\\\/erste-hilfe-set-bedrucken-13-teilig-karabinerhaken-kompakt\\\/#breadcrumblist\"},\"image\":{\"@type\":\"ImageObject\",\"url\":\"https:\\\/\\\/shop.hidalgo.nl\\\/wp-content\\\/uploads\\\/2025\\\/04\\\/7f41513beeec751cd56734bad5516d445ee76889d85e2129587f6f237dc6e59f.jpg\",\"@id\":\"https:\\\/\\\/hidalgo.nl\\\/de\\\/product\\\/841015\\\/erste-hilfe-set-bedrucken-13-teilig-karabinerhaken-kompakt\\\/#mainImage\"},\"primaryImageOfPage\":{\"@id\":\"https:\\\/\\\/hidalgo.nl\\\/de\\\/product\\\/841015\\\/erste-hilfe-set-bedrucken-13-teilig-karabinerhaken-kompakt\\\/#mainImage\"},\"datePublished\":\"2026-02-12T14:50:32+00:00\",\"dateModified\":\"2026-04-24T07:46:30+00:00\"},{\"@type\":\"WebSite\",\"@id\":\"https:\\\/\\\/hidalgo.nl\\\/de\\\/#website\",\"url\":\"https:\\\/\\\/hidalgo.nl\\\/de\\\/\",\"name\":\"Hidalgo\",\"inLanguage\":\"de-DE\",\"publisher\":{\"@id\":\"https:\\\/\\\/hidalgo.nl\\\/de\\\/#organization\"}}]}\n\t\t<\/script>\n\t\t<!-- All in One SEO Pro -->\r\n\t\t<title>Erste-Hilfe-Set bedrucken 13-teilig Karabinerhaken Kompakt<\/title>\n\n","aioseo_head_json":{"title":"Erste-Hilfe-Set bedrucken 13-teilig Karabinerhaken Kompakt","description":"Greif unterwegs schnell zur kompakten 13-teiligen Erstversorgung: leichtes Etui mit Karabiner passt an Rucksack oder G\u00fcrtel. Lass dein Logo von Hidalgo bedrucken und nutze es als Outdoor Erste Hilfe Set f\u00fcr Wanderungen - ideal f\u00fcr 20-40-J\u00e4hrige auf Tour.","canonical_url":"https:\/\/hidalgo.nl\/de\/wp-json\/wp\/v2\/product\/841015","robots":"max-image-preview:large","keywords":"","webmasterTools":{"miscellaneous":""},"schema":{"@context":"https:\/\/schema.org","@graph":[{"@type":"BreadcrumbList","@id":"https:\/\/hidalgo.nl\/de\/product\/841015\/erste-hilfe-set-bedrucken-13-teilig-karabinerhaken-kompakt\/#breadcrumblist","itemListElement":[{"@type":"ListItem","@id":"https:\/\/hidalgo.nl\/de\/#listItem","position":1,"name":"Home","item":"https:\/\/hidalgo.nl\/de\/","nextItem":{"@type":"ListItem","@id":"https:\/\/hidalgo.nl\/example\/#listItem","name":"example"}},{"@type":"ListItem","@id":"https:\/\/hidalgo.nl\/example\/#listItem","position":2,"name":"example","item":"https:\/\/hidalgo.nl\/example\/","nextItem":{"@type":"ListItem","@id":"https:\/\/hidalgo.nl\/en\/product-supplier\/a53\/#listItem","name":"A53"},"previousItem":{"@type":"ListItem","@id":"https:\/\/hidalgo.nl\/de\/#listItem","name":"Home"}},{"@type":"ListItem","@id":"https:\/\/hidalgo.nl\/en\/product-supplier\/a53\/#listItem","position":3,"name":"A53","item":"https:\/\/hidalgo.nl\/en\/product-supplier\/a53\/","nextItem":{"@type":"ListItem","@id":"https:\/\/hidalgo.nl\/de\/product\/841015\/erste-hilfe-set-bedrucken-13-teilig-karabinerhaken-kompakt\/#listItem","name":"Eerste hulp set 13-delig Denali"},"previousItem":{"@type":"ListItem","@id":"https:\/\/hidalgo.nl\/example\/#listItem","name":"example"}},{"@type":"ListItem","@id":"https:\/\/hidalgo.nl\/de\/product\/841015\/erste-hilfe-set-bedrucken-13-teilig-karabinerhaken-kompakt\/#listItem","position":4,"name":"Eerste hulp set 13-delig Denali","previousItem":{"@type":"ListItem","@id":"https:\/\/hidalgo.nl\/en\/product-supplier\/a53\/#listItem","name":"A53"}}]},{"@type":"Organization","@id":"https:\/\/hidalgo.nl\/de\/#organization","name":"Hidalgo","url":"https:\/\/hidalgo.nl\/de\/","logo":{"@type":"ImageObject","url":"https:\/\/shop.hidalgo.nl\/wp-content\/uploads\/2025\/11\/cropped-Hidalgo-est1993.png","@id":"https:\/\/hidalgo.nl\/de\/product\/841015\/erste-hilfe-set-bedrucken-13-teilig-karabinerhaken-kompakt\/#organizationLogo","width":585,"height":195},"image":{"@id":"https:\/\/hidalgo.nl\/de\/product\/841015\/erste-hilfe-set-bedrucken-13-teilig-karabinerhaken-kompakt\/#organizationLogo"}},{"@type":"ProductGroup","@id":"https:\/\/hidalgo.nl\/de\/product\/841015\/erste-hilfe-set-bedrucken-13-teilig-karabinerhaken-kompakt\/#wooCommerceProduct","name":"Erste-Hilfe-Set bedrucken 13-teilig Karabinerhaken Kompakt","url":"https:\/\/hidalgo.nl\/de\/product\/841015\/erste-hilfe-set-bedrucken-13-teilig-karabinerhaken-kompakt\/","sku":"A53-LT90311","image":{"@type":"ImageObject","url":"https:\/\/shop.hidalgo.nl\/wp-content\/uploads\/2025\/04\/7f41513beeec751cd56734bad5516d445ee76889d85e2129587f6f237dc6e59f.jpg","@id":"https:\/\/hidalgo.nl\/de\/product\/841015\/erste-hilfe-set-bedrucken-13-teilig-karabinerhaken-kompakt\/#productImage"},"productGroupID":841015,"hasVariant":[{"@type":"Product","@id":"https:\/\/hidalgo.nl\/de\/product\/841015\/erste-hilfe-set-bedrucken-13-teilig-karabinerhaken-kompakt\/#wooCommerceProduct","name":"Eerste hulp set 13-delig Denali - zwart","url":"https:\/\/hidalgo.nl\/de\/product\/841015\/erste-hilfe-set-bedrucken-13-teilig-karabinerhaken-kompakt\/","sku":"A53-LT90311-N0002","image":{"@type":"ImageObject","url":"https:\/\/shop.hidalgo.nl\/wp-content\/uploads\/2025\/04\/196cc425a2cff7b15973bb70c0e8a25986aad291f696c826d5dee367210eb6d8.jpg","@id":"https:\/\/hidalgo.nl\/de\/product\/841015\/erste-hilfe-set-bedrucken-13-teilig-karabinerhaken-kompakt\/#productImage"},"offers":{"@type":"Offer","url":"https:\/\/hidalgo.nl\/de\/product\/841015\/erste-hilfe-set-bedrucken-13-teilig-karabinerhaken-kompakt\/#wooCommerceOffer","price":"3.855","priceCurrency":"EUR","category":"Promotionele Artikelen","availability":"https:\/\/schema.org\/InStock","priceSpecification":{"@type":"PriceSpecification","price":3.855,"priceCurrency":"EUR","valueAddedTaxIncluded":"true"}}},{"@type":"Product","@id":"https:\/\/hidalgo.nl\/de\/product\/841015\/erste-hilfe-set-bedrucken-13-teilig-karabinerhaken-kompakt\/#wooCommerceProduct","name":"Eerste hulp set 13-delig Denali - rood","url":"https:\/\/hidalgo.nl\/de\/product\/841015\/erste-hilfe-set-bedrucken-13-teilig-karabinerhaken-kompakt\/","sku":"A53-LT90311-N0021","image":{"@type":"ImageObject","url":"https:\/\/shop.hidalgo.nl\/wp-content\/uploads\/2025\/04\/19548211883fda1e4fdfca8a69bdbbb6a2485d158e0c7b5c384468ae5a8dd0af.jpg","@id":"https:\/\/hidalgo.nl\/de\/product\/841015\/erste-hilfe-set-bedrucken-13-teilig-karabinerhaken-kompakt\/#productImage"},"offers":{"@type":"Offer","url":"https:\/\/hidalgo.nl\/de\/product\/841015\/erste-hilfe-set-bedrucken-13-teilig-karabinerhaken-kompakt\/#wooCommerceOffer","price":"3.855","priceCurrency":"EUR","category":"Promotionele Artikelen","availability":"https:\/\/schema.org\/InStock","priceSpecification":{"@type":"PriceSpecification","price":3.855,"priceCurrency":"EUR","valueAddedTaxIncluded":"true"}}}]},{"@type":"WebPage","@id":"https:\/\/hidalgo.nl\/de\/product\/841015\/erste-hilfe-set-bedrucken-13-teilig-karabinerhaken-kompakt\/#webpage","url":"https:\/\/hidalgo.nl\/de\/product\/841015\/erste-hilfe-set-bedrucken-13-teilig-karabinerhaken-kompakt\/","name":"Erste-Hilfe-Set bedrucken 13-teilig Karabinerhaken Kompakt","description":"Greif unterwegs schnell zur kompakten 13-teiligen Erstversorgung: leichtes Etui mit Karabiner passt an Rucksack oder G\u00fcrtel. Lass dein Logo von Hidalgo bedrucken und nutze es als Outdoor Erste Hilfe Set f\u00fcr Wanderungen - ideal f\u00fcr 20-40-J\u00e4hrige auf Tour.","inLanguage":"de-DE","isPartOf":{"@id":"https:\/\/hidalgo.nl\/de\/#website"},"breadcrumb":{"@id":"https:\/\/hidalgo.nl\/de\/product\/841015\/erste-hilfe-set-bedrucken-13-teilig-karabinerhaken-kompakt\/#breadcrumblist"},"image":{"@type":"ImageObject","url":"https:\/\/shop.hidalgo.nl\/wp-content\/uploads\/2025\/04\/7f41513beeec751cd56734bad5516d445ee76889d85e2129587f6f237dc6e59f.jpg","@id":"https:\/\/hidalgo.nl\/de\/product\/841015\/erste-hilfe-set-bedrucken-13-teilig-karabinerhaken-kompakt\/#mainImage"},"primaryImageOfPage":{"@id":"https:\/\/hidalgo.nl\/de\/product\/841015\/erste-hilfe-set-bedrucken-13-teilig-karabinerhaken-kompakt\/#mainImage"},"datePublished":"2026-02-12T14:50:32+00:00","dateModified":"2026-04-24T07:46:30+00:00"},{"@type":"WebSite","@id":"https:\/\/hidalgo.nl\/de\/#website","url":"https:\/\/hidalgo.nl\/de\/","name":"Hidalgo","inLanguage":"de-DE","publisher":{"@id":"https:\/\/hidalgo.nl\/de\/#organization"}}]},"og:locale":"de_DE","og:site_name":"Hidalgo -","og:type":"article","og:title":"Erste-Hilfe-Set bedrucken 13-teilig Karabinerhaken Kompakt","og:description":"Greif unterwegs schnell zur kompakten 13-teiligen Erstversorgung: leichtes Etui mit Karabiner passt an Rucksack oder G\u00fcrtel. Lass dein Logo von Hidalgo bedrucken und nutze es als Outdoor Erste Hilfe Set f\u00fcr Wanderungen - ideal f\u00fcr 20-40-J\u00e4hrige auf Tour.","og:url":"https:\/\/hidalgo.nl\/de\/wp-json\/wp\/v2\/product\/841015","og:image":"https:\/\/shop.hidalgo.nl\/wp-content\/uploads\/2025\/11\/cropped-Hidalgo-est1993.png","og:image:secure_url":"https:\/\/shop.hidalgo.nl\/wp-content\/uploads\/2025\/11\/cropped-Hidalgo-est1993.png","article:published_time":"2026-02-12T14:50:32+00:00","article:modified_time":"2026-04-24T07:46:30+00:00","twitter:card":"summary_large_image","twitter:title":"Erste-Hilfe-Set bedrucken 13-teilig Karabinerhaken Kompakt","twitter:description":"Greif unterwegs schnell zur kompakten 13-teiligen Erstversorgung: leichtes Etui mit Karabiner passt an Rucksack oder G\u00fcrtel. Lass dein Logo von Hidalgo bedrucken und nutze es als Outdoor Erste Hilfe Set f\u00fcr Wanderungen - ideal f\u00fcr 20-40-J\u00e4hrige auf Tour.","twitter:image":"https:\/\/shop.hidalgo.nl\/wp-content\/uploads\/2025\/11\/cropped-Hidalgo-est1993.png"},"aioseo_meta_data":{"post_id":"841015","title":null,"description":null,"keywords":null,"keyphrases":null,"primary_term":null,"canonical_url":null,"og_title":null,"og_description":null,"og_object_type":"default","og_image_type":"default","og_image_url":null,"og_image_width":null,"og_image_height":null,"og_image_custom_url":null,"og_image_custom_fields":null,"og_video":null,"og_custom_url":null,"og_article_section":null,"og_article_tags":null,"twitter_use_og":false,"twitter_card":"default","twitter_image_type":"default","twitter_image_url":null,"twitter_image_custom_url":null,"twitter_image_custom_fields":null,"twitter_title":null,"twitter_description":null,"schema":{"blockGraphs":[],"customGraphs":[],"default":{"data":{"Article":[],"Course":[],"Dataset":[],"FAQPage":[],"Movie":[],"Person":[],"Product":[],"ProductReview":[],"Car":[],"Recipe":[],"Service":[],"SoftwareApplication":[],"WebPage":[]},"graphName":"","isEnabled":true},"graphs":[]},"schema_type":"default","schema_type_options":null,"pillar_content":false,"robots_default":true,"robots_noindex":false,"robots_noarchive":false,"robots_nosnippet":false,"robots_nofollow":false,"robots_noimageindex":false,"robots_noodp":false,"robots_notranslate":false,"robots_max_snippet":null,"robots_max_videopreview":null,"robots_max_imagepreview":"large","priority":null,"frequency":null,"local_seo":null,"seo_analyzer_scan_date":"2026-02-12 15:14:27","breadcrumb_settings":null,"limit_modified_date":false,"reviewed_by":null,"open_ai":null,"ai":null,"created":"2026-02-12 14:51:48","updated":"2026-04-24 08:56:57"},"aioseo_breadcrumb":"<div class=\"aioseo-breadcrumbs\"><span class=\"aioseo-breadcrumb\">\n\t<a href=\"https:\/\/hidalgo.nl\/de\/\" title=\"Home\">Home<\/a>\n<\/span><span class=\"aioseo-breadcrumb-separator\">\u00bb<\/span><span class=\"aioseo-breadcrumb\">\n\t<a href=\"https:\/\/hidalgo.nl\/example\/\" title=\"example\">example<\/a>\n<\/span><span class=\"aioseo-breadcrumb-separator\">\u00bb<\/span><span class=\"aioseo-breadcrumb\">\n\t<a href=\"https:\/\/hidalgo.nl\/en\/product-supplier\/a53\/\" title=\"A53\">A53<\/a>\n<\/span><span class=\"aioseo-breadcrumb-separator\">\u00bb<\/span><span class=\"aioseo-breadcrumb\">\n\tEerste hulp set 13-delig Denali\n<\/span><\/div>","aioseo_breadcrumb_json":[{"label":"Home","link":"https:\/\/hidalgo.nl\/de\/"},{"label":"example","link":"https:\/\/hidalgo.nl\/example\/"},{"label":"A53","link":"https:\/\/hidalgo.nl\/en\/product-supplier\/a53\/"},{"label":"Eerste hulp set 13-delig Denali","link":"https:\/\/hidalgo.nl\/de\/product\/841015\/erste-hilfe-set-bedrucken-13-teilig-karabinerhaken-kompakt\/"}],"_links":{"self":[{"href":"https:\/\/hidalgo.nl\/de\/wp-json\/wp\/v2\/product\/841015","targetHints":{"allow":["GET"]}}],"collection":[{"href":"https:\/\/hidalgo.nl\/de\/wp-json\/wp\/v2\/product"}],"about":[{"href":"https:\/\/hidalgo.nl\/de\/wp-json\/wp\/v2\/types\/product"}],"wp:featuredmedia":[{"embeddable":true,"href":"https:\/\/hidalgo.nl\/de\/wp-json\/wp\/v2\/media\/841016"}],"wp:attachment":[{"href":"https:\/\/hidalgo.nl\/de\/wp-json\/wp\/v2\/media?parent=841015"}],"wp:term":[{"taxonomy":"product_brand","embeddable":true,"href":"https:\/\/hidalgo.nl\/de\/wp-json\/wp\/v2\/product_brand?post=841015"},{"taxonomy":"product_cat","embeddable":true,"href":"https:\/\/hidalgo.nl\/de\/wp-json\/wp\/v2\/product_cat?post=841015"},{"taxonomy":"product_tag","embeddable":true,"href":"https:\/\/hidalgo.nl\/de\/wp-json\/wp\/v2\/product_tag?post=841015"}],"curies":[{"name":"wp","href":"https:\/\/api.w.org\/{rel}","templated":true}]}}