{"id":841009,"date":"2026-02-12T14:50:31","date_gmt":"2026-02-12T14:50:31","guid":{"rendered":"https:\/\/hidalgo.nl\/product\/eerste-hulp-set-16-delig-fuji\/"},"modified":"2026-04-24T07:46:33","modified_gmt":"2026-04-24T07:46:33","slug":"eerste-hulp-set-16-delig-fuji","status":"publish","type":"product","link":"https:\/\/hidalgo.nl\/de\/product\/841009\/erste-hilfe-set-bedrucken-kompakt-klettverschluss-16-teilig\/","title":{"rendered":"Eerste hulp set 16-delig Fuji"},"content":{"rendered":"<p>Deze EHBO set wordt geleverd in een nylon etui met klittenband bevestigings banden aan de onderzijde, zodat hij bijvoorbeeld aan een fietsstuur kan worden bevestigd of om de pols gedragen kan worden. Voldoet aan Europese normen. Ideaal voor fietsen, wandelen en outdoor-activiteiten. Inhoud: 1 \u00d7 driekantverband 90 \u00d7 90 \u00d7 127 cm, 2 \u00d7 alcoholpads, 1 \u00d7 verpakking van 10 veiligheidsspelden, 1 \u00d7 medische tape 1.25 cm \u00d7 4.5 m, 1 \u00d7 pack van 5 non-woven sponzen 2&#8243; \u00d7 2&#8243; 4-laags, 5 \u00d7 pleisters 72 \u00d7 19 mm, 1 \u00d7 elastisch verband 7.5 \u00d7 450 cm, 2 \u00d7 non-adherente pads 5 \u00d7 7.5 cm, 1 \u00d7 cohesief verband 5 \u00d7 450 cm, 1 \u00d7 schaar, 1 \u00d7 pincet.<\/p>\n","protected":false},"excerpt":{"rendered":"<p>Deze EHBO set wordt geleverd in een nylon etui met klittenband bevestigings banden aan de onderzijde, zodat hij bijvoorbeeld aan een fietsstuur kan worden bevestigd of om de pols gedragen kan worden. Voldoet aan Europese normen. Ideaal voor fietsen, wandelen en outdoor-activiteiten. Inhoud: 1 \u00d7 driekantverband 90 \u00d7 90 \u00d7 127 cm, 2 \u00d7 alcoholpads,&hellip; <a class=\"more-link\" href=\"https:\/\/hidalgo.nl\/de\/product\/841009\/erste-hilfe-set-bedrucken-kompakt-klettverschluss-16-teilig\/\"><span class=\"screen-reader-text\">Eerste hulp set 16-delig Fuji<\/span> weiterlesen<\/a><\/p>\n","protected":false},"featured_media":841010,"template":"","meta":{"_acf_changed":false,"om_disable_all_campaigns":false,"_monsterinsights_skip_tracking":false,"_monsterinsights_sitenote_active":false,"_monsterinsights_sitenote_note":"","_monsterinsights_sitenote_category":0},"product_brand":[],"product_cat":[4803,4722,4719],"product_tag":[],"class_list":{"0":"post-841009","1":"product","2":"type-product","3":"status-publish","4":"has-post-thumbnail","6":"product_supplier-a53","7":"product_cat-ehbo-kits","8":"product_cat-gezondheid","9":"product_cat-promotionele-artikelen","10":"entry","12":"first","13":"instock","14":"taxable","15":"shipping-taxable","16":"purchasable","17":"product-type-variable"},"acf":{"imprint_cost":[{"imprint_cost_key":"8e9c9d918eb314a6fbde800964b84ba4324ba6a2","product_quantity_price_range":[{"imprint_cost_recommended_selling_price":"1.0425","imprint_cost_recommended_selling_quantity":"1"},{"imprint_cost_recommended_selling_price":"0.8775","imprint_cost_recommended_selling_quantity":"10"},{"imprint_cost_recommended_selling_price":"0.81","imprint_cost_recommended_selling_quantity":"25"},{"imprint_cost_recommended_selling_price":"0.75","imprint_cost_recommended_selling_quantity":"50"},{"imprint_cost_recommended_selling_price":"0.69","imprint_cost_recommended_selling_quantity":"100"},{"imprint_cost_recommended_selling_price":"0.63","imprint_cost_recommended_selling_quantity":"250"},{"imprint_cost_recommended_selling_price":"0.63","imprint_cost_recommended_selling_quantity":"500"},{"imprint_cost_recommended_selling_price":"0.6","imprint_cost_recommended_selling_quantity":"1000"},{"imprint_cost_recommended_selling_price":"0.555","imprint_cost_recommended_selling_quantity":"2500"},{"imprint_cost_recommended_selling_price":"0.525","imprint_cost_recommended_selling_quantity":"5000"},{"imprint_cost_recommended_selling_price":"0.525","imprint_cost_recommended_selling_quantity":"10000"}],"product_quantity_price_range_buying":[{"imprint_cost_general_buying_price":"0.695","imprint_cost_general_buying_quantity":"1"},{"imprint_cost_general_buying_price":"0.585","imprint_cost_general_buying_quantity":"10"},{"imprint_cost_general_buying_price":"0.54","imprint_cost_general_buying_quantity":"25"},{"imprint_cost_general_buying_price":"0.5","imprint_cost_general_buying_quantity":"50"},{"imprint_cost_general_buying_price":"0.46","imprint_cost_general_buying_quantity":"100"},{"imprint_cost_general_buying_price":"0.42","imprint_cost_general_buying_quantity":"250"},{"imprint_cost_general_buying_price":"0.42","imprint_cost_general_buying_quantity":"500"},{"imprint_cost_general_buying_price":"0.4","imprint_cost_general_buying_quantity":"1000"},{"imprint_cost_general_buying_price":"0.37","imprint_cost_general_buying_quantity":"2500"},{"imprint_cost_general_buying_price":"0.35","imprint_cost_general_buying_quantity":"5000"},{"imprint_cost_general_buying_price":"0.35","imprint_cost_general_buying_quantity":"10000"}],"imprint_cost_setup_costs":"54","imprint_cost_handling_costs":"0.12"}]},"aioseo_notices":[],"aioseo_head":"\n\t\t<!-- All in One SEO Pro 4.9.6.2 - aioseo.com -->\n\t<meta name=\"description\" content=\"Du bist unterwegs gut ger\u00fcstet: Dieses Erste Hilfe Set 16-teilig im roten Etui passt in Rucksack oder Handschuhfach. Hidalgo druckt dein Logo f\u00fcr maximale Sichtbarkeit. Ideal f\u00fcr Events, Sport &amp; Reisen; als kompakter Verbandskasten schnell griffbereit.\" \/>\n\t<meta name=\"robots\" content=\"max-image-preview:large\" \/>\n\t<link rel=\"canonical\" href=\"https:\/\/hidalgo.nl\/de\/wp-json\/wp\/v2\/product\/841009\" \/>\n\t<meta name=\"generator\" content=\"All in One SEO Pro (AIOSEO) 4.9.6.2\" \/>\n\t\t<meta property=\"og:locale\" content=\"de_DE\" \/>\n\t\t<meta property=\"og:site_name\" content=\"Hidalgo -\" \/>\n\t\t<meta property=\"og:type\" content=\"article\" \/>\n\t\t<meta property=\"og:title\" content=\"Erste-Hilfe-Set bedrucken kompakt Klettverschluss 16-teilig\" \/>\n\t\t<meta property=\"og:description\" content=\"Du bist unterwegs gut ger\u00fcstet: Dieses Erste Hilfe Set 16-teilig im roten Etui passt in Rucksack oder Handschuhfach. Hidalgo druckt dein Logo f\u00fcr maximale Sichtbarkeit. Ideal f\u00fcr Events, Sport &amp; Reisen; als kompakter Verbandskasten schnell griffbereit.\" \/>\n\t\t<meta property=\"og:url\" content=\"https:\/\/hidalgo.nl\/de\/wp-json\/wp\/v2\/product\/841009\" \/>\n\t\t<meta property=\"og:image\" content=\"https:\/\/shop.hidalgo.nl\/wp-content\/uploads\/2025\/11\/cropped-Hidalgo-est1993.png\" \/>\n\t\t<meta property=\"og:image:secure_url\" content=\"https:\/\/shop.hidalgo.nl\/wp-content\/uploads\/2025\/11\/cropped-Hidalgo-est1993.png\" \/>\n\t\t<meta property=\"article:published_time\" content=\"2026-02-12T14:50:31+00:00\" \/>\n\t\t<meta property=\"article:modified_time\" content=\"2026-04-24T07:46:33+00:00\" \/>\n\t\t<meta name=\"twitter:card\" content=\"summary_large_image\" \/>\n\t\t<meta name=\"twitter:title\" content=\"Erste-Hilfe-Set bedrucken kompakt Klettverschluss 16-teilig\" \/>\n\t\t<meta name=\"twitter:description\" content=\"Du bist unterwegs gut ger\u00fcstet: Dieses Erste Hilfe Set 16-teilig im roten Etui passt in Rucksack oder Handschuhfach. Hidalgo druckt dein Logo f\u00fcr maximale Sichtbarkeit. Ideal f\u00fcr Events, Sport &amp; Reisen; als kompakter Verbandskasten schnell griffbereit.\" \/>\n\t\t<meta name=\"twitter:image\" content=\"https:\/\/shop.hidalgo.nl\/wp-content\/uploads\/2025\/11\/cropped-Hidalgo-est1993.png\" \/>\n\t\t<script type=\"application\/ld+json\" class=\"aioseo-schema\">\n\t\t\t{\"@context\":\"https:\\\/\\\/schema.org\",\"@graph\":[{\"@type\":\"BreadcrumbList\",\"@id\":\"https:\\\/\\\/hidalgo.nl\\\/de\\\/product\\\/841009\\\/erste-hilfe-set-bedrucken-kompakt-klettverschluss-16-teilig\\\/#breadcrumblist\",\"itemListElement\":[{\"@type\":\"ListItem\",\"@id\":\"https:\\\/\\\/hidalgo.nl\\\/de\\\/#listItem\",\"position\":1,\"name\":\"Home\",\"item\":\"https:\\\/\\\/hidalgo.nl\\\/de\\\/\",\"nextItem\":{\"@type\":\"ListItem\",\"@id\":\"https:\\\/\\\/hidalgo.nl\\\/example\\\/#listItem\",\"name\":\"example\"}},{\"@type\":\"ListItem\",\"@id\":\"https:\\\/\\\/hidalgo.nl\\\/example\\\/#listItem\",\"position\":2,\"name\":\"example\",\"item\":\"https:\\\/\\\/hidalgo.nl\\\/example\\\/\",\"nextItem\":{\"@type\":\"ListItem\",\"@id\":\"https:\\\/\\\/hidalgo.nl\\\/en\\\/product-supplier\\\/a53\\\/#listItem\",\"name\":\"A53\"},\"previousItem\":{\"@type\":\"ListItem\",\"@id\":\"https:\\\/\\\/hidalgo.nl\\\/de\\\/#listItem\",\"name\":\"Home\"}},{\"@type\":\"ListItem\",\"@id\":\"https:\\\/\\\/hidalgo.nl\\\/en\\\/product-supplier\\\/a53\\\/#listItem\",\"position\":3,\"name\":\"A53\",\"item\":\"https:\\\/\\\/hidalgo.nl\\\/en\\\/product-supplier\\\/a53\\\/\",\"nextItem\":{\"@type\":\"ListItem\",\"@id\":\"https:\\\/\\\/hidalgo.nl\\\/de\\\/product\\\/841009\\\/erste-hilfe-set-bedrucken-kompakt-klettverschluss-16-teilig\\\/#listItem\",\"name\":\"Eerste hulp set 16-delig Fuji\"},\"previousItem\":{\"@type\":\"ListItem\",\"@id\":\"https:\\\/\\\/hidalgo.nl\\\/example\\\/#listItem\",\"name\":\"example\"}},{\"@type\":\"ListItem\",\"@id\":\"https:\\\/\\\/hidalgo.nl\\\/de\\\/product\\\/841009\\\/erste-hilfe-set-bedrucken-kompakt-klettverschluss-16-teilig\\\/#listItem\",\"position\":4,\"name\":\"Eerste hulp set 16-delig Fuji\",\"previousItem\":{\"@type\":\"ListItem\",\"@id\":\"https:\\\/\\\/hidalgo.nl\\\/en\\\/product-supplier\\\/a53\\\/#listItem\",\"name\":\"A53\"}}]},{\"@type\":\"Organization\",\"@id\":\"https:\\\/\\\/hidalgo.nl\\\/de\\\/#organization\",\"name\":\"Hidalgo\",\"url\":\"https:\\\/\\\/hidalgo.nl\\\/de\\\/\",\"logo\":{\"@type\":\"ImageObject\",\"url\":\"https:\\\/\\\/shop.hidalgo.nl\\\/wp-content\\\/uploads\\\/2025\\\/11\\\/cropped-Hidalgo-est1993.png\",\"@id\":\"https:\\\/\\\/hidalgo.nl\\\/de\\\/product\\\/841009\\\/erste-hilfe-set-bedrucken-kompakt-klettverschluss-16-teilig\\\/#organizationLogo\",\"width\":585,\"height\":195},\"image\":{\"@id\":\"https:\\\/\\\/hidalgo.nl\\\/de\\\/product\\\/841009\\\/erste-hilfe-set-bedrucken-kompakt-klettverschluss-16-teilig\\\/#organizationLogo\"}},{\"@type\":\"ProductGroup\",\"@id\":\"https:\\\/\\\/hidalgo.nl\\\/de\\\/product\\\/841009\\\/erste-hilfe-set-bedrucken-kompakt-klettverschluss-16-teilig\\\/#wooCommerceProduct\",\"name\":\"Erste-Hilfe-Set bedrucken kompakt Klettverschluss 16-teilig\",\"url\":\"https:\\\/\\\/hidalgo.nl\\\/de\\\/product\\\/841009\\\/erste-hilfe-set-bedrucken-kompakt-klettverschluss-16-teilig\\\/\",\"sku\":\"A53-LT90312\",\"image\":{\"@type\":\"ImageObject\",\"url\":\"https:\\\/\\\/shop.hidalgo.nl\\\/wp-content\\\/uploads\\\/2025\\\/04\\\/08e80edec64a4389c668a74a5bbc0ea88a40eee17b08bcd5f47872049b2efe78.jpg\",\"@id\":\"https:\\\/\\\/hidalgo.nl\\\/de\\\/product\\\/841009\\\/erste-hilfe-set-bedrucken-kompakt-klettverschluss-16-teilig\\\/#productImage\"},\"productGroupID\":841009,\"hasVariant\":[{\"@type\":\"Product\",\"@id\":\"https:\\\/\\\/hidalgo.nl\\\/de\\\/product\\\/841009\\\/erste-hilfe-set-bedrucken-kompakt-klettverschluss-16-teilig\\\/#wooCommerceProduct\",\"name\":\"Eerste hulp set 16-delig Fuji - rood\",\"url\":\"https:\\\/\\\/hidalgo.nl\\\/de\\\/product\\\/841009\\\/erste-hilfe-set-bedrucken-kompakt-klettverschluss-16-teilig\\\/\",\"sku\":\"A53-LT90312-N0021\",\"image\":{\"@type\":\"ImageObject\",\"url\":\"https:\\\/\\\/shop.hidalgo.nl\\\/wp-content\\\/uploads\\\/2025\\\/04\\\/e1fba6d7bc7f1883f087c5109185460278ff1cf52df3ebbf7790ed51ccefd405.jpg\",\"@id\":\"https:\\\/\\\/hidalgo.nl\\\/de\\\/product\\\/841009\\\/erste-hilfe-set-bedrucken-kompakt-klettverschluss-16-teilig\\\/#productImage\"},\"offers\":{\"@type\":\"Offer\",\"url\":\"https:\\\/\\\/hidalgo.nl\\\/de\\\/product\\\/841009\\\/erste-hilfe-set-bedrucken-kompakt-klettverschluss-16-teilig\\\/#wooCommerceOffer\",\"price\":\"6.72\",\"priceCurrency\":\"EUR\",\"category\":\"Promotionele Artikelen\",\"availability\":\"https:\\\/\\\/schema.org\\\/InStock\",\"priceSpecification\":{\"@type\":\"PriceSpecification\",\"price\":6.72,\"priceCurrency\":\"EUR\",\"valueAddedTaxIncluded\":\"true\"}}}]},{\"@type\":\"WebPage\",\"@id\":\"https:\\\/\\\/hidalgo.nl\\\/de\\\/product\\\/841009\\\/erste-hilfe-set-bedrucken-kompakt-klettverschluss-16-teilig\\\/#webpage\",\"url\":\"https:\\\/\\\/hidalgo.nl\\\/de\\\/product\\\/841009\\\/erste-hilfe-set-bedrucken-kompakt-klettverschluss-16-teilig\\\/\",\"name\":\"Erste-Hilfe-Set bedrucken kompakt Klettverschluss 16-teilig\",\"description\":\"Du bist unterwegs gut ger\\u00fcstet: Dieses Erste Hilfe Set 16-teilig im roten Etui passt in Rucksack oder Handschuhfach. Hidalgo druckt dein Logo f\\u00fcr maximale Sichtbarkeit. Ideal f\\u00fcr Events, Sport & Reisen; als kompakter Verbandskasten schnell griffbereit.\",\"inLanguage\":\"de-DE\",\"isPartOf\":{\"@id\":\"https:\\\/\\\/hidalgo.nl\\\/de\\\/#website\"},\"breadcrumb\":{\"@id\":\"https:\\\/\\\/hidalgo.nl\\\/de\\\/product\\\/841009\\\/erste-hilfe-set-bedrucken-kompakt-klettverschluss-16-teilig\\\/#breadcrumblist\"},\"image\":{\"@type\":\"ImageObject\",\"url\":\"https:\\\/\\\/shop.hidalgo.nl\\\/wp-content\\\/uploads\\\/2025\\\/04\\\/08e80edec64a4389c668a74a5bbc0ea88a40eee17b08bcd5f47872049b2efe78.jpg\",\"@id\":\"https:\\\/\\\/hidalgo.nl\\\/de\\\/product\\\/841009\\\/erste-hilfe-set-bedrucken-kompakt-klettverschluss-16-teilig\\\/#mainImage\"},\"primaryImageOfPage\":{\"@id\":\"https:\\\/\\\/hidalgo.nl\\\/de\\\/product\\\/841009\\\/erste-hilfe-set-bedrucken-kompakt-klettverschluss-16-teilig\\\/#mainImage\"},\"datePublished\":\"2026-02-12T14:50:31+00:00\",\"dateModified\":\"2026-04-24T07:46:33+00:00\"},{\"@type\":\"WebSite\",\"@id\":\"https:\\\/\\\/hidalgo.nl\\\/de\\\/#website\",\"url\":\"https:\\\/\\\/hidalgo.nl\\\/de\\\/\",\"name\":\"Hidalgo\",\"inLanguage\":\"de-DE\",\"publisher\":{\"@id\":\"https:\\\/\\\/hidalgo.nl\\\/de\\\/#organization\"}}]}\n\t\t<\/script>\n\t\t<!-- All in One SEO Pro -->\r\n\t\t<title>Erste-Hilfe-Set bedrucken kompakt Klettverschluss 16-teilig<\/title>\n\n","aioseo_head_json":{"title":"Erste-Hilfe-Set bedrucken kompakt Klettverschluss 16-teilig","description":"Du bist unterwegs gut ger\u00fcstet: Dieses Erste Hilfe Set 16-teilig im roten Etui passt in Rucksack oder Handschuhfach. Hidalgo druckt dein Logo f\u00fcr maximale Sichtbarkeit. Ideal f\u00fcr Events, Sport & Reisen; als kompakter Verbandskasten schnell griffbereit.","canonical_url":"https:\/\/hidalgo.nl\/de\/wp-json\/wp\/v2\/product\/841009","robots":"max-image-preview:large","keywords":"","webmasterTools":{"miscellaneous":""},"schema":{"@context":"https:\/\/schema.org","@graph":[{"@type":"BreadcrumbList","@id":"https:\/\/hidalgo.nl\/de\/product\/841009\/erste-hilfe-set-bedrucken-kompakt-klettverschluss-16-teilig\/#breadcrumblist","itemListElement":[{"@type":"ListItem","@id":"https:\/\/hidalgo.nl\/de\/#listItem","position":1,"name":"Home","item":"https:\/\/hidalgo.nl\/de\/","nextItem":{"@type":"ListItem","@id":"https:\/\/hidalgo.nl\/example\/#listItem","name":"example"}},{"@type":"ListItem","@id":"https:\/\/hidalgo.nl\/example\/#listItem","position":2,"name":"example","item":"https:\/\/hidalgo.nl\/example\/","nextItem":{"@type":"ListItem","@id":"https:\/\/hidalgo.nl\/en\/product-supplier\/a53\/#listItem","name":"A53"},"previousItem":{"@type":"ListItem","@id":"https:\/\/hidalgo.nl\/de\/#listItem","name":"Home"}},{"@type":"ListItem","@id":"https:\/\/hidalgo.nl\/en\/product-supplier\/a53\/#listItem","position":3,"name":"A53","item":"https:\/\/hidalgo.nl\/en\/product-supplier\/a53\/","nextItem":{"@type":"ListItem","@id":"https:\/\/hidalgo.nl\/de\/product\/841009\/erste-hilfe-set-bedrucken-kompakt-klettverschluss-16-teilig\/#listItem","name":"Eerste hulp set 16-delig Fuji"},"previousItem":{"@type":"ListItem","@id":"https:\/\/hidalgo.nl\/example\/#listItem","name":"example"}},{"@type":"ListItem","@id":"https:\/\/hidalgo.nl\/de\/product\/841009\/erste-hilfe-set-bedrucken-kompakt-klettverschluss-16-teilig\/#listItem","position":4,"name":"Eerste hulp set 16-delig Fuji","previousItem":{"@type":"ListItem","@id":"https:\/\/hidalgo.nl\/en\/product-supplier\/a53\/#listItem","name":"A53"}}]},{"@type":"Organization","@id":"https:\/\/hidalgo.nl\/de\/#organization","name":"Hidalgo","url":"https:\/\/hidalgo.nl\/de\/","logo":{"@type":"ImageObject","url":"https:\/\/shop.hidalgo.nl\/wp-content\/uploads\/2025\/11\/cropped-Hidalgo-est1993.png","@id":"https:\/\/hidalgo.nl\/de\/product\/841009\/erste-hilfe-set-bedrucken-kompakt-klettverschluss-16-teilig\/#organizationLogo","width":585,"height":195},"image":{"@id":"https:\/\/hidalgo.nl\/de\/product\/841009\/erste-hilfe-set-bedrucken-kompakt-klettverschluss-16-teilig\/#organizationLogo"}},{"@type":"ProductGroup","@id":"https:\/\/hidalgo.nl\/de\/product\/841009\/erste-hilfe-set-bedrucken-kompakt-klettverschluss-16-teilig\/#wooCommerceProduct","name":"Erste-Hilfe-Set bedrucken kompakt Klettverschluss 16-teilig","url":"https:\/\/hidalgo.nl\/de\/product\/841009\/erste-hilfe-set-bedrucken-kompakt-klettverschluss-16-teilig\/","sku":"A53-LT90312","image":{"@type":"ImageObject","url":"https:\/\/shop.hidalgo.nl\/wp-content\/uploads\/2025\/04\/08e80edec64a4389c668a74a5bbc0ea88a40eee17b08bcd5f47872049b2efe78.jpg","@id":"https:\/\/hidalgo.nl\/de\/product\/841009\/erste-hilfe-set-bedrucken-kompakt-klettverschluss-16-teilig\/#productImage"},"productGroupID":841009,"hasVariant":[{"@type":"Product","@id":"https:\/\/hidalgo.nl\/de\/product\/841009\/erste-hilfe-set-bedrucken-kompakt-klettverschluss-16-teilig\/#wooCommerceProduct","name":"Eerste hulp set 16-delig Fuji - rood","url":"https:\/\/hidalgo.nl\/de\/product\/841009\/erste-hilfe-set-bedrucken-kompakt-klettverschluss-16-teilig\/","sku":"A53-LT90312-N0021","image":{"@type":"ImageObject","url":"https:\/\/shop.hidalgo.nl\/wp-content\/uploads\/2025\/04\/e1fba6d7bc7f1883f087c5109185460278ff1cf52df3ebbf7790ed51ccefd405.jpg","@id":"https:\/\/hidalgo.nl\/de\/product\/841009\/erste-hilfe-set-bedrucken-kompakt-klettverschluss-16-teilig\/#productImage"},"offers":{"@type":"Offer","url":"https:\/\/hidalgo.nl\/de\/product\/841009\/erste-hilfe-set-bedrucken-kompakt-klettverschluss-16-teilig\/#wooCommerceOffer","price":"6.72","priceCurrency":"EUR","category":"Promotionele Artikelen","availability":"https:\/\/schema.org\/InStock","priceSpecification":{"@type":"PriceSpecification","price":6.72,"priceCurrency":"EUR","valueAddedTaxIncluded":"true"}}}]},{"@type":"WebPage","@id":"https:\/\/hidalgo.nl\/de\/product\/841009\/erste-hilfe-set-bedrucken-kompakt-klettverschluss-16-teilig\/#webpage","url":"https:\/\/hidalgo.nl\/de\/product\/841009\/erste-hilfe-set-bedrucken-kompakt-klettverschluss-16-teilig\/","name":"Erste-Hilfe-Set bedrucken kompakt Klettverschluss 16-teilig","description":"Du bist unterwegs gut ger\u00fcstet: Dieses Erste Hilfe Set 16-teilig im roten Etui passt in Rucksack oder Handschuhfach. Hidalgo druckt dein Logo f\u00fcr maximale Sichtbarkeit. Ideal f\u00fcr Events, Sport & Reisen; als kompakter Verbandskasten schnell griffbereit.","inLanguage":"de-DE","isPartOf":{"@id":"https:\/\/hidalgo.nl\/de\/#website"},"breadcrumb":{"@id":"https:\/\/hidalgo.nl\/de\/product\/841009\/erste-hilfe-set-bedrucken-kompakt-klettverschluss-16-teilig\/#breadcrumblist"},"image":{"@type":"ImageObject","url":"https:\/\/shop.hidalgo.nl\/wp-content\/uploads\/2025\/04\/08e80edec64a4389c668a74a5bbc0ea88a40eee17b08bcd5f47872049b2efe78.jpg","@id":"https:\/\/hidalgo.nl\/de\/product\/841009\/erste-hilfe-set-bedrucken-kompakt-klettverschluss-16-teilig\/#mainImage"},"primaryImageOfPage":{"@id":"https:\/\/hidalgo.nl\/de\/product\/841009\/erste-hilfe-set-bedrucken-kompakt-klettverschluss-16-teilig\/#mainImage"},"datePublished":"2026-02-12T14:50:31+00:00","dateModified":"2026-04-24T07:46:33+00:00"},{"@type":"WebSite","@id":"https:\/\/hidalgo.nl\/de\/#website","url":"https:\/\/hidalgo.nl\/de\/","name":"Hidalgo","inLanguage":"de-DE","publisher":{"@id":"https:\/\/hidalgo.nl\/de\/#organization"}}]},"og:locale":"de_DE","og:site_name":"Hidalgo -","og:type":"article","og:title":"Erste-Hilfe-Set bedrucken kompakt Klettverschluss 16-teilig","og:description":"Du bist unterwegs gut ger\u00fcstet: Dieses Erste Hilfe Set 16-teilig im roten Etui passt in Rucksack oder Handschuhfach. Hidalgo druckt dein Logo f\u00fcr maximale Sichtbarkeit. Ideal f\u00fcr Events, Sport &amp; Reisen; als kompakter Verbandskasten schnell griffbereit.","og:url":"https:\/\/hidalgo.nl\/de\/wp-json\/wp\/v2\/product\/841009","og:image":"https:\/\/shop.hidalgo.nl\/wp-content\/uploads\/2025\/11\/cropped-Hidalgo-est1993.png","og:image:secure_url":"https:\/\/shop.hidalgo.nl\/wp-content\/uploads\/2025\/11\/cropped-Hidalgo-est1993.png","article:published_time":"2026-02-12T14:50:31+00:00","article:modified_time":"2026-04-24T07:46:33+00:00","twitter:card":"summary_large_image","twitter:title":"Erste-Hilfe-Set bedrucken kompakt Klettverschluss 16-teilig","twitter:description":"Du bist unterwegs gut ger\u00fcstet: Dieses Erste Hilfe Set 16-teilig im roten Etui passt in Rucksack oder Handschuhfach. Hidalgo druckt dein Logo f\u00fcr maximale Sichtbarkeit. Ideal f\u00fcr Events, Sport &amp; Reisen; als kompakter Verbandskasten schnell griffbereit.","twitter:image":"https:\/\/shop.hidalgo.nl\/wp-content\/uploads\/2025\/11\/cropped-Hidalgo-est1993.png"},"aioseo_meta_data":{"post_id":"841009","title":null,"description":null,"keywords":null,"keyphrases":null,"primary_term":null,"canonical_url":null,"og_title":null,"og_description":null,"og_object_type":"default","og_image_type":"default","og_image_url":null,"og_image_width":null,"og_image_height":null,"og_image_custom_url":null,"og_image_custom_fields":null,"og_video":null,"og_custom_url":null,"og_article_section":null,"og_article_tags":null,"twitter_use_og":false,"twitter_card":"default","twitter_image_type":"default","twitter_image_url":null,"twitter_image_custom_url":null,"twitter_image_custom_fields":null,"twitter_title":null,"twitter_description":null,"schema":{"blockGraphs":[],"customGraphs":[],"default":{"data":{"Article":[],"Course":[],"Dataset":[],"FAQPage":[],"Movie":[],"Person":[],"Product":[],"ProductReview":[],"Car":[],"Recipe":[],"Service":[],"SoftwareApplication":[],"WebPage":[]},"graphName":"","isEnabled":true},"graphs":[]},"schema_type":"default","schema_type_options":null,"pillar_content":false,"robots_default":true,"robots_noindex":false,"robots_noarchive":false,"robots_nosnippet":false,"robots_nofollow":false,"robots_noimageindex":false,"robots_noodp":false,"robots_notranslate":false,"robots_max_snippet":null,"robots_max_videopreview":null,"robots_max_imagepreview":"large","priority":null,"frequency":null,"local_seo":null,"seo_analyzer_scan_date":"2026-02-12 15:14:26","breadcrumb_settings":null,"limit_modified_date":false,"reviewed_by":null,"open_ai":null,"ai":null,"created":"2026-02-12 14:51:48","updated":"2026-04-24 08:56:57"},"aioseo_breadcrumb":"<div class=\"aioseo-breadcrumbs\"><span class=\"aioseo-breadcrumb\">\n\t<a href=\"https:\/\/hidalgo.nl\/de\/\" title=\"Home\">Home<\/a>\n<\/span><span class=\"aioseo-breadcrumb-separator\">\u00bb<\/span><span class=\"aioseo-breadcrumb\">\n\t<a href=\"https:\/\/hidalgo.nl\/example\/\" title=\"example\">example<\/a>\n<\/span><span class=\"aioseo-breadcrumb-separator\">\u00bb<\/span><span class=\"aioseo-breadcrumb\">\n\t<a href=\"https:\/\/hidalgo.nl\/en\/product-supplier\/a53\/\" title=\"A53\">A53<\/a>\n<\/span><span class=\"aioseo-breadcrumb-separator\">\u00bb<\/span><span class=\"aioseo-breadcrumb\">\n\tEerste hulp set 16-delig Fuji\n<\/span><\/div>","aioseo_breadcrumb_json":[{"label":"Home","link":"https:\/\/hidalgo.nl\/de\/"},{"label":"example","link":"https:\/\/hidalgo.nl\/example\/"},{"label":"A53","link":"https:\/\/hidalgo.nl\/en\/product-supplier\/a53\/"},{"label":"Eerste hulp set 16-delig Fuji","link":"https:\/\/hidalgo.nl\/de\/product\/841009\/erste-hilfe-set-bedrucken-kompakt-klettverschluss-16-teilig\/"}],"_links":{"self":[{"href":"https:\/\/hidalgo.nl\/de\/wp-json\/wp\/v2\/product\/841009","targetHints":{"allow":["GET"]}}],"collection":[{"href":"https:\/\/hidalgo.nl\/de\/wp-json\/wp\/v2\/product"}],"about":[{"href":"https:\/\/hidalgo.nl\/de\/wp-json\/wp\/v2\/types\/product"}],"wp:featuredmedia":[{"embeddable":true,"href":"https:\/\/hidalgo.nl\/de\/wp-json\/wp\/v2\/media\/841010"}],"wp:attachment":[{"href":"https:\/\/hidalgo.nl\/de\/wp-json\/wp\/v2\/media?parent=841009"}],"wp:term":[{"taxonomy":"product_brand","embeddable":true,"href":"https:\/\/hidalgo.nl\/de\/wp-json\/wp\/v2\/product_brand?post=841009"},{"taxonomy":"product_cat","embeddable":true,"href":"https:\/\/hidalgo.nl\/de\/wp-json\/wp\/v2\/product_cat?post=841009"},{"taxonomy":"product_tag","embeddable":true,"href":"https:\/\/hidalgo.nl\/de\/wp-json\/wp\/v2\/product_tag?post=841009"}],"curies":[{"name":"wp","href":"https:\/\/api.w.org\/{rel}","templated":true}]}}