{"id":840994,"date":"2026-02-12T14:50:30","date_gmt":"2026-02-12T14:50:30","guid":{"rendered":"https:\/\/hidalgo.nl\/product\/eerste-hulp-set-20-delig-atlas\/"},"modified":"2026-04-24T07:46:30","modified_gmt":"2026-04-24T07:46:30","slug":"eerste-hulp-set-20-delig-atlas","status":"publish","type":"product","link":"https:\/\/hidalgo.nl\/de\/product\/840994\/erste-hilfe-set-bedrucken-20-teilig-rote-metalldose\/","title":{"rendered":"Eerste hulp set 20-delig Atlas"},"content":{"rendered":"<p>Deze compacte EHBO set wordt geleverd in een stevige blik en voldoet aan Europese normen. Ideaal voor op kantoor, in de auto, tijdens het reizen of als promotioneel item. Inhoud: 2 \u00d7 alcoholpads, 5 \u00d7 pleisters 72 \u00d7 19 mm, 2 \u00d7 reinigingsdoekjes, 2 \u00d7 burn gel sachets, 5 \u00d7 pleisters 56 \u00d7 19 mm, 4 \u00d7 pleisters 76 \u00d7 38 mm.<\/p>\n","protected":false},"excerpt":{"rendered":"<p>Deze compacte EHBO set wordt geleverd in een stevige blik en voldoet aan Europese normen. Ideaal voor op kantoor, in de auto, tijdens het reizen of als promotioneel item. Inhoud: 2 \u00d7 alcoholpads, 5 \u00d7 pleisters 72 \u00d7 19 mm, 2 \u00d7 reinigingsdoekjes, 2 \u00d7 burn gel sachets, 5 \u00d7 pleisters 56 \u00d7 19 mm,&hellip; <a class=\"more-link\" href=\"https:\/\/hidalgo.nl\/de\/product\/840994\/erste-hilfe-set-bedrucken-20-teilig-rote-metalldose\/\"><span class=\"screen-reader-text\">Eerste hulp set 20-delig Atlas<\/span> weiterlesen<\/a><\/p>\n","protected":false},"featured_media":840995,"template":"","meta":{"_acf_changed":false,"om_disable_all_campaigns":false,"_monsterinsights_skip_tracking":false,"_monsterinsights_sitenote_active":false,"_monsterinsights_sitenote_note":"","_monsterinsights_sitenote_category":0},"product_brand":[],"product_cat":[4803,4722,4719],"product_tag":[],"class_list":{"0":"post-840994","1":"product","2":"type-product","3":"status-publish","4":"has-post-thumbnail","6":"product_supplier-a53","7":"product_cat-ehbo-kits","8":"product_cat-gezondheid","9":"product_cat-promotionele-artikelen","10":"entry","12":"first","13":"instock","14":"taxable","15":"shipping-taxable","16":"purchasable","17":"product-type-variable"},"acf":{"imprint_cost":[{"imprint_cost_key":"f44ee75832bc8e6f6b44ef6c0f5c07fe2f28987d","product_quantity_price_range":[{"imprint_cost_recommended_selling_price":"1.245","imprint_cost_recommended_selling_quantity":"1"},{"imprint_cost_recommended_selling_price":"1.0575","imprint_cost_recommended_selling_quantity":"10"},{"imprint_cost_recommended_selling_price":"0.9","imprint_cost_recommended_selling_quantity":"25"},{"imprint_cost_recommended_selling_price":"0.8025","imprint_cost_recommended_selling_quantity":"50"},{"imprint_cost_recommended_selling_price":"0.7275","imprint_cost_recommended_selling_quantity":"100"},{"imprint_cost_recommended_selling_price":"0.63","imprint_cost_recommended_selling_quantity":"250"},{"imprint_cost_recommended_selling_price":"0.57","imprint_cost_recommended_selling_quantity":"500"},{"imprint_cost_recommended_selling_price":"0.5175","imprint_cost_recommended_selling_quantity":"1000"},{"imprint_cost_recommended_selling_price":"0.4875","imprint_cost_recommended_selling_quantity":"2500"},{"imprint_cost_recommended_selling_price":"0.4725","imprint_cost_recommended_selling_quantity":"5000"},{"imprint_cost_recommended_selling_price":"0.4575","imprint_cost_recommended_selling_quantity":"10000"}],"product_quantity_price_range_buying":[{"imprint_cost_general_buying_price":"0.83","imprint_cost_general_buying_quantity":"1"},{"imprint_cost_general_buying_price":"0.705","imprint_cost_general_buying_quantity":"10"},{"imprint_cost_general_buying_price":"0.6","imprint_cost_general_buying_quantity":"25"},{"imprint_cost_general_buying_price":"0.535","imprint_cost_general_buying_quantity":"50"},{"imprint_cost_general_buying_price":"0.485","imprint_cost_general_buying_quantity":"100"},{"imprint_cost_general_buying_price":"0.42","imprint_cost_general_buying_quantity":"250"},{"imprint_cost_general_buying_price":"0.38","imprint_cost_general_buying_quantity":"500"},{"imprint_cost_general_buying_price":"0.345","imprint_cost_general_buying_quantity":"1000"},{"imprint_cost_general_buying_price":"0.325","imprint_cost_general_buying_quantity":"2500"},{"imprint_cost_general_buying_price":"0.315","imprint_cost_general_buying_quantity":"5000"},{"imprint_cost_general_buying_price":"0.305","imprint_cost_general_buying_quantity":"10000"}],"imprint_cost_setup_costs":"54","imprint_cost_handling_costs":"0.12"},{"imprint_cost_key":"aeac5494debc55ff015141c8216cf4da9282bc87","product_quantity_price_range":[{"imprint_cost_recommended_selling_price":"1.1325","imprint_cost_recommended_selling_quantity":"1"},{"imprint_cost_recommended_selling_price":"0.945","imprint_cost_recommended_selling_quantity":"10"},{"imprint_cost_recommended_selling_price":"0.87","imprint_cost_recommended_selling_quantity":"25"},{"imprint_cost_recommended_selling_price":"0.7725","imprint_cost_recommended_selling_quantity":"50"},{"imprint_cost_recommended_selling_price":"0.69","imprint_cost_recommended_selling_quantity":"100"},{"imprint_cost_recommended_selling_price":"0.615","imprint_cost_recommended_selling_quantity":"250"},{"imprint_cost_recommended_selling_price":"0.57","imprint_cost_recommended_selling_quantity":"500"},{"imprint_cost_recommended_selling_price":"0.5325","imprint_cost_recommended_selling_quantity":"1000"},{"imprint_cost_recommended_selling_price":"0.4425","imprint_cost_recommended_selling_quantity":"2500"},{"imprint_cost_recommended_selling_price":"0.4425","imprint_cost_recommended_selling_quantity":"5000"},{"imprint_cost_recommended_selling_price":"0.4425","imprint_cost_recommended_selling_quantity":"10000"}],"product_quantity_price_range_buying":[{"imprint_cost_general_buying_price":"0.755","imprint_cost_general_buying_quantity":"1"},{"imprint_cost_general_buying_price":"0.63","imprint_cost_general_buying_quantity":"10"},{"imprint_cost_general_buying_price":"0.58","imprint_cost_general_buying_quantity":"25"},{"imprint_cost_general_buying_price":"0.515","imprint_cost_general_buying_quantity":"50"},{"imprint_cost_general_buying_price":"0.46","imprint_cost_general_buying_quantity":"100"},{"imprint_cost_general_buying_price":"0.41","imprint_cost_general_buying_quantity":"250"},{"imprint_cost_general_buying_price":"0.38","imprint_cost_general_buying_quantity":"500"},{"imprint_cost_general_buying_price":"0.355","imprint_cost_general_buying_quantity":"1000"},{"imprint_cost_general_buying_price":"0.295","imprint_cost_general_buying_quantity":"2500"},{"imprint_cost_general_buying_price":"0.295","imprint_cost_general_buying_quantity":"5000"},{"imprint_cost_general_buying_price":"0.295","imprint_cost_general_buying_quantity":"10000"}],"imprint_cost_setup_costs":"54","imprint_cost_handling_costs":"0.12"}]},"aioseo_notices":[],"aioseo_head":"\n\t\t<!-- All in One SEO Pro 4.9.6.2 - aioseo.com -->\n\t<meta name=\"description\" content=\"Kompakte 20-teilige Notfallausr\u00fcstung in stabiler roter Blechdose f\u00fcr B\u00fcro, Auto, Vereine und Events. Auf Wunsch mit deinem Logo bedruckt - ideal als nachhaltiges Giveaway. Perfekt, wenn du ein Erste Hilfe Set kaufen oder einen kompakten Verbandskasten bestellen willst.\" \/>\n\t<meta name=\"robots\" content=\"max-image-preview:large\" \/>\n\t<link rel=\"canonical\" href=\"https:\/\/hidalgo.nl\/de\/wp-json\/wp\/v2\/product\/840994\" \/>\n\t<meta name=\"generator\" content=\"All in One SEO Pro (AIOSEO) 4.9.6.2\" \/>\n\t\t<meta property=\"og:locale\" content=\"de_DE\" \/>\n\t\t<meta property=\"og:site_name\" content=\"Hidalgo -\" \/>\n\t\t<meta property=\"og:type\" content=\"article\" \/>\n\t\t<meta property=\"og:title\" content=\"Erste-Hilfe-Set bedrucken 20-teilig rote Metalldose\" \/>\n\t\t<meta property=\"og:description\" content=\"Kompakte 20-teilige Notfallausr\u00fcstung in stabiler roter Blechdose f\u00fcr B\u00fcro, Auto, Vereine und Events. Auf Wunsch mit deinem Logo bedruckt - ideal als nachhaltiges Giveaway. Perfekt, wenn du ein Erste Hilfe Set kaufen oder einen kompakten Verbandskasten bestellen willst.\" \/>\n\t\t<meta property=\"og:url\" content=\"https:\/\/hidalgo.nl\/de\/wp-json\/wp\/v2\/product\/840994\" \/>\n\t\t<meta property=\"og:image\" content=\"https:\/\/shop.hidalgo.nl\/wp-content\/uploads\/2025\/11\/cropped-Hidalgo-est1993.png\" \/>\n\t\t<meta property=\"og:image:secure_url\" content=\"https:\/\/shop.hidalgo.nl\/wp-content\/uploads\/2025\/11\/cropped-Hidalgo-est1993.png\" \/>\n\t\t<meta property=\"article:published_time\" content=\"2026-02-12T14:50:30+00:00\" \/>\n\t\t<meta property=\"article:modified_time\" content=\"2026-04-24T07:46:30+00:00\" \/>\n\t\t<meta name=\"twitter:card\" content=\"summary_large_image\" \/>\n\t\t<meta name=\"twitter:title\" content=\"Erste-Hilfe-Set bedrucken 20-teilig rote Metalldose\" \/>\n\t\t<meta name=\"twitter:description\" content=\"Kompakte 20-teilige Notfallausr\u00fcstung in stabiler roter Blechdose f\u00fcr B\u00fcro, Auto, Vereine und Events. Auf Wunsch mit deinem Logo bedruckt - ideal als nachhaltiges Giveaway. Perfekt, wenn du ein Erste Hilfe Set kaufen oder einen kompakten Verbandskasten bestellen willst.\" \/>\n\t\t<meta name=\"twitter:image\" content=\"https:\/\/shop.hidalgo.nl\/wp-content\/uploads\/2025\/11\/cropped-Hidalgo-est1993.png\" \/>\n\t\t<script type=\"application\/ld+json\" class=\"aioseo-schema\">\n\t\t\t{\"@context\":\"https:\\\/\\\/schema.org\",\"@graph\":[{\"@type\":\"BreadcrumbList\",\"@id\":\"https:\\\/\\\/hidalgo.nl\\\/de\\\/product\\\/840994\\\/erste-hilfe-set-bedrucken-20-teilig-rote-metalldose\\\/#breadcrumblist\",\"itemListElement\":[{\"@type\":\"ListItem\",\"@id\":\"https:\\\/\\\/hidalgo.nl\\\/de\\\/#listItem\",\"position\":1,\"name\":\"Home\",\"item\":\"https:\\\/\\\/hidalgo.nl\\\/de\\\/\",\"nextItem\":{\"@type\":\"ListItem\",\"@id\":\"https:\\\/\\\/hidalgo.nl\\\/example\\\/#listItem\",\"name\":\"example\"}},{\"@type\":\"ListItem\",\"@id\":\"https:\\\/\\\/hidalgo.nl\\\/example\\\/#listItem\",\"position\":2,\"name\":\"example\",\"item\":\"https:\\\/\\\/hidalgo.nl\\\/example\\\/\",\"nextItem\":{\"@type\":\"ListItem\",\"@id\":\"https:\\\/\\\/hidalgo.nl\\\/en\\\/product-supplier\\\/a53\\\/#listItem\",\"name\":\"A53\"},\"previousItem\":{\"@type\":\"ListItem\",\"@id\":\"https:\\\/\\\/hidalgo.nl\\\/de\\\/#listItem\",\"name\":\"Home\"}},{\"@type\":\"ListItem\",\"@id\":\"https:\\\/\\\/hidalgo.nl\\\/en\\\/product-supplier\\\/a53\\\/#listItem\",\"position\":3,\"name\":\"A53\",\"item\":\"https:\\\/\\\/hidalgo.nl\\\/en\\\/product-supplier\\\/a53\\\/\",\"nextItem\":{\"@type\":\"ListItem\",\"@id\":\"https:\\\/\\\/hidalgo.nl\\\/de\\\/product\\\/840994\\\/erste-hilfe-set-bedrucken-20-teilig-rote-metalldose\\\/#listItem\",\"name\":\"Eerste hulp set 20-delig Atlas\"},\"previousItem\":{\"@type\":\"ListItem\",\"@id\":\"https:\\\/\\\/hidalgo.nl\\\/example\\\/#listItem\",\"name\":\"example\"}},{\"@type\":\"ListItem\",\"@id\":\"https:\\\/\\\/hidalgo.nl\\\/de\\\/product\\\/840994\\\/erste-hilfe-set-bedrucken-20-teilig-rote-metalldose\\\/#listItem\",\"position\":4,\"name\":\"Eerste hulp set 20-delig Atlas\",\"previousItem\":{\"@type\":\"ListItem\",\"@id\":\"https:\\\/\\\/hidalgo.nl\\\/en\\\/product-supplier\\\/a53\\\/#listItem\",\"name\":\"A53\"}}]},{\"@type\":\"Organization\",\"@id\":\"https:\\\/\\\/hidalgo.nl\\\/de\\\/#organization\",\"name\":\"Hidalgo\",\"url\":\"https:\\\/\\\/hidalgo.nl\\\/de\\\/\",\"logo\":{\"@type\":\"ImageObject\",\"url\":\"https:\\\/\\\/shop.hidalgo.nl\\\/wp-content\\\/uploads\\\/2025\\\/11\\\/cropped-Hidalgo-est1993.png\",\"@id\":\"https:\\\/\\\/hidalgo.nl\\\/de\\\/product\\\/840994\\\/erste-hilfe-set-bedrucken-20-teilig-rote-metalldose\\\/#organizationLogo\",\"width\":585,\"height\":195},\"image\":{\"@id\":\"https:\\\/\\\/hidalgo.nl\\\/de\\\/product\\\/840994\\\/erste-hilfe-set-bedrucken-20-teilig-rote-metalldose\\\/#organizationLogo\"}},{\"@type\":\"ProductGroup\",\"@id\":\"https:\\\/\\\/hidalgo.nl\\\/de\\\/product\\\/840994\\\/erste-hilfe-set-bedrucken-20-teilig-rote-metalldose\\\/#wooCommerceProduct\",\"name\":\"Erste-Hilfe-Set bedrucken 20-teilig rote Metalldose\",\"url\":\"https:\\\/\\\/hidalgo.nl\\\/de\\\/product\\\/840994\\\/erste-hilfe-set-bedrucken-20-teilig-rote-metalldose\\\/\",\"sku\":\"A53-LT90314\",\"image\":{\"@type\":\"ImageObject\",\"url\":\"https:\\\/\\\/shop.hidalgo.nl\\\/wp-content\\\/uploads\\\/2025\\\/04\\\/839a5a2b8869e76f848cf081cd3d2a05ac514285ebcc0e551f4386691236e332.jpg\",\"@id\":\"https:\\\/\\\/hidalgo.nl\\\/de\\\/product\\\/840994\\\/erste-hilfe-set-bedrucken-20-teilig-rote-metalldose\\\/#productImage\"},\"productGroupID\":840994,\"hasVariant\":[{\"@type\":\"Product\",\"@id\":\"https:\\\/\\\/hidalgo.nl\\\/de\\\/product\\\/840994\\\/erste-hilfe-set-bedrucken-20-teilig-rote-metalldose\\\/#wooCommerceProduct\",\"name\":\"Eerste hulp set 20-delig Atlas - rood\",\"url\":\"https:\\\/\\\/hidalgo.nl\\\/de\\\/product\\\/840994\\\/erste-hilfe-set-bedrucken-20-teilig-rote-metalldose\\\/\",\"sku\":\"A53-LT90314-N0021\",\"image\":{\"@type\":\"ImageObject\",\"url\":\"https:\\\/\\\/shop.hidalgo.nl\\\/wp-content\\\/uploads\\\/2025\\\/04\\\/511d1b789cc535f66b00025efacc2964897be20170d3e0996b61eb8c35553ca5.jpg\",\"@id\":\"https:\\\/\\\/hidalgo.nl\\\/de\\\/product\\\/840994\\\/erste-hilfe-set-bedrucken-20-teilig-rote-metalldose\\\/#productImage\"},\"offers\":{\"@type\":\"Offer\",\"url\":\"https:\\\/\\\/hidalgo.nl\\\/de\\\/product\\\/840994\\\/erste-hilfe-set-bedrucken-20-teilig-rote-metalldose\\\/#wooCommerceOffer\",\"price\":\"6.255\",\"priceCurrency\":\"EUR\",\"category\":\"Promotionele Artikelen\",\"availability\":\"https:\\\/\\\/schema.org\\\/InStock\",\"priceSpecification\":{\"@type\":\"PriceSpecification\",\"price\":6.255,\"priceCurrency\":\"EUR\",\"valueAddedTaxIncluded\":\"true\"}}}]},{\"@type\":\"WebPage\",\"@id\":\"https:\\\/\\\/hidalgo.nl\\\/de\\\/product\\\/840994\\\/erste-hilfe-set-bedrucken-20-teilig-rote-metalldose\\\/#webpage\",\"url\":\"https:\\\/\\\/hidalgo.nl\\\/de\\\/product\\\/840994\\\/erste-hilfe-set-bedrucken-20-teilig-rote-metalldose\\\/\",\"name\":\"Erste-Hilfe-Set bedrucken 20-teilig rote Metalldose\",\"description\":\"Kompakte 20-teilige Notfallausr\\u00fcstung in stabiler roter Blechdose f\\u00fcr B\\u00fcro, Auto, Vereine und Events. Auf Wunsch mit deinem Logo bedruckt - ideal als nachhaltiges Giveaway. Perfekt, wenn du ein Erste Hilfe Set kaufen oder einen kompakten Verbandskasten bestellen willst.\",\"inLanguage\":\"de-DE\",\"isPartOf\":{\"@id\":\"https:\\\/\\\/hidalgo.nl\\\/de\\\/#website\"},\"breadcrumb\":{\"@id\":\"https:\\\/\\\/hidalgo.nl\\\/de\\\/product\\\/840994\\\/erste-hilfe-set-bedrucken-20-teilig-rote-metalldose\\\/#breadcrumblist\"},\"image\":{\"@type\":\"ImageObject\",\"url\":\"https:\\\/\\\/shop.hidalgo.nl\\\/wp-content\\\/uploads\\\/2025\\\/04\\\/839a5a2b8869e76f848cf081cd3d2a05ac514285ebcc0e551f4386691236e332.jpg\",\"@id\":\"https:\\\/\\\/hidalgo.nl\\\/de\\\/product\\\/840994\\\/erste-hilfe-set-bedrucken-20-teilig-rote-metalldose\\\/#mainImage\"},\"primaryImageOfPage\":{\"@id\":\"https:\\\/\\\/hidalgo.nl\\\/de\\\/product\\\/840994\\\/erste-hilfe-set-bedrucken-20-teilig-rote-metalldose\\\/#mainImage\"},\"datePublished\":\"2026-02-12T14:50:30+00:00\",\"dateModified\":\"2026-04-24T07:46:30+00:00\"},{\"@type\":\"WebSite\",\"@id\":\"https:\\\/\\\/hidalgo.nl\\\/de\\\/#website\",\"url\":\"https:\\\/\\\/hidalgo.nl\\\/de\\\/\",\"name\":\"Hidalgo\",\"inLanguage\":\"de-DE\",\"publisher\":{\"@id\":\"https:\\\/\\\/hidalgo.nl\\\/de\\\/#organization\"}}]}\n\t\t<\/script>\n\t\t<!-- All in One SEO Pro -->\r\n\t\t<title>Erste-Hilfe-Set bedrucken 20-teilig rote Metalldose<\/title>\n\n","aioseo_head_json":{"title":"Erste-Hilfe-Set bedrucken 20-teilig rote Metalldose","description":"Kompakte 20-teilige Notfallausr\u00fcstung in stabiler roter Blechdose f\u00fcr B\u00fcro, Auto, Vereine und Events. Auf Wunsch mit deinem Logo bedruckt - ideal als nachhaltiges Giveaway. Perfekt, wenn du ein Erste Hilfe Set kaufen oder einen kompakten Verbandskasten bestellen willst.","canonical_url":"https:\/\/hidalgo.nl\/de\/wp-json\/wp\/v2\/product\/840994","robots":"max-image-preview:large","keywords":"","webmasterTools":{"miscellaneous":""},"schema":{"@context":"https:\/\/schema.org","@graph":[{"@type":"BreadcrumbList","@id":"https:\/\/hidalgo.nl\/de\/product\/840994\/erste-hilfe-set-bedrucken-20-teilig-rote-metalldose\/#breadcrumblist","itemListElement":[{"@type":"ListItem","@id":"https:\/\/hidalgo.nl\/de\/#listItem","position":1,"name":"Home","item":"https:\/\/hidalgo.nl\/de\/","nextItem":{"@type":"ListItem","@id":"https:\/\/hidalgo.nl\/example\/#listItem","name":"example"}},{"@type":"ListItem","@id":"https:\/\/hidalgo.nl\/example\/#listItem","position":2,"name":"example","item":"https:\/\/hidalgo.nl\/example\/","nextItem":{"@type":"ListItem","@id":"https:\/\/hidalgo.nl\/en\/product-supplier\/a53\/#listItem","name":"A53"},"previousItem":{"@type":"ListItem","@id":"https:\/\/hidalgo.nl\/de\/#listItem","name":"Home"}},{"@type":"ListItem","@id":"https:\/\/hidalgo.nl\/en\/product-supplier\/a53\/#listItem","position":3,"name":"A53","item":"https:\/\/hidalgo.nl\/en\/product-supplier\/a53\/","nextItem":{"@type":"ListItem","@id":"https:\/\/hidalgo.nl\/de\/product\/840994\/erste-hilfe-set-bedrucken-20-teilig-rote-metalldose\/#listItem","name":"Eerste hulp set 20-delig Atlas"},"previousItem":{"@type":"ListItem","@id":"https:\/\/hidalgo.nl\/example\/#listItem","name":"example"}},{"@type":"ListItem","@id":"https:\/\/hidalgo.nl\/de\/product\/840994\/erste-hilfe-set-bedrucken-20-teilig-rote-metalldose\/#listItem","position":4,"name":"Eerste hulp set 20-delig Atlas","previousItem":{"@type":"ListItem","@id":"https:\/\/hidalgo.nl\/en\/product-supplier\/a53\/#listItem","name":"A53"}}]},{"@type":"Organization","@id":"https:\/\/hidalgo.nl\/de\/#organization","name":"Hidalgo","url":"https:\/\/hidalgo.nl\/de\/","logo":{"@type":"ImageObject","url":"https:\/\/shop.hidalgo.nl\/wp-content\/uploads\/2025\/11\/cropped-Hidalgo-est1993.png","@id":"https:\/\/hidalgo.nl\/de\/product\/840994\/erste-hilfe-set-bedrucken-20-teilig-rote-metalldose\/#organizationLogo","width":585,"height":195},"image":{"@id":"https:\/\/hidalgo.nl\/de\/product\/840994\/erste-hilfe-set-bedrucken-20-teilig-rote-metalldose\/#organizationLogo"}},{"@type":"ProductGroup","@id":"https:\/\/hidalgo.nl\/de\/product\/840994\/erste-hilfe-set-bedrucken-20-teilig-rote-metalldose\/#wooCommerceProduct","name":"Erste-Hilfe-Set bedrucken 20-teilig rote Metalldose","url":"https:\/\/hidalgo.nl\/de\/product\/840994\/erste-hilfe-set-bedrucken-20-teilig-rote-metalldose\/","sku":"A53-LT90314","image":{"@type":"ImageObject","url":"https:\/\/shop.hidalgo.nl\/wp-content\/uploads\/2025\/04\/839a5a2b8869e76f848cf081cd3d2a05ac514285ebcc0e551f4386691236e332.jpg","@id":"https:\/\/hidalgo.nl\/de\/product\/840994\/erste-hilfe-set-bedrucken-20-teilig-rote-metalldose\/#productImage"},"productGroupID":840994,"hasVariant":[{"@type":"Product","@id":"https:\/\/hidalgo.nl\/de\/product\/840994\/erste-hilfe-set-bedrucken-20-teilig-rote-metalldose\/#wooCommerceProduct","name":"Eerste hulp set 20-delig Atlas - rood","url":"https:\/\/hidalgo.nl\/de\/product\/840994\/erste-hilfe-set-bedrucken-20-teilig-rote-metalldose\/","sku":"A53-LT90314-N0021","image":{"@type":"ImageObject","url":"https:\/\/shop.hidalgo.nl\/wp-content\/uploads\/2025\/04\/511d1b789cc535f66b00025efacc2964897be20170d3e0996b61eb8c35553ca5.jpg","@id":"https:\/\/hidalgo.nl\/de\/product\/840994\/erste-hilfe-set-bedrucken-20-teilig-rote-metalldose\/#productImage"},"offers":{"@type":"Offer","url":"https:\/\/hidalgo.nl\/de\/product\/840994\/erste-hilfe-set-bedrucken-20-teilig-rote-metalldose\/#wooCommerceOffer","price":"6.255","priceCurrency":"EUR","category":"Promotionele Artikelen","availability":"https:\/\/schema.org\/InStock","priceSpecification":{"@type":"PriceSpecification","price":6.255,"priceCurrency":"EUR","valueAddedTaxIncluded":"true"}}}]},{"@type":"WebPage","@id":"https:\/\/hidalgo.nl\/de\/product\/840994\/erste-hilfe-set-bedrucken-20-teilig-rote-metalldose\/#webpage","url":"https:\/\/hidalgo.nl\/de\/product\/840994\/erste-hilfe-set-bedrucken-20-teilig-rote-metalldose\/","name":"Erste-Hilfe-Set bedrucken 20-teilig rote Metalldose","description":"Kompakte 20-teilige Notfallausr\u00fcstung in stabiler roter Blechdose f\u00fcr B\u00fcro, Auto, Vereine und Events. Auf Wunsch mit deinem Logo bedruckt - ideal als nachhaltiges Giveaway. Perfekt, wenn du ein Erste Hilfe Set kaufen oder einen kompakten Verbandskasten bestellen willst.","inLanguage":"de-DE","isPartOf":{"@id":"https:\/\/hidalgo.nl\/de\/#website"},"breadcrumb":{"@id":"https:\/\/hidalgo.nl\/de\/product\/840994\/erste-hilfe-set-bedrucken-20-teilig-rote-metalldose\/#breadcrumblist"},"image":{"@type":"ImageObject","url":"https:\/\/shop.hidalgo.nl\/wp-content\/uploads\/2025\/04\/839a5a2b8869e76f848cf081cd3d2a05ac514285ebcc0e551f4386691236e332.jpg","@id":"https:\/\/hidalgo.nl\/de\/product\/840994\/erste-hilfe-set-bedrucken-20-teilig-rote-metalldose\/#mainImage"},"primaryImageOfPage":{"@id":"https:\/\/hidalgo.nl\/de\/product\/840994\/erste-hilfe-set-bedrucken-20-teilig-rote-metalldose\/#mainImage"},"datePublished":"2026-02-12T14:50:30+00:00","dateModified":"2026-04-24T07:46:30+00:00"},{"@type":"WebSite","@id":"https:\/\/hidalgo.nl\/de\/#website","url":"https:\/\/hidalgo.nl\/de\/","name":"Hidalgo","inLanguage":"de-DE","publisher":{"@id":"https:\/\/hidalgo.nl\/de\/#organization"}}]},"og:locale":"de_DE","og:site_name":"Hidalgo -","og:type":"article","og:title":"Erste-Hilfe-Set bedrucken 20-teilig rote Metalldose","og:description":"Kompakte 20-teilige Notfallausr\u00fcstung in stabiler roter Blechdose f\u00fcr B\u00fcro, Auto, Vereine und Events. Auf Wunsch mit deinem Logo bedruckt - ideal als nachhaltiges Giveaway. Perfekt, wenn du ein Erste Hilfe Set kaufen oder einen kompakten Verbandskasten bestellen willst.","og:url":"https:\/\/hidalgo.nl\/de\/wp-json\/wp\/v2\/product\/840994","og:image":"https:\/\/shop.hidalgo.nl\/wp-content\/uploads\/2025\/11\/cropped-Hidalgo-est1993.png","og:image:secure_url":"https:\/\/shop.hidalgo.nl\/wp-content\/uploads\/2025\/11\/cropped-Hidalgo-est1993.png","article:published_time":"2026-02-12T14:50:30+00:00","article:modified_time":"2026-04-24T07:46:30+00:00","twitter:card":"summary_large_image","twitter:title":"Erste-Hilfe-Set bedrucken 20-teilig rote Metalldose","twitter:description":"Kompakte 20-teilige Notfallausr\u00fcstung in stabiler roter Blechdose f\u00fcr B\u00fcro, Auto, Vereine und Events. Auf Wunsch mit deinem Logo bedruckt - ideal als nachhaltiges Giveaway. Perfekt, wenn du ein Erste Hilfe Set kaufen oder einen kompakten Verbandskasten bestellen willst.","twitter:image":"https:\/\/shop.hidalgo.nl\/wp-content\/uploads\/2025\/11\/cropped-Hidalgo-est1993.png"},"aioseo_meta_data":{"post_id":"840994","title":null,"description":null,"keywords":null,"keyphrases":null,"primary_term":null,"canonical_url":null,"og_title":null,"og_description":null,"og_object_type":"default","og_image_type":"default","og_image_url":null,"og_image_width":null,"og_image_height":null,"og_image_custom_url":null,"og_image_custom_fields":null,"og_video":null,"og_custom_url":null,"og_article_section":null,"og_article_tags":null,"twitter_use_og":false,"twitter_card":"default","twitter_image_type":"default","twitter_image_url":null,"twitter_image_custom_url":null,"twitter_image_custom_fields":null,"twitter_title":null,"twitter_description":null,"schema":{"blockGraphs":[],"customGraphs":[],"default":{"data":{"Article":[],"Course":[],"Dataset":[],"FAQPage":[],"Movie":[],"Person":[],"Product":[],"ProductReview":[],"Car":[],"Recipe":[],"Service":[],"SoftwareApplication":[],"WebPage":[]},"graphName":"","isEnabled":true},"graphs":[]},"schema_type":"default","schema_type_options":null,"pillar_content":false,"robots_default":true,"robots_noindex":false,"robots_noarchive":false,"robots_nosnippet":false,"robots_nofollow":false,"robots_noimageindex":false,"robots_noodp":false,"robots_notranslate":false,"robots_max_snippet":null,"robots_max_videopreview":null,"robots_max_imagepreview":"large","priority":null,"frequency":null,"local_seo":null,"seo_analyzer_scan_date":"2026-02-12 15:03:57","breadcrumb_settings":null,"limit_modified_date":false,"reviewed_by":null,"open_ai":null,"ai":null,"created":"2026-02-12 14:51:48","updated":"2026-04-24 08:56:57"},"aioseo_breadcrumb":"<div class=\"aioseo-breadcrumbs\"><span class=\"aioseo-breadcrumb\">\n\t<a href=\"https:\/\/hidalgo.nl\/de\/\" title=\"Home\">Home<\/a>\n<\/span><span class=\"aioseo-breadcrumb-separator\">\u00bb<\/span><span class=\"aioseo-breadcrumb\">\n\t<a href=\"https:\/\/hidalgo.nl\/example\/\" title=\"example\">example<\/a>\n<\/span><span class=\"aioseo-breadcrumb-separator\">\u00bb<\/span><span class=\"aioseo-breadcrumb\">\n\t<a href=\"https:\/\/hidalgo.nl\/en\/product-supplier\/a53\/\" title=\"A53\">A53<\/a>\n<\/span><span class=\"aioseo-breadcrumb-separator\">\u00bb<\/span><span class=\"aioseo-breadcrumb\">\n\tEerste hulp set 20-delig Atlas\n<\/span><\/div>","aioseo_breadcrumb_json":[{"label":"Home","link":"https:\/\/hidalgo.nl\/de\/"},{"label":"example","link":"https:\/\/hidalgo.nl\/example\/"},{"label":"A53","link":"https:\/\/hidalgo.nl\/en\/product-supplier\/a53\/"},{"label":"Eerste hulp set 20-delig Atlas","link":"https:\/\/hidalgo.nl\/de\/product\/840994\/erste-hilfe-set-bedrucken-20-teilig-rote-metalldose\/"}],"_links":{"self":[{"href":"https:\/\/hidalgo.nl\/de\/wp-json\/wp\/v2\/product\/840994","targetHints":{"allow":["GET"]}}],"collection":[{"href":"https:\/\/hidalgo.nl\/de\/wp-json\/wp\/v2\/product"}],"about":[{"href":"https:\/\/hidalgo.nl\/de\/wp-json\/wp\/v2\/types\/product"}],"wp:featuredmedia":[{"embeddable":true,"href":"https:\/\/hidalgo.nl\/de\/wp-json\/wp\/v2\/media\/840995"}],"wp:attachment":[{"href":"https:\/\/hidalgo.nl\/de\/wp-json\/wp\/v2\/media?parent=840994"}],"wp:term":[{"taxonomy":"product_brand","embeddable":true,"href":"https:\/\/hidalgo.nl\/de\/wp-json\/wp\/v2\/product_brand?post=840994"},{"taxonomy":"product_cat","embeddable":true,"href":"https:\/\/hidalgo.nl\/de\/wp-json\/wp\/v2\/product_cat?post=840994"},{"taxonomy":"product_tag","embeddable":true,"href":"https:\/\/hidalgo.nl\/de\/wp-json\/wp\/v2\/product_tag?post=840994"}],"curies":[{"name":"wp","href":"https:\/\/api.w.org\/{rel}","templated":true}]}}