{"id":840988,"date":"2026-02-12T14:50:30","date_gmt":"2026-02-12T14:50:30","guid":{"rendered":"https:\/\/hidalgo.nl\/product\/eerste-hulp-set-40-delig-andes\/"},"modified":"2026-04-24T07:46:33","modified_gmt":"2026-04-24T07:46:33","slug":"eerste-hulp-set-40-delig-andes","status":"publish","type":"product","link":"https:\/\/hidalgo.nl\/de\/product\/840988\/erste-hilfe-set-bedrucken-eva-etui-40-teilig-rot\/","title":{"rendered":"Eerste hulp set 40-delig Andes"},"content":{"rendered":"<p>Deze uitgebreide EHBO set zit in een duurzame EVA-etui en voldoet aan Europese normen. Ideaal voor werkplekken, outdoor-activiteiten, reizen of algemene noodgevallen. Bevat een breed scala aan materialen voor wondzorg, brandwonden en andere incidenten. Inhoud: 2 \u00d7 non-woven sponzen 2&#8243; \u00d7 2&#8243; 4-laags (5 stuks\/pack), 2 \u00d7 burn dressings 40 \u00d7 60 cm, 2 \u00d7 non-adherente pads 5 \u00d7 7.5 cm, 4 \u00d7 alcoholpads, 5 \u00d7 pleisters 72 \u00d7 19 mm, 4 \u00d7 reinigingsdoekjes, 2 \u00d7 burn gel sachets, 1 \u00d7 schaar, 1 \u00d7 pincet, 2 \u00d7 adhesive island dressings 6 \u00d7 10 cm, 1 \u00d7 CPR face shield, 2 \u00d7 gauze sponges 2&#8243; \u00d7 2&#8243; 8-laags (2 stuks\/pack), 2 \u00d7 gauze sponges 3&#8243; \u00d7 3&#8243; 12-laags (2 stuks\/pack), 1 pack \u00d7 10 veiligheidsspelden, 1 \u00d7 driekantverband 90 \u00d7 90 \u00d7 127 cm, 2 \u00d7 elastisch verband 7.5 \u00d7 450 cm, 1 \u00d7 nooddeken 130 \u00d7 210 cm, 1 \u00d7 medische handschoenen (2 stuks), 1 \u00d7 instant cold pack 100 g, 1 \u00d7 medische tape 1.25 \u00d7 9 m, 1 pack \u00d7 10 wattenbollen, 1 \u00d7 cohesief verband 5 \u00d7 450 cm.<\/p>\n","protected":false},"excerpt":{"rendered":"<p>Deze uitgebreide EHBO set zit in een duurzame EVA-etui en voldoet aan Europese normen. Ideaal voor werkplekken, outdoor-activiteiten, reizen of algemene noodgevallen. Bevat een breed scala aan materialen voor wondzorg, brandwonden en andere incidenten. Inhoud: 2 \u00d7 non-woven sponzen 2&#8243; \u00d7 2&#8243; 4-laags (5 stuks\/pack), 2 \u00d7 burn dressings 40 \u00d7 60 cm, 2 \u00d7&hellip; <a class=\"more-link\" href=\"https:\/\/hidalgo.nl\/de\/product\/840988\/erste-hilfe-set-bedrucken-eva-etui-40-teilig-rot\/\"><span class=\"screen-reader-text\">Eerste hulp set 40-delig Andes<\/span> weiterlesen<\/a><\/p>\n","protected":false},"featured_media":840989,"template":"","meta":{"_acf_changed":false,"om_disable_all_campaigns":false,"_monsterinsights_skip_tracking":false,"_monsterinsights_sitenote_active":false,"_monsterinsights_sitenote_note":"","_monsterinsights_sitenote_category":0},"product_brand":[],"product_cat":[4803,4722,4719],"product_tag":[],"class_list":{"0":"post-840988","1":"product","2":"type-product","3":"status-publish","4":"has-post-thumbnail","6":"product_supplier-a53","7":"product_cat-ehbo-kits","8":"product_cat-gezondheid","9":"product_cat-promotionele-artikelen","10":"entry","12":"first","13":"instock","14":"taxable","15":"shipping-taxable","16":"purchasable","17":"product-type-variable"},"acf":{"imprint_cost":[{"imprint_cost_key":"bf94a84d8fd1afdb70ef1f6f3afa92e4a6d678a9","product_quantity_price_range":[{"imprint_cost_recommended_selling_price":"2.0025","imprint_cost_recommended_selling_quantity":"1"},{"imprint_cost_recommended_selling_price":"1.6875","imprint_cost_recommended_selling_quantity":"10"},{"imprint_cost_recommended_selling_price":"1.515","imprint_cost_recommended_selling_quantity":"25"},{"imprint_cost_recommended_selling_price":"1.4025","imprint_cost_recommended_selling_quantity":"50"},{"imprint_cost_recommended_selling_price":"1.245","imprint_cost_recommended_selling_quantity":"100"},{"imprint_cost_recommended_selling_price":"1.1625","imprint_cost_recommended_selling_quantity":"250"},{"imprint_cost_recommended_selling_price":"1.0875","imprint_cost_recommended_selling_quantity":"500"},{"imprint_cost_recommended_selling_price":"1.0425","imprint_cost_recommended_selling_quantity":"1000"},{"imprint_cost_recommended_selling_price":"0.99","imprint_cost_recommended_selling_quantity":"2500"},{"imprint_cost_recommended_selling_price":"0.96","imprint_cost_recommended_selling_quantity":"5000"},{"imprint_cost_recommended_selling_price":"0.915","imprint_cost_recommended_selling_quantity":"10000"}],"product_quantity_price_range_buying":[{"imprint_cost_general_buying_price":"1.335","imprint_cost_general_buying_quantity":"1"},{"imprint_cost_general_buying_price":"1.125","imprint_cost_general_buying_quantity":"10"},{"imprint_cost_general_buying_price":"1.01","imprint_cost_general_buying_quantity":"25"},{"imprint_cost_general_buying_price":"0.935","imprint_cost_general_buying_quantity":"50"},{"imprint_cost_general_buying_price":"0.83","imprint_cost_general_buying_quantity":"100"},{"imprint_cost_general_buying_price":"0.775","imprint_cost_general_buying_quantity":"250"},{"imprint_cost_general_buying_price":"0.725","imprint_cost_general_buying_quantity":"500"},{"imprint_cost_general_buying_price":"0.695","imprint_cost_general_buying_quantity":"1000"},{"imprint_cost_general_buying_price":"0.66","imprint_cost_general_buying_quantity":"2500"},{"imprint_cost_general_buying_price":"0.64","imprint_cost_general_buying_quantity":"5000"},{"imprint_cost_general_buying_price":"0.61","imprint_cost_general_buying_quantity":"10000"}],"imprint_cost_setup_costs":"54","imprint_cost_handling_costs":"0.12"}]},"aioseo_notices":[],"aioseo_head":"\n\t\t<!-- All in One SEO Pro 4.9.6.2 - aioseo.com -->\n\t<meta name=\"description\" content=\"Kompakte Erste-Hilfe-Tasche im roten EVA-Etui f\u00fcr Job, Reise &amp; Trekking: robust, \u00fcbersichtlich und schnell greifbar. Lass dein Logo von Hidalgo aufdrucken - ideal als Erste-Hilfe-Set Outdoor f\u00fcr Teams, Vereine und Events.\" \/>\n\t<meta name=\"robots\" content=\"max-image-preview:large\" \/>\n\t<link rel=\"canonical\" href=\"https:\/\/hidalgo.nl\/de\/wp-json\/wp\/v2\/product\/840988\" \/>\n\t<meta name=\"generator\" content=\"All in One SEO Pro (AIOSEO) 4.9.6.2\" \/>\n\t\t<meta property=\"og:locale\" content=\"de_DE\" \/>\n\t\t<meta property=\"og:site_name\" content=\"Hidalgo -\" \/>\n\t\t<meta property=\"og:type\" content=\"article\" \/>\n\t\t<meta property=\"og:title\" content=\"Erste-Hilfe-Set bedrucken EVA-Etui 40-teilig rot\" \/>\n\t\t<meta property=\"og:description\" content=\"Kompakte Erste-Hilfe-Tasche im roten EVA-Etui f\u00fcr Job, Reise &amp; Trekking: robust, \u00fcbersichtlich und schnell greifbar. Lass dein Logo von Hidalgo aufdrucken - ideal als Erste-Hilfe-Set Outdoor f\u00fcr Teams, Vereine und Events.\" \/>\n\t\t<meta property=\"og:url\" content=\"https:\/\/hidalgo.nl\/de\/wp-json\/wp\/v2\/product\/840988\" \/>\n\t\t<meta property=\"og:image\" content=\"https:\/\/shop.hidalgo.nl\/wp-content\/uploads\/2025\/11\/cropped-Hidalgo-est1993.png\" \/>\n\t\t<meta property=\"og:image:secure_url\" content=\"https:\/\/shop.hidalgo.nl\/wp-content\/uploads\/2025\/11\/cropped-Hidalgo-est1993.png\" \/>\n\t\t<meta property=\"article:published_time\" content=\"2026-02-12T14:50:30+00:00\" \/>\n\t\t<meta property=\"article:modified_time\" content=\"2026-04-24T07:46:33+00:00\" \/>\n\t\t<meta name=\"twitter:card\" content=\"summary_large_image\" \/>\n\t\t<meta name=\"twitter:title\" content=\"Erste-Hilfe-Set bedrucken EVA-Etui 40-teilig rot\" \/>\n\t\t<meta name=\"twitter:description\" content=\"Kompakte Erste-Hilfe-Tasche im roten EVA-Etui f\u00fcr Job, Reise &amp; Trekking: robust, \u00fcbersichtlich und schnell greifbar. Lass dein Logo von Hidalgo aufdrucken - ideal als Erste-Hilfe-Set Outdoor f\u00fcr Teams, Vereine und Events.\" \/>\n\t\t<meta name=\"twitter:image\" content=\"https:\/\/shop.hidalgo.nl\/wp-content\/uploads\/2025\/11\/cropped-Hidalgo-est1993.png\" \/>\n\t\t<script type=\"application\/ld+json\" class=\"aioseo-schema\">\n\t\t\t{\"@context\":\"https:\\\/\\\/schema.org\",\"@graph\":[{\"@type\":\"BreadcrumbList\",\"@id\":\"https:\\\/\\\/hidalgo.nl\\\/de\\\/product\\\/840988\\\/erste-hilfe-set-bedrucken-eva-etui-40-teilig-rot\\\/#breadcrumblist\",\"itemListElement\":[{\"@type\":\"ListItem\",\"@id\":\"https:\\\/\\\/hidalgo.nl\\\/de\\\/#listItem\",\"position\":1,\"name\":\"Home\",\"item\":\"https:\\\/\\\/hidalgo.nl\\\/de\\\/\",\"nextItem\":{\"@type\":\"ListItem\",\"@id\":\"https:\\\/\\\/hidalgo.nl\\\/example\\\/#listItem\",\"name\":\"example\"}},{\"@type\":\"ListItem\",\"@id\":\"https:\\\/\\\/hidalgo.nl\\\/example\\\/#listItem\",\"position\":2,\"name\":\"example\",\"item\":\"https:\\\/\\\/hidalgo.nl\\\/example\\\/\",\"nextItem\":{\"@type\":\"ListItem\",\"@id\":\"https:\\\/\\\/hidalgo.nl\\\/en\\\/product-supplier\\\/a53\\\/#listItem\",\"name\":\"A53\"},\"previousItem\":{\"@type\":\"ListItem\",\"@id\":\"https:\\\/\\\/hidalgo.nl\\\/de\\\/#listItem\",\"name\":\"Home\"}},{\"@type\":\"ListItem\",\"@id\":\"https:\\\/\\\/hidalgo.nl\\\/en\\\/product-supplier\\\/a53\\\/#listItem\",\"position\":3,\"name\":\"A53\",\"item\":\"https:\\\/\\\/hidalgo.nl\\\/en\\\/product-supplier\\\/a53\\\/\",\"nextItem\":{\"@type\":\"ListItem\",\"@id\":\"https:\\\/\\\/hidalgo.nl\\\/de\\\/product\\\/840988\\\/erste-hilfe-set-bedrucken-eva-etui-40-teilig-rot\\\/#listItem\",\"name\":\"Eerste hulp set 40-delig Andes\"},\"previousItem\":{\"@type\":\"ListItem\",\"@id\":\"https:\\\/\\\/hidalgo.nl\\\/example\\\/#listItem\",\"name\":\"example\"}},{\"@type\":\"ListItem\",\"@id\":\"https:\\\/\\\/hidalgo.nl\\\/de\\\/product\\\/840988\\\/erste-hilfe-set-bedrucken-eva-etui-40-teilig-rot\\\/#listItem\",\"position\":4,\"name\":\"Eerste hulp set 40-delig Andes\",\"previousItem\":{\"@type\":\"ListItem\",\"@id\":\"https:\\\/\\\/hidalgo.nl\\\/en\\\/product-supplier\\\/a53\\\/#listItem\",\"name\":\"A53\"}}]},{\"@type\":\"Organization\",\"@id\":\"https:\\\/\\\/hidalgo.nl\\\/de\\\/#organization\",\"name\":\"Hidalgo\",\"url\":\"https:\\\/\\\/hidalgo.nl\\\/de\\\/\",\"logo\":{\"@type\":\"ImageObject\",\"url\":\"https:\\\/\\\/shop.hidalgo.nl\\\/wp-content\\\/uploads\\\/2025\\\/11\\\/cropped-Hidalgo-est1993.png\",\"@id\":\"https:\\\/\\\/hidalgo.nl\\\/de\\\/product\\\/840988\\\/erste-hilfe-set-bedrucken-eva-etui-40-teilig-rot\\\/#organizationLogo\",\"width\":585,\"height\":195},\"image\":{\"@id\":\"https:\\\/\\\/hidalgo.nl\\\/de\\\/product\\\/840988\\\/erste-hilfe-set-bedrucken-eva-etui-40-teilig-rot\\\/#organizationLogo\"}},{\"@type\":\"ProductGroup\",\"@id\":\"https:\\\/\\\/hidalgo.nl\\\/de\\\/product\\\/840988\\\/erste-hilfe-set-bedrucken-eva-etui-40-teilig-rot\\\/#wooCommerceProduct\",\"name\":\"Erste-Hilfe-Set bedrucken EVA-Etui 40-teilig rot\",\"url\":\"https:\\\/\\\/hidalgo.nl\\\/de\\\/product\\\/840988\\\/erste-hilfe-set-bedrucken-eva-etui-40-teilig-rot\\\/\",\"sku\":\"A53-LT90315\",\"image\":{\"@type\":\"ImageObject\",\"url\":\"https:\\\/\\\/shop.hidalgo.nl\\\/wp-content\\\/uploads\\\/2025\\\/04\\\/57bd9f86d1995ad0ab6f362a441019ebdf931c8cbb4ea520c3dc8dc295a906d5.jpg\",\"@id\":\"https:\\\/\\\/hidalgo.nl\\\/de\\\/product\\\/840988\\\/erste-hilfe-set-bedrucken-eva-etui-40-teilig-rot\\\/#productImage\"},\"productGroupID\":840988,\"hasVariant\":[{\"@type\":\"Product\",\"@id\":\"https:\\\/\\\/hidalgo.nl\\\/de\\\/product\\\/840988\\\/erste-hilfe-set-bedrucken-eva-etui-40-teilig-rot\\\/#wooCommerceProduct\",\"name\":\"Eerste hulp set 40-delig Andes - rood\",\"url\":\"https:\\\/\\\/hidalgo.nl\\\/de\\\/product\\\/840988\\\/erste-hilfe-set-bedrucken-eva-etui-40-teilig-rot\\\/\",\"sku\":\"A53-LT90315-N0021\",\"image\":{\"@type\":\"ImageObject\",\"url\":\"https:\\\/\\\/shop.hidalgo.nl\\\/wp-content\\\/uploads\\\/2025\\\/04\\\/8c1a2cd940d3064a7320ce31f0a6380338cee4291c3cadaee55dec3231b0d936.jpg\",\"@id\":\"https:\\\/\\\/hidalgo.nl\\\/de\\\/product\\\/840988\\\/erste-hilfe-set-bedrucken-eva-etui-40-teilig-rot\\\/#productImage\"},\"offers\":{\"@type\":\"Offer\",\"url\":\"https:\\\/\\\/hidalgo.nl\\\/de\\\/product\\\/840988\\\/erste-hilfe-set-bedrucken-eva-etui-40-teilig-rot\\\/#wooCommerceOffer\",\"price\":\"21.255\",\"priceCurrency\":\"EUR\",\"category\":\"Promotionele Artikelen\",\"availability\":\"https:\\\/\\\/schema.org\\\/InStock\",\"priceSpecification\":{\"@type\":\"PriceSpecification\",\"price\":21.255,\"priceCurrency\":\"EUR\",\"valueAddedTaxIncluded\":\"true\"}}}]},{\"@type\":\"WebPage\",\"@id\":\"https:\\\/\\\/hidalgo.nl\\\/de\\\/product\\\/840988\\\/erste-hilfe-set-bedrucken-eva-etui-40-teilig-rot\\\/#webpage\",\"url\":\"https:\\\/\\\/hidalgo.nl\\\/de\\\/product\\\/840988\\\/erste-hilfe-set-bedrucken-eva-etui-40-teilig-rot\\\/\",\"name\":\"Erste-Hilfe-Set bedrucken EVA-Etui 40-teilig rot\",\"description\":\"Kompakte Erste-Hilfe-Tasche im roten EVA-Etui f\\u00fcr Job, Reise & Trekking: robust, \\u00fcbersichtlich und schnell greifbar. Lass dein Logo von Hidalgo aufdrucken - ideal als Erste-Hilfe-Set Outdoor f\\u00fcr Teams, Vereine und Events.\",\"inLanguage\":\"de-DE\",\"isPartOf\":{\"@id\":\"https:\\\/\\\/hidalgo.nl\\\/de\\\/#website\"},\"breadcrumb\":{\"@id\":\"https:\\\/\\\/hidalgo.nl\\\/de\\\/product\\\/840988\\\/erste-hilfe-set-bedrucken-eva-etui-40-teilig-rot\\\/#breadcrumblist\"},\"image\":{\"@type\":\"ImageObject\",\"url\":\"https:\\\/\\\/shop.hidalgo.nl\\\/wp-content\\\/uploads\\\/2025\\\/04\\\/57bd9f86d1995ad0ab6f362a441019ebdf931c8cbb4ea520c3dc8dc295a906d5.jpg\",\"@id\":\"https:\\\/\\\/hidalgo.nl\\\/de\\\/product\\\/840988\\\/erste-hilfe-set-bedrucken-eva-etui-40-teilig-rot\\\/#mainImage\"},\"primaryImageOfPage\":{\"@id\":\"https:\\\/\\\/hidalgo.nl\\\/de\\\/product\\\/840988\\\/erste-hilfe-set-bedrucken-eva-etui-40-teilig-rot\\\/#mainImage\"},\"datePublished\":\"2026-02-12T14:50:30+00:00\",\"dateModified\":\"2026-04-24T07:46:33+00:00\"},{\"@type\":\"WebSite\",\"@id\":\"https:\\\/\\\/hidalgo.nl\\\/de\\\/#website\",\"url\":\"https:\\\/\\\/hidalgo.nl\\\/de\\\/\",\"name\":\"Hidalgo\",\"inLanguage\":\"de-DE\",\"publisher\":{\"@id\":\"https:\\\/\\\/hidalgo.nl\\\/de\\\/#organization\"}}]}\n\t\t<\/script>\n\t\t<!-- All in One SEO Pro -->\r\n\t\t<title>Erste-Hilfe-Set bedrucken EVA-Etui 40-teilig rot<\/title>\n\n","aioseo_head_json":{"title":"Erste-Hilfe-Set bedrucken EVA-Etui 40-teilig rot","description":"Kompakte Erste-Hilfe-Tasche im roten EVA-Etui f\u00fcr Job, Reise & Trekking: robust, \u00fcbersichtlich und schnell greifbar. Lass dein Logo von Hidalgo aufdrucken - ideal als Erste-Hilfe-Set Outdoor f\u00fcr Teams, Vereine und Events.","canonical_url":"https:\/\/hidalgo.nl\/de\/wp-json\/wp\/v2\/product\/840988","robots":"max-image-preview:large","keywords":"","webmasterTools":{"miscellaneous":""},"schema":{"@context":"https:\/\/schema.org","@graph":[{"@type":"BreadcrumbList","@id":"https:\/\/hidalgo.nl\/de\/product\/840988\/erste-hilfe-set-bedrucken-eva-etui-40-teilig-rot\/#breadcrumblist","itemListElement":[{"@type":"ListItem","@id":"https:\/\/hidalgo.nl\/de\/#listItem","position":1,"name":"Home","item":"https:\/\/hidalgo.nl\/de\/","nextItem":{"@type":"ListItem","@id":"https:\/\/hidalgo.nl\/example\/#listItem","name":"example"}},{"@type":"ListItem","@id":"https:\/\/hidalgo.nl\/example\/#listItem","position":2,"name":"example","item":"https:\/\/hidalgo.nl\/example\/","nextItem":{"@type":"ListItem","@id":"https:\/\/hidalgo.nl\/en\/product-supplier\/a53\/#listItem","name":"A53"},"previousItem":{"@type":"ListItem","@id":"https:\/\/hidalgo.nl\/de\/#listItem","name":"Home"}},{"@type":"ListItem","@id":"https:\/\/hidalgo.nl\/en\/product-supplier\/a53\/#listItem","position":3,"name":"A53","item":"https:\/\/hidalgo.nl\/en\/product-supplier\/a53\/","nextItem":{"@type":"ListItem","@id":"https:\/\/hidalgo.nl\/de\/product\/840988\/erste-hilfe-set-bedrucken-eva-etui-40-teilig-rot\/#listItem","name":"Eerste hulp set 40-delig Andes"},"previousItem":{"@type":"ListItem","@id":"https:\/\/hidalgo.nl\/example\/#listItem","name":"example"}},{"@type":"ListItem","@id":"https:\/\/hidalgo.nl\/de\/product\/840988\/erste-hilfe-set-bedrucken-eva-etui-40-teilig-rot\/#listItem","position":4,"name":"Eerste hulp set 40-delig Andes","previousItem":{"@type":"ListItem","@id":"https:\/\/hidalgo.nl\/en\/product-supplier\/a53\/#listItem","name":"A53"}}]},{"@type":"Organization","@id":"https:\/\/hidalgo.nl\/de\/#organization","name":"Hidalgo","url":"https:\/\/hidalgo.nl\/de\/","logo":{"@type":"ImageObject","url":"https:\/\/shop.hidalgo.nl\/wp-content\/uploads\/2025\/11\/cropped-Hidalgo-est1993.png","@id":"https:\/\/hidalgo.nl\/de\/product\/840988\/erste-hilfe-set-bedrucken-eva-etui-40-teilig-rot\/#organizationLogo","width":585,"height":195},"image":{"@id":"https:\/\/hidalgo.nl\/de\/product\/840988\/erste-hilfe-set-bedrucken-eva-etui-40-teilig-rot\/#organizationLogo"}},{"@type":"ProductGroup","@id":"https:\/\/hidalgo.nl\/de\/product\/840988\/erste-hilfe-set-bedrucken-eva-etui-40-teilig-rot\/#wooCommerceProduct","name":"Erste-Hilfe-Set bedrucken EVA-Etui 40-teilig rot","url":"https:\/\/hidalgo.nl\/de\/product\/840988\/erste-hilfe-set-bedrucken-eva-etui-40-teilig-rot\/","sku":"A53-LT90315","image":{"@type":"ImageObject","url":"https:\/\/shop.hidalgo.nl\/wp-content\/uploads\/2025\/04\/57bd9f86d1995ad0ab6f362a441019ebdf931c8cbb4ea520c3dc8dc295a906d5.jpg","@id":"https:\/\/hidalgo.nl\/de\/product\/840988\/erste-hilfe-set-bedrucken-eva-etui-40-teilig-rot\/#productImage"},"productGroupID":840988,"hasVariant":[{"@type":"Product","@id":"https:\/\/hidalgo.nl\/de\/product\/840988\/erste-hilfe-set-bedrucken-eva-etui-40-teilig-rot\/#wooCommerceProduct","name":"Eerste hulp set 40-delig Andes - rood","url":"https:\/\/hidalgo.nl\/de\/product\/840988\/erste-hilfe-set-bedrucken-eva-etui-40-teilig-rot\/","sku":"A53-LT90315-N0021","image":{"@type":"ImageObject","url":"https:\/\/shop.hidalgo.nl\/wp-content\/uploads\/2025\/04\/8c1a2cd940d3064a7320ce31f0a6380338cee4291c3cadaee55dec3231b0d936.jpg","@id":"https:\/\/hidalgo.nl\/de\/product\/840988\/erste-hilfe-set-bedrucken-eva-etui-40-teilig-rot\/#productImage"},"offers":{"@type":"Offer","url":"https:\/\/hidalgo.nl\/de\/product\/840988\/erste-hilfe-set-bedrucken-eva-etui-40-teilig-rot\/#wooCommerceOffer","price":"21.255","priceCurrency":"EUR","category":"Promotionele Artikelen","availability":"https:\/\/schema.org\/InStock","priceSpecification":{"@type":"PriceSpecification","price":21.255,"priceCurrency":"EUR","valueAddedTaxIncluded":"true"}}}]},{"@type":"WebPage","@id":"https:\/\/hidalgo.nl\/de\/product\/840988\/erste-hilfe-set-bedrucken-eva-etui-40-teilig-rot\/#webpage","url":"https:\/\/hidalgo.nl\/de\/product\/840988\/erste-hilfe-set-bedrucken-eva-etui-40-teilig-rot\/","name":"Erste-Hilfe-Set bedrucken EVA-Etui 40-teilig rot","description":"Kompakte Erste-Hilfe-Tasche im roten EVA-Etui f\u00fcr Job, Reise & Trekking: robust, \u00fcbersichtlich und schnell greifbar. Lass dein Logo von Hidalgo aufdrucken - ideal als Erste-Hilfe-Set Outdoor f\u00fcr Teams, Vereine und Events.","inLanguage":"de-DE","isPartOf":{"@id":"https:\/\/hidalgo.nl\/de\/#website"},"breadcrumb":{"@id":"https:\/\/hidalgo.nl\/de\/product\/840988\/erste-hilfe-set-bedrucken-eva-etui-40-teilig-rot\/#breadcrumblist"},"image":{"@type":"ImageObject","url":"https:\/\/shop.hidalgo.nl\/wp-content\/uploads\/2025\/04\/57bd9f86d1995ad0ab6f362a441019ebdf931c8cbb4ea520c3dc8dc295a906d5.jpg","@id":"https:\/\/hidalgo.nl\/de\/product\/840988\/erste-hilfe-set-bedrucken-eva-etui-40-teilig-rot\/#mainImage"},"primaryImageOfPage":{"@id":"https:\/\/hidalgo.nl\/de\/product\/840988\/erste-hilfe-set-bedrucken-eva-etui-40-teilig-rot\/#mainImage"},"datePublished":"2026-02-12T14:50:30+00:00","dateModified":"2026-04-24T07:46:33+00:00"},{"@type":"WebSite","@id":"https:\/\/hidalgo.nl\/de\/#website","url":"https:\/\/hidalgo.nl\/de\/","name":"Hidalgo","inLanguage":"de-DE","publisher":{"@id":"https:\/\/hidalgo.nl\/de\/#organization"}}]},"og:locale":"de_DE","og:site_name":"Hidalgo -","og:type":"article","og:title":"Erste-Hilfe-Set bedrucken EVA-Etui 40-teilig rot","og:description":"Kompakte Erste-Hilfe-Tasche im roten EVA-Etui f\u00fcr Job, Reise &amp; Trekking: robust, \u00fcbersichtlich und schnell greifbar. Lass dein Logo von Hidalgo aufdrucken - ideal als Erste-Hilfe-Set Outdoor f\u00fcr Teams, Vereine und Events.","og:url":"https:\/\/hidalgo.nl\/de\/wp-json\/wp\/v2\/product\/840988","og:image":"https:\/\/shop.hidalgo.nl\/wp-content\/uploads\/2025\/11\/cropped-Hidalgo-est1993.png","og:image:secure_url":"https:\/\/shop.hidalgo.nl\/wp-content\/uploads\/2025\/11\/cropped-Hidalgo-est1993.png","article:published_time":"2026-02-12T14:50:30+00:00","article:modified_time":"2026-04-24T07:46:33+00:00","twitter:card":"summary_large_image","twitter:title":"Erste-Hilfe-Set bedrucken EVA-Etui 40-teilig rot","twitter:description":"Kompakte Erste-Hilfe-Tasche im roten EVA-Etui f\u00fcr Job, Reise &amp; Trekking: robust, \u00fcbersichtlich und schnell greifbar. Lass dein Logo von Hidalgo aufdrucken - ideal als Erste-Hilfe-Set Outdoor f\u00fcr Teams, Vereine und Events.","twitter:image":"https:\/\/shop.hidalgo.nl\/wp-content\/uploads\/2025\/11\/cropped-Hidalgo-est1993.png"},"aioseo_meta_data":{"post_id":"840988","title":null,"description":null,"keywords":null,"keyphrases":null,"primary_term":null,"canonical_url":null,"og_title":null,"og_description":null,"og_object_type":"default","og_image_type":"default","og_image_url":null,"og_image_width":null,"og_image_height":null,"og_image_custom_url":null,"og_image_custom_fields":null,"og_video":null,"og_custom_url":null,"og_article_section":null,"og_article_tags":null,"twitter_use_og":false,"twitter_card":"default","twitter_image_type":"default","twitter_image_url":null,"twitter_image_custom_url":null,"twitter_image_custom_fields":null,"twitter_title":null,"twitter_description":null,"schema":{"blockGraphs":[],"customGraphs":[],"default":{"data":{"Article":[],"Course":[],"Dataset":[],"FAQPage":[],"Movie":[],"Person":[],"Product":[],"ProductReview":[],"Car":[],"Recipe":[],"Service":[],"SoftwareApplication":[],"WebPage":[]},"graphName":"","isEnabled":true},"graphs":[]},"schema_type":"default","schema_type_options":null,"pillar_content":false,"robots_default":true,"robots_noindex":false,"robots_noarchive":false,"robots_nosnippet":false,"robots_nofollow":false,"robots_noimageindex":false,"robots_noodp":false,"robots_notranslate":false,"robots_max_snippet":null,"robots_max_videopreview":null,"robots_max_imagepreview":"large","priority":null,"frequency":null,"local_seo":null,"seo_analyzer_scan_date":"2026-02-12 15:03:56","breadcrumb_settings":null,"limit_modified_date":false,"reviewed_by":null,"open_ai":null,"ai":null,"created":"2026-02-12 14:51:48","updated":"2026-04-24 08:56:57"},"aioseo_breadcrumb":"<div class=\"aioseo-breadcrumbs\"><span class=\"aioseo-breadcrumb\">\n\t<a href=\"https:\/\/hidalgo.nl\/de\/\" title=\"Home\">Home<\/a>\n<\/span><span class=\"aioseo-breadcrumb-separator\">\u00bb<\/span><span class=\"aioseo-breadcrumb\">\n\t<a href=\"https:\/\/hidalgo.nl\/example\/\" title=\"example\">example<\/a>\n<\/span><span class=\"aioseo-breadcrumb-separator\">\u00bb<\/span><span class=\"aioseo-breadcrumb\">\n\t<a href=\"https:\/\/hidalgo.nl\/en\/product-supplier\/a53\/\" title=\"A53\">A53<\/a>\n<\/span><span class=\"aioseo-breadcrumb-separator\">\u00bb<\/span><span class=\"aioseo-breadcrumb\">\n\tEerste hulp set 40-delig Andes\n<\/span><\/div>","aioseo_breadcrumb_json":[{"label":"Home","link":"https:\/\/hidalgo.nl\/de\/"},{"label":"example","link":"https:\/\/hidalgo.nl\/example\/"},{"label":"A53","link":"https:\/\/hidalgo.nl\/en\/product-supplier\/a53\/"},{"label":"Eerste hulp set 40-delig Andes","link":"https:\/\/hidalgo.nl\/de\/product\/840988\/erste-hilfe-set-bedrucken-eva-etui-40-teilig-rot\/"}],"_links":{"self":[{"href":"https:\/\/hidalgo.nl\/de\/wp-json\/wp\/v2\/product\/840988","targetHints":{"allow":["GET"]}}],"collection":[{"href":"https:\/\/hidalgo.nl\/de\/wp-json\/wp\/v2\/product"}],"about":[{"href":"https:\/\/hidalgo.nl\/de\/wp-json\/wp\/v2\/types\/product"}],"wp:featuredmedia":[{"embeddable":true,"href":"https:\/\/hidalgo.nl\/de\/wp-json\/wp\/v2\/media\/840989"}],"wp:attachment":[{"href":"https:\/\/hidalgo.nl\/de\/wp-json\/wp\/v2\/media?parent=840988"}],"wp:term":[{"taxonomy":"product_brand","embeddable":true,"href":"https:\/\/hidalgo.nl\/de\/wp-json\/wp\/v2\/product_brand?post=840988"},{"taxonomy":"product_cat","embeddable":true,"href":"https:\/\/hidalgo.nl\/de\/wp-json\/wp\/v2\/product_cat?post=840988"},{"taxonomy":"product_tag","embeddable":true,"href":"https:\/\/hidalgo.nl\/de\/wp-json\/wp\/v2\/product_tag?post=840988"}],"curies":[{"name":"wp","href":"https:\/\/api.w.org\/{rel}","templated":true}]}}