{"id":840967,"date":"2026-02-12T14:50:29","date_gmt":"2026-02-12T14:50:29","guid":{"rendered":"https:\/\/hidalgo.nl\/product\/eerste-hulp-nooddeken-130-x-210cm\/"},"modified":"2026-04-24T07:46:49","modified_gmt":"2026-04-24T07:46:49","slug":"eerste-hulp-nooddeken-130-x-210cm","status":"publish","type":"product","link":"https:\/\/hidalgo.nl\/de\/product\/840967\/rettungsdecke-bedrucken-waermeisolierend-pet-silber-130x210cm\/","title":{"rendered":"Eerste hulp nooddeken 130 x 210cm"},"content":{"rendered":"<p>EHBO nooddeken van PET-film, ontworpen om lichaamswarmte vast te houden en bescherming te bieden tegen onderkoeling in noodsituaties. Lichtgewicht en compact, eenvoudig op te bergen in eerste hulp sets, auto\u2019s of rugzakken. Ideaal voor outdoor-activiteiten, reizen en noodsituaties. Voldoet aan Europese normen.<\/p>\n","protected":false},"excerpt":{"rendered":"<p>EHBO nooddeken van PET-film, ontworpen om lichaamswarmte vast te houden en bescherming te bieden tegen onderkoeling in noodsituaties. Lichtgewicht en compact, eenvoudig op te bergen in eerste hulp sets, auto\u2019s of rugzakken. Ideaal voor outdoor-activiteiten, reizen en noodsituaties. Voldoet aan Europese normen.<\/p>\n","protected":false},"featured_media":840968,"template":"","meta":{"_acf_changed":false,"om_disable_all_campaigns":false,"_monsterinsights_skip_tracking":false,"_monsterinsights_sitenote_active":false,"_monsterinsights_sitenote_note":"","_monsterinsights_sitenote_category":0},"product_brand":[],"product_cat":[4803,4722,4719],"product_tag":[],"class_list":{"0":"post-840967","1":"product","2":"type-product","3":"status-publish","4":"has-post-thumbnail","6":"product_supplier-a53","7":"product_cat-ehbo-kits","8":"product_cat-gezondheid","9":"product_cat-promotionele-artikelen","10":"entry","12":"first","13":"instock","14":"taxable","15":"shipping-taxable","16":"purchasable","17":"product-type-variable"},"acf":{"imprint_cost":[{"imprint_cost_key":"61f9351baf8d80cf944e42f201dcd285cb0580ab","product_quantity_price_range":[{"imprint_cost_recommended_selling_price":"0.015","imprint_cost_recommended_selling_quantity":"1"},{"imprint_cost_recommended_selling_price":"0.015","imprint_cost_recommended_selling_quantity":"10"},{"imprint_cost_recommended_selling_price":"0.015","imprint_cost_recommended_selling_quantity":"25"},{"imprint_cost_recommended_selling_price":"0.015","imprint_cost_recommended_selling_quantity":"50"},{"imprint_cost_recommended_selling_price":"0.015","imprint_cost_recommended_selling_quantity":"100"},{"imprint_cost_recommended_selling_price":"0.015","imprint_cost_recommended_selling_quantity":"250"},{"imprint_cost_recommended_selling_price":"0.015","imprint_cost_recommended_selling_quantity":"500"},{"imprint_cost_recommended_selling_price":"0.015","imprint_cost_recommended_selling_quantity":"1000"},{"imprint_cost_recommended_selling_price":"0.015","imprint_cost_recommended_selling_quantity":"2500"},{"imprint_cost_recommended_selling_price":"0.015","imprint_cost_recommended_selling_quantity":"5000"},{"imprint_cost_recommended_selling_price":"0.015","imprint_cost_recommended_selling_quantity":"10000"}],"product_quantity_price_range_buying":[{"imprint_cost_general_buying_price":"0.01","imprint_cost_general_buying_quantity":"1"},{"imprint_cost_general_buying_price":"0.01","imprint_cost_general_buying_quantity":"10"},{"imprint_cost_general_buying_price":"0.01","imprint_cost_general_buying_quantity":"25"},{"imprint_cost_general_buying_price":"0.01","imprint_cost_general_buying_quantity":"50"},{"imprint_cost_general_buying_price":"0.01","imprint_cost_general_buying_quantity":"100"},{"imprint_cost_general_buying_price":"0.01","imprint_cost_general_buying_quantity":"250"},{"imprint_cost_general_buying_price":"0.01","imprint_cost_general_buying_quantity":"500"},{"imprint_cost_general_buying_price":"0.01","imprint_cost_general_buying_quantity":"1000"},{"imprint_cost_general_buying_price":"0.01","imprint_cost_general_buying_quantity":"2500"},{"imprint_cost_general_buying_price":"0.01","imprint_cost_general_buying_quantity":"5000"},{"imprint_cost_general_buying_price":"0.01","imprint_cost_general_buying_quantity":"10000"}],"imprint_cost_setup_costs":"54","imprint_cost_handling_costs":"0.12"}]},"aioseo_notices":[],"aioseo_head":"\n\t\t<!-- All in One SEO Pro 4.9.6.2 - aioseo.com -->\n\t<meta name=\"description\" content=\"Leicht, kompakt und in 130x210 cm: Diese silberne PET-Notfalldecke h\u00e4lt dich warm, sch\u00fctzt vor Ausk\u00fchlung und passt in Auto, Rucksack oder Erste Hilfe Set. Bei Hidalgo kannst du sie mit deinem Logo bedrucken. Jetzt Rettungsdecke kaufen oder Notfalldecke bestellen.\" \/>\n\t<meta name=\"robots\" content=\"max-image-preview:large\" \/>\n\t<link rel=\"canonical\" href=\"https:\/\/hidalgo.nl\/de\/wp-json\/wp\/v2\/product\/840967\" \/>\n\t<meta name=\"generator\" content=\"All in One SEO Pro (AIOSEO) 4.9.6.2\" \/>\n\t\t<meta property=\"og:locale\" content=\"de_DE\" \/>\n\t\t<meta property=\"og:site_name\" content=\"Hidalgo -\" \/>\n\t\t<meta property=\"og:type\" content=\"article\" \/>\n\t\t<meta property=\"og:title\" content=\"Rettungsdecke bedrucken w\u00e4rmeisolierend PET Silber 130x210cm\" \/>\n\t\t<meta property=\"og:description\" content=\"Leicht, kompakt und in 130x210 cm: Diese silberne PET-Notfalldecke h\u00e4lt dich warm, sch\u00fctzt vor Ausk\u00fchlung und passt in Auto, Rucksack oder Erste Hilfe Set. Bei Hidalgo kannst du sie mit deinem Logo bedrucken. Jetzt Rettungsdecke kaufen oder Notfalldecke bestellen.\" \/>\n\t\t<meta property=\"og:url\" content=\"https:\/\/hidalgo.nl\/de\/wp-json\/wp\/v2\/product\/840967\" \/>\n\t\t<meta property=\"og:image\" content=\"https:\/\/shop.hidalgo.nl\/wp-content\/uploads\/2025\/11\/cropped-Hidalgo-est1993.png\" \/>\n\t\t<meta property=\"og:image:secure_url\" content=\"https:\/\/shop.hidalgo.nl\/wp-content\/uploads\/2025\/11\/cropped-Hidalgo-est1993.png\" \/>\n\t\t<meta property=\"article:published_time\" content=\"2026-02-12T14:50:29+00:00\" \/>\n\t\t<meta property=\"article:modified_time\" content=\"2026-04-24T07:46:49+00:00\" \/>\n\t\t<meta name=\"twitter:card\" content=\"summary_large_image\" \/>\n\t\t<meta name=\"twitter:title\" content=\"Rettungsdecke bedrucken w\u00e4rmeisolierend PET Silber 130x210cm\" \/>\n\t\t<meta name=\"twitter:description\" content=\"Leicht, kompakt und in 130x210 cm: Diese silberne PET-Notfalldecke h\u00e4lt dich warm, sch\u00fctzt vor Ausk\u00fchlung und passt in Auto, Rucksack oder Erste Hilfe Set. Bei Hidalgo kannst du sie mit deinem Logo bedrucken. Jetzt Rettungsdecke kaufen oder Notfalldecke bestellen.\" \/>\n\t\t<meta name=\"twitter:image\" content=\"https:\/\/shop.hidalgo.nl\/wp-content\/uploads\/2025\/11\/cropped-Hidalgo-est1993.png\" \/>\n\t\t<script type=\"application\/ld+json\" class=\"aioseo-schema\">\n\t\t\t{\"@context\":\"https:\\\/\\\/schema.org\",\"@graph\":[{\"@type\":\"BreadcrumbList\",\"@id\":\"https:\\\/\\\/hidalgo.nl\\\/de\\\/product\\\/840967\\\/rettungsdecke-bedrucken-waermeisolierend-pet-silber-130x210cm\\\/#breadcrumblist\",\"itemListElement\":[{\"@type\":\"ListItem\",\"@id\":\"https:\\\/\\\/hidalgo.nl\\\/de\\\/#listItem\",\"position\":1,\"name\":\"Home\",\"item\":\"https:\\\/\\\/hidalgo.nl\\\/de\\\/\",\"nextItem\":{\"@type\":\"ListItem\",\"@id\":\"https:\\\/\\\/hidalgo.nl\\\/example\\\/#listItem\",\"name\":\"example\"}},{\"@type\":\"ListItem\",\"@id\":\"https:\\\/\\\/hidalgo.nl\\\/example\\\/#listItem\",\"position\":2,\"name\":\"example\",\"item\":\"https:\\\/\\\/hidalgo.nl\\\/example\\\/\",\"nextItem\":{\"@type\":\"ListItem\",\"@id\":\"https:\\\/\\\/hidalgo.nl\\\/en\\\/product-supplier\\\/a53\\\/#listItem\",\"name\":\"A53\"},\"previousItem\":{\"@type\":\"ListItem\",\"@id\":\"https:\\\/\\\/hidalgo.nl\\\/de\\\/#listItem\",\"name\":\"Home\"}},{\"@type\":\"ListItem\",\"@id\":\"https:\\\/\\\/hidalgo.nl\\\/en\\\/product-supplier\\\/a53\\\/#listItem\",\"position\":3,\"name\":\"A53\",\"item\":\"https:\\\/\\\/hidalgo.nl\\\/en\\\/product-supplier\\\/a53\\\/\",\"nextItem\":{\"@type\":\"ListItem\",\"@id\":\"https:\\\/\\\/hidalgo.nl\\\/de\\\/product\\\/840967\\\/rettungsdecke-bedrucken-waermeisolierend-pet-silber-130x210cm\\\/#listItem\",\"name\":\"Eerste hulp nooddeken 130 x 210cm\"},\"previousItem\":{\"@type\":\"ListItem\",\"@id\":\"https:\\\/\\\/hidalgo.nl\\\/example\\\/#listItem\",\"name\":\"example\"}},{\"@type\":\"ListItem\",\"@id\":\"https:\\\/\\\/hidalgo.nl\\\/de\\\/product\\\/840967\\\/rettungsdecke-bedrucken-waermeisolierend-pet-silber-130x210cm\\\/#listItem\",\"position\":4,\"name\":\"Eerste hulp nooddeken 130 x 210cm\",\"previousItem\":{\"@type\":\"ListItem\",\"@id\":\"https:\\\/\\\/hidalgo.nl\\\/en\\\/product-supplier\\\/a53\\\/#listItem\",\"name\":\"A53\"}}]},{\"@type\":\"Organization\",\"@id\":\"https:\\\/\\\/hidalgo.nl\\\/de\\\/#organization\",\"name\":\"Hidalgo\",\"url\":\"https:\\\/\\\/hidalgo.nl\\\/de\\\/\",\"logo\":{\"@type\":\"ImageObject\",\"url\":\"https:\\\/\\\/shop.hidalgo.nl\\\/wp-content\\\/uploads\\\/2025\\\/11\\\/cropped-Hidalgo-est1993.png\",\"@id\":\"https:\\\/\\\/hidalgo.nl\\\/de\\\/product\\\/840967\\\/rettungsdecke-bedrucken-waermeisolierend-pet-silber-130x210cm\\\/#organizationLogo\",\"width\":585,\"height\":195},\"image\":{\"@id\":\"https:\\\/\\\/hidalgo.nl\\\/de\\\/product\\\/840967\\\/rettungsdecke-bedrucken-waermeisolierend-pet-silber-130x210cm\\\/#organizationLogo\"}},{\"@type\":\"ProductGroup\",\"@id\":\"https:\\\/\\\/hidalgo.nl\\\/de\\\/product\\\/840967\\\/rettungsdecke-bedrucken-waermeisolierend-pet-silber-130x210cm\\\/#wooCommerceProduct\",\"name\":\"Rettungsdecke bedrucken w\\u00e4rmeisolierend PET Silber 130x210cm\",\"url\":\"https:\\\/\\\/hidalgo.nl\\\/de\\\/product\\\/840967\\\/rettungsdecke-bedrucken-waermeisolierend-pet-silber-130x210cm\\\/\",\"sku\":\"A53-LT90318\",\"image\":{\"@type\":\"ImageObject\",\"url\":\"https:\\\/\\\/shop.hidalgo.nl\\\/wp-content\\\/uploads\\\/2025\\\/04\\\/2fdf067ebda9986f3a11d76d80f05c27f7d64e215d70c606d8f66cf80e81c08a.jpg\",\"@id\":\"https:\\\/\\\/hidalgo.nl\\\/de\\\/product\\\/840967\\\/rettungsdecke-bedrucken-waermeisolierend-pet-silber-130x210cm\\\/#productImage\"},\"productGroupID\":840967,\"hasVariant\":[{\"@type\":\"Product\",\"@id\":\"https:\\\/\\\/hidalgo.nl\\\/de\\\/product\\\/840967\\\/rettungsdecke-bedrucken-waermeisolierend-pet-silber-130x210cm\\\/#wooCommerceProduct\",\"name\":\"Eerste hulp nooddeken 130 x 210cm - zilver\",\"url\":\"https:\\\/\\\/hidalgo.nl\\\/de\\\/product\\\/840967\\\/rettungsdecke-bedrucken-waermeisolierend-pet-silber-130x210cm\\\/\",\"sku\":\"A53-LT90318-N0005\",\"image\":{\"@type\":\"ImageObject\",\"url\":\"https:\\\/\\\/shop.hidalgo.nl\\\/wp-content\\\/uploads\\\/2025\\\/04\\\/440c7ef7c4b8592562817a6721cf2593a803e4288449c081b1093f3d1438571a.jpg\",\"@id\":\"https:\\\/\\\/hidalgo.nl\\\/de\\\/product\\\/840967\\\/rettungsdecke-bedrucken-waermeisolierend-pet-silber-130x210cm\\\/#productImage\"},\"offers\":{\"@type\":\"Offer\",\"url\":\"https:\\\/\\\/hidalgo.nl\\\/de\\\/product\\\/840967\\\/rettungsdecke-bedrucken-waermeisolierend-pet-silber-130x210cm\\\/#wooCommerceOffer\",\"price\":\"0.8175\",\"priceCurrency\":\"EUR\",\"category\":\"Promotionele Artikelen\",\"availability\":\"https:\\\/\\\/schema.org\\\/InStock\",\"priceSpecification\":{\"@type\":\"PriceSpecification\",\"price\":0.8175,\"priceCurrency\":\"EUR\",\"valueAddedTaxIncluded\":\"true\"}}}]},{\"@type\":\"WebPage\",\"@id\":\"https:\\\/\\\/hidalgo.nl\\\/de\\\/product\\\/840967\\\/rettungsdecke-bedrucken-waermeisolierend-pet-silber-130x210cm\\\/#webpage\",\"url\":\"https:\\\/\\\/hidalgo.nl\\\/de\\\/product\\\/840967\\\/rettungsdecke-bedrucken-waermeisolierend-pet-silber-130x210cm\\\/\",\"name\":\"Rettungsdecke bedrucken w\\u00e4rmeisolierend PET Silber 130x210cm\",\"description\":\"Leicht, kompakt und in 130x210 cm: Diese silberne PET-Notfalldecke h\\u00e4lt dich warm, sch\\u00fctzt vor Ausk\\u00fchlung und passt in Auto, Rucksack oder Erste Hilfe Set. Bei Hidalgo kannst du sie mit deinem Logo bedrucken. Jetzt Rettungsdecke kaufen oder Notfalldecke bestellen.\",\"inLanguage\":\"de-DE\",\"isPartOf\":{\"@id\":\"https:\\\/\\\/hidalgo.nl\\\/de\\\/#website\"},\"breadcrumb\":{\"@id\":\"https:\\\/\\\/hidalgo.nl\\\/de\\\/product\\\/840967\\\/rettungsdecke-bedrucken-waermeisolierend-pet-silber-130x210cm\\\/#breadcrumblist\"},\"image\":{\"@type\":\"ImageObject\",\"url\":\"https:\\\/\\\/shop.hidalgo.nl\\\/wp-content\\\/uploads\\\/2025\\\/04\\\/2fdf067ebda9986f3a11d76d80f05c27f7d64e215d70c606d8f66cf80e81c08a.jpg\",\"@id\":\"https:\\\/\\\/hidalgo.nl\\\/de\\\/product\\\/840967\\\/rettungsdecke-bedrucken-waermeisolierend-pet-silber-130x210cm\\\/#mainImage\"},\"primaryImageOfPage\":{\"@id\":\"https:\\\/\\\/hidalgo.nl\\\/de\\\/product\\\/840967\\\/rettungsdecke-bedrucken-waermeisolierend-pet-silber-130x210cm\\\/#mainImage\"},\"datePublished\":\"2026-02-12T14:50:29+00:00\",\"dateModified\":\"2026-04-24T07:46:49+00:00\"},{\"@type\":\"WebSite\",\"@id\":\"https:\\\/\\\/hidalgo.nl\\\/de\\\/#website\",\"url\":\"https:\\\/\\\/hidalgo.nl\\\/de\\\/\",\"name\":\"Hidalgo\",\"inLanguage\":\"de-DE\",\"publisher\":{\"@id\":\"https:\\\/\\\/hidalgo.nl\\\/de\\\/#organization\"}}]}\n\t\t<\/script>\n\t\t<!-- All in One SEO Pro -->\r\n\t\t<title>Rettungsdecke bedrucken w\u00e4rmeisolierend PET Silber 130x210cm<\/title>\n\n","aioseo_head_json":{"title":"Rettungsdecke bedrucken w\u00e4rmeisolierend PET Silber 130x210cm","description":"Leicht, kompakt und in 130x210 cm: Diese silberne PET-Notfalldecke h\u00e4lt dich warm, sch\u00fctzt vor Ausk\u00fchlung und passt in Auto, Rucksack oder Erste Hilfe Set. Bei Hidalgo kannst du sie mit deinem Logo bedrucken. Jetzt Rettungsdecke kaufen oder Notfalldecke bestellen.","canonical_url":"https:\/\/hidalgo.nl\/de\/wp-json\/wp\/v2\/product\/840967","robots":"max-image-preview:large","keywords":"","webmasterTools":{"miscellaneous":""},"schema":{"@context":"https:\/\/schema.org","@graph":[{"@type":"BreadcrumbList","@id":"https:\/\/hidalgo.nl\/de\/product\/840967\/rettungsdecke-bedrucken-waermeisolierend-pet-silber-130x210cm\/#breadcrumblist","itemListElement":[{"@type":"ListItem","@id":"https:\/\/hidalgo.nl\/de\/#listItem","position":1,"name":"Home","item":"https:\/\/hidalgo.nl\/de\/","nextItem":{"@type":"ListItem","@id":"https:\/\/hidalgo.nl\/example\/#listItem","name":"example"}},{"@type":"ListItem","@id":"https:\/\/hidalgo.nl\/example\/#listItem","position":2,"name":"example","item":"https:\/\/hidalgo.nl\/example\/","nextItem":{"@type":"ListItem","@id":"https:\/\/hidalgo.nl\/en\/product-supplier\/a53\/#listItem","name":"A53"},"previousItem":{"@type":"ListItem","@id":"https:\/\/hidalgo.nl\/de\/#listItem","name":"Home"}},{"@type":"ListItem","@id":"https:\/\/hidalgo.nl\/en\/product-supplier\/a53\/#listItem","position":3,"name":"A53","item":"https:\/\/hidalgo.nl\/en\/product-supplier\/a53\/","nextItem":{"@type":"ListItem","@id":"https:\/\/hidalgo.nl\/de\/product\/840967\/rettungsdecke-bedrucken-waermeisolierend-pet-silber-130x210cm\/#listItem","name":"Eerste hulp nooddeken 130 x 210cm"},"previousItem":{"@type":"ListItem","@id":"https:\/\/hidalgo.nl\/example\/#listItem","name":"example"}},{"@type":"ListItem","@id":"https:\/\/hidalgo.nl\/de\/product\/840967\/rettungsdecke-bedrucken-waermeisolierend-pet-silber-130x210cm\/#listItem","position":4,"name":"Eerste hulp nooddeken 130 x 210cm","previousItem":{"@type":"ListItem","@id":"https:\/\/hidalgo.nl\/en\/product-supplier\/a53\/#listItem","name":"A53"}}]},{"@type":"Organization","@id":"https:\/\/hidalgo.nl\/de\/#organization","name":"Hidalgo","url":"https:\/\/hidalgo.nl\/de\/","logo":{"@type":"ImageObject","url":"https:\/\/shop.hidalgo.nl\/wp-content\/uploads\/2025\/11\/cropped-Hidalgo-est1993.png","@id":"https:\/\/hidalgo.nl\/de\/product\/840967\/rettungsdecke-bedrucken-waermeisolierend-pet-silber-130x210cm\/#organizationLogo","width":585,"height":195},"image":{"@id":"https:\/\/hidalgo.nl\/de\/product\/840967\/rettungsdecke-bedrucken-waermeisolierend-pet-silber-130x210cm\/#organizationLogo"}},{"@type":"ProductGroup","@id":"https:\/\/hidalgo.nl\/de\/product\/840967\/rettungsdecke-bedrucken-waermeisolierend-pet-silber-130x210cm\/#wooCommerceProduct","name":"Rettungsdecke bedrucken w\u00e4rmeisolierend PET Silber 130x210cm","url":"https:\/\/hidalgo.nl\/de\/product\/840967\/rettungsdecke-bedrucken-waermeisolierend-pet-silber-130x210cm\/","sku":"A53-LT90318","image":{"@type":"ImageObject","url":"https:\/\/shop.hidalgo.nl\/wp-content\/uploads\/2025\/04\/2fdf067ebda9986f3a11d76d80f05c27f7d64e215d70c606d8f66cf80e81c08a.jpg","@id":"https:\/\/hidalgo.nl\/de\/product\/840967\/rettungsdecke-bedrucken-waermeisolierend-pet-silber-130x210cm\/#productImage"},"productGroupID":840967,"hasVariant":[{"@type":"Product","@id":"https:\/\/hidalgo.nl\/de\/product\/840967\/rettungsdecke-bedrucken-waermeisolierend-pet-silber-130x210cm\/#wooCommerceProduct","name":"Eerste hulp nooddeken 130 x 210cm - zilver","url":"https:\/\/hidalgo.nl\/de\/product\/840967\/rettungsdecke-bedrucken-waermeisolierend-pet-silber-130x210cm\/","sku":"A53-LT90318-N0005","image":{"@type":"ImageObject","url":"https:\/\/shop.hidalgo.nl\/wp-content\/uploads\/2025\/04\/440c7ef7c4b8592562817a6721cf2593a803e4288449c081b1093f3d1438571a.jpg","@id":"https:\/\/hidalgo.nl\/de\/product\/840967\/rettungsdecke-bedrucken-waermeisolierend-pet-silber-130x210cm\/#productImage"},"offers":{"@type":"Offer","url":"https:\/\/hidalgo.nl\/de\/product\/840967\/rettungsdecke-bedrucken-waermeisolierend-pet-silber-130x210cm\/#wooCommerceOffer","price":"0.8175","priceCurrency":"EUR","category":"Promotionele Artikelen","availability":"https:\/\/schema.org\/InStock","priceSpecification":{"@type":"PriceSpecification","price":0.8175,"priceCurrency":"EUR","valueAddedTaxIncluded":"true"}}}]},{"@type":"WebPage","@id":"https:\/\/hidalgo.nl\/de\/product\/840967\/rettungsdecke-bedrucken-waermeisolierend-pet-silber-130x210cm\/#webpage","url":"https:\/\/hidalgo.nl\/de\/product\/840967\/rettungsdecke-bedrucken-waermeisolierend-pet-silber-130x210cm\/","name":"Rettungsdecke bedrucken w\u00e4rmeisolierend PET Silber 130x210cm","description":"Leicht, kompakt und in 130x210 cm: Diese silberne PET-Notfalldecke h\u00e4lt dich warm, sch\u00fctzt vor Ausk\u00fchlung und passt in Auto, Rucksack oder Erste Hilfe Set. Bei Hidalgo kannst du sie mit deinem Logo bedrucken. Jetzt Rettungsdecke kaufen oder Notfalldecke bestellen.","inLanguage":"de-DE","isPartOf":{"@id":"https:\/\/hidalgo.nl\/de\/#website"},"breadcrumb":{"@id":"https:\/\/hidalgo.nl\/de\/product\/840967\/rettungsdecke-bedrucken-waermeisolierend-pet-silber-130x210cm\/#breadcrumblist"},"image":{"@type":"ImageObject","url":"https:\/\/shop.hidalgo.nl\/wp-content\/uploads\/2025\/04\/2fdf067ebda9986f3a11d76d80f05c27f7d64e215d70c606d8f66cf80e81c08a.jpg","@id":"https:\/\/hidalgo.nl\/de\/product\/840967\/rettungsdecke-bedrucken-waermeisolierend-pet-silber-130x210cm\/#mainImage"},"primaryImageOfPage":{"@id":"https:\/\/hidalgo.nl\/de\/product\/840967\/rettungsdecke-bedrucken-waermeisolierend-pet-silber-130x210cm\/#mainImage"},"datePublished":"2026-02-12T14:50:29+00:00","dateModified":"2026-04-24T07:46:49+00:00"},{"@type":"WebSite","@id":"https:\/\/hidalgo.nl\/de\/#website","url":"https:\/\/hidalgo.nl\/de\/","name":"Hidalgo","inLanguage":"de-DE","publisher":{"@id":"https:\/\/hidalgo.nl\/de\/#organization"}}]},"og:locale":"de_DE","og:site_name":"Hidalgo -","og:type":"article","og:title":"Rettungsdecke bedrucken w\u00e4rmeisolierend PET Silber 130x210cm","og:description":"Leicht, kompakt und in 130x210 cm: Diese silberne PET-Notfalldecke h\u00e4lt dich warm, sch\u00fctzt vor Ausk\u00fchlung und passt in Auto, Rucksack oder Erste Hilfe Set. Bei Hidalgo kannst du sie mit deinem Logo bedrucken. Jetzt Rettungsdecke kaufen oder Notfalldecke bestellen.","og:url":"https:\/\/hidalgo.nl\/de\/wp-json\/wp\/v2\/product\/840967","og:image":"https:\/\/shop.hidalgo.nl\/wp-content\/uploads\/2025\/11\/cropped-Hidalgo-est1993.png","og:image:secure_url":"https:\/\/shop.hidalgo.nl\/wp-content\/uploads\/2025\/11\/cropped-Hidalgo-est1993.png","article:published_time":"2026-02-12T14:50:29+00:00","article:modified_time":"2026-04-24T07:46:49+00:00","twitter:card":"summary_large_image","twitter:title":"Rettungsdecke bedrucken w\u00e4rmeisolierend PET Silber 130x210cm","twitter:description":"Leicht, kompakt und in 130x210 cm: Diese silberne PET-Notfalldecke h\u00e4lt dich warm, sch\u00fctzt vor Ausk\u00fchlung und passt in Auto, Rucksack oder Erste Hilfe Set. Bei Hidalgo kannst du sie mit deinem Logo bedrucken. Jetzt Rettungsdecke kaufen oder Notfalldecke bestellen.","twitter:image":"https:\/\/shop.hidalgo.nl\/wp-content\/uploads\/2025\/11\/cropped-Hidalgo-est1993.png"},"aioseo_meta_data":{"post_id":"840967","title":null,"description":null,"keywords":null,"keyphrases":null,"primary_term":null,"canonical_url":null,"og_title":null,"og_description":null,"og_object_type":"default","og_image_type":"default","og_image_url":null,"og_image_width":null,"og_image_height":null,"og_image_custom_url":null,"og_image_custom_fields":null,"og_video":null,"og_custom_url":null,"og_article_section":null,"og_article_tags":null,"twitter_use_og":false,"twitter_card":"default","twitter_image_type":"default","twitter_image_url":null,"twitter_image_custom_url":null,"twitter_image_custom_fields":null,"twitter_title":null,"twitter_description":null,"schema":{"blockGraphs":[],"customGraphs":[],"default":{"data":{"Article":[],"Course":[],"Dataset":[],"FAQPage":[],"Movie":[],"Person":[],"Product":[],"ProductReview":[],"Car":[],"Recipe":[],"Service":[],"SoftwareApplication":[],"WebPage":[]},"graphName":"","isEnabled":true},"graphs":[]},"schema_type":"default","schema_type_options":null,"pillar_content":false,"robots_default":true,"robots_noindex":false,"robots_noarchive":false,"robots_nosnippet":false,"robots_nofollow":false,"robots_noimageindex":false,"robots_noodp":false,"robots_notranslate":false,"robots_max_snippet":null,"robots_max_videopreview":null,"robots_max_imagepreview":"large","priority":null,"frequency":null,"local_seo":null,"seo_analyzer_scan_date":"2026-02-12 15:03:54","breadcrumb_settings":null,"limit_modified_date":false,"reviewed_by":null,"open_ai":null,"ai":null,"created":"2026-02-12 14:51:48","updated":"2026-04-24 08:56:57"},"aioseo_breadcrumb":"<div class=\"aioseo-breadcrumbs\"><span class=\"aioseo-breadcrumb\">\n\t<a href=\"https:\/\/hidalgo.nl\/de\/\" title=\"Home\">Home<\/a>\n<\/span><span class=\"aioseo-breadcrumb-separator\">\u00bb<\/span><span class=\"aioseo-breadcrumb\">\n\t<a href=\"https:\/\/hidalgo.nl\/example\/\" title=\"example\">example<\/a>\n<\/span><span class=\"aioseo-breadcrumb-separator\">\u00bb<\/span><span class=\"aioseo-breadcrumb\">\n\t<a href=\"https:\/\/hidalgo.nl\/en\/product-supplier\/a53\/\" title=\"A53\">A53<\/a>\n<\/span><span class=\"aioseo-breadcrumb-separator\">\u00bb<\/span><span class=\"aioseo-breadcrumb\">\n\tEerste hulp nooddeken 130 x 210cm\n<\/span><\/div>","aioseo_breadcrumb_json":[{"label":"Home","link":"https:\/\/hidalgo.nl\/de\/"},{"label":"example","link":"https:\/\/hidalgo.nl\/example\/"},{"label":"A53","link":"https:\/\/hidalgo.nl\/en\/product-supplier\/a53\/"},{"label":"Eerste hulp nooddeken 130 x 210cm","link":"https:\/\/hidalgo.nl\/de\/product\/840967\/rettungsdecke-bedrucken-waermeisolierend-pet-silber-130x210cm\/"}],"_links":{"self":[{"href":"https:\/\/hidalgo.nl\/de\/wp-json\/wp\/v2\/product\/840967","targetHints":{"allow":["GET"]}}],"collection":[{"href":"https:\/\/hidalgo.nl\/de\/wp-json\/wp\/v2\/product"}],"about":[{"href":"https:\/\/hidalgo.nl\/de\/wp-json\/wp\/v2\/types\/product"}],"wp:featuredmedia":[{"embeddable":true,"href":"https:\/\/hidalgo.nl\/de\/wp-json\/wp\/v2\/media\/840968"}],"wp:attachment":[{"href":"https:\/\/hidalgo.nl\/de\/wp-json\/wp\/v2\/media?parent=840967"}],"wp:term":[{"taxonomy":"product_brand","embeddable":true,"href":"https:\/\/hidalgo.nl\/de\/wp-json\/wp\/v2\/product_brand?post=840967"},{"taxonomy":"product_cat","embeddable":true,"href":"https:\/\/hidalgo.nl\/de\/wp-json\/wp\/v2\/product_cat?post=840967"},{"taxonomy":"product_tag","embeddable":true,"href":"https:\/\/hidalgo.nl\/de\/wp-json\/wp\/v2\/product_tag?post=840967"}],"curies":[{"name":"wp","href":"https:\/\/api.w.org\/{rel}","templated":true}]}}