{"id":839703,"date":"2026-02-10T15:49:35","date_gmt":"2026-02-10T15:49:35","guid":{"rendered":"https:\/\/hidalgo.nl\/product\/gift-box-kraft-paper-geschenkverpakking\/"},"modified":"2026-03-19T09:51:59","modified_gmt":"2026-03-19T09:51:59","slug":"gift-box-kraft-paper-geschenkverpakking","status":"publish","type":"product","link":"https:\/\/hidalgo.nl\/de\/product\/gift-box-kraft-paper-geschenkverpakking\/","title":{"rendered":"Gift Box Kraft Paper geschenkverpakking"},"content":{"rendered":"<p>Stevig doosje van kraft karton. Een eigentijdse geschenkverpakking en bescherming voor (eco)-balpennen, touchscreen-pennen en vulpotloden. Geschikt voor 1 schrijfinstrument.<\/p>\n","protected":false},"excerpt":{"rendered":"<p>Stevig doosje van kraft karton. Een eigentijdse geschenkverpakking en bescherming voor (eco)-balpennen, touchscreen-pennen en vulpotloden. Geschikt voor 1 schrijfinstrument.<\/p>\n","protected":false},"featured_media":839704,"template":"","meta":{"_acf_changed":false,"om_disable_all_campaigns":false,"_monsterinsights_skip_tracking":false,"_monsterinsights_sitenote_active":false,"_monsterinsights_sitenote_note":"","_monsterinsights_sitenote_category":0},"product_brand":[],"product_cat":[4878,4762],"product_tag":[],"class_list":{"0":"post-839703","1":"product","2":"type-product","3":"status-publish","4":"has-post-thumbnail","6":"product_supplier-a24","7":"product_material-papier","8":"product_cat-geschenk-pakketten-dozen","9":"product_cat-geschenk-pakketten","10":"entry","12":"first","13":"instock","14":"taxable","15":"shipping-taxable","16":"purchasable","17":"product-type-variable"},"acf":{"imprint_cost":false},"aioseo_notices":[],"aioseo_head":"\n\t\t<!-- All in One SEO Pro 4.9.5.2 - aioseo.com -->\n\t<meta name=\"description\" content=\"Stabile Kraftkarton-Verpackung f\u00fcr einen Stift mit nat\u00fcrlicher Optik: sch\u00fctzt dein Schreibger\u00e4t unterwegs und setzt es wertig in Szene. Ideal als Geschenk-Box oder Stifte-Box f\u00fcr Events &amp; Onboarding. Hidalgo bedruckt sie mit deinem Logo f\u00fcr einen einheitlichen Markenauftritt.\" \/>\n\t<meta name=\"robots\" content=\"max-image-preview:large\" \/>\n\t<link rel=\"canonical\" href=\"https:\/\/hidalgo.nl\/de\/wp-json\/wp\/v2\/product\/839703\" \/>\n\t<meta name=\"generator\" content=\"All in One SEO Pro (AIOSEO) 4.9.5.2\" \/>\n\t\t<meta property=\"og:locale\" content=\"de_DE\" \/>\n\t\t<meta property=\"og:site_name\" content=\"Hidalgo -\" \/>\n\t\t<meta property=\"og:type\" content=\"article\" \/>\n\t\t<meta property=\"og:title\" content=\"Gift Box Kraft Paper geschenkverpakking\" \/>\n\t\t<meta property=\"og:description\" content=\"Stabile Kraftkarton-Verpackung f\u00fcr einen Stift mit nat\u00fcrlicher Optik: sch\u00fctzt dein Schreibger\u00e4t unterwegs und setzt es wertig in Szene. Ideal als Geschenk-Box oder Stifte-Box f\u00fcr Events &amp; Onboarding. Hidalgo bedruckt sie mit deinem Logo f\u00fcr einen einheitlichen Markenauftritt.\" \/>\n\t\t<meta property=\"og:url\" content=\"https:\/\/hidalgo.nl\/de\/wp-json\/wp\/v2\/product\/839703\" \/>\n\t\t<meta property=\"og:image\" content=\"https:\/\/shop.hidalgo.nl\/wp-content\/uploads\/2025\/11\/cropped-Hidalgo-est1993.png\" \/>\n\t\t<meta property=\"og:image:secure_url\" content=\"https:\/\/shop.hidalgo.nl\/wp-content\/uploads\/2025\/11\/cropped-Hidalgo-est1993.png\" \/>\n\t\t<meta property=\"article:published_time\" content=\"2026-02-10T15:49:35+00:00\" \/>\n\t\t<meta property=\"article:modified_time\" content=\"2026-03-19T09:51:59+00:00\" \/>\n\t\t<meta name=\"twitter:card\" content=\"summary_large_image\" \/>\n\t\t<meta name=\"twitter:title\" content=\"Gift Box Kraft Paper geschenkverpakking\" \/>\n\t\t<meta name=\"twitter:description\" content=\"Stabile Kraftkarton-Verpackung f\u00fcr einen Stift mit nat\u00fcrlicher Optik: sch\u00fctzt dein Schreibger\u00e4t unterwegs und setzt es wertig in Szene. Ideal als Geschenk-Box oder Stifte-Box f\u00fcr Events &amp; Onboarding. Hidalgo bedruckt sie mit deinem Logo f\u00fcr einen einheitlichen Markenauftritt.\" \/>\n\t\t<meta name=\"twitter:image\" content=\"https:\/\/shop.hidalgo.nl\/wp-content\/uploads\/2025\/11\/cropped-Hidalgo-est1993.png\" \/>\n\t\t<script type=\"application\/ld+json\" class=\"aioseo-schema\">\n\t\t\t{\"@context\":\"https:\\\/\\\/schema.org\",\"@graph\":[{\"@type\":\"BreadcrumbList\",\"@id\":\"https:\\\/\\\/hidalgo.nl\\\/de\\\/product\\\/gift-box-kraft-paper-geschenkverpakking\\\/#breadcrumblist\",\"itemListElement\":[{\"@type\":\"ListItem\",\"@id\":\"https:\\\/\\\/hidalgo.nl\\\/de\\\/#listItem\",\"position\":1,\"name\":\"Home\",\"item\":\"https:\\\/\\\/hidalgo.nl\\\/de\\\/\",\"nextItem\":{\"@type\":\"ListItem\",\"@id\":\"https:\\\/\\\/hidalgo.nl\\\/example\\\/#listItem\",\"name\":\"example\"}},{\"@type\":\"ListItem\",\"@id\":\"https:\\\/\\\/hidalgo.nl\\\/example\\\/#listItem\",\"position\":2,\"name\":\"example\",\"item\":\"https:\\\/\\\/hidalgo.nl\\\/example\\\/\",\"nextItem\":{\"@type\":\"ListItem\",\"@id\":\"https:\\\/\\\/hidalgo.nl\\\/en\\\/product-supplier\\\/a24\\\/#listItem\",\"name\":\"A24\"},\"previousItem\":{\"@type\":\"ListItem\",\"@id\":\"https:\\\/\\\/hidalgo.nl\\\/de\\\/#listItem\",\"name\":\"Home\"}},{\"@type\":\"ListItem\",\"@id\":\"https:\\\/\\\/hidalgo.nl\\\/en\\\/product-supplier\\\/a24\\\/#listItem\",\"position\":3,\"name\":\"A24\",\"item\":\"https:\\\/\\\/hidalgo.nl\\\/en\\\/product-supplier\\\/a24\\\/\",\"nextItem\":{\"@type\":\"ListItem\",\"@id\":\"https:\\\/\\\/hidalgo.nl\\\/de\\\/product\\\/gift-box-kraft-paper-geschenkverpakking\\\/#listItem\",\"name\":\"Gift Box Kraft Paper geschenkverpakking\"},\"previousItem\":{\"@type\":\"ListItem\",\"@id\":\"https:\\\/\\\/hidalgo.nl\\\/example\\\/#listItem\",\"name\":\"example\"}},{\"@type\":\"ListItem\",\"@id\":\"https:\\\/\\\/hidalgo.nl\\\/de\\\/product\\\/gift-box-kraft-paper-geschenkverpakking\\\/#listItem\",\"position\":4,\"name\":\"Gift Box Kraft Paper geschenkverpakking\",\"previousItem\":{\"@type\":\"ListItem\",\"@id\":\"https:\\\/\\\/hidalgo.nl\\\/en\\\/product-supplier\\\/a24\\\/#listItem\",\"name\":\"A24\"}}]},{\"@type\":\"ItemPage\",\"@id\":\"https:\\\/\\\/hidalgo.nl\\\/de\\\/product\\\/gift-box-kraft-paper-geschenkverpakking\\\/#itempage\",\"url\":\"https:\\\/\\\/hidalgo.nl\\\/de\\\/product\\\/gift-box-kraft-paper-geschenkverpakking\\\/\",\"name\":\"Gift Box Kraft Paper geschenkverpakking\",\"description\":\"Stabile Kraftkarton-Verpackung f\\u00fcr einen Stift mit nat\\u00fcrlicher Optik: sch\\u00fctzt dein Schreibger\\u00e4t unterwegs und setzt es wertig in Szene. Ideal als Geschenk-Box oder Stifte-Box f\\u00fcr Events & Onboarding. Hidalgo bedruckt sie mit deinem Logo f\\u00fcr einen einheitlichen Markenauftritt.\",\"inLanguage\":\"de-DE\",\"isPartOf\":{\"@id\":\"https:\\\/\\\/hidalgo.nl\\\/de\\\/#website\"},\"breadcrumb\":{\"@id\":\"https:\\\/\\\/hidalgo.nl\\\/de\\\/product\\\/gift-box-kraft-paper-geschenkverpakking\\\/#breadcrumblist\"},\"image\":{\"@type\":\"ImageObject\",\"url\":\"https:\\\/\\\/shop.hidalgo.nl\\\/wp-content\\\/uploads\\\/2025\\\/03\\\/a1dcad1c7d374e7d6ea2c27b2d32ee9f5bfed6af5e66adcec8cd2873b8787401.jpg\",\"@id\":\"https:\\\/\\\/hidalgo.nl\\\/de\\\/product\\\/gift-box-kraft-paper-geschenkverpakking\\\/#mainImage\"},\"primaryImageOfPage\":{\"@id\":\"https:\\\/\\\/hidalgo.nl\\\/de\\\/product\\\/gift-box-kraft-paper-geschenkverpakking\\\/#mainImage\"},\"datePublished\":\"2026-02-10T15:49:35+00:00\",\"dateModified\":\"2026-03-19T09:51:59+00:00\"},{\"@type\":\"Organization\",\"@id\":\"https:\\\/\\\/hidalgo.nl\\\/de\\\/#organization\",\"name\":\"Hidalgo\",\"url\":\"https:\\\/\\\/hidalgo.nl\\\/de\\\/\",\"logo\":{\"@type\":\"ImageObject\",\"url\":\"https:\\\/\\\/shop.hidalgo.nl\\\/wp-content\\\/uploads\\\/2025\\\/11\\\/cropped-Hidalgo-est1993.png\",\"@id\":\"https:\\\/\\\/hidalgo.nl\\\/de\\\/product\\\/gift-box-kraft-paper-geschenkverpakking\\\/#organizationLogo\",\"width\":585,\"height\":195},\"image\":{\"@id\":\"https:\\\/\\\/hidalgo.nl\\\/de\\\/product\\\/gift-box-kraft-paper-geschenkverpakking\\\/#organizationLogo\"}},{\"@type\":\"WebPage\",\"@id\":\"https:\\\/\\\/hidalgo.nl\\\/de\\\/product\\\/gift-box-kraft-paper-geschenkverpakking\\\/#webpage\",\"url\":\"https:\\\/\\\/hidalgo.nl\\\/de\\\/product\\\/gift-box-kraft-paper-geschenkverpakking\\\/\",\"name\":\"Gift Box Kraft Paper geschenkverpakking\",\"description\":\"Stabile Kraftkarton-Verpackung f\\u00fcr einen Stift mit nat\\u00fcrlicher Optik: sch\\u00fctzt dein Schreibger\\u00e4t unterwegs und setzt es wertig in Szene. Ideal als Geschenk-Box oder Stifte-Box f\\u00fcr Events & Onboarding. Hidalgo bedruckt sie mit deinem Logo f\\u00fcr einen einheitlichen Markenauftritt.\",\"inLanguage\":\"de-DE\",\"isPartOf\":{\"@id\":\"https:\\\/\\\/hidalgo.nl\\\/de\\\/#website\"},\"breadcrumb\":{\"@id\":\"https:\\\/\\\/hidalgo.nl\\\/de\\\/product\\\/gift-box-kraft-paper-geschenkverpakking\\\/#breadcrumblist\"},\"image\":{\"@type\":\"ImageObject\",\"url\":\"https:\\\/\\\/shop.hidalgo.nl\\\/wp-content\\\/uploads\\\/2025\\\/03\\\/a1dcad1c7d374e7d6ea2c27b2d32ee9f5bfed6af5e66adcec8cd2873b8787401.jpg\",\"@id\":\"https:\\\/\\\/hidalgo.nl\\\/de\\\/product\\\/gift-box-kraft-paper-geschenkverpakking\\\/#mainImage\"},\"primaryImageOfPage\":{\"@id\":\"https:\\\/\\\/hidalgo.nl\\\/de\\\/product\\\/gift-box-kraft-paper-geschenkverpakking\\\/#mainImage\"},\"datePublished\":\"2026-02-10T15:49:35+00:00\",\"dateModified\":\"2026-03-19T09:51:59+00:00\"},{\"@type\":\"WebSite\",\"@id\":\"https:\\\/\\\/hidalgo.nl\\\/de\\\/#website\",\"url\":\"https:\\\/\\\/hidalgo.nl\\\/de\\\/\",\"name\":\"Hidalgo\",\"inLanguage\":\"de-DE\",\"publisher\":{\"@id\":\"https:\\\/\\\/hidalgo.nl\\\/de\\\/#organization\"}}]}\n\t\t<\/script>\n\t\t<!-- All in One SEO Pro -->\r\n\t\t<title>Gift Box Kraft Paper geschenkverpakking<\/title>\n\n","aioseo_head_json":{"title":"Gift Box Kraft Paper geschenkverpakking","description":"Stabile Kraftkarton-Verpackung f\u00fcr einen Stift mit nat\u00fcrlicher Optik: sch\u00fctzt dein Schreibger\u00e4t unterwegs und setzt es wertig in Szene. Ideal als Geschenk-Box oder Stifte-Box f\u00fcr Events & Onboarding. Hidalgo bedruckt sie mit deinem Logo f\u00fcr einen einheitlichen Markenauftritt.","canonical_url":"https:\/\/hidalgo.nl\/de\/wp-json\/wp\/v2\/product\/839703","robots":"max-image-preview:large","keywords":"","webmasterTools":{"miscellaneous":""},"schema":{"@context":"https:\/\/schema.org","@graph":[{"@type":"BreadcrumbList","@id":"https:\/\/hidalgo.nl\/de\/product\/gift-box-kraft-paper-geschenkverpakking\/#breadcrumblist","itemListElement":[{"@type":"ListItem","@id":"https:\/\/hidalgo.nl\/de\/#listItem","position":1,"name":"Home","item":"https:\/\/hidalgo.nl\/de\/","nextItem":{"@type":"ListItem","@id":"https:\/\/hidalgo.nl\/example\/#listItem","name":"example"}},{"@type":"ListItem","@id":"https:\/\/hidalgo.nl\/example\/#listItem","position":2,"name":"example","item":"https:\/\/hidalgo.nl\/example\/","nextItem":{"@type":"ListItem","@id":"https:\/\/hidalgo.nl\/en\/product-supplier\/a24\/#listItem","name":"A24"},"previousItem":{"@type":"ListItem","@id":"https:\/\/hidalgo.nl\/de\/#listItem","name":"Home"}},{"@type":"ListItem","@id":"https:\/\/hidalgo.nl\/en\/product-supplier\/a24\/#listItem","position":3,"name":"A24","item":"https:\/\/hidalgo.nl\/en\/product-supplier\/a24\/","nextItem":{"@type":"ListItem","@id":"https:\/\/hidalgo.nl\/de\/product\/gift-box-kraft-paper-geschenkverpakking\/#listItem","name":"Gift Box Kraft Paper geschenkverpakking"},"previousItem":{"@type":"ListItem","@id":"https:\/\/hidalgo.nl\/example\/#listItem","name":"example"}},{"@type":"ListItem","@id":"https:\/\/hidalgo.nl\/de\/product\/gift-box-kraft-paper-geschenkverpakking\/#listItem","position":4,"name":"Gift Box Kraft Paper geschenkverpakking","previousItem":{"@type":"ListItem","@id":"https:\/\/hidalgo.nl\/en\/product-supplier\/a24\/#listItem","name":"A24"}}]},{"@type":"ItemPage","@id":"https:\/\/hidalgo.nl\/de\/product\/gift-box-kraft-paper-geschenkverpakking\/#itempage","url":"https:\/\/hidalgo.nl\/de\/product\/gift-box-kraft-paper-geschenkverpakking\/","name":"Gift Box Kraft Paper geschenkverpakking","description":"Stabile Kraftkarton-Verpackung f\u00fcr einen Stift mit nat\u00fcrlicher Optik: sch\u00fctzt dein Schreibger\u00e4t unterwegs und setzt es wertig in Szene. Ideal als Geschenk-Box oder Stifte-Box f\u00fcr Events & Onboarding. Hidalgo bedruckt sie mit deinem Logo f\u00fcr einen einheitlichen Markenauftritt.","inLanguage":"de-DE","isPartOf":{"@id":"https:\/\/hidalgo.nl\/de\/#website"},"breadcrumb":{"@id":"https:\/\/hidalgo.nl\/de\/product\/gift-box-kraft-paper-geschenkverpakking\/#breadcrumblist"},"image":{"@type":"ImageObject","url":"https:\/\/shop.hidalgo.nl\/wp-content\/uploads\/2025\/03\/a1dcad1c7d374e7d6ea2c27b2d32ee9f5bfed6af5e66adcec8cd2873b8787401.jpg","@id":"https:\/\/hidalgo.nl\/de\/product\/gift-box-kraft-paper-geschenkverpakking\/#mainImage"},"primaryImageOfPage":{"@id":"https:\/\/hidalgo.nl\/de\/product\/gift-box-kraft-paper-geschenkverpakking\/#mainImage"},"datePublished":"2026-02-10T15:49:35+00:00","dateModified":"2026-03-19T09:51:59+00:00"},{"@type":"Organization","@id":"https:\/\/hidalgo.nl\/de\/#organization","name":"Hidalgo","url":"https:\/\/hidalgo.nl\/de\/","logo":{"@type":"ImageObject","url":"https:\/\/shop.hidalgo.nl\/wp-content\/uploads\/2025\/11\/cropped-Hidalgo-est1993.png","@id":"https:\/\/hidalgo.nl\/de\/product\/gift-box-kraft-paper-geschenkverpakking\/#organizationLogo","width":585,"height":195},"image":{"@id":"https:\/\/hidalgo.nl\/de\/product\/gift-box-kraft-paper-geschenkverpakking\/#organizationLogo"}},{"@type":"WebPage","@id":"https:\/\/hidalgo.nl\/de\/product\/gift-box-kraft-paper-geschenkverpakking\/#webpage","url":"https:\/\/hidalgo.nl\/de\/product\/gift-box-kraft-paper-geschenkverpakking\/","name":"Gift Box Kraft Paper geschenkverpakking","description":"Stabile Kraftkarton-Verpackung f\u00fcr einen Stift mit nat\u00fcrlicher Optik: sch\u00fctzt dein Schreibger\u00e4t unterwegs und setzt es wertig in Szene. Ideal als Geschenk-Box oder Stifte-Box f\u00fcr Events & Onboarding. Hidalgo bedruckt sie mit deinem Logo f\u00fcr einen einheitlichen Markenauftritt.","inLanguage":"de-DE","isPartOf":{"@id":"https:\/\/hidalgo.nl\/de\/#website"},"breadcrumb":{"@id":"https:\/\/hidalgo.nl\/de\/product\/gift-box-kraft-paper-geschenkverpakking\/#breadcrumblist"},"image":{"@type":"ImageObject","url":"https:\/\/shop.hidalgo.nl\/wp-content\/uploads\/2025\/03\/a1dcad1c7d374e7d6ea2c27b2d32ee9f5bfed6af5e66adcec8cd2873b8787401.jpg","@id":"https:\/\/hidalgo.nl\/de\/product\/gift-box-kraft-paper-geschenkverpakking\/#mainImage"},"primaryImageOfPage":{"@id":"https:\/\/hidalgo.nl\/de\/product\/gift-box-kraft-paper-geschenkverpakking\/#mainImage"},"datePublished":"2026-02-10T15:49:35+00:00","dateModified":"2026-03-19T09:51:59+00:00"},{"@type":"WebSite","@id":"https:\/\/hidalgo.nl\/de\/#website","url":"https:\/\/hidalgo.nl\/de\/","name":"Hidalgo","inLanguage":"de-DE","publisher":{"@id":"https:\/\/hidalgo.nl\/de\/#organization"}}]},"og:locale":"de_DE","og:site_name":"Hidalgo -","og:type":"article","og:title":"Gift Box Kraft Paper geschenkverpakking","og:description":"Stabile Kraftkarton-Verpackung f\u00fcr einen Stift mit nat\u00fcrlicher Optik: sch\u00fctzt dein Schreibger\u00e4t unterwegs und setzt es wertig in Szene. Ideal als Geschenk-Box oder Stifte-Box f\u00fcr Events &amp; Onboarding. Hidalgo bedruckt sie mit deinem Logo f\u00fcr einen einheitlichen Markenauftritt.","og:url":"https:\/\/hidalgo.nl\/de\/wp-json\/wp\/v2\/product\/839703","og:image":"https:\/\/shop.hidalgo.nl\/wp-content\/uploads\/2025\/11\/cropped-Hidalgo-est1993.png","og:image:secure_url":"https:\/\/shop.hidalgo.nl\/wp-content\/uploads\/2025\/11\/cropped-Hidalgo-est1993.png","article:published_time":"2026-02-10T15:49:35+00:00","article:modified_time":"2026-03-19T09:51:59+00:00","twitter:card":"summary_large_image","twitter:title":"Gift Box Kraft Paper geschenkverpakking","twitter:description":"Stabile Kraftkarton-Verpackung f\u00fcr einen Stift mit nat\u00fcrlicher Optik: sch\u00fctzt dein Schreibger\u00e4t unterwegs und setzt es wertig in Szene. Ideal als Geschenk-Box oder Stifte-Box f\u00fcr Events &amp; Onboarding. Hidalgo bedruckt sie mit deinem Logo f\u00fcr einen einheitlichen Markenauftritt.","twitter:image":"https:\/\/shop.hidalgo.nl\/wp-content\/uploads\/2025\/11\/cropped-Hidalgo-est1993.png"},"aioseo_meta_data":{"post_id":"839703","title":null,"description":null,"keywords":null,"keyphrases":null,"primary_term":null,"canonical_url":null,"og_title":null,"og_description":null,"og_object_type":"default","og_image_type":"default","og_image_url":null,"og_image_width":null,"og_image_height":null,"og_image_custom_url":null,"og_image_custom_fields":null,"og_video":null,"og_custom_url":null,"og_article_section":null,"og_article_tags":null,"twitter_use_og":false,"twitter_card":"default","twitter_image_type":"default","twitter_image_url":null,"twitter_image_custom_url":null,"twitter_image_custom_fields":null,"twitter_title":null,"twitter_description":null,"schema":{"blockGraphs":[],"customGraphs":[],"default":{"data":{"Article":[],"Course":[],"Dataset":[],"FAQPage":[],"Movie":[],"Person":[],"Product":[],"ProductReview":[],"Car":[],"Recipe":[],"Service":[],"SoftwareApplication":[],"WebPage":[]},"graphName":"","isEnabled":true},"graphs":[]},"schema_type":"default","schema_type_options":null,"pillar_content":false,"robots_default":true,"robots_noindex":false,"robots_noarchive":false,"robots_nosnippet":false,"robots_nofollow":false,"robots_noimageindex":false,"robots_noodp":false,"robots_notranslate":false,"robots_max_snippet":null,"robots_max_videopreview":null,"robots_max_imagepreview":"large","priority":null,"frequency":null,"local_seo":null,"seo_analyzer_scan_date":"2026-02-10 15:58:30","breadcrumb_settings":null,"limit_modified_date":false,"reviewed_by":null,"open_ai":null,"ai":null,"created":"2026-02-10 15:52:50","updated":"2026-03-19 10:40:59"},"aioseo_breadcrumb":"<div class=\"aioseo-breadcrumbs\"><span class=\"aioseo-breadcrumb\">\n\t<a href=\"https:\/\/hidalgo.nl\/de\/\" title=\"Home\">Home<\/a>\n<\/span><span class=\"aioseo-breadcrumb-separator\">\u00bb<\/span><span class=\"aioseo-breadcrumb\">\n\t<a href=\"https:\/\/hidalgo.nl\/example\/\" title=\"example\">example<\/a>\n<\/span><span class=\"aioseo-breadcrumb-separator\">\u00bb<\/span><span class=\"aioseo-breadcrumb\">\n\t<a href=\"https:\/\/hidalgo.nl\/en\/product-supplier\/a24\/\" title=\"A24\">A24<\/a>\n<\/span><span class=\"aioseo-breadcrumb-separator\">\u00bb<\/span><span class=\"aioseo-breadcrumb\">\n\tGift Box Kraft Paper geschenkverpakking\n<\/span><\/div>","aioseo_breadcrumb_json":[{"label":"Home","link":"https:\/\/hidalgo.nl\/de\/"},{"label":"example","link":"https:\/\/hidalgo.nl\/example\/"},{"label":"A24","link":"https:\/\/hidalgo.nl\/en\/product-supplier\/a24\/"},{"label":"Gift Box Kraft Paper geschenkverpakking","link":"https:\/\/hidalgo.nl\/de\/product\/gift-box-kraft-paper-geschenkverpakking\/"}],"_links":{"self":[{"href":"https:\/\/hidalgo.nl\/de\/wp-json\/wp\/v2\/product\/839703","targetHints":{"allow":["GET"]}}],"collection":[{"href":"https:\/\/hidalgo.nl\/de\/wp-json\/wp\/v2\/product"}],"about":[{"href":"https:\/\/hidalgo.nl\/de\/wp-json\/wp\/v2\/types\/product"}],"wp:featuredmedia":[{"embeddable":true,"href":"https:\/\/hidalgo.nl\/de\/wp-json\/wp\/v2\/media\/839704"}],"wp:attachment":[{"href":"https:\/\/hidalgo.nl\/de\/wp-json\/wp\/v2\/media?parent=839703"}],"wp:term":[{"taxonomy":"product_brand","embeddable":true,"href":"https:\/\/hidalgo.nl\/de\/wp-json\/wp\/v2\/product_brand?post=839703"},{"taxonomy":"product_cat","embeddable":true,"href":"https:\/\/hidalgo.nl\/de\/wp-json\/wp\/v2\/product_cat?post=839703"},{"taxonomy":"product_tag","embeddable":true,"href":"https:\/\/hidalgo.nl\/de\/wp-json\/wp\/v2\/product_tag?post=839703"}],"curies":[{"name":"wp","href":"https:\/\/api.w.org\/{rel}","templated":true}]}}