{"id":839694,"date":"2026-02-10T15:49:35","date_gmt":"2026-02-10T15:49:35","guid":{"rendered":"https:\/\/hidalgo.nl\/product\/custommade-geschenkverpakking-flessen-klein\/"},"modified":"2026-02-26T07:47:30","modified_gmt":"2026-02-26T07:47:30","slug":"custommade-geschenkverpakking-flessen-klein","status":"publish","type":"product","link":"https:\/\/hidalgo.nl\/de\/product\/839694\/kleiner-geschenkkarton-fuer-flaschen-und-becher\/","title":{"rendered":"Custommade geschenkverpakking flessen klein"},"content":{"rendered":"<p>Kartonnen geschenkverpakking voor thermosflessen &amp; flacons. All-over digitaal-eco-printing mogelijk. FSC gecertificeerd en gemaakt in Europa.<\/p>\n","protected":false},"excerpt":{"rendered":"<p>Kartonnen geschenkverpakking voor thermosflessen &amp; flacons. All-over digitaal-eco-printing mogelijk. FSC gecertificeerd en gemaakt in Europa.<\/p>\n","protected":false},"featured_media":839695,"template":"","meta":{"_acf_changed":false,"om_disable_all_campaigns":false,"_monsterinsights_skip_tracking":false,"_monsterinsights_sitenote_active":false,"_monsterinsights_sitenote_note":"","_monsterinsights_sitenote_category":0},"product_brand":[],"product_cat":[4878,4762],"product_tag":[],"class_list":{"0":"post-839694","1":"product","2":"type-product","3":"status-publish","4":"has-post-thumbnail","6":"product_supplier-a53","7":"product_cat-geschenk-pakketten-dozen","8":"product_cat-geschenk-pakketten","9":"entry","11":"first","12":"instock","13":"taxable","14":"shipping-taxable","15":"purchasable","16":"product-type-variable"},"acf":{"imprint_cost":[{"imprint_cost_key":"bbcc156ddf9b3cdc172b09cf0a0a1f5d3237414b","product_quantity_price_range":[{"imprint_cost_recommended_selling_price":"0.66","imprint_cost_recommended_selling_quantity":"1"},{"imprint_cost_recommended_selling_price":"0.54","imprint_cost_recommended_selling_quantity":"10"},{"imprint_cost_recommended_selling_price":"0.51","imprint_cost_recommended_selling_quantity":"25"},{"imprint_cost_recommended_selling_price":"0.465","imprint_cost_recommended_selling_quantity":"50"},{"imprint_cost_recommended_selling_price":"0.42","imprint_cost_recommended_selling_quantity":"100"},{"imprint_cost_recommended_selling_price":"0.405","imprint_cost_recommended_selling_quantity":"250"},{"imprint_cost_recommended_selling_price":"0.3975","imprint_cost_recommended_selling_quantity":"500"},{"imprint_cost_recommended_selling_price":"0.375","imprint_cost_recommended_selling_quantity":"1000"},{"imprint_cost_recommended_selling_price":"0.36","imprint_cost_recommended_selling_quantity":"2500"},{"imprint_cost_recommended_selling_price":"0.33","imprint_cost_recommended_selling_quantity":"5000"},{"imprint_cost_recommended_selling_price":"0.315","imprint_cost_recommended_selling_quantity":"10000"}],"product_quantity_price_range_buying":[{"imprint_cost_general_buying_price":"0.44","imprint_cost_general_buying_quantity":"1"},{"imprint_cost_general_buying_price":"0.36","imprint_cost_general_buying_quantity":"10"},{"imprint_cost_general_buying_price":"0.34","imprint_cost_general_buying_quantity":"25"},{"imprint_cost_general_buying_price":"0.31","imprint_cost_general_buying_quantity":"50"},{"imprint_cost_general_buying_price":"0.28","imprint_cost_general_buying_quantity":"100"},{"imprint_cost_general_buying_price":"0.27","imprint_cost_general_buying_quantity":"250"},{"imprint_cost_general_buying_price":"0.265","imprint_cost_general_buying_quantity":"500"},{"imprint_cost_general_buying_price":"0.25","imprint_cost_general_buying_quantity":"1000"},{"imprint_cost_general_buying_price":"0.24","imprint_cost_general_buying_quantity":"2500"},{"imprint_cost_general_buying_price":"0.22","imprint_cost_general_buying_quantity":"5000"},{"imprint_cost_general_buying_price":"0.21","imprint_cost_general_buying_quantity":"10000"}],"imprint_cost_setup_costs":"54","imprint_cost_handling_costs":"0"}]},"aioseo_notices":[],"aioseo_head":"\n\t\t<!-- All in One SEO Pro 4.9.5.2 - aioseo.com -->\n\t<meta name=\"description\" content=\"Du suchst eine cleane Verpackungsl\u00f6sung kleine Flaschen? Mit dieser ma\u00dfgefertigten Kartonage sch\u00fctzt du deine Pr\u00e4sente stilvoll. Lass die Flaschenverpackung individuell bedrucken und setze dein Firmenlogo optimal in Szene.\" \/>\n\t<meta name=\"robots\" content=\"max-image-preview:large\" \/>\n\t<link rel=\"canonical\" href=\"https:\/\/hidalgo.nl\/de\/wp-json\/wp\/v2\/product\/839694\" \/>\n\t<meta name=\"generator\" content=\"All in One SEO Pro (AIOSEO) 4.9.5.2\" \/>\n\t\t<meta property=\"og:locale\" content=\"de_DE\" \/>\n\t\t<meta property=\"og:site_name\" content=\"Hidalgo -\" \/>\n\t\t<meta property=\"og:type\" content=\"article\" \/>\n\t\t<meta property=\"og:title\" content=\"Kleiner Geschenkkarton f\u00fcr Flaschen und Becher\" \/>\n\t\t<meta property=\"og:description\" content=\"Du suchst eine cleane Verpackungsl\u00f6sung kleine Flaschen? Mit dieser ma\u00dfgefertigten Kartonage sch\u00fctzt du deine Pr\u00e4sente stilvoll. Lass die Flaschenverpackung individuell bedrucken und setze dein Firmenlogo optimal in Szene.\" \/>\n\t\t<meta property=\"og:url\" content=\"https:\/\/hidalgo.nl\/de\/wp-json\/wp\/v2\/product\/839694\" \/>\n\t\t<meta property=\"og:image\" content=\"https:\/\/shop.hidalgo.nl\/wp-content\/uploads\/2025\/11\/cropped-Hidalgo-est1993.png\" \/>\n\t\t<meta property=\"og:image:secure_url\" content=\"https:\/\/shop.hidalgo.nl\/wp-content\/uploads\/2025\/11\/cropped-Hidalgo-est1993.png\" \/>\n\t\t<meta property=\"article:published_time\" content=\"2026-02-10T15:49:35+00:00\" \/>\n\t\t<meta property=\"article:modified_time\" content=\"2026-02-26T07:47:30+00:00\" \/>\n\t\t<meta name=\"twitter:card\" content=\"summary_large_image\" \/>\n\t\t<meta name=\"twitter:title\" content=\"Kleiner Geschenkkarton f\u00fcr Flaschen und Becher\" \/>\n\t\t<meta name=\"twitter:description\" content=\"Du suchst eine cleane Verpackungsl\u00f6sung kleine Flaschen? Mit dieser ma\u00dfgefertigten Kartonage sch\u00fctzt du deine Pr\u00e4sente stilvoll. Lass die Flaschenverpackung individuell bedrucken und setze dein Firmenlogo optimal in Szene.\" \/>\n\t\t<meta name=\"twitter:image\" content=\"https:\/\/shop.hidalgo.nl\/wp-content\/uploads\/2025\/11\/cropped-Hidalgo-est1993.png\" \/>\n\t\t<script type=\"application\/ld+json\" class=\"aioseo-schema\">\n\t\t\t{\"@context\":\"https:\\\/\\\/schema.org\",\"@graph\":[{\"@type\":\"BreadcrumbList\",\"@id\":\"https:\\\/\\\/hidalgo.nl\\\/de\\\/product\\\/839694\\\/kleiner-geschenkkarton-fuer-flaschen-und-becher\\\/#breadcrumblist\",\"itemListElement\":[{\"@type\":\"ListItem\",\"@id\":\"https:\\\/\\\/hidalgo.nl\\\/de\\\/#listItem\",\"position\":1,\"name\":\"Home\",\"item\":\"https:\\\/\\\/hidalgo.nl\\\/de\\\/\",\"nextItem\":{\"@type\":\"ListItem\",\"@id\":\"https:\\\/\\\/hidalgo.nl\\\/example\\\/#listItem\",\"name\":\"example\"}},{\"@type\":\"ListItem\",\"@id\":\"https:\\\/\\\/hidalgo.nl\\\/example\\\/#listItem\",\"position\":2,\"name\":\"example\",\"item\":\"https:\\\/\\\/hidalgo.nl\\\/example\\\/\",\"nextItem\":{\"@type\":\"ListItem\",\"@id\":\"https:\\\/\\\/hidalgo.nl\\\/en\\\/product-supplier\\\/a53\\\/#listItem\",\"name\":\"A53\"},\"previousItem\":{\"@type\":\"ListItem\",\"@id\":\"https:\\\/\\\/hidalgo.nl\\\/de\\\/#listItem\",\"name\":\"Home\"}},{\"@type\":\"ListItem\",\"@id\":\"https:\\\/\\\/hidalgo.nl\\\/en\\\/product-supplier\\\/a53\\\/#listItem\",\"position\":3,\"name\":\"A53\",\"item\":\"https:\\\/\\\/hidalgo.nl\\\/en\\\/product-supplier\\\/a53\\\/\",\"nextItem\":{\"@type\":\"ListItem\",\"@id\":\"https:\\\/\\\/hidalgo.nl\\\/de\\\/product\\\/839694\\\/kleiner-geschenkkarton-fuer-flaschen-und-becher\\\/#listItem\",\"name\":\"Custommade geschenkverpakking flessen klein\"},\"previousItem\":{\"@type\":\"ListItem\",\"@id\":\"https:\\\/\\\/hidalgo.nl\\\/example\\\/#listItem\",\"name\":\"example\"}},{\"@type\":\"ListItem\",\"@id\":\"https:\\\/\\\/hidalgo.nl\\\/de\\\/product\\\/839694\\\/kleiner-geschenkkarton-fuer-flaschen-und-becher\\\/#listItem\",\"position\":4,\"name\":\"Custommade geschenkverpakking flessen klein\",\"previousItem\":{\"@type\":\"ListItem\",\"@id\":\"https:\\\/\\\/hidalgo.nl\\\/en\\\/product-supplier\\\/a53\\\/#listItem\",\"name\":\"A53\"}}]},{\"@type\":\"ItemPage\",\"@id\":\"https:\\\/\\\/hidalgo.nl\\\/de\\\/product\\\/839694\\\/kleiner-geschenkkarton-fuer-flaschen-und-becher\\\/#itempage\",\"url\":\"https:\\\/\\\/hidalgo.nl\\\/de\\\/product\\\/839694\\\/kleiner-geschenkkarton-fuer-flaschen-und-becher\\\/\",\"name\":\"Kleiner Geschenkkarton f\\u00fcr Flaschen und Becher\",\"description\":\"Du suchst eine cleane Verpackungsl\\u00f6sung kleine Flaschen? Mit dieser ma\\u00dfgefertigten Kartonage sch\\u00fctzt du deine Pr\\u00e4sente stilvoll. Lass die Flaschenverpackung individuell bedrucken und setze dein Firmenlogo optimal in Szene.\",\"inLanguage\":\"de-DE\",\"isPartOf\":{\"@id\":\"https:\\\/\\\/hidalgo.nl\\\/de\\\/#website\"},\"breadcrumb\":{\"@id\":\"https:\\\/\\\/hidalgo.nl\\\/de\\\/product\\\/839694\\\/kleiner-geschenkkarton-fuer-flaschen-und-becher\\\/#breadcrumblist\"},\"image\":{\"@type\":\"ImageObject\",\"url\":\"https:\\\/\\\/shop.hidalgo.nl\\\/wp-content\\\/uploads\\\/2025\\\/12\\\/053a6aedb58093dd5a8e8ddbdb687421cf965437f556ca37c845192def7a82f7.jpg\",\"@id\":\"https:\\\/\\\/hidalgo.nl\\\/de\\\/product\\\/839694\\\/kleiner-geschenkkarton-fuer-flaschen-und-becher\\\/#mainImage\"},\"primaryImageOfPage\":{\"@id\":\"https:\\\/\\\/hidalgo.nl\\\/de\\\/product\\\/839694\\\/kleiner-geschenkkarton-fuer-flaschen-und-becher\\\/#mainImage\"},\"datePublished\":\"2026-02-10T15:49:35+00:00\",\"dateModified\":\"2026-02-26T07:47:30+00:00\"},{\"@type\":\"Organization\",\"@id\":\"https:\\\/\\\/hidalgo.nl\\\/de\\\/#organization\",\"name\":\"Hidalgo\",\"url\":\"https:\\\/\\\/hidalgo.nl\\\/de\\\/\",\"logo\":{\"@type\":\"ImageObject\",\"url\":\"https:\\\/\\\/shop.hidalgo.nl\\\/wp-content\\\/uploads\\\/2025\\\/11\\\/cropped-Hidalgo-est1993.png\",\"@id\":\"https:\\\/\\\/hidalgo.nl\\\/de\\\/product\\\/839694\\\/kleiner-geschenkkarton-fuer-flaschen-und-becher\\\/#organizationLogo\",\"width\":585,\"height\":195},\"image\":{\"@id\":\"https:\\\/\\\/hidalgo.nl\\\/de\\\/product\\\/839694\\\/kleiner-geschenkkarton-fuer-flaschen-und-becher\\\/#organizationLogo\"}},{\"@type\":\"WebPage\",\"@id\":\"https:\\\/\\\/hidalgo.nl\\\/de\\\/product\\\/839694\\\/kleiner-geschenkkarton-fuer-flaschen-und-becher\\\/#webpage\",\"url\":\"https:\\\/\\\/hidalgo.nl\\\/de\\\/product\\\/839694\\\/kleiner-geschenkkarton-fuer-flaschen-und-becher\\\/\",\"name\":\"Kleiner Geschenkkarton f\\u00fcr Flaschen und Becher\",\"description\":\"Du suchst eine cleane Verpackungsl\\u00f6sung kleine Flaschen? Mit dieser ma\\u00dfgefertigten Kartonage sch\\u00fctzt du deine Pr\\u00e4sente stilvoll. Lass die Flaschenverpackung individuell bedrucken und setze dein Firmenlogo optimal in Szene.\",\"inLanguage\":\"de-DE\",\"isPartOf\":{\"@id\":\"https:\\\/\\\/hidalgo.nl\\\/de\\\/#website\"},\"breadcrumb\":{\"@id\":\"https:\\\/\\\/hidalgo.nl\\\/de\\\/product\\\/839694\\\/kleiner-geschenkkarton-fuer-flaschen-und-becher\\\/#breadcrumblist\"},\"image\":{\"@type\":\"ImageObject\",\"url\":\"https:\\\/\\\/shop.hidalgo.nl\\\/wp-content\\\/uploads\\\/2025\\\/12\\\/053a6aedb58093dd5a8e8ddbdb687421cf965437f556ca37c845192def7a82f7.jpg\",\"@id\":\"https:\\\/\\\/hidalgo.nl\\\/de\\\/product\\\/839694\\\/kleiner-geschenkkarton-fuer-flaschen-und-becher\\\/#mainImage\"},\"primaryImageOfPage\":{\"@id\":\"https:\\\/\\\/hidalgo.nl\\\/de\\\/product\\\/839694\\\/kleiner-geschenkkarton-fuer-flaschen-und-becher\\\/#mainImage\"},\"datePublished\":\"2026-02-10T15:49:35+00:00\",\"dateModified\":\"2026-02-26T07:47:30+00:00\"},{\"@type\":\"WebSite\",\"@id\":\"https:\\\/\\\/hidalgo.nl\\\/de\\\/#website\",\"url\":\"https:\\\/\\\/hidalgo.nl\\\/de\\\/\",\"name\":\"Hidalgo\",\"inLanguage\":\"de-DE\",\"publisher\":{\"@id\":\"https:\\\/\\\/hidalgo.nl\\\/de\\\/#organization\"}}]}\n\t\t<\/script>\n\t\t<!-- All in One SEO Pro -->\r\n\t\t<title>Kleiner Geschenkkarton f\u00fcr Flaschen und Becher<\/title>\n\n","aioseo_head_json":{"title":"Kleiner Geschenkkarton f\u00fcr Flaschen und Becher","description":"Du suchst eine cleane Verpackungsl\u00f6sung kleine Flaschen? Mit dieser ma\u00dfgefertigten Kartonage sch\u00fctzt du deine Pr\u00e4sente stilvoll. Lass die Flaschenverpackung individuell bedrucken und setze dein Firmenlogo optimal in Szene.","canonical_url":"https:\/\/hidalgo.nl\/de\/wp-json\/wp\/v2\/product\/839694","robots":"max-image-preview:large","keywords":"","webmasterTools":{"miscellaneous":""},"schema":{"@context":"https:\/\/schema.org","@graph":[{"@type":"BreadcrumbList","@id":"https:\/\/hidalgo.nl\/de\/product\/839694\/kleiner-geschenkkarton-fuer-flaschen-und-becher\/#breadcrumblist","itemListElement":[{"@type":"ListItem","@id":"https:\/\/hidalgo.nl\/de\/#listItem","position":1,"name":"Home","item":"https:\/\/hidalgo.nl\/de\/","nextItem":{"@type":"ListItem","@id":"https:\/\/hidalgo.nl\/example\/#listItem","name":"example"}},{"@type":"ListItem","@id":"https:\/\/hidalgo.nl\/example\/#listItem","position":2,"name":"example","item":"https:\/\/hidalgo.nl\/example\/","nextItem":{"@type":"ListItem","@id":"https:\/\/hidalgo.nl\/en\/product-supplier\/a53\/#listItem","name":"A53"},"previousItem":{"@type":"ListItem","@id":"https:\/\/hidalgo.nl\/de\/#listItem","name":"Home"}},{"@type":"ListItem","@id":"https:\/\/hidalgo.nl\/en\/product-supplier\/a53\/#listItem","position":3,"name":"A53","item":"https:\/\/hidalgo.nl\/en\/product-supplier\/a53\/","nextItem":{"@type":"ListItem","@id":"https:\/\/hidalgo.nl\/de\/product\/839694\/kleiner-geschenkkarton-fuer-flaschen-und-becher\/#listItem","name":"Custommade geschenkverpakking flessen klein"},"previousItem":{"@type":"ListItem","@id":"https:\/\/hidalgo.nl\/example\/#listItem","name":"example"}},{"@type":"ListItem","@id":"https:\/\/hidalgo.nl\/de\/product\/839694\/kleiner-geschenkkarton-fuer-flaschen-und-becher\/#listItem","position":4,"name":"Custommade geschenkverpakking flessen klein","previousItem":{"@type":"ListItem","@id":"https:\/\/hidalgo.nl\/en\/product-supplier\/a53\/#listItem","name":"A53"}}]},{"@type":"ItemPage","@id":"https:\/\/hidalgo.nl\/de\/product\/839694\/kleiner-geschenkkarton-fuer-flaschen-und-becher\/#itempage","url":"https:\/\/hidalgo.nl\/de\/product\/839694\/kleiner-geschenkkarton-fuer-flaschen-und-becher\/","name":"Kleiner Geschenkkarton f\u00fcr Flaschen und Becher","description":"Du suchst eine cleane Verpackungsl\u00f6sung kleine Flaschen? Mit dieser ma\u00dfgefertigten Kartonage sch\u00fctzt du deine Pr\u00e4sente stilvoll. Lass die Flaschenverpackung individuell bedrucken und setze dein Firmenlogo optimal in Szene.","inLanguage":"de-DE","isPartOf":{"@id":"https:\/\/hidalgo.nl\/de\/#website"},"breadcrumb":{"@id":"https:\/\/hidalgo.nl\/de\/product\/839694\/kleiner-geschenkkarton-fuer-flaschen-und-becher\/#breadcrumblist"},"image":{"@type":"ImageObject","url":"https:\/\/shop.hidalgo.nl\/wp-content\/uploads\/2025\/12\/053a6aedb58093dd5a8e8ddbdb687421cf965437f556ca37c845192def7a82f7.jpg","@id":"https:\/\/hidalgo.nl\/de\/product\/839694\/kleiner-geschenkkarton-fuer-flaschen-und-becher\/#mainImage"},"primaryImageOfPage":{"@id":"https:\/\/hidalgo.nl\/de\/product\/839694\/kleiner-geschenkkarton-fuer-flaschen-und-becher\/#mainImage"},"datePublished":"2026-02-10T15:49:35+00:00","dateModified":"2026-02-26T07:47:30+00:00"},{"@type":"Organization","@id":"https:\/\/hidalgo.nl\/de\/#organization","name":"Hidalgo","url":"https:\/\/hidalgo.nl\/de\/","logo":{"@type":"ImageObject","url":"https:\/\/shop.hidalgo.nl\/wp-content\/uploads\/2025\/11\/cropped-Hidalgo-est1993.png","@id":"https:\/\/hidalgo.nl\/de\/product\/839694\/kleiner-geschenkkarton-fuer-flaschen-und-becher\/#organizationLogo","width":585,"height":195},"image":{"@id":"https:\/\/hidalgo.nl\/de\/product\/839694\/kleiner-geschenkkarton-fuer-flaschen-und-becher\/#organizationLogo"}},{"@type":"WebPage","@id":"https:\/\/hidalgo.nl\/de\/product\/839694\/kleiner-geschenkkarton-fuer-flaschen-und-becher\/#webpage","url":"https:\/\/hidalgo.nl\/de\/product\/839694\/kleiner-geschenkkarton-fuer-flaschen-und-becher\/","name":"Kleiner Geschenkkarton f\u00fcr Flaschen und Becher","description":"Du suchst eine cleane Verpackungsl\u00f6sung kleine Flaschen? Mit dieser ma\u00dfgefertigten Kartonage sch\u00fctzt du deine Pr\u00e4sente stilvoll. Lass die Flaschenverpackung individuell bedrucken und setze dein Firmenlogo optimal in Szene.","inLanguage":"de-DE","isPartOf":{"@id":"https:\/\/hidalgo.nl\/de\/#website"},"breadcrumb":{"@id":"https:\/\/hidalgo.nl\/de\/product\/839694\/kleiner-geschenkkarton-fuer-flaschen-und-becher\/#breadcrumblist"},"image":{"@type":"ImageObject","url":"https:\/\/shop.hidalgo.nl\/wp-content\/uploads\/2025\/12\/053a6aedb58093dd5a8e8ddbdb687421cf965437f556ca37c845192def7a82f7.jpg","@id":"https:\/\/hidalgo.nl\/de\/product\/839694\/kleiner-geschenkkarton-fuer-flaschen-und-becher\/#mainImage"},"primaryImageOfPage":{"@id":"https:\/\/hidalgo.nl\/de\/product\/839694\/kleiner-geschenkkarton-fuer-flaschen-und-becher\/#mainImage"},"datePublished":"2026-02-10T15:49:35+00:00","dateModified":"2026-02-26T07:47:30+00:00"},{"@type":"WebSite","@id":"https:\/\/hidalgo.nl\/de\/#website","url":"https:\/\/hidalgo.nl\/de\/","name":"Hidalgo","inLanguage":"de-DE","publisher":{"@id":"https:\/\/hidalgo.nl\/de\/#organization"}}]},"og:locale":"de_DE","og:site_name":"Hidalgo -","og:type":"article","og:title":"Kleiner Geschenkkarton f\u00fcr Flaschen und Becher","og:description":"Du suchst eine cleane Verpackungsl\u00f6sung kleine Flaschen? Mit dieser ma\u00dfgefertigten Kartonage sch\u00fctzt du deine Pr\u00e4sente stilvoll. Lass die Flaschenverpackung individuell bedrucken und setze dein Firmenlogo optimal in Szene.","og:url":"https:\/\/hidalgo.nl\/de\/wp-json\/wp\/v2\/product\/839694","og:image":"https:\/\/shop.hidalgo.nl\/wp-content\/uploads\/2025\/11\/cropped-Hidalgo-est1993.png","og:image:secure_url":"https:\/\/shop.hidalgo.nl\/wp-content\/uploads\/2025\/11\/cropped-Hidalgo-est1993.png","article:published_time":"2026-02-10T15:49:35+00:00","article:modified_time":"2026-02-26T07:47:30+00:00","twitter:card":"summary_large_image","twitter:title":"Kleiner Geschenkkarton f\u00fcr Flaschen und Becher","twitter:description":"Du suchst eine cleane Verpackungsl\u00f6sung kleine Flaschen? Mit dieser ma\u00dfgefertigten Kartonage sch\u00fctzt du deine Pr\u00e4sente stilvoll. Lass die Flaschenverpackung individuell bedrucken und setze dein Firmenlogo optimal in Szene.","twitter:image":"https:\/\/shop.hidalgo.nl\/wp-content\/uploads\/2025\/11\/cropped-Hidalgo-est1993.png"},"aioseo_meta_data":{"post_id":"839694","title":null,"description":null,"keywords":null,"keyphrases":null,"primary_term":null,"canonical_url":null,"og_title":null,"og_description":null,"og_object_type":"default","og_image_type":"default","og_image_url":null,"og_image_width":null,"og_image_height":null,"og_image_custom_url":null,"og_image_custom_fields":null,"og_video":null,"og_custom_url":null,"og_article_section":null,"og_article_tags":null,"twitter_use_og":false,"twitter_card":"default","twitter_image_type":"default","twitter_image_url":null,"twitter_image_custom_url":null,"twitter_image_custom_fields":null,"twitter_title":null,"twitter_description":null,"schema":{"blockGraphs":[],"customGraphs":[],"default":{"data":{"Article":[],"Course":[],"Dataset":[],"FAQPage":[],"Movie":[],"Person":[],"Product":[],"ProductReview":[],"Car":[],"Recipe":[],"Service":[],"SoftwareApplication":[],"WebPage":[]},"graphName":"","isEnabled":true},"graphs":[]},"schema_type":"default","schema_type_options":null,"pillar_content":false,"robots_default":true,"robots_noindex":false,"robots_noarchive":false,"robots_nosnippet":false,"robots_nofollow":false,"robots_noimageindex":false,"robots_noodp":false,"robots_notranslate":false,"robots_max_snippet":null,"robots_max_videopreview":null,"robots_max_imagepreview":"large","priority":null,"frequency":null,"local_seo":null,"seo_analyzer_scan_date":"2026-02-10 15:55:38","breadcrumb_settings":null,"limit_modified_date":false,"reviewed_by":null,"open_ai":null,"ai":null,"created":"2026-02-10 15:52:50","updated":"2026-02-26 13:11:01"},"aioseo_breadcrumb":"<div class=\"aioseo-breadcrumbs\"><span class=\"aioseo-breadcrumb\">\n\t<a href=\"https:\/\/hidalgo.nl\/de\/\" title=\"Home\">Home<\/a>\n<\/span><span class=\"aioseo-breadcrumb-separator\">\u00bb<\/span><span class=\"aioseo-breadcrumb\">\n\t<a href=\"https:\/\/hidalgo.nl\/example\/\" title=\"example\">example<\/a>\n<\/span><span class=\"aioseo-breadcrumb-separator\">\u00bb<\/span><span class=\"aioseo-breadcrumb\">\n\t<a href=\"https:\/\/hidalgo.nl\/en\/product-supplier\/a53\/\" title=\"A53\">A53<\/a>\n<\/span><span class=\"aioseo-breadcrumb-separator\">\u00bb<\/span><span class=\"aioseo-breadcrumb\">\n\tCustommade geschenkverpakking flessen klein\n<\/span><\/div>","aioseo_breadcrumb_json":[{"label":"Home","link":"https:\/\/hidalgo.nl\/de\/"},{"label":"example","link":"https:\/\/hidalgo.nl\/example\/"},{"label":"A53","link":"https:\/\/hidalgo.nl\/en\/product-supplier\/a53\/"},{"label":"Custommade geschenkverpakking flessen klein","link":"https:\/\/hidalgo.nl\/de\/product\/839694\/kleiner-geschenkkarton-fuer-flaschen-und-becher\/"}],"_links":{"self":[{"href":"https:\/\/hidalgo.nl\/de\/wp-json\/wp\/v2\/product\/839694","targetHints":{"allow":["GET"]}}],"collection":[{"href":"https:\/\/hidalgo.nl\/de\/wp-json\/wp\/v2\/product"}],"about":[{"href":"https:\/\/hidalgo.nl\/de\/wp-json\/wp\/v2\/types\/product"}],"wp:featuredmedia":[{"embeddable":true,"href":"https:\/\/hidalgo.nl\/de\/wp-json\/wp\/v2\/media\/839695"}],"wp:attachment":[{"href":"https:\/\/hidalgo.nl\/de\/wp-json\/wp\/v2\/media?parent=839694"}],"wp:term":[{"taxonomy":"product_brand","embeddable":true,"href":"https:\/\/hidalgo.nl\/de\/wp-json\/wp\/v2\/product_brand?post=839694"},{"taxonomy":"product_cat","embeddable":true,"href":"https:\/\/hidalgo.nl\/de\/wp-json\/wp\/v2\/product_cat?post=839694"},{"taxonomy":"product_tag","embeddable":true,"href":"https:\/\/hidalgo.nl\/de\/wp-json\/wp\/v2\/product_tag?post=839694"}],"curies":[{"name":"wp","href":"https:\/\/api.w.org\/{rel}","templated":true}]}}