{"id":839625,"date":"2026-02-10T15:49:31","date_gmt":"2026-02-10T15:49:31","guid":{"rendered":"https:\/\/hidalgo.nl\/product\/custommade-geschenkdoos-voor-6-mokken-34-7-x-24-3-x-9-9-cm\/"},"modified":"2026-04-24T18:21:47","modified_gmt":"2026-04-24T18:21:47","slug":"custommade-geschenkdoos-voor-6-mokken-34-7-x-24-3-x-9-9-cm","status":"publish","type":"product","link":"https:\/\/hidalgo.nl\/de\/product\/839625\/geschenkbox-6-tassen-bedrucken-fsc-karton-raster-35x24cm\/","title":{"rendered":"Custommade geschenkdoos voor 6 mokken 34.7 x 24.3 x 9.9 cm"},"content":{"rendered":"<p>Kartonnen geschenkverpakking voor 6 mokken. Inclusief raster. All-over digitaal-eco-printing mogelijk. FSC gecertificeerd en gemaakt in Europa.<\/p>\n","protected":false},"excerpt":{"rendered":"<p>Kartonnen geschenkverpakking voor 6 mokken. Inclusief raster. All-over digitaal-eco-printing mogelijk. FSC gecertificeerd en gemaakt in Europa.<\/p>\n","protected":false},"featured_media":839626,"template":"","meta":{"_acf_changed":false,"om_disable_all_campaigns":false,"_monsterinsights_skip_tracking":false,"_monsterinsights_sitenote_active":false,"_monsterinsights_sitenote_note":"","_monsterinsights_sitenote_category":0},"product_brand":[],"product_cat":[4878,4762],"product_tag":[],"class_list":{"0":"post-839625","1":"product","2":"type-product","3":"status-publish","4":"has-post-thumbnail","6":"product_supplier-a53","7":"product_cat-geschenk-pakketten-dozen","8":"product_cat-geschenk-pakketten","9":"entry","11":"first","12":"instock","13":"taxable","14":"shipping-taxable","15":"purchasable","16":"product-type-variable"},"acf":{"imprint_cost":[{"imprint_cost_key":"b011e655dee3b825df071d6e200e92070ebc9640","product_quantity_price_range":[{"imprint_cost_recommended_selling_price":"0.66","imprint_cost_recommended_selling_quantity":"1"},{"imprint_cost_recommended_selling_price":"0.54","imprint_cost_recommended_selling_quantity":"10"},{"imprint_cost_recommended_selling_price":"0.51","imprint_cost_recommended_selling_quantity":"25"},{"imprint_cost_recommended_selling_price":"0.465","imprint_cost_recommended_selling_quantity":"50"},{"imprint_cost_recommended_selling_price":"0.42","imprint_cost_recommended_selling_quantity":"100"},{"imprint_cost_recommended_selling_price":"0.405","imprint_cost_recommended_selling_quantity":"250"},{"imprint_cost_recommended_selling_price":"0.3975","imprint_cost_recommended_selling_quantity":"500"},{"imprint_cost_recommended_selling_price":"0.375","imprint_cost_recommended_selling_quantity":"1000"},{"imprint_cost_recommended_selling_price":"0.36","imprint_cost_recommended_selling_quantity":"2500"},{"imprint_cost_recommended_selling_price":"0.33","imprint_cost_recommended_selling_quantity":"5000"},{"imprint_cost_recommended_selling_price":"0.315","imprint_cost_recommended_selling_quantity":"10000"}],"product_quantity_price_range_buying":[{"imprint_cost_general_buying_price":"0.44","imprint_cost_general_buying_quantity":"1"},{"imprint_cost_general_buying_price":"0.36","imprint_cost_general_buying_quantity":"10"},{"imprint_cost_general_buying_price":"0.34","imprint_cost_general_buying_quantity":"25"},{"imprint_cost_general_buying_price":"0.31","imprint_cost_general_buying_quantity":"50"},{"imprint_cost_general_buying_price":"0.28","imprint_cost_general_buying_quantity":"100"},{"imprint_cost_general_buying_price":"0.27","imprint_cost_general_buying_quantity":"250"},{"imprint_cost_general_buying_price":"0.265","imprint_cost_general_buying_quantity":"500"},{"imprint_cost_general_buying_price":"0.25","imprint_cost_general_buying_quantity":"1000"},{"imprint_cost_general_buying_price":"0.24","imprint_cost_general_buying_quantity":"2500"},{"imprint_cost_general_buying_price":"0.22","imprint_cost_general_buying_quantity":"5000"},{"imprint_cost_general_buying_price":"0.21","imprint_cost_general_buying_quantity":"10000"}],"imprint_cost_setup_costs":"54","imprint_cost_handling_costs":"0"}]},"aioseo_notices":[],"aioseo_head":"\n\t\t<!-- All in One SEO Pro 4.9.6.2 - aioseo.com -->\n\t<meta name=\"description\" content=\"FSC-zertifizierter Karton 347 x 243 x 99 mm mit Rastereinsatz sch\u00fctzt 6 Tassen sicher. Du l\u00e4sst sie mit deinem Logo bedrucken und nutzt sie als Verpackung f\u00fcr Tassen im B2B, ideal als Karton f\u00fcr 6 Becher.\" \/>\n\t<meta name=\"robots\" content=\"max-image-preview:large\" \/>\n\t<link rel=\"canonical\" href=\"https:\/\/hidalgo.nl\/de\/wp-json\/wp\/v2\/product\/839625\" \/>\n\t<meta name=\"generator\" content=\"All in One SEO Pro (AIOSEO) 4.9.6.2\" \/>\n\t\t<meta property=\"og:locale\" content=\"de_DE\" \/>\n\t\t<meta property=\"og:site_name\" content=\"Hidalgo -\" \/>\n\t\t<meta property=\"og:type\" content=\"article\" \/>\n\t\t<meta property=\"og:title\" content=\"Geschenkbox 6 Tassen bedrucken FSC-Karton Raster 35x24cm\" \/>\n\t\t<meta property=\"og:description\" content=\"FSC-zertifizierter Karton 347 x 243 x 99 mm mit Rastereinsatz sch\u00fctzt 6 Tassen sicher. Du l\u00e4sst sie mit deinem Logo bedrucken und nutzt sie als Verpackung f\u00fcr Tassen im B2B, ideal als Karton f\u00fcr 6 Becher.\" \/>\n\t\t<meta property=\"og:url\" content=\"https:\/\/hidalgo.nl\/de\/wp-json\/wp\/v2\/product\/839625\" \/>\n\t\t<meta property=\"og:image\" content=\"https:\/\/shop.hidalgo.nl\/wp-content\/uploads\/2025\/11\/cropped-Hidalgo-est1993.png\" \/>\n\t\t<meta property=\"og:image:secure_url\" content=\"https:\/\/shop.hidalgo.nl\/wp-content\/uploads\/2025\/11\/cropped-Hidalgo-est1993.png\" \/>\n\t\t<meta property=\"article:published_time\" content=\"2026-02-10T15:49:31+00:00\" \/>\n\t\t<meta property=\"article:modified_time\" content=\"2026-04-24T18:21:47+00:00\" \/>\n\t\t<meta name=\"twitter:card\" content=\"summary_large_image\" \/>\n\t\t<meta name=\"twitter:title\" content=\"Geschenkbox 6 Tassen bedrucken FSC-Karton Raster 35x24cm\" \/>\n\t\t<meta name=\"twitter:description\" content=\"FSC-zertifizierter Karton 347 x 243 x 99 mm mit Rastereinsatz sch\u00fctzt 6 Tassen sicher. Du l\u00e4sst sie mit deinem Logo bedrucken und nutzt sie als Verpackung f\u00fcr Tassen im B2B, ideal als Karton f\u00fcr 6 Becher.\" \/>\n\t\t<meta name=\"twitter:image\" content=\"https:\/\/shop.hidalgo.nl\/wp-content\/uploads\/2025\/11\/cropped-Hidalgo-est1993.png\" \/>\n\t\t<script type=\"application\/ld+json\" class=\"aioseo-schema\">\n\t\t\t{\"@context\":\"https:\\\/\\\/schema.org\",\"@graph\":[{\"@type\":\"BreadcrumbList\",\"@id\":\"https:\\\/\\\/hidalgo.nl\\\/de\\\/product\\\/839625\\\/geschenkbox-6-tassen-bedrucken-fsc-karton-raster-35x24cm\\\/#breadcrumblist\",\"itemListElement\":[{\"@type\":\"ListItem\",\"@id\":\"https:\\\/\\\/hidalgo.nl\\\/de\\\/#listItem\",\"position\":1,\"name\":\"Home\",\"item\":\"https:\\\/\\\/hidalgo.nl\\\/de\\\/\",\"nextItem\":{\"@type\":\"ListItem\",\"@id\":\"https:\\\/\\\/hidalgo.nl\\\/example\\\/#listItem\",\"name\":\"example\"}},{\"@type\":\"ListItem\",\"@id\":\"https:\\\/\\\/hidalgo.nl\\\/example\\\/#listItem\",\"position\":2,\"name\":\"example\",\"item\":\"https:\\\/\\\/hidalgo.nl\\\/example\\\/\",\"nextItem\":{\"@type\":\"ListItem\",\"@id\":\"https:\\\/\\\/hidalgo.nl\\\/en\\\/product-supplier\\\/a53\\\/#listItem\",\"name\":\"A53\"},\"previousItem\":{\"@type\":\"ListItem\",\"@id\":\"https:\\\/\\\/hidalgo.nl\\\/de\\\/#listItem\",\"name\":\"Home\"}},{\"@type\":\"ListItem\",\"@id\":\"https:\\\/\\\/hidalgo.nl\\\/en\\\/product-supplier\\\/a53\\\/#listItem\",\"position\":3,\"name\":\"A53\",\"item\":\"https:\\\/\\\/hidalgo.nl\\\/en\\\/product-supplier\\\/a53\\\/\",\"nextItem\":{\"@type\":\"ListItem\",\"@id\":\"https:\\\/\\\/hidalgo.nl\\\/de\\\/product\\\/839625\\\/geschenkbox-6-tassen-bedrucken-fsc-karton-raster-35x24cm\\\/#listItem\",\"name\":\"Custommade geschenkdoos voor 6 mokken 34.7 x 24.3 x 9.9 cm\"},\"previousItem\":{\"@type\":\"ListItem\",\"@id\":\"https:\\\/\\\/hidalgo.nl\\\/example\\\/#listItem\",\"name\":\"example\"}},{\"@type\":\"ListItem\",\"@id\":\"https:\\\/\\\/hidalgo.nl\\\/de\\\/product\\\/839625\\\/geschenkbox-6-tassen-bedrucken-fsc-karton-raster-35x24cm\\\/#listItem\",\"position\":4,\"name\":\"Custommade geschenkdoos voor 6 mokken 34.7 x 24.3 x 9.9 cm\",\"previousItem\":{\"@type\":\"ListItem\",\"@id\":\"https:\\\/\\\/hidalgo.nl\\\/en\\\/product-supplier\\\/a53\\\/#listItem\",\"name\":\"A53\"}}]},{\"@type\":\"Organization\",\"@id\":\"https:\\\/\\\/hidalgo.nl\\\/de\\\/#organization\",\"name\":\"Hidalgo\",\"url\":\"https:\\\/\\\/hidalgo.nl\\\/de\\\/\",\"logo\":{\"@type\":\"ImageObject\",\"url\":\"https:\\\/\\\/shop.hidalgo.nl\\\/wp-content\\\/uploads\\\/2025\\\/11\\\/cropped-Hidalgo-est1993.png\",\"@id\":\"https:\\\/\\\/hidalgo.nl\\\/de\\\/product\\\/839625\\\/geschenkbox-6-tassen-bedrucken-fsc-karton-raster-35x24cm\\\/#organizationLogo\",\"width\":585,\"height\":195},\"image\":{\"@id\":\"https:\\\/\\\/hidalgo.nl\\\/de\\\/product\\\/839625\\\/geschenkbox-6-tassen-bedrucken-fsc-karton-raster-35x24cm\\\/#organizationLogo\"}},{\"@type\":\"ProductGroup\",\"@id\":\"https:\\\/\\\/hidalgo.nl\\\/de\\\/product\\\/839625\\\/geschenkbox-6-tassen-bedrucken-fsc-karton-raster-35x24cm\\\/#wooCommerceProduct\",\"name\":\"Geschenkbox 6 Tassen bedrucken FSC-Karton Raster 35x24cm\",\"url\":\"https:\\\/\\\/hidalgo.nl\\\/de\\\/product\\\/839625\\\/geschenkbox-6-tassen-bedrucken-fsc-karton-raster-35x24cm\\\/\",\"sku\":\"A53-LT83222\",\"image\":{\"@type\":\"ImageObject\",\"url\":\"https:\\\/\\\/shop.hidalgo.nl\\\/wp-content\\\/uploads\\\/2025\\\/12\\\/c19a849537b3ea779880271c13a26a07bfd78c1d23a21fee50304a6c35f5664a.jpg\",\"@id\":\"https:\\\/\\\/hidalgo.nl\\\/de\\\/product\\\/839625\\\/geschenkbox-6-tassen-bedrucken-fsc-karton-raster-35x24cm\\\/#productImage\"},\"productGroupID\":839625,\"hasVariant\":[{\"@type\":\"Product\",\"@id\":\"https:\\\/\\\/hidalgo.nl\\\/de\\\/product\\\/839625\\\/geschenkbox-6-tassen-bedrucken-fsc-karton-raster-35x24cm\\\/#wooCommerceProduct\",\"name\":\"Custommade geschenkdoos voor 6 mokken 34.7 x 24.3 x 9.9 cm - bruin\",\"url\":\"https:\\\/\\\/hidalgo.nl\\\/de\\\/product\\\/839625\\\/geschenkbox-6-tassen-bedrucken-fsc-karton-raster-35x24cm\\\/\",\"sku\":\"A53-LT83222-N0051\",\"image\":{\"@type\":\"ImageObject\",\"url\":\"https:\\\/\\\/shop.hidalgo.nl\\\/wp-content\\\/uploads\\\/2025\\\/12\\\/59378d06945d3757f5b0cbd5aa57f8d8d40de22fa7eb3d9ed8744b23af50bd1c.jpg\",\"@id\":\"https:\\\/\\\/hidalgo.nl\\\/de\\\/product\\\/839625\\\/geschenkbox-6-tassen-bedrucken-fsc-karton-raster-35x24cm\\\/#productImage\"},\"offers\":{\"@type\":\"Offer\",\"url\":\"https:\\\/\\\/hidalgo.nl\\\/de\\\/product\\\/839625\\\/geschenkbox-6-tassen-bedrucken-fsc-karton-raster-35x24cm\\\/#wooCommerceOffer\",\"price\":\"3.21\",\"priceCurrency\":\"EUR\",\"category\":\"Geschenk pakketten\",\"availability\":\"https:\\\/\\\/schema.org\\\/InStock\",\"priceSpecification\":{\"@type\":\"PriceSpecification\",\"price\":3.21,\"priceCurrency\":\"EUR\",\"valueAddedTaxIncluded\":\"true\"}}}]},{\"@type\":\"WebPage\",\"@id\":\"https:\\\/\\\/hidalgo.nl\\\/de\\\/product\\\/839625\\\/geschenkbox-6-tassen-bedrucken-fsc-karton-raster-35x24cm\\\/#webpage\",\"url\":\"https:\\\/\\\/hidalgo.nl\\\/de\\\/product\\\/839625\\\/geschenkbox-6-tassen-bedrucken-fsc-karton-raster-35x24cm\\\/\",\"name\":\"Geschenkbox 6 Tassen bedrucken FSC-Karton Raster 35x24cm\",\"description\":\"FSC-zertifizierter Karton 347 x 243 x 99 mm mit Rastereinsatz sch\\u00fctzt 6 Tassen sicher. Du l\\u00e4sst sie mit deinem Logo bedrucken und nutzt sie als Verpackung f\\u00fcr Tassen im B2B, ideal als Karton f\\u00fcr 6 Becher.\",\"inLanguage\":\"de-DE\",\"isPartOf\":{\"@id\":\"https:\\\/\\\/hidalgo.nl\\\/de\\\/#website\"},\"breadcrumb\":{\"@id\":\"https:\\\/\\\/hidalgo.nl\\\/de\\\/product\\\/839625\\\/geschenkbox-6-tassen-bedrucken-fsc-karton-raster-35x24cm\\\/#breadcrumblist\"},\"image\":{\"@type\":\"ImageObject\",\"url\":\"https:\\\/\\\/shop.hidalgo.nl\\\/wp-content\\\/uploads\\\/2025\\\/12\\\/c19a849537b3ea779880271c13a26a07bfd78c1d23a21fee50304a6c35f5664a.jpg\",\"@id\":\"https:\\\/\\\/hidalgo.nl\\\/de\\\/product\\\/839625\\\/geschenkbox-6-tassen-bedrucken-fsc-karton-raster-35x24cm\\\/#mainImage\"},\"primaryImageOfPage\":{\"@id\":\"https:\\\/\\\/hidalgo.nl\\\/de\\\/product\\\/839625\\\/geschenkbox-6-tassen-bedrucken-fsc-karton-raster-35x24cm\\\/#mainImage\"},\"datePublished\":\"2026-02-10T15:49:31+00:00\",\"dateModified\":\"2026-04-24T18:21:47+00:00\"},{\"@type\":\"WebSite\",\"@id\":\"https:\\\/\\\/hidalgo.nl\\\/de\\\/#website\",\"url\":\"https:\\\/\\\/hidalgo.nl\\\/de\\\/\",\"name\":\"Hidalgo\",\"inLanguage\":\"de-DE\",\"publisher\":{\"@id\":\"https:\\\/\\\/hidalgo.nl\\\/de\\\/#organization\"}}]}\n\t\t<\/script>\n\t\t<!-- All in One SEO Pro -->\r\n\t\t<title>Geschenkbox 6 Tassen bedrucken FSC-Karton Raster 35x24cm<\/title>\n\n","aioseo_head_json":{"title":"Geschenkbox 6 Tassen bedrucken FSC-Karton Raster 35x24cm","description":"FSC-zertifizierter Karton 347 x 243 x 99 mm mit Rastereinsatz sch\u00fctzt 6 Tassen sicher. Du l\u00e4sst sie mit deinem Logo bedrucken und nutzt sie als Verpackung f\u00fcr Tassen im B2B, ideal als Karton f\u00fcr 6 Becher.","canonical_url":"https:\/\/hidalgo.nl\/de\/wp-json\/wp\/v2\/product\/839625","robots":"max-image-preview:large","keywords":"","webmasterTools":{"miscellaneous":""},"schema":{"@context":"https:\/\/schema.org","@graph":[{"@type":"BreadcrumbList","@id":"https:\/\/hidalgo.nl\/de\/product\/839625\/geschenkbox-6-tassen-bedrucken-fsc-karton-raster-35x24cm\/#breadcrumblist","itemListElement":[{"@type":"ListItem","@id":"https:\/\/hidalgo.nl\/de\/#listItem","position":1,"name":"Home","item":"https:\/\/hidalgo.nl\/de\/","nextItem":{"@type":"ListItem","@id":"https:\/\/hidalgo.nl\/example\/#listItem","name":"example"}},{"@type":"ListItem","@id":"https:\/\/hidalgo.nl\/example\/#listItem","position":2,"name":"example","item":"https:\/\/hidalgo.nl\/example\/","nextItem":{"@type":"ListItem","@id":"https:\/\/hidalgo.nl\/en\/product-supplier\/a53\/#listItem","name":"A53"},"previousItem":{"@type":"ListItem","@id":"https:\/\/hidalgo.nl\/de\/#listItem","name":"Home"}},{"@type":"ListItem","@id":"https:\/\/hidalgo.nl\/en\/product-supplier\/a53\/#listItem","position":3,"name":"A53","item":"https:\/\/hidalgo.nl\/en\/product-supplier\/a53\/","nextItem":{"@type":"ListItem","@id":"https:\/\/hidalgo.nl\/de\/product\/839625\/geschenkbox-6-tassen-bedrucken-fsc-karton-raster-35x24cm\/#listItem","name":"Custommade geschenkdoos voor 6 mokken 34.7 x 24.3 x 9.9 cm"},"previousItem":{"@type":"ListItem","@id":"https:\/\/hidalgo.nl\/example\/#listItem","name":"example"}},{"@type":"ListItem","@id":"https:\/\/hidalgo.nl\/de\/product\/839625\/geschenkbox-6-tassen-bedrucken-fsc-karton-raster-35x24cm\/#listItem","position":4,"name":"Custommade geschenkdoos voor 6 mokken 34.7 x 24.3 x 9.9 cm","previousItem":{"@type":"ListItem","@id":"https:\/\/hidalgo.nl\/en\/product-supplier\/a53\/#listItem","name":"A53"}}]},{"@type":"Organization","@id":"https:\/\/hidalgo.nl\/de\/#organization","name":"Hidalgo","url":"https:\/\/hidalgo.nl\/de\/","logo":{"@type":"ImageObject","url":"https:\/\/shop.hidalgo.nl\/wp-content\/uploads\/2025\/11\/cropped-Hidalgo-est1993.png","@id":"https:\/\/hidalgo.nl\/de\/product\/839625\/geschenkbox-6-tassen-bedrucken-fsc-karton-raster-35x24cm\/#organizationLogo","width":585,"height":195},"image":{"@id":"https:\/\/hidalgo.nl\/de\/product\/839625\/geschenkbox-6-tassen-bedrucken-fsc-karton-raster-35x24cm\/#organizationLogo"}},{"@type":"ProductGroup","@id":"https:\/\/hidalgo.nl\/de\/product\/839625\/geschenkbox-6-tassen-bedrucken-fsc-karton-raster-35x24cm\/#wooCommerceProduct","name":"Geschenkbox 6 Tassen bedrucken FSC-Karton Raster 35x24cm","url":"https:\/\/hidalgo.nl\/de\/product\/839625\/geschenkbox-6-tassen-bedrucken-fsc-karton-raster-35x24cm\/","sku":"A53-LT83222","image":{"@type":"ImageObject","url":"https:\/\/shop.hidalgo.nl\/wp-content\/uploads\/2025\/12\/c19a849537b3ea779880271c13a26a07bfd78c1d23a21fee50304a6c35f5664a.jpg","@id":"https:\/\/hidalgo.nl\/de\/product\/839625\/geschenkbox-6-tassen-bedrucken-fsc-karton-raster-35x24cm\/#productImage"},"productGroupID":839625,"hasVariant":[{"@type":"Product","@id":"https:\/\/hidalgo.nl\/de\/product\/839625\/geschenkbox-6-tassen-bedrucken-fsc-karton-raster-35x24cm\/#wooCommerceProduct","name":"Custommade geschenkdoos voor 6 mokken 34.7 x 24.3 x 9.9 cm - bruin","url":"https:\/\/hidalgo.nl\/de\/product\/839625\/geschenkbox-6-tassen-bedrucken-fsc-karton-raster-35x24cm\/","sku":"A53-LT83222-N0051","image":{"@type":"ImageObject","url":"https:\/\/shop.hidalgo.nl\/wp-content\/uploads\/2025\/12\/59378d06945d3757f5b0cbd5aa57f8d8d40de22fa7eb3d9ed8744b23af50bd1c.jpg","@id":"https:\/\/hidalgo.nl\/de\/product\/839625\/geschenkbox-6-tassen-bedrucken-fsc-karton-raster-35x24cm\/#productImage"},"offers":{"@type":"Offer","url":"https:\/\/hidalgo.nl\/de\/product\/839625\/geschenkbox-6-tassen-bedrucken-fsc-karton-raster-35x24cm\/#wooCommerceOffer","price":"3.21","priceCurrency":"EUR","category":"Geschenk pakketten","availability":"https:\/\/schema.org\/InStock","priceSpecification":{"@type":"PriceSpecification","price":3.21,"priceCurrency":"EUR","valueAddedTaxIncluded":"true"}}}]},{"@type":"WebPage","@id":"https:\/\/hidalgo.nl\/de\/product\/839625\/geschenkbox-6-tassen-bedrucken-fsc-karton-raster-35x24cm\/#webpage","url":"https:\/\/hidalgo.nl\/de\/product\/839625\/geschenkbox-6-tassen-bedrucken-fsc-karton-raster-35x24cm\/","name":"Geschenkbox 6 Tassen bedrucken FSC-Karton Raster 35x24cm","description":"FSC-zertifizierter Karton 347 x 243 x 99 mm mit Rastereinsatz sch\u00fctzt 6 Tassen sicher. Du l\u00e4sst sie mit deinem Logo bedrucken und nutzt sie als Verpackung f\u00fcr Tassen im B2B, ideal als Karton f\u00fcr 6 Becher.","inLanguage":"de-DE","isPartOf":{"@id":"https:\/\/hidalgo.nl\/de\/#website"},"breadcrumb":{"@id":"https:\/\/hidalgo.nl\/de\/product\/839625\/geschenkbox-6-tassen-bedrucken-fsc-karton-raster-35x24cm\/#breadcrumblist"},"image":{"@type":"ImageObject","url":"https:\/\/shop.hidalgo.nl\/wp-content\/uploads\/2025\/12\/c19a849537b3ea779880271c13a26a07bfd78c1d23a21fee50304a6c35f5664a.jpg","@id":"https:\/\/hidalgo.nl\/de\/product\/839625\/geschenkbox-6-tassen-bedrucken-fsc-karton-raster-35x24cm\/#mainImage"},"primaryImageOfPage":{"@id":"https:\/\/hidalgo.nl\/de\/product\/839625\/geschenkbox-6-tassen-bedrucken-fsc-karton-raster-35x24cm\/#mainImage"},"datePublished":"2026-02-10T15:49:31+00:00","dateModified":"2026-04-24T18:21:47+00:00"},{"@type":"WebSite","@id":"https:\/\/hidalgo.nl\/de\/#website","url":"https:\/\/hidalgo.nl\/de\/","name":"Hidalgo","inLanguage":"de-DE","publisher":{"@id":"https:\/\/hidalgo.nl\/de\/#organization"}}]},"og:locale":"de_DE","og:site_name":"Hidalgo -","og:type":"article","og:title":"Geschenkbox 6 Tassen bedrucken FSC-Karton Raster 35x24cm","og:description":"FSC-zertifizierter Karton 347 x 243 x 99 mm mit Rastereinsatz sch\u00fctzt 6 Tassen sicher. Du l\u00e4sst sie mit deinem Logo bedrucken und nutzt sie als Verpackung f\u00fcr Tassen im B2B, ideal als Karton f\u00fcr 6 Becher.","og:url":"https:\/\/hidalgo.nl\/de\/wp-json\/wp\/v2\/product\/839625","og:image":"https:\/\/shop.hidalgo.nl\/wp-content\/uploads\/2025\/11\/cropped-Hidalgo-est1993.png","og:image:secure_url":"https:\/\/shop.hidalgo.nl\/wp-content\/uploads\/2025\/11\/cropped-Hidalgo-est1993.png","article:published_time":"2026-02-10T15:49:31+00:00","article:modified_time":"2026-04-24T18:21:47+00:00","twitter:card":"summary_large_image","twitter:title":"Geschenkbox 6 Tassen bedrucken FSC-Karton Raster 35x24cm","twitter:description":"FSC-zertifizierter Karton 347 x 243 x 99 mm mit Rastereinsatz sch\u00fctzt 6 Tassen sicher. Du l\u00e4sst sie mit deinem Logo bedrucken und nutzt sie als Verpackung f\u00fcr Tassen im B2B, ideal als Karton f\u00fcr 6 Becher.","twitter:image":"https:\/\/shop.hidalgo.nl\/wp-content\/uploads\/2025\/11\/cropped-Hidalgo-est1993.png"},"aioseo_meta_data":{"post_id":"839625","title":null,"description":null,"keywords":null,"keyphrases":null,"primary_term":null,"canonical_url":null,"og_title":null,"og_description":null,"og_object_type":"default","og_image_type":"default","og_image_url":null,"og_image_width":null,"og_image_height":null,"og_image_custom_url":null,"og_image_custom_fields":null,"og_video":null,"og_custom_url":null,"og_article_section":null,"og_article_tags":null,"twitter_use_og":false,"twitter_card":"default","twitter_image_type":"default","twitter_image_url":null,"twitter_image_custom_url":null,"twitter_image_custom_fields":null,"twitter_title":null,"twitter_description":null,"schema":{"blockGraphs":[],"customGraphs":[],"default":{"data":{"Article":[],"Course":[],"Dataset":[],"FAQPage":[],"Movie":[],"Person":[],"Product":[],"ProductReview":[],"Car":[],"Recipe":[],"Service":[],"SoftwareApplication":[],"WebPage":[]},"graphName":"","isEnabled":true},"graphs":[]},"schema_type":"default","schema_type_options":null,"pillar_content":false,"robots_default":true,"robots_noindex":false,"robots_noarchive":false,"robots_nosnippet":false,"robots_nofollow":false,"robots_noimageindex":false,"robots_noodp":false,"robots_notranslate":false,"robots_max_snippet":null,"robots_max_videopreview":null,"robots_max_imagepreview":"large","priority":null,"frequency":null,"local_seo":null,"seo_analyzer_scan_date":"2026-02-10 15:53:28","breadcrumb_settings":null,"limit_modified_date":false,"reviewed_by":null,"open_ai":null,"ai":null,"created":"2026-02-10 15:50:26","updated":"2026-04-24 19:11:50"},"aioseo_breadcrumb":"<div class=\"aioseo-breadcrumbs\"><span class=\"aioseo-breadcrumb\">\n\t<a href=\"https:\/\/hidalgo.nl\/de\/\" title=\"Home\">Home<\/a>\n<\/span><span class=\"aioseo-breadcrumb-separator\">\u00bb<\/span><span class=\"aioseo-breadcrumb\">\n\t<a href=\"https:\/\/hidalgo.nl\/example\/\" title=\"example\">example<\/a>\n<\/span><span class=\"aioseo-breadcrumb-separator\">\u00bb<\/span><span class=\"aioseo-breadcrumb\">\n\t<a href=\"https:\/\/hidalgo.nl\/en\/product-supplier\/a53\/\" title=\"A53\">A53<\/a>\n<\/span><span class=\"aioseo-breadcrumb-separator\">\u00bb<\/span><span class=\"aioseo-breadcrumb\">\n\tCustommade geschenkdoos voor 6 mokken 34.7 x 24.3 x 9.9 cm\n<\/span><\/div>","aioseo_breadcrumb_json":[{"label":"Home","link":"https:\/\/hidalgo.nl\/de\/"},{"label":"example","link":"https:\/\/hidalgo.nl\/example\/"},{"label":"A53","link":"https:\/\/hidalgo.nl\/en\/product-supplier\/a53\/"},{"label":"Custommade geschenkdoos voor 6 mokken 34.7 x 24.3 x 9.9 cm","link":"https:\/\/hidalgo.nl\/de\/product\/839625\/geschenkbox-6-tassen-bedrucken-fsc-karton-raster-35x24cm\/"}],"_links":{"self":[{"href":"https:\/\/hidalgo.nl\/de\/wp-json\/wp\/v2\/product\/839625","targetHints":{"allow":["GET"]}}],"collection":[{"href":"https:\/\/hidalgo.nl\/de\/wp-json\/wp\/v2\/product"}],"about":[{"href":"https:\/\/hidalgo.nl\/de\/wp-json\/wp\/v2\/types\/product"}],"wp:featuredmedia":[{"embeddable":true,"href":"https:\/\/hidalgo.nl\/de\/wp-json\/wp\/v2\/media\/839626"}],"wp:attachment":[{"href":"https:\/\/hidalgo.nl\/de\/wp-json\/wp\/v2\/media?parent=839625"}],"wp:term":[{"taxonomy":"product_brand","embeddable":true,"href":"https:\/\/hidalgo.nl\/de\/wp-json\/wp\/v2\/product_brand?post=839625"},{"taxonomy":"product_cat","embeddable":true,"href":"https:\/\/hidalgo.nl\/de\/wp-json\/wp\/v2\/product_cat?post=839625"},{"taxonomy":"product_tag","embeddable":true,"href":"https:\/\/hidalgo.nl\/de\/wp-json\/wp\/v2\/product_tag?post=839625"}],"curies":[{"name":"wp","href":"https:\/\/api.w.org\/{rel}","templated":true}]}}