{"id":839436,"date":"2026-02-10T15:40:25","date_gmt":"2026-02-10T15:40:25","guid":{"rendered":"https:\/\/hidalgo.nl\/product\/insideout-fsc-houten-kubus-think-iq-puzzel\/"},"modified":"2026-04-24T07:48:12","modified_gmt":"2026-04-24T07:48:12","slug":"insideout-fsc-houten-kubus-think-iq-puzzel","status":"publish","type":"product","link":"https:\/\/hidalgo.nl\/de\/product\/839436\/holz-iq-puzzle-insideout-bedrucken-fsc-denkspiel-fluor\/","title":{"rendered":"InSideOut FSC Houten Kubus think iq puzzel"},"content":{"rendered":"<p>Ontdek het uitdagende InSideOut houten kubusspel! Dit slimme denkspel begint met het verwijderen van de losse pin in het midden, waarna de kubus uitelkaar gehaald kan worden in verschillende grote stukken. Maar pas op, de houten pinnen maken het in elkaar zetten een lastige puzzel. Heb je de kubus weer compleet? Dan heb je niet alleen een mooi decoratief object, maar ook een spel dat klaar is voor de volgende uitdaging. Het InSideOut kubusspel is voor jong en oud, en biedt veel speelplezier terwijl je je hersens laat kraken. Daag je familie en vrienden uit: wie kan de kubus het snelst in elkaar zetten? Voor een persoonlijke touch kan er zelfs een logo op \u00e9\u00e9n van de stukken worden gedrukt. Een geweldig cadeau of blikvanger voor thuis of op kantoor!<\/p>\n","protected":false},"excerpt":{"rendered":"<p>Ontdek het uitdagende InSideOut houten kubusspel! Dit slimme denkspel begint met het verwijderen van de losse pin in het midden, waarna de kubus uitelkaar gehaald kan worden in verschillende grote stukken. Maar pas op, de houten pinnen maken het in elkaar zetten een lastige puzzel. Heb je de kubus weer compleet? Dan heb je niet&hellip; <a class=\"more-link\" href=\"https:\/\/hidalgo.nl\/de\/product\/839436\/holz-iq-puzzle-insideout-bedrucken-fsc-denkspiel-fluor\/\"><span class=\"screen-reader-text\">InSideOut FSC Houten Kubus think iq puzzel<\/span> weiterlesen<\/a><\/p>\n","protected":false},"featured_media":839437,"template":"","meta":{"_acf_changed":false,"om_disable_all_campaigns":false,"_monsterinsights_skip_tracking":false,"_monsterinsights_sitenote_active":false,"_monsterinsights_sitenote_note":"","_monsterinsights_sitenote_category":0},"product_brand":[],"product_cat":[4810,4719,4774],"product_tag":[],"class_list":{"0":"post-839436","1":"product","2":"type-product","3":"status-publish","4":"has-post-thumbnail","6":"product_supplier-a53","7":"product_cat-promotionele-artikelen-vrije-tijd-binnenspellen","8":"product_cat-promotionele-artikelen","9":"product_cat-promotionele-artikelen-vrije-tijd","10":"entry","12":"first","13":"instock","14":"taxable","15":"shipping-taxable","16":"purchasable","17":"product-type-variable"},"acf":{"imprint_cost":[{"imprint_cost_key":"170916b16dc39add730cb598146705b34cfc9ad6","product_quantity_price_range":[{"imprint_cost_recommended_selling_price":"1.1325","imprint_cost_recommended_selling_quantity":"1"},{"imprint_cost_recommended_selling_price":"0.945","imprint_cost_recommended_selling_quantity":"10"},{"imprint_cost_recommended_selling_price":"0.87","imprint_cost_recommended_selling_quantity":"25"},{"imprint_cost_recommended_selling_price":"0.7725","imprint_cost_recommended_selling_quantity":"50"},{"imprint_cost_recommended_selling_price":"0.69","imprint_cost_recommended_selling_quantity":"100"},{"imprint_cost_recommended_selling_price":"0.615","imprint_cost_recommended_selling_quantity":"250"},{"imprint_cost_recommended_selling_price":"0.57","imprint_cost_recommended_selling_quantity":"500"},{"imprint_cost_recommended_selling_price":"0.5325","imprint_cost_recommended_selling_quantity":"1000"},{"imprint_cost_recommended_selling_price":"0.4425","imprint_cost_recommended_selling_quantity":"2500"},{"imprint_cost_recommended_selling_price":"0.4425","imprint_cost_recommended_selling_quantity":"5000"},{"imprint_cost_recommended_selling_price":"0.4425","imprint_cost_recommended_selling_quantity":"10000"}],"product_quantity_price_range_buying":[{"imprint_cost_general_buying_price":"0.755","imprint_cost_general_buying_quantity":"1"},{"imprint_cost_general_buying_price":"0.63","imprint_cost_general_buying_quantity":"10"},{"imprint_cost_general_buying_price":"0.58","imprint_cost_general_buying_quantity":"25"},{"imprint_cost_general_buying_price":"0.515","imprint_cost_general_buying_quantity":"50"},{"imprint_cost_general_buying_price":"0.46","imprint_cost_general_buying_quantity":"100"},{"imprint_cost_general_buying_price":"0.41","imprint_cost_general_buying_quantity":"250"},{"imprint_cost_general_buying_price":"0.38","imprint_cost_general_buying_quantity":"500"},{"imprint_cost_general_buying_price":"0.355","imprint_cost_general_buying_quantity":"1000"},{"imprint_cost_general_buying_price":"0.295","imprint_cost_general_buying_quantity":"2500"},{"imprint_cost_general_buying_price":"0.295","imprint_cost_general_buying_quantity":"5000"},{"imprint_cost_general_buying_price":"0.295","imprint_cost_general_buying_quantity":"10000"}],"imprint_cost_setup_costs":"54","imprint_cost_handling_costs":"0.24"}]},"aioseo_notices":[],"aioseo_head":"\n\t\t<!-- All in One SEO Pro 4.9.6.2 - aioseo.com -->\n\t<meta name=\"description\" content=\"Trainiere dein r\u00e4umliches Denken mit dem InSideOut Holzkubus aus FSC-Holz - ein kniffliges IQ Puzzle Spiel f\u00fcr 20-40-J\u00e4hrige, perfekt f\u00fcrs B\u00fcro und Events. Wir bedrucken dein Exemplar mit Logo f\u00fcr maximale Sichtbarkeit; jetzt als Denkspiel Holz bestellen in fluoreszierenden Farben.\" \/>\n\t<meta name=\"robots\" content=\"max-image-preview:large\" \/>\n\t<link rel=\"canonical\" href=\"https:\/\/hidalgo.nl\/de\/wp-json\/wp\/v2\/product\/839436\" \/>\n\t<meta name=\"generator\" content=\"All in One SEO Pro (AIOSEO) 4.9.6.2\" \/>\n\t\t<meta property=\"og:locale\" content=\"de_DE\" \/>\n\t\t<meta property=\"og:site_name\" content=\"Hidalgo -\" \/>\n\t\t<meta property=\"og:type\" content=\"article\" \/>\n\t\t<meta property=\"og:title\" content=\"Holz IQ Puzzle InSideOut bedrucken FSC Denkspiel Fluor\" \/>\n\t\t<meta property=\"og:description\" content=\"Trainiere dein r\u00e4umliches Denken mit dem InSideOut Holzkubus aus FSC-Holz - ein kniffliges IQ Puzzle Spiel f\u00fcr 20-40-J\u00e4hrige, perfekt f\u00fcrs B\u00fcro und Events. Wir bedrucken dein Exemplar mit Logo f\u00fcr maximale Sichtbarkeit; jetzt als Denkspiel Holz bestellen in fluoreszierenden Farben.\" \/>\n\t\t<meta property=\"og:url\" content=\"https:\/\/hidalgo.nl\/de\/wp-json\/wp\/v2\/product\/839436\" \/>\n\t\t<meta property=\"og:image\" content=\"https:\/\/shop.hidalgo.nl\/wp-content\/uploads\/2025\/11\/cropped-Hidalgo-est1993.png\" \/>\n\t\t<meta property=\"og:image:secure_url\" content=\"https:\/\/shop.hidalgo.nl\/wp-content\/uploads\/2025\/11\/cropped-Hidalgo-est1993.png\" \/>\n\t\t<meta property=\"article:published_time\" content=\"2026-02-10T15:40:25+00:00\" \/>\n\t\t<meta property=\"article:modified_time\" content=\"2026-04-24T07:48:12+00:00\" \/>\n\t\t<meta name=\"twitter:card\" content=\"summary_large_image\" \/>\n\t\t<meta name=\"twitter:title\" content=\"Holz IQ Puzzle InSideOut bedrucken FSC Denkspiel Fluor\" \/>\n\t\t<meta name=\"twitter:description\" content=\"Trainiere dein r\u00e4umliches Denken mit dem InSideOut Holzkubus aus FSC-Holz - ein kniffliges IQ Puzzle Spiel f\u00fcr 20-40-J\u00e4hrige, perfekt f\u00fcrs B\u00fcro und Events. Wir bedrucken dein Exemplar mit Logo f\u00fcr maximale Sichtbarkeit; jetzt als Denkspiel Holz bestellen in fluoreszierenden Farben.\" \/>\n\t\t<meta name=\"twitter:image\" content=\"https:\/\/shop.hidalgo.nl\/wp-content\/uploads\/2025\/11\/cropped-Hidalgo-est1993.png\" \/>\n\t\t<script type=\"application\/ld+json\" class=\"aioseo-schema\">\n\t\t\t{\"@context\":\"https:\\\/\\\/schema.org\",\"@graph\":[{\"@type\":\"BreadcrumbList\",\"@id\":\"https:\\\/\\\/hidalgo.nl\\\/de\\\/product\\\/839436\\\/holz-iq-puzzle-insideout-bedrucken-fsc-denkspiel-fluor\\\/#breadcrumblist\",\"itemListElement\":[{\"@type\":\"ListItem\",\"@id\":\"https:\\\/\\\/hidalgo.nl\\\/de\\\/#listItem\",\"position\":1,\"name\":\"Home\",\"item\":\"https:\\\/\\\/hidalgo.nl\\\/de\\\/\",\"nextItem\":{\"@type\":\"ListItem\",\"@id\":\"https:\\\/\\\/hidalgo.nl\\\/example\\\/#listItem\",\"name\":\"example\"}},{\"@type\":\"ListItem\",\"@id\":\"https:\\\/\\\/hidalgo.nl\\\/example\\\/#listItem\",\"position\":2,\"name\":\"example\",\"item\":\"https:\\\/\\\/hidalgo.nl\\\/example\\\/\",\"nextItem\":{\"@type\":\"ListItem\",\"@id\":\"https:\\\/\\\/hidalgo.nl\\\/en\\\/product-supplier\\\/a53\\\/#listItem\",\"name\":\"A53\"},\"previousItem\":{\"@type\":\"ListItem\",\"@id\":\"https:\\\/\\\/hidalgo.nl\\\/de\\\/#listItem\",\"name\":\"Home\"}},{\"@type\":\"ListItem\",\"@id\":\"https:\\\/\\\/hidalgo.nl\\\/en\\\/product-supplier\\\/a53\\\/#listItem\",\"position\":3,\"name\":\"A53\",\"item\":\"https:\\\/\\\/hidalgo.nl\\\/en\\\/product-supplier\\\/a53\\\/\",\"nextItem\":{\"@type\":\"ListItem\",\"@id\":\"https:\\\/\\\/hidalgo.nl\\\/de\\\/product\\\/839436\\\/holz-iq-puzzle-insideout-bedrucken-fsc-denkspiel-fluor\\\/#listItem\",\"name\":\"InSideOut FSC Houten Kubus think iq puzzel\"},\"previousItem\":{\"@type\":\"ListItem\",\"@id\":\"https:\\\/\\\/hidalgo.nl\\\/example\\\/#listItem\",\"name\":\"example\"}},{\"@type\":\"ListItem\",\"@id\":\"https:\\\/\\\/hidalgo.nl\\\/de\\\/product\\\/839436\\\/holz-iq-puzzle-insideout-bedrucken-fsc-denkspiel-fluor\\\/#listItem\",\"position\":4,\"name\":\"InSideOut FSC Houten Kubus think iq puzzel\",\"previousItem\":{\"@type\":\"ListItem\",\"@id\":\"https:\\\/\\\/hidalgo.nl\\\/en\\\/product-supplier\\\/a53\\\/#listItem\",\"name\":\"A53\"}}]},{\"@type\":\"ItemPage\",\"@id\":\"https:\\\/\\\/hidalgo.nl\\\/de\\\/product\\\/839436\\\/holz-iq-puzzle-insideout-bedrucken-fsc-denkspiel-fluor\\\/#itempage\",\"url\":\"https:\\\/\\\/hidalgo.nl\\\/de\\\/product\\\/839436\\\/holz-iq-puzzle-insideout-bedrucken-fsc-denkspiel-fluor\\\/\",\"name\":\"Holz IQ Puzzle InSideOut bedrucken FSC Denkspiel Fluor\",\"description\":\"Trainiere dein r\\u00e4umliches Denken mit dem InSideOut Holzkubus aus FSC-Holz - ein kniffliges IQ Puzzle Spiel f\\u00fcr 20-40-J\\u00e4hrige, perfekt f\\u00fcrs B\\u00fcro und Events. Wir bedrucken dein Exemplar mit Logo f\\u00fcr maximale Sichtbarkeit; jetzt als Denkspiel Holz bestellen in fluoreszierenden Farben.\",\"inLanguage\":\"de-DE\",\"isPartOf\":{\"@id\":\"https:\\\/\\\/hidalgo.nl\\\/de\\\/#website\"},\"breadcrumb\":{\"@id\":\"https:\\\/\\\/hidalgo.nl\\\/de\\\/product\\\/839436\\\/holz-iq-puzzle-insideout-bedrucken-fsc-denkspiel-fluor\\\/#breadcrumblist\"},\"image\":{\"@type\":\"ImageObject\",\"url\":\"https:\\\/\\\/shop.hidalgo.nl\\\/wp-content\\\/uploads\\\/2025\\\/12\\\/2b64554426c3f4ef223ecde25824ffc5f9ed4bcf4174dc3980681e448e396707.jpg\",\"@id\":\"https:\\\/\\\/hidalgo.nl\\\/de\\\/product\\\/839436\\\/holz-iq-puzzle-insideout-bedrucken-fsc-denkspiel-fluor\\\/#mainImage\"},\"primaryImageOfPage\":{\"@id\":\"https:\\\/\\\/hidalgo.nl\\\/de\\\/product\\\/839436\\\/holz-iq-puzzle-insideout-bedrucken-fsc-denkspiel-fluor\\\/#mainImage\"},\"datePublished\":\"2026-02-10T15:40:25+00:00\",\"dateModified\":\"2026-04-24T07:48:12+00:00\"},{\"@type\":\"Organization\",\"@id\":\"https:\\\/\\\/hidalgo.nl\\\/de\\\/#organization\",\"name\":\"Hidalgo\",\"url\":\"https:\\\/\\\/hidalgo.nl\\\/de\\\/\",\"logo\":{\"@type\":\"ImageObject\",\"url\":\"https:\\\/\\\/shop.hidalgo.nl\\\/wp-content\\\/uploads\\\/2025\\\/11\\\/cropped-Hidalgo-est1993.png\",\"@id\":\"https:\\\/\\\/hidalgo.nl\\\/de\\\/product\\\/839436\\\/holz-iq-puzzle-insideout-bedrucken-fsc-denkspiel-fluor\\\/#organizationLogo\",\"width\":585,\"height\":195},\"image\":{\"@id\":\"https:\\\/\\\/hidalgo.nl\\\/de\\\/product\\\/839436\\\/holz-iq-puzzle-insideout-bedrucken-fsc-denkspiel-fluor\\\/#organizationLogo\"}},{\"@type\":\"WebPage\",\"@id\":\"https:\\\/\\\/hidalgo.nl\\\/de\\\/product\\\/839436\\\/holz-iq-puzzle-insideout-bedrucken-fsc-denkspiel-fluor\\\/#webpage\",\"url\":\"https:\\\/\\\/hidalgo.nl\\\/de\\\/product\\\/839436\\\/holz-iq-puzzle-insideout-bedrucken-fsc-denkspiel-fluor\\\/\",\"name\":\"Holz IQ Puzzle InSideOut bedrucken FSC Denkspiel Fluor\",\"description\":\"Trainiere dein r\\u00e4umliches Denken mit dem InSideOut Holzkubus aus FSC-Holz - ein kniffliges IQ Puzzle Spiel f\\u00fcr 20-40-J\\u00e4hrige, perfekt f\\u00fcrs B\\u00fcro und Events. Wir bedrucken dein Exemplar mit Logo f\\u00fcr maximale Sichtbarkeit; jetzt als Denkspiel Holz bestellen in fluoreszierenden Farben.\",\"inLanguage\":\"de-DE\",\"isPartOf\":{\"@id\":\"https:\\\/\\\/hidalgo.nl\\\/de\\\/#website\"},\"breadcrumb\":{\"@id\":\"https:\\\/\\\/hidalgo.nl\\\/de\\\/product\\\/839436\\\/holz-iq-puzzle-insideout-bedrucken-fsc-denkspiel-fluor\\\/#breadcrumblist\"},\"image\":{\"@type\":\"ImageObject\",\"url\":\"https:\\\/\\\/shop.hidalgo.nl\\\/wp-content\\\/uploads\\\/2025\\\/12\\\/2b64554426c3f4ef223ecde25824ffc5f9ed4bcf4174dc3980681e448e396707.jpg\",\"@id\":\"https:\\\/\\\/hidalgo.nl\\\/de\\\/product\\\/839436\\\/holz-iq-puzzle-insideout-bedrucken-fsc-denkspiel-fluor\\\/#mainImage\"},\"primaryImageOfPage\":{\"@id\":\"https:\\\/\\\/hidalgo.nl\\\/de\\\/product\\\/839436\\\/holz-iq-puzzle-insideout-bedrucken-fsc-denkspiel-fluor\\\/#mainImage\"},\"datePublished\":\"2026-02-10T15:40:25+00:00\",\"dateModified\":\"2026-04-24T07:48:12+00:00\"},{\"@type\":\"WebSite\",\"@id\":\"https:\\\/\\\/hidalgo.nl\\\/de\\\/#website\",\"url\":\"https:\\\/\\\/hidalgo.nl\\\/de\\\/\",\"name\":\"Hidalgo\",\"inLanguage\":\"de-DE\",\"publisher\":{\"@id\":\"https:\\\/\\\/hidalgo.nl\\\/de\\\/#organization\"}}]}\n\t\t<\/script>\n\t\t<!-- All in One SEO Pro -->\r\n\t\t<title>Holz IQ Puzzle InSideOut bedrucken FSC Denkspiel Fluor<\/title>\n\n","aioseo_head_json":{"title":"Holz IQ Puzzle InSideOut bedrucken FSC Denkspiel Fluor","description":"Trainiere dein r\u00e4umliches Denken mit dem InSideOut Holzkubus aus FSC-Holz - ein kniffliges IQ Puzzle Spiel f\u00fcr 20-40-J\u00e4hrige, perfekt f\u00fcrs B\u00fcro und Events. Wir bedrucken dein Exemplar mit Logo f\u00fcr maximale Sichtbarkeit; jetzt als Denkspiel Holz bestellen in fluoreszierenden Farben.","canonical_url":"https:\/\/hidalgo.nl\/de\/wp-json\/wp\/v2\/product\/839436","robots":"max-image-preview:large","keywords":"","webmasterTools":{"miscellaneous":""},"schema":{"@context":"https:\/\/schema.org","@graph":[{"@type":"BreadcrumbList","@id":"https:\/\/hidalgo.nl\/de\/product\/839436\/holz-iq-puzzle-insideout-bedrucken-fsc-denkspiel-fluor\/#breadcrumblist","itemListElement":[{"@type":"ListItem","@id":"https:\/\/hidalgo.nl\/de\/#listItem","position":1,"name":"Home","item":"https:\/\/hidalgo.nl\/de\/","nextItem":{"@type":"ListItem","@id":"https:\/\/hidalgo.nl\/example\/#listItem","name":"example"}},{"@type":"ListItem","@id":"https:\/\/hidalgo.nl\/example\/#listItem","position":2,"name":"example","item":"https:\/\/hidalgo.nl\/example\/","nextItem":{"@type":"ListItem","@id":"https:\/\/hidalgo.nl\/en\/product-supplier\/a53\/#listItem","name":"A53"},"previousItem":{"@type":"ListItem","@id":"https:\/\/hidalgo.nl\/de\/#listItem","name":"Home"}},{"@type":"ListItem","@id":"https:\/\/hidalgo.nl\/en\/product-supplier\/a53\/#listItem","position":3,"name":"A53","item":"https:\/\/hidalgo.nl\/en\/product-supplier\/a53\/","nextItem":{"@type":"ListItem","@id":"https:\/\/hidalgo.nl\/de\/product\/839436\/holz-iq-puzzle-insideout-bedrucken-fsc-denkspiel-fluor\/#listItem","name":"InSideOut FSC Houten Kubus think iq puzzel"},"previousItem":{"@type":"ListItem","@id":"https:\/\/hidalgo.nl\/example\/#listItem","name":"example"}},{"@type":"ListItem","@id":"https:\/\/hidalgo.nl\/de\/product\/839436\/holz-iq-puzzle-insideout-bedrucken-fsc-denkspiel-fluor\/#listItem","position":4,"name":"InSideOut FSC Houten Kubus think iq puzzel","previousItem":{"@type":"ListItem","@id":"https:\/\/hidalgo.nl\/en\/product-supplier\/a53\/#listItem","name":"A53"}}]},{"@type":"ItemPage","@id":"https:\/\/hidalgo.nl\/de\/product\/839436\/holz-iq-puzzle-insideout-bedrucken-fsc-denkspiel-fluor\/#itempage","url":"https:\/\/hidalgo.nl\/de\/product\/839436\/holz-iq-puzzle-insideout-bedrucken-fsc-denkspiel-fluor\/","name":"Holz IQ Puzzle InSideOut bedrucken FSC Denkspiel Fluor","description":"Trainiere dein r\u00e4umliches Denken mit dem InSideOut Holzkubus aus FSC-Holz - ein kniffliges IQ Puzzle Spiel f\u00fcr 20-40-J\u00e4hrige, perfekt f\u00fcrs B\u00fcro und Events. Wir bedrucken dein Exemplar mit Logo f\u00fcr maximale Sichtbarkeit; jetzt als Denkspiel Holz bestellen in fluoreszierenden Farben.","inLanguage":"de-DE","isPartOf":{"@id":"https:\/\/hidalgo.nl\/de\/#website"},"breadcrumb":{"@id":"https:\/\/hidalgo.nl\/de\/product\/839436\/holz-iq-puzzle-insideout-bedrucken-fsc-denkspiel-fluor\/#breadcrumblist"},"image":{"@type":"ImageObject","url":"https:\/\/shop.hidalgo.nl\/wp-content\/uploads\/2025\/12\/2b64554426c3f4ef223ecde25824ffc5f9ed4bcf4174dc3980681e448e396707.jpg","@id":"https:\/\/hidalgo.nl\/de\/product\/839436\/holz-iq-puzzle-insideout-bedrucken-fsc-denkspiel-fluor\/#mainImage"},"primaryImageOfPage":{"@id":"https:\/\/hidalgo.nl\/de\/product\/839436\/holz-iq-puzzle-insideout-bedrucken-fsc-denkspiel-fluor\/#mainImage"},"datePublished":"2026-02-10T15:40:25+00:00","dateModified":"2026-04-24T07:48:12+00:00"},{"@type":"Organization","@id":"https:\/\/hidalgo.nl\/de\/#organization","name":"Hidalgo","url":"https:\/\/hidalgo.nl\/de\/","logo":{"@type":"ImageObject","url":"https:\/\/shop.hidalgo.nl\/wp-content\/uploads\/2025\/11\/cropped-Hidalgo-est1993.png","@id":"https:\/\/hidalgo.nl\/de\/product\/839436\/holz-iq-puzzle-insideout-bedrucken-fsc-denkspiel-fluor\/#organizationLogo","width":585,"height":195},"image":{"@id":"https:\/\/hidalgo.nl\/de\/product\/839436\/holz-iq-puzzle-insideout-bedrucken-fsc-denkspiel-fluor\/#organizationLogo"}},{"@type":"WebPage","@id":"https:\/\/hidalgo.nl\/de\/product\/839436\/holz-iq-puzzle-insideout-bedrucken-fsc-denkspiel-fluor\/#webpage","url":"https:\/\/hidalgo.nl\/de\/product\/839436\/holz-iq-puzzle-insideout-bedrucken-fsc-denkspiel-fluor\/","name":"Holz IQ Puzzle InSideOut bedrucken FSC Denkspiel Fluor","description":"Trainiere dein r\u00e4umliches Denken mit dem InSideOut Holzkubus aus FSC-Holz - ein kniffliges IQ Puzzle Spiel f\u00fcr 20-40-J\u00e4hrige, perfekt f\u00fcrs B\u00fcro und Events. Wir bedrucken dein Exemplar mit Logo f\u00fcr maximale Sichtbarkeit; jetzt als Denkspiel Holz bestellen in fluoreszierenden Farben.","inLanguage":"de-DE","isPartOf":{"@id":"https:\/\/hidalgo.nl\/de\/#website"},"breadcrumb":{"@id":"https:\/\/hidalgo.nl\/de\/product\/839436\/holz-iq-puzzle-insideout-bedrucken-fsc-denkspiel-fluor\/#breadcrumblist"},"image":{"@type":"ImageObject","url":"https:\/\/shop.hidalgo.nl\/wp-content\/uploads\/2025\/12\/2b64554426c3f4ef223ecde25824ffc5f9ed4bcf4174dc3980681e448e396707.jpg","@id":"https:\/\/hidalgo.nl\/de\/product\/839436\/holz-iq-puzzle-insideout-bedrucken-fsc-denkspiel-fluor\/#mainImage"},"primaryImageOfPage":{"@id":"https:\/\/hidalgo.nl\/de\/product\/839436\/holz-iq-puzzle-insideout-bedrucken-fsc-denkspiel-fluor\/#mainImage"},"datePublished":"2026-02-10T15:40:25+00:00","dateModified":"2026-04-24T07:48:12+00:00"},{"@type":"WebSite","@id":"https:\/\/hidalgo.nl\/de\/#website","url":"https:\/\/hidalgo.nl\/de\/","name":"Hidalgo","inLanguage":"de-DE","publisher":{"@id":"https:\/\/hidalgo.nl\/de\/#organization"}}]},"og:locale":"de_DE","og:site_name":"Hidalgo -","og:type":"article","og:title":"Holz IQ Puzzle InSideOut bedrucken FSC Denkspiel Fluor","og:description":"Trainiere dein r\u00e4umliches Denken mit dem InSideOut Holzkubus aus FSC-Holz - ein kniffliges IQ Puzzle Spiel f\u00fcr 20-40-J\u00e4hrige, perfekt f\u00fcrs B\u00fcro und Events. Wir bedrucken dein Exemplar mit Logo f\u00fcr maximale Sichtbarkeit; jetzt als Denkspiel Holz bestellen in fluoreszierenden Farben.","og:url":"https:\/\/hidalgo.nl\/de\/wp-json\/wp\/v2\/product\/839436","og:image":"https:\/\/shop.hidalgo.nl\/wp-content\/uploads\/2025\/11\/cropped-Hidalgo-est1993.png","og:image:secure_url":"https:\/\/shop.hidalgo.nl\/wp-content\/uploads\/2025\/11\/cropped-Hidalgo-est1993.png","article:published_time":"2026-02-10T15:40:25+00:00","article:modified_time":"2026-04-24T07:48:12+00:00","twitter:card":"summary_large_image","twitter:title":"Holz IQ Puzzle InSideOut bedrucken FSC Denkspiel Fluor","twitter:description":"Trainiere dein r\u00e4umliches Denken mit dem InSideOut Holzkubus aus FSC-Holz - ein kniffliges IQ Puzzle Spiel f\u00fcr 20-40-J\u00e4hrige, perfekt f\u00fcrs B\u00fcro und Events. Wir bedrucken dein Exemplar mit Logo f\u00fcr maximale Sichtbarkeit; jetzt als Denkspiel Holz bestellen in fluoreszierenden Farben.","twitter:image":"https:\/\/shop.hidalgo.nl\/wp-content\/uploads\/2025\/11\/cropped-Hidalgo-est1993.png"},"aioseo_meta_data":{"post_id":"839436","title":null,"description":null,"keywords":null,"keyphrases":null,"primary_term":null,"canonical_url":null,"og_title":null,"og_description":null,"og_object_type":"default","og_image_type":"default","og_image_url":null,"og_image_width":null,"og_image_height":null,"og_image_custom_url":null,"og_image_custom_fields":null,"og_video":null,"og_custom_url":null,"og_article_section":null,"og_article_tags":null,"twitter_use_og":false,"twitter_card":"default","twitter_image_type":"default","twitter_image_url":null,"twitter_image_custom_url":null,"twitter_image_custom_fields":null,"twitter_title":null,"twitter_description":null,"schema":{"blockGraphs":[],"customGraphs":[],"default":{"data":{"Article":[],"Course":[],"Dataset":[],"FAQPage":[],"Movie":[],"Person":[],"Product":[],"ProductReview":[],"Car":[],"Recipe":[],"Service":[],"SoftwareApplication":[],"WebPage":[]},"graphName":"","isEnabled":true},"graphs":[]},"schema_type":"default","schema_type_options":null,"pillar_content":false,"robots_default":true,"robots_noindex":false,"robots_noarchive":false,"robots_nosnippet":false,"robots_nofollow":false,"robots_noimageindex":false,"robots_noodp":false,"robots_notranslate":false,"robots_max_snippet":null,"robots_max_videopreview":null,"robots_max_imagepreview":"large","priority":null,"frequency":null,"local_seo":null,"seo_analyzer_scan_date":"2026-02-10 15:43:29","breadcrumb_settings":null,"limit_modified_date":false,"reviewed_by":null,"open_ai":null,"ai":null,"created":"2026-02-10 15:42:43","updated":"2026-04-24 08:47:52"},"aioseo_breadcrumb":"<div class=\"aioseo-breadcrumbs\"><span class=\"aioseo-breadcrumb\">\n\t<a href=\"https:\/\/hidalgo.nl\/de\/\" title=\"Home\">Home<\/a>\n<\/span><span class=\"aioseo-breadcrumb-separator\">\u00bb<\/span><span class=\"aioseo-breadcrumb\">\n\t<a href=\"https:\/\/hidalgo.nl\/example\/\" title=\"example\">example<\/a>\n<\/span><span class=\"aioseo-breadcrumb-separator\">\u00bb<\/span><span class=\"aioseo-breadcrumb\">\n\t<a href=\"https:\/\/hidalgo.nl\/en\/product-supplier\/a53\/\" title=\"A53\">A53<\/a>\n<\/span><span class=\"aioseo-breadcrumb-separator\">\u00bb<\/span><span class=\"aioseo-breadcrumb\">\n\tInSideOut FSC Houten Kubus think iq puzzel\n<\/span><\/div>","aioseo_breadcrumb_json":[{"label":"Home","link":"https:\/\/hidalgo.nl\/de\/"},{"label":"example","link":"https:\/\/hidalgo.nl\/example\/"},{"label":"A53","link":"https:\/\/hidalgo.nl\/en\/product-supplier\/a53\/"},{"label":"InSideOut FSC Houten Kubus think iq puzzel","link":"https:\/\/hidalgo.nl\/de\/product\/839436\/holz-iq-puzzle-insideout-bedrucken-fsc-denkspiel-fluor\/"}],"_links":{"self":[{"href":"https:\/\/hidalgo.nl\/de\/wp-json\/wp\/v2\/product\/839436","targetHints":{"allow":["GET"]}}],"collection":[{"href":"https:\/\/hidalgo.nl\/de\/wp-json\/wp\/v2\/product"}],"about":[{"href":"https:\/\/hidalgo.nl\/de\/wp-json\/wp\/v2\/types\/product"}],"wp:featuredmedia":[{"embeddable":true,"href":"https:\/\/hidalgo.nl\/de\/wp-json\/wp\/v2\/media\/839437"}],"wp:attachment":[{"href":"https:\/\/hidalgo.nl\/de\/wp-json\/wp\/v2\/media?parent=839436"}],"wp:term":[{"taxonomy":"product_brand","embeddable":true,"href":"https:\/\/hidalgo.nl\/de\/wp-json\/wp\/v2\/product_brand?post=839436"},{"taxonomy":"product_cat","embeddable":true,"href":"https:\/\/hidalgo.nl\/de\/wp-json\/wp\/v2\/product_cat?post=839436"},{"taxonomy":"product_tag","embeddable":true,"href":"https:\/\/hidalgo.nl\/de\/wp-json\/wp\/v2\/product_tag?post=839436"}],"curies":[{"name":"wp","href":"https:\/\/api.w.org\/{rel}","templated":true}]}}