{"id":839422,"date":"2026-02-10T15:40:23","date_gmt":"2026-02-10T15:40:23","guid":{"rendered":"https:\/\/hidalgo.nl\/product\/houten-kubus-puzzel\/"},"modified":"2026-04-24T07:48:12","modified_gmt":"2026-04-24T07:48:12","slug":"houten-kubus-puzzel","status":"publish","type":"product","link":"https:\/\/hidalgo.nl\/de\/product\/839422\/holzwuerfel-puzzle-bedrucken-fsc-nachhaltig-6-teilig\/","title":{"rendered":"Houten kubus puzzel"},"content":{"rendered":"<p>Dit duurzame denkspel bestaat uit een platte puzzel met zes stukjes die samen een kubus vormen. Het is gemaakt van FSC-hout en biedt een leuke en boeiende manier om probleemoplossende vaardigheden te verbeteren, terwijl het een milieubewuste keuze is om mee te spelen.<\/p>\n","protected":false},"excerpt":{"rendered":"<p>Dit duurzame denkspel bestaat uit een platte puzzel met zes stukjes die samen een kubus vormen. Het is gemaakt van FSC-hout en biedt een leuke en boeiende manier om probleemoplossende vaardigheden te verbeteren, terwijl het een milieubewuste keuze is om mee te spelen.<\/p>\n","protected":false},"featured_media":839423,"template":"","meta":{"_acf_changed":false,"om_disable_all_campaigns":false,"_monsterinsights_skip_tracking":false,"_monsterinsights_sitenote_active":false,"_monsterinsights_sitenote_note":"","_monsterinsights_sitenote_category":0},"product_brand":[],"product_cat":[4810,4719,4774],"product_tag":[],"class_list":{"0":"post-839422","1":"product","2":"type-product","3":"status-publish","4":"has-post-thumbnail","6":"product_supplier-a53","7":"product_cat-promotionele-artikelen-vrije-tijd-binnenspellen","8":"product_cat-promotionele-artikelen","9":"product_cat-promotionele-artikelen-vrije-tijd","10":"entry","12":"first","13":"instock","14":"taxable","15":"shipping-taxable","16":"purchasable","17":"product-type-variable"},"acf":{"imprint_cost":[{"imprint_cost_key":"dd300a9e7765475bd13476635961078a3c88f85d","product_quantity_price_range":[{"imprint_cost_recommended_selling_price":"1.1325","imprint_cost_recommended_selling_quantity":"1"},{"imprint_cost_recommended_selling_price":"0.945","imprint_cost_recommended_selling_quantity":"10"},{"imprint_cost_recommended_selling_price":"0.87","imprint_cost_recommended_selling_quantity":"25"},{"imprint_cost_recommended_selling_price":"0.7725","imprint_cost_recommended_selling_quantity":"50"},{"imprint_cost_recommended_selling_price":"0.69","imprint_cost_recommended_selling_quantity":"100"},{"imprint_cost_recommended_selling_price":"0.615","imprint_cost_recommended_selling_quantity":"250"},{"imprint_cost_recommended_selling_price":"0.57","imprint_cost_recommended_selling_quantity":"500"},{"imprint_cost_recommended_selling_price":"0.5325","imprint_cost_recommended_selling_quantity":"1000"},{"imprint_cost_recommended_selling_price":"0.4425","imprint_cost_recommended_selling_quantity":"2500"},{"imprint_cost_recommended_selling_price":"0.4425","imprint_cost_recommended_selling_quantity":"5000"},{"imprint_cost_recommended_selling_price":"0.4425","imprint_cost_recommended_selling_quantity":"10000"}],"product_quantity_price_range_buying":[{"imprint_cost_general_buying_price":"0.755","imprint_cost_general_buying_quantity":"1"},{"imprint_cost_general_buying_price":"0.63","imprint_cost_general_buying_quantity":"10"},{"imprint_cost_general_buying_price":"0.58","imprint_cost_general_buying_quantity":"25"},{"imprint_cost_general_buying_price":"0.515","imprint_cost_general_buying_quantity":"50"},{"imprint_cost_general_buying_price":"0.46","imprint_cost_general_buying_quantity":"100"},{"imprint_cost_general_buying_price":"0.41","imprint_cost_general_buying_quantity":"250"},{"imprint_cost_general_buying_price":"0.38","imprint_cost_general_buying_quantity":"500"},{"imprint_cost_general_buying_price":"0.355","imprint_cost_general_buying_quantity":"1000"},{"imprint_cost_general_buying_price":"0.295","imprint_cost_general_buying_quantity":"2500"},{"imprint_cost_general_buying_price":"0.295","imprint_cost_general_buying_quantity":"5000"},{"imprint_cost_general_buying_price":"0.295","imprint_cost_general_buying_quantity":"10000"}],"imprint_cost_setup_costs":"54","imprint_cost_handling_costs":"0.12"}]},"aioseo_notices":[],"aioseo_head":"\n\t\t<!-- All in One SEO Pro 4.9.6.2 - aioseo.com -->\n\t<meta name=\"description\" content=\"Aus FSC-zertifiziertem Holz gefertigt, trainierst du mit sechs Teilen r\u00e4umliches Denken und Geduld - ideal als Gehirnjogging im B\u00fcro oder zu Hause. Auf Wunsch druckt Hidalgo dein Logo auf die Steine; jetzt Holzw\u00fcrfel Puzzle kaufen oder als 3D Puzzle Holz bestellen.\" \/>\n\t<meta name=\"robots\" content=\"max-image-preview:large\" \/>\n\t<link rel=\"canonical\" href=\"https:\/\/hidalgo.nl\/de\/wp-json\/wp\/v2\/product\/839422\" \/>\n\t<meta name=\"generator\" content=\"All in One SEO Pro (AIOSEO) 4.9.6.2\" \/>\n\t\t<meta property=\"og:locale\" content=\"de_DE\" \/>\n\t\t<meta property=\"og:site_name\" content=\"Hidalgo -\" \/>\n\t\t<meta property=\"og:type\" content=\"article\" \/>\n\t\t<meta property=\"og:title\" content=\"Holzw\u00fcrfel Puzzle bedrucken FSC nachhaltig 6-teilig\" \/>\n\t\t<meta property=\"og:description\" content=\"Aus FSC-zertifiziertem Holz gefertigt, trainierst du mit sechs Teilen r\u00e4umliches Denken und Geduld - ideal als Gehirnjogging im B\u00fcro oder zu Hause. Auf Wunsch druckt Hidalgo dein Logo auf die Steine; jetzt Holzw\u00fcrfel Puzzle kaufen oder als 3D Puzzle Holz bestellen.\" \/>\n\t\t<meta property=\"og:url\" content=\"https:\/\/hidalgo.nl\/de\/wp-json\/wp\/v2\/product\/839422\" \/>\n\t\t<meta property=\"og:image\" content=\"https:\/\/shop.hidalgo.nl\/wp-content\/uploads\/2025\/11\/cropped-Hidalgo-est1993.png\" \/>\n\t\t<meta property=\"og:image:secure_url\" content=\"https:\/\/shop.hidalgo.nl\/wp-content\/uploads\/2025\/11\/cropped-Hidalgo-est1993.png\" \/>\n\t\t<meta property=\"article:published_time\" content=\"2026-02-10T15:40:23+00:00\" \/>\n\t\t<meta property=\"article:modified_time\" content=\"2026-04-24T07:48:12+00:00\" \/>\n\t\t<meta name=\"twitter:card\" content=\"summary_large_image\" \/>\n\t\t<meta name=\"twitter:title\" content=\"Holzw\u00fcrfel Puzzle bedrucken FSC nachhaltig 6-teilig\" \/>\n\t\t<meta name=\"twitter:description\" content=\"Aus FSC-zertifiziertem Holz gefertigt, trainierst du mit sechs Teilen r\u00e4umliches Denken und Geduld - ideal als Gehirnjogging im B\u00fcro oder zu Hause. Auf Wunsch druckt Hidalgo dein Logo auf die Steine; jetzt Holzw\u00fcrfel Puzzle kaufen oder als 3D Puzzle Holz bestellen.\" \/>\n\t\t<meta name=\"twitter:image\" content=\"https:\/\/shop.hidalgo.nl\/wp-content\/uploads\/2025\/11\/cropped-Hidalgo-est1993.png\" \/>\n\t\t<script type=\"application\/ld+json\" class=\"aioseo-schema\">\n\t\t\t{\"@context\":\"https:\\\/\\\/schema.org\",\"@graph\":[{\"@type\":\"BreadcrumbList\",\"@id\":\"https:\\\/\\\/hidalgo.nl\\\/de\\\/product\\\/839422\\\/holzwuerfel-puzzle-bedrucken-fsc-nachhaltig-6-teilig\\\/#breadcrumblist\",\"itemListElement\":[{\"@type\":\"ListItem\",\"@id\":\"https:\\\/\\\/hidalgo.nl\\\/de\\\/#listItem\",\"position\":1,\"name\":\"Home\",\"item\":\"https:\\\/\\\/hidalgo.nl\\\/de\\\/\",\"nextItem\":{\"@type\":\"ListItem\",\"@id\":\"https:\\\/\\\/hidalgo.nl\\\/example\\\/#listItem\",\"name\":\"example\"}},{\"@type\":\"ListItem\",\"@id\":\"https:\\\/\\\/hidalgo.nl\\\/example\\\/#listItem\",\"position\":2,\"name\":\"example\",\"item\":\"https:\\\/\\\/hidalgo.nl\\\/example\\\/\",\"nextItem\":{\"@type\":\"ListItem\",\"@id\":\"https:\\\/\\\/hidalgo.nl\\\/en\\\/product-supplier\\\/a53\\\/#listItem\",\"name\":\"A53\"},\"previousItem\":{\"@type\":\"ListItem\",\"@id\":\"https:\\\/\\\/hidalgo.nl\\\/de\\\/#listItem\",\"name\":\"Home\"}},{\"@type\":\"ListItem\",\"@id\":\"https:\\\/\\\/hidalgo.nl\\\/en\\\/product-supplier\\\/a53\\\/#listItem\",\"position\":3,\"name\":\"A53\",\"item\":\"https:\\\/\\\/hidalgo.nl\\\/en\\\/product-supplier\\\/a53\\\/\",\"nextItem\":{\"@type\":\"ListItem\",\"@id\":\"https:\\\/\\\/hidalgo.nl\\\/de\\\/product\\\/839422\\\/holzwuerfel-puzzle-bedrucken-fsc-nachhaltig-6-teilig\\\/#listItem\",\"name\":\"Houten kubus puzzel\"},\"previousItem\":{\"@type\":\"ListItem\",\"@id\":\"https:\\\/\\\/hidalgo.nl\\\/example\\\/#listItem\",\"name\":\"example\"}},{\"@type\":\"ListItem\",\"@id\":\"https:\\\/\\\/hidalgo.nl\\\/de\\\/product\\\/839422\\\/holzwuerfel-puzzle-bedrucken-fsc-nachhaltig-6-teilig\\\/#listItem\",\"position\":4,\"name\":\"Houten kubus puzzel\",\"previousItem\":{\"@type\":\"ListItem\",\"@id\":\"https:\\\/\\\/hidalgo.nl\\\/en\\\/product-supplier\\\/a53\\\/#listItem\",\"name\":\"A53\"}}]},{\"@type\":\"ItemPage\",\"@id\":\"https:\\\/\\\/hidalgo.nl\\\/de\\\/product\\\/839422\\\/holzwuerfel-puzzle-bedrucken-fsc-nachhaltig-6-teilig\\\/#itempage\",\"url\":\"https:\\\/\\\/hidalgo.nl\\\/de\\\/product\\\/839422\\\/holzwuerfel-puzzle-bedrucken-fsc-nachhaltig-6-teilig\\\/\",\"name\":\"Holzw\\u00fcrfel Puzzle bedrucken FSC nachhaltig 6-teilig\",\"description\":\"Aus FSC-zertifiziertem Holz gefertigt, trainierst du mit sechs Teilen r\\u00e4umliches Denken und Geduld - ideal als Gehirnjogging im B\\u00fcro oder zu Hause. Auf Wunsch druckt Hidalgo dein Logo auf die Steine; jetzt Holzw\\u00fcrfel Puzzle kaufen oder als 3D Puzzle Holz bestellen.\",\"inLanguage\":\"de-DE\",\"isPartOf\":{\"@id\":\"https:\\\/\\\/hidalgo.nl\\\/de\\\/#website\"},\"breadcrumb\":{\"@id\":\"https:\\\/\\\/hidalgo.nl\\\/de\\\/product\\\/839422\\\/holzwuerfel-puzzle-bedrucken-fsc-nachhaltig-6-teilig\\\/#breadcrumblist\"},\"image\":{\"@type\":\"ImageObject\",\"url\":\"https:\\\/\\\/shop.hidalgo.nl\\\/wp-content\\\/uploads\\\/2025\\\/12\\\/afeff5a8223e24b63cbfcc757092f243990ebbafa11f4f2a19a3ce5b7b8dc0d2.jpg\",\"@id\":\"https:\\\/\\\/hidalgo.nl\\\/de\\\/product\\\/839422\\\/holzwuerfel-puzzle-bedrucken-fsc-nachhaltig-6-teilig\\\/#mainImage\"},\"primaryImageOfPage\":{\"@id\":\"https:\\\/\\\/hidalgo.nl\\\/de\\\/product\\\/839422\\\/holzwuerfel-puzzle-bedrucken-fsc-nachhaltig-6-teilig\\\/#mainImage\"},\"datePublished\":\"2026-02-10T15:40:23+00:00\",\"dateModified\":\"2026-04-24T07:48:12+00:00\"},{\"@type\":\"Organization\",\"@id\":\"https:\\\/\\\/hidalgo.nl\\\/de\\\/#organization\",\"name\":\"Hidalgo\",\"url\":\"https:\\\/\\\/hidalgo.nl\\\/de\\\/\",\"logo\":{\"@type\":\"ImageObject\",\"url\":\"https:\\\/\\\/shop.hidalgo.nl\\\/wp-content\\\/uploads\\\/2025\\\/11\\\/cropped-Hidalgo-est1993.png\",\"@id\":\"https:\\\/\\\/hidalgo.nl\\\/de\\\/product\\\/839422\\\/holzwuerfel-puzzle-bedrucken-fsc-nachhaltig-6-teilig\\\/#organizationLogo\",\"width\":585,\"height\":195},\"image\":{\"@id\":\"https:\\\/\\\/hidalgo.nl\\\/de\\\/product\\\/839422\\\/holzwuerfel-puzzle-bedrucken-fsc-nachhaltig-6-teilig\\\/#organizationLogo\"}},{\"@type\":\"WebPage\",\"@id\":\"https:\\\/\\\/hidalgo.nl\\\/de\\\/product\\\/839422\\\/holzwuerfel-puzzle-bedrucken-fsc-nachhaltig-6-teilig\\\/#webpage\",\"url\":\"https:\\\/\\\/hidalgo.nl\\\/de\\\/product\\\/839422\\\/holzwuerfel-puzzle-bedrucken-fsc-nachhaltig-6-teilig\\\/\",\"name\":\"Holzw\\u00fcrfel Puzzle bedrucken FSC nachhaltig 6-teilig\",\"description\":\"Aus FSC-zertifiziertem Holz gefertigt, trainierst du mit sechs Teilen r\\u00e4umliches Denken und Geduld - ideal als Gehirnjogging im B\\u00fcro oder zu Hause. Auf Wunsch druckt Hidalgo dein Logo auf die Steine; jetzt Holzw\\u00fcrfel Puzzle kaufen oder als 3D Puzzle Holz bestellen.\",\"inLanguage\":\"de-DE\",\"isPartOf\":{\"@id\":\"https:\\\/\\\/hidalgo.nl\\\/de\\\/#website\"},\"breadcrumb\":{\"@id\":\"https:\\\/\\\/hidalgo.nl\\\/de\\\/product\\\/839422\\\/holzwuerfel-puzzle-bedrucken-fsc-nachhaltig-6-teilig\\\/#breadcrumblist\"},\"image\":{\"@type\":\"ImageObject\",\"url\":\"https:\\\/\\\/shop.hidalgo.nl\\\/wp-content\\\/uploads\\\/2025\\\/12\\\/afeff5a8223e24b63cbfcc757092f243990ebbafa11f4f2a19a3ce5b7b8dc0d2.jpg\",\"@id\":\"https:\\\/\\\/hidalgo.nl\\\/de\\\/product\\\/839422\\\/holzwuerfel-puzzle-bedrucken-fsc-nachhaltig-6-teilig\\\/#mainImage\"},\"primaryImageOfPage\":{\"@id\":\"https:\\\/\\\/hidalgo.nl\\\/de\\\/product\\\/839422\\\/holzwuerfel-puzzle-bedrucken-fsc-nachhaltig-6-teilig\\\/#mainImage\"},\"datePublished\":\"2026-02-10T15:40:23+00:00\",\"dateModified\":\"2026-04-24T07:48:12+00:00\"},{\"@type\":\"WebSite\",\"@id\":\"https:\\\/\\\/hidalgo.nl\\\/de\\\/#website\",\"url\":\"https:\\\/\\\/hidalgo.nl\\\/de\\\/\",\"name\":\"Hidalgo\",\"inLanguage\":\"de-DE\",\"publisher\":{\"@id\":\"https:\\\/\\\/hidalgo.nl\\\/de\\\/#organization\"}}]}\n\t\t<\/script>\n\t\t<!-- All in One SEO Pro -->\r\n\t\t<title>Holzw\u00fcrfel Puzzle bedrucken FSC nachhaltig 6-teilig<\/title>\n\n","aioseo_head_json":{"title":"Holzw\u00fcrfel Puzzle bedrucken FSC nachhaltig 6-teilig","description":"Aus FSC-zertifiziertem Holz gefertigt, trainierst du mit sechs Teilen r\u00e4umliches Denken und Geduld - ideal als Gehirnjogging im B\u00fcro oder zu Hause. Auf Wunsch druckt Hidalgo dein Logo auf die Steine; jetzt Holzw\u00fcrfel Puzzle kaufen oder als 3D Puzzle Holz bestellen.","canonical_url":"https:\/\/hidalgo.nl\/de\/wp-json\/wp\/v2\/product\/839422","robots":"max-image-preview:large","keywords":"","webmasterTools":{"miscellaneous":""},"schema":{"@context":"https:\/\/schema.org","@graph":[{"@type":"BreadcrumbList","@id":"https:\/\/hidalgo.nl\/de\/product\/839422\/holzwuerfel-puzzle-bedrucken-fsc-nachhaltig-6-teilig\/#breadcrumblist","itemListElement":[{"@type":"ListItem","@id":"https:\/\/hidalgo.nl\/de\/#listItem","position":1,"name":"Home","item":"https:\/\/hidalgo.nl\/de\/","nextItem":{"@type":"ListItem","@id":"https:\/\/hidalgo.nl\/example\/#listItem","name":"example"}},{"@type":"ListItem","@id":"https:\/\/hidalgo.nl\/example\/#listItem","position":2,"name":"example","item":"https:\/\/hidalgo.nl\/example\/","nextItem":{"@type":"ListItem","@id":"https:\/\/hidalgo.nl\/en\/product-supplier\/a53\/#listItem","name":"A53"},"previousItem":{"@type":"ListItem","@id":"https:\/\/hidalgo.nl\/de\/#listItem","name":"Home"}},{"@type":"ListItem","@id":"https:\/\/hidalgo.nl\/en\/product-supplier\/a53\/#listItem","position":3,"name":"A53","item":"https:\/\/hidalgo.nl\/en\/product-supplier\/a53\/","nextItem":{"@type":"ListItem","@id":"https:\/\/hidalgo.nl\/de\/product\/839422\/holzwuerfel-puzzle-bedrucken-fsc-nachhaltig-6-teilig\/#listItem","name":"Houten kubus puzzel"},"previousItem":{"@type":"ListItem","@id":"https:\/\/hidalgo.nl\/example\/#listItem","name":"example"}},{"@type":"ListItem","@id":"https:\/\/hidalgo.nl\/de\/product\/839422\/holzwuerfel-puzzle-bedrucken-fsc-nachhaltig-6-teilig\/#listItem","position":4,"name":"Houten kubus puzzel","previousItem":{"@type":"ListItem","@id":"https:\/\/hidalgo.nl\/en\/product-supplier\/a53\/#listItem","name":"A53"}}]},{"@type":"ItemPage","@id":"https:\/\/hidalgo.nl\/de\/product\/839422\/holzwuerfel-puzzle-bedrucken-fsc-nachhaltig-6-teilig\/#itempage","url":"https:\/\/hidalgo.nl\/de\/product\/839422\/holzwuerfel-puzzle-bedrucken-fsc-nachhaltig-6-teilig\/","name":"Holzw\u00fcrfel Puzzle bedrucken FSC nachhaltig 6-teilig","description":"Aus FSC-zertifiziertem Holz gefertigt, trainierst du mit sechs Teilen r\u00e4umliches Denken und Geduld - ideal als Gehirnjogging im B\u00fcro oder zu Hause. Auf Wunsch druckt Hidalgo dein Logo auf die Steine; jetzt Holzw\u00fcrfel Puzzle kaufen oder als 3D Puzzle Holz bestellen.","inLanguage":"de-DE","isPartOf":{"@id":"https:\/\/hidalgo.nl\/de\/#website"},"breadcrumb":{"@id":"https:\/\/hidalgo.nl\/de\/product\/839422\/holzwuerfel-puzzle-bedrucken-fsc-nachhaltig-6-teilig\/#breadcrumblist"},"image":{"@type":"ImageObject","url":"https:\/\/shop.hidalgo.nl\/wp-content\/uploads\/2025\/12\/afeff5a8223e24b63cbfcc757092f243990ebbafa11f4f2a19a3ce5b7b8dc0d2.jpg","@id":"https:\/\/hidalgo.nl\/de\/product\/839422\/holzwuerfel-puzzle-bedrucken-fsc-nachhaltig-6-teilig\/#mainImage"},"primaryImageOfPage":{"@id":"https:\/\/hidalgo.nl\/de\/product\/839422\/holzwuerfel-puzzle-bedrucken-fsc-nachhaltig-6-teilig\/#mainImage"},"datePublished":"2026-02-10T15:40:23+00:00","dateModified":"2026-04-24T07:48:12+00:00"},{"@type":"Organization","@id":"https:\/\/hidalgo.nl\/de\/#organization","name":"Hidalgo","url":"https:\/\/hidalgo.nl\/de\/","logo":{"@type":"ImageObject","url":"https:\/\/shop.hidalgo.nl\/wp-content\/uploads\/2025\/11\/cropped-Hidalgo-est1993.png","@id":"https:\/\/hidalgo.nl\/de\/product\/839422\/holzwuerfel-puzzle-bedrucken-fsc-nachhaltig-6-teilig\/#organizationLogo","width":585,"height":195},"image":{"@id":"https:\/\/hidalgo.nl\/de\/product\/839422\/holzwuerfel-puzzle-bedrucken-fsc-nachhaltig-6-teilig\/#organizationLogo"}},{"@type":"WebPage","@id":"https:\/\/hidalgo.nl\/de\/product\/839422\/holzwuerfel-puzzle-bedrucken-fsc-nachhaltig-6-teilig\/#webpage","url":"https:\/\/hidalgo.nl\/de\/product\/839422\/holzwuerfel-puzzle-bedrucken-fsc-nachhaltig-6-teilig\/","name":"Holzw\u00fcrfel Puzzle bedrucken FSC nachhaltig 6-teilig","description":"Aus FSC-zertifiziertem Holz gefertigt, trainierst du mit sechs Teilen r\u00e4umliches Denken und Geduld - ideal als Gehirnjogging im B\u00fcro oder zu Hause. Auf Wunsch druckt Hidalgo dein Logo auf die Steine; jetzt Holzw\u00fcrfel Puzzle kaufen oder als 3D Puzzle Holz bestellen.","inLanguage":"de-DE","isPartOf":{"@id":"https:\/\/hidalgo.nl\/de\/#website"},"breadcrumb":{"@id":"https:\/\/hidalgo.nl\/de\/product\/839422\/holzwuerfel-puzzle-bedrucken-fsc-nachhaltig-6-teilig\/#breadcrumblist"},"image":{"@type":"ImageObject","url":"https:\/\/shop.hidalgo.nl\/wp-content\/uploads\/2025\/12\/afeff5a8223e24b63cbfcc757092f243990ebbafa11f4f2a19a3ce5b7b8dc0d2.jpg","@id":"https:\/\/hidalgo.nl\/de\/product\/839422\/holzwuerfel-puzzle-bedrucken-fsc-nachhaltig-6-teilig\/#mainImage"},"primaryImageOfPage":{"@id":"https:\/\/hidalgo.nl\/de\/product\/839422\/holzwuerfel-puzzle-bedrucken-fsc-nachhaltig-6-teilig\/#mainImage"},"datePublished":"2026-02-10T15:40:23+00:00","dateModified":"2026-04-24T07:48:12+00:00"},{"@type":"WebSite","@id":"https:\/\/hidalgo.nl\/de\/#website","url":"https:\/\/hidalgo.nl\/de\/","name":"Hidalgo","inLanguage":"de-DE","publisher":{"@id":"https:\/\/hidalgo.nl\/de\/#organization"}}]},"og:locale":"de_DE","og:site_name":"Hidalgo -","og:type":"article","og:title":"Holzw\u00fcrfel Puzzle bedrucken FSC nachhaltig 6-teilig","og:description":"Aus FSC-zertifiziertem Holz gefertigt, trainierst du mit sechs Teilen r\u00e4umliches Denken und Geduld - ideal als Gehirnjogging im B\u00fcro oder zu Hause. Auf Wunsch druckt Hidalgo dein Logo auf die Steine; jetzt Holzw\u00fcrfel Puzzle kaufen oder als 3D Puzzle Holz bestellen.","og:url":"https:\/\/hidalgo.nl\/de\/wp-json\/wp\/v2\/product\/839422","og:image":"https:\/\/shop.hidalgo.nl\/wp-content\/uploads\/2025\/11\/cropped-Hidalgo-est1993.png","og:image:secure_url":"https:\/\/shop.hidalgo.nl\/wp-content\/uploads\/2025\/11\/cropped-Hidalgo-est1993.png","article:published_time":"2026-02-10T15:40:23+00:00","article:modified_time":"2026-04-24T07:48:12+00:00","twitter:card":"summary_large_image","twitter:title":"Holzw\u00fcrfel Puzzle bedrucken FSC nachhaltig 6-teilig","twitter:description":"Aus FSC-zertifiziertem Holz gefertigt, trainierst du mit sechs Teilen r\u00e4umliches Denken und Geduld - ideal als Gehirnjogging im B\u00fcro oder zu Hause. Auf Wunsch druckt Hidalgo dein Logo auf die Steine; jetzt Holzw\u00fcrfel Puzzle kaufen oder als 3D Puzzle Holz bestellen.","twitter:image":"https:\/\/shop.hidalgo.nl\/wp-content\/uploads\/2025\/11\/cropped-Hidalgo-est1993.png"},"aioseo_meta_data":{"post_id":"839422","title":null,"description":null,"keywords":null,"keyphrases":null,"primary_term":null,"canonical_url":null,"og_title":null,"og_description":null,"og_object_type":"default","og_image_type":"default","og_image_url":null,"og_image_width":null,"og_image_height":null,"og_image_custom_url":null,"og_image_custom_fields":null,"og_video":null,"og_custom_url":null,"og_article_section":null,"og_article_tags":null,"twitter_use_og":false,"twitter_card":"default","twitter_image_type":"default","twitter_image_url":null,"twitter_image_custom_url":null,"twitter_image_custom_fields":null,"twitter_title":null,"twitter_description":null,"schema":{"blockGraphs":[],"customGraphs":[],"default":{"data":{"Article":[],"Course":[],"Dataset":[],"FAQPage":[],"Movie":[],"Person":[],"Product":[],"ProductReview":[],"Car":[],"Recipe":[],"Service":[],"SoftwareApplication":[],"WebPage":[]},"graphName":"","isEnabled":true},"graphs":[]},"schema_type":"default","schema_type_options":null,"pillar_content":false,"robots_default":true,"robots_noindex":false,"robots_noarchive":false,"robots_nosnippet":false,"robots_nofollow":false,"robots_noimageindex":false,"robots_noodp":false,"robots_notranslate":false,"robots_max_snippet":null,"robots_max_videopreview":null,"robots_max_imagepreview":"large","priority":null,"frequency":null,"local_seo":null,"seo_analyzer_scan_date":"2026-02-10 15:43:28","breadcrumb_settings":null,"limit_modified_date":false,"reviewed_by":null,"open_ai":null,"ai":null,"created":"2026-02-10 15:42:43","updated":"2026-04-24 08:47:52"},"aioseo_breadcrumb":"<div class=\"aioseo-breadcrumbs\"><span class=\"aioseo-breadcrumb\">\n\t<a href=\"https:\/\/hidalgo.nl\/de\/\" title=\"Home\">Home<\/a>\n<\/span><span class=\"aioseo-breadcrumb-separator\">\u00bb<\/span><span class=\"aioseo-breadcrumb\">\n\t<a href=\"https:\/\/hidalgo.nl\/example\/\" title=\"example\">example<\/a>\n<\/span><span class=\"aioseo-breadcrumb-separator\">\u00bb<\/span><span class=\"aioseo-breadcrumb\">\n\t<a href=\"https:\/\/hidalgo.nl\/en\/product-supplier\/a53\/\" title=\"A53\">A53<\/a>\n<\/span><span class=\"aioseo-breadcrumb-separator\">\u00bb<\/span><span class=\"aioseo-breadcrumb\">\n\tHouten kubus puzzel\n<\/span><\/div>","aioseo_breadcrumb_json":[{"label":"Home","link":"https:\/\/hidalgo.nl\/de\/"},{"label":"example","link":"https:\/\/hidalgo.nl\/example\/"},{"label":"A53","link":"https:\/\/hidalgo.nl\/en\/product-supplier\/a53\/"},{"label":"Houten kubus puzzel","link":"https:\/\/hidalgo.nl\/de\/product\/839422\/holzwuerfel-puzzle-bedrucken-fsc-nachhaltig-6-teilig\/"}],"_links":{"self":[{"href":"https:\/\/hidalgo.nl\/de\/wp-json\/wp\/v2\/product\/839422","targetHints":{"allow":["GET"]}}],"collection":[{"href":"https:\/\/hidalgo.nl\/de\/wp-json\/wp\/v2\/product"}],"about":[{"href":"https:\/\/hidalgo.nl\/de\/wp-json\/wp\/v2\/types\/product"}],"wp:featuredmedia":[{"embeddable":true,"href":"https:\/\/hidalgo.nl\/de\/wp-json\/wp\/v2\/media\/839423"}],"wp:attachment":[{"href":"https:\/\/hidalgo.nl\/de\/wp-json\/wp\/v2\/media?parent=839422"}],"wp:term":[{"taxonomy":"product_brand","embeddable":true,"href":"https:\/\/hidalgo.nl\/de\/wp-json\/wp\/v2\/product_brand?post=839422"},{"taxonomy":"product_cat","embeddable":true,"href":"https:\/\/hidalgo.nl\/de\/wp-json\/wp\/v2\/product_cat?post=839422"},{"taxonomy":"product_tag","embeddable":true,"href":"https:\/\/hidalgo.nl\/de\/wp-json\/wp\/v2\/product_tag?post=839422"}],"curies":[{"name":"wp","href":"https:\/\/api.w.org\/{rel}","templated":true}]}}