{"id":839342,"date":"2026-02-10T12:44:46","date_gmt":"2026-02-10T12:44:46","guid":{"rendered":"https:\/\/hidalgo.nl\/product\/gerecyclede-aluminium-usb-hub-layton\/"},"modified":"2026-03-13T13:55:52","modified_gmt":"2026-03-13T13:55:52","slug":"gerecyclede-aluminium-usb-hub-layton","status":"publish","type":"product","link":"https:\/\/hidalgo.nl\/de\/product\/839342\/usb-hub-bedrucken-layton-recyceltes-aluminium-3-port\/","title":{"rendered":"Gerecyclede aluminium USB hub Layton"},"content":{"rendered":"<p>Aluminium USB hub  met 3 poorten. Twee USB A- en \u00e9\u00e9n USB C-poort. Gerecycled logo gegraveerd op de voorkant.<\/p>\n","protected":false},"excerpt":{"rendered":"<p>Aluminium USB hub met 3 poorten. Twee USB A- en \u00e9\u00e9n USB C-poort. Gerecycled logo gegraveerd op de voorkant.<\/p>\n","protected":false},"featured_media":839343,"template":"","meta":{"_acf_changed":false,"om_disable_all_campaigns":false,"_monsterinsights_skip_tracking":false,"_monsterinsights_sitenote_active":false,"_monsterinsights_sitenote_note":"","_monsterinsights_sitenote_category":0},"product_brand":[49],"product_cat":[4720,4724,4719],"product_tag":[],"class_list":{"0":"post-839342","1":"product","2":"type-product","3":"status-publish","4":"has-post-thumbnail","6":"product_supplier-a58","7":"product_material-abs","8":"product_material-allooi","9":"product_material-aluminium","10":"product_material-papier","11":"product_material-rvs","12":"product_material-tpe","13":"product_brand-impression","14":"product_cat-promotionele-artikelen-elektronica-en-gadgets","15":"product_cat-promotionele-artikelen-elektronica-en-gadgets-kabels-en-opladers","16":"product_cat-promotionele-artikelen","17":"entry","19":"first","20":"instock","21":"taxable","22":"shipping-taxable","23":"purchasable","24":"product-type-variable"},"acf":{"imprint_cost":[{"imprint_cost_key":"104f62130c10362f70c06d9df6103617a640b545","product_quantity_price_range":[{"imprint_cost_recommended_selling_price":"2.66","imprint_cost_recommended_selling_quantity":"1"},{"imprint_cost_recommended_selling_price":"1.63","imprint_cost_recommended_selling_quantity":"25"},{"imprint_cost_recommended_selling_price":"1.22","imprint_cost_recommended_selling_quantity":"50"},{"imprint_cost_recommended_selling_price":"0.88","imprint_cost_recommended_selling_quantity":"100"},{"imprint_cost_recommended_selling_price":"0.52","imprint_cost_recommended_selling_quantity":"250"},{"imprint_cost_recommended_selling_price":"0.43","imprint_cost_recommended_selling_quantity":"500"},{"imprint_cost_recommended_selling_price":"0.37","imprint_cost_recommended_selling_quantity":"1000"},{"imprint_cost_recommended_selling_price":"0.29","imprint_cost_recommended_selling_quantity":"2500"}],"product_quantity_price_range_buying":false,"imprint_cost_setup_costs":"30.77","imprint_cost_handling_costs":"0.2"},{"imprint_cost_key":"19d70cb3c42b14905cf5881df564583cdb80d791","product_quantity_price_range":[{"imprint_cost_recommended_selling_price":"5.43","imprint_cost_recommended_selling_quantity":"1"},{"imprint_cost_recommended_selling_price":"2.83","imprint_cost_recommended_selling_quantity":"25"},{"imprint_cost_recommended_selling_price":"1.29","imprint_cost_recommended_selling_quantity":"50"},{"imprint_cost_recommended_selling_price":"0.49","imprint_cost_recommended_selling_quantity":"100"},{"imprint_cost_recommended_selling_price":"0.35","imprint_cost_recommended_selling_quantity":"250"},{"imprint_cost_recommended_selling_price":"0.28","imprint_cost_recommended_selling_quantity":"500"},{"imprint_cost_recommended_selling_price":"0.2","imprint_cost_recommended_selling_quantity":"1000"},{"imprint_cost_recommended_selling_price":"0.18","imprint_cost_recommended_selling_quantity":"5000"}],"product_quantity_price_range_buying":false,"imprint_cost_setup_costs":"52.31","imprint_cost_handling_costs":"0.2"},{"imprint_cost_key":"75b136d77df3550b8680299fa831c807dd86e676","product_quantity_price_range":[{"imprint_cost_recommended_selling_price":"10.26","imprint_cost_recommended_selling_quantity":"1"},{"imprint_cost_recommended_selling_price":"5.35","imprint_cost_recommended_selling_quantity":"25"},{"imprint_cost_recommended_selling_price":"2.4","imprint_cost_recommended_selling_quantity":"50"},{"imprint_cost_recommended_selling_price":"0.84","imprint_cost_recommended_selling_quantity":"100"},{"imprint_cost_recommended_selling_price":"0.63","imprint_cost_recommended_selling_quantity":"250"},{"imprint_cost_recommended_selling_price":"0.53","imprint_cost_recommended_selling_quantity":"500"},{"imprint_cost_recommended_selling_price":"0.38","imprint_cost_recommended_selling_quantity":"1000"},{"imprint_cost_recommended_selling_price":"0.35","imprint_cost_recommended_selling_quantity":"5000"},{"imprint_cost_recommended_selling_price":"0.32","imprint_cost_recommended_selling_quantity":"10000"}],"product_quantity_price_range_buying":false,"imprint_cost_setup_costs":"104.62","imprint_cost_handling_costs":"0.2"},{"imprint_cost_key":"f9629a10d90a9ee329ca4470c96ca1986c715fad","product_quantity_price_range":[{"imprint_cost_recommended_selling_price":"2.46","imprint_cost_recommended_selling_quantity":"1"},{"imprint_cost_recommended_selling_price":"1.23","imprint_cost_recommended_selling_quantity":"25"},{"imprint_cost_recommended_selling_price":"0.83","imprint_cost_recommended_selling_quantity":"50"},{"imprint_cost_recommended_selling_price":"0.69","imprint_cost_recommended_selling_quantity":"100"},{"imprint_cost_recommended_selling_price":"0.58","imprint_cost_recommended_selling_quantity":"250"},{"imprint_cost_recommended_selling_price":"0.49","imprint_cost_recommended_selling_quantity":"500"},{"imprint_cost_recommended_selling_price":"0.4","imprint_cost_recommended_selling_quantity":"1000"},{"imprint_cost_recommended_selling_price":"0.37","imprint_cost_recommended_selling_quantity":"2500"},{"imprint_cost_recommended_selling_price":"0.32","imprint_cost_recommended_selling_quantity":"5000"},{"imprint_cost_recommended_selling_price":"0.31","imprint_cost_recommended_selling_quantity":"10000"}],"product_quantity_price_range_buying":false,"imprint_cost_setup_costs":"51.54","imprint_cost_handling_costs":"0.2"}]},"aioseo_notices":[],"aioseo_head":"\n\t\t<!-- All in One SEO Pro 4.9.6.2 - aioseo.com -->\n\t<meta name=\"description\" content=\"Erweitere deine Konnektivit\u00e4t mit diesem schlanken USB Verteiler aus recyceltem Metall. Als modernes und nachhaltiges Werbegeschenk f\u00fcr B2B-Kunden l\u00e4sst du den Hub einfach mit deinem Logo gravieren.\" \/>\n\t<meta name=\"robots\" content=\"max-image-preview:large\" \/>\n\t<link rel=\"canonical\" href=\"https:\/\/hidalgo.nl\/de\/wp-json\/wp\/v2\/product\/839342\" \/>\n\t<meta name=\"generator\" content=\"All in One SEO Pro (AIOSEO) 4.9.6.2\" \/>\n\t\t<meta property=\"og:locale\" content=\"de_DE\" \/>\n\t\t<meta property=\"og:site_name\" content=\"Hidalgo -\" \/>\n\t\t<meta property=\"og:type\" content=\"article\" \/>\n\t\t<meta property=\"og:title\" content=\"USB Hub bedrucken Layton recyceltes Aluminium 3-Port\" \/>\n\t\t<meta property=\"og:description\" content=\"Erweitere deine Konnektivit\u00e4t mit diesem schlanken USB Verteiler aus recyceltem Metall. Als modernes und nachhaltiges Werbegeschenk f\u00fcr B2B-Kunden l\u00e4sst du den Hub einfach mit deinem Logo gravieren.\" \/>\n\t\t<meta property=\"og:url\" content=\"https:\/\/hidalgo.nl\/de\/wp-json\/wp\/v2\/product\/839342\" \/>\n\t\t<meta property=\"og:image\" content=\"https:\/\/shop.hidalgo.nl\/wp-content\/uploads\/2025\/11\/cropped-Hidalgo-est1993.png\" \/>\n\t\t<meta property=\"og:image:secure_url\" content=\"https:\/\/shop.hidalgo.nl\/wp-content\/uploads\/2025\/11\/cropped-Hidalgo-est1993.png\" \/>\n\t\t<meta property=\"article:published_time\" content=\"2026-02-10T12:44:46+00:00\" \/>\n\t\t<meta property=\"article:modified_time\" content=\"2026-03-13T13:55:52+00:00\" \/>\n\t\t<meta name=\"twitter:card\" content=\"summary_large_image\" \/>\n\t\t<meta name=\"twitter:title\" content=\"USB Hub bedrucken Layton recyceltes Aluminium 3-Port\" \/>\n\t\t<meta name=\"twitter:description\" content=\"Erweitere deine Konnektivit\u00e4t mit diesem schlanken USB Verteiler aus recyceltem Metall. Als modernes und nachhaltiges Werbegeschenk f\u00fcr B2B-Kunden l\u00e4sst du den Hub einfach mit deinem Logo gravieren.\" \/>\n\t\t<meta name=\"twitter:image\" content=\"https:\/\/shop.hidalgo.nl\/wp-content\/uploads\/2025\/11\/cropped-Hidalgo-est1993.png\" \/>\n\t\t<script type=\"application\/ld+json\" class=\"aioseo-schema\">\n\t\t\t{\"@context\":\"https:\\\/\\\/schema.org\",\"@graph\":[{\"@type\":\"BreadcrumbList\",\"@id\":\"https:\\\/\\\/hidalgo.nl\\\/de\\\/product\\\/839342\\\/usb-hub-bedrucken-layton-recyceltes-aluminium-3-port\\\/#breadcrumblist\",\"itemListElement\":[{\"@type\":\"ListItem\",\"@id\":\"https:\\\/\\\/hidalgo.nl\\\/de\\\/#listItem\",\"position\":1,\"name\":\"Home\",\"item\":\"https:\\\/\\\/hidalgo.nl\\\/de\\\/\",\"nextItem\":{\"@type\":\"ListItem\",\"@id\":\"https:\\\/\\\/hidalgo.nl\\\/example\\\/#listItem\",\"name\":\"example\"}},{\"@type\":\"ListItem\",\"@id\":\"https:\\\/\\\/hidalgo.nl\\\/example\\\/#listItem\",\"position\":2,\"name\":\"example\",\"item\":\"https:\\\/\\\/hidalgo.nl\\\/example\\\/\",\"nextItem\":{\"@type\":\"ListItem\",\"@id\":\"https:\\\/\\\/hidalgo.nl\\\/en\\\/product-supplier\\\/a58\\\/#listItem\",\"name\":\"A58\"},\"previousItem\":{\"@type\":\"ListItem\",\"@id\":\"https:\\\/\\\/hidalgo.nl\\\/de\\\/#listItem\",\"name\":\"Home\"}},{\"@type\":\"ListItem\",\"@id\":\"https:\\\/\\\/hidalgo.nl\\\/en\\\/product-supplier\\\/a58\\\/#listItem\",\"position\":3,\"name\":\"A58\",\"item\":\"https:\\\/\\\/hidalgo.nl\\\/en\\\/product-supplier\\\/a58\\\/\",\"nextItem\":{\"@type\":\"ListItem\",\"@id\":\"https:\\\/\\\/hidalgo.nl\\\/de\\\/product\\\/839342\\\/usb-hub-bedrucken-layton-recyceltes-aluminium-3-port\\\/#listItem\",\"name\":\"Gerecyclede aluminium USB hub Layton\"},\"previousItem\":{\"@type\":\"ListItem\",\"@id\":\"https:\\\/\\\/hidalgo.nl\\\/example\\\/#listItem\",\"name\":\"example\"}},{\"@type\":\"ListItem\",\"@id\":\"https:\\\/\\\/hidalgo.nl\\\/de\\\/product\\\/839342\\\/usb-hub-bedrucken-layton-recyceltes-aluminium-3-port\\\/#listItem\",\"position\":4,\"name\":\"Gerecyclede aluminium USB hub Layton\",\"previousItem\":{\"@type\":\"ListItem\",\"@id\":\"https:\\\/\\\/hidalgo.nl\\\/en\\\/product-supplier\\\/a58\\\/#listItem\",\"name\":\"A58\"}}]},{\"@type\":\"Organization\",\"@id\":\"https:\\\/\\\/hidalgo.nl\\\/de\\\/#organization\",\"name\":\"Hidalgo\",\"url\":\"https:\\\/\\\/hidalgo.nl\\\/de\\\/\",\"logo\":{\"@type\":\"ImageObject\",\"url\":\"https:\\\/\\\/shop.hidalgo.nl\\\/wp-content\\\/uploads\\\/2025\\\/11\\\/cropped-Hidalgo-est1993.png\",\"@id\":\"https:\\\/\\\/hidalgo.nl\\\/de\\\/product\\\/839342\\\/usb-hub-bedrucken-layton-recyceltes-aluminium-3-port\\\/#organizationLogo\",\"width\":585,\"height\":195},\"image\":{\"@id\":\"https:\\\/\\\/hidalgo.nl\\\/de\\\/product\\\/839342\\\/usb-hub-bedrucken-layton-recyceltes-aluminium-3-port\\\/#organizationLogo\"}},{\"@type\":\"ProductGroup\",\"@id\":\"https:\\\/\\\/hidalgo.nl\\\/de\\\/product\\\/839342\\\/usb-hub-bedrucken-layton-recyceltes-aluminium-3-port\\\/#wooCommerceProduct\",\"name\":\"USB Hub bedrucken Layton recyceltes Aluminium 3-Port\",\"url\":\"https:\\\/\\\/hidalgo.nl\\\/de\\\/product\\\/839342\\\/usb-hub-bedrucken-layton-recyceltes-aluminium-3-port\\\/\",\"brand\":{\"@type\":\"Brand\",\"name\":\"IMPRESSION\"},\"sku\":\"A58-1015140\",\"image\":{\"@type\":\"ImageObject\",\"url\":\"https:\\\/\\\/shop.hidalgo.nl\\\/wp-content\\\/uploads\\\/2026\\\/01\\\/489a80189427ca070d452498cb8580f78b674c55d4d7efff0bb6b569107f4d4b.jpg\",\"@id\":\"https:\\\/\\\/hidalgo.nl\\\/de\\\/product\\\/839342\\\/usb-hub-bedrucken-layton-recyceltes-aluminium-3-port\\\/#productImage\"},\"productGroupID\":839342,\"hasVariant\":[{\"@type\":\"Product\",\"@id\":\"https:\\\/\\\/hidalgo.nl\\\/de\\\/product\\\/839342\\\/usb-hub-bedrucken-layton-recyceltes-aluminium-3-port\\\/#wooCommerceProduct\",\"name\":\"Gerecyclede aluminium USB hub Layton - zwart, standaard-uitvoering\",\"url\":\"https:\\\/\\\/hidalgo.nl\\\/de\\\/product\\\/839342\\\/usb-hub-bedrucken-layton-recyceltes-aluminium-3-port\\\/\",\"sku\":\"A58-1015140-001999999\",\"gtin\":\"8719446064133\",\"image\":{\"@type\":\"ImageObject\",\"url\":\"https:\\\/\\\/shop.hidalgo.nl\\\/wp-content\\\/uploads\\\/2026\\\/01\\\/60a719f59b492d427af957cb5631668adcda764c39b9226e93b44ced40c494f2.jpg\",\"@id\":\"https:\\\/\\\/hidalgo.nl\\\/de\\\/product\\\/839342\\\/usb-hub-bedrucken-layton-recyceltes-aluminium-3-port\\\/#productImage\"},\"offers\":{\"@type\":\"Offer\",\"url\":\"https:\\\/\\\/hidalgo.nl\\\/de\\\/product\\\/839342\\\/usb-hub-bedrucken-layton-recyceltes-aluminium-3-port\\\/#wooCommerceOffer\",\"price\":\"8.04\",\"priceCurrency\":\"EUR\",\"category\":\"Promotionele Artikelen\",\"availability\":\"https:\\\/\\\/schema.org\\\/InStock\",\"priceSpecification\":{\"@type\":\"PriceSpecification\",\"price\":8.04,\"priceCurrency\":\"EUR\",\"valueAddedTaxIncluded\":\"true\"}}},{\"@type\":\"Product\",\"@id\":\"https:\\\/\\\/hidalgo.nl\\\/de\\\/product\\\/839342\\\/usb-hub-bedrucken-layton-recyceltes-aluminium-3-port\\\/#wooCommerceProduct\",\"name\":\"Gerecyclede aluminium USB hub Layton - zilver, standaard-uitvoering\",\"url\":\"https:\\\/\\\/hidalgo.nl\\\/de\\\/product\\\/839342\\\/usb-hub-bedrucken-layton-recyceltes-aluminium-3-port\\\/\",\"sku\":\"A58-1015140-032999999\",\"gtin\":\"8719446064140\",\"image\":{\"@type\":\"ImageObject\",\"url\":\"https:\\\/\\\/shop.hidalgo.nl\\\/wp-content\\\/uploads\\\/2026\\\/01\\\/7b13b99a6b48ba4fdffa839cddb8c907ef1d8007993fdd70688008b3d6ae255d.jpg\",\"@id\":\"https:\\\/\\\/hidalgo.nl\\\/de\\\/product\\\/839342\\\/usb-hub-bedrucken-layton-recyceltes-aluminium-3-port\\\/#productImage\"},\"offers\":{\"@type\":\"Offer\",\"url\":\"https:\\\/\\\/hidalgo.nl\\\/de\\\/product\\\/839342\\\/usb-hub-bedrucken-layton-recyceltes-aluminium-3-port\\\/#wooCommerceOffer\",\"price\":\"8.04\",\"priceCurrency\":\"EUR\",\"category\":\"Promotionele Artikelen\",\"availability\":\"https:\\\/\\\/schema.org\\\/InStock\",\"priceSpecification\":{\"@type\":\"PriceSpecification\",\"price\":8.04,\"priceCurrency\":\"EUR\",\"valueAddedTaxIncluded\":\"true\"}}}]},{\"@type\":\"WebPage\",\"@id\":\"https:\\\/\\\/hidalgo.nl\\\/de\\\/product\\\/839342\\\/usb-hub-bedrucken-layton-recyceltes-aluminium-3-port\\\/#webpage\",\"url\":\"https:\\\/\\\/hidalgo.nl\\\/de\\\/product\\\/839342\\\/usb-hub-bedrucken-layton-recyceltes-aluminium-3-port\\\/\",\"name\":\"USB Hub bedrucken Layton recyceltes Aluminium 3-Port\",\"description\":\"Erweitere deine Konnektivit\\u00e4t mit diesem schlanken USB Verteiler aus recyceltem Metall. Als modernes und nachhaltiges Werbegeschenk f\\u00fcr B2B-Kunden l\\u00e4sst du den Hub einfach mit deinem Logo gravieren.\",\"inLanguage\":\"de-DE\",\"isPartOf\":{\"@id\":\"https:\\\/\\\/hidalgo.nl\\\/de\\\/#website\"},\"breadcrumb\":{\"@id\":\"https:\\\/\\\/hidalgo.nl\\\/de\\\/product\\\/839342\\\/usb-hub-bedrucken-layton-recyceltes-aluminium-3-port\\\/#breadcrumblist\"},\"image\":{\"@type\":\"ImageObject\",\"url\":\"https:\\\/\\\/shop.hidalgo.nl\\\/wp-content\\\/uploads\\\/2026\\\/01\\\/489a80189427ca070d452498cb8580f78b674c55d4d7efff0bb6b569107f4d4b.jpg\",\"@id\":\"https:\\\/\\\/hidalgo.nl\\\/de\\\/product\\\/839342\\\/usb-hub-bedrucken-layton-recyceltes-aluminium-3-port\\\/#mainImage\"},\"primaryImageOfPage\":{\"@id\":\"https:\\\/\\\/hidalgo.nl\\\/de\\\/product\\\/839342\\\/usb-hub-bedrucken-layton-recyceltes-aluminium-3-port\\\/#mainImage\"},\"datePublished\":\"2026-02-10T12:44:46+00:00\",\"dateModified\":\"2026-03-13T13:55:52+00:00\"},{\"@type\":\"WebSite\",\"@id\":\"https:\\\/\\\/hidalgo.nl\\\/de\\\/#website\",\"url\":\"https:\\\/\\\/hidalgo.nl\\\/de\\\/\",\"name\":\"Hidalgo\",\"inLanguage\":\"de-DE\",\"publisher\":{\"@id\":\"https:\\\/\\\/hidalgo.nl\\\/de\\\/#organization\"}}]}\n\t\t<\/script>\n\t\t<!-- All in One SEO Pro -->\r\n\t\t<title>USB Hub bedrucken Layton recyceltes Aluminium 3-Port<\/title>\n\n","aioseo_head_json":{"title":"USB Hub bedrucken Layton recyceltes Aluminium 3-Port","description":"Erweitere deine Konnektivit\u00e4t mit diesem schlanken USB Verteiler aus recyceltem Metall. Als modernes und nachhaltiges Werbegeschenk f\u00fcr B2B-Kunden l\u00e4sst du den Hub einfach mit deinem Logo gravieren.","canonical_url":"https:\/\/hidalgo.nl\/de\/wp-json\/wp\/v2\/product\/839342","robots":"max-image-preview:large","keywords":"","webmasterTools":{"miscellaneous":""},"schema":{"@context":"https:\/\/schema.org","@graph":[{"@type":"BreadcrumbList","@id":"https:\/\/hidalgo.nl\/de\/product\/839342\/usb-hub-bedrucken-layton-recyceltes-aluminium-3-port\/#breadcrumblist","itemListElement":[{"@type":"ListItem","@id":"https:\/\/hidalgo.nl\/de\/#listItem","position":1,"name":"Home","item":"https:\/\/hidalgo.nl\/de\/","nextItem":{"@type":"ListItem","@id":"https:\/\/hidalgo.nl\/example\/#listItem","name":"example"}},{"@type":"ListItem","@id":"https:\/\/hidalgo.nl\/example\/#listItem","position":2,"name":"example","item":"https:\/\/hidalgo.nl\/example\/","nextItem":{"@type":"ListItem","@id":"https:\/\/hidalgo.nl\/en\/product-supplier\/a58\/#listItem","name":"A58"},"previousItem":{"@type":"ListItem","@id":"https:\/\/hidalgo.nl\/de\/#listItem","name":"Home"}},{"@type":"ListItem","@id":"https:\/\/hidalgo.nl\/en\/product-supplier\/a58\/#listItem","position":3,"name":"A58","item":"https:\/\/hidalgo.nl\/en\/product-supplier\/a58\/","nextItem":{"@type":"ListItem","@id":"https:\/\/hidalgo.nl\/de\/product\/839342\/usb-hub-bedrucken-layton-recyceltes-aluminium-3-port\/#listItem","name":"Gerecyclede aluminium USB hub Layton"},"previousItem":{"@type":"ListItem","@id":"https:\/\/hidalgo.nl\/example\/#listItem","name":"example"}},{"@type":"ListItem","@id":"https:\/\/hidalgo.nl\/de\/product\/839342\/usb-hub-bedrucken-layton-recyceltes-aluminium-3-port\/#listItem","position":4,"name":"Gerecyclede aluminium USB hub Layton","previousItem":{"@type":"ListItem","@id":"https:\/\/hidalgo.nl\/en\/product-supplier\/a58\/#listItem","name":"A58"}}]},{"@type":"Organization","@id":"https:\/\/hidalgo.nl\/de\/#organization","name":"Hidalgo","url":"https:\/\/hidalgo.nl\/de\/","logo":{"@type":"ImageObject","url":"https:\/\/shop.hidalgo.nl\/wp-content\/uploads\/2025\/11\/cropped-Hidalgo-est1993.png","@id":"https:\/\/hidalgo.nl\/de\/product\/839342\/usb-hub-bedrucken-layton-recyceltes-aluminium-3-port\/#organizationLogo","width":585,"height":195},"image":{"@id":"https:\/\/hidalgo.nl\/de\/product\/839342\/usb-hub-bedrucken-layton-recyceltes-aluminium-3-port\/#organizationLogo"}},{"@type":"ProductGroup","@id":"https:\/\/hidalgo.nl\/de\/product\/839342\/usb-hub-bedrucken-layton-recyceltes-aluminium-3-port\/#wooCommerceProduct","name":"USB Hub bedrucken Layton recyceltes Aluminium 3-Port","url":"https:\/\/hidalgo.nl\/de\/product\/839342\/usb-hub-bedrucken-layton-recyceltes-aluminium-3-port\/","brand":{"@type":"Brand","name":"IMPRESSION"},"sku":"A58-1015140","image":{"@type":"ImageObject","url":"https:\/\/shop.hidalgo.nl\/wp-content\/uploads\/2026\/01\/489a80189427ca070d452498cb8580f78b674c55d4d7efff0bb6b569107f4d4b.jpg","@id":"https:\/\/hidalgo.nl\/de\/product\/839342\/usb-hub-bedrucken-layton-recyceltes-aluminium-3-port\/#productImage"},"productGroupID":839342,"hasVariant":[{"@type":"Product","@id":"https:\/\/hidalgo.nl\/de\/product\/839342\/usb-hub-bedrucken-layton-recyceltes-aluminium-3-port\/#wooCommerceProduct","name":"Gerecyclede aluminium USB hub Layton - zwart, standaard-uitvoering","url":"https:\/\/hidalgo.nl\/de\/product\/839342\/usb-hub-bedrucken-layton-recyceltes-aluminium-3-port\/","sku":"A58-1015140-001999999","gtin":"8719446064133","image":{"@type":"ImageObject","url":"https:\/\/shop.hidalgo.nl\/wp-content\/uploads\/2026\/01\/60a719f59b492d427af957cb5631668adcda764c39b9226e93b44ced40c494f2.jpg","@id":"https:\/\/hidalgo.nl\/de\/product\/839342\/usb-hub-bedrucken-layton-recyceltes-aluminium-3-port\/#productImage"},"offers":{"@type":"Offer","url":"https:\/\/hidalgo.nl\/de\/product\/839342\/usb-hub-bedrucken-layton-recyceltes-aluminium-3-port\/#wooCommerceOffer","price":"8.04","priceCurrency":"EUR","category":"Promotionele Artikelen","availability":"https:\/\/schema.org\/InStock","priceSpecification":{"@type":"PriceSpecification","price":8.04,"priceCurrency":"EUR","valueAddedTaxIncluded":"true"}}},{"@type":"Product","@id":"https:\/\/hidalgo.nl\/de\/product\/839342\/usb-hub-bedrucken-layton-recyceltes-aluminium-3-port\/#wooCommerceProduct","name":"Gerecyclede aluminium USB hub Layton - zilver, standaard-uitvoering","url":"https:\/\/hidalgo.nl\/de\/product\/839342\/usb-hub-bedrucken-layton-recyceltes-aluminium-3-port\/","sku":"A58-1015140-032999999","gtin":"8719446064140","image":{"@type":"ImageObject","url":"https:\/\/shop.hidalgo.nl\/wp-content\/uploads\/2026\/01\/7b13b99a6b48ba4fdffa839cddb8c907ef1d8007993fdd70688008b3d6ae255d.jpg","@id":"https:\/\/hidalgo.nl\/de\/product\/839342\/usb-hub-bedrucken-layton-recyceltes-aluminium-3-port\/#productImage"},"offers":{"@type":"Offer","url":"https:\/\/hidalgo.nl\/de\/product\/839342\/usb-hub-bedrucken-layton-recyceltes-aluminium-3-port\/#wooCommerceOffer","price":"8.04","priceCurrency":"EUR","category":"Promotionele Artikelen","availability":"https:\/\/schema.org\/InStock","priceSpecification":{"@type":"PriceSpecification","price":8.04,"priceCurrency":"EUR","valueAddedTaxIncluded":"true"}}}]},{"@type":"WebPage","@id":"https:\/\/hidalgo.nl\/de\/product\/839342\/usb-hub-bedrucken-layton-recyceltes-aluminium-3-port\/#webpage","url":"https:\/\/hidalgo.nl\/de\/product\/839342\/usb-hub-bedrucken-layton-recyceltes-aluminium-3-port\/","name":"USB Hub bedrucken Layton recyceltes Aluminium 3-Port","description":"Erweitere deine Konnektivit\u00e4t mit diesem schlanken USB Verteiler aus recyceltem Metall. Als modernes und nachhaltiges Werbegeschenk f\u00fcr B2B-Kunden l\u00e4sst du den Hub einfach mit deinem Logo gravieren.","inLanguage":"de-DE","isPartOf":{"@id":"https:\/\/hidalgo.nl\/de\/#website"},"breadcrumb":{"@id":"https:\/\/hidalgo.nl\/de\/product\/839342\/usb-hub-bedrucken-layton-recyceltes-aluminium-3-port\/#breadcrumblist"},"image":{"@type":"ImageObject","url":"https:\/\/shop.hidalgo.nl\/wp-content\/uploads\/2026\/01\/489a80189427ca070d452498cb8580f78b674c55d4d7efff0bb6b569107f4d4b.jpg","@id":"https:\/\/hidalgo.nl\/de\/product\/839342\/usb-hub-bedrucken-layton-recyceltes-aluminium-3-port\/#mainImage"},"primaryImageOfPage":{"@id":"https:\/\/hidalgo.nl\/de\/product\/839342\/usb-hub-bedrucken-layton-recyceltes-aluminium-3-port\/#mainImage"},"datePublished":"2026-02-10T12:44:46+00:00","dateModified":"2026-03-13T13:55:52+00:00"},{"@type":"WebSite","@id":"https:\/\/hidalgo.nl\/de\/#website","url":"https:\/\/hidalgo.nl\/de\/","name":"Hidalgo","inLanguage":"de-DE","publisher":{"@id":"https:\/\/hidalgo.nl\/de\/#organization"}}]},"og:locale":"de_DE","og:site_name":"Hidalgo -","og:type":"article","og:title":"USB Hub bedrucken Layton recyceltes Aluminium 3-Port","og:description":"Erweitere deine Konnektivit\u00e4t mit diesem schlanken USB Verteiler aus recyceltem Metall. Als modernes und nachhaltiges Werbegeschenk f\u00fcr B2B-Kunden l\u00e4sst du den Hub einfach mit deinem Logo gravieren.","og:url":"https:\/\/hidalgo.nl\/de\/wp-json\/wp\/v2\/product\/839342","og:image":"https:\/\/shop.hidalgo.nl\/wp-content\/uploads\/2025\/11\/cropped-Hidalgo-est1993.png","og:image:secure_url":"https:\/\/shop.hidalgo.nl\/wp-content\/uploads\/2025\/11\/cropped-Hidalgo-est1993.png","article:published_time":"2026-02-10T12:44:46+00:00","article:modified_time":"2026-03-13T13:55:52+00:00","twitter:card":"summary_large_image","twitter:title":"USB Hub bedrucken Layton recyceltes Aluminium 3-Port","twitter:description":"Erweitere deine Konnektivit\u00e4t mit diesem schlanken USB Verteiler aus recyceltem Metall. Als modernes und nachhaltiges Werbegeschenk f\u00fcr B2B-Kunden l\u00e4sst du den Hub einfach mit deinem Logo gravieren.","twitter:image":"https:\/\/shop.hidalgo.nl\/wp-content\/uploads\/2025\/11\/cropped-Hidalgo-est1993.png"},"aioseo_meta_data":{"post_id":"839342","title":null,"description":null,"keywords":null,"keyphrases":null,"primary_term":null,"canonical_url":null,"og_title":null,"og_description":null,"og_object_type":"default","og_image_type":"default","og_image_url":null,"og_image_width":null,"og_image_height":null,"og_image_custom_url":null,"og_image_custom_fields":null,"og_video":null,"og_custom_url":null,"og_article_section":null,"og_article_tags":null,"twitter_use_og":false,"twitter_card":"default","twitter_image_type":"default","twitter_image_url":null,"twitter_image_custom_url":null,"twitter_image_custom_fields":null,"twitter_title":null,"twitter_description":null,"schema":{"blockGraphs":[],"customGraphs":[],"default":{"data":{"Article":[],"Course":[],"Dataset":[],"FAQPage":[],"Movie":[],"Person":[],"Product":[],"ProductReview":[],"Car":[],"Recipe":[],"Service":[],"SoftwareApplication":[],"WebPage":[]},"graphName":"","isEnabled":true},"graphs":[]},"schema_type":"default","schema_type_options":null,"pillar_content":false,"robots_default":true,"robots_noindex":false,"robots_noarchive":false,"robots_nosnippet":false,"robots_nofollow":false,"robots_noimageindex":false,"robots_noodp":false,"robots_notranslate":false,"robots_max_snippet":null,"robots_max_videopreview":null,"robots_max_imagepreview":"large","priority":null,"frequency":null,"local_seo":null,"seo_analyzer_scan_date":"2026-02-10 13:17:24","breadcrumb_settings":null,"limit_modified_date":false,"reviewed_by":null,"open_ai":null,"ai":null,"created":"2026-02-10 12:47:15","updated":"2026-04-23 16:33:53"},"aioseo_breadcrumb":"<div class=\"aioseo-breadcrumbs\"><span class=\"aioseo-breadcrumb\">\n\t<a href=\"https:\/\/hidalgo.nl\/de\/\" title=\"Home\">Home<\/a>\n<\/span><span class=\"aioseo-breadcrumb-separator\">\u00bb<\/span><span class=\"aioseo-breadcrumb\">\n\t<a href=\"https:\/\/hidalgo.nl\/example\/\" title=\"example\">example<\/a>\n<\/span><span class=\"aioseo-breadcrumb-separator\">\u00bb<\/span><span class=\"aioseo-breadcrumb\">\n\t<a href=\"https:\/\/hidalgo.nl\/en\/product-supplier\/a58\/\" title=\"A58\">A58<\/a>\n<\/span><span class=\"aioseo-breadcrumb-separator\">\u00bb<\/span><span class=\"aioseo-breadcrumb\">\n\tGerecyclede aluminium USB hub Layton\n<\/span><\/div>","aioseo_breadcrumb_json":[{"label":"Home","link":"https:\/\/hidalgo.nl\/de\/"},{"label":"example","link":"https:\/\/hidalgo.nl\/example\/"},{"label":"A58","link":"https:\/\/hidalgo.nl\/en\/product-supplier\/a58\/"},{"label":"Gerecyclede aluminium USB hub Layton","link":"https:\/\/hidalgo.nl\/de\/product\/839342\/usb-hub-bedrucken-layton-recyceltes-aluminium-3-port\/"}],"_links":{"self":[{"href":"https:\/\/hidalgo.nl\/de\/wp-json\/wp\/v2\/product\/839342","targetHints":{"allow":["GET"]}}],"collection":[{"href":"https:\/\/hidalgo.nl\/de\/wp-json\/wp\/v2\/product"}],"about":[{"href":"https:\/\/hidalgo.nl\/de\/wp-json\/wp\/v2\/types\/product"}],"wp:featuredmedia":[{"embeddable":true,"href":"https:\/\/hidalgo.nl\/de\/wp-json\/wp\/v2\/media\/839343"}],"wp:attachment":[{"href":"https:\/\/hidalgo.nl\/de\/wp-json\/wp\/v2\/media?parent=839342"}],"wp:term":[{"taxonomy":"product_brand","embeddable":true,"href":"https:\/\/hidalgo.nl\/de\/wp-json\/wp\/v2\/product_brand?post=839342"},{"taxonomy":"product_cat","embeddable":true,"href":"https:\/\/hidalgo.nl\/de\/wp-json\/wp\/v2\/product_cat?post=839342"},{"taxonomy":"product_tag","embeddable":true,"href":"https:\/\/hidalgo.nl\/de\/wp-json\/wp\/v2\/product_tag?post=839342"}],"curies":[{"name":"wp","href":"https:\/\/api.w.org\/{rel}","templated":true}]}}