{"id":839336,"date":"2026-02-10T12:44:46","date_gmt":"2026-02-10T12:44:46","guid":{"rendered":"https:\/\/hidalgo.nl\/product\/brandcharger-evopad-charge-draadloze-oplader\/"},"modified":"2026-03-13T19:45:00","modified_gmt":"2026-03-13T19:45:00","slug":"brandcharger-evopad-charge-draadloze-oplader","status":"publish","type":"product","link":"https:\/\/hidalgo.nl\/de\/product\/839336\/wireless-charger-bedrucken-evopad-charge-4-in-1-rpet\/","title":{"rendered":"BrandCharger Evopad Charge draadloze oplader"},"content":{"rendered":"<p>Gemaakt van gerecyclede PET-flessen, combineert dit multifunctionele hulpmiddel een draadloze oplader, muismat, telefoonhouder en pennenhouder in \u00e9\u00e9n compact ontwerp. Of je nu op kantoor, thuis of in een koffiezaak bent, de Evopad houdt je werkplek georganiseerd, netjes en volledig opgeladen, waar je ook bent.<\/p>\n","protected":false},"excerpt":{"rendered":"<p>Gemaakt van gerecyclede PET-flessen, combineert dit multifunctionele hulpmiddel een draadloze oplader, muismat, telefoonhouder en pennenhouder in \u00e9\u00e9n compact ontwerp. Of je nu op kantoor, thuis of in een koffiezaak bent, de Evopad houdt je werkplek georganiseerd, netjes en volledig opgeladen, waar je ook bent.<\/p>\n","protected":false},"featured_media":839337,"template":"","meta":{"_acf_changed":false,"om_disable_all_campaigns":false,"_monsterinsights_skip_tracking":false,"_monsterinsights_sitenote_active":false,"_monsterinsights_sitenote_note":"","_monsterinsights_sitenote_category":0},"product_brand":[117],"product_cat":[4720,4724,4719],"product_tag":[],"class_list":{"0":"post-839336","1":"product","2":"type-product","3":"status-publish","4":"has-post-thumbnail","6":"product_supplier-a58","7":"product_material-karton","8":"product_material-polyester","9":"product_material-rpet","10":"product_brand-brandcharger","11":"product_cat-promotionele-artikelen-elektronica-en-gadgets","12":"product_cat-promotionele-artikelen-elektronica-en-gadgets-kabels-en-opladers","13":"product_cat-promotionele-artikelen","14":"entry","16":"first","17":"instock","18":"taxable","19":"shipping-taxable","20":"purchasable","21":"product-type-variable"},"acf":{"imprint_cost":[{"imprint_cost_key":"0662f6b43dc9b9dd7354963d05d46fdf1f644b91","product_quantity_price_range":[{"imprint_cost_recommended_selling_price":"4.23","imprint_cost_recommended_selling_quantity":"1"},{"imprint_cost_recommended_selling_price":"2.23","imprint_cost_recommended_selling_quantity":"25"},{"imprint_cost_recommended_selling_price":"1.57","imprint_cost_recommended_selling_quantity":"50"},{"imprint_cost_recommended_selling_price":"1.08","imprint_cost_recommended_selling_quantity":"100"},{"imprint_cost_recommended_selling_price":"0.82","imprint_cost_recommended_selling_quantity":"250"},{"imprint_cost_recommended_selling_price":"0.58","imprint_cost_recommended_selling_quantity":"500"},{"imprint_cost_recommended_selling_price":"0.46","imprint_cost_recommended_selling_quantity":"1000"},{"imprint_cost_recommended_selling_price":"0.38","imprint_cost_recommended_selling_quantity":"2500"},{"imprint_cost_recommended_selling_price":"0.35","imprint_cost_recommended_selling_quantity":"5000"}],"product_quantity_price_range_buying":false,"imprint_cost_setup_costs":"52.31","imprint_cost_handling_costs":"0.26"},{"imprint_cost_key":"cd1b7943243e8bf4b514de0aa894919a49f10a36","product_quantity_price_range":[{"imprint_cost_recommended_selling_price":"8.46","imprint_cost_recommended_selling_quantity":"1"},{"imprint_cost_recommended_selling_price":"4.46","imprint_cost_recommended_selling_quantity":"25"},{"imprint_cost_recommended_selling_price":"3.14","imprint_cost_recommended_selling_quantity":"50"},{"imprint_cost_recommended_selling_price":"2.16","imprint_cost_recommended_selling_quantity":"100"},{"imprint_cost_recommended_selling_price":"1.64","imprint_cost_recommended_selling_quantity":"250"},{"imprint_cost_recommended_selling_price":"1.16","imprint_cost_recommended_selling_quantity":"500"},{"imprint_cost_recommended_selling_price":"0.92","imprint_cost_recommended_selling_quantity":"1000"},{"imprint_cost_recommended_selling_price":"0.76","imprint_cost_recommended_selling_quantity":"2500"},{"imprint_cost_recommended_selling_price":"0.7","imprint_cost_recommended_selling_quantity":"5000"}],"product_quantity_price_range_buying":false,"imprint_cost_setup_costs":"104.62","imprint_cost_handling_costs":"0.26"},{"imprint_cost_key":"72928e32d9f554757c41d1faac1a5bd280f2492a","product_quantity_price_range":[{"imprint_cost_recommended_selling_price":"1.54","imprint_cost_recommended_selling_quantity":"1"},{"imprint_cost_recommended_selling_price":"1.31","imprint_cost_recommended_selling_quantity":"25"},{"imprint_cost_recommended_selling_price":"1.11","imprint_cost_recommended_selling_quantity":"50"},{"imprint_cost_recommended_selling_price":"0.88","imprint_cost_recommended_selling_quantity":"100"},{"imprint_cost_recommended_selling_price":"0.66","imprint_cost_recommended_selling_quantity":"250"},{"imprint_cost_recommended_selling_price":"0.58","imprint_cost_recommended_selling_quantity":"500"},{"imprint_cost_recommended_selling_price":"0.57","imprint_cost_recommended_selling_quantity":"1000"},{"imprint_cost_recommended_selling_price":"0.55","imprint_cost_recommended_selling_quantity":"2500"},{"imprint_cost_recommended_selling_price":"0.52","imprint_cost_recommended_selling_quantity":"5000"}],"product_quantity_price_range_buying":false,"imprint_cost_setup_costs":"60.77","imprint_cost_handling_costs":"0.26"},{"imprint_cost_key":"d08ad26ca5d6481dc72847925df3a890ebe50872","product_quantity_price_range":[{"imprint_cost_recommended_selling_price":"3.02","imprint_cost_recommended_selling_quantity":"1"},{"imprint_cost_recommended_selling_price":"2.42","imprint_cost_recommended_selling_quantity":"25"},{"imprint_cost_recommended_selling_price":"1.42","imprint_cost_recommended_selling_quantity":"50"},{"imprint_cost_recommended_selling_price":"0.95","imprint_cost_recommended_selling_quantity":"100"},{"imprint_cost_recommended_selling_price":"0.8","imprint_cost_recommended_selling_quantity":"250"},{"imprint_cost_recommended_selling_price":"0.52","imprint_cost_recommended_selling_quantity":"500"},{"imprint_cost_recommended_selling_price":"0.43","imprint_cost_recommended_selling_quantity":"1000"},{"imprint_cost_recommended_selling_price":"0.4","imprint_cost_recommended_selling_quantity":"2500"},{"imprint_cost_recommended_selling_price":"0.38","imprint_cost_recommended_selling_quantity":"10000"}],"product_quantity_price_range_buying":false,"imprint_cost_setup_costs":"60.77","imprint_cost_handling_costs":"0.26"}]},"aioseo_notices":[],"aioseo_head":"\n\t\t<!-- All in One SEO Pro 4.9.6.2 - aioseo.com -->\n\t<meta name=\"description\" content=\"Organisiere deinen Schreibtisch mit dieser cleveren drahtlosen Ladematte aus rPET. Es dient gleichzeitig als Mauspad &amp; Ladepad f\u00fcr dein Smartphone und l\u00e4dt dein Handy schnell induktiv auf. Nutze dieses moderne Design als hochwertige Ladestation f\u00fcr dein B\u00fcro und lasse es individuell mit deinem Logo bedrucken.\" \/>\n\t<meta name=\"robots\" content=\"max-image-preview:large\" \/>\n\t<link rel=\"canonical\" href=\"https:\/\/hidalgo.nl\/de\/wp-json\/wp\/v2\/product\/839336\" \/>\n\t<meta name=\"generator\" content=\"All in One SEO Pro (AIOSEO) 4.9.6.2\" \/>\n\t\t<meta property=\"og:locale\" content=\"de_DE\" \/>\n\t\t<meta property=\"og:site_name\" content=\"Hidalgo -\" \/>\n\t\t<meta property=\"og:type\" content=\"article\" \/>\n\t\t<meta property=\"og:title\" content=\"Wireless Charger bedrucken Evopad Charge 4-in-1 rPET\" \/>\n\t\t<meta property=\"og:description\" content=\"Organisiere deinen Schreibtisch mit dieser cleveren drahtlosen Ladematte aus rPET. Es dient gleichzeitig als Mauspad &amp; Ladepad f\u00fcr dein Smartphone und l\u00e4dt dein Handy schnell induktiv auf. Nutze dieses moderne Design als hochwertige Ladestation f\u00fcr dein B\u00fcro und lasse es individuell mit deinem Logo bedrucken.\" \/>\n\t\t<meta property=\"og:url\" content=\"https:\/\/hidalgo.nl\/de\/wp-json\/wp\/v2\/product\/839336\" \/>\n\t\t<meta property=\"og:image\" content=\"https:\/\/shop.hidalgo.nl\/wp-content\/uploads\/2025\/11\/cropped-Hidalgo-est1993.png\" \/>\n\t\t<meta property=\"og:image:secure_url\" content=\"https:\/\/shop.hidalgo.nl\/wp-content\/uploads\/2025\/11\/cropped-Hidalgo-est1993.png\" \/>\n\t\t<meta property=\"article:published_time\" content=\"2026-02-10T12:44:46+00:00\" \/>\n\t\t<meta property=\"article:modified_time\" content=\"2026-03-13T19:45:00+00:00\" \/>\n\t\t<meta name=\"twitter:card\" content=\"summary_large_image\" \/>\n\t\t<meta name=\"twitter:title\" content=\"Wireless Charger bedrucken Evopad Charge 4-in-1 rPET\" \/>\n\t\t<meta name=\"twitter:description\" content=\"Organisiere deinen Schreibtisch mit dieser cleveren drahtlosen Ladematte aus rPET. Es dient gleichzeitig als Mauspad &amp; Ladepad f\u00fcr dein Smartphone und l\u00e4dt dein Handy schnell induktiv auf. Nutze dieses moderne Design als hochwertige Ladestation f\u00fcr dein B\u00fcro und lasse es individuell mit deinem Logo bedrucken.\" \/>\n\t\t<meta name=\"twitter:image\" content=\"https:\/\/shop.hidalgo.nl\/wp-content\/uploads\/2025\/11\/cropped-Hidalgo-est1993.png\" \/>\n\t\t<script type=\"application\/ld+json\" class=\"aioseo-schema\">\n\t\t\t{\"@context\":\"https:\\\/\\\/schema.org\",\"@graph\":[{\"@type\":\"BreadcrumbList\",\"@id\":\"https:\\\/\\\/hidalgo.nl\\\/de\\\/product\\\/839336\\\/wireless-charger-bedrucken-evopad-charge-4-in-1-rpet\\\/#breadcrumblist\",\"itemListElement\":[{\"@type\":\"ListItem\",\"@id\":\"https:\\\/\\\/hidalgo.nl\\\/de\\\/#listItem\",\"position\":1,\"name\":\"Home\",\"item\":\"https:\\\/\\\/hidalgo.nl\\\/de\\\/\",\"nextItem\":{\"@type\":\"ListItem\",\"@id\":\"https:\\\/\\\/hidalgo.nl\\\/example\\\/#listItem\",\"name\":\"example\"}},{\"@type\":\"ListItem\",\"@id\":\"https:\\\/\\\/hidalgo.nl\\\/example\\\/#listItem\",\"position\":2,\"name\":\"example\",\"item\":\"https:\\\/\\\/hidalgo.nl\\\/example\\\/\",\"nextItem\":{\"@type\":\"ListItem\",\"@id\":\"https:\\\/\\\/hidalgo.nl\\\/en\\\/product-supplier\\\/a58\\\/#listItem\",\"name\":\"A58\"},\"previousItem\":{\"@type\":\"ListItem\",\"@id\":\"https:\\\/\\\/hidalgo.nl\\\/de\\\/#listItem\",\"name\":\"Home\"}},{\"@type\":\"ListItem\",\"@id\":\"https:\\\/\\\/hidalgo.nl\\\/en\\\/product-supplier\\\/a58\\\/#listItem\",\"position\":3,\"name\":\"A58\",\"item\":\"https:\\\/\\\/hidalgo.nl\\\/en\\\/product-supplier\\\/a58\\\/\",\"nextItem\":{\"@type\":\"ListItem\",\"@id\":\"https:\\\/\\\/hidalgo.nl\\\/de\\\/product\\\/839336\\\/wireless-charger-bedrucken-evopad-charge-4-in-1-rpet\\\/#listItem\",\"name\":\"BrandCharger Evopad Charge draadloze oplader\"},\"previousItem\":{\"@type\":\"ListItem\",\"@id\":\"https:\\\/\\\/hidalgo.nl\\\/example\\\/#listItem\",\"name\":\"example\"}},{\"@type\":\"ListItem\",\"@id\":\"https:\\\/\\\/hidalgo.nl\\\/de\\\/product\\\/839336\\\/wireless-charger-bedrucken-evopad-charge-4-in-1-rpet\\\/#listItem\",\"position\":4,\"name\":\"BrandCharger Evopad Charge draadloze oplader\",\"previousItem\":{\"@type\":\"ListItem\",\"@id\":\"https:\\\/\\\/hidalgo.nl\\\/en\\\/product-supplier\\\/a58\\\/#listItem\",\"name\":\"A58\"}}]},{\"@type\":\"Organization\",\"@id\":\"https:\\\/\\\/hidalgo.nl\\\/de\\\/#organization\",\"name\":\"Hidalgo\",\"url\":\"https:\\\/\\\/hidalgo.nl\\\/de\\\/\",\"logo\":{\"@type\":\"ImageObject\",\"url\":\"https:\\\/\\\/shop.hidalgo.nl\\\/wp-content\\\/uploads\\\/2025\\\/11\\\/cropped-Hidalgo-est1993.png\",\"@id\":\"https:\\\/\\\/hidalgo.nl\\\/de\\\/product\\\/839336\\\/wireless-charger-bedrucken-evopad-charge-4-in-1-rpet\\\/#organizationLogo\",\"width\":585,\"height\":195},\"image\":{\"@id\":\"https:\\\/\\\/hidalgo.nl\\\/de\\\/product\\\/839336\\\/wireless-charger-bedrucken-evopad-charge-4-in-1-rpet\\\/#organizationLogo\"}},{\"@type\":\"ProductGroup\",\"@id\":\"https:\\\/\\\/hidalgo.nl\\\/de\\\/product\\\/839336\\\/wireless-charger-bedrucken-evopad-charge-4-in-1-rpet\\\/#wooCommerceProduct\",\"name\":\"Wireless Charger bedrucken Evopad Charge 4-in-1 rPET\",\"url\":\"https:\\\/\\\/hidalgo.nl\\\/de\\\/product\\\/839336\\\/wireless-charger-bedrucken-evopad-charge-4-in-1-rpet\\\/\",\"brand\":{\"@type\":\"Brand\",\"name\":\"Brandcharger\"},\"sku\":\"A58-1163686\",\"image\":{\"@type\":\"ImageObject\",\"url\":\"https:\\\/\\\/shop.hidalgo.nl\\\/wp-content\\\/uploads\\\/2026\\\/01\\\/01f97357b200cfe4e57633d659697bd823b6598e285f923d762f214c36821808.jpg\",\"@id\":\"https:\\\/\\\/hidalgo.nl\\\/de\\\/product\\\/839336\\\/wireless-charger-bedrucken-evopad-charge-4-in-1-rpet\\\/#productImage\"},\"productGroupID\":839336,\"hasVariant\":[{\"@type\":\"Product\",\"@id\":\"https:\\\/\\\/hidalgo.nl\\\/de\\\/product\\\/839336\\\/wireless-charger-bedrucken-evopad-charge-4-in-1-rpet\\\/#wooCommerceProduct\",\"name\":\"BrandCharger Evopad Charge draadloze oplader - grijs, standaard-uitvoering\",\"url\":\"https:\\\/\\\/hidalgo.nl\\\/de\\\/product\\\/839336\\\/wireless-charger-bedrucken-evopad-charge-4-in-1-rpet\\\/\",\"sku\":\"A58-1163686-003999999\",\"gtin\":\"8719446068568\",\"image\":{\"@type\":\"ImageObject\",\"url\":\"https:\\\/\\\/shop.hidalgo.nl\\\/wp-content\\\/uploads\\\/2026\\\/01\\\/0598a99fc797859142c1977f4bb34059995974f6660f777fbe7eaef0a01b06f3.jpg\",\"@id\":\"https:\\\/\\\/hidalgo.nl\\\/de\\\/product\\\/839336\\\/wireless-charger-bedrucken-evopad-charge-4-in-1-rpet\\\/#productImage\"},\"offers\":{\"@type\":\"Offer\",\"url\":\"https:\\\/\\\/hidalgo.nl\\\/de\\\/product\\\/839336\\\/wireless-charger-bedrucken-evopad-charge-4-in-1-rpet\\\/#wooCommerceOffer\",\"price\":\"27.94\",\"priceCurrency\":\"EUR\",\"category\":\"Promotionele Artikelen\",\"availability\":\"https:\\\/\\\/schema.org\\\/InStock\",\"priceSpecification\":{\"@type\":\"PriceSpecification\",\"price\":27.94,\"priceCurrency\":\"EUR\",\"valueAddedTaxIncluded\":\"true\"}}}]},{\"@type\":\"WebPage\",\"@id\":\"https:\\\/\\\/hidalgo.nl\\\/de\\\/product\\\/839336\\\/wireless-charger-bedrucken-evopad-charge-4-in-1-rpet\\\/#webpage\",\"url\":\"https:\\\/\\\/hidalgo.nl\\\/de\\\/product\\\/839336\\\/wireless-charger-bedrucken-evopad-charge-4-in-1-rpet\\\/\",\"name\":\"Wireless Charger bedrucken Evopad Charge 4-in-1 rPET\",\"description\":\"Organisiere deinen Schreibtisch mit dieser cleveren drahtlosen Ladematte aus rPET. Es dient gleichzeitig als Mauspad & Ladepad f\\u00fcr dein Smartphone und l\\u00e4dt dein Handy schnell induktiv auf. Nutze dieses moderne Design als hochwertige Ladestation f\\u00fcr dein B\\u00fcro und lasse es individuell mit deinem Logo bedrucken.\",\"inLanguage\":\"de-DE\",\"isPartOf\":{\"@id\":\"https:\\\/\\\/hidalgo.nl\\\/de\\\/#website\"},\"breadcrumb\":{\"@id\":\"https:\\\/\\\/hidalgo.nl\\\/de\\\/product\\\/839336\\\/wireless-charger-bedrucken-evopad-charge-4-in-1-rpet\\\/#breadcrumblist\"},\"image\":{\"@type\":\"ImageObject\",\"url\":\"https:\\\/\\\/shop.hidalgo.nl\\\/wp-content\\\/uploads\\\/2026\\\/01\\\/01f97357b200cfe4e57633d659697bd823b6598e285f923d762f214c36821808.jpg\",\"@id\":\"https:\\\/\\\/hidalgo.nl\\\/de\\\/product\\\/839336\\\/wireless-charger-bedrucken-evopad-charge-4-in-1-rpet\\\/#mainImage\"},\"primaryImageOfPage\":{\"@id\":\"https:\\\/\\\/hidalgo.nl\\\/de\\\/product\\\/839336\\\/wireless-charger-bedrucken-evopad-charge-4-in-1-rpet\\\/#mainImage\"},\"datePublished\":\"2026-02-10T12:44:46+00:00\",\"dateModified\":\"2026-03-13T19:45:00+00:00\"},{\"@type\":\"WebSite\",\"@id\":\"https:\\\/\\\/hidalgo.nl\\\/de\\\/#website\",\"url\":\"https:\\\/\\\/hidalgo.nl\\\/de\\\/\",\"name\":\"Hidalgo\",\"inLanguage\":\"de-DE\",\"publisher\":{\"@id\":\"https:\\\/\\\/hidalgo.nl\\\/de\\\/#organization\"}}]}\n\t\t<\/script>\n\t\t<!-- All in One SEO Pro -->\r\n\t\t<title>Wireless Charger bedrucken Evopad Charge 4-in-1 rPET<\/title>\n\n","aioseo_head_json":{"title":"Wireless Charger bedrucken Evopad Charge 4-in-1 rPET","description":"Organisiere deinen Schreibtisch mit dieser cleveren drahtlosen Ladematte aus rPET. Es dient gleichzeitig als Mauspad & Ladepad f\u00fcr dein Smartphone und l\u00e4dt dein Handy schnell induktiv auf. Nutze dieses moderne Design als hochwertige Ladestation f\u00fcr dein B\u00fcro und lasse es individuell mit deinem Logo bedrucken.","canonical_url":"https:\/\/hidalgo.nl\/de\/wp-json\/wp\/v2\/product\/839336","robots":"max-image-preview:large","keywords":"","webmasterTools":{"miscellaneous":""},"schema":{"@context":"https:\/\/schema.org","@graph":[{"@type":"BreadcrumbList","@id":"https:\/\/hidalgo.nl\/de\/product\/839336\/wireless-charger-bedrucken-evopad-charge-4-in-1-rpet\/#breadcrumblist","itemListElement":[{"@type":"ListItem","@id":"https:\/\/hidalgo.nl\/de\/#listItem","position":1,"name":"Home","item":"https:\/\/hidalgo.nl\/de\/","nextItem":{"@type":"ListItem","@id":"https:\/\/hidalgo.nl\/example\/#listItem","name":"example"}},{"@type":"ListItem","@id":"https:\/\/hidalgo.nl\/example\/#listItem","position":2,"name":"example","item":"https:\/\/hidalgo.nl\/example\/","nextItem":{"@type":"ListItem","@id":"https:\/\/hidalgo.nl\/en\/product-supplier\/a58\/#listItem","name":"A58"},"previousItem":{"@type":"ListItem","@id":"https:\/\/hidalgo.nl\/de\/#listItem","name":"Home"}},{"@type":"ListItem","@id":"https:\/\/hidalgo.nl\/en\/product-supplier\/a58\/#listItem","position":3,"name":"A58","item":"https:\/\/hidalgo.nl\/en\/product-supplier\/a58\/","nextItem":{"@type":"ListItem","@id":"https:\/\/hidalgo.nl\/de\/product\/839336\/wireless-charger-bedrucken-evopad-charge-4-in-1-rpet\/#listItem","name":"BrandCharger Evopad Charge draadloze oplader"},"previousItem":{"@type":"ListItem","@id":"https:\/\/hidalgo.nl\/example\/#listItem","name":"example"}},{"@type":"ListItem","@id":"https:\/\/hidalgo.nl\/de\/product\/839336\/wireless-charger-bedrucken-evopad-charge-4-in-1-rpet\/#listItem","position":4,"name":"BrandCharger Evopad Charge draadloze oplader","previousItem":{"@type":"ListItem","@id":"https:\/\/hidalgo.nl\/en\/product-supplier\/a58\/#listItem","name":"A58"}}]},{"@type":"Organization","@id":"https:\/\/hidalgo.nl\/de\/#organization","name":"Hidalgo","url":"https:\/\/hidalgo.nl\/de\/","logo":{"@type":"ImageObject","url":"https:\/\/shop.hidalgo.nl\/wp-content\/uploads\/2025\/11\/cropped-Hidalgo-est1993.png","@id":"https:\/\/hidalgo.nl\/de\/product\/839336\/wireless-charger-bedrucken-evopad-charge-4-in-1-rpet\/#organizationLogo","width":585,"height":195},"image":{"@id":"https:\/\/hidalgo.nl\/de\/product\/839336\/wireless-charger-bedrucken-evopad-charge-4-in-1-rpet\/#organizationLogo"}},{"@type":"ProductGroup","@id":"https:\/\/hidalgo.nl\/de\/product\/839336\/wireless-charger-bedrucken-evopad-charge-4-in-1-rpet\/#wooCommerceProduct","name":"Wireless Charger bedrucken Evopad Charge 4-in-1 rPET","url":"https:\/\/hidalgo.nl\/de\/product\/839336\/wireless-charger-bedrucken-evopad-charge-4-in-1-rpet\/","brand":{"@type":"Brand","name":"Brandcharger"},"sku":"A58-1163686","image":{"@type":"ImageObject","url":"https:\/\/shop.hidalgo.nl\/wp-content\/uploads\/2026\/01\/01f97357b200cfe4e57633d659697bd823b6598e285f923d762f214c36821808.jpg","@id":"https:\/\/hidalgo.nl\/de\/product\/839336\/wireless-charger-bedrucken-evopad-charge-4-in-1-rpet\/#productImage"},"productGroupID":839336,"hasVariant":[{"@type":"Product","@id":"https:\/\/hidalgo.nl\/de\/product\/839336\/wireless-charger-bedrucken-evopad-charge-4-in-1-rpet\/#wooCommerceProduct","name":"BrandCharger Evopad Charge draadloze oplader - grijs, standaard-uitvoering","url":"https:\/\/hidalgo.nl\/de\/product\/839336\/wireless-charger-bedrucken-evopad-charge-4-in-1-rpet\/","sku":"A58-1163686-003999999","gtin":"8719446068568","image":{"@type":"ImageObject","url":"https:\/\/shop.hidalgo.nl\/wp-content\/uploads\/2026\/01\/0598a99fc797859142c1977f4bb34059995974f6660f777fbe7eaef0a01b06f3.jpg","@id":"https:\/\/hidalgo.nl\/de\/product\/839336\/wireless-charger-bedrucken-evopad-charge-4-in-1-rpet\/#productImage"},"offers":{"@type":"Offer","url":"https:\/\/hidalgo.nl\/de\/product\/839336\/wireless-charger-bedrucken-evopad-charge-4-in-1-rpet\/#wooCommerceOffer","price":"27.94","priceCurrency":"EUR","category":"Promotionele Artikelen","availability":"https:\/\/schema.org\/InStock","priceSpecification":{"@type":"PriceSpecification","price":27.94,"priceCurrency":"EUR","valueAddedTaxIncluded":"true"}}}]},{"@type":"WebPage","@id":"https:\/\/hidalgo.nl\/de\/product\/839336\/wireless-charger-bedrucken-evopad-charge-4-in-1-rpet\/#webpage","url":"https:\/\/hidalgo.nl\/de\/product\/839336\/wireless-charger-bedrucken-evopad-charge-4-in-1-rpet\/","name":"Wireless Charger bedrucken Evopad Charge 4-in-1 rPET","description":"Organisiere deinen Schreibtisch mit dieser cleveren drahtlosen Ladematte aus rPET. Es dient gleichzeitig als Mauspad & Ladepad f\u00fcr dein Smartphone und l\u00e4dt dein Handy schnell induktiv auf. Nutze dieses moderne Design als hochwertige Ladestation f\u00fcr dein B\u00fcro und lasse es individuell mit deinem Logo bedrucken.","inLanguage":"de-DE","isPartOf":{"@id":"https:\/\/hidalgo.nl\/de\/#website"},"breadcrumb":{"@id":"https:\/\/hidalgo.nl\/de\/product\/839336\/wireless-charger-bedrucken-evopad-charge-4-in-1-rpet\/#breadcrumblist"},"image":{"@type":"ImageObject","url":"https:\/\/shop.hidalgo.nl\/wp-content\/uploads\/2026\/01\/01f97357b200cfe4e57633d659697bd823b6598e285f923d762f214c36821808.jpg","@id":"https:\/\/hidalgo.nl\/de\/product\/839336\/wireless-charger-bedrucken-evopad-charge-4-in-1-rpet\/#mainImage"},"primaryImageOfPage":{"@id":"https:\/\/hidalgo.nl\/de\/product\/839336\/wireless-charger-bedrucken-evopad-charge-4-in-1-rpet\/#mainImage"},"datePublished":"2026-02-10T12:44:46+00:00","dateModified":"2026-03-13T19:45:00+00:00"},{"@type":"WebSite","@id":"https:\/\/hidalgo.nl\/de\/#website","url":"https:\/\/hidalgo.nl\/de\/","name":"Hidalgo","inLanguage":"de-DE","publisher":{"@id":"https:\/\/hidalgo.nl\/de\/#organization"}}]},"og:locale":"de_DE","og:site_name":"Hidalgo -","og:type":"article","og:title":"Wireless Charger bedrucken Evopad Charge 4-in-1 rPET","og:description":"Organisiere deinen Schreibtisch mit dieser cleveren drahtlosen Ladematte aus rPET. Es dient gleichzeitig als Mauspad &amp; Ladepad f\u00fcr dein Smartphone und l\u00e4dt dein Handy schnell induktiv auf. Nutze dieses moderne Design als hochwertige Ladestation f\u00fcr dein B\u00fcro und lasse es individuell mit deinem Logo bedrucken.","og:url":"https:\/\/hidalgo.nl\/de\/wp-json\/wp\/v2\/product\/839336","og:image":"https:\/\/shop.hidalgo.nl\/wp-content\/uploads\/2025\/11\/cropped-Hidalgo-est1993.png","og:image:secure_url":"https:\/\/shop.hidalgo.nl\/wp-content\/uploads\/2025\/11\/cropped-Hidalgo-est1993.png","article:published_time":"2026-02-10T12:44:46+00:00","article:modified_time":"2026-03-13T19:45:00+00:00","twitter:card":"summary_large_image","twitter:title":"Wireless Charger bedrucken Evopad Charge 4-in-1 rPET","twitter:description":"Organisiere deinen Schreibtisch mit dieser cleveren drahtlosen Ladematte aus rPET. Es dient gleichzeitig als Mauspad &amp; Ladepad f\u00fcr dein Smartphone und l\u00e4dt dein Handy schnell induktiv auf. Nutze dieses moderne Design als hochwertige Ladestation f\u00fcr dein B\u00fcro und lasse es individuell mit deinem Logo bedrucken.","twitter:image":"https:\/\/shop.hidalgo.nl\/wp-content\/uploads\/2025\/11\/cropped-Hidalgo-est1993.png"},"aioseo_meta_data":{"post_id":"839336","title":null,"description":null,"keywords":null,"keyphrases":null,"primary_term":null,"canonical_url":null,"og_title":null,"og_description":null,"og_object_type":"default","og_image_type":"default","og_image_url":null,"og_image_width":null,"og_image_height":null,"og_image_custom_url":null,"og_image_custom_fields":null,"og_video":null,"og_custom_url":null,"og_article_section":null,"og_article_tags":null,"twitter_use_og":false,"twitter_card":"default","twitter_image_type":"default","twitter_image_url":null,"twitter_image_custom_url":null,"twitter_image_custom_fields":null,"twitter_title":null,"twitter_description":null,"schema":{"blockGraphs":[],"customGraphs":[],"default":{"data":{"Article":[],"Course":[],"Dataset":[],"FAQPage":[],"Movie":[],"Person":[],"Product":[],"ProductReview":[],"Car":[],"Recipe":[],"Service":[],"SoftwareApplication":[],"WebPage":[]},"graphName":"","isEnabled":true},"graphs":[]},"schema_type":"default","schema_type_options":null,"pillar_content":false,"robots_default":true,"robots_noindex":false,"robots_noarchive":false,"robots_nosnippet":false,"robots_nofollow":false,"robots_noimageindex":false,"robots_noodp":false,"robots_notranslate":false,"robots_max_snippet":null,"robots_max_videopreview":null,"robots_max_imagepreview":"large","priority":null,"frequency":null,"local_seo":null,"seo_analyzer_scan_date":"2026-02-10 13:17:24","breadcrumb_settings":null,"limit_modified_date":false,"reviewed_by":null,"open_ai":null,"ai":null,"created":"2026-02-10 12:47:15","updated":"2026-04-23 16:33:53"},"aioseo_breadcrumb":"<div class=\"aioseo-breadcrumbs\"><span class=\"aioseo-breadcrumb\">\n\t<a href=\"https:\/\/hidalgo.nl\/de\/\" title=\"Home\">Home<\/a>\n<\/span><span class=\"aioseo-breadcrumb-separator\">\u00bb<\/span><span class=\"aioseo-breadcrumb\">\n\t<a href=\"https:\/\/hidalgo.nl\/example\/\" title=\"example\">example<\/a>\n<\/span><span class=\"aioseo-breadcrumb-separator\">\u00bb<\/span><span class=\"aioseo-breadcrumb\">\n\t<a href=\"https:\/\/hidalgo.nl\/en\/product-supplier\/a58\/\" title=\"A58\">A58<\/a>\n<\/span><span class=\"aioseo-breadcrumb-separator\">\u00bb<\/span><span class=\"aioseo-breadcrumb\">\n\tBrandCharger Evopad Charge draadloze oplader\n<\/span><\/div>","aioseo_breadcrumb_json":[{"label":"Home","link":"https:\/\/hidalgo.nl\/de\/"},{"label":"example","link":"https:\/\/hidalgo.nl\/example\/"},{"label":"A58","link":"https:\/\/hidalgo.nl\/en\/product-supplier\/a58\/"},{"label":"BrandCharger Evopad Charge draadloze oplader","link":"https:\/\/hidalgo.nl\/de\/product\/839336\/wireless-charger-bedrucken-evopad-charge-4-in-1-rpet\/"}],"_links":{"self":[{"href":"https:\/\/hidalgo.nl\/de\/wp-json\/wp\/v2\/product\/839336","targetHints":{"allow":["GET"]}}],"collection":[{"href":"https:\/\/hidalgo.nl\/de\/wp-json\/wp\/v2\/product"}],"about":[{"href":"https:\/\/hidalgo.nl\/de\/wp-json\/wp\/v2\/types\/product"}],"wp:featuredmedia":[{"embeddable":true,"href":"https:\/\/hidalgo.nl\/de\/wp-json\/wp\/v2\/media\/839337"}],"wp:attachment":[{"href":"https:\/\/hidalgo.nl\/de\/wp-json\/wp\/v2\/media?parent=839336"}],"wp:term":[{"taxonomy":"product_brand","embeddable":true,"href":"https:\/\/hidalgo.nl\/de\/wp-json\/wp\/v2\/product_brand?post=839336"},{"taxonomy":"product_cat","embeddable":true,"href":"https:\/\/hidalgo.nl\/de\/wp-json\/wp\/v2\/product_cat?post=839336"},{"taxonomy":"product_tag","embeddable":true,"href":"https:\/\/hidalgo.nl\/de\/wp-json\/wp\/v2\/product_tag?post=839336"}],"curies":[{"name":"wp","href":"https:\/\/api.w.org\/{rel}","templated":true}]}}