{"id":839318,"date":"2026-02-10T12:42:29","date_gmt":"2026-02-10T12:42:29","guid":{"rendered":"https:\/\/hidalgo.nl\/product\/insideout-aroma-hanger-citroengras-oil-10-ml\/"},"modified":"2026-04-24T07:48:24","modified_gmt":"2026-04-24T07:48:24","slug":"insideout-aroma-hanger-citroengras-oil-10-ml","status":"publish","type":"product","link":"https:\/\/hidalgo.nl\/de\/product\/839318\/duftanhaenger-bedrucken-zitronengrasoel-briefkasten-10ml\/","title":{"rendered":"InSideOut Aroma Hanger Citroengras oil 10 ml"},"content":{"rendered":"<p>De InSideOut Aroma Giftset is voorzien van een poreuze hanger die door een paar druppeltjes pure olie de natuurlijke geur van Citroengras subtiel verspreidt. Ideaal voor kleine ruimtes zoals de slaapkamer, het toilet of de kledingkast. Een luxe ophang koord wordt meegeleverd in de fraaie geschenkverpakking, die door bijna elke brievenbus past.<\/p>\n","protected":false},"excerpt":{"rendered":"<p>De InSideOut Aroma Giftset is voorzien van een poreuze hanger die door een paar druppeltjes pure olie de natuurlijke geur van Citroengras subtiel verspreidt. Ideaal voor kleine ruimtes zoals de slaapkamer, het toilet of de kledingkast. Een luxe ophang koord wordt meegeleverd in de fraaie geschenkverpakking, die door bijna elke brievenbus past.<\/p>\n","protected":false},"featured_media":839319,"template":"","meta":{"_acf_changed":false,"om_disable_all_campaigns":false,"_monsterinsights_skip_tracking":false,"_monsterinsights_sitenote_active":false,"_monsterinsights_sitenote_note":"","_monsterinsights_sitenote_category":0},"product_brand":[],"product_cat":[4762,4763],"product_tag":[],"class_list":{"0":"post-839318","1":"product","2":"type-product","3":"status-publish","4":"has-post-thumbnail","6":"product_supplier-a53","7":"product_cat-geschenk-pakketten","8":"product_cat-geschenk-pakketten-persoonlijke-verzorgings-set","9":"entry","11":"first","12":"instock","13":"taxable","14":"shipping-taxable","15":"purchasable","16":"product-type-variable"},"acf":{"imprint_cost":[{"imprint_cost_key":"84c5a5aebd569f198b40dee54249dbd1045731eb","product_quantity_price_range":[{"imprint_cost_recommended_selling_price":"1.7625","imprint_cost_recommended_selling_quantity":"1"},{"imprint_cost_recommended_selling_price":"1.5","imprint_cost_recommended_selling_quantity":"10"},{"imprint_cost_recommended_selling_price":"1.3425","imprint_cost_recommended_selling_quantity":"25"},{"imprint_cost_recommended_selling_price":"1.1625","imprint_cost_recommended_selling_quantity":"50"},{"imprint_cost_recommended_selling_price":"1.0875","imprint_cost_recommended_selling_quantity":"100"},{"imprint_cost_recommended_selling_price":"1.0425","imprint_cost_recommended_selling_quantity":"250"},{"imprint_cost_recommended_selling_price":"1.005","imprint_cost_recommended_selling_quantity":"500"},{"imprint_cost_recommended_selling_price":"0.96","imprint_cost_recommended_selling_quantity":"1000"},{"imprint_cost_recommended_selling_price":"0.915","imprint_cost_recommended_selling_quantity":"2500"},{"imprint_cost_recommended_selling_price":"0.87","imprint_cost_recommended_selling_quantity":"5000"},{"imprint_cost_recommended_selling_price":"0.8175","imprint_cost_recommended_selling_quantity":"10000"}],"product_quantity_price_range_buying":[{"imprint_cost_general_buying_price":"1.175","imprint_cost_general_buying_quantity":"1"},{"imprint_cost_general_buying_price":"1","imprint_cost_general_buying_quantity":"10"},{"imprint_cost_general_buying_price":"0.895","imprint_cost_general_buying_quantity":"25"},{"imprint_cost_general_buying_price":"0.775","imprint_cost_general_buying_quantity":"50"},{"imprint_cost_general_buying_price":"0.725","imprint_cost_general_buying_quantity":"100"},{"imprint_cost_general_buying_price":"0.695","imprint_cost_general_buying_quantity":"250"},{"imprint_cost_general_buying_price":"0.67","imprint_cost_general_buying_quantity":"500"},{"imprint_cost_general_buying_price":"0.64","imprint_cost_general_buying_quantity":"1000"},{"imprint_cost_general_buying_price":"0.61","imprint_cost_general_buying_quantity":"2500"},{"imprint_cost_general_buying_price":"0.58","imprint_cost_general_buying_quantity":"5000"},{"imprint_cost_general_buying_price":"0.545","imprint_cost_general_buying_quantity":"10000"}],"imprint_cost_setup_costs":"54","imprint_cost_handling_costs":"0.24"},{"imprint_cost_key":"f52e95dbc7a0445571246fa2431633e584656fa9","product_quantity_price_range":[{"imprint_cost_recommended_selling_price":"1.7625","imprint_cost_recommended_selling_quantity":"1"},{"imprint_cost_recommended_selling_price":"1.5","imprint_cost_recommended_selling_quantity":"10"},{"imprint_cost_recommended_selling_price":"1.3425","imprint_cost_recommended_selling_quantity":"25"},{"imprint_cost_recommended_selling_price":"1.1625","imprint_cost_recommended_selling_quantity":"50"},{"imprint_cost_recommended_selling_price":"1.0875","imprint_cost_recommended_selling_quantity":"100"},{"imprint_cost_recommended_selling_price":"1.0425","imprint_cost_recommended_selling_quantity":"250"},{"imprint_cost_recommended_selling_price":"1.005","imprint_cost_recommended_selling_quantity":"500"},{"imprint_cost_recommended_selling_price":"0.96","imprint_cost_recommended_selling_quantity":"1000"},{"imprint_cost_recommended_selling_price":"0.915","imprint_cost_recommended_selling_quantity":"2500"},{"imprint_cost_recommended_selling_price":"0.87","imprint_cost_recommended_selling_quantity":"5000"},{"imprint_cost_recommended_selling_price":"0.8175","imprint_cost_recommended_selling_quantity":"10000"}],"product_quantity_price_range_buying":[{"imprint_cost_general_buying_price":"1.175","imprint_cost_general_buying_quantity":"1"},{"imprint_cost_general_buying_price":"1","imprint_cost_general_buying_quantity":"10"},{"imprint_cost_general_buying_price":"0.895","imprint_cost_general_buying_quantity":"25"},{"imprint_cost_general_buying_price":"0.775","imprint_cost_general_buying_quantity":"50"},{"imprint_cost_general_buying_price":"0.725","imprint_cost_general_buying_quantity":"100"},{"imprint_cost_general_buying_price":"0.695","imprint_cost_general_buying_quantity":"250"},{"imprint_cost_general_buying_price":"0.67","imprint_cost_general_buying_quantity":"500"},{"imprint_cost_general_buying_price":"0.64","imprint_cost_general_buying_quantity":"1000"},{"imprint_cost_general_buying_price":"0.61","imprint_cost_general_buying_quantity":"2500"},{"imprint_cost_general_buying_price":"0.58","imprint_cost_general_buying_quantity":"5000"},{"imprint_cost_general_buying_price":"0.545","imprint_cost_general_buying_quantity":"10000"}],"imprint_cost_setup_costs":"54","imprint_cost_handling_costs":"0.24"}]},"aioseo_notices":[],"aioseo_head":"\n\t\t<!-- All in One SEO Pro 4.9.6.2 - aioseo.com -->\n\t<meta name=\"description\" content=\"Frischer Kick f\u00fcr Wohnung &amp; B\u00fcro: Als Natur Duftspender verteilt der por\u00f6se Holzanh\u00e4nger mit 10 ml \u00e4therischem Zitronengras\u00f6l dezenten Duft in kleinen R\u00e4umen. Du kannst den Anh\u00e4nger mit deinem Logo von Hidalgo veredeln. Jetzt Duftanh\u00e4nger bestellen.\" \/>\n\t<meta name=\"robots\" content=\"max-image-preview:large\" \/>\n\t<link rel=\"canonical\" href=\"https:\/\/hidalgo.nl\/de\/wp-json\/wp\/v2\/product\/839318\" \/>\n\t<meta name=\"generator\" content=\"All in One SEO Pro (AIOSEO) 4.9.6.2\" \/>\n\t\t<meta property=\"og:locale\" content=\"de_DE\" \/>\n\t\t<meta property=\"og:site_name\" content=\"Hidalgo -\" \/>\n\t\t<meta property=\"og:type\" content=\"article\" \/>\n\t\t<meta property=\"og:title\" content=\"Duftanh\u00e4nger bedrucken Zitronengras\u00f6l Briefkasten 10ml\" \/>\n\t\t<meta property=\"og:description\" content=\"Frischer Kick f\u00fcr Wohnung &amp; B\u00fcro: Als Natur Duftspender verteilt der por\u00f6se Holzanh\u00e4nger mit 10 ml \u00e4therischem Zitronengras\u00f6l dezenten Duft in kleinen R\u00e4umen. Du kannst den Anh\u00e4nger mit deinem Logo von Hidalgo veredeln. Jetzt Duftanh\u00e4nger bestellen.\" \/>\n\t\t<meta property=\"og:url\" content=\"https:\/\/hidalgo.nl\/de\/wp-json\/wp\/v2\/product\/839318\" \/>\n\t\t<meta property=\"og:image\" content=\"https:\/\/shop.hidalgo.nl\/wp-content\/uploads\/2025\/11\/cropped-Hidalgo-est1993.png\" \/>\n\t\t<meta property=\"og:image:secure_url\" content=\"https:\/\/shop.hidalgo.nl\/wp-content\/uploads\/2025\/11\/cropped-Hidalgo-est1993.png\" \/>\n\t\t<meta property=\"article:published_time\" content=\"2026-02-10T12:42:29+00:00\" \/>\n\t\t<meta property=\"article:modified_time\" content=\"2026-04-24T07:48:24+00:00\" \/>\n\t\t<meta name=\"twitter:card\" content=\"summary_large_image\" \/>\n\t\t<meta name=\"twitter:title\" content=\"Duftanh\u00e4nger bedrucken Zitronengras\u00f6l Briefkasten 10ml\" \/>\n\t\t<meta name=\"twitter:description\" content=\"Frischer Kick f\u00fcr Wohnung &amp; B\u00fcro: Als Natur Duftspender verteilt der por\u00f6se Holzanh\u00e4nger mit 10 ml \u00e4therischem Zitronengras\u00f6l dezenten Duft in kleinen R\u00e4umen. Du kannst den Anh\u00e4nger mit deinem Logo von Hidalgo veredeln. Jetzt Duftanh\u00e4nger bestellen.\" \/>\n\t\t<meta name=\"twitter:image\" content=\"https:\/\/shop.hidalgo.nl\/wp-content\/uploads\/2025\/11\/cropped-Hidalgo-est1993.png\" \/>\n\t\t<script type=\"application\/ld+json\" class=\"aioseo-schema\">\n\t\t\t{\"@context\":\"https:\\\/\\\/schema.org\",\"@graph\":[{\"@type\":\"BreadcrumbList\",\"@id\":\"https:\\\/\\\/hidalgo.nl\\\/de\\\/product\\\/839318\\\/duftanhaenger-bedrucken-zitronengrasoel-briefkasten-10ml\\\/#breadcrumblist\",\"itemListElement\":[{\"@type\":\"ListItem\",\"@id\":\"https:\\\/\\\/hidalgo.nl\\\/de\\\/#listItem\",\"position\":1,\"name\":\"Home\",\"item\":\"https:\\\/\\\/hidalgo.nl\\\/de\\\/\",\"nextItem\":{\"@type\":\"ListItem\",\"@id\":\"https:\\\/\\\/hidalgo.nl\\\/example\\\/#listItem\",\"name\":\"example\"}},{\"@type\":\"ListItem\",\"@id\":\"https:\\\/\\\/hidalgo.nl\\\/example\\\/#listItem\",\"position\":2,\"name\":\"example\",\"item\":\"https:\\\/\\\/hidalgo.nl\\\/example\\\/\",\"nextItem\":{\"@type\":\"ListItem\",\"@id\":\"https:\\\/\\\/hidalgo.nl\\\/en\\\/product-supplier\\\/a53\\\/#listItem\",\"name\":\"A53\"},\"previousItem\":{\"@type\":\"ListItem\",\"@id\":\"https:\\\/\\\/hidalgo.nl\\\/de\\\/#listItem\",\"name\":\"Home\"}},{\"@type\":\"ListItem\",\"@id\":\"https:\\\/\\\/hidalgo.nl\\\/en\\\/product-supplier\\\/a53\\\/#listItem\",\"position\":3,\"name\":\"A53\",\"item\":\"https:\\\/\\\/hidalgo.nl\\\/en\\\/product-supplier\\\/a53\\\/\",\"nextItem\":{\"@type\":\"ListItem\",\"@id\":\"https:\\\/\\\/hidalgo.nl\\\/de\\\/product\\\/839318\\\/duftanhaenger-bedrucken-zitronengrasoel-briefkasten-10ml\\\/#listItem\",\"name\":\"InSideOut Aroma Hanger Citroengras oil 10 ml\"},\"previousItem\":{\"@type\":\"ListItem\",\"@id\":\"https:\\\/\\\/hidalgo.nl\\\/example\\\/#listItem\",\"name\":\"example\"}},{\"@type\":\"ListItem\",\"@id\":\"https:\\\/\\\/hidalgo.nl\\\/de\\\/product\\\/839318\\\/duftanhaenger-bedrucken-zitronengrasoel-briefkasten-10ml\\\/#listItem\",\"position\":4,\"name\":\"InSideOut Aroma Hanger Citroengras oil 10 ml\",\"previousItem\":{\"@type\":\"ListItem\",\"@id\":\"https:\\\/\\\/hidalgo.nl\\\/en\\\/product-supplier\\\/a53\\\/#listItem\",\"name\":\"A53\"}}]},{\"@type\":\"Organization\",\"@id\":\"https:\\\/\\\/hidalgo.nl\\\/de\\\/#organization\",\"name\":\"Hidalgo\",\"url\":\"https:\\\/\\\/hidalgo.nl\\\/de\\\/\",\"logo\":{\"@type\":\"ImageObject\",\"url\":\"https:\\\/\\\/shop.hidalgo.nl\\\/wp-content\\\/uploads\\\/2025\\\/11\\\/cropped-Hidalgo-est1993.png\",\"@id\":\"https:\\\/\\\/hidalgo.nl\\\/de\\\/product\\\/839318\\\/duftanhaenger-bedrucken-zitronengrasoel-briefkasten-10ml\\\/#organizationLogo\",\"width\":585,\"height\":195},\"image\":{\"@id\":\"https:\\\/\\\/hidalgo.nl\\\/de\\\/product\\\/839318\\\/duftanhaenger-bedrucken-zitronengrasoel-briefkasten-10ml\\\/#organizationLogo\"}},{\"@type\":\"ProductGroup\",\"@id\":\"https:\\\/\\\/hidalgo.nl\\\/de\\\/product\\\/839318\\\/duftanhaenger-bedrucken-zitronengrasoel-briefkasten-10ml\\\/#wooCommerceProduct\",\"name\":\"Duftanh\\u00e4nger bedrucken Zitronengras\\u00f6l Briefkasten 10ml\",\"url\":\"https:\\\/\\\/hidalgo.nl\\\/de\\\/product\\\/839318\\\/duftanhaenger-bedrucken-zitronengrasoel-briefkasten-10ml\\\/\",\"sku\":\"A53-LT57307\",\"image\":{\"@type\":\"ImageObject\",\"url\":\"https:\\\/\\\/shop.hidalgo.nl\\\/wp-content\\\/uploads\\\/2025\\\/03\\\/e5a8eaab95d930d0240c93add26de265b1abe162f8d36137d1b44092aa5697d9.jpg\",\"@id\":\"https:\\\/\\\/hidalgo.nl\\\/de\\\/product\\\/839318\\\/duftanhaenger-bedrucken-zitronengrasoel-briefkasten-10ml\\\/#productImage\"},\"productGroupID\":839318,\"hasVariant\":[{\"@type\":\"Product\",\"@id\":\"https:\\\/\\\/hidalgo.nl\\\/de\\\/product\\\/839318\\\/duftanhaenger-bedrucken-zitronengrasoel-briefkasten-10ml\\\/#wooCommerceProduct\",\"name\":\"InSideOut Aroma Hanger Citroengras oil 10 ml - lichtgroen\",\"url\":\"https:\\\/\\\/hidalgo.nl\\\/de\\\/product\\\/839318\\\/duftanhaenger-bedrucken-zitronengrasoel-briefkasten-10ml\\\/\",\"sku\":\"A53-LT57307-N0032\",\"image\":{\"@type\":\"ImageObject\",\"url\":\"https:\\\/\\\/shop.hidalgo.nl\\\/wp-content\\\/uploads\\\/2025\\\/03\\\/eb0a71ec297d756515bd50ead85d34f9fe8208280c6bdea370abb7c55e81fd23.jpg\",\"@id\":\"https:\\\/\\\/hidalgo.nl\\\/de\\\/product\\\/839318\\\/duftanhaenger-bedrucken-zitronengrasoel-briefkasten-10ml\\\/#productImage\"},\"offers\":{\"@type\":\"Offer\",\"url\":\"https:\\\/\\\/hidalgo.nl\\\/de\\\/product\\\/839318\\\/duftanhaenger-bedrucken-zitronengrasoel-briefkasten-10ml\\\/#wooCommerceOffer\",\"price\":\"7.92\",\"priceCurrency\":\"EUR\",\"category\":\"Geschenk pakketten\",\"availability\":\"https:\\\/\\\/schema.org\\\/InStock\",\"priceSpecification\":{\"@type\":\"PriceSpecification\",\"price\":7.92,\"priceCurrency\":\"EUR\",\"valueAddedTaxIncluded\":\"true\"}}}]},{\"@type\":\"WebPage\",\"@id\":\"https:\\\/\\\/hidalgo.nl\\\/de\\\/product\\\/839318\\\/duftanhaenger-bedrucken-zitronengrasoel-briefkasten-10ml\\\/#webpage\",\"url\":\"https:\\\/\\\/hidalgo.nl\\\/de\\\/product\\\/839318\\\/duftanhaenger-bedrucken-zitronengrasoel-briefkasten-10ml\\\/\",\"name\":\"Duftanh\\u00e4nger bedrucken Zitronengras\\u00f6l Briefkasten 10ml\",\"description\":\"Frischer Kick f\\u00fcr Wohnung & B\\u00fcro: Als Natur Duftspender verteilt der por\\u00f6se Holzanh\\u00e4nger mit 10 ml \\u00e4therischem Zitronengras\\u00f6l dezenten Duft in kleinen R\\u00e4umen. Du kannst den Anh\\u00e4nger mit deinem Logo von Hidalgo veredeln. Jetzt Duftanh\\u00e4nger bestellen.\",\"inLanguage\":\"de-DE\",\"isPartOf\":{\"@id\":\"https:\\\/\\\/hidalgo.nl\\\/de\\\/#website\"},\"breadcrumb\":{\"@id\":\"https:\\\/\\\/hidalgo.nl\\\/de\\\/product\\\/839318\\\/duftanhaenger-bedrucken-zitronengrasoel-briefkasten-10ml\\\/#breadcrumblist\"},\"image\":{\"@type\":\"ImageObject\",\"url\":\"https:\\\/\\\/shop.hidalgo.nl\\\/wp-content\\\/uploads\\\/2025\\\/03\\\/e5a8eaab95d930d0240c93add26de265b1abe162f8d36137d1b44092aa5697d9.jpg\",\"@id\":\"https:\\\/\\\/hidalgo.nl\\\/de\\\/product\\\/839318\\\/duftanhaenger-bedrucken-zitronengrasoel-briefkasten-10ml\\\/#mainImage\"},\"primaryImageOfPage\":{\"@id\":\"https:\\\/\\\/hidalgo.nl\\\/de\\\/product\\\/839318\\\/duftanhaenger-bedrucken-zitronengrasoel-briefkasten-10ml\\\/#mainImage\"},\"datePublished\":\"2026-02-10T12:42:29+00:00\",\"dateModified\":\"2026-04-24T07:48:24+00:00\"},{\"@type\":\"WebSite\",\"@id\":\"https:\\\/\\\/hidalgo.nl\\\/de\\\/#website\",\"url\":\"https:\\\/\\\/hidalgo.nl\\\/de\\\/\",\"name\":\"Hidalgo\",\"inLanguage\":\"de-DE\",\"publisher\":{\"@id\":\"https:\\\/\\\/hidalgo.nl\\\/de\\\/#organization\"}}]}\n\t\t<\/script>\n\t\t<!-- All in One SEO Pro -->\r\n\t\t<title>Duftanh\u00e4nger bedrucken Zitronengras\u00f6l Briefkasten 10ml<\/title>\n\n","aioseo_head_json":{"title":"Duftanh\u00e4nger bedrucken Zitronengras\u00f6l Briefkasten 10ml","description":"Frischer Kick f\u00fcr Wohnung & B\u00fcro: Als Natur Duftspender verteilt der por\u00f6se Holzanh\u00e4nger mit 10 ml \u00e4therischem Zitronengras\u00f6l dezenten Duft in kleinen R\u00e4umen. Du kannst den Anh\u00e4nger mit deinem Logo von Hidalgo veredeln. Jetzt Duftanh\u00e4nger bestellen.","canonical_url":"https:\/\/hidalgo.nl\/de\/wp-json\/wp\/v2\/product\/839318","robots":"max-image-preview:large","keywords":"","webmasterTools":{"miscellaneous":""},"schema":{"@context":"https:\/\/schema.org","@graph":[{"@type":"BreadcrumbList","@id":"https:\/\/hidalgo.nl\/de\/product\/839318\/duftanhaenger-bedrucken-zitronengrasoel-briefkasten-10ml\/#breadcrumblist","itemListElement":[{"@type":"ListItem","@id":"https:\/\/hidalgo.nl\/de\/#listItem","position":1,"name":"Home","item":"https:\/\/hidalgo.nl\/de\/","nextItem":{"@type":"ListItem","@id":"https:\/\/hidalgo.nl\/example\/#listItem","name":"example"}},{"@type":"ListItem","@id":"https:\/\/hidalgo.nl\/example\/#listItem","position":2,"name":"example","item":"https:\/\/hidalgo.nl\/example\/","nextItem":{"@type":"ListItem","@id":"https:\/\/hidalgo.nl\/en\/product-supplier\/a53\/#listItem","name":"A53"},"previousItem":{"@type":"ListItem","@id":"https:\/\/hidalgo.nl\/de\/#listItem","name":"Home"}},{"@type":"ListItem","@id":"https:\/\/hidalgo.nl\/en\/product-supplier\/a53\/#listItem","position":3,"name":"A53","item":"https:\/\/hidalgo.nl\/en\/product-supplier\/a53\/","nextItem":{"@type":"ListItem","@id":"https:\/\/hidalgo.nl\/de\/product\/839318\/duftanhaenger-bedrucken-zitronengrasoel-briefkasten-10ml\/#listItem","name":"InSideOut Aroma Hanger Citroengras oil 10 ml"},"previousItem":{"@type":"ListItem","@id":"https:\/\/hidalgo.nl\/example\/#listItem","name":"example"}},{"@type":"ListItem","@id":"https:\/\/hidalgo.nl\/de\/product\/839318\/duftanhaenger-bedrucken-zitronengrasoel-briefkasten-10ml\/#listItem","position":4,"name":"InSideOut Aroma Hanger Citroengras oil 10 ml","previousItem":{"@type":"ListItem","@id":"https:\/\/hidalgo.nl\/en\/product-supplier\/a53\/#listItem","name":"A53"}}]},{"@type":"Organization","@id":"https:\/\/hidalgo.nl\/de\/#organization","name":"Hidalgo","url":"https:\/\/hidalgo.nl\/de\/","logo":{"@type":"ImageObject","url":"https:\/\/shop.hidalgo.nl\/wp-content\/uploads\/2025\/11\/cropped-Hidalgo-est1993.png","@id":"https:\/\/hidalgo.nl\/de\/product\/839318\/duftanhaenger-bedrucken-zitronengrasoel-briefkasten-10ml\/#organizationLogo","width":585,"height":195},"image":{"@id":"https:\/\/hidalgo.nl\/de\/product\/839318\/duftanhaenger-bedrucken-zitronengrasoel-briefkasten-10ml\/#organizationLogo"}},{"@type":"ProductGroup","@id":"https:\/\/hidalgo.nl\/de\/product\/839318\/duftanhaenger-bedrucken-zitronengrasoel-briefkasten-10ml\/#wooCommerceProduct","name":"Duftanh\u00e4nger bedrucken Zitronengras\u00f6l Briefkasten 10ml","url":"https:\/\/hidalgo.nl\/de\/product\/839318\/duftanhaenger-bedrucken-zitronengrasoel-briefkasten-10ml\/","sku":"A53-LT57307","image":{"@type":"ImageObject","url":"https:\/\/shop.hidalgo.nl\/wp-content\/uploads\/2025\/03\/e5a8eaab95d930d0240c93add26de265b1abe162f8d36137d1b44092aa5697d9.jpg","@id":"https:\/\/hidalgo.nl\/de\/product\/839318\/duftanhaenger-bedrucken-zitronengrasoel-briefkasten-10ml\/#productImage"},"productGroupID":839318,"hasVariant":[{"@type":"Product","@id":"https:\/\/hidalgo.nl\/de\/product\/839318\/duftanhaenger-bedrucken-zitronengrasoel-briefkasten-10ml\/#wooCommerceProduct","name":"InSideOut Aroma Hanger Citroengras oil 10 ml - lichtgroen","url":"https:\/\/hidalgo.nl\/de\/product\/839318\/duftanhaenger-bedrucken-zitronengrasoel-briefkasten-10ml\/","sku":"A53-LT57307-N0032","image":{"@type":"ImageObject","url":"https:\/\/shop.hidalgo.nl\/wp-content\/uploads\/2025\/03\/eb0a71ec297d756515bd50ead85d34f9fe8208280c6bdea370abb7c55e81fd23.jpg","@id":"https:\/\/hidalgo.nl\/de\/product\/839318\/duftanhaenger-bedrucken-zitronengrasoel-briefkasten-10ml\/#productImage"},"offers":{"@type":"Offer","url":"https:\/\/hidalgo.nl\/de\/product\/839318\/duftanhaenger-bedrucken-zitronengrasoel-briefkasten-10ml\/#wooCommerceOffer","price":"7.92","priceCurrency":"EUR","category":"Geschenk pakketten","availability":"https:\/\/schema.org\/InStock","priceSpecification":{"@type":"PriceSpecification","price":7.92,"priceCurrency":"EUR","valueAddedTaxIncluded":"true"}}}]},{"@type":"WebPage","@id":"https:\/\/hidalgo.nl\/de\/product\/839318\/duftanhaenger-bedrucken-zitronengrasoel-briefkasten-10ml\/#webpage","url":"https:\/\/hidalgo.nl\/de\/product\/839318\/duftanhaenger-bedrucken-zitronengrasoel-briefkasten-10ml\/","name":"Duftanh\u00e4nger bedrucken Zitronengras\u00f6l Briefkasten 10ml","description":"Frischer Kick f\u00fcr Wohnung & B\u00fcro: Als Natur Duftspender verteilt der por\u00f6se Holzanh\u00e4nger mit 10 ml \u00e4therischem Zitronengras\u00f6l dezenten Duft in kleinen R\u00e4umen. Du kannst den Anh\u00e4nger mit deinem Logo von Hidalgo veredeln. Jetzt Duftanh\u00e4nger bestellen.","inLanguage":"de-DE","isPartOf":{"@id":"https:\/\/hidalgo.nl\/de\/#website"},"breadcrumb":{"@id":"https:\/\/hidalgo.nl\/de\/product\/839318\/duftanhaenger-bedrucken-zitronengrasoel-briefkasten-10ml\/#breadcrumblist"},"image":{"@type":"ImageObject","url":"https:\/\/shop.hidalgo.nl\/wp-content\/uploads\/2025\/03\/e5a8eaab95d930d0240c93add26de265b1abe162f8d36137d1b44092aa5697d9.jpg","@id":"https:\/\/hidalgo.nl\/de\/product\/839318\/duftanhaenger-bedrucken-zitronengrasoel-briefkasten-10ml\/#mainImage"},"primaryImageOfPage":{"@id":"https:\/\/hidalgo.nl\/de\/product\/839318\/duftanhaenger-bedrucken-zitronengrasoel-briefkasten-10ml\/#mainImage"},"datePublished":"2026-02-10T12:42:29+00:00","dateModified":"2026-04-24T07:48:24+00:00"},{"@type":"WebSite","@id":"https:\/\/hidalgo.nl\/de\/#website","url":"https:\/\/hidalgo.nl\/de\/","name":"Hidalgo","inLanguage":"de-DE","publisher":{"@id":"https:\/\/hidalgo.nl\/de\/#organization"}}]},"og:locale":"de_DE","og:site_name":"Hidalgo -","og:type":"article","og:title":"Duftanh\u00e4nger bedrucken Zitronengras\u00f6l Briefkasten 10ml","og:description":"Frischer Kick f\u00fcr Wohnung &amp; B\u00fcro: Als Natur Duftspender verteilt der por\u00f6se Holzanh\u00e4nger mit 10 ml \u00e4therischem Zitronengras\u00f6l dezenten Duft in kleinen R\u00e4umen. Du kannst den Anh\u00e4nger mit deinem Logo von Hidalgo veredeln. Jetzt Duftanh\u00e4nger bestellen.","og:url":"https:\/\/hidalgo.nl\/de\/wp-json\/wp\/v2\/product\/839318","og:image":"https:\/\/shop.hidalgo.nl\/wp-content\/uploads\/2025\/11\/cropped-Hidalgo-est1993.png","og:image:secure_url":"https:\/\/shop.hidalgo.nl\/wp-content\/uploads\/2025\/11\/cropped-Hidalgo-est1993.png","article:published_time":"2026-02-10T12:42:29+00:00","article:modified_time":"2026-04-24T07:48:24+00:00","twitter:card":"summary_large_image","twitter:title":"Duftanh\u00e4nger bedrucken Zitronengras\u00f6l Briefkasten 10ml","twitter:description":"Frischer Kick f\u00fcr Wohnung &amp; B\u00fcro: Als Natur Duftspender verteilt der por\u00f6se Holzanh\u00e4nger mit 10 ml \u00e4therischem Zitronengras\u00f6l dezenten Duft in kleinen R\u00e4umen. Du kannst den Anh\u00e4nger mit deinem Logo von Hidalgo veredeln. Jetzt Duftanh\u00e4nger bestellen.","twitter:image":"https:\/\/shop.hidalgo.nl\/wp-content\/uploads\/2025\/11\/cropped-Hidalgo-est1993.png"},"aioseo_meta_data":{"post_id":"839318","title":null,"description":null,"keywords":null,"keyphrases":null,"primary_term":null,"canonical_url":null,"og_title":null,"og_description":null,"og_object_type":"default","og_image_type":"default","og_image_url":null,"og_image_width":null,"og_image_height":null,"og_image_custom_url":null,"og_image_custom_fields":null,"og_video":null,"og_custom_url":null,"og_article_section":null,"og_article_tags":null,"twitter_use_og":false,"twitter_card":"default","twitter_image_type":"default","twitter_image_url":null,"twitter_image_custom_url":null,"twitter_image_custom_fields":null,"twitter_title":null,"twitter_description":null,"schema":{"blockGraphs":[],"customGraphs":[],"default":{"data":{"Article":[],"Course":[],"Dataset":[],"FAQPage":[],"Movie":[],"Person":[],"Product":[],"ProductReview":[],"Car":[],"Recipe":[],"Service":[],"SoftwareApplication":[],"WebPage":[]},"graphName":"","isEnabled":true},"graphs":[]},"schema_type":"default","schema_type_options":null,"pillar_content":false,"robots_default":true,"robots_noindex":false,"robots_noarchive":false,"robots_nosnippet":false,"robots_nofollow":false,"robots_noimageindex":false,"robots_noodp":false,"robots_notranslate":false,"robots_max_snippet":null,"robots_max_videopreview":null,"robots_max_imagepreview":"large","priority":null,"frequency":null,"local_seo":null,"seo_analyzer_scan_date":"2026-02-10 13:00:51","breadcrumb_settings":null,"limit_modified_date":false,"reviewed_by":null,"open_ai":null,"ai":null,"created":"2026-02-10 12:49:52","updated":"2026-04-24 08:45:53"},"aioseo_breadcrumb":"<div class=\"aioseo-breadcrumbs\"><span class=\"aioseo-breadcrumb\">\n\t<a href=\"https:\/\/hidalgo.nl\/de\/\" title=\"Home\">Home<\/a>\n<\/span><span class=\"aioseo-breadcrumb-separator\">\u00bb<\/span><span class=\"aioseo-breadcrumb\">\n\t<a href=\"https:\/\/hidalgo.nl\/example\/\" title=\"example\">example<\/a>\n<\/span><span class=\"aioseo-breadcrumb-separator\">\u00bb<\/span><span class=\"aioseo-breadcrumb\">\n\t<a href=\"https:\/\/hidalgo.nl\/en\/product-supplier\/a53\/\" title=\"A53\">A53<\/a>\n<\/span><span class=\"aioseo-breadcrumb-separator\">\u00bb<\/span><span class=\"aioseo-breadcrumb\">\n\tInSideOut Aroma Hanger Citroengras oil 10 ml\n<\/span><\/div>","aioseo_breadcrumb_json":[{"label":"Home","link":"https:\/\/hidalgo.nl\/de\/"},{"label":"example","link":"https:\/\/hidalgo.nl\/example\/"},{"label":"A53","link":"https:\/\/hidalgo.nl\/en\/product-supplier\/a53\/"},{"label":"InSideOut Aroma Hanger Citroengras oil 10 ml","link":"https:\/\/hidalgo.nl\/de\/product\/839318\/duftanhaenger-bedrucken-zitronengrasoel-briefkasten-10ml\/"}],"_links":{"self":[{"href":"https:\/\/hidalgo.nl\/de\/wp-json\/wp\/v2\/product\/839318","targetHints":{"allow":["GET"]}}],"collection":[{"href":"https:\/\/hidalgo.nl\/de\/wp-json\/wp\/v2\/product"}],"about":[{"href":"https:\/\/hidalgo.nl\/de\/wp-json\/wp\/v2\/types\/product"}],"wp:featuredmedia":[{"embeddable":true,"href":"https:\/\/hidalgo.nl\/de\/wp-json\/wp\/v2\/media\/839319"}],"wp:attachment":[{"href":"https:\/\/hidalgo.nl\/de\/wp-json\/wp\/v2\/media?parent=839318"}],"wp:term":[{"taxonomy":"product_brand","embeddable":true,"href":"https:\/\/hidalgo.nl\/de\/wp-json\/wp\/v2\/product_brand?post=839318"},{"taxonomy":"product_cat","embeddable":true,"href":"https:\/\/hidalgo.nl\/de\/wp-json\/wp\/v2\/product_cat?post=839318"},{"taxonomy":"product_tag","embeddable":true,"href":"https:\/\/hidalgo.nl\/de\/wp-json\/wp\/v2\/product_tag?post=839318"}],"curies":[{"name":"wp","href":"https:\/\/api.w.org\/{rel}","templated":true}]}}