{"id":839300,"date":"2026-02-10T12:42:28","date_gmt":"2026-02-10T12:42:28","guid":{"rendered":"https:\/\/hidalgo.nl\/product\/vogelhuisje-rustiek\/"},"modified":"2026-04-24T18:20:23","modified_gmt":"2026-04-24T18:20:23","slug":"vogelhuisje-rustiek","status":"publish","type":"product","link":"https:\/\/hidalgo.nl\/de\/product\/839300\/vogelhaus-bedrucken-fsc-holz-rustikal-15mm-wandstaerke-30mm\/","title":{"rendered":"Vogelhuisje Rustiek"},"content":{"rendered":"<p>Dit vogelhuisje met 30mm opening is geschikt voor kleine tuinvogels zoals mezen. De koolmees is een natuurlijke vijand van de eikenprocessierups. Het hout is FSC gecertificeerd en afkomstig van hernieuwbare bronnen. 15mm dik hout voor isolatie en voorzien van kieren voor drainage. Te personaliseren d.m.v. lasergravering.<\/p>\n","protected":false},"excerpt":{"rendered":"<p>Dit vogelhuisje met 30mm opening is geschikt voor kleine tuinvogels zoals mezen. De koolmees is een natuurlijke vijand van de eikenprocessierups. Het hout is FSC gecertificeerd en afkomstig van hernieuwbare bronnen. 15mm dik hout voor isolatie en voorzien van kieren voor drainage. Te personaliseren d.m.v. lasergravering.<\/p>\n","protected":false},"featured_media":839301,"template":"","meta":{"_acf_changed":false,"om_disable_all_campaigns":false,"_monsterinsights_skip_tracking":false,"_monsterinsights_sitenote_active":false,"_monsterinsights_sitenote_note":"","_monsterinsights_sitenote_category":0},"product_brand":[],"product_cat":[4719,4728,4729],"product_tag":[],"class_list":{"0":"post-839300","1":"product","2":"type-product","3":"status-publish","4":"has-post-thumbnail","6":"product_supplier-a53","7":"product_cat-promotionele-artikelen","8":"product_cat-promotionele-artikelen-thuis-keuken-en-tuin","9":"product_cat-tuin","10":"entry","12":"first","13":"instock","14":"taxable","15":"shipping-taxable","16":"purchasable","17":"product-type-variable"},"acf":{"imprint_cost":[{"imprint_cost_key":"1c3acabad71bb20441247541eca9baaa439ef703","product_quantity_price_range":[{"imprint_cost_recommended_selling_price":"1.7625","imprint_cost_recommended_selling_quantity":"1"},{"imprint_cost_recommended_selling_price":"1.5","imprint_cost_recommended_selling_quantity":"10"},{"imprint_cost_recommended_selling_price":"1.3425","imprint_cost_recommended_selling_quantity":"25"},{"imprint_cost_recommended_selling_price":"1.1625","imprint_cost_recommended_selling_quantity":"50"},{"imprint_cost_recommended_selling_price":"1.0875","imprint_cost_recommended_selling_quantity":"100"},{"imprint_cost_recommended_selling_price":"1.0425","imprint_cost_recommended_selling_quantity":"250"},{"imprint_cost_recommended_selling_price":"1.005","imprint_cost_recommended_selling_quantity":"500"},{"imprint_cost_recommended_selling_price":"0.96","imprint_cost_recommended_selling_quantity":"1000"},{"imprint_cost_recommended_selling_price":"0.915","imprint_cost_recommended_selling_quantity":"2500"},{"imprint_cost_recommended_selling_price":"0.87","imprint_cost_recommended_selling_quantity":"5000"},{"imprint_cost_recommended_selling_price":"0.8175","imprint_cost_recommended_selling_quantity":"10000"}],"product_quantity_price_range_buying":[{"imprint_cost_general_buying_price":"1.175","imprint_cost_general_buying_quantity":"1"},{"imprint_cost_general_buying_price":"1","imprint_cost_general_buying_quantity":"10"},{"imprint_cost_general_buying_price":"0.895","imprint_cost_general_buying_quantity":"25"},{"imprint_cost_general_buying_price":"0.775","imprint_cost_general_buying_quantity":"50"},{"imprint_cost_general_buying_price":"0.725","imprint_cost_general_buying_quantity":"100"},{"imprint_cost_general_buying_price":"0.695","imprint_cost_general_buying_quantity":"250"},{"imprint_cost_general_buying_price":"0.67","imprint_cost_general_buying_quantity":"500"},{"imprint_cost_general_buying_price":"0.64","imprint_cost_general_buying_quantity":"1000"},{"imprint_cost_general_buying_price":"0.61","imprint_cost_general_buying_quantity":"2500"},{"imprint_cost_general_buying_price":"0.58","imprint_cost_general_buying_quantity":"5000"},{"imprint_cost_general_buying_price":"0.545","imprint_cost_general_buying_quantity":"10000"}],"imprint_cost_setup_costs":"54","imprint_cost_handling_costs":"0.36"},{"imprint_cost_key":"de5bf69f51066a6918099131f89de9312b8d70d3","product_quantity_price_range":[{"imprint_cost_recommended_selling_price":"1.7625","imprint_cost_recommended_selling_quantity":"1"},{"imprint_cost_recommended_selling_price":"1.5","imprint_cost_recommended_selling_quantity":"10"},{"imprint_cost_recommended_selling_price":"1.3425","imprint_cost_recommended_selling_quantity":"25"},{"imprint_cost_recommended_selling_price":"1.1625","imprint_cost_recommended_selling_quantity":"50"},{"imprint_cost_recommended_selling_price":"1.0875","imprint_cost_recommended_selling_quantity":"100"},{"imprint_cost_recommended_selling_price":"1.0425","imprint_cost_recommended_selling_quantity":"250"},{"imprint_cost_recommended_selling_price":"1.005","imprint_cost_recommended_selling_quantity":"500"},{"imprint_cost_recommended_selling_price":"0.96","imprint_cost_recommended_selling_quantity":"1000"},{"imprint_cost_recommended_selling_price":"0.915","imprint_cost_recommended_selling_quantity":"2500"},{"imprint_cost_recommended_selling_price":"0.87","imprint_cost_recommended_selling_quantity":"5000"},{"imprint_cost_recommended_selling_price":"0.8175","imprint_cost_recommended_selling_quantity":"10000"}],"product_quantity_price_range_buying":[{"imprint_cost_general_buying_price":"1.175","imprint_cost_general_buying_quantity":"1"},{"imprint_cost_general_buying_price":"1","imprint_cost_general_buying_quantity":"10"},{"imprint_cost_general_buying_price":"0.895","imprint_cost_general_buying_quantity":"25"},{"imprint_cost_general_buying_price":"0.775","imprint_cost_general_buying_quantity":"50"},{"imprint_cost_general_buying_price":"0.725","imprint_cost_general_buying_quantity":"100"},{"imprint_cost_general_buying_price":"0.695","imprint_cost_general_buying_quantity":"250"},{"imprint_cost_general_buying_price":"0.67","imprint_cost_general_buying_quantity":"500"},{"imprint_cost_general_buying_price":"0.64","imprint_cost_general_buying_quantity":"1000"},{"imprint_cost_general_buying_price":"0.61","imprint_cost_general_buying_quantity":"2500"},{"imprint_cost_general_buying_price":"0.58","imprint_cost_general_buying_quantity":"5000"},{"imprint_cost_general_buying_price":"0.545","imprint_cost_general_buying_quantity":"10000"}],"imprint_cost_setup_costs":"54","imprint_cost_handling_costs":"0.36"}]},"aioseo_notices":[],"aioseo_head":"\n\t\t<!-- All in One SEO Pro 4.9.6.2 - aioseo.com -->\n\t<meta name=\"description\" content=\"Rustikaler Nistkasten aus FSC-Holz mit 30 mm Einflugloch f\u00fcr Meisen &amp; Co. Hidalgo graviert dein Logo dauerhaft per Laser - ideal f\u00fcr Gartenprojekte und Promotions. Jetzt Vogelhaus online kaufen oder Nistkasten kaufen.\" \/>\n\t<meta name=\"robots\" content=\"max-image-preview:large\" \/>\n\t<link rel=\"canonical\" href=\"https:\/\/hidalgo.nl\/de\/wp-json\/wp\/v2\/product\/839300\" \/>\n\t<meta name=\"generator\" content=\"All in One SEO Pro (AIOSEO) 4.9.6.2\" \/>\n\t\t<meta property=\"og:locale\" content=\"de_DE\" \/>\n\t\t<meta property=\"og:site_name\" content=\"Hidalgo -\" \/>\n\t\t<meta property=\"og:type\" content=\"article\" \/>\n\t\t<meta property=\"og:title\" content=\"Vogelhaus bedrucken FSC Holz rustikal 15mm Wandst\u00e4rke 30mm\" \/>\n\t\t<meta property=\"og:description\" content=\"Rustikaler Nistkasten aus FSC-Holz mit 30 mm Einflugloch f\u00fcr Meisen &amp; Co. Hidalgo graviert dein Logo dauerhaft per Laser - ideal f\u00fcr Gartenprojekte und Promotions. Jetzt Vogelhaus online kaufen oder Nistkasten kaufen.\" \/>\n\t\t<meta property=\"og:url\" content=\"https:\/\/hidalgo.nl\/de\/wp-json\/wp\/v2\/product\/839300\" \/>\n\t\t<meta property=\"og:image\" content=\"https:\/\/shop.hidalgo.nl\/wp-content\/uploads\/2025\/11\/cropped-Hidalgo-est1993.png\" \/>\n\t\t<meta property=\"og:image:secure_url\" content=\"https:\/\/shop.hidalgo.nl\/wp-content\/uploads\/2025\/11\/cropped-Hidalgo-est1993.png\" \/>\n\t\t<meta property=\"article:published_time\" content=\"2026-02-10T12:42:28+00:00\" \/>\n\t\t<meta property=\"article:modified_time\" content=\"2026-04-24T18:20:23+00:00\" \/>\n\t\t<meta name=\"twitter:card\" content=\"summary_large_image\" \/>\n\t\t<meta name=\"twitter:title\" content=\"Vogelhaus bedrucken FSC Holz rustikal 15mm Wandst\u00e4rke 30mm\" \/>\n\t\t<meta name=\"twitter:description\" content=\"Rustikaler Nistkasten aus FSC-Holz mit 30 mm Einflugloch f\u00fcr Meisen &amp; Co. Hidalgo graviert dein Logo dauerhaft per Laser - ideal f\u00fcr Gartenprojekte und Promotions. Jetzt Vogelhaus online kaufen oder Nistkasten kaufen.\" \/>\n\t\t<meta name=\"twitter:image\" content=\"https:\/\/shop.hidalgo.nl\/wp-content\/uploads\/2025\/11\/cropped-Hidalgo-est1993.png\" \/>\n\t\t<script type=\"application\/ld+json\" class=\"aioseo-schema\">\n\t\t\t{\"@context\":\"https:\\\/\\\/schema.org\",\"@graph\":[{\"@type\":\"BreadcrumbList\",\"@id\":\"https:\\\/\\\/hidalgo.nl\\\/de\\\/product\\\/839300\\\/vogelhaus-bedrucken-fsc-holz-rustikal-15mm-wandstaerke-30mm\\\/#breadcrumblist\",\"itemListElement\":[{\"@type\":\"ListItem\",\"@id\":\"https:\\\/\\\/hidalgo.nl\\\/de\\\/#listItem\",\"position\":1,\"name\":\"Home\",\"item\":\"https:\\\/\\\/hidalgo.nl\\\/de\\\/\",\"nextItem\":{\"@type\":\"ListItem\",\"@id\":\"https:\\\/\\\/hidalgo.nl\\\/example\\\/#listItem\",\"name\":\"example\"}},{\"@type\":\"ListItem\",\"@id\":\"https:\\\/\\\/hidalgo.nl\\\/example\\\/#listItem\",\"position\":2,\"name\":\"example\",\"item\":\"https:\\\/\\\/hidalgo.nl\\\/example\\\/\",\"nextItem\":{\"@type\":\"ListItem\",\"@id\":\"https:\\\/\\\/hidalgo.nl\\\/en\\\/product-supplier\\\/a53\\\/#listItem\",\"name\":\"A53\"},\"previousItem\":{\"@type\":\"ListItem\",\"@id\":\"https:\\\/\\\/hidalgo.nl\\\/de\\\/#listItem\",\"name\":\"Home\"}},{\"@type\":\"ListItem\",\"@id\":\"https:\\\/\\\/hidalgo.nl\\\/en\\\/product-supplier\\\/a53\\\/#listItem\",\"position\":3,\"name\":\"A53\",\"item\":\"https:\\\/\\\/hidalgo.nl\\\/en\\\/product-supplier\\\/a53\\\/\",\"nextItem\":{\"@type\":\"ListItem\",\"@id\":\"https:\\\/\\\/hidalgo.nl\\\/de\\\/product\\\/839300\\\/vogelhaus-bedrucken-fsc-holz-rustikal-15mm-wandstaerke-30mm\\\/#listItem\",\"name\":\"Vogelhuisje Rustiek\"},\"previousItem\":{\"@type\":\"ListItem\",\"@id\":\"https:\\\/\\\/hidalgo.nl\\\/example\\\/#listItem\",\"name\":\"example\"}},{\"@type\":\"ListItem\",\"@id\":\"https:\\\/\\\/hidalgo.nl\\\/de\\\/product\\\/839300\\\/vogelhaus-bedrucken-fsc-holz-rustikal-15mm-wandstaerke-30mm\\\/#listItem\",\"position\":4,\"name\":\"Vogelhuisje Rustiek\",\"previousItem\":{\"@type\":\"ListItem\",\"@id\":\"https:\\\/\\\/hidalgo.nl\\\/en\\\/product-supplier\\\/a53\\\/#listItem\",\"name\":\"A53\"}}]},{\"@type\":\"Organization\",\"@id\":\"https:\\\/\\\/hidalgo.nl\\\/de\\\/#organization\",\"name\":\"Hidalgo\",\"url\":\"https:\\\/\\\/hidalgo.nl\\\/de\\\/\",\"logo\":{\"@type\":\"ImageObject\",\"url\":\"https:\\\/\\\/shop.hidalgo.nl\\\/wp-content\\\/uploads\\\/2025\\\/11\\\/cropped-Hidalgo-est1993.png\",\"@id\":\"https:\\\/\\\/hidalgo.nl\\\/de\\\/product\\\/839300\\\/vogelhaus-bedrucken-fsc-holz-rustikal-15mm-wandstaerke-30mm\\\/#organizationLogo\",\"width\":585,\"height\":195},\"image\":{\"@id\":\"https:\\\/\\\/hidalgo.nl\\\/de\\\/product\\\/839300\\\/vogelhaus-bedrucken-fsc-holz-rustikal-15mm-wandstaerke-30mm\\\/#organizationLogo\"}},{\"@type\":\"ProductGroup\",\"@id\":\"https:\\\/\\\/hidalgo.nl\\\/de\\\/product\\\/839300\\\/vogelhaus-bedrucken-fsc-holz-rustikal-15mm-wandstaerke-30mm\\\/#wooCommerceProduct\",\"name\":\"Vogelhaus bedrucken FSC Holz rustikal 15mm Wandst\\u00e4rke 30mm\",\"url\":\"https:\\\/\\\/hidalgo.nl\\\/de\\\/product\\\/839300\\\/vogelhaus-bedrucken-fsc-holz-rustikal-15mm-wandstaerke-30mm\\\/\",\"sku\":\"A53-LT94549\",\"image\":{\"@type\":\"ImageObject\",\"url\":\"https:\\\/\\\/shop.hidalgo.nl\\\/wp-content\\\/uploads\\\/2025\\\/12\\\/6f67d312fc01183a899d18e9d16b1987a277a6dd8288e49583811221ef30b101.jpg\",\"@id\":\"https:\\\/\\\/hidalgo.nl\\\/de\\\/product\\\/839300\\\/vogelhaus-bedrucken-fsc-holz-rustikal-15mm-wandstaerke-30mm\\\/#productImage\"},\"productGroupID\":839300,\"hasVariant\":[{\"@type\":\"Product\",\"@id\":\"https:\\\/\\\/hidalgo.nl\\\/de\\\/product\\\/839300\\\/vogelhaus-bedrucken-fsc-holz-rustikal-15mm-wandstaerke-30mm\\\/#wooCommerceProduct\",\"name\":\"Vogelhuisje Rustiek - hout\",\"url\":\"https:\\\/\\\/hidalgo.nl\\\/de\\\/product\\\/839300\\\/vogelhaus-bedrucken-fsc-holz-rustikal-15mm-wandstaerke-30mm\\\/\",\"sku\":\"A53-LT94549-N0093\",\"image\":{\"@type\":\"ImageObject\",\"url\":\"https:\\\/\\\/shop.hidalgo.nl\\\/wp-content\\\/uploads\\\/2025\\\/12\\\/b8383e2c0c168637018d893feadc92233f09812c18be643241f6db121a5bdee9.jpg\",\"@id\":\"https:\\\/\\\/hidalgo.nl\\\/de\\\/product\\\/839300\\\/vogelhaus-bedrucken-fsc-holz-rustikal-15mm-wandstaerke-30mm\\\/#productImage\"},\"offers\":{\"@type\":\"Offer\",\"url\":\"https:\\\/\\\/hidalgo.nl\\\/de\\\/product\\\/839300\\\/vogelhaus-bedrucken-fsc-holz-rustikal-15mm-wandstaerke-30mm\\\/#wooCommerceOffer\",\"price\":\"8.88\",\"priceCurrency\":\"EUR\",\"category\":\"Promotionele Artikelen\",\"availability\":\"https:\\\/\\\/schema.org\\\/InStock\",\"priceSpecification\":{\"@type\":\"PriceSpecification\",\"price\":8.88,\"priceCurrency\":\"EUR\",\"valueAddedTaxIncluded\":\"true\"}}}]},{\"@type\":\"WebPage\",\"@id\":\"https:\\\/\\\/hidalgo.nl\\\/de\\\/product\\\/839300\\\/vogelhaus-bedrucken-fsc-holz-rustikal-15mm-wandstaerke-30mm\\\/#webpage\",\"url\":\"https:\\\/\\\/hidalgo.nl\\\/de\\\/product\\\/839300\\\/vogelhaus-bedrucken-fsc-holz-rustikal-15mm-wandstaerke-30mm\\\/\",\"name\":\"Vogelhaus bedrucken FSC Holz rustikal 15mm Wandst\\u00e4rke 30mm\",\"description\":\"Rustikaler Nistkasten aus FSC-Holz mit 30 mm Einflugloch f\\u00fcr Meisen & Co. Hidalgo graviert dein Logo dauerhaft per Laser - ideal f\\u00fcr Gartenprojekte und Promotions. Jetzt Vogelhaus online kaufen oder Nistkasten kaufen.\",\"inLanguage\":\"de-DE\",\"isPartOf\":{\"@id\":\"https:\\\/\\\/hidalgo.nl\\\/de\\\/#website\"},\"breadcrumb\":{\"@id\":\"https:\\\/\\\/hidalgo.nl\\\/de\\\/product\\\/839300\\\/vogelhaus-bedrucken-fsc-holz-rustikal-15mm-wandstaerke-30mm\\\/#breadcrumblist\"},\"image\":{\"@type\":\"ImageObject\",\"url\":\"https:\\\/\\\/shop.hidalgo.nl\\\/wp-content\\\/uploads\\\/2025\\\/12\\\/6f67d312fc01183a899d18e9d16b1987a277a6dd8288e49583811221ef30b101.jpg\",\"@id\":\"https:\\\/\\\/hidalgo.nl\\\/de\\\/product\\\/839300\\\/vogelhaus-bedrucken-fsc-holz-rustikal-15mm-wandstaerke-30mm\\\/#mainImage\"},\"primaryImageOfPage\":{\"@id\":\"https:\\\/\\\/hidalgo.nl\\\/de\\\/product\\\/839300\\\/vogelhaus-bedrucken-fsc-holz-rustikal-15mm-wandstaerke-30mm\\\/#mainImage\"},\"datePublished\":\"2026-02-10T12:42:28+00:00\",\"dateModified\":\"2026-04-24T18:20:23+00:00\"},{\"@type\":\"WebSite\",\"@id\":\"https:\\\/\\\/hidalgo.nl\\\/de\\\/#website\",\"url\":\"https:\\\/\\\/hidalgo.nl\\\/de\\\/\",\"name\":\"Hidalgo\",\"inLanguage\":\"de-DE\",\"publisher\":{\"@id\":\"https:\\\/\\\/hidalgo.nl\\\/de\\\/#organization\"}}]}\n\t\t<\/script>\n\t\t<!-- All in One SEO Pro -->\r\n\t\t<title>Vogelhaus bedrucken FSC Holz rustikal 15mm Wandst\u00e4rke 30mm<\/title>\n\n","aioseo_head_json":{"title":"Vogelhaus bedrucken FSC Holz rustikal 15mm Wandst\u00e4rke 30mm","description":"Rustikaler Nistkasten aus FSC-Holz mit 30 mm Einflugloch f\u00fcr Meisen & Co. Hidalgo graviert dein Logo dauerhaft per Laser - ideal f\u00fcr Gartenprojekte und Promotions. Jetzt Vogelhaus online kaufen oder Nistkasten kaufen.","canonical_url":"https:\/\/hidalgo.nl\/de\/wp-json\/wp\/v2\/product\/839300","robots":"max-image-preview:large","keywords":"","webmasterTools":{"miscellaneous":""},"schema":{"@context":"https:\/\/schema.org","@graph":[{"@type":"BreadcrumbList","@id":"https:\/\/hidalgo.nl\/de\/product\/839300\/vogelhaus-bedrucken-fsc-holz-rustikal-15mm-wandstaerke-30mm\/#breadcrumblist","itemListElement":[{"@type":"ListItem","@id":"https:\/\/hidalgo.nl\/de\/#listItem","position":1,"name":"Home","item":"https:\/\/hidalgo.nl\/de\/","nextItem":{"@type":"ListItem","@id":"https:\/\/hidalgo.nl\/example\/#listItem","name":"example"}},{"@type":"ListItem","@id":"https:\/\/hidalgo.nl\/example\/#listItem","position":2,"name":"example","item":"https:\/\/hidalgo.nl\/example\/","nextItem":{"@type":"ListItem","@id":"https:\/\/hidalgo.nl\/en\/product-supplier\/a53\/#listItem","name":"A53"},"previousItem":{"@type":"ListItem","@id":"https:\/\/hidalgo.nl\/de\/#listItem","name":"Home"}},{"@type":"ListItem","@id":"https:\/\/hidalgo.nl\/en\/product-supplier\/a53\/#listItem","position":3,"name":"A53","item":"https:\/\/hidalgo.nl\/en\/product-supplier\/a53\/","nextItem":{"@type":"ListItem","@id":"https:\/\/hidalgo.nl\/de\/product\/839300\/vogelhaus-bedrucken-fsc-holz-rustikal-15mm-wandstaerke-30mm\/#listItem","name":"Vogelhuisje Rustiek"},"previousItem":{"@type":"ListItem","@id":"https:\/\/hidalgo.nl\/example\/#listItem","name":"example"}},{"@type":"ListItem","@id":"https:\/\/hidalgo.nl\/de\/product\/839300\/vogelhaus-bedrucken-fsc-holz-rustikal-15mm-wandstaerke-30mm\/#listItem","position":4,"name":"Vogelhuisje Rustiek","previousItem":{"@type":"ListItem","@id":"https:\/\/hidalgo.nl\/en\/product-supplier\/a53\/#listItem","name":"A53"}}]},{"@type":"Organization","@id":"https:\/\/hidalgo.nl\/de\/#organization","name":"Hidalgo","url":"https:\/\/hidalgo.nl\/de\/","logo":{"@type":"ImageObject","url":"https:\/\/shop.hidalgo.nl\/wp-content\/uploads\/2025\/11\/cropped-Hidalgo-est1993.png","@id":"https:\/\/hidalgo.nl\/de\/product\/839300\/vogelhaus-bedrucken-fsc-holz-rustikal-15mm-wandstaerke-30mm\/#organizationLogo","width":585,"height":195},"image":{"@id":"https:\/\/hidalgo.nl\/de\/product\/839300\/vogelhaus-bedrucken-fsc-holz-rustikal-15mm-wandstaerke-30mm\/#organizationLogo"}},{"@type":"ProductGroup","@id":"https:\/\/hidalgo.nl\/de\/product\/839300\/vogelhaus-bedrucken-fsc-holz-rustikal-15mm-wandstaerke-30mm\/#wooCommerceProduct","name":"Vogelhaus bedrucken FSC Holz rustikal 15mm Wandst\u00e4rke 30mm","url":"https:\/\/hidalgo.nl\/de\/product\/839300\/vogelhaus-bedrucken-fsc-holz-rustikal-15mm-wandstaerke-30mm\/","sku":"A53-LT94549","image":{"@type":"ImageObject","url":"https:\/\/shop.hidalgo.nl\/wp-content\/uploads\/2025\/12\/6f67d312fc01183a899d18e9d16b1987a277a6dd8288e49583811221ef30b101.jpg","@id":"https:\/\/hidalgo.nl\/de\/product\/839300\/vogelhaus-bedrucken-fsc-holz-rustikal-15mm-wandstaerke-30mm\/#productImage"},"productGroupID":839300,"hasVariant":[{"@type":"Product","@id":"https:\/\/hidalgo.nl\/de\/product\/839300\/vogelhaus-bedrucken-fsc-holz-rustikal-15mm-wandstaerke-30mm\/#wooCommerceProduct","name":"Vogelhuisje Rustiek - hout","url":"https:\/\/hidalgo.nl\/de\/product\/839300\/vogelhaus-bedrucken-fsc-holz-rustikal-15mm-wandstaerke-30mm\/","sku":"A53-LT94549-N0093","image":{"@type":"ImageObject","url":"https:\/\/shop.hidalgo.nl\/wp-content\/uploads\/2025\/12\/b8383e2c0c168637018d893feadc92233f09812c18be643241f6db121a5bdee9.jpg","@id":"https:\/\/hidalgo.nl\/de\/product\/839300\/vogelhaus-bedrucken-fsc-holz-rustikal-15mm-wandstaerke-30mm\/#productImage"},"offers":{"@type":"Offer","url":"https:\/\/hidalgo.nl\/de\/product\/839300\/vogelhaus-bedrucken-fsc-holz-rustikal-15mm-wandstaerke-30mm\/#wooCommerceOffer","price":"8.88","priceCurrency":"EUR","category":"Promotionele Artikelen","availability":"https:\/\/schema.org\/InStock","priceSpecification":{"@type":"PriceSpecification","price":8.88,"priceCurrency":"EUR","valueAddedTaxIncluded":"true"}}}]},{"@type":"WebPage","@id":"https:\/\/hidalgo.nl\/de\/product\/839300\/vogelhaus-bedrucken-fsc-holz-rustikal-15mm-wandstaerke-30mm\/#webpage","url":"https:\/\/hidalgo.nl\/de\/product\/839300\/vogelhaus-bedrucken-fsc-holz-rustikal-15mm-wandstaerke-30mm\/","name":"Vogelhaus bedrucken FSC Holz rustikal 15mm Wandst\u00e4rke 30mm","description":"Rustikaler Nistkasten aus FSC-Holz mit 30 mm Einflugloch f\u00fcr Meisen & Co. Hidalgo graviert dein Logo dauerhaft per Laser - ideal f\u00fcr Gartenprojekte und Promotions. Jetzt Vogelhaus online kaufen oder Nistkasten kaufen.","inLanguage":"de-DE","isPartOf":{"@id":"https:\/\/hidalgo.nl\/de\/#website"},"breadcrumb":{"@id":"https:\/\/hidalgo.nl\/de\/product\/839300\/vogelhaus-bedrucken-fsc-holz-rustikal-15mm-wandstaerke-30mm\/#breadcrumblist"},"image":{"@type":"ImageObject","url":"https:\/\/shop.hidalgo.nl\/wp-content\/uploads\/2025\/12\/6f67d312fc01183a899d18e9d16b1987a277a6dd8288e49583811221ef30b101.jpg","@id":"https:\/\/hidalgo.nl\/de\/product\/839300\/vogelhaus-bedrucken-fsc-holz-rustikal-15mm-wandstaerke-30mm\/#mainImage"},"primaryImageOfPage":{"@id":"https:\/\/hidalgo.nl\/de\/product\/839300\/vogelhaus-bedrucken-fsc-holz-rustikal-15mm-wandstaerke-30mm\/#mainImage"},"datePublished":"2026-02-10T12:42:28+00:00","dateModified":"2026-04-24T18:20:23+00:00"},{"@type":"WebSite","@id":"https:\/\/hidalgo.nl\/de\/#website","url":"https:\/\/hidalgo.nl\/de\/","name":"Hidalgo","inLanguage":"de-DE","publisher":{"@id":"https:\/\/hidalgo.nl\/de\/#organization"}}]},"og:locale":"de_DE","og:site_name":"Hidalgo -","og:type":"article","og:title":"Vogelhaus bedrucken FSC Holz rustikal 15mm Wandst\u00e4rke 30mm","og:description":"Rustikaler Nistkasten aus FSC-Holz mit 30 mm Einflugloch f\u00fcr Meisen &amp; Co. Hidalgo graviert dein Logo dauerhaft per Laser - ideal f\u00fcr Gartenprojekte und Promotions. Jetzt Vogelhaus online kaufen oder Nistkasten kaufen.","og:url":"https:\/\/hidalgo.nl\/de\/wp-json\/wp\/v2\/product\/839300","og:image":"https:\/\/shop.hidalgo.nl\/wp-content\/uploads\/2025\/11\/cropped-Hidalgo-est1993.png","og:image:secure_url":"https:\/\/shop.hidalgo.nl\/wp-content\/uploads\/2025\/11\/cropped-Hidalgo-est1993.png","article:published_time":"2026-02-10T12:42:28+00:00","article:modified_time":"2026-04-24T18:20:23+00:00","twitter:card":"summary_large_image","twitter:title":"Vogelhaus bedrucken FSC Holz rustikal 15mm Wandst\u00e4rke 30mm","twitter:description":"Rustikaler Nistkasten aus FSC-Holz mit 30 mm Einflugloch f\u00fcr Meisen &amp; Co. Hidalgo graviert dein Logo dauerhaft per Laser - ideal f\u00fcr Gartenprojekte und Promotions. Jetzt Vogelhaus online kaufen oder Nistkasten kaufen.","twitter:image":"https:\/\/shop.hidalgo.nl\/wp-content\/uploads\/2025\/11\/cropped-Hidalgo-est1993.png"},"aioseo_meta_data":{"post_id":"839300","title":null,"description":null,"keywords":null,"keyphrases":null,"primary_term":null,"canonical_url":null,"og_title":null,"og_description":null,"og_object_type":"default","og_image_type":"default","og_image_url":null,"og_image_width":null,"og_image_height":null,"og_image_custom_url":null,"og_image_custom_fields":null,"og_video":null,"og_custom_url":null,"og_article_section":null,"og_article_tags":null,"twitter_use_og":false,"twitter_card":"default","twitter_image_type":"default","twitter_image_url":null,"twitter_image_custom_url":null,"twitter_image_custom_fields":null,"twitter_title":null,"twitter_description":null,"schema":{"blockGraphs":[],"customGraphs":[],"default":{"data":{"Article":[],"Course":[],"Dataset":[],"FAQPage":[],"Movie":[],"Person":[],"Product":[],"ProductReview":[],"Car":[],"Recipe":[],"Service":[],"SoftwareApplication":[],"WebPage":[]},"graphName":"","isEnabled":true},"graphs":[]},"schema_type":"default","schema_type_options":null,"pillar_content":false,"robots_default":true,"robots_noindex":false,"robots_noarchive":false,"robots_nosnippet":false,"robots_nofollow":false,"robots_noimageindex":false,"robots_noodp":false,"robots_notranslate":false,"robots_max_snippet":null,"robots_max_videopreview":null,"robots_max_imagepreview":"large","priority":null,"frequency":null,"local_seo":null,"seo_analyzer_scan_date":"2026-02-10 12:55:58","breadcrumb_settings":null,"limit_modified_date":false,"reviewed_by":null,"open_ai":null,"ai":null,"created":"2026-02-10 12:48:20","updated":"2026-04-24 19:11:50"},"aioseo_breadcrumb":"<div class=\"aioseo-breadcrumbs\"><span class=\"aioseo-breadcrumb\">\n\t<a href=\"https:\/\/hidalgo.nl\/de\/\" title=\"Home\">Home<\/a>\n<\/span><span class=\"aioseo-breadcrumb-separator\">\u00bb<\/span><span class=\"aioseo-breadcrumb\">\n\t<a href=\"https:\/\/hidalgo.nl\/example\/\" title=\"example\">example<\/a>\n<\/span><span class=\"aioseo-breadcrumb-separator\">\u00bb<\/span><span class=\"aioseo-breadcrumb\">\n\t<a href=\"https:\/\/hidalgo.nl\/en\/product-supplier\/a53\/\" title=\"A53\">A53<\/a>\n<\/span><span class=\"aioseo-breadcrumb-separator\">\u00bb<\/span><span class=\"aioseo-breadcrumb\">\n\tVogelhuisje Rustiek\n<\/span><\/div>","aioseo_breadcrumb_json":[{"label":"Home","link":"https:\/\/hidalgo.nl\/de\/"},{"label":"example","link":"https:\/\/hidalgo.nl\/example\/"},{"label":"A53","link":"https:\/\/hidalgo.nl\/en\/product-supplier\/a53\/"},{"label":"Vogelhuisje Rustiek","link":"https:\/\/hidalgo.nl\/de\/product\/839300\/vogelhaus-bedrucken-fsc-holz-rustikal-15mm-wandstaerke-30mm\/"}],"_links":{"self":[{"href":"https:\/\/hidalgo.nl\/de\/wp-json\/wp\/v2\/product\/839300","targetHints":{"allow":["GET"]}}],"collection":[{"href":"https:\/\/hidalgo.nl\/de\/wp-json\/wp\/v2\/product"}],"about":[{"href":"https:\/\/hidalgo.nl\/de\/wp-json\/wp\/v2\/types\/product"}],"wp:featuredmedia":[{"embeddable":true,"href":"https:\/\/hidalgo.nl\/de\/wp-json\/wp\/v2\/media\/839301"}],"wp:attachment":[{"href":"https:\/\/hidalgo.nl\/de\/wp-json\/wp\/v2\/media?parent=839300"}],"wp:term":[{"taxonomy":"product_brand","embeddable":true,"href":"https:\/\/hidalgo.nl\/de\/wp-json\/wp\/v2\/product_brand?post=839300"},{"taxonomy":"product_cat","embeddable":true,"href":"https:\/\/hidalgo.nl\/de\/wp-json\/wp\/v2\/product_cat?post=839300"},{"taxonomy":"product_tag","embeddable":true,"href":"https:\/\/hidalgo.nl\/de\/wp-json\/wp\/v2\/product_tag?post=839300"}],"curies":[{"name":"wp","href":"https:\/\/api.w.org\/{rel}","templated":true}]}}