{"id":839270,"date":"2026-02-10T12:42:26","date_gmt":"2026-02-10T12:42:26","guid":{"rendered":"https:\/\/hidalgo.nl\/product\/fsc-houten-plantenbak-set-basilicum\/"},"modified":"2026-04-24T07:48:39","modified_gmt":"2026-04-24T07:48:39","slug":"fsc-houten-plantenbak-set-basilicum","status":"publish","type":"product","link":"https:\/\/hidalgo.nl\/de\/product\/839270\/basilikum-anzuchtset-bedrucken-fsc-holz-nachhaltig-natur-set\/","title":{"rendered":"FSC Houten Plantenbak Set \u2013 Basilicum"},"content":{"rendered":"<p>Plant je iegen een smaak! Kweek je eigen basilicum in deze plantenbak met kokosvezelgrond. Een frisse en overvloedige manier om je leven smaak te geven en een groen tintje aan je dagelijkse gerechten toe te voegen. Ideaal voor thema&#8217;s als groei, frisheid en iets nieuws beginnen.<\/p>\n","protected":false},"excerpt":{"rendered":"<p>Plant je iegen een smaak! Kweek je eigen basilicum in deze plantenbak met kokosvezelgrond. Een frisse en overvloedige manier om je leven smaak te geven en een groen tintje aan je dagelijkse gerechten toe te voegen. Ideaal voor thema&#8217;s als groei, frisheid en iets nieuws beginnen.<\/p>\n","protected":false},"featured_media":839271,"template":"","meta":{"_acf_changed":false,"om_disable_all_campaigns":false,"_monsterinsights_skip_tracking":false,"_monsterinsights_sitenote_active":false,"_monsterinsights_sitenote_note":"","_monsterinsights_sitenote_category":0},"product_brand":[6374],"product_cat":[4719,4728,4729],"product_tag":[],"class_list":{"0":"post-839270","1":"product","2":"type-product","3":"status-publish","4":"has-post-thumbnail","6":"product_supplier-a53","7":"product_brand-hidalgo","8":"product_cat-promotionele-artikelen","9":"product_cat-promotionele-artikelen-thuis-keuken-en-tuin","10":"product_cat-tuin","11":"entry","13":"first","14":"instock","15":"taxable","16":"shipping-taxable","17":"purchasable","18":"product-type-variable"},"acf":{"imprint_cost":[{"imprint_cost_key":"3c8aa1e1f33f0dce94cc3c999f5c93ba53ac2d19","product_quantity_price_range":[{"imprint_cost_recommended_selling_price":"1.1325","imprint_cost_recommended_selling_quantity":"1"},{"imprint_cost_recommended_selling_price":"0.945","imprint_cost_recommended_selling_quantity":"10"},{"imprint_cost_recommended_selling_price":"0.87","imprint_cost_recommended_selling_quantity":"25"},{"imprint_cost_recommended_selling_price":"0.7725","imprint_cost_recommended_selling_quantity":"50"},{"imprint_cost_recommended_selling_price":"0.69","imprint_cost_recommended_selling_quantity":"100"},{"imprint_cost_recommended_selling_price":"0.615","imprint_cost_recommended_selling_quantity":"250"},{"imprint_cost_recommended_selling_price":"0.57","imprint_cost_recommended_selling_quantity":"500"},{"imprint_cost_recommended_selling_price":"0.5325","imprint_cost_recommended_selling_quantity":"1000"},{"imprint_cost_recommended_selling_price":"0.4425","imprint_cost_recommended_selling_quantity":"2500"},{"imprint_cost_recommended_selling_price":"0.4425","imprint_cost_recommended_selling_quantity":"5000"},{"imprint_cost_recommended_selling_price":"0.4425","imprint_cost_recommended_selling_quantity":"10000"}],"product_quantity_price_range_buying":[{"imprint_cost_general_buying_price":"0.755","imprint_cost_general_buying_quantity":"1"},{"imprint_cost_general_buying_price":"0.63","imprint_cost_general_buying_quantity":"10"},{"imprint_cost_general_buying_price":"0.58","imprint_cost_general_buying_quantity":"25"},{"imprint_cost_general_buying_price":"0.515","imprint_cost_general_buying_quantity":"50"},{"imprint_cost_general_buying_price":"0.46","imprint_cost_general_buying_quantity":"100"},{"imprint_cost_general_buying_price":"0.41","imprint_cost_general_buying_quantity":"250"},{"imprint_cost_general_buying_price":"0.38","imprint_cost_general_buying_quantity":"500"},{"imprint_cost_general_buying_price":"0.355","imprint_cost_general_buying_quantity":"1000"},{"imprint_cost_general_buying_price":"0.295","imprint_cost_general_buying_quantity":"2500"},{"imprint_cost_general_buying_price":"0.295","imprint_cost_general_buying_quantity":"5000"},{"imprint_cost_general_buying_price":"0.295","imprint_cost_general_buying_quantity":"10000"}],"imprint_cost_setup_costs":"54","imprint_cost_handling_costs":"0.03"}]},"aioseo_notices":[],"aioseo_head":"\n\t\t<!-- All in One SEO Pro 4.9.6.2 - aioseo.com -->\n\t<meta name=\"description\" content=\"Komplettes Kr\u00e4uter-Set mit Holzgef\u00e4\u00df, Kokos-Substrat und Basilikumsamen f\u00fcr K\u00fcche, Fensterbank oder Balkon. Ideal f\u00fcr 20-40-J\u00e4hrige: als Holzk\u00fcbel Set bestellen und bei Hidalgo mit deinem Logo veredeln - FSC-zertifizierte Pflanzk\u00e4sten f\u00fcr nachhaltige Aktionen.\" \/>\n\t<meta name=\"robots\" content=\"max-image-preview:large\" \/>\n\t<link rel=\"canonical\" href=\"https:\/\/hidalgo.nl\/de\/wp-json\/wp\/v2\/product\/839270\" \/>\n\t<meta name=\"generator\" content=\"All in One SEO Pro (AIOSEO) 4.9.6.2\" \/>\n\t\t<meta property=\"og:locale\" content=\"de_DE\" \/>\n\t\t<meta property=\"og:site_name\" content=\"Hidalgo -\" \/>\n\t\t<meta property=\"og:type\" content=\"article\" \/>\n\t\t<meta property=\"og:title\" content=\"Basilikum Anzuchtset bedrucken FSC Holz Nachhaltig Natur Set\" \/>\n\t\t<meta property=\"og:description\" content=\"Komplettes Kr\u00e4uter-Set mit Holzgef\u00e4\u00df, Kokos-Substrat und Basilikumsamen f\u00fcr K\u00fcche, Fensterbank oder Balkon. Ideal f\u00fcr 20-40-J\u00e4hrige: als Holzk\u00fcbel Set bestellen und bei Hidalgo mit deinem Logo veredeln - FSC-zertifizierte Pflanzk\u00e4sten f\u00fcr nachhaltige Aktionen.\" \/>\n\t\t<meta property=\"og:url\" content=\"https:\/\/hidalgo.nl\/de\/wp-json\/wp\/v2\/product\/839270\" \/>\n\t\t<meta property=\"og:image\" content=\"https:\/\/shop.hidalgo.nl\/wp-content\/uploads\/2025\/11\/cropped-Hidalgo-est1993.png\" \/>\n\t\t<meta property=\"og:image:secure_url\" content=\"https:\/\/shop.hidalgo.nl\/wp-content\/uploads\/2025\/11\/cropped-Hidalgo-est1993.png\" \/>\n\t\t<meta property=\"article:published_time\" content=\"2026-02-10T12:42:26+00:00\" \/>\n\t\t<meta property=\"article:modified_time\" content=\"2026-04-24T07:48:39+00:00\" \/>\n\t\t<meta name=\"twitter:card\" content=\"summary_large_image\" \/>\n\t\t<meta name=\"twitter:title\" content=\"Basilikum Anzuchtset bedrucken FSC Holz Nachhaltig Natur Set\" \/>\n\t\t<meta name=\"twitter:description\" content=\"Komplettes Kr\u00e4uter-Set mit Holzgef\u00e4\u00df, Kokos-Substrat und Basilikumsamen f\u00fcr K\u00fcche, Fensterbank oder Balkon. Ideal f\u00fcr 20-40-J\u00e4hrige: als Holzk\u00fcbel Set bestellen und bei Hidalgo mit deinem Logo veredeln - FSC-zertifizierte Pflanzk\u00e4sten f\u00fcr nachhaltige Aktionen.\" \/>\n\t\t<meta name=\"twitter:image\" content=\"https:\/\/shop.hidalgo.nl\/wp-content\/uploads\/2025\/11\/cropped-Hidalgo-est1993.png\" \/>\n\t\t<script type=\"application\/ld+json\" class=\"aioseo-schema\">\n\t\t\t{\"@context\":\"https:\\\/\\\/schema.org\",\"@graph\":[{\"@type\":\"BreadcrumbList\",\"@id\":\"https:\\\/\\\/hidalgo.nl\\\/de\\\/product\\\/839270\\\/basilikum-anzuchtset-bedrucken-fsc-holz-nachhaltig-natur-set\\\/#breadcrumblist\",\"itemListElement\":[{\"@type\":\"ListItem\",\"@id\":\"https:\\\/\\\/hidalgo.nl\\\/de\\\/#listItem\",\"position\":1,\"name\":\"Home\",\"item\":\"https:\\\/\\\/hidalgo.nl\\\/de\\\/\",\"nextItem\":{\"@type\":\"ListItem\",\"@id\":\"https:\\\/\\\/hidalgo.nl\\\/example\\\/#listItem\",\"name\":\"example\"}},{\"@type\":\"ListItem\",\"@id\":\"https:\\\/\\\/hidalgo.nl\\\/example\\\/#listItem\",\"position\":2,\"name\":\"example\",\"item\":\"https:\\\/\\\/hidalgo.nl\\\/example\\\/\",\"nextItem\":{\"@type\":\"ListItem\",\"@id\":\"https:\\\/\\\/hidalgo.nl\\\/en\\\/product-supplier\\\/a53\\\/#listItem\",\"name\":\"A53\"},\"previousItem\":{\"@type\":\"ListItem\",\"@id\":\"https:\\\/\\\/hidalgo.nl\\\/de\\\/#listItem\",\"name\":\"Home\"}},{\"@type\":\"ListItem\",\"@id\":\"https:\\\/\\\/hidalgo.nl\\\/en\\\/product-supplier\\\/a53\\\/#listItem\",\"position\":3,\"name\":\"A53\",\"item\":\"https:\\\/\\\/hidalgo.nl\\\/en\\\/product-supplier\\\/a53\\\/\",\"nextItem\":{\"@type\":\"ListItem\",\"@id\":\"https:\\\/\\\/hidalgo.nl\\\/de\\\/product\\\/839270\\\/basilikum-anzuchtset-bedrucken-fsc-holz-nachhaltig-natur-set\\\/#listItem\",\"name\":\"FSC Houten Plantenbak Set \\u2013 Basilicum\"},\"previousItem\":{\"@type\":\"ListItem\",\"@id\":\"https:\\\/\\\/hidalgo.nl\\\/example\\\/#listItem\",\"name\":\"example\"}},{\"@type\":\"ListItem\",\"@id\":\"https:\\\/\\\/hidalgo.nl\\\/de\\\/product\\\/839270\\\/basilikum-anzuchtset-bedrucken-fsc-holz-nachhaltig-natur-set\\\/#listItem\",\"position\":4,\"name\":\"FSC Houten Plantenbak Set \\u2013 Basilicum\",\"previousItem\":{\"@type\":\"ListItem\",\"@id\":\"https:\\\/\\\/hidalgo.nl\\\/en\\\/product-supplier\\\/a53\\\/#listItem\",\"name\":\"A53\"}}]},{\"@type\":\"Organization\",\"@id\":\"https:\\\/\\\/hidalgo.nl\\\/de\\\/#organization\",\"name\":\"Hidalgo\",\"url\":\"https:\\\/\\\/hidalgo.nl\\\/de\\\/\",\"logo\":{\"@type\":\"ImageObject\",\"url\":\"https:\\\/\\\/shop.hidalgo.nl\\\/wp-content\\\/uploads\\\/2025\\\/11\\\/cropped-Hidalgo-est1993.png\",\"@id\":\"https:\\\/\\\/hidalgo.nl\\\/de\\\/product\\\/839270\\\/basilikum-anzuchtset-bedrucken-fsc-holz-nachhaltig-natur-set\\\/#organizationLogo\",\"width\":585,\"height\":195},\"image\":{\"@id\":\"https:\\\/\\\/hidalgo.nl\\\/de\\\/product\\\/839270\\\/basilikum-anzuchtset-bedrucken-fsc-holz-nachhaltig-natur-set\\\/#organizationLogo\"}},{\"@type\":\"ProductGroup\",\"@id\":\"https:\\\/\\\/hidalgo.nl\\\/de\\\/product\\\/839270\\\/basilikum-anzuchtset-bedrucken-fsc-holz-nachhaltig-natur-set\\\/#wooCommerceProduct\",\"name\":\"Basilikum Anzuchtset bedrucken FSC Holz Nachhaltig Natur Set\",\"url\":\"https:\\\/\\\/hidalgo.nl\\\/de\\\/product\\\/839270\\\/basilikum-anzuchtset-bedrucken-fsc-holz-nachhaltig-natur-set\\\/\",\"brand\":{\"@type\":\"Brand\",\"name\":\"Hidalgo\"},\"sku\":\"A53-LT94573\",\"image\":{\"@type\":\"ImageObject\",\"url\":\"https:\\\/\\\/shop.hidalgo.nl\\\/wp-content\\\/uploads\\\/2025\\\/12\\\/907008e321a85359ea59300843259a51d12c2cbbbd94f4a3ad2a1ebd4fd3f64f.jpg\",\"@id\":\"https:\\\/\\\/hidalgo.nl\\\/de\\\/product\\\/839270\\\/basilikum-anzuchtset-bedrucken-fsc-holz-nachhaltig-natur-set\\\/#productImage\"},\"productGroupID\":839270,\"hasVariant\":[{\"@type\":\"Product\",\"@id\":\"https:\\\/\\\/hidalgo.nl\\\/de\\\/product\\\/839270\\\/basilikum-anzuchtset-bedrucken-fsc-holz-nachhaltig-natur-set\\\/#wooCommerceProduct\",\"name\":\"FSC Houten Plantenbak Set \\u2013 Basilicum - natuur\",\"url\":\"https:\\\/\\\/hidalgo.nl\\\/de\\\/product\\\/839270\\\/basilikum-anzuchtset-bedrucken-fsc-holz-nachhaltig-natur-set\\\/\",\"sku\":\"A53-LT94573-N0094\",\"image\":{\"@type\":\"ImageObject\",\"url\":\"https:\\\/\\\/shop.hidalgo.nl\\\/wp-content\\\/uploads\\\/2025\\\/12\\\/8a9afe8c71da735c358ea7cbe79c1920b040cd525dd6c5e3815458bea1b035d4.jpg\",\"@id\":\"https:\\\/\\\/hidalgo.nl\\\/de\\\/product\\\/839270\\\/basilikum-anzuchtset-bedrucken-fsc-holz-nachhaltig-natur-set\\\/#productImage\"},\"offers\":{\"@type\":\"Offer\",\"url\":\"https:\\\/\\\/hidalgo.nl\\\/de\\\/product\\\/839270\\\/basilikum-anzuchtset-bedrucken-fsc-holz-nachhaltig-natur-set\\\/#wooCommerceOffer\",\"price\":\"5.16\",\"priceCurrency\":\"EUR\",\"category\":\"Promotionele Artikelen\",\"availability\":\"https:\\\/\\\/schema.org\\\/InStock\",\"priceSpecification\":{\"@type\":\"PriceSpecification\",\"price\":5.16,\"priceCurrency\":\"EUR\",\"valueAddedTaxIncluded\":\"true\"}}}]},{\"@type\":\"WebPage\",\"@id\":\"https:\\\/\\\/hidalgo.nl\\\/de\\\/product\\\/839270\\\/basilikum-anzuchtset-bedrucken-fsc-holz-nachhaltig-natur-set\\\/#webpage\",\"url\":\"https:\\\/\\\/hidalgo.nl\\\/de\\\/product\\\/839270\\\/basilikum-anzuchtset-bedrucken-fsc-holz-nachhaltig-natur-set\\\/\",\"name\":\"Basilikum Anzuchtset bedrucken FSC Holz Nachhaltig Natur Set\",\"description\":\"Komplettes Kr\\u00e4uter-Set mit Holzgef\\u00e4\\u00df, Kokos-Substrat und Basilikumsamen f\\u00fcr K\\u00fcche, Fensterbank oder Balkon. Ideal f\\u00fcr 20-40-J\\u00e4hrige: als Holzk\\u00fcbel Set bestellen und bei Hidalgo mit deinem Logo veredeln - FSC-zertifizierte Pflanzk\\u00e4sten f\\u00fcr nachhaltige Aktionen.\",\"inLanguage\":\"de-DE\",\"isPartOf\":{\"@id\":\"https:\\\/\\\/hidalgo.nl\\\/de\\\/#website\"},\"breadcrumb\":{\"@id\":\"https:\\\/\\\/hidalgo.nl\\\/de\\\/product\\\/839270\\\/basilikum-anzuchtset-bedrucken-fsc-holz-nachhaltig-natur-set\\\/#breadcrumblist\"},\"image\":{\"@type\":\"ImageObject\",\"url\":\"https:\\\/\\\/shop.hidalgo.nl\\\/wp-content\\\/uploads\\\/2025\\\/12\\\/907008e321a85359ea59300843259a51d12c2cbbbd94f4a3ad2a1ebd4fd3f64f.jpg\",\"@id\":\"https:\\\/\\\/hidalgo.nl\\\/de\\\/product\\\/839270\\\/basilikum-anzuchtset-bedrucken-fsc-holz-nachhaltig-natur-set\\\/#mainImage\"},\"primaryImageOfPage\":{\"@id\":\"https:\\\/\\\/hidalgo.nl\\\/de\\\/product\\\/839270\\\/basilikum-anzuchtset-bedrucken-fsc-holz-nachhaltig-natur-set\\\/#mainImage\"},\"datePublished\":\"2026-02-10T12:42:26+00:00\",\"dateModified\":\"2026-04-24T07:48:39+00:00\"},{\"@type\":\"WebSite\",\"@id\":\"https:\\\/\\\/hidalgo.nl\\\/de\\\/#website\",\"url\":\"https:\\\/\\\/hidalgo.nl\\\/de\\\/\",\"name\":\"Hidalgo\",\"inLanguage\":\"de-DE\",\"publisher\":{\"@id\":\"https:\\\/\\\/hidalgo.nl\\\/de\\\/#organization\"}}]}\n\t\t<\/script>\n\t\t<!-- All in One SEO Pro -->\r\n\t\t<title>Basilikum Anzuchtset bedrucken FSC Holz Nachhaltig Natur Set<\/title>\n\n","aioseo_head_json":{"title":"Basilikum Anzuchtset bedrucken FSC Holz Nachhaltig Natur Set","description":"Komplettes Kr\u00e4uter-Set mit Holzgef\u00e4\u00df, Kokos-Substrat und Basilikumsamen f\u00fcr K\u00fcche, Fensterbank oder Balkon. Ideal f\u00fcr 20-40-J\u00e4hrige: als Holzk\u00fcbel Set bestellen und bei Hidalgo mit deinem Logo veredeln - FSC-zertifizierte Pflanzk\u00e4sten f\u00fcr nachhaltige Aktionen.","canonical_url":"https:\/\/hidalgo.nl\/de\/wp-json\/wp\/v2\/product\/839270","robots":"max-image-preview:large","keywords":"","webmasterTools":{"miscellaneous":""},"schema":{"@context":"https:\/\/schema.org","@graph":[{"@type":"BreadcrumbList","@id":"https:\/\/hidalgo.nl\/de\/product\/839270\/basilikum-anzuchtset-bedrucken-fsc-holz-nachhaltig-natur-set\/#breadcrumblist","itemListElement":[{"@type":"ListItem","@id":"https:\/\/hidalgo.nl\/de\/#listItem","position":1,"name":"Home","item":"https:\/\/hidalgo.nl\/de\/","nextItem":{"@type":"ListItem","@id":"https:\/\/hidalgo.nl\/example\/#listItem","name":"example"}},{"@type":"ListItem","@id":"https:\/\/hidalgo.nl\/example\/#listItem","position":2,"name":"example","item":"https:\/\/hidalgo.nl\/example\/","nextItem":{"@type":"ListItem","@id":"https:\/\/hidalgo.nl\/en\/product-supplier\/a53\/#listItem","name":"A53"},"previousItem":{"@type":"ListItem","@id":"https:\/\/hidalgo.nl\/de\/#listItem","name":"Home"}},{"@type":"ListItem","@id":"https:\/\/hidalgo.nl\/en\/product-supplier\/a53\/#listItem","position":3,"name":"A53","item":"https:\/\/hidalgo.nl\/en\/product-supplier\/a53\/","nextItem":{"@type":"ListItem","@id":"https:\/\/hidalgo.nl\/de\/product\/839270\/basilikum-anzuchtset-bedrucken-fsc-holz-nachhaltig-natur-set\/#listItem","name":"FSC Houten Plantenbak Set \u2013 Basilicum"},"previousItem":{"@type":"ListItem","@id":"https:\/\/hidalgo.nl\/example\/#listItem","name":"example"}},{"@type":"ListItem","@id":"https:\/\/hidalgo.nl\/de\/product\/839270\/basilikum-anzuchtset-bedrucken-fsc-holz-nachhaltig-natur-set\/#listItem","position":4,"name":"FSC Houten Plantenbak Set \u2013 Basilicum","previousItem":{"@type":"ListItem","@id":"https:\/\/hidalgo.nl\/en\/product-supplier\/a53\/#listItem","name":"A53"}}]},{"@type":"Organization","@id":"https:\/\/hidalgo.nl\/de\/#organization","name":"Hidalgo","url":"https:\/\/hidalgo.nl\/de\/","logo":{"@type":"ImageObject","url":"https:\/\/shop.hidalgo.nl\/wp-content\/uploads\/2025\/11\/cropped-Hidalgo-est1993.png","@id":"https:\/\/hidalgo.nl\/de\/product\/839270\/basilikum-anzuchtset-bedrucken-fsc-holz-nachhaltig-natur-set\/#organizationLogo","width":585,"height":195},"image":{"@id":"https:\/\/hidalgo.nl\/de\/product\/839270\/basilikum-anzuchtset-bedrucken-fsc-holz-nachhaltig-natur-set\/#organizationLogo"}},{"@type":"ProductGroup","@id":"https:\/\/hidalgo.nl\/de\/product\/839270\/basilikum-anzuchtset-bedrucken-fsc-holz-nachhaltig-natur-set\/#wooCommerceProduct","name":"Basilikum Anzuchtset bedrucken FSC Holz Nachhaltig Natur Set","url":"https:\/\/hidalgo.nl\/de\/product\/839270\/basilikum-anzuchtset-bedrucken-fsc-holz-nachhaltig-natur-set\/","brand":{"@type":"Brand","name":"Hidalgo"},"sku":"A53-LT94573","image":{"@type":"ImageObject","url":"https:\/\/shop.hidalgo.nl\/wp-content\/uploads\/2025\/12\/907008e321a85359ea59300843259a51d12c2cbbbd94f4a3ad2a1ebd4fd3f64f.jpg","@id":"https:\/\/hidalgo.nl\/de\/product\/839270\/basilikum-anzuchtset-bedrucken-fsc-holz-nachhaltig-natur-set\/#productImage"},"productGroupID":839270,"hasVariant":[{"@type":"Product","@id":"https:\/\/hidalgo.nl\/de\/product\/839270\/basilikum-anzuchtset-bedrucken-fsc-holz-nachhaltig-natur-set\/#wooCommerceProduct","name":"FSC Houten Plantenbak Set \u2013 Basilicum - natuur","url":"https:\/\/hidalgo.nl\/de\/product\/839270\/basilikum-anzuchtset-bedrucken-fsc-holz-nachhaltig-natur-set\/","sku":"A53-LT94573-N0094","image":{"@type":"ImageObject","url":"https:\/\/shop.hidalgo.nl\/wp-content\/uploads\/2025\/12\/8a9afe8c71da735c358ea7cbe79c1920b040cd525dd6c5e3815458bea1b035d4.jpg","@id":"https:\/\/hidalgo.nl\/de\/product\/839270\/basilikum-anzuchtset-bedrucken-fsc-holz-nachhaltig-natur-set\/#productImage"},"offers":{"@type":"Offer","url":"https:\/\/hidalgo.nl\/de\/product\/839270\/basilikum-anzuchtset-bedrucken-fsc-holz-nachhaltig-natur-set\/#wooCommerceOffer","price":"5.16","priceCurrency":"EUR","category":"Promotionele Artikelen","availability":"https:\/\/schema.org\/InStock","priceSpecification":{"@type":"PriceSpecification","price":5.16,"priceCurrency":"EUR","valueAddedTaxIncluded":"true"}}}]},{"@type":"WebPage","@id":"https:\/\/hidalgo.nl\/de\/product\/839270\/basilikum-anzuchtset-bedrucken-fsc-holz-nachhaltig-natur-set\/#webpage","url":"https:\/\/hidalgo.nl\/de\/product\/839270\/basilikum-anzuchtset-bedrucken-fsc-holz-nachhaltig-natur-set\/","name":"Basilikum Anzuchtset bedrucken FSC Holz Nachhaltig Natur Set","description":"Komplettes Kr\u00e4uter-Set mit Holzgef\u00e4\u00df, Kokos-Substrat und Basilikumsamen f\u00fcr K\u00fcche, Fensterbank oder Balkon. Ideal f\u00fcr 20-40-J\u00e4hrige: als Holzk\u00fcbel Set bestellen und bei Hidalgo mit deinem Logo veredeln - FSC-zertifizierte Pflanzk\u00e4sten f\u00fcr nachhaltige Aktionen.","inLanguage":"de-DE","isPartOf":{"@id":"https:\/\/hidalgo.nl\/de\/#website"},"breadcrumb":{"@id":"https:\/\/hidalgo.nl\/de\/product\/839270\/basilikum-anzuchtset-bedrucken-fsc-holz-nachhaltig-natur-set\/#breadcrumblist"},"image":{"@type":"ImageObject","url":"https:\/\/shop.hidalgo.nl\/wp-content\/uploads\/2025\/12\/907008e321a85359ea59300843259a51d12c2cbbbd94f4a3ad2a1ebd4fd3f64f.jpg","@id":"https:\/\/hidalgo.nl\/de\/product\/839270\/basilikum-anzuchtset-bedrucken-fsc-holz-nachhaltig-natur-set\/#mainImage"},"primaryImageOfPage":{"@id":"https:\/\/hidalgo.nl\/de\/product\/839270\/basilikum-anzuchtset-bedrucken-fsc-holz-nachhaltig-natur-set\/#mainImage"},"datePublished":"2026-02-10T12:42:26+00:00","dateModified":"2026-04-24T07:48:39+00:00"},{"@type":"WebSite","@id":"https:\/\/hidalgo.nl\/de\/#website","url":"https:\/\/hidalgo.nl\/de\/","name":"Hidalgo","inLanguage":"de-DE","publisher":{"@id":"https:\/\/hidalgo.nl\/de\/#organization"}}]},"og:locale":"de_DE","og:site_name":"Hidalgo -","og:type":"article","og:title":"Basilikum Anzuchtset bedrucken FSC Holz Nachhaltig Natur Set","og:description":"Komplettes Kr\u00e4uter-Set mit Holzgef\u00e4\u00df, Kokos-Substrat und Basilikumsamen f\u00fcr K\u00fcche, Fensterbank oder Balkon. Ideal f\u00fcr 20-40-J\u00e4hrige: als Holzk\u00fcbel Set bestellen und bei Hidalgo mit deinem Logo veredeln - FSC-zertifizierte Pflanzk\u00e4sten f\u00fcr nachhaltige Aktionen.","og:url":"https:\/\/hidalgo.nl\/de\/wp-json\/wp\/v2\/product\/839270","og:image":"https:\/\/shop.hidalgo.nl\/wp-content\/uploads\/2025\/11\/cropped-Hidalgo-est1993.png","og:image:secure_url":"https:\/\/shop.hidalgo.nl\/wp-content\/uploads\/2025\/11\/cropped-Hidalgo-est1993.png","article:published_time":"2026-02-10T12:42:26+00:00","article:modified_time":"2026-04-24T07:48:39+00:00","twitter:card":"summary_large_image","twitter:title":"Basilikum Anzuchtset bedrucken FSC Holz Nachhaltig Natur Set","twitter:description":"Komplettes Kr\u00e4uter-Set mit Holzgef\u00e4\u00df, Kokos-Substrat und Basilikumsamen f\u00fcr K\u00fcche, Fensterbank oder Balkon. Ideal f\u00fcr 20-40-J\u00e4hrige: als Holzk\u00fcbel Set bestellen und bei Hidalgo mit deinem Logo veredeln - FSC-zertifizierte Pflanzk\u00e4sten f\u00fcr nachhaltige Aktionen.","twitter:image":"https:\/\/shop.hidalgo.nl\/wp-content\/uploads\/2025\/11\/cropped-Hidalgo-est1993.png"},"aioseo_meta_data":{"post_id":"839270","title":null,"description":null,"keywords":null,"keyphrases":null,"primary_term":null,"canonical_url":null,"og_title":null,"og_description":null,"og_object_type":"default","og_image_type":"default","og_image_url":null,"og_image_width":null,"og_image_height":null,"og_image_custom_url":null,"og_image_custom_fields":null,"og_video":null,"og_custom_url":null,"og_article_section":null,"og_article_tags":null,"twitter_use_og":false,"twitter_card":"default","twitter_image_type":"default","twitter_image_url":null,"twitter_image_custom_url":null,"twitter_image_custom_fields":null,"twitter_title":null,"twitter_description":null,"schema":{"blockGraphs":[],"customGraphs":[],"default":{"data":{"Article":[],"Course":[],"Dataset":[],"FAQPage":[],"Movie":[],"Person":[],"Product":[],"ProductReview":[],"Car":[],"Recipe":[],"Service":[],"SoftwareApplication":[],"WebPage":[]},"graphName":"","isEnabled":true},"graphs":[]},"schema_type":"default","schema_type_options":null,"pillar_content":false,"robots_default":true,"robots_noindex":false,"robots_noarchive":false,"robots_nosnippet":false,"robots_nofollow":false,"robots_noimageindex":false,"robots_noodp":false,"robots_notranslate":false,"robots_max_snippet":null,"robots_max_videopreview":null,"robots_max_imagepreview":"large","priority":null,"frequency":null,"local_seo":null,"seo_analyzer_scan_date":"2026-02-10 12:54:49","breadcrumb_settings":null,"limit_modified_date":false,"reviewed_by":null,"open_ai":null,"ai":null,"created":"2026-02-10 12:48:20","updated":"2026-04-24 08:44:50"},"aioseo_breadcrumb":"<div class=\"aioseo-breadcrumbs\"><span class=\"aioseo-breadcrumb\">\n\t<a href=\"https:\/\/hidalgo.nl\/de\/\" title=\"Home\">Home<\/a>\n<\/span><span class=\"aioseo-breadcrumb-separator\">\u00bb<\/span><span class=\"aioseo-breadcrumb\">\n\t<a href=\"https:\/\/hidalgo.nl\/example\/\" title=\"example\">example<\/a>\n<\/span><span class=\"aioseo-breadcrumb-separator\">\u00bb<\/span><span class=\"aioseo-breadcrumb\">\n\t<a href=\"https:\/\/hidalgo.nl\/en\/product-supplier\/a53\/\" title=\"A53\">A53<\/a>\n<\/span><span class=\"aioseo-breadcrumb-separator\">\u00bb<\/span><span class=\"aioseo-breadcrumb\">\n\tFSC Houten Plantenbak Set \u2013 Basilicum\n<\/span><\/div>","aioseo_breadcrumb_json":[{"label":"Home","link":"https:\/\/hidalgo.nl\/de\/"},{"label":"example","link":"https:\/\/hidalgo.nl\/example\/"},{"label":"A53","link":"https:\/\/hidalgo.nl\/en\/product-supplier\/a53\/"},{"label":"FSC Houten Plantenbak Set \u2013 Basilicum","link":"https:\/\/hidalgo.nl\/de\/product\/839270\/basilikum-anzuchtset-bedrucken-fsc-holz-nachhaltig-natur-set\/"}],"_links":{"self":[{"href":"https:\/\/hidalgo.nl\/de\/wp-json\/wp\/v2\/product\/839270","targetHints":{"allow":["GET"]}}],"collection":[{"href":"https:\/\/hidalgo.nl\/de\/wp-json\/wp\/v2\/product"}],"about":[{"href":"https:\/\/hidalgo.nl\/de\/wp-json\/wp\/v2\/types\/product"}],"wp:featuredmedia":[{"embeddable":true,"href":"https:\/\/hidalgo.nl\/de\/wp-json\/wp\/v2\/media\/839271"}],"wp:attachment":[{"href":"https:\/\/hidalgo.nl\/de\/wp-json\/wp\/v2\/media?parent=839270"}],"wp:term":[{"taxonomy":"product_brand","embeddable":true,"href":"https:\/\/hidalgo.nl\/de\/wp-json\/wp\/v2\/product_brand?post=839270"},{"taxonomy":"product_cat","embeddable":true,"href":"https:\/\/hidalgo.nl\/de\/wp-json\/wp\/v2\/product_cat?post=839270"},{"taxonomy":"product_tag","embeddable":true,"href":"https:\/\/hidalgo.nl\/de\/wp-json\/wp\/v2\/product_tag?post=839270"}],"curies":[{"name":"wp","href":"https:\/\/api.w.org\/{rel}","templated":true}]}}