{"id":839258,"date":"2026-02-10T12:42:26","date_gmt":"2026-02-10T12:42:26","guid":{"rendered":"https:\/\/hidalgo.nl\/product\/fsc-houten-plantenbak-set-lavendel\/"},"modified":"2026-04-26T14:46:05","modified_gmt":"2026-04-26T14:46:05","slug":"fsc-houten-plantenbak-set-lavendel","status":"publish","type":"product","link":"https:\/\/hidalgo.nl\/de\/product\/839258\/lavendel-anzuchtset-fsc-holz-bedrucken-nachhaltig-natur\/","title":{"rendered":"FSC Houten Plantenbak Set &#8211; Lavendel"},"content":{"rendered":"<p>Adem in, groei verder. Kweek rustgevende lavendel in deze kweekset met kokosvezelgrond. Een eenvoudige manier om rust te zaaien en balans te vinden. Ideaal voor campagnes rondom ontspanning, herbronning en welzijn.<\/p>\n","protected":false},"excerpt":{"rendered":"<p>Adem in, groei verder. Kweek rustgevende lavendel in deze kweekset met kokosvezelgrond. Een eenvoudige manier om rust te zaaien en balans te vinden. Ideaal voor campagnes rondom ontspanning, herbronning en welzijn.<\/p>\n","protected":false},"featured_media":839259,"template":"","meta":{"_acf_changed":false,"om_disable_all_campaigns":false,"_monsterinsights_skip_tracking":false,"_monsterinsights_sitenote_active":false,"_monsterinsights_sitenote_note":"","_monsterinsights_sitenote_category":0},"product_brand":[6374],"product_cat":[4719,4728,4729],"product_tag":[],"class_list":{"0":"post-839258","1":"product","2":"type-product","3":"status-publish","4":"has-post-thumbnail","6":"product_supplier-a53","7":"product_brand-hidalgo","8":"product_cat-promotionele-artikelen","9":"product_cat-promotionele-artikelen-thuis-keuken-en-tuin","10":"product_cat-tuin","11":"entry","13":"first","14":"instock","15":"taxable","16":"shipping-taxable","17":"purchasable","18":"product-type-variable"},"acf":{"imprint_cost":[{"imprint_cost_key":"3c8aa1e1f33f0dce94cc3c999f5c93ba53ac2d19","product_quantity_price_range":[{"imprint_cost_recommended_selling_price":"1.1325","imprint_cost_recommended_selling_quantity":"1"},{"imprint_cost_recommended_selling_price":"0.945","imprint_cost_recommended_selling_quantity":"10"},{"imprint_cost_recommended_selling_price":"0.87","imprint_cost_recommended_selling_quantity":"25"},{"imprint_cost_recommended_selling_price":"0.7725","imprint_cost_recommended_selling_quantity":"50"},{"imprint_cost_recommended_selling_price":"0.69","imprint_cost_recommended_selling_quantity":"100"},{"imprint_cost_recommended_selling_price":"0.615","imprint_cost_recommended_selling_quantity":"250"},{"imprint_cost_recommended_selling_price":"0.57","imprint_cost_recommended_selling_quantity":"500"},{"imprint_cost_recommended_selling_price":"0.5325","imprint_cost_recommended_selling_quantity":"1000"},{"imprint_cost_recommended_selling_price":"0.4425","imprint_cost_recommended_selling_quantity":"2500"},{"imprint_cost_recommended_selling_price":"0.4425","imprint_cost_recommended_selling_quantity":"5000"},{"imprint_cost_recommended_selling_price":"0.4425","imprint_cost_recommended_selling_quantity":"10000"}],"product_quantity_price_range_buying":[{"imprint_cost_general_buying_price":"0.755","imprint_cost_general_buying_quantity":"1"},{"imprint_cost_general_buying_price":"0.63","imprint_cost_general_buying_quantity":"10"},{"imprint_cost_general_buying_price":"0.58","imprint_cost_general_buying_quantity":"25"},{"imprint_cost_general_buying_price":"0.515","imprint_cost_general_buying_quantity":"50"},{"imprint_cost_general_buying_price":"0.46","imprint_cost_general_buying_quantity":"100"},{"imprint_cost_general_buying_price":"0.41","imprint_cost_general_buying_quantity":"250"},{"imprint_cost_general_buying_price":"0.38","imprint_cost_general_buying_quantity":"500"},{"imprint_cost_general_buying_price":"0.355","imprint_cost_general_buying_quantity":"1000"},{"imprint_cost_general_buying_price":"0.295","imprint_cost_general_buying_quantity":"2500"},{"imprint_cost_general_buying_price":"0.295","imprint_cost_general_buying_quantity":"5000"},{"imprint_cost_general_buying_price":"0.295","imprint_cost_general_buying_quantity":"10000"}],"imprint_cost_setup_costs":"54","imprint_cost_handling_costs":"0.03"}]},"aioseo_notices":[],"aioseo_head":"\n\t\t<!-- All in One SEO Pro 4.9.6.2 - aioseo.com -->\n\t<meta name=\"description\" content=\"Du erh\u00e4ltst ein komplettes Set aus Holz mit Lavendelsamen &amp; Kokos-Substrat - ideal f\u00fcr Balkon und Events. Lass bei Hidalgo dein Logo auf dem FSC Pflanzk\u00fcbel Holz drucken und mache daraus ein nachhaltiges Giveaway. Jetzt Pflanzk\u00fcbel Set kaufen.\" \/>\n\t<meta name=\"robots\" content=\"max-image-preview:large\" \/>\n\t<link rel=\"canonical\" href=\"https:\/\/hidalgo.nl\/de\/wp-json\/wp\/v2\/product\/839258\" \/>\n\t<meta name=\"generator\" content=\"All in One SEO Pro (AIOSEO) 4.9.6.2\" \/>\n\t\t<meta property=\"og:locale\" content=\"de_DE\" \/>\n\t\t<meta property=\"og:site_name\" content=\"Hidalgo -\" \/>\n\t\t<meta property=\"og:type\" content=\"article\" \/>\n\t\t<meta property=\"og:title\" content=\"Lavendel Anzuchtset FSC Holz bedrucken nachhaltig Natur\" \/>\n\t\t<meta property=\"og:description\" content=\"Du erh\u00e4ltst ein komplettes Set aus Holz mit Lavendelsamen &amp; Kokos-Substrat - ideal f\u00fcr Balkon und Events. Lass bei Hidalgo dein Logo auf dem FSC Pflanzk\u00fcbel Holz drucken und mache daraus ein nachhaltiges Giveaway. Jetzt Pflanzk\u00fcbel Set kaufen.\" \/>\n\t\t<meta property=\"og:url\" content=\"https:\/\/hidalgo.nl\/de\/wp-json\/wp\/v2\/product\/839258\" \/>\n\t\t<meta property=\"og:image\" content=\"https:\/\/shop.hidalgo.nl\/wp-content\/uploads\/2025\/11\/cropped-Hidalgo-est1993.png\" \/>\n\t\t<meta property=\"og:image:secure_url\" content=\"https:\/\/shop.hidalgo.nl\/wp-content\/uploads\/2025\/11\/cropped-Hidalgo-est1993.png\" \/>\n\t\t<meta property=\"article:published_time\" content=\"2026-02-10T12:42:26+00:00\" \/>\n\t\t<meta property=\"article:modified_time\" content=\"2026-04-26T14:46:05+00:00\" \/>\n\t\t<meta name=\"twitter:card\" content=\"summary_large_image\" \/>\n\t\t<meta name=\"twitter:title\" content=\"Lavendel Anzuchtset FSC Holz bedrucken nachhaltig Natur\" \/>\n\t\t<meta name=\"twitter:description\" content=\"Du erh\u00e4ltst ein komplettes Set aus Holz mit Lavendelsamen &amp; Kokos-Substrat - ideal f\u00fcr Balkon und Events. Lass bei Hidalgo dein Logo auf dem FSC Pflanzk\u00fcbel Holz drucken und mache daraus ein nachhaltiges Giveaway. Jetzt Pflanzk\u00fcbel Set kaufen.\" \/>\n\t\t<meta name=\"twitter:image\" content=\"https:\/\/shop.hidalgo.nl\/wp-content\/uploads\/2025\/11\/cropped-Hidalgo-est1993.png\" \/>\n\t\t<script type=\"application\/ld+json\" class=\"aioseo-schema\">\n\t\t\t{\"@context\":\"https:\\\/\\\/schema.org\",\"@graph\":[{\"@type\":\"BreadcrumbList\",\"@id\":\"https:\\\/\\\/hidalgo.nl\\\/de\\\/product\\\/839258\\\/lavendel-anzuchtset-fsc-holz-bedrucken-nachhaltig-natur\\\/#breadcrumblist\",\"itemListElement\":[{\"@type\":\"ListItem\",\"@id\":\"https:\\\/\\\/hidalgo.nl\\\/de\\\/#listItem\",\"position\":1,\"name\":\"Home\",\"item\":\"https:\\\/\\\/hidalgo.nl\\\/de\\\/\",\"nextItem\":{\"@type\":\"ListItem\",\"@id\":\"https:\\\/\\\/hidalgo.nl\\\/example\\\/#listItem\",\"name\":\"example\"}},{\"@type\":\"ListItem\",\"@id\":\"https:\\\/\\\/hidalgo.nl\\\/example\\\/#listItem\",\"position\":2,\"name\":\"example\",\"item\":\"https:\\\/\\\/hidalgo.nl\\\/example\\\/\",\"nextItem\":{\"@type\":\"ListItem\",\"@id\":\"https:\\\/\\\/hidalgo.nl\\\/en\\\/product-supplier\\\/a53\\\/#listItem\",\"name\":\"A53\"},\"previousItem\":{\"@type\":\"ListItem\",\"@id\":\"https:\\\/\\\/hidalgo.nl\\\/de\\\/#listItem\",\"name\":\"Home\"}},{\"@type\":\"ListItem\",\"@id\":\"https:\\\/\\\/hidalgo.nl\\\/en\\\/product-supplier\\\/a53\\\/#listItem\",\"position\":3,\"name\":\"A53\",\"item\":\"https:\\\/\\\/hidalgo.nl\\\/en\\\/product-supplier\\\/a53\\\/\",\"nextItem\":{\"@type\":\"ListItem\",\"@id\":\"https:\\\/\\\/hidalgo.nl\\\/de\\\/product\\\/839258\\\/lavendel-anzuchtset-fsc-holz-bedrucken-nachhaltig-natur\\\/#listItem\",\"name\":\"FSC Houten Plantenbak Set &#8211; Lavendel\"},\"previousItem\":{\"@type\":\"ListItem\",\"@id\":\"https:\\\/\\\/hidalgo.nl\\\/example\\\/#listItem\",\"name\":\"example\"}},{\"@type\":\"ListItem\",\"@id\":\"https:\\\/\\\/hidalgo.nl\\\/de\\\/product\\\/839258\\\/lavendel-anzuchtset-fsc-holz-bedrucken-nachhaltig-natur\\\/#listItem\",\"position\":4,\"name\":\"FSC Houten Plantenbak Set &#8211; Lavendel\",\"previousItem\":{\"@type\":\"ListItem\",\"@id\":\"https:\\\/\\\/hidalgo.nl\\\/en\\\/product-supplier\\\/a53\\\/#listItem\",\"name\":\"A53\"}}]},{\"@type\":\"Organization\",\"@id\":\"https:\\\/\\\/hidalgo.nl\\\/de\\\/#organization\",\"name\":\"Hidalgo\",\"url\":\"https:\\\/\\\/hidalgo.nl\\\/de\\\/\",\"logo\":{\"@type\":\"ImageObject\",\"url\":\"https:\\\/\\\/shop.hidalgo.nl\\\/wp-content\\\/uploads\\\/2025\\\/11\\\/cropped-Hidalgo-est1993.png\",\"@id\":\"https:\\\/\\\/hidalgo.nl\\\/de\\\/product\\\/839258\\\/lavendel-anzuchtset-fsc-holz-bedrucken-nachhaltig-natur\\\/#organizationLogo\",\"width\":585,\"height\":195},\"image\":{\"@id\":\"https:\\\/\\\/hidalgo.nl\\\/de\\\/product\\\/839258\\\/lavendel-anzuchtset-fsc-holz-bedrucken-nachhaltig-natur\\\/#organizationLogo\"}},{\"@type\":\"ProductGroup\",\"@id\":\"https:\\\/\\\/hidalgo.nl\\\/de\\\/product\\\/839258\\\/lavendel-anzuchtset-fsc-holz-bedrucken-nachhaltig-natur\\\/#wooCommerceProduct\",\"name\":\"Lavendel Anzuchtset FSC Holz bedrucken nachhaltig Natur\",\"url\":\"https:\\\/\\\/hidalgo.nl\\\/de\\\/product\\\/839258\\\/lavendel-anzuchtset-fsc-holz-bedrucken-nachhaltig-natur\\\/\",\"brand\":{\"@type\":\"Brand\",\"name\":\"Hidalgo\"},\"sku\":\"A53-LT94575\",\"image\":{\"@type\":\"ImageObject\",\"url\":\"https:\\\/\\\/shop.hidalgo.nl\\\/wp-content\\\/uploads\\\/2025\\\/12\\\/3a3ebffce4d1ef0d1f885fcac9d6733d50bfd09271f5a60e3818eb85d6174db9.jpg\",\"@id\":\"https:\\\/\\\/hidalgo.nl\\\/de\\\/product\\\/839258\\\/lavendel-anzuchtset-fsc-holz-bedrucken-nachhaltig-natur\\\/#productImage\"},\"productGroupID\":839258,\"hasVariant\":[{\"@type\":\"Product\",\"@id\":\"https:\\\/\\\/hidalgo.nl\\\/de\\\/product\\\/839258\\\/lavendel-anzuchtset-fsc-holz-bedrucken-nachhaltig-natur\\\/#wooCommerceProduct\",\"name\":\"FSC Houten Plantenbak Set - Lavendel - natuur\",\"url\":\"https:\\\/\\\/hidalgo.nl\\\/de\\\/product\\\/839258\\\/lavendel-anzuchtset-fsc-holz-bedrucken-nachhaltig-natur\\\/\",\"sku\":\"A53-LT94575-N0094\",\"image\":{\"@type\":\"ImageObject\",\"url\":\"https:\\\/\\\/shop.hidalgo.nl\\\/wp-content\\\/uploads\\\/2025\\\/12\\\/4884ad9b1cb997b44bfea8e26d1ac0aee2957fe9023cb5e79266e04acb569eb7.jpg\",\"@id\":\"https:\\\/\\\/hidalgo.nl\\\/de\\\/product\\\/839258\\\/lavendel-anzuchtset-fsc-holz-bedrucken-nachhaltig-natur\\\/#productImage\"},\"offers\":{\"@type\":\"Offer\",\"url\":\"https:\\\/\\\/hidalgo.nl\\\/de\\\/product\\\/839258\\\/lavendel-anzuchtset-fsc-holz-bedrucken-nachhaltig-natur\\\/#wooCommerceOffer\",\"price\":\"5.16\",\"priceCurrency\":\"EUR\",\"category\":\"Promotionele Artikelen\",\"availability\":\"https:\\\/\\\/schema.org\\\/InStock\",\"priceSpecification\":{\"@type\":\"PriceSpecification\",\"price\":5.16,\"priceCurrency\":\"EUR\",\"valueAddedTaxIncluded\":\"true\"}}}]},{\"@type\":\"WebPage\",\"@id\":\"https:\\\/\\\/hidalgo.nl\\\/de\\\/product\\\/839258\\\/lavendel-anzuchtset-fsc-holz-bedrucken-nachhaltig-natur\\\/#webpage\",\"url\":\"https:\\\/\\\/hidalgo.nl\\\/de\\\/product\\\/839258\\\/lavendel-anzuchtset-fsc-holz-bedrucken-nachhaltig-natur\\\/\",\"name\":\"Lavendel Anzuchtset FSC Holz bedrucken nachhaltig Natur\",\"description\":\"Du erh\\u00e4ltst ein komplettes Set aus Holz mit Lavendelsamen & Kokos-Substrat - ideal f\\u00fcr Balkon und Events. Lass bei Hidalgo dein Logo auf dem FSC Pflanzk\\u00fcbel Holz drucken und mache daraus ein nachhaltiges Giveaway. Jetzt Pflanzk\\u00fcbel Set kaufen.\",\"inLanguage\":\"de-DE\",\"isPartOf\":{\"@id\":\"https:\\\/\\\/hidalgo.nl\\\/de\\\/#website\"},\"breadcrumb\":{\"@id\":\"https:\\\/\\\/hidalgo.nl\\\/de\\\/product\\\/839258\\\/lavendel-anzuchtset-fsc-holz-bedrucken-nachhaltig-natur\\\/#breadcrumblist\"},\"image\":{\"@type\":\"ImageObject\",\"url\":\"https:\\\/\\\/shop.hidalgo.nl\\\/wp-content\\\/uploads\\\/2025\\\/12\\\/3a3ebffce4d1ef0d1f885fcac9d6733d50bfd09271f5a60e3818eb85d6174db9.jpg\",\"@id\":\"https:\\\/\\\/hidalgo.nl\\\/de\\\/product\\\/839258\\\/lavendel-anzuchtset-fsc-holz-bedrucken-nachhaltig-natur\\\/#mainImage\"},\"primaryImageOfPage\":{\"@id\":\"https:\\\/\\\/hidalgo.nl\\\/de\\\/product\\\/839258\\\/lavendel-anzuchtset-fsc-holz-bedrucken-nachhaltig-natur\\\/#mainImage\"},\"datePublished\":\"2026-02-10T12:42:26+00:00\",\"dateModified\":\"2026-04-26T14:46:05+00:00\"},{\"@type\":\"WebSite\",\"@id\":\"https:\\\/\\\/hidalgo.nl\\\/de\\\/#website\",\"url\":\"https:\\\/\\\/hidalgo.nl\\\/de\\\/\",\"name\":\"Hidalgo\",\"inLanguage\":\"de-DE\",\"publisher\":{\"@id\":\"https:\\\/\\\/hidalgo.nl\\\/de\\\/#organization\"}}]}\n\t\t<\/script>\n\t\t<!-- All in One SEO Pro -->\r\n\t\t<title>Lavendel Anzuchtset FSC Holz bedrucken nachhaltig Natur<\/title>\n\n","aioseo_head_json":{"title":"Lavendel Anzuchtset FSC Holz bedrucken nachhaltig Natur","description":"Du erh\u00e4ltst ein komplettes Set aus Holz mit Lavendelsamen & Kokos-Substrat - ideal f\u00fcr Balkon und Events. Lass bei Hidalgo dein Logo auf dem FSC Pflanzk\u00fcbel Holz drucken und mache daraus ein nachhaltiges Giveaway. Jetzt Pflanzk\u00fcbel Set kaufen.","canonical_url":"https:\/\/hidalgo.nl\/de\/wp-json\/wp\/v2\/product\/839258","robots":"max-image-preview:large","keywords":"","webmasterTools":{"miscellaneous":""},"schema":{"@context":"https:\/\/schema.org","@graph":[{"@type":"BreadcrumbList","@id":"https:\/\/hidalgo.nl\/de\/product\/839258\/lavendel-anzuchtset-fsc-holz-bedrucken-nachhaltig-natur\/#breadcrumblist","itemListElement":[{"@type":"ListItem","@id":"https:\/\/hidalgo.nl\/de\/#listItem","position":1,"name":"Home","item":"https:\/\/hidalgo.nl\/de\/","nextItem":{"@type":"ListItem","@id":"https:\/\/hidalgo.nl\/example\/#listItem","name":"example"}},{"@type":"ListItem","@id":"https:\/\/hidalgo.nl\/example\/#listItem","position":2,"name":"example","item":"https:\/\/hidalgo.nl\/example\/","nextItem":{"@type":"ListItem","@id":"https:\/\/hidalgo.nl\/en\/product-supplier\/a53\/#listItem","name":"A53"},"previousItem":{"@type":"ListItem","@id":"https:\/\/hidalgo.nl\/de\/#listItem","name":"Home"}},{"@type":"ListItem","@id":"https:\/\/hidalgo.nl\/en\/product-supplier\/a53\/#listItem","position":3,"name":"A53","item":"https:\/\/hidalgo.nl\/en\/product-supplier\/a53\/","nextItem":{"@type":"ListItem","@id":"https:\/\/hidalgo.nl\/de\/product\/839258\/lavendel-anzuchtset-fsc-holz-bedrucken-nachhaltig-natur\/#listItem","name":"FSC Houten Plantenbak Set &#8211; Lavendel"},"previousItem":{"@type":"ListItem","@id":"https:\/\/hidalgo.nl\/example\/#listItem","name":"example"}},{"@type":"ListItem","@id":"https:\/\/hidalgo.nl\/de\/product\/839258\/lavendel-anzuchtset-fsc-holz-bedrucken-nachhaltig-natur\/#listItem","position":4,"name":"FSC Houten Plantenbak Set &#8211; Lavendel","previousItem":{"@type":"ListItem","@id":"https:\/\/hidalgo.nl\/en\/product-supplier\/a53\/#listItem","name":"A53"}}]},{"@type":"Organization","@id":"https:\/\/hidalgo.nl\/de\/#organization","name":"Hidalgo","url":"https:\/\/hidalgo.nl\/de\/","logo":{"@type":"ImageObject","url":"https:\/\/shop.hidalgo.nl\/wp-content\/uploads\/2025\/11\/cropped-Hidalgo-est1993.png","@id":"https:\/\/hidalgo.nl\/de\/product\/839258\/lavendel-anzuchtset-fsc-holz-bedrucken-nachhaltig-natur\/#organizationLogo","width":585,"height":195},"image":{"@id":"https:\/\/hidalgo.nl\/de\/product\/839258\/lavendel-anzuchtset-fsc-holz-bedrucken-nachhaltig-natur\/#organizationLogo"}},{"@type":"ProductGroup","@id":"https:\/\/hidalgo.nl\/de\/product\/839258\/lavendel-anzuchtset-fsc-holz-bedrucken-nachhaltig-natur\/#wooCommerceProduct","name":"Lavendel Anzuchtset FSC Holz bedrucken nachhaltig Natur","url":"https:\/\/hidalgo.nl\/de\/product\/839258\/lavendel-anzuchtset-fsc-holz-bedrucken-nachhaltig-natur\/","brand":{"@type":"Brand","name":"Hidalgo"},"sku":"A53-LT94575","image":{"@type":"ImageObject","url":"https:\/\/shop.hidalgo.nl\/wp-content\/uploads\/2025\/12\/3a3ebffce4d1ef0d1f885fcac9d6733d50bfd09271f5a60e3818eb85d6174db9.jpg","@id":"https:\/\/hidalgo.nl\/de\/product\/839258\/lavendel-anzuchtset-fsc-holz-bedrucken-nachhaltig-natur\/#productImage"},"productGroupID":839258,"hasVariant":[{"@type":"Product","@id":"https:\/\/hidalgo.nl\/de\/product\/839258\/lavendel-anzuchtset-fsc-holz-bedrucken-nachhaltig-natur\/#wooCommerceProduct","name":"FSC Houten Plantenbak Set - Lavendel - natuur","url":"https:\/\/hidalgo.nl\/de\/product\/839258\/lavendel-anzuchtset-fsc-holz-bedrucken-nachhaltig-natur\/","sku":"A53-LT94575-N0094","image":{"@type":"ImageObject","url":"https:\/\/shop.hidalgo.nl\/wp-content\/uploads\/2025\/12\/4884ad9b1cb997b44bfea8e26d1ac0aee2957fe9023cb5e79266e04acb569eb7.jpg","@id":"https:\/\/hidalgo.nl\/de\/product\/839258\/lavendel-anzuchtset-fsc-holz-bedrucken-nachhaltig-natur\/#productImage"},"offers":{"@type":"Offer","url":"https:\/\/hidalgo.nl\/de\/product\/839258\/lavendel-anzuchtset-fsc-holz-bedrucken-nachhaltig-natur\/#wooCommerceOffer","price":"5.16","priceCurrency":"EUR","category":"Promotionele Artikelen","availability":"https:\/\/schema.org\/InStock","priceSpecification":{"@type":"PriceSpecification","price":5.16,"priceCurrency":"EUR","valueAddedTaxIncluded":"true"}}}]},{"@type":"WebPage","@id":"https:\/\/hidalgo.nl\/de\/product\/839258\/lavendel-anzuchtset-fsc-holz-bedrucken-nachhaltig-natur\/#webpage","url":"https:\/\/hidalgo.nl\/de\/product\/839258\/lavendel-anzuchtset-fsc-holz-bedrucken-nachhaltig-natur\/","name":"Lavendel Anzuchtset FSC Holz bedrucken nachhaltig Natur","description":"Du erh\u00e4ltst ein komplettes Set aus Holz mit Lavendelsamen & Kokos-Substrat - ideal f\u00fcr Balkon und Events. Lass bei Hidalgo dein Logo auf dem FSC Pflanzk\u00fcbel Holz drucken und mache daraus ein nachhaltiges Giveaway. Jetzt Pflanzk\u00fcbel Set kaufen.","inLanguage":"de-DE","isPartOf":{"@id":"https:\/\/hidalgo.nl\/de\/#website"},"breadcrumb":{"@id":"https:\/\/hidalgo.nl\/de\/product\/839258\/lavendel-anzuchtset-fsc-holz-bedrucken-nachhaltig-natur\/#breadcrumblist"},"image":{"@type":"ImageObject","url":"https:\/\/shop.hidalgo.nl\/wp-content\/uploads\/2025\/12\/3a3ebffce4d1ef0d1f885fcac9d6733d50bfd09271f5a60e3818eb85d6174db9.jpg","@id":"https:\/\/hidalgo.nl\/de\/product\/839258\/lavendel-anzuchtset-fsc-holz-bedrucken-nachhaltig-natur\/#mainImage"},"primaryImageOfPage":{"@id":"https:\/\/hidalgo.nl\/de\/product\/839258\/lavendel-anzuchtset-fsc-holz-bedrucken-nachhaltig-natur\/#mainImage"},"datePublished":"2026-02-10T12:42:26+00:00","dateModified":"2026-04-26T14:46:05+00:00"},{"@type":"WebSite","@id":"https:\/\/hidalgo.nl\/de\/#website","url":"https:\/\/hidalgo.nl\/de\/","name":"Hidalgo","inLanguage":"de-DE","publisher":{"@id":"https:\/\/hidalgo.nl\/de\/#organization"}}]},"og:locale":"de_DE","og:site_name":"Hidalgo -","og:type":"article","og:title":"Lavendel Anzuchtset FSC Holz bedrucken nachhaltig Natur","og:description":"Du erh\u00e4ltst ein komplettes Set aus Holz mit Lavendelsamen &amp; Kokos-Substrat - ideal f\u00fcr Balkon und Events. Lass bei Hidalgo dein Logo auf dem FSC Pflanzk\u00fcbel Holz drucken und mache daraus ein nachhaltiges Giveaway. Jetzt Pflanzk\u00fcbel Set kaufen.","og:url":"https:\/\/hidalgo.nl\/de\/wp-json\/wp\/v2\/product\/839258","og:image":"https:\/\/shop.hidalgo.nl\/wp-content\/uploads\/2025\/11\/cropped-Hidalgo-est1993.png","og:image:secure_url":"https:\/\/shop.hidalgo.nl\/wp-content\/uploads\/2025\/11\/cropped-Hidalgo-est1993.png","article:published_time":"2026-02-10T12:42:26+00:00","article:modified_time":"2026-04-26T14:46:05+00:00","twitter:card":"summary_large_image","twitter:title":"Lavendel Anzuchtset FSC Holz bedrucken nachhaltig Natur","twitter:description":"Du erh\u00e4ltst ein komplettes Set aus Holz mit Lavendelsamen &amp; Kokos-Substrat - ideal f\u00fcr Balkon und Events. Lass bei Hidalgo dein Logo auf dem FSC Pflanzk\u00fcbel Holz drucken und mache daraus ein nachhaltiges Giveaway. Jetzt Pflanzk\u00fcbel Set kaufen.","twitter:image":"https:\/\/shop.hidalgo.nl\/wp-content\/uploads\/2025\/11\/cropped-Hidalgo-est1993.png"},"aioseo_meta_data":{"post_id":"839258","title":null,"description":null,"keywords":null,"keyphrases":null,"primary_term":null,"canonical_url":null,"og_title":null,"og_description":null,"og_object_type":"default","og_image_type":"default","og_image_url":null,"og_image_width":null,"og_image_height":null,"og_image_custom_url":null,"og_image_custom_fields":null,"og_video":null,"og_custom_url":null,"og_article_section":null,"og_article_tags":null,"twitter_use_og":false,"twitter_card":"default","twitter_image_type":"default","twitter_image_url":null,"twitter_image_custom_url":null,"twitter_image_custom_fields":null,"twitter_title":null,"twitter_description":null,"schema":{"blockGraphs":[],"customGraphs":[],"default":{"data":{"Article":[],"Course":[],"Dataset":[],"FAQPage":[],"Movie":[],"Person":[],"Product":[],"ProductReview":[],"Car":[],"Recipe":[],"Service":[],"SoftwareApplication":[],"WebPage":[]},"graphName":"","isEnabled":true},"graphs":[]},"schema_type":"default","schema_type_options":null,"pillar_content":false,"robots_default":true,"robots_noindex":false,"robots_noarchive":false,"robots_nosnippet":false,"robots_nofollow":false,"robots_noimageindex":false,"robots_noodp":false,"robots_notranslate":false,"robots_max_snippet":null,"robots_max_videopreview":null,"robots_max_imagepreview":"large","priority":null,"frequency":null,"local_seo":null,"seo_analyzer_scan_date":"2026-02-10 12:54:48","breadcrumb_settings":null,"limit_modified_date":false,"reviewed_by":null,"open_ai":null,"ai":null,"created":"2026-02-10 12:48:20","updated":"2026-04-26 15:31:56"},"aioseo_breadcrumb":"<div class=\"aioseo-breadcrumbs\"><span class=\"aioseo-breadcrumb\">\n\t<a href=\"https:\/\/hidalgo.nl\/de\/\" title=\"Home\">Home<\/a>\n<\/span><span class=\"aioseo-breadcrumb-separator\">\u00bb<\/span><span class=\"aioseo-breadcrumb\">\n\t<a href=\"https:\/\/hidalgo.nl\/example\/\" title=\"example\">example<\/a>\n<\/span><span class=\"aioseo-breadcrumb-separator\">\u00bb<\/span><span class=\"aioseo-breadcrumb\">\n\t<a href=\"https:\/\/hidalgo.nl\/en\/product-supplier\/a53\/\" title=\"A53\">A53<\/a>\n<\/span><span class=\"aioseo-breadcrumb-separator\">\u00bb<\/span><span class=\"aioseo-breadcrumb\">\n\tFSC Houten Plantenbak Set \u2013 Lavendel\n<\/span><\/div>","aioseo_breadcrumb_json":[{"label":"Home","link":"https:\/\/hidalgo.nl\/de\/"},{"label":"example","link":"https:\/\/hidalgo.nl\/example\/"},{"label":"A53","link":"https:\/\/hidalgo.nl\/en\/product-supplier\/a53\/"},{"label":"FSC Houten Plantenbak Set &#8211; Lavendel","link":"https:\/\/hidalgo.nl\/de\/product\/839258\/lavendel-anzuchtset-fsc-holz-bedrucken-nachhaltig-natur\/"}],"_links":{"self":[{"href":"https:\/\/hidalgo.nl\/de\/wp-json\/wp\/v2\/product\/839258","targetHints":{"allow":["GET"]}}],"collection":[{"href":"https:\/\/hidalgo.nl\/de\/wp-json\/wp\/v2\/product"}],"about":[{"href":"https:\/\/hidalgo.nl\/de\/wp-json\/wp\/v2\/types\/product"}],"wp:featuredmedia":[{"embeddable":true,"href":"https:\/\/hidalgo.nl\/de\/wp-json\/wp\/v2\/media\/839259"}],"wp:attachment":[{"href":"https:\/\/hidalgo.nl\/de\/wp-json\/wp\/v2\/media?parent=839258"}],"wp:term":[{"taxonomy":"product_brand","embeddable":true,"href":"https:\/\/hidalgo.nl\/de\/wp-json\/wp\/v2\/product_brand?post=839258"},{"taxonomy":"product_cat","embeddable":true,"href":"https:\/\/hidalgo.nl\/de\/wp-json\/wp\/v2\/product_cat?post=839258"},{"taxonomy":"product_tag","embeddable":true,"href":"https:\/\/hidalgo.nl\/de\/wp-json\/wp\/v2\/product_tag?post=839258"}],"curies":[{"name":"wp","href":"https:\/\/api.w.org\/{rel}","templated":true}]}}