{"id":838748,"date":"2026-02-10T12:20:52","date_gmt":"2026-02-10T12:20:52","guid":{"rendered":"https:\/\/hidalgo.nl\/product\/noa-waterfles-r-pet-750-ml-transparant\/"},"modified":"2026-02-26T07:48:29","modified_gmt":"2026-02-26T07:48:29","slug":"noa-waterfles-r-pet-750-ml-transparant","status":"publish","type":"product","link":"https:\/\/hidalgo.nl\/de\/product\/noa-waterfles-r-pet-750-ml-transparant\/","title":{"rendered":"Noa waterfles R-PET 750 ml Transparant"},"content":{"rendered":"<p>Blijf stijlvol en duurzaam gehydrateerd met deze 750 ml R-PET waterfles met transparante afwerking. Uitgerust met een handige karabijnhaakclip is hij perfect voor bevestiging aan rugzakken, handtassen of sporttassen. Verkrijgbaar in een reeks  trendy en promotionele kleuren.<\/p>\n","protected":false},"excerpt":{"rendered":"<p>Blijf stijlvol en duurzaam gehydrateerd met deze 750 ml R-PET waterfles met transparante afwerking. Uitgerust met een handige karabijnhaakclip is hij perfect voor bevestiging aan rugzakken, handtassen of sporttassen. Verkrijgbaar in een reeks trendy en promotionele kleuren.<\/p>\n","protected":false},"featured_media":838749,"template":"","meta":{"_acf_changed":false,"om_disable_all_campaigns":false,"_monsterinsights_skip_tracking":false,"_monsterinsights_sitenote_active":false,"_monsterinsights_sitenote_note":"","_monsterinsights_sitenote_category":0},"product_brand":[6374],"product_cat":[4732,4733,5075,4844],"product_tag":[],"class_list":{"0":"post-838748","1":"product","2":"type-product","3":"status-publish","4":"has-post-thumbnail","6":"product_supplier-a53","7":"product_brand-hidalgo","8":"product_cat-bidons-drinkflessen","9":"product_cat-bidons-drinkflessen-drinkflessen","10":"product_cat-eco-flessen","11":"product_cat-bidons-drinkflessen-drinkflessen-waterflessen","12":"entry","14":"first","15":"instock","16":"taxable","17":"shipping-taxable","18":"purchasable","19":"product-type-variable"},"acf":{"imprint_cost":[{"imprint_cost_key":"670aed62140126e7069e8eda1e44a9df72199e71","product_quantity_price_range":[{"imprint_cost_recommended_selling_price":"2.4825","imprint_cost_recommended_selling_quantity":"1"},{"imprint_cost_recommended_selling_price":"2.3175","imprint_cost_recommended_selling_quantity":"10"},{"imprint_cost_recommended_selling_price":"2.1525","imprint_cost_recommended_selling_quantity":"25"},{"imprint_cost_recommended_selling_price":"1.9875","imprint_cost_recommended_selling_quantity":"50"},{"imprint_cost_recommended_selling_price":"1.8225","imprint_cost_recommended_selling_quantity":"100"},{"imprint_cost_recommended_selling_price":"1.6575","imprint_cost_recommended_selling_quantity":"250"},{"imprint_cost_recommended_selling_price":"1.485","imprint_cost_recommended_selling_quantity":"500"},{"imprint_cost_recommended_selling_price":"1.41","imprint_cost_recommended_selling_quantity":"1000"},{"imprint_cost_recommended_selling_price":"1.32","imprint_cost_recommended_selling_quantity":"2500"},{"imprint_cost_recommended_selling_price":"1.245","imprint_cost_recommended_selling_quantity":"5000"},{"imprint_cost_recommended_selling_price":"1.2075","imprint_cost_recommended_selling_quantity":"10000"}],"product_quantity_price_range_buying":[{"imprint_cost_general_buying_price":"1.655","imprint_cost_general_buying_quantity":"1"},{"imprint_cost_general_buying_price":"1.545","imprint_cost_general_buying_quantity":"10"},{"imprint_cost_general_buying_price":"1.435","imprint_cost_general_buying_quantity":"25"},{"imprint_cost_general_buying_price":"1.325","imprint_cost_general_buying_quantity":"50"},{"imprint_cost_general_buying_price":"1.215","imprint_cost_general_buying_quantity":"100"},{"imprint_cost_general_buying_price":"1.105","imprint_cost_general_buying_quantity":"250"},{"imprint_cost_general_buying_price":"0.99","imprint_cost_general_buying_quantity":"500"},{"imprint_cost_general_buying_price":"0.94","imprint_cost_general_buying_quantity":"1000"},{"imprint_cost_general_buying_price":"0.88","imprint_cost_general_buying_quantity":"2500"},{"imprint_cost_general_buying_price":"0.83","imprint_cost_general_buying_quantity":"5000"},{"imprint_cost_general_buying_price":"0.805","imprint_cost_general_buying_quantity":"10000"}],"imprint_cost_setup_costs":"54","imprint_cost_handling_costs":"0.12"}]},"aioseo_notices":[],"aioseo_head":"\n\t\t<!-- All in One SEO Pro 4.9.5.2 - aioseo.com -->\n\t<meta name=\"description\" content=\"Diese transparente Wiederverwendbare Trinkflasche aus r-PET ist dein nachhaltiges Statement f\u00fcr den Alltag oder Sport. Mit 0,75 Liter F\u00fcllmenge bleibst du hydriert. Nutze unseren Service und lass Trinkflaschen bedrucken, um dein Firmenlogo optimal zu pr\u00e4sentieren.\" \/>\n\t<meta name=\"robots\" content=\"max-image-preview:large\" \/>\n\t<link rel=\"canonical\" href=\"https:\/\/hidalgo.nl\/de\/wp-json\/wp\/v2\/product\/838748\" \/>\n\t<meta name=\"generator\" content=\"All in One SEO Pro (AIOSEO) 4.9.5.2\" \/>\n\t\t<meta property=\"og:locale\" content=\"de_DE\" \/>\n\t\t<meta property=\"og:site_name\" content=\"Hidalgo -\" \/>\n\t\t<meta property=\"og:type\" content=\"article\" \/>\n\t\t<meta property=\"og:title\" content=\"Noa waterfles R-PET 750 ml Transparant\" \/>\n\t\t<meta property=\"og:description\" content=\"Diese transparente Wiederverwendbare Trinkflasche aus r-PET ist dein nachhaltiges Statement f\u00fcr den Alltag oder Sport. Mit 0,75 Liter F\u00fcllmenge bleibst du hydriert. Nutze unseren Service und lass Trinkflaschen bedrucken, um dein Firmenlogo optimal zu pr\u00e4sentieren.\" \/>\n\t\t<meta property=\"og:url\" content=\"https:\/\/hidalgo.nl\/de\/wp-json\/wp\/v2\/product\/838748\" \/>\n\t\t<meta property=\"og:image\" content=\"https:\/\/shop.hidalgo.nl\/wp-content\/uploads\/2025\/11\/cropped-Hidalgo-est1993.png\" \/>\n\t\t<meta property=\"og:image:secure_url\" content=\"https:\/\/shop.hidalgo.nl\/wp-content\/uploads\/2025\/11\/cropped-Hidalgo-est1993.png\" \/>\n\t\t<meta property=\"article:published_time\" content=\"2026-02-10T12:20:52+00:00\" \/>\n\t\t<meta property=\"article:modified_time\" content=\"2026-02-26T07:48:29+00:00\" \/>\n\t\t<meta name=\"twitter:card\" content=\"summary_large_image\" \/>\n\t\t<meta name=\"twitter:title\" content=\"Noa waterfles R-PET 750 ml Transparant\" \/>\n\t\t<meta name=\"twitter:description\" content=\"Diese transparente Wiederverwendbare Trinkflasche aus r-PET ist dein nachhaltiges Statement f\u00fcr den Alltag oder Sport. Mit 0,75 Liter F\u00fcllmenge bleibst du hydriert. Nutze unseren Service und lass Trinkflaschen bedrucken, um dein Firmenlogo optimal zu pr\u00e4sentieren.\" \/>\n\t\t<meta name=\"twitter:image\" content=\"https:\/\/shop.hidalgo.nl\/wp-content\/uploads\/2025\/11\/cropped-Hidalgo-est1993.png\" \/>\n\t\t<script type=\"application\/ld+json\" class=\"aioseo-schema\">\n\t\t\t{\"@context\":\"https:\\\/\\\/schema.org\",\"@graph\":[{\"@type\":\"BreadcrumbList\",\"@id\":\"https:\\\/\\\/hidalgo.nl\\\/de\\\/product\\\/noa-waterfles-r-pet-750-ml-transparant\\\/#breadcrumblist\",\"itemListElement\":[{\"@type\":\"ListItem\",\"@id\":\"https:\\\/\\\/hidalgo.nl\\\/de\\\/#listItem\",\"position\":1,\"name\":\"Home\",\"item\":\"https:\\\/\\\/hidalgo.nl\\\/de\\\/\",\"nextItem\":{\"@type\":\"ListItem\",\"@id\":\"https:\\\/\\\/hidalgo.nl\\\/example\\\/#listItem\",\"name\":\"example\"}},{\"@type\":\"ListItem\",\"@id\":\"https:\\\/\\\/hidalgo.nl\\\/example\\\/#listItem\",\"position\":2,\"name\":\"example\",\"item\":\"https:\\\/\\\/hidalgo.nl\\\/example\\\/\",\"nextItem\":{\"@type\":\"ListItem\",\"@id\":\"https:\\\/\\\/hidalgo.nl\\\/en\\\/product-supplier\\\/a53\\\/#listItem\",\"name\":\"A53\"},\"previousItem\":{\"@type\":\"ListItem\",\"@id\":\"https:\\\/\\\/hidalgo.nl\\\/de\\\/#listItem\",\"name\":\"Home\"}},{\"@type\":\"ListItem\",\"@id\":\"https:\\\/\\\/hidalgo.nl\\\/en\\\/product-supplier\\\/a53\\\/#listItem\",\"position\":3,\"name\":\"A53\",\"item\":\"https:\\\/\\\/hidalgo.nl\\\/en\\\/product-supplier\\\/a53\\\/\",\"nextItem\":{\"@type\":\"ListItem\",\"@id\":\"https:\\\/\\\/hidalgo.nl\\\/de\\\/product\\\/noa-waterfles-r-pet-750-ml-transparant\\\/#listItem\",\"name\":\"Noa waterfles R-PET 750 ml Transparant\"},\"previousItem\":{\"@type\":\"ListItem\",\"@id\":\"https:\\\/\\\/hidalgo.nl\\\/example\\\/#listItem\",\"name\":\"example\"}},{\"@type\":\"ListItem\",\"@id\":\"https:\\\/\\\/hidalgo.nl\\\/de\\\/product\\\/noa-waterfles-r-pet-750-ml-transparant\\\/#listItem\",\"position\":4,\"name\":\"Noa waterfles R-PET 750 ml Transparant\",\"previousItem\":{\"@type\":\"ListItem\",\"@id\":\"https:\\\/\\\/hidalgo.nl\\\/en\\\/product-supplier\\\/a53\\\/#listItem\",\"name\":\"A53\"}}]},{\"@type\":\"ItemPage\",\"@id\":\"https:\\\/\\\/hidalgo.nl\\\/de\\\/product\\\/noa-waterfles-r-pet-750-ml-transparant\\\/#itempage\",\"url\":\"https:\\\/\\\/hidalgo.nl\\\/de\\\/product\\\/noa-waterfles-r-pet-750-ml-transparant\\\/\",\"name\":\"Noa waterfles R-PET 750 ml Transparant\",\"description\":\"Diese transparente Wiederverwendbare Trinkflasche aus r-PET ist dein nachhaltiges Statement f\\u00fcr den Alltag oder Sport. Mit 0,75 Liter F\\u00fcllmenge bleibst du hydriert. Nutze unseren Service und lass Trinkflaschen bedrucken, um dein Firmenlogo optimal zu pr\\u00e4sentieren.\",\"inLanguage\":\"de-DE\",\"isPartOf\":{\"@id\":\"https:\\\/\\\/hidalgo.nl\\\/de\\\/#website\"},\"breadcrumb\":{\"@id\":\"https:\\\/\\\/hidalgo.nl\\\/de\\\/product\\\/noa-waterfles-r-pet-750-ml-transparant\\\/#breadcrumblist\"},\"image\":{\"@type\":\"ImageObject\",\"url\":\"https:\\\/\\\/shop.hidalgo.nl\\\/wp-content\\\/uploads\\\/2025\\\/06\\\/c9fbeb732d830dce07c3a57e42fbec17e23afe0b46520cf52fcaa6db78cde595.jpg\",\"@id\":\"https:\\\/\\\/hidalgo.nl\\\/de\\\/product\\\/noa-waterfles-r-pet-750-ml-transparant\\\/#mainImage\"},\"primaryImageOfPage\":{\"@id\":\"https:\\\/\\\/hidalgo.nl\\\/de\\\/product\\\/noa-waterfles-r-pet-750-ml-transparant\\\/#mainImage\"},\"datePublished\":\"2026-02-10T12:20:52+00:00\",\"dateModified\":\"2026-02-26T07:48:29+00:00\"},{\"@type\":\"Organization\",\"@id\":\"https:\\\/\\\/hidalgo.nl\\\/de\\\/#organization\",\"name\":\"Hidalgo\",\"url\":\"https:\\\/\\\/hidalgo.nl\\\/de\\\/\",\"logo\":{\"@type\":\"ImageObject\",\"url\":\"https:\\\/\\\/shop.hidalgo.nl\\\/wp-content\\\/uploads\\\/2025\\\/11\\\/cropped-Hidalgo-est1993.png\",\"@id\":\"https:\\\/\\\/hidalgo.nl\\\/de\\\/product\\\/noa-waterfles-r-pet-750-ml-transparant\\\/#organizationLogo\",\"width\":585,\"height\":195},\"image\":{\"@id\":\"https:\\\/\\\/hidalgo.nl\\\/de\\\/product\\\/noa-waterfles-r-pet-750-ml-transparant\\\/#organizationLogo\"}},{\"@type\":\"WebPage\",\"@id\":\"https:\\\/\\\/hidalgo.nl\\\/de\\\/product\\\/noa-waterfles-r-pet-750-ml-transparant\\\/#webpage\",\"url\":\"https:\\\/\\\/hidalgo.nl\\\/de\\\/product\\\/noa-waterfles-r-pet-750-ml-transparant\\\/\",\"name\":\"Noa waterfles R-PET 750 ml Transparant\",\"description\":\"Diese transparente Wiederverwendbare Trinkflasche aus r-PET ist dein nachhaltiges Statement f\\u00fcr den Alltag oder Sport. Mit 0,75 Liter F\\u00fcllmenge bleibst du hydriert. Nutze unseren Service und lass Trinkflaschen bedrucken, um dein Firmenlogo optimal zu pr\\u00e4sentieren.\",\"inLanguage\":\"de-DE\",\"isPartOf\":{\"@id\":\"https:\\\/\\\/hidalgo.nl\\\/de\\\/#website\"},\"breadcrumb\":{\"@id\":\"https:\\\/\\\/hidalgo.nl\\\/de\\\/product\\\/noa-waterfles-r-pet-750-ml-transparant\\\/#breadcrumblist\"},\"image\":{\"@type\":\"ImageObject\",\"url\":\"https:\\\/\\\/shop.hidalgo.nl\\\/wp-content\\\/uploads\\\/2025\\\/06\\\/c9fbeb732d830dce07c3a57e42fbec17e23afe0b46520cf52fcaa6db78cde595.jpg\",\"@id\":\"https:\\\/\\\/hidalgo.nl\\\/de\\\/product\\\/noa-waterfles-r-pet-750-ml-transparant\\\/#mainImage\"},\"primaryImageOfPage\":{\"@id\":\"https:\\\/\\\/hidalgo.nl\\\/de\\\/product\\\/noa-waterfles-r-pet-750-ml-transparant\\\/#mainImage\"},\"datePublished\":\"2026-02-10T12:20:52+00:00\",\"dateModified\":\"2026-02-26T07:48:29+00:00\"},{\"@type\":\"WebSite\",\"@id\":\"https:\\\/\\\/hidalgo.nl\\\/de\\\/#website\",\"url\":\"https:\\\/\\\/hidalgo.nl\\\/de\\\/\",\"name\":\"Hidalgo\",\"inLanguage\":\"de-DE\",\"publisher\":{\"@id\":\"https:\\\/\\\/hidalgo.nl\\\/de\\\/#organization\"}}]}\n\t\t<\/script>\n\t\t<!-- All in One SEO Pro -->\r\n\t\t<title>Noa waterfles R-PET 750 ml Transparant<\/title>\n\n","aioseo_head_json":{"title":"Noa waterfles R-PET 750 ml Transparant","description":"Diese transparente Wiederverwendbare Trinkflasche aus r-PET ist dein nachhaltiges Statement f\u00fcr den Alltag oder Sport. Mit 0,75 Liter F\u00fcllmenge bleibst du hydriert. Nutze unseren Service und lass Trinkflaschen bedrucken, um dein Firmenlogo optimal zu pr\u00e4sentieren.","canonical_url":"https:\/\/hidalgo.nl\/de\/wp-json\/wp\/v2\/product\/838748","robots":"max-image-preview:large","keywords":"","webmasterTools":{"miscellaneous":""},"schema":{"@context":"https:\/\/schema.org","@graph":[{"@type":"BreadcrumbList","@id":"https:\/\/hidalgo.nl\/de\/product\/noa-waterfles-r-pet-750-ml-transparant\/#breadcrumblist","itemListElement":[{"@type":"ListItem","@id":"https:\/\/hidalgo.nl\/de\/#listItem","position":1,"name":"Home","item":"https:\/\/hidalgo.nl\/de\/","nextItem":{"@type":"ListItem","@id":"https:\/\/hidalgo.nl\/example\/#listItem","name":"example"}},{"@type":"ListItem","@id":"https:\/\/hidalgo.nl\/example\/#listItem","position":2,"name":"example","item":"https:\/\/hidalgo.nl\/example\/","nextItem":{"@type":"ListItem","@id":"https:\/\/hidalgo.nl\/en\/product-supplier\/a53\/#listItem","name":"A53"},"previousItem":{"@type":"ListItem","@id":"https:\/\/hidalgo.nl\/de\/#listItem","name":"Home"}},{"@type":"ListItem","@id":"https:\/\/hidalgo.nl\/en\/product-supplier\/a53\/#listItem","position":3,"name":"A53","item":"https:\/\/hidalgo.nl\/en\/product-supplier\/a53\/","nextItem":{"@type":"ListItem","@id":"https:\/\/hidalgo.nl\/de\/product\/noa-waterfles-r-pet-750-ml-transparant\/#listItem","name":"Noa waterfles R-PET 750 ml Transparant"},"previousItem":{"@type":"ListItem","@id":"https:\/\/hidalgo.nl\/example\/#listItem","name":"example"}},{"@type":"ListItem","@id":"https:\/\/hidalgo.nl\/de\/product\/noa-waterfles-r-pet-750-ml-transparant\/#listItem","position":4,"name":"Noa waterfles R-PET 750 ml Transparant","previousItem":{"@type":"ListItem","@id":"https:\/\/hidalgo.nl\/en\/product-supplier\/a53\/#listItem","name":"A53"}}]},{"@type":"ItemPage","@id":"https:\/\/hidalgo.nl\/de\/product\/noa-waterfles-r-pet-750-ml-transparant\/#itempage","url":"https:\/\/hidalgo.nl\/de\/product\/noa-waterfles-r-pet-750-ml-transparant\/","name":"Noa waterfles R-PET 750 ml Transparant","description":"Diese transparente Wiederverwendbare Trinkflasche aus r-PET ist dein nachhaltiges Statement f\u00fcr den Alltag oder Sport. Mit 0,75 Liter F\u00fcllmenge bleibst du hydriert. Nutze unseren Service und lass Trinkflaschen bedrucken, um dein Firmenlogo optimal zu pr\u00e4sentieren.","inLanguage":"de-DE","isPartOf":{"@id":"https:\/\/hidalgo.nl\/de\/#website"},"breadcrumb":{"@id":"https:\/\/hidalgo.nl\/de\/product\/noa-waterfles-r-pet-750-ml-transparant\/#breadcrumblist"},"image":{"@type":"ImageObject","url":"https:\/\/shop.hidalgo.nl\/wp-content\/uploads\/2025\/06\/c9fbeb732d830dce07c3a57e42fbec17e23afe0b46520cf52fcaa6db78cde595.jpg","@id":"https:\/\/hidalgo.nl\/de\/product\/noa-waterfles-r-pet-750-ml-transparant\/#mainImage"},"primaryImageOfPage":{"@id":"https:\/\/hidalgo.nl\/de\/product\/noa-waterfles-r-pet-750-ml-transparant\/#mainImage"},"datePublished":"2026-02-10T12:20:52+00:00","dateModified":"2026-02-26T07:48:29+00:00"},{"@type":"Organization","@id":"https:\/\/hidalgo.nl\/de\/#organization","name":"Hidalgo","url":"https:\/\/hidalgo.nl\/de\/","logo":{"@type":"ImageObject","url":"https:\/\/shop.hidalgo.nl\/wp-content\/uploads\/2025\/11\/cropped-Hidalgo-est1993.png","@id":"https:\/\/hidalgo.nl\/de\/product\/noa-waterfles-r-pet-750-ml-transparant\/#organizationLogo","width":585,"height":195},"image":{"@id":"https:\/\/hidalgo.nl\/de\/product\/noa-waterfles-r-pet-750-ml-transparant\/#organizationLogo"}},{"@type":"WebPage","@id":"https:\/\/hidalgo.nl\/de\/product\/noa-waterfles-r-pet-750-ml-transparant\/#webpage","url":"https:\/\/hidalgo.nl\/de\/product\/noa-waterfles-r-pet-750-ml-transparant\/","name":"Noa waterfles R-PET 750 ml Transparant","description":"Diese transparente Wiederverwendbare Trinkflasche aus r-PET ist dein nachhaltiges Statement f\u00fcr den Alltag oder Sport. Mit 0,75 Liter F\u00fcllmenge bleibst du hydriert. Nutze unseren Service und lass Trinkflaschen bedrucken, um dein Firmenlogo optimal zu pr\u00e4sentieren.","inLanguage":"de-DE","isPartOf":{"@id":"https:\/\/hidalgo.nl\/de\/#website"},"breadcrumb":{"@id":"https:\/\/hidalgo.nl\/de\/product\/noa-waterfles-r-pet-750-ml-transparant\/#breadcrumblist"},"image":{"@type":"ImageObject","url":"https:\/\/shop.hidalgo.nl\/wp-content\/uploads\/2025\/06\/c9fbeb732d830dce07c3a57e42fbec17e23afe0b46520cf52fcaa6db78cde595.jpg","@id":"https:\/\/hidalgo.nl\/de\/product\/noa-waterfles-r-pet-750-ml-transparant\/#mainImage"},"primaryImageOfPage":{"@id":"https:\/\/hidalgo.nl\/de\/product\/noa-waterfles-r-pet-750-ml-transparant\/#mainImage"},"datePublished":"2026-02-10T12:20:52+00:00","dateModified":"2026-02-26T07:48:29+00:00"},{"@type":"WebSite","@id":"https:\/\/hidalgo.nl\/de\/#website","url":"https:\/\/hidalgo.nl\/de\/","name":"Hidalgo","inLanguage":"de-DE","publisher":{"@id":"https:\/\/hidalgo.nl\/de\/#organization"}}]},"og:locale":"de_DE","og:site_name":"Hidalgo -","og:type":"article","og:title":"Noa waterfles R-PET 750 ml Transparant","og:description":"Diese transparente Wiederverwendbare Trinkflasche aus r-PET ist dein nachhaltiges Statement f\u00fcr den Alltag oder Sport. Mit 0,75 Liter F\u00fcllmenge bleibst du hydriert. Nutze unseren Service und lass Trinkflaschen bedrucken, um dein Firmenlogo optimal zu pr\u00e4sentieren.","og:url":"https:\/\/hidalgo.nl\/de\/wp-json\/wp\/v2\/product\/838748","og:image":"https:\/\/shop.hidalgo.nl\/wp-content\/uploads\/2025\/11\/cropped-Hidalgo-est1993.png","og:image:secure_url":"https:\/\/shop.hidalgo.nl\/wp-content\/uploads\/2025\/11\/cropped-Hidalgo-est1993.png","article:published_time":"2026-02-10T12:20:52+00:00","article:modified_time":"2026-02-26T07:48:29+00:00","twitter:card":"summary_large_image","twitter:title":"Noa waterfles R-PET 750 ml Transparant","twitter:description":"Diese transparente Wiederverwendbare Trinkflasche aus r-PET ist dein nachhaltiges Statement f\u00fcr den Alltag oder Sport. Mit 0,75 Liter F\u00fcllmenge bleibst du hydriert. Nutze unseren Service und lass Trinkflaschen bedrucken, um dein Firmenlogo optimal zu pr\u00e4sentieren.","twitter:image":"https:\/\/shop.hidalgo.nl\/wp-content\/uploads\/2025\/11\/cropped-Hidalgo-est1993.png"},"aioseo_meta_data":{"post_id":"838748","title":null,"description":null,"keywords":null,"keyphrases":null,"primary_term":null,"canonical_url":null,"og_title":null,"og_description":null,"og_object_type":"default","og_image_type":"default","og_image_url":null,"og_image_width":null,"og_image_height":null,"og_image_custom_url":null,"og_image_custom_fields":null,"og_video":null,"og_custom_url":null,"og_article_section":null,"og_article_tags":null,"twitter_use_og":false,"twitter_card":"default","twitter_image_type":"default","twitter_image_url":null,"twitter_image_custom_url":null,"twitter_image_custom_fields":null,"twitter_title":null,"twitter_description":null,"schema":{"blockGraphs":[],"customGraphs":[],"default":{"data":{"Article":[],"Course":[],"Dataset":[],"FAQPage":[],"Movie":[],"Person":[],"Product":[],"ProductReview":[],"Car":[],"Recipe":[],"Service":[],"SoftwareApplication":[],"WebPage":[]},"graphName":"","isEnabled":true},"graphs":[]},"schema_type":"default","schema_type_options":null,"pillar_content":false,"robots_default":true,"robots_noindex":false,"robots_noarchive":false,"robots_nosnippet":false,"robots_nofollow":false,"robots_noimageindex":false,"robots_noodp":false,"robots_notranslate":false,"robots_max_snippet":null,"robots_max_videopreview":null,"robots_max_imagepreview":"large","priority":null,"frequency":null,"local_seo":null,"seo_analyzer_scan_date":"2026-02-10 12:33:46","breadcrumb_settings":null,"limit_modified_date":false,"reviewed_by":null,"open_ai":null,"ai":null,"created":"2026-02-10 12:24:06","updated":"2026-02-26 13:04:26"},"aioseo_breadcrumb":"<div class=\"aioseo-breadcrumbs\"><span class=\"aioseo-breadcrumb\">\n\t<a href=\"https:\/\/hidalgo.nl\/de\/\" title=\"Home\">Home<\/a>\n<\/span><span class=\"aioseo-breadcrumb-separator\">\u00bb<\/span><span class=\"aioseo-breadcrumb\">\n\t<a href=\"https:\/\/hidalgo.nl\/example\/\" title=\"example\">example<\/a>\n<\/span><span class=\"aioseo-breadcrumb-separator\">\u00bb<\/span><span class=\"aioseo-breadcrumb\">\n\t<a href=\"https:\/\/hidalgo.nl\/en\/product-supplier\/a53\/\" title=\"A53\">A53<\/a>\n<\/span><span class=\"aioseo-breadcrumb-separator\">\u00bb<\/span><span class=\"aioseo-breadcrumb\">\n\tNoa waterfles R-PET 750 ml Transparant\n<\/span><\/div>","aioseo_breadcrumb_json":[{"label":"Home","link":"https:\/\/hidalgo.nl\/de\/"},{"label":"example","link":"https:\/\/hidalgo.nl\/example\/"},{"label":"A53","link":"https:\/\/hidalgo.nl\/en\/product-supplier\/a53\/"},{"label":"Noa waterfles R-PET 750 ml Transparant","link":"https:\/\/hidalgo.nl\/de\/product\/noa-waterfles-r-pet-750-ml-transparant\/"}],"_links":{"self":[{"href":"https:\/\/hidalgo.nl\/de\/wp-json\/wp\/v2\/product\/838748","targetHints":{"allow":["GET"]}}],"collection":[{"href":"https:\/\/hidalgo.nl\/de\/wp-json\/wp\/v2\/product"}],"about":[{"href":"https:\/\/hidalgo.nl\/de\/wp-json\/wp\/v2\/types\/product"}],"wp:featuredmedia":[{"embeddable":true,"href":"https:\/\/hidalgo.nl\/de\/wp-json\/wp\/v2\/media\/838749"}],"wp:attachment":[{"href":"https:\/\/hidalgo.nl\/de\/wp-json\/wp\/v2\/media?parent=838748"}],"wp:term":[{"taxonomy":"product_brand","embeddable":true,"href":"https:\/\/hidalgo.nl\/de\/wp-json\/wp\/v2\/product_brand?post=838748"},{"taxonomy":"product_cat","embeddable":true,"href":"https:\/\/hidalgo.nl\/de\/wp-json\/wp\/v2\/product_cat?post=838748"},{"taxonomy":"product_tag","embeddable":true,"href":"https:\/\/hidalgo.nl\/de\/wp-json\/wp\/v2\/product_tag?post=838748"}],"curies":[{"name":"wp","href":"https:\/\/api.w.org\/{rel}","templated":true}]}}