{"id":838481,"date":"2026-02-10T12:13:21","date_gmt":"2026-02-10T12:13:21","guid":{"rendered":"https:\/\/hidalgo.nl\/product\/roestvrijstalen-borrelglazen-benjamin\/"},"modified":"2026-03-13T13:56:09","modified_gmt":"2026-03-13T13:56:09","slug":"roestvrijstalen-borrelglazen-benjamin","status":"publish","type":"product","link":"https:\/\/hidalgo.nl\/de\/product\/838481\/edelstahl-stamper-benjamin-bedrucken-etui-4er-set-30ml\/","title":{"rendered":"Roestvrijstalen borrelglazen Benjamin"},"content":{"rendered":"<p>Roestvrijstalen borrelglazen, set van 4 stuks (30 ml), in een PU leren etui met ritssluiting. Verpakt in een bruine kartonnen doos.<\/p>\n","protected":false},"excerpt":{"rendered":"<p>Roestvrijstalen borrelglazen, set van 4 stuks (30 ml), in een PU leren etui met ritssluiting. Verpakt in een bruine kartonnen doos.<\/p>\n","protected":false},"featured_media":838482,"template":"","meta":{"_acf_changed":false,"om_disable_all_campaigns":false,"_monsterinsights_skip_tracking":false,"_monsterinsights_sitenote_active":false,"_monsterinsights_sitenote_note":"","_monsterinsights_sitenote_category":0},"product_brand":[49],"product_cat":[4835,4732,4833],"product_tag":[],"class_list":{"0":"post-838481","1":"product","2":"type-product","3":"status-publish","4":"has-post-thumbnail","6":"product_supplier-a58","7":"product_material-bamboe","8":"product_material-rvs","9":"product_brand-impression","10":"product_cat-bidons-drinkflessen-mokken-en-bekers-bekers","11":"product_cat-bidons-drinkflessen","12":"product_cat-bidons-drinkflessen-mokken-en-bekers","13":"entry","15":"first","16":"instock","17":"taxable","18":"shipping-taxable","19":"purchasable","20":"product-type-variable"},"acf":{"imprint_cost":[{"imprint_cost_key":"27c9c934d1283b97ee80e1236259933ef2b7b074","product_quantity_price_range":[{"imprint_cost_recommended_selling_price":"2.66","imprint_cost_recommended_selling_quantity":"1"},{"imprint_cost_recommended_selling_price":"1.63","imprint_cost_recommended_selling_quantity":"25"},{"imprint_cost_recommended_selling_price":"1.22","imprint_cost_recommended_selling_quantity":"50"},{"imprint_cost_recommended_selling_price":"0.88","imprint_cost_recommended_selling_quantity":"100"},{"imprint_cost_recommended_selling_price":"0.52","imprint_cost_recommended_selling_quantity":"250"},{"imprint_cost_recommended_selling_price":"0.43","imprint_cost_recommended_selling_quantity":"500"},{"imprint_cost_recommended_selling_price":"0.37","imprint_cost_recommended_selling_quantity":"1000"},{"imprint_cost_recommended_selling_price":"0.29","imprint_cost_recommended_selling_quantity":"2500"}],"product_quantity_price_range_buying":false,"imprint_cost_setup_costs":"30.77","imprint_cost_handling_costs":"0.26"},{"imprint_cost_key":"509a593e72493fef526af942a9e25b31540bd584","product_quantity_price_range":[{"imprint_cost_recommended_selling_price":"1.69","imprint_cost_recommended_selling_quantity":"1"},{"imprint_cost_recommended_selling_price":"1.06","imprint_cost_recommended_selling_quantity":"25"},{"imprint_cost_recommended_selling_price":"0.71","imprint_cost_recommended_selling_quantity":"50"},{"imprint_cost_recommended_selling_price":"0.54","imprint_cost_recommended_selling_quantity":"100"},{"imprint_cost_recommended_selling_price":"0.49","imprint_cost_recommended_selling_quantity":"250"},{"imprint_cost_recommended_selling_price":"0.46","imprint_cost_recommended_selling_quantity":"500"},{"imprint_cost_recommended_selling_price":"0.4","imprint_cost_recommended_selling_quantity":"1000"},{"imprint_cost_recommended_selling_price":"0.38","imprint_cost_recommended_selling_quantity":"2500"},{"imprint_cost_recommended_selling_price":"0.37","imprint_cost_recommended_selling_quantity":"5000"},{"imprint_cost_recommended_selling_price":"0.35","imprint_cost_recommended_selling_quantity":"10000"}],"product_quantity_price_range_buying":false,"imprint_cost_setup_costs":"60.77","imprint_cost_handling_costs":"0.2"}]},"aioseo_notices":[],"aioseo_head":"\n\t\t<!-- All in One SEO Pro 4.9.6.2 - aioseo.com -->\n\t<meta name=\"description\" content=\"Diese bruchsicheren Stamper f\u00fcr unterwegs sind dein perfektes Outdoor Schnapsgl\u00e4ser Set f\u00fcr jede Gelegenheit. Die kleinen Edelstahlbecher kommen im praktischen Etui und k\u00f6nnen optional mit deinem Firmenlogo oder Wunschmotiv bedruckt werden.\" \/>\n\t<meta name=\"robots\" content=\"max-image-preview:large\" \/>\n\t<link rel=\"canonical\" href=\"https:\/\/hidalgo.nl\/de\/wp-json\/wp\/v2\/product\/838481\" \/>\n\t<meta name=\"generator\" content=\"All in One SEO Pro (AIOSEO) 4.9.6.2\" \/>\n\t\t<meta property=\"og:locale\" content=\"de_DE\" \/>\n\t\t<meta property=\"og:site_name\" content=\"Hidalgo -\" \/>\n\t\t<meta property=\"og:type\" content=\"article\" \/>\n\t\t<meta property=\"og:title\" content=\"Edelstahl-Stamper Benjamin bedrucken Etui 4er-Set 30ml\" \/>\n\t\t<meta property=\"og:description\" content=\"Diese bruchsicheren Stamper f\u00fcr unterwegs sind dein perfektes Outdoor Schnapsgl\u00e4ser Set f\u00fcr jede Gelegenheit. Die kleinen Edelstahlbecher kommen im praktischen Etui und k\u00f6nnen optional mit deinem Firmenlogo oder Wunschmotiv bedruckt werden.\" \/>\n\t\t<meta property=\"og:url\" content=\"https:\/\/hidalgo.nl\/de\/wp-json\/wp\/v2\/product\/838481\" \/>\n\t\t<meta property=\"og:image\" content=\"https:\/\/shop.hidalgo.nl\/wp-content\/uploads\/2025\/11\/cropped-Hidalgo-est1993.png\" \/>\n\t\t<meta property=\"og:image:secure_url\" content=\"https:\/\/shop.hidalgo.nl\/wp-content\/uploads\/2025\/11\/cropped-Hidalgo-est1993.png\" \/>\n\t\t<meta property=\"article:published_time\" content=\"2026-02-10T12:13:21+00:00\" \/>\n\t\t<meta property=\"article:modified_time\" content=\"2026-03-13T13:56:09+00:00\" \/>\n\t\t<meta name=\"twitter:card\" content=\"summary_large_image\" \/>\n\t\t<meta name=\"twitter:title\" content=\"Edelstahl-Stamper Benjamin bedrucken Etui 4er-Set 30ml\" \/>\n\t\t<meta name=\"twitter:description\" content=\"Diese bruchsicheren Stamper f\u00fcr unterwegs sind dein perfektes Outdoor Schnapsgl\u00e4ser Set f\u00fcr jede Gelegenheit. Die kleinen Edelstahlbecher kommen im praktischen Etui und k\u00f6nnen optional mit deinem Firmenlogo oder Wunschmotiv bedruckt werden.\" \/>\n\t\t<meta name=\"twitter:image\" content=\"https:\/\/shop.hidalgo.nl\/wp-content\/uploads\/2025\/11\/cropped-Hidalgo-est1993.png\" \/>\n\t\t<script type=\"application\/ld+json\" class=\"aioseo-schema\">\n\t\t\t{\"@context\":\"https:\\\/\\\/schema.org\",\"@graph\":[{\"@type\":\"BreadcrumbList\",\"@id\":\"https:\\\/\\\/hidalgo.nl\\\/de\\\/product\\\/838481\\\/edelstahl-stamper-benjamin-bedrucken-etui-4er-set-30ml\\\/#breadcrumblist\",\"itemListElement\":[{\"@type\":\"ListItem\",\"@id\":\"https:\\\/\\\/hidalgo.nl\\\/de\\\/#listItem\",\"position\":1,\"name\":\"Home\",\"item\":\"https:\\\/\\\/hidalgo.nl\\\/de\\\/\",\"nextItem\":{\"@type\":\"ListItem\",\"@id\":\"https:\\\/\\\/hidalgo.nl\\\/example\\\/#listItem\",\"name\":\"example\"}},{\"@type\":\"ListItem\",\"@id\":\"https:\\\/\\\/hidalgo.nl\\\/example\\\/#listItem\",\"position\":2,\"name\":\"example\",\"item\":\"https:\\\/\\\/hidalgo.nl\\\/example\\\/\",\"nextItem\":{\"@type\":\"ListItem\",\"@id\":\"https:\\\/\\\/hidalgo.nl\\\/en\\\/product-supplier\\\/a58\\\/#listItem\",\"name\":\"A58\"},\"previousItem\":{\"@type\":\"ListItem\",\"@id\":\"https:\\\/\\\/hidalgo.nl\\\/de\\\/#listItem\",\"name\":\"Home\"}},{\"@type\":\"ListItem\",\"@id\":\"https:\\\/\\\/hidalgo.nl\\\/en\\\/product-supplier\\\/a58\\\/#listItem\",\"position\":3,\"name\":\"A58\",\"item\":\"https:\\\/\\\/hidalgo.nl\\\/en\\\/product-supplier\\\/a58\\\/\",\"nextItem\":{\"@type\":\"ListItem\",\"@id\":\"https:\\\/\\\/hidalgo.nl\\\/de\\\/product\\\/838481\\\/edelstahl-stamper-benjamin-bedrucken-etui-4er-set-30ml\\\/#listItem\",\"name\":\"Roestvrijstalen borrelglazen Benjamin\"},\"previousItem\":{\"@type\":\"ListItem\",\"@id\":\"https:\\\/\\\/hidalgo.nl\\\/example\\\/#listItem\",\"name\":\"example\"}},{\"@type\":\"ListItem\",\"@id\":\"https:\\\/\\\/hidalgo.nl\\\/de\\\/product\\\/838481\\\/edelstahl-stamper-benjamin-bedrucken-etui-4er-set-30ml\\\/#listItem\",\"position\":4,\"name\":\"Roestvrijstalen borrelglazen Benjamin\",\"previousItem\":{\"@type\":\"ListItem\",\"@id\":\"https:\\\/\\\/hidalgo.nl\\\/en\\\/product-supplier\\\/a58\\\/#listItem\",\"name\":\"A58\"}}]},{\"@type\":\"Organization\",\"@id\":\"https:\\\/\\\/hidalgo.nl\\\/de\\\/#organization\",\"name\":\"Hidalgo\",\"url\":\"https:\\\/\\\/hidalgo.nl\\\/de\\\/\",\"logo\":{\"@type\":\"ImageObject\",\"url\":\"https:\\\/\\\/shop.hidalgo.nl\\\/wp-content\\\/uploads\\\/2025\\\/11\\\/cropped-Hidalgo-est1993.png\",\"@id\":\"https:\\\/\\\/hidalgo.nl\\\/de\\\/product\\\/838481\\\/edelstahl-stamper-benjamin-bedrucken-etui-4er-set-30ml\\\/#organizationLogo\",\"width\":585,\"height\":195},\"image\":{\"@id\":\"https:\\\/\\\/hidalgo.nl\\\/de\\\/product\\\/838481\\\/edelstahl-stamper-benjamin-bedrucken-etui-4er-set-30ml\\\/#organizationLogo\"}},{\"@type\":\"ProductGroup\",\"@id\":\"https:\\\/\\\/hidalgo.nl\\\/de\\\/product\\\/838481\\\/edelstahl-stamper-benjamin-bedrucken-etui-4er-set-30ml\\\/#wooCommerceProduct\",\"name\":\"Edelstahl-Stamper Benjamin bedrucken Etui 4er-Set 30ml\",\"url\":\"https:\\\/\\\/hidalgo.nl\\\/de\\\/product\\\/838481\\\/edelstahl-stamper-benjamin-bedrucken-etui-4er-set-30ml\\\/\",\"brand\":{\"@type\":\"Brand\",\"name\":\"IMPRESSION\"},\"sku\":\"A58-1096681\",\"image\":{\"@type\":\"ImageObject\",\"url\":\"https:\\\/\\\/shop.hidalgo.nl\\\/wp-content\\\/uploads\\\/2025\\\/04\\\/b2f42de28f2740b52dc0e928170a818f15e83e097da81bb07b0ee9d9788f0359.jpg\",\"@id\":\"https:\\\/\\\/hidalgo.nl\\\/de\\\/product\\\/838481\\\/edelstahl-stamper-benjamin-bedrucken-etui-4er-set-30ml\\\/#productImage\"},\"productGroupID\":838481,\"hasVariant\":[{\"@type\":\"Product\",\"@id\":\"https:\\\/\\\/hidalgo.nl\\\/de\\\/product\\\/838481\\\/edelstahl-stamper-benjamin-bedrucken-etui-4er-set-30ml\\\/#wooCommerceProduct\",\"name\":\"Roestvrijstalen borrelglazen Benjamin - zwart, standaard-uitvoering\",\"url\":\"https:\\\/\\\/hidalgo.nl\\\/de\\\/product\\\/838481\\\/edelstahl-stamper-benjamin-bedrucken-etui-4er-set-30ml\\\/\",\"sku\":\"A58-1096681-001999999\",\"gtin\":\"8719446066069\",\"image\":{\"@type\":\"ImageObject\",\"url\":\"https:\\\/\\\/shop.hidalgo.nl\\\/wp-content\\\/uploads\\\/2025\\\/04\\\/3ae28ece752214ee6f39358ab17cb72b14dc5127ce6ee17efeb38a2674cf14a9.jpg\",\"@id\":\"https:\\\/\\\/hidalgo.nl\\\/de\\\/product\\\/838481\\\/edelstahl-stamper-benjamin-bedrucken-etui-4er-set-30ml\\\/#productImage\"},\"offers\":{\"@type\":\"Offer\",\"url\":\"https:\\\/\\\/hidalgo.nl\\\/de\\\/product\\\/838481\\\/edelstahl-stamper-benjamin-bedrucken-etui-4er-set-30ml\\\/#wooCommerceOffer\",\"price\":\"2.29\",\"priceCurrency\":\"EUR\",\"category\":\"Bidons &amp; drinkflessen\",\"availability\":\"https:\\\/\\\/schema.org\\\/InStock\",\"priceSpecification\":{\"@type\":\"PriceSpecification\",\"price\":2.29,\"priceCurrency\":\"EUR\",\"valueAddedTaxIncluded\":\"true\"}}}]},{\"@type\":\"WebPage\",\"@id\":\"https:\\\/\\\/hidalgo.nl\\\/de\\\/product\\\/838481\\\/edelstahl-stamper-benjamin-bedrucken-etui-4er-set-30ml\\\/#webpage\",\"url\":\"https:\\\/\\\/hidalgo.nl\\\/de\\\/product\\\/838481\\\/edelstahl-stamper-benjamin-bedrucken-etui-4er-set-30ml\\\/\",\"name\":\"Edelstahl-Stamper Benjamin bedrucken Etui 4er-Set 30ml\",\"description\":\"Diese bruchsicheren Stamper f\\u00fcr unterwegs sind dein perfektes Outdoor Schnapsgl\\u00e4ser Set f\\u00fcr jede Gelegenheit. Die kleinen Edelstahlbecher kommen im praktischen Etui und k\\u00f6nnen optional mit deinem Firmenlogo oder Wunschmotiv bedruckt werden.\",\"inLanguage\":\"de-DE\",\"isPartOf\":{\"@id\":\"https:\\\/\\\/hidalgo.nl\\\/de\\\/#website\"},\"breadcrumb\":{\"@id\":\"https:\\\/\\\/hidalgo.nl\\\/de\\\/product\\\/838481\\\/edelstahl-stamper-benjamin-bedrucken-etui-4er-set-30ml\\\/#breadcrumblist\"},\"image\":{\"@type\":\"ImageObject\",\"url\":\"https:\\\/\\\/shop.hidalgo.nl\\\/wp-content\\\/uploads\\\/2025\\\/04\\\/b2f42de28f2740b52dc0e928170a818f15e83e097da81bb07b0ee9d9788f0359.jpg\",\"@id\":\"https:\\\/\\\/hidalgo.nl\\\/de\\\/product\\\/838481\\\/edelstahl-stamper-benjamin-bedrucken-etui-4er-set-30ml\\\/#mainImage\"},\"primaryImageOfPage\":{\"@id\":\"https:\\\/\\\/hidalgo.nl\\\/de\\\/product\\\/838481\\\/edelstahl-stamper-benjamin-bedrucken-etui-4er-set-30ml\\\/#mainImage\"},\"datePublished\":\"2026-02-10T12:13:21+00:00\",\"dateModified\":\"2026-03-13T13:56:09+00:00\"},{\"@type\":\"WebSite\",\"@id\":\"https:\\\/\\\/hidalgo.nl\\\/de\\\/#website\",\"url\":\"https:\\\/\\\/hidalgo.nl\\\/de\\\/\",\"name\":\"Hidalgo\",\"inLanguage\":\"de-DE\",\"publisher\":{\"@id\":\"https:\\\/\\\/hidalgo.nl\\\/de\\\/#organization\"}}]}\n\t\t<\/script>\n\t\t<!-- All in One SEO Pro -->\r\n\t\t<title>Edelstahl-Stamper Benjamin bedrucken Etui 4er-Set 30ml<\/title>\n\n","aioseo_head_json":{"title":"Edelstahl-Stamper Benjamin bedrucken Etui 4er-Set 30ml","description":"Diese bruchsicheren Stamper f\u00fcr unterwegs sind dein perfektes Outdoor Schnapsgl\u00e4ser Set f\u00fcr jede Gelegenheit. Die kleinen Edelstahlbecher kommen im praktischen Etui und k\u00f6nnen optional mit deinem Firmenlogo oder Wunschmotiv bedruckt werden.","canonical_url":"https:\/\/hidalgo.nl\/de\/wp-json\/wp\/v2\/product\/838481","robots":"max-image-preview:large","keywords":"","webmasterTools":{"miscellaneous":""},"schema":{"@context":"https:\/\/schema.org","@graph":[{"@type":"BreadcrumbList","@id":"https:\/\/hidalgo.nl\/de\/product\/838481\/edelstahl-stamper-benjamin-bedrucken-etui-4er-set-30ml\/#breadcrumblist","itemListElement":[{"@type":"ListItem","@id":"https:\/\/hidalgo.nl\/de\/#listItem","position":1,"name":"Home","item":"https:\/\/hidalgo.nl\/de\/","nextItem":{"@type":"ListItem","@id":"https:\/\/hidalgo.nl\/example\/#listItem","name":"example"}},{"@type":"ListItem","@id":"https:\/\/hidalgo.nl\/example\/#listItem","position":2,"name":"example","item":"https:\/\/hidalgo.nl\/example\/","nextItem":{"@type":"ListItem","@id":"https:\/\/hidalgo.nl\/en\/product-supplier\/a58\/#listItem","name":"A58"},"previousItem":{"@type":"ListItem","@id":"https:\/\/hidalgo.nl\/de\/#listItem","name":"Home"}},{"@type":"ListItem","@id":"https:\/\/hidalgo.nl\/en\/product-supplier\/a58\/#listItem","position":3,"name":"A58","item":"https:\/\/hidalgo.nl\/en\/product-supplier\/a58\/","nextItem":{"@type":"ListItem","@id":"https:\/\/hidalgo.nl\/de\/product\/838481\/edelstahl-stamper-benjamin-bedrucken-etui-4er-set-30ml\/#listItem","name":"Roestvrijstalen borrelglazen Benjamin"},"previousItem":{"@type":"ListItem","@id":"https:\/\/hidalgo.nl\/example\/#listItem","name":"example"}},{"@type":"ListItem","@id":"https:\/\/hidalgo.nl\/de\/product\/838481\/edelstahl-stamper-benjamin-bedrucken-etui-4er-set-30ml\/#listItem","position":4,"name":"Roestvrijstalen borrelglazen Benjamin","previousItem":{"@type":"ListItem","@id":"https:\/\/hidalgo.nl\/en\/product-supplier\/a58\/#listItem","name":"A58"}}]},{"@type":"Organization","@id":"https:\/\/hidalgo.nl\/de\/#organization","name":"Hidalgo","url":"https:\/\/hidalgo.nl\/de\/","logo":{"@type":"ImageObject","url":"https:\/\/shop.hidalgo.nl\/wp-content\/uploads\/2025\/11\/cropped-Hidalgo-est1993.png","@id":"https:\/\/hidalgo.nl\/de\/product\/838481\/edelstahl-stamper-benjamin-bedrucken-etui-4er-set-30ml\/#organizationLogo","width":585,"height":195},"image":{"@id":"https:\/\/hidalgo.nl\/de\/product\/838481\/edelstahl-stamper-benjamin-bedrucken-etui-4er-set-30ml\/#organizationLogo"}},{"@type":"ProductGroup","@id":"https:\/\/hidalgo.nl\/de\/product\/838481\/edelstahl-stamper-benjamin-bedrucken-etui-4er-set-30ml\/#wooCommerceProduct","name":"Edelstahl-Stamper Benjamin bedrucken Etui 4er-Set 30ml","url":"https:\/\/hidalgo.nl\/de\/product\/838481\/edelstahl-stamper-benjamin-bedrucken-etui-4er-set-30ml\/","brand":{"@type":"Brand","name":"IMPRESSION"},"sku":"A58-1096681","image":{"@type":"ImageObject","url":"https:\/\/shop.hidalgo.nl\/wp-content\/uploads\/2025\/04\/b2f42de28f2740b52dc0e928170a818f15e83e097da81bb07b0ee9d9788f0359.jpg","@id":"https:\/\/hidalgo.nl\/de\/product\/838481\/edelstahl-stamper-benjamin-bedrucken-etui-4er-set-30ml\/#productImage"},"productGroupID":838481,"hasVariant":[{"@type":"Product","@id":"https:\/\/hidalgo.nl\/de\/product\/838481\/edelstahl-stamper-benjamin-bedrucken-etui-4er-set-30ml\/#wooCommerceProduct","name":"Roestvrijstalen borrelglazen Benjamin - zwart, standaard-uitvoering","url":"https:\/\/hidalgo.nl\/de\/product\/838481\/edelstahl-stamper-benjamin-bedrucken-etui-4er-set-30ml\/","sku":"A58-1096681-001999999","gtin":"8719446066069","image":{"@type":"ImageObject","url":"https:\/\/shop.hidalgo.nl\/wp-content\/uploads\/2025\/04\/3ae28ece752214ee6f39358ab17cb72b14dc5127ce6ee17efeb38a2674cf14a9.jpg","@id":"https:\/\/hidalgo.nl\/de\/product\/838481\/edelstahl-stamper-benjamin-bedrucken-etui-4er-set-30ml\/#productImage"},"offers":{"@type":"Offer","url":"https:\/\/hidalgo.nl\/de\/product\/838481\/edelstahl-stamper-benjamin-bedrucken-etui-4er-set-30ml\/#wooCommerceOffer","price":"2.29","priceCurrency":"EUR","category":"Bidons &amp; drinkflessen","availability":"https:\/\/schema.org\/InStock","priceSpecification":{"@type":"PriceSpecification","price":2.29,"priceCurrency":"EUR","valueAddedTaxIncluded":"true"}}}]},{"@type":"WebPage","@id":"https:\/\/hidalgo.nl\/de\/product\/838481\/edelstahl-stamper-benjamin-bedrucken-etui-4er-set-30ml\/#webpage","url":"https:\/\/hidalgo.nl\/de\/product\/838481\/edelstahl-stamper-benjamin-bedrucken-etui-4er-set-30ml\/","name":"Edelstahl-Stamper Benjamin bedrucken Etui 4er-Set 30ml","description":"Diese bruchsicheren Stamper f\u00fcr unterwegs sind dein perfektes Outdoor Schnapsgl\u00e4ser Set f\u00fcr jede Gelegenheit. Die kleinen Edelstahlbecher kommen im praktischen Etui und k\u00f6nnen optional mit deinem Firmenlogo oder Wunschmotiv bedruckt werden.","inLanguage":"de-DE","isPartOf":{"@id":"https:\/\/hidalgo.nl\/de\/#website"},"breadcrumb":{"@id":"https:\/\/hidalgo.nl\/de\/product\/838481\/edelstahl-stamper-benjamin-bedrucken-etui-4er-set-30ml\/#breadcrumblist"},"image":{"@type":"ImageObject","url":"https:\/\/shop.hidalgo.nl\/wp-content\/uploads\/2025\/04\/b2f42de28f2740b52dc0e928170a818f15e83e097da81bb07b0ee9d9788f0359.jpg","@id":"https:\/\/hidalgo.nl\/de\/product\/838481\/edelstahl-stamper-benjamin-bedrucken-etui-4er-set-30ml\/#mainImage"},"primaryImageOfPage":{"@id":"https:\/\/hidalgo.nl\/de\/product\/838481\/edelstahl-stamper-benjamin-bedrucken-etui-4er-set-30ml\/#mainImage"},"datePublished":"2026-02-10T12:13:21+00:00","dateModified":"2026-03-13T13:56:09+00:00"},{"@type":"WebSite","@id":"https:\/\/hidalgo.nl\/de\/#website","url":"https:\/\/hidalgo.nl\/de\/","name":"Hidalgo","inLanguage":"de-DE","publisher":{"@id":"https:\/\/hidalgo.nl\/de\/#organization"}}]},"og:locale":"de_DE","og:site_name":"Hidalgo -","og:type":"article","og:title":"Edelstahl-Stamper Benjamin bedrucken Etui 4er-Set 30ml","og:description":"Diese bruchsicheren Stamper f\u00fcr unterwegs sind dein perfektes Outdoor Schnapsgl\u00e4ser Set f\u00fcr jede Gelegenheit. Die kleinen Edelstahlbecher kommen im praktischen Etui und k\u00f6nnen optional mit deinem Firmenlogo oder Wunschmotiv bedruckt werden.","og:url":"https:\/\/hidalgo.nl\/de\/wp-json\/wp\/v2\/product\/838481","og:image":"https:\/\/shop.hidalgo.nl\/wp-content\/uploads\/2025\/11\/cropped-Hidalgo-est1993.png","og:image:secure_url":"https:\/\/shop.hidalgo.nl\/wp-content\/uploads\/2025\/11\/cropped-Hidalgo-est1993.png","article:published_time":"2026-02-10T12:13:21+00:00","article:modified_time":"2026-03-13T13:56:09+00:00","twitter:card":"summary_large_image","twitter:title":"Edelstahl-Stamper Benjamin bedrucken Etui 4er-Set 30ml","twitter:description":"Diese bruchsicheren Stamper f\u00fcr unterwegs sind dein perfektes Outdoor Schnapsgl\u00e4ser Set f\u00fcr jede Gelegenheit. Die kleinen Edelstahlbecher kommen im praktischen Etui und k\u00f6nnen optional mit deinem Firmenlogo oder Wunschmotiv bedruckt werden.","twitter:image":"https:\/\/shop.hidalgo.nl\/wp-content\/uploads\/2025\/11\/cropped-Hidalgo-est1993.png"},"aioseo_meta_data":{"post_id":"838481","title":null,"description":null,"keywords":null,"keyphrases":null,"primary_term":null,"canonical_url":null,"og_title":null,"og_description":null,"og_object_type":"default","og_image_type":"default","og_image_url":null,"og_image_width":null,"og_image_height":null,"og_image_custom_url":null,"og_image_custom_fields":null,"og_video":null,"og_custom_url":null,"og_article_section":null,"og_article_tags":null,"twitter_use_og":false,"twitter_card":"default","twitter_image_type":"default","twitter_image_url":null,"twitter_image_custom_url":null,"twitter_image_custom_fields":null,"twitter_title":null,"twitter_description":null,"schema":{"blockGraphs":[],"customGraphs":[],"default":{"data":{"Article":[],"Course":[],"Dataset":[],"FAQPage":[],"Movie":[],"Person":[],"Product":[],"ProductReview":[],"Car":[],"Recipe":[],"Service":[],"SoftwareApplication":[],"WebPage":[]},"graphName":"","isEnabled":true},"graphs":[]},"schema_type":"default","schema_type_options":null,"pillar_content":false,"robots_default":true,"robots_noindex":false,"robots_noarchive":false,"robots_nosnippet":false,"robots_nofollow":false,"robots_noimageindex":false,"robots_noodp":false,"robots_notranslate":false,"robots_max_snippet":null,"robots_max_videopreview":null,"robots_max_imagepreview":"large","priority":null,"frequency":null,"local_seo":null,"seo_analyzer_scan_date":"2026-02-10 12:29:39","breadcrumb_settings":null,"limit_modified_date":false,"reviewed_by":null,"open_ai":null,"ai":null,"created":"2026-02-10 12:24:06","updated":"2026-04-23 11:31:08"},"aioseo_breadcrumb":"<div class=\"aioseo-breadcrumbs\"><span class=\"aioseo-breadcrumb\">\n\t<a href=\"https:\/\/hidalgo.nl\/de\/\" title=\"Home\">Home<\/a>\n<\/span><span class=\"aioseo-breadcrumb-separator\">\u00bb<\/span><span class=\"aioseo-breadcrumb\">\n\t<a href=\"https:\/\/hidalgo.nl\/example\/\" title=\"example\">example<\/a>\n<\/span><span class=\"aioseo-breadcrumb-separator\">\u00bb<\/span><span class=\"aioseo-breadcrumb\">\n\t<a href=\"https:\/\/hidalgo.nl\/en\/product-supplier\/a58\/\" title=\"A58\">A58<\/a>\n<\/span><span class=\"aioseo-breadcrumb-separator\">\u00bb<\/span><span class=\"aioseo-breadcrumb\">\n\tRoestvrijstalen borrelglazen Benjamin\n<\/span><\/div>","aioseo_breadcrumb_json":[{"label":"Home","link":"https:\/\/hidalgo.nl\/de\/"},{"label":"example","link":"https:\/\/hidalgo.nl\/example\/"},{"label":"A58","link":"https:\/\/hidalgo.nl\/en\/product-supplier\/a58\/"},{"label":"Roestvrijstalen borrelglazen Benjamin","link":"https:\/\/hidalgo.nl\/de\/product\/838481\/edelstahl-stamper-benjamin-bedrucken-etui-4er-set-30ml\/"}],"_links":{"self":[{"href":"https:\/\/hidalgo.nl\/de\/wp-json\/wp\/v2\/product\/838481","targetHints":{"allow":["GET"]}}],"collection":[{"href":"https:\/\/hidalgo.nl\/de\/wp-json\/wp\/v2\/product"}],"about":[{"href":"https:\/\/hidalgo.nl\/de\/wp-json\/wp\/v2\/types\/product"}],"wp:featuredmedia":[{"embeddable":true,"href":"https:\/\/hidalgo.nl\/de\/wp-json\/wp\/v2\/media\/838482"}],"wp:attachment":[{"href":"https:\/\/hidalgo.nl\/de\/wp-json\/wp\/v2\/media?parent=838481"}],"wp:term":[{"taxonomy":"product_brand","embeddable":true,"href":"https:\/\/hidalgo.nl\/de\/wp-json\/wp\/v2\/product_brand?post=838481"},{"taxonomy":"product_cat","embeddable":true,"href":"https:\/\/hidalgo.nl\/de\/wp-json\/wp\/v2\/product_cat?post=838481"},{"taxonomy":"product_tag","embeddable":true,"href":"https:\/\/hidalgo.nl\/de\/wp-json\/wp\/v2\/product_tag?post=838481"}],"curies":[{"name":"wp","href":"https:\/\/api.w.org\/{rel}","templated":true}]}}