{"id":838411,"date":"2026-02-10T12:13:13","date_gmt":"2026-02-10T12:13:13","guid":{"rendered":"https:\/\/hidalgo.nl\/product\/keramische-mok-rosamund\/"},"modified":"2026-03-13T13:56:17","modified_gmt":"2026-03-13T13:56:17","slug":"keramische-mok-rosamund","status":"publish","type":"product","link":"https:\/\/hidalgo.nl\/de\/product\/838411\/keramiktasse-rosamund-bedrucken-korkboden-kaffee-300ml\/","title":{"rendered":"Keramische mok Rosamund"},"content":{"rendered":"<p>Keramische mok (300 ml) met kurken bodem. Lasergraving is enkel van toepassing op de kleur zwart (001).<\/p>\n","protected":false},"excerpt":{"rendered":"<p>Keramische mok (300 ml) met kurken bodem. Lasergraving is enkel van toepassing op de kleur zwart (001).<\/p>\n","protected":false},"featured_media":838412,"template":"","meta":{"_acf_changed":false,"om_disable_all_campaigns":false,"_monsterinsights_skip_tracking":false,"_monsterinsights_sitenote_active":false,"_monsterinsights_sitenote_note":"","_monsterinsights_sitenote_category":0},"product_brand":[49],"product_cat":[4732,4915,4833],"product_tag":[],"class_list":{"0":"post-838411","1":"product","2":"type-product","3":"status-publish","4":"has-post-thumbnail","6":"product_supplier-a58","7":"product_material-keramiek","8":"product_material-kurk","9":"product_brand-impression","10":"product_cat-bidons-drinkflessen","11":"product_cat-bidons-drinkflessen-mokken-en-bekers-mokken","12":"product_cat-bidons-drinkflessen-mokken-en-bekers","13":"entry","15":"first","16":"instock","17":"taxable","18":"shipping-taxable","19":"purchasable","20":"product-type-variable"},"acf":{"imprint_cost":[{"imprint_cost_key":"c9ecbbcda282823441f2ce76ecc301a7b5072aec","product_quantity_price_range":[{"imprint_cost_recommended_selling_price":"4.14","imprint_cost_recommended_selling_quantity":"1"},{"imprint_cost_recommended_selling_price":"2.97","imprint_cost_recommended_selling_quantity":"25"},{"imprint_cost_recommended_selling_price":"1.8","imprint_cost_recommended_selling_quantity":"50"},{"imprint_cost_recommended_selling_price":"1.52","imprint_cost_recommended_selling_quantity":"100"},{"imprint_cost_recommended_selling_price":"1.26","imprint_cost_recommended_selling_quantity":"250"},{"imprint_cost_recommended_selling_price":"1.15","imprint_cost_recommended_selling_quantity":"500"},{"imprint_cost_recommended_selling_price":"1.06","imprint_cost_recommended_selling_quantity":"1000"},{"imprint_cost_recommended_selling_price":"0.95","imprint_cost_recommended_selling_quantity":"2500"}],"product_quantity_price_range_buying":false,"imprint_cost_setup_costs":"30.77","imprint_cost_handling_costs":"0.2"},{"imprint_cost_key":"88b24e476cc0116f6f9b87992c414986c2448b36","product_quantity_price_range":[{"imprint_cost_recommended_selling_price":"2.8","imprint_cost_recommended_selling_quantity":"1"},{"imprint_cost_recommended_selling_price":"2.15","imprint_cost_recommended_selling_quantity":"25"},{"imprint_cost_recommended_selling_price":"1.46","imprint_cost_recommended_selling_quantity":"50"},{"imprint_cost_recommended_selling_price":"1.15","imprint_cost_recommended_selling_quantity":"100"},{"imprint_cost_recommended_selling_price":"1.02","imprint_cost_recommended_selling_quantity":"250"},{"imprint_cost_recommended_selling_price":"0.98","imprint_cost_recommended_selling_quantity":"500"}],"product_quantity_price_range_buying":false,"imprint_cost_setup_costs":"30.77","imprint_cost_handling_costs":"0.2"},{"imprint_cost_key":"cfec96c135718ab9bd43d210bb9b679696c52404","product_quantity_price_range":[{"imprint_cost_recommended_selling_price":"3.11","imprint_cost_recommended_selling_quantity":"1"},{"imprint_cost_recommended_selling_price":"2.38","imprint_cost_recommended_selling_quantity":"25"},{"imprint_cost_recommended_selling_price":"1.83","imprint_cost_recommended_selling_quantity":"50"},{"imprint_cost_recommended_selling_price":"1.38","imprint_cost_recommended_selling_quantity":"100"},{"imprint_cost_recommended_selling_price":"1.17","imprint_cost_recommended_selling_quantity":"250"},{"imprint_cost_recommended_selling_price":"1.05","imprint_cost_recommended_selling_quantity":"500"}],"product_quantity_price_range_buying":false,"imprint_cost_setup_costs":"30.77","imprint_cost_handling_costs":"0.2"},{"imprint_cost_key":"1eb2f1c7da1e73d4b278089c7b1af584abc8105c","product_quantity_price_range":[{"imprint_cost_recommended_selling_price":"4.98","imprint_cost_recommended_selling_quantity":"1"},{"imprint_cost_recommended_selling_price":"3.83","imprint_cost_recommended_selling_quantity":"25"},{"imprint_cost_recommended_selling_price":"2.95","imprint_cost_recommended_selling_quantity":"50"},{"imprint_cost_recommended_selling_price":"2.18","imprint_cost_recommended_selling_quantity":"100"},{"imprint_cost_recommended_selling_price":"2.08","imprint_cost_recommended_selling_quantity":"250"},{"imprint_cost_recommended_selling_price":"1.97","imprint_cost_recommended_selling_quantity":"500"},{"imprint_cost_recommended_selling_price":"1.85","imprint_cost_recommended_selling_quantity":"1000"},{"imprint_cost_recommended_selling_price":"1.74","imprint_cost_recommended_selling_quantity":"2500"},{"imprint_cost_recommended_selling_price":"1.65","imprint_cost_recommended_selling_quantity":"25000"}],"product_quantity_price_range_buying":false,"imprint_cost_setup_costs":"30.77","imprint_cost_handling_costs":"0.2"}]},"aioseo_notices":[],"aioseo_head":"\n\t\t<!-- All in One SEO Pro 4.9.7 - aioseo.com -->\n\t<meta name=\"description\" content=\"Dieser hochwertige Design Becher mit Naturkork-Boden bietet eine elegante B\u00fchne f\u00fcr dein Firmenlogo. Die stilvolle Keramiktasse mit 300 ml F\u00fcllmenge begeistert deine Kunden &amp; Mitarbeiter sofort. Du kannst diese Keramikbecher f\u00fcr B\u00fcro bestellen oder als exklusives Werbegeschenk nutzen, personalisiert in Schwarz oder Wei\u00df.\" \/>\n\t<meta name=\"robots\" content=\"max-image-preview:large\" \/>\n\t<link rel=\"canonical\" href=\"https:\/\/hidalgo.nl\/de\/wp-json\/wp\/v2\/product\/838411\" \/>\n\t<meta name=\"generator\" content=\"All in One SEO Pro (AIOSEO) 4.9.7\" \/>\n\t\t<meta property=\"og:locale\" content=\"de_DE\" \/>\n\t\t<meta property=\"og:site_name\" content=\"Hidalgo -\" \/>\n\t\t<meta property=\"og:type\" content=\"article\" \/>\n\t\t<meta property=\"og:title\" content=\"Keramiktasse Rosamund bedrucken Korkboden Kaffee 300ml\" \/>\n\t\t<meta property=\"og:description\" content=\"Dieser hochwertige Design Becher mit Naturkork-Boden bietet eine elegante B\u00fchne f\u00fcr dein Firmenlogo. Die stilvolle Keramiktasse mit 300 ml F\u00fcllmenge begeistert deine Kunden &amp; Mitarbeiter sofort. Du kannst diese Keramikbecher f\u00fcr B\u00fcro bestellen oder als exklusives Werbegeschenk nutzen, personalisiert in Schwarz oder Wei\u00df.\" \/>\n\t\t<meta property=\"og:url\" content=\"https:\/\/hidalgo.nl\/de\/wp-json\/wp\/v2\/product\/838411\" \/>\n\t\t<meta property=\"og:image\" content=\"https:\/\/shop.hidalgo.nl\/wp-content\/uploads\/2025\/11\/cropped-Hidalgo-est1993.png\" \/>\n\t\t<meta property=\"og:image:secure_url\" content=\"https:\/\/shop.hidalgo.nl\/wp-content\/uploads\/2025\/11\/cropped-Hidalgo-est1993.png\" \/>\n\t\t<meta property=\"article:published_time\" content=\"2026-02-10T12:13:13+00:00\" \/>\n\t\t<meta property=\"article:modified_time\" content=\"2026-03-13T13:56:17+00:00\" \/>\n\t\t<meta name=\"twitter:card\" content=\"summary_large_image\" \/>\n\t\t<meta name=\"twitter:title\" content=\"Keramiktasse Rosamund bedrucken Korkboden Kaffee 300ml\" \/>\n\t\t<meta name=\"twitter:description\" content=\"Dieser hochwertige Design Becher mit Naturkork-Boden bietet eine elegante B\u00fchne f\u00fcr dein Firmenlogo. Die stilvolle Keramiktasse mit 300 ml F\u00fcllmenge begeistert deine Kunden &amp; Mitarbeiter sofort. Du kannst diese Keramikbecher f\u00fcr B\u00fcro bestellen oder als exklusives Werbegeschenk nutzen, personalisiert in Schwarz oder Wei\u00df.\" \/>\n\t\t<meta name=\"twitter:image\" content=\"https:\/\/shop.hidalgo.nl\/wp-content\/uploads\/2025\/11\/cropped-Hidalgo-est1993.png\" \/>\n\t\t<script type=\"application\/ld+json\" class=\"aioseo-schema\">\n\t\t\t{\"@context\":\"https:\\\/\\\/schema.org\",\"@graph\":[{\"@type\":\"BreadcrumbList\",\"@id\":\"https:\\\/\\\/hidalgo.nl\\\/de\\\/product\\\/838411\\\/keramiktasse-rosamund-bedrucken-korkboden-kaffee-300ml\\\/#breadcrumblist\",\"itemListElement\":[{\"@type\":\"ListItem\",\"@id\":\"https:\\\/\\\/hidalgo.nl\\\/de\\\/#listItem\",\"position\":1,\"name\":\"Home\",\"item\":\"https:\\\/\\\/hidalgo.nl\\\/de\\\/\",\"nextItem\":{\"@type\":\"ListItem\",\"@id\":\"https:\\\/\\\/hidalgo.nl\\\/example\\\/#listItem\",\"name\":\"example\"}},{\"@type\":\"ListItem\",\"@id\":\"https:\\\/\\\/hidalgo.nl\\\/example\\\/#listItem\",\"position\":2,\"name\":\"example\",\"item\":\"https:\\\/\\\/hidalgo.nl\\\/example\\\/\",\"nextItem\":{\"@type\":\"ListItem\",\"@id\":\"https:\\\/\\\/hidalgo.nl\\\/en\\\/product-supplier\\\/a58\\\/#listItem\",\"name\":\"A58\"},\"previousItem\":{\"@type\":\"ListItem\",\"@id\":\"https:\\\/\\\/hidalgo.nl\\\/de\\\/#listItem\",\"name\":\"Home\"}},{\"@type\":\"ListItem\",\"@id\":\"https:\\\/\\\/hidalgo.nl\\\/en\\\/product-supplier\\\/a58\\\/#listItem\",\"position\":3,\"name\":\"A58\",\"item\":\"https:\\\/\\\/hidalgo.nl\\\/en\\\/product-supplier\\\/a58\\\/\",\"nextItem\":{\"@type\":\"ListItem\",\"@id\":\"https:\\\/\\\/hidalgo.nl\\\/de\\\/product\\\/838411\\\/keramiktasse-rosamund-bedrucken-korkboden-kaffee-300ml\\\/#listItem\",\"name\":\"Keramische mok Rosamund\"},\"previousItem\":{\"@type\":\"ListItem\",\"@id\":\"https:\\\/\\\/hidalgo.nl\\\/example\\\/#listItem\",\"name\":\"example\"}},{\"@type\":\"ListItem\",\"@id\":\"https:\\\/\\\/hidalgo.nl\\\/de\\\/product\\\/838411\\\/keramiktasse-rosamund-bedrucken-korkboden-kaffee-300ml\\\/#listItem\",\"position\":4,\"name\":\"Keramische mok Rosamund\",\"previousItem\":{\"@type\":\"ListItem\",\"@id\":\"https:\\\/\\\/hidalgo.nl\\\/en\\\/product-supplier\\\/a58\\\/#listItem\",\"name\":\"A58\"}}]},{\"@type\":\"Organization\",\"@id\":\"https:\\\/\\\/hidalgo.nl\\\/de\\\/#organization\",\"name\":\"Hidalgo\",\"url\":\"https:\\\/\\\/hidalgo.nl\\\/de\\\/\",\"logo\":{\"@type\":\"ImageObject\",\"url\":\"https:\\\/\\\/shop.hidalgo.nl\\\/wp-content\\\/uploads\\\/2025\\\/11\\\/cropped-Hidalgo-est1993.png\",\"@id\":\"https:\\\/\\\/hidalgo.nl\\\/de\\\/product\\\/838411\\\/keramiktasse-rosamund-bedrucken-korkboden-kaffee-300ml\\\/#organizationLogo\",\"width\":585,\"height\":195},\"image\":{\"@id\":\"https:\\\/\\\/hidalgo.nl\\\/de\\\/product\\\/838411\\\/keramiktasse-rosamund-bedrucken-korkboden-kaffee-300ml\\\/#organizationLogo\"}},{\"@type\":\"ProductGroup\",\"@id\":\"https:\\\/\\\/hidalgo.nl\\\/de\\\/product\\\/838411\\\/keramiktasse-rosamund-bedrucken-korkboden-kaffee-300ml\\\/#wooCommerceProduct\",\"name\":\"Keramiktasse Rosamund bedrucken Korkboden Kaffee 300ml\",\"url\":\"https:\\\/\\\/hidalgo.nl\\\/de\\\/product\\\/838411\\\/keramiktasse-rosamund-bedrucken-korkboden-kaffee-300ml\\\/\",\"brand\":{\"@type\":\"Brand\",\"name\":\"IMPRESSION\"},\"sku\":\"A58-864506\",\"image\":{\"@type\":\"ImageObject\",\"url\":\"https:\\\/\\\/shop.hidalgo.nl\\\/wp-content\\\/uploads\\\/2025\\\/04\\\/007121232cdec5582e42454ce0b6c97b64a1dca6eef45063ff243504e6f1d79f.jpg\",\"@id\":\"https:\\\/\\\/hidalgo.nl\\\/de\\\/product\\\/838411\\\/keramiktasse-rosamund-bedrucken-korkboden-kaffee-300ml\\\/#productImage\"},\"productGroupID\":838411,\"hasVariant\":[{\"@type\":\"Product\",\"@id\":\"https:\\\/\\\/hidalgo.nl\\\/de\\\/product\\\/838411\\\/keramiktasse-rosamund-bedrucken-korkboden-kaffee-300ml\\\/#wooCommerceProduct\",\"name\":\"Keramische mok Rosamund - zwart, standaard-uitvoering\",\"url\":\"https:\\\/\\\/hidalgo.nl\\\/de\\\/product\\\/838411\\\/keramiktasse-rosamund-bedrucken-korkboden-kaffee-300ml\\\/\",\"sku\":\"A58-864506-001999999\",\"gtin\":\"8719446059290\",\"image\":{\"@type\":\"ImageObject\",\"url\":\"https:\\\/\\\/shop.hidalgo.nl\\\/wp-content\\\/uploads\\\/2025\\\/04\\\/1b8d23a9283f1ff1297cde2933535ec884d200fbe7e4cc2585a7f2df9d4a7acc.jpg\",\"@id\":\"https:\\\/\\\/hidalgo.nl\\\/de\\\/product\\\/838411\\\/keramiktasse-rosamund-bedrucken-korkboden-kaffee-300ml\\\/#productImage\"},\"offers\":{\"@type\":\"Offer\",\"url\":\"https:\\\/\\\/hidalgo.nl\\\/de\\\/product\\\/838411\\\/keramiktasse-rosamund-bedrucken-korkboden-kaffee-300ml\\\/#wooCommerceOffer\",\"price\":\"4.49\",\"priceCurrency\":\"EUR\",\"category\":\"Bidons &amp; drinkflessen\",\"availability\":\"https:\\\/\\\/schema.org\\\/InStock\",\"priceSpecification\":{\"@type\":\"PriceSpecification\",\"price\":4.49,\"priceCurrency\":\"EUR\",\"valueAddedTaxIncluded\":\"true\"}}},{\"@type\":\"Product\",\"@id\":\"https:\\\/\\\/hidalgo.nl\\\/de\\\/product\\\/838411\\\/keramiktasse-rosamund-bedrucken-korkboden-kaffee-300ml\\\/#wooCommerceProduct\",\"name\":\"Keramische mok Rosamund - wit, standaard-uitvoering\",\"url\":\"https:\\\/\\\/hidalgo.nl\\\/de\\\/product\\\/838411\\\/keramiktasse-rosamund-bedrucken-korkboden-kaffee-300ml\\\/\",\"sku\":\"A58-864506-002999999\",\"gtin\":\"8719446059283\",\"image\":{\"@type\":\"ImageObject\",\"url\":\"https:\\\/\\\/shop.hidalgo.nl\\\/wp-content\\\/uploads\\\/2025\\\/04\\\/60575360ca092446e96372ad937d6a81c0ab37b1f9c34844ecb53e4b93a37252.jpg\",\"@id\":\"https:\\\/\\\/hidalgo.nl\\\/de\\\/product\\\/838411\\\/keramiktasse-rosamund-bedrucken-korkboden-kaffee-300ml\\\/#productImage\"},\"offers\":{\"@type\":\"Offer\",\"url\":\"https:\\\/\\\/hidalgo.nl\\\/de\\\/product\\\/838411\\\/keramiktasse-rosamund-bedrucken-korkboden-kaffee-300ml\\\/#wooCommerceOffer\",\"price\":\"4.49\",\"priceCurrency\":\"EUR\",\"category\":\"Bidons &amp; drinkflessen\",\"availability\":\"https:\\\/\\\/schema.org\\\/InStock\",\"priceSpecification\":{\"@type\":\"PriceSpecification\",\"price\":4.49,\"priceCurrency\":\"EUR\",\"valueAddedTaxIncluded\":\"true\"}}}]},{\"@type\":\"WebPage\",\"@id\":\"https:\\\/\\\/hidalgo.nl\\\/de\\\/product\\\/838411\\\/keramiktasse-rosamund-bedrucken-korkboden-kaffee-300ml\\\/#webpage\",\"url\":\"https:\\\/\\\/hidalgo.nl\\\/de\\\/product\\\/838411\\\/keramiktasse-rosamund-bedrucken-korkboden-kaffee-300ml\\\/\",\"name\":\"Keramiktasse Rosamund bedrucken Korkboden Kaffee 300ml\",\"description\":\"Dieser hochwertige Design Becher mit Naturkork-Boden bietet eine elegante B\\u00fchne f\\u00fcr dein Firmenlogo. Die stilvolle Keramiktasse mit 300 ml F\\u00fcllmenge begeistert deine Kunden & Mitarbeiter sofort. Du kannst diese Keramikbecher f\\u00fcr B\\u00fcro bestellen oder als exklusives Werbegeschenk nutzen, personalisiert in Schwarz oder Wei\\u00df.\",\"inLanguage\":\"de-DE\",\"isPartOf\":{\"@id\":\"https:\\\/\\\/hidalgo.nl\\\/de\\\/#website\"},\"breadcrumb\":{\"@id\":\"https:\\\/\\\/hidalgo.nl\\\/de\\\/product\\\/838411\\\/keramiktasse-rosamund-bedrucken-korkboden-kaffee-300ml\\\/#breadcrumblist\"},\"image\":{\"@type\":\"ImageObject\",\"url\":\"https:\\\/\\\/shop.hidalgo.nl\\\/wp-content\\\/uploads\\\/2025\\\/04\\\/007121232cdec5582e42454ce0b6c97b64a1dca6eef45063ff243504e6f1d79f.jpg\",\"@id\":\"https:\\\/\\\/hidalgo.nl\\\/de\\\/product\\\/838411\\\/keramiktasse-rosamund-bedrucken-korkboden-kaffee-300ml\\\/#mainImage\"},\"primaryImageOfPage\":{\"@id\":\"https:\\\/\\\/hidalgo.nl\\\/de\\\/product\\\/838411\\\/keramiktasse-rosamund-bedrucken-korkboden-kaffee-300ml\\\/#mainImage\"},\"datePublished\":\"2026-02-10T12:13:13+00:00\",\"dateModified\":\"2026-03-13T13:56:17+00:00\"},{\"@type\":\"WebSite\",\"@id\":\"https:\\\/\\\/hidalgo.nl\\\/de\\\/#website\",\"url\":\"https:\\\/\\\/hidalgo.nl\\\/de\\\/\",\"name\":\"Hidalgo\",\"inLanguage\":\"de-DE\",\"publisher\":{\"@id\":\"https:\\\/\\\/hidalgo.nl\\\/de\\\/#organization\"}}]}\n\t\t<\/script>\n\t\t<!-- All in One SEO Pro -->\r\n\t\t<title>Keramiktasse Rosamund bedrucken Korkboden Kaffee 300ml<\/title>\n\n","aioseo_head_json":{"title":"Keramiktasse Rosamund bedrucken Korkboden Kaffee 300ml","description":"Dieser hochwertige Design Becher mit Naturkork-Boden bietet eine elegante B\u00fchne f\u00fcr dein Firmenlogo. Die stilvolle Keramiktasse mit 300 ml F\u00fcllmenge begeistert deine Kunden & Mitarbeiter sofort. Du kannst diese Keramikbecher f\u00fcr B\u00fcro bestellen oder als exklusives Werbegeschenk nutzen, personalisiert in Schwarz oder Wei\u00df.","canonical_url":"https:\/\/hidalgo.nl\/de\/wp-json\/wp\/v2\/product\/838411","robots":"max-image-preview:large","keywords":"","webmasterTools":{"miscellaneous":""},"schema":{"@context":"https:\/\/schema.org","@graph":[{"@type":"BreadcrumbList","@id":"https:\/\/hidalgo.nl\/de\/product\/838411\/keramiktasse-rosamund-bedrucken-korkboden-kaffee-300ml\/#breadcrumblist","itemListElement":[{"@type":"ListItem","@id":"https:\/\/hidalgo.nl\/de\/#listItem","position":1,"name":"Home","item":"https:\/\/hidalgo.nl\/de\/","nextItem":{"@type":"ListItem","@id":"https:\/\/hidalgo.nl\/example\/#listItem","name":"example"}},{"@type":"ListItem","@id":"https:\/\/hidalgo.nl\/example\/#listItem","position":2,"name":"example","item":"https:\/\/hidalgo.nl\/example\/","nextItem":{"@type":"ListItem","@id":"https:\/\/hidalgo.nl\/en\/product-supplier\/a58\/#listItem","name":"A58"},"previousItem":{"@type":"ListItem","@id":"https:\/\/hidalgo.nl\/de\/#listItem","name":"Home"}},{"@type":"ListItem","@id":"https:\/\/hidalgo.nl\/en\/product-supplier\/a58\/#listItem","position":3,"name":"A58","item":"https:\/\/hidalgo.nl\/en\/product-supplier\/a58\/","nextItem":{"@type":"ListItem","@id":"https:\/\/hidalgo.nl\/de\/product\/838411\/keramiktasse-rosamund-bedrucken-korkboden-kaffee-300ml\/#listItem","name":"Keramische mok Rosamund"},"previousItem":{"@type":"ListItem","@id":"https:\/\/hidalgo.nl\/example\/#listItem","name":"example"}},{"@type":"ListItem","@id":"https:\/\/hidalgo.nl\/de\/product\/838411\/keramiktasse-rosamund-bedrucken-korkboden-kaffee-300ml\/#listItem","position":4,"name":"Keramische mok Rosamund","previousItem":{"@type":"ListItem","@id":"https:\/\/hidalgo.nl\/en\/product-supplier\/a58\/#listItem","name":"A58"}}]},{"@type":"Organization","@id":"https:\/\/hidalgo.nl\/de\/#organization","name":"Hidalgo","url":"https:\/\/hidalgo.nl\/de\/","logo":{"@type":"ImageObject","url":"https:\/\/shop.hidalgo.nl\/wp-content\/uploads\/2025\/11\/cropped-Hidalgo-est1993.png","@id":"https:\/\/hidalgo.nl\/de\/product\/838411\/keramiktasse-rosamund-bedrucken-korkboden-kaffee-300ml\/#organizationLogo","width":585,"height":195},"image":{"@id":"https:\/\/hidalgo.nl\/de\/product\/838411\/keramiktasse-rosamund-bedrucken-korkboden-kaffee-300ml\/#organizationLogo"}},{"@type":"ProductGroup","@id":"https:\/\/hidalgo.nl\/de\/product\/838411\/keramiktasse-rosamund-bedrucken-korkboden-kaffee-300ml\/#wooCommerceProduct","name":"Keramiktasse Rosamund bedrucken Korkboden Kaffee 300ml","url":"https:\/\/hidalgo.nl\/de\/product\/838411\/keramiktasse-rosamund-bedrucken-korkboden-kaffee-300ml\/","brand":{"@type":"Brand","name":"IMPRESSION"},"sku":"A58-864506","image":{"@type":"ImageObject","url":"https:\/\/shop.hidalgo.nl\/wp-content\/uploads\/2025\/04\/007121232cdec5582e42454ce0b6c97b64a1dca6eef45063ff243504e6f1d79f.jpg","@id":"https:\/\/hidalgo.nl\/de\/product\/838411\/keramiktasse-rosamund-bedrucken-korkboden-kaffee-300ml\/#productImage"},"productGroupID":838411,"hasVariant":[{"@type":"Product","@id":"https:\/\/hidalgo.nl\/de\/product\/838411\/keramiktasse-rosamund-bedrucken-korkboden-kaffee-300ml\/#wooCommerceProduct","name":"Keramische mok Rosamund - zwart, standaard-uitvoering","url":"https:\/\/hidalgo.nl\/de\/product\/838411\/keramiktasse-rosamund-bedrucken-korkboden-kaffee-300ml\/","sku":"A58-864506-001999999","gtin":"8719446059290","image":{"@type":"ImageObject","url":"https:\/\/shop.hidalgo.nl\/wp-content\/uploads\/2025\/04\/1b8d23a9283f1ff1297cde2933535ec884d200fbe7e4cc2585a7f2df9d4a7acc.jpg","@id":"https:\/\/hidalgo.nl\/de\/product\/838411\/keramiktasse-rosamund-bedrucken-korkboden-kaffee-300ml\/#productImage"},"offers":{"@type":"Offer","url":"https:\/\/hidalgo.nl\/de\/product\/838411\/keramiktasse-rosamund-bedrucken-korkboden-kaffee-300ml\/#wooCommerceOffer","price":"4.49","priceCurrency":"EUR","category":"Bidons &amp; drinkflessen","availability":"https:\/\/schema.org\/InStock","priceSpecification":{"@type":"PriceSpecification","price":4.49,"priceCurrency":"EUR","valueAddedTaxIncluded":"true"}}},{"@type":"Product","@id":"https:\/\/hidalgo.nl\/de\/product\/838411\/keramiktasse-rosamund-bedrucken-korkboden-kaffee-300ml\/#wooCommerceProduct","name":"Keramische mok Rosamund - wit, standaard-uitvoering","url":"https:\/\/hidalgo.nl\/de\/product\/838411\/keramiktasse-rosamund-bedrucken-korkboden-kaffee-300ml\/","sku":"A58-864506-002999999","gtin":"8719446059283","image":{"@type":"ImageObject","url":"https:\/\/shop.hidalgo.nl\/wp-content\/uploads\/2025\/04\/60575360ca092446e96372ad937d6a81c0ab37b1f9c34844ecb53e4b93a37252.jpg","@id":"https:\/\/hidalgo.nl\/de\/product\/838411\/keramiktasse-rosamund-bedrucken-korkboden-kaffee-300ml\/#productImage"},"offers":{"@type":"Offer","url":"https:\/\/hidalgo.nl\/de\/product\/838411\/keramiktasse-rosamund-bedrucken-korkboden-kaffee-300ml\/#wooCommerceOffer","price":"4.49","priceCurrency":"EUR","category":"Bidons &amp; drinkflessen","availability":"https:\/\/schema.org\/InStock","priceSpecification":{"@type":"PriceSpecification","price":4.49,"priceCurrency":"EUR","valueAddedTaxIncluded":"true"}}}]},{"@type":"WebPage","@id":"https:\/\/hidalgo.nl\/de\/product\/838411\/keramiktasse-rosamund-bedrucken-korkboden-kaffee-300ml\/#webpage","url":"https:\/\/hidalgo.nl\/de\/product\/838411\/keramiktasse-rosamund-bedrucken-korkboden-kaffee-300ml\/","name":"Keramiktasse Rosamund bedrucken Korkboden Kaffee 300ml","description":"Dieser hochwertige Design Becher mit Naturkork-Boden bietet eine elegante B\u00fchne f\u00fcr dein Firmenlogo. Die stilvolle Keramiktasse mit 300 ml F\u00fcllmenge begeistert deine Kunden & Mitarbeiter sofort. Du kannst diese Keramikbecher f\u00fcr B\u00fcro bestellen oder als exklusives Werbegeschenk nutzen, personalisiert in Schwarz oder Wei\u00df.","inLanguage":"de-DE","isPartOf":{"@id":"https:\/\/hidalgo.nl\/de\/#website"},"breadcrumb":{"@id":"https:\/\/hidalgo.nl\/de\/product\/838411\/keramiktasse-rosamund-bedrucken-korkboden-kaffee-300ml\/#breadcrumblist"},"image":{"@type":"ImageObject","url":"https:\/\/shop.hidalgo.nl\/wp-content\/uploads\/2025\/04\/007121232cdec5582e42454ce0b6c97b64a1dca6eef45063ff243504e6f1d79f.jpg","@id":"https:\/\/hidalgo.nl\/de\/product\/838411\/keramiktasse-rosamund-bedrucken-korkboden-kaffee-300ml\/#mainImage"},"primaryImageOfPage":{"@id":"https:\/\/hidalgo.nl\/de\/product\/838411\/keramiktasse-rosamund-bedrucken-korkboden-kaffee-300ml\/#mainImage"},"datePublished":"2026-02-10T12:13:13+00:00","dateModified":"2026-03-13T13:56:17+00:00"},{"@type":"WebSite","@id":"https:\/\/hidalgo.nl\/de\/#website","url":"https:\/\/hidalgo.nl\/de\/","name":"Hidalgo","inLanguage":"de-DE","publisher":{"@id":"https:\/\/hidalgo.nl\/de\/#organization"}}]},"og:locale":"de_DE","og:site_name":"Hidalgo -","og:type":"article","og:title":"Keramiktasse Rosamund bedrucken Korkboden Kaffee 300ml","og:description":"Dieser hochwertige Design Becher mit Naturkork-Boden bietet eine elegante B\u00fchne f\u00fcr dein Firmenlogo. Die stilvolle Keramiktasse mit 300 ml F\u00fcllmenge begeistert deine Kunden &amp; Mitarbeiter sofort. Du kannst diese Keramikbecher f\u00fcr B\u00fcro bestellen oder als exklusives Werbegeschenk nutzen, personalisiert in Schwarz oder Wei\u00df.","og:url":"https:\/\/hidalgo.nl\/de\/wp-json\/wp\/v2\/product\/838411","og:image":"https:\/\/shop.hidalgo.nl\/wp-content\/uploads\/2025\/11\/cropped-Hidalgo-est1993.png","og:image:secure_url":"https:\/\/shop.hidalgo.nl\/wp-content\/uploads\/2025\/11\/cropped-Hidalgo-est1993.png","article:published_time":"2026-02-10T12:13:13+00:00","article:modified_time":"2026-03-13T13:56:17+00:00","twitter:card":"summary_large_image","twitter:title":"Keramiktasse Rosamund bedrucken Korkboden Kaffee 300ml","twitter:description":"Dieser hochwertige Design Becher mit Naturkork-Boden bietet eine elegante B\u00fchne f\u00fcr dein Firmenlogo. Die stilvolle Keramiktasse mit 300 ml F\u00fcllmenge begeistert deine Kunden &amp; Mitarbeiter sofort. Du kannst diese Keramikbecher f\u00fcr B\u00fcro bestellen oder als exklusives Werbegeschenk nutzen, personalisiert in Schwarz oder Wei\u00df.","twitter:image":"https:\/\/shop.hidalgo.nl\/wp-content\/uploads\/2025\/11\/cropped-Hidalgo-est1993.png"},"aioseo_meta_data":{"post_id":"838411","title":null,"description":null,"keywords":null,"keyphrases":null,"primary_term":null,"canonical_url":null,"og_title":null,"og_description":null,"og_object_type":"default","og_image_type":"default","og_image_url":null,"og_image_width":null,"og_image_height":null,"og_image_custom_url":null,"og_image_custom_fields":null,"og_video":null,"og_custom_url":null,"og_article_section":null,"og_article_tags":null,"twitter_use_og":false,"twitter_card":"default","twitter_image_type":"default","twitter_image_url":null,"twitter_image_custom_url":null,"twitter_image_custom_fields":null,"twitter_title":null,"twitter_description":null,"schema":{"blockGraphs":[],"customGraphs":[],"default":{"data":{"Article":[],"Course":[],"Dataset":[],"FAQPage":[],"Movie":[],"Person":[],"Product":[],"ProductReview":[],"Car":[],"Recipe":[],"Service":[],"SoftwareApplication":[],"WebPage":[]},"graphName":"","isEnabled":true},"graphs":[]},"schema_type":"default","schema_type_options":null,"pillar_content":false,"robots_default":true,"robots_noindex":false,"robots_noarchive":false,"robots_nosnippet":false,"robots_nofollow":false,"robots_noimageindex":false,"robots_noodp":false,"robots_notranslate":false,"robots_max_snippet":null,"robots_max_videopreview":null,"robots_max_imagepreview":"large","priority":null,"frequency":null,"local_seo":null,"seo_analyzer_scan_date":"2026-02-10 12:26:25","breadcrumb_settings":null,"limit_modified_date":false,"reviewed_by":null,"open_ai":null,"ai":null,"created":"2026-02-10 12:24:06","updated":"2026-04-23 11:29:14"},"aioseo_breadcrumb":"<div class=\"aioseo-breadcrumbs\"><span class=\"aioseo-breadcrumb\">\n\t<a href=\"https:\/\/hidalgo.nl\/de\/\" title=\"Home\">Home<\/a>\n<\/span><span class=\"aioseo-breadcrumb-separator\">\u00bb<\/span><span class=\"aioseo-breadcrumb\">\n\t<a href=\"https:\/\/hidalgo.nl\/example\/\" title=\"example\">example<\/a>\n<\/span><span class=\"aioseo-breadcrumb-separator\">\u00bb<\/span><span class=\"aioseo-breadcrumb\">\n\t<a href=\"https:\/\/hidalgo.nl\/en\/product-supplier\/a58\/\" title=\"A58\">A58<\/a>\n<\/span><span class=\"aioseo-breadcrumb-separator\">\u00bb<\/span><span class=\"aioseo-breadcrumb\">\n\tKeramische mok Rosamund\n<\/span><\/div>","aioseo_breadcrumb_json":[{"label":"Home","link":"https:\/\/hidalgo.nl\/de\/"},{"label":"example","link":"https:\/\/hidalgo.nl\/example\/"},{"label":"A58","link":"https:\/\/hidalgo.nl\/en\/product-supplier\/a58\/"},{"label":"Keramische mok Rosamund","link":"https:\/\/hidalgo.nl\/de\/product\/838411\/keramiktasse-rosamund-bedrucken-korkboden-kaffee-300ml\/"}],"_links":{"self":[{"href":"https:\/\/hidalgo.nl\/de\/wp-json\/wp\/v2\/product\/838411","targetHints":{"allow":["GET"]}}],"collection":[{"href":"https:\/\/hidalgo.nl\/de\/wp-json\/wp\/v2\/product"}],"about":[{"href":"https:\/\/hidalgo.nl\/de\/wp-json\/wp\/v2\/types\/product"}],"wp:featuredmedia":[{"embeddable":true,"href":"https:\/\/hidalgo.nl\/de\/wp-json\/wp\/v2\/media\/838412"}],"wp:attachment":[{"href":"https:\/\/hidalgo.nl\/de\/wp-json\/wp\/v2\/media?parent=838411"}],"wp:term":[{"taxonomy":"product_brand","embeddable":true,"href":"https:\/\/hidalgo.nl\/de\/wp-json\/wp\/v2\/product_brand?post=838411"},{"taxonomy":"product_cat","embeddable":true,"href":"https:\/\/hidalgo.nl\/de\/wp-json\/wp\/v2\/product_cat?post=838411"},{"taxonomy":"product_tag","embeddable":true,"href":"https:\/\/hidalgo.nl\/de\/wp-json\/wp\/v2\/product_tag?post=838411"}],"curies":[{"name":"wp","href":"https:\/\/api.w.org\/{rel}","templated":true}]}}