{"id":838254,"date":"2026-02-10T11:34:38","date_gmt":"2026-02-10T11:34:38","guid":{"rendered":"https:\/\/hidalgo.nl\/product\/zinklegering-sleutelhanger-aria\/"},"modified":"2026-03-14T00:59:54","modified_gmt":"2026-03-14T00:59:54","slug":"zinklegering-sleutelhanger-aria","status":"publish","type":"product","link":"https:\/\/hidalgo.nl\/de\/product\/838254\/schluesselanhaenger-aria-bedrucken-flaschenoeffner-bambus-uni\/","title":{"rendered":"Zinklegering sleutelhanger Aria"},"content":{"rendered":"<p>Sleutelhanger van zinklegering met metalen sleutelring en bamboe-inleg aan de voorkant. Voorzien van flesopenerfunctie. Verpakt in een papieren zakje.<\/p>\n","protected":false},"excerpt":{"rendered":"<p>Sleutelhanger van zinklegering met metalen sleutelring en bamboe-inleg aan de voorkant. Voorzien van flesopenerfunctie. Verpakt in een papieren zakje.<\/p>\n","protected":false},"featured_media":838255,"template":"","meta":{"_acf_changed":false,"om_disable_all_campaigns":false,"_monsterinsights_skip_tracking":false,"_monsterinsights_sitenote_active":false,"_monsterinsights_sitenote_note":"","_monsterinsights_sitenote_category":0},"product_brand":[49],"product_cat":[4719,4801],"product_tag":[],"class_list":{"0":"post-838254","1":"product","2":"type-product","3":"status-publish","4":"has-post-thumbnail","6":"product_supplier-a58","7":"product_material-bamboe","8":"product_material-ijzer","9":"product_material-zinken-legering","10":"product_brand-impression","11":"product_cat-promotionele-artikelen","12":"product_cat-sleutelhangers","13":"entry","15":"first","16":"instock","17":"taxable","18":"shipping-taxable","19":"purchasable","20":"product-type-variable"},"acf":{"imprint_cost":[{"imprint_cost_key":"3ea1d744f2bb0e4487628e4bc260e44e34aafbe7","product_quantity_price_range":[{"imprint_cost_recommended_selling_price":"2.15","imprint_cost_recommended_selling_quantity":"1"},{"imprint_cost_recommended_selling_price":"1.42","imprint_cost_recommended_selling_quantity":"25"},{"imprint_cost_recommended_selling_price":"1.02","imprint_cost_recommended_selling_quantity":"50"},{"imprint_cost_recommended_selling_price":"0.65","imprint_cost_recommended_selling_quantity":"100"},{"imprint_cost_recommended_selling_price":"0.51","imprint_cost_recommended_selling_quantity":"250"},{"imprint_cost_recommended_selling_price":"0.42","imprint_cost_recommended_selling_quantity":"500"},{"imprint_cost_recommended_selling_price":"0.34","imprint_cost_recommended_selling_quantity":"1000"},{"imprint_cost_recommended_selling_price":"0.28","imprint_cost_recommended_selling_quantity":"2500"},{"imprint_cost_recommended_selling_price":"0.25","imprint_cost_recommended_selling_quantity":"5000"},{"imprint_cost_recommended_selling_price":"0.23","imprint_cost_recommended_selling_quantity":"10000"}],"product_quantity_price_range_buying":false,"imprint_cost_setup_costs":"30.77","imprint_cost_handling_costs":"0.2"},{"imprint_cost_key":"d7ffed2c7d6f28728d8d64fd6df50e59ddc7e1f8","product_quantity_price_range":[{"imprint_cost_recommended_selling_price":"5.43","imprint_cost_recommended_selling_quantity":"1"},{"imprint_cost_recommended_selling_price":"2.83","imprint_cost_recommended_selling_quantity":"25"},{"imprint_cost_recommended_selling_price":"1.29","imprint_cost_recommended_selling_quantity":"50"},{"imprint_cost_recommended_selling_price":"0.49","imprint_cost_recommended_selling_quantity":"100"},{"imprint_cost_recommended_selling_price":"0.35","imprint_cost_recommended_selling_quantity":"250"},{"imprint_cost_recommended_selling_price":"0.28","imprint_cost_recommended_selling_quantity":"500"},{"imprint_cost_recommended_selling_price":"0.2","imprint_cost_recommended_selling_quantity":"1000"},{"imprint_cost_recommended_selling_price":"0.18","imprint_cost_recommended_selling_quantity":"5000"}],"product_quantity_price_range_buying":false,"imprint_cost_setup_costs":"52.31","imprint_cost_handling_costs":"0.2"}]},"aioseo_notices":[],"aioseo_head":"\n\t\t<!-- All in One SEO Pro 4.9.6.2 - aioseo.com -->\n\t<meta name=\"description\" content=\"Dieser moderne Metall Schl\u00fcsselanh\u00e4nger im Aria-Design kombiniert langlebige Zinklegierung mit nat\u00fcrlichem Bambus-Inlay und integriertem Flaschen\u00f6ffner. Als hochwertiger Werbeartikel Schl\u00fcsselanh\u00e4nger Metall sorgt die t\u00e4gliche Nutzung f\u00fcr maximale Sichtbarkeit, wenn du dein Logo aufdrucken l\u00e4sst.\" \/>\n\t<meta name=\"robots\" content=\"max-image-preview:large\" \/>\n\t<link rel=\"canonical\" href=\"https:\/\/hidalgo.nl\/de\/wp-json\/wp\/v2\/product\/838254\" \/>\n\t<meta name=\"generator\" content=\"All in One SEO Pro (AIOSEO) 4.9.6.2\" \/>\n\t\t<meta property=\"og:locale\" content=\"de_DE\" \/>\n\t\t<meta property=\"og:site_name\" content=\"Hidalgo -\" \/>\n\t\t<meta property=\"og:type\" content=\"article\" \/>\n\t\t<meta property=\"og:title\" content=\"Schl\u00fcsselanh\u00e4nger Aria bedrucken Flaschen\u00f6ffner Bambus Uni\" \/>\n\t\t<meta property=\"og:description\" content=\"Dieser moderne Metall Schl\u00fcsselanh\u00e4nger im Aria-Design kombiniert langlebige Zinklegierung mit nat\u00fcrlichem Bambus-Inlay und integriertem Flaschen\u00f6ffner. Als hochwertiger Werbeartikel Schl\u00fcsselanh\u00e4nger Metall sorgt die t\u00e4gliche Nutzung f\u00fcr maximale Sichtbarkeit, wenn du dein Logo aufdrucken l\u00e4sst.\" \/>\n\t\t<meta property=\"og:url\" content=\"https:\/\/hidalgo.nl\/de\/wp-json\/wp\/v2\/product\/838254\" \/>\n\t\t<meta property=\"og:image\" content=\"https:\/\/shop.hidalgo.nl\/wp-content\/uploads\/2025\/11\/cropped-Hidalgo-est1993.png\" \/>\n\t\t<meta property=\"og:image:secure_url\" content=\"https:\/\/shop.hidalgo.nl\/wp-content\/uploads\/2025\/11\/cropped-Hidalgo-est1993.png\" \/>\n\t\t<meta property=\"article:published_time\" content=\"2026-02-10T11:34:38+00:00\" \/>\n\t\t<meta property=\"article:modified_time\" content=\"2026-03-14T00:59:54+00:00\" \/>\n\t\t<meta name=\"twitter:card\" content=\"summary_large_image\" \/>\n\t\t<meta name=\"twitter:title\" content=\"Schl\u00fcsselanh\u00e4nger Aria bedrucken Flaschen\u00f6ffner Bambus Uni\" \/>\n\t\t<meta name=\"twitter:description\" content=\"Dieser moderne Metall Schl\u00fcsselanh\u00e4nger im Aria-Design kombiniert langlebige Zinklegierung mit nat\u00fcrlichem Bambus-Inlay und integriertem Flaschen\u00f6ffner. Als hochwertiger Werbeartikel Schl\u00fcsselanh\u00e4nger Metall sorgt die t\u00e4gliche Nutzung f\u00fcr maximale Sichtbarkeit, wenn du dein Logo aufdrucken l\u00e4sst.\" \/>\n\t\t<meta name=\"twitter:image\" content=\"https:\/\/shop.hidalgo.nl\/wp-content\/uploads\/2025\/11\/cropped-Hidalgo-est1993.png\" \/>\n\t\t<script type=\"application\/ld+json\" class=\"aioseo-schema\">\n\t\t\t{\"@context\":\"https:\\\/\\\/schema.org\",\"@graph\":[{\"@type\":\"BreadcrumbList\",\"@id\":\"https:\\\/\\\/hidalgo.nl\\\/de\\\/product\\\/838254\\\/schluesselanhaenger-aria-bedrucken-flaschenoeffner-bambus-uni\\\/#breadcrumblist\",\"itemListElement\":[{\"@type\":\"ListItem\",\"@id\":\"https:\\\/\\\/hidalgo.nl\\\/de\\\/#listItem\",\"position\":1,\"name\":\"Home\",\"item\":\"https:\\\/\\\/hidalgo.nl\\\/de\\\/\",\"nextItem\":{\"@type\":\"ListItem\",\"@id\":\"https:\\\/\\\/hidalgo.nl\\\/example\\\/#listItem\",\"name\":\"example\"}},{\"@type\":\"ListItem\",\"@id\":\"https:\\\/\\\/hidalgo.nl\\\/example\\\/#listItem\",\"position\":2,\"name\":\"example\",\"item\":\"https:\\\/\\\/hidalgo.nl\\\/example\\\/\",\"nextItem\":{\"@type\":\"ListItem\",\"@id\":\"https:\\\/\\\/hidalgo.nl\\\/en\\\/product-supplier\\\/a58\\\/#listItem\",\"name\":\"A58\"},\"previousItem\":{\"@type\":\"ListItem\",\"@id\":\"https:\\\/\\\/hidalgo.nl\\\/de\\\/#listItem\",\"name\":\"Home\"}},{\"@type\":\"ListItem\",\"@id\":\"https:\\\/\\\/hidalgo.nl\\\/en\\\/product-supplier\\\/a58\\\/#listItem\",\"position\":3,\"name\":\"A58\",\"item\":\"https:\\\/\\\/hidalgo.nl\\\/en\\\/product-supplier\\\/a58\\\/\",\"nextItem\":{\"@type\":\"ListItem\",\"@id\":\"https:\\\/\\\/hidalgo.nl\\\/de\\\/product\\\/838254\\\/schluesselanhaenger-aria-bedrucken-flaschenoeffner-bambus-uni\\\/#listItem\",\"name\":\"Zinklegering sleutelhanger Aria\"},\"previousItem\":{\"@type\":\"ListItem\",\"@id\":\"https:\\\/\\\/hidalgo.nl\\\/example\\\/#listItem\",\"name\":\"example\"}},{\"@type\":\"ListItem\",\"@id\":\"https:\\\/\\\/hidalgo.nl\\\/de\\\/product\\\/838254\\\/schluesselanhaenger-aria-bedrucken-flaschenoeffner-bambus-uni\\\/#listItem\",\"position\":4,\"name\":\"Zinklegering sleutelhanger Aria\",\"previousItem\":{\"@type\":\"ListItem\",\"@id\":\"https:\\\/\\\/hidalgo.nl\\\/en\\\/product-supplier\\\/a58\\\/#listItem\",\"name\":\"A58\"}}]},{\"@type\":\"Organization\",\"@id\":\"https:\\\/\\\/hidalgo.nl\\\/de\\\/#organization\",\"name\":\"Hidalgo\",\"url\":\"https:\\\/\\\/hidalgo.nl\\\/de\\\/\",\"logo\":{\"@type\":\"ImageObject\",\"url\":\"https:\\\/\\\/shop.hidalgo.nl\\\/wp-content\\\/uploads\\\/2025\\\/11\\\/cropped-Hidalgo-est1993.png\",\"@id\":\"https:\\\/\\\/hidalgo.nl\\\/de\\\/product\\\/838254\\\/schluesselanhaenger-aria-bedrucken-flaschenoeffner-bambus-uni\\\/#organizationLogo\",\"width\":585,\"height\":195},\"image\":{\"@id\":\"https:\\\/\\\/hidalgo.nl\\\/de\\\/product\\\/838254\\\/schluesselanhaenger-aria-bedrucken-flaschenoeffner-bambus-uni\\\/#organizationLogo\"}},{\"@type\":\"ProductGroup\",\"@id\":\"https:\\\/\\\/hidalgo.nl\\\/de\\\/product\\\/838254\\\/schluesselanhaenger-aria-bedrucken-flaschenoeffner-bambus-uni\\\/#wooCommerceProduct\",\"name\":\"Schl\\u00fcsselanh\\u00e4nger Aria bedrucken Flaschen\\u00f6ffner Bambus Uni\",\"url\":\"https:\\\/\\\/hidalgo.nl\\\/de\\\/product\\\/838254\\\/schluesselanhaenger-aria-bedrucken-flaschenoeffner-bambus-uni\\\/\",\"brand\":{\"@type\":\"Brand\",\"name\":\"IMPRESSION\"},\"sku\":\"A58-1349511\",\"image\":{\"@type\":\"ImageObject\",\"url\":\"https:\\\/\\\/shop.hidalgo.nl\\\/wp-content\\\/uploads\\\/2026\\\/01\\\/2440df592e88268dfd69dcce5391eeadba8a76450d303872fa9145a49cfd84bb.jpg\",\"@id\":\"https:\\\/\\\/hidalgo.nl\\\/de\\\/product\\\/838254\\\/schluesselanhaenger-aria-bedrucken-flaschenoeffner-bambus-uni\\\/#productImage\"},\"productGroupID\":838254,\"hasVariant\":[{\"@type\":\"Product\",\"@id\":\"https:\\\/\\\/hidalgo.nl\\\/de\\\/product\\\/838254\\\/schluesselanhaenger-aria-bedrucken-flaschenoeffner-bambus-uni\\\/#wooCommerceProduct\",\"name\":\"Zinklegering sleutelhanger Aria - bruin, standaard-uitvoering\",\"url\":\"https:\\\/\\\/hidalgo.nl\\\/de\\\/product\\\/838254\\\/schluesselanhaenger-aria-bedrucken-flaschenoeffner-bambus-uni\\\/\",\"sku\":\"A58-1349511-011999999\",\"gtin\":\"8719446076358\",\"image\":{\"@type\":\"ImageObject\",\"url\":\"https:\\\/\\\/shop.hidalgo.nl\\\/wp-content\\\/uploads\\\/2026\\\/01\\\/3459ff861dba0866254410525e30cd53324cb6d56dac0030ee8d21e7ebb9e867.jpg\",\"@id\":\"https:\\\/\\\/hidalgo.nl\\\/de\\\/product\\\/838254\\\/schluesselanhaenger-aria-bedrucken-flaschenoeffner-bambus-uni\\\/#productImage\"},\"offers\":{\"@type\":\"Offer\",\"url\":\"https:\\\/\\\/hidalgo.nl\\\/de\\\/product\\\/838254\\\/schluesselanhaenger-aria-bedrucken-flaschenoeffner-bambus-uni\\\/#wooCommerceOffer\",\"price\":\"1.66\",\"priceCurrency\":\"EUR\",\"category\":\"Promotionele Artikelen\",\"availability\":\"https:\\\/\\\/schema.org\\\/InStock\",\"priceSpecification\":{\"@type\":\"PriceSpecification\",\"price\":1.66,\"priceCurrency\":\"EUR\",\"valueAddedTaxIncluded\":\"true\"}}}]},{\"@type\":\"WebPage\",\"@id\":\"https:\\\/\\\/hidalgo.nl\\\/de\\\/product\\\/838254\\\/schluesselanhaenger-aria-bedrucken-flaschenoeffner-bambus-uni\\\/#webpage\",\"url\":\"https:\\\/\\\/hidalgo.nl\\\/de\\\/product\\\/838254\\\/schluesselanhaenger-aria-bedrucken-flaschenoeffner-bambus-uni\\\/\",\"name\":\"Schl\\u00fcsselanh\\u00e4nger Aria bedrucken Flaschen\\u00f6ffner Bambus Uni\",\"description\":\"Dieser moderne Metall Schl\\u00fcsselanh\\u00e4nger im Aria-Design kombiniert langlebige Zinklegierung mit nat\\u00fcrlichem Bambus-Inlay und integriertem Flaschen\\u00f6ffner. Als hochwertiger Werbeartikel Schl\\u00fcsselanh\\u00e4nger Metall sorgt die t\\u00e4gliche Nutzung f\\u00fcr maximale Sichtbarkeit, wenn du dein Logo aufdrucken l\\u00e4sst.\",\"inLanguage\":\"de-DE\",\"isPartOf\":{\"@id\":\"https:\\\/\\\/hidalgo.nl\\\/de\\\/#website\"},\"breadcrumb\":{\"@id\":\"https:\\\/\\\/hidalgo.nl\\\/de\\\/product\\\/838254\\\/schluesselanhaenger-aria-bedrucken-flaschenoeffner-bambus-uni\\\/#breadcrumblist\"},\"image\":{\"@type\":\"ImageObject\",\"url\":\"https:\\\/\\\/shop.hidalgo.nl\\\/wp-content\\\/uploads\\\/2026\\\/01\\\/2440df592e88268dfd69dcce5391eeadba8a76450d303872fa9145a49cfd84bb.jpg\",\"@id\":\"https:\\\/\\\/hidalgo.nl\\\/de\\\/product\\\/838254\\\/schluesselanhaenger-aria-bedrucken-flaschenoeffner-bambus-uni\\\/#mainImage\"},\"primaryImageOfPage\":{\"@id\":\"https:\\\/\\\/hidalgo.nl\\\/de\\\/product\\\/838254\\\/schluesselanhaenger-aria-bedrucken-flaschenoeffner-bambus-uni\\\/#mainImage\"},\"datePublished\":\"2026-02-10T11:34:38+00:00\",\"dateModified\":\"2026-03-14T00:59:54+00:00\"},{\"@type\":\"WebSite\",\"@id\":\"https:\\\/\\\/hidalgo.nl\\\/de\\\/#website\",\"url\":\"https:\\\/\\\/hidalgo.nl\\\/de\\\/\",\"name\":\"Hidalgo\",\"inLanguage\":\"de-DE\",\"publisher\":{\"@id\":\"https:\\\/\\\/hidalgo.nl\\\/de\\\/#organization\"}}]}\n\t\t<\/script>\n\t\t<!-- All in One SEO Pro -->\r\n\t\t<title>Schl\u00fcsselanh\u00e4nger Aria bedrucken Flaschen\u00f6ffner Bambus Uni<\/title>\n\n","aioseo_head_json":{"title":"Schl\u00fcsselanh\u00e4nger Aria bedrucken Flaschen\u00f6ffner Bambus Uni","description":"Dieser moderne Metall Schl\u00fcsselanh\u00e4nger im Aria-Design kombiniert langlebige Zinklegierung mit nat\u00fcrlichem Bambus-Inlay und integriertem Flaschen\u00f6ffner. Als hochwertiger Werbeartikel Schl\u00fcsselanh\u00e4nger Metall sorgt die t\u00e4gliche Nutzung f\u00fcr maximale Sichtbarkeit, wenn du dein Logo aufdrucken l\u00e4sst.","canonical_url":"https:\/\/hidalgo.nl\/de\/wp-json\/wp\/v2\/product\/838254","robots":"max-image-preview:large","keywords":"","webmasterTools":{"miscellaneous":""},"schema":{"@context":"https:\/\/schema.org","@graph":[{"@type":"BreadcrumbList","@id":"https:\/\/hidalgo.nl\/de\/product\/838254\/schluesselanhaenger-aria-bedrucken-flaschenoeffner-bambus-uni\/#breadcrumblist","itemListElement":[{"@type":"ListItem","@id":"https:\/\/hidalgo.nl\/de\/#listItem","position":1,"name":"Home","item":"https:\/\/hidalgo.nl\/de\/","nextItem":{"@type":"ListItem","@id":"https:\/\/hidalgo.nl\/example\/#listItem","name":"example"}},{"@type":"ListItem","@id":"https:\/\/hidalgo.nl\/example\/#listItem","position":2,"name":"example","item":"https:\/\/hidalgo.nl\/example\/","nextItem":{"@type":"ListItem","@id":"https:\/\/hidalgo.nl\/en\/product-supplier\/a58\/#listItem","name":"A58"},"previousItem":{"@type":"ListItem","@id":"https:\/\/hidalgo.nl\/de\/#listItem","name":"Home"}},{"@type":"ListItem","@id":"https:\/\/hidalgo.nl\/en\/product-supplier\/a58\/#listItem","position":3,"name":"A58","item":"https:\/\/hidalgo.nl\/en\/product-supplier\/a58\/","nextItem":{"@type":"ListItem","@id":"https:\/\/hidalgo.nl\/de\/product\/838254\/schluesselanhaenger-aria-bedrucken-flaschenoeffner-bambus-uni\/#listItem","name":"Zinklegering sleutelhanger Aria"},"previousItem":{"@type":"ListItem","@id":"https:\/\/hidalgo.nl\/example\/#listItem","name":"example"}},{"@type":"ListItem","@id":"https:\/\/hidalgo.nl\/de\/product\/838254\/schluesselanhaenger-aria-bedrucken-flaschenoeffner-bambus-uni\/#listItem","position":4,"name":"Zinklegering sleutelhanger Aria","previousItem":{"@type":"ListItem","@id":"https:\/\/hidalgo.nl\/en\/product-supplier\/a58\/#listItem","name":"A58"}}]},{"@type":"Organization","@id":"https:\/\/hidalgo.nl\/de\/#organization","name":"Hidalgo","url":"https:\/\/hidalgo.nl\/de\/","logo":{"@type":"ImageObject","url":"https:\/\/shop.hidalgo.nl\/wp-content\/uploads\/2025\/11\/cropped-Hidalgo-est1993.png","@id":"https:\/\/hidalgo.nl\/de\/product\/838254\/schluesselanhaenger-aria-bedrucken-flaschenoeffner-bambus-uni\/#organizationLogo","width":585,"height":195},"image":{"@id":"https:\/\/hidalgo.nl\/de\/product\/838254\/schluesselanhaenger-aria-bedrucken-flaschenoeffner-bambus-uni\/#organizationLogo"}},{"@type":"ProductGroup","@id":"https:\/\/hidalgo.nl\/de\/product\/838254\/schluesselanhaenger-aria-bedrucken-flaschenoeffner-bambus-uni\/#wooCommerceProduct","name":"Schl\u00fcsselanh\u00e4nger Aria bedrucken Flaschen\u00f6ffner Bambus Uni","url":"https:\/\/hidalgo.nl\/de\/product\/838254\/schluesselanhaenger-aria-bedrucken-flaschenoeffner-bambus-uni\/","brand":{"@type":"Brand","name":"IMPRESSION"},"sku":"A58-1349511","image":{"@type":"ImageObject","url":"https:\/\/shop.hidalgo.nl\/wp-content\/uploads\/2026\/01\/2440df592e88268dfd69dcce5391eeadba8a76450d303872fa9145a49cfd84bb.jpg","@id":"https:\/\/hidalgo.nl\/de\/product\/838254\/schluesselanhaenger-aria-bedrucken-flaschenoeffner-bambus-uni\/#productImage"},"productGroupID":838254,"hasVariant":[{"@type":"Product","@id":"https:\/\/hidalgo.nl\/de\/product\/838254\/schluesselanhaenger-aria-bedrucken-flaschenoeffner-bambus-uni\/#wooCommerceProduct","name":"Zinklegering sleutelhanger Aria - bruin, standaard-uitvoering","url":"https:\/\/hidalgo.nl\/de\/product\/838254\/schluesselanhaenger-aria-bedrucken-flaschenoeffner-bambus-uni\/","sku":"A58-1349511-011999999","gtin":"8719446076358","image":{"@type":"ImageObject","url":"https:\/\/shop.hidalgo.nl\/wp-content\/uploads\/2026\/01\/3459ff861dba0866254410525e30cd53324cb6d56dac0030ee8d21e7ebb9e867.jpg","@id":"https:\/\/hidalgo.nl\/de\/product\/838254\/schluesselanhaenger-aria-bedrucken-flaschenoeffner-bambus-uni\/#productImage"},"offers":{"@type":"Offer","url":"https:\/\/hidalgo.nl\/de\/product\/838254\/schluesselanhaenger-aria-bedrucken-flaschenoeffner-bambus-uni\/#wooCommerceOffer","price":"1.66","priceCurrency":"EUR","category":"Promotionele Artikelen","availability":"https:\/\/schema.org\/InStock","priceSpecification":{"@type":"PriceSpecification","price":1.66,"priceCurrency":"EUR","valueAddedTaxIncluded":"true"}}}]},{"@type":"WebPage","@id":"https:\/\/hidalgo.nl\/de\/product\/838254\/schluesselanhaenger-aria-bedrucken-flaschenoeffner-bambus-uni\/#webpage","url":"https:\/\/hidalgo.nl\/de\/product\/838254\/schluesselanhaenger-aria-bedrucken-flaschenoeffner-bambus-uni\/","name":"Schl\u00fcsselanh\u00e4nger Aria bedrucken Flaschen\u00f6ffner Bambus Uni","description":"Dieser moderne Metall Schl\u00fcsselanh\u00e4nger im Aria-Design kombiniert langlebige Zinklegierung mit nat\u00fcrlichem Bambus-Inlay und integriertem Flaschen\u00f6ffner. Als hochwertiger Werbeartikel Schl\u00fcsselanh\u00e4nger Metall sorgt die t\u00e4gliche Nutzung f\u00fcr maximale Sichtbarkeit, wenn du dein Logo aufdrucken l\u00e4sst.","inLanguage":"de-DE","isPartOf":{"@id":"https:\/\/hidalgo.nl\/de\/#website"},"breadcrumb":{"@id":"https:\/\/hidalgo.nl\/de\/product\/838254\/schluesselanhaenger-aria-bedrucken-flaschenoeffner-bambus-uni\/#breadcrumblist"},"image":{"@type":"ImageObject","url":"https:\/\/shop.hidalgo.nl\/wp-content\/uploads\/2026\/01\/2440df592e88268dfd69dcce5391eeadba8a76450d303872fa9145a49cfd84bb.jpg","@id":"https:\/\/hidalgo.nl\/de\/product\/838254\/schluesselanhaenger-aria-bedrucken-flaschenoeffner-bambus-uni\/#mainImage"},"primaryImageOfPage":{"@id":"https:\/\/hidalgo.nl\/de\/product\/838254\/schluesselanhaenger-aria-bedrucken-flaschenoeffner-bambus-uni\/#mainImage"},"datePublished":"2026-02-10T11:34:38+00:00","dateModified":"2026-03-14T00:59:54+00:00"},{"@type":"WebSite","@id":"https:\/\/hidalgo.nl\/de\/#website","url":"https:\/\/hidalgo.nl\/de\/","name":"Hidalgo","inLanguage":"de-DE","publisher":{"@id":"https:\/\/hidalgo.nl\/de\/#organization"}}]},"og:locale":"de_DE","og:site_name":"Hidalgo -","og:type":"article","og:title":"Schl\u00fcsselanh\u00e4nger Aria bedrucken Flaschen\u00f6ffner Bambus Uni","og:description":"Dieser moderne Metall Schl\u00fcsselanh\u00e4nger im Aria-Design kombiniert langlebige Zinklegierung mit nat\u00fcrlichem Bambus-Inlay und integriertem Flaschen\u00f6ffner. Als hochwertiger Werbeartikel Schl\u00fcsselanh\u00e4nger Metall sorgt die t\u00e4gliche Nutzung f\u00fcr maximale Sichtbarkeit, wenn du dein Logo aufdrucken l\u00e4sst.","og:url":"https:\/\/hidalgo.nl\/de\/wp-json\/wp\/v2\/product\/838254","og:image":"https:\/\/shop.hidalgo.nl\/wp-content\/uploads\/2025\/11\/cropped-Hidalgo-est1993.png","og:image:secure_url":"https:\/\/shop.hidalgo.nl\/wp-content\/uploads\/2025\/11\/cropped-Hidalgo-est1993.png","article:published_time":"2026-02-10T11:34:38+00:00","article:modified_time":"2026-03-14T00:59:54+00:00","twitter:card":"summary_large_image","twitter:title":"Schl\u00fcsselanh\u00e4nger Aria bedrucken Flaschen\u00f6ffner Bambus Uni","twitter:description":"Dieser moderne Metall Schl\u00fcsselanh\u00e4nger im Aria-Design kombiniert langlebige Zinklegierung mit nat\u00fcrlichem Bambus-Inlay und integriertem Flaschen\u00f6ffner. Als hochwertiger Werbeartikel Schl\u00fcsselanh\u00e4nger Metall sorgt die t\u00e4gliche Nutzung f\u00fcr maximale Sichtbarkeit, wenn du dein Logo aufdrucken l\u00e4sst.","twitter:image":"https:\/\/shop.hidalgo.nl\/wp-content\/uploads\/2025\/11\/cropped-Hidalgo-est1993.png"},"aioseo_meta_data":{"post_id":"838254","title":null,"description":null,"keywords":null,"keyphrases":null,"primary_term":null,"canonical_url":null,"og_title":null,"og_description":null,"og_object_type":"default","og_image_type":"default","og_image_url":null,"og_image_width":null,"og_image_height":null,"og_image_custom_url":null,"og_image_custom_fields":null,"og_video":null,"og_custom_url":null,"og_article_section":null,"og_article_tags":null,"twitter_use_og":false,"twitter_card":"default","twitter_image_type":"default","twitter_image_url":null,"twitter_image_custom_url":null,"twitter_image_custom_fields":null,"twitter_title":null,"twitter_description":null,"schema":{"blockGraphs":[],"customGraphs":[],"default":{"data":{"Article":[],"Course":[],"Dataset":[],"FAQPage":[],"Movie":[],"Person":[],"Product":[],"ProductReview":[],"Car":[],"Recipe":[],"Service":[],"SoftwareApplication":[],"WebPage":[]},"graphName":"","isEnabled":true},"graphs":[]},"schema_type":"default","schema_type_options":null,"pillar_content":false,"robots_default":true,"robots_noindex":false,"robots_noarchive":false,"robots_nosnippet":false,"robots_nofollow":false,"robots_noimageindex":false,"robots_noodp":false,"robots_notranslate":false,"robots_max_snippet":null,"robots_max_videopreview":null,"robots_max_imagepreview":"large","priority":null,"frequency":null,"local_seo":null,"seo_analyzer_scan_date":"2026-02-10 12:09:18","breadcrumb_settings":null,"limit_modified_date":false,"reviewed_by":null,"open_ai":null,"ai":null,"created":"2026-02-10 12:05:24","updated":"2026-04-23 16:23:04"},"aioseo_breadcrumb":"<div class=\"aioseo-breadcrumbs\"><span class=\"aioseo-breadcrumb\">\n\t<a href=\"https:\/\/hidalgo.nl\/de\/\" title=\"Home\">Home<\/a>\n<\/span><span class=\"aioseo-breadcrumb-separator\">\u00bb<\/span><span class=\"aioseo-breadcrumb\">\n\t<a href=\"https:\/\/hidalgo.nl\/example\/\" title=\"example\">example<\/a>\n<\/span><span class=\"aioseo-breadcrumb-separator\">\u00bb<\/span><span class=\"aioseo-breadcrumb\">\n\t<a href=\"https:\/\/hidalgo.nl\/en\/product-supplier\/a58\/\" title=\"A58\">A58<\/a>\n<\/span><span class=\"aioseo-breadcrumb-separator\">\u00bb<\/span><span class=\"aioseo-breadcrumb\">\n\tZinklegering sleutelhanger Aria\n<\/span><\/div>","aioseo_breadcrumb_json":[{"label":"Home","link":"https:\/\/hidalgo.nl\/de\/"},{"label":"example","link":"https:\/\/hidalgo.nl\/example\/"},{"label":"A58","link":"https:\/\/hidalgo.nl\/en\/product-supplier\/a58\/"},{"label":"Zinklegering sleutelhanger Aria","link":"https:\/\/hidalgo.nl\/de\/product\/838254\/schluesselanhaenger-aria-bedrucken-flaschenoeffner-bambus-uni\/"}],"_links":{"self":[{"href":"https:\/\/hidalgo.nl\/de\/wp-json\/wp\/v2\/product\/838254","targetHints":{"allow":["GET"]}}],"collection":[{"href":"https:\/\/hidalgo.nl\/de\/wp-json\/wp\/v2\/product"}],"about":[{"href":"https:\/\/hidalgo.nl\/de\/wp-json\/wp\/v2\/types\/product"}],"wp:featuredmedia":[{"embeddable":true,"href":"https:\/\/hidalgo.nl\/de\/wp-json\/wp\/v2\/media\/838255"}],"wp:attachment":[{"href":"https:\/\/hidalgo.nl\/de\/wp-json\/wp\/v2\/media?parent=838254"}],"wp:term":[{"taxonomy":"product_brand","embeddable":true,"href":"https:\/\/hidalgo.nl\/de\/wp-json\/wp\/v2\/product_brand?post=838254"},{"taxonomy":"product_cat","embeddable":true,"href":"https:\/\/hidalgo.nl\/de\/wp-json\/wp\/v2\/product_cat?post=838254"},{"taxonomy":"product_tag","embeddable":true,"href":"https:\/\/hidalgo.nl\/de\/wp-json\/wp\/v2\/product_tag?post=838254"}],"curies":[{"name":"wp","href":"https:\/\/api.w.org\/{rel}","templated":true}]}}