{"id":83149,"date":"2025-07-07T01:43:05","date_gmt":"2025-07-07T01:43:05","guid":{"rendered":"http:\/\/bidonsenshakers.pim.hidalgo.nl\/product\/kp549-gebreide-muts\/"},"modified":"2026-03-22T07:43:26","modified_gmt":"2026-03-22T07:43:26","slug":"kp549-gebreide-muts","status":"publish","type":"product","link":"https:\/\/hidalgo.nl\/de\/product\/83149\/strickmuetze-kp549-bedrucken-warm-acryl-one-size\/","title":{"rendered":"KP549 &#8211; Gebreide muts"},"content":{"rendered":"<p>100% acryl. Gekaart acryl. Past perfect bij de sjaal KP435, in dezelfde kleur en hetzelfde materiaal.<\/p>\n","protected":false},"excerpt":{"rendered":"<p>100% acryl. Gekaart acryl. Past perfect bij de sjaal KP435, in dezelfde kleur en hetzelfde materiaal.<\/p>\n","protected":false},"featured_media":83150,"template":"","meta":{"_acf_changed":false,"om_disable_all_campaigns":false,"_monsterinsights_skip_tracking":false,"_monsterinsights_sitenote_active":false,"_monsterinsights_sitenote_note":"","_monsterinsights_sitenote_category":0},"product_brand":[1250],"product_cat":[4716,4759,4746],"product_tag":[],"class_list":{"0":"post-83149","1":"product","2":"type-product","3":"status-publish","4":"has-post-thumbnail","6":"product_supplier-a403","7":"product_material-acryl","8":"product_brand-k-up","9":"product_cat-kleding","10":"product_cat-kleding-petten-mutsen-en-hoeden-mutsen","11":"product_cat-kleding-petten-mutsen-en-hoeden","12":"entry","14":"first","15":"instock","16":"taxable","17":"shipping-taxable","18":"purchasable","19":"product-type-variable"},"acf":{"imprint_cost":[{"imprint_cost_key":"33483b79de35c41f6a5968127e3727b83ce2fe0b","product_quantity_price_range":[{"imprint_cost_recommended_selling_price":"0","imprint_cost_recommended_selling_quantity":"1"}],"product_quantity_price_range_buying":false,"imprint_cost_setup_costs":"","imprint_cost_handling_costs":""}]},"aioseo_notices":[],"aioseo_head":"\n\t\t<!-- All in One SEO Pro 4.9.6.2 - aioseo.com -->\n\t<meta name=\"description\" content=\"100% Acryl, weich gek\u00e4mmt: Modell KP549 h\u00e4lt dich warm im Alltag &amp; bei Eins\u00e4tzen drau\u00dfen; One-size passt bequem. Du kannst die M\u00fctze bedrucken lassen oder die Strickm\u00fctze besticken; w\u00e4hle Black, Alloy Grey Heather oder Dress Blue f\u00fcr einen einheitlichen Auftritt.\" \/>\n\t<meta name=\"robots\" content=\"max-image-preview:large\" \/>\n\t<link rel=\"canonical\" href=\"https:\/\/hidalgo.nl\/de\/wp-json\/wp\/v2\/product\/83149\" \/>\n\t<meta name=\"generator\" content=\"All in One SEO Pro (AIOSEO) 4.9.6.2\" \/>\n\t\t<meta property=\"og:locale\" content=\"de_DE\" \/>\n\t\t<meta property=\"og:site_name\" content=\"Hidalgo -\" \/>\n\t\t<meta property=\"og:type\" content=\"article\" \/>\n\t\t<meta property=\"og:title\" content=\"Strickm\u00fctze KP549 bedrucken warm Acryl One-size\" \/>\n\t\t<meta property=\"og:description\" content=\"100% Acryl, weich gek\u00e4mmt: Modell KP549 h\u00e4lt dich warm im Alltag &amp; bei Eins\u00e4tzen drau\u00dfen; One-size passt bequem. Du kannst die M\u00fctze bedrucken lassen oder die Strickm\u00fctze besticken; w\u00e4hle Black, Alloy Grey Heather oder Dress Blue f\u00fcr einen einheitlichen Auftritt.\" \/>\n\t\t<meta property=\"og:url\" content=\"https:\/\/hidalgo.nl\/de\/wp-json\/wp\/v2\/product\/83149\" \/>\n\t\t<meta property=\"og:image\" content=\"https:\/\/shop.hidalgo.nl\/wp-content\/uploads\/2025\/11\/cropped-Hidalgo-est1993.png\" \/>\n\t\t<meta property=\"og:image:secure_url\" content=\"https:\/\/shop.hidalgo.nl\/wp-content\/uploads\/2025\/11\/cropped-Hidalgo-est1993.png\" \/>\n\t\t<meta property=\"article:published_time\" content=\"2025-07-07T01:43:05+00:00\" \/>\n\t\t<meta property=\"article:modified_time\" content=\"2026-03-22T07:43:26+00:00\" \/>\n\t\t<meta name=\"twitter:card\" content=\"summary_large_image\" \/>\n\t\t<meta name=\"twitter:title\" content=\"Strickm\u00fctze KP549 bedrucken warm Acryl One-size\" \/>\n\t\t<meta name=\"twitter:description\" content=\"100% Acryl, weich gek\u00e4mmt: Modell KP549 h\u00e4lt dich warm im Alltag &amp; bei Eins\u00e4tzen drau\u00dfen; One-size passt bequem. Du kannst die M\u00fctze bedrucken lassen oder die Strickm\u00fctze besticken; w\u00e4hle Black, Alloy Grey Heather oder Dress Blue f\u00fcr einen einheitlichen Auftritt.\" \/>\n\t\t<meta name=\"twitter:image\" content=\"https:\/\/shop.hidalgo.nl\/wp-content\/uploads\/2025\/11\/cropped-Hidalgo-est1993.png\" \/>\n\t\t<script type=\"application\/ld+json\" class=\"aioseo-schema\">\n\t\t\t{\"@context\":\"https:\\\/\\\/schema.org\",\"@graph\":[{\"@type\":\"BreadcrumbList\",\"@id\":\"https:\\\/\\\/hidalgo.nl\\\/de\\\/product\\\/83149\\\/strickmuetze-kp549-bedrucken-warm-acryl-one-size\\\/#breadcrumblist\",\"itemListElement\":[{\"@type\":\"ListItem\",\"@id\":\"https:\\\/\\\/hidalgo.nl\\\/de\\\/#listItem\",\"position\":1,\"name\":\"Home\",\"item\":\"https:\\\/\\\/hidalgo.nl\\\/de\\\/\",\"nextItem\":{\"@type\":\"ListItem\",\"@id\":\"https:\\\/\\\/hidalgo.nl\\\/example\\\/#listItem\",\"name\":\"example\"}},{\"@type\":\"ListItem\",\"@id\":\"https:\\\/\\\/hidalgo.nl\\\/example\\\/#listItem\",\"position\":2,\"name\":\"example\",\"item\":\"https:\\\/\\\/hidalgo.nl\\\/example\\\/\",\"nextItem\":{\"@type\":\"ListItem\",\"@id\":\"https:\\\/\\\/hidalgo.nl\\\/en\\\/product-supplier\\\/a403\\\/#listItem\",\"name\":\"A403\"},\"previousItem\":{\"@type\":\"ListItem\",\"@id\":\"https:\\\/\\\/hidalgo.nl\\\/de\\\/#listItem\",\"name\":\"Home\"}},{\"@type\":\"ListItem\",\"@id\":\"https:\\\/\\\/hidalgo.nl\\\/en\\\/product-supplier\\\/a403\\\/#listItem\",\"position\":3,\"name\":\"A403\",\"item\":\"https:\\\/\\\/hidalgo.nl\\\/en\\\/product-supplier\\\/a403\\\/\",\"nextItem\":{\"@type\":\"ListItem\",\"@id\":\"https:\\\/\\\/hidalgo.nl\\\/de\\\/product\\\/83149\\\/strickmuetze-kp549-bedrucken-warm-acryl-one-size\\\/#listItem\",\"name\":\"KP549 &#8211; Gebreide muts\"},\"previousItem\":{\"@type\":\"ListItem\",\"@id\":\"https:\\\/\\\/hidalgo.nl\\\/example\\\/#listItem\",\"name\":\"example\"}},{\"@type\":\"ListItem\",\"@id\":\"https:\\\/\\\/hidalgo.nl\\\/de\\\/product\\\/83149\\\/strickmuetze-kp549-bedrucken-warm-acryl-one-size\\\/#listItem\",\"position\":4,\"name\":\"KP549 &#8211; Gebreide muts\",\"previousItem\":{\"@type\":\"ListItem\",\"@id\":\"https:\\\/\\\/hidalgo.nl\\\/en\\\/product-supplier\\\/a403\\\/#listItem\",\"name\":\"A403\"}}]},{\"@type\":\"Organization\",\"@id\":\"https:\\\/\\\/hidalgo.nl\\\/de\\\/#organization\",\"name\":\"Hidalgo\",\"url\":\"https:\\\/\\\/hidalgo.nl\\\/de\\\/\",\"logo\":{\"@type\":\"ImageObject\",\"url\":\"https:\\\/\\\/shop.hidalgo.nl\\\/wp-content\\\/uploads\\\/2025\\\/11\\\/cropped-Hidalgo-est1993.png\",\"@id\":\"https:\\\/\\\/hidalgo.nl\\\/de\\\/product\\\/83149\\\/strickmuetze-kp549-bedrucken-warm-acryl-one-size\\\/#organizationLogo\",\"width\":585,\"height\":195},\"image\":{\"@id\":\"https:\\\/\\\/hidalgo.nl\\\/de\\\/product\\\/83149\\\/strickmuetze-kp549-bedrucken-warm-acryl-one-size\\\/#organizationLogo\"}},{\"@type\":\"ProductGroup\",\"@id\":\"https:\\\/\\\/hidalgo.nl\\\/de\\\/product\\\/83149\\\/strickmuetze-kp549-bedrucken-warm-acryl-one-size\\\/#wooCommerceProduct\",\"name\":\"Strickm\\u00fctze KP549 bedrucken warm Acryl One-size\",\"url\":\"https:\\\/\\\/hidalgo.nl\\\/de\\\/product\\\/83149\\\/strickmuetze-kp549-bedrucken-warm-acryl-one-size\\\/\",\"brand\":{\"@type\":\"Brand\",\"name\":\"K-up\"},\"sku\":\"A403-KP549\",\"image\":{\"@type\":\"ImageObject\",\"url\":\"https:\\\/\\\/shop.hidalgo.nl\\\/wp-content\\\/uploads\\\/2025\\\/07\\\/90c24e0f1ee6040bc2fc324e73a7298d9b653520e1fa2a50d7dcde36fb42de98.png\",\"@id\":\"https:\\\/\\\/hidalgo.nl\\\/de\\\/product\\\/83149\\\/strickmuetze-kp549-bedrucken-warm-acryl-one-size\\\/#productImage\",\"width\":1000,\"height\":933},\"productGroupID\":83149,\"hasVariant\":[{\"@type\":\"Product\",\"@id\":\"https:\\\/\\\/hidalgo.nl\\\/de\\\/product\\\/83149\\\/strickmuetze-kp549-bedrucken-warm-acryl-one-size\\\/#wooCommerceProduct\",\"name\":\"KP549 - Gebreide muts - , alloy-grey-heather\",\"url\":\"https:\\\/\\\/hidalgo.nl\\\/de\\\/product\\\/83149\\\/strickmuetze-kp549-bedrucken-warm-acryl-one-size\\\/\",\"sku\":\"A403-KP549_63120_63119\",\"gtin\":\"3663639092531\",\"image\":{\"@type\":\"ImageObject\",\"url\":\"https:\\\/\\\/shop.hidalgo.nl\\\/wp-content\\\/uploads\\\/2025\\\/07\\\/90c24e0f1ee6040bc2fc324e73a7298d9b653520e1fa2a50d7dcde36fb42de98.png\",\"@id\":\"https:\\\/\\\/hidalgo.nl\\\/de\\\/product\\\/83149\\\/strickmuetze-kp549-bedrucken-warm-acryl-one-size\\\/#productImage\",\"width\":1000,\"height\":933},\"offers\":{\"@type\":\"Offer\",\"url\":\"https:\\\/\\\/hidalgo.nl\\\/de\\\/product\\\/83149\\\/strickmuetze-kp549-bedrucken-warm-acryl-one-size\\\/#wooCommerceOffer\",\"price\":\"2.47\",\"priceCurrency\":\"EUR\",\"category\":\"Kleding\",\"availability\":\"https:\\\/\\\/schema.org\\\/InStock\",\"priceSpecification\":{\"@type\":\"PriceSpecification\",\"price\":2.47,\"priceCurrency\":\"EUR\",\"valueAddedTaxIncluded\":\"true\"}}},{\"@type\":\"Product\",\"@id\":\"https:\\\/\\\/hidalgo.nl\\\/de\\\/product\\\/83149\\\/strickmuetze-kp549-bedrucken-warm-acryl-one-size\\\/#wooCommerceProduct\",\"name\":\"KP549 - Gebreide muts - , black\",\"url\":\"https:\\\/\\\/hidalgo.nl\\\/de\\\/product\\\/83149\\\/strickmuetze-kp549-bedrucken-warm-acryl-one-size\\\/\",\"sku\":\"A403-KP549_63122_63119\",\"gtin\":\"3663639092524\",\"image\":{\"@type\":\"ImageObject\",\"url\":\"https:\\\/\\\/shop.hidalgo.nl\\\/wp-content\\\/uploads\\\/2025\\\/07\\\/aff042f7da3c66507d7e2f55be5e6071b7522d82f8b777df7e996430c4d0510f.png\",\"@id\":\"https:\\\/\\\/hidalgo.nl\\\/de\\\/product\\\/83149\\\/strickmuetze-kp549-bedrucken-warm-acryl-one-size\\\/#productImage\",\"width\":1000,\"height\":933},\"offers\":{\"@type\":\"Offer\",\"url\":\"https:\\\/\\\/hidalgo.nl\\\/de\\\/product\\\/83149\\\/strickmuetze-kp549-bedrucken-warm-acryl-one-size\\\/#wooCommerceOffer\",\"price\":\"2.47\",\"priceCurrency\":\"EUR\",\"category\":\"Kleding\",\"availability\":\"https:\\\/\\\/schema.org\\\/InStock\",\"priceSpecification\":{\"@type\":\"PriceSpecification\",\"price\":2.47,\"priceCurrency\":\"EUR\",\"valueAddedTaxIncluded\":\"true\"}}},{\"@type\":\"Product\",\"@id\":\"https:\\\/\\\/hidalgo.nl\\\/de\\\/product\\\/83149\\\/strickmuetze-kp549-bedrucken-warm-acryl-one-size\\\/#wooCommerceProduct\",\"name\":\"KP549 - Gebreide muts - , dress-blue\",\"url\":\"https:\\\/\\\/hidalgo.nl\\\/de\\\/product\\\/83149\\\/strickmuetze-kp549-bedrucken-warm-acryl-one-size\\\/\",\"sku\":\"A403-KP549_63121_63119\",\"gtin\":\"3663639092548\",\"image\":{\"@type\":\"ImageObject\",\"url\":\"https:\\\/\\\/shop.hidalgo.nl\\\/wp-content\\\/uploads\\\/2025\\\/07\\\/67761bd4f8ba22914299c5611b96bb73dde60c2cabb95e873d18ca448d5ce3a6.png\",\"@id\":\"https:\\\/\\\/hidalgo.nl\\\/de\\\/product\\\/83149\\\/strickmuetze-kp549-bedrucken-warm-acryl-one-size\\\/#productImage\",\"width\":1000,\"height\":933},\"offers\":{\"@type\":\"Offer\",\"url\":\"https:\\\/\\\/hidalgo.nl\\\/de\\\/product\\\/83149\\\/strickmuetze-kp549-bedrucken-warm-acryl-one-size\\\/#wooCommerceOffer\",\"price\":\"2.47\",\"priceCurrency\":\"EUR\",\"category\":\"Kleding\",\"availability\":\"https:\\\/\\\/schema.org\\\/InStock\",\"priceSpecification\":{\"@type\":\"PriceSpecification\",\"price\":2.47,\"priceCurrency\":\"EUR\",\"valueAddedTaxIncluded\":\"true\"}}}]},{\"@type\":\"WebPage\",\"@id\":\"https:\\\/\\\/hidalgo.nl\\\/de\\\/product\\\/83149\\\/strickmuetze-kp549-bedrucken-warm-acryl-one-size\\\/#webpage\",\"url\":\"https:\\\/\\\/hidalgo.nl\\\/de\\\/product\\\/83149\\\/strickmuetze-kp549-bedrucken-warm-acryl-one-size\\\/\",\"name\":\"Strickm\\u00fctze KP549 bedrucken warm Acryl One-size\",\"description\":\"100% Acryl, weich gek\\u00e4mmt: Modell KP549 h\\u00e4lt dich warm im Alltag & bei Eins\\u00e4tzen drau\\u00dfen; One-size passt bequem. Du kannst die M\\u00fctze bedrucken lassen oder die Strickm\\u00fctze besticken; w\\u00e4hle Black, Alloy Grey Heather oder Dress Blue f\\u00fcr einen einheitlichen Auftritt.\",\"inLanguage\":\"de-DE\",\"isPartOf\":{\"@id\":\"https:\\\/\\\/hidalgo.nl\\\/de\\\/#website\"},\"breadcrumb\":{\"@id\":\"https:\\\/\\\/hidalgo.nl\\\/de\\\/product\\\/83149\\\/strickmuetze-kp549-bedrucken-warm-acryl-one-size\\\/#breadcrumblist\"},\"image\":{\"@type\":\"ImageObject\",\"url\":\"https:\\\/\\\/shop.hidalgo.nl\\\/wp-content\\\/uploads\\\/2025\\\/07\\\/90c24e0f1ee6040bc2fc324e73a7298d9b653520e1fa2a50d7dcde36fb42de98.png\",\"@id\":\"https:\\\/\\\/hidalgo.nl\\\/de\\\/product\\\/83149\\\/strickmuetze-kp549-bedrucken-warm-acryl-one-size\\\/#mainImage\",\"width\":1000,\"height\":933},\"primaryImageOfPage\":{\"@id\":\"https:\\\/\\\/hidalgo.nl\\\/de\\\/product\\\/83149\\\/strickmuetze-kp549-bedrucken-warm-acryl-one-size\\\/#mainImage\"},\"datePublished\":\"2025-07-07T01:43:05+00:00\",\"dateModified\":\"2026-03-22T07:43:26+00:00\"},{\"@type\":\"WebSite\",\"@id\":\"https:\\\/\\\/hidalgo.nl\\\/de\\\/#website\",\"url\":\"https:\\\/\\\/hidalgo.nl\\\/de\\\/\",\"name\":\"Hidalgo\",\"inLanguage\":\"de-DE\",\"publisher\":{\"@id\":\"https:\\\/\\\/hidalgo.nl\\\/de\\\/#organization\"}}]}\n\t\t<\/script>\n\t\t<!-- All in One SEO Pro -->\r\n\t\t<title>Strickm\u00fctze KP549 bedrucken warm Acryl One-size<\/title>\n\n","aioseo_head_json":{"title":"Strickm\u00fctze KP549 bedrucken warm Acryl One-size","description":"100% Acryl, weich gek\u00e4mmt: Modell KP549 h\u00e4lt dich warm im Alltag & bei Eins\u00e4tzen drau\u00dfen; One-size passt bequem. Du kannst die M\u00fctze bedrucken lassen oder die Strickm\u00fctze besticken; w\u00e4hle Black, Alloy Grey Heather oder Dress Blue f\u00fcr einen einheitlichen Auftritt.","canonical_url":"https:\/\/hidalgo.nl\/de\/wp-json\/wp\/v2\/product\/83149","robots":"max-image-preview:large","keywords":"","webmasterTools":{"miscellaneous":""},"schema":{"@context":"https:\/\/schema.org","@graph":[{"@type":"BreadcrumbList","@id":"https:\/\/hidalgo.nl\/de\/product\/83149\/strickmuetze-kp549-bedrucken-warm-acryl-one-size\/#breadcrumblist","itemListElement":[{"@type":"ListItem","@id":"https:\/\/hidalgo.nl\/de\/#listItem","position":1,"name":"Home","item":"https:\/\/hidalgo.nl\/de\/","nextItem":{"@type":"ListItem","@id":"https:\/\/hidalgo.nl\/example\/#listItem","name":"example"}},{"@type":"ListItem","@id":"https:\/\/hidalgo.nl\/example\/#listItem","position":2,"name":"example","item":"https:\/\/hidalgo.nl\/example\/","nextItem":{"@type":"ListItem","@id":"https:\/\/hidalgo.nl\/en\/product-supplier\/a403\/#listItem","name":"A403"},"previousItem":{"@type":"ListItem","@id":"https:\/\/hidalgo.nl\/de\/#listItem","name":"Home"}},{"@type":"ListItem","@id":"https:\/\/hidalgo.nl\/en\/product-supplier\/a403\/#listItem","position":3,"name":"A403","item":"https:\/\/hidalgo.nl\/en\/product-supplier\/a403\/","nextItem":{"@type":"ListItem","@id":"https:\/\/hidalgo.nl\/de\/product\/83149\/strickmuetze-kp549-bedrucken-warm-acryl-one-size\/#listItem","name":"KP549 &#8211; Gebreide muts"},"previousItem":{"@type":"ListItem","@id":"https:\/\/hidalgo.nl\/example\/#listItem","name":"example"}},{"@type":"ListItem","@id":"https:\/\/hidalgo.nl\/de\/product\/83149\/strickmuetze-kp549-bedrucken-warm-acryl-one-size\/#listItem","position":4,"name":"KP549 &#8211; Gebreide muts","previousItem":{"@type":"ListItem","@id":"https:\/\/hidalgo.nl\/en\/product-supplier\/a403\/#listItem","name":"A403"}}]},{"@type":"Organization","@id":"https:\/\/hidalgo.nl\/de\/#organization","name":"Hidalgo","url":"https:\/\/hidalgo.nl\/de\/","logo":{"@type":"ImageObject","url":"https:\/\/shop.hidalgo.nl\/wp-content\/uploads\/2025\/11\/cropped-Hidalgo-est1993.png","@id":"https:\/\/hidalgo.nl\/de\/product\/83149\/strickmuetze-kp549-bedrucken-warm-acryl-one-size\/#organizationLogo","width":585,"height":195},"image":{"@id":"https:\/\/hidalgo.nl\/de\/product\/83149\/strickmuetze-kp549-bedrucken-warm-acryl-one-size\/#organizationLogo"}},{"@type":"ProductGroup","@id":"https:\/\/hidalgo.nl\/de\/product\/83149\/strickmuetze-kp549-bedrucken-warm-acryl-one-size\/#wooCommerceProduct","name":"Strickm\u00fctze KP549 bedrucken warm Acryl One-size","url":"https:\/\/hidalgo.nl\/de\/product\/83149\/strickmuetze-kp549-bedrucken-warm-acryl-one-size\/","brand":{"@type":"Brand","name":"K-up"},"sku":"A403-KP549","image":{"@type":"ImageObject","url":"https:\/\/shop.hidalgo.nl\/wp-content\/uploads\/2025\/07\/90c24e0f1ee6040bc2fc324e73a7298d9b653520e1fa2a50d7dcde36fb42de98.png","@id":"https:\/\/hidalgo.nl\/de\/product\/83149\/strickmuetze-kp549-bedrucken-warm-acryl-one-size\/#productImage","width":1000,"height":933},"productGroupID":83149,"hasVariant":[{"@type":"Product","@id":"https:\/\/hidalgo.nl\/de\/product\/83149\/strickmuetze-kp549-bedrucken-warm-acryl-one-size\/#wooCommerceProduct","name":"KP549 - Gebreide muts - , alloy-grey-heather","url":"https:\/\/hidalgo.nl\/de\/product\/83149\/strickmuetze-kp549-bedrucken-warm-acryl-one-size\/","sku":"A403-KP549_63120_63119","gtin":"3663639092531","image":{"@type":"ImageObject","url":"https:\/\/shop.hidalgo.nl\/wp-content\/uploads\/2025\/07\/90c24e0f1ee6040bc2fc324e73a7298d9b653520e1fa2a50d7dcde36fb42de98.png","@id":"https:\/\/hidalgo.nl\/de\/product\/83149\/strickmuetze-kp549-bedrucken-warm-acryl-one-size\/#productImage","width":1000,"height":933},"offers":{"@type":"Offer","url":"https:\/\/hidalgo.nl\/de\/product\/83149\/strickmuetze-kp549-bedrucken-warm-acryl-one-size\/#wooCommerceOffer","price":"2.47","priceCurrency":"EUR","category":"Kleding","availability":"https:\/\/schema.org\/InStock","priceSpecification":{"@type":"PriceSpecification","price":2.47,"priceCurrency":"EUR","valueAddedTaxIncluded":"true"}}},{"@type":"Product","@id":"https:\/\/hidalgo.nl\/de\/product\/83149\/strickmuetze-kp549-bedrucken-warm-acryl-one-size\/#wooCommerceProduct","name":"KP549 - Gebreide muts - , black","url":"https:\/\/hidalgo.nl\/de\/product\/83149\/strickmuetze-kp549-bedrucken-warm-acryl-one-size\/","sku":"A403-KP549_63122_63119","gtin":"3663639092524","image":{"@type":"ImageObject","url":"https:\/\/shop.hidalgo.nl\/wp-content\/uploads\/2025\/07\/aff042f7da3c66507d7e2f55be5e6071b7522d82f8b777df7e996430c4d0510f.png","@id":"https:\/\/hidalgo.nl\/de\/product\/83149\/strickmuetze-kp549-bedrucken-warm-acryl-one-size\/#productImage","width":1000,"height":933},"offers":{"@type":"Offer","url":"https:\/\/hidalgo.nl\/de\/product\/83149\/strickmuetze-kp549-bedrucken-warm-acryl-one-size\/#wooCommerceOffer","price":"2.47","priceCurrency":"EUR","category":"Kleding","availability":"https:\/\/schema.org\/InStock","priceSpecification":{"@type":"PriceSpecification","price":2.47,"priceCurrency":"EUR","valueAddedTaxIncluded":"true"}}},{"@type":"Product","@id":"https:\/\/hidalgo.nl\/de\/product\/83149\/strickmuetze-kp549-bedrucken-warm-acryl-one-size\/#wooCommerceProduct","name":"KP549 - Gebreide muts - , dress-blue","url":"https:\/\/hidalgo.nl\/de\/product\/83149\/strickmuetze-kp549-bedrucken-warm-acryl-one-size\/","sku":"A403-KP549_63121_63119","gtin":"3663639092548","image":{"@type":"ImageObject","url":"https:\/\/shop.hidalgo.nl\/wp-content\/uploads\/2025\/07\/67761bd4f8ba22914299c5611b96bb73dde60c2cabb95e873d18ca448d5ce3a6.png","@id":"https:\/\/hidalgo.nl\/de\/product\/83149\/strickmuetze-kp549-bedrucken-warm-acryl-one-size\/#productImage","width":1000,"height":933},"offers":{"@type":"Offer","url":"https:\/\/hidalgo.nl\/de\/product\/83149\/strickmuetze-kp549-bedrucken-warm-acryl-one-size\/#wooCommerceOffer","price":"2.47","priceCurrency":"EUR","category":"Kleding","availability":"https:\/\/schema.org\/InStock","priceSpecification":{"@type":"PriceSpecification","price":2.47,"priceCurrency":"EUR","valueAddedTaxIncluded":"true"}}}]},{"@type":"WebPage","@id":"https:\/\/hidalgo.nl\/de\/product\/83149\/strickmuetze-kp549-bedrucken-warm-acryl-one-size\/#webpage","url":"https:\/\/hidalgo.nl\/de\/product\/83149\/strickmuetze-kp549-bedrucken-warm-acryl-one-size\/","name":"Strickm\u00fctze KP549 bedrucken warm Acryl One-size","description":"100% Acryl, weich gek\u00e4mmt: Modell KP549 h\u00e4lt dich warm im Alltag & bei Eins\u00e4tzen drau\u00dfen; One-size passt bequem. Du kannst die M\u00fctze bedrucken lassen oder die Strickm\u00fctze besticken; w\u00e4hle Black, Alloy Grey Heather oder Dress Blue f\u00fcr einen einheitlichen Auftritt.","inLanguage":"de-DE","isPartOf":{"@id":"https:\/\/hidalgo.nl\/de\/#website"},"breadcrumb":{"@id":"https:\/\/hidalgo.nl\/de\/product\/83149\/strickmuetze-kp549-bedrucken-warm-acryl-one-size\/#breadcrumblist"},"image":{"@type":"ImageObject","url":"https:\/\/shop.hidalgo.nl\/wp-content\/uploads\/2025\/07\/90c24e0f1ee6040bc2fc324e73a7298d9b653520e1fa2a50d7dcde36fb42de98.png","@id":"https:\/\/hidalgo.nl\/de\/product\/83149\/strickmuetze-kp549-bedrucken-warm-acryl-one-size\/#mainImage","width":1000,"height":933},"primaryImageOfPage":{"@id":"https:\/\/hidalgo.nl\/de\/product\/83149\/strickmuetze-kp549-bedrucken-warm-acryl-one-size\/#mainImage"},"datePublished":"2025-07-07T01:43:05+00:00","dateModified":"2026-03-22T07:43:26+00:00"},{"@type":"WebSite","@id":"https:\/\/hidalgo.nl\/de\/#website","url":"https:\/\/hidalgo.nl\/de\/","name":"Hidalgo","inLanguage":"de-DE","publisher":{"@id":"https:\/\/hidalgo.nl\/de\/#organization"}}]},"og:locale":"de_DE","og:site_name":"Hidalgo -","og:type":"article","og:title":"Strickm\u00fctze KP549 bedrucken warm Acryl One-size","og:description":"100% Acryl, weich gek\u00e4mmt: Modell KP549 h\u00e4lt dich warm im Alltag &amp; bei Eins\u00e4tzen drau\u00dfen; One-size passt bequem. Du kannst die M\u00fctze bedrucken lassen oder die Strickm\u00fctze besticken; w\u00e4hle Black, Alloy Grey Heather oder Dress Blue f\u00fcr einen einheitlichen Auftritt.","og:url":"https:\/\/hidalgo.nl\/de\/wp-json\/wp\/v2\/product\/83149","og:image":"https:\/\/shop.hidalgo.nl\/wp-content\/uploads\/2025\/11\/cropped-Hidalgo-est1993.png","og:image:secure_url":"https:\/\/shop.hidalgo.nl\/wp-content\/uploads\/2025\/11\/cropped-Hidalgo-est1993.png","article:published_time":"2025-07-07T01:43:05+00:00","article:modified_time":"2026-03-22T07:43:26+00:00","twitter:card":"summary_large_image","twitter:title":"Strickm\u00fctze KP549 bedrucken warm Acryl One-size","twitter:description":"100% Acryl, weich gek\u00e4mmt: Modell KP549 h\u00e4lt dich warm im Alltag &amp; bei Eins\u00e4tzen drau\u00dfen; One-size passt bequem. Du kannst die M\u00fctze bedrucken lassen oder die Strickm\u00fctze besticken; w\u00e4hle Black, Alloy Grey Heather oder Dress Blue f\u00fcr einen einheitlichen Auftritt.","twitter:image":"https:\/\/shop.hidalgo.nl\/wp-content\/uploads\/2025\/11\/cropped-Hidalgo-est1993.png"},"aioseo_meta_data":{"post_id":"83149","title":null,"description":null,"keywords":null,"keyphrases":null,"primary_term":null,"canonical_url":null,"og_title":null,"og_description":null,"og_object_type":"default","og_image_type":"default","og_image_url":null,"og_image_width":null,"og_image_height":null,"og_image_custom_url":null,"og_image_custom_fields":null,"og_video":null,"og_custom_url":null,"og_article_section":null,"og_article_tags":null,"twitter_use_og":false,"twitter_card":"default","twitter_image_type":"default","twitter_image_url":null,"twitter_image_custom_url":null,"twitter_image_custom_fields":null,"twitter_title":null,"twitter_description":null,"schema":{"blockGraphs":[],"customGraphs":[],"default":{"data":{"Article":[],"Course":[],"Dataset":[],"FAQPage":[],"Movie":[],"Person":[],"Product":[],"ProductReview":[],"Car":[],"Recipe":[],"Service":[],"SoftwareApplication":[],"WebPage":[]},"graphName":"","isEnabled":true},"graphs":[]},"schema_type":"default","schema_type_options":null,"pillar_content":false,"robots_default":true,"robots_noindex":false,"robots_noarchive":false,"robots_nosnippet":false,"robots_nofollow":false,"robots_noimageindex":false,"robots_noodp":false,"robots_notranslate":false,"robots_max_snippet":null,"robots_max_videopreview":null,"robots_max_imagepreview":"large","priority":null,"frequency":null,"local_seo":null,"seo_analyzer_scan_date":"2026-01-20 16:11:24","breadcrumb_settings":null,"limit_modified_date":false,"reviewed_by":null,"open_ai":null,"ai":null,"created":"2026-01-14 06:25:30","updated":"2026-04-22 20:00:54"},"aioseo_breadcrumb":"<div class=\"aioseo-breadcrumbs\"><span class=\"aioseo-breadcrumb\">\n\t<a href=\"https:\/\/hidalgo.nl\/de\/\" title=\"Home\">Home<\/a>\n<\/span><span class=\"aioseo-breadcrumb-separator\">\u00bb<\/span><span class=\"aioseo-breadcrumb\">\n\t<a href=\"https:\/\/hidalgo.nl\/example\/\" title=\"example\">example<\/a>\n<\/span><span class=\"aioseo-breadcrumb-separator\">\u00bb<\/span><span class=\"aioseo-breadcrumb\">\n\t<a href=\"https:\/\/hidalgo.nl\/en\/product-supplier\/a403\/\" title=\"A403\">A403<\/a>\n<\/span><span class=\"aioseo-breadcrumb-separator\">\u00bb<\/span><span class=\"aioseo-breadcrumb\">\n\tKP549 \u2013 Gebreide muts\n<\/span><\/div>","aioseo_breadcrumb_json":[{"label":"Home","link":"https:\/\/hidalgo.nl\/de\/"},{"label":"example","link":"https:\/\/hidalgo.nl\/example\/"},{"label":"A403","link":"https:\/\/hidalgo.nl\/en\/product-supplier\/a403\/"},{"label":"KP549 &#8211; Gebreide muts","link":"https:\/\/hidalgo.nl\/de\/product\/83149\/strickmuetze-kp549-bedrucken-warm-acryl-one-size\/"}],"_links":{"self":[{"href":"https:\/\/hidalgo.nl\/de\/wp-json\/wp\/v2\/product\/83149","targetHints":{"allow":["GET"]}}],"collection":[{"href":"https:\/\/hidalgo.nl\/de\/wp-json\/wp\/v2\/product"}],"about":[{"href":"https:\/\/hidalgo.nl\/de\/wp-json\/wp\/v2\/types\/product"}],"wp:featuredmedia":[{"embeddable":true,"href":"https:\/\/hidalgo.nl\/de\/wp-json\/wp\/v2\/media\/83150"}],"wp:attachment":[{"href":"https:\/\/hidalgo.nl\/de\/wp-json\/wp\/v2\/media?parent=83149"}],"wp:term":[{"taxonomy":"product_brand","embeddable":true,"href":"https:\/\/hidalgo.nl\/de\/wp-json\/wp\/v2\/product_brand?post=83149"},{"taxonomy":"product_cat","embeddable":true,"href":"https:\/\/hidalgo.nl\/de\/wp-json\/wp\/v2\/product_cat?post=83149"},{"taxonomy":"product_tag","embeddable":true,"href":"https:\/\/hidalgo.nl\/de\/wp-json\/wp\/v2\/product_tag?post=83149"}],"curies":[{"name":"wp","href":"https:\/\/api.w.org\/{rel}","templated":true}]}}