{"id":83122,"date":"2025-07-07T01:42:24","date_gmt":"2025-07-07T01:42:24","guid":{"rendered":"http:\/\/bidonsenshakers.pim.hidalgo.nl\/product\/kp535-getailleerde-sportmuts\/"},"modified":"2026-03-22T07:42:15","modified_gmt":"2026-03-22T07:42:15","slug":"kp535-getailleerde-sportmuts","status":"publish","type":"product","link":"https:\/\/hidalgo.nl\/de\/product\/83122\/sportmuetze-bedrucken-kp535-enganliegend-baumwolle-one-size\/","title":{"rendered":"KP535 &#8211; Getailleerde sportmuts"},"content":{"rendered":"<p>Getailleerde sportmuts van 95% katoen \/ 5% elasthan.<\/p>\n","protected":false},"excerpt":{"rendered":"<p>Getailleerde sportmuts van 95% katoen \/ 5% elasthan.<\/p>\n","protected":false},"featured_media":83123,"template":"","meta":{"_acf_changed":false,"om_disable_all_campaigns":false,"_monsterinsights_skip_tracking":false,"_monsterinsights_sitenote_active":false,"_monsterinsights_sitenote_note":"","_monsterinsights_sitenote_category":0},"product_brand":[1250],"product_cat":[4716,4759,4746],"product_tag":[],"class_list":{"0":"post-83122","1":"product","2":"type-product","3":"status-publish","4":"has-post-thumbnail","6":"product_supplier-a403","7":"product_material-katoen","8":"product_brand-k-up","9":"product_cat-kleding","10":"product_cat-kleding-petten-mutsen-en-hoeden-mutsen","11":"product_cat-kleding-petten-mutsen-en-hoeden","12":"entry","14":"first","15":"instock","16":"taxable","17":"shipping-taxable","18":"purchasable","19":"product-type-variable"},"acf":{"imprint_cost":[{"imprint_cost_key":"33483b79de35c41f6a5968127e3727b83ce2fe0b","product_quantity_price_range":[{"imprint_cost_recommended_selling_price":"0","imprint_cost_recommended_selling_quantity":"1"}],"product_quantity_price_range_buying":false,"imprint_cost_setup_costs":"","imprint_cost_handling_costs":""}]},"aioseo_notices":[],"aioseo_head":"\n\t\t<!-- All in One SEO Pro 4.9.6.2 - aioseo.com -->\n\t<meta name=\"description\" content=\"Bringe dein Team nach vorn: Das Modell KP535 aus Baumwollmix sitzt tailliert, w\u00e4rmt beim Sport und passt dank One Size allen. Du kannst M\u00fctzen bedrucken lassen f\u00fcr eine Sportm\u00fctze mit Logo in Black oder Oxford Grey; auf Wunsch auch bestickt - sauber, haltbar &amp; termingerecht.\" \/>\n\t<meta name=\"robots\" content=\"max-image-preview:large\" \/>\n\t<link rel=\"canonical\" href=\"https:\/\/hidalgo.nl\/de\/wp-json\/wp\/v2\/product\/83122\" \/>\n\t<meta name=\"generator\" content=\"All in One SEO Pro (AIOSEO) 4.9.6.2\" \/>\n\t\t<meta property=\"og:locale\" content=\"de_DE\" \/>\n\t\t<meta property=\"og:site_name\" content=\"Hidalgo -\" \/>\n\t\t<meta property=\"og:type\" content=\"article\" \/>\n\t\t<meta property=\"og:title\" content=\"Sportm\u00fctze bedrucken KP535 enganliegend Baumwolle One-size\" \/>\n\t\t<meta property=\"og:description\" content=\"Bringe dein Team nach vorn: Das Modell KP535 aus Baumwollmix sitzt tailliert, w\u00e4rmt beim Sport und passt dank One Size allen. Du kannst M\u00fctzen bedrucken lassen f\u00fcr eine Sportm\u00fctze mit Logo in Black oder Oxford Grey; auf Wunsch auch bestickt - sauber, haltbar &amp; termingerecht.\" \/>\n\t\t<meta property=\"og:url\" content=\"https:\/\/hidalgo.nl\/de\/wp-json\/wp\/v2\/product\/83122\" \/>\n\t\t<meta property=\"og:image\" content=\"https:\/\/shop.hidalgo.nl\/wp-content\/uploads\/2025\/11\/cropped-Hidalgo-est1993.png\" \/>\n\t\t<meta property=\"og:image:secure_url\" content=\"https:\/\/shop.hidalgo.nl\/wp-content\/uploads\/2025\/11\/cropped-Hidalgo-est1993.png\" \/>\n\t\t<meta property=\"article:published_time\" content=\"2025-07-07T01:42:24+00:00\" \/>\n\t\t<meta property=\"article:modified_time\" content=\"2026-03-22T07:42:15+00:00\" \/>\n\t\t<meta name=\"twitter:card\" content=\"summary_large_image\" \/>\n\t\t<meta name=\"twitter:title\" content=\"Sportm\u00fctze bedrucken KP535 enganliegend Baumwolle One-size\" \/>\n\t\t<meta name=\"twitter:description\" content=\"Bringe dein Team nach vorn: Das Modell KP535 aus Baumwollmix sitzt tailliert, w\u00e4rmt beim Sport und passt dank One Size allen. Du kannst M\u00fctzen bedrucken lassen f\u00fcr eine Sportm\u00fctze mit Logo in Black oder Oxford Grey; auf Wunsch auch bestickt - sauber, haltbar &amp; termingerecht.\" \/>\n\t\t<meta name=\"twitter:image\" content=\"https:\/\/shop.hidalgo.nl\/wp-content\/uploads\/2025\/11\/cropped-Hidalgo-est1993.png\" \/>\n\t\t<script type=\"application\/ld+json\" class=\"aioseo-schema\">\n\t\t\t{\"@context\":\"https:\\\/\\\/schema.org\",\"@graph\":[{\"@type\":\"BreadcrumbList\",\"@id\":\"https:\\\/\\\/hidalgo.nl\\\/de\\\/product\\\/83122\\\/sportmuetze-bedrucken-kp535-enganliegend-baumwolle-one-size\\\/#breadcrumblist\",\"itemListElement\":[{\"@type\":\"ListItem\",\"@id\":\"https:\\\/\\\/hidalgo.nl\\\/de\\\/#listItem\",\"position\":1,\"name\":\"Home\",\"item\":\"https:\\\/\\\/hidalgo.nl\\\/de\\\/\",\"nextItem\":{\"@type\":\"ListItem\",\"@id\":\"https:\\\/\\\/hidalgo.nl\\\/example\\\/#listItem\",\"name\":\"example\"}},{\"@type\":\"ListItem\",\"@id\":\"https:\\\/\\\/hidalgo.nl\\\/example\\\/#listItem\",\"position\":2,\"name\":\"example\",\"item\":\"https:\\\/\\\/hidalgo.nl\\\/example\\\/\",\"nextItem\":{\"@type\":\"ListItem\",\"@id\":\"https:\\\/\\\/hidalgo.nl\\\/en\\\/product-supplier\\\/a403\\\/#listItem\",\"name\":\"A403\"},\"previousItem\":{\"@type\":\"ListItem\",\"@id\":\"https:\\\/\\\/hidalgo.nl\\\/de\\\/#listItem\",\"name\":\"Home\"}},{\"@type\":\"ListItem\",\"@id\":\"https:\\\/\\\/hidalgo.nl\\\/en\\\/product-supplier\\\/a403\\\/#listItem\",\"position\":3,\"name\":\"A403\",\"item\":\"https:\\\/\\\/hidalgo.nl\\\/en\\\/product-supplier\\\/a403\\\/\",\"nextItem\":{\"@type\":\"ListItem\",\"@id\":\"https:\\\/\\\/hidalgo.nl\\\/de\\\/product\\\/83122\\\/sportmuetze-bedrucken-kp535-enganliegend-baumwolle-one-size\\\/#listItem\",\"name\":\"KP535 &#8211; Getailleerde sportmuts\"},\"previousItem\":{\"@type\":\"ListItem\",\"@id\":\"https:\\\/\\\/hidalgo.nl\\\/example\\\/#listItem\",\"name\":\"example\"}},{\"@type\":\"ListItem\",\"@id\":\"https:\\\/\\\/hidalgo.nl\\\/de\\\/product\\\/83122\\\/sportmuetze-bedrucken-kp535-enganliegend-baumwolle-one-size\\\/#listItem\",\"position\":4,\"name\":\"KP535 &#8211; Getailleerde sportmuts\",\"previousItem\":{\"@type\":\"ListItem\",\"@id\":\"https:\\\/\\\/hidalgo.nl\\\/en\\\/product-supplier\\\/a403\\\/#listItem\",\"name\":\"A403\"}}]},{\"@type\":\"Organization\",\"@id\":\"https:\\\/\\\/hidalgo.nl\\\/de\\\/#organization\",\"name\":\"Hidalgo\",\"url\":\"https:\\\/\\\/hidalgo.nl\\\/de\\\/\",\"logo\":{\"@type\":\"ImageObject\",\"url\":\"https:\\\/\\\/shop.hidalgo.nl\\\/wp-content\\\/uploads\\\/2025\\\/11\\\/cropped-Hidalgo-est1993.png\",\"@id\":\"https:\\\/\\\/hidalgo.nl\\\/de\\\/product\\\/83122\\\/sportmuetze-bedrucken-kp535-enganliegend-baumwolle-one-size\\\/#organizationLogo\",\"width\":585,\"height\":195},\"image\":{\"@id\":\"https:\\\/\\\/hidalgo.nl\\\/de\\\/product\\\/83122\\\/sportmuetze-bedrucken-kp535-enganliegend-baumwolle-one-size\\\/#organizationLogo\"}},{\"@type\":\"ProductGroup\",\"@id\":\"https:\\\/\\\/hidalgo.nl\\\/de\\\/product\\\/83122\\\/sportmuetze-bedrucken-kp535-enganliegend-baumwolle-one-size\\\/#wooCommerceProduct\",\"name\":\"Sportm\\u00fctze bedrucken KP535 enganliegend Baumwolle One-size\",\"url\":\"https:\\\/\\\/hidalgo.nl\\\/de\\\/product\\\/83122\\\/sportmuetze-bedrucken-kp535-enganliegend-baumwolle-one-size\\\/\",\"brand\":{\"@type\":\"Brand\",\"name\":\"K-up\"},\"sku\":\"A403-KP535\",\"image\":{\"@type\":\"ImageObject\",\"url\":\"https:\\\/\\\/shop.hidalgo.nl\\\/wp-content\\\/uploads\\\/2025\\\/07\\\/3a5e3f1fa9c2a9b4ccdbf5cd673ef421af35a205bd5d5eee6783438a4f99b442.png\",\"@id\":\"https:\\\/\\\/hidalgo.nl\\\/de\\\/product\\\/83122\\\/sportmuetze-bedrucken-kp535-enganliegend-baumwolle-one-size\\\/#productImage\",\"width\":1000,\"height\":938},\"productGroupID\":83122,\"hasVariant\":[{\"@type\":\"Product\",\"@id\":\"https:\\\/\\\/hidalgo.nl\\\/de\\\/product\\\/83122\\\/sportmuetze-bedrucken-kp535-enganliegend-baumwolle-one-size\\\/#wooCommerceProduct\",\"name\":\"KP535 - Getailleerde sportmuts - , black\",\"url\":\"https:\\\/\\\/hidalgo.nl\\\/de\\\/product\\\/83122\\\/sportmuetze-bedrucken-kp535-enganliegend-baumwolle-one-size\\\/\",\"sku\":\"A403-KP535_60456_60455\",\"gtin\":\"3663639078177\",\"image\":{\"@type\":\"ImageObject\",\"url\":\"https:\\\/\\\/shop.hidalgo.nl\\\/wp-content\\\/uploads\\\/2025\\\/07\\\/3a5e3f1fa9c2a9b4ccdbf5cd673ef421af35a205bd5d5eee6783438a4f99b442.png\",\"@id\":\"https:\\\/\\\/hidalgo.nl\\\/de\\\/product\\\/83122\\\/sportmuetze-bedrucken-kp535-enganliegend-baumwolle-one-size\\\/#productImage\",\"width\":1000,\"height\":938},\"offers\":{\"@type\":\"Offer\",\"url\":\"https:\\\/\\\/hidalgo.nl\\\/de\\\/product\\\/83122\\\/sportmuetze-bedrucken-kp535-enganliegend-baumwolle-one-size\\\/#wooCommerceOffer\",\"price\":\"2.62\",\"priceCurrency\":\"EUR\",\"category\":\"Kleding\",\"availability\":\"https:\\\/\\\/schema.org\\\/InStock\",\"priceSpecification\":{\"@type\":\"PriceSpecification\",\"price\":2.62,\"priceCurrency\":\"EUR\",\"valueAddedTaxIncluded\":\"true\"}}},{\"@type\":\"Product\",\"@id\":\"https:\\\/\\\/hidalgo.nl\\\/de\\\/product\\\/83122\\\/sportmuetze-bedrucken-kp535-enganliegend-baumwolle-one-size\\\/#wooCommerceProduct\",\"name\":\"KP535 - Getailleerde sportmuts - , oxford-grey\",\"url\":\"https:\\\/\\\/hidalgo.nl\\\/de\\\/product\\\/83122\\\/sportmuetze-bedrucken-kp535-enganliegend-baumwolle-one-size\\\/\",\"sku\":\"A403-KP535_60457_60455\",\"gtin\":\"3663639078160\",\"image\":{\"@type\":\"ImageObject\",\"url\":\"https:\\\/\\\/shop.hidalgo.nl\\\/wp-content\\\/uploads\\\/2025\\\/07\\\/a0134a0f621a047d981c65bebc96359812a35ec5efb6012f24f5c07aee83b0ce.png\",\"@id\":\"https:\\\/\\\/hidalgo.nl\\\/de\\\/product\\\/83122\\\/sportmuetze-bedrucken-kp535-enganliegend-baumwolle-one-size\\\/#productImage\",\"width\":1000,\"height\":776},\"offers\":{\"@type\":\"Offer\",\"url\":\"https:\\\/\\\/hidalgo.nl\\\/de\\\/product\\\/83122\\\/sportmuetze-bedrucken-kp535-enganliegend-baumwolle-one-size\\\/#wooCommerceOffer\",\"price\":\"2.62\",\"priceCurrency\":\"EUR\",\"category\":\"Kleding\",\"availability\":\"https:\\\/\\\/schema.org\\\/InStock\",\"priceSpecification\":{\"@type\":\"PriceSpecification\",\"price\":2.62,\"priceCurrency\":\"EUR\",\"valueAddedTaxIncluded\":\"true\"}}}]},{\"@type\":\"WebPage\",\"@id\":\"https:\\\/\\\/hidalgo.nl\\\/de\\\/product\\\/83122\\\/sportmuetze-bedrucken-kp535-enganliegend-baumwolle-one-size\\\/#webpage\",\"url\":\"https:\\\/\\\/hidalgo.nl\\\/de\\\/product\\\/83122\\\/sportmuetze-bedrucken-kp535-enganliegend-baumwolle-one-size\\\/\",\"name\":\"Sportm\\u00fctze bedrucken KP535 enganliegend Baumwolle One-size\",\"description\":\"Bringe dein Team nach vorn: Das Modell KP535 aus Baumwollmix sitzt tailliert, w\\u00e4rmt beim Sport und passt dank One Size allen. Du kannst M\\u00fctzen bedrucken lassen f\\u00fcr eine Sportm\\u00fctze mit Logo in Black oder Oxford Grey; auf Wunsch auch bestickt - sauber, haltbar & termingerecht.\",\"inLanguage\":\"de-DE\",\"isPartOf\":{\"@id\":\"https:\\\/\\\/hidalgo.nl\\\/de\\\/#website\"},\"breadcrumb\":{\"@id\":\"https:\\\/\\\/hidalgo.nl\\\/de\\\/product\\\/83122\\\/sportmuetze-bedrucken-kp535-enganliegend-baumwolle-one-size\\\/#breadcrumblist\"},\"image\":{\"@type\":\"ImageObject\",\"url\":\"https:\\\/\\\/shop.hidalgo.nl\\\/wp-content\\\/uploads\\\/2025\\\/07\\\/3a5e3f1fa9c2a9b4ccdbf5cd673ef421af35a205bd5d5eee6783438a4f99b442.png\",\"@id\":\"https:\\\/\\\/hidalgo.nl\\\/de\\\/product\\\/83122\\\/sportmuetze-bedrucken-kp535-enganliegend-baumwolle-one-size\\\/#mainImage\",\"width\":1000,\"height\":938},\"primaryImageOfPage\":{\"@id\":\"https:\\\/\\\/hidalgo.nl\\\/de\\\/product\\\/83122\\\/sportmuetze-bedrucken-kp535-enganliegend-baumwolle-one-size\\\/#mainImage\"},\"datePublished\":\"2025-07-07T01:42:24+00:00\",\"dateModified\":\"2026-03-22T07:42:15+00:00\"},{\"@type\":\"WebSite\",\"@id\":\"https:\\\/\\\/hidalgo.nl\\\/de\\\/#website\",\"url\":\"https:\\\/\\\/hidalgo.nl\\\/de\\\/\",\"name\":\"Hidalgo\",\"inLanguage\":\"de-DE\",\"publisher\":{\"@id\":\"https:\\\/\\\/hidalgo.nl\\\/de\\\/#organization\"}}]}\n\t\t<\/script>\n\t\t<!-- All in One SEO Pro -->\r\n\t\t<title>Sportm\u00fctze bedrucken KP535 enganliegend Baumwolle One-size<\/title>\n\n","aioseo_head_json":{"title":"Sportm\u00fctze bedrucken KP535 enganliegend Baumwolle One-size","description":"Bringe dein Team nach vorn: Das Modell KP535 aus Baumwollmix sitzt tailliert, w\u00e4rmt beim Sport und passt dank One Size allen. Du kannst M\u00fctzen bedrucken lassen f\u00fcr eine Sportm\u00fctze mit Logo in Black oder Oxford Grey; auf Wunsch auch bestickt - sauber, haltbar & termingerecht.","canonical_url":"https:\/\/hidalgo.nl\/de\/wp-json\/wp\/v2\/product\/83122","robots":"max-image-preview:large","keywords":"","webmasterTools":{"miscellaneous":""},"schema":{"@context":"https:\/\/schema.org","@graph":[{"@type":"BreadcrumbList","@id":"https:\/\/hidalgo.nl\/de\/product\/83122\/sportmuetze-bedrucken-kp535-enganliegend-baumwolle-one-size\/#breadcrumblist","itemListElement":[{"@type":"ListItem","@id":"https:\/\/hidalgo.nl\/de\/#listItem","position":1,"name":"Home","item":"https:\/\/hidalgo.nl\/de\/","nextItem":{"@type":"ListItem","@id":"https:\/\/hidalgo.nl\/example\/#listItem","name":"example"}},{"@type":"ListItem","@id":"https:\/\/hidalgo.nl\/example\/#listItem","position":2,"name":"example","item":"https:\/\/hidalgo.nl\/example\/","nextItem":{"@type":"ListItem","@id":"https:\/\/hidalgo.nl\/en\/product-supplier\/a403\/#listItem","name":"A403"},"previousItem":{"@type":"ListItem","@id":"https:\/\/hidalgo.nl\/de\/#listItem","name":"Home"}},{"@type":"ListItem","@id":"https:\/\/hidalgo.nl\/en\/product-supplier\/a403\/#listItem","position":3,"name":"A403","item":"https:\/\/hidalgo.nl\/en\/product-supplier\/a403\/","nextItem":{"@type":"ListItem","@id":"https:\/\/hidalgo.nl\/de\/product\/83122\/sportmuetze-bedrucken-kp535-enganliegend-baumwolle-one-size\/#listItem","name":"KP535 &#8211; Getailleerde sportmuts"},"previousItem":{"@type":"ListItem","@id":"https:\/\/hidalgo.nl\/example\/#listItem","name":"example"}},{"@type":"ListItem","@id":"https:\/\/hidalgo.nl\/de\/product\/83122\/sportmuetze-bedrucken-kp535-enganliegend-baumwolle-one-size\/#listItem","position":4,"name":"KP535 &#8211; Getailleerde sportmuts","previousItem":{"@type":"ListItem","@id":"https:\/\/hidalgo.nl\/en\/product-supplier\/a403\/#listItem","name":"A403"}}]},{"@type":"Organization","@id":"https:\/\/hidalgo.nl\/de\/#organization","name":"Hidalgo","url":"https:\/\/hidalgo.nl\/de\/","logo":{"@type":"ImageObject","url":"https:\/\/shop.hidalgo.nl\/wp-content\/uploads\/2025\/11\/cropped-Hidalgo-est1993.png","@id":"https:\/\/hidalgo.nl\/de\/product\/83122\/sportmuetze-bedrucken-kp535-enganliegend-baumwolle-one-size\/#organizationLogo","width":585,"height":195},"image":{"@id":"https:\/\/hidalgo.nl\/de\/product\/83122\/sportmuetze-bedrucken-kp535-enganliegend-baumwolle-one-size\/#organizationLogo"}},{"@type":"ProductGroup","@id":"https:\/\/hidalgo.nl\/de\/product\/83122\/sportmuetze-bedrucken-kp535-enganliegend-baumwolle-one-size\/#wooCommerceProduct","name":"Sportm\u00fctze bedrucken KP535 enganliegend Baumwolle One-size","url":"https:\/\/hidalgo.nl\/de\/product\/83122\/sportmuetze-bedrucken-kp535-enganliegend-baumwolle-one-size\/","brand":{"@type":"Brand","name":"K-up"},"sku":"A403-KP535","image":{"@type":"ImageObject","url":"https:\/\/shop.hidalgo.nl\/wp-content\/uploads\/2025\/07\/3a5e3f1fa9c2a9b4ccdbf5cd673ef421af35a205bd5d5eee6783438a4f99b442.png","@id":"https:\/\/hidalgo.nl\/de\/product\/83122\/sportmuetze-bedrucken-kp535-enganliegend-baumwolle-one-size\/#productImage","width":1000,"height":938},"productGroupID":83122,"hasVariant":[{"@type":"Product","@id":"https:\/\/hidalgo.nl\/de\/product\/83122\/sportmuetze-bedrucken-kp535-enganliegend-baumwolle-one-size\/#wooCommerceProduct","name":"KP535 - Getailleerde sportmuts - , black","url":"https:\/\/hidalgo.nl\/de\/product\/83122\/sportmuetze-bedrucken-kp535-enganliegend-baumwolle-one-size\/","sku":"A403-KP535_60456_60455","gtin":"3663639078177","image":{"@type":"ImageObject","url":"https:\/\/shop.hidalgo.nl\/wp-content\/uploads\/2025\/07\/3a5e3f1fa9c2a9b4ccdbf5cd673ef421af35a205bd5d5eee6783438a4f99b442.png","@id":"https:\/\/hidalgo.nl\/de\/product\/83122\/sportmuetze-bedrucken-kp535-enganliegend-baumwolle-one-size\/#productImage","width":1000,"height":938},"offers":{"@type":"Offer","url":"https:\/\/hidalgo.nl\/de\/product\/83122\/sportmuetze-bedrucken-kp535-enganliegend-baumwolle-one-size\/#wooCommerceOffer","price":"2.62","priceCurrency":"EUR","category":"Kleding","availability":"https:\/\/schema.org\/InStock","priceSpecification":{"@type":"PriceSpecification","price":2.62,"priceCurrency":"EUR","valueAddedTaxIncluded":"true"}}},{"@type":"Product","@id":"https:\/\/hidalgo.nl\/de\/product\/83122\/sportmuetze-bedrucken-kp535-enganliegend-baumwolle-one-size\/#wooCommerceProduct","name":"KP535 - Getailleerde sportmuts - , oxford-grey","url":"https:\/\/hidalgo.nl\/de\/product\/83122\/sportmuetze-bedrucken-kp535-enganliegend-baumwolle-one-size\/","sku":"A403-KP535_60457_60455","gtin":"3663639078160","image":{"@type":"ImageObject","url":"https:\/\/shop.hidalgo.nl\/wp-content\/uploads\/2025\/07\/a0134a0f621a047d981c65bebc96359812a35ec5efb6012f24f5c07aee83b0ce.png","@id":"https:\/\/hidalgo.nl\/de\/product\/83122\/sportmuetze-bedrucken-kp535-enganliegend-baumwolle-one-size\/#productImage","width":1000,"height":776},"offers":{"@type":"Offer","url":"https:\/\/hidalgo.nl\/de\/product\/83122\/sportmuetze-bedrucken-kp535-enganliegend-baumwolle-one-size\/#wooCommerceOffer","price":"2.62","priceCurrency":"EUR","category":"Kleding","availability":"https:\/\/schema.org\/InStock","priceSpecification":{"@type":"PriceSpecification","price":2.62,"priceCurrency":"EUR","valueAddedTaxIncluded":"true"}}}]},{"@type":"WebPage","@id":"https:\/\/hidalgo.nl\/de\/product\/83122\/sportmuetze-bedrucken-kp535-enganliegend-baumwolle-one-size\/#webpage","url":"https:\/\/hidalgo.nl\/de\/product\/83122\/sportmuetze-bedrucken-kp535-enganliegend-baumwolle-one-size\/","name":"Sportm\u00fctze bedrucken KP535 enganliegend Baumwolle One-size","description":"Bringe dein Team nach vorn: Das Modell KP535 aus Baumwollmix sitzt tailliert, w\u00e4rmt beim Sport und passt dank One Size allen. Du kannst M\u00fctzen bedrucken lassen f\u00fcr eine Sportm\u00fctze mit Logo in Black oder Oxford Grey; auf Wunsch auch bestickt - sauber, haltbar & termingerecht.","inLanguage":"de-DE","isPartOf":{"@id":"https:\/\/hidalgo.nl\/de\/#website"},"breadcrumb":{"@id":"https:\/\/hidalgo.nl\/de\/product\/83122\/sportmuetze-bedrucken-kp535-enganliegend-baumwolle-one-size\/#breadcrumblist"},"image":{"@type":"ImageObject","url":"https:\/\/shop.hidalgo.nl\/wp-content\/uploads\/2025\/07\/3a5e3f1fa9c2a9b4ccdbf5cd673ef421af35a205bd5d5eee6783438a4f99b442.png","@id":"https:\/\/hidalgo.nl\/de\/product\/83122\/sportmuetze-bedrucken-kp535-enganliegend-baumwolle-one-size\/#mainImage","width":1000,"height":938},"primaryImageOfPage":{"@id":"https:\/\/hidalgo.nl\/de\/product\/83122\/sportmuetze-bedrucken-kp535-enganliegend-baumwolle-one-size\/#mainImage"},"datePublished":"2025-07-07T01:42:24+00:00","dateModified":"2026-03-22T07:42:15+00:00"},{"@type":"WebSite","@id":"https:\/\/hidalgo.nl\/de\/#website","url":"https:\/\/hidalgo.nl\/de\/","name":"Hidalgo","inLanguage":"de-DE","publisher":{"@id":"https:\/\/hidalgo.nl\/de\/#organization"}}]},"og:locale":"de_DE","og:site_name":"Hidalgo -","og:type":"article","og:title":"Sportm\u00fctze bedrucken KP535 enganliegend Baumwolle One-size","og:description":"Bringe dein Team nach vorn: Das Modell KP535 aus Baumwollmix sitzt tailliert, w\u00e4rmt beim Sport und passt dank One Size allen. Du kannst M\u00fctzen bedrucken lassen f\u00fcr eine Sportm\u00fctze mit Logo in Black oder Oxford Grey; auf Wunsch auch bestickt - sauber, haltbar &amp; termingerecht.","og:url":"https:\/\/hidalgo.nl\/de\/wp-json\/wp\/v2\/product\/83122","og:image":"https:\/\/shop.hidalgo.nl\/wp-content\/uploads\/2025\/11\/cropped-Hidalgo-est1993.png","og:image:secure_url":"https:\/\/shop.hidalgo.nl\/wp-content\/uploads\/2025\/11\/cropped-Hidalgo-est1993.png","article:published_time":"2025-07-07T01:42:24+00:00","article:modified_time":"2026-03-22T07:42:15+00:00","twitter:card":"summary_large_image","twitter:title":"Sportm\u00fctze bedrucken KP535 enganliegend Baumwolle One-size","twitter:description":"Bringe dein Team nach vorn: Das Modell KP535 aus Baumwollmix sitzt tailliert, w\u00e4rmt beim Sport und passt dank One Size allen. Du kannst M\u00fctzen bedrucken lassen f\u00fcr eine Sportm\u00fctze mit Logo in Black oder Oxford Grey; auf Wunsch auch bestickt - sauber, haltbar &amp; termingerecht.","twitter:image":"https:\/\/shop.hidalgo.nl\/wp-content\/uploads\/2025\/11\/cropped-Hidalgo-est1993.png"},"aioseo_meta_data":{"post_id":"83122","title":null,"description":null,"keywords":null,"keyphrases":null,"primary_term":null,"canonical_url":null,"og_title":null,"og_description":null,"og_object_type":"default","og_image_type":"default","og_image_url":null,"og_image_width":null,"og_image_height":null,"og_image_custom_url":null,"og_image_custom_fields":null,"og_video":null,"og_custom_url":null,"og_article_section":null,"og_article_tags":null,"twitter_use_og":false,"twitter_card":"default","twitter_image_type":"default","twitter_image_url":null,"twitter_image_custom_url":null,"twitter_image_custom_fields":null,"twitter_title":null,"twitter_description":null,"schema":{"blockGraphs":[],"customGraphs":[],"default":{"data":{"Article":[],"Course":[],"Dataset":[],"FAQPage":[],"Movie":[],"Person":[],"Product":[],"ProductReview":[],"Car":[],"Recipe":[],"Service":[],"SoftwareApplication":[],"WebPage":[]},"graphName":"","isEnabled":true},"graphs":[]},"schema_type":"default","schema_type_options":null,"pillar_content":false,"robots_default":true,"robots_noindex":false,"robots_noarchive":false,"robots_nosnippet":false,"robots_nofollow":false,"robots_noimageindex":false,"robots_noodp":false,"robots_notranslate":false,"robots_max_snippet":null,"robots_max_videopreview":null,"robots_max_imagepreview":"large","priority":null,"frequency":null,"local_seo":null,"seo_analyzer_scan_date":"2026-01-20 16:11:23","breadcrumb_settings":null,"limit_modified_date":false,"reviewed_by":null,"open_ai":null,"ai":null,"created":"2026-01-14 06:25:30","updated":"2026-04-22 19:59:51"},"aioseo_breadcrumb":"<div class=\"aioseo-breadcrumbs\"><span class=\"aioseo-breadcrumb\">\n\t<a href=\"https:\/\/hidalgo.nl\/de\/\" title=\"Home\">Home<\/a>\n<\/span><span class=\"aioseo-breadcrumb-separator\">\u00bb<\/span><span class=\"aioseo-breadcrumb\">\n\t<a href=\"https:\/\/hidalgo.nl\/example\/\" title=\"example\">example<\/a>\n<\/span><span class=\"aioseo-breadcrumb-separator\">\u00bb<\/span><span class=\"aioseo-breadcrumb\">\n\t<a href=\"https:\/\/hidalgo.nl\/en\/product-supplier\/a403\/\" title=\"A403\">A403<\/a>\n<\/span><span class=\"aioseo-breadcrumb-separator\">\u00bb<\/span><span class=\"aioseo-breadcrumb\">\n\tKP535 \u2013 Getailleerde sportmuts\n<\/span><\/div>","aioseo_breadcrumb_json":[{"label":"Home","link":"https:\/\/hidalgo.nl\/de\/"},{"label":"example","link":"https:\/\/hidalgo.nl\/example\/"},{"label":"A403","link":"https:\/\/hidalgo.nl\/en\/product-supplier\/a403\/"},{"label":"KP535 &#8211; Getailleerde sportmuts","link":"https:\/\/hidalgo.nl\/de\/product\/83122\/sportmuetze-bedrucken-kp535-enganliegend-baumwolle-one-size\/"}],"_links":{"self":[{"href":"https:\/\/hidalgo.nl\/de\/wp-json\/wp\/v2\/product\/83122","targetHints":{"allow":["GET"]}}],"collection":[{"href":"https:\/\/hidalgo.nl\/de\/wp-json\/wp\/v2\/product"}],"about":[{"href":"https:\/\/hidalgo.nl\/de\/wp-json\/wp\/v2\/types\/product"}],"wp:featuredmedia":[{"embeddable":true,"href":"https:\/\/hidalgo.nl\/de\/wp-json\/wp\/v2\/media\/83123"}],"wp:attachment":[{"href":"https:\/\/hidalgo.nl\/de\/wp-json\/wp\/v2\/media?parent=83122"}],"wp:term":[{"taxonomy":"product_brand","embeddable":true,"href":"https:\/\/hidalgo.nl\/de\/wp-json\/wp\/v2\/product_brand?post=83122"},{"taxonomy":"product_cat","embeddable":true,"href":"https:\/\/hidalgo.nl\/de\/wp-json\/wp\/v2\/product_cat?post=83122"},{"taxonomy":"product_tag","embeddable":true,"href":"https:\/\/hidalgo.nl\/de\/wp-json\/wp\/v2\/product_tag?post=83122"}],"curies":[{"name":"wp","href":"https:\/\/api.w.org\/{rel}","templated":true}]}}