{"id":828714,"date":"2026-02-05T15:31:11","date_gmt":"2026-02-05T15:31:11","guid":{"rendered":"https:\/\/hidalgo.nl\/product\/wooosh-pincho-serveerplank\/"},"modified":"2026-03-19T12:22:39","modified_gmt":"2026-03-19T12:22:39","slug":"wooosh-pincho-serveerplank","status":"publish","type":"product","link":"https:\/\/hidalgo.nl\/de\/product\/828714\/wooosh-pincho-servierbrett\/","title":{"rendered":"Wooosh Pincho Serveerplank"},"content":{"rendered":"<p>Deze Wooosh serveerplank met 2 porseleinen schaaltjes is een aangename eyecatcher op je tafel. De plank is van FSC 100% gecertificeerd acaciahout, een robuuste houtsoort met een warme uitstraling. De fraaie kenmerken van acaciahout, zoals de fijne nerf, vlamtekeningen en wisselende kleurschakeringen, geven deze plank een uniek karakter. Deze plank is met zorg behandeld met een vegetarische sojabonenolie. Dankzij de bacteriedodende eigenschappen van acacia is deze plank van nature hygi\u00ebnisch. De twee witte schaaltjes zijn ideaal voor het aanbieden van dipsausjes, salades of andere lekkernijen en maken dit product compleet. Deze plank is uitermate geschikt voor het aanbieden van borrelhapjes en is een perfecte aanvulling op elke tafelsetting. Per set in een luxe Wooosh geschenkverpakking.<\/p>\n","protected":false},"excerpt":{"rendered":"<p>Deze Wooosh serveerplank met 2 porseleinen schaaltjes is een aangename eyecatcher op je tafel. De plank is van FSC 100% gecertificeerd acaciahout, een robuuste houtsoort met een warme uitstraling. De fraaie kenmerken van acaciahout, zoals de fijne nerf, vlamtekeningen en wisselende kleurschakeringen, geven deze plank een uniek karakter. Deze plank is met zorg behandeld met&hellip; <a class=\"more-link\" href=\"https:\/\/hidalgo.nl\/de\/product\/828714\/wooosh-pincho-servierbrett\/\"><span class=\"screen-reader-text\">Wooosh Pincho Serveerplank<\/span> weiterlesen<\/a><\/p>\n","protected":false},"featured_media":828715,"template":"","meta":{"_acf_changed":false,"om_disable_all_campaigns":false,"_monsterinsights_skip_tracking":false,"_monsterinsights_sitenote_active":false,"_monsterinsights_sitenote_note":"","_monsterinsights_sitenote_category":0},"product_brand":[1969],"product_cat":[4766,4735,4719,4728],"product_tag":[],"class_list":{"0":"post-828714","1":"product","2":"type-product","3":"status-publish","4":"has-post-thumbnail","6":"product_supplier-a24","7":"product_material-fsc-acaciahoutporselein","8":"product_brand-wooosh","9":"product_cat-kaas-snij-en-serveer-planken","10":"product_cat-keuken","11":"product_cat-promotionele-artikelen","12":"product_cat-promotionele-artikelen-thuis-keuken-en-tuin","13":"entry","15":"first","16":"instock","17":"taxable","18":"shipping-taxable","19":"purchasable","20":"product-type-variable"},"acf":{"imprint_cost":[{"imprint_cost_key":"fbaae1b7e295e7d72e61a5aa7da8cc7f426a52b1","product_quantity_price_range":[{"imprint_cost_recommended_selling_price":"2.535","imprint_cost_recommended_selling_quantity":"1"},{"imprint_cost_recommended_selling_price":"1.785","imprint_cost_recommended_selling_quantity":"25"},{"imprint_cost_recommended_selling_price":"1.035","imprint_cost_recommended_selling_quantity":"50"},{"imprint_cost_recommended_selling_price":"0.84","imprint_cost_recommended_selling_quantity":"100"},{"imprint_cost_recommended_selling_price":"0.69","imprint_cost_recommended_selling_quantity":"250"},{"imprint_cost_recommended_selling_price":"0.63","imprint_cost_recommended_selling_quantity":"500"},{"imprint_cost_recommended_selling_price":"0.585","imprint_cost_recommended_selling_quantity":"1000"},{"imprint_cost_recommended_selling_price":"0.525","imprint_cost_recommended_selling_quantity":"2500"},{"imprint_cost_recommended_selling_price":"0.51","imprint_cost_recommended_selling_quantity":"5000"}],"product_quantity_price_range_buying":[{"imprint_cost_general_buying_price":"1.69","imprint_cost_general_buying_quantity":"1"},{"imprint_cost_general_buying_price":"1.19","imprint_cost_general_buying_quantity":"25"},{"imprint_cost_general_buying_price":"0.69","imprint_cost_general_buying_quantity":"50"},{"imprint_cost_general_buying_price":"0.56","imprint_cost_general_buying_quantity":"100"},{"imprint_cost_general_buying_price":"0.46","imprint_cost_general_buying_quantity":"250"},{"imprint_cost_general_buying_price":"0.42","imprint_cost_general_buying_quantity":"500"},{"imprint_cost_general_buying_price":"0.39","imprint_cost_general_buying_quantity":"1000"},{"imprint_cost_general_buying_price":"0.35","imprint_cost_general_buying_quantity":"2500"},{"imprint_cost_general_buying_price":"0.34","imprint_cost_general_buying_quantity":"5000"}],"imprint_cost_setup_costs":"26.25","imprint_cost_handling_costs":"0.15"},{"imprint_cost_key":"060448b0537849535e0ee4acd3383164b586d5bd","product_quantity_price_range":[{"imprint_cost_recommended_selling_price":"2.835","imprint_cost_recommended_selling_quantity":"1"},{"imprint_cost_recommended_selling_price":"2.085","imprint_cost_recommended_selling_quantity":"25"},{"imprint_cost_recommended_selling_price":"1.335","imprint_cost_recommended_selling_quantity":"50"},{"imprint_cost_recommended_selling_price":"1.14","imprint_cost_recommended_selling_quantity":"100"},{"imprint_cost_recommended_selling_price":"0.99","imprint_cost_recommended_selling_quantity":"250"},{"imprint_cost_recommended_selling_price":"0.93","imprint_cost_recommended_selling_quantity":"500"},{"imprint_cost_recommended_selling_price":"0.885","imprint_cost_recommended_selling_quantity":"1000"},{"imprint_cost_recommended_selling_price":"0.825","imprint_cost_recommended_selling_quantity":"2500"},{"imprint_cost_recommended_selling_price":"0.81","imprint_cost_recommended_selling_quantity":"5000"}],"product_quantity_price_range_buying":[{"imprint_cost_general_buying_price":"1.89","imprint_cost_general_buying_quantity":"1"},{"imprint_cost_general_buying_price":"1.39","imprint_cost_general_buying_quantity":"25"},{"imprint_cost_general_buying_price":"0.89","imprint_cost_general_buying_quantity":"50"},{"imprint_cost_general_buying_price":"0.76","imprint_cost_general_buying_quantity":"100"},{"imprint_cost_general_buying_price":"0.66","imprint_cost_general_buying_quantity":"250"},{"imprint_cost_general_buying_price":"0.62","imprint_cost_general_buying_quantity":"500"},{"imprint_cost_general_buying_price":"0.59","imprint_cost_general_buying_quantity":"1000"},{"imprint_cost_general_buying_price":"0.55","imprint_cost_general_buying_quantity":"2500"},{"imprint_cost_general_buying_price":"0.54","imprint_cost_general_buying_quantity":"5000"}],"imprint_cost_setup_costs":"26.25","imprint_cost_handling_costs":"0.15"},{"imprint_cost_key":"45b53073c1059e17885e669372ee8905f3eff745","product_quantity_price_range":[{"imprint_cost_recommended_selling_price":"3.885","imprint_cost_recommended_selling_quantity":"1"},{"imprint_cost_recommended_selling_price":"2.985","imprint_cost_recommended_selling_quantity":"25"},{"imprint_cost_recommended_selling_price":"2.07","imprint_cost_recommended_selling_quantity":"50"},{"imprint_cost_recommended_selling_price":"1.8","imprint_cost_recommended_selling_quantity":"100"},{"imprint_cost_recommended_selling_price":"1.59","imprint_cost_recommended_selling_quantity":"250"},{"imprint_cost_recommended_selling_price":"1.5","imprint_cost_recommended_selling_quantity":"500"},{"imprint_cost_recommended_selling_price":"1.425","imprint_cost_recommended_selling_quantity":"1000"},{"imprint_cost_recommended_selling_price":"1.38","imprint_cost_recommended_selling_quantity":"2500"},{"imprint_cost_recommended_selling_price":"1.35","imprint_cost_recommended_selling_quantity":"5000"}],"product_quantity_price_range_buying":[{"imprint_cost_general_buying_price":"2.59","imprint_cost_general_buying_quantity":"1"},{"imprint_cost_general_buying_price":"1.99","imprint_cost_general_buying_quantity":"25"},{"imprint_cost_general_buying_price":"1.38","imprint_cost_general_buying_quantity":"50"},{"imprint_cost_general_buying_price":"1.2","imprint_cost_general_buying_quantity":"100"},{"imprint_cost_general_buying_price":"1.06","imprint_cost_general_buying_quantity":"250"},{"imprint_cost_general_buying_price":"1","imprint_cost_general_buying_quantity":"500"},{"imprint_cost_general_buying_price":"0.95","imprint_cost_general_buying_quantity":"1000"},{"imprint_cost_general_buying_price":"0.92","imprint_cost_general_buying_quantity":"2500"},{"imprint_cost_general_buying_price":"0.9","imprint_cost_general_buying_quantity":"5000"}],"imprint_cost_setup_costs":"26.25","imprint_cost_handling_costs":"0.15"}]},"aioseo_notices":[],"aioseo_head":"\n\t\t<!-- All in One SEO Pro 4.9.6.2 - aioseo.com -->\n\t<meta name=\"description\" content=\"Aus FSC-zertifiziertem Akazienholz gefertigt, kommt es mit zwei Porzellanschalen f\u00fcr Dips &amp; Oliven. Perfekt f\u00fcr deine K\u00fcche als praktisches K\u00fcchenzubeh\u00f6r und f\u00fcr gesellige Abende; Hidalgo personalisiert es mit Gravur oder Druck, damit dein Logo bei Events sichtbar bleibt.\" \/>\n\t<meta name=\"robots\" content=\"max-image-preview:large\" \/>\n\t<link rel=\"canonical\" href=\"https:\/\/hidalgo.nl\/de\/wp-json\/wp\/v2\/product\/828714\" \/>\n\t<meta name=\"generator\" content=\"All in One SEO Pro (AIOSEO) 4.9.6.2\" \/>\n\t\t<meta property=\"og:locale\" content=\"de_DE\" \/>\n\t\t<meta property=\"og:site_name\" content=\"Hidalgo -\" \/>\n\t\t<meta property=\"og:type\" content=\"article\" \/>\n\t\t<meta property=\"og:title\" content=\"Wooosh Pincho Servierbrett\" \/>\n\t\t<meta property=\"og:description\" content=\"Aus FSC-zertifiziertem Akazienholz gefertigt, kommt es mit zwei Porzellanschalen f\u00fcr Dips &amp; Oliven. Perfekt f\u00fcr deine K\u00fcche als praktisches K\u00fcchenzubeh\u00f6r und f\u00fcr gesellige Abende; Hidalgo personalisiert es mit Gravur oder Druck, damit dein Logo bei Events sichtbar bleibt.\" \/>\n\t\t<meta property=\"og:url\" content=\"https:\/\/hidalgo.nl\/de\/wp-json\/wp\/v2\/product\/828714\" \/>\n\t\t<meta property=\"og:image\" content=\"https:\/\/shop.hidalgo.nl\/wp-content\/uploads\/2025\/11\/cropped-Hidalgo-est1993.png\" \/>\n\t\t<meta property=\"og:image:secure_url\" content=\"https:\/\/shop.hidalgo.nl\/wp-content\/uploads\/2025\/11\/cropped-Hidalgo-est1993.png\" \/>\n\t\t<meta property=\"article:published_time\" content=\"2026-02-05T15:31:11+00:00\" \/>\n\t\t<meta property=\"article:modified_time\" content=\"2026-03-19T12:22:39+00:00\" \/>\n\t\t<meta name=\"twitter:card\" content=\"summary_large_image\" \/>\n\t\t<meta name=\"twitter:title\" content=\"Wooosh Pincho Servierbrett\" \/>\n\t\t<meta name=\"twitter:description\" content=\"Aus FSC-zertifiziertem Akazienholz gefertigt, kommt es mit zwei Porzellanschalen f\u00fcr Dips &amp; Oliven. Perfekt f\u00fcr deine K\u00fcche als praktisches K\u00fcchenzubeh\u00f6r und f\u00fcr gesellige Abende; Hidalgo personalisiert es mit Gravur oder Druck, damit dein Logo bei Events sichtbar bleibt.\" \/>\n\t\t<meta name=\"twitter:image\" content=\"https:\/\/shop.hidalgo.nl\/wp-content\/uploads\/2025\/11\/cropped-Hidalgo-est1993.png\" \/>\n\t\t<script type=\"application\/ld+json\" class=\"aioseo-schema\">\n\t\t\t{\"@context\":\"https:\\\/\\\/schema.org\",\"@graph\":[{\"@type\":\"BreadcrumbList\",\"@id\":\"https:\\\/\\\/hidalgo.nl\\\/de\\\/product\\\/828714\\\/wooosh-pincho-servierbrett\\\/#breadcrumblist\",\"itemListElement\":[{\"@type\":\"ListItem\",\"@id\":\"https:\\\/\\\/hidalgo.nl\\\/de\\\/#listItem\",\"position\":1,\"name\":\"Home\",\"item\":\"https:\\\/\\\/hidalgo.nl\\\/de\\\/\",\"nextItem\":{\"@type\":\"ListItem\",\"@id\":\"https:\\\/\\\/hidalgo.nl\\\/example\\\/#listItem\",\"name\":\"example\"}},{\"@type\":\"ListItem\",\"@id\":\"https:\\\/\\\/hidalgo.nl\\\/example\\\/#listItem\",\"position\":2,\"name\":\"example\",\"item\":\"https:\\\/\\\/hidalgo.nl\\\/example\\\/\",\"nextItem\":{\"@type\":\"ListItem\",\"@id\":\"https:\\\/\\\/hidalgo.nl\\\/en\\\/product-supplier\\\/a24\\\/#listItem\",\"name\":\"A24\"},\"previousItem\":{\"@type\":\"ListItem\",\"@id\":\"https:\\\/\\\/hidalgo.nl\\\/de\\\/#listItem\",\"name\":\"Home\"}},{\"@type\":\"ListItem\",\"@id\":\"https:\\\/\\\/hidalgo.nl\\\/en\\\/product-supplier\\\/a24\\\/#listItem\",\"position\":3,\"name\":\"A24\",\"item\":\"https:\\\/\\\/hidalgo.nl\\\/en\\\/product-supplier\\\/a24\\\/\",\"nextItem\":{\"@type\":\"ListItem\",\"@id\":\"https:\\\/\\\/hidalgo.nl\\\/de\\\/product\\\/828714\\\/wooosh-pincho-servierbrett\\\/#listItem\",\"name\":\"Wooosh Pincho Serveerplank\"},\"previousItem\":{\"@type\":\"ListItem\",\"@id\":\"https:\\\/\\\/hidalgo.nl\\\/example\\\/#listItem\",\"name\":\"example\"}},{\"@type\":\"ListItem\",\"@id\":\"https:\\\/\\\/hidalgo.nl\\\/de\\\/product\\\/828714\\\/wooosh-pincho-servierbrett\\\/#listItem\",\"position\":4,\"name\":\"Wooosh Pincho Serveerplank\",\"previousItem\":{\"@type\":\"ListItem\",\"@id\":\"https:\\\/\\\/hidalgo.nl\\\/en\\\/product-supplier\\\/a24\\\/#listItem\",\"name\":\"A24\"}}]},{\"@type\":\"Organization\",\"@id\":\"https:\\\/\\\/hidalgo.nl\\\/de\\\/#organization\",\"name\":\"Hidalgo\",\"url\":\"https:\\\/\\\/hidalgo.nl\\\/de\\\/\",\"logo\":{\"@type\":\"ImageObject\",\"url\":\"https:\\\/\\\/shop.hidalgo.nl\\\/wp-content\\\/uploads\\\/2025\\\/11\\\/cropped-Hidalgo-est1993.png\",\"@id\":\"https:\\\/\\\/hidalgo.nl\\\/de\\\/product\\\/828714\\\/wooosh-pincho-servierbrett\\\/#organizationLogo\",\"width\":585,\"height\":195},\"image\":{\"@id\":\"https:\\\/\\\/hidalgo.nl\\\/de\\\/product\\\/828714\\\/wooosh-pincho-servierbrett\\\/#organizationLogo\"}},{\"@type\":\"ProductGroup\",\"@id\":\"https:\\\/\\\/hidalgo.nl\\\/de\\\/product\\\/828714\\\/wooosh-pincho-servierbrett\\\/#wooCommerceProduct\",\"name\":\"Wooosh Pincho Servierbrett\",\"url\":\"https:\\\/\\\/hidalgo.nl\\\/de\\\/product\\\/828714\\\/wooosh-pincho-servierbrett\\\/\",\"brand\":{\"@type\":\"Brand\",\"name\":\"Wooosh\"},\"sku\":\"A24-1799\",\"image\":{\"@type\":\"ImageObject\",\"url\":\"https:\\\/\\\/shop.hidalgo.nl\\\/wp-content\\\/uploads\\\/2025\\\/12\\\/abf93d254d8aa04a3093c46f4f043667e3c3b2b3dcd76a18cdab4db209b5c4ec.jpg\",\"@id\":\"https:\\\/\\\/hidalgo.nl\\\/de\\\/product\\\/828714\\\/wooosh-pincho-servierbrett\\\/#productImage\"},\"productGroupID\":828714,\"hasVariant\":[{\"@type\":\"Product\",\"@id\":\"https:\\\/\\\/hidalgo.nl\\\/de\\\/product\\\/828714\\\/wooosh-pincho-servierbrett\\\/#wooCommerceProduct\",\"name\":\"Wooosh Pincho Serveerplank - hout\",\"url\":\"https:\\\/\\\/hidalgo.nl\\\/de\\\/product\\\/828714\\\/wooosh-pincho-servierbrett\\\/\",\"sku\":\"A24-179944\",\"image\":{\"@type\":\"ImageObject\",\"url\":\"https:\\\/\\\/shop.hidalgo.nl\\\/wp-content\\\/uploads\\\/2025\\\/12\\\/abf93d254d8aa04a3093c46f4f043667e3c3b2b3dcd76a18cdab4db209b5c4ec.jpg\",\"@id\":\"https:\\\/\\\/hidalgo.nl\\\/de\\\/product\\\/828714\\\/wooosh-pincho-servierbrett\\\/#productImage\"},\"offers\":{\"@type\":\"Offer\",\"url\":\"https:\\\/\\\/hidalgo.nl\\\/de\\\/product\\\/828714\\\/wooosh-pincho-servierbrett\\\/#wooCommerceOffer\",\"price\":\"13.95\",\"priceCurrency\":\"EUR\",\"category\":\"Promotionele Artikelen\",\"availability\":\"https:\\\/\\\/schema.org\\\/InStock\",\"priceSpecification\":{\"@type\":\"PriceSpecification\",\"price\":13.95,\"priceCurrency\":\"EUR\",\"valueAddedTaxIncluded\":\"true\"}}}]},{\"@type\":\"WebPage\",\"@id\":\"https:\\\/\\\/hidalgo.nl\\\/de\\\/product\\\/828714\\\/wooosh-pincho-servierbrett\\\/#webpage\",\"url\":\"https:\\\/\\\/hidalgo.nl\\\/de\\\/product\\\/828714\\\/wooosh-pincho-servierbrett\\\/\",\"name\":\"Wooosh Pincho Servierbrett\",\"description\":\"Aus FSC-zertifiziertem Akazienholz gefertigt, kommt es mit zwei Porzellanschalen f\\u00fcr Dips & Oliven. Perfekt f\\u00fcr deine K\\u00fcche als praktisches K\\u00fcchenzubeh\\u00f6r und f\\u00fcr gesellige Abende; Hidalgo personalisiert es mit Gravur oder Druck, damit dein Logo bei Events sichtbar bleibt.\",\"inLanguage\":\"de-DE\",\"isPartOf\":{\"@id\":\"https:\\\/\\\/hidalgo.nl\\\/de\\\/#website\"},\"breadcrumb\":{\"@id\":\"https:\\\/\\\/hidalgo.nl\\\/de\\\/product\\\/828714\\\/wooosh-pincho-servierbrett\\\/#breadcrumblist\"},\"image\":{\"@type\":\"ImageObject\",\"url\":\"https:\\\/\\\/shop.hidalgo.nl\\\/wp-content\\\/uploads\\\/2025\\\/12\\\/abf93d254d8aa04a3093c46f4f043667e3c3b2b3dcd76a18cdab4db209b5c4ec.jpg\",\"@id\":\"https:\\\/\\\/hidalgo.nl\\\/de\\\/product\\\/828714\\\/wooosh-pincho-servierbrett\\\/#mainImage\"},\"primaryImageOfPage\":{\"@id\":\"https:\\\/\\\/hidalgo.nl\\\/de\\\/product\\\/828714\\\/wooosh-pincho-servierbrett\\\/#mainImage\"},\"datePublished\":\"2026-02-05T15:31:11+00:00\",\"dateModified\":\"2026-03-19T12:22:39+00:00\"},{\"@type\":\"WebSite\",\"@id\":\"https:\\\/\\\/hidalgo.nl\\\/de\\\/#website\",\"url\":\"https:\\\/\\\/hidalgo.nl\\\/de\\\/\",\"name\":\"Hidalgo\",\"inLanguage\":\"de-DE\",\"publisher\":{\"@id\":\"https:\\\/\\\/hidalgo.nl\\\/de\\\/#organization\"}}]}\n\t\t<\/script>\n\t\t<!-- All in One SEO Pro -->\r\n\t\t<title>Wooosh Pincho Servierbrett<\/title>\n\n","aioseo_head_json":{"title":"Wooosh Pincho Servierbrett","description":"Aus FSC-zertifiziertem Akazienholz gefertigt, kommt es mit zwei Porzellanschalen f\u00fcr Dips & Oliven. Perfekt f\u00fcr deine K\u00fcche als praktisches K\u00fcchenzubeh\u00f6r und f\u00fcr gesellige Abende; Hidalgo personalisiert es mit Gravur oder Druck, damit dein Logo bei Events sichtbar bleibt.","canonical_url":"https:\/\/hidalgo.nl\/de\/wp-json\/wp\/v2\/product\/828714","robots":"max-image-preview:large","keywords":"","webmasterTools":{"miscellaneous":""},"schema":{"@context":"https:\/\/schema.org","@graph":[{"@type":"BreadcrumbList","@id":"https:\/\/hidalgo.nl\/de\/product\/828714\/wooosh-pincho-servierbrett\/#breadcrumblist","itemListElement":[{"@type":"ListItem","@id":"https:\/\/hidalgo.nl\/de\/#listItem","position":1,"name":"Home","item":"https:\/\/hidalgo.nl\/de\/","nextItem":{"@type":"ListItem","@id":"https:\/\/hidalgo.nl\/example\/#listItem","name":"example"}},{"@type":"ListItem","@id":"https:\/\/hidalgo.nl\/example\/#listItem","position":2,"name":"example","item":"https:\/\/hidalgo.nl\/example\/","nextItem":{"@type":"ListItem","@id":"https:\/\/hidalgo.nl\/en\/product-supplier\/a24\/#listItem","name":"A24"},"previousItem":{"@type":"ListItem","@id":"https:\/\/hidalgo.nl\/de\/#listItem","name":"Home"}},{"@type":"ListItem","@id":"https:\/\/hidalgo.nl\/en\/product-supplier\/a24\/#listItem","position":3,"name":"A24","item":"https:\/\/hidalgo.nl\/en\/product-supplier\/a24\/","nextItem":{"@type":"ListItem","@id":"https:\/\/hidalgo.nl\/de\/product\/828714\/wooosh-pincho-servierbrett\/#listItem","name":"Wooosh Pincho Serveerplank"},"previousItem":{"@type":"ListItem","@id":"https:\/\/hidalgo.nl\/example\/#listItem","name":"example"}},{"@type":"ListItem","@id":"https:\/\/hidalgo.nl\/de\/product\/828714\/wooosh-pincho-servierbrett\/#listItem","position":4,"name":"Wooosh Pincho Serveerplank","previousItem":{"@type":"ListItem","@id":"https:\/\/hidalgo.nl\/en\/product-supplier\/a24\/#listItem","name":"A24"}}]},{"@type":"Organization","@id":"https:\/\/hidalgo.nl\/de\/#organization","name":"Hidalgo","url":"https:\/\/hidalgo.nl\/de\/","logo":{"@type":"ImageObject","url":"https:\/\/shop.hidalgo.nl\/wp-content\/uploads\/2025\/11\/cropped-Hidalgo-est1993.png","@id":"https:\/\/hidalgo.nl\/de\/product\/828714\/wooosh-pincho-servierbrett\/#organizationLogo","width":585,"height":195},"image":{"@id":"https:\/\/hidalgo.nl\/de\/product\/828714\/wooosh-pincho-servierbrett\/#organizationLogo"}},{"@type":"ProductGroup","@id":"https:\/\/hidalgo.nl\/de\/product\/828714\/wooosh-pincho-servierbrett\/#wooCommerceProduct","name":"Wooosh Pincho Servierbrett","url":"https:\/\/hidalgo.nl\/de\/product\/828714\/wooosh-pincho-servierbrett\/","brand":{"@type":"Brand","name":"Wooosh"},"sku":"A24-1799","image":{"@type":"ImageObject","url":"https:\/\/shop.hidalgo.nl\/wp-content\/uploads\/2025\/12\/abf93d254d8aa04a3093c46f4f043667e3c3b2b3dcd76a18cdab4db209b5c4ec.jpg","@id":"https:\/\/hidalgo.nl\/de\/product\/828714\/wooosh-pincho-servierbrett\/#productImage"},"productGroupID":828714,"hasVariant":[{"@type":"Product","@id":"https:\/\/hidalgo.nl\/de\/product\/828714\/wooosh-pincho-servierbrett\/#wooCommerceProduct","name":"Wooosh Pincho Serveerplank - hout","url":"https:\/\/hidalgo.nl\/de\/product\/828714\/wooosh-pincho-servierbrett\/","sku":"A24-179944","image":{"@type":"ImageObject","url":"https:\/\/shop.hidalgo.nl\/wp-content\/uploads\/2025\/12\/abf93d254d8aa04a3093c46f4f043667e3c3b2b3dcd76a18cdab4db209b5c4ec.jpg","@id":"https:\/\/hidalgo.nl\/de\/product\/828714\/wooosh-pincho-servierbrett\/#productImage"},"offers":{"@type":"Offer","url":"https:\/\/hidalgo.nl\/de\/product\/828714\/wooosh-pincho-servierbrett\/#wooCommerceOffer","price":"13.95","priceCurrency":"EUR","category":"Promotionele Artikelen","availability":"https:\/\/schema.org\/InStock","priceSpecification":{"@type":"PriceSpecification","price":13.95,"priceCurrency":"EUR","valueAddedTaxIncluded":"true"}}}]},{"@type":"WebPage","@id":"https:\/\/hidalgo.nl\/de\/product\/828714\/wooosh-pincho-servierbrett\/#webpage","url":"https:\/\/hidalgo.nl\/de\/product\/828714\/wooosh-pincho-servierbrett\/","name":"Wooosh Pincho Servierbrett","description":"Aus FSC-zertifiziertem Akazienholz gefertigt, kommt es mit zwei Porzellanschalen f\u00fcr Dips & Oliven. Perfekt f\u00fcr deine K\u00fcche als praktisches K\u00fcchenzubeh\u00f6r und f\u00fcr gesellige Abende; Hidalgo personalisiert es mit Gravur oder Druck, damit dein Logo bei Events sichtbar bleibt.","inLanguage":"de-DE","isPartOf":{"@id":"https:\/\/hidalgo.nl\/de\/#website"},"breadcrumb":{"@id":"https:\/\/hidalgo.nl\/de\/product\/828714\/wooosh-pincho-servierbrett\/#breadcrumblist"},"image":{"@type":"ImageObject","url":"https:\/\/shop.hidalgo.nl\/wp-content\/uploads\/2025\/12\/abf93d254d8aa04a3093c46f4f043667e3c3b2b3dcd76a18cdab4db209b5c4ec.jpg","@id":"https:\/\/hidalgo.nl\/de\/product\/828714\/wooosh-pincho-servierbrett\/#mainImage"},"primaryImageOfPage":{"@id":"https:\/\/hidalgo.nl\/de\/product\/828714\/wooosh-pincho-servierbrett\/#mainImage"},"datePublished":"2026-02-05T15:31:11+00:00","dateModified":"2026-03-19T12:22:39+00:00"},{"@type":"WebSite","@id":"https:\/\/hidalgo.nl\/de\/#website","url":"https:\/\/hidalgo.nl\/de\/","name":"Hidalgo","inLanguage":"de-DE","publisher":{"@id":"https:\/\/hidalgo.nl\/de\/#organization"}}]},"og:locale":"de_DE","og:site_name":"Hidalgo -","og:type":"article","og:title":"Wooosh Pincho Servierbrett","og:description":"Aus FSC-zertifiziertem Akazienholz gefertigt, kommt es mit zwei Porzellanschalen f\u00fcr Dips &amp; Oliven. Perfekt f\u00fcr deine K\u00fcche als praktisches K\u00fcchenzubeh\u00f6r und f\u00fcr gesellige Abende; Hidalgo personalisiert es mit Gravur oder Druck, damit dein Logo bei Events sichtbar bleibt.","og:url":"https:\/\/hidalgo.nl\/de\/wp-json\/wp\/v2\/product\/828714","og:image":"https:\/\/shop.hidalgo.nl\/wp-content\/uploads\/2025\/11\/cropped-Hidalgo-est1993.png","og:image:secure_url":"https:\/\/shop.hidalgo.nl\/wp-content\/uploads\/2025\/11\/cropped-Hidalgo-est1993.png","article:published_time":"2026-02-05T15:31:11+00:00","article:modified_time":"2026-03-19T12:22:39+00:00","twitter:card":"summary_large_image","twitter:title":"Wooosh Pincho Servierbrett","twitter:description":"Aus FSC-zertifiziertem Akazienholz gefertigt, kommt es mit zwei Porzellanschalen f\u00fcr Dips &amp; Oliven. Perfekt f\u00fcr deine K\u00fcche als praktisches K\u00fcchenzubeh\u00f6r und f\u00fcr gesellige Abende; Hidalgo personalisiert es mit Gravur oder Druck, damit dein Logo bei Events sichtbar bleibt.","twitter:image":"https:\/\/shop.hidalgo.nl\/wp-content\/uploads\/2025\/11\/cropped-Hidalgo-est1993.png"},"aioseo_meta_data":{"post_id":"828714","title":null,"description":null,"keywords":null,"keyphrases":null,"primary_term":null,"canonical_url":null,"og_title":null,"og_description":null,"og_object_type":"default","og_image_type":"default","og_image_url":null,"og_image_width":null,"og_image_height":null,"og_image_custom_url":null,"og_image_custom_fields":null,"og_video":null,"og_custom_url":null,"og_article_section":null,"og_article_tags":null,"twitter_use_og":false,"twitter_card":"default","twitter_image_type":"default","twitter_image_url":null,"twitter_image_custom_url":null,"twitter_image_custom_fields":null,"twitter_title":null,"twitter_description":null,"schema":{"blockGraphs":[],"customGraphs":[],"default":{"data":{"Article":[],"Course":[],"Dataset":[],"FAQPage":[],"Movie":[],"Person":[],"Product":[],"ProductReview":[],"Car":[],"Recipe":[],"Service":[],"SoftwareApplication":[],"WebPage":[]},"graphName":"","isEnabled":true},"graphs":[]},"schema_type":"default","schema_type_options":null,"pillar_content":false,"robots_default":true,"robots_noindex":false,"robots_noarchive":false,"robots_nosnippet":false,"robots_nofollow":false,"robots_noimageindex":false,"robots_noodp":false,"robots_notranslate":false,"robots_max_snippet":null,"robots_max_videopreview":null,"robots_max_imagepreview":"large","priority":null,"frequency":null,"local_seo":null,"seo_analyzer_scan_date":"2026-02-09 11:06:32","breadcrumb_settings":null,"limit_modified_date":false,"reviewed_by":null,"open_ai":null,"ai":null,"created":"2026-02-05 15:33:23","updated":"2026-04-23 16:11:54"},"aioseo_breadcrumb":"<div class=\"aioseo-breadcrumbs\"><span class=\"aioseo-breadcrumb\">\n\t<a href=\"https:\/\/hidalgo.nl\/de\/\" title=\"Home\">Home<\/a>\n<\/span><span class=\"aioseo-breadcrumb-separator\">\u00bb<\/span><span class=\"aioseo-breadcrumb\">\n\t<a href=\"https:\/\/hidalgo.nl\/example\/\" title=\"example\">example<\/a>\n<\/span><span class=\"aioseo-breadcrumb-separator\">\u00bb<\/span><span class=\"aioseo-breadcrumb\">\n\t<a href=\"https:\/\/hidalgo.nl\/en\/product-supplier\/a24\/\" title=\"A24\">A24<\/a>\n<\/span><span class=\"aioseo-breadcrumb-separator\">\u00bb<\/span><span class=\"aioseo-breadcrumb\">\n\tWooosh Pincho Serveerplank\n<\/span><\/div>","aioseo_breadcrumb_json":[{"label":"Home","link":"https:\/\/hidalgo.nl\/de\/"},{"label":"example","link":"https:\/\/hidalgo.nl\/example\/"},{"label":"A24","link":"https:\/\/hidalgo.nl\/en\/product-supplier\/a24\/"},{"label":"Wooosh Pincho Serveerplank","link":"https:\/\/hidalgo.nl\/de\/product\/828714\/wooosh-pincho-servierbrett\/"}],"_links":{"self":[{"href":"https:\/\/hidalgo.nl\/de\/wp-json\/wp\/v2\/product\/828714","targetHints":{"allow":["GET"]}}],"collection":[{"href":"https:\/\/hidalgo.nl\/de\/wp-json\/wp\/v2\/product"}],"about":[{"href":"https:\/\/hidalgo.nl\/de\/wp-json\/wp\/v2\/types\/product"}],"wp:featuredmedia":[{"embeddable":true,"href":"https:\/\/hidalgo.nl\/de\/wp-json\/wp\/v2\/media\/828715"}],"wp:attachment":[{"href":"https:\/\/hidalgo.nl\/de\/wp-json\/wp\/v2\/media?parent=828714"}],"wp:term":[{"taxonomy":"product_brand","embeddable":true,"href":"https:\/\/hidalgo.nl\/de\/wp-json\/wp\/v2\/product_brand?post=828714"},{"taxonomy":"product_cat","embeddable":true,"href":"https:\/\/hidalgo.nl\/de\/wp-json\/wp\/v2\/product_cat?post=828714"},{"taxonomy":"product_tag","embeddable":true,"href":"https:\/\/hidalgo.nl\/de\/wp-json\/wp\/v2\/product_tag?post=828714"}],"curies":[{"name":"wp","href":"https:\/\/api.w.org\/{rel}","templated":true}]}}