{"id":828638,"date":"2026-02-05T15:31:00","date_gmt":"2026-02-05T15:31:00","guid":{"rendered":"https:\/\/hidalgo.nl\/product\/insideout-houten-serveer-plank-rond-31-5cm\/"},"modified":"2026-04-24T07:49:24","modified_gmt":"2026-04-24T07:49:24","slug":"insideout-houten-serveer-plank-rond-31-5cm","status":"publish","type":"product","link":"https:\/\/hidalgo.nl\/de\/product\/828638\/servierbrett-bedrucken-akazienholz-rund-mit-griff-315-cm\/","title":{"rendered":"InSideOut Houten serveer plank rond, 31.5cm"},"content":{"rendered":"<p>De ronde acacia houten serveerplank van InSideOut is een ideale aanvulling voor elke keuken en perfect voor het presenteren van broodjes, tapas of kaas tijdens een gezellige borrel. Met een diameter van 31,5 cm is de plank ook geschikt voor de meeste pizza&#8217;s. Het FSC-gecertificeerde acaciahout heeft een prachtige nerfstructuur en warme kleur, wat het niet alleen praktisch maar ook een mooie decoratie maakt. Het handvat aan de zijkant zorgt ervoor dat de plank gemakkelijk te verplaatsen en op te bergen is. Daarnaast is het acaciahout duurzaam, waterbestendig en antibacterieel, waardoor je langdurig plezier hebt van je plank. Om ervoor te zorgen dat je zo lang mogelijk van de plank geniet, is het aan te raden om deze voor het eerste gebruik in te smeren met houtolie en niet in de vaatwasser te plaatsen. Kortom, deze serveerplank is een stijlvolle en functionele keuze voor elke gelegenheid. kleur. Smeer de plank voor gebruik in met houtolie en vermijd de vaatwasser.. <\/p>\n","protected":false},"excerpt":{"rendered":"<p>De ronde acacia houten serveerplank van InSideOut is een ideale aanvulling voor elke keuken en perfect voor het presenteren van broodjes, tapas of kaas tijdens een gezellige borrel. Met een diameter van 31,5 cm is de plank ook geschikt voor de meeste pizza&#8217;s. Het FSC-gecertificeerde acaciahout heeft een prachtige nerfstructuur en warme kleur, wat het&hellip; <a class=\"more-link\" href=\"https:\/\/hidalgo.nl\/de\/product\/828638\/servierbrett-bedrucken-akazienholz-rund-mit-griff-315-cm\/\"><span class=\"screen-reader-text\">InSideOut Houten serveer plank rond, 31.5cm<\/span> weiterlesen<\/a><\/p>\n","protected":false},"featured_media":828639,"template":"","meta":{"_acf_changed":false,"om_disable_all_campaigns":false,"_monsterinsights_skip_tracking":false,"_monsterinsights_sitenote_active":false,"_monsterinsights_sitenote_note":"","_monsterinsights_sitenote_category":0},"product_brand":[],"product_cat":[4766,4735,4719,4728],"product_tag":[],"class_list":{"0":"post-828638","1":"product","2":"type-product","3":"status-publish","4":"has-post-thumbnail","6":"product_supplier-a53","7":"product_cat-kaas-snij-en-serveer-planken","8":"product_cat-keuken","9":"product_cat-promotionele-artikelen","10":"product_cat-promotionele-artikelen-thuis-keuken-en-tuin","11":"entry","13":"first","14":"instock","15":"taxable","16":"shipping-taxable","17":"purchasable","18":"product-type-variable"},"acf":{"imprint_cost":[{"imprint_cost_key":"5eac8c020c17cfc95ed26a3ee350fb1960074d77","product_quantity_price_range":[{"imprint_cost_recommended_selling_price":"1.7625","imprint_cost_recommended_selling_quantity":"1"},{"imprint_cost_recommended_selling_price":"1.5","imprint_cost_recommended_selling_quantity":"10"},{"imprint_cost_recommended_selling_price":"1.3425","imprint_cost_recommended_selling_quantity":"25"},{"imprint_cost_recommended_selling_price":"1.1625","imprint_cost_recommended_selling_quantity":"50"},{"imprint_cost_recommended_selling_price":"1.0875","imprint_cost_recommended_selling_quantity":"100"},{"imprint_cost_recommended_selling_price":"1.0425","imprint_cost_recommended_selling_quantity":"250"},{"imprint_cost_recommended_selling_price":"1.005","imprint_cost_recommended_selling_quantity":"500"},{"imprint_cost_recommended_selling_price":"0.96","imprint_cost_recommended_selling_quantity":"1000"},{"imprint_cost_recommended_selling_price":"0.915","imprint_cost_recommended_selling_quantity":"2500"},{"imprint_cost_recommended_selling_price":"0.87","imprint_cost_recommended_selling_quantity":"5000"},{"imprint_cost_recommended_selling_price":"0.8175","imprint_cost_recommended_selling_quantity":"10000"}],"product_quantity_price_range_buying":[{"imprint_cost_general_buying_price":"1.175","imprint_cost_general_buying_quantity":"1"},{"imprint_cost_general_buying_price":"1","imprint_cost_general_buying_quantity":"10"},{"imprint_cost_general_buying_price":"0.895","imprint_cost_general_buying_quantity":"25"},{"imprint_cost_general_buying_price":"0.775","imprint_cost_general_buying_quantity":"50"},{"imprint_cost_general_buying_price":"0.725","imprint_cost_general_buying_quantity":"100"},{"imprint_cost_general_buying_price":"0.695","imprint_cost_general_buying_quantity":"250"},{"imprint_cost_general_buying_price":"0.67","imprint_cost_general_buying_quantity":"500"},{"imprint_cost_general_buying_price":"0.64","imprint_cost_general_buying_quantity":"1000"},{"imprint_cost_general_buying_price":"0.61","imprint_cost_general_buying_quantity":"2500"},{"imprint_cost_general_buying_price":"0.58","imprint_cost_general_buying_quantity":"5000"},{"imprint_cost_general_buying_price":"0.545","imprint_cost_general_buying_quantity":"10000"}],"imprint_cost_setup_costs":"54","imprint_cost_handling_costs":"0.36"}]},"aioseo_notices":[],"aioseo_head":"\n\t\t<!-- All in One SEO Pro 4.9.6.2 - aioseo.com -->\n\t<meta name=\"description\" content=\"Das runde Brotzeitbrett aus FSC-Akazienholz mit 31,5 cm eignet sich zum Anrichten von Pizza, Tapas und K\u00e4se. Bei Hidalgo l\u00e4sst du die Servierplatte Holz rund mit deinem Logo veredeln - ideal f\u00fcr Events oder Gastronomie. Mit Griff leicht zu tragen; vor dem ersten Einsatz ein\u00f6len.\" \/>\n\t<meta name=\"robots\" content=\"max-image-preview:large\" \/>\n\t<link rel=\"canonical\" href=\"https:\/\/hidalgo.nl\/de\/wp-json\/wp\/v2\/product\/828638\" \/>\n\t<meta name=\"generator\" content=\"All in One SEO Pro (AIOSEO) 4.9.6.2\" \/>\n\t\t<meta property=\"og:locale\" content=\"de_DE\" \/>\n\t\t<meta property=\"og:site_name\" content=\"Hidalgo -\" \/>\n\t\t<meta property=\"og:type\" content=\"article\" \/>\n\t\t<meta property=\"og:title\" content=\"Servierbrett bedrucken Akazienholz Rund mit Griff 31,5 cm\" \/>\n\t\t<meta property=\"og:description\" content=\"Das runde Brotzeitbrett aus FSC-Akazienholz mit 31,5 cm eignet sich zum Anrichten von Pizza, Tapas und K\u00e4se. Bei Hidalgo l\u00e4sst du die Servierplatte Holz rund mit deinem Logo veredeln - ideal f\u00fcr Events oder Gastronomie. Mit Griff leicht zu tragen; vor dem ersten Einsatz ein\u00f6len.\" \/>\n\t\t<meta property=\"og:url\" content=\"https:\/\/hidalgo.nl\/de\/wp-json\/wp\/v2\/product\/828638\" \/>\n\t\t<meta property=\"og:image\" content=\"https:\/\/shop.hidalgo.nl\/wp-content\/uploads\/2025\/11\/cropped-Hidalgo-est1993.png\" \/>\n\t\t<meta property=\"og:image:secure_url\" content=\"https:\/\/shop.hidalgo.nl\/wp-content\/uploads\/2025\/11\/cropped-Hidalgo-est1993.png\" \/>\n\t\t<meta property=\"article:published_time\" content=\"2026-02-05T15:31:00+00:00\" \/>\n\t\t<meta property=\"article:modified_time\" content=\"2026-04-24T07:49:24+00:00\" \/>\n\t\t<meta name=\"twitter:card\" content=\"summary_large_image\" \/>\n\t\t<meta name=\"twitter:title\" content=\"Servierbrett bedrucken Akazienholz Rund mit Griff 31,5 cm\" \/>\n\t\t<meta name=\"twitter:description\" content=\"Das runde Brotzeitbrett aus FSC-Akazienholz mit 31,5 cm eignet sich zum Anrichten von Pizza, Tapas und K\u00e4se. Bei Hidalgo l\u00e4sst du die Servierplatte Holz rund mit deinem Logo veredeln - ideal f\u00fcr Events oder Gastronomie. Mit Griff leicht zu tragen; vor dem ersten Einsatz ein\u00f6len.\" \/>\n\t\t<meta name=\"twitter:image\" content=\"https:\/\/shop.hidalgo.nl\/wp-content\/uploads\/2025\/11\/cropped-Hidalgo-est1993.png\" \/>\n\t\t<script type=\"application\/ld+json\" class=\"aioseo-schema\">\n\t\t\t{\"@context\":\"https:\\\/\\\/schema.org\",\"@graph\":[{\"@type\":\"BreadcrumbList\",\"@id\":\"https:\\\/\\\/hidalgo.nl\\\/de\\\/product\\\/828638\\\/servierbrett-bedrucken-akazienholz-rund-mit-griff-315-cm\\\/#breadcrumblist\",\"itemListElement\":[{\"@type\":\"ListItem\",\"@id\":\"https:\\\/\\\/hidalgo.nl\\\/de\\\/#listItem\",\"position\":1,\"name\":\"Home\",\"item\":\"https:\\\/\\\/hidalgo.nl\\\/de\\\/\",\"nextItem\":{\"@type\":\"ListItem\",\"@id\":\"https:\\\/\\\/hidalgo.nl\\\/example\\\/#listItem\",\"name\":\"example\"}},{\"@type\":\"ListItem\",\"@id\":\"https:\\\/\\\/hidalgo.nl\\\/example\\\/#listItem\",\"position\":2,\"name\":\"example\",\"item\":\"https:\\\/\\\/hidalgo.nl\\\/example\\\/\",\"nextItem\":{\"@type\":\"ListItem\",\"@id\":\"https:\\\/\\\/hidalgo.nl\\\/en\\\/product-supplier\\\/a53\\\/#listItem\",\"name\":\"A53\"},\"previousItem\":{\"@type\":\"ListItem\",\"@id\":\"https:\\\/\\\/hidalgo.nl\\\/de\\\/#listItem\",\"name\":\"Home\"}},{\"@type\":\"ListItem\",\"@id\":\"https:\\\/\\\/hidalgo.nl\\\/en\\\/product-supplier\\\/a53\\\/#listItem\",\"position\":3,\"name\":\"A53\",\"item\":\"https:\\\/\\\/hidalgo.nl\\\/en\\\/product-supplier\\\/a53\\\/\",\"nextItem\":{\"@type\":\"ListItem\",\"@id\":\"https:\\\/\\\/hidalgo.nl\\\/de\\\/product\\\/828638\\\/servierbrett-bedrucken-akazienholz-rund-mit-griff-315-cm\\\/#listItem\",\"name\":\"InSideOut Houten serveer plank rond, 31.5cm\"},\"previousItem\":{\"@type\":\"ListItem\",\"@id\":\"https:\\\/\\\/hidalgo.nl\\\/example\\\/#listItem\",\"name\":\"example\"}},{\"@type\":\"ListItem\",\"@id\":\"https:\\\/\\\/hidalgo.nl\\\/de\\\/product\\\/828638\\\/servierbrett-bedrucken-akazienholz-rund-mit-griff-315-cm\\\/#listItem\",\"position\":4,\"name\":\"InSideOut Houten serveer plank rond, 31.5cm\",\"previousItem\":{\"@type\":\"ListItem\",\"@id\":\"https:\\\/\\\/hidalgo.nl\\\/en\\\/product-supplier\\\/a53\\\/#listItem\",\"name\":\"A53\"}}]},{\"@type\":\"Organization\",\"@id\":\"https:\\\/\\\/hidalgo.nl\\\/de\\\/#organization\",\"name\":\"Hidalgo\",\"url\":\"https:\\\/\\\/hidalgo.nl\\\/de\\\/\",\"logo\":{\"@type\":\"ImageObject\",\"url\":\"https:\\\/\\\/shop.hidalgo.nl\\\/wp-content\\\/uploads\\\/2025\\\/11\\\/cropped-Hidalgo-est1993.png\",\"@id\":\"https:\\\/\\\/hidalgo.nl\\\/de\\\/product\\\/828638\\\/servierbrett-bedrucken-akazienholz-rund-mit-griff-315-cm\\\/#organizationLogo\",\"width\":585,\"height\":195},\"image\":{\"@id\":\"https:\\\/\\\/hidalgo.nl\\\/de\\\/product\\\/828638\\\/servierbrett-bedrucken-akazienholz-rund-mit-griff-315-cm\\\/#organizationLogo\"}},{\"@type\":\"ProductGroup\",\"@id\":\"https:\\\/\\\/hidalgo.nl\\\/de\\\/product\\\/828638\\\/servierbrett-bedrucken-akazienholz-rund-mit-griff-315-cm\\\/#wooCommerceProduct\",\"name\":\"Servierbrett bedrucken Akazienholz Rund mit Griff 31,5 cm\",\"url\":\"https:\\\/\\\/hidalgo.nl\\\/de\\\/product\\\/828638\\\/servierbrett-bedrucken-akazienholz-rund-mit-griff-315-cm\\\/\",\"sku\":\"A53-LT57203\",\"image\":{\"@type\":\"ImageObject\",\"url\":\"https:\\\/\\\/shop.hidalgo.nl\\\/wp-content\\\/uploads\\\/2025\\\/12\\\/6dce5e6734c96f9fb4ff97b7305bcedf8292f2d366d48e5fc73442213393accf.jpg\",\"@id\":\"https:\\\/\\\/hidalgo.nl\\\/de\\\/product\\\/828638\\\/servierbrett-bedrucken-akazienholz-rund-mit-griff-315-cm\\\/#productImage\"},\"productGroupID\":828638,\"hasVariant\":[{\"@type\":\"Product\",\"@id\":\"https:\\\/\\\/hidalgo.nl\\\/de\\\/product\\\/828638\\\/servierbrett-bedrucken-akazienholz-rund-mit-griff-315-cm\\\/#wooCommerceProduct\",\"name\":\"InSideOut Houten serveer plank rond, 31.5cm - hout\",\"url\":\"https:\\\/\\\/hidalgo.nl\\\/de\\\/product\\\/828638\\\/servierbrett-bedrucken-akazienholz-rund-mit-griff-315-cm\\\/\",\"sku\":\"A53-LT57203-N0093\",\"image\":{\"@type\":\"ImageObject\",\"url\":\"https:\\\/\\\/shop.hidalgo.nl\\\/wp-content\\\/uploads\\\/2025\\\/12\\\/cebbadfdfbd2727dd115986ee53701b08e43bcc08a10b7cc6498d0e1c16e647a.jpg\",\"@id\":\"https:\\\/\\\/hidalgo.nl\\\/de\\\/product\\\/828638\\\/servierbrett-bedrucken-akazienholz-rund-mit-griff-315-cm\\\/#productImage\"},\"offers\":{\"@type\":\"Offer\",\"url\":\"https:\\\/\\\/hidalgo.nl\\\/de\\\/product\\\/828638\\\/servierbrett-bedrucken-akazienholz-rund-mit-griff-315-cm\\\/#wooCommerceOffer\",\"price\":\"16.605\",\"priceCurrency\":\"EUR\",\"category\":\"Promotionele Artikelen\",\"availability\":\"https:\\\/\\\/schema.org\\\/InStock\",\"priceSpecification\":{\"@type\":\"PriceSpecification\",\"price\":16.605,\"priceCurrency\":\"EUR\",\"valueAddedTaxIncluded\":\"true\"}}}]},{\"@type\":\"WebPage\",\"@id\":\"https:\\\/\\\/hidalgo.nl\\\/de\\\/product\\\/828638\\\/servierbrett-bedrucken-akazienholz-rund-mit-griff-315-cm\\\/#webpage\",\"url\":\"https:\\\/\\\/hidalgo.nl\\\/de\\\/product\\\/828638\\\/servierbrett-bedrucken-akazienholz-rund-mit-griff-315-cm\\\/\",\"name\":\"Servierbrett bedrucken Akazienholz Rund mit Griff 31,5 cm\",\"description\":\"Das runde Brotzeitbrett aus FSC-Akazienholz mit 31,5 cm eignet sich zum Anrichten von Pizza, Tapas und K\\u00e4se. Bei Hidalgo l\\u00e4sst du die Servierplatte Holz rund mit deinem Logo veredeln - ideal f\\u00fcr Events oder Gastronomie. Mit Griff leicht zu tragen; vor dem ersten Einsatz ein\\u00f6len.\",\"inLanguage\":\"de-DE\",\"isPartOf\":{\"@id\":\"https:\\\/\\\/hidalgo.nl\\\/de\\\/#website\"},\"breadcrumb\":{\"@id\":\"https:\\\/\\\/hidalgo.nl\\\/de\\\/product\\\/828638\\\/servierbrett-bedrucken-akazienholz-rund-mit-griff-315-cm\\\/#breadcrumblist\"},\"image\":{\"@type\":\"ImageObject\",\"url\":\"https:\\\/\\\/shop.hidalgo.nl\\\/wp-content\\\/uploads\\\/2025\\\/12\\\/6dce5e6734c96f9fb4ff97b7305bcedf8292f2d366d48e5fc73442213393accf.jpg\",\"@id\":\"https:\\\/\\\/hidalgo.nl\\\/de\\\/product\\\/828638\\\/servierbrett-bedrucken-akazienholz-rund-mit-griff-315-cm\\\/#mainImage\"},\"primaryImageOfPage\":{\"@id\":\"https:\\\/\\\/hidalgo.nl\\\/de\\\/product\\\/828638\\\/servierbrett-bedrucken-akazienholz-rund-mit-griff-315-cm\\\/#mainImage\"},\"datePublished\":\"2026-02-05T15:31:00+00:00\",\"dateModified\":\"2026-04-24T07:49:24+00:00\"},{\"@type\":\"WebSite\",\"@id\":\"https:\\\/\\\/hidalgo.nl\\\/de\\\/#website\",\"url\":\"https:\\\/\\\/hidalgo.nl\\\/de\\\/\",\"name\":\"Hidalgo\",\"inLanguage\":\"de-DE\",\"publisher\":{\"@id\":\"https:\\\/\\\/hidalgo.nl\\\/de\\\/#organization\"}}]}\n\t\t<\/script>\n\t\t<!-- All in One SEO Pro -->\r\n\t\t<title>Servierbrett bedrucken Akazienholz Rund mit Griff 31,5 cm<\/title>\n\n","aioseo_head_json":{"title":"Servierbrett bedrucken Akazienholz Rund mit Griff 31,5 cm","description":"Das runde Brotzeitbrett aus FSC-Akazienholz mit 31,5 cm eignet sich zum Anrichten von Pizza, Tapas und K\u00e4se. Bei Hidalgo l\u00e4sst du die Servierplatte Holz rund mit deinem Logo veredeln - ideal f\u00fcr Events oder Gastronomie. Mit Griff leicht zu tragen; vor dem ersten Einsatz ein\u00f6len.","canonical_url":"https:\/\/hidalgo.nl\/de\/wp-json\/wp\/v2\/product\/828638","robots":"max-image-preview:large","keywords":"","webmasterTools":{"miscellaneous":""},"schema":{"@context":"https:\/\/schema.org","@graph":[{"@type":"BreadcrumbList","@id":"https:\/\/hidalgo.nl\/de\/product\/828638\/servierbrett-bedrucken-akazienholz-rund-mit-griff-315-cm\/#breadcrumblist","itemListElement":[{"@type":"ListItem","@id":"https:\/\/hidalgo.nl\/de\/#listItem","position":1,"name":"Home","item":"https:\/\/hidalgo.nl\/de\/","nextItem":{"@type":"ListItem","@id":"https:\/\/hidalgo.nl\/example\/#listItem","name":"example"}},{"@type":"ListItem","@id":"https:\/\/hidalgo.nl\/example\/#listItem","position":2,"name":"example","item":"https:\/\/hidalgo.nl\/example\/","nextItem":{"@type":"ListItem","@id":"https:\/\/hidalgo.nl\/en\/product-supplier\/a53\/#listItem","name":"A53"},"previousItem":{"@type":"ListItem","@id":"https:\/\/hidalgo.nl\/de\/#listItem","name":"Home"}},{"@type":"ListItem","@id":"https:\/\/hidalgo.nl\/en\/product-supplier\/a53\/#listItem","position":3,"name":"A53","item":"https:\/\/hidalgo.nl\/en\/product-supplier\/a53\/","nextItem":{"@type":"ListItem","@id":"https:\/\/hidalgo.nl\/de\/product\/828638\/servierbrett-bedrucken-akazienholz-rund-mit-griff-315-cm\/#listItem","name":"InSideOut Houten serveer plank rond, 31.5cm"},"previousItem":{"@type":"ListItem","@id":"https:\/\/hidalgo.nl\/example\/#listItem","name":"example"}},{"@type":"ListItem","@id":"https:\/\/hidalgo.nl\/de\/product\/828638\/servierbrett-bedrucken-akazienholz-rund-mit-griff-315-cm\/#listItem","position":4,"name":"InSideOut Houten serveer plank rond, 31.5cm","previousItem":{"@type":"ListItem","@id":"https:\/\/hidalgo.nl\/en\/product-supplier\/a53\/#listItem","name":"A53"}}]},{"@type":"Organization","@id":"https:\/\/hidalgo.nl\/de\/#organization","name":"Hidalgo","url":"https:\/\/hidalgo.nl\/de\/","logo":{"@type":"ImageObject","url":"https:\/\/shop.hidalgo.nl\/wp-content\/uploads\/2025\/11\/cropped-Hidalgo-est1993.png","@id":"https:\/\/hidalgo.nl\/de\/product\/828638\/servierbrett-bedrucken-akazienholz-rund-mit-griff-315-cm\/#organizationLogo","width":585,"height":195},"image":{"@id":"https:\/\/hidalgo.nl\/de\/product\/828638\/servierbrett-bedrucken-akazienholz-rund-mit-griff-315-cm\/#organizationLogo"}},{"@type":"ProductGroup","@id":"https:\/\/hidalgo.nl\/de\/product\/828638\/servierbrett-bedrucken-akazienholz-rund-mit-griff-315-cm\/#wooCommerceProduct","name":"Servierbrett bedrucken Akazienholz Rund mit Griff 31,5 cm","url":"https:\/\/hidalgo.nl\/de\/product\/828638\/servierbrett-bedrucken-akazienholz-rund-mit-griff-315-cm\/","sku":"A53-LT57203","image":{"@type":"ImageObject","url":"https:\/\/shop.hidalgo.nl\/wp-content\/uploads\/2025\/12\/6dce5e6734c96f9fb4ff97b7305bcedf8292f2d366d48e5fc73442213393accf.jpg","@id":"https:\/\/hidalgo.nl\/de\/product\/828638\/servierbrett-bedrucken-akazienholz-rund-mit-griff-315-cm\/#productImage"},"productGroupID":828638,"hasVariant":[{"@type":"Product","@id":"https:\/\/hidalgo.nl\/de\/product\/828638\/servierbrett-bedrucken-akazienholz-rund-mit-griff-315-cm\/#wooCommerceProduct","name":"InSideOut Houten serveer plank rond, 31.5cm - hout","url":"https:\/\/hidalgo.nl\/de\/product\/828638\/servierbrett-bedrucken-akazienholz-rund-mit-griff-315-cm\/","sku":"A53-LT57203-N0093","image":{"@type":"ImageObject","url":"https:\/\/shop.hidalgo.nl\/wp-content\/uploads\/2025\/12\/cebbadfdfbd2727dd115986ee53701b08e43bcc08a10b7cc6498d0e1c16e647a.jpg","@id":"https:\/\/hidalgo.nl\/de\/product\/828638\/servierbrett-bedrucken-akazienholz-rund-mit-griff-315-cm\/#productImage"},"offers":{"@type":"Offer","url":"https:\/\/hidalgo.nl\/de\/product\/828638\/servierbrett-bedrucken-akazienholz-rund-mit-griff-315-cm\/#wooCommerceOffer","price":"16.605","priceCurrency":"EUR","category":"Promotionele Artikelen","availability":"https:\/\/schema.org\/InStock","priceSpecification":{"@type":"PriceSpecification","price":16.605,"priceCurrency":"EUR","valueAddedTaxIncluded":"true"}}}]},{"@type":"WebPage","@id":"https:\/\/hidalgo.nl\/de\/product\/828638\/servierbrett-bedrucken-akazienholz-rund-mit-griff-315-cm\/#webpage","url":"https:\/\/hidalgo.nl\/de\/product\/828638\/servierbrett-bedrucken-akazienholz-rund-mit-griff-315-cm\/","name":"Servierbrett bedrucken Akazienholz Rund mit Griff 31,5 cm","description":"Das runde Brotzeitbrett aus FSC-Akazienholz mit 31,5 cm eignet sich zum Anrichten von Pizza, Tapas und K\u00e4se. Bei Hidalgo l\u00e4sst du die Servierplatte Holz rund mit deinem Logo veredeln - ideal f\u00fcr Events oder Gastronomie. Mit Griff leicht zu tragen; vor dem ersten Einsatz ein\u00f6len.","inLanguage":"de-DE","isPartOf":{"@id":"https:\/\/hidalgo.nl\/de\/#website"},"breadcrumb":{"@id":"https:\/\/hidalgo.nl\/de\/product\/828638\/servierbrett-bedrucken-akazienholz-rund-mit-griff-315-cm\/#breadcrumblist"},"image":{"@type":"ImageObject","url":"https:\/\/shop.hidalgo.nl\/wp-content\/uploads\/2025\/12\/6dce5e6734c96f9fb4ff97b7305bcedf8292f2d366d48e5fc73442213393accf.jpg","@id":"https:\/\/hidalgo.nl\/de\/product\/828638\/servierbrett-bedrucken-akazienholz-rund-mit-griff-315-cm\/#mainImage"},"primaryImageOfPage":{"@id":"https:\/\/hidalgo.nl\/de\/product\/828638\/servierbrett-bedrucken-akazienholz-rund-mit-griff-315-cm\/#mainImage"},"datePublished":"2026-02-05T15:31:00+00:00","dateModified":"2026-04-24T07:49:24+00:00"},{"@type":"WebSite","@id":"https:\/\/hidalgo.nl\/de\/#website","url":"https:\/\/hidalgo.nl\/de\/","name":"Hidalgo","inLanguage":"de-DE","publisher":{"@id":"https:\/\/hidalgo.nl\/de\/#organization"}}]},"og:locale":"de_DE","og:site_name":"Hidalgo -","og:type":"article","og:title":"Servierbrett bedrucken Akazienholz Rund mit Griff 31,5 cm","og:description":"Das runde Brotzeitbrett aus FSC-Akazienholz mit 31,5 cm eignet sich zum Anrichten von Pizza, Tapas und K\u00e4se. Bei Hidalgo l\u00e4sst du die Servierplatte Holz rund mit deinem Logo veredeln - ideal f\u00fcr Events oder Gastronomie. Mit Griff leicht zu tragen; vor dem ersten Einsatz ein\u00f6len.","og:url":"https:\/\/hidalgo.nl\/de\/wp-json\/wp\/v2\/product\/828638","og:image":"https:\/\/shop.hidalgo.nl\/wp-content\/uploads\/2025\/11\/cropped-Hidalgo-est1993.png","og:image:secure_url":"https:\/\/shop.hidalgo.nl\/wp-content\/uploads\/2025\/11\/cropped-Hidalgo-est1993.png","article:published_time":"2026-02-05T15:31:00+00:00","article:modified_time":"2026-04-24T07:49:24+00:00","twitter:card":"summary_large_image","twitter:title":"Servierbrett bedrucken Akazienholz Rund mit Griff 31,5 cm","twitter:description":"Das runde Brotzeitbrett aus FSC-Akazienholz mit 31,5 cm eignet sich zum Anrichten von Pizza, Tapas und K\u00e4se. Bei Hidalgo l\u00e4sst du die Servierplatte Holz rund mit deinem Logo veredeln - ideal f\u00fcr Events oder Gastronomie. Mit Griff leicht zu tragen; vor dem ersten Einsatz ein\u00f6len.","twitter:image":"https:\/\/shop.hidalgo.nl\/wp-content\/uploads\/2025\/11\/cropped-Hidalgo-est1993.png"},"aioseo_meta_data":{"post_id":"828638","title":null,"description":null,"keywords":null,"keyphrases":null,"primary_term":null,"canonical_url":null,"og_title":null,"og_description":null,"og_object_type":"default","og_image_type":"default","og_image_url":null,"og_image_width":null,"og_image_height":null,"og_image_custom_url":null,"og_image_custom_fields":null,"og_video":null,"og_custom_url":null,"og_article_section":null,"og_article_tags":null,"twitter_use_og":false,"twitter_card":"default","twitter_image_type":"default","twitter_image_url":null,"twitter_image_custom_url":null,"twitter_image_custom_fields":null,"twitter_title":null,"twitter_description":null,"schema":{"blockGraphs":[],"customGraphs":[],"default":{"data":{"Article":[],"Course":[],"Dataset":[],"FAQPage":[],"Movie":[],"Person":[],"Product":[],"ProductReview":[],"Car":[],"Recipe":[],"Service":[],"SoftwareApplication":[],"WebPage":[]},"graphName":"","isEnabled":true},"graphs":[]},"schema_type":"default","schema_type_options":null,"pillar_content":false,"robots_default":true,"robots_noindex":false,"robots_noarchive":false,"robots_nosnippet":false,"robots_nofollow":false,"robots_noimageindex":false,"robots_noodp":false,"robots_notranslate":false,"robots_max_snippet":null,"robots_max_videopreview":null,"robots_max_imagepreview":"large","priority":null,"frequency":null,"local_seo":null,"seo_analyzer_scan_date":"2026-02-09 10:57:28","breadcrumb_settings":null,"limit_modified_date":false,"reviewed_by":null,"open_ai":null,"ai":null,"created":"2026-02-05 15:33:24","updated":"2026-04-24 08:40:48"},"aioseo_breadcrumb":"<div class=\"aioseo-breadcrumbs\"><span class=\"aioseo-breadcrumb\">\n\t<a href=\"https:\/\/hidalgo.nl\/de\/\" title=\"Home\">Home<\/a>\n<\/span><span class=\"aioseo-breadcrumb-separator\">\u00bb<\/span><span class=\"aioseo-breadcrumb\">\n\t<a href=\"https:\/\/hidalgo.nl\/example\/\" title=\"example\">example<\/a>\n<\/span><span class=\"aioseo-breadcrumb-separator\">\u00bb<\/span><span class=\"aioseo-breadcrumb\">\n\t<a href=\"https:\/\/hidalgo.nl\/en\/product-supplier\/a53\/\" title=\"A53\">A53<\/a>\n<\/span><span class=\"aioseo-breadcrumb-separator\">\u00bb<\/span><span class=\"aioseo-breadcrumb\">\n\tInSideOut Houten serveer plank rond, 31.5cm\n<\/span><\/div>","aioseo_breadcrumb_json":[{"label":"Home","link":"https:\/\/hidalgo.nl\/de\/"},{"label":"example","link":"https:\/\/hidalgo.nl\/example\/"},{"label":"A53","link":"https:\/\/hidalgo.nl\/en\/product-supplier\/a53\/"},{"label":"InSideOut Houten serveer plank rond, 31.5cm","link":"https:\/\/hidalgo.nl\/de\/product\/828638\/servierbrett-bedrucken-akazienholz-rund-mit-griff-315-cm\/"}],"_links":{"self":[{"href":"https:\/\/hidalgo.nl\/de\/wp-json\/wp\/v2\/product\/828638","targetHints":{"allow":["GET"]}}],"collection":[{"href":"https:\/\/hidalgo.nl\/de\/wp-json\/wp\/v2\/product"}],"about":[{"href":"https:\/\/hidalgo.nl\/de\/wp-json\/wp\/v2\/types\/product"}],"wp:featuredmedia":[{"embeddable":true,"href":"https:\/\/hidalgo.nl\/de\/wp-json\/wp\/v2\/media\/828639"}],"wp:attachment":[{"href":"https:\/\/hidalgo.nl\/de\/wp-json\/wp\/v2\/media?parent=828638"}],"wp:term":[{"taxonomy":"product_brand","embeddable":true,"href":"https:\/\/hidalgo.nl\/de\/wp-json\/wp\/v2\/product_brand?post=828638"},{"taxonomy":"product_cat","embeddable":true,"href":"https:\/\/hidalgo.nl\/de\/wp-json\/wp\/v2\/product_cat?post=828638"},{"taxonomy":"product_tag","embeddable":true,"href":"https:\/\/hidalgo.nl\/de\/wp-json\/wp\/v2\/product_tag?post=828638"}],"curies":[{"name":"wp","href":"https:\/\/api.w.org\/{rel}","templated":true}]}}