{"id":828632,"date":"2026-02-05T15:30:59","date_gmt":"2026-02-05T15:30:59","guid":{"rendered":"https:\/\/hidalgo.nl\/product\/insideout-houten-snack-tafeltje-35cm\/"},"modified":"2026-04-24T12:20:03","modified_gmt":"2026-04-24T12:20:03","slug":"insideout-houten-snack-tafeltje-35cm","status":"publish","type":"product","link":"https:\/\/hidalgo.nl\/de\/product\/828632\/snacktisch-holz-bedrucken-nachhaltig-akazie-mit-schalen-35cm\/","title":{"rendered":"InSideOut Houten snack tafeltje, 35cm"},"content":{"rendered":"<p>Dit Acacia houten snacktafeltje is een  InSideOut original. Perfect voor het serveren nootjes, pinda&#8217;s, tapas of kaasblokjes tijdens een gezellige borrel. Het tafeltje is (35cm lang), heeft voorgevormde bakjes en is het pronkstuk op iedere borreltafel. Het FSC-gecertificeerde Acacia hout heeft een prachtige nerfstructuur en warme kleur, wat het niet alleen praktisch maar ook een mooie decoratie maakt. Daarnaast is het Acacia hout duurzaam, waterbestendig en antibacterieel, waardoor je er langdurig plezier van hebt. Om ervoor te zorgen dat je zo lang mogelijk van de snacktafel geniet, is het aan te raden om deze voor het eerste gebruik in te smeren met houtolie en niet in de vaatwasser te plaatsen. Kortom, deze originele verschijning is een stijlvolle en functionele keuze voor elke borrel. Een logo kan op de rand van de tafel.<\/p>\n","protected":false},"excerpt":{"rendered":"<p>Dit Acacia houten snacktafeltje is een InSideOut original. Perfect voor het serveren nootjes, pinda&#8217;s, tapas of kaasblokjes tijdens een gezellige borrel. Het tafeltje is (35cm lang), heeft voorgevormde bakjes en is het pronkstuk op iedere borreltafel. Het FSC-gecertificeerde Acacia hout heeft een prachtige nerfstructuur en warme kleur, wat het niet alleen praktisch maar ook een&hellip; <a class=\"more-link\" href=\"https:\/\/hidalgo.nl\/de\/product\/828632\/snacktisch-holz-bedrucken-nachhaltig-akazie-mit-schalen-35cm\/\"><span class=\"screen-reader-text\">InSideOut Houten snack tafeltje, 35cm<\/span> weiterlesen<\/a><\/p>\n","protected":false},"featured_media":828633,"template":"","meta":{"_acf_changed":false,"om_disable_all_campaigns":false,"_monsterinsights_skip_tracking":false,"_monsterinsights_sitenote_active":false,"_monsterinsights_sitenote_note":"","_monsterinsights_sitenote_category":0},"product_brand":[],"product_cat":[4766,4735,4719,4728],"product_tag":[],"class_list":{"0":"post-828632","1":"product","2":"type-product","3":"status-publish","4":"has-post-thumbnail","6":"product_supplier-a53","7":"product_cat-kaas-snij-en-serveer-planken","8":"product_cat-keuken","9":"product_cat-promotionele-artikelen","10":"product_cat-promotionele-artikelen-thuis-keuken-en-tuin","11":"entry","13":"first","14":"instock","15":"taxable","16":"shipping-taxable","17":"purchasable","18":"product-type-variable"},"acf":{"imprint_cost":[{"imprint_cost_key":"60d8777371c78b1f105fc7eb5139f45eee6b3a97","product_quantity_price_range":[{"imprint_cost_recommended_selling_price":"1.7625","imprint_cost_recommended_selling_quantity":"1"},{"imprint_cost_recommended_selling_price":"1.5","imprint_cost_recommended_selling_quantity":"10"},{"imprint_cost_recommended_selling_price":"1.3425","imprint_cost_recommended_selling_quantity":"25"},{"imprint_cost_recommended_selling_price":"1.1625","imprint_cost_recommended_selling_quantity":"50"},{"imprint_cost_recommended_selling_price":"1.0875","imprint_cost_recommended_selling_quantity":"100"},{"imprint_cost_recommended_selling_price":"1.0425","imprint_cost_recommended_selling_quantity":"250"},{"imprint_cost_recommended_selling_price":"1.005","imprint_cost_recommended_selling_quantity":"500"},{"imprint_cost_recommended_selling_price":"0.96","imprint_cost_recommended_selling_quantity":"1000"},{"imprint_cost_recommended_selling_price":"0.915","imprint_cost_recommended_selling_quantity":"2500"},{"imprint_cost_recommended_selling_price":"0.87","imprint_cost_recommended_selling_quantity":"5000"},{"imprint_cost_recommended_selling_price":"0.8175","imprint_cost_recommended_selling_quantity":"10000"}],"product_quantity_price_range_buying":[{"imprint_cost_general_buying_price":"1.175","imprint_cost_general_buying_quantity":"1"},{"imprint_cost_general_buying_price":"1","imprint_cost_general_buying_quantity":"10"},{"imprint_cost_general_buying_price":"0.895","imprint_cost_general_buying_quantity":"25"},{"imprint_cost_general_buying_price":"0.775","imprint_cost_general_buying_quantity":"50"},{"imprint_cost_general_buying_price":"0.725","imprint_cost_general_buying_quantity":"100"},{"imprint_cost_general_buying_price":"0.695","imprint_cost_general_buying_quantity":"250"},{"imprint_cost_general_buying_price":"0.67","imprint_cost_general_buying_quantity":"500"},{"imprint_cost_general_buying_price":"0.64","imprint_cost_general_buying_quantity":"1000"},{"imprint_cost_general_buying_price":"0.61","imprint_cost_general_buying_quantity":"2500"},{"imprint_cost_general_buying_price":"0.58","imprint_cost_general_buying_quantity":"5000"},{"imprint_cost_general_buying_price":"0.545","imprint_cost_general_buying_quantity":"10000"}],"imprint_cost_setup_costs":"54","imprint_cost_handling_costs":"0.36"},{"imprint_cost_key":"a7b030af930c7643a9a5d0720ad593c9ceb3d58a","product_quantity_price_range":[{"imprint_cost_recommended_selling_price":"1.7625","imprint_cost_recommended_selling_quantity":"1"},{"imprint_cost_recommended_selling_price":"1.5","imprint_cost_recommended_selling_quantity":"10"},{"imprint_cost_recommended_selling_price":"1.3425","imprint_cost_recommended_selling_quantity":"25"},{"imprint_cost_recommended_selling_price":"1.1625","imprint_cost_recommended_selling_quantity":"50"},{"imprint_cost_recommended_selling_price":"1.0875","imprint_cost_recommended_selling_quantity":"100"},{"imprint_cost_recommended_selling_price":"1.0425","imprint_cost_recommended_selling_quantity":"250"},{"imprint_cost_recommended_selling_price":"1.005","imprint_cost_recommended_selling_quantity":"500"},{"imprint_cost_recommended_selling_price":"0.96","imprint_cost_recommended_selling_quantity":"1000"},{"imprint_cost_recommended_selling_price":"0.915","imprint_cost_recommended_selling_quantity":"2500"},{"imprint_cost_recommended_selling_price":"0.87","imprint_cost_recommended_selling_quantity":"5000"},{"imprint_cost_recommended_selling_price":"0.8175","imprint_cost_recommended_selling_quantity":"10000"}],"product_quantity_price_range_buying":[{"imprint_cost_general_buying_price":"1.175","imprint_cost_general_buying_quantity":"1"},{"imprint_cost_general_buying_price":"1","imprint_cost_general_buying_quantity":"10"},{"imprint_cost_general_buying_price":"0.895","imprint_cost_general_buying_quantity":"25"},{"imprint_cost_general_buying_price":"0.775","imprint_cost_general_buying_quantity":"50"},{"imprint_cost_general_buying_price":"0.725","imprint_cost_general_buying_quantity":"100"},{"imprint_cost_general_buying_price":"0.695","imprint_cost_general_buying_quantity":"250"},{"imprint_cost_general_buying_price":"0.67","imprint_cost_general_buying_quantity":"500"},{"imprint_cost_general_buying_price":"0.64","imprint_cost_general_buying_quantity":"1000"},{"imprint_cost_general_buying_price":"0.61","imprint_cost_general_buying_quantity":"2500"},{"imprint_cost_general_buying_price":"0.58","imprint_cost_general_buying_quantity":"5000"},{"imprint_cost_general_buying_price":"0.545","imprint_cost_general_buying_quantity":"10000"}],"imprint_cost_setup_costs":"54","imprint_cost_handling_costs":"0.36"}]},"aioseo_notices":[],"aioseo_head":"\n\t\t<!-- All in One SEO Pro 4.9.6.2 - aioseo.com -->\n\t<meta name=\"description\" content=\"Der kompakte Rundtisch von InSideOut aus FSC-zertifiziertem Akazienholz bietet integrierte Sch\u00e4lchen f\u00fcr Tapas, N\u00fcsse &amp; K\u00e4se - ideal als Beistelltisch innen au\u00dfen. Mit deinem Logo von Hidalgo veredelt, wird dieser Holztisch mit 35 cm Durchmesser zum smarten Serviertisch.\" \/>\n\t<meta name=\"robots\" content=\"max-image-preview:large\" \/>\n\t<link rel=\"canonical\" href=\"https:\/\/hidalgo.nl\/de\/wp-json\/wp\/v2\/product\/828632\" \/>\n\t<meta name=\"generator\" content=\"All in One SEO Pro (AIOSEO) 4.9.6.2\" \/>\n\t\t<meta property=\"og:locale\" content=\"de_DE\" \/>\n\t\t<meta property=\"og:site_name\" content=\"Hidalgo -\" \/>\n\t\t<meta property=\"og:type\" content=\"article\" \/>\n\t\t<meta property=\"og:title\" content=\"Snacktisch Holz bedrucken nachhaltig Akazie mit Schalen 35cm\" \/>\n\t\t<meta property=\"og:description\" content=\"Der kompakte Rundtisch von InSideOut aus FSC-zertifiziertem Akazienholz bietet integrierte Sch\u00e4lchen f\u00fcr Tapas, N\u00fcsse &amp; K\u00e4se - ideal als Beistelltisch innen au\u00dfen. Mit deinem Logo von Hidalgo veredelt, wird dieser Holztisch mit 35 cm Durchmesser zum smarten Serviertisch.\" \/>\n\t\t<meta property=\"og:url\" content=\"https:\/\/hidalgo.nl\/de\/wp-json\/wp\/v2\/product\/828632\" \/>\n\t\t<meta property=\"og:image\" content=\"https:\/\/shop.hidalgo.nl\/wp-content\/uploads\/2025\/11\/cropped-Hidalgo-est1993.png\" \/>\n\t\t<meta property=\"og:image:secure_url\" content=\"https:\/\/shop.hidalgo.nl\/wp-content\/uploads\/2025\/11\/cropped-Hidalgo-est1993.png\" \/>\n\t\t<meta property=\"article:published_time\" content=\"2026-02-05T15:30:59+00:00\" \/>\n\t\t<meta property=\"article:modified_time\" content=\"2026-04-24T12:20:03+00:00\" \/>\n\t\t<meta name=\"twitter:card\" content=\"summary_large_image\" \/>\n\t\t<meta name=\"twitter:title\" content=\"Snacktisch Holz bedrucken nachhaltig Akazie mit Schalen 35cm\" \/>\n\t\t<meta name=\"twitter:description\" content=\"Der kompakte Rundtisch von InSideOut aus FSC-zertifiziertem Akazienholz bietet integrierte Sch\u00e4lchen f\u00fcr Tapas, N\u00fcsse &amp; K\u00e4se - ideal als Beistelltisch innen au\u00dfen. Mit deinem Logo von Hidalgo veredelt, wird dieser Holztisch mit 35 cm Durchmesser zum smarten Serviertisch.\" \/>\n\t\t<meta name=\"twitter:image\" content=\"https:\/\/shop.hidalgo.nl\/wp-content\/uploads\/2025\/11\/cropped-Hidalgo-est1993.png\" \/>\n\t\t<script type=\"application\/ld+json\" class=\"aioseo-schema\">\n\t\t\t{\"@context\":\"https:\\\/\\\/schema.org\",\"@graph\":[{\"@type\":\"BreadcrumbList\",\"@id\":\"https:\\\/\\\/hidalgo.nl\\\/de\\\/product\\\/828632\\\/snacktisch-holz-bedrucken-nachhaltig-akazie-mit-schalen-35cm\\\/#breadcrumblist\",\"itemListElement\":[{\"@type\":\"ListItem\",\"@id\":\"https:\\\/\\\/hidalgo.nl\\\/de\\\/#listItem\",\"position\":1,\"name\":\"Home\",\"item\":\"https:\\\/\\\/hidalgo.nl\\\/de\\\/\",\"nextItem\":{\"@type\":\"ListItem\",\"@id\":\"https:\\\/\\\/hidalgo.nl\\\/example\\\/#listItem\",\"name\":\"example\"}},{\"@type\":\"ListItem\",\"@id\":\"https:\\\/\\\/hidalgo.nl\\\/example\\\/#listItem\",\"position\":2,\"name\":\"example\",\"item\":\"https:\\\/\\\/hidalgo.nl\\\/example\\\/\",\"nextItem\":{\"@type\":\"ListItem\",\"@id\":\"https:\\\/\\\/hidalgo.nl\\\/en\\\/product-supplier\\\/a53\\\/#listItem\",\"name\":\"A53\"},\"previousItem\":{\"@type\":\"ListItem\",\"@id\":\"https:\\\/\\\/hidalgo.nl\\\/de\\\/#listItem\",\"name\":\"Home\"}},{\"@type\":\"ListItem\",\"@id\":\"https:\\\/\\\/hidalgo.nl\\\/en\\\/product-supplier\\\/a53\\\/#listItem\",\"position\":3,\"name\":\"A53\",\"item\":\"https:\\\/\\\/hidalgo.nl\\\/en\\\/product-supplier\\\/a53\\\/\",\"nextItem\":{\"@type\":\"ListItem\",\"@id\":\"https:\\\/\\\/hidalgo.nl\\\/de\\\/product\\\/828632\\\/snacktisch-holz-bedrucken-nachhaltig-akazie-mit-schalen-35cm\\\/#listItem\",\"name\":\"InSideOut Houten snack tafeltje, 35cm\"},\"previousItem\":{\"@type\":\"ListItem\",\"@id\":\"https:\\\/\\\/hidalgo.nl\\\/example\\\/#listItem\",\"name\":\"example\"}},{\"@type\":\"ListItem\",\"@id\":\"https:\\\/\\\/hidalgo.nl\\\/de\\\/product\\\/828632\\\/snacktisch-holz-bedrucken-nachhaltig-akazie-mit-schalen-35cm\\\/#listItem\",\"position\":4,\"name\":\"InSideOut Houten snack tafeltje, 35cm\",\"previousItem\":{\"@type\":\"ListItem\",\"@id\":\"https:\\\/\\\/hidalgo.nl\\\/en\\\/product-supplier\\\/a53\\\/#listItem\",\"name\":\"A53\"}}]},{\"@type\":\"Organization\",\"@id\":\"https:\\\/\\\/hidalgo.nl\\\/de\\\/#organization\",\"name\":\"Hidalgo\",\"url\":\"https:\\\/\\\/hidalgo.nl\\\/de\\\/\",\"logo\":{\"@type\":\"ImageObject\",\"url\":\"https:\\\/\\\/shop.hidalgo.nl\\\/wp-content\\\/uploads\\\/2025\\\/11\\\/cropped-Hidalgo-est1993.png\",\"@id\":\"https:\\\/\\\/hidalgo.nl\\\/de\\\/product\\\/828632\\\/snacktisch-holz-bedrucken-nachhaltig-akazie-mit-schalen-35cm\\\/#organizationLogo\",\"width\":585,\"height\":195},\"image\":{\"@id\":\"https:\\\/\\\/hidalgo.nl\\\/de\\\/product\\\/828632\\\/snacktisch-holz-bedrucken-nachhaltig-akazie-mit-schalen-35cm\\\/#organizationLogo\"}},{\"@type\":\"ProductGroup\",\"@id\":\"https:\\\/\\\/hidalgo.nl\\\/de\\\/product\\\/828632\\\/snacktisch-holz-bedrucken-nachhaltig-akazie-mit-schalen-35cm\\\/#wooCommerceProduct\",\"name\":\"Snacktisch Holz bedrucken nachhaltig Akazie mit Schalen 35cm\",\"url\":\"https:\\\/\\\/hidalgo.nl\\\/de\\\/product\\\/828632\\\/snacktisch-holz-bedrucken-nachhaltig-akazie-mit-schalen-35cm\\\/\",\"sku\":\"A53-LT57204\",\"image\":{\"@type\":\"ImageObject\",\"url\":\"https:\\\/\\\/shop.hidalgo.nl\\\/wp-content\\\/uploads\\\/2025\\\/12\\\/14156dcf810bec56958d20918551e23de3506d9ebb1a3c46f17a3c2b54fc7a01.jpg\",\"@id\":\"https:\\\/\\\/hidalgo.nl\\\/de\\\/product\\\/828632\\\/snacktisch-holz-bedrucken-nachhaltig-akazie-mit-schalen-35cm\\\/#productImage\"},\"productGroupID\":828632,\"hasVariant\":[{\"@type\":\"Product\",\"@id\":\"https:\\\/\\\/hidalgo.nl\\\/de\\\/product\\\/828632\\\/snacktisch-holz-bedrucken-nachhaltig-akazie-mit-schalen-35cm\\\/#wooCommerceProduct\",\"name\":\"InSideOut Houten snack tafeltje, 35cm - hout\",\"url\":\"https:\\\/\\\/hidalgo.nl\\\/de\\\/product\\\/828632\\\/snacktisch-holz-bedrucken-nachhaltig-akazie-mit-schalen-35cm\\\/\",\"sku\":\"A53-LT57204-N0093\",\"image\":{\"@type\":\"ImageObject\",\"url\":\"https:\\\/\\\/shop.hidalgo.nl\\\/wp-content\\\/uploads\\\/2025\\\/12\\\/7385ae03c6f8dd747b798ee9d7ced5a686372b2ae737b84d422cd0faa98c0c70.jpg\",\"@id\":\"https:\\\/\\\/hidalgo.nl\\\/de\\\/product\\\/828632\\\/snacktisch-holz-bedrucken-nachhaltig-akazie-mit-schalen-35cm\\\/#productImage\"},\"offers\":{\"@type\":\"Offer\",\"url\":\"https:\\\/\\\/hidalgo.nl\\\/de\\\/product\\\/828632\\\/snacktisch-holz-bedrucken-nachhaltig-akazie-mit-schalen-35cm\\\/#wooCommerceOffer\",\"price\":\"10.545\",\"priceCurrency\":\"EUR\",\"category\":\"Promotionele Artikelen\",\"availability\":\"https:\\\/\\\/schema.org\\\/InStock\",\"priceSpecification\":{\"@type\":\"PriceSpecification\",\"price\":10.545,\"priceCurrency\":\"EUR\",\"valueAddedTaxIncluded\":\"true\"}}}]},{\"@type\":\"WebPage\",\"@id\":\"https:\\\/\\\/hidalgo.nl\\\/de\\\/product\\\/828632\\\/snacktisch-holz-bedrucken-nachhaltig-akazie-mit-schalen-35cm\\\/#webpage\",\"url\":\"https:\\\/\\\/hidalgo.nl\\\/de\\\/product\\\/828632\\\/snacktisch-holz-bedrucken-nachhaltig-akazie-mit-schalen-35cm\\\/\",\"name\":\"Snacktisch Holz bedrucken nachhaltig Akazie mit Schalen 35cm\",\"description\":\"Der kompakte Rundtisch von InSideOut aus FSC-zertifiziertem Akazienholz bietet integrierte Sch\\u00e4lchen f\\u00fcr Tapas, N\\u00fcsse & K\\u00e4se - ideal als Beistelltisch innen au\\u00dfen. Mit deinem Logo von Hidalgo veredelt, wird dieser Holztisch mit 35 cm Durchmesser zum smarten Serviertisch.\",\"inLanguage\":\"de-DE\",\"isPartOf\":{\"@id\":\"https:\\\/\\\/hidalgo.nl\\\/de\\\/#website\"},\"breadcrumb\":{\"@id\":\"https:\\\/\\\/hidalgo.nl\\\/de\\\/product\\\/828632\\\/snacktisch-holz-bedrucken-nachhaltig-akazie-mit-schalen-35cm\\\/#breadcrumblist\"},\"image\":{\"@type\":\"ImageObject\",\"url\":\"https:\\\/\\\/shop.hidalgo.nl\\\/wp-content\\\/uploads\\\/2025\\\/12\\\/14156dcf810bec56958d20918551e23de3506d9ebb1a3c46f17a3c2b54fc7a01.jpg\",\"@id\":\"https:\\\/\\\/hidalgo.nl\\\/de\\\/product\\\/828632\\\/snacktisch-holz-bedrucken-nachhaltig-akazie-mit-schalen-35cm\\\/#mainImage\"},\"primaryImageOfPage\":{\"@id\":\"https:\\\/\\\/hidalgo.nl\\\/de\\\/product\\\/828632\\\/snacktisch-holz-bedrucken-nachhaltig-akazie-mit-schalen-35cm\\\/#mainImage\"},\"datePublished\":\"2026-02-05T15:30:59+00:00\",\"dateModified\":\"2026-04-24T12:20:03+00:00\"},{\"@type\":\"WebSite\",\"@id\":\"https:\\\/\\\/hidalgo.nl\\\/de\\\/#website\",\"url\":\"https:\\\/\\\/hidalgo.nl\\\/de\\\/\",\"name\":\"Hidalgo\",\"inLanguage\":\"de-DE\",\"publisher\":{\"@id\":\"https:\\\/\\\/hidalgo.nl\\\/de\\\/#organization\"}}]}\n\t\t<\/script>\n\t\t<!-- All in One SEO Pro -->\r\n\t\t<title>Snacktisch Holz bedrucken nachhaltig Akazie mit Schalen 35cm<\/title>\n\n","aioseo_head_json":{"title":"Snacktisch Holz bedrucken nachhaltig Akazie mit Schalen 35cm","description":"Der kompakte Rundtisch von InSideOut aus FSC-zertifiziertem Akazienholz bietet integrierte Sch\u00e4lchen f\u00fcr Tapas, N\u00fcsse & K\u00e4se - ideal als Beistelltisch innen au\u00dfen. Mit deinem Logo von Hidalgo veredelt, wird dieser Holztisch mit 35 cm Durchmesser zum smarten Serviertisch.","canonical_url":"https:\/\/hidalgo.nl\/de\/wp-json\/wp\/v2\/product\/828632","robots":"max-image-preview:large","keywords":"","webmasterTools":{"miscellaneous":""},"schema":{"@context":"https:\/\/schema.org","@graph":[{"@type":"BreadcrumbList","@id":"https:\/\/hidalgo.nl\/de\/product\/828632\/snacktisch-holz-bedrucken-nachhaltig-akazie-mit-schalen-35cm\/#breadcrumblist","itemListElement":[{"@type":"ListItem","@id":"https:\/\/hidalgo.nl\/de\/#listItem","position":1,"name":"Home","item":"https:\/\/hidalgo.nl\/de\/","nextItem":{"@type":"ListItem","@id":"https:\/\/hidalgo.nl\/example\/#listItem","name":"example"}},{"@type":"ListItem","@id":"https:\/\/hidalgo.nl\/example\/#listItem","position":2,"name":"example","item":"https:\/\/hidalgo.nl\/example\/","nextItem":{"@type":"ListItem","@id":"https:\/\/hidalgo.nl\/en\/product-supplier\/a53\/#listItem","name":"A53"},"previousItem":{"@type":"ListItem","@id":"https:\/\/hidalgo.nl\/de\/#listItem","name":"Home"}},{"@type":"ListItem","@id":"https:\/\/hidalgo.nl\/en\/product-supplier\/a53\/#listItem","position":3,"name":"A53","item":"https:\/\/hidalgo.nl\/en\/product-supplier\/a53\/","nextItem":{"@type":"ListItem","@id":"https:\/\/hidalgo.nl\/de\/product\/828632\/snacktisch-holz-bedrucken-nachhaltig-akazie-mit-schalen-35cm\/#listItem","name":"InSideOut Houten snack tafeltje, 35cm"},"previousItem":{"@type":"ListItem","@id":"https:\/\/hidalgo.nl\/example\/#listItem","name":"example"}},{"@type":"ListItem","@id":"https:\/\/hidalgo.nl\/de\/product\/828632\/snacktisch-holz-bedrucken-nachhaltig-akazie-mit-schalen-35cm\/#listItem","position":4,"name":"InSideOut Houten snack tafeltje, 35cm","previousItem":{"@type":"ListItem","@id":"https:\/\/hidalgo.nl\/en\/product-supplier\/a53\/#listItem","name":"A53"}}]},{"@type":"Organization","@id":"https:\/\/hidalgo.nl\/de\/#organization","name":"Hidalgo","url":"https:\/\/hidalgo.nl\/de\/","logo":{"@type":"ImageObject","url":"https:\/\/shop.hidalgo.nl\/wp-content\/uploads\/2025\/11\/cropped-Hidalgo-est1993.png","@id":"https:\/\/hidalgo.nl\/de\/product\/828632\/snacktisch-holz-bedrucken-nachhaltig-akazie-mit-schalen-35cm\/#organizationLogo","width":585,"height":195},"image":{"@id":"https:\/\/hidalgo.nl\/de\/product\/828632\/snacktisch-holz-bedrucken-nachhaltig-akazie-mit-schalen-35cm\/#organizationLogo"}},{"@type":"ProductGroup","@id":"https:\/\/hidalgo.nl\/de\/product\/828632\/snacktisch-holz-bedrucken-nachhaltig-akazie-mit-schalen-35cm\/#wooCommerceProduct","name":"Snacktisch Holz bedrucken nachhaltig Akazie mit Schalen 35cm","url":"https:\/\/hidalgo.nl\/de\/product\/828632\/snacktisch-holz-bedrucken-nachhaltig-akazie-mit-schalen-35cm\/","sku":"A53-LT57204","image":{"@type":"ImageObject","url":"https:\/\/shop.hidalgo.nl\/wp-content\/uploads\/2025\/12\/14156dcf810bec56958d20918551e23de3506d9ebb1a3c46f17a3c2b54fc7a01.jpg","@id":"https:\/\/hidalgo.nl\/de\/product\/828632\/snacktisch-holz-bedrucken-nachhaltig-akazie-mit-schalen-35cm\/#productImage"},"productGroupID":828632,"hasVariant":[{"@type":"Product","@id":"https:\/\/hidalgo.nl\/de\/product\/828632\/snacktisch-holz-bedrucken-nachhaltig-akazie-mit-schalen-35cm\/#wooCommerceProduct","name":"InSideOut Houten snack tafeltje, 35cm - hout","url":"https:\/\/hidalgo.nl\/de\/product\/828632\/snacktisch-holz-bedrucken-nachhaltig-akazie-mit-schalen-35cm\/","sku":"A53-LT57204-N0093","image":{"@type":"ImageObject","url":"https:\/\/shop.hidalgo.nl\/wp-content\/uploads\/2025\/12\/7385ae03c6f8dd747b798ee9d7ced5a686372b2ae737b84d422cd0faa98c0c70.jpg","@id":"https:\/\/hidalgo.nl\/de\/product\/828632\/snacktisch-holz-bedrucken-nachhaltig-akazie-mit-schalen-35cm\/#productImage"},"offers":{"@type":"Offer","url":"https:\/\/hidalgo.nl\/de\/product\/828632\/snacktisch-holz-bedrucken-nachhaltig-akazie-mit-schalen-35cm\/#wooCommerceOffer","price":"10.545","priceCurrency":"EUR","category":"Promotionele Artikelen","availability":"https:\/\/schema.org\/InStock","priceSpecification":{"@type":"PriceSpecification","price":10.545,"priceCurrency":"EUR","valueAddedTaxIncluded":"true"}}}]},{"@type":"WebPage","@id":"https:\/\/hidalgo.nl\/de\/product\/828632\/snacktisch-holz-bedrucken-nachhaltig-akazie-mit-schalen-35cm\/#webpage","url":"https:\/\/hidalgo.nl\/de\/product\/828632\/snacktisch-holz-bedrucken-nachhaltig-akazie-mit-schalen-35cm\/","name":"Snacktisch Holz bedrucken nachhaltig Akazie mit Schalen 35cm","description":"Der kompakte Rundtisch von InSideOut aus FSC-zertifiziertem Akazienholz bietet integrierte Sch\u00e4lchen f\u00fcr Tapas, N\u00fcsse & K\u00e4se - ideal als Beistelltisch innen au\u00dfen. Mit deinem Logo von Hidalgo veredelt, wird dieser Holztisch mit 35 cm Durchmesser zum smarten Serviertisch.","inLanguage":"de-DE","isPartOf":{"@id":"https:\/\/hidalgo.nl\/de\/#website"},"breadcrumb":{"@id":"https:\/\/hidalgo.nl\/de\/product\/828632\/snacktisch-holz-bedrucken-nachhaltig-akazie-mit-schalen-35cm\/#breadcrumblist"},"image":{"@type":"ImageObject","url":"https:\/\/shop.hidalgo.nl\/wp-content\/uploads\/2025\/12\/14156dcf810bec56958d20918551e23de3506d9ebb1a3c46f17a3c2b54fc7a01.jpg","@id":"https:\/\/hidalgo.nl\/de\/product\/828632\/snacktisch-holz-bedrucken-nachhaltig-akazie-mit-schalen-35cm\/#mainImage"},"primaryImageOfPage":{"@id":"https:\/\/hidalgo.nl\/de\/product\/828632\/snacktisch-holz-bedrucken-nachhaltig-akazie-mit-schalen-35cm\/#mainImage"},"datePublished":"2026-02-05T15:30:59+00:00","dateModified":"2026-04-24T12:20:03+00:00"},{"@type":"WebSite","@id":"https:\/\/hidalgo.nl\/de\/#website","url":"https:\/\/hidalgo.nl\/de\/","name":"Hidalgo","inLanguage":"de-DE","publisher":{"@id":"https:\/\/hidalgo.nl\/de\/#organization"}}]},"og:locale":"de_DE","og:site_name":"Hidalgo -","og:type":"article","og:title":"Snacktisch Holz bedrucken nachhaltig Akazie mit Schalen 35cm","og:description":"Der kompakte Rundtisch von InSideOut aus FSC-zertifiziertem Akazienholz bietet integrierte Sch\u00e4lchen f\u00fcr Tapas, N\u00fcsse &amp; K\u00e4se - ideal als Beistelltisch innen au\u00dfen. Mit deinem Logo von Hidalgo veredelt, wird dieser Holztisch mit 35 cm Durchmesser zum smarten Serviertisch.","og:url":"https:\/\/hidalgo.nl\/de\/wp-json\/wp\/v2\/product\/828632","og:image":"https:\/\/shop.hidalgo.nl\/wp-content\/uploads\/2025\/11\/cropped-Hidalgo-est1993.png","og:image:secure_url":"https:\/\/shop.hidalgo.nl\/wp-content\/uploads\/2025\/11\/cropped-Hidalgo-est1993.png","article:published_time":"2026-02-05T15:30:59+00:00","article:modified_time":"2026-04-24T12:20:03+00:00","twitter:card":"summary_large_image","twitter:title":"Snacktisch Holz bedrucken nachhaltig Akazie mit Schalen 35cm","twitter:description":"Der kompakte Rundtisch von InSideOut aus FSC-zertifiziertem Akazienholz bietet integrierte Sch\u00e4lchen f\u00fcr Tapas, N\u00fcsse &amp; K\u00e4se - ideal als Beistelltisch innen au\u00dfen. Mit deinem Logo von Hidalgo veredelt, wird dieser Holztisch mit 35 cm Durchmesser zum smarten Serviertisch.","twitter:image":"https:\/\/shop.hidalgo.nl\/wp-content\/uploads\/2025\/11\/cropped-Hidalgo-est1993.png"},"aioseo_meta_data":{"post_id":"828632","title":null,"description":null,"keywords":null,"keyphrases":null,"primary_term":null,"canonical_url":null,"og_title":null,"og_description":null,"og_object_type":"default","og_image_type":"default","og_image_url":null,"og_image_width":null,"og_image_height":null,"og_image_custom_url":null,"og_image_custom_fields":null,"og_video":null,"og_custom_url":null,"og_article_section":null,"og_article_tags":null,"twitter_use_og":false,"twitter_card":"default","twitter_image_type":"default","twitter_image_url":null,"twitter_image_custom_url":null,"twitter_image_custom_fields":null,"twitter_title":null,"twitter_description":null,"schema":{"blockGraphs":[],"customGraphs":[],"default":{"data":{"Article":[],"Course":[],"Dataset":[],"FAQPage":[],"Movie":[],"Person":[],"Product":[],"ProductReview":[],"Car":[],"Recipe":[],"Service":[],"SoftwareApplication":[],"WebPage":[]},"graphName":"","isEnabled":true},"graphs":[]},"schema_type":"default","schema_type_options":null,"pillar_content":false,"robots_default":true,"robots_noindex":false,"robots_noarchive":false,"robots_nosnippet":false,"robots_nofollow":false,"robots_noimageindex":false,"robots_noodp":false,"robots_notranslate":false,"robots_max_snippet":null,"robots_max_videopreview":null,"robots_max_imagepreview":"large","priority":null,"frequency":null,"local_seo":null,"seo_analyzer_scan_date":"2026-02-09 10:51:42","breadcrumb_settings":null,"limit_modified_date":false,"reviewed_by":null,"open_ai":null,"ai":null,"created":"2026-02-05 15:33:24","updated":"2026-04-24 13:02:57"},"aioseo_breadcrumb":"<div class=\"aioseo-breadcrumbs\"><span class=\"aioseo-breadcrumb\">\n\t<a href=\"https:\/\/hidalgo.nl\/de\/\" title=\"Home\">Home<\/a>\n<\/span><span class=\"aioseo-breadcrumb-separator\">\u00bb<\/span><span class=\"aioseo-breadcrumb\">\n\t<a href=\"https:\/\/hidalgo.nl\/example\/\" title=\"example\">example<\/a>\n<\/span><span class=\"aioseo-breadcrumb-separator\">\u00bb<\/span><span class=\"aioseo-breadcrumb\">\n\t<a href=\"https:\/\/hidalgo.nl\/en\/product-supplier\/a53\/\" title=\"A53\">A53<\/a>\n<\/span><span class=\"aioseo-breadcrumb-separator\">\u00bb<\/span><span class=\"aioseo-breadcrumb\">\n\tInSideOut Houten snack tafeltje, 35cm\n<\/span><\/div>","aioseo_breadcrumb_json":[{"label":"Home","link":"https:\/\/hidalgo.nl\/de\/"},{"label":"example","link":"https:\/\/hidalgo.nl\/example\/"},{"label":"A53","link":"https:\/\/hidalgo.nl\/en\/product-supplier\/a53\/"},{"label":"InSideOut Houten snack tafeltje, 35cm","link":"https:\/\/hidalgo.nl\/de\/product\/828632\/snacktisch-holz-bedrucken-nachhaltig-akazie-mit-schalen-35cm\/"}],"_links":{"self":[{"href":"https:\/\/hidalgo.nl\/de\/wp-json\/wp\/v2\/product\/828632","targetHints":{"allow":["GET"]}}],"collection":[{"href":"https:\/\/hidalgo.nl\/de\/wp-json\/wp\/v2\/product"}],"about":[{"href":"https:\/\/hidalgo.nl\/de\/wp-json\/wp\/v2\/types\/product"}],"wp:featuredmedia":[{"embeddable":true,"href":"https:\/\/hidalgo.nl\/de\/wp-json\/wp\/v2\/media\/828633"}],"wp:attachment":[{"href":"https:\/\/hidalgo.nl\/de\/wp-json\/wp\/v2\/media?parent=828632"}],"wp:term":[{"taxonomy":"product_brand","embeddable":true,"href":"https:\/\/hidalgo.nl\/de\/wp-json\/wp\/v2\/product_brand?post=828632"},{"taxonomy":"product_cat","embeddable":true,"href":"https:\/\/hidalgo.nl\/de\/wp-json\/wp\/v2\/product_cat?post=828632"},{"taxonomy":"product_tag","embeddable":true,"href":"https:\/\/hidalgo.nl\/de\/wp-json\/wp\/v2\/product_tag?post=828632"}],"curies":[{"name":"wp","href":"https:\/\/api.w.org\/{rel}","templated":true}]}}