{"id":8190,"date":"2025-07-03T09:45:48","date_gmt":"2025-07-03T09:45:48","guid":{"rendered":"http:\/\/bidonsenshakers.pim.hidalgo.nl\/product\/pvc-volleybal-jimmy\/"},"modified":"2026-03-15T08:59:26","modified_gmt":"2026-03-15T08:59:26","slug":"pvc-volleybal-jimmy","status":"publish","type":"product","link":"https:\/\/hidalgo.nl\/de\/product\/8190\/pvc-volleyball-jimmy-bedrucken-freizeit-werbeartikel-groesse-5\/","title":{"rendered":"PVC volleybal Jimmy"},"content":{"rendered":"<p>PVC volleybal in maat 5. Let op: dit artikel wordt onopgeblazen geleverd.<\/p>\n","protected":false},"excerpt":{"rendered":"<p>PVC volleybal in maat 5. Let op: dit artikel wordt onopgeblazen geleverd.<\/p>\n","protected":false},"featured_media":8191,"template":"","meta":{"_acf_changed":false,"om_disable_all_campaigns":false,"_monsterinsights_skip_tracking":false,"_monsterinsights_sitenote_active":false,"_monsterinsights_sitenote_note":"","_monsterinsights_sitenote_category":0},"product_brand":[49],"product_cat":[4719,4814,4774],"product_tag":[],"class_list":{"0":"post-8190","1":"product","2":"type-product","3":"status-publish","4":"has-post-thumbnail","6":"product_supplier-a58","7":"product_material-pvc","8":"product_brand-impression","9":"product_cat-promotionele-artikelen","10":"product_cat-strand-artikelen","11":"product_cat-promotionele-artikelen-vrije-tijd","12":"entry","14":"first","15":"instock","16":"taxable","17":"shipping-taxable","18":"purchasable","19":"product-type-variable"},"acf":{"imprint_cost":[{"imprint_cost_key":"04f94dd133787169643c1a94fe928860d6dee473","product_quantity_price_range":[{"imprint_cost_recommended_selling_price":"5.91","imprint_cost_recommended_selling_quantity":"1"},{"imprint_cost_recommended_selling_price":"2.97","imprint_cost_recommended_selling_quantity":"25"},{"imprint_cost_recommended_selling_price":"1.49","imprint_cost_recommended_selling_quantity":"50"},{"imprint_cost_recommended_selling_price":"0.69","imprint_cost_recommended_selling_quantity":"100"},{"imprint_cost_recommended_selling_price":"0.55","imprint_cost_recommended_selling_quantity":"250"},{"imprint_cost_recommended_selling_price":"0.43","imprint_cost_recommended_selling_quantity":"500"},{"imprint_cost_recommended_selling_price":"0.4","imprint_cost_recommended_selling_quantity":"1000"},{"imprint_cost_recommended_selling_price":"0.35","imprint_cost_recommended_selling_quantity":"2500"},{"imprint_cost_recommended_selling_price":"0.34","imprint_cost_recommended_selling_quantity":"5000"},{"imprint_cost_recommended_selling_price":"0.32","imprint_cost_recommended_selling_quantity":"10000"}],"product_quantity_price_range_buying":false,"imprint_cost_setup_costs":"52.31","imprint_cost_handling_costs":"0.2"}]},"aioseo_notices":[],"aioseo_head":"\n\t\t<!-- All in One SEO Pro 4.9.6.2 - aioseo.com -->\n\t<meta name=\"description\" content=\"Mit dem PVC Volleyball Jimmy erh\u00e4ltst du einen robusten Sportball in Gr\u00f6\u00dfe 5, den du f\u00fcr Events individuell mit Logo bedrucken lassen kannst. Er eignet sich ideal f\u00fcr Hobbygruppen &amp; Vereine, die g\u00fcnstige Volleyb\u00e4lle bestellen m\u00f6chten. Sichere dir diesen langlebigen Werbeartikel f\u00fcr deine n\u00e4chsten Promotionen im Freien.\" \/>\n\t<meta name=\"robots\" content=\"max-image-preview:large\" \/>\n\t<link rel=\"canonical\" href=\"https:\/\/hidalgo.nl\/de\/wp-json\/wp\/v2\/product\/8190\" \/>\n\t<meta name=\"generator\" content=\"All in One SEO Pro (AIOSEO) 4.9.6.2\" \/>\n\t\t<meta property=\"og:locale\" content=\"de_DE\" \/>\n\t\t<meta property=\"og:site_name\" content=\"Hidalgo -\" \/>\n\t\t<meta property=\"og:type\" content=\"article\" \/>\n\t\t<meta property=\"og:title\" content=\"PVC Volleyball Jimmy bedrucken Freizeit Werbeartikel Gr\u00f6\u00dfe 5\" \/>\n\t\t<meta property=\"og:description\" content=\"Mit dem PVC Volleyball Jimmy erh\u00e4ltst du einen robusten Sportball in Gr\u00f6\u00dfe 5, den du f\u00fcr Events individuell mit Logo bedrucken lassen kannst. Er eignet sich ideal f\u00fcr Hobbygruppen &amp; Vereine, die g\u00fcnstige Volleyb\u00e4lle bestellen m\u00f6chten. Sichere dir diesen langlebigen Werbeartikel f\u00fcr deine n\u00e4chsten Promotionen im Freien.\" \/>\n\t\t<meta property=\"og:url\" content=\"https:\/\/hidalgo.nl\/de\/wp-json\/wp\/v2\/product\/8190\" \/>\n\t\t<meta property=\"og:image\" content=\"https:\/\/shop.hidalgo.nl\/wp-content\/uploads\/2025\/11\/cropped-Hidalgo-est1993.png\" \/>\n\t\t<meta property=\"og:image:secure_url\" content=\"https:\/\/shop.hidalgo.nl\/wp-content\/uploads\/2025\/11\/cropped-Hidalgo-est1993.png\" \/>\n\t\t<meta property=\"article:published_time\" content=\"2025-07-03T09:45:48+00:00\" \/>\n\t\t<meta property=\"article:modified_time\" content=\"2026-03-15T08:59:26+00:00\" \/>\n\t\t<meta name=\"twitter:card\" content=\"summary_large_image\" \/>\n\t\t<meta name=\"twitter:title\" content=\"PVC Volleyball Jimmy bedrucken Freizeit Werbeartikel Gr\u00f6\u00dfe 5\" \/>\n\t\t<meta name=\"twitter:description\" content=\"Mit dem PVC Volleyball Jimmy erh\u00e4ltst du einen robusten Sportball in Gr\u00f6\u00dfe 5, den du f\u00fcr Events individuell mit Logo bedrucken lassen kannst. Er eignet sich ideal f\u00fcr Hobbygruppen &amp; Vereine, die g\u00fcnstige Volleyb\u00e4lle bestellen m\u00f6chten. Sichere dir diesen langlebigen Werbeartikel f\u00fcr deine n\u00e4chsten Promotionen im Freien.\" \/>\n\t\t<meta name=\"twitter:image\" content=\"https:\/\/shop.hidalgo.nl\/wp-content\/uploads\/2025\/11\/cropped-Hidalgo-est1993.png\" \/>\n\t\t<script type=\"application\/ld+json\" class=\"aioseo-schema\">\n\t\t\t{\"@context\":\"https:\\\/\\\/schema.org\",\"@graph\":[{\"@type\":\"BreadcrumbList\",\"@id\":\"https:\\\/\\\/hidalgo.nl\\\/de\\\/product\\\/8190\\\/pvc-volleyball-jimmy-bedrucken-freizeit-werbeartikel-groesse-5\\\/#breadcrumblist\",\"itemListElement\":[{\"@type\":\"ListItem\",\"@id\":\"https:\\\/\\\/hidalgo.nl\\\/de\\\/#listItem\",\"position\":1,\"name\":\"Home\",\"item\":\"https:\\\/\\\/hidalgo.nl\\\/de\\\/\",\"nextItem\":{\"@type\":\"ListItem\",\"@id\":\"https:\\\/\\\/hidalgo.nl\\\/example\\\/#listItem\",\"name\":\"example\"}},{\"@type\":\"ListItem\",\"@id\":\"https:\\\/\\\/hidalgo.nl\\\/example\\\/#listItem\",\"position\":2,\"name\":\"example\",\"item\":\"https:\\\/\\\/hidalgo.nl\\\/example\\\/\",\"nextItem\":{\"@type\":\"ListItem\",\"@id\":\"https:\\\/\\\/hidalgo.nl\\\/en\\\/product-supplier\\\/a58\\\/#listItem\",\"name\":\"A58\"},\"previousItem\":{\"@type\":\"ListItem\",\"@id\":\"https:\\\/\\\/hidalgo.nl\\\/de\\\/#listItem\",\"name\":\"Home\"}},{\"@type\":\"ListItem\",\"@id\":\"https:\\\/\\\/hidalgo.nl\\\/en\\\/product-supplier\\\/a58\\\/#listItem\",\"position\":3,\"name\":\"A58\",\"item\":\"https:\\\/\\\/hidalgo.nl\\\/en\\\/product-supplier\\\/a58\\\/\",\"nextItem\":{\"@type\":\"ListItem\",\"@id\":\"https:\\\/\\\/hidalgo.nl\\\/de\\\/product\\\/8190\\\/pvc-volleyball-jimmy-bedrucken-freizeit-werbeartikel-groesse-5\\\/#listItem\",\"name\":\"PVC volleybal Jimmy\"},\"previousItem\":{\"@type\":\"ListItem\",\"@id\":\"https:\\\/\\\/hidalgo.nl\\\/example\\\/#listItem\",\"name\":\"example\"}},{\"@type\":\"ListItem\",\"@id\":\"https:\\\/\\\/hidalgo.nl\\\/de\\\/product\\\/8190\\\/pvc-volleyball-jimmy-bedrucken-freizeit-werbeartikel-groesse-5\\\/#listItem\",\"position\":4,\"name\":\"PVC volleybal Jimmy\",\"previousItem\":{\"@type\":\"ListItem\",\"@id\":\"https:\\\/\\\/hidalgo.nl\\\/en\\\/product-supplier\\\/a58\\\/#listItem\",\"name\":\"A58\"}}]},{\"@type\":\"Organization\",\"@id\":\"https:\\\/\\\/hidalgo.nl\\\/de\\\/#organization\",\"name\":\"Hidalgo\",\"url\":\"https:\\\/\\\/hidalgo.nl\\\/de\\\/\",\"logo\":{\"@type\":\"ImageObject\",\"url\":\"https:\\\/\\\/shop.hidalgo.nl\\\/wp-content\\\/uploads\\\/2025\\\/11\\\/cropped-Hidalgo-est1993.png\",\"@id\":\"https:\\\/\\\/hidalgo.nl\\\/de\\\/product\\\/8190\\\/pvc-volleyball-jimmy-bedrucken-freizeit-werbeartikel-groesse-5\\\/#organizationLogo\",\"width\":585,\"height\":195},\"image\":{\"@id\":\"https:\\\/\\\/hidalgo.nl\\\/de\\\/product\\\/8190\\\/pvc-volleyball-jimmy-bedrucken-freizeit-werbeartikel-groesse-5\\\/#organizationLogo\"}},{\"@type\":\"ProductGroup\",\"@id\":\"https:\\\/\\\/hidalgo.nl\\\/de\\\/product\\\/8190\\\/pvc-volleyball-jimmy-bedrucken-freizeit-werbeartikel-groesse-5\\\/#wooCommerceProduct\",\"name\":\"PVC Volleyball Jimmy bedrucken Freizeit Werbeartikel Gr\\u00f6\\u00dfe 5\",\"url\":\"https:\\\/\\\/hidalgo.nl\\\/de\\\/product\\\/8190\\\/pvc-volleyball-jimmy-bedrucken-freizeit-werbeartikel-groesse-5\\\/\",\"brand\":{\"@type\":\"Brand\",\"name\":\"IMPRESSION\"},\"sku\":\"A58-1042230\",\"image\":{\"@type\":\"ImageObject\",\"url\":\"https:\\\/\\\/shop.hidalgo.nl\\\/wp-content\\\/uploads\\\/2025\\\/05\\\/bc664293a236d3ea5275f24fbc1d9605f226032c0038f50f9ebc9f7f8d0f7422.jpg\",\"@id\":\"https:\\\/\\\/hidalgo.nl\\\/de\\\/product\\\/8190\\\/pvc-volleyball-jimmy-bedrucken-freizeit-werbeartikel-groesse-5\\\/#productImage\",\"width\":1000,\"height\":997},\"productGroupID\":8190,\"hasVariant\":[{\"@type\":\"Product\",\"@id\":\"https:\\\/\\\/hidalgo.nl\\\/de\\\/product\\\/8190\\\/pvc-volleyball-jimmy-bedrucken-freizeit-werbeartikel-groesse-5\\\/#wooCommerceProduct\",\"name\":\"PVC volleybal Jimmy - multicolor,\",\"url\":\"https:\\\/\\\/hidalgo.nl\\\/de\\\/product\\\/8190\\\/pvc-volleyball-jimmy-bedrucken-freizeit-werbeartikel-groesse-5\\\/\",\"sku\":\"A58-1042230-009999999\",\"image\":{\"@type\":\"ImageObject\",\"url\":\"https:\\\/\\\/shop.hidalgo.nl\\\/wp-content\\\/uploads\\\/2025\\\/05\\\/1b2fa840bd69ce4f2ccab3f063cc8cc484fae2ceae19a4f78a6a87e3cf2089bb.jpg\",\"@id\":\"https:\\\/\\\/hidalgo.nl\\\/de\\\/product\\\/8190\\\/pvc-volleyball-jimmy-bedrucken-freizeit-werbeartikel-groesse-5\\\/#productImage\",\"width\":1000,\"height\":989},\"offers\":{\"@type\":\"Offer\",\"url\":\"https:\\\/\\\/hidalgo.nl\\\/de\\\/product\\\/8190\\\/pvc-volleyball-jimmy-bedrucken-freizeit-werbeartikel-groesse-5\\\/#wooCommerceOffer\",\"price\":\"5.96\",\"priceCurrency\":\"EUR\",\"category\":\"Promotionele Artikelen\",\"availability\":\"https:\\\/\\\/schema.org\\\/InStock\",\"priceSpecification\":{\"@type\":\"PriceSpecification\",\"price\":5.96,\"priceCurrency\":\"EUR\",\"valueAddedTaxIncluded\":\"true\"}}}]},{\"@type\":\"WebPage\",\"@id\":\"https:\\\/\\\/hidalgo.nl\\\/de\\\/product\\\/8190\\\/pvc-volleyball-jimmy-bedrucken-freizeit-werbeartikel-groesse-5\\\/#webpage\",\"url\":\"https:\\\/\\\/hidalgo.nl\\\/de\\\/product\\\/8190\\\/pvc-volleyball-jimmy-bedrucken-freizeit-werbeartikel-groesse-5\\\/\",\"name\":\"PVC Volleyball Jimmy bedrucken Freizeit Werbeartikel Gr\\u00f6\\u00dfe 5\",\"description\":\"Mit dem PVC Volleyball Jimmy erh\\u00e4ltst du einen robusten Sportball in Gr\\u00f6\\u00dfe 5, den du f\\u00fcr Events individuell mit Logo bedrucken lassen kannst. Er eignet sich ideal f\\u00fcr Hobbygruppen & Vereine, die g\\u00fcnstige Volleyb\\u00e4lle bestellen m\\u00f6chten. Sichere dir diesen langlebigen Werbeartikel f\\u00fcr deine n\\u00e4chsten Promotionen im Freien.\",\"inLanguage\":\"de-DE\",\"isPartOf\":{\"@id\":\"https:\\\/\\\/hidalgo.nl\\\/de\\\/#website\"},\"breadcrumb\":{\"@id\":\"https:\\\/\\\/hidalgo.nl\\\/de\\\/product\\\/8190\\\/pvc-volleyball-jimmy-bedrucken-freizeit-werbeartikel-groesse-5\\\/#breadcrumblist\"},\"image\":{\"@type\":\"ImageObject\",\"url\":\"https:\\\/\\\/shop.hidalgo.nl\\\/wp-content\\\/uploads\\\/2025\\\/05\\\/bc664293a236d3ea5275f24fbc1d9605f226032c0038f50f9ebc9f7f8d0f7422.jpg\",\"@id\":\"https:\\\/\\\/hidalgo.nl\\\/de\\\/product\\\/8190\\\/pvc-volleyball-jimmy-bedrucken-freizeit-werbeartikel-groesse-5\\\/#mainImage\",\"width\":1000,\"height\":997},\"primaryImageOfPage\":{\"@id\":\"https:\\\/\\\/hidalgo.nl\\\/de\\\/product\\\/8190\\\/pvc-volleyball-jimmy-bedrucken-freizeit-werbeartikel-groesse-5\\\/#mainImage\"},\"datePublished\":\"2025-07-03T09:45:48+00:00\",\"dateModified\":\"2026-03-15T08:59:26+00:00\"},{\"@type\":\"WebSite\",\"@id\":\"https:\\\/\\\/hidalgo.nl\\\/de\\\/#website\",\"url\":\"https:\\\/\\\/hidalgo.nl\\\/de\\\/\",\"name\":\"Hidalgo\",\"inLanguage\":\"de-DE\",\"publisher\":{\"@id\":\"https:\\\/\\\/hidalgo.nl\\\/de\\\/#organization\"}}]}\n\t\t<\/script>\n\t\t<!-- All in One SEO Pro -->\r\n\t\t<title>PVC Volleyball Jimmy bedrucken Freizeit Werbeartikel Gr\u00f6\u00dfe 5<\/title>\n\n","aioseo_head_json":{"title":"PVC Volleyball Jimmy bedrucken Freizeit Werbeartikel Gr\u00f6\u00dfe 5","description":"Mit dem PVC Volleyball Jimmy erh\u00e4ltst du einen robusten Sportball in Gr\u00f6\u00dfe 5, den du f\u00fcr Events individuell mit Logo bedrucken lassen kannst. Er eignet sich ideal f\u00fcr Hobbygruppen & Vereine, die g\u00fcnstige Volleyb\u00e4lle bestellen m\u00f6chten. Sichere dir diesen langlebigen Werbeartikel f\u00fcr deine n\u00e4chsten Promotionen im Freien.","canonical_url":"https:\/\/hidalgo.nl\/de\/wp-json\/wp\/v2\/product\/8190","robots":"max-image-preview:large","keywords":"","webmasterTools":{"miscellaneous":""},"schema":{"@context":"https:\/\/schema.org","@graph":[{"@type":"BreadcrumbList","@id":"https:\/\/hidalgo.nl\/de\/product\/8190\/pvc-volleyball-jimmy-bedrucken-freizeit-werbeartikel-groesse-5\/#breadcrumblist","itemListElement":[{"@type":"ListItem","@id":"https:\/\/hidalgo.nl\/de\/#listItem","position":1,"name":"Home","item":"https:\/\/hidalgo.nl\/de\/","nextItem":{"@type":"ListItem","@id":"https:\/\/hidalgo.nl\/example\/#listItem","name":"example"}},{"@type":"ListItem","@id":"https:\/\/hidalgo.nl\/example\/#listItem","position":2,"name":"example","item":"https:\/\/hidalgo.nl\/example\/","nextItem":{"@type":"ListItem","@id":"https:\/\/hidalgo.nl\/en\/product-supplier\/a58\/#listItem","name":"A58"},"previousItem":{"@type":"ListItem","@id":"https:\/\/hidalgo.nl\/de\/#listItem","name":"Home"}},{"@type":"ListItem","@id":"https:\/\/hidalgo.nl\/en\/product-supplier\/a58\/#listItem","position":3,"name":"A58","item":"https:\/\/hidalgo.nl\/en\/product-supplier\/a58\/","nextItem":{"@type":"ListItem","@id":"https:\/\/hidalgo.nl\/de\/product\/8190\/pvc-volleyball-jimmy-bedrucken-freizeit-werbeartikel-groesse-5\/#listItem","name":"PVC volleybal Jimmy"},"previousItem":{"@type":"ListItem","@id":"https:\/\/hidalgo.nl\/example\/#listItem","name":"example"}},{"@type":"ListItem","@id":"https:\/\/hidalgo.nl\/de\/product\/8190\/pvc-volleyball-jimmy-bedrucken-freizeit-werbeartikel-groesse-5\/#listItem","position":4,"name":"PVC volleybal Jimmy","previousItem":{"@type":"ListItem","@id":"https:\/\/hidalgo.nl\/en\/product-supplier\/a58\/#listItem","name":"A58"}}]},{"@type":"Organization","@id":"https:\/\/hidalgo.nl\/de\/#organization","name":"Hidalgo","url":"https:\/\/hidalgo.nl\/de\/","logo":{"@type":"ImageObject","url":"https:\/\/shop.hidalgo.nl\/wp-content\/uploads\/2025\/11\/cropped-Hidalgo-est1993.png","@id":"https:\/\/hidalgo.nl\/de\/product\/8190\/pvc-volleyball-jimmy-bedrucken-freizeit-werbeartikel-groesse-5\/#organizationLogo","width":585,"height":195},"image":{"@id":"https:\/\/hidalgo.nl\/de\/product\/8190\/pvc-volleyball-jimmy-bedrucken-freizeit-werbeartikel-groesse-5\/#organizationLogo"}},{"@type":"ProductGroup","@id":"https:\/\/hidalgo.nl\/de\/product\/8190\/pvc-volleyball-jimmy-bedrucken-freizeit-werbeartikel-groesse-5\/#wooCommerceProduct","name":"PVC Volleyball Jimmy bedrucken Freizeit Werbeartikel Gr\u00f6\u00dfe 5","url":"https:\/\/hidalgo.nl\/de\/product\/8190\/pvc-volleyball-jimmy-bedrucken-freizeit-werbeartikel-groesse-5\/","brand":{"@type":"Brand","name":"IMPRESSION"},"sku":"A58-1042230","image":{"@type":"ImageObject","url":"https:\/\/shop.hidalgo.nl\/wp-content\/uploads\/2025\/05\/bc664293a236d3ea5275f24fbc1d9605f226032c0038f50f9ebc9f7f8d0f7422.jpg","@id":"https:\/\/hidalgo.nl\/de\/product\/8190\/pvc-volleyball-jimmy-bedrucken-freizeit-werbeartikel-groesse-5\/#productImage","width":1000,"height":997},"productGroupID":8190,"hasVariant":[{"@type":"Product","@id":"https:\/\/hidalgo.nl\/de\/product\/8190\/pvc-volleyball-jimmy-bedrucken-freizeit-werbeartikel-groesse-5\/#wooCommerceProduct","name":"PVC volleybal Jimmy - multicolor,","url":"https:\/\/hidalgo.nl\/de\/product\/8190\/pvc-volleyball-jimmy-bedrucken-freizeit-werbeartikel-groesse-5\/","sku":"A58-1042230-009999999","image":{"@type":"ImageObject","url":"https:\/\/shop.hidalgo.nl\/wp-content\/uploads\/2025\/05\/1b2fa840bd69ce4f2ccab3f063cc8cc484fae2ceae19a4f78a6a87e3cf2089bb.jpg","@id":"https:\/\/hidalgo.nl\/de\/product\/8190\/pvc-volleyball-jimmy-bedrucken-freizeit-werbeartikel-groesse-5\/#productImage","width":1000,"height":989},"offers":{"@type":"Offer","url":"https:\/\/hidalgo.nl\/de\/product\/8190\/pvc-volleyball-jimmy-bedrucken-freizeit-werbeartikel-groesse-5\/#wooCommerceOffer","price":"5.96","priceCurrency":"EUR","category":"Promotionele Artikelen","availability":"https:\/\/schema.org\/InStock","priceSpecification":{"@type":"PriceSpecification","price":5.96,"priceCurrency":"EUR","valueAddedTaxIncluded":"true"}}}]},{"@type":"WebPage","@id":"https:\/\/hidalgo.nl\/de\/product\/8190\/pvc-volleyball-jimmy-bedrucken-freizeit-werbeartikel-groesse-5\/#webpage","url":"https:\/\/hidalgo.nl\/de\/product\/8190\/pvc-volleyball-jimmy-bedrucken-freizeit-werbeartikel-groesse-5\/","name":"PVC Volleyball Jimmy bedrucken Freizeit Werbeartikel Gr\u00f6\u00dfe 5","description":"Mit dem PVC Volleyball Jimmy erh\u00e4ltst du einen robusten Sportball in Gr\u00f6\u00dfe 5, den du f\u00fcr Events individuell mit Logo bedrucken lassen kannst. Er eignet sich ideal f\u00fcr Hobbygruppen & Vereine, die g\u00fcnstige Volleyb\u00e4lle bestellen m\u00f6chten. Sichere dir diesen langlebigen Werbeartikel f\u00fcr deine n\u00e4chsten Promotionen im Freien.","inLanguage":"de-DE","isPartOf":{"@id":"https:\/\/hidalgo.nl\/de\/#website"},"breadcrumb":{"@id":"https:\/\/hidalgo.nl\/de\/product\/8190\/pvc-volleyball-jimmy-bedrucken-freizeit-werbeartikel-groesse-5\/#breadcrumblist"},"image":{"@type":"ImageObject","url":"https:\/\/shop.hidalgo.nl\/wp-content\/uploads\/2025\/05\/bc664293a236d3ea5275f24fbc1d9605f226032c0038f50f9ebc9f7f8d0f7422.jpg","@id":"https:\/\/hidalgo.nl\/de\/product\/8190\/pvc-volleyball-jimmy-bedrucken-freizeit-werbeartikel-groesse-5\/#mainImage","width":1000,"height":997},"primaryImageOfPage":{"@id":"https:\/\/hidalgo.nl\/de\/product\/8190\/pvc-volleyball-jimmy-bedrucken-freizeit-werbeartikel-groesse-5\/#mainImage"},"datePublished":"2025-07-03T09:45:48+00:00","dateModified":"2026-03-15T08:59:26+00:00"},{"@type":"WebSite","@id":"https:\/\/hidalgo.nl\/de\/#website","url":"https:\/\/hidalgo.nl\/de\/","name":"Hidalgo","inLanguage":"de-DE","publisher":{"@id":"https:\/\/hidalgo.nl\/de\/#organization"}}]},"og:locale":"de_DE","og:site_name":"Hidalgo -","og:type":"article","og:title":"PVC Volleyball Jimmy bedrucken Freizeit Werbeartikel Gr\u00f6\u00dfe 5","og:description":"Mit dem PVC Volleyball Jimmy erh\u00e4ltst du einen robusten Sportball in Gr\u00f6\u00dfe 5, den du f\u00fcr Events individuell mit Logo bedrucken lassen kannst. Er eignet sich ideal f\u00fcr Hobbygruppen &amp; Vereine, die g\u00fcnstige Volleyb\u00e4lle bestellen m\u00f6chten. Sichere dir diesen langlebigen Werbeartikel f\u00fcr deine n\u00e4chsten Promotionen im Freien.","og:url":"https:\/\/hidalgo.nl\/de\/wp-json\/wp\/v2\/product\/8190","og:image":"https:\/\/shop.hidalgo.nl\/wp-content\/uploads\/2025\/11\/cropped-Hidalgo-est1993.png","og:image:secure_url":"https:\/\/shop.hidalgo.nl\/wp-content\/uploads\/2025\/11\/cropped-Hidalgo-est1993.png","article:published_time":"2025-07-03T09:45:48+00:00","article:modified_time":"2026-03-15T08:59:26+00:00","twitter:card":"summary_large_image","twitter:title":"PVC Volleyball Jimmy bedrucken Freizeit Werbeartikel Gr\u00f6\u00dfe 5","twitter:description":"Mit dem PVC Volleyball Jimmy erh\u00e4ltst du einen robusten Sportball in Gr\u00f6\u00dfe 5, den du f\u00fcr Events individuell mit Logo bedrucken lassen kannst. Er eignet sich ideal f\u00fcr Hobbygruppen &amp; Vereine, die g\u00fcnstige Volleyb\u00e4lle bestellen m\u00f6chten. Sichere dir diesen langlebigen Werbeartikel f\u00fcr deine n\u00e4chsten Promotionen im Freien.","twitter:image":"https:\/\/shop.hidalgo.nl\/wp-content\/uploads\/2025\/11\/cropped-Hidalgo-est1993.png"},"aioseo_meta_data":{"post_id":"8190","title":null,"description":null,"keywords":null,"keyphrases":null,"primary_term":null,"canonical_url":null,"og_title":null,"og_description":null,"og_object_type":"default","og_image_type":"default","og_image_url":null,"og_image_width":null,"og_image_height":null,"og_image_custom_url":null,"og_image_custom_fields":null,"og_video":null,"og_custom_url":null,"og_article_section":null,"og_article_tags":null,"twitter_use_og":false,"twitter_card":"default","twitter_image_type":"default","twitter_image_url":null,"twitter_image_custom_url":null,"twitter_image_custom_fields":null,"twitter_title":null,"twitter_description":null,"schema":{"blockGraphs":[],"customGraphs":[],"default":{"data":{"Article":[],"Course":[],"Dataset":[],"FAQPage":[],"Movie":[],"Person":[],"Product":[],"ProductReview":[],"Car":[],"Recipe":[],"Service":[],"SoftwareApplication":[],"WebPage":[]},"graphName":"","isEnabled":true},"graphs":[]},"schema_type":"default","schema_type_options":null,"pillar_content":false,"robots_default":true,"robots_noindex":false,"robots_noarchive":false,"robots_nosnippet":false,"robots_nofollow":false,"robots_noimageindex":false,"robots_noodp":false,"robots_notranslate":false,"robots_max_snippet":null,"robots_max_videopreview":null,"robots_max_imagepreview":"large","priority":null,"frequency":null,"local_seo":null,"seo_analyzer_scan_date":"2026-01-20 09:32:28","breadcrumb_settings":null,"limit_modified_date":false,"reviewed_by":null,"open_ai":null,"ai":null,"created":"2026-01-14 06:17:37","updated":"2026-04-22 15:52:49"},"aioseo_breadcrumb":"<div class=\"aioseo-breadcrumbs\"><span class=\"aioseo-breadcrumb\">\n\t<a href=\"https:\/\/hidalgo.nl\/de\/\" title=\"Home\">Home<\/a>\n<\/span><span class=\"aioseo-breadcrumb-separator\">\u00bb<\/span><span class=\"aioseo-breadcrumb\">\n\t<a href=\"https:\/\/hidalgo.nl\/example\/\" title=\"example\">example<\/a>\n<\/span><span class=\"aioseo-breadcrumb-separator\">\u00bb<\/span><span class=\"aioseo-breadcrumb\">\n\t<a href=\"https:\/\/hidalgo.nl\/en\/product-supplier\/a58\/\" title=\"A58\">A58<\/a>\n<\/span><span class=\"aioseo-breadcrumb-separator\">\u00bb<\/span><span class=\"aioseo-breadcrumb\">\n\tPVC volleybal Jimmy\n<\/span><\/div>","aioseo_breadcrumb_json":[{"label":"Home","link":"https:\/\/hidalgo.nl\/de\/"},{"label":"example","link":"https:\/\/hidalgo.nl\/example\/"},{"label":"A58","link":"https:\/\/hidalgo.nl\/en\/product-supplier\/a58\/"},{"label":"PVC volleybal Jimmy","link":"https:\/\/hidalgo.nl\/de\/product\/8190\/pvc-volleyball-jimmy-bedrucken-freizeit-werbeartikel-groesse-5\/"}],"_links":{"self":[{"href":"https:\/\/hidalgo.nl\/de\/wp-json\/wp\/v2\/product\/8190","targetHints":{"allow":["GET"]}}],"collection":[{"href":"https:\/\/hidalgo.nl\/de\/wp-json\/wp\/v2\/product"}],"about":[{"href":"https:\/\/hidalgo.nl\/de\/wp-json\/wp\/v2\/types\/product"}],"wp:featuredmedia":[{"embeddable":true,"href":"https:\/\/hidalgo.nl\/de\/wp-json\/wp\/v2\/media\/8191"}],"wp:attachment":[{"href":"https:\/\/hidalgo.nl\/de\/wp-json\/wp\/v2\/media?parent=8190"}],"wp:term":[{"taxonomy":"product_brand","embeddable":true,"href":"https:\/\/hidalgo.nl\/de\/wp-json\/wp\/v2\/product_brand?post=8190"},{"taxonomy":"product_cat","embeddable":true,"href":"https:\/\/hidalgo.nl\/de\/wp-json\/wp\/v2\/product_cat?post=8190"},{"taxonomy":"product_tag","embeddable":true,"href":"https:\/\/hidalgo.nl\/de\/wp-json\/wp\/v2\/product_tag?post=8190"}],"curies":[{"name":"wp","href":"https:\/\/api.w.org\/{rel}","templated":true}]}}