{"id":807913,"date":"2026-01-13T09:46:31","date_gmt":"2026-01-13T09:46:31","guid":{"rendered":"https:\/\/hidalgo.nl\/product\/gerecyclede-polycotton-330-gsm-dufflebag-tian\/"},"modified":"2026-03-14T11:44:42","modified_gmt":"2026-03-14T11:44:42","slug":"gerecyclede-polycotton-330-gsm-dufflebag-tian","status":"publish","type":"product","link":"https:\/\/hidalgo.nl\/de\/product\/807913\/duffle-bag-tian-bedrucken-recycled-polycotton-30l\/","title":{"rendered":"Gerecyclede polycotton (330 gsm) dufflebag Tian"},"content":{"rendered":"<p>Duffle bag van gerecycled polykatoen (33?gsm) met een groot bovenvak met ritssluiting. Voorzien van lange draaghengsels (100?cm lang, 3?cm breed) en bijpassend bandmateriaal. Inhoud ca. 30 liter. Inclusief rPET-label aan de buitenzijde en een gerecycled label aan de binnenzijde.<\/p>\n","protected":false},"excerpt":{"rendered":"<p>Duffle bag van gerecycled polykatoen (33?gsm) met een groot bovenvak met ritssluiting. Voorzien van lange draaghengsels (100?cm lang, 3?cm breed) en bijpassend bandmateriaal. Inhoud ca. 30 liter. Inclusief rPET-label aan de buitenzijde en een gerecycled label aan de binnenzijde.<\/p>\n","protected":false},"featured_media":807914,"template":"","meta":{"_acf_changed":false,"om_disable_all_campaigns":false,"_monsterinsights_skip_tracking":false,"_monsterinsights_sitenote_active":false,"_monsterinsights_sitenote_note":"","_monsterinsights_sitenote_category":0},"product_brand":[49],"product_cat":[4788,4714,4713],"product_tag":[],"class_list":{"0":"post-807913","1":"product","2":"type-product","3":"status-publish","4":"has-post-thumbnail","6":"product_supplier-a58","7":"product_material-gerecycled-katoen","8":"product_material-polyester-210d","9":"product_material-rpet","10":"product_brand-impression","11":"product_cat-duffel-tassen","12":"product_cat-sport-tassen","13":"product_cat-tassen","14":"entry","16":"first","17":"instock","18":"taxable","19":"shipping-taxable","20":"purchasable","21":"product-type-variable"},"acf":{"imprint_cost":[{"imprint_cost_key":"c02a161748ff516993c0688909dde4b7c9c01e0f","product_quantity_price_range":[{"imprint_cost_recommended_selling_price":"1.54","imprint_cost_recommended_selling_quantity":"1"},{"imprint_cost_recommended_selling_price":"1.31","imprint_cost_recommended_selling_quantity":"25"},{"imprint_cost_recommended_selling_price":"1.11","imprint_cost_recommended_selling_quantity":"50"},{"imprint_cost_recommended_selling_price":"0.88","imprint_cost_recommended_selling_quantity":"100"},{"imprint_cost_recommended_selling_price":"0.66","imprint_cost_recommended_selling_quantity":"250"},{"imprint_cost_recommended_selling_price":"0.58","imprint_cost_recommended_selling_quantity":"500"},{"imprint_cost_recommended_selling_price":"0.57","imprint_cost_recommended_selling_quantity":"1000"},{"imprint_cost_recommended_selling_price":"0.55","imprint_cost_recommended_selling_quantity":"2500"},{"imprint_cost_recommended_selling_price":"0.52","imprint_cost_recommended_selling_quantity":"5000"}],"product_quantity_price_range_buying":false,"imprint_cost_setup_costs":"60.77","imprint_cost_handling_costs":"0.26"},{"imprint_cost_key":"36abda8484a06b0ff0bd277ebfb8c1b4ddf869d3","product_quantity_price_range":[{"imprint_cost_recommended_selling_price":"1.77","imprint_cost_recommended_selling_quantity":"1"},{"imprint_cost_recommended_selling_price":"1.49","imprint_cost_recommended_selling_quantity":"25"},{"imprint_cost_recommended_selling_price":"1.4","imprint_cost_recommended_selling_quantity":"50"},{"imprint_cost_recommended_selling_price":"1.31","imprint_cost_recommended_selling_quantity":"100"},{"imprint_cost_recommended_selling_price":"1.23","imprint_cost_recommended_selling_quantity":"250"},{"imprint_cost_recommended_selling_price":"1.14","imprint_cost_recommended_selling_quantity":"500"},{"imprint_cost_recommended_selling_price":"1.06","imprint_cost_recommended_selling_quantity":"1000"},{"imprint_cost_recommended_selling_price":"0.95","imprint_cost_recommended_selling_quantity":"2500"},{"imprint_cost_recommended_selling_price":"0.89","imprint_cost_recommended_selling_quantity":"5000"},{"imprint_cost_recommended_selling_price":"0.88","imprint_cost_recommended_selling_quantity":"10000"},{"imprint_cost_recommended_selling_price":"0.86","imprint_cost_recommended_selling_quantity":"25000"}],"product_quantity_price_range_buying":false,"imprint_cost_setup_costs":"60.77","imprint_cost_handling_costs":"0.26"},{"imprint_cost_key":"d56f1c8922c63219fbb178cb19c4edd2f9dcc227","product_quantity_price_range":[{"imprint_cost_recommended_selling_price":"3.97","imprint_cost_recommended_selling_quantity":"1"},{"imprint_cost_recommended_selling_price":"3.35","imprint_cost_recommended_selling_quantity":"25"},{"imprint_cost_recommended_selling_price":"2.55","imprint_cost_recommended_selling_quantity":"50"},{"imprint_cost_recommended_selling_price":"2.12","imprint_cost_recommended_selling_quantity":"100"},{"imprint_cost_recommended_selling_price":"1.51","imprint_cost_recommended_selling_quantity":"250"},{"imprint_cost_recommended_selling_price":"1.4","imprint_cost_recommended_selling_quantity":"500"},{"imprint_cost_recommended_selling_price":"1.29","imprint_cost_recommended_selling_quantity":"1000"},{"imprint_cost_recommended_selling_price":"1.28","imprint_cost_recommended_selling_quantity":"2500"},{"imprint_cost_recommended_selling_price":"1.25","imprint_cost_recommended_selling_quantity":"5000"},{"imprint_cost_recommended_selling_price":"1.23","imprint_cost_recommended_selling_quantity":"10000"},{"imprint_cost_recommended_selling_price":"1.22","imprint_cost_recommended_selling_quantity":"25000"}],"product_quantity_price_range_buying":false,"imprint_cost_setup_costs":"60.77","imprint_cost_handling_costs":"0.26"}]},"aioseo_notices":[],"aioseo_head":"\n\t\t<!-- All in One SEO Pro 4.9.6.2 - aioseo.com -->\n\t<meta name=\"description\" content=\"Du erh\u00e4ltst eine robuste, recycelte Polycotton-Tasche mit 30 Litern Volumen, perfekt f\u00fcr Sport &amp; Freizeit. Nutze die Gelegenheit, diese vielseitige Dufflebag bedrucken zu lassen, um deine Marke optimal zu pr\u00e4sentieren. Sie ist das ideale Werbegeschenk f\u00fcr eine junge, aktive Zielgruppe.\" \/>\n\t<meta name=\"robots\" content=\"max-image-preview:large\" \/>\n\t<link rel=\"canonical\" href=\"https:\/\/hidalgo.nl\/de\/wp-json\/wp\/v2\/product\/807913\" \/>\n\t<meta name=\"generator\" content=\"All in One SEO Pro (AIOSEO) 4.9.6.2\" \/>\n\t\t<meta property=\"og:locale\" content=\"de_DE\" \/>\n\t\t<meta property=\"og:site_name\" content=\"Hidalgo -\" \/>\n\t\t<meta property=\"og:type\" content=\"article\" \/>\n\t\t<meta property=\"og:title\" content=\"Duffle Bag Tian bedrucken Recycled Polycotton 30L\" \/>\n\t\t<meta property=\"og:description\" content=\"Du erh\u00e4ltst eine robuste, recycelte Polycotton-Tasche mit 30 Litern Volumen, perfekt f\u00fcr Sport &amp; Freizeit. Nutze die Gelegenheit, diese vielseitige Dufflebag bedrucken zu lassen, um deine Marke optimal zu pr\u00e4sentieren. Sie ist das ideale Werbegeschenk f\u00fcr eine junge, aktive Zielgruppe.\" \/>\n\t\t<meta property=\"og:url\" content=\"https:\/\/hidalgo.nl\/de\/wp-json\/wp\/v2\/product\/807913\" \/>\n\t\t<meta property=\"og:image\" content=\"https:\/\/shop.hidalgo.nl\/wp-content\/uploads\/2025\/11\/cropped-Hidalgo-est1993.png\" \/>\n\t\t<meta property=\"og:image:secure_url\" content=\"https:\/\/shop.hidalgo.nl\/wp-content\/uploads\/2025\/11\/cropped-Hidalgo-est1993.png\" \/>\n\t\t<meta property=\"article:published_time\" content=\"2026-01-13T09:46:31+00:00\" \/>\n\t\t<meta property=\"article:modified_time\" content=\"2026-03-14T11:44:42+00:00\" \/>\n\t\t<meta name=\"twitter:card\" content=\"summary_large_image\" \/>\n\t\t<meta name=\"twitter:title\" content=\"Duffle Bag Tian bedrucken Recycled Polycotton 30L\" \/>\n\t\t<meta name=\"twitter:description\" content=\"Du erh\u00e4ltst eine robuste, recycelte Polycotton-Tasche mit 30 Litern Volumen, perfekt f\u00fcr Sport &amp; Freizeit. Nutze die Gelegenheit, diese vielseitige Dufflebag bedrucken zu lassen, um deine Marke optimal zu pr\u00e4sentieren. Sie ist das ideale Werbegeschenk f\u00fcr eine junge, aktive Zielgruppe.\" \/>\n\t\t<meta name=\"twitter:image\" content=\"https:\/\/shop.hidalgo.nl\/wp-content\/uploads\/2025\/11\/cropped-Hidalgo-est1993.png\" \/>\n\t\t<script type=\"application\/ld+json\" class=\"aioseo-schema\">\n\t\t\t{\"@context\":\"https:\\\/\\\/schema.org\",\"@graph\":[{\"@type\":\"BreadcrumbList\",\"@id\":\"https:\\\/\\\/hidalgo.nl\\\/de\\\/product\\\/807913\\\/duffle-bag-tian-bedrucken-recycled-polycotton-30l\\\/#breadcrumblist\",\"itemListElement\":[{\"@type\":\"ListItem\",\"@id\":\"https:\\\/\\\/hidalgo.nl\\\/de\\\/#listItem\",\"position\":1,\"name\":\"Home\",\"item\":\"https:\\\/\\\/hidalgo.nl\\\/de\\\/\",\"nextItem\":{\"@type\":\"ListItem\",\"@id\":\"https:\\\/\\\/hidalgo.nl\\\/example\\\/#listItem\",\"name\":\"example\"}},{\"@type\":\"ListItem\",\"@id\":\"https:\\\/\\\/hidalgo.nl\\\/example\\\/#listItem\",\"position\":2,\"name\":\"example\",\"item\":\"https:\\\/\\\/hidalgo.nl\\\/example\\\/\",\"nextItem\":{\"@type\":\"ListItem\",\"@id\":\"https:\\\/\\\/hidalgo.nl\\\/en\\\/product-supplier\\\/a58\\\/#listItem\",\"name\":\"A58\"},\"previousItem\":{\"@type\":\"ListItem\",\"@id\":\"https:\\\/\\\/hidalgo.nl\\\/de\\\/#listItem\",\"name\":\"Home\"}},{\"@type\":\"ListItem\",\"@id\":\"https:\\\/\\\/hidalgo.nl\\\/en\\\/product-supplier\\\/a58\\\/#listItem\",\"position\":3,\"name\":\"A58\",\"item\":\"https:\\\/\\\/hidalgo.nl\\\/en\\\/product-supplier\\\/a58\\\/\",\"nextItem\":{\"@type\":\"ListItem\",\"@id\":\"https:\\\/\\\/hidalgo.nl\\\/de\\\/product\\\/807913\\\/duffle-bag-tian-bedrucken-recycled-polycotton-30l\\\/#listItem\",\"name\":\"Gerecyclede polycotton (330 gsm) dufflebag Tian\"},\"previousItem\":{\"@type\":\"ListItem\",\"@id\":\"https:\\\/\\\/hidalgo.nl\\\/example\\\/#listItem\",\"name\":\"example\"}},{\"@type\":\"ListItem\",\"@id\":\"https:\\\/\\\/hidalgo.nl\\\/de\\\/product\\\/807913\\\/duffle-bag-tian-bedrucken-recycled-polycotton-30l\\\/#listItem\",\"position\":4,\"name\":\"Gerecyclede polycotton (330 gsm) dufflebag Tian\",\"previousItem\":{\"@type\":\"ListItem\",\"@id\":\"https:\\\/\\\/hidalgo.nl\\\/en\\\/product-supplier\\\/a58\\\/#listItem\",\"name\":\"A58\"}}]},{\"@type\":\"Organization\",\"@id\":\"https:\\\/\\\/hidalgo.nl\\\/de\\\/#organization\",\"name\":\"Hidalgo\",\"url\":\"https:\\\/\\\/hidalgo.nl\\\/de\\\/\",\"logo\":{\"@type\":\"ImageObject\",\"url\":\"https:\\\/\\\/shop.hidalgo.nl\\\/wp-content\\\/uploads\\\/2025\\\/11\\\/cropped-Hidalgo-est1993.png\",\"@id\":\"https:\\\/\\\/hidalgo.nl\\\/de\\\/product\\\/807913\\\/duffle-bag-tian-bedrucken-recycled-polycotton-30l\\\/#organizationLogo\",\"width\":585,\"height\":195},\"image\":{\"@id\":\"https:\\\/\\\/hidalgo.nl\\\/de\\\/product\\\/807913\\\/duffle-bag-tian-bedrucken-recycled-polycotton-30l\\\/#organizationLogo\"}},{\"@type\":\"ProductGroup\",\"@id\":\"https:\\\/\\\/hidalgo.nl\\\/de\\\/product\\\/807913\\\/duffle-bag-tian-bedrucken-recycled-polycotton-30l\\\/#wooCommerceProduct\",\"name\":\"Duffle Bag Tian bedrucken Recycled Polycotton 30L\",\"url\":\"https:\\\/\\\/hidalgo.nl\\\/de\\\/product\\\/807913\\\/duffle-bag-tian-bedrucken-recycled-polycotton-30l\\\/\",\"brand\":{\"@type\":\"Brand\",\"name\":\"IMPRESSION\"},\"sku\":\"A58-1349533\",\"image\":{\"@type\":\"ImageObject\",\"url\":\"https:\\\/\\\/shop.hidalgo.nl\\\/wp-content\\\/uploads\\\/2026\\\/01\\\/3599ff4dbd8fc1e02bb157af546eeea92f0f07cdc54d27e245e13d0b519ae137.jpg\",\"@id\":\"https:\\\/\\\/hidalgo.nl\\\/de\\\/product\\\/807913\\\/duffle-bag-tian-bedrucken-recycled-polycotton-30l\\\/#productImage\"},\"productGroupID\":807913,\"hasVariant\":[{\"@type\":\"Product\",\"@id\":\"https:\\\/\\\/hidalgo.nl\\\/de\\\/product\\\/807913\\\/duffle-bag-tian-bedrucken-recycled-polycotton-30l\\\/#wooCommerceProduct\",\"name\":\"Gerecyclede polycotton (330 gsm) dufflebag Tian - blauw,\",\"url\":\"https:\\\/\\\/hidalgo.nl\\\/de\\\/product\\\/807913\\\/duffle-bag-tian-bedrucken-recycled-polycotton-30l\\\/\",\"sku\":\"A58-1349533-005999999\",\"gtin\":\"8719446075443\",\"image\":{\"@type\":\"ImageObject\",\"url\":\"https:\\\/\\\/shop.hidalgo.nl\\\/wp-content\\\/uploads\\\/2026\\\/01\\\/28a88c119e059b38f70028bc3171db2b54c4ee127a5678535d02e7504f63b9d2.jpg\",\"@id\":\"https:\\\/\\\/hidalgo.nl\\\/de\\\/product\\\/807913\\\/duffle-bag-tian-bedrucken-recycled-polycotton-30l\\\/#productImage\"},\"offers\":{\"@type\":\"Offer\",\"url\":\"https:\\\/\\\/hidalgo.nl\\\/de\\\/product\\\/807913\\\/duffle-bag-tian-bedrucken-recycled-polycotton-30l\\\/#wooCommerceOffer\",\"price\":\"9.41\",\"priceCurrency\":\"EUR\",\"category\":\"Tassen\",\"availability\":\"https:\\\/\\\/schema.org\\\/InStock\",\"priceSpecification\":{\"@type\":\"PriceSpecification\",\"price\":9.41,\"priceCurrency\":\"EUR\",\"valueAddedTaxIncluded\":\"true\"}}},{\"@type\":\"Product\",\"@id\":\"https:\\\/\\\/hidalgo.nl\\\/de\\\/product\\\/807913\\\/duffle-bag-tian-bedrucken-recycled-polycotton-30l\\\/#wooCommerceProduct\",\"name\":\"Gerecyclede polycotton (330 gsm) dufflebag Tian - beige,\",\"url\":\"https:\\\/\\\/hidalgo.nl\\\/de\\\/product\\\/807913\\\/duffle-bag-tian-bedrucken-recycled-polycotton-30l\\\/\",\"sku\":\"A58-1349533-357999999\",\"gtin\":\"8719446075436\",\"image\":{\"@type\":\"ImageObject\",\"url\":\"https:\\\/\\\/shop.hidalgo.nl\\\/wp-content\\\/uploads\\\/2026\\\/01\\\/8ede9ec2bff56b8a54dc9dd39bad59d3d73fbf5e2cff69c5cc52dbae161a81ac.jpg\",\"@id\":\"https:\\\/\\\/hidalgo.nl\\\/de\\\/product\\\/807913\\\/duffle-bag-tian-bedrucken-recycled-polycotton-30l\\\/#productImage\"},\"offers\":{\"@type\":\"Offer\",\"url\":\"https:\\\/\\\/hidalgo.nl\\\/de\\\/product\\\/807913\\\/duffle-bag-tian-bedrucken-recycled-polycotton-30l\\\/#wooCommerceOffer\",\"price\":\"9.41\",\"priceCurrency\":\"EUR\",\"category\":\"Tassen\",\"availability\":\"https:\\\/\\\/schema.org\\\/InStock\",\"priceSpecification\":{\"@type\":\"PriceSpecification\",\"price\":9.41,\"priceCurrency\":\"EUR\",\"valueAddedTaxIncluded\":\"true\"}}}]},{\"@type\":\"WebPage\",\"@id\":\"https:\\\/\\\/hidalgo.nl\\\/de\\\/product\\\/807913\\\/duffle-bag-tian-bedrucken-recycled-polycotton-30l\\\/#webpage\",\"url\":\"https:\\\/\\\/hidalgo.nl\\\/de\\\/product\\\/807913\\\/duffle-bag-tian-bedrucken-recycled-polycotton-30l\\\/\",\"name\":\"Duffle Bag Tian bedrucken Recycled Polycotton 30L\",\"description\":\"Du erh\\u00e4ltst eine robuste, recycelte Polycotton-Tasche mit 30 Litern Volumen, perfekt f\\u00fcr Sport & Freizeit. Nutze die Gelegenheit, diese vielseitige Dufflebag bedrucken zu lassen, um deine Marke optimal zu pr\\u00e4sentieren. Sie ist das ideale Werbegeschenk f\\u00fcr eine junge, aktive Zielgruppe.\",\"inLanguage\":\"de-DE\",\"isPartOf\":{\"@id\":\"https:\\\/\\\/hidalgo.nl\\\/de\\\/#website\"},\"breadcrumb\":{\"@id\":\"https:\\\/\\\/hidalgo.nl\\\/de\\\/product\\\/807913\\\/duffle-bag-tian-bedrucken-recycled-polycotton-30l\\\/#breadcrumblist\"},\"image\":{\"@type\":\"ImageObject\",\"url\":\"https:\\\/\\\/shop.hidalgo.nl\\\/wp-content\\\/uploads\\\/2026\\\/01\\\/3599ff4dbd8fc1e02bb157af546eeea92f0f07cdc54d27e245e13d0b519ae137.jpg\",\"@id\":\"https:\\\/\\\/hidalgo.nl\\\/de\\\/product\\\/807913\\\/duffle-bag-tian-bedrucken-recycled-polycotton-30l\\\/#mainImage\"},\"primaryImageOfPage\":{\"@id\":\"https:\\\/\\\/hidalgo.nl\\\/de\\\/product\\\/807913\\\/duffle-bag-tian-bedrucken-recycled-polycotton-30l\\\/#mainImage\"},\"datePublished\":\"2026-01-13T09:46:31+00:00\",\"dateModified\":\"2026-03-14T11:44:42+00:00\"},{\"@type\":\"WebSite\",\"@id\":\"https:\\\/\\\/hidalgo.nl\\\/de\\\/#website\",\"url\":\"https:\\\/\\\/hidalgo.nl\\\/de\\\/\",\"name\":\"Hidalgo\",\"inLanguage\":\"de-DE\",\"publisher\":{\"@id\":\"https:\\\/\\\/hidalgo.nl\\\/de\\\/#organization\"}}]}\n\t\t<\/script>\n\t\t<!-- All in One SEO Pro -->\r\n\t\t<title>Duffle Bag Tian bedrucken Recycled Polycotton 30L<\/title>\n\n","aioseo_head_json":{"title":"Duffle Bag Tian bedrucken Recycled Polycotton 30L","description":"Du erh\u00e4ltst eine robuste, recycelte Polycotton-Tasche mit 30 Litern Volumen, perfekt f\u00fcr Sport & Freizeit. Nutze die Gelegenheit, diese vielseitige Dufflebag bedrucken zu lassen, um deine Marke optimal zu pr\u00e4sentieren. Sie ist das ideale Werbegeschenk f\u00fcr eine junge, aktive Zielgruppe.","canonical_url":"https:\/\/hidalgo.nl\/de\/wp-json\/wp\/v2\/product\/807913","robots":"max-image-preview:large","keywords":"","webmasterTools":{"miscellaneous":""},"schema":{"@context":"https:\/\/schema.org","@graph":[{"@type":"BreadcrumbList","@id":"https:\/\/hidalgo.nl\/de\/product\/807913\/duffle-bag-tian-bedrucken-recycled-polycotton-30l\/#breadcrumblist","itemListElement":[{"@type":"ListItem","@id":"https:\/\/hidalgo.nl\/de\/#listItem","position":1,"name":"Home","item":"https:\/\/hidalgo.nl\/de\/","nextItem":{"@type":"ListItem","@id":"https:\/\/hidalgo.nl\/example\/#listItem","name":"example"}},{"@type":"ListItem","@id":"https:\/\/hidalgo.nl\/example\/#listItem","position":2,"name":"example","item":"https:\/\/hidalgo.nl\/example\/","nextItem":{"@type":"ListItem","@id":"https:\/\/hidalgo.nl\/en\/product-supplier\/a58\/#listItem","name":"A58"},"previousItem":{"@type":"ListItem","@id":"https:\/\/hidalgo.nl\/de\/#listItem","name":"Home"}},{"@type":"ListItem","@id":"https:\/\/hidalgo.nl\/en\/product-supplier\/a58\/#listItem","position":3,"name":"A58","item":"https:\/\/hidalgo.nl\/en\/product-supplier\/a58\/","nextItem":{"@type":"ListItem","@id":"https:\/\/hidalgo.nl\/de\/product\/807913\/duffle-bag-tian-bedrucken-recycled-polycotton-30l\/#listItem","name":"Gerecyclede polycotton (330 gsm) dufflebag Tian"},"previousItem":{"@type":"ListItem","@id":"https:\/\/hidalgo.nl\/example\/#listItem","name":"example"}},{"@type":"ListItem","@id":"https:\/\/hidalgo.nl\/de\/product\/807913\/duffle-bag-tian-bedrucken-recycled-polycotton-30l\/#listItem","position":4,"name":"Gerecyclede polycotton (330 gsm) dufflebag Tian","previousItem":{"@type":"ListItem","@id":"https:\/\/hidalgo.nl\/en\/product-supplier\/a58\/#listItem","name":"A58"}}]},{"@type":"Organization","@id":"https:\/\/hidalgo.nl\/de\/#organization","name":"Hidalgo","url":"https:\/\/hidalgo.nl\/de\/","logo":{"@type":"ImageObject","url":"https:\/\/shop.hidalgo.nl\/wp-content\/uploads\/2025\/11\/cropped-Hidalgo-est1993.png","@id":"https:\/\/hidalgo.nl\/de\/product\/807913\/duffle-bag-tian-bedrucken-recycled-polycotton-30l\/#organizationLogo","width":585,"height":195},"image":{"@id":"https:\/\/hidalgo.nl\/de\/product\/807913\/duffle-bag-tian-bedrucken-recycled-polycotton-30l\/#organizationLogo"}},{"@type":"ProductGroup","@id":"https:\/\/hidalgo.nl\/de\/product\/807913\/duffle-bag-tian-bedrucken-recycled-polycotton-30l\/#wooCommerceProduct","name":"Duffle Bag Tian bedrucken Recycled Polycotton 30L","url":"https:\/\/hidalgo.nl\/de\/product\/807913\/duffle-bag-tian-bedrucken-recycled-polycotton-30l\/","brand":{"@type":"Brand","name":"IMPRESSION"},"sku":"A58-1349533","image":{"@type":"ImageObject","url":"https:\/\/shop.hidalgo.nl\/wp-content\/uploads\/2026\/01\/3599ff4dbd8fc1e02bb157af546eeea92f0f07cdc54d27e245e13d0b519ae137.jpg","@id":"https:\/\/hidalgo.nl\/de\/product\/807913\/duffle-bag-tian-bedrucken-recycled-polycotton-30l\/#productImage"},"productGroupID":807913,"hasVariant":[{"@type":"Product","@id":"https:\/\/hidalgo.nl\/de\/product\/807913\/duffle-bag-tian-bedrucken-recycled-polycotton-30l\/#wooCommerceProduct","name":"Gerecyclede polycotton (330 gsm) dufflebag Tian - blauw,","url":"https:\/\/hidalgo.nl\/de\/product\/807913\/duffle-bag-tian-bedrucken-recycled-polycotton-30l\/","sku":"A58-1349533-005999999","gtin":"8719446075443","image":{"@type":"ImageObject","url":"https:\/\/shop.hidalgo.nl\/wp-content\/uploads\/2026\/01\/28a88c119e059b38f70028bc3171db2b54c4ee127a5678535d02e7504f63b9d2.jpg","@id":"https:\/\/hidalgo.nl\/de\/product\/807913\/duffle-bag-tian-bedrucken-recycled-polycotton-30l\/#productImage"},"offers":{"@type":"Offer","url":"https:\/\/hidalgo.nl\/de\/product\/807913\/duffle-bag-tian-bedrucken-recycled-polycotton-30l\/#wooCommerceOffer","price":"9.41","priceCurrency":"EUR","category":"Tassen","availability":"https:\/\/schema.org\/InStock","priceSpecification":{"@type":"PriceSpecification","price":9.41,"priceCurrency":"EUR","valueAddedTaxIncluded":"true"}}},{"@type":"Product","@id":"https:\/\/hidalgo.nl\/de\/product\/807913\/duffle-bag-tian-bedrucken-recycled-polycotton-30l\/#wooCommerceProduct","name":"Gerecyclede polycotton (330 gsm) dufflebag Tian - beige,","url":"https:\/\/hidalgo.nl\/de\/product\/807913\/duffle-bag-tian-bedrucken-recycled-polycotton-30l\/","sku":"A58-1349533-357999999","gtin":"8719446075436","image":{"@type":"ImageObject","url":"https:\/\/shop.hidalgo.nl\/wp-content\/uploads\/2026\/01\/8ede9ec2bff56b8a54dc9dd39bad59d3d73fbf5e2cff69c5cc52dbae161a81ac.jpg","@id":"https:\/\/hidalgo.nl\/de\/product\/807913\/duffle-bag-tian-bedrucken-recycled-polycotton-30l\/#productImage"},"offers":{"@type":"Offer","url":"https:\/\/hidalgo.nl\/de\/product\/807913\/duffle-bag-tian-bedrucken-recycled-polycotton-30l\/#wooCommerceOffer","price":"9.41","priceCurrency":"EUR","category":"Tassen","availability":"https:\/\/schema.org\/InStock","priceSpecification":{"@type":"PriceSpecification","price":9.41,"priceCurrency":"EUR","valueAddedTaxIncluded":"true"}}}]},{"@type":"WebPage","@id":"https:\/\/hidalgo.nl\/de\/product\/807913\/duffle-bag-tian-bedrucken-recycled-polycotton-30l\/#webpage","url":"https:\/\/hidalgo.nl\/de\/product\/807913\/duffle-bag-tian-bedrucken-recycled-polycotton-30l\/","name":"Duffle Bag Tian bedrucken Recycled Polycotton 30L","description":"Du erh\u00e4ltst eine robuste, recycelte Polycotton-Tasche mit 30 Litern Volumen, perfekt f\u00fcr Sport & Freizeit. Nutze die Gelegenheit, diese vielseitige Dufflebag bedrucken zu lassen, um deine Marke optimal zu pr\u00e4sentieren. Sie ist das ideale Werbegeschenk f\u00fcr eine junge, aktive Zielgruppe.","inLanguage":"de-DE","isPartOf":{"@id":"https:\/\/hidalgo.nl\/de\/#website"},"breadcrumb":{"@id":"https:\/\/hidalgo.nl\/de\/product\/807913\/duffle-bag-tian-bedrucken-recycled-polycotton-30l\/#breadcrumblist"},"image":{"@type":"ImageObject","url":"https:\/\/shop.hidalgo.nl\/wp-content\/uploads\/2026\/01\/3599ff4dbd8fc1e02bb157af546eeea92f0f07cdc54d27e245e13d0b519ae137.jpg","@id":"https:\/\/hidalgo.nl\/de\/product\/807913\/duffle-bag-tian-bedrucken-recycled-polycotton-30l\/#mainImage"},"primaryImageOfPage":{"@id":"https:\/\/hidalgo.nl\/de\/product\/807913\/duffle-bag-tian-bedrucken-recycled-polycotton-30l\/#mainImage"},"datePublished":"2026-01-13T09:46:31+00:00","dateModified":"2026-03-14T11:44:42+00:00"},{"@type":"WebSite","@id":"https:\/\/hidalgo.nl\/de\/#website","url":"https:\/\/hidalgo.nl\/de\/","name":"Hidalgo","inLanguage":"de-DE","publisher":{"@id":"https:\/\/hidalgo.nl\/de\/#organization"}}]},"og:locale":"de_DE","og:site_name":"Hidalgo -","og:type":"article","og:title":"Duffle Bag Tian bedrucken Recycled Polycotton 30L","og:description":"Du erh\u00e4ltst eine robuste, recycelte Polycotton-Tasche mit 30 Litern Volumen, perfekt f\u00fcr Sport &amp; Freizeit. Nutze die Gelegenheit, diese vielseitige Dufflebag bedrucken zu lassen, um deine Marke optimal zu pr\u00e4sentieren. Sie ist das ideale Werbegeschenk f\u00fcr eine junge, aktive Zielgruppe.","og:url":"https:\/\/hidalgo.nl\/de\/wp-json\/wp\/v2\/product\/807913","og:image":"https:\/\/shop.hidalgo.nl\/wp-content\/uploads\/2025\/11\/cropped-Hidalgo-est1993.png","og:image:secure_url":"https:\/\/shop.hidalgo.nl\/wp-content\/uploads\/2025\/11\/cropped-Hidalgo-est1993.png","article:published_time":"2026-01-13T09:46:31+00:00","article:modified_time":"2026-03-14T11:44:42+00:00","twitter:card":"summary_large_image","twitter:title":"Duffle Bag Tian bedrucken Recycled Polycotton 30L","twitter:description":"Du erh\u00e4ltst eine robuste, recycelte Polycotton-Tasche mit 30 Litern Volumen, perfekt f\u00fcr Sport &amp; Freizeit. Nutze die Gelegenheit, diese vielseitige Dufflebag bedrucken zu lassen, um deine Marke optimal zu pr\u00e4sentieren. Sie ist das ideale Werbegeschenk f\u00fcr eine junge, aktive Zielgruppe.","twitter:image":"https:\/\/shop.hidalgo.nl\/wp-content\/uploads\/2025\/11\/cropped-Hidalgo-est1993.png"},"aioseo_meta_data":{"post_id":"807913","title":null,"description":null,"keywords":null,"keyphrases":null,"primary_term":null,"canonical_url":null,"og_title":null,"og_description":null,"og_object_type":"default","og_image_type":"default","og_image_url":null,"og_image_width":null,"og_image_height":null,"og_image_custom_url":null,"og_image_custom_fields":null,"og_video":null,"og_custom_url":null,"og_article_section":null,"og_article_tags":null,"twitter_use_og":false,"twitter_card":"default","twitter_image_type":"default","twitter_image_url":null,"twitter_image_custom_url":null,"twitter_image_custom_fields":null,"twitter_title":null,"twitter_description":null,"schema":{"blockGraphs":[],"customGraphs":[],"default":{"data":{"Article":[],"Course":[],"Dataset":[],"FAQPage":[],"Movie":[],"Person":[],"Product":[],"ProductReview":[],"Car":[],"Recipe":[],"Service":[],"SoftwareApplication":[],"WebPage":[]},"graphName":"","isEnabled":true},"graphs":[]},"schema_type":"default","schema_type_options":null,"pillar_content":false,"robots_default":true,"robots_noindex":false,"robots_noarchive":false,"robots_nosnippet":false,"robots_nofollow":false,"robots_noimageindex":false,"robots_noodp":false,"robots_notranslate":false,"robots_max_snippet":null,"robots_max_videopreview":null,"robots_max_imagepreview":"large","priority":null,"frequency":null,"local_seo":null,"seo_analyzer_scan_date":"2026-01-27 09:58:59","breadcrumb_settings":null,"limit_modified_date":false,"reviewed_by":null,"open_ai":null,"ai":null,"created":"2026-01-14 07:03:01","updated":"2026-04-23 15:59:51"},"aioseo_breadcrumb":"<div class=\"aioseo-breadcrumbs\"><span class=\"aioseo-breadcrumb\">\n\t<a href=\"https:\/\/hidalgo.nl\/de\/\" title=\"Home\">Home<\/a>\n<\/span><span class=\"aioseo-breadcrumb-separator\">\u00bb<\/span><span class=\"aioseo-breadcrumb\">\n\t<a href=\"https:\/\/hidalgo.nl\/example\/\" title=\"example\">example<\/a>\n<\/span><span class=\"aioseo-breadcrumb-separator\">\u00bb<\/span><span class=\"aioseo-breadcrumb\">\n\t<a href=\"https:\/\/hidalgo.nl\/en\/product-supplier\/a58\/\" title=\"A58\">A58<\/a>\n<\/span><span class=\"aioseo-breadcrumb-separator\">\u00bb<\/span><span class=\"aioseo-breadcrumb\">\n\tGerecyclede polycotton (330 gsm) dufflebag Tian\n<\/span><\/div>","aioseo_breadcrumb_json":[{"label":"Home","link":"https:\/\/hidalgo.nl\/de\/"},{"label":"example","link":"https:\/\/hidalgo.nl\/example\/"},{"label":"A58","link":"https:\/\/hidalgo.nl\/en\/product-supplier\/a58\/"},{"label":"Gerecyclede polycotton (330 gsm) dufflebag Tian","link":"https:\/\/hidalgo.nl\/de\/product\/807913\/duffle-bag-tian-bedrucken-recycled-polycotton-30l\/"}],"_links":{"self":[{"href":"https:\/\/hidalgo.nl\/de\/wp-json\/wp\/v2\/product\/807913","targetHints":{"allow":["GET"]}}],"collection":[{"href":"https:\/\/hidalgo.nl\/de\/wp-json\/wp\/v2\/product"}],"about":[{"href":"https:\/\/hidalgo.nl\/de\/wp-json\/wp\/v2\/types\/product"}],"wp:featuredmedia":[{"embeddable":true,"href":"https:\/\/hidalgo.nl\/de\/wp-json\/wp\/v2\/media\/807914"}],"wp:attachment":[{"href":"https:\/\/hidalgo.nl\/de\/wp-json\/wp\/v2\/media?parent=807913"}],"wp:term":[{"taxonomy":"product_brand","embeddable":true,"href":"https:\/\/hidalgo.nl\/de\/wp-json\/wp\/v2\/product_brand?post=807913"},{"taxonomy":"product_cat","embeddable":true,"href":"https:\/\/hidalgo.nl\/de\/wp-json\/wp\/v2\/product_cat?post=807913"},{"taxonomy":"product_tag","embeddable":true,"href":"https:\/\/hidalgo.nl\/de\/wp-json\/wp\/v2\/product_tag?post=807913"}],"curies":[{"name":"wp","href":"https:\/\/api.w.org\/{rel}","templated":true}]}}