{"id":806526,"date":"2026-01-12T09:17:40","date_gmt":"2026-01-12T09:17:40","guid":{"rendered":"https:\/\/hidalgo.nl\/product\/kunststof-sleutelhanger-zuni\/"},"modified":"2026-03-13T13:57:27","modified_gmt":"2026-03-13T13:57:27","slug":"kunststof-sleutelhanger-zuni","status":"publish","type":"product","link":"https:\/\/hidalgo.nl\/de\/product\/806526\/schluesselanhaenger-zuni-bedrucken-t-shirt-form-kunststoff\/","title":{"rendered":"Kunststof sleutelhanger Zuni"},"content":{"rendered":"<p>Kunststof sleutelhanger aan metalen sleutelring in t-shirt vorm.<\/p>\n","protected":false},"excerpt":{"rendered":"<p>Kunststof sleutelhanger aan metalen sleutelring in t-shirt vorm.<\/p>\n","protected":false},"featured_media":806527,"template":"","meta":{"_acf_changed":false,"om_disable_all_campaigns":false,"_monsterinsights_skip_tracking":false,"_monsterinsights_sitenote_active":false,"_monsterinsights_sitenote_note":"","_monsterinsights_sitenote_category":0},"product_brand":[49],"product_cat":[4719,4801],"product_tag":[],"class_list":{"0":"post-806526","1":"product","2":"type-product","3":"status-publish","4":"has-post-thumbnail","6":"product_supplier-a58","7":"product_material-ijzer","8":"product_material-plastic-kristal-1840","9":"product_material-san","10":"product_brand-impression","11":"product_cat-promotionele-artikelen","12":"product_cat-sleutelhangers","13":"entry","15":"first","16":"instock","17":"taxable","18":"shipping-taxable","19":"purchasable","20":"product-type-variable"},"acf":{"imprint_cost":[{"imprint_cost_key":"ec4a67498f5898a08cfbab3dec8654ed5db9045d","product_quantity_price_range":[{"imprint_cost_recommended_selling_price":"8.26","imprint_cost_recommended_selling_quantity":"1"},{"imprint_cost_recommended_selling_price":"3.02","imprint_cost_recommended_selling_quantity":"25"},{"imprint_cost_recommended_selling_price":"1.42","imprint_cost_recommended_selling_quantity":"50"},{"imprint_cost_recommended_selling_price":"0.62","imprint_cost_recommended_selling_quantity":"100"},{"imprint_cost_recommended_selling_price":"0.31","imprint_cost_recommended_selling_quantity":"250"},{"imprint_cost_recommended_selling_price":"0.25","imprint_cost_recommended_selling_quantity":"500"},{"imprint_cost_recommended_selling_price":"0.18","imprint_cost_recommended_selling_quantity":"1000"},{"imprint_cost_recommended_selling_price":"0.17","imprint_cost_recommended_selling_quantity":"2500"},{"imprint_cost_recommended_selling_price":"0.11","imprint_cost_recommended_selling_quantity":"5000"}],"product_quantity_price_range_buying":false,"imprint_cost_setup_costs":"71.54","imprint_cost_handling_costs":"0.26"}]},"aioseo_notices":[],"aioseo_head":"\n\t\t<!-- All in One SEO Pro 4.9.6.2 - aioseo.com -->\n\t<meta name=\"description\" content=\"Setze den robusten Werbeartikel Schl\u00fcsselanh\u00e4nger in T-Shirt-Form gezielt f\u00fcr deine Events ein. Diesen Kunststoff Schl\u00fcsselanh\u00e4nger kannst du g\u00fcnstig mit deinem Firmenlogo personalisieren und als praktisches Werbegeschenk verteilen.\" \/>\n\t<meta name=\"robots\" content=\"max-image-preview:large\" \/>\n\t<link rel=\"canonical\" href=\"https:\/\/hidalgo.nl\/de\/wp-json\/wp\/v2\/product\/806526\" \/>\n\t<meta name=\"generator\" content=\"All in One SEO Pro (AIOSEO) 4.9.6.2\" \/>\n\t\t<meta property=\"og:locale\" content=\"de_DE\" \/>\n\t\t<meta property=\"og:site_name\" content=\"Hidalgo -\" \/>\n\t\t<meta property=\"og:type\" content=\"article\" \/>\n\t\t<meta property=\"og:title\" content=\"Schl\u00fcsselanh\u00e4nger Zuni bedrucken T-Shirt-Form Kunststoff\" \/>\n\t\t<meta property=\"og:description\" content=\"Setze den robusten Werbeartikel Schl\u00fcsselanh\u00e4nger in T-Shirt-Form gezielt f\u00fcr deine Events ein. Diesen Kunststoff Schl\u00fcsselanh\u00e4nger kannst du g\u00fcnstig mit deinem Firmenlogo personalisieren und als praktisches Werbegeschenk verteilen.\" \/>\n\t\t<meta property=\"og:url\" content=\"https:\/\/hidalgo.nl\/de\/wp-json\/wp\/v2\/product\/806526\" \/>\n\t\t<meta property=\"og:image\" content=\"https:\/\/shop.hidalgo.nl\/wp-content\/uploads\/2025\/11\/cropped-Hidalgo-est1993.png\" \/>\n\t\t<meta property=\"og:image:secure_url\" content=\"https:\/\/shop.hidalgo.nl\/wp-content\/uploads\/2025\/11\/cropped-Hidalgo-est1993.png\" \/>\n\t\t<meta property=\"article:published_time\" content=\"2026-01-12T09:17:40+00:00\" \/>\n\t\t<meta property=\"article:modified_time\" content=\"2026-03-13T13:57:27+00:00\" \/>\n\t\t<meta name=\"twitter:card\" content=\"summary_large_image\" \/>\n\t\t<meta name=\"twitter:title\" content=\"Schl\u00fcsselanh\u00e4nger Zuni bedrucken T-Shirt-Form Kunststoff\" \/>\n\t\t<meta name=\"twitter:description\" content=\"Setze den robusten Werbeartikel Schl\u00fcsselanh\u00e4nger in T-Shirt-Form gezielt f\u00fcr deine Events ein. Diesen Kunststoff Schl\u00fcsselanh\u00e4nger kannst du g\u00fcnstig mit deinem Firmenlogo personalisieren und als praktisches Werbegeschenk verteilen.\" \/>\n\t\t<meta name=\"twitter:image\" content=\"https:\/\/shop.hidalgo.nl\/wp-content\/uploads\/2025\/11\/cropped-Hidalgo-est1993.png\" \/>\n\t\t<script type=\"application\/ld+json\" class=\"aioseo-schema\">\n\t\t\t{\"@context\":\"https:\\\/\\\/schema.org\",\"@graph\":[{\"@type\":\"BreadcrumbList\",\"@id\":\"https:\\\/\\\/hidalgo.nl\\\/de\\\/product\\\/806526\\\/schluesselanhaenger-zuni-bedrucken-t-shirt-form-kunststoff\\\/#breadcrumblist\",\"itemListElement\":[{\"@type\":\"ListItem\",\"@id\":\"https:\\\/\\\/hidalgo.nl\\\/de\\\/#listItem\",\"position\":1,\"name\":\"Home\",\"item\":\"https:\\\/\\\/hidalgo.nl\\\/de\\\/\",\"nextItem\":{\"@type\":\"ListItem\",\"@id\":\"https:\\\/\\\/hidalgo.nl\\\/example\\\/#listItem\",\"name\":\"example\"}},{\"@type\":\"ListItem\",\"@id\":\"https:\\\/\\\/hidalgo.nl\\\/example\\\/#listItem\",\"position\":2,\"name\":\"example\",\"item\":\"https:\\\/\\\/hidalgo.nl\\\/example\\\/\",\"nextItem\":{\"@type\":\"ListItem\",\"@id\":\"https:\\\/\\\/hidalgo.nl\\\/en\\\/product-supplier\\\/a58\\\/#listItem\",\"name\":\"A58\"},\"previousItem\":{\"@type\":\"ListItem\",\"@id\":\"https:\\\/\\\/hidalgo.nl\\\/de\\\/#listItem\",\"name\":\"Home\"}},{\"@type\":\"ListItem\",\"@id\":\"https:\\\/\\\/hidalgo.nl\\\/en\\\/product-supplier\\\/a58\\\/#listItem\",\"position\":3,\"name\":\"A58\",\"item\":\"https:\\\/\\\/hidalgo.nl\\\/en\\\/product-supplier\\\/a58\\\/\",\"nextItem\":{\"@type\":\"ListItem\",\"@id\":\"https:\\\/\\\/hidalgo.nl\\\/de\\\/product\\\/806526\\\/schluesselanhaenger-zuni-bedrucken-t-shirt-form-kunststoff\\\/#listItem\",\"name\":\"Kunststof sleutelhanger Zuni\"},\"previousItem\":{\"@type\":\"ListItem\",\"@id\":\"https:\\\/\\\/hidalgo.nl\\\/example\\\/#listItem\",\"name\":\"example\"}},{\"@type\":\"ListItem\",\"@id\":\"https:\\\/\\\/hidalgo.nl\\\/de\\\/product\\\/806526\\\/schluesselanhaenger-zuni-bedrucken-t-shirt-form-kunststoff\\\/#listItem\",\"position\":4,\"name\":\"Kunststof sleutelhanger Zuni\",\"previousItem\":{\"@type\":\"ListItem\",\"@id\":\"https:\\\/\\\/hidalgo.nl\\\/en\\\/product-supplier\\\/a58\\\/#listItem\",\"name\":\"A58\"}}]},{\"@type\":\"Organization\",\"@id\":\"https:\\\/\\\/hidalgo.nl\\\/de\\\/#organization\",\"name\":\"Hidalgo\",\"url\":\"https:\\\/\\\/hidalgo.nl\\\/de\\\/\",\"logo\":{\"@type\":\"ImageObject\",\"url\":\"https:\\\/\\\/shop.hidalgo.nl\\\/wp-content\\\/uploads\\\/2025\\\/11\\\/cropped-Hidalgo-est1993.png\",\"@id\":\"https:\\\/\\\/hidalgo.nl\\\/de\\\/product\\\/806526\\\/schluesselanhaenger-zuni-bedrucken-t-shirt-form-kunststoff\\\/#organizationLogo\",\"width\":585,\"height\":195},\"image\":{\"@id\":\"https:\\\/\\\/hidalgo.nl\\\/de\\\/product\\\/806526\\\/schluesselanhaenger-zuni-bedrucken-t-shirt-form-kunststoff\\\/#organizationLogo\"}},{\"@type\":\"ProductGroup\",\"@id\":\"https:\\\/\\\/hidalgo.nl\\\/de\\\/product\\\/806526\\\/schluesselanhaenger-zuni-bedrucken-t-shirt-form-kunststoff\\\/#wooCommerceProduct\",\"name\":\"Schl\\u00fcsselanh\\u00e4nger Zuni bedrucken T-Shirt-Form Kunststoff\",\"url\":\"https:\\\/\\\/hidalgo.nl\\\/de\\\/product\\\/806526\\\/schluesselanhaenger-zuni-bedrucken-t-shirt-form-kunststoff\\\/\",\"brand\":{\"@type\":\"Brand\",\"name\":\"IMPRESSION\"},\"sku\":\"A58-5159\",\"image\":{\"@type\":\"ImageObject\",\"url\":\"https:\\\/\\\/shop.hidalgo.nl\\\/wp-content\\\/uploads\\\/2026\\\/01\\\/f6a6c325991d820dcfac2afc0b000c29cadf681523dab82e09dc583d6503edaa.jpg\",\"@id\":\"https:\\\/\\\/hidalgo.nl\\\/de\\\/product\\\/806526\\\/schluesselanhaenger-zuni-bedrucken-t-shirt-form-kunststoff\\\/#productImage\"},\"productGroupID\":806526,\"hasVariant\":[{\"@type\":\"Product\",\"@id\":\"https:\\\/\\\/hidalgo.nl\\\/de\\\/product\\\/806526\\\/schluesselanhaenger-zuni-bedrucken-t-shirt-form-kunststoff\\\/#wooCommerceProduct\",\"name\":\"Kunststof sleutelhanger Zuni - neutraal,\",\"url\":\"https:\\\/\\\/hidalgo.nl\\\/de\\\/product\\\/806526\\\/schluesselanhaenger-zuni-bedrucken-t-shirt-form-kunststoff\\\/\",\"sku\":\"A58-5159-021999999\",\"gtin\":\"8719446014916\",\"image\":{\"@type\":\"ImageObject\",\"url\":\"https:\\\/\\\/shop.hidalgo.nl\\\/wp-content\\\/uploads\\\/2026\\\/01\\\/f6a6c325991d820dcfac2afc0b000c29cadf681523dab82e09dc583d6503edaa.jpg\",\"@id\":\"https:\\\/\\\/hidalgo.nl\\\/de\\\/product\\\/806526\\\/schluesselanhaenger-zuni-bedrucken-t-shirt-form-kunststoff\\\/#productImage\"},\"offers\":{\"@type\":\"Offer\",\"url\":\"https:\\\/\\\/hidalgo.nl\\\/de\\\/product\\\/806526\\\/schluesselanhaenger-zuni-bedrucken-t-shirt-form-kunststoff\\\/#wooCommerceOffer\",\"price\":\"0.9\",\"priceCurrency\":\"EUR\",\"category\":\"Promotionele Artikelen\",\"availability\":\"https:\\\/\\\/schema.org\\\/InStock\",\"priceSpecification\":{\"@type\":\"PriceSpecification\",\"price\":0.9,\"priceCurrency\":\"EUR\",\"valueAddedTaxIncluded\":\"true\"}}}]},{\"@type\":\"WebPage\",\"@id\":\"https:\\\/\\\/hidalgo.nl\\\/de\\\/product\\\/806526\\\/schluesselanhaenger-zuni-bedrucken-t-shirt-form-kunststoff\\\/#webpage\",\"url\":\"https:\\\/\\\/hidalgo.nl\\\/de\\\/product\\\/806526\\\/schluesselanhaenger-zuni-bedrucken-t-shirt-form-kunststoff\\\/\",\"name\":\"Schl\\u00fcsselanh\\u00e4nger Zuni bedrucken T-Shirt-Form Kunststoff\",\"description\":\"Setze den robusten Werbeartikel Schl\\u00fcsselanh\\u00e4nger in T-Shirt-Form gezielt f\\u00fcr deine Events ein. Diesen Kunststoff Schl\\u00fcsselanh\\u00e4nger kannst du g\\u00fcnstig mit deinem Firmenlogo personalisieren und als praktisches Werbegeschenk verteilen.\",\"inLanguage\":\"de-DE\",\"isPartOf\":{\"@id\":\"https:\\\/\\\/hidalgo.nl\\\/de\\\/#website\"},\"breadcrumb\":{\"@id\":\"https:\\\/\\\/hidalgo.nl\\\/de\\\/product\\\/806526\\\/schluesselanhaenger-zuni-bedrucken-t-shirt-form-kunststoff\\\/#breadcrumblist\"},\"image\":{\"@type\":\"ImageObject\",\"url\":\"https:\\\/\\\/shop.hidalgo.nl\\\/wp-content\\\/uploads\\\/2026\\\/01\\\/f6a6c325991d820dcfac2afc0b000c29cadf681523dab82e09dc583d6503edaa.jpg\",\"@id\":\"https:\\\/\\\/hidalgo.nl\\\/de\\\/product\\\/806526\\\/schluesselanhaenger-zuni-bedrucken-t-shirt-form-kunststoff\\\/#mainImage\"},\"primaryImageOfPage\":{\"@id\":\"https:\\\/\\\/hidalgo.nl\\\/de\\\/product\\\/806526\\\/schluesselanhaenger-zuni-bedrucken-t-shirt-form-kunststoff\\\/#mainImage\"},\"datePublished\":\"2026-01-12T09:17:40+00:00\",\"dateModified\":\"2026-03-13T13:57:27+00:00\"},{\"@type\":\"WebSite\",\"@id\":\"https:\\\/\\\/hidalgo.nl\\\/de\\\/#website\",\"url\":\"https:\\\/\\\/hidalgo.nl\\\/de\\\/\",\"name\":\"Hidalgo\",\"inLanguage\":\"de-DE\",\"publisher\":{\"@id\":\"https:\\\/\\\/hidalgo.nl\\\/de\\\/#organization\"}}]}\n\t\t<\/script>\n\t\t<!-- All in One SEO Pro -->\r\n\t\t<title>Schl\u00fcsselanh\u00e4nger Zuni bedrucken T-Shirt-Form Kunststoff<\/title>\n\n","aioseo_head_json":{"title":"Schl\u00fcsselanh\u00e4nger Zuni bedrucken T-Shirt-Form Kunststoff","description":"Setze den robusten Werbeartikel Schl\u00fcsselanh\u00e4nger in T-Shirt-Form gezielt f\u00fcr deine Events ein. Diesen Kunststoff Schl\u00fcsselanh\u00e4nger kannst du g\u00fcnstig mit deinem Firmenlogo personalisieren und als praktisches Werbegeschenk verteilen.","canonical_url":"https:\/\/hidalgo.nl\/de\/wp-json\/wp\/v2\/product\/806526","robots":"max-image-preview:large","keywords":"","webmasterTools":{"miscellaneous":""},"schema":{"@context":"https:\/\/schema.org","@graph":[{"@type":"BreadcrumbList","@id":"https:\/\/hidalgo.nl\/de\/product\/806526\/schluesselanhaenger-zuni-bedrucken-t-shirt-form-kunststoff\/#breadcrumblist","itemListElement":[{"@type":"ListItem","@id":"https:\/\/hidalgo.nl\/de\/#listItem","position":1,"name":"Home","item":"https:\/\/hidalgo.nl\/de\/","nextItem":{"@type":"ListItem","@id":"https:\/\/hidalgo.nl\/example\/#listItem","name":"example"}},{"@type":"ListItem","@id":"https:\/\/hidalgo.nl\/example\/#listItem","position":2,"name":"example","item":"https:\/\/hidalgo.nl\/example\/","nextItem":{"@type":"ListItem","@id":"https:\/\/hidalgo.nl\/en\/product-supplier\/a58\/#listItem","name":"A58"},"previousItem":{"@type":"ListItem","@id":"https:\/\/hidalgo.nl\/de\/#listItem","name":"Home"}},{"@type":"ListItem","@id":"https:\/\/hidalgo.nl\/en\/product-supplier\/a58\/#listItem","position":3,"name":"A58","item":"https:\/\/hidalgo.nl\/en\/product-supplier\/a58\/","nextItem":{"@type":"ListItem","@id":"https:\/\/hidalgo.nl\/de\/product\/806526\/schluesselanhaenger-zuni-bedrucken-t-shirt-form-kunststoff\/#listItem","name":"Kunststof sleutelhanger Zuni"},"previousItem":{"@type":"ListItem","@id":"https:\/\/hidalgo.nl\/example\/#listItem","name":"example"}},{"@type":"ListItem","@id":"https:\/\/hidalgo.nl\/de\/product\/806526\/schluesselanhaenger-zuni-bedrucken-t-shirt-form-kunststoff\/#listItem","position":4,"name":"Kunststof sleutelhanger Zuni","previousItem":{"@type":"ListItem","@id":"https:\/\/hidalgo.nl\/en\/product-supplier\/a58\/#listItem","name":"A58"}}]},{"@type":"Organization","@id":"https:\/\/hidalgo.nl\/de\/#organization","name":"Hidalgo","url":"https:\/\/hidalgo.nl\/de\/","logo":{"@type":"ImageObject","url":"https:\/\/shop.hidalgo.nl\/wp-content\/uploads\/2025\/11\/cropped-Hidalgo-est1993.png","@id":"https:\/\/hidalgo.nl\/de\/product\/806526\/schluesselanhaenger-zuni-bedrucken-t-shirt-form-kunststoff\/#organizationLogo","width":585,"height":195},"image":{"@id":"https:\/\/hidalgo.nl\/de\/product\/806526\/schluesselanhaenger-zuni-bedrucken-t-shirt-form-kunststoff\/#organizationLogo"}},{"@type":"ProductGroup","@id":"https:\/\/hidalgo.nl\/de\/product\/806526\/schluesselanhaenger-zuni-bedrucken-t-shirt-form-kunststoff\/#wooCommerceProduct","name":"Schl\u00fcsselanh\u00e4nger Zuni bedrucken T-Shirt-Form Kunststoff","url":"https:\/\/hidalgo.nl\/de\/product\/806526\/schluesselanhaenger-zuni-bedrucken-t-shirt-form-kunststoff\/","brand":{"@type":"Brand","name":"IMPRESSION"},"sku":"A58-5159","image":{"@type":"ImageObject","url":"https:\/\/shop.hidalgo.nl\/wp-content\/uploads\/2026\/01\/f6a6c325991d820dcfac2afc0b000c29cadf681523dab82e09dc583d6503edaa.jpg","@id":"https:\/\/hidalgo.nl\/de\/product\/806526\/schluesselanhaenger-zuni-bedrucken-t-shirt-form-kunststoff\/#productImage"},"productGroupID":806526,"hasVariant":[{"@type":"Product","@id":"https:\/\/hidalgo.nl\/de\/product\/806526\/schluesselanhaenger-zuni-bedrucken-t-shirt-form-kunststoff\/#wooCommerceProduct","name":"Kunststof sleutelhanger Zuni - neutraal,","url":"https:\/\/hidalgo.nl\/de\/product\/806526\/schluesselanhaenger-zuni-bedrucken-t-shirt-form-kunststoff\/","sku":"A58-5159-021999999","gtin":"8719446014916","image":{"@type":"ImageObject","url":"https:\/\/shop.hidalgo.nl\/wp-content\/uploads\/2026\/01\/f6a6c325991d820dcfac2afc0b000c29cadf681523dab82e09dc583d6503edaa.jpg","@id":"https:\/\/hidalgo.nl\/de\/product\/806526\/schluesselanhaenger-zuni-bedrucken-t-shirt-form-kunststoff\/#productImage"},"offers":{"@type":"Offer","url":"https:\/\/hidalgo.nl\/de\/product\/806526\/schluesselanhaenger-zuni-bedrucken-t-shirt-form-kunststoff\/#wooCommerceOffer","price":"0.9","priceCurrency":"EUR","category":"Promotionele Artikelen","availability":"https:\/\/schema.org\/InStock","priceSpecification":{"@type":"PriceSpecification","price":0.9,"priceCurrency":"EUR","valueAddedTaxIncluded":"true"}}}]},{"@type":"WebPage","@id":"https:\/\/hidalgo.nl\/de\/product\/806526\/schluesselanhaenger-zuni-bedrucken-t-shirt-form-kunststoff\/#webpage","url":"https:\/\/hidalgo.nl\/de\/product\/806526\/schluesselanhaenger-zuni-bedrucken-t-shirt-form-kunststoff\/","name":"Schl\u00fcsselanh\u00e4nger Zuni bedrucken T-Shirt-Form Kunststoff","description":"Setze den robusten Werbeartikel Schl\u00fcsselanh\u00e4nger in T-Shirt-Form gezielt f\u00fcr deine Events ein. Diesen Kunststoff Schl\u00fcsselanh\u00e4nger kannst du g\u00fcnstig mit deinem Firmenlogo personalisieren und als praktisches Werbegeschenk verteilen.","inLanguage":"de-DE","isPartOf":{"@id":"https:\/\/hidalgo.nl\/de\/#website"},"breadcrumb":{"@id":"https:\/\/hidalgo.nl\/de\/product\/806526\/schluesselanhaenger-zuni-bedrucken-t-shirt-form-kunststoff\/#breadcrumblist"},"image":{"@type":"ImageObject","url":"https:\/\/shop.hidalgo.nl\/wp-content\/uploads\/2026\/01\/f6a6c325991d820dcfac2afc0b000c29cadf681523dab82e09dc583d6503edaa.jpg","@id":"https:\/\/hidalgo.nl\/de\/product\/806526\/schluesselanhaenger-zuni-bedrucken-t-shirt-form-kunststoff\/#mainImage"},"primaryImageOfPage":{"@id":"https:\/\/hidalgo.nl\/de\/product\/806526\/schluesselanhaenger-zuni-bedrucken-t-shirt-form-kunststoff\/#mainImage"},"datePublished":"2026-01-12T09:17:40+00:00","dateModified":"2026-03-13T13:57:27+00:00"},{"@type":"WebSite","@id":"https:\/\/hidalgo.nl\/de\/#website","url":"https:\/\/hidalgo.nl\/de\/","name":"Hidalgo","inLanguage":"de-DE","publisher":{"@id":"https:\/\/hidalgo.nl\/de\/#organization"}}]},"og:locale":"de_DE","og:site_name":"Hidalgo -","og:type":"article","og:title":"Schl\u00fcsselanh\u00e4nger Zuni bedrucken T-Shirt-Form Kunststoff","og:description":"Setze den robusten Werbeartikel Schl\u00fcsselanh\u00e4nger in T-Shirt-Form gezielt f\u00fcr deine Events ein. Diesen Kunststoff Schl\u00fcsselanh\u00e4nger kannst du g\u00fcnstig mit deinem Firmenlogo personalisieren und als praktisches Werbegeschenk verteilen.","og:url":"https:\/\/hidalgo.nl\/de\/wp-json\/wp\/v2\/product\/806526","og:image":"https:\/\/shop.hidalgo.nl\/wp-content\/uploads\/2025\/11\/cropped-Hidalgo-est1993.png","og:image:secure_url":"https:\/\/shop.hidalgo.nl\/wp-content\/uploads\/2025\/11\/cropped-Hidalgo-est1993.png","article:published_time":"2026-01-12T09:17:40+00:00","article:modified_time":"2026-03-13T13:57:27+00:00","twitter:card":"summary_large_image","twitter:title":"Schl\u00fcsselanh\u00e4nger Zuni bedrucken T-Shirt-Form Kunststoff","twitter:description":"Setze den robusten Werbeartikel Schl\u00fcsselanh\u00e4nger in T-Shirt-Form gezielt f\u00fcr deine Events ein. Diesen Kunststoff Schl\u00fcsselanh\u00e4nger kannst du g\u00fcnstig mit deinem Firmenlogo personalisieren und als praktisches Werbegeschenk verteilen.","twitter:image":"https:\/\/shop.hidalgo.nl\/wp-content\/uploads\/2025\/11\/cropped-Hidalgo-est1993.png"},"aioseo_meta_data":{"post_id":"806526","title":null,"description":null,"keywords":null,"keyphrases":null,"primary_term":null,"canonical_url":null,"og_title":null,"og_description":null,"og_object_type":"default","og_image_type":"default","og_image_url":null,"og_image_width":null,"og_image_height":null,"og_image_custom_url":null,"og_image_custom_fields":null,"og_video":null,"og_custom_url":null,"og_article_section":null,"og_article_tags":null,"twitter_use_og":false,"twitter_card":"default","twitter_image_type":"default","twitter_image_url":null,"twitter_image_custom_url":null,"twitter_image_custom_fields":null,"twitter_title":null,"twitter_description":null,"schema":{"blockGraphs":[],"customGraphs":[],"default":{"data":{"Article":[],"Course":[],"Dataset":[],"FAQPage":[],"Movie":[],"Person":[],"Product":[],"ProductReview":[],"Car":[],"Recipe":[],"Service":[],"SoftwareApplication":[],"WebPage":[]},"graphName":"","isEnabled":true},"graphs":[]},"schema_type":"default","schema_type_options":null,"pillar_content":false,"robots_default":true,"robots_noindex":false,"robots_noarchive":false,"robots_nosnippet":false,"robots_nofollow":false,"robots_noimageindex":false,"robots_noodp":false,"robots_notranslate":false,"robots_max_snippet":null,"robots_max_videopreview":null,"robots_max_imagepreview":"large","priority":null,"frequency":null,"local_seo":null,"seo_analyzer_scan_date":"2026-01-27 09:29:59","breadcrumb_settings":null,"limit_modified_date":false,"reviewed_by":null,"open_ai":null,"ai":null,"created":"2026-01-14 07:03:00","updated":"2026-04-23 15:54:57"},"aioseo_breadcrumb":"<div class=\"aioseo-breadcrumbs\"><span class=\"aioseo-breadcrumb\">\n\t<a href=\"https:\/\/hidalgo.nl\/de\/\" title=\"Home\">Home<\/a>\n<\/span><span class=\"aioseo-breadcrumb-separator\">\u00bb<\/span><span class=\"aioseo-breadcrumb\">\n\t<a href=\"https:\/\/hidalgo.nl\/example\/\" title=\"example\">example<\/a>\n<\/span><span class=\"aioseo-breadcrumb-separator\">\u00bb<\/span><span class=\"aioseo-breadcrumb\">\n\t<a href=\"https:\/\/hidalgo.nl\/en\/product-supplier\/a58\/\" title=\"A58\">A58<\/a>\n<\/span><span class=\"aioseo-breadcrumb-separator\">\u00bb<\/span><span class=\"aioseo-breadcrumb\">\n\tKunststof sleutelhanger Zuni\n<\/span><\/div>","aioseo_breadcrumb_json":[{"label":"Home","link":"https:\/\/hidalgo.nl\/de\/"},{"label":"example","link":"https:\/\/hidalgo.nl\/example\/"},{"label":"A58","link":"https:\/\/hidalgo.nl\/en\/product-supplier\/a58\/"},{"label":"Kunststof sleutelhanger Zuni","link":"https:\/\/hidalgo.nl\/de\/product\/806526\/schluesselanhaenger-zuni-bedrucken-t-shirt-form-kunststoff\/"}],"_links":{"self":[{"href":"https:\/\/hidalgo.nl\/de\/wp-json\/wp\/v2\/product\/806526","targetHints":{"allow":["GET"]}}],"collection":[{"href":"https:\/\/hidalgo.nl\/de\/wp-json\/wp\/v2\/product"}],"about":[{"href":"https:\/\/hidalgo.nl\/de\/wp-json\/wp\/v2\/types\/product"}],"wp:featuredmedia":[{"embeddable":true,"href":"https:\/\/hidalgo.nl\/de\/wp-json\/wp\/v2\/media\/806527"}],"wp:attachment":[{"href":"https:\/\/hidalgo.nl\/de\/wp-json\/wp\/v2\/media?parent=806526"}],"wp:term":[{"taxonomy":"product_brand","embeddable":true,"href":"https:\/\/hidalgo.nl\/de\/wp-json\/wp\/v2\/product_brand?post=806526"},{"taxonomy":"product_cat","embeddable":true,"href":"https:\/\/hidalgo.nl\/de\/wp-json\/wp\/v2\/product_cat?post=806526"},{"taxonomy":"product_tag","embeddable":true,"href":"https:\/\/hidalgo.nl\/de\/wp-json\/wp\/v2\/product_tag?post=806526"}],"curies":[{"name":"wp","href":"https:\/\/api.w.org\/{rel}","templated":true}]}}