{"id":806491,"date":"2026-01-12T09:17:35","date_gmt":"2026-01-12T09:17:35","guid":{"rendered":"https:\/\/hidalgo.nl\/product\/custom-made-pp-woven-big-shopper-met-laminaat-all-over-full-color-drukcustom-made\/"},"modified":"2026-02-17T11:27:17","modified_gmt":"2026-02-17T11:27:17","slug":"custom-made-pp-woven-big-shopper-met-laminaat-all-over-full-color-drukcustom-made","status":"publish","type":"product","link":"https:\/\/hidalgo.nl\/de\/product\/806491\/werbetaschen-mit-logo-pp-woven-full-color-shopper\/","title":{"rendered":"Custom Made pp Woven Big Shopper met laminaat | All Over Full Color drukCustom Made"},"content":{"rendered":"<p>Custom Made pp Woven Big Shopper met laminaat | All Over Full Color druk<\/p>\n","protected":false},"excerpt":{"rendered":"<p>Custom Made pp Woven Big Shopper met laminaat | All Over Full Color druk<\/p>\n","protected":false},"featured_media":806492,"template":"","meta":{"_acf_changed":false,"om_disable_all_campaigns":false,"_monsterinsights_skip_tracking":false,"_monsterinsights_sitenote_active":false,"_monsterinsights_sitenote_note":"","_monsterinsights_sitenote_category":0},"product_brand":[],"product_cat":[4726,4727,4713],"product_tag":[],"class_list":{"0":"post-806491","1":"product","2":"type-product","3":"status-publish","4":"has-post-thumbnail","6":"product_supplier-a387","7":"product_material-pp-woven","8":"product_cat-draagtassen","9":"product_cat-schouder-tassen","10":"product_cat-tassen","11":"entry","13":"first","14":"instock","15":"taxable","16":"shipping-taxable","17":"product-type-variable"},"acf":{"imprint_cost":false},"aioseo_notices":[],"aioseo_head":"\n\t\t<!-- All in One SEO Pro 4.9.6.2 - aioseo.com -->\n\t<meta name=\"description\" content=\"Du suchst strapazierf\u00e4hige PP Woven Taschen bedrucken zu lassen, die deine Marke optimal repr\u00e4sentieren? Dank modernem Werbetaschen Full Color Druck erh\u00e4ltst du vollsichtig gestaltete, laminierte Tragetaschen mit Logo, die hohe Tragf\u00e4higkeit und beste Sichtbarkeit garantieren.\" \/>\n\t<meta name=\"robots\" content=\"max-image-preview:large\" \/>\n\t<link rel=\"canonical\" href=\"https:\/\/hidalgo.nl\/de\/wp-json\/wp\/v2\/product\/806491\" \/>\n\t<meta name=\"generator\" content=\"All in One SEO Pro (AIOSEO) 4.9.6.2\" \/>\n\t\t<meta property=\"og:locale\" content=\"de_DE\" \/>\n\t\t<meta property=\"og:site_name\" content=\"Hidalgo -\" \/>\n\t\t<meta property=\"og:type\" content=\"article\" \/>\n\t\t<meta property=\"og:title\" content=\"Werbetaschen mit logo | pp woven full color shopper\" \/>\n\t\t<meta property=\"og:description\" content=\"Du suchst strapazierf\u00e4hige PP Woven Taschen bedrucken zu lassen, die deine Marke optimal repr\u00e4sentieren? Dank modernem Werbetaschen Full Color Druck erh\u00e4ltst du vollsichtig gestaltete, laminierte Tragetaschen mit Logo, die hohe Tragf\u00e4higkeit und beste Sichtbarkeit garantieren.\" \/>\n\t\t<meta property=\"og:url\" content=\"https:\/\/hidalgo.nl\/de\/wp-json\/wp\/v2\/product\/806491\" \/>\n\t\t<meta property=\"og:image\" content=\"https:\/\/shop.hidalgo.nl\/wp-content\/uploads\/2025\/11\/cropped-Hidalgo-est1993.png\" \/>\n\t\t<meta property=\"og:image:secure_url\" content=\"https:\/\/shop.hidalgo.nl\/wp-content\/uploads\/2025\/11\/cropped-Hidalgo-est1993.png\" \/>\n\t\t<meta property=\"article:published_time\" content=\"2026-01-12T09:17:35+00:00\" \/>\n\t\t<meta property=\"article:modified_time\" content=\"2026-02-17T11:27:17+00:00\" \/>\n\t\t<meta name=\"twitter:card\" content=\"summary_large_image\" \/>\n\t\t<meta name=\"twitter:title\" content=\"Werbetaschen mit logo | pp woven full color shopper\" \/>\n\t\t<meta name=\"twitter:description\" content=\"Du suchst strapazierf\u00e4hige PP Woven Taschen bedrucken zu lassen, die deine Marke optimal repr\u00e4sentieren? Dank modernem Werbetaschen Full Color Druck erh\u00e4ltst du vollsichtig gestaltete, laminierte Tragetaschen mit Logo, die hohe Tragf\u00e4higkeit und beste Sichtbarkeit garantieren.\" \/>\n\t\t<meta name=\"twitter:image\" content=\"https:\/\/shop.hidalgo.nl\/wp-content\/uploads\/2025\/11\/cropped-Hidalgo-est1993.png\" \/>\n\t\t<script type=\"application\/ld+json\" class=\"aioseo-schema\">\n\t\t\t{\"@context\":\"https:\\\/\\\/schema.org\",\"@graph\":[{\"@type\":\"BreadcrumbList\",\"@id\":\"https:\\\/\\\/hidalgo.nl\\\/de\\\/product\\\/806491\\\/werbetaschen-mit-logo-pp-woven-full-color-shopper\\\/#breadcrumblist\",\"itemListElement\":[{\"@type\":\"ListItem\",\"@id\":\"https:\\\/\\\/hidalgo.nl\\\/de\\\/#listItem\",\"position\":1,\"name\":\"Home\",\"item\":\"https:\\\/\\\/hidalgo.nl\\\/de\\\/\",\"nextItem\":{\"@type\":\"ListItem\",\"@id\":\"https:\\\/\\\/hidalgo.nl\\\/example\\\/#listItem\",\"name\":\"example\"}},{\"@type\":\"ListItem\",\"@id\":\"https:\\\/\\\/hidalgo.nl\\\/example\\\/#listItem\",\"position\":2,\"name\":\"example\",\"item\":\"https:\\\/\\\/hidalgo.nl\\\/example\\\/\",\"nextItem\":{\"@type\":\"ListItem\",\"@id\":\"https:\\\/\\\/hidalgo.nl\\\/en\\\/product-supplier\\\/a387\\\/#listItem\",\"name\":\"A387\"},\"previousItem\":{\"@type\":\"ListItem\",\"@id\":\"https:\\\/\\\/hidalgo.nl\\\/de\\\/#listItem\",\"name\":\"Home\"}},{\"@type\":\"ListItem\",\"@id\":\"https:\\\/\\\/hidalgo.nl\\\/en\\\/product-supplier\\\/a387\\\/#listItem\",\"position\":3,\"name\":\"A387\",\"item\":\"https:\\\/\\\/hidalgo.nl\\\/en\\\/product-supplier\\\/a387\\\/\",\"nextItem\":{\"@type\":\"ListItem\",\"@id\":\"https:\\\/\\\/hidalgo.nl\\\/de\\\/product\\\/806491\\\/werbetaschen-mit-logo-pp-woven-full-color-shopper\\\/#listItem\",\"name\":\"Custom Made pp Woven Big Shopper met laminaat | All Over Full Color drukCustom Made\"},\"previousItem\":{\"@type\":\"ListItem\",\"@id\":\"https:\\\/\\\/hidalgo.nl\\\/example\\\/#listItem\",\"name\":\"example\"}},{\"@type\":\"ListItem\",\"@id\":\"https:\\\/\\\/hidalgo.nl\\\/de\\\/product\\\/806491\\\/werbetaschen-mit-logo-pp-woven-full-color-shopper\\\/#listItem\",\"position\":4,\"name\":\"Custom Made pp Woven Big Shopper met laminaat | All Over Full Color drukCustom Made\",\"previousItem\":{\"@type\":\"ListItem\",\"@id\":\"https:\\\/\\\/hidalgo.nl\\\/en\\\/product-supplier\\\/a387\\\/#listItem\",\"name\":\"A387\"}}]},{\"@type\":\"Organization\",\"@id\":\"https:\\\/\\\/hidalgo.nl\\\/de\\\/#organization\",\"name\":\"Hidalgo\",\"url\":\"https:\\\/\\\/hidalgo.nl\\\/de\\\/\",\"logo\":{\"@type\":\"ImageObject\",\"url\":\"https:\\\/\\\/shop.hidalgo.nl\\\/wp-content\\\/uploads\\\/2025\\\/11\\\/cropped-Hidalgo-est1993.png\",\"@id\":\"https:\\\/\\\/hidalgo.nl\\\/de\\\/product\\\/806491\\\/werbetaschen-mit-logo-pp-woven-full-color-shopper\\\/#organizationLogo\",\"width\":585,\"height\":195},\"image\":{\"@id\":\"https:\\\/\\\/hidalgo.nl\\\/de\\\/product\\\/806491\\\/werbetaschen-mit-logo-pp-woven-full-color-shopper\\\/#organizationLogo\"}},{\"@type\":\"WebPage\",\"@id\":\"https:\\\/\\\/hidalgo.nl\\\/de\\\/product\\\/806491\\\/werbetaschen-mit-logo-pp-woven-full-color-shopper\\\/#webpage\",\"url\":\"https:\\\/\\\/hidalgo.nl\\\/de\\\/product\\\/806491\\\/werbetaschen-mit-logo-pp-woven-full-color-shopper\\\/\",\"name\":\"Werbetaschen mit logo | pp woven full color shopper\",\"description\":\"Du suchst strapazierf\\u00e4hige PP Woven Taschen bedrucken zu lassen, die deine Marke optimal repr\\u00e4sentieren? Dank modernem Werbetaschen Full Color Druck erh\\u00e4ltst du vollsichtig gestaltete, laminierte Tragetaschen mit Logo, die hohe Tragf\\u00e4higkeit und beste Sichtbarkeit garantieren.\",\"inLanguage\":\"de-DE\",\"isPartOf\":{\"@id\":\"https:\\\/\\\/hidalgo.nl\\\/de\\\/#website\"},\"breadcrumb\":{\"@id\":\"https:\\\/\\\/hidalgo.nl\\\/de\\\/product\\\/806491\\\/werbetaschen-mit-logo-pp-woven-full-color-shopper\\\/#breadcrumblist\"},\"image\":{\"@type\":\"ImageObject\",\"url\":\"https:\\\/\\\/shop.hidalgo.nl\\\/wp-content\\\/uploads\\\/2025\\\/04\\\/a144195fea2004ae9c7572a1431272194f0eb2ee93e7f2abd9d754e48e6ab57c.jpg\",\"@id\":\"https:\\\/\\\/hidalgo.nl\\\/de\\\/product\\\/806491\\\/werbetaschen-mit-logo-pp-woven-full-color-shopper\\\/#mainImage\"},\"primaryImageOfPage\":{\"@id\":\"https:\\\/\\\/hidalgo.nl\\\/de\\\/product\\\/806491\\\/werbetaschen-mit-logo-pp-woven-full-color-shopper\\\/#mainImage\"},\"datePublished\":\"2026-01-12T09:17:35+00:00\",\"dateModified\":\"2026-02-17T11:27:17+00:00\"},{\"@type\":\"WebSite\",\"@id\":\"https:\\\/\\\/hidalgo.nl\\\/de\\\/#website\",\"url\":\"https:\\\/\\\/hidalgo.nl\\\/de\\\/\",\"name\":\"Hidalgo\",\"inLanguage\":\"de-DE\",\"publisher\":{\"@id\":\"https:\\\/\\\/hidalgo.nl\\\/de\\\/#organization\"}}]}\n\t\t<\/script>\n\t\t<!-- All in One SEO Pro -->\r\n\t\t<title>Werbetaschen mit logo | pp woven full color shopper<\/title>\n\n","aioseo_head_json":{"title":"Werbetaschen mit logo | pp woven full color shopper","description":"Du suchst strapazierf\u00e4hige PP Woven Taschen bedrucken zu lassen, die deine Marke optimal repr\u00e4sentieren? Dank modernem Werbetaschen Full Color Druck erh\u00e4ltst du vollsichtig gestaltete, laminierte Tragetaschen mit Logo, die hohe Tragf\u00e4higkeit und beste Sichtbarkeit garantieren.","canonical_url":"https:\/\/hidalgo.nl\/de\/wp-json\/wp\/v2\/product\/806491","robots":"max-image-preview:large","keywords":"","webmasterTools":{"miscellaneous":""},"schema":{"@context":"https:\/\/schema.org","@graph":[{"@type":"BreadcrumbList","@id":"https:\/\/hidalgo.nl\/de\/product\/806491\/werbetaschen-mit-logo-pp-woven-full-color-shopper\/#breadcrumblist","itemListElement":[{"@type":"ListItem","@id":"https:\/\/hidalgo.nl\/de\/#listItem","position":1,"name":"Home","item":"https:\/\/hidalgo.nl\/de\/","nextItem":{"@type":"ListItem","@id":"https:\/\/hidalgo.nl\/example\/#listItem","name":"example"}},{"@type":"ListItem","@id":"https:\/\/hidalgo.nl\/example\/#listItem","position":2,"name":"example","item":"https:\/\/hidalgo.nl\/example\/","nextItem":{"@type":"ListItem","@id":"https:\/\/hidalgo.nl\/en\/product-supplier\/a387\/#listItem","name":"A387"},"previousItem":{"@type":"ListItem","@id":"https:\/\/hidalgo.nl\/de\/#listItem","name":"Home"}},{"@type":"ListItem","@id":"https:\/\/hidalgo.nl\/en\/product-supplier\/a387\/#listItem","position":3,"name":"A387","item":"https:\/\/hidalgo.nl\/en\/product-supplier\/a387\/","nextItem":{"@type":"ListItem","@id":"https:\/\/hidalgo.nl\/de\/product\/806491\/werbetaschen-mit-logo-pp-woven-full-color-shopper\/#listItem","name":"Custom Made pp Woven Big Shopper met laminaat | All Over Full Color drukCustom Made"},"previousItem":{"@type":"ListItem","@id":"https:\/\/hidalgo.nl\/example\/#listItem","name":"example"}},{"@type":"ListItem","@id":"https:\/\/hidalgo.nl\/de\/product\/806491\/werbetaschen-mit-logo-pp-woven-full-color-shopper\/#listItem","position":4,"name":"Custom Made pp Woven Big Shopper met laminaat | All Over Full Color drukCustom Made","previousItem":{"@type":"ListItem","@id":"https:\/\/hidalgo.nl\/en\/product-supplier\/a387\/#listItem","name":"A387"}}]},{"@type":"Organization","@id":"https:\/\/hidalgo.nl\/de\/#organization","name":"Hidalgo","url":"https:\/\/hidalgo.nl\/de\/","logo":{"@type":"ImageObject","url":"https:\/\/shop.hidalgo.nl\/wp-content\/uploads\/2025\/11\/cropped-Hidalgo-est1993.png","@id":"https:\/\/hidalgo.nl\/de\/product\/806491\/werbetaschen-mit-logo-pp-woven-full-color-shopper\/#organizationLogo","width":585,"height":195},"image":{"@id":"https:\/\/hidalgo.nl\/de\/product\/806491\/werbetaschen-mit-logo-pp-woven-full-color-shopper\/#organizationLogo"}},{"@type":"WebPage","@id":"https:\/\/hidalgo.nl\/de\/product\/806491\/werbetaschen-mit-logo-pp-woven-full-color-shopper\/#webpage","url":"https:\/\/hidalgo.nl\/de\/product\/806491\/werbetaschen-mit-logo-pp-woven-full-color-shopper\/","name":"Werbetaschen mit logo | pp woven full color shopper","description":"Du suchst strapazierf\u00e4hige PP Woven Taschen bedrucken zu lassen, die deine Marke optimal repr\u00e4sentieren? Dank modernem Werbetaschen Full Color Druck erh\u00e4ltst du vollsichtig gestaltete, laminierte Tragetaschen mit Logo, die hohe Tragf\u00e4higkeit und beste Sichtbarkeit garantieren.","inLanguage":"de-DE","isPartOf":{"@id":"https:\/\/hidalgo.nl\/de\/#website"},"breadcrumb":{"@id":"https:\/\/hidalgo.nl\/de\/product\/806491\/werbetaschen-mit-logo-pp-woven-full-color-shopper\/#breadcrumblist"},"image":{"@type":"ImageObject","url":"https:\/\/shop.hidalgo.nl\/wp-content\/uploads\/2025\/04\/a144195fea2004ae9c7572a1431272194f0eb2ee93e7f2abd9d754e48e6ab57c.jpg","@id":"https:\/\/hidalgo.nl\/de\/product\/806491\/werbetaschen-mit-logo-pp-woven-full-color-shopper\/#mainImage"},"primaryImageOfPage":{"@id":"https:\/\/hidalgo.nl\/de\/product\/806491\/werbetaschen-mit-logo-pp-woven-full-color-shopper\/#mainImage"},"datePublished":"2026-01-12T09:17:35+00:00","dateModified":"2026-02-17T11:27:17+00:00"},{"@type":"WebSite","@id":"https:\/\/hidalgo.nl\/de\/#website","url":"https:\/\/hidalgo.nl\/de\/","name":"Hidalgo","inLanguage":"de-DE","publisher":{"@id":"https:\/\/hidalgo.nl\/de\/#organization"}}]},"og:locale":"de_DE","og:site_name":"Hidalgo -","og:type":"article","og:title":"Werbetaschen mit logo | pp woven full color shopper","og:description":"Du suchst strapazierf\u00e4hige PP Woven Taschen bedrucken zu lassen, die deine Marke optimal repr\u00e4sentieren? Dank modernem Werbetaschen Full Color Druck erh\u00e4ltst du vollsichtig gestaltete, laminierte Tragetaschen mit Logo, die hohe Tragf\u00e4higkeit und beste Sichtbarkeit garantieren.","og:url":"https:\/\/hidalgo.nl\/de\/wp-json\/wp\/v2\/product\/806491","og:image":"https:\/\/shop.hidalgo.nl\/wp-content\/uploads\/2025\/11\/cropped-Hidalgo-est1993.png","og:image:secure_url":"https:\/\/shop.hidalgo.nl\/wp-content\/uploads\/2025\/11\/cropped-Hidalgo-est1993.png","article:published_time":"2026-01-12T09:17:35+00:00","article:modified_time":"2026-02-17T11:27:17+00:00","twitter:card":"summary_large_image","twitter:title":"Werbetaschen mit logo | pp woven full color shopper","twitter:description":"Du suchst strapazierf\u00e4hige PP Woven Taschen bedrucken zu lassen, die deine Marke optimal repr\u00e4sentieren? Dank modernem Werbetaschen Full Color Druck erh\u00e4ltst du vollsichtig gestaltete, laminierte Tragetaschen mit Logo, die hohe Tragf\u00e4higkeit und beste Sichtbarkeit garantieren.","twitter:image":"https:\/\/shop.hidalgo.nl\/wp-content\/uploads\/2025\/11\/cropped-Hidalgo-est1993.png"},"aioseo_meta_data":{"post_id":"806491","title":null,"description":null,"keywords":null,"keyphrases":null,"primary_term":null,"canonical_url":null,"og_title":null,"og_description":null,"og_object_type":"default","og_image_type":"default","og_image_url":null,"og_image_width":null,"og_image_height":null,"og_image_custom_url":null,"og_image_custom_fields":null,"og_video":null,"og_custom_url":null,"og_article_section":null,"og_article_tags":null,"twitter_use_og":false,"twitter_card":"default","twitter_image_type":"default","twitter_image_url":null,"twitter_image_custom_url":null,"twitter_image_custom_fields":null,"twitter_title":null,"twitter_description":null,"schema":{"blockGraphs":[],"customGraphs":[],"default":{"data":{"Article":[],"Course":[],"Dataset":[],"FAQPage":[],"Movie":[],"Person":[],"Product":[],"ProductReview":[],"Car":[],"Recipe":[],"Service":[],"SoftwareApplication":[],"WebPage":[]},"graphName":"","isEnabled":true},"graphs":[]},"schema_type":"default","schema_type_options":null,"pillar_content":false,"robots_default":true,"robots_noindex":false,"robots_noarchive":false,"robots_nosnippet":false,"robots_nofollow":false,"robots_noimageindex":false,"robots_noodp":false,"robots_notranslate":false,"robots_max_snippet":null,"robots_max_videopreview":null,"robots_max_imagepreview":"large","priority":null,"frequency":null,"local_seo":null,"seo_analyzer_scan_date":"2026-01-23 07:34:56","breadcrumb_settings":null,"limit_modified_date":false,"reviewed_by":null,"open_ai":null,"ai":null,"created":"2026-01-14 07:03:00","updated":"2026-04-23 01:45:57"},"aioseo_breadcrumb":"<div class=\"aioseo-breadcrumbs\"><span class=\"aioseo-breadcrumb\">\n\t<a href=\"https:\/\/hidalgo.nl\/de\/\" title=\"Home\">Home<\/a>\n<\/span><span class=\"aioseo-breadcrumb-separator\">\u00bb<\/span><span class=\"aioseo-breadcrumb\">\n\t<a href=\"https:\/\/hidalgo.nl\/example\/\" title=\"example\">example<\/a>\n<\/span><span class=\"aioseo-breadcrumb-separator\">\u00bb<\/span><span class=\"aioseo-breadcrumb\">\n\t<a href=\"https:\/\/hidalgo.nl\/en\/product-supplier\/a387\/\" title=\"A387\">A387<\/a>\n<\/span><span class=\"aioseo-breadcrumb-separator\">\u00bb<\/span><span class=\"aioseo-breadcrumb\">\n\tCustom Made pp Woven Big Shopper met laminaat | All Over Full Color drukCustom Made\n<\/span><\/div>","aioseo_breadcrumb_json":[{"label":"Home","link":"https:\/\/hidalgo.nl\/de\/"},{"label":"example","link":"https:\/\/hidalgo.nl\/example\/"},{"label":"A387","link":"https:\/\/hidalgo.nl\/en\/product-supplier\/a387\/"},{"label":"Custom Made pp Woven Big Shopper met laminaat | All Over Full Color drukCustom Made","link":"https:\/\/hidalgo.nl\/de\/product\/806491\/werbetaschen-mit-logo-pp-woven-full-color-shopper\/"}],"_links":{"self":[{"href":"https:\/\/hidalgo.nl\/de\/wp-json\/wp\/v2\/product\/806491","targetHints":{"allow":["GET"]}}],"collection":[{"href":"https:\/\/hidalgo.nl\/de\/wp-json\/wp\/v2\/product"}],"about":[{"href":"https:\/\/hidalgo.nl\/de\/wp-json\/wp\/v2\/types\/product"}],"wp:featuredmedia":[{"embeddable":true,"href":"https:\/\/hidalgo.nl\/de\/wp-json\/wp\/v2\/media\/806492"}],"wp:attachment":[{"href":"https:\/\/hidalgo.nl\/de\/wp-json\/wp\/v2\/media?parent=806491"}],"wp:term":[{"taxonomy":"product_brand","embeddable":true,"href":"https:\/\/hidalgo.nl\/de\/wp-json\/wp\/v2\/product_brand?post=806491"},{"taxonomy":"product_cat","embeddable":true,"href":"https:\/\/hidalgo.nl\/de\/wp-json\/wp\/v2\/product_cat?post=806491"},{"taxonomy":"product_tag","embeddable":true,"href":"https:\/\/hidalgo.nl\/de\/wp-json\/wp\/v2\/product_tag?post=806491"}],"curies":[{"name":"wp","href":"https:\/\/api.w.org\/{rel}","templated":true}]}}