{"id":8047,"date":"2025-07-03T09:44:26","date_gmt":"2025-07-03T09:44:26","guid":{"rendered":"http:\/\/bidonsenshakers.pim.hidalgo.nl\/product\/pluche-afstudeerbeer-magnus\/"},"modified":"2026-03-15T08:54:20","modified_gmt":"2026-03-15T08:54:20","slug":"pluche-afstudeerbeer-magnus","status":"publish","type":"product","link":"https:\/\/hidalgo.nl\/de\/product\/8047\/abschlussbaer-magnus-bedruckbar-pluesch-mit-diplom-18cm\/","title":{"rendered":"Pluche afstudeerbeer Magnus"},"content":{"rendered":"<p>Pluche afstudeerbeer met hoed en gewaad van polyester met een zijdeachtig gevoel. Diploma in de hand. Inclusief oormerk voor bedrukking.<\/p>\n","protected":false},"excerpt":{"rendered":"<p>Pluche afstudeerbeer met hoed en gewaad van polyester met een zijdeachtig gevoel. Diploma in de hand. Inclusief oormerk voor bedrukking.<\/p>\n","protected":false},"featured_media":8048,"template":"","meta":{"_acf_changed":false,"om_disable_all_campaigns":false,"_monsterinsights_skip_tracking":false,"_monsterinsights_sitenote_active":false,"_monsterinsights_sitenote_note":"","_monsterinsights_sitenote_category":0},"product_brand":[49],"product_cat":[4807,4719],"product_tag":[],"class_list":{"0":"post-8047","1":"product","2":"type-product","3":"status-publish","4":"has-post-thumbnail","6":"product_supplier-a58","7":"product_material-polyester","8":"product_material-polypropyleen","9":"product_material-polystyreen","10":"product_brand-impression","11":"product_cat-kinder-artikelen","12":"product_cat-promotionele-artikelen","13":"entry","15":"first","16":"instock","17":"taxable","18":"shipping-taxable","19":"purchasable","20":"product-type-variable"},"acf":{"imprint_cost":[{"imprint_cost_key":"30ceec20bdb456ca5dc7e2c59b814d2fa034b59b","product_quantity_price_range":[{"imprint_cost_recommended_selling_price":"5.43","imprint_cost_recommended_selling_quantity":"1"},{"imprint_cost_recommended_selling_price":"2.83","imprint_cost_recommended_selling_quantity":"25"},{"imprint_cost_recommended_selling_price":"1.29","imprint_cost_recommended_selling_quantity":"50"},{"imprint_cost_recommended_selling_price":"0.49","imprint_cost_recommended_selling_quantity":"100"},{"imprint_cost_recommended_selling_price":"0.35","imprint_cost_recommended_selling_quantity":"250"},{"imprint_cost_recommended_selling_price":"0.28","imprint_cost_recommended_selling_quantity":"500"},{"imprint_cost_recommended_selling_price":"0.2","imprint_cost_recommended_selling_quantity":"1000"},{"imprint_cost_recommended_selling_price":"0.18","imprint_cost_recommended_selling_quantity":"5000"}],"product_quantity_price_range_buying":false,"imprint_cost_setup_costs":"52.31","imprint_cost_handling_costs":"0.08"},{"imprint_cost_key":"c9b58303739e5289cc28b264efdc6c14257c1711","product_quantity_price_range":[{"imprint_cost_recommended_selling_price":"10.26","imprint_cost_recommended_selling_quantity":"1"},{"imprint_cost_recommended_selling_price":"5.35","imprint_cost_recommended_selling_quantity":"25"},{"imprint_cost_recommended_selling_price":"2.4","imprint_cost_recommended_selling_quantity":"50"},{"imprint_cost_recommended_selling_price":"0.84","imprint_cost_recommended_selling_quantity":"100"},{"imprint_cost_recommended_selling_price":"0.63","imprint_cost_recommended_selling_quantity":"250"},{"imprint_cost_recommended_selling_price":"0.53","imprint_cost_recommended_selling_quantity":"500"},{"imprint_cost_recommended_selling_price":"0.38","imprint_cost_recommended_selling_quantity":"1000"},{"imprint_cost_recommended_selling_price":"0.35","imprint_cost_recommended_selling_quantity":"5000"},{"imprint_cost_recommended_selling_price":"0.32","imprint_cost_recommended_selling_quantity":"10000"}],"product_quantity_price_range_buying":false,"imprint_cost_setup_costs":"104.62","imprint_cost_handling_costs":"0.08"},{"imprint_cost_key":"255688c288ae662ad1b64233eddd4ad84b37d41a","product_quantity_price_range":[{"imprint_cost_recommended_selling_price":"1.54","imprint_cost_recommended_selling_quantity":"1"},{"imprint_cost_recommended_selling_price":"1.31","imprint_cost_recommended_selling_quantity":"25"},{"imprint_cost_recommended_selling_price":"1.11","imprint_cost_recommended_selling_quantity":"50"},{"imprint_cost_recommended_selling_price":"0.88","imprint_cost_recommended_selling_quantity":"100"},{"imprint_cost_recommended_selling_price":"0.66","imprint_cost_recommended_selling_quantity":"250"},{"imprint_cost_recommended_selling_price":"0.58","imprint_cost_recommended_selling_quantity":"500"},{"imprint_cost_recommended_selling_price":"0.57","imprint_cost_recommended_selling_quantity":"1000"},{"imprint_cost_recommended_selling_price":"0.55","imprint_cost_recommended_selling_quantity":"2500"},{"imprint_cost_recommended_selling_price":"0.52","imprint_cost_recommended_selling_quantity":"5000"}],"product_quantity_price_range_buying":false,"imprint_cost_setup_costs":"60.77","imprint_cost_handling_costs":"0.7"},{"imprint_cost_key":"2dc69215828238baeddef757d3dfc00dcae74ebb","product_quantity_price_range":[{"imprint_cost_recommended_selling_price":"3.02","imprint_cost_recommended_selling_quantity":"1"},{"imprint_cost_recommended_selling_price":"2.42","imprint_cost_recommended_selling_quantity":"25"},{"imprint_cost_recommended_selling_price":"1.42","imprint_cost_recommended_selling_quantity":"50"},{"imprint_cost_recommended_selling_price":"0.95","imprint_cost_recommended_selling_quantity":"100"},{"imprint_cost_recommended_selling_price":"0.8","imprint_cost_recommended_selling_quantity":"250"},{"imprint_cost_recommended_selling_price":"0.52","imprint_cost_recommended_selling_quantity":"500"},{"imprint_cost_recommended_selling_price":"0.43","imprint_cost_recommended_selling_quantity":"1000"},{"imprint_cost_recommended_selling_price":"0.4","imprint_cost_recommended_selling_quantity":"2500"},{"imprint_cost_recommended_selling_price":"0.38","imprint_cost_recommended_selling_quantity":"10000"}],"product_quantity_price_range_buying":false,"imprint_cost_setup_costs":"60.77","imprint_cost_handling_costs":"0.7"},{"imprint_cost_key":"7e4c061d94a557538dca7294e778796abd314bd7","product_quantity_price_range":[{"imprint_cost_recommended_selling_price":"4.33","imprint_cost_recommended_selling_quantity":"1"},{"imprint_cost_recommended_selling_price":"3.4","imprint_cost_recommended_selling_quantity":"25"},{"imprint_cost_recommended_selling_price":"2","imprint_cost_recommended_selling_quantity":"50"},{"imprint_cost_recommended_selling_price":"1.38","imprint_cost_recommended_selling_quantity":"100"},{"imprint_cost_recommended_selling_price":"1.2","imprint_cost_recommended_selling_quantity":"250"},{"imprint_cost_recommended_selling_price":"0.87","imprint_cost_recommended_selling_quantity":"500"},{"imprint_cost_recommended_selling_price":"0.75","imprint_cost_recommended_selling_quantity":"1000"},{"imprint_cost_recommended_selling_price":"0.72","imprint_cost_recommended_selling_quantity":"2500"},{"imprint_cost_recommended_selling_price":"0.71","imprint_cost_recommended_selling_quantity":"5000"},{"imprint_cost_recommended_selling_price":"0.69","imprint_cost_recommended_selling_quantity":"10000"}],"product_quantity_price_range_buying":false,"imprint_cost_setup_costs":"121.54","imprint_cost_handling_costs":"0.7"}]},"aioseo_notices":[],"aioseo_head":"\n\t\t<!-- All in One SEO Pro 4.9.6.2 - aioseo.com -->\n\t<meta name=\"description\" content=\"Diesen weichen Begleiter kannst du als Abschlussgeschenk personalisiert mit deinem Logo veredeln lassen, um Absolventen eine Freude zu bereiten. Wenn du ein Pl\u00fcschtier zum Abschluss kaufen m\u00f6chtest, ist Magnus der ideale Markenbotschafter f\u00fcr deine Universit\u00e4t oder dein Unternehmen.\" \/>\n\t<meta name=\"robots\" content=\"max-image-preview:large\" \/>\n\t<link rel=\"canonical\" href=\"https:\/\/hidalgo.nl\/de\/wp-json\/wp\/v2\/product\/8047\" \/>\n\t<meta name=\"generator\" content=\"All in One SEO Pro (AIOSEO) 4.9.6.2\" \/>\n\t\t<meta property=\"og:locale\" content=\"de_DE\" \/>\n\t\t<meta property=\"og:site_name\" content=\"Hidalgo -\" \/>\n\t\t<meta property=\"og:type\" content=\"article\" \/>\n\t\t<meta property=\"og:title\" content=\"Abschlussb\u00e4r Magnus bedruckbar Pl\u00fcsch mit Diplom 18cm\" \/>\n\t\t<meta property=\"og:description\" content=\"Diesen weichen Begleiter kannst du als Abschlussgeschenk personalisiert mit deinem Logo veredeln lassen, um Absolventen eine Freude zu bereiten. Wenn du ein Pl\u00fcschtier zum Abschluss kaufen m\u00f6chtest, ist Magnus der ideale Markenbotschafter f\u00fcr deine Universit\u00e4t oder dein Unternehmen.\" \/>\n\t\t<meta property=\"og:url\" content=\"https:\/\/hidalgo.nl\/de\/wp-json\/wp\/v2\/product\/8047\" \/>\n\t\t<meta property=\"og:image\" content=\"https:\/\/shop.hidalgo.nl\/wp-content\/uploads\/2025\/11\/cropped-Hidalgo-est1993.png\" \/>\n\t\t<meta property=\"og:image:secure_url\" content=\"https:\/\/shop.hidalgo.nl\/wp-content\/uploads\/2025\/11\/cropped-Hidalgo-est1993.png\" \/>\n\t\t<meta property=\"article:published_time\" content=\"2025-07-03T09:44:26+00:00\" \/>\n\t\t<meta property=\"article:modified_time\" content=\"2026-03-15T08:54:20+00:00\" \/>\n\t\t<meta name=\"twitter:card\" content=\"summary_large_image\" \/>\n\t\t<meta name=\"twitter:title\" content=\"Abschlussb\u00e4r Magnus bedruckbar Pl\u00fcsch mit Diplom 18cm\" \/>\n\t\t<meta name=\"twitter:description\" content=\"Diesen weichen Begleiter kannst du als Abschlussgeschenk personalisiert mit deinem Logo veredeln lassen, um Absolventen eine Freude zu bereiten. Wenn du ein Pl\u00fcschtier zum Abschluss kaufen m\u00f6chtest, ist Magnus der ideale Markenbotschafter f\u00fcr deine Universit\u00e4t oder dein Unternehmen.\" \/>\n\t\t<meta name=\"twitter:image\" content=\"https:\/\/shop.hidalgo.nl\/wp-content\/uploads\/2025\/11\/cropped-Hidalgo-est1993.png\" \/>\n\t\t<script type=\"application\/ld+json\" class=\"aioseo-schema\">\n\t\t\t{\"@context\":\"https:\\\/\\\/schema.org\",\"@graph\":[{\"@type\":\"BreadcrumbList\",\"@id\":\"https:\\\/\\\/hidalgo.nl\\\/de\\\/product\\\/8047\\\/abschlussbaer-magnus-bedruckbar-pluesch-mit-diplom-18cm\\\/#breadcrumblist\",\"itemListElement\":[{\"@type\":\"ListItem\",\"@id\":\"https:\\\/\\\/hidalgo.nl\\\/de\\\/#listItem\",\"position\":1,\"name\":\"Home\",\"item\":\"https:\\\/\\\/hidalgo.nl\\\/de\\\/\",\"nextItem\":{\"@type\":\"ListItem\",\"@id\":\"https:\\\/\\\/hidalgo.nl\\\/example\\\/#listItem\",\"name\":\"example\"}},{\"@type\":\"ListItem\",\"@id\":\"https:\\\/\\\/hidalgo.nl\\\/example\\\/#listItem\",\"position\":2,\"name\":\"example\",\"item\":\"https:\\\/\\\/hidalgo.nl\\\/example\\\/\",\"nextItem\":{\"@type\":\"ListItem\",\"@id\":\"https:\\\/\\\/hidalgo.nl\\\/en\\\/product-supplier\\\/a58\\\/#listItem\",\"name\":\"A58\"},\"previousItem\":{\"@type\":\"ListItem\",\"@id\":\"https:\\\/\\\/hidalgo.nl\\\/de\\\/#listItem\",\"name\":\"Home\"}},{\"@type\":\"ListItem\",\"@id\":\"https:\\\/\\\/hidalgo.nl\\\/en\\\/product-supplier\\\/a58\\\/#listItem\",\"position\":3,\"name\":\"A58\",\"item\":\"https:\\\/\\\/hidalgo.nl\\\/en\\\/product-supplier\\\/a58\\\/\",\"nextItem\":{\"@type\":\"ListItem\",\"@id\":\"https:\\\/\\\/hidalgo.nl\\\/de\\\/product\\\/8047\\\/abschlussbaer-magnus-bedruckbar-pluesch-mit-diplom-18cm\\\/#listItem\",\"name\":\"Pluche afstudeerbeer Magnus\"},\"previousItem\":{\"@type\":\"ListItem\",\"@id\":\"https:\\\/\\\/hidalgo.nl\\\/example\\\/#listItem\",\"name\":\"example\"}},{\"@type\":\"ListItem\",\"@id\":\"https:\\\/\\\/hidalgo.nl\\\/de\\\/product\\\/8047\\\/abschlussbaer-magnus-bedruckbar-pluesch-mit-diplom-18cm\\\/#listItem\",\"position\":4,\"name\":\"Pluche afstudeerbeer Magnus\",\"previousItem\":{\"@type\":\"ListItem\",\"@id\":\"https:\\\/\\\/hidalgo.nl\\\/en\\\/product-supplier\\\/a58\\\/#listItem\",\"name\":\"A58\"}}]},{\"@type\":\"Organization\",\"@id\":\"https:\\\/\\\/hidalgo.nl\\\/de\\\/#organization\",\"name\":\"Hidalgo\",\"url\":\"https:\\\/\\\/hidalgo.nl\\\/de\\\/\",\"logo\":{\"@type\":\"ImageObject\",\"url\":\"https:\\\/\\\/shop.hidalgo.nl\\\/wp-content\\\/uploads\\\/2025\\\/11\\\/cropped-Hidalgo-est1993.png\",\"@id\":\"https:\\\/\\\/hidalgo.nl\\\/de\\\/product\\\/8047\\\/abschlussbaer-magnus-bedruckbar-pluesch-mit-diplom-18cm\\\/#organizationLogo\",\"width\":585,\"height\":195},\"image\":{\"@id\":\"https:\\\/\\\/hidalgo.nl\\\/de\\\/product\\\/8047\\\/abschlussbaer-magnus-bedruckbar-pluesch-mit-diplom-18cm\\\/#organizationLogo\"}},{\"@type\":\"ProductGroup\",\"@id\":\"https:\\\/\\\/hidalgo.nl\\\/de\\\/product\\\/8047\\\/abschlussbaer-magnus-bedruckbar-pluesch-mit-diplom-18cm\\\/#wooCommerceProduct\",\"name\":\"Abschlussb\\u00e4r Magnus bedruckbar Pl\\u00fcsch mit Diplom 18cm\",\"url\":\"https:\\\/\\\/hidalgo.nl\\\/de\\\/product\\\/8047\\\/abschlussbaer-magnus-bedruckbar-pluesch-mit-diplom-18cm\\\/\",\"brand\":{\"@type\":\"Brand\",\"name\":\"IMPRESSION\"},\"sku\":\"A58-1041694\",\"image\":{\"@type\":\"ImageObject\",\"url\":\"https:\\\/\\\/shop.hidalgo.nl\\\/wp-content\\\/uploads\\\/2025\\\/05\\\/093a897b3ac8f06589cc06d56f8d44707e00bb1a21e173ab8dac4e29a5acd827.jpg\",\"@id\":\"https:\\\/\\\/hidalgo.nl\\\/de\\\/product\\\/8047\\\/abschlussbaer-magnus-bedruckbar-pluesch-mit-diplom-18cm\\\/#productImage\",\"width\":691,\"height\":1000},\"productGroupID\":8047,\"hasVariant\":[{\"@type\":\"Product\",\"@id\":\"https:\\\/\\\/hidalgo.nl\\\/de\\\/product\\\/8047\\\/abschlussbaer-magnus-bedruckbar-pluesch-mit-diplom-18cm\\\/#wooCommerceProduct\",\"name\":\"Pluche afstudeerbeer Magnus - multicolor,\",\"url\":\"https:\\\/\\\/hidalgo.nl\\\/de\\\/product\\\/8047\\\/abschlussbaer-magnus-bedruckbar-pluesch-mit-diplom-18cm\\\/\",\"sku\":\"A58-1041694-009999999\",\"image\":{\"@type\":\"ImageObject\",\"url\":\"https:\\\/\\\/shop.hidalgo.nl\\\/wp-content\\\/uploads\\\/2025\\\/05\\\/b2a2820b5ceb45fad62752d3de92a68768dcc49cbbc0fad4da37f433f9fed3bf.jpg\",\"@id\":\"https:\\\/\\\/hidalgo.nl\\\/de\\\/product\\\/8047\\\/abschlussbaer-magnus-bedruckbar-pluesch-mit-diplom-18cm\\\/#productImage\",\"width\":759,\"height\":1000},\"offers\":{\"@type\":\"Offer\",\"url\":\"https:\\\/\\\/hidalgo.nl\\\/de\\\/product\\\/8047\\\/abschlussbaer-magnus-bedruckbar-pluesch-mit-diplom-18cm\\\/#wooCommerceOffer\",\"price\":\"8.63\",\"priceCurrency\":\"EUR\",\"category\":\"Promotionele Artikelen\",\"availability\":\"https:\\\/\\\/schema.org\\\/InStock\",\"priceSpecification\":{\"@type\":\"PriceSpecification\",\"price\":8.63,\"priceCurrency\":\"EUR\",\"valueAddedTaxIncluded\":\"true\"}}}]},{\"@type\":\"WebPage\",\"@id\":\"https:\\\/\\\/hidalgo.nl\\\/de\\\/product\\\/8047\\\/abschlussbaer-magnus-bedruckbar-pluesch-mit-diplom-18cm\\\/#webpage\",\"url\":\"https:\\\/\\\/hidalgo.nl\\\/de\\\/product\\\/8047\\\/abschlussbaer-magnus-bedruckbar-pluesch-mit-diplom-18cm\\\/\",\"name\":\"Abschlussb\\u00e4r Magnus bedruckbar Pl\\u00fcsch mit Diplom 18cm\",\"description\":\"Diesen weichen Begleiter kannst du als Abschlussgeschenk personalisiert mit deinem Logo veredeln lassen, um Absolventen eine Freude zu bereiten. Wenn du ein Pl\\u00fcschtier zum Abschluss kaufen m\\u00f6chtest, ist Magnus der ideale Markenbotschafter f\\u00fcr deine Universit\\u00e4t oder dein Unternehmen.\",\"inLanguage\":\"de-DE\",\"isPartOf\":{\"@id\":\"https:\\\/\\\/hidalgo.nl\\\/de\\\/#website\"},\"breadcrumb\":{\"@id\":\"https:\\\/\\\/hidalgo.nl\\\/de\\\/product\\\/8047\\\/abschlussbaer-magnus-bedruckbar-pluesch-mit-diplom-18cm\\\/#breadcrumblist\"},\"image\":{\"@type\":\"ImageObject\",\"url\":\"https:\\\/\\\/shop.hidalgo.nl\\\/wp-content\\\/uploads\\\/2025\\\/05\\\/093a897b3ac8f06589cc06d56f8d44707e00bb1a21e173ab8dac4e29a5acd827.jpg\",\"@id\":\"https:\\\/\\\/hidalgo.nl\\\/de\\\/product\\\/8047\\\/abschlussbaer-magnus-bedruckbar-pluesch-mit-diplom-18cm\\\/#mainImage\",\"width\":691,\"height\":1000},\"primaryImageOfPage\":{\"@id\":\"https:\\\/\\\/hidalgo.nl\\\/de\\\/product\\\/8047\\\/abschlussbaer-magnus-bedruckbar-pluesch-mit-diplom-18cm\\\/#mainImage\"},\"datePublished\":\"2025-07-03T09:44:26+00:00\",\"dateModified\":\"2026-03-15T08:54:20+00:00\"},{\"@type\":\"WebSite\",\"@id\":\"https:\\\/\\\/hidalgo.nl\\\/de\\\/#website\",\"url\":\"https:\\\/\\\/hidalgo.nl\\\/de\\\/\",\"name\":\"Hidalgo\",\"inLanguage\":\"de-DE\",\"publisher\":{\"@id\":\"https:\\\/\\\/hidalgo.nl\\\/de\\\/#organization\"}}]}\n\t\t<\/script>\n\t\t<!-- All in One SEO Pro -->\r\n\t\t<title>Abschlussb\u00e4r Magnus bedruckbar Pl\u00fcsch mit Diplom 18cm<\/title>\n\n","aioseo_head_json":{"title":"Abschlussb\u00e4r Magnus bedruckbar Pl\u00fcsch mit Diplom 18cm","description":"Diesen weichen Begleiter kannst du als Abschlussgeschenk personalisiert mit deinem Logo veredeln lassen, um Absolventen eine Freude zu bereiten. Wenn du ein Pl\u00fcschtier zum Abschluss kaufen m\u00f6chtest, ist Magnus der ideale Markenbotschafter f\u00fcr deine Universit\u00e4t oder dein Unternehmen.","canonical_url":"https:\/\/hidalgo.nl\/de\/wp-json\/wp\/v2\/product\/8047","robots":"max-image-preview:large","keywords":"","webmasterTools":{"miscellaneous":""},"schema":{"@context":"https:\/\/schema.org","@graph":[{"@type":"BreadcrumbList","@id":"https:\/\/hidalgo.nl\/de\/product\/8047\/abschlussbaer-magnus-bedruckbar-pluesch-mit-diplom-18cm\/#breadcrumblist","itemListElement":[{"@type":"ListItem","@id":"https:\/\/hidalgo.nl\/de\/#listItem","position":1,"name":"Home","item":"https:\/\/hidalgo.nl\/de\/","nextItem":{"@type":"ListItem","@id":"https:\/\/hidalgo.nl\/example\/#listItem","name":"example"}},{"@type":"ListItem","@id":"https:\/\/hidalgo.nl\/example\/#listItem","position":2,"name":"example","item":"https:\/\/hidalgo.nl\/example\/","nextItem":{"@type":"ListItem","@id":"https:\/\/hidalgo.nl\/en\/product-supplier\/a58\/#listItem","name":"A58"},"previousItem":{"@type":"ListItem","@id":"https:\/\/hidalgo.nl\/de\/#listItem","name":"Home"}},{"@type":"ListItem","@id":"https:\/\/hidalgo.nl\/en\/product-supplier\/a58\/#listItem","position":3,"name":"A58","item":"https:\/\/hidalgo.nl\/en\/product-supplier\/a58\/","nextItem":{"@type":"ListItem","@id":"https:\/\/hidalgo.nl\/de\/product\/8047\/abschlussbaer-magnus-bedruckbar-pluesch-mit-diplom-18cm\/#listItem","name":"Pluche afstudeerbeer Magnus"},"previousItem":{"@type":"ListItem","@id":"https:\/\/hidalgo.nl\/example\/#listItem","name":"example"}},{"@type":"ListItem","@id":"https:\/\/hidalgo.nl\/de\/product\/8047\/abschlussbaer-magnus-bedruckbar-pluesch-mit-diplom-18cm\/#listItem","position":4,"name":"Pluche afstudeerbeer Magnus","previousItem":{"@type":"ListItem","@id":"https:\/\/hidalgo.nl\/en\/product-supplier\/a58\/#listItem","name":"A58"}}]},{"@type":"Organization","@id":"https:\/\/hidalgo.nl\/de\/#organization","name":"Hidalgo","url":"https:\/\/hidalgo.nl\/de\/","logo":{"@type":"ImageObject","url":"https:\/\/shop.hidalgo.nl\/wp-content\/uploads\/2025\/11\/cropped-Hidalgo-est1993.png","@id":"https:\/\/hidalgo.nl\/de\/product\/8047\/abschlussbaer-magnus-bedruckbar-pluesch-mit-diplom-18cm\/#organizationLogo","width":585,"height":195},"image":{"@id":"https:\/\/hidalgo.nl\/de\/product\/8047\/abschlussbaer-magnus-bedruckbar-pluesch-mit-diplom-18cm\/#organizationLogo"}},{"@type":"ProductGroup","@id":"https:\/\/hidalgo.nl\/de\/product\/8047\/abschlussbaer-magnus-bedruckbar-pluesch-mit-diplom-18cm\/#wooCommerceProduct","name":"Abschlussb\u00e4r Magnus bedruckbar Pl\u00fcsch mit Diplom 18cm","url":"https:\/\/hidalgo.nl\/de\/product\/8047\/abschlussbaer-magnus-bedruckbar-pluesch-mit-diplom-18cm\/","brand":{"@type":"Brand","name":"IMPRESSION"},"sku":"A58-1041694","image":{"@type":"ImageObject","url":"https:\/\/shop.hidalgo.nl\/wp-content\/uploads\/2025\/05\/093a897b3ac8f06589cc06d56f8d44707e00bb1a21e173ab8dac4e29a5acd827.jpg","@id":"https:\/\/hidalgo.nl\/de\/product\/8047\/abschlussbaer-magnus-bedruckbar-pluesch-mit-diplom-18cm\/#productImage","width":691,"height":1000},"productGroupID":8047,"hasVariant":[{"@type":"Product","@id":"https:\/\/hidalgo.nl\/de\/product\/8047\/abschlussbaer-magnus-bedruckbar-pluesch-mit-diplom-18cm\/#wooCommerceProduct","name":"Pluche afstudeerbeer Magnus - multicolor,","url":"https:\/\/hidalgo.nl\/de\/product\/8047\/abschlussbaer-magnus-bedruckbar-pluesch-mit-diplom-18cm\/","sku":"A58-1041694-009999999","image":{"@type":"ImageObject","url":"https:\/\/shop.hidalgo.nl\/wp-content\/uploads\/2025\/05\/b2a2820b5ceb45fad62752d3de92a68768dcc49cbbc0fad4da37f433f9fed3bf.jpg","@id":"https:\/\/hidalgo.nl\/de\/product\/8047\/abschlussbaer-magnus-bedruckbar-pluesch-mit-diplom-18cm\/#productImage","width":759,"height":1000},"offers":{"@type":"Offer","url":"https:\/\/hidalgo.nl\/de\/product\/8047\/abschlussbaer-magnus-bedruckbar-pluesch-mit-diplom-18cm\/#wooCommerceOffer","price":"8.63","priceCurrency":"EUR","category":"Promotionele Artikelen","availability":"https:\/\/schema.org\/InStock","priceSpecification":{"@type":"PriceSpecification","price":8.63,"priceCurrency":"EUR","valueAddedTaxIncluded":"true"}}}]},{"@type":"WebPage","@id":"https:\/\/hidalgo.nl\/de\/product\/8047\/abschlussbaer-magnus-bedruckbar-pluesch-mit-diplom-18cm\/#webpage","url":"https:\/\/hidalgo.nl\/de\/product\/8047\/abschlussbaer-magnus-bedruckbar-pluesch-mit-diplom-18cm\/","name":"Abschlussb\u00e4r Magnus bedruckbar Pl\u00fcsch mit Diplom 18cm","description":"Diesen weichen Begleiter kannst du als Abschlussgeschenk personalisiert mit deinem Logo veredeln lassen, um Absolventen eine Freude zu bereiten. Wenn du ein Pl\u00fcschtier zum Abschluss kaufen m\u00f6chtest, ist Magnus der ideale Markenbotschafter f\u00fcr deine Universit\u00e4t oder dein Unternehmen.","inLanguage":"de-DE","isPartOf":{"@id":"https:\/\/hidalgo.nl\/de\/#website"},"breadcrumb":{"@id":"https:\/\/hidalgo.nl\/de\/product\/8047\/abschlussbaer-magnus-bedruckbar-pluesch-mit-diplom-18cm\/#breadcrumblist"},"image":{"@type":"ImageObject","url":"https:\/\/shop.hidalgo.nl\/wp-content\/uploads\/2025\/05\/093a897b3ac8f06589cc06d56f8d44707e00bb1a21e173ab8dac4e29a5acd827.jpg","@id":"https:\/\/hidalgo.nl\/de\/product\/8047\/abschlussbaer-magnus-bedruckbar-pluesch-mit-diplom-18cm\/#mainImage","width":691,"height":1000},"primaryImageOfPage":{"@id":"https:\/\/hidalgo.nl\/de\/product\/8047\/abschlussbaer-magnus-bedruckbar-pluesch-mit-diplom-18cm\/#mainImage"},"datePublished":"2025-07-03T09:44:26+00:00","dateModified":"2026-03-15T08:54:20+00:00"},{"@type":"WebSite","@id":"https:\/\/hidalgo.nl\/de\/#website","url":"https:\/\/hidalgo.nl\/de\/","name":"Hidalgo","inLanguage":"de-DE","publisher":{"@id":"https:\/\/hidalgo.nl\/de\/#organization"}}]},"og:locale":"de_DE","og:site_name":"Hidalgo -","og:type":"article","og:title":"Abschlussb\u00e4r Magnus bedruckbar Pl\u00fcsch mit Diplom 18cm","og:description":"Diesen weichen Begleiter kannst du als Abschlussgeschenk personalisiert mit deinem Logo veredeln lassen, um Absolventen eine Freude zu bereiten. Wenn du ein Pl\u00fcschtier zum Abschluss kaufen m\u00f6chtest, ist Magnus der ideale Markenbotschafter f\u00fcr deine Universit\u00e4t oder dein Unternehmen.","og:url":"https:\/\/hidalgo.nl\/de\/wp-json\/wp\/v2\/product\/8047","og:image":"https:\/\/shop.hidalgo.nl\/wp-content\/uploads\/2025\/11\/cropped-Hidalgo-est1993.png","og:image:secure_url":"https:\/\/shop.hidalgo.nl\/wp-content\/uploads\/2025\/11\/cropped-Hidalgo-est1993.png","article:published_time":"2025-07-03T09:44:26+00:00","article:modified_time":"2026-03-15T08:54:20+00:00","twitter:card":"summary_large_image","twitter:title":"Abschlussb\u00e4r Magnus bedruckbar Pl\u00fcsch mit Diplom 18cm","twitter:description":"Diesen weichen Begleiter kannst du als Abschlussgeschenk personalisiert mit deinem Logo veredeln lassen, um Absolventen eine Freude zu bereiten. Wenn du ein Pl\u00fcschtier zum Abschluss kaufen m\u00f6chtest, ist Magnus der ideale Markenbotschafter f\u00fcr deine Universit\u00e4t oder dein Unternehmen.","twitter:image":"https:\/\/shop.hidalgo.nl\/wp-content\/uploads\/2025\/11\/cropped-Hidalgo-est1993.png"},"aioseo_meta_data":{"post_id":"8047","title":null,"description":null,"keywords":null,"keyphrases":null,"primary_term":null,"canonical_url":null,"og_title":null,"og_description":null,"og_object_type":"default","og_image_type":"default","og_image_url":null,"og_image_width":null,"og_image_height":null,"og_image_custom_url":null,"og_image_custom_fields":null,"og_video":null,"og_custom_url":null,"og_article_section":null,"og_article_tags":null,"twitter_use_og":false,"twitter_card":"default","twitter_image_type":"default","twitter_image_url":null,"twitter_image_custom_url":null,"twitter_image_custom_fields":null,"twitter_title":null,"twitter_description":null,"schema":{"blockGraphs":[],"customGraphs":[],"default":{"data":{"Article":[],"Course":[],"Dataset":[],"FAQPage":[],"Movie":[],"Person":[],"Product":[],"ProductReview":[],"Car":[],"Recipe":[],"Service":[],"SoftwareApplication":[],"WebPage":[]},"graphName":"","isEnabled":true},"graphs":[]},"schema_type":"default","schema_type_options":null,"pillar_content":false,"robots_default":true,"robots_noindex":false,"robots_noarchive":false,"robots_nosnippet":false,"robots_nofollow":false,"robots_noimageindex":false,"robots_noodp":false,"robots_notranslate":false,"robots_max_snippet":null,"robots_max_videopreview":null,"robots_max_imagepreview":"large","priority":null,"frequency":null,"local_seo":null,"seo_analyzer_scan_date":"2026-01-20 09:31:26","breadcrumb_settings":null,"limit_modified_date":false,"reviewed_by":null,"open_ai":null,"ai":null,"created":"2026-01-14 06:17:37","updated":"2026-04-22 15:50:52"},"aioseo_breadcrumb":"<div class=\"aioseo-breadcrumbs\"><span class=\"aioseo-breadcrumb\">\n\t<a href=\"https:\/\/hidalgo.nl\/de\/\" title=\"Home\">Home<\/a>\n<\/span><span class=\"aioseo-breadcrumb-separator\">\u00bb<\/span><span class=\"aioseo-breadcrumb\">\n\t<a href=\"https:\/\/hidalgo.nl\/example\/\" title=\"example\">example<\/a>\n<\/span><span class=\"aioseo-breadcrumb-separator\">\u00bb<\/span><span class=\"aioseo-breadcrumb\">\n\t<a href=\"https:\/\/hidalgo.nl\/en\/product-supplier\/a58\/\" title=\"A58\">A58<\/a>\n<\/span><span class=\"aioseo-breadcrumb-separator\">\u00bb<\/span><span class=\"aioseo-breadcrumb\">\n\tPluche afstudeerbeer Magnus\n<\/span><\/div>","aioseo_breadcrumb_json":[{"label":"Home","link":"https:\/\/hidalgo.nl\/de\/"},{"label":"example","link":"https:\/\/hidalgo.nl\/example\/"},{"label":"A58","link":"https:\/\/hidalgo.nl\/en\/product-supplier\/a58\/"},{"label":"Pluche afstudeerbeer Magnus","link":"https:\/\/hidalgo.nl\/de\/product\/8047\/abschlussbaer-magnus-bedruckbar-pluesch-mit-diplom-18cm\/"}],"_links":{"self":[{"href":"https:\/\/hidalgo.nl\/de\/wp-json\/wp\/v2\/product\/8047","targetHints":{"allow":["GET"]}}],"collection":[{"href":"https:\/\/hidalgo.nl\/de\/wp-json\/wp\/v2\/product"}],"about":[{"href":"https:\/\/hidalgo.nl\/de\/wp-json\/wp\/v2\/types\/product"}],"wp:featuredmedia":[{"embeddable":true,"href":"https:\/\/hidalgo.nl\/de\/wp-json\/wp\/v2\/media\/8048"}],"wp:attachment":[{"href":"https:\/\/hidalgo.nl\/de\/wp-json\/wp\/v2\/media?parent=8047"}],"wp:term":[{"taxonomy":"product_brand","embeddable":true,"href":"https:\/\/hidalgo.nl\/de\/wp-json\/wp\/v2\/product_brand?post=8047"},{"taxonomy":"product_cat","embeddable":true,"href":"https:\/\/hidalgo.nl\/de\/wp-json\/wp\/v2\/product_cat?post=8047"},{"taxonomy":"product_tag","embeddable":true,"href":"https:\/\/hidalgo.nl\/de\/wp-json\/wp\/v2\/product_tag?post=8047"}],"curies":[{"name":"wp","href":"https:\/\/api.w.org\/{rel}","templated":true}]}}