{"id":801886,"date":"2026-01-06T15:22:41","date_gmt":"2026-01-06T15:22:41","guid":{"rendered":"https:\/\/hidalgo.nl\/product\/nova-powerbank-22-5w-power-delivery-met-ingebouwde-kabels-20000-mah\/"},"modified":"2026-02-26T07:49:25","modified_gmt":"2026-02-26T07:49:25","slug":"nova-powerbank-22-5w-power-delivery-met-ingebouwde-kabels-20000-mah","status":"publish","type":"product","link":"https:\/\/hidalgo.nl\/de\/product\/801886\/nova-powerbank-225-w-power-delivery-mit-integrierten-kabeln-20000-mah\/","title":{"rendered":"Nova Powerbank 22.5W Power Delivery met ingebouwde kabels 20000 mAh"},"content":{"rendered":"<p>De Nova Powerbank biedt een krachtige \u00e9n effici\u00ebnte laadervaring in een compact formaat. Met de ingebouwde USB-C- en Lightning-kabels laad je snel op dankzij 22.5W power delivery. De capaciteit van 20.000 mAh houdt je apparaten langdurig van energie voorzien, terwijl het LED-display het batterijpercentage direct toont. Ideaal voor energie onderweg.<\/p>\n","protected":false},"excerpt":{"rendered":"<p>De Nova Powerbank biedt een krachtige \u00e9n effici\u00ebnte laadervaring in een compact formaat. Met de ingebouwde USB-C- en Lightning-kabels laad je snel op dankzij 22.5W power delivery. De capaciteit van 20.000 mAh houdt je apparaten langdurig van energie voorzien, terwijl het LED-display het batterijpercentage direct toont. Ideaal voor energie onderweg.<\/p>\n","protected":false},"featured_media":801955,"template":"","meta":{"_acf_changed":false,"om_disable_all_campaigns":false,"_monsterinsights_skip_tracking":false,"_monsterinsights_sitenote_active":false,"_monsterinsights_sitenote_note":"","_monsterinsights_sitenote_category":0},"product_brand":[6374],"product_cat":[4720,2816,4719],"product_tag":[],"class_list":{"0":"post-801886","1":"product","2":"type-product","3":"status-publish","4":"has-post-thumbnail","6":"product_supplier-a53","7":"product_brand-hidalgo","8":"product_cat-promotionele-artikelen-elektronica-en-gadgets","9":"product_cat-promotionele-artikelen-elektronica-en-gadgets-powerbanks","10":"product_cat-promotionele-artikelen","11":"entry","13":"first","14":"instock","15":"taxable","16":"shipping-taxable","17":"purchasable","18":"product-type-variable"},"acf":{"imprint_cost":[{"imprint_cost_key":"f000d47b3a480dee7c48165ed9307744704de606","product_quantity_price_range":[{"imprint_cost_recommended_selling_price":"1.245","imprint_cost_recommended_selling_quantity":"1"},{"imprint_cost_recommended_selling_price":"1.0575","imprint_cost_recommended_selling_quantity":"10"},{"imprint_cost_recommended_selling_price":"0.9","imprint_cost_recommended_selling_quantity":"25"},{"imprint_cost_recommended_selling_price":"0.8025","imprint_cost_recommended_selling_quantity":"50"},{"imprint_cost_recommended_selling_price":"0.7275","imprint_cost_recommended_selling_quantity":"100"},{"imprint_cost_recommended_selling_price":"0.63","imprint_cost_recommended_selling_quantity":"250"},{"imprint_cost_recommended_selling_price":"0.57","imprint_cost_recommended_selling_quantity":"500"},{"imprint_cost_recommended_selling_price":"0.5175","imprint_cost_recommended_selling_quantity":"1000"},{"imprint_cost_recommended_selling_price":"0.4875","imprint_cost_recommended_selling_quantity":"2500"},{"imprint_cost_recommended_selling_price":"0.4725","imprint_cost_recommended_selling_quantity":"5000"},{"imprint_cost_recommended_selling_price":"0.4575","imprint_cost_recommended_selling_quantity":"10000"}],"product_quantity_price_range_buying":[{"imprint_cost_general_buying_price":"0.83","imprint_cost_general_buying_quantity":"1"},{"imprint_cost_general_buying_price":"0.705","imprint_cost_general_buying_quantity":"10"},{"imprint_cost_general_buying_price":"0.6","imprint_cost_general_buying_quantity":"25"},{"imprint_cost_general_buying_price":"0.535","imprint_cost_general_buying_quantity":"50"},{"imprint_cost_general_buying_price":"0.485","imprint_cost_general_buying_quantity":"100"},{"imprint_cost_general_buying_price":"0.42","imprint_cost_general_buying_quantity":"250"},{"imprint_cost_general_buying_price":"0.38","imprint_cost_general_buying_quantity":"500"},{"imprint_cost_general_buying_price":"0.345","imprint_cost_general_buying_quantity":"1000"},{"imprint_cost_general_buying_price":"0.325","imprint_cost_general_buying_quantity":"2500"},{"imprint_cost_general_buying_price":"0.315","imprint_cost_general_buying_quantity":"5000"},{"imprint_cost_general_buying_price":"0.305","imprint_cost_general_buying_quantity":"10000"}],"imprint_cost_setup_costs":"54","imprint_cost_handling_costs":"0.12"}]},"aioseo_notices":[],"aioseo_head":"\n\t\t<!-- All in One SEO Pro 4.9.5.2 - aioseo.com -->\n\t<meta name=\"description\" content=\"Diese mobile Powerbank f\u00fcr Firmen liefert dir dank 20000 mAh Kapazit\u00e4t immer genug Energie f\u00fcr unterwegs. Nutze die integrierten Kabel und die schnelle Ladeleistung von 22,5 W, um deinen Kunden ein hochwertiges, personalisiertes Werbegeschenk zu bieten. Jetzt Powerbank mit Logo bedrucken lassen.\" \/>\n\t<meta name=\"robots\" content=\"max-image-preview:large\" \/>\n\t<link rel=\"canonical\" href=\"https:\/\/hidalgo.nl\/de\/wp-json\/wp\/v2\/product\/801886\" \/>\n\t<meta name=\"generator\" content=\"All in One SEO Pro (AIOSEO) 4.9.5.2\" \/>\n\t\t<meta property=\"og:locale\" content=\"de_DE\" \/>\n\t\t<meta property=\"og:site_name\" content=\"Hidalgo -\" \/>\n\t\t<meta property=\"og:type\" content=\"article\" \/>\n\t\t<meta property=\"og:title\" content=\"Nova Powerbank 22,5 W Power Delivery mit integrierten Kabeln 20000 mAh\" \/>\n\t\t<meta property=\"og:description\" content=\"Diese mobile Powerbank f\u00fcr Firmen liefert dir dank 20000 mAh Kapazit\u00e4t immer genug Energie f\u00fcr unterwegs. Nutze die integrierten Kabel und die schnelle Ladeleistung von 22,5 W, um deinen Kunden ein hochwertiges, personalisiertes Werbegeschenk zu bieten. Jetzt Powerbank mit Logo bedrucken lassen.\" \/>\n\t\t<meta property=\"og:url\" content=\"https:\/\/hidalgo.nl\/de\/wp-json\/wp\/v2\/product\/801886\" \/>\n\t\t<meta property=\"og:image\" content=\"https:\/\/shop.hidalgo.nl\/wp-content\/uploads\/2025\/11\/cropped-Hidalgo-est1993.png\" \/>\n\t\t<meta property=\"og:image:secure_url\" content=\"https:\/\/shop.hidalgo.nl\/wp-content\/uploads\/2025\/11\/cropped-Hidalgo-est1993.png\" \/>\n\t\t<meta property=\"article:published_time\" content=\"2026-01-06T15:22:41+00:00\" \/>\n\t\t<meta property=\"article:modified_time\" content=\"2026-02-26T07:49:25+00:00\" \/>\n\t\t<meta name=\"twitter:card\" content=\"summary_large_image\" \/>\n\t\t<meta name=\"twitter:title\" content=\"Nova Powerbank 22,5 W Power Delivery mit integrierten Kabeln 20000 mAh\" \/>\n\t\t<meta name=\"twitter:description\" content=\"Diese mobile Powerbank f\u00fcr Firmen liefert dir dank 20000 mAh Kapazit\u00e4t immer genug Energie f\u00fcr unterwegs. Nutze die integrierten Kabel und die schnelle Ladeleistung von 22,5 W, um deinen Kunden ein hochwertiges, personalisiertes Werbegeschenk zu bieten. Jetzt Powerbank mit Logo bedrucken lassen.\" \/>\n\t\t<meta name=\"twitter:image\" content=\"https:\/\/shop.hidalgo.nl\/wp-content\/uploads\/2025\/11\/cropped-Hidalgo-est1993.png\" \/>\n\t\t<script type=\"application\/ld+json\" class=\"aioseo-schema\">\n\t\t\t{\"@context\":\"https:\\\/\\\/schema.org\",\"@graph\":[{\"@type\":\"BreadcrumbList\",\"@id\":\"https:\\\/\\\/hidalgo.nl\\\/de\\\/product\\\/801886\\\/nova-powerbank-225-w-power-delivery-mit-integrierten-kabeln-20000-mah\\\/#breadcrumblist\",\"itemListElement\":[{\"@type\":\"ListItem\",\"@id\":\"https:\\\/\\\/hidalgo.nl\\\/de\\\/#listItem\",\"position\":1,\"name\":\"Home\",\"item\":\"https:\\\/\\\/hidalgo.nl\\\/de\\\/\",\"nextItem\":{\"@type\":\"ListItem\",\"@id\":\"https:\\\/\\\/hidalgo.nl\\\/example\\\/#listItem\",\"name\":\"example\"}},{\"@type\":\"ListItem\",\"@id\":\"https:\\\/\\\/hidalgo.nl\\\/example\\\/#listItem\",\"position\":2,\"name\":\"example\",\"item\":\"https:\\\/\\\/hidalgo.nl\\\/example\\\/\",\"nextItem\":{\"@type\":\"ListItem\",\"@id\":\"https:\\\/\\\/hidalgo.nl\\\/en\\\/product-supplier\\\/a53\\\/#listItem\",\"name\":\"A53\"},\"previousItem\":{\"@type\":\"ListItem\",\"@id\":\"https:\\\/\\\/hidalgo.nl\\\/de\\\/#listItem\",\"name\":\"Home\"}},{\"@type\":\"ListItem\",\"@id\":\"https:\\\/\\\/hidalgo.nl\\\/en\\\/product-supplier\\\/a53\\\/#listItem\",\"position\":3,\"name\":\"A53\",\"item\":\"https:\\\/\\\/hidalgo.nl\\\/en\\\/product-supplier\\\/a53\\\/\",\"nextItem\":{\"@type\":\"ListItem\",\"@id\":\"https:\\\/\\\/hidalgo.nl\\\/de\\\/product\\\/801886\\\/nova-powerbank-225-w-power-delivery-mit-integrierten-kabeln-20000-mah\\\/#listItem\",\"name\":\"Nova Powerbank 22.5W Power Delivery met ingebouwde kabels 20000 mAh\"},\"previousItem\":{\"@type\":\"ListItem\",\"@id\":\"https:\\\/\\\/hidalgo.nl\\\/example\\\/#listItem\",\"name\":\"example\"}},{\"@type\":\"ListItem\",\"@id\":\"https:\\\/\\\/hidalgo.nl\\\/de\\\/product\\\/801886\\\/nova-powerbank-225-w-power-delivery-mit-integrierten-kabeln-20000-mah\\\/#listItem\",\"position\":4,\"name\":\"Nova Powerbank 22.5W Power Delivery met ingebouwde kabels 20000 mAh\",\"previousItem\":{\"@type\":\"ListItem\",\"@id\":\"https:\\\/\\\/hidalgo.nl\\\/en\\\/product-supplier\\\/a53\\\/#listItem\",\"name\":\"A53\"}}]},{\"@type\":\"ItemPage\",\"@id\":\"https:\\\/\\\/hidalgo.nl\\\/de\\\/product\\\/801886\\\/nova-powerbank-225-w-power-delivery-mit-integrierten-kabeln-20000-mah\\\/#itempage\",\"url\":\"https:\\\/\\\/hidalgo.nl\\\/de\\\/product\\\/801886\\\/nova-powerbank-225-w-power-delivery-mit-integrierten-kabeln-20000-mah\\\/\",\"name\":\"Nova Powerbank 22,5 W Power Delivery mit integrierten Kabeln 20000 mAh\",\"description\":\"Diese mobile Powerbank f\\u00fcr Firmen liefert dir dank 20000 mAh Kapazit\\u00e4t immer genug Energie f\\u00fcr unterwegs. Nutze die integrierten Kabel und die schnelle Ladeleistung von 22,5 W, um deinen Kunden ein hochwertiges, personalisiertes Werbegeschenk zu bieten. Jetzt Powerbank mit Logo bedrucken lassen.\",\"inLanguage\":\"de-DE\",\"isPartOf\":{\"@id\":\"https:\\\/\\\/hidalgo.nl\\\/de\\\/#website\"},\"breadcrumb\":{\"@id\":\"https:\\\/\\\/hidalgo.nl\\\/de\\\/product\\\/801886\\\/nova-powerbank-225-w-power-delivery-mit-integrierten-kabeln-20000-mah\\\/#breadcrumblist\"},\"image\":{\"@type\":\"ImageObject\",\"url\":\"https:\\\/\\\/shop.hidalgo.nl\\\/wp-content\\\/uploads\\\/2025\\\/12\\\/11472da06445524e6d06607f3231516879634e9ee977f1492ed2dc5b698e2907.jpg\",\"@id\":\"https:\\\/\\\/hidalgo.nl\\\/de\\\/product\\\/801886\\\/nova-powerbank-225-w-power-delivery-mit-integrierten-kabeln-20000-mah\\\/#mainImage\"},\"primaryImageOfPage\":{\"@id\":\"https:\\\/\\\/hidalgo.nl\\\/de\\\/product\\\/801886\\\/nova-powerbank-225-w-power-delivery-mit-integrierten-kabeln-20000-mah\\\/#mainImage\"},\"datePublished\":\"2026-01-06T15:22:41+00:00\",\"dateModified\":\"2026-02-26T07:49:25+00:00\"},{\"@type\":\"Organization\",\"@id\":\"https:\\\/\\\/hidalgo.nl\\\/de\\\/#organization\",\"name\":\"Hidalgo\",\"url\":\"https:\\\/\\\/hidalgo.nl\\\/de\\\/\",\"logo\":{\"@type\":\"ImageObject\",\"url\":\"https:\\\/\\\/shop.hidalgo.nl\\\/wp-content\\\/uploads\\\/2025\\\/11\\\/cropped-Hidalgo-est1993.png\",\"@id\":\"https:\\\/\\\/hidalgo.nl\\\/de\\\/product\\\/801886\\\/nova-powerbank-225-w-power-delivery-mit-integrierten-kabeln-20000-mah\\\/#organizationLogo\",\"width\":585,\"height\":195},\"image\":{\"@id\":\"https:\\\/\\\/hidalgo.nl\\\/de\\\/product\\\/801886\\\/nova-powerbank-225-w-power-delivery-mit-integrierten-kabeln-20000-mah\\\/#organizationLogo\"}},{\"@type\":\"WebPage\",\"@id\":\"https:\\\/\\\/hidalgo.nl\\\/de\\\/product\\\/801886\\\/nova-powerbank-225-w-power-delivery-mit-integrierten-kabeln-20000-mah\\\/#webpage\",\"url\":\"https:\\\/\\\/hidalgo.nl\\\/de\\\/product\\\/801886\\\/nova-powerbank-225-w-power-delivery-mit-integrierten-kabeln-20000-mah\\\/\",\"name\":\"Nova Powerbank 22,5 W Power Delivery mit integrierten Kabeln 20000 mAh\",\"description\":\"Diese mobile Powerbank f\\u00fcr Firmen liefert dir dank 20000 mAh Kapazit\\u00e4t immer genug Energie f\\u00fcr unterwegs. Nutze die integrierten Kabel und die schnelle Ladeleistung von 22,5 W, um deinen Kunden ein hochwertiges, personalisiertes Werbegeschenk zu bieten. Jetzt Powerbank mit Logo bedrucken lassen.\",\"inLanguage\":\"de-DE\",\"isPartOf\":{\"@id\":\"https:\\\/\\\/hidalgo.nl\\\/de\\\/#website\"},\"breadcrumb\":{\"@id\":\"https:\\\/\\\/hidalgo.nl\\\/de\\\/product\\\/801886\\\/nova-powerbank-225-w-power-delivery-mit-integrierten-kabeln-20000-mah\\\/#breadcrumblist\"},\"image\":{\"@type\":\"ImageObject\",\"url\":\"https:\\\/\\\/shop.hidalgo.nl\\\/wp-content\\\/uploads\\\/2025\\\/12\\\/11472da06445524e6d06607f3231516879634e9ee977f1492ed2dc5b698e2907.jpg\",\"@id\":\"https:\\\/\\\/hidalgo.nl\\\/de\\\/product\\\/801886\\\/nova-powerbank-225-w-power-delivery-mit-integrierten-kabeln-20000-mah\\\/#mainImage\"},\"primaryImageOfPage\":{\"@id\":\"https:\\\/\\\/hidalgo.nl\\\/de\\\/product\\\/801886\\\/nova-powerbank-225-w-power-delivery-mit-integrierten-kabeln-20000-mah\\\/#mainImage\"},\"datePublished\":\"2026-01-06T15:22:41+00:00\",\"dateModified\":\"2026-02-26T07:49:25+00:00\"},{\"@type\":\"WebSite\",\"@id\":\"https:\\\/\\\/hidalgo.nl\\\/de\\\/#website\",\"url\":\"https:\\\/\\\/hidalgo.nl\\\/de\\\/\",\"name\":\"Hidalgo\",\"inLanguage\":\"de-DE\",\"publisher\":{\"@id\":\"https:\\\/\\\/hidalgo.nl\\\/de\\\/#organization\"}}]}\n\t\t<\/script>\n\t\t<!-- All in One SEO Pro -->\r\n\t\t<title>Nova Powerbank 22,5 W Power Delivery mit integrierten Kabeln 20000 mAh<\/title>\n\n","aioseo_head_json":{"title":"Nova Powerbank 22,5 W Power Delivery mit integrierten Kabeln 20000 mAh","description":"Diese mobile Powerbank f\u00fcr Firmen liefert dir dank 20000 mAh Kapazit\u00e4t immer genug Energie f\u00fcr unterwegs. Nutze die integrierten Kabel und die schnelle Ladeleistung von 22,5 W, um deinen Kunden ein hochwertiges, personalisiertes Werbegeschenk zu bieten. Jetzt Powerbank mit Logo bedrucken lassen.","canonical_url":"https:\/\/hidalgo.nl\/de\/wp-json\/wp\/v2\/product\/801886","robots":"max-image-preview:large","keywords":"","webmasterTools":{"miscellaneous":""},"schema":{"@context":"https:\/\/schema.org","@graph":[{"@type":"BreadcrumbList","@id":"https:\/\/hidalgo.nl\/de\/product\/801886\/nova-powerbank-225-w-power-delivery-mit-integrierten-kabeln-20000-mah\/#breadcrumblist","itemListElement":[{"@type":"ListItem","@id":"https:\/\/hidalgo.nl\/de\/#listItem","position":1,"name":"Home","item":"https:\/\/hidalgo.nl\/de\/","nextItem":{"@type":"ListItem","@id":"https:\/\/hidalgo.nl\/example\/#listItem","name":"example"}},{"@type":"ListItem","@id":"https:\/\/hidalgo.nl\/example\/#listItem","position":2,"name":"example","item":"https:\/\/hidalgo.nl\/example\/","nextItem":{"@type":"ListItem","@id":"https:\/\/hidalgo.nl\/en\/product-supplier\/a53\/#listItem","name":"A53"},"previousItem":{"@type":"ListItem","@id":"https:\/\/hidalgo.nl\/de\/#listItem","name":"Home"}},{"@type":"ListItem","@id":"https:\/\/hidalgo.nl\/en\/product-supplier\/a53\/#listItem","position":3,"name":"A53","item":"https:\/\/hidalgo.nl\/en\/product-supplier\/a53\/","nextItem":{"@type":"ListItem","@id":"https:\/\/hidalgo.nl\/de\/product\/801886\/nova-powerbank-225-w-power-delivery-mit-integrierten-kabeln-20000-mah\/#listItem","name":"Nova Powerbank 22.5W Power Delivery met ingebouwde kabels 20000 mAh"},"previousItem":{"@type":"ListItem","@id":"https:\/\/hidalgo.nl\/example\/#listItem","name":"example"}},{"@type":"ListItem","@id":"https:\/\/hidalgo.nl\/de\/product\/801886\/nova-powerbank-225-w-power-delivery-mit-integrierten-kabeln-20000-mah\/#listItem","position":4,"name":"Nova Powerbank 22.5W Power Delivery met ingebouwde kabels 20000 mAh","previousItem":{"@type":"ListItem","@id":"https:\/\/hidalgo.nl\/en\/product-supplier\/a53\/#listItem","name":"A53"}}]},{"@type":"ItemPage","@id":"https:\/\/hidalgo.nl\/de\/product\/801886\/nova-powerbank-225-w-power-delivery-mit-integrierten-kabeln-20000-mah\/#itempage","url":"https:\/\/hidalgo.nl\/de\/product\/801886\/nova-powerbank-225-w-power-delivery-mit-integrierten-kabeln-20000-mah\/","name":"Nova Powerbank 22,5 W Power Delivery mit integrierten Kabeln 20000 mAh","description":"Diese mobile Powerbank f\u00fcr Firmen liefert dir dank 20000 mAh Kapazit\u00e4t immer genug Energie f\u00fcr unterwegs. Nutze die integrierten Kabel und die schnelle Ladeleistung von 22,5 W, um deinen Kunden ein hochwertiges, personalisiertes Werbegeschenk zu bieten. Jetzt Powerbank mit Logo bedrucken lassen.","inLanguage":"de-DE","isPartOf":{"@id":"https:\/\/hidalgo.nl\/de\/#website"},"breadcrumb":{"@id":"https:\/\/hidalgo.nl\/de\/product\/801886\/nova-powerbank-225-w-power-delivery-mit-integrierten-kabeln-20000-mah\/#breadcrumblist"},"image":{"@type":"ImageObject","url":"https:\/\/shop.hidalgo.nl\/wp-content\/uploads\/2025\/12\/11472da06445524e6d06607f3231516879634e9ee977f1492ed2dc5b698e2907.jpg","@id":"https:\/\/hidalgo.nl\/de\/product\/801886\/nova-powerbank-225-w-power-delivery-mit-integrierten-kabeln-20000-mah\/#mainImage"},"primaryImageOfPage":{"@id":"https:\/\/hidalgo.nl\/de\/product\/801886\/nova-powerbank-225-w-power-delivery-mit-integrierten-kabeln-20000-mah\/#mainImage"},"datePublished":"2026-01-06T15:22:41+00:00","dateModified":"2026-02-26T07:49:25+00:00"},{"@type":"Organization","@id":"https:\/\/hidalgo.nl\/de\/#organization","name":"Hidalgo","url":"https:\/\/hidalgo.nl\/de\/","logo":{"@type":"ImageObject","url":"https:\/\/shop.hidalgo.nl\/wp-content\/uploads\/2025\/11\/cropped-Hidalgo-est1993.png","@id":"https:\/\/hidalgo.nl\/de\/product\/801886\/nova-powerbank-225-w-power-delivery-mit-integrierten-kabeln-20000-mah\/#organizationLogo","width":585,"height":195},"image":{"@id":"https:\/\/hidalgo.nl\/de\/product\/801886\/nova-powerbank-225-w-power-delivery-mit-integrierten-kabeln-20000-mah\/#organizationLogo"}},{"@type":"WebPage","@id":"https:\/\/hidalgo.nl\/de\/product\/801886\/nova-powerbank-225-w-power-delivery-mit-integrierten-kabeln-20000-mah\/#webpage","url":"https:\/\/hidalgo.nl\/de\/product\/801886\/nova-powerbank-225-w-power-delivery-mit-integrierten-kabeln-20000-mah\/","name":"Nova Powerbank 22,5 W Power Delivery mit integrierten Kabeln 20000 mAh","description":"Diese mobile Powerbank f\u00fcr Firmen liefert dir dank 20000 mAh Kapazit\u00e4t immer genug Energie f\u00fcr unterwegs. Nutze die integrierten Kabel und die schnelle Ladeleistung von 22,5 W, um deinen Kunden ein hochwertiges, personalisiertes Werbegeschenk zu bieten. Jetzt Powerbank mit Logo bedrucken lassen.","inLanguage":"de-DE","isPartOf":{"@id":"https:\/\/hidalgo.nl\/de\/#website"},"breadcrumb":{"@id":"https:\/\/hidalgo.nl\/de\/product\/801886\/nova-powerbank-225-w-power-delivery-mit-integrierten-kabeln-20000-mah\/#breadcrumblist"},"image":{"@type":"ImageObject","url":"https:\/\/shop.hidalgo.nl\/wp-content\/uploads\/2025\/12\/11472da06445524e6d06607f3231516879634e9ee977f1492ed2dc5b698e2907.jpg","@id":"https:\/\/hidalgo.nl\/de\/product\/801886\/nova-powerbank-225-w-power-delivery-mit-integrierten-kabeln-20000-mah\/#mainImage"},"primaryImageOfPage":{"@id":"https:\/\/hidalgo.nl\/de\/product\/801886\/nova-powerbank-225-w-power-delivery-mit-integrierten-kabeln-20000-mah\/#mainImage"},"datePublished":"2026-01-06T15:22:41+00:00","dateModified":"2026-02-26T07:49:25+00:00"},{"@type":"WebSite","@id":"https:\/\/hidalgo.nl\/de\/#website","url":"https:\/\/hidalgo.nl\/de\/","name":"Hidalgo","inLanguage":"de-DE","publisher":{"@id":"https:\/\/hidalgo.nl\/de\/#organization"}}]},"og:locale":"de_DE","og:site_name":"Hidalgo -","og:type":"article","og:title":"Nova Powerbank 22,5 W Power Delivery mit integrierten Kabeln 20000 mAh","og:description":"Diese mobile Powerbank f\u00fcr Firmen liefert dir dank 20000 mAh Kapazit\u00e4t immer genug Energie f\u00fcr unterwegs. Nutze die integrierten Kabel und die schnelle Ladeleistung von 22,5 W, um deinen Kunden ein hochwertiges, personalisiertes Werbegeschenk zu bieten. Jetzt Powerbank mit Logo bedrucken lassen.","og:url":"https:\/\/hidalgo.nl\/de\/wp-json\/wp\/v2\/product\/801886","og:image":"https:\/\/shop.hidalgo.nl\/wp-content\/uploads\/2025\/11\/cropped-Hidalgo-est1993.png","og:image:secure_url":"https:\/\/shop.hidalgo.nl\/wp-content\/uploads\/2025\/11\/cropped-Hidalgo-est1993.png","article:published_time":"2026-01-06T15:22:41+00:00","article:modified_time":"2026-02-26T07:49:25+00:00","twitter:card":"summary_large_image","twitter:title":"Nova Powerbank 22,5 W Power Delivery mit integrierten Kabeln 20000 mAh","twitter:description":"Diese mobile Powerbank f\u00fcr Firmen liefert dir dank 20000 mAh Kapazit\u00e4t immer genug Energie f\u00fcr unterwegs. Nutze die integrierten Kabel und die schnelle Ladeleistung von 22,5 W, um deinen Kunden ein hochwertiges, personalisiertes Werbegeschenk zu bieten. Jetzt Powerbank mit Logo bedrucken lassen.","twitter:image":"https:\/\/shop.hidalgo.nl\/wp-content\/uploads\/2025\/11\/cropped-Hidalgo-est1993.png"},"aioseo_meta_data":{"post_id":"801886","title":null,"description":null,"keywords":null,"keyphrases":null,"primary_term":null,"canonical_url":null,"og_title":null,"og_description":null,"og_object_type":"default","og_image_type":"default","og_image_url":null,"og_image_width":null,"og_image_height":null,"og_image_custom_url":null,"og_image_custom_fields":null,"og_video":null,"og_custom_url":null,"og_article_section":null,"og_article_tags":null,"twitter_use_og":false,"twitter_card":"default","twitter_image_type":"default","twitter_image_url":null,"twitter_image_custom_url":null,"twitter_image_custom_fields":null,"twitter_title":null,"twitter_description":null,"schema":{"blockGraphs":[],"customGraphs":[],"default":{"data":{"Article":[],"Course":[],"Dataset":[],"FAQPage":[],"Movie":[],"Person":[],"Product":[],"ProductReview":[],"Car":[],"Recipe":[],"Service":[],"SoftwareApplication":[],"WebPage":[]},"graphName":"","isEnabled":true},"graphs":[]},"schema_type":"default","schema_type_options":null,"pillar_content":false,"robots_default":true,"robots_noindex":false,"robots_noarchive":false,"robots_nosnippet":false,"robots_nofollow":false,"robots_noimageindex":false,"robots_noodp":false,"robots_notranslate":false,"robots_max_snippet":null,"robots_max_videopreview":null,"robots_max_imagepreview":"large","priority":null,"frequency":null,"local_seo":null,"seo_analyzer_scan_date":"2026-02-09 07:19:56","breadcrumb_settings":null,"limit_modified_date":false,"reviewed_by":null,"open_ai":null,"ai":null,"created":"2026-01-14 07:03:00","updated":"2026-02-26 12:54:16"},"aioseo_breadcrumb":"<div class=\"aioseo-breadcrumbs\"><span class=\"aioseo-breadcrumb\">\n\t<a href=\"https:\/\/hidalgo.nl\/de\/\" title=\"Home\">Home<\/a>\n<\/span><span class=\"aioseo-breadcrumb-separator\">\u00bb<\/span><span class=\"aioseo-breadcrumb\">\n\t<a href=\"https:\/\/hidalgo.nl\/example\/\" title=\"example\">example<\/a>\n<\/span><span class=\"aioseo-breadcrumb-separator\">\u00bb<\/span><span class=\"aioseo-breadcrumb\">\n\t<a href=\"https:\/\/hidalgo.nl\/en\/product-supplier\/a53\/\" title=\"A53\">A53<\/a>\n<\/span><span class=\"aioseo-breadcrumb-separator\">\u00bb<\/span><span class=\"aioseo-breadcrumb\">\n\tNova Powerbank 22.5W Power Delivery met ingebouwde kabels 20000 mAh\n<\/span><\/div>","aioseo_breadcrumb_json":[{"label":"Home","link":"https:\/\/hidalgo.nl\/de\/"},{"label":"example","link":"https:\/\/hidalgo.nl\/example\/"},{"label":"A53","link":"https:\/\/hidalgo.nl\/en\/product-supplier\/a53\/"},{"label":"Nova Powerbank 22.5W Power Delivery met ingebouwde kabels 20000 mAh","link":"https:\/\/hidalgo.nl\/de\/product\/801886\/nova-powerbank-225-w-power-delivery-mit-integrierten-kabeln-20000-mah\/"}],"_links":{"self":[{"href":"https:\/\/hidalgo.nl\/de\/wp-json\/wp\/v2\/product\/801886","targetHints":{"allow":["GET"]}}],"collection":[{"href":"https:\/\/hidalgo.nl\/de\/wp-json\/wp\/v2\/product"}],"about":[{"href":"https:\/\/hidalgo.nl\/de\/wp-json\/wp\/v2\/types\/product"}],"wp:featuredmedia":[{"embeddable":true,"href":"https:\/\/hidalgo.nl\/de\/wp-json\/wp\/v2\/media\/801955"}],"wp:attachment":[{"href":"https:\/\/hidalgo.nl\/de\/wp-json\/wp\/v2\/media?parent=801886"}],"wp:term":[{"taxonomy":"product_brand","embeddable":true,"href":"https:\/\/hidalgo.nl\/de\/wp-json\/wp\/v2\/product_brand?post=801886"},{"taxonomy":"product_cat","embeddable":true,"href":"https:\/\/hidalgo.nl\/de\/wp-json\/wp\/v2\/product_cat?post=801886"},{"taxonomy":"product_tag","embeddable":true,"href":"https:\/\/hidalgo.nl\/de\/wp-json\/wp\/v2\/product_tag?post=801886"}],"curies":[{"name":"wp","href":"https:\/\/api.w.org\/{rel}","templated":true}]}}