{"id":801554,"date":"2026-01-06T09:50:16","date_gmt":"2026-01-06T09:50:16","guid":{"rendered":"https:\/\/hidalgo.nl\/product\/voyager-weekend-bag-reistas\/"},"modified":"2026-03-19T14:22:23","modified_gmt":"2026-03-19T14:22:23","slug":"voyager-weekend-bag-reistas","status":"publish","type":"product","link":"https:\/\/hidalgo.nl\/de\/product\/voyager-weekend-bag-reistas\/","title":{"rendered":"Voyager Weekend Bag reistas"},"content":{"rendered":"<p>Praktische PVC\/PU weekendtas in een stoer en aantrekkelijk design. Het ruime hoofdvak en de ritsvakken bieden veel ruimte voor het opbergen van je bagage. Daarnaast is de tas keurig afgewerkt met een binnenvoering en voorzien van 2 stevige handgrepen, een inlegbodem, beschermnoppen en een afneembare, verstelbare schouderband. Deze weekendtas heeft een aantrekkelijke mat zwarte look en is vervaardigd van hoogwaardige materialen die een lange levensduur garanderen. Inhoud ca. 21,5 liter.<\/p>\n","protected":false},"excerpt":{"rendered":"<p>Praktische PVC\/PU weekendtas in een stoer en aantrekkelijk design. Het ruime hoofdvak en de ritsvakken bieden veel ruimte voor het opbergen van je bagage. Daarnaast is de tas keurig afgewerkt met een binnenvoering en voorzien van 2 stevige handgrepen, een inlegbodem, beschermnoppen en een afneembare, verstelbare schouderband. Deze weekendtas heeft een aantrekkelijke mat zwarte look&hellip; <a class=\"more-link\" href=\"https:\/\/hidalgo.nl\/de\/product\/voyager-weekend-bag-reistas\/\"><span class=\"screen-reader-text\">Voyager Weekend Bag reistas<\/span> weiterlesen<\/a><\/p>\n","protected":false},"featured_media":801555,"template":"","meta":{"_acf_changed":false,"om_disable_all_campaigns":false,"_monsterinsights_skip_tracking":false,"_monsterinsights_sitenote_active":false,"_monsterinsights_sitenote_note":"","_monsterinsights_sitenote_category":0},"product_brand":[],"product_cat":[5030,4714],"product_tag":[],"class_list":{"0":"post-801554","1":"product","2":"type-product","3":"status-publish","4":"has-post-thumbnail","6":"product_supplier-a24","7":"product_material-imitatieleer","8":"product_cat-sport-tassen-retro-tassen","9":"product_cat-sport-tassen","10":"entry","12":"first","13":"instock","14":"taxable","15":"shipping-taxable","16":"purchasable","17":"product-type-variable"},"acf":{"imprint_cost":[{"imprint_cost_key":"2f5419ca59ad1288a555a78a2ef3273273410dcb","product_quantity_price_range":[{"imprint_cost_recommended_selling_price":"2.34","imprint_cost_recommended_selling_quantity":"1"},{"imprint_cost_recommended_selling_price":"2.07","imprint_cost_recommended_selling_quantity":"25"},{"imprint_cost_recommended_selling_price":"1.44","imprint_cost_recommended_selling_quantity":"50"},{"imprint_cost_recommended_selling_price":"0.96","imprint_cost_recommended_selling_quantity":"100"},{"imprint_cost_recommended_selling_price":"0.75","imprint_cost_recommended_selling_quantity":"250"},{"imprint_cost_recommended_selling_price":"0.63","imprint_cost_recommended_selling_quantity":"500"},{"imprint_cost_recommended_selling_price":"0.57","imprint_cost_recommended_selling_quantity":"1000"},{"imprint_cost_recommended_selling_price":"0.465","imprint_cost_recommended_selling_quantity":"2500"},{"imprint_cost_recommended_selling_price":"0.435","imprint_cost_recommended_selling_quantity":"5000"}],"product_quantity_price_range_buying":[{"imprint_cost_general_buying_price":"1.56","imprint_cost_general_buying_quantity":"1"},{"imprint_cost_general_buying_price":"1.38","imprint_cost_general_buying_quantity":"25"},{"imprint_cost_general_buying_price":"0.96","imprint_cost_general_buying_quantity":"50"},{"imprint_cost_general_buying_price":"0.64","imprint_cost_general_buying_quantity":"100"},{"imprint_cost_general_buying_price":"0.5","imprint_cost_general_buying_quantity":"250"},{"imprint_cost_general_buying_price":"0.42","imprint_cost_general_buying_quantity":"500"},{"imprint_cost_general_buying_price":"0.38","imprint_cost_general_buying_quantity":"1000"},{"imprint_cost_general_buying_price":"0.31","imprint_cost_general_buying_quantity":"2500"},{"imprint_cost_general_buying_price":"0.29","imprint_cost_general_buying_quantity":"5000"}],"imprint_cost_setup_costs":"45","imprint_cost_handling_costs":"0.12"},{"imprint_cost_key":"37f09693d21583e8a4c80e7b272c0be50b5fb80d","product_quantity_price_range":[{"imprint_cost_recommended_selling_price":"2.34","imprint_cost_recommended_selling_quantity":"1"},{"imprint_cost_recommended_selling_price":"2.07","imprint_cost_recommended_selling_quantity":"25"},{"imprint_cost_recommended_selling_price":"1.44","imprint_cost_recommended_selling_quantity":"50"},{"imprint_cost_recommended_selling_price":"0.96","imprint_cost_recommended_selling_quantity":"100"},{"imprint_cost_recommended_selling_price":"0.75","imprint_cost_recommended_selling_quantity":"250"},{"imprint_cost_recommended_selling_price":"0.63","imprint_cost_recommended_selling_quantity":"500"},{"imprint_cost_recommended_selling_price":"0.57","imprint_cost_recommended_selling_quantity":"1000"},{"imprint_cost_recommended_selling_price":"0.465","imprint_cost_recommended_selling_quantity":"2500"},{"imprint_cost_recommended_selling_price":"0.435","imprint_cost_recommended_selling_quantity":"5000"}],"product_quantity_price_range_buying":[{"imprint_cost_general_buying_price":"1.56","imprint_cost_general_buying_quantity":"1"},{"imprint_cost_general_buying_price":"1.38","imprint_cost_general_buying_quantity":"25"},{"imprint_cost_general_buying_price":"0.96","imprint_cost_general_buying_quantity":"50"},{"imprint_cost_general_buying_price":"0.64","imprint_cost_general_buying_quantity":"100"},{"imprint_cost_general_buying_price":"0.5","imprint_cost_general_buying_quantity":"250"},{"imprint_cost_general_buying_price":"0.42","imprint_cost_general_buying_quantity":"500"},{"imprint_cost_general_buying_price":"0.38","imprint_cost_general_buying_quantity":"1000"},{"imprint_cost_general_buying_price":"0.31","imprint_cost_general_buying_quantity":"2500"},{"imprint_cost_general_buying_price":"0.29","imprint_cost_general_buying_quantity":"5000"}],"imprint_cost_setup_costs":"45","imprint_cost_handling_costs":"0.12"},{"imprint_cost_key":"d737d8cc636453ef75a2e288a17e3d4f8f8f6778","product_quantity_price_range":[{"imprint_cost_recommended_selling_price":"1.95","imprint_cost_recommended_selling_quantity":"1"},{"imprint_cost_recommended_selling_price":"1.8","imprint_cost_recommended_selling_quantity":"25"},{"imprint_cost_recommended_selling_price":"1.65","imprint_cost_recommended_selling_quantity":"50"},{"imprint_cost_recommended_selling_price":"1.575","imprint_cost_recommended_selling_quantity":"100"},{"imprint_cost_recommended_selling_price":"1.5","imprint_cost_recommended_selling_quantity":"250"},{"imprint_cost_recommended_selling_price":"1.425","imprint_cost_recommended_selling_quantity":"500"},{"imprint_cost_recommended_selling_price":"1.35","imprint_cost_recommended_selling_quantity":"1000"},{"imprint_cost_recommended_selling_price":"1.305","imprint_cost_recommended_selling_quantity":"2500"},{"imprint_cost_recommended_selling_price":"1.275","imprint_cost_recommended_selling_quantity":"5000"}],"product_quantity_price_range_buying":[{"imprint_cost_general_buying_price":"1.3","imprint_cost_general_buying_quantity":"1"},{"imprint_cost_general_buying_price":"1.2","imprint_cost_general_buying_quantity":"25"},{"imprint_cost_general_buying_price":"1.1","imprint_cost_general_buying_quantity":"50"},{"imprint_cost_general_buying_price":"1.05","imprint_cost_general_buying_quantity":"100"},{"imprint_cost_general_buying_price":"1","imprint_cost_general_buying_quantity":"250"},{"imprint_cost_general_buying_price":"0.95","imprint_cost_general_buying_quantity":"500"},{"imprint_cost_general_buying_price":"0.9","imprint_cost_general_buying_quantity":"1000"},{"imprint_cost_general_buying_price":"0.87","imprint_cost_general_buying_quantity":"2500"},{"imprint_cost_general_buying_price":"0.85","imprint_cost_general_buying_quantity":"5000"}],"imprint_cost_setup_costs":"52.5","imprint_cost_handling_costs":"0"}]},"aioseo_notices":[],"aioseo_head":"\n\t\t<!-- All in One SEO Pro 4.9.6.2 - aioseo.com -->\n\t<meta name=\"description\" content=\"Mit der Voyager packst du als Wochenendtasche alles N\u00f6tige: 21,5 Liter, gro\u00dfes Hauptfach, Rei\u00dfverschlussf\u00e4cher, kurze Griffe und als Tasche mit Schultergurt bequem tragbar. Auf Wunsch bedruckt Hidalgo dein Logo f\u00fcr sichtbaren Auftritt auf Reisen &amp; im Alltag.\" \/>\n\t<meta name=\"robots\" content=\"max-image-preview:large\" \/>\n\t<link rel=\"canonical\" href=\"https:\/\/hidalgo.nl\/de\/wp-json\/wp\/v2\/product\/801554\" \/>\n\t<meta name=\"generator\" content=\"All in One SEO Pro (AIOSEO) 4.9.6.2\" \/>\n\t\t<meta property=\"og:locale\" content=\"de_DE\" \/>\n\t\t<meta property=\"og:site_name\" content=\"Hidalgo -\" \/>\n\t\t<meta property=\"og:type\" content=\"article\" \/>\n\t\t<meta property=\"og:title\" content=\"Voyager Weekend Bag reistas\" \/>\n\t\t<meta property=\"og:description\" content=\"Mit der Voyager packst du als Wochenendtasche alles N\u00f6tige: 21,5 Liter, gro\u00dfes Hauptfach, Rei\u00dfverschlussf\u00e4cher, kurze Griffe und als Tasche mit Schultergurt bequem tragbar. Auf Wunsch bedruckt Hidalgo dein Logo f\u00fcr sichtbaren Auftritt auf Reisen &amp; im Alltag.\" \/>\n\t\t<meta property=\"og:url\" content=\"https:\/\/hidalgo.nl\/de\/wp-json\/wp\/v2\/product\/801554\" \/>\n\t\t<meta property=\"og:image\" content=\"https:\/\/shop.hidalgo.nl\/wp-content\/uploads\/2025\/11\/cropped-Hidalgo-est1993.png\" \/>\n\t\t<meta property=\"og:image:secure_url\" content=\"https:\/\/shop.hidalgo.nl\/wp-content\/uploads\/2025\/11\/cropped-Hidalgo-est1993.png\" \/>\n\t\t<meta property=\"article:published_time\" content=\"2026-01-06T09:50:16+00:00\" \/>\n\t\t<meta property=\"article:modified_time\" content=\"2026-03-19T14:22:23+00:00\" \/>\n\t\t<meta name=\"twitter:card\" content=\"summary_large_image\" \/>\n\t\t<meta name=\"twitter:title\" content=\"Voyager Weekend Bag reistas\" \/>\n\t\t<meta name=\"twitter:description\" content=\"Mit der Voyager packst du als Wochenendtasche alles N\u00f6tige: 21,5 Liter, gro\u00dfes Hauptfach, Rei\u00dfverschlussf\u00e4cher, kurze Griffe und als Tasche mit Schultergurt bequem tragbar. Auf Wunsch bedruckt Hidalgo dein Logo f\u00fcr sichtbaren Auftritt auf Reisen &amp; im Alltag.\" \/>\n\t\t<meta name=\"twitter:image\" content=\"https:\/\/shop.hidalgo.nl\/wp-content\/uploads\/2025\/11\/cropped-Hidalgo-est1993.png\" \/>\n\t\t<script type=\"application\/ld+json\" class=\"aioseo-schema\">\n\t\t\t{\"@context\":\"https:\\\/\\\/schema.org\",\"@graph\":[{\"@type\":\"BreadcrumbList\",\"@id\":\"https:\\\/\\\/hidalgo.nl\\\/de\\\/product\\\/voyager-weekend-bag-reistas\\\/#breadcrumblist\",\"itemListElement\":[{\"@type\":\"ListItem\",\"@id\":\"https:\\\/\\\/hidalgo.nl\\\/de\\\/#listItem\",\"position\":1,\"name\":\"Home\",\"item\":\"https:\\\/\\\/hidalgo.nl\\\/de\\\/\",\"nextItem\":{\"@type\":\"ListItem\",\"@id\":\"https:\\\/\\\/hidalgo.nl\\\/example\\\/#listItem\",\"name\":\"example\"}},{\"@type\":\"ListItem\",\"@id\":\"https:\\\/\\\/hidalgo.nl\\\/example\\\/#listItem\",\"position\":2,\"name\":\"example\",\"item\":\"https:\\\/\\\/hidalgo.nl\\\/example\\\/\",\"nextItem\":{\"@type\":\"ListItem\",\"@id\":\"https:\\\/\\\/hidalgo.nl\\\/en\\\/product-supplier\\\/a24\\\/#listItem\",\"name\":\"A24\"},\"previousItem\":{\"@type\":\"ListItem\",\"@id\":\"https:\\\/\\\/hidalgo.nl\\\/de\\\/#listItem\",\"name\":\"Home\"}},{\"@type\":\"ListItem\",\"@id\":\"https:\\\/\\\/hidalgo.nl\\\/en\\\/product-supplier\\\/a24\\\/#listItem\",\"position\":3,\"name\":\"A24\",\"item\":\"https:\\\/\\\/hidalgo.nl\\\/en\\\/product-supplier\\\/a24\\\/\",\"nextItem\":{\"@type\":\"ListItem\",\"@id\":\"https:\\\/\\\/hidalgo.nl\\\/de\\\/product\\\/voyager-weekend-bag-reistas\\\/#listItem\",\"name\":\"Voyager Weekend Bag reistas\"},\"previousItem\":{\"@type\":\"ListItem\",\"@id\":\"https:\\\/\\\/hidalgo.nl\\\/example\\\/#listItem\",\"name\":\"example\"}},{\"@type\":\"ListItem\",\"@id\":\"https:\\\/\\\/hidalgo.nl\\\/de\\\/product\\\/voyager-weekend-bag-reistas\\\/#listItem\",\"position\":4,\"name\":\"Voyager Weekend Bag reistas\",\"previousItem\":{\"@type\":\"ListItem\",\"@id\":\"https:\\\/\\\/hidalgo.nl\\\/en\\\/product-supplier\\\/a24\\\/#listItem\",\"name\":\"A24\"}}]},{\"@type\":\"Organization\",\"@id\":\"https:\\\/\\\/hidalgo.nl\\\/de\\\/#organization\",\"name\":\"Hidalgo\",\"url\":\"https:\\\/\\\/hidalgo.nl\\\/de\\\/\",\"logo\":{\"@type\":\"ImageObject\",\"url\":\"https:\\\/\\\/shop.hidalgo.nl\\\/wp-content\\\/uploads\\\/2025\\\/11\\\/cropped-Hidalgo-est1993.png\",\"@id\":\"https:\\\/\\\/hidalgo.nl\\\/de\\\/product\\\/voyager-weekend-bag-reistas\\\/#organizationLogo\",\"width\":585,\"height\":195},\"image\":{\"@id\":\"https:\\\/\\\/hidalgo.nl\\\/de\\\/product\\\/voyager-weekend-bag-reistas\\\/#organizationLogo\"}},{\"@type\":\"ProductGroup\",\"@id\":\"https:\\\/\\\/hidalgo.nl\\\/de\\\/product\\\/voyager-weekend-bag-reistas\\\/#wooCommerceProduct\",\"name\":\"Voyager Weekend Bag reistas\",\"url\":\"https:\\\/\\\/hidalgo.nl\\\/de\\\/product\\\/voyager-weekend-bag-reistas\\\/\",\"sku\":\"A24-7266\",\"image\":{\"@type\":\"ImageObject\",\"url\":\"https:\\\/\\\/shop.hidalgo.nl\\\/wp-content\\\/uploads\\\/2025\\\/04\\\/93c713535cf34e69550c1ba284c8f3ab830556b2da7947ec79d481990bc7b84e.jpg\",\"@id\":\"https:\\\/\\\/hidalgo.nl\\\/de\\\/product\\\/voyager-weekend-bag-reistas\\\/#productImage\"},\"productGroupID\":801554,\"hasVariant\":[{\"@type\":\"Product\",\"@id\":\"https:\\\/\\\/hidalgo.nl\\\/de\\\/product\\\/voyager-weekend-bag-reistas\\\/#wooCommerceProduct\",\"name\":\"Voyager Weekend Bag reistas - zwart\",\"url\":\"https:\\\/\\\/hidalgo.nl\\\/de\\\/product\\\/voyager-weekend-bag-reistas\\\/\",\"sku\":\"A24-726698\",\"image\":{\"@type\":\"ImageObject\",\"url\":\"https:\\\/\\\/shop.hidalgo.nl\\\/wp-content\\\/uploads\\\/2025\\\/05\\\/93c713535cf34e69550c1ba284c8f3ab830556b2da7947ec79d481990bc7b84e.jpg\",\"@id\":\"https:\\\/\\\/hidalgo.nl\\\/de\\\/product\\\/voyager-weekend-bag-reistas\\\/#productImage\",\"width\":1000,\"height\":1000},\"offers\":{\"@type\":\"Offer\",\"url\":\"https:\\\/\\\/hidalgo.nl\\\/de\\\/product\\\/voyager-weekend-bag-reistas\\\/#wooCommerceOffer\",\"price\":\"21.45\",\"priceCurrency\":\"EUR\",\"category\":\"Sport Tassen\",\"availability\":\"https:\\\/\\\/schema.org\\\/InStock\",\"priceSpecification\":{\"@type\":\"PriceSpecification\",\"price\":21.45,\"priceCurrency\":\"EUR\",\"valueAddedTaxIncluded\":\"true\"}}}]},{\"@type\":\"WebPage\",\"@id\":\"https:\\\/\\\/hidalgo.nl\\\/de\\\/product\\\/voyager-weekend-bag-reistas\\\/#webpage\",\"url\":\"https:\\\/\\\/hidalgo.nl\\\/de\\\/product\\\/voyager-weekend-bag-reistas\\\/\",\"name\":\"Voyager Weekend Bag reistas\",\"description\":\"Mit der Voyager packst du als Wochenendtasche alles N\\u00f6tige: 21,5 Liter, gro\\u00dfes Hauptfach, Rei\\u00dfverschlussf\\u00e4cher, kurze Griffe und als Tasche mit Schultergurt bequem tragbar. Auf Wunsch bedruckt Hidalgo dein Logo f\\u00fcr sichtbaren Auftritt auf Reisen & im Alltag.\",\"inLanguage\":\"de-DE\",\"isPartOf\":{\"@id\":\"https:\\\/\\\/hidalgo.nl\\\/de\\\/#website\"},\"breadcrumb\":{\"@id\":\"https:\\\/\\\/hidalgo.nl\\\/de\\\/product\\\/voyager-weekend-bag-reistas\\\/#breadcrumblist\"},\"image\":{\"@type\":\"ImageObject\",\"url\":\"https:\\\/\\\/shop.hidalgo.nl\\\/wp-content\\\/uploads\\\/2025\\\/04\\\/93c713535cf34e69550c1ba284c8f3ab830556b2da7947ec79d481990bc7b84e.jpg\",\"@id\":\"https:\\\/\\\/hidalgo.nl\\\/de\\\/product\\\/voyager-weekend-bag-reistas\\\/#mainImage\"},\"primaryImageOfPage\":{\"@id\":\"https:\\\/\\\/hidalgo.nl\\\/de\\\/product\\\/voyager-weekend-bag-reistas\\\/#mainImage\"},\"datePublished\":\"2026-01-06T09:50:16+00:00\",\"dateModified\":\"2026-03-19T14:22:23+00:00\"},{\"@type\":\"WebSite\",\"@id\":\"https:\\\/\\\/hidalgo.nl\\\/de\\\/#website\",\"url\":\"https:\\\/\\\/hidalgo.nl\\\/de\\\/\",\"name\":\"Hidalgo\",\"inLanguage\":\"de-DE\",\"publisher\":{\"@id\":\"https:\\\/\\\/hidalgo.nl\\\/de\\\/#organization\"}}]}\n\t\t<\/script>\n\t\t<!-- All in One SEO Pro -->\r\n\t\t<title>Voyager Weekend Bag reistas<\/title>\n\n","aioseo_head_json":{"title":"Voyager Weekend Bag reistas","description":"Mit der Voyager packst du als Wochenendtasche alles N\u00f6tige: 21,5 Liter, gro\u00dfes Hauptfach, Rei\u00dfverschlussf\u00e4cher, kurze Griffe und als Tasche mit Schultergurt bequem tragbar. Auf Wunsch bedruckt Hidalgo dein Logo f\u00fcr sichtbaren Auftritt auf Reisen & im Alltag.","canonical_url":"https:\/\/hidalgo.nl\/de\/wp-json\/wp\/v2\/product\/801554","robots":"max-image-preview:large","keywords":"","webmasterTools":{"miscellaneous":""},"schema":{"@context":"https:\/\/schema.org","@graph":[{"@type":"BreadcrumbList","@id":"https:\/\/hidalgo.nl\/de\/product\/voyager-weekend-bag-reistas\/#breadcrumblist","itemListElement":[{"@type":"ListItem","@id":"https:\/\/hidalgo.nl\/de\/#listItem","position":1,"name":"Home","item":"https:\/\/hidalgo.nl\/de\/","nextItem":{"@type":"ListItem","@id":"https:\/\/hidalgo.nl\/example\/#listItem","name":"example"}},{"@type":"ListItem","@id":"https:\/\/hidalgo.nl\/example\/#listItem","position":2,"name":"example","item":"https:\/\/hidalgo.nl\/example\/","nextItem":{"@type":"ListItem","@id":"https:\/\/hidalgo.nl\/en\/product-supplier\/a24\/#listItem","name":"A24"},"previousItem":{"@type":"ListItem","@id":"https:\/\/hidalgo.nl\/de\/#listItem","name":"Home"}},{"@type":"ListItem","@id":"https:\/\/hidalgo.nl\/en\/product-supplier\/a24\/#listItem","position":3,"name":"A24","item":"https:\/\/hidalgo.nl\/en\/product-supplier\/a24\/","nextItem":{"@type":"ListItem","@id":"https:\/\/hidalgo.nl\/de\/product\/voyager-weekend-bag-reistas\/#listItem","name":"Voyager Weekend Bag reistas"},"previousItem":{"@type":"ListItem","@id":"https:\/\/hidalgo.nl\/example\/#listItem","name":"example"}},{"@type":"ListItem","@id":"https:\/\/hidalgo.nl\/de\/product\/voyager-weekend-bag-reistas\/#listItem","position":4,"name":"Voyager Weekend Bag reistas","previousItem":{"@type":"ListItem","@id":"https:\/\/hidalgo.nl\/en\/product-supplier\/a24\/#listItem","name":"A24"}}]},{"@type":"Organization","@id":"https:\/\/hidalgo.nl\/de\/#organization","name":"Hidalgo","url":"https:\/\/hidalgo.nl\/de\/","logo":{"@type":"ImageObject","url":"https:\/\/shop.hidalgo.nl\/wp-content\/uploads\/2025\/11\/cropped-Hidalgo-est1993.png","@id":"https:\/\/hidalgo.nl\/de\/product\/voyager-weekend-bag-reistas\/#organizationLogo","width":585,"height":195},"image":{"@id":"https:\/\/hidalgo.nl\/de\/product\/voyager-weekend-bag-reistas\/#organizationLogo"}},{"@type":"ProductGroup","@id":"https:\/\/hidalgo.nl\/de\/product\/voyager-weekend-bag-reistas\/#wooCommerceProduct","name":"Voyager Weekend Bag reistas","url":"https:\/\/hidalgo.nl\/de\/product\/voyager-weekend-bag-reistas\/","sku":"A24-7266","image":{"@type":"ImageObject","url":"https:\/\/shop.hidalgo.nl\/wp-content\/uploads\/2025\/04\/93c713535cf34e69550c1ba284c8f3ab830556b2da7947ec79d481990bc7b84e.jpg","@id":"https:\/\/hidalgo.nl\/de\/product\/voyager-weekend-bag-reistas\/#productImage"},"productGroupID":801554,"hasVariant":[{"@type":"Product","@id":"https:\/\/hidalgo.nl\/de\/product\/voyager-weekend-bag-reistas\/#wooCommerceProduct","name":"Voyager Weekend Bag reistas - zwart","url":"https:\/\/hidalgo.nl\/de\/product\/voyager-weekend-bag-reistas\/","sku":"A24-726698","image":{"@type":"ImageObject","url":"https:\/\/shop.hidalgo.nl\/wp-content\/uploads\/2025\/05\/93c713535cf34e69550c1ba284c8f3ab830556b2da7947ec79d481990bc7b84e.jpg","@id":"https:\/\/hidalgo.nl\/de\/product\/voyager-weekend-bag-reistas\/#productImage","width":1000,"height":1000},"offers":{"@type":"Offer","url":"https:\/\/hidalgo.nl\/de\/product\/voyager-weekend-bag-reistas\/#wooCommerceOffer","price":"21.45","priceCurrency":"EUR","category":"Sport Tassen","availability":"https:\/\/schema.org\/InStock","priceSpecification":{"@type":"PriceSpecification","price":21.45,"priceCurrency":"EUR","valueAddedTaxIncluded":"true"}}}]},{"@type":"WebPage","@id":"https:\/\/hidalgo.nl\/de\/product\/voyager-weekend-bag-reistas\/#webpage","url":"https:\/\/hidalgo.nl\/de\/product\/voyager-weekend-bag-reistas\/","name":"Voyager Weekend Bag reistas","description":"Mit der Voyager packst du als Wochenendtasche alles N\u00f6tige: 21,5 Liter, gro\u00dfes Hauptfach, Rei\u00dfverschlussf\u00e4cher, kurze Griffe und als Tasche mit Schultergurt bequem tragbar. Auf Wunsch bedruckt Hidalgo dein Logo f\u00fcr sichtbaren Auftritt auf Reisen & im Alltag.","inLanguage":"de-DE","isPartOf":{"@id":"https:\/\/hidalgo.nl\/de\/#website"},"breadcrumb":{"@id":"https:\/\/hidalgo.nl\/de\/product\/voyager-weekend-bag-reistas\/#breadcrumblist"},"image":{"@type":"ImageObject","url":"https:\/\/shop.hidalgo.nl\/wp-content\/uploads\/2025\/04\/93c713535cf34e69550c1ba284c8f3ab830556b2da7947ec79d481990bc7b84e.jpg","@id":"https:\/\/hidalgo.nl\/de\/product\/voyager-weekend-bag-reistas\/#mainImage"},"primaryImageOfPage":{"@id":"https:\/\/hidalgo.nl\/de\/product\/voyager-weekend-bag-reistas\/#mainImage"},"datePublished":"2026-01-06T09:50:16+00:00","dateModified":"2026-03-19T14:22:23+00:00"},{"@type":"WebSite","@id":"https:\/\/hidalgo.nl\/de\/#website","url":"https:\/\/hidalgo.nl\/de\/","name":"Hidalgo","inLanguage":"de-DE","publisher":{"@id":"https:\/\/hidalgo.nl\/de\/#organization"}}]},"og:locale":"de_DE","og:site_name":"Hidalgo -","og:type":"article","og:title":"Voyager Weekend Bag reistas","og:description":"Mit der Voyager packst du als Wochenendtasche alles N\u00f6tige: 21,5 Liter, gro\u00dfes Hauptfach, Rei\u00dfverschlussf\u00e4cher, kurze Griffe und als Tasche mit Schultergurt bequem tragbar. Auf Wunsch bedruckt Hidalgo dein Logo f\u00fcr sichtbaren Auftritt auf Reisen &amp; im Alltag.","og:url":"https:\/\/hidalgo.nl\/de\/wp-json\/wp\/v2\/product\/801554","og:image":"https:\/\/shop.hidalgo.nl\/wp-content\/uploads\/2025\/11\/cropped-Hidalgo-est1993.png","og:image:secure_url":"https:\/\/shop.hidalgo.nl\/wp-content\/uploads\/2025\/11\/cropped-Hidalgo-est1993.png","article:published_time":"2026-01-06T09:50:16+00:00","article:modified_time":"2026-03-19T14:22:23+00:00","twitter:card":"summary_large_image","twitter:title":"Voyager Weekend Bag reistas","twitter:description":"Mit der Voyager packst du als Wochenendtasche alles N\u00f6tige: 21,5 Liter, gro\u00dfes Hauptfach, Rei\u00dfverschlussf\u00e4cher, kurze Griffe und als Tasche mit Schultergurt bequem tragbar. Auf Wunsch bedruckt Hidalgo dein Logo f\u00fcr sichtbaren Auftritt auf Reisen &amp; im Alltag.","twitter:image":"https:\/\/shop.hidalgo.nl\/wp-content\/uploads\/2025\/11\/cropped-Hidalgo-est1993.png"},"aioseo_meta_data":{"post_id":"801554","title":null,"description":null,"keywords":null,"keyphrases":null,"primary_term":null,"canonical_url":null,"og_title":null,"og_description":null,"og_object_type":"default","og_image_type":"default","og_image_url":null,"og_image_width":null,"og_image_height":null,"og_image_custom_url":null,"og_image_custom_fields":null,"og_video":null,"og_custom_url":null,"og_article_section":null,"og_article_tags":null,"twitter_use_og":false,"twitter_card":"default","twitter_image_type":"default","twitter_image_url":null,"twitter_image_custom_url":null,"twitter_image_custom_fields":null,"twitter_title":null,"twitter_description":null,"schema":{"blockGraphs":[],"customGraphs":[],"default":{"data":{"Article":[],"Course":[],"Dataset":[],"FAQPage":[],"Movie":[],"Person":[],"Product":[],"ProductReview":[],"Car":[],"Recipe":[],"Service":[],"SoftwareApplication":[],"WebPage":[]},"graphName":"","isEnabled":true},"graphs":[]},"schema_type":"default","schema_type_options":null,"pillar_content":false,"robots_default":true,"robots_noindex":false,"robots_noarchive":false,"robots_nosnippet":false,"robots_nofollow":false,"robots_noimageindex":false,"robots_noodp":false,"robots_notranslate":false,"robots_max_snippet":null,"robots_max_videopreview":null,"robots_max_imagepreview":"large","priority":null,"frequency":null,"local_seo":null,"seo_analyzer_scan_date":"2026-02-09 06:49:35","breadcrumb_settings":null,"limit_modified_date":false,"reviewed_by":null,"open_ai":null,"ai":null,"created":"2026-01-14 07:03:00","updated":"2026-04-23 11:26:04"},"aioseo_breadcrumb":"<div class=\"aioseo-breadcrumbs\"><span class=\"aioseo-breadcrumb\">\n\t<a href=\"https:\/\/hidalgo.nl\/de\/\" title=\"Home\">Home<\/a>\n<\/span><span class=\"aioseo-breadcrumb-separator\">\u00bb<\/span><span class=\"aioseo-breadcrumb\">\n\t<a href=\"https:\/\/hidalgo.nl\/example\/\" title=\"example\">example<\/a>\n<\/span><span class=\"aioseo-breadcrumb-separator\">\u00bb<\/span><span class=\"aioseo-breadcrumb\">\n\t<a href=\"https:\/\/hidalgo.nl\/en\/product-supplier\/a24\/\" title=\"A24\">A24<\/a>\n<\/span><span class=\"aioseo-breadcrumb-separator\">\u00bb<\/span><span class=\"aioseo-breadcrumb\">\n\tVoyager Weekend Bag reistas\n<\/span><\/div>","aioseo_breadcrumb_json":[{"label":"Home","link":"https:\/\/hidalgo.nl\/de\/"},{"label":"example","link":"https:\/\/hidalgo.nl\/example\/"},{"label":"A24","link":"https:\/\/hidalgo.nl\/en\/product-supplier\/a24\/"},{"label":"Voyager Weekend Bag reistas","link":"https:\/\/hidalgo.nl\/de\/product\/voyager-weekend-bag-reistas\/"}],"_links":{"self":[{"href":"https:\/\/hidalgo.nl\/de\/wp-json\/wp\/v2\/product\/801554","targetHints":{"allow":["GET"]}}],"collection":[{"href":"https:\/\/hidalgo.nl\/de\/wp-json\/wp\/v2\/product"}],"about":[{"href":"https:\/\/hidalgo.nl\/de\/wp-json\/wp\/v2\/types\/product"}],"wp:featuredmedia":[{"embeddable":true,"href":"https:\/\/hidalgo.nl\/de\/wp-json\/wp\/v2\/media\/801555"}],"wp:attachment":[{"href":"https:\/\/hidalgo.nl\/de\/wp-json\/wp\/v2\/media?parent=801554"}],"wp:term":[{"taxonomy":"product_brand","embeddable":true,"href":"https:\/\/hidalgo.nl\/de\/wp-json\/wp\/v2\/product_brand?post=801554"},{"taxonomy":"product_cat","embeddable":true,"href":"https:\/\/hidalgo.nl\/de\/wp-json\/wp\/v2\/product_cat?post=801554"},{"taxonomy":"product_tag","embeddable":true,"href":"https:\/\/hidalgo.nl\/de\/wp-json\/wp\/v2\/product_tag?post=801554"}],"curies":[{"name":"wp","href":"https:\/\/api.w.org\/{rel}","templated":true}]}}