{"id":7994,"date":"2025-07-03T09:43:51","date_gmt":"2025-07-03T09:43:51","guid":{"rendered":"http:\/\/bidonsenshakers.pim.hidalgo.nl\/product\/500d-two-tone-schoudertas-tom\/"},"modified":"2026-03-16T13:01:21","modified_gmt":"2026-03-16T13:01:21","slug":"500d-two-tone-schoudertas-tom","status":"publish","type":"product","link":"https:\/\/hidalgo.nl\/de\/product\/7994\/schultertasche-tom-500d-two-tone-bedrucken-verstellbar-grau\/","title":{"rendered":"500D Two Tone schoudertas Tom"},"content":{"rendered":"<p>500D Two Tone schoudertas. Verstelbare schouderband met kleuraccenten. Klein voorvak met ritssluiting. Groot hoofdvak met een kleine binnenzak met ritssluiting aan de achterkant.<\/p>\n","protected":false},"excerpt":{"rendered":"<p>500D Two Tone schoudertas. Verstelbare schouderband met kleuraccenten. Klein voorvak met ritssluiting. Groot hoofdvak met een kleine binnenzak met ritssluiting aan de achterkant.<\/p>\n","protected":false},"featured_media":7995,"template":"","meta":{"_acf_changed":false,"om_disable_all_campaigns":false,"_monsterinsights_skip_tracking":false,"_monsterinsights_sitenote_active":false,"_monsterinsights_sitenote_note":"","_monsterinsights_sitenote_category":0},"product_brand":[49],"product_cat":[4726,4727,4713],"product_tag":[],"class_list":{"0":"post-7994","1":"product","2":"type-product","3":"status-publish","4":"has-post-thumbnail","6":"product_supplier-a58","7":"product_material-kunststof","8":"product_material-metaal","9":"product_material-nylon-210d","10":"product_material-pe","11":"product_material-polyester-600d","12":"product_material-pp","13":"product_material-pu","14":"product_material-schuim","15":"product_material-two-tone","16":"product_material-zijde","17":"product_brand-impression","18":"product_cat-draagtassen","19":"product_cat-schouder-tassen","20":"product_cat-tassen","21":"entry","23":"first","24":"instock","25":"taxable","26":"shipping-taxable","27":"purchasable","28":"product-type-variable"},"acf":{"imprint_cost":[{"imprint_cost_key":"9f788d48328fda3c7a022451121b953e93d2b329","product_quantity_price_range":[{"imprint_cost_recommended_selling_price":"1.54","imprint_cost_recommended_selling_quantity":"1"},{"imprint_cost_recommended_selling_price":"1.31","imprint_cost_recommended_selling_quantity":"25"},{"imprint_cost_recommended_selling_price":"1.11","imprint_cost_recommended_selling_quantity":"50"},{"imprint_cost_recommended_selling_price":"0.88","imprint_cost_recommended_selling_quantity":"100"},{"imprint_cost_recommended_selling_price":"0.66","imprint_cost_recommended_selling_quantity":"250"},{"imprint_cost_recommended_selling_price":"0.58","imprint_cost_recommended_selling_quantity":"500"},{"imprint_cost_recommended_selling_price":"0.57","imprint_cost_recommended_selling_quantity":"1000"},{"imprint_cost_recommended_selling_price":"0.55","imprint_cost_recommended_selling_quantity":"2500"},{"imprint_cost_recommended_selling_price":"0.52","imprint_cost_recommended_selling_quantity":"5000"}],"product_quantity_price_range_buying":false,"imprint_cost_setup_costs":"60.77","imprint_cost_handling_costs":"0.2"},{"imprint_cost_key":"63a85df37e7bbf38a7881d6e13675a89d96d2238","product_quantity_price_range":[{"imprint_cost_recommended_selling_price":"3.02","imprint_cost_recommended_selling_quantity":"1"},{"imprint_cost_recommended_selling_price":"2.42","imprint_cost_recommended_selling_quantity":"25"},{"imprint_cost_recommended_selling_price":"1.42","imprint_cost_recommended_selling_quantity":"50"},{"imprint_cost_recommended_selling_price":"0.95","imprint_cost_recommended_selling_quantity":"100"},{"imprint_cost_recommended_selling_price":"0.8","imprint_cost_recommended_selling_quantity":"250"},{"imprint_cost_recommended_selling_price":"0.52","imprint_cost_recommended_selling_quantity":"500"},{"imprint_cost_recommended_selling_price":"0.43","imprint_cost_recommended_selling_quantity":"1000"},{"imprint_cost_recommended_selling_price":"0.4","imprint_cost_recommended_selling_quantity":"2500"},{"imprint_cost_recommended_selling_price":"0.38","imprint_cost_recommended_selling_quantity":"10000"}],"product_quantity_price_range_buying":false,"imprint_cost_setup_costs":"60.77","imprint_cost_handling_costs":"0.2"},{"imprint_cost_key":"36acc5d26c21e3dffd84694c193f86b300c7b5ee","product_quantity_price_range":[{"imprint_cost_recommended_selling_price":"4.33","imprint_cost_recommended_selling_quantity":"1"},{"imprint_cost_recommended_selling_price":"3.4","imprint_cost_recommended_selling_quantity":"25"},{"imprint_cost_recommended_selling_price":"2","imprint_cost_recommended_selling_quantity":"50"},{"imprint_cost_recommended_selling_price":"1.38","imprint_cost_recommended_selling_quantity":"100"},{"imprint_cost_recommended_selling_price":"1.2","imprint_cost_recommended_selling_quantity":"250"},{"imprint_cost_recommended_selling_price":"0.87","imprint_cost_recommended_selling_quantity":"500"},{"imprint_cost_recommended_selling_price":"0.75","imprint_cost_recommended_selling_quantity":"1000"},{"imprint_cost_recommended_selling_price":"0.72","imprint_cost_recommended_selling_quantity":"2500"},{"imprint_cost_recommended_selling_price":"0.71","imprint_cost_recommended_selling_quantity":"5000"},{"imprint_cost_recommended_selling_price":"0.69","imprint_cost_recommended_selling_quantity":"10000"}],"product_quantity_price_range_buying":false,"imprint_cost_setup_costs":"121.54","imprint_cost_handling_costs":"0.2"},{"imprint_cost_key":"20b754bc3b44cbd819420d0b7e26f144663b268c","product_quantity_price_range":[{"imprint_cost_recommended_selling_price":"3.83","imprint_cost_recommended_selling_quantity":"1"},{"imprint_cost_recommended_selling_price":"2.08","imprint_cost_recommended_selling_quantity":"25"},{"imprint_cost_recommended_selling_price":"1.48","imprint_cost_recommended_selling_quantity":"50"},{"imprint_cost_recommended_selling_price":"0.86","imprint_cost_recommended_selling_quantity":"100"},{"imprint_cost_recommended_selling_price":"0.66","imprint_cost_recommended_selling_quantity":"250"},{"imprint_cost_recommended_selling_price":"0.57","imprint_cost_recommended_selling_quantity":"500"},{"imprint_cost_recommended_selling_price":"0.4","imprint_cost_recommended_selling_quantity":"1000"},{"imprint_cost_recommended_selling_price":"0.37","imprint_cost_recommended_selling_quantity":"2500"},{"imprint_cost_recommended_selling_price":"0.34","imprint_cost_recommended_selling_quantity":"5000"}],"product_quantity_price_range_buying":false,"imprint_cost_setup_costs":"52.31","imprint_cost_handling_costs":"0.08"},{"imprint_cost_key":"71ca7a1a41643f9d11166d1d901dbc0ba8e0f8cd","product_quantity_price_range":[{"imprint_cost_recommended_selling_price":"1.54","imprint_cost_recommended_selling_quantity":"1"},{"imprint_cost_recommended_selling_price":"1.31","imprint_cost_recommended_selling_quantity":"25"},{"imprint_cost_recommended_selling_price":"1.11","imprint_cost_recommended_selling_quantity":"50"},{"imprint_cost_recommended_selling_price":"0.88","imprint_cost_recommended_selling_quantity":"100"},{"imprint_cost_recommended_selling_price":"0.66","imprint_cost_recommended_selling_quantity":"250"},{"imprint_cost_recommended_selling_price":"0.58","imprint_cost_recommended_selling_quantity":"500"},{"imprint_cost_recommended_selling_price":"0.57","imprint_cost_recommended_selling_quantity":"1000"},{"imprint_cost_recommended_selling_price":"0.55","imprint_cost_recommended_selling_quantity":"2500"},{"imprint_cost_recommended_selling_price":"0.52","imprint_cost_recommended_selling_quantity":"5000"}],"product_quantity_price_range_buying":false,"imprint_cost_setup_costs":"60.77","imprint_cost_handling_costs":"0.2"}]},"aioseo_notices":[],"aioseo_head":"\n\t\t<!-- All in One SEO Pro 4.9.6.2 - aioseo.com -->\n\t<meta name=\"description\" content=\"Sichere dir mit der 500D Two Tone Schoudertas Tom einen modernen Begleiter f\u00fcr deine n\u00e4chsten Messen &amp; Events. Du kannst diese robuste Umh\u00e4ngetasche mit Logo individuell bei Hidalgo gestalten, w\u00e4hrend der verstellbare Gurt f\u00fcr hohen Tragekomfort bei deiner t\u00e4glichen Promotion sorgt.\" \/>\n\t<meta name=\"robots\" content=\"max-image-preview:large\" \/>\n\t<link rel=\"canonical\" href=\"https:\/\/hidalgo.nl\/de\/wp-json\/wp\/v2\/product\/7994\" \/>\n\t<meta name=\"generator\" content=\"All in One SEO Pro (AIOSEO) 4.9.6.2\" \/>\n\t\t<meta property=\"og:locale\" content=\"de_DE\" \/>\n\t\t<meta property=\"og:site_name\" content=\"Hidalgo -\" \/>\n\t\t<meta property=\"og:type\" content=\"article\" \/>\n\t\t<meta property=\"og:title\" content=\"Schultertasche Tom 500D Two Tone bedrucken verstellbar Grau\" \/>\n\t\t<meta property=\"og:description\" content=\"Sichere dir mit der 500D Two Tone Schoudertas Tom einen modernen Begleiter f\u00fcr deine n\u00e4chsten Messen &amp; Events. Du kannst diese robuste Umh\u00e4ngetasche mit Logo individuell bei Hidalgo gestalten, w\u00e4hrend der verstellbare Gurt f\u00fcr hohen Tragekomfort bei deiner t\u00e4glichen Promotion sorgt.\" \/>\n\t\t<meta property=\"og:url\" content=\"https:\/\/hidalgo.nl\/de\/wp-json\/wp\/v2\/product\/7994\" \/>\n\t\t<meta property=\"og:image\" content=\"https:\/\/shop.hidalgo.nl\/wp-content\/uploads\/2025\/11\/cropped-Hidalgo-est1993.png\" \/>\n\t\t<meta property=\"og:image:secure_url\" content=\"https:\/\/shop.hidalgo.nl\/wp-content\/uploads\/2025\/11\/cropped-Hidalgo-est1993.png\" \/>\n\t\t<meta property=\"article:published_time\" content=\"2025-07-03T09:43:51+00:00\" \/>\n\t\t<meta property=\"article:modified_time\" content=\"2026-03-16T13:01:21+00:00\" \/>\n\t\t<meta name=\"twitter:card\" content=\"summary_large_image\" \/>\n\t\t<meta name=\"twitter:title\" content=\"Schultertasche Tom 500D Two Tone bedrucken verstellbar Grau\" \/>\n\t\t<meta name=\"twitter:description\" content=\"Sichere dir mit der 500D Two Tone Schoudertas Tom einen modernen Begleiter f\u00fcr deine n\u00e4chsten Messen &amp; Events. Du kannst diese robuste Umh\u00e4ngetasche mit Logo individuell bei Hidalgo gestalten, w\u00e4hrend der verstellbare Gurt f\u00fcr hohen Tragekomfort bei deiner t\u00e4glichen Promotion sorgt.\" \/>\n\t\t<meta name=\"twitter:image\" content=\"https:\/\/shop.hidalgo.nl\/wp-content\/uploads\/2025\/11\/cropped-Hidalgo-est1993.png\" \/>\n\t\t<script type=\"application\/ld+json\" class=\"aioseo-schema\">\n\t\t\t{\"@context\":\"https:\\\/\\\/schema.org\",\"@graph\":[{\"@type\":\"BreadcrumbList\",\"@id\":\"https:\\\/\\\/hidalgo.nl\\\/de\\\/product\\\/7994\\\/schultertasche-tom-500d-two-tone-bedrucken-verstellbar-grau\\\/#breadcrumblist\",\"itemListElement\":[{\"@type\":\"ListItem\",\"@id\":\"https:\\\/\\\/hidalgo.nl\\\/de\\\/#listItem\",\"position\":1,\"name\":\"Home\",\"item\":\"https:\\\/\\\/hidalgo.nl\\\/de\\\/\",\"nextItem\":{\"@type\":\"ListItem\",\"@id\":\"https:\\\/\\\/hidalgo.nl\\\/example\\\/#listItem\",\"name\":\"example\"}},{\"@type\":\"ListItem\",\"@id\":\"https:\\\/\\\/hidalgo.nl\\\/example\\\/#listItem\",\"position\":2,\"name\":\"example\",\"item\":\"https:\\\/\\\/hidalgo.nl\\\/example\\\/\",\"nextItem\":{\"@type\":\"ListItem\",\"@id\":\"https:\\\/\\\/hidalgo.nl\\\/en\\\/product-supplier\\\/a58\\\/#listItem\",\"name\":\"A58\"},\"previousItem\":{\"@type\":\"ListItem\",\"@id\":\"https:\\\/\\\/hidalgo.nl\\\/de\\\/#listItem\",\"name\":\"Home\"}},{\"@type\":\"ListItem\",\"@id\":\"https:\\\/\\\/hidalgo.nl\\\/en\\\/product-supplier\\\/a58\\\/#listItem\",\"position\":3,\"name\":\"A58\",\"item\":\"https:\\\/\\\/hidalgo.nl\\\/en\\\/product-supplier\\\/a58\\\/\",\"nextItem\":{\"@type\":\"ListItem\",\"@id\":\"https:\\\/\\\/hidalgo.nl\\\/de\\\/product\\\/7994\\\/schultertasche-tom-500d-two-tone-bedrucken-verstellbar-grau\\\/#listItem\",\"name\":\"500D Two Tone schoudertas Tom\"},\"previousItem\":{\"@type\":\"ListItem\",\"@id\":\"https:\\\/\\\/hidalgo.nl\\\/example\\\/#listItem\",\"name\":\"example\"}},{\"@type\":\"ListItem\",\"@id\":\"https:\\\/\\\/hidalgo.nl\\\/de\\\/product\\\/7994\\\/schultertasche-tom-500d-two-tone-bedrucken-verstellbar-grau\\\/#listItem\",\"position\":4,\"name\":\"500D Two Tone schoudertas Tom\",\"previousItem\":{\"@type\":\"ListItem\",\"@id\":\"https:\\\/\\\/hidalgo.nl\\\/en\\\/product-supplier\\\/a58\\\/#listItem\",\"name\":\"A58\"}}]},{\"@type\":\"Organization\",\"@id\":\"https:\\\/\\\/hidalgo.nl\\\/de\\\/#organization\",\"name\":\"Hidalgo\",\"url\":\"https:\\\/\\\/hidalgo.nl\\\/de\\\/\",\"logo\":{\"@type\":\"ImageObject\",\"url\":\"https:\\\/\\\/shop.hidalgo.nl\\\/wp-content\\\/uploads\\\/2025\\\/11\\\/cropped-Hidalgo-est1993.png\",\"@id\":\"https:\\\/\\\/hidalgo.nl\\\/de\\\/product\\\/7994\\\/schultertasche-tom-500d-two-tone-bedrucken-verstellbar-grau\\\/#organizationLogo\",\"width\":585,\"height\":195},\"image\":{\"@id\":\"https:\\\/\\\/hidalgo.nl\\\/de\\\/product\\\/7994\\\/schultertasche-tom-500d-two-tone-bedrucken-verstellbar-grau\\\/#organizationLogo\"}},{\"@type\":\"ProductGroup\",\"@id\":\"https:\\\/\\\/hidalgo.nl\\\/de\\\/product\\\/7994\\\/schultertasche-tom-500d-two-tone-bedrucken-verstellbar-grau\\\/#wooCommerceProduct\",\"name\":\"Schultertasche Tom 500D Two Tone bedrucken verstellbar Grau\",\"url\":\"https:\\\/\\\/hidalgo.nl\\\/de\\\/product\\\/7994\\\/schultertasche-tom-500d-two-tone-bedrucken-verstellbar-grau\\\/\",\"brand\":{\"@type\":\"Brand\",\"name\":\"IMPRESSION\"},\"sku\":\"A58-1041612\",\"image\":{\"@type\":\"ImageObject\",\"url\":\"https:\\\/\\\/shop.hidalgo.nl\\\/wp-content\\\/uploads\\\/2025\\\/05\\\/440d28d146346ea6ad88bf6ebce878c2bfefca6bb54c7560287ddf968b8a5394.jpg\",\"@id\":\"https:\\\/\\\/hidalgo.nl\\\/de\\\/product\\\/7994\\\/schultertasche-tom-500d-two-tone-bedrucken-verstellbar-grau\\\/#productImage\",\"width\":970,\"height\":1000},\"productGroupID\":7994,\"hasVariant\":[{\"@type\":\"Product\",\"@id\":\"https:\\\/\\\/hidalgo.nl\\\/de\\\/product\\\/7994\\\/schultertasche-tom-500d-two-tone-bedrucken-verstellbar-grau\\\/#wooCommerceProduct\",\"name\":\"500D Two Tone schoudertas Tom - grijs,\",\"url\":\"https:\\\/\\\/hidalgo.nl\\\/de\\\/product\\\/7994\\\/schultertasche-tom-500d-two-tone-bedrucken-verstellbar-grau\\\/\",\"sku\":\"A58-1041612-003999999\",\"image\":{\"@type\":\"ImageObject\",\"url\":\"https:\\\/\\\/shop.hidalgo.nl\\\/wp-content\\\/uploads\\\/2025\\\/05\\\/da43052aa6b61d2cb673a8f85f1df033cac778d28a363c5dcb52bfd01328500b.jpg\",\"@id\":\"https:\\\/\\\/hidalgo.nl\\\/de\\\/product\\\/7994\\\/schultertasche-tom-500d-two-tone-bedrucken-verstellbar-grau\\\/#productImage\",\"width\":1000,\"height\":938},\"offers\":{\"@type\":\"Offer\",\"url\":\"https:\\\/\\\/hidalgo.nl\\\/de\\\/product\\\/7994\\\/schultertasche-tom-500d-two-tone-bedrucken-verstellbar-grau\\\/#wooCommerceOffer\",\"price\":\"8.37\",\"priceCurrency\":\"EUR\",\"category\":\"Tassen\",\"availability\":\"https:\\\/\\\/schema.org\\\/InStock\",\"priceSpecification\":{\"@type\":\"PriceSpecification\",\"price\":8.37,\"priceCurrency\":\"EUR\",\"valueAddedTaxIncluded\":\"true\"}}}]},{\"@type\":\"WebPage\",\"@id\":\"https:\\\/\\\/hidalgo.nl\\\/de\\\/product\\\/7994\\\/schultertasche-tom-500d-two-tone-bedrucken-verstellbar-grau\\\/#webpage\",\"url\":\"https:\\\/\\\/hidalgo.nl\\\/de\\\/product\\\/7994\\\/schultertasche-tom-500d-two-tone-bedrucken-verstellbar-grau\\\/\",\"name\":\"Schultertasche Tom 500D Two Tone bedrucken verstellbar Grau\",\"description\":\"Sichere dir mit der 500D Two Tone Schoudertas Tom einen modernen Begleiter f\\u00fcr deine n\\u00e4chsten Messen & Events. Du kannst diese robuste Umh\\u00e4ngetasche mit Logo individuell bei Hidalgo gestalten, w\\u00e4hrend der verstellbare Gurt f\\u00fcr hohen Tragekomfort bei deiner t\\u00e4glichen Promotion sorgt.\",\"inLanguage\":\"de-DE\",\"isPartOf\":{\"@id\":\"https:\\\/\\\/hidalgo.nl\\\/de\\\/#website\"},\"breadcrumb\":{\"@id\":\"https:\\\/\\\/hidalgo.nl\\\/de\\\/product\\\/7994\\\/schultertasche-tom-500d-two-tone-bedrucken-verstellbar-grau\\\/#breadcrumblist\"},\"image\":{\"@type\":\"ImageObject\",\"url\":\"https:\\\/\\\/shop.hidalgo.nl\\\/wp-content\\\/uploads\\\/2025\\\/05\\\/440d28d146346ea6ad88bf6ebce878c2bfefca6bb54c7560287ddf968b8a5394.jpg\",\"@id\":\"https:\\\/\\\/hidalgo.nl\\\/de\\\/product\\\/7994\\\/schultertasche-tom-500d-two-tone-bedrucken-verstellbar-grau\\\/#mainImage\",\"width\":970,\"height\":1000},\"primaryImageOfPage\":{\"@id\":\"https:\\\/\\\/hidalgo.nl\\\/de\\\/product\\\/7994\\\/schultertasche-tom-500d-two-tone-bedrucken-verstellbar-grau\\\/#mainImage\"},\"datePublished\":\"2025-07-03T09:43:51+00:00\",\"dateModified\":\"2026-03-16T13:01:21+00:00\"},{\"@type\":\"WebSite\",\"@id\":\"https:\\\/\\\/hidalgo.nl\\\/de\\\/#website\",\"url\":\"https:\\\/\\\/hidalgo.nl\\\/de\\\/\",\"name\":\"Hidalgo\",\"inLanguage\":\"de-DE\",\"publisher\":{\"@id\":\"https:\\\/\\\/hidalgo.nl\\\/de\\\/#organization\"}}]}\n\t\t<\/script>\n\t\t<!-- All in One SEO Pro -->\r\n\t\t<title>Schultertasche Tom 500D Two Tone bedrucken verstellbar Grau<\/title>\n\n","aioseo_head_json":{"title":"Schultertasche Tom 500D Two Tone bedrucken verstellbar Grau","description":"Sichere dir mit der 500D Two Tone Schoudertas Tom einen modernen Begleiter f\u00fcr deine n\u00e4chsten Messen & Events. Du kannst diese robuste Umh\u00e4ngetasche mit Logo individuell bei Hidalgo gestalten, w\u00e4hrend der verstellbare Gurt f\u00fcr hohen Tragekomfort bei deiner t\u00e4glichen Promotion sorgt.","canonical_url":"https:\/\/hidalgo.nl\/de\/wp-json\/wp\/v2\/product\/7994","robots":"max-image-preview:large","keywords":"","webmasterTools":{"miscellaneous":""},"schema":{"@context":"https:\/\/schema.org","@graph":[{"@type":"BreadcrumbList","@id":"https:\/\/hidalgo.nl\/de\/product\/7994\/schultertasche-tom-500d-two-tone-bedrucken-verstellbar-grau\/#breadcrumblist","itemListElement":[{"@type":"ListItem","@id":"https:\/\/hidalgo.nl\/de\/#listItem","position":1,"name":"Home","item":"https:\/\/hidalgo.nl\/de\/","nextItem":{"@type":"ListItem","@id":"https:\/\/hidalgo.nl\/example\/#listItem","name":"example"}},{"@type":"ListItem","@id":"https:\/\/hidalgo.nl\/example\/#listItem","position":2,"name":"example","item":"https:\/\/hidalgo.nl\/example\/","nextItem":{"@type":"ListItem","@id":"https:\/\/hidalgo.nl\/en\/product-supplier\/a58\/#listItem","name":"A58"},"previousItem":{"@type":"ListItem","@id":"https:\/\/hidalgo.nl\/de\/#listItem","name":"Home"}},{"@type":"ListItem","@id":"https:\/\/hidalgo.nl\/en\/product-supplier\/a58\/#listItem","position":3,"name":"A58","item":"https:\/\/hidalgo.nl\/en\/product-supplier\/a58\/","nextItem":{"@type":"ListItem","@id":"https:\/\/hidalgo.nl\/de\/product\/7994\/schultertasche-tom-500d-two-tone-bedrucken-verstellbar-grau\/#listItem","name":"500D Two Tone schoudertas Tom"},"previousItem":{"@type":"ListItem","@id":"https:\/\/hidalgo.nl\/example\/#listItem","name":"example"}},{"@type":"ListItem","@id":"https:\/\/hidalgo.nl\/de\/product\/7994\/schultertasche-tom-500d-two-tone-bedrucken-verstellbar-grau\/#listItem","position":4,"name":"500D Two Tone schoudertas Tom","previousItem":{"@type":"ListItem","@id":"https:\/\/hidalgo.nl\/en\/product-supplier\/a58\/#listItem","name":"A58"}}]},{"@type":"Organization","@id":"https:\/\/hidalgo.nl\/de\/#organization","name":"Hidalgo","url":"https:\/\/hidalgo.nl\/de\/","logo":{"@type":"ImageObject","url":"https:\/\/shop.hidalgo.nl\/wp-content\/uploads\/2025\/11\/cropped-Hidalgo-est1993.png","@id":"https:\/\/hidalgo.nl\/de\/product\/7994\/schultertasche-tom-500d-two-tone-bedrucken-verstellbar-grau\/#organizationLogo","width":585,"height":195},"image":{"@id":"https:\/\/hidalgo.nl\/de\/product\/7994\/schultertasche-tom-500d-two-tone-bedrucken-verstellbar-grau\/#organizationLogo"}},{"@type":"ProductGroup","@id":"https:\/\/hidalgo.nl\/de\/product\/7994\/schultertasche-tom-500d-two-tone-bedrucken-verstellbar-grau\/#wooCommerceProduct","name":"Schultertasche Tom 500D Two Tone bedrucken verstellbar Grau","url":"https:\/\/hidalgo.nl\/de\/product\/7994\/schultertasche-tom-500d-two-tone-bedrucken-verstellbar-grau\/","brand":{"@type":"Brand","name":"IMPRESSION"},"sku":"A58-1041612","image":{"@type":"ImageObject","url":"https:\/\/shop.hidalgo.nl\/wp-content\/uploads\/2025\/05\/440d28d146346ea6ad88bf6ebce878c2bfefca6bb54c7560287ddf968b8a5394.jpg","@id":"https:\/\/hidalgo.nl\/de\/product\/7994\/schultertasche-tom-500d-two-tone-bedrucken-verstellbar-grau\/#productImage","width":970,"height":1000},"productGroupID":7994,"hasVariant":[{"@type":"Product","@id":"https:\/\/hidalgo.nl\/de\/product\/7994\/schultertasche-tom-500d-two-tone-bedrucken-verstellbar-grau\/#wooCommerceProduct","name":"500D Two Tone schoudertas Tom - grijs,","url":"https:\/\/hidalgo.nl\/de\/product\/7994\/schultertasche-tom-500d-two-tone-bedrucken-verstellbar-grau\/","sku":"A58-1041612-003999999","image":{"@type":"ImageObject","url":"https:\/\/shop.hidalgo.nl\/wp-content\/uploads\/2025\/05\/da43052aa6b61d2cb673a8f85f1df033cac778d28a363c5dcb52bfd01328500b.jpg","@id":"https:\/\/hidalgo.nl\/de\/product\/7994\/schultertasche-tom-500d-two-tone-bedrucken-verstellbar-grau\/#productImage","width":1000,"height":938},"offers":{"@type":"Offer","url":"https:\/\/hidalgo.nl\/de\/product\/7994\/schultertasche-tom-500d-two-tone-bedrucken-verstellbar-grau\/#wooCommerceOffer","price":"8.37","priceCurrency":"EUR","category":"Tassen","availability":"https:\/\/schema.org\/InStock","priceSpecification":{"@type":"PriceSpecification","price":8.37,"priceCurrency":"EUR","valueAddedTaxIncluded":"true"}}}]},{"@type":"WebPage","@id":"https:\/\/hidalgo.nl\/de\/product\/7994\/schultertasche-tom-500d-two-tone-bedrucken-verstellbar-grau\/#webpage","url":"https:\/\/hidalgo.nl\/de\/product\/7994\/schultertasche-tom-500d-two-tone-bedrucken-verstellbar-grau\/","name":"Schultertasche Tom 500D Two Tone bedrucken verstellbar Grau","description":"Sichere dir mit der 500D Two Tone Schoudertas Tom einen modernen Begleiter f\u00fcr deine n\u00e4chsten Messen & Events. Du kannst diese robuste Umh\u00e4ngetasche mit Logo individuell bei Hidalgo gestalten, w\u00e4hrend der verstellbare Gurt f\u00fcr hohen Tragekomfort bei deiner t\u00e4glichen Promotion sorgt.","inLanguage":"de-DE","isPartOf":{"@id":"https:\/\/hidalgo.nl\/de\/#website"},"breadcrumb":{"@id":"https:\/\/hidalgo.nl\/de\/product\/7994\/schultertasche-tom-500d-two-tone-bedrucken-verstellbar-grau\/#breadcrumblist"},"image":{"@type":"ImageObject","url":"https:\/\/shop.hidalgo.nl\/wp-content\/uploads\/2025\/05\/440d28d146346ea6ad88bf6ebce878c2bfefca6bb54c7560287ddf968b8a5394.jpg","@id":"https:\/\/hidalgo.nl\/de\/product\/7994\/schultertasche-tom-500d-two-tone-bedrucken-verstellbar-grau\/#mainImage","width":970,"height":1000},"primaryImageOfPage":{"@id":"https:\/\/hidalgo.nl\/de\/product\/7994\/schultertasche-tom-500d-two-tone-bedrucken-verstellbar-grau\/#mainImage"},"datePublished":"2025-07-03T09:43:51+00:00","dateModified":"2026-03-16T13:01:21+00:00"},{"@type":"WebSite","@id":"https:\/\/hidalgo.nl\/de\/#website","url":"https:\/\/hidalgo.nl\/de\/","name":"Hidalgo","inLanguage":"de-DE","publisher":{"@id":"https:\/\/hidalgo.nl\/de\/#organization"}}]},"og:locale":"de_DE","og:site_name":"Hidalgo -","og:type":"article","og:title":"Schultertasche Tom 500D Two Tone bedrucken verstellbar Grau","og:description":"Sichere dir mit der 500D Two Tone Schoudertas Tom einen modernen Begleiter f\u00fcr deine n\u00e4chsten Messen &amp; Events. Du kannst diese robuste Umh\u00e4ngetasche mit Logo individuell bei Hidalgo gestalten, w\u00e4hrend der verstellbare Gurt f\u00fcr hohen Tragekomfort bei deiner t\u00e4glichen Promotion sorgt.","og:url":"https:\/\/hidalgo.nl\/de\/wp-json\/wp\/v2\/product\/7994","og:image":"https:\/\/shop.hidalgo.nl\/wp-content\/uploads\/2025\/11\/cropped-Hidalgo-est1993.png","og:image:secure_url":"https:\/\/shop.hidalgo.nl\/wp-content\/uploads\/2025\/11\/cropped-Hidalgo-est1993.png","article:published_time":"2025-07-03T09:43:51+00:00","article:modified_time":"2026-03-16T13:01:21+00:00","twitter:card":"summary_large_image","twitter:title":"Schultertasche Tom 500D Two Tone bedrucken verstellbar Grau","twitter:description":"Sichere dir mit der 500D Two Tone Schoudertas Tom einen modernen Begleiter f\u00fcr deine n\u00e4chsten Messen &amp; Events. Du kannst diese robuste Umh\u00e4ngetasche mit Logo individuell bei Hidalgo gestalten, w\u00e4hrend der verstellbare Gurt f\u00fcr hohen Tragekomfort bei deiner t\u00e4glichen Promotion sorgt.","twitter:image":"https:\/\/shop.hidalgo.nl\/wp-content\/uploads\/2025\/11\/cropped-Hidalgo-est1993.png"},"aioseo_meta_data":{"post_id":"7994","title":null,"description":null,"keywords":null,"keyphrases":null,"primary_term":null,"canonical_url":null,"og_title":null,"og_description":null,"og_object_type":"default","og_image_type":"default","og_image_url":null,"og_image_width":null,"og_image_height":null,"og_image_custom_url":null,"og_image_custom_fields":null,"og_video":null,"og_custom_url":null,"og_article_section":null,"og_article_tags":null,"twitter_use_og":false,"twitter_card":"default","twitter_image_type":"default","twitter_image_url":null,"twitter_image_custom_url":null,"twitter_image_custom_fields":null,"twitter_title":null,"twitter_description":null,"schema":{"blockGraphs":[],"customGraphs":[],"default":{"data":{"Article":[],"Course":[],"Dataset":[],"FAQPage":[],"Movie":[],"Person":[],"Product":[],"ProductReview":[],"Car":[],"Recipe":[],"Service":[],"SoftwareApplication":[],"WebPage":[]},"graphName":"","isEnabled":true},"graphs":[]},"schema_type":"default","schema_type_options":null,"pillar_content":false,"robots_default":true,"robots_noindex":false,"robots_noarchive":false,"robots_nosnippet":false,"robots_nofollow":false,"robots_noimageindex":false,"robots_noodp":false,"robots_notranslate":false,"robots_max_snippet":null,"robots_max_videopreview":null,"robots_max_imagepreview":"large","priority":null,"frequency":null,"local_seo":null,"seo_analyzer_scan_date":"2026-01-20 09:31:26","breadcrumb_settings":null,"limit_modified_date":false,"reviewed_by":null,"open_ai":null,"ai":null,"created":"2026-01-14 06:17:37","updated":"2026-04-22 15:50:52"},"aioseo_breadcrumb":"<div class=\"aioseo-breadcrumbs\"><span class=\"aioseo-breadcrumb\">\n\t<a href=\"https:\/\/hidalgo.nl\/de\/\" title=\"Home\">Home<\/a>\n<\/span><span class=\"aioseo-breadcrumb-separator\">\u00bb<\/span><span class=\"aioseo-breadcrumb\">\n\t<a href=\"https:\/\/hidalgo.nl\/example\/\" title=\"example\">example<\/a>\n<\/span><span class=\"aioseo-breadcrumb-separator\">\u00bb<\/span><span class=\"aioseo-breadcrumb\">\n\t<a href=\"https:\/\/hidalgo.nl\/en\/product-supplier\/a58\/\" title=\"A58\">A58<\/a>\n<\/span><span class=\"aioseo-breadcrumb-separator\">\u00bb<\/span><span class=\"aioseo-breadcrumb\">\n\t500D Two Tone schoudertas Tom\n<\/span><\/div>","aioseo_breadcrumb_json":[{"label":"Home","link":"https:\/\/hidalgo.nl\/de\/"},{"label":"example","link":"https:\/\/hidalgo.nl\/example\/"},{"label":"A58","link":"https:\/\/hidalgo.nl\/en\/product-supplier\/a58\/"},{"label":"500D Two Tone schoudertas Tom","link":"https:\/\/hidalgo.nl\/de\/product\/7994\/schultertasche-tom-500d-two-tone-bedrucken-verstellbar-grau\/"}],"_links":{"self":[{"href":"https:\/\/hidalgo.nl\/de\/wp-json\/wp\/v2\/product\/7994","targetHints":{"allow":["GET"]}}],"collection":[{"href":"https:\/\/hidalgo.nl\/de\/wp-json\/wp\/v2\/product"}],"about":[{"href":"https:\/\/hidalgo.nl\/de\/wp-json\/wp\/v2\/types\/product"}],"wp:featuredmedia":[{"embeddable":true,"href":"https:\/\/hidalgo.nl\/de\/wp-json\/wp\/v2\/media\/7995"}],"wp:attachment":[{"href":"https:\/\/hidalgo.nl\/de\/wp-json\/wp\/v2\/media?parent=7994"}],"wp:term":[{"taxonomy":"product_brand","embeddable":true,"href":"https:\/\/hidalgo.nl\/de\/wp-json\/wp\/v2\/product_brand?post=7994"},{"taxonomy":"product_cat","embeddable":true,"href":"https:\/\/hidalgo.nl\/de\/wp-json\/wp\/v2\/product_cat?post=7994"},{"taxonomy":"product_tag","embeddable":true,"href":"https:\/\/hidalgo.nl\/de\/wp-json\/wp\/v2\/product_tag?post=7994"}],"curies":[{"name":"wp","href":"https:\/\/api.w.org\/{rel}","templated":true}]}}