{"id":797577,"date":"2025-12-19T10:44:22","date_gmt":"2025-12-19T10:44:22","guid":{"rendered":"https:\/\/hidalgo.nl\/product\/sudio-bluetooth-speaker-f5-pro\/"},"modified":"2026-02-26T07:36:37","modified_gmt":"2026-02-26T07:36:37","slug":"sudio-bluetooth-speaker-f5-pro","status":"publish","type":"product","link":"https:\/\/hidalgo.nl\/de\/product\/797577\/sudio-bluetooth-speaker-f5-pro\/","title":{"rendered":"Sudio Bluetooth Speaker F5 Pro"},"content":{"rendered":"<p>Pak hem op, laad hem op en ga op pad. Deze draagbare luidspreker van het merk Sudio is gemaakt voor onderweg en levert 30W krachtig, gebalanceerd geluid en diepe bassen, waar je hem ook mee naartoe neemt. Met een batterijduur van 40 uur is hij ideaal voor spontane plannen, ontspannen weekenden en alles daartussenin. De speaker biedt een krachtige luisterervaring, een stabiele Bluetooth 5.4-verbinding tot 10 meter en heeft een waterbestendige stoffen behuizing. Gemaakt met gerecycled plastic. Een duurzame keuze die geen concessies doet aan stijl of geluid. In een plasticvrije verpakking van FSC-gecertificeerd papier en soja-inkt. Inclusief USB-C-oplaadkabel en gebruiksaanzwijzing. Zweeds design, muziek voor je oren. Per stuk in luxe giftbox.<\/p>\n","protected":false},"excerpt":{"rendered":"<p>Pak hem op, laad hem op en ga op pad. Deze draagbare luidspreker van het merk Sudio is gemaakt voor onderweg en levert 30W krachtig, gebalanceerd geluid en diepe bassen, waar je hem ook mee naartoe neemt. Met een batterijduur van 40 uur is hij ideaal voor spontane plannen, ontspannen weekenden en alles daartussenin. De&hellip; <a class=\"more-link\" href=\"https:\/\/hidalgo.nl\/de\/product\/797577\/sudio-bluetooth-speaker-f5-pro\/\"><span class=\"screen-reader-text\">Sudio Bluetooth Speaker F5 Pro<\/span> weiterlesen<\/a><\/p>\n","protected":false},"featured_media":797578,"template":"","meta":{"_acf_changed":false,"om_disable_all_campaigns":false,"_monsterinsights_skip_tracking":false,"_monsterinsights_sitenote_active":false,"_monsterinsights_sitenote_note":"","_monsterinsights_sitenote_category":0},"product_brand":[5049],"product_cat":[4720,4719,2846],"product_tag":[],"class_list":{"0":"post-797577","1":"product","2":"type-product","3":"status-publish","4":"has-post-thumbnail","6":"product_supplier-a508","7":"product_material-abssiliconenpolyester","8":"product_brand-sudio","9":"product_cat-promotionele-artikelen-elektronica-en-gadgets","10":"product_cat-promotionele-artikelen","11":"product_cat-promotionele-artikelen-elektronica-en-gadgets-speakers","12":"entry","14":"first","15":"instock","16":"taxable","17":"shipping-taxable","18":"purchasable","19":"product-type-variable"},"acf":{"imprint_cost":[{"imprint_cost_key":"179d20a5676d0e9763c99f874deec5f68a9ef544","product_quantity_price_range":[{"imprint_cost_recommended_selling_price":"3.435","imprint_cost_recommended_selling_quantity":"1"},{"imprint_cost_recommended_selling_price":"1.935","imprint_cost_recommended_selling_quantity":"25"},{"imprint_cost_recommended_selling_price":"1.5","imprint_cost_recommended_selling_quantity":"50"},{"imprint_cost_recommended_selling_price":"1.395","imprint_cost_recommended_selling_quantity":"100"},{"imprint_cost_recommended_selling_price":"1.32","imprint_cost_recommended_selling_quantity":"250"},{"imprint_cost_recommended_selling_price":"1.215","imprint_cost_recommended_selling_quantity":"500"},{"imprint_cost_recommended_selling_price":"1.155","imprint_cost_recommended_selling_quantity":"1000"},{"imprint_cost_recommended_selling_price":"1.095","imprint_cost_recommended_selling_quantity":"2500"},{"imprint_cost_recommended_selling_price":"1.08","imprint_cost_recommended_selling_quantity":"5000"}],"product_quantity_price_range_buying":[{"imprint_cost_general_buying_price":"2.29","imprint_cost_general_buying_quantity":"1"},{"imprint_cost_general_buying_price":"1.29","imprint_cost_general_buying_quantity":"25"},{"imprint_cost_general_buying_price":"1","imprint_cost_general_buying_quantity":"50"},{"imprint_cost_general_buying_price":"0.93","imprint_cost_general_buying_quantity":"100"},{"imprint_cost_general_buying_price":"0.88","imprint_cost_general_buying_quantity":"250"},{"imprint_cost_general_buying_price":"0.81","imprint_cost_general_buying_quantity":"500"},{"imprint_cost_general_buying_price":"0.77","imprint_cost_general_buying_quantity":"1000"},{"imprint_cost_general_buying_price":"0.73","imprint_cost_general_buying_quantity":"2500"},{"imprint_cost_general_buying_price":"0.72","imprint_cost_general_buying_quantity":"5000"}],"imprint_cost_setup_costs":"52.5","imprint_cost_handling_costs":"0.48"},{"imprint_cost_key":"8205566574179c4ac5e5618bfb5547047ae3c173","product_quantity_price_range":[{"imprint_cost_recommended_selling_price":"3.435","imprint_cost_recommended_selling_quantity":"1"},{"imprint_cost_recommended_selling_price":"1.935","imprint_cost_recommended_selling_quantity":"25"},{"imprint_cost_recommended_selling_price":"1.5","imprint_cost_recommended_selling_quantity":"50"},{"imprint_cost_recommended_selling_price":"1.395","imprint_cost_recommended_selling_quantity":"100"},{"imprint_cost_recommended_selling_price":"1.32","imprint_cost_recommended_selling_quantity":"250"},{"imprint_cost_recommended_selling_price":"1.215","imprint_cost_recommended_selling_quantity":"500"},{"imprint_cost_recommended_selling_price":"1.155","imprint_cost_recommended_selling_quantity":"1000"},{"imprint_cost_recommended_selling_price":"1.095","imprint_cost_recommended_selling_quantity":"2500"},{"imprint_cost_recommended_selling_price":"1.08","imprint_cost_recommended_selling_quantity":"5000"}],"product_quantity_price_range_buying":[{"imprint_cost_general_buying_price":"2.29","imprint_cost_general_buying_quantity":"1"},{"imprint_cost_general_buying_price":"1.29","imprint_cost_general_buying_quantity":"25"},{"imprint_cost_general_buying_price":"1","imprint_cost_general_buying_quantity":"50"},{"imprint_cost_general_buying_price":"0.93","imprint_cost_general_buying_quantity":"100"},{"imprint_cost_general_buying_price":"0.88","imprint_cost_general_buying_quantity":"250"},{"imprint_cost_general_buying_price":"0.81","imprint_cost_general_buying_quantity":"500"},{"imprint_cost_general_buying_price":"0.77","imprint_cost_general_buying_quantity":"1000"},{"imprint_cost_general_buying_price":"0.73","imprint_cost_general_buying_quantity":"2500"},{"imprint_cost_general_buying_price":"0.72","imprint_cost_general_buying_quantity":"5000"}],"imprint_cost_setup_costs":"52.5","imprint_cost_handling_costs":"0.48"}]},"aioseo_notices":[],"aioseo_head":"\n\t\t<!-- All in One SEO Pro 4.9.6.2 - aioseo.com -->\n\t<meta name=\"description\" content=\"Erlebe 30 W ausgewogenen Sound und bis zu 40 Stunden Akku in einem kompakten Ger\u00e4t mit Bluetooth. Bei Hidalgo l\u00e4sst du den Sudio-Lautsprecher mit deinem Logo veredeln - ideal f\u00fcr 20-40-J\u00e4hrige, Teams und Events.\" \/>\n\t<meta name=\"robots\" content=\"max-image-preview:large\" \/>\n\t<link rel=\"canonical\" href=\"https:\/\/hidalgo.nl\/de\/wp-json\/wp\/v2\/product\/797577\" \/>\n\t<meta name=\"generator\" content=\"All in One SEO Pro (AIOSEO) 4.9.6.2\" \/>\n\t\t<meta property=\"og:locale\" content=\"de_DE\" \/>\n\t\t<meta property=\"og:site_name\" content=\"Hidalgo -\" \/>\n\t\t<meta property=\"og:type\" content=\"article\" \/>\n\t\t<meta property=\"og:title\" content=\"Sudio Bluetooth Speaker F5 Pro\" \/>\n\t\t<meta property=\"og:description\" content=\"Erlebe 30 W ausgewogenen Sound und bis zu 40 Stunden Akku in einem kompakten Ger\u00e4t mit Bluetooth. Bei Hidalgo l\u00e4sst du den Sudio-Lautsprecher mit deinem Logo veredeln - ideal f\u00fcr 20-40-J\u00e4hrige, Teams und Events.\" \/>\n\t\t<meta property=\"og:url\" content=\"https:\/\/hidalgo.nl\/de\/wp-json\/wp\/v2\/product\/797577\" \/>\n\t\t<meta property=\"og:image\" content=\"https:\/\/shop.hidalgo.nl\/wp-content\/uploads\/2025\/11\/cropped-Hidalgo-est1993.png\" \/>\n\t\t<meta property=\"og:image:secure_url\" content=\"https:\/\/shop.hidalgo.nl\/wp-content\/uploads\/2025\/11\/cropped-Hidalgo-est1993.png\" \/>\n\t\t<meta property=\"article:published_time\" content=\"2025-12-19T10:44:22+00:00\" \/>\n\t\t<meta property=\"article:modified_time\" content=\"2026-02-26T07:36:37+00:00\" \/>\n\t\t<meta name=\"twitter:card\" content=\"summary_large_image\" \/>\n\t\t<meta name=\"twitter:title\" content=\"Sudio Bluetooth Speaker F5 Pro\" \/>\n\t\t<meta name=\"twitter:description\" content=\"Erlebe 30 W ausgewogenen Sound und bis zu 40 Stunden Akku in einem kompakten Ger\u00e4t mit Bluetooth. Bei Hidalgo l\u00e4sst du den Sudio-Lautsprecher mit deinem Logo veredeln - ideal f\u00fcr 20-40-J\u00e4hrige, Teams und Events.\" \/>\n\t\t<meta name=\"twitter:image\" content=\"https:\/\/shop.hidalgo.nl\/wp-content\/uploads\/2025\/11\/cropped-Hidalgo-est1993.png\" \/>\n\t\t<script type=\"application\/ld+json\" class=\"aioseo-schema\">\n\t\t\t{\"@context\":\"https:\\\/\\\/schema.org\",\"@graph\":[{\"@type\":\"BreadcrumbList\",\"@id\":\"https:\\\/\\\/hidalgo.nl\\\/de\\\/product\\\/797577\\\/sudio-bluetooth-speaker-f5-pro\\\/#breadcrumblist\",\"itemListElement\":[{\"@type\":\"ListItem\",\"@id\":\"https:\\\/\\\/hidalgo.nl\\\/de\\\/#listItem\",\"position\":1,\"name\":\"Home\",\"item\":\"https:\\\/\\\/hidalgo.nl\\\/de\\\/\",\"nextItem\":{\"@type\":\"ListItem\",\"@id\":\"https:\\\/\\\/hidalgo.nl\\\/example\\\/#listItem\",\"name\":\"example\"}},{\"@type\":\"ListItem\",\"@id\":\"https:\\\/\\\/hidalgo.nl\\\/example\\\/#listItem\",\"position\":2,\"name\":\"example\",\"item\":\"https:\\\/\\\/hidalgo.nl\\\/example\\\/\",\"nextItem\":{\"@type\":\"ListItem\",\"@id\":\"https:\\\/\\\/hidalgo.nl\\\/en\\\/product-supplier\\\/a508\\\/#listItem\",\"name\":\"A508\"},\"previousItem\":{\"@type\":\"ListItem\",\"@id\":\"https:\\\/\\\/hidalgo.nl\\\/de\\\/#listItem\",\"name\":\"Home\"}},{\"@type\":\"ListItem\",\"@id\":\"https:\\\/\\\/hidalgo.nl\\\/en\\\/product-supplier\\\/a508\\\/#listItem\",\"position\":3,\"name\":\"A508\",\"item\":\"https:\\\/\\\/hidalgo.nl\\\/en\\\/product-supplier\\\/a508\\\/\",\"nextItem\":{\"@type\":\"ListItem\",\"@id\":\"https:\\\/\\\/hidalgo.nl\\\/de\\\/product\\\/797577\\\/sudio-bluetooth-speaker-f5-pro\\\/#listItem\",\"name\":\"Sudio Bluetooth Speaker F5 Pro\"},\"previousItem\":{\"@type\":\"ListItem\",\"@id\":\"https:\\\/\\\/hidalgo.nl\\\/example\\\/#listItem\",\"name\":\"example\"}},{\"@type\":\"ListItem\",\"@id\":\"https:\\\/\\\/hidalgo.nl\\\/de\\\/product\\\/797577\\\/sudio-bluetooth-speaker-f5-pro\\\/#listItem\",\"position\":4,\"name\":\"Sudio Bluetooth Speaker F5 Pro\",\"previousItem\":{\"@type\":\"ListItem\",\"@id\":\"https:\\\/\\\/hidalgo.nl\\\/en\\\/product-supplier\\\/a508\\\/#listItem\",\"name\":\"A508\"}}]},{\"@type\":\"Organization\",\"@id\":\"https:\\\/\\\/hidalgo.nl\\\/de\\\/#organization\",\"name\":\"Hidalgo\",\"url\":\"https:\\\/\\\/hidalgo.nl\\\/de\\\/\",\"logo\":{\"@type\":\"ImageObject\",\"url\":\"https:\\\/\\\/shop.hidalgo.nl\\\/wp-content\\\/uploads\\\/2025\\\/11\\\/cropped-Hidalgo-est1993.png\",\"@id\":\"https:\\\/\\\/hidalgo.nl\\\/de\\\/product\\\/797577\\\/sudio-bluetooth-speaker-f5-pro\\\/#organizationLogo\",\"width\":585,\"height\":195},\"image\":{\"@id\":\"https:\\\/\\\/hidalgo.nl\\\/de\\\/product\\\/797577\\\/sudio-bluetooth-speaker-f5-pro\\\/#organizationLogo\"}},{\"@type\":\"ProductGroup\",\"@id\":\"https:\\\/\\\/hidalgo.nl\\\/de\\\/product\\\/797577\\\/sudio-bluetooth-speaker-f5-pro\\\/#wooCommerceProduct\",\"name\":\"Sudio Bluetooth Speaker F5 Pro\",\"url\":\"https:\\\/\\\/hidalgo.nl\\\/de\\\/product\\\/797577\\\/sudio-bluetooth-speaker-f5-pro\\\/\",\"brand\":{\"@type\":\"Brand\",\"name\":\"Sudio\"},\"sku\":\"A508-3387\",\"image\":{\"@type\":\"ImageObject\",\"url\":\"https:\\\/\\\/shop.hidalgo.nl\\\/wp-content\\\/uploads\\\/2025\\\/12\\\/e50a30972a0070db8ebc832464ee3305b0860d9b8fd25f35981172cf31491731.jpg\",\"@id\":\"https:\\\/\\\/hidalgo.nl\\\/de\\\/product\\\/797577\\\/sudio-bluetooth-speaker-f5-pro\\\/#productImage\"},\"productGroupID\":797577,\"hasVariant\":[{\"@type\":\"Product\",\"@id\":\"https:\\\/\\\/hidalgo.nl\\\/de\\\/product\\\/797577\\\/sudio-bluetooth-speaker-f5-pro\\\/#wooCommerceProduct\",\"name\":\"Sudio Bluetooth Speaker F5 Pro - zwart\",\"url\":\"https:\\\/\\\/hidalgo.nl\\\/de\\\/product\\\/797577\\\/sudio-bluetooth-speaker-f5-pro\\\/\",\"sku\":\"A508-338798\",\"image\":{\"@type\":\"ImageObject\",\"url\":\"https:\\\/\\\/shop.hidalgo.nl\\\/wp-content\\\/uploads\\\/2025\\\/12\\\/e50a30972a0070db8ebc832464ee3305b0860d9b8fd25f35981172cf31491731.jpg\",\"@id\":\"https:\\\/\\\/hidalgo.nl\\\/de\\\/product\\\/797577\\\/sudio-bluetooth-speaker-f5-pro\\\/#productImage\"},\"offers\":{\"@type\":\"Offer\",\"url\":\"https:\\\/\\\/hidalgo.nl\\\/de\\\/product\\\/797577\\\/sudio-bluetooth-speaker-f5-pro\\\/#wooCommerceOffer\",\"price\":\"88.425\",\"priceCurrency\":\"EUR\",\"category\":\"Promotionele Artikelen\",\"availability\":\"https:\\\/\\\/schema.org\\\/InStock\",\"priceSpecification\":{\"@type\":\"PriceSpecification\",\"price\":88.425,\"priceCurrency\":\"EUR\",\"valueAddedTaxIncluded\":\"true\"}}},{\"@type\":\"Product\",\"@id\":\"https:\\\/\\\/hidalgo.nl\\\/de\\\/product\\\/797577\\\/sudio-bluetooth-speaker-f5-pro\\\/#wooCommerceProduct\",\"name\":\"Sudio Bluetooth Speaker F5 Pro - wit\",\"url\":\"https:\\\/\\\/hidalgo.nl\\\/de\\\/product\\\/797577\\\/sudio-bluetooth-speaker-f5-pro\\\/\",\"sku\":\"A508-338710\",\"image\":{\"@type\":\"ImageObject\",\"url\":\"https:\\\/\\\/shop.hidalgo.nl\\\/wp-content\\\/uploads\\\/2025\\\/12\\\/b1712f44d20b2158e30741b72cb8b520bd9a6d7fd0d19f521750f72fc9ade398.jpg\",\"@id\":\"https:\\\/\\\/hidalgo.nl\\\/de\\\/product\\\/797577\\\/sudio-bluetooth-speaker-f5-pro\\\/#productImage\"},\"offers\":{\"@type\":\"Offer\",\"url\":\"https:\\\/\\\/hidalgo.nl\\\/de\\\/product\\\/797577\\\/sudio-bluetooth-speaker-f5-pro\\\/#wooCommerceOffer\",\"price\":\"88.425\",\"priceCurrency\":\"EUR\",\"category\":\"Promotionele Artikelen\",\"availability\":\"https:\\\/\\\/schema.org\\\/InStock\",\"priceSpecification\":{\"@type\":\"PriceSpecification\",\"price\":88.425,\"priceCurrency\":\"EUR\",\"valueAddedTaxIncluded\":\"true\"}}}]},{\"@type\":\"WebPage\",\"@id\":\"https:\\\/\\\/hidalgo.nl\\\/de\\\/product\\\/797577\\\/sudio-bluetooth-speaker-f5-pro\\\/#webpage\",\"url\":\"https:\\\/\\\/hidalgo.nl\\\/de\\\/product\\\/797577\\\/sudio-bluetooth-speaker-f5-pro\\\/\",\"name\":\"Sudio Bluetooth Speaker F5 Pro\",\"description\":\"Erlebe 30 W ausgewogenen Sound und bis zu 40 Stunden Akku in einem kompakten Ger\\u00e4t mit Bluetooth. Bei Hidalgo l\\u00e4sst du den Sudio-Lautsprecher mit deinem Logo veredeln - ideal f\\u00fcr 20-40-J\\u00e4hrige, Teams und Events.\",\"inLanguage\":\"de-DE\",\"isPartOf\":{\"@id\":\"https:\\\/\\\/hidalgo.nl\\\/de\\\/#website\"},\"breadcrumb\":{\"@id\":\"https:\\\/\\\/hidalgo.nl\\\/de\\\/product\\\/797577\\\/sudio-bluetooth-speaker-f5-pro\\\/#breadcrumblist\"},\"image\":{\"@type\":\"ImageObject\",\"url\":\"https:\\\/\\\/shop.hidalgo.nl\\\/wp-content\\\/uploads\\\/2025\\\/12\\\/e50a30972a0070db8ebc832464ee3305b0860d9b8fd25f35981172cf31491731.jpg\",\"@id\":\"https:\\\/\\\/hidalgo.nl\\\/de\\\/product\\\/797577\\\/sudio-bluetooth-speaker-f5-pro\\\/#mainImage\"},\"primaryImageOfPage\":{\"@id\":\"https:\\\/\\\/hidalgo.nl\\\/de\\\/product\\\/797577\\\/sudio-bluetooth-speaker-f5-pro\\\/#mainImage\"},\"datePublished\":\"2025-12-19T10:44:22+00:00\",\"dateModified\":\"2026-02-26T07:36:37+00:00\"},{\"@type\":\"WebSite\",\"@id\":\"https:\\\/\\\/hidalgo.nl\\\/de\\\/#website\",\"url\":\"https:\\\/\\\/hidalgo.nl\\\/de\\\/\",\"name\":\"Hidalgo\",\"inLanguage\":\"de-DE\",\"publisher\":{\"@id\":\"https:\\\/\\\/hidalgo.nl\\\/de\\\/#organization\"}}]}\n\t\t<\/script>\n\t\t<!-- All in One SEO Pro -->\r\n\t\t<title>Sudio Bluetooth Speaker F5 Pro<\/title>\n\n","aioseo_head_json":{"title":"Sudio Bluetooth Speaker F5 Pro","description":"Erlebe 30 W ausgewogenen Sound und bis zu 40 Stunden Akku in einem kompakten Ger\u00e4t mit Bluetooth. Bei Hidalgo l\u00e4sst du den Sudio-Lautsprecher mit deinem Logo veredeln - ideal f\u00fcr 20-40-J\u00e4hrige, Teams und Events.","canonical_url":"https:\/\/hidalgo.nl\/de\/wp-json\/wp\/v2\/product\/797577","robots":"max-image-preview:large","keywords":"","webmasterTools":{"miscellaneous":""},"schema":{"@context":"https:\/\/schema.org","@graph":[{"@type":"BreadcrumbList","@id":"https:\/\/hidalgo.nl\/de\/product\/797577\/sudio-bluetooth-speaker-f5-pro\/#breadcrumblist","itemListElement":[{"@type":"ListItem","@id":"https:\/\/hidalgo.nl\/de\/#listItem","position":1,"name":"Home","item":"https:\/\/hidalgo.nl\/de\/","nextItem":{"@type":"ListItem","@id":"https:\/\/hidalgo.nl\/example\/#listItem","name":"example"}},{"@type":"ListItem","@id":"https:\/\/hidalgo.nl\/example\/#listItem","position":2,"name":"example","item":"https:\/\/hidalgo.nl\/example\/","nextItem":{"@type":"ListItem","@id":"https:\/\/hidalgo.nl\/en\/product-supplier\/a508\/#listItem","name":"A508"},"previousItem":{"@type":"ListItem","@id":"https:\/\/hidalgo.nl\/de\/#listItem","name":"Home"}},{"@type":"ListItem","@id":"https:\/\/hidalgo.nl\/en\/product-supplier\/a508\/#listItem","position":3,"name":"A508","item":"https:\/\/hidalgo.nl\/en\/product-supplier\/a508\/","nextItem":{"@type":"ListItem","@id":"https:\/\/hidalgo.nl\/de\/product\/797577\/sudio-bluetooth-speaker-f5-pro\/#listItem","name":"Sudio Bluetooth Speaker F5 Pro"},"previousItem":{"@type":"ListItem","@id":"https:\/\/hidalgo.nl\/example\/#listItem","name":"example"}},{"@type":"ListItem","@id":"https:\/\/hidalgo.nl\/de\/product\/797577\/sudio-bluetooth-speaker-f5-pro\/#listItem","position":4,"name":"Sudio Bluetooth Speaker F5 Pro","previousItem":{"@type":"ListItem","@id":"https:\/\/hidalgo.nl\/en\/product-supplier\/a508\/#listItem","name":"A508"}}]},{"@type":"Organization","@id":"https:\/\/hidalgo.nl\/de\/#organization","name":"Hidalgo","url":"https:\/\/hidalgo.nl\/de\/","logo":{"@type":"ImageObject","url":"https:\/\/shop.hidalgo.nl\/wp-content\/uploads\/2025\/11\/cropped-Hidalgo-est1993.png","@id":"https:\/\/hidalgo.nl\/de\/product\/797577\/sudio-bluetooth-speaker-f5-pro\/#organizationLogo","width":585,"height":195},"image":{"@id":"https:\/\/hidalgo.nl\/de\/product\/797577\/sudio-bluetooth-speaker-f5-pro\/#organizationLogo"}},{"@type":"ProductGroup","@id":"https:\/\/hidalgo.nl\/de\/product\/797577\/sudio-bluetooth-speaker-f5-pro\/#wooCommerceProduct","name":"Sudio Bluetooth Speaker F5 Pro","url":"https:\/\/hidalgo.nl\/de\/product\/797577\/sudio-bluetooth-speaker-f5-pro\/","brand":{"@type":"Brand","name":"Sudio"},"sku":"A508-3387","image":{"@type":"ImageObject","url":"https:\/\/shop.hidalgo.nl\/wp-content\/uploads\/2025\/12\/e50a30972a0070db8ebc832464ee3305b0860d9b8fd25f35981172cf31491731.jpg","@id":"https:\/\/hidalgo.nl\/de\/product\/797577\/sudio-bluetooth-speaker-f5-pro\/#productImage"},"productGroupID":797577,"hasVariant":[{"@type":"Product","@id":"https:\/\/hidalgo.nl\/de\/product\/797577\/sudio-bluetooth-speaker-f5-pro\/#wooCommerceProduct","name":"Sudio Bluetooth Speaker F5 Pro - zwart","url":"https:\/\/hidalgo.nl\/de\/product\/797577\/sudio-bluetooth-speaker-f5-pro\/","sku":"A508-338798","image":{"@type":"ImageObject","url":"https:\/\/shop.hidalgo.nl\/wp-content\/uploads\/2025\/12\/e50a30972a0070db8ebc832464ee3305b0860d9b8fd25f35981172cf31491731.jpg","@id":"https:\/\/hidalgo.nl\/de\/product\/797577\/sudio-bluetooth-speaker-f5-pro\/#productImage"},"offers":{"@type":"Offer","url":"https:\/\/hidalgo.nl\/de\/product\/797577\/sudio-bluetooth-speaker-f5-pro\/#wooCommerceOffer","price":"88.425","priceCurrency":"EUR","category":"Promotionele Artikelen","availability":"https:\/\/schema.org\/InStock","priceSpecification":{"@type":"PriceSpecification","price":88.425,"priceCurrency":"EUR","valueAddedTaxIncluded":"true"}}},{"@type":"Product","@id":"https:\/\/hidalgo.nl\/de\/product\/797577\/sudio-bluetooth-speaker-f5-pro\/#wooCommerceProduct","name":"Sudio Bluetooth Speaker F5 Pro - wit","url":"https:\/\/hidalgo.nl\/de\/product\/797577\/sudio-bluetooth-speaker-f5-pro\/","sku":"A508-338710","image":{"@type":"ImageObject","url":"https:\/\/shop.hidalgo.nl\/wp-content\/uploads\/2025\/12\/b1712f44d20b2158e30741b72cb8b520bd9a6d7fd0d19f521750f72fc9ade398.jpg","@id":"https:\/\/hidalgo.nl\/de\/product\/797577\/sudio-bluetooth-speaker-f5-pro\/#productImage"},"offers":{"@type":"Offer","url":"https:\/\/hidalgo.nl\/de\/product\/797577\/sudio-bluetooth-speaker-f5-pro\/#wooCommerceOffer","price":"88.425","priceCurrency":"EUR","category":"Promotionele Artikelen","availability":"https:\/\/schema.org\/InStock","priceSpecification":{"@type":"PriceSpecification","price":88.425,"priceCurrency":"EUR","valueAddedTaxIncluded":"true"}}}]},{"@type":"WebPage","@id":"https:\/\/hidalgo.nl\/de\/product\/797577\/sudio-bluetooth-speaker-f5-pro\/#webpage","url":"https:\/\/hidalgo.nl\/de\/product\/797577\/sudio-bluetooth-speaker-f5-pro\/","name":"Sudio Bluetooth Speaker F5 Pro","description":"Erlebe 30 W ausgewogenen Sound und bis zu 40 Stunden Akku in einem kompakten Ger\u00e4t mit Bluetooth. Bei Hidalgo l\u00e4sst du den Sudio-Lautsprecher mit deinem Logo veredeln - ideal f\u00fcr 20-40-J\u00e4hrige, Teams und Events.","inLanguage":"de-DE","isPartOf":{"@id":"https:\/\/hidalgo.nl\/de\/#website"},"breadcrumb":{"@id":"https:\/\/hidalgo.nl\/de\/product\/797577\/sudio-bluetooth-speaker-f5-pro\/#breadcrumblist"},"image":{"@type":"ImageObject","url":"https:\/\/shop.hidalgo.nl\/wp-content\/uploads\/2025\/12\/e50a30972a0070db8ebc832464ee3305b0860d9b8fd25f35981172cf31491731.jpg","@id":"https:\/\/hidalgo.nl\/de\/product\/797577\/sudio-bluetooth-speaker-f5-pro\/#mainImage"},"primaryImageOfPage":{"@id":"https:\/\/hidalgo.nl\/de\/product\/797577\/sudio-bluetooth-speaker-f5-pro\/#mainImage"},"datePublished":"2025-12-19T10:44:22+00:00","dateModified":"2026-02-26T07:36:37+00:00"},{"@type":"WebSite","@id":"https:\/\/hidalgo.nl\/de\/#website","url":"https:\/\/hidalgo.nl\/de\/","name":"Hidalgo","inLanguage":"de-DE","publisher":{"@id":"https:\/\/hidalgo.nl\/de\/#organization"}}]},"og:locale":"de_DE","og:site_name":"Hidalgo -","og:type":"article","og:title":"Sudio Bluetooth Speaker F5 Pro","og:description":"Erlebe 30 W ausgewogenen Sound und bis zu 40 Stunden Akku in einem kompakten Ger\u00e4t mit Bluetooth. Bei Hidalgo l\u00e4sst du den Sudio-Lautsprecher mit deinem Logo veredeln - ideal f\u00fcr 20-40-J\u00e4hrige, Teams und Events.","og:url":"https:\/\/hidalgo.nl\/de\/wp-json\/wp\/v2\/product\/797577","og:image":"https:\/\/shop.hidalgo.nl\/wp-content\/uploads\/2025\/11\/cropped-Hidalgo-est1993.png","og:image:secure_url":"https:\/\/shop.hidalgo.nl\/wp-content\/uploads\/2025\/11\/cropped-Hidalgo-est1993.png","article:published_time":"2025-12-19T10:44:22+00:00","article:modified_time":"2026-02-26T07:36:37+00:00","twitter:card":"summary_large_image","twitter:title":"Sudio Bluetooth Speaker F5 Pro","twitter:description":"Erlebe 30 W ausgewogenen Sound und bis zu 40 Stunden Akku in einem kompakten Ger\u00e4t mit Bluetooth. Bei Hidalgo l\u00e4sst du den Sudio-Lautsprecher mit deinem Logo veredeln - ideal f\u00fcr 20-40-J\u00e4hrige, Teams und Events.","twitter:image":"https:\/\/shop.hidalgo.nl\/wp-content\/uploads\/2025\/11\/cropped-Hidalgo-est1993.png"},"aioseo_meta_data":{"post_id":"797577","title":null,"description":null,"keywords":[],"keyphrases":null,"primary_term":null,"canonical_url":null,"og_title":"","og_description":"","og_object_type":"default","og_image_type":"default","og_image_url":null,"og_image_width":null,"og_image_height":null,"og_image_custom_url":null,"og_image_custom_fields":null,"og_video":null,"og_custom_url":null,"og_article_section":"","og_article_tags":[],"twitter_use_og":false,"twitter_card":"default","twitter_image_type":"default","twitter_image_url":null,"twitter_image_custom_url":null,"twitter_image_custom_fields":null,"twitter_title":"","twitter_description":"","schema":{"blockGraphs":[],"customGraphs":[],"default":{"data":{"Article":[],"Course":[],"Dataset":[],"FAQPage":[],"Movie":[],"Person":[],"Product":[],"ProductReview":[],"Car":[],"Recipe":[],"Service":[],"SoftwareApplication":[],"WebPage":[]},"graphName":"","isEnabled":true},"graphs":[]},"schema_type":"default","schema_type_options":null,"pillar_content":false,"robots_default":true,"robots_noindex":false,"robots_noarchive":false,"robots_nosnippet":false,"robots_nofollow":false,"robots_noimageindex":false,"robots_noodp":false,"robots_notranslate":false,"robots_max_snippet":null,"robots_max_videopreview":null,"robots_max_imagepreview":"large","priority":null,"frequency":null,"local_seo":null,"seo_analyzer_scan_date":"2026-01-23 07:12:04","breadcrumb_settings":null,"limit_modified_date":false,"reviewed_by":null,"open_ai":null,"ai":null,"created":"2026-01-14 07:03:00","updated":"2026-04-23 15:38:55"},"aioseo_breadcrumb":"<div class=\"aioseo-breadcrumbs\"><span class=\"aioseo-breadcrumb\">\n\t<a href=\"https:\/\/hidalgo.nl\/de\/\" title=\"Home\">Home<\/a>\n<\/span><span class=\"aioseo-breadcrumb-separator\">\u00bb<\/span><span class=\"aioseo-breadcrumb\">\n\t<a href=\"https:\/\/hidalgo.nl\/example\/\" title=\"example\">example<\/a>\n<\/span><span class=\"aioseo-breadcrumb-separator\">\u00bb<\/span><span class=\"aioseo-breadcrumb\">\n\t<a href=\"https:\/\/hidalgo.nl\/en\/product-supplier\/a508\/\" title=\"A508\">A508<\/a>\n<\/span><span class=\"aioseo-breadcrumb-separator\">\u00bb<\/span><span class=\"aioseo-breadcrumb\">\n\tSudio Bluetooth Speaker F5 Pro\n<\/span><\/div>","aioseo_breadcrumb_json":[{"label":"Home","link":"https:\/\/hidalgo.nl\/de\/"},{"label":"example","link":"https:\/\/hidalgo.nl\/example\/"},{"label":"A508","link":"https:\/\/hidalgo.nl\/en\/product-supplier\/a508\/"},{"label":"Sudio Bluetooth Speaker F5 Pro","link":"https:\/\/hidalgo.nl\/de\/product\/797577\/sudio-bluetooth-speaker-f5-pro\/"}],"_links":{"self":[{"href":"https:\/\/hidalgo.nl\/de\/wp-json\/wp\/v2\/product\/797577","targetHints":{"allow":["GET"]}}],"collection":[{"href":"https:\/\/hidalgo.nl\/de\/wp-json\/wp\/v2\/product"}],"about":[{"href":"https:\/\/hidalgo.nl\/de\/wp-json\/wp\/v2\/types\/product"}],"wp:featuredmedia":[{"embeddable":true,"href":"https:\/\/hidalgo.nl\/de\/wp-json\/wp\/v2\/media\/797578"}],"wp:attachment":[{"href":"https:\/\/hidalgo.nl\/de\/wp-json\/wp\/v2\/media?parent=797577"}],"wp:term":[{"taxonomy":"product_brand","embeddable":true,"href":"https:\/\/hidalgo.nl\/de\/wp-json\/wp\/v2\/product_brand?post=797577"},{"taxonomy":"product_cat","embeddable":true,"href":"https:\/\/hidalgo.nl\/de\/wp-json\/wp\/v2\/product_cat?post=797577"},{"taxonomy":"product_tag","embeddable":true,"href":"https:\/\/hidalgo.nl\/de\/wp-json\/wp\/v2\/product_tag?post=797577"}],"curies":[{"name":"wp","href":"https:\/\/api.w.org\/{rel}","templated":true}]}}