{"id":79454,"date":"2025-07-07T00:25:46","date_gmt":"2025-07-07T00:25:46","guid":{"rendered":"http:\/\/bidonsenshakers.pim.hidalgo.nl\/product\/ki6201-totebag-k-loop-organic\/"},"modified":"2026-03-22T06:21:29","modified_gmt":"2026-03-22T06:21:29","slug":"ki6201-totebag-k-loop-organic","status":"publish","type":"product","link":"https:\/\/hidalgo.nl\/de\/product\/79454\/baumwolltasche-bedrucken-bio-rueckverfolgbar-shopper-one-size\/","title":{"rendered":"KI6201 &#8211; Totebag K-loop organic"},"content":{"rendered":"<p>100% biokatoen. Platte shopper met hengsels van 70 cm lang. K-loop Organic is de collectie in biologisch katoen van K-loop. Tijdens het weven worden er trackers aan de stof toegevoegd. Deze vezels van viscose en keramiek werken als een unieke digitale afdruk. De trackers weerspiegelen het licht en hebben een eigen, onveranderlijke code. Hierdoor kunnen we dus ondubbelzinnig in een blockchain alle informatie opslaan over de processen die het garen doorliep. Dankzij de Aware\u2122-trackingtechnologie en het blockchainplatform kan de eindconsument het hele productieproces van Kimood volgen. Zo heeft hij de garantie dat het product echt van biokatoen werd gemaakt, zonder wijzigingen tijdens het productieproces. Een speciaal label met een QR-code biedt toegang tot het Aware\u2122-platform. De certificeringen kunnen dus makkelijk worden geraadpleegd, gewoon met een smartphone.<\/p>\n","protected":false},"excerpt":{"rendered":"<p>100% biokatoen. Platte shopper met hengsels van 70 cm lang. K-loop Organic is de collectie in biologisch katoen van K-loop. Tijdens het weven worden er trackers aan de stof toegevoegd. Deze vezels van viscose en keramiek werken als een unieke digitale afdruk. De trackers weerspiegelen het licht en hebben een eigen, onveranderlijke code. Hierdoor kunnen&hellip; <a class=\"more-link\" href=\"https:\/\/hidalgo.nl\/de\/product\/79454\/baumwolltasche-bedrucken-bio-rueckverfolgbar-shopper-one-size\/\"><span class=\"screen-reader-text\">KI6201 &#8211; Totebag K-loop organic<\/span> weiterlesen<\/a><\/p>\n","protected":false},"featured_media":79455,"template":"","meta":{"_acf_changed":false,"om_disable_all_campaigns":false,"_monsterinsights_skip_tracking":false,"_monsterinsights_sitenote_active":false,"_monsterinsights_sitenote_note":"","_monsterinsights_sitenote_category":0},"product_brand":[43],"product_cat":[4726,4778,4713],"product_tag":[],"class_list":{"0":"post-79454","1":"product","2":"type-product","3":"status-publish","4":"has-post-thumbnail","6":"product_supplier-a403","7":"product_material-biologisch-katoen","8":"product_brand-kimood","9":"product_cat-draagtassen","10":"product_cat-katoenen-tassen","11":"product_cat-tassen","12":"entry","14":"first","15":"instock","16":"taxable","17":"shipping-taxable","18":"purchasable","19":"product-type-variable"},"acf":{"imprint_cost":[{"imprint_cost_key":"33483b79de35c41f6a5968127e3727b83ce2fe0b","product_quantity_price_range":[{"imprint_cost_recommended_selling_price":"0","imprint_cost_recommended_selling_quantity":"1"}],"product_quantity_price_range_buying":false,"imprint_cost_setup_costs":"","imprint_cost_handling_costs":""}]},"aioseo_notices":[],"aioseo_head":"\n\t\t<!-- All in One SEO Pro 4.9.6.2 - aioseo.com -->\n\t<meta name=\"description\" content=\"Du brauchst eine nachhaltige Tragetasche f\u00fcr Job, Uni und Events? Diese One-size Tasche aus Bio-Baumwolle ist per QR-Code vollst\u00e4ndig r\u00fcckverfolgbar und du kannst sie bei Hidalgo als Stoffbeutel mit Logo veredeln oder Baumwolltaschen bedrucken lassen.\" \/>\n\t<meta name=\"robots\" content=\"max-image-preview:large\" \/>\n\t<link rel=\"canonical\" href=\"https:\/\/hidalgo.nl\/de\/wp-json\/wp\/v2\/product\/79454\" \/>\n\t<meta name=\"generator\" content=\"All in One SEO Pro (AIOSEO) 4.9.6.2\" \/>\n\t\t<meta property=\"og:locale\" content=\"de_DE\" \/>\n\t\t<meta property=\"og:site_name\" content=\"Hidalgo -\" \/>\n\t\t<meta property=\"og:type\" content=\"article\" \/>\n\t\t<meta property=\"og:title\" content=\"Baumwolltasche bedrucken Bio R\u00fcckverfolgbar Shopper One-size\" \/>\n\t\t<meta property=\"og:description\" content=\"Du brauchst eine nachhaltige Tragetasche f\u00fcr Job, Uni und Events? Diese One-size Tasche aus Bio-Baumwolle ist per QR-Code vollst\u00e4ndig r\u00fcckverfolgbar und du kannst sie bei Hidalgo als Stoffbeutel mit Logo veredeln oder Baumwolltaschen bedrucken lassen.\" \/>\n\t\t<meta property=\"og:url\" content=\"https:\/\/hidalgo.nl\/de\/wp-json\/wp\/v2\/product\/79454\" \/>\n\t\t<meta property=\"og:image\" content=\"https:\/\/shop.hidalgo.nl\/wp-content\/uploads\/2025\/11\/cropped-Hidalgo-est1993.png\" \/>\n\t\t<meta property=\"og:image:secure_url\" content=\"https:\/\/shop.hidalgo.nl\/wp-content\/uploads\/2025\/11\/cropped-Hidalgo-est1993.png\" \/>\n\t\t<meta property=\"article:published_time\" content=\"2025-07-07T00:25:46+00:00\" \/>\n\t\t<meta property=\"article:modified_time\" content=\"2026-03-22T06:21:29+00:00\" \/>\n\t\t<meta name=\"twitter:card\" content=\"summary_large_image\" \/>\n\t\t<meta name=\"twitter:title\" content=\"Baumwolltasche bedrucken Bio R\u00fcckverfolgbar Shopper One-size\" \/>\n\t\t<meta name=\"twitter:description\" content=\"Du brauchst eine nachhaltige Tragetasche f\u00fcr Job, Uni und Events? Diese One-size Tasche aus Bio-Baumwolle ist per QR-Code vollst\u00e4ndig r\u00fcckverfolgbar und du kannst sie bei Hidalgo als Stoffbeutel mit Logo veredeln oder Baumwolltaschen bedrucken lassen.\" \/>\n\t\t<meta name=\"twitter:image\" content=\"https:\/\/shop.hidalgo.nl\/wp-content\/uploads\/2025\/11\/cropped-Hidalgo-est1993.png\" \/>\n\t\t<script type=\"application\/ld+json\" class=\"aioseo-schema\">\n\t\t\t{\"@context\":\"https:\\\/\\\/schema.org\",\"@graph\":[{\"@type\":\"BreadcrumbList\",\"@id\":\"https:\\\/\\\/hidalgo.nl\\\/de\\\/product\\\/79454\\\/baumwolltasche-bedrucken-bio-rueckverfolgbar-shopper-one-size\\\/#breadcrumblist\",\"itemListElement\":[{\"@type\":\"ListItem\",\"@id\":\"https:\\\/\\\/hidalgo.nl\\\/de\\\/#listItem\",\"position\":1,\"name\":\"Home\",\"item\":\"https:\\\/\\\/hidalgo.nl\\\/de\\\/\",\"nextItem\":{\"@type\":\"ListItem\",\"@id\":\"https:\\\/\\\/hidalgo.nl\\\/example\\\/#listItem\",\"name\":\"example\"}},{\"@type\":\"ListItem\",\"@id\":\"https:\\\/\\\/hidalgo.nl\\\/example\\\/#listItem\",\"position\":2,\"name\":\"example\",\"item\":\"https:\\\/\\\/hidalgo.nl\\\/example\\\/\",\"nextItem\":{\"@type\":\"ListItem\",\"@id\":\"https:\\\/\\\/hidalgo.nl\\\/en\\\/product-supplier\\\/a403\\\/#listItem\",\"name\":\"A403\"},\"previousItem\":{\"@type\":\"ListItem\",\"@id\":\"https:\\\/\\\/hidalgo.nl\\\/de\\\/#listItem\",\"name\":\"Home\"}},{\"@type\":\"ListItem\",\"@id\":\"https:\\\/\\\/hidalgo.nl\\\/en\\\/product-supplier\\\/a403\\\/#listItem\",\"position\":3,\"name\":\"A403\",\"item\":\"https:\\\/\\\/hidalgo.nl\\\/en\\\/product-supplier\\\/a403\\\/\",\"nextItem\":{\"@type\":\"ListItem\",\"@id\":\"https:\\\/\\\/hidalgo.nl\\\/de\\\/product\\\/79454\\\/baumwolltasche-bedrucken-bio-rueckverfolgbar-shopper-one-size\\\/#listItem\",\"name\":\"KI6201 &#8211; Totebag K-loop organic\"},\"previousItem\":{\"@type\":\"ListItem\",\"@id\":\"https:\\\/\\\/hidalgo.nl\\\/example\\\/#listItem\",\"name\":\"example\"}},{\"@type\":\"ListItem\",\"@id\":\"https:\\\/\\\/hidalgo.nl\\\/de\\\/product\\\/79454\\\/baumwolltasche-bedrucken-bio-rueckverfolgbar-shopper-one-size\\\/#listItem\",\"position\":4,\"name\":\"KI6201 &#8211; Totebag K-loop organic\",\"previousItem\":{\"@type\":\"ListItem\",\"@id\":\"https:\\\/\\\/hidalgo.nl\\\/en\\\/product-supplier\\\/a403\\\/#listItem\",\"name\":\"A403\"}}]},{\"@type\":\"Organization\",\"@id\":\"https:\\\/\\\/hidalgo.nl\\\/de\\\/#organization\",\"name\":\"Hidalgo\",\"url\":\"https:\\\/\\\/hidalgo.nl\\\/de\\\/\",\"logo\":{\"@type\":\"ImageObject\",\"url\":\"https:\\\/\\\/shop.hidalgo.nl\\\/wp-content\\\/uploads\\\/2025\\\/11\\\/cropped-Hidalgo-est1993.png\",\"@id\":\"https:\\\/\\\/hidalgo.nl\\\/de\\\/product\\\/79454\\\/baumwolltasche-bedrucken-bio-rueckverfolgbar-shopper-one-size\\\/#organizationLogo\",\"width\":585,\"height\":195},\"image\":{\"@id\":\"https:\\\/\\\/hidalgo.nl\\\/de\\\/product\\\/79454\\\/baumwolltasche-bedrucken-bio-rueckverfolgbar-shopper-one-size\\\/#organizationLogo\"}},{\"@type\":\"ProductGroup\",\"@id\":\"https:\\\/\\\/hidalgo.nl\\\/de\\\/product\\\/79454\\\/baumwolltasche-bedrucken-bio-rueckverfolgbar-shopper-one-size\\\/#wooCommerceProduct\",\"name\":\"Baumwolltasche bedrucken Bio R\\u00fcckverfolgbar Shopper One-size\",\"url\":\"https:\\\/\\\/hidalgo.nl\\\/de\\\/product\\\/79454\\\/baumwolltasche-bedrucken-bio-rueckverfolgbar-shopper-one-size\\\/\",\"brand\":{\"@type\":\"Brand\",\"name\":\"Kimood\"},\"sku\":\"A403-KI6201\",\"image\":{\"@type\":\"ImageObject\",\"url\":\"https:\\\/\\\/shop.hidalgo.nl\\\/wp-content\\\/uploads\\\/2025\\\/07\\\/2dd9bfa82df3c7a81a9fe16521572dd123fa6141c739b67770a4af7b3277b387.png\",\"@id\":\"https:\\\/\\\/hidalgo.nl\\\/de\\\/product\\\/79454\\\/baumwolltasche-bedrucken-bio-rueckverfolgbar-shopper-one-size\\\/#productImage\",\"width\":1000,\"height\":1000},\"productGroupID\":79454,\"hasVariant\":[{\"@type\":\"Product\",\"@id\":\"https:\\\/\\\/hidalgo.nl\\\/de\\\/product\\\/79454\\\/baumwolltasche-bedrucken-bio-rueckverfolgbar-shopper-one-size\\\/#wooCommerceProduct\",\"name\":\"KI6201 - Totebag K-loop organic - , black\",\"url\":\"https:\\\/\\\/hidalgo.nl\\\/de\\\/product\\\/79454\\\/baumwolltasche-bedrucken-bio-rueckverfolgbar-shopper-one-size\\\/\",\"sku\":\"A403-KI6201_85642_85641\",\"gtin\":\"3663639128766\",\"image\":{\"@type\":\"ImageObject\",\"url\":\"https:\\\/\\\/shop.hidalgo.nl\\\/wp-content\\\/uploads\\\/2025\\\/07\\\/2dd9bfa82df3c7a81a9fe16521572dd123fa6141c739b67770a4af7b3277b387.png\",\"@id\":\"https:\\\/\\\/hidalgo.nl\\\/de\\\/product\\\/79454\\\/baumwolltasche-bedrucken-bio-rueckverfolgbar-shopper-one-size\\\/#productImage\",\"width\":1000,\"height\":1000},\"offers\":{\"@type\":\"Offer\",\"url\":\"https:\\\/\\\/hidalgo.nl\\\/de\\\/product\\\/79454\\\/baumwolltasche-bedrucken-bio-rueckverfolgbar-shopper-one-size\\\/#wooCommerceOffer\",\"price\":\"2.68\",\"priceCurrency\":\"EUR\",\"category\":\"Tassen\",\"availability\":\"https:\\\/\\\/schema.org\\\/InStock\",\"priceSpecification\":{\"@type\":\"PriceSpecification\",\"price\":2.68,\"priceCurrency\":\"EUR\",\"valueAddedTaxIncluded\":\"true\"}}},{\"@type\":\"Product\",\"@id\":\"https:\\\/\\\/hidalgo.nl\\\/de\\\/product\\\/79454\\\/baumwolltasche-bedrucken-bio-rueckverfolgbar-shopper-one-size\\\/#wooCommerceProduct\",\"name\":\"KI6201 - Totebag K-loop organic - , navy\",\"url\":\"https:\\\/\\\/hidalgo.nl\\\/de\\\/product\\\/79454\\\/baumwolltasche-bedrucken-bio-rueckverfolgbar-shopper-one-size\\\/\",\"sku\":\"A403-KI6201_85644_85641\",\"gtin\":\"3663639128780\",\"image\":{\"@type\":\"ImageObject\",\"url\":\"https:\\\/\\\/shop.hidalgo.nl\\\/wp-content\\\/uploads\\\/2025\\\/07\\\/de3dfb9e47de4706f60e8e03cf9e0ba80e98a486b544a7d8887aa86cc04364b7.png\",\"@id\":\"https:\\\/\\\/hidalgo.nl\\\/de\\\/product\\\/79454\\\/baumwolltasche-bedrucken-bio-rueckverfolgbar-shopper-one-size\\\/#productImage\",\"width\":1000,\"height\":1000},\"offers\":{\"@type\":\"Offer\",\"url\":\"https:\\\/\\\/hidalgo.nl\\\/de\\\/product\\\/79454\\\/baumwolltasche-bedrucken-bio-rueckverfolgbar-shopper-one-size\\\/#wooCommerceOffer\",\"price\":\"2.68\",\"priceCurrency\":\"EUR\",\"category\":\"Tassen\",\"availability\":\"https:\\\/\\\/schema.org\\\/InStock\",\"priceSpecification\":{\"@type\":\"PriceSpecification\",\"price\":2.68,\"priceCurrency\":\"EUR\",\"valueAddedTaxIncluded\":\"true\"}}},{\"@type\":\"Product\",\"@id\":\"https:\\\/\\\/hidalgo.nl\\\/de\\\/product\\\/79454\\\/baumwolltasche-bedrucken-bio-rueckverfolgbar-shopper-one-size\\\/#wooCommerceProduct\",\"name\":\"KI6201 - Totebag K-loop organic - , raw-natural\",\"url\":\"https:\\\/\\\/hidalgo.nl\\\/de\\\/product\\\/79454\\\/baumwolltasche-bedrucken-bio-rueckverfolgbar-shopper-one-size\\\/\",\"sku\":\"A403-KI6201_85643_85641\",\"gtin\":\"3663639128773\",\"image\":{\"@type\":\"ImageObject\",\"url\":\"https:\\\/\\\/shop.hidalgo.nl\\\/wp-content\\\/uploads\\\/2025\\\/07\\\/70bacfeb1d6b8248ff6e4cecc97e16d891990df48e9d42fa21adb599f96d510a.png\",\"@id\":\"https:\\\/\\\/hidalgo.nl\\\/de\\\/product\\\/79454\\\/baumwolltasche-bedrucken-bio-rueckverfolgbar-shopper-one-size\\\/#productImage\",\"width\":1000,\"height\":1000},\"offers\":{\"@type\":\"Offer\",\"url\":\"https:\\\/\\\/hidalgo.nl\\\/de\\\/product\\\/79454\\\/baumwolltasche-bedrucken-bio-rueckverfolgbar-shopper-one-size\\\/#wooCommerceOffer\",\"price\":\"2.68\",\"priceCurrency\":\"EUR\",\"category\":\"Tassen\",\"availability\":\"https:\\\/\\\/schema.org\\\/InStock\",\"priceSpecification\":{\"@type\":\"PriceSpecification\",\"price\":2.68,\"priceCurrency\":\"EUR\",\"valueAddedTaxIncluded\":\"true\"}}}]},{\"@type\":\"WebPage\",\"@id\":\"https:\\\/\\\/hidalgo.nl\\\/de\\\/product\\\/79454\\\/baumwolltasche-bedrucken-bio-rueckverfolgbar-shopper-one-size\\\/#webpage\",\"url\":\"https:\\\/\\\/hidalgo.nl\\\/de\\\/product\\\/79454\\\/baumwolltasche-bedrucken-bio-rueckverfolgbar-shopper-one-size\\\/\",\"name\":\"Baumwolltasche bedrucken Bio R\\u00fcckverfolgbar Shopper One-size\",\"description\":\"Du brauchst eine nachhaltige Tragetasche f\\u00fcr Job, Uni und Events? Diese One-size Tasche aus Bio-Baumwolle ist per QR-Code vollst\\u00e4ndig r\\u00fcckverfolgbar und du kannst sie bei Hidalgo als Stoffbeutel mit Logo veredeln oder Baumwolltaschen bedrucken lassen.\",\"inLanguage\":\"de-DE\",\"isPartOf\":{\"@id\":\"https:\\\/\\\/hidalgo.nl\\\/de\\\/#website\"},\"breadcrumb\":{\"@id\":\"https:\\\/\\\/hidalgo.nl\\\/de\\\/product\\\/79454\\\/baumwolltasche-bedrucken-bio-rueckverfolgbar-shopper-one-size\\\/#breadcrumblist\"},\"image\":{\"@type\":\"ImageObject\",\"url\":\"https:\\\/\\\/shop.hidalgo.nl\\\/wp-content\\\/uploads\\\/2025\\\/07\\\/2dd9bfa82df3c7a81a9fe16521572dd123fa6141c739b67770a4af7b3277b387.png\",\"@id\":\"https:\\\/\\\/hidalgo.nl\\\/de\\\/product\\\/79454\\\/baumwolltasche-bedrucken-bio-rueckverfolgbar-shopper-one-size\\\/#mainImage\",\"width\":1000,\"height\":1000},\"primaryImageOfPage\":{\"@id\":\"https:\\\/\\\/hidalgo.nl\\\/de\\\/product\\\/79454\\\/baumwolltasche-bedrucken-bio-rueckverfolgbar-shopper-one-size\\\/#mainImage\"},\"datePublished\":\"2025-07-07T00:25:46+00:00\",\"dateModified\":\"2026-03-22T06:21:29+00:00\"},{\"@type\":\"WebSite\",\"@id\":\"https:\\\/\\\/hidalgo.nl\\\/de\\\/#website\",\"url\":\"https:\\\/\\\/hidalgo.nl\\\/de\\\/\",\"name\":\"Hidalgo\",\"inLanguage\":\"de-DE\",\"publisher\":{\"@id\":\"https:\\\/\\\/hidalgo.nl\\\/de\\\/#organization\"}}]}\n\t\t<\/script>\n\t\t<!-- All in One SEO Pro -->\r\n\t\t<title>Baumwolltasche bedrucken Bio R\u00fcckverfolgbar Shopper One-size<\/title>\n\n","aioseo_head_json":{"title":"Baumwolltasche bedrucken Bio R\u00fcckverfolgbar Shopper One-size","description":"Du brauchst eine nachhaltige Tragetasche f\u00fcr Job, Uni und Events? Diese One-size Tasche aus Bio-Baumwolle ist per QR-Code vollst\u00e4ndig r\u00fcckverfolgbar und du kannst sie bei Hidalgo als Stoffbeutel mit Logo veredeln oder Baumwolltaschen bedrucken lassen.","canonical_url":"https:\/\/hidalgo.nl\/de\/wp-json\/wp\/v2\/product\/79454","robots":"max-image-preview:large","keywords":"","webmasterTools":{"miscellaneous":""},"schema":{"@context":"https:\/\/schema.org","@graph":[{"@type":"BreadcrumbList","@id":"https:\/\/hidalgo.nl\/de\/product\/79454\/baumwolltasche-bedrucken-bio-rueckverfolgbar-shopper-one-size\/#breadcrumblist","itemListElement":[{"@type":"ListItem","@id":"https:\/\/hidalgo.nl\/de\/#listItem","position":1,"name":"Home","item":"https:\/\/hidalgo.nl\/de\/","nextItem":{"@type":"ListItem","@id":"https:\/\/hidalgo.nl\/example\/#listItem","name":"example"}},{"@type":"ListItem","@id":"https:\/\/hidalgo.nl\/example\/#listItem","position":2,"name":"example","item":"https:\/\/hidalgo.nl\/example\/","nextItem":{"@type":"ListItem","@id":"https:\/\/hidalgo.nl\/en\/product-supplier\/a403\/#listItem","name":"A403"},"previousItem":{"@type":"ListItem","@id":"https:\/\/hidalgo.nl\/de\/#listItem","name":"Home"}},{"@type":"ListItem","@id":"https:\/\/hidalgo.nl\/en\/product-supplier\/a403\/#listItem","position":3,"name":"A403","item":"https:\/\/hidalgo.nl\/en\/product-supplier\/a403\/","nextItem":{"@type":"ListItem","@id":"https:\/\/hidalgo.nl\/de\/product\/79454\/baumwolltasche-bedrucken-bio-rueckverfolgbar-shopper-one-size\/#listItem","name":"KI6201 &#8211; Totebag K-loop organic"},"previousItem":{"@type":"ListItem","@id":"https:\/\/hidalgo.nl\/example\/#listItem","name":"example"}},{"@type":"ListItem","@id":"https:\/\/hidalgo.nl\/de\/product\/79454\/baumwolltasche-bedrucken-bio-rueckverfolgbar-shopper-one-size\/#listItem","position":4,"name":"KI6201 &#8211; Totebag K-loop organic","previousItem":{"@type":"ListItem","@id":"https:\/\/hidalgo.nl\/en\/product-supplier\/a403\/#listItem","name":"A403"}}]},{"@type":"Organization","@id":"https:\/\/hidalgo.nl\/de\/#organization","name":"Hidalgo","url":"https:\/\/hidalgo.nl\/de\/","logo":{"@type":"ImageObject","url":"https:\/\/shop.hidalgo.nl\/wp-content\/uploads\/2025\/11\/cropped-Hidalgo-est1993.png","@id":"https:\/\/hidalgo.nl\/de\/product\/79454\/baumwolltasche-bedrucken-bio-rueckverfolgbar-shopper-one-size\/#organizationLogo","width":585,"height":195},"image":{"@id":"https:\/\/hidalgo.nl\/de\/product\/79454\/baumwolltasche-bedrucken-bio-rueckverfolgbar-shopper-one-size\/#organizationLogo"}},{"@type":"ProductGroup","@id":"https:\/\/hidalgo.nl\/de\/product\/79454\/baumwolltasche-bedrucken-bio-rueckverfolgbar-shopper-one-size\/#wooCommerceProduct","name":"Baumwolltasche bedrucken Bio R\u00fcckverfolgbar Shopper One-size","url":"https:\/\/hidalgo.nl\/de\/product\/79454\/baumwolltasche-bedrucken-bio-rueckverfolgbar-shopper-one-size\/","brand":{"@type":"Brand","name":"Kimood"},"sku":"A403-KI6201","image":{"@type":"ImageObject","url":"https:\/\/shop.hidalgo.nl\/wp-content\/uploads\/2025\/07\/2dd9bfa82df3c7a81a9fe16521572dd123fa6141c739b67770a4af7b3277b387.png","@id":"https:\/\/hidalgo.nl\/de\/product\/79454\/baumwolltasche-bedrucken-bio-rueckverfolgbar-shopper-one-size\/#productImage","width":1000,"height":1000},"productGroupID":79454,"hasVariant":[{"@type":"Product","@id":"https:\/\/hidalgo.nl\/de\/product\/79454\/baumwolltasche-bedrucken-bio-rueckverfolgbar-shopper-one-size\/#wooCommerceProduct","name":"KI6201 - Totebag K-loop organic - , black","url":"https:\/\/hidalgo.nl\/de\/product\/79454\/baumwolltasche-bedrucken-bio-rueckverfolgbar-shopper-one-size\/","sku":"A403-KI6201_85642_85641","gtin":"3663639128766","image":{"@type":"ImageObject","url":"https:\/\/shop.hidalgo.nl\/wp-content\/uploads\/2025\/07\/2dd9bfa82df3c7a81a9fe16521572dd123fa6141c739b67770a4af7b3277b387.png","@id":"https:\/\/hidalgo.nl\/de\/product\/79454\/baumwolltasche-bedrucken-bio-rueckverfolgbar-shopper-one-size\/#productImage","width":1000,"height":1000},"offers":{"@type":"Offer","url":"https:\/\/hidalgo.nl\/de\/product\/79454\/baumwolltasche-bedrucken-bio-rueckverfolgbar-shopper-one-size\/#wooCommerceOffer","price":"2.68","priceCurrency":"EUR","category":"Tassen","availability":"https:\/\/schema.org\/InStock","priceSpecification":{"@type":"PriceSpecification","price":2.68,"priceCurrency":"EUR","valueAddedTaxIncluded":"true"}}},{"@type":"Product","@id":"https:\/\/hidalgo.nl\/de\/product\/79454\/baumwolltasche-bedrucken-bio-rueckverfolgbar-shopper-one-size\/#wooCommerceProduct","name":"KI6201 - Totebag K-loop organic - , navy","url":"https:\/\/hidalgo.nl\/de\/product\/79454\/baumwolltasche-bedrucken-bio-rueckverfolgbar-shopper-one-size\/","sku":"A403-KI6201_85644_85641","gtin":"3663639128780","image":{"@type":"ImageObject","url":"https:\/\/shop.hidalgo.nl\/wp-content\/uploads\/2025\/07\/de3dfb9e47de4706f60e8e03cf9e0ba80e98a486b544a7d8887aa86cc04364b7.png","@id":"https:\/\/hidalgo.nl\/de\/product\/79454\/baumwolltasche-bedrucken-bio-rueckverfolgbar-shopper-one-size\/#productImage","width":1000,"height":1000},"offers":{"@type":"Offer","url":"https:\/\/hidalgo.nl\/de\/product\/79454\/baumwolltasche-bedrucken-bio-rueckverfolgbar-shopper-one-size\/#wooCommerceOffer","price":"2.68","priceCurrency":"EUR","category":"Tassen","availability":"https:\/\/schema.org\/InStock","priceSpecification":{"@type":"PriceSpecification","price":2.68,"priceCurrency":"EUR","valueAddedTaxIncluded":"true"}}},{"@type":"Product","@id":"https:\/\/hidalgo.nl\/de\/product\/79454\/baumwolltasche-bedrucken-bio-rueckverfolgbar-shopper-one-size\/#wooCommerceProduct","name":"KI6201 - Totebag K-loop organic - , raw-natural","url":"https:\/\/hidalgo.nl\/de\/product\/79454\/baumwolltasche-bedrucken-bio-rueckverfolgbar-shopper-one-size\/","sku":"A403-KI6201_85643_85641","gtin":"3663639128773","image":{"@type":"ImageObject","url":"https:\/\/shop.hidalgo.nl\/wp-content\/uploads\/2025\/07\/70bacfeb1d6b8248ff6e4cecc97e16d891990df48e9d42fa21adb599f96d510a.png","@id":"https:\/\/hidalgo.nl\/de\/product\/79454\/baumwolltasche-bedrucken-bio-rueckverfolgbar-shopper-one-size\/#productImage","width":1000,"height":1000},"offers":{"@type":"Offer","url":"https:\/\/hidalgo.nl\/de\/product\/79454\/baumwolltasche-bedrucken-bio-rueckverfolgbar-shopper-one-size\/#wooCommerceOffer","price":"2.68","priceCurrency":"EUR","category":"Tassen","availability":"https:\/\/schema.org\/InStock","priceSpecification":{"@type":"PriceSpecification","price":2.68,"priceCurrency":"EUR","valueAddedTaxIncluded":"true"}}}]},{"@type":"WebPage","@id":"https:\/\/hidalgo.nl\/de\/product\/79454\/baumwolltasche-bedrucken-bio-rueckverfolgbar-shopper-one-size\/#webpage","url":"https:\/\/hidalgo.nl\/de\/product\/79454\/baumwolltasche-bedrucken-bio-rueckverfolgbar-shopper-one-size\/","name":"Baumwolltasche bedrucken Bio R\u00fcckverfolgbar Shopper One-size","description":"Du brauchst eine nachhaltige Tragetasche f\u00fcr Job, Uni und Events? Diese One-size Tasche aus Bio-Baumwolle ist per QR-Code vollst\u00e4ndig r\u00fcckverfolgbar und du kannst sie bei Hidalgo als Stoffbeutel mit Logo veredeln oder Baumwolltaschen bedrucken lassen.","inLanguage":"de-DE","isPartOf":{"@id":"https:\/\/hidalgo.nl\/de\/#website"},"breadcrumb":{"@id":"https:\/\/hidalgo.nl\/de\/product\/79454\/baumwolltasche-bedrucken-bio-rueckverfolgbar-shopper-one-size\/#breadcrumblist"},"image":{"@type":"ImageObject","url":"https:\/\/shop.hidalgo.nl\/wp-content\/uploads\/2025\/07\/2dd9bfa82df3c7a81a9fe16521572dd123fa6141c739b67770a4af7b3277b387.png","@id":"https:\/\/hidalgo.nl\/de\/product\/79454\/baumwolltasche-bedrucken-bio-rueckverfolgbar-shopper-one-size\/#mainImage","width":1000,"height":1000},"primaryImageOfPage":{"@id":"https:\/\/hidalgo.nl\/de\/product\/79454\/baumwolltasche-bedrucken-bio-rueckverfolgbar-shopper-one-size\/#mainImage"},"datePublished":"2025-07-07T00:25:46+00:00","dateModified":"2026-03-22T06:21:29+00:00"},{"@type":"WebSite","@id":"https:\/\/hidalgo.nl\/de\/#website","url":"https:\/\/hidalgo.nl\/de\/","name":"Hidalgo","inLanguage":"de-DE","publisher":{"@id":"https:\/\/hidalgo.nl\/de\/#organization"}}]},"og:locale":"de_DE","og:site_name":"Hidalgo -","og:type":"article","og:title":"Baumwolltasche bedrucken Bio R\u00fcckverfolgbar Shopper One-size","og:description":"Du brauchst eine nachhaltige Tragetasche f\u00fcr Job, Uni und Events? Diese One-size Tasche aus Bio-Baumwolle ist per QR-Code vollst\u00e4ndig r\u00fcckverfolgbar und du kannst sie bei Hidalgo als Stoffbeutel mit Logo veredeln oder Baumwolltaschen bedrucken lassen.","og:url":"https:\/\/hidalgo.nl\/de\/wp-json\/wp\/v2\/product\/79454","og:image":"https:\/\/shop.hidalgo.nl\/wp-content\/uploads\/2025\/11\/cropped-Hidalgo-est1993.png","og:image:secure_url":"https:\/\/shop.hidalgo.nl\/wp-content\/uploads\/2025\/11\/cropped-Hidalgo-est1993.png","article:published_time":"2025-07-07T00:25:46+00:00","article:modified_time":"2026-03-22T06:21:29+00:00","twitter:card":"summary_large_image","twitter:title":"Baumwolltasche bedrucken Bio R\u00fcckverfolgbar Shopper One-size","twitter:description":"Du brauchst eine nachhaltige Tragetasche f\u00fcr Job, Uni und Events? Diese One-size Tasche aus Bio-Baumwolle ist per QR-Code vollst\u00e4ndig r\u00fcckverfolgbar und du kannst sie bei Hidalgo als Stoffbeutel mit Logo veredeln oder Baumwolltaschen bedrucken lassen.","twitter:image":"https:\/\/shop.hidalgo.nl\/wp-content\/uploads\/2025\/11\/cropped-Hidalgo-est1993.png"},"aioseo_meta_data":{"post_id":"79454","title":null,"description":null,"keywords":null,"keyphrases":null,"primary_term":null,"canonical_url":null,"og_title":null,"og_description":null,"og_object_type":"default","og_image_type":"default","og_image_url":null,"og_image_width":null,"og_image_height":null,"og_image_custom_url":null,"og_image_custom_fields":null,"og_video":null,"og_custom_url":null,"og_article_section":null,"og_article_tags":null,"twitter_use_og":false,"twitter_card":"default","twitter_image_type":"default","twitter_image_url":null,"twitter_image_custom_url":null,"twitter_image_custom_fields":null,"twitter_title":null,"twitter_description":null,"schema":{"blockGraphs":[],"customGraphs":[],"default":{"data":{"Article":[],"Course":[],"Dataset":[],"FAQPage":[],"Movie":[],"Person":[],"Product":[],"ProductReview":[],"Car":[],"Recipe":[],"Service":[],"SoftwareApplication":[],"WebPage":[]},"graphName":"","isEnabled":true},"graphs":[]},"schema_type":"default","schema_type_options":null,"pillar_content":false,"robots_default":true,"robots_noindex":false,"robots_noarchive":false,"robots_nosnippet":false,"robots_nofollow":false,"robots_noimageindex":false,"robots_noodp":false,"robots_notranslate":false,"robots_max_snippet":null,"robots_max_videopreview":null,"robots_max_imagepreview":"large","priority":null,"frequency":null,"local_seo":null,"seo_analyzer_scan_date":"2026-01-20 15:52:22","breadcrumb_settings":null,"limit_modified_date":false,"reviewed_by":null,"open_ai":null,"ai":null,"created":"2026-01-14 06:25:29","updated":"2026-04-22 19:38:50"},"aioseo_breadcrumb":"<div class=\"aioseo-breadcrumbs\"><span class=\"aioseo-breadcrumb\">\n\t<a href=\"https:\/\/hidalgo.nl\/de\/\" title=\"Home\">Home<\/a>\n<\/span><span class=\"aioseo-breadcrumb-separator\">\u00bb<\/span><span class=\"aioseo-breadcrumb\">\n\t<a href=\"https:\/\/hidalgo.nl\/example\/\" title=\"example\">example<\/a>\n<\/span><span class=\"aioseo-breadcrumb-separator\">\u00bb<\/span><span class=\"aioseo-breadcrumb\">\n\t<a href=\"https:\/\/hidalgo.nl\/en\/product-supplier\/a403\/\" title=\"A403\">A403<\/a>\n<\/span><span class=\"aioseo-breadcrumb-separator\">\u00bb<\/span><span class=\"aioseo-breadcrumb\">\n\tKI6201 \u2013 Totebag K-loop organic\n<\/span><\/div>","aioseo_breadcrumb_json":[{"label":"Home","link":"https:\/\/hidalgo.nl\/de\/"},{"label":"example","link":"https:\/\/hidalgo.nl\/example\/"},{"label":"A403","link":"https:\/\/hidalgo.nl\/en\/product-supplier\/a403\/"},{"label":"KI6201 &#8211; Totebag K-loop organic","link":"https:\/\/hidalgo.nl\/de\/product\/79454\/baumwolltasche-bedrucken-bio-rueckverfolgbar-shopper-one-size\/"}],"_links":{"self":[{"href":"https:\/\/hidalgo.nl\/de\/wp-json\/wp\/v2\/product\/79454","targetHints":{"allow":["GET"]}}],"collection":[{"href":"https:\/\/hidalgo.nl\/de\/wp-json\/wp\/v2\/product"}],"about":[{"href":"https:\/\/hidalgo.nl\/de\/wp-json\/wp\/v2\/types\/product"}],"wp:featuredmedia":[{"embeddable":true,"href":"https:\/\/hidalgo.nl\/de\/wp-json\/wp\/v2\/media\/79455"}],"wp:attachment":[{"href":"https:\/\/hidalgo.nl\/de\/wp-json\/wp\/v2\/media?parent=79454"}],"wp:term":[{"taxonomy":"product_brand","embeddable":true,"href":"https:\/\/hidalgo.nl\/de\/wp-json\/wp\/v2\/product_brand?post=79454"},{"taxonomy":"product_cat","embeddable":true,"href":"https:\/\/hidalgo.nl\/de\/wp-json\/wp\/v2\/product_cat?post=79454"},{"taxonomy":"product_tag","embeddable":true,"href":"https:\/\/hidalgo.nl\/de\/wp-json\/wp\/v2\/product_tag?post=79454"}],"curies":[{"name":"wp","href":"https:\/\/api.w.org\/{rel}","templated":true}]}}