{"id":79446,"date":"2025-07-07T00:25:34","date_gmt":"2025-07-07T00:25:34","guid":{"rendered":"http:\/\/bidonsenshakers.pim.hidalgo.nl\/product\/ki6101-koordjestas-k-loop-organic\/"},"modified":"2026-03-22T06:20:57","modified_gmt":"2026-03-22T06:20:57","slug":"ki6101-koordjestas-k-loop-organic","status":"publish","type":"product","link":"https:\/\/hidalgo.nl\/de\/product\/79446\/turnbeutel-ki6101-bedrucken-bio-baumwolle-aware-one-size\/","title":{"rendered":"KI6101 &#8211; Koordjestas K-loop organic"},"content":{"rendered":"<p>100% biokatoen. Sluiting met een dik aanrijgkoord. K-loop Organic is de collectie in biologisch katoen van K-loop. Tijdens het weven worden er trackers aan de stof toegevoegd. Deze vezels van viscose en keramiek werken als een unieke digitale afdruk. De trackers weerspiegelen het licht en hebben een eigen, onveranderlijke code. Hierdoor kunnen we dus ondubbelzinnig in een blockchain alle informatie opslaan over de processen die het garen doorliep. Dankzij de Aware\u2122-trackingtechnologie en het blockchainplatform kan de eindconsument het hele productieproces van Kimood volgen. Zo heeft hij de garantie dat het product echt van biokatoen werd gemaakt, zonder wijzigingen tijdens het productieproces. Een speciaal label met een QR-code biedt toegang tot het Aware\u2122-platform. De certificeringen kunnen dus makkelijk worden geraadpleegd, gewoon met een smartphone.<\/p>\n","protected":false},"excerpt":{"rendered":"<p>100% biokatoen. Sluiting met een dik aanrijgkoord. K-loop Organic is de collectie in biologisch katoen van K-loop. Tijdens het weven worden er trackers aan de stof toegevoegd. Deze vezels van viscose en keramiek werken als een unieke digitale afdruk. De trackers weerspiegelen het licht en hebben een eigen, onveranderlijke code. Hierdoor kunnen we dus ondubbelzinnig&hellip; <a class=\"more-link\" href=\"https:\/\/hidalgo.nl\/de\/product\/79446\/turnbeutel-ki6101-bedrucken-bio-baumwolle-aware-one-size\/\"><span class=\"screen-reader-text\">KI6101 &#8211; Koordjestas K-loop organic<\/span> weiterlesen<\/a><\/p>\n","protected":false},"featured_media":79447,"template":"","meta":{"_acf_changed":false,"om_disable_all_campaigns":false,"_monsterinsights_skip_tracking":false,"_monsterinsights_sitenote_active":false,"_monsterinsights_sitenote_note":"","_monsterinsights_sitenote_category":0},"product_brand":[43],"product_cat":[4859,4795,4713],"product_tag":[],"class_list":{"0":"post-79446","1":"product","2":"type-product","3":"status-publish","4":"has-post-thumbnail","6":"product_supplier-a403","7":"product_material-biologisch-katoen","8":"product_brand-kimood","9":"product_cat-promo-rugzakken","10":"product_cat-rugtassen","11":"product_cat-tassen","12":"entry","14":"first","15":"instock","16":"taxable","17":"shipping-taxable","18":"purchasable","19":"product-type-variable"},"acf":{"imprint_cost":[{"imprint_cost_key":"33483b79de35c41f6a5968127e3727b83ce2fe0b","product_quantity_price_range":[{"imprint_cost_recommended_selling_price":"0","imprint_cost_recommended_selling_quantity":"1"}],"product_quantity_price_range_buying":false,"imprint_cost_setup_costs":"","imprint_cost_handling_costs":""}]},"aioseo_notices":[],"aioseo_head":"\n\t\t<!-- All in One SEO Pro 4.9.6.2 - aioseo.com -->\n\t<meta name=\"description\" content=\"Hier l\u00e4sst du deinen Kordelzugbeutel aus Bio-Baumwolle in One-size personalisieren: Hidalgo druckt dein Logo pr\u00e4zise. Ideal f\u00fcr Events &amp; Messen, leicht zu tragen und langlebig. Jetzt Turnbeutel bedrucken und mit wenig Aufwand Aufmerksamkeit gewinnen.\" \/>\n\t<meta name=\"robots\" content=\"max-image-preview:large\" \/>\n\t<link rel=\"canonical\" href=\"https:\/\/hidalgo.nl\/de\/wp-json\/wp\/v2\/product\/79446\" \/>\n\t<meta name=\"generator\" content=\"All in One SEO Pro (AIOSEO) 4.9.6.2\" \/>\n\t\t<meta property=\"og:locale\" content=\"de_DE\" \/>\n\t\t<meta property=\"og:site_name\" content=\"Hidalgo -\" \/>\n\t\t<meta property=\"og:type\" content=\"article\" \/>\n\t\t<meta property=\"og:title\" content=\"Turnbeutel KI6101 bedrucken Bio-Baumwolle Aware One-size\" \/>\n\t\t<meta property=\"og:description\" content=\"Hier l\u00e4sst du deinen Kordelzugbeutel aus Bio-Baumwolle in One-size personalisieren: Hidalgo druckt dein Logo pr\u00e4zise. Ideal f\u00fcr Events &amp; Messen, leicht zu tragen und langlebig. Jetzt Turnbeutel bedrucken und mit wenig Aufwand Aufmerksamkeit gewinnen.\" \/>\n\t\t<meta property=\"og:url\" content=\"https:\/\/hidalgo.nl\/de\/wp-json\/wp\/v2\/product\/79446\" \/>\n\t\t<meta property=\"og:image\" content=\"https:\/\/shop.hidalgo.nl\/wp-content\/uploads\/2025\/11\/cropped-Hidalgo-est1993.png\" \/>\n\t\t<meta property=\"og:image:secure_url\" content=\"https:\/\/shop.hidalgo.nl\/wp-content\/uploads\/2025\/11\/cropped-Hidalgo-est1993.png\" \/>\n\t\t<meta property=\"article:published_time\" content=\"2025-07-07T00:25:34+00:00\" \/>\n\t\t<meta property=\"article:modified_time\" content=\"2026-03-22T06:20:57+00:00\" \/>\n\t\t<meta name=\"twitter:card\" content=\"summary_large_image\" \/>\n\t\t<meta name=\"twitter:title\" content=\"Turnbeutel KI6101 bedrucken Bio-Baumwolle Aware One-size\" \/>\n\t\t<meta name=\"twitter:description\" content=\"Hier l\u00e4sst du deinen Kordelzugbeutel aus Bio-Baumwolle in One-size personalisieren: Hidalgo druckt dein Logo pr\u00e4zise. Ideal f\u00fcr Events &amp; Messen, leicht zu tragen und langlebig. Jetzt Turnbeutel bedrucken und mit wenig Aufwand Aufmerksamkeit gewinnen.\" \/>\n\t\t<meta name=\"twitter:image\" content=\"https:\/\/shop.hidalgo.nl\/wp-content\/uploads\/2025\/11\/cropped-Hidalgo-est1993.png\" \/>\n\t\t<script type=\"application\/ld+json\" class=\"aioseo-schema\">\n\t\t\t{\"@context\":\"https:\\\/\\\/schema.org\",\"@graph\":[{\"@type\":\"BreadcrumbList\",\"@id\":\"https:\\\/\\\/hidalgo.nl\\\/de\\\/product\\\/79446\\\/turnbeutel-ki6101-bedrucken-bio-baumwolle-aware-one-size\\\/#breadcrumblist\",\"itemListElement\":[{\"@type\":\"ListItem\",\"@id\":\"https:\\\/\\\/hidalgo.nl\\\/de\\\/#listItem\",\"position\":1,\"name\":\"Home\",\"item\":\"https:\\\/\\\/hidalgo.nl\\\/de\\\/\",\"nextItem\":{\"@type\":\"ListItem\",\"@id\":\"https:\\\/\\\/hidalgo.nl\\\/example\\\/#listItem\",\"name\":\"example\"}},{\"@type\":\"ListItem\",\"@id\":\"https:\\\/\\\/hidalgo.nl\\\/example\\\/#listItem\",\"position\":2,\"name\":\"example\",\"item\":\"https:\\\/\\\/hidalgo.nl\\\/example\\\/\",\"nextItem\":{\"@type\":\"ListItem\",\"@id\":\"https:\\\/\\\/hidalgo.nl\\\/en\\\/product-supplier\\\/a403\\\/#listItem\",\"name\":\"A403\"},\"previousItem\":{\"@type\":\"ListItem\",\"@id\":\"https:\\\/\\\/hidalgo.nl\\\/de\\\/#listItem\",\"name\":\"Home\"}},{\"@type\":\"ListItem\",\"@id\":\"https:\\\/\\\/hidalgo.nl\\\/en\\\/product-supplier\\\/a403\\\/#listItem\",\"position\":3,\"name\":\"A403\",\"item\":\"https:\\\/\\\/hidalgo.nl\\\/en\\\/product-supplier\\\/a403\\\/\",\"nextItem\":{\"@type\":\"ListItem\",\"@id\":\"https:\\\/\\\/hidalgo.nl\\\/de\\\/product\\\/79446\\\/turnbeutel-ki6101-bedrucken-bio-baumwolle-aware-one-size\\\/#listItem\",\"name\":\"KI6101 &#8211; Koordjestas K-loop organic\"},\"previousItem\":{\"@type\":\"ListItem\",\"@id\":\"https:\\\/\\\/hidalgo.nl\\\/example\\\/#listItem\",\"name\":\"example\"}},{\"@type\":\"ListItem\",\"@id\":\"https:\\\/\\\/hidalgo.nl\\\/de\\\/product\\\/79446\\\/turnbeutel-ki6101-bedrucken-bio-baumwolle-aware-one-size\\\/#listItem\",\"position\":4,\"name\":\"KI6101 &#8211; Koordjestas K-loop organic\",\"previousItem\":{\"@type\":\"ListItem\",\"@id\":\"https:\\\/\\\/hidalgo.nl\\\/en\\\/product-supplier\\\/a403\\\/#listItem\",\"name\":\"A403\"}}]},{\"@type\":\"Organization\",\"@id\":\"https:\\\/\\\/hidalgo.nl\\\/de\\\/#organization\",\"name\":\"Hidalgo\",\"url\":\"https:\\\/\\\/hidalgo.nl\\\/de\\\/\",\"logo\":{\"@type\":\"ImageObject\",\"url\":\"https:\\\/\\\/shop.hidalgo.nl\\\/wp-content\\\/uploads\\\/2025\\\/11\\\/cropped-Hidalgo-est1993.png\",\"@id\":\"https:\\\/\\\/hidalgo.nl\\\/de\\\/product\\\/79446\\\/turnbeutel-ki6101-bedrucken-bio-baumwolle-aware-one-size\\\/#organizationLogo\",\"width\":585,\"height\":195},\"image\":{\"@id\":\"https:\\\/\\\/hidalgo.nl\\\/de\\\/product\\\/79446\\\/turnbeutel-ki6101-bedrucken-bio-baumwolle-aware-one-size\\\/#organizationLogo\"}},{\"@type\":\"ProductGroup\",\"@id\":\"https:\\\/\\\/hidalgo.nl\\\/de\\\/product\\\/79446\\\/turnbeutel-ki6101-bedrucken-bio-baumwolle-aware-one-size\\\/#wooCommerceProduct\",\"name\":\"Turnbeutel KI6101 bedrucken Bio-Baumwolle Aware One-size\",\"url\":\"https:\\\/\\\/hidalgo.nl\\\/de\\\/product\\\/79446\\\/turnbeutel-ki6101-bedrucken-bio-baumwolle-aware-one-size\\\/\",\"brand\":{\"@type\":\"Brand\",\"name\":\"Kimood\"},\"sku\":\"A403-KI6101\",\"image\":{\"@type\":\"ImageObject\",\"url\":\"https:\\\/\\\/shop.hidalgo.nl\\\/wp-content\\\/uploads\\\/2025\\\/07\\\/dbf3c9f4b2c5e41277beb2c89b01350d112a64625e44fd20839e652034f75086.png\",\"@id\":\"https:\\\/\\\/hidalgo.nl\\\/de\\\/product\\\/79446\\\/turnbeutel-ki6101-bedrucken-bio-baumwolle-aware-one-size\\\/#productImage\",\"width\":1000,\"height\":1000},\"productGroupID\":79446,\"hasVariant\":[{\"@type\":\"Product\",\"@id\":\"https:\\\/\\\/hidalgo.nl\\\/de\\\/product\\\/79446\\\/turnbeutel-ki6101-bedrucken-bio-baumwolle-aware-one-size\\\/#wooCommerceProduct\",\"name\":\"KI6101 - Koordjestas K-loop organic - , black\",\"url\":\"https:\\\/\\\/hidalgo.nl\\\/de\\\/product\\\/79446\\\/turnbeutel-ki6101-bedrucken-bio-baumwolle-aware-one-size\\\/\",\"sku\":\"A403-KI6101_85637_85636\",\"gtin\":\"3663639128728\",\"image\":{\"@type\":\"ImageObject\",\"url\":\"https:\\\/\\\/shop.hidalgo.nl\\\/wp-content\\\/uploads\\\/2025\\\/07\\\/dbf3c9f4b2c5e41277beb2c89b01350d112a64625e44fd20839e652034f75086.png\",\"@id\":\"https:\\\/\\\/hidalgo.nl\\\/de\\\/product\\\/79446\\\/turnbeutel-ki6101-bedrucken-bio-baumwolle-aware-one-size\\\/#productImage\",\"width\":1000,\"height\":1000},\"offers\":{\"@type\":\"Offer\",\"url\":\"https:\\\/\\\/hidalgo.nl\\\/de\\\/product\\\/79446\\\/turnbeutel-ki6101-bedrucken-bio-baumwolle-aware-one-size\\\/#wooCommerceOffer\",\"price\":\"2.87\",\"priceCurrency\":\"EUR\",\"category\":\"Tassen\",\"availability\":\"https:\\\/\\\/schema.org\\\/InStock\",\"priceSpecification\":{\"@type\":\"PriceSpecification\",\"price\":2.87,\"priceCurrency\":\"EUR\",\"valueAddedTaxIncluded\":\"true\"}}},{\"@type\":\"Product\",\"@id\":\"https:\\\/\\\/hidalgo.nl\\\/de\\\/product\\\/79446\\\/turnbeutel-ki6101-bedrucken-bio-baumwolle-aware-one-size\\\/#wooCommerceProduct\",\"name\":\"KI6101 - Koordjestas K-loop organic - , navy\",\"url\":\"https:\\\/\\\/hidalgo.nl\\\/de\\\/product\\\/79446\\\/turnbeutel-ki6101-bedrucken-bio-baumwolle-aware-one-size\\\/\",\"sku\":\"A403-KI6101_85639_85636\",\"gtin\":\"3663639128742\",\"image\":{\"@type\":\"ImageObject\",\"url\":\"https:\\\/\\\/shop.hidalgo.nl\\\/wp-content\\\/uploads\\\/2025\\\/07\\\/fe859e95cfc0a0cb07759ef913421ef60cb6aabcdfa03c1d43c15d3eaa55be79.png\",\"@id\":\"https:\\\/\\\/hidalgo.nl\\\/de\\\/product\\\/79446\\\/turnbeutel-ki6101-bedrucken-bio-baumwolle-aware-one-size\\\/#productImage\",\"width\":1000,\"height\":1000},\"offers\":{\"@type\":\"Offer\",\"url\":\"https:\\\/\\\/hidalgo.nl\\\/de\\\/product\\\/79446\\\/turnbeutel-ki6101-bedrucken-bio-baumwolle-aware-one-size\\\/#wooCommerceOffer\",\"price\":\"2.87\",\"priceCurrency\":\"EUR\",\"category\":\"Tassen\",\"availability\":\"https:\\\/\\\/schema.org\\\/InStock\",\"priceSpecification\":{\"@type\":\"PriceSpecification\",\"price\":2.87,\"priceCurrency\":\"EUR\",\"valueAddedTaxIncluded\":\"true\"}}},{\"@type\":\"Product\",\"@id\":\"https:\\\/\\\/hidalgo.nl\\\/de\\\/product\\\/79446\\\/turnbeutel-ki6101-bedrucken-bio-baumwolle-aware-one-size\\\/#wooCommerceProduct\",\"name\":\"KI6101 - Koordjestas K-loop organic - , raw-natural\",\"url\":\"https:\\\/\\\/hidalgo.nl\\\/de\\\/product\\\/79446\\\/turnbeutel-ki6101-bedrucken-bio-baumwolle-aware-one-size\\\/\",\"sku\":\"A403-KI6101_85638_85636\",\"gtin\":\"3663639128735\",\"image\":{\"@type\":\"ImageObject\",\"url\":\"https:\\\/\\\/shop.hidalgo.nl\\\/wp-content\\\/uploads\\\/2025\\\/07\\\/4b81e5efbda1896ec6b03c6a3ae4f5b6531e3fb97882cf6ea3f2d34e62907fec.png\",\"@id\":\"https:\\\/\\\/hidalgo.nl\\\/de\\\/product\\\/79446\\\/turnbeutel-ki6101-bedrucken-bio-baumwolle-aware-one-size\\\/#productImage\",\"width\":1000,\"height\":1000},\"offers\":{\"@type\":\"Offer\",\"url\":\"https:\\\/\\\/hidalgo.nl\\\/de\\\/product\\\/79446\\\/turnbeutel-ki6101-bedrucken-bio-baumwolle-aware-one-size\\\/#wooCommerceOffer\",\"price\":\"2.87\",\"priceCurrency\":\"EUR\",\"category\":\"Tassen\",\"availability\":\"https:\\\/\\\/schema.org\\\/InStock\",\"priceSpecification\":{\"@type\":\"PriceSpecification\",\"price\":2.87,\"priceCurrency\":\"EUR\",\"valueAddedTaxIncluded\":\"true\"}}}]},{\"@type\":\"WebPage\",\"@id\":\"https:\\\/\\\/hidalgo.nl\\\/de\\\/product\\\/79446\\\/turnbeutel-ki6101-bedrucken-bio-baumwolle-aware-one-size\\\/#webpage\",\"url\":\"https:\\\/\\\/hidalgo.nl\\\/de\\\/product\\\/79446\\\/turnbeutel-ki6101-bedrucken-bio-baumwolle-aware-one-size\\\/\",\"name\":\"Turnbeutel KI6101 bedrucken Bio-Baumwolle Aware One-size\",\"description\":\"Hier l\\u00e4sst du deinen Kordelzugbeutel aus Bio-Baumwolle in One-size personalisieren: Hidalgo druckt dein Logo pr\\u00e4zise. Ideal f\\u00fcr Events & Messen, leicht zu tragen und langlebig. Jetzt Turnbeutel bedrucken und mit wenig Aufwand Aufmerksamkeit gewinnen.\",\"inLanguage\":\"de-DE\",\"isPartOf\":{\"@id\":\"https:\\\/\\\/hidalgo.nl\\\/de\\\/#website\"},\"breadcrumb\":{\"@id\":\"https:\\\/\\\/hidalgo.nl\\\/de\\\/product\\\/79446\\\/turnbeutel-ki6101-bedrucken-bio-baumwolle-aware-one-size\\\/#breadcrumblist\"},\"image\":{\"@type\":\"ImageObject\",\"url\":\"https:\\\/\\\/shop.hidalgo.nl\\\/wp-content\\\/uploads\\\/2025\\\/07\\\/dbf3c9f4b2c5e41277beb2c89b01350d112a64625e44fd20839e652034f75086.png\",\"@id\":\"https:\\\/\\\/hidalgo.nl\\\/de\\\/product\\\/79446\\\/turnbeutel-ki6101-bedrucken-bio-baumwolle-aware-one-size\\\/#mainImage\",\"width\":1000,\"height\":1000},\"primaryImageOfPage\":{\"@id\":\"https:\\\/\\\/hidalgo.nl\\\/de\\\/product\\\/79446\\\/turnbeutel-ki6101-bedrucken-bio-baumwolle-aware-one-size\\\/#mainImage\"},\"datePublished\":\"2025-07-07T00:25:34+00:00\",\"dateModified\":\"2026-03-22T06:20:57+00:00\"},{\"@type\":\"WebSite\",\"@id\":\"https:\\\/\\\/hidalgo.nl\\\/de\\\/#website\",\"url\":\"https:\\\/\\\/hidalgo.nl\\\/de\\\/\",\"name\":\"Hidalgo\",\"inLanguage\":\"de-DE\",\"publisher\":{\"@id\":\"https:\\\/\\\/hidalgo.nl\\\/de\\\/#organization\"}}]}\n\t\t<\/script>\n\t\t<!-- All in One SEO Pro -->\r\n\t\t<title>Turnbeutel KI6101 bedrucken Bio-Baumwolle Aware One-size<\/title>\n\n","aioseo_head_json":{"title":"Turnbeutel KI6101 bedrucken Bio-Baumwolle Aware One-size","description":"Hier l\u00e4sst du deinen Kordelzugbeutel aus Bio-Baumwolle in One-size personalisieren: Hidalgo druckt dein Logo pr\u00e4zise. Ideal f\u00fcr Events & Messen, leicht zu tragen und langlebig. Jetzt Turnbeutel bedrucken und mit wenig Aufwand Aufmerksamkeit gewinnen.","canonical_url":"https:\/\/hidalgo.nl\/de\/wp-json\/wp\/v2\/product\/79446","robots":"max-image-preview:large","keywords":"","webmasterTools":{"miscellaneous":""},"schema":{"@context":"https:\/\/schema.org","@graph":[{"@type":"BreadcrumbList","@id":"https:\/\/hidalgo.nl\/de\/product\/79446\/turnbeutel-ki6101-bedrucken-bio-baumwolle-aware-one-size\/#breadcrumblist","itemListElement":[{"@type":"ListItem","@id":"https:\/\/hidalgo.nl\/de\/#listItem","position":1,"name":"Home","item":"https:\/\/hidalgo.nl\/de\/","nextItem":{"@type":"ListItem","@id":"https:\/\/hidalgo.nl\/example\/#listItem","name":"example"}},{"@type":"ListItem","@id":"https:\/\/hidalgo.nl\/example\/#listItem","position":2,"name":"example","item":"https:\/\/hidalgo.nl\/example\/","nextItem":{"@type":"ListItem","@id":"https:\/\/hidalgo.nl\/en\/product-supplier\/a403\/#listItem","name":"A403"},"previousItem":{"@type":"ListItem","@id":"https:\/\/hidalgo.nl\/de\/#listItem","name":"Home"}},{"@type":"ListItem","@id":"https:\/\/hidalgo.nl\/en\/product-supplier\/a403\/#listItem","position":3,"name":"A403","item":"https:\/\/hidalgo.nl\/en\/product-supplier\/a403\/","nextItem":{"@type":"ListItem","@id":"https:\/\/hidalgo.nl\/de\/product\/79446\/turnbeutel-ki6101-bedrucken-bio-baumwolle-aware-one-size\/#listItem","name":"KI6101 &#8211; Koordjestas K-loop organic"},"previousItem":{"@type":"ListItem","@id":"https:\/\/hidalgo.nl\/example\/#listItem","name":"example"}},{"@type":"ListItem","@id":"https:\/\/hidalgo.nl\/de\/product\/79446\/turnbeutel-ki6101-bedrucken-bio-baumwolle-aware-one-size\/#listItem","position":4,"name":"KI6101 &#8211; Koordjestas K-loop organic","previousItem":{"@type":"ListItem","@id":"https:\/\/hidalgo.nl\/en\/product-supplier\/a403\/#listItem","name":"A403"}}]},{"@type":"Organization","@id":"https:\/\/hidalgo.nl\/de\/#organization","name":"Hidalgo","url":"https:\/\/hidalgo.nl\/de\/","logo":{"@type":"ImageObject","url":"https:\/\/shop.hidalgo.nl\/wp-content\/uploads\/2025\/11\/cropped-Hidalgo-est1993.png","@id":"https:\/\/hidalgo.nl\/de\/product\/79446\/turnbeutel-ki6101-bedrucken-bio-baumwolle-aware-one-size\/#organizationLogo","width":585,"height":195},"image":{"@id":"https:\/\/hidalgo.nl\/de\/product\/79446\/turnbeutel-ki6101-bedrucken-bio-baumwolle-aware-one-size\/#organizationLogo"}},{"@type":"ProductGroup","@id":"https:\/\/hidalgo.nl\/de\/product\/79446\/turnbeutel-ki6101-bedrucken-bio-baumwolle-aware-one-size\/#wooCommerceProduct","name":"Turnbeutel KI6101 bedrucken Bio-Baumwolle Aware One-size","url":"https:\/\/hidalgo.nl\/de\/product\/79446\/turnbeutel-ki6101-bedrucken-bio-baumwolle-aware-one-size\/","brand":{"@type":"Brand","name":"Kimood"},"sku":"A403-KI6101","image":{"@type":"ImageObject","url":"https:\/\/shop.hidalgo.nl\/wp-content\/uploads\/2025\/07\/dbf3c9f4b2c5e41277beb2c89b01350d112a64625e44fd20839e652034f75086.png","@id":"https:\/\/hidalgo.nl\/de\/product\/79446\/turnbeutel-ki6101-bedrucken-bio-baumwolle-aware-one-size\/#productImage","width":1000,"height":1000},"productGroupID":79446,"hasVariant":[{"@type":"Product","@id":"https:\/\/hidalgo.nl\/de\/product\/79446\/turnbeutel-ki6101-bedrucken-bio-baumwolle-aware-one-size\/#wooCommerceProduct","name":"KI6101 - Koordjestas K-loop organic - , black","url":"https:\/\/hidalgo.nl\/de\/product\/79446\/turnbeutel-ki6101-bedrucken-bio-baumwolle-aware-one-size\/","sku":"A403-KI6101_85637_85636","gtin":"3663639128728","image":{"@type":"ImageObject","url":"https:\/\/shop.hidalgo.nl\/wp-content\/uploads\/2025\/07\/dbf3c9f4b2c5e41277beb2c89b01350d112a64625e44fd20839e652034f75086.png","@id":"https:\/\/hidalgo.nl\/de\/product\/79446\/turnbeutel-ki6101-bedrucken-bio-baumwolle-aware-one-size\/#productImage","width":1000,"height":1000},"offers":{"@type":"Offer","url":"https:\/\/hidalgo.nl\/de\/product\/79446\/turnbeutel-ki6101-bedrucken-bio-baumwolle-aware-one-size\/#wooCommerceOffer","price":"2.87","priceCurrency":"EUR","category":"Tassen","availability":"https:\/\/schema.org\/InStock","priceSpecification":{"@type":"PriceSpecification","price":2.87,"priceCurrency":"EUR","valueAddedTaxIncluded":"true"}}},{"@type":"Product","@id":"https:\/\/hidalgo.nl\/de\/product\/79446\/turnbeutel-ki6101-bedrucken-bio-baumwolle-aware-one-size\/#wooCommerceProduct","name":"KI6101 - Koordjestas K-loop organic - , navy","url":"https:\/\/hidalgo.nl\/de\/product\/79446\/turnbeutel-ki6101-bedrucken-bio-baumwolle-aware-one-size\/","sku":"A403-KI6101_85639_85636","gtin":"3663639128742","image":{"@type":"ImageObject","url":"https:\/\/shop.hidalgo.nl\/wp-content\/uploads\/2025\/07\/fe859e95cfc0a0cb07759ef913421ef60cb6aabcdfa03c1d43c15d3eaa55be79.png","@id":"https:\/\/hidalgo.nl\/de\/product\/79446\/turnbeutel-ki6101-bedrucken-bio-baumwolle-aware-one-size\/#productImage","width":1000,"height":1000},"offers":{"@type":"Offer","url":"https:\/\/hidalgo.nl\/de\/product\/79446\/turnbeutel-ki6101-bedrucken-bio-baumwolle-aware-one-size\/#wooCommerceOffer","price":"2.87","priceCurrency":"EUR","category":"Tassen","availability":"https:\/\/schema.org\/InStock","priceSpecification":{"@type":"PriceSpecification","price":2.87,"priceCurrency":"EUR","valueAddedTaxIncluded":"true"}}},{"@type":"Product","@id":"https:\/\/hidalgo.nl\/de\/product\/79446\/turnbeutel-ki6101-bedrucken-bio-baumwolle-aware-one-size\/#wooCommerceProduct","name":"KI6101 - Koordjestas K-loop organic - , raw-natural","url":"https:\/\/hidalgo.nl\/de\/product\/79446\/turnbeutel-ki6101-bedrucken-bio-baumwolle-aware-one-size\/","sku":"A403-KI6101_85638_85636","gtin":"3663639128735","image":{"@type":"ImageObject","url":"https:\/\/shop.hidalgo.nl\/wp-content\/uploads\/2025\/07\/4b81e5efbda1896ec6b03c6a3ae4f5b6531e3fb97882cf6ea3f2d34e62907fec.png","@id":"https:\/\/hidalgo.nl\/de\/product\/79446\/turnbeutel-ki6101-bedrucken-bio-baumwolle-aware-one-size\/#productImage","width":1000,"height":1000},"offers":{"@type":"Offer","url":"https:\/\/hidalgo.nl\/de\/product\/79446\/turnbeutel-ki6101-bedrucken-bio-baumwolle-aware-one-size\/#wooCommerceOffer","price":"2.87","priceCurrency":"EUR","category":"Tassen","availability":"https:\/\/schema.org\/InStock","priceSpecification":{"@type":"PriceSpecification","price":2.87,"priceCurrency":"EUR","valueAddedTaxIncluded":"true"}}}]},{"@type":"WebPage","@id":"https:\/\/hidalgo.nl\/de\/product\/79446\/turnbeutel-ki6101-bedrucken-bio-baumwolle-aware-one-size\/#webpage","url":"https:\/\/hidalgo.nl\/de\/product\/79446\/turnbeutel-ki6101-bedrucken-bio-baumwolle-aware-one-size\/","name":"Turnbeutel KI6101 bedrucken Bio-Baumwolle Aware One-size","description":"Hier l\u00e4sst du deinen Kordelzugbeutel aus Bio-Baumwolle in One-size personalisieren: Hidalgo druckt dein Logo pr\u00e4zise. Ideal f\u00fcr Events & Messen, leicht zu tragen und langlebig. Jetzt Turnbeutel bedrucken und mit wenig Aufwand Aufmerksamkeit gewinnen.","inLanguage":"de-DE","isPartOf":{"@id":"https:\/\/hidalgo.nl\/de\/#website"},"breadcrumb":{"@id":"https:\/\/hidalgo.nl\/de\/product\/79446\/turnbeutel-ki6101-bedrucken-bio-baumwolle-aware-one-size\/#breadcrumblist"},"image":{"@type":"ImageObject","url":"https:\/\/shop.hidalgo.nl\/wp-content\/uploads\/2025\/07\/dbf3c9f4b2c5e41277beb2c89b01350d112a64625e44fd20839e652034f75086.png","@id":"https:\/\/hidalgo.nl\/de\/product\/79446\/turnbeutel-ki6101-bedrucken-bio-baumwolle-aware-one-size\/#mainImage","width":1000,"height":1000},"primaryImageOfPage":{"@id":"https:\/\/hidalgo.nl\/de\/product\/79446\/turnbeutel-ki6101-bedrucken-bio-baumwolle-aware-one-size\/#mainImage"},"datePublished":"2025-07-07T00:25:34+00:00","dateModified":"2026-03-22T06:20:57+00:00"},{"@type":"WebSite","@id":"https:\/\/hidalgo.nl\/de\/#website","url":"https:\/\/hidalgo.nl\/de\/","name":"Hidalgo","inLanguage":"de-DE","publisher":{"@id":"https:\/\/hidalgo.nl\/de\/#organization"}}]},"og:locale":"de_DE","og:site_name":"Hidalgo -","og:type":"article","og:title":"Turnbeutel KI6101 bedrucken Bio-Baumwolle Aware One-size","og:description":"Hier l\u00e4sst du deinen Kordelzugbeutel aus Bio-Baumwolle in One-size personalisieren: Hidalgo druckt dein Logo pr\u00e4zise. Ideal f\u00fcr Events &amp; Messen, leicht zu tragen und langlebig. Jetzt Turnbeutel bedrucken und mit wenig Aufwand Aufmerksamkeit gewinnen.","og:url":"https:\/\/hidalgo.nl\/de\/wp-json\/wp\/v2\/product\/79446","og:image":"https:\/\/shop.hidalgo.nl\/wp-content\/uploads\/2025\/11\/cropped-Hidalgo-est1993.png","og:image:secure_url":"https:\/\/shop.hidalgo.nl\/wp-content\/uploads\/2025\/11\/cropped-Hidalgo-est1993.png","article:published_time":"2025-07-07T00:25:34+00:00","article:modified_time":"2026-03-22T06:20:57+00:00","twitter:card":"summary_large_image","twitter:title":"Turnbeutel KI6101 bedrucken Bio-Baumwolle Aware One-size","twitter:description":"Hier l\u00e4sst du deinen Kordelzugbeutel aus Bio-Baumwolle in One-size personalisieren: Hidalgo druckt dein Logo pr\u00e4zise. Ideal f\u00fcr Events &amp; Messen, leicht zu tragen und langlebig. Jetzt Turnbeutel bedrucken und mit wenig Aufwand Aufmerksamkeit gewinnen.","twitter:image":"https:\/\/shop.hidalgo.nl\/wp-content\/uploads\/2025\/11\/cropped-Hidalgo-est1993.png"},"aioseo_meta_data":{"post_id":"79446","title":null,"description":null,"keywords":null,"keyphrases":null,"primary_term":null,"canonical_url":null,"og_title":null,"og_description":null,"og_object_type":"default","og_image_type":"default","og_image_url":null,"og_image_width":null,"og_image_height":null,"og_image_custom_url":null,"og_image_custom_fields":null,"og_video":null,"og_custom_url":null,"og_article_section":null,"og_article_tags":null,"twitter_use_og":false,"twitter_card":"default","twitter_image_type":"default","twitter_image_url":null,"twitter_image_custom_url":null,"twitter_image_custom_fields":null,"twitter_title":null,"twitter_description":null,"schema":{"blockGraphs":[],"customGraphs":[],"default":{"data":{"Article":[],"Course":[],"Dataset":[],"FAQPage":[],"Movie":[],"Person":[],"Product":[],"ProductReview":[],"Car":[],"Recipe":[],"Service":[],"SoftwareApplication":[],"WebPage":[]},"graphName":"","isEnabled":true},"graphs":[]},"schema_type":"default","schema_type_options":null,"pillar_content":false,"robots_default":true,"robots_noindex":false,"robots_noarchive":false,"robots_nosnippet":false,"robots_nofollow":false,"robots_noimageindex":false,"robots_noodp":false,"robots_notranslate":false,"robots_max_snippet":null,"robots_max_videopreview":null,"robots_max_imagepreview":"large","priority":null,"frequency":null,"local_seo":null,"seo_analyzer_scan_date":"2026-01-20 15:51:25","breadcrumb_settings":null,"limit_modified_date":false,"reviewed_by":null,"open_ai":null,"ai":null,"created":"2026-01-14 06:25:29","updated":"2026-04-22 19:38:50"},"aioseo_breadcrumb":"<div class=\"aioseo-breadcrumbs\"><span class=\"aioseo-breadcrumb\">\n\t<a href=\"https:\/\/hidalgo.nl\/de\/\" title=\"Home\">Home<\/a>\n<\/span><span class=\"aioseo-breadcrumb-separator\">\u00bb<\/span><span class=\"aioseo-breadcrumb\">\n\t<a href=\"https:\/\/hidalgo.nl\/example\/\" title=\"example\">example<\/a>\n<\/span><span class=\"aioseo-breadcrumb-separator\">\u00bb<\/span><span class=\"aioseo-breadcrumb\">\n\t<a href=\"https:\/\/hidalgo.nl\/en\/product-supplier\/a403\/\" title=\"A403\">A403<\/a>\n<\/span><span class=\"aioseo-breadcrumb-separator\">\u00bb<\/span><span class=\"aioseo-breadcrumb\">\n\tKI6101 \u2013 Koordjestas K-loop organic\n<\/span><\/div>","aioseo_breadcrumb_json":[{"label":"Home","link":"https:\/\/hidalgo.nl\/de\/"},{"label":"example","link":"https:\/\/hidalgo.nl\/example\/"},{"label":"A403","link":"https:\/\/hidalgo.nl\/en\/product-supplier\/a403\/"},{"label":"KI6101 &#8211; Koordjestas K-loop organic","link":"https:\/\/hidalgo.nl\/de\/product\/79446\/turnbeutel-ki6101-bedrucken-bio-baumwolle-aware-one-size\/"}],"_links":{"self":[{"href":"https:\/\/hidalgo.nl\/de\/wp-json\/wp\/v2\/product\/79446","targetHints":{"allow":["GET"]}}],"collection":[{"href":"https:\/\/hidalgo.nl\/de\/wp-json\/wp\/v2\/product"}],"about":[{"href":"https:\/\/hidalgo.nl\/de\/wp-json\/wp\/v2\/types\/product"}],"wp:featuredmedia":[{"embeddable":true,"href":"https:\/\/hidalgo.nl\/de\/wp-json\/wp\/v2\/media\/79447"}],"wp:attachment":[{"href":"https:\/\/hidalgo.nl\/de\/wp-json\/wp\/v2\/media?parent=79446"}],"wp:term":[{"taxonomy":"product_brand","embeddable":true,"href":"https:\/\/hidalgo.nl\/de\/wp-json\/wp\/v2\/product_brand?post=79446"},{"taxonomy":"product_cat","embeddable":true,"href":"https:\/\/hidalgo.nl\/de\/wp-json\/wp\/v2\/product_cat?post=79446"},{"taxonomy":"product_tag","embeddable":true,"href":"https:\/\/hidalgo.nl\/de\/wp-json\/wp\/v2\/product_tag?post=79446"}],"curies":[{"name":"wp","href":"https:\/\/api.w.org\/{rel}","templated":true}]}}