{"id":79326,"date":"2025-07-07T00:22:30","date_gmt":"2025-07-07T00:22:30","guid":{"rendered":"http:\/\/bidonsenshakers.pim.hidalgo.nl\/product\/ki5403-business-messager-tas-kialma-by-k-loop\/"},"modified":"2026-03-22T06:11:26","modified_gmt":"2026-03-22T06:11:26","slug":"ki5403-business-messager-tas-kialma-by-k-loop","status":"publish","type":"product","link":"https:\/\/hidalgo.nl\/de\/product\/79326\/business-messenger-bag-bedrucken-laptopfach-rpet-one-size\/","title":{"rendered":"KI5403 &#8211; Business messager tas Kialma by K-loop"},"content":{"rendered":"<p>100% gerecycleerd polyester. Werktas met afneembare schouderband. Gewatteerd binnenvak voor een laptop en een zakje voor de tablet. Hoofdvak voor documenten, met binnenin een grote ritstas en een ritssluiting bovenaan. Grote ritszak aan de achterkant. Klep met decoratie in een contrasterend materiaal. Sluit met een magnetische knoop. KIALMA is de exclusieve collectie tassen en accessoires van K-loop. In het garen van de producten van K-loop zitten trackers. Dankzij de blockchain-technologie maken ze de hele productieketen transparant. Een speciaal label met een QR-code biedt toegang tot het Aware\u2122-platform. Zo kunnen de certificeringen makkelijk worden geraadpleegd met een smartphone.<\/p>\n","protected":false},"excerpt":{"rendered":"<p>100% gerecycleerd polyester. Werktas met afneembare schouderband. Gewatteerd binnenvak voor een laptop en een zakje voor de tablet. Hoofdvak voor documenten, met binnenin een grote ritstas en een ritssluiting bovenaan. Grote ritszak aan de achterkant. Klep met decoratie in een contrasterend materiaal. Sluit met een magnetische knoop. KIALMA is de exclusieve collectie tassen en accessoires&hellip; <a class=\"more-link\" href=\"https:\/\/hidalgo.nl\/de\/product\/79326\/business-messenger-bag-bedrucken-laptopfach-rpet-one-size\/\"><span class=\"screen-reader-text\">KI5403 &#8211; Business messager tas Kialma by K-loop<\/span> weiterlesen<\/a><\/p>\n","protected":false},"featured_media":79329,"template":"","meta":{"_acf_changed":false,"om_disable_all_campaigns":false,"_monsterinsights_skip_tracking":false,"_monsterinsights_sitenote_active":false,"_monsterinsights_sitenote_note":"","_monsterinsights_sitenote_category":0},"product_brand":[43],"product_cat":[4760,4873,4713],"product_tag":[],"class_list":{"0":"post-79326","1":"product","2":"type-product","3":"status-publish","4":"has-post-thumbnail","6":"product_supplier-a403","7":"product_material-gerecycled-polyester","8":"product_brand-kimood","9":"product_cat-document-tassen","10":"product_cat-laptop-tassen","11":"product_cat-tassen","12":"entry","14":"first","15":"instock","16":"taxable","17":"shipping-taxable","18":"purchasable","19":"product-type-variable"},"acf":{"imprint_cost":[{"imprint_cost_key":"33483b79de35c41f6a5968127e3727b83ce2fe0b","product_quantity_price_range":[{"imprint_cost_recommended_selling_price":"0","imprint_cost_recommended_selling_quantity":"1"}],"product_quantity_price_range_buying":false,"imprint_cost_setup_costs":"","imprint_cost_handling_costs":""}]},"aioseo_notices":[],"aioseo_head":"\n\t\t<!-- All in One SEO Pro 4.9.6.2 - aioseo.com -->\n\t<meta name=\"description\" content=\"Sicher im Alltag unterwegs: Die Business Tasche mit Laptopfach sch\u00fctzt deine Technik, Dokumente &amp; Tablet; gefertigt aus recyceltem Polyester mit transparenter Herkunft. Bei Hidalgo l\u00e4sst du die Umh\u00e4ngetasche mit Logo veredeln - ideal f\u00fcr 20-40-J\u00e4hrige im Job, Events &amp; Teams; Gr\u00f6\u00dfe One-size.\" \/>\n\t<meta name=\"robots\" content=\"max-image-preview:large\" \/>\n\t<link rel=\"canonical\" href=\"https:\/\/hidalgo.nl\/de\/wp-json\/wp\/v2\/product\/79326\" \/>\n\t<meta name=\"generator\" content=\"All in One SEO Pro (AIOSEO) 4.9.6.2\" \/>\n\t\t<meta property=\"og:locale\" content=\"de_DE\" \/>\n\t\t<meta property=\"og:site_name\" content=\"Hidalgo -\" \/>\n\t\t<meta property=\"og:type\" content=\"article\" \/>\n\t\t<meta property=\"og:title\" content=\"Business Messenger Bag bedrucken Laptopfach rPET One-size\" \/>\n\t\t<meta property=\"og:description\" content=\"Sicher im Alltag unterwegs: Die Business Tasche mit Laptopfach sch\u00fctzt deine Technik, Dokumente &amp; Tablet; gefertigt aus recyceltem Polyester mit transparenter Herkunft. Bei Hidalgo l\u00e4sst du die Umh\u00e4ngetasche mit Logo veredeln - ideal f\u00fcr 20-40-J\u00e4hrige im Job, Events &amp; Teams; Gr\u00f6\u00dfe One-size.\" \/>\n\t\t<meta property=\"og:url\" content=\"https:\/\/hidalgo.nl\/de\/wp-json\/wp\/v2\/product\/79326\" \/>\n\t\t<meta property=\"og:image\" content=\"https:\/\/shop.hidalgo.nl\/wp-content\/uploads\/2025\/11\/cropped-Hidalgo-est1993.png\" \/>\n\t\t<meta property=\"og:image:secure_url\" content=\"https:\/\/shop.hidalgo.nl\/wp-content\/uploads\/2025\/11\/cropped-Hidalgo-est1993.png\" \/>\n\t\t<meta property=\"article:published_time\" content=\"2025-07-07T00:22:30+00:00\" \/>\n\t\t<meta property=\"article:modified_time\" content=\"2026-03-22T06:11:26+00:00\" \/>\n\t\t<meta name=\"twitter:card\" content=\"summary_large_image\" \/>\n\t\t<meta name=\"twitter:title\" content=\"Business Messenger Bag bedrucken Laptopfach rPET One-size\" \/>\n\t\t<meta name=\"twitter:description\" content=\"Sicher im Alltag unterwegs: Die Business Tasche mit Laptopfach sch\u00fctzt deine Technik, Dokumente &amp; Tablet; gefertigt aus recyceltem Polyester mit transparenter Herkunft. Bei Hidalgo l\u00e4sst du die Umh\u00e4ngetasche mit Logo veredeln - ideal f\u00fcr 20-40-J\u00e4hrige im Job, Events &amp; Teams; Gr\u00f6\u00dfe One-size.\" \/>\n\t\t<meta name=\"twitter:image\" content=\"https:\/\/shop.hidalgo.nl\/wp-content\/uploads\/2025\/11\/cropped-Hidalgo-est1993.png\" \/>\n\t\t<script type=\"application\/ld+json\" class=\"aioseo-schema\">\n\t\t\t{\"@context\":\"https:\\\/\\\/schema.org\",\"@graph\":[{\"@type\":\"BreadcrumbList\",\"@id\":\"https:\\\/\\\/hidalgo.nl\\\/de\\\/product\\\/79326\\\/business-messenger-bag-bedrucken-laptopfach-rpet-one-size\\\/#breadcrumblist\",\"itemListElement\":[{\"@type\":\"ListItem\",\"@id\":\"https:\\\/\\\/hidalgo.nl\\\/de\\\/#listItem\",\"position\":1,\"name\":\"Home\",\"item\":\"https:\\\/\\\/hidalgo.nl\\\/de\\\/\",\"nextItem\":{\"@type\":\"ListItem\",\"@id\":\"https:\\\/\\\/hidalgo.nl\\\/example\\\/#listItem\",\"name\":\"example\"}},{\"@type\":\"ListItem\",\"@id\":\"https:\\\/\\\/hidalgo.nl\\\/example\\\/#listItem\",\"position\":2,\"name\":\"example\",\"item\":\"https:\\\/\\\/hidalgo.nl\\\/example\\\/\",\"nextItem\":{\"@type\":\"ListItem\",\"@id\":\"https:\\\/\\\/hidalgo.nl\\\/en\\\/product-supplier\\\/a403\\\/#listItem\",\"name\":\"A403\"},\"previousItem\":{\"@type\":\"ListItem\",\"@id\":\"https:\\\/\\\/hidalgo.nl\\\/de\\\/#listItem\",\"name\":\"Home\"}},{\"@type\":\"ListItem\",\"@id\":\"https:\\\/\\\/hidalgo.nl\\\/en\\\/product-supplier\\\/a403\\\/#listItem\",\"position\":3,\"name\":\"A403\",\"item\":\"https:\\\/\\\/hidalgo.nl\\\/en\\\/product-supplier\\\/a403\\\/\",\"nextItem\":{\"@type\":\"ListItem\",\"@id\":\"https:\\\/\\\/hidalgo.nl\\\/de\\\/product\\\/79326\\\/business-messenger-bag-bedrucken-laptopfach-rpet-one-size\\\/#listItem\",\"name\":\"KI5403 &#8211; Business messager tas Kialma by K-loop\"},\"previousItem\":{\"@type\":\"ListItem\",\"@id\":\"https:\\\/\\\/hidalgo.nl\\\/example\\\/#listItem\",\"name\":\"example\"}},{\"@type\":\"ListItem\",\"@id\":\"https:\\\/\\\/hidalgo.nl\\\/de\\\/product\\\/79326\\\/business-messenger-bag-bedrucken-laptopfach-rpet-one-size\\\/#listItem\",\"position\":4,\"name\":\"KI5403 &#8211; Business messager tas Kialma by K-loop\",\"previousItem\":{\"@type\":\"ListItem\",\"@id\":\"https:\\\/\\\/hidalgo.nl\\\/en\\\/product-supplier\\\/a403\\\/#listItem\",\"name\":\"A403\"}}]},{\"@type\":\"Organization\",\"@id\":\"https:\\\/\\\/hidalgo.nl\\\/de\\\/#organization\",\"name\":\"Hidalgo\",\"url\":\"https:\\\/\\\/hidalgo.nl\\\/de\\\/\",\"logo\":{\"@type\":\"ImageObject\",\"url\":\"https:\\\/\\\/shop.hidalgo.nl\\\/wp-content\\\/uploads\\\/2025\\\/11\\\/cropped-Hidalgo-est1993.png\",\"@id\":\"https:\\\/\\\/hidalgo.nl\\\/de\\\/product\\\/79326\\\/business-messenger-bag-bedrucken-laptopfach-rpet-one-size\\\/#organizationLogo\",\"width\":585,\"height\":195},\"image\":{\"@id\":\"https:\\\/\\\/hidalgo.nl\\\/de\\\/product\\\/79326\\\/business-messenger-bag-bedrucken-laptopfach-rpet-one-size\\\/#organizationLogo\"}},{\"@type\":\"ProductGroup\",\"@id\":\"https:\\\/\\\/hidalgo.nl\\\/de\\\/product\\\/79326\\\/business-messenger-bag-bedrucken-laptopfach-rpet-one-size\\\/#wooCommerceProduct\",\"name\":\"Business Messenger Bag bedrucken Laptopfach rPET One-size\",\"url\":\"https:\\\/\\\/hidalgo.nl\\\/de\\\/product\\\/79326\\\/business-messenger-bag-bedrucken-laptopfach-rpet-one-size\\\/\",\"brand\":{\"@type\":\"Brand\",\"name\":\"Kimood\"},\"sku\":\"A403-KI5403\",\"image\":{\"@type\":\"ImageObject\",\"url\":\"https:\\\/\\\/shop.hidalgo.nl\\\/wp-content\\\/uploads\\\/2025\\\/07\\\/2ff124b5e6c20136cdd5c00b368aaee508f5c1b6d5bac8a33bb273601ed7aed7.png\",\"@id\":\"https:\\\/\\\/hidalgo.nl\\\/de\\\/product\\\/79326\\\/business-messenger-bag-bedrucken-laptopfach-rpet-one-size\\\/#productImage\",\"width\":1000,\"height\":1000},\"productGroupID\":79326,\"hasVariant\":[{\"@type\":\"Product\",\"@id\":\"https:\\\/\\\/hidalgo.nl\\\/de\\\/product\\\/79326\\\/business-messenger-bag-bedrucken-laptopfach-rpet-one-size\\\/#wooCommerceProduct\",\"name\":\"KI5403 - Business messager tas Kialma by K-loop - , black\",\"url\":\"https:\\\/\\\/hidalgo.nl\\\/de\\\/product\\\/79326\\\/business-messenger-bag-bedrucken-laptopfach-rpet-one-size\\\/\",\"sku\":\"A403-KI5403_85627_85626\",\"gtin\":\"3663639128643\",\"image\":{\"@type\":\"ImageObject\",\"url\":\"https:\\\/\\\/shop.hidalgo.nl\\\/wp-content\\\/uploads\\\/2025\\\/07\\\/2ff124b5e6c20136cdd5c00b368aaee508f5c1b6d5bac8a33bb273601ed7aed7.png\",\"@id\":\"https:\\\/\\\/hidalgo.nl\\\/de\\\/product\\\/79326\\\/business-messenger-bag-bedrucken-laptopfach-rpet-one-size\\\/#productImage\",\"width\":1000,\"height\":1000},\"offers\":{\"@type\":\"Offer\",\"url\":\"https:\\\/\\\/hidalgo.nl\\\/de\\\/product\\\/79326\\\/business-messenger-bag-bedrucken-laptopfach-rpet-one-size\\\/#wooCommerceOffer\",\"price\":\"29.15\",\"priceCurrency\":\"EUR\",\"category\":\"Tassen\",\"availability\":\"https:\\\/\\\/schema.org\\\/InStock\",\"priceSpecification\":{\"@type\":\"PriceSpecification\",\"price\":29.15,\"priceCurrency\":\"EUR\",\"valueAddedTaxIncluded\":\"true\"}}}]},{\"@type\":\"WebPage\",\"@id\":\"https:\\\/\\\/hidalgo.nl\\\/de\\\/product\\\/79326\\\/business-messenger-bag-bedrucken-laptopfach-rpet-one-size\\\/#webpage\",\"url\":\"https:\\\/\\\/hidalgo.nl\\\/de\\\/product\\\/79326\\\/business-messenger-bag-bedrucken-laptopfach-rpet-one-size\\\/\",\"name\":\"Business Messenger Bag bedrucken Laptopfach rPET One-size\",\"description\":\"Sicher im Alltag unterwegs: Die Business Tasche mit Laptopfach sch\\u00fctzt deine Technik, Dokumente & Tablet; gefertigt aus recyceltem Polyester mit transparenter Herkunft. Bei Hidalgo l\\u00e4sst du die Umh\\u00e4ngetasche mit Logo veredeln - ideal f\\u00fcr 20-40-J\\u00e4hrige im Job, Events & Teams; Gr\\u00f6\\u00dfe One-size.\",\"inLanguage\":\"de-DE\",\"isPartOf\":{\"@id\":\"https:\\\/\\\/hidalgo.nl\\\/de\\\/#website\"},\"breadcrumb\":{\"@id\":\"https:\\\/\\\/hidalgo.nl\\\/de\\\/product\\\/79326\\\/business-messenger-bag-bedrucken-laptopfach-rpet-one-size\\\/#breadcrumblist\"},\"image\":{\"@type\":\"ImageObject\",\"url\":\"https:\\\/\\\/shop.hidalgo.nl\\\/wp-content\\\/uploads\\\/2025\\\/07\\\/2ff124b5e6c20136cdd5c00b368aaee508f5c1b6d5bac8a33bb273601ed7aed7.png\",\"@id\":\"https:\\\/\\\/hidalgo.nl\\\/de\\\/product\\\/79326\\\/business-messenger-bag-bedrucken-laptopfach-rpet-one-size\\\/#mainImage\",\"width\":1000,\"height\":1000},\"primaryImageOfPage\":{\"@id\":\"https:\\\/\\\/hidalgo.nl\\\/de\\\/product\\\/79326\\\/business-messenger-bag-bedrucken-laptopfach-rpet-one-size\\\/#mainImage\"},\"datePublished\":\"2025-07-07T00:22:30+00:00\",\"dateModified\":\"2026-03-22T06:11:26+00:00\"},{\"@type\":\"WebSite\",\"@id\":\"https:\\\/\\\/hidalgo.nl\\\/de\\\/#website\",\"url\":\"https:\\\/\\\/hidalgo.nl\\\/de\\\/\",\"name\":\"Hidalgo\",\"inLanguage\":\"de-DE\",\"publisher\":{\"@id\":\"https:\\\/\\\/hidalgo.nl\\\/de\\\/#organization\"}}]}\n\t\t<\/script>\n\t\t<!-- All in One SEO Pro -->\r\n\t\t<title>Business Messenger Bag bedrucken Laptopfach rPET One-size<\/title>\n\n","aioseo_head_json":{"title":"Business Messenger Bag bedrucken Laptopfach rPET One-size","description":"Sicher im Alltag unterwegs: Die Business Tasche mit Laptopfach sch\u00fctzt deine Technik, Dokumente & Tablet; gefertigt aus recyceltem Polyester mit transparenter Herkunft. Bei Hidalgo l\u00e4sst du die Umh\u00e4ngetasche mit Logo veredeln - ideal f\u00fcr 20-40-J\u00e4hrige im Job, Events & Teams; Gr\u00f6\u00dfe One-size.","canonical_url":"https:\/\/hidalgo.nl\/de\/wp-json\/wp\/v2\/product\/79326","robots":"max-image-preview:large","keywords":"","webmasterTools":{"miscellaneous":""},"schema":{"@context":"https:\/\/schema.org","@graph":[{"@type":"BreadcrumbList","@id":"https:\/\/hidalgo.nl\/de\/product\/79326\/business-messenger-bag-bedrucken-laptopfach-rpet-one-size\/#breadcrumblist","itemListElement":[{"@type":"ListItem","@id":"https:\/\/hidalgo.nl\/de\/#listItem","position":1,"name":"Home","item":"https:\/\/hidalgo.nl\/de\/","nextItem":{"@type":"ListItem","@id":"https:\/\/hidalgo.nl\/example\/#listItem","name":"example"}},{"@type":"ListItem","@id":"https:\/\/hidalgo.nl\/example\/#listItem","position":2,"name":"example","item":"https:\/\/hidalgo.nl\/example\/","nextItem":{"@type":"ListItem","@id":"https:\/\/hidalgo.nl\/en\/product-supplier\/a403\/#listItem","name":"A403"},"previousItem":{"@type":"ListItem","@id":"https:\/\/hidalgo.nl\/de\/#listItem","name":"Home"}},{"@type":"ListItem","@id":"https:\/\/hidalgo.nl\/en\/product-supplier\/a403\/#listItem","position":3,"name":"A403","item":"https:\/\/hidalgo.nl\/en\/product-supplier\/a403\/","nextItem":{"@type":"ListItem","@id":"https:\/\/hidalgo.nl\/de\/product\/79326\/business-messenger-bag-bedrucken-laptopfach-rpet-one-size\/#listItem","name":"KI5403 &#8211; Business messager tas Kialma by K-loop"},"previousItem":{"@type":"ListItem","@id":"https:\/\/hidalgo.nl\/example\/#listItem","name":"example"}},{"@type":"ListItem","@id":"https:\/\/hidalgo.nl\/de\/product\/79326\/business-messenger-bag-bedrucken-laptopfach-rpet-one-size\/#listItem","position":4,"name":"KI5403 &#8211; Business messager tas Kialma by K-loop","previousItem":{"@type":"ListItem","@id":"https:\/\/hidalgo.nl\/en\/product-supplier\/a403\/#listItem","name":"A403"}}]},{"@type":"Organization","@id":"https:\/\/hidalgo.nl\/de\/#organization","name":"Hidalgo","url":"https:\/\/hidalgo.nl\/de\/","logo":{"@type":"ImageObject","url":"https:\/\/shop.hidalgo.nl\/wp-content\/uploads\/2025\/11\/cropped-Hidalgo-est1993.png","@id":"https:\/\/hidalgo.nl\/de\/product\/79326\/business-messenger-bag-bedrucken-laptopfach-rpet-one-size\/#organizationLogo","width":585,"height":195},"image":{"@id":"https:\/\/hidalgo.nl\/de\/product\/79326\/business-messenger-bag-bedrucken-laptopfach-rpet-one-size\/#organizationLogo"}},{"@type":"ProductGroup","@id":"https:\/\/hidalgo.nl\/de\/product\/79326\/business-messenger-bag-bedrucken-laptopfach-rpet-one-size\/#wooCommerceProduct","name":"Business Messenger Bag bedrucken Laptopfach rPET One-size","url":"https:\/\/hidalgo.nl\/de\/product\/79326\/business-messenger-bag-bedrucken-laptopfach-rpet-one-size\/","brand":{"@type":"Brand","name":"Kimood"},"sku":"A403-KI5403","image":{"@type":"ImageObject","url":"https:\/\/shop.hidalgo.nl\/wp-content\/uploads\/2025\/07\/2ff124b5e6c20136cdd5c00b368aaee508f5c1b6d5bac8a33bb273601ed7aed7.png","@id":"https:\/\/hidalgo.nl\/de\/product\/79326\/business-messenger-bag-bedrucken-laptopfach-rpet-one-size\/#productImage","width":1000,"height":1000},"productGroupID":79326,"hasVariant":[{"@type":"Product","@id":"https:\/\/hidalgo.nl\/de\/product\/79326\/business-messenger-bag-bedrucken-laptopfach-rpet-one-size\/#wooCommerceProduct","name":"KI5403 - Business messager tas Kialma by K-loop - , black","url":"https:\/\/hidalgo.nl\/de\/product\/79326\/business-messenger-bag-bedrucken-laptopfach-rpet-one-size\/","sku":"A403-KI5403_85627_85626","gtin":"3663639128643","image":{"@type":"ImageObject","url":"https:\/\/shop.hidalgo.nl\/wp-content\/uploads\/2025\/07\/2ff124b5e6c20136cdd5c00b368aaee508f5c1b6d5bac8a33bb273601ed7aed7.png","@id":"https:\/\/hidalgo.nl\/de\/product\/79326\/business-messenger-bag-bedrucken-laptopfach-rpet-one-size\/#productImage","width":1000,"height":1000},"offers":{"@type":"Offer","url":"https:\/\/hidalgo.nl\/de\/product\/79326\/business-messenger-bag-bedrucken-laptopfach-rpet-one-size\/#wooCommerceOffer","price":"29.15","priceCurrency":"EUR","category":"Tassen","availability":"https:\/\/schema.org\/InStock","priceSpecification":{"@type":"PriceSpecification","price":29.15,"priceCurrency":"EUR","valueAddedTaxIncluded":"true"}}}]},{"@type":"WebPage","@id":"https:\/\/hidalgo.nl\/de\/product\/79326\/business-messenger-bag-bedrucken-laptopfach-rpet-one-size\/#webpage","url":"https:\/\/hidalgo.nl\/de\/product\/79326\/business-messenger-bag-bedrucken-laptopfach-rpet-one-size\/","name":"Business Messenger Bag bedrucken Laptopfach rPET One-size","description":"Sicher im Alltag unterwegs: Die Business Tasche mit Laptopfach sch\u00fctzt deine Technik, Dokumente & Tablet; gefertigt aus recyceltem Polyester mit transparenter Herkunft. Bei Hidalgo l\u00e4sst du die Umh\u00e4ngetasche mit Logo veredeln - ideal f\u00fcr 20-40-J\u00e4hrige im Job, Events & Teams; Gr\u00f6\u00dfe One-size.","inLanguage":"de-DE","isPartOf":{"@id":"https:\/\/hidalgo.nl\/de\/#website"},"breadcrumb":{"@id":"https:\/\/hidalgo.nl\/de\/product\/79326\/business-messenger-bag-bedrucken-laptopfach-rpet-one-size\/#breadcrumblist"},"image":{"@type":"ImageObject","url":"https:\/\/shop.hidalgo.nl\/wp-content\/uploads\/2025\/07\/2ff124b5e6c20136cdd5c00b368aaee508f5c1b6d5bac8a33bb273601ed7aed7.png","@id":"https:\/\/hidalgo.nl\/de\/product\/79326\/business-messenger-bag-bedrucken-laptopfach-rpet-one-size\/#mainImage","width":1000,"height":1000},"primaryImageOfPage":{"@id":"https:\/\/hidalgo.nl\/de\/product\/79326\/business-messenger-bag-bedrucken-laptopfach-rpet-one-size\/#mainImage"},"datePublished":"2025-07-07T00:22:30+00:00","dateModified":"2026-03-22T06:11:26+00:00"},{"@type":"WebSite","@id":"https:\/\/hidalgo.nl\/de\/#website","url":"https:\/\/hidalgo.nl\/de\/","name":"Hidalgo","inLanguage":"de-DE","publisher":{"@id":"https:\/\/hidalgo.nl\/de\/#organization"}}]},"og:locale":"de_DE","og:site_name":"Hidalgo -","og:type":"article","og:title":"Business Messenger Bag bedrucken Laptopfach rPET One-size","og:description":"Sicher im Alltag unterwegs: Die Business Tasche mit Laptopfach sch\u00fctzt deine Technik, Dokumente &amp; Tablet; gefertigt aus recyceltem Polyester mit transparenter Herkunft. Bei Hidalgo l\u00e4sst du die Umh\u00e4ngetasche mit Logo veredeln - ideal f\u00fcr 20-40-J\u00e4hrige im Job, Events &amp; Teams; Gr\u00f6\u00dfe One-size.","og:url":"https:\/\/hidalgo.nl\/de\/wp-json\/wp\/v2\/product\/79326","og:image":"https:\/\/shop.hidalgo.nl\/wp-content\/uploads\/2025\/11\/cropped-Hidalgo-est1993.png","og:image:secure_url":"https:\/\/shop.hidalgo.nl\/wp-content\/uploads\/2025\/11\/cropped-Hidalgo-est1993.png","article:published_time":"2025-07-07T00:22:30+00:00","article:modified_time":"2026-03-22T06:11:26+00:00","twitter:card":"summary_large_image","twitter:title":"Business Messenger Bag bedrucken Laptopfach rPET One-size","twitter:description":"Sicher im Alltag unterwegs: Die Business Tasche mit Laptopfach sch\u00fctzt deine Technik, Dokumente &amp; Tablet; gefertigt aus recyceltem Polyester mit transparenter Herkunft. Bei Hidalgo l\u00e4sst du die Umh\u00e4ngetasche mit Logo veredeln - ideal f\u00fcr 20-40-J\u00e4hrige im Job, Events &amp; Teams; Gr\u00f6\u00dfe One-size.","twitter:image":"https:\/\/shop.hidalgo.nl\/wp-content\/uploads\/2025\/11\/cropped-Hidalgo-est1993.png"},"aioseo_meta_data":{"post_id":"79326","title":null,"description":null,"keywords":null,"keyphrases":null,"primary_term":null,"canonical_url":null,"og_title":null,"og_description":null,"og_object_type":"default","og_image_type":"default","og_image_url":null,"og_image_width":null,"og_image_height":null,"og_image_custom_url":null,"og_image_custom_fields":null,"og_video":null,"og_custom_url":null,"og_article_section":null,"og_article_tags":null,"twitter_use_og":false,"twitter_card":"default","twitter_image_type":"default","twitter_image_url":null,"twitter_image_custom_url":null,"twitter_image_custom_fields":null,"twitter_title":null,"twitter_description":null,"schema":{"blockGraphs":[],"customGraphs":[],"default":{"data":{"Article":[],"Course":[],"Dataset":[],"FAQPage":[],"Movie":[],"Person":[],"Product":[],"ProductReview":[],"Car":[],"Recipe":[],"Service":[],"SoftwareApplication":[],"WebPage":[]},"graphName":"","isEnabled":true},"graphs":[]},"schema_type":"default","schema_type_options":null,"pillar_content":false,"robots_default":true,"robots_noindex":false,"robots_noarchive":false,"robots_nosnippet":false,"robots_nofollow":false,"robots_noimageindex":false,"robots_noodp":false,"robots_notranslate":false,"robots_max_snippet":null,"robots_max_videopreview":null,"robots_max_imagepreview":"large","priority":null,"frequency":null,"local_seo":null,"seo_analyzer_scan_date":"2026-01-20 15:50:17","breadcrumb_settings":null,"limit_modified_date":false,"reviewed_by":null,"open_ai":null,"ai":null,"created":"2026-01-14 06:25:29","updated":"2026-04-22 19:35:54"},"aioseo_breadcrumb":"<div class=\"aioseo-breadcrumbs\"><span class=\"aioseo-breadcrumb\">\n\t<a href=\"https:\/\/hidalgo.nl\/de\/\" title=\"Home\">Home<\/a>\n<\/span><span class=\"aioseo-breadcrumb-separator\">\u00bb<\/span><span class=\"aioseo-breadcrumb\">\n\t<a href=\"https:\/\/hidalgo.nl\/example\/\" title=\"example\">example<\/a>\n<\/span><span class=\"aioseo-breadcrumb-separator\">\u00bb<\/span><span class=\"aioseo-breadcrumb\">\n\t<a href=\"https:\/\/hidalgo.nl\/en\/product-supplier\/a403\/\" title=\"A403\">A403<\/a>\n<\/span><span class=\"aioseo-breadcrumb-separator\">\u00bb<\/span><span class=\"aioseo-breadcrumb\">\n\tKI5403 \u2013 Business messager tas Kialma by K-loop\n<\/span><\/div>","aioseo_breadcrumb_json":[{"label":"Home","link":"https:\/\/hidalgo.nl\/de\/"},{"label":"example","link":"https:\/\/hidalgo.nl\/example\/"},{"label":"A403","link":"https:\/\/hidalgo.nl\/en\/product-supplier\/a403\/"},{"label":"KI5403 &#8211; Business messager tas Kialma by K-loop","link":"https:\/\/hidalgo.nl\/de\/product\/79326\/business-messenger-bag-bedrucken-laptopfach-rpet-one-size\/"}],"_links":{"self":[{"href":"https:\/\/hidalgo.nl\/de\/wp-json\/wp\/v2\/product\/79326","targetHints":{"allow":["GET"]}}],"collection":[{"href":"https:\/\/hidalgo.nl\/de\/wp-json\/wp\/v2\/product"}],"about":[{"href":"https:\/\/hidalgo.nl\/de\/wp-json\/wp\/v2\/types\/product"}],"wp:featuredmedia":[{"embeddable":true,"href":"https:\/\/hidalgo.nl\/de\/wp-json\/wp\/v2\/media\/79329"}],"wp:attachment":[{"href":"https:\/\/hidalgo.nl\/de\/wp-json\/wp\/v2\/media?parent=79326"}],"wp:term":[{"taxonomy":"product_brand","embeddable":true,"href":"https:\/\/hidalgo.nl\/de\/wp-json\/wp\/v2\/product_brand?post=79326"},{"taxonomy":"product_cat","embeddable":true,"href":"https:\/\/hidalgo.nl\/de\/wp-json\/wp\/v2\/product_cat?post=79326"},{"taxonomy":"product_tag","embeddable":true,"href":"https:\/\/hidalgo.nl\/de\/wp-json\/wp\/v2\/product_tag?post=79326"}],"curies":[{"name":"wp","href":"https:\/\/api.w.org\/{rel}","templated":true}]}}