{"id":7931,"date":"2025-07-03T09:43:15","date_gmt":"2025-07-03T09:43:15","guid":{"rendered":"http:\/\/bidonsenshakers.pim.hidalgo.nl\/product\/rpet-handwaaier-rosanne\/"},"modified":"2026-03-15T08:49:12","modified_gmt":"2026-03-15T08:49:12","slug":"rpet-handwaaier-rosanne","status":"publish","type":"product","link":"https:\/\/hidalgo.nl\/de\/product\/7931\/rpet-handfaecher-rosanne-bedrucken-nachhaltig-holzgriff\/","title":{"rendered":"rPET handwaaier Rosanne"},"content":{"rendered":"<p>rPET handwaaier met houten handvat. Individueel verpakt in een bruine kartonnen doos.<\/p>\n","protected":false},"excerpt":{"rendered":"<p>rPET handwaaier met houten handvat. Individueel verpakt in een bruine kartonnen doos.<\/p>\n","protected":false},"featured_media":7932,"template":"","meta":{"_acf_changed":false,"om_disable_all_campaigns":false,"_monsterinsights_skip_tracking":false,"_monsterinsights_sitenote_active":false,"_monsterinsights_sitenote_note":"","_monsterinsights_sitenote_category":0},"product_brand":[49],"product_cat":[4882,4719,4774],"product_tag":[],"class_list":{"0":"post-7931","1":"product","2":"type-product","3":"status-publish","4":"has-post-thumbnail","6":"product_supplier-a58","7":"product_material-hout","8":"product_material-metaal","9":"product_material-rpet","10":"product_brand-impression","11":"product_cat-festival-artikelen","12":"product_cat-promotionele-artikelen","13":"product_cat-promotionele-artikelen-vrije-tijd","14":"entry","16":"first","17":"instock","18":"taxable","19":"shipping-taxable","20":"purchasable","21":"product-type-variable"},"acf":{"imprint_cost":[{"imprint_cost_key":"26afb3b5568c273781cb03645985ccd27fd43cc2","product_quantity_price_range":[{"imprint_cost_recommended_selling_price":"5.91","imprint_cost_recommended_selling_quantity":"1"},{"imprint_cost_recommended_selling_price":"2.97","imprint_cost_recommended_selling_quantity":"25"},{"imprint_cost_recommended_selling_price":"1.49","imprint_cost_recommended_selling_quantity":"50"},{"imprint_cost_recommended_selling_price":"0.69","imprint_cost_recommended_selling_quantity":"100"},{"imprint_cost_recommended_selling_price":"0.55","imprint_cost_recommended_selling_quantity":"250"},{"imprint_cost_recommended_selling_price":"0.43","imprint_cost_recommended_selling_quantity":"500"},{"imprint_cost_recommended_selling_price":"0.4","imprint_cost_recommended_selling_quantity":"1000"},{"imprint_cost_recommended_selling_price":"0.35","imprint_cost_recommended_selling_quantity":"2500"},{"imprint_cost_recommended_selling_price":"0.34","imprint_cost_recommended_selling_quantity":"5000"},{"imprint_cost_recommended_selling_price":"0.32","imprint_cost_recommended_selling_quantity":"10000"}],"product_quantity_price_range_buying":false,"imprint_cost_setup_costs":"52.31","imprint_cost_handling_costs":"0.2"},{"imprint_cost_key":"0dc9734360554a03b3ef03281e2fd974f09e527f","product_quantity_price_range":[{"imprint_cost_recommended_selling_price":"2.05","imprint_cost_recommended_selling_quantity":"1"},{"imprint_cost_recommended_selling_price":"1.37","imprint_cost_recommended_selling_quantity":"25"},{"imprint_cost_recommended_selling_price":"0.97","imprint_cost_recommended_selling_quantity":"50"},{"imprint_cost_recommended_selling_price":"0.91","imprint_cost_recommended_selling_quantity":"100"},{"imprint_cost_recommended_selling_price":"0.85","imprint_cost_recommended_selling_quantity":"250"},{"imprint_cost_recommended_selling_price":"0.78","imprint_cost_recommended_selling_quantity":"500"},{"imprint_cost_recommended_selling_price":"0.71","imprint_cost_recommended_selling_quantity":"1000"},{"imprint_cost_recommended_selling_price":"0.69","imprint_cost_recommended_selling_quantity":"2500"},{"imprint_cost_recommended_selling_price":"0.68","imprint_cost_recommended_selling_quantity":"5000"}],"product_quantity_price_range_buying":false,"imprint_cost_setup_costs":"60.77","imprint_cost_handling_costs":"0.26"},{"imprint_cost_key":"7d75e1199fbf82a81fd7831cc2eb555e9e100efa","product_quantity_price_range":[{"imprint_cost_recommended_selling_price":"2.66","imprint_cost_recommended_selling_quantity":"1"},{"imprint_cost_recommended_selling_price":"1.63","imprint_cost_recommended_selling_quantity":"25"},{"imprint_cost_recommended_selling_price":"1.22","imprint_cost_recommended_selling_quantity":"50"},{"imprint_cost_recommended_selling_price":"0.88","imprint_cost_recommended_selling_quantity":"100"},{"imprint_cost_recommended_selling_price":"0.52","imprint_cost_recommended_selling_quantity":"250"},{"imprint_cost_recommended_selling_price":"0.43","imprint_cost_recommended_selling_quantity":"500"},{"imprint_cost_recommended_selling_price":"0.37","imprint_cost_recommended_selling_quantity":"1000"},{"imprint_cost_recommended_selling_price":"0.29","imprint_cost_recommended_selling_quantity":"2500"}],"product_quantity_price_range_buying":false,"imprint_cost_setup_costs":"30.77","imprint_cost_handling_costs":"0.2"},{"imprint_cost_key":"6488fc681f4340f572da498692e96a1aebd23d21","product_quantity_price_range":[{"imprint_cost_recommended_selling_price":"5.43","imprint_cost_recommended_selling_quantity":"1"},{"imprint_cost_recommended_selling_price":"2.83","imprint_cost_recommended_selling_quantity":"25"},{"imprint_cost_recommended_selling_price":"1.29","imprint_cost_recommended_selling_quantity":"50"},{"imprint_cost_recommended_selling_price":"0.49","imprint_cost_recommended_selling_quantity":"100"},{"imprint_cost_recommended_selling_price":"0.35","imprint_cost_recommended_selling_quantity":"250"},{"imprint_cost_recommended_selling_price":"0.28","imprint_cost_recommended_selling_quantity":"500"},{"imprint_cost_recommended_selling_price":"0.2","imprint_cost_recommended_selling_quantity":"1000"},{"imprint_cost_recommended_selling_price":"0.18","imprint_cost_recommended_selling_quantity":"5000"}],"product_quantity_price_range_buying":false,"imprint_cost_setup_costs":"52.31","imprint_cost_handling_costs":"0.2"}]},"aioseo_notices":[],"aioseo_head":"\n\t\t<!-- All in One SEO Pro 4.9.6.2 - aioseo.com -->\n\t<meta name=\"description\" content=\"Mit Rosanne setzt du auf sommerlichen Events ein umweltbewusstes Statement und sorgst f\u00fcr die n\u00f6tige Abk\u00fchlung. Du kannst diese nachhaltigen Handf\u00e4cher personalisieren und bei Hidalgo mit deinem Logo bedrucken lassen, um deine Marke bei deiner Zielgruppe modern und greifbar zu pr\u00e4sentieren.\" \/>\n\t<meta name=\"robots\" content=\"max-image-preview:large\" \/>\n\t<link rel=\"canonical\" href=\"https:\/\/hidalgo.nl\/de\/wp-json\/wp\/v2\/product\/7931\" \/>\n\t<meta name=\"generator\" content=\"All in One SEO Pro (AIOSEO) 4.9.6.2\" \/>\n\t\t<meta property=\"og:locale\" content=\"de_DE\" \/>\n\t\t<meta property=\"og:site_name\" content=\"Hidalgo -\" \/>\n\t\t<meta property=\"og:type\" content=\"article\" \/>\n\t\t<meta property=\"og:title\" content=\"rPET Handf\u00e4cher Rosanne bedrucken nachhaltig Holzgriff\" \/>\n\t\t<meta property=\"og:description\" content=\"Mit Rosanne setzt du auf sommerlichen Events ein umweltbewusstes Statement und sorgst f\u00fcr die n\u00f6tige Abk\u00fchlung. Du kannst diese nachhaltigen Handf\u00e4cher personalisieren und bei Hidalgo mit deinem Logo bedrucken lassen, um deine Marke bei deiner Zielgruppe modern und greifbar zu pr\u00e4sentieren.\" \/>\n\t\t<meta property=\"og:url\" content=\"https:\/\/hidalgo.nl\/de\/wp-json\/wp\/v2\/product\/7931\" \/>\n\t\t<meta property=\"og:image\" content=\"https:\/\/shop.hidalgo.nl\/wp-content\/uploads\/2025\/11\/cropped-Hidalgo-est1993.png\" \/>\n\t\t<meta property=\"og:image:secure_url\" content=\"https:\/\/shop.hidalgo.nl\/wp-content\/uploads\/2025\/11\/cropped-Hidalgo-est1993.png\" \/>\n\t\t<meta property=\"article:published_time\" content=\"2025-07-03T09:43:15+00:00\" \/>\n\t\t<meta property=\"article:modified_time\" content=\"2026-03-15T08:49:12+00:00\" \/>\n\t\t<meta name=\"twitter:card\" content=\"summary_large_image\" \/>\n\t\t<meta name=\"twitter:title\" content=\"rPET Handf\u00e4cher Rosanne bedrucken nachhaltig Holzgriff\" \/>\n\t\t<meta name=\"twitter:description\" content=\"Mit Rosanne setzt du auf sommerlichen Events ein umweltbewusstes Statement und sorgst f\u00fcr die n\u00f6tige Abk\u00fchlung. Du kannst diese nachhaltigen Handf\u00e4cher personalisieren und bei Hidalgo mit deinem Logo bedrucken lassen, um deine Marke bei deiner Zielgruppe modern und greifbar zu pr\u00e4sentieren.\" \/>\n\t\t<meta name=\"twitter:image\" content=\"https:\/\/shop.hidalgo.nl\/wp-content\/uploads\/2025\/11\/cropped-Hidalgo-est1993.png\" \/>\n\t\t<script type=\"application\/ld+json\" class=\"aioseo-schema\">\n\t\t\t{\"@context\":\"https:\\\/\\\/schema.org\",\"@graph\":[{\"@type\":\"BreadcrumbList\",\"@id\":\"https:\\\/\\\/hidalgo.nl\\\/de\\\/product\\\/7931\\\/rpet-handfaecher-rosanne-bedrucken-nachhaltig-holzgriff\\\/#breadcrumblist\",\"itemListElement\":[{\"@type\":\"ListItem\",\"@id\":\"https:\\\/\\\/hidalgo.nl\\\/de\\\/#listItem\",\"position\":1,\"name\":\"Home\",\"item\":\"https:\\\/\\\/hidalgo.nl\\\/de\\\/\",\"nextItem\":{\"@type\":\"ListItem\",\"@id\":\"https:\\\/\\\/hidalgo.nl\\\/example\\\/#listItem\",\"name\":\"example\"}},{\"@type\":\"ListItem\",\"@id\":\"https:\\\/\\\/hidalgo.nl\\\/example\\\/#listItem\",\"position\":2,\"name\":\"example\",\"item\":\"https:\\\/\\\/hidalgo.nl\\\/example\\\/\",\"nextItem\":{\"@type\":\"ListItem\",\"@id\":\"https:\\\/\\\/hidalgo.nl\\\/en\\\/product-supplier\\\/a58\\\/#listItem\",\"name\":\"A58\"},\"previousItem\":{\"@type\":\"ListItem\",\"@id\":\"https:\\\/\\\/hidalgo.nl\\\/de\\\/#listItem\",\"name\":\"Home\"}},{\"@type\":\"ListItem\",\"@id\":\"https:\\\/\\\/hidalgo.nl\\\/en\\\/product-supplier\\\/a58\\\/#listItem\",\"position\":3,\"name\":\"A58\",\"item\":\"https:\\\/\\\/hidalgo.nl\\\/en\\\/product-supplier\\\/a58\\\/\",\"nextItem\":{\"@type\":\"ListItem\",\"@id\":\"https:\\\/\\\/hidalgo.nl\\\/de\\\/product\\\/7931\\\/rpet-handfaecher-rosanne-bedrucken-nachhaltig-holzgriff\\\/#listItem\",\"name\":\"rPET handwaaier Rosanne\"},\"previousItem\":{\"@type\":\"ListItem\",\"@id\":\"https:\\\/\\\/hidalgo.nl\\\/example\\\/#listItem\",\"name\":\"example\"}},{\"@type\":\"ListItem\",\"@id\":\"https:\\\/\\\/hidalgo.nl\\\/de\\\/product\\\/7931\\\/rpet-handfaecher-rosanne-bedrucken-nachhaltig-holzgriff\\\/#listItem\",\"position\":4,\"name\":\"rPET handwaaier Rosanne\",\"previousItem\":{\"@type\":\"ListItem\",\"@id\":\"https:\\\/\\\/hidalgo.nl\\\/en\\\/product-supplier\\\/a58\\\/#listItem\",\"name\":\"A58\"}}]},{\"@type\":\"Organization\",\"@id\":\"https:\\\/\\\/hidalgo.nl\\\/de\\\/#organization\",\"name\":\"Hidalgo\",\"url\":\"https:\\\/\\\/hidalgo.nl\\\/de\\\/\",\"logo\":{\"@type\":\"ImageObject\",\"url\":\"https:\\\/\\\/shop.hidalgo.nl\\\/wp-content\\\/uploads\\\/2025\\\/11\\\/cropped-Hidalgo-est1993.png\",\"@id\":\"https:\\\/\\\/hidalgo.nl\\\/de\\\/product\\\/7931\\\/rpet-handfaecher-rosanne-bedrucken-nachhaltig-holzgriff\\\/#organizationLogo\",\"width\":585,\"height\":195},\"image\":{\"@id\":\"https:\\\/\\\/hidalgo.nl\\\/de\\\/product\\\/7931\\\/rpet-handfaecher-rosanne-bedrucken-nachhaltig-holzgriff\\\/#organizationLogo\"}},{\"@type\":\"ProductGroup\",\"@id\":\"https:\\\/\\\/hidalgo.nl\\\/de\\\/product\\\/7931\\\/rpet-handfaecher-rosanne-bedrucken-nachhaltig-holzgriff\\\/#wooCommerceProduct\",\"name\":\"rPET Handf\\u00e4cher Rosanne bedrucken nachhaltig Holzgriff\",\"url\":\"https:\\\/\\\/hidalgo.nl\\\/de\\\/product\\\/7931\\\/rpet-handfaecher-rosanne-bedrucken-nachhaltig-holzgriff\\\/\",\"brand\":{\"@type\":\"Brand\",\"name\":\"IMPRESSION\"},\"sku\":\"A58-1041510\",\"image\":{\"@type\":\"ImageObject\",\"url\":\"https:\\\/\\\/shop.hidalgo.nl\\\/wp-content\\\/uploads\\\/2025\\\/05\\\/811f68f2f6fecaec2c753376ea39a196e6b2e454c795332befe5a1206d79d8d1.jpg\",\"@id\":\"https:\\\/\\\/hidalgo.nl\\\/de\\\/product\\\/7931\\\/rpet-handfaecher-rosanne-bedrucken-nachhaltig-holzgriff\\\/#productImage\",\"width\":1000,\"height\":466},\"productGroupID\":7931,\"hasVariant\":[{\"@type\":\"Product\",\"@id\":\"https:\\\/\\\/hidalgo.nl\\\/de\\\/product\\\/7931\\\/rpet-handfaecher-rosanne-bedrucken-nachhaltig-holzgriff\\\/#wooCommerceProduct\",\"name\":\"rPET handwaaier Rosanne - ,\",\"url\":\"https:\\\/\\\/hidalgo.nl\\\/de\\\/product\\\/7931\\\/rpet-handfaecher-rosanne-bedrucken-nachhaltig-holzgriff\\\/\",\"sku\":\"A58-1041510-112999999\",\"image\":{\"@type\":\"ImageObject\",\"url\":\"https:\\\/\\\/shop.hidalgo.nl\\\/wp-content\\\/uploads\\\/2025\\\/05\\\/e4b56d28a0d3f50cd9e76943fe8787f15b97f6826f823e644f420fa3d1772ad5.jpg\",\"@id\":\"https:\\\/\\\/hidalgo.nl\\\/de\\\/product\\\/7931\\\/rpet-handfaecher-rosanne-bedrucken-nachhaltig-holzgriff\\\/#productImage\",\"width\":1000,\"height\":198},\"offers\":{\"@type\":\"Offer\",\"url\":\"https:\\\/\\\/hidalgo.nl\\\/de\\\/product\\\/7931\\\/rpet-handfaecher-rosanne-bedrucken-nachhaltig-holzgriff\\\/#wooCommerceOffer\",\"price\":\"2.55\",\"priceCurrency\":\"EUR\",\"category\":\"Promotionele Artikelen\",\"availability\":\"https:\\\/\\\/schema.org\\\/InStock\",\"priceSpecification\":{\"@type\":\"PriceSpecification\",\"price\":2.55,\"priceCurrency\":\"EUR\",\"valueAddedTaxIncluded\":\"true\"}}}]},{\"@type\":\"WebPage\",\"@id\":\"https:\\\/\\\/hidalgo.nl\\\/de\\\/product\\\/7931\\\/rpet-handfaecher-rosanne-bedrucken-nachhaltig-holzgriff\\\/#webpage\",\"url\":\"https:\\\/\\\/hidalgo.nl\\\/de\\\/product\\\/7931\\\/rpet-handfaecher-rosanne-bedrucken-nachhaltig-holzgriff\\\/\",\"name\":\"rPET Handf\\u00e4cher Rosanne bedrucken nachhaltig Holzgriff\",\"description\":\"Mit Rosanne setzt du auf sommerlichen Events ein umweltbewusstes Statement und sorgst f\\u00fcr die n\\u00f6tige Abk\\u00fchlung. Du kannst diese nachhaltigen Handf\\u00e4cher personalisieren und bei Hidalgo mit deinem Logo bedrucken lassen, um deine Marke bei deiner Zielgruppe modern und greifbar zu pr\\u00e4sentieren.\",\"inLanguage\":\"de-DE\",\"isPartOf\":{\"@id\":\"https:\\\/\\\/hidalgo.nl\\\/de\\\/#website\"},\"breadcrumb\":{\"@id\":\"https:\\\/\\\/hidalgo.nl\\\/de\\\/product\\\/7931\\\/rpet-handfaecher-rosanne-bedrucken-nachhaltig-holzgriff\\\/#breadcrumblist\"},\"image\":{\"@type\":\"ImageObject\",\"url\":\"https:\\\/\\\/shop.hidalgo.nl\\\/wp-content\\\/uploads\\\/2025\\\/05\\\/811f68f2f6fecaec2c753376ea39a196e6b2e454c795332befe5a1206d79d8d1.jpg\",\"@id\":\"https:\\\/\\\/hidalgo.nl\\\/de\\\/product\\\/7931\\\/rpet-handfaecher-rosanne-bedrucken-nachhaltig-holzgriff\\\/#mainImage\",\"width\":1000,\"height\":466},\"primaryImageOfPage\":{\"@id\":\"https:\\\/\\\/hidalgo.nl\\\/de\\\/product\\\/7931\\\/rpet-handfaecher-rosanne-bedrucken-nachhaltig-holzgriff\\\/#mainImage\"},\"datePublished\":\"2025-07-03T09:43:15+00:00\",\"dateModified\":\"2026-03-15T08:49:12+00:00\"},{\"@type\":\"WebSite\",\"@id\":\"https:\\\/\\\/hidalgo.nl\\\/de\\\/#website\",\"url\":\"https:\\\/\\\/hidalgo.nl\\\/de\\\/\",\"name\":\"Hidalgo\",\"inLanguage\":\"de-DE\",\"publisher\":{\"@id\":\"https:\\\/\\\/hidalgo.nl\\\/de\\\/#organization\"}}]}\n\t\t<\/script>\n\t\t<!-- All in One SEO Pro -->\r\n\t\t<title>rPET Handf\u00e4cher Rosanne bedrucken nachhaltig Holzgriff<\/title>\n\n","aioseo_head_json":{"title":"rPET Handf\u00e4cher Rosanne bedrucken nachhaltig Holzgriff","description":"Mit Rosanne setzt du auf sommerlichen Events ein umweltbewusstes Statement und sorgst f\u00fcr die n\u00f6tige Abk\u00fchlung. Du kannst diese nachhaltigen Handf\u00e4cher personalisieren und bei Hidalgo mit deinem Logo bedrucken lassen, um deine Marke bei deiner Zielgruppe modern und greifbar zu pr\u00e4sentieren.","canonical_url":"https:\/\/hidalgo.nl\/de\/wp-json\/wp\/v2\/product\/7931","robots":"max-image-preview:large","keywords":"","webmasterTools":{"miscellaneous":""},"schema":{"@context":"https:\/\/schema.org","@graph":[{"@type":"BreadcrumbList","@id":"https:\/\/hidalgo.nl\/de\/product\/7931\/rpet-handfaecher-rosanne-bedrucken-nachhaltig-holzgriff\/#breadcrumblist","itemListElement":[{"@type":"ListItem","@id":"https:\/\/hidalgo.nl\/de\/#listItem","position":1,"name":"Home","item":"https:\/\/hidalgo.nl\/de\/","nextItem":{"@type":"ListItem","@id":"https:\/\/hidalgo.nl\/example\/#listItem","name":"example"}},{"@type":"ListItem","@id":"https:\/\/hidalgo.nl\/example\/#listItem","position":2,"name":"example","item":"https:\/\/hidalgo.nl\/example\/","nextItem":{"@type":"ListItem","@id":"https:\/\/hidalgo.nl\/en\/product-supplier\/a58\/#listItem","name":"A58"},"previousItem":{"@type":"ListItem","@id":"https:\/\/hidalgo.nl\/de\/#listItem","name":"Home"}},{"@type":"ListItem","@id":"https:\/\/hidalgo.nl\/en\/product-supplier\/a58\/#listItem","position":3,"name":"A58","item":"https:\/\/hidalgo.nl\/en\/product-supplier\/a58\/","nextItem":{"@type":"ListItem","@id":"https:\/\/hidalgo.nl\/de\/product\/7931\/rpet-handfaecher-rosanne-bedrucken-nachhaltig-holzgriff\/#listItem","name":"rPET handwaaier Rosanne"},"previousItem":{"@type":"ListItem","@id":"https:\/\/hidalgo.nl\/example\/#listItem","name":"example"}},{"@type":"ListItem","@id":"https:\/\/hidalgo.nl\/de\/product\/7931\/rpet-handfaecher-rosanne-bedrucken-nachhaltig-holzgriff\/#listItem","position":4,"name":"rPET handwaaier Rosanne","previousItem":{"@type":"ListItem","@id":"https:\/\/hidalgo.nl\/en\/product-supplier\/a58\/#listItem","name":"A58"}}]},{"@type":"Organization","@id":"https:\/\/hidalgo.nl\/de\/#organization","name":"Hidalgo","url":"https:\/\/hidalgo.nl\/de\/","logo":{"@type":"ImageObject","url":"https:\/\/shop.hidalgo.nl\/wp-content\/uploads\/2025\/11\/cropped-Hidalgo-est1993.png","@id":"https:\/\/hidalgo.nl\/de\/product\/7931\/rpet-handfaecher-rosanne-bedrucken-nachhaltig-holzgriff\/#organizationLogo","width":585,"height":195},"image":{"@id":"https:\/\/hidalgo.nl\/de\/product\/7931\/rpet-handfaecher-rosanne-bedrucken-nachhaltig-holzgriff\/#organizationLogo"}},{"@type":"ProductGroup","@id":"https:\/\/hidalgo.nl\/de\/product\/7931\/rpet-handfaecher-rosanne-bedrucken-nachhaltig-holzgriff\/#wooCommerceProduct","name":"rPET Handf\u00e4cher Rosanne bedrucken nachhaltig Holzgriff","url":"https:\/\/hidalgo.nl\/de\/product\/7931\/rpet-handfaecher-rosanne-bedrucken-nachhaltig-holzgriff\/","brand":{"@type":"Brand","name":"IMPRESSION"},"sku":"A58-1041510","image":{"@type":"ImageObject","url":"https:\/\/shop.hidalgo.nl\/wp-content\/uploads\/2025\/05\/811f68f2f6fecaec2c753376ea39a196e6b2e454c795332befe5a1206d79d8d1.jpg","@id":"https:\/\/hidalgo.nl\/de\/product\/7931\/rpet-handfaecher-rosanne-bedrucken-nachhaltig-holzgriff\/#productImage","width":1000,"height":466},"productGroupID":7931,"hasVariant":[{"@type":"Product","@id":"https:\/\/hidalgo.nl\/de\/product\/7931\/rpet-handfaecher-rosanne-bedrucken-nachhaltig-holzgriff\/#wooCommerceProduct","name":"rPET handwaaier Rosanne - ,","url":"https:\/\/hidalgo.nl\/de\/product\/7931\/rpet-handfaecher-rosanne-bedrucken-nachhaltig-holzgriff\/","sku":"A58-1041510-112999999","image":{"@type":"ImageObject","url":"https:\/\/shop.hidalgo.nl\/wp-content\/uploads\/2025\/05\/e4b56d28a0d3f50cd9e76943fe8787f15b97f6826f823e644f420fa3d1772ad5.jpg","@id":"https:\/\/hidalgo.nl\/de\/product\/7931\/rpet-handfaecher-rosanne-bedrucken-nachhaltig-holzgriff\/#productImage","width":1000,"height":198},"offers":{"@type":"Offer","url":"https:\/\/hidalgo.nl\/de\/product\/7931\/rpet-handfaecher-rosanne-bedrucken-nachhaltig-holzgriff\/#wooCommerceOffer","price":"2.55","priceCurrency":"EUR","category":"Promotionele Artikelen","availability":"https:\/\/schema.org\/InStock","priceSpecification":{"@type":"PriceSpecification","price":2.55,"priceCurrency":"EUR","valueAddedTaxIncluded":"true"}}}]},{"@type":"WebPage","@id":"https:\/\/hidalgo.nl\/de\/product\/7931\/rpet-handfaecher-rosanne-bedrucken-nachhaltig-holzgriff\/#webpage","url":"https:\/\/hidalgo.nl\/de\/product\/7931\/rpet-handfaecher-rosanne-bedrucken-nachhaltig-holzgriff\/","name":"rPET Handf\u00e4cher Rosanne bedrucken nachhaltig Holzgriff","description":"Mit Rosanne setzt du auf sommerlichen Events ein umweltbewusstes Statement und sorgst f\u00fcr die n\u00f6tige Abk\u00fchlung. Du kannst diese nachhaltigen Handf\u00e4cher personalisieren und bei Hidalgo mit deinem Logo bedrucken lassen, um deine Marke bei deiner Zielgruppe modern und greifbar zu pr\u00e4sentieren.","inLanguage":"de-DE","isPartOf":{"@id":"https:\/\/hidalgo.nl\/de\/#website"},"breadcrumb":{"@id":"https:\/\/hidalgo.nl\/de\/product\/7931\/rpet-handfaecher-rosanne-bedrucken-nachhaltig-holzgriff\/#breadcrumblist"},"image":{"@type":"ImageObject","url":"https:\/\/shop.hidalgo.nl\/wp-content\/uploads\/2025\/05\/811f68f2f6fecaec2c753376ea39a196e6b2e454c795332befe5a1206d79d8d1.jpg","@id":"https:\/\/hidalgo.nl\/de\/product\/7931\/rpet-handfaecher-rosanne-bedrucken-nachhaltig-holzgriff\/#mainImage","width":1000,"height":466},"primaryImageOfPage":{"@id":"https:\/\/hidalgo.nl\/de\/product\/7931\/rpet-handfaecher-rosanne-bedrucken-nachhaltig-holzgriff\/#mainImage"},"datePublished":"2025-07-03T09:43:15+00:00","dateModified":"2026-03-15T08:49:12+00:00"},{"@type":"WebSite","@id":"https:\/\/hidalgo.nl\/de\/#website","url":"https:\/\/hidalgo.nl\/de\/","name":"Hidalgo","inLanguage":"de-DE","publisher":{"@id":"https:\/\/hidalgo.nl\/de\/#organization"}}]},"og:locale":"de_DE","og:site_name":"Hidalgo -","og:type":"article","og:title":"rPET Handf\u00e4cher Rosanne bedrucken nachhaltig Holzgriff","og:description":"Mit Rosanne setzt du auf sommerlichen Events ein umweltbewusstes Statement und sorgst f\u00fcr die n\u00f6tige Abk\u00fchlung. Du kannst diese nachhaltigen Handf\u00e4cher personalisieren und bei Hidalgo mit deinem Logo bedrucken lassen, um deine Marke bei deiner Zielgruppe modern und greifbar zu pr\u00e4sentieren.","og:url":"https:\/\/hidalgo.nl\/de\/wp-json\/wp\/v2\/product\/7931","og:image":"https:\/\/shop.hidalgo.nl\/wp-content\/uploads\/2025\/11\/cropped-Hidalgo-est1993.png","og:image:secure_url":"https:\/\/shop.hidalgo.nl\/wp-content\/uploads\/2025\/11\/cropped-Hidalgo-est1993.png","article:published_time":"2025-07-03T09:43:15+00:00","article:modified_time":"2026-03-15T08:49:12+00:00","twitter:card":"summary_large_image","twitter:title":"rPET Handf\u00e4cher Rosanne bedrucken nachhaltig Holzgriff","twitter:description":"Mit Rosanne setzt du auf sommerlichen Events ein umweltbewusstes Statement und sorgst f\u00fcr die n\u00f6tige Abk\u00fchlung. Du kannst diese nachhaltigen Handf\u00e4cher personalisieren und bei Hidalgo mit deinem Logo bedrucken lassen, um deine Marke bei deiner Zielgruppe modern und greifbar zu pr\u00e4sentieren.","twitter:image":"https:\/\/shop.hidalgo.nl\/wp-content\/uploads\/2025\/11\/cropped-Hidalgo-est1993.png"},"aioseo_meta_data":{"post_id":"7931","title":null,"description":null,"keywords":null,"keyphrases":null,"primary_term":null,"canonical_url":null,"og_title":null,"og_description":null,"og_object_type":"default","og_image_type":"default","og_image_url":null,"og_image_width":null,"og_image_height":null,"og_image_custom_url":null,"og_image_custom_fields":null,"og_video":null,"og_custom_url":null,"og_article_section":null,"og_article_tags":null,"twitter_use_og":false,"twitter_card":"default","twitter_image_type":"default","twitter_image_url":null,"twitter_image_custom_url":null,"twitter_image_custom_fields":null,"twitter_title":null,"twitter_description":null,"schema":{"blockGraphs":[],"customGraphs":[],"default":{"data":{"Article":[],"Course":[],"Dataset":[],"FAQPage":[],"Movie":[],"Person":[],"Product":[],"ProductReview":[],"Car":[],"Recipe":[],"Service":[],"SoftwareApplication":[],"WebPage":[]},"graphName":"","isEnabled":true},"graphs":[]},"schema_type":"default","schema_type_options":null,"pillar_content":false,"robots_default":true,"robots_noindex":false,"robots_noarchive":false,"robots_nosnippet":false,"robots_nofollow":false,"robots_noimageindex":false,"robots_noodp":false,"robots_notranslate":false,"robots_max_snippet":null,"robots_max_videopreview":null,"robots_max_imagepreview":"large","priority":null,"frequency":null,"local_seo":null,"seo_analyzer_scan_date":"2026-01-20 09:30:21","breadcrumb_settings":null,"limit_modified_date":false,"reviewed_by":null,"open_ai":null,"ai":null,"created":"2026-01-14 06:17:37","updated":"2026-04-22 15:48:48"},"aioseo_breadcrumb":"<div class=\"aioseo-breadcrumbs\"><span class=\"aioseo-breadcrumb\">\n\t<a href=\"https:\/\/hidalgo.nl\/de\/\" title=\"Home\">Home<\/a>\n<\/span><span class=\"aioseo-breadcrumb-separator\">\u00bb<\/span><span class=\"aioseo-breadcrumb\">\n\t<a href=\"https:\/\/hidalgo.nl\/example\/\" title=\"example\">example<\/a>\n<\/span><span class=\"aioseo-breadcrumb-separator\">\u00bb<\/span><span class=\"aioseo-breadcrumb\">\n\t<a href=\"https:\/\/hidalgo.nl\/en\/product-supplier\/a58\/\" title=\"A58\">A58<\/a>\n<\/span><span class=\"aioseo-breadcrumb-separator\">\u00bb<\/span><span class=\"aioseo-breadcrumb\">\n\trPET handwaaier Rosanne\n<\/span><\/div>","aioseo_breadcrumb_json":[{"label":"Home","link":"https:\/\/hidalgo.nl\/de\/"},{"label":"example","link":"https:\/\/hidalgo.nl\/example\/"},{"label":"A58","link":"https:\/\/hidalgo.nl\/en\/product-supplier\/a58\/"},{"label":"rPET handwaaier Rosanne","link":"https:\/\/hidalgo.nl\/de\/product\/7931\/rpet-handfaecher-rosanne-bedrucken-nachhaltig-holzgriff\/"}],"_links":{"self":[{"href":"https:\/\/hidalgo.nl\/de\/wp-json\/wp\/v2\/product\/7931","targetHints":{"allow":["GET"]}}],"collection":[{"href":"https:\/\/hidalgo.nl\/de\/wp-json\/wp\/v2\/product"}],"about":[{"href":"https:\/\/hidalgo.nl\/de\/wp-json\/wp\/v2\/types\/product"}],"wp:featuredmedia":[{"embeddable":true,"href":"https:\/\/hidalgo.nl\/de\/wp-json\/wp\/v2\/media\/7932"}],"wp:attachment":[{"href":"https:\/\/hidalgo.nl\/de\/wp-json\/wp\/v2\/media?parent=7931"}],"wp:term":[{"taxonomy":"product_brand","embeddable":true,"href":"https:\/\/hidalgo.nl\/de\/wp-json\/wp\/v2\/product_brand?post=7931"},{"taxonomy":"product_cat","embeddable":true,"href":"https:\/\/hidalgo.nl\/de\/wp-json\/wp\/v2\/product_cat?post=7931"},{"taxonomy":"product_tag","embeddable":true,"href":"https:\/\/hidalgo.nl\/de\/wp-json\/wp\/v2\/product_tag?post=7931"}],"curies":[{"name":"wp","href":"https:\/\/api.w.org\/{rel}","templated":true}]}}