{"id":78835,"date":"2025-07-07T00:11:31","date_gmt":"2025-07-07T00:11:31","guid":{"rendered":"http:\/\/bidonsenshakers.pim.hidalgo.nl\/product\/ki3205-shopper-in-drie-kleuren-origine-france-garantie\/"},"modified":"2026-03-22T05:47:25","modified_gmt":"2026-03-22T05:47:25","slug":"ki3205-shopper-in-drie-kleuren-origine-france-garantie","status":"publish","type":"product","link":"https:\/\/hidalgo.nl\/de\/product\/78835\/canvas-shopper-bedrucken-france-garantie-baumwolle-one-size\/","title":{"rendered":"KI3205 &#8211; Shopper in drie kleuren-Origine France Garantie"},"content":{"rendered":"<p>100% katoen. Deze tas werd gemaakt van katoencanvas. Dit in Bretagne in Frankrijk gemaakte product kreeg het label &#8218;Origine France Garantie&#8216;. Op de zijkant van de tas werd een geweven etiket van de Franse vlag genaaid.  Geweven hengsels van 2,5 cm breed en 50 cm lang in contrasterende kleuren.<\/p>\n","protected":false},"excerpt":{"rendered":"<p>100% katoen. Deze tas werd gemaakt van katoencanvas. Dit in Bretagne in Frankrijk gemaakte product kreeg het label &#8218;Origine France Garantie&#8216;. Op de zijkant van de tas werd een geweven etiket van de Franse vlag genaaid. Geweven hengsels van 2,5 cm breed en 50 cm lang in contrasterende kleuren.<\/p>\n","protected":false},"featured_media":78838,"template":"","meta":{"_acf_changed":false,"om_disable_all_campaigns":false,"_monsterinsights_skip_tracking":false,"_monsterinsights_sitenote_active":false,"_monsterinsights_sitenote_note":"","_monsterinsights_sitenote_category":0},"product_brand":[43],"product_cat":[4726,4778,4713],"product_tag":[],"class_list":{"0":"post-78835","1":"product","2":"type-product","3":"status-publish","4":"has-post-thumbnail","6":"product_supplier-a403","7":"product_material-katoen","8":"product_brand-kimood","9":"product_cat-draagtassen","10":"product_cat-katoenen-tassen","11":"product_cat-tassen","12":"entry","14":"first","15":"instock","16":"taxable","17":"shipping-taxable","18":"purchasable","19":"product-type-variable"},"acf":{"imprint_cost":[{"imprint_cost_key":"33483b79de35c41f6a5968127e3727b83ce2fe0b","product_quantity_price_range":[{"imprint_cost_recommended_selling_price":"0","imprint_cost_recommended_selling_quantity":"1"}],"product_quantity_price_range_buying":false,"imprint_cost_setup_costs":"","imprint_cost_handling_costs":""}]},"aioseo_notices":[],"aioseo_head":"\n\t\t<!-- All in One SEO Pro 4.9.6.2 - aioseo.com -->\n\t<meta name=\"description\" content=\"Gefertigt in Frankreich mit Origine France Garantie: Du l\u00e4sst hier Baumwolltaschen bedrucken und verwandelst sie in Stofftaschen mit Logo f\u00fcr Events &amp; Alltag. Wir bringen dein Logo pr\u00e4zise auf robustes Canvas. One-size, w\u00e4hlbar in Navy, Natural oder Red.\" \/>\n\t<meta name=\"robots\" content=\"max-image-preview:large\" \/>\n\t<link rel=\"canonical\" href=\"https:\/\/hidalgo.nl\/de\/wp-json\/wp\/v2\/product\/78835\" \/>\n\t<meta name=\"generator\" content=\"All in One SEO Pro (AIOSEO) 4.9.6.2\" \/>\n\t\t<meta property=\"og:locale\" content=\"de_DE\" \/>\n\t\t<meta property=\"og:site_name\" content=\"Hidalgo -\" \/>\n\t\t<meta property=\"og:type\" content=\"article\" \/>\n\t\t<meta property=\"og:title\" content=\"Canvas Shopper bedrucken France Garantie Baumwolle One-size\" \/>\n\t\t<meta property=\"og:description\" content=\"Gefertigt in Frankreich mit Origine France Garantie: Du l\u00e4sst hier Baumwolltaschen bedrucken und verwandelst sie in Stofftaschen mit Logo f\u00fcr Events &amp; Alltag. Wir bringen dein Logo pr\u00e4zise auf robustes Canvas. One-size, w\u00e4hlbar in Navy, Natural oder Red.\" \/>\n\t\t<meta property=\"og:url\" content=\"https:\/\/hidalgo.nl\/de\/wp-json\/wp\/v2\/product\/78835\" \/>\n\t\t<meta property=\"og:image\" content=\"https:\/\/shop.hidalgo.nl\/wp-content\/uploads\/2025\/11\/cropped-Hidalgo-est1993.png\" \/>\n\t\t<meta property=\"og:image:secure_url\" content=\"https:\/\/shop.hidalgo.nl\/wp-content\/uploads\/2025\/11\/cropped-Hidalgo-est1993.png\" \/>\n\t\t<meta property=\"article:published_time\" content=\"2025-07-07T00:11:31+00:00\" \/>\n\t\t<meta property=\"article:modified_time\" content=\"2026-03-22T05:47:25+00:00\" \/>\n\t\t<meta name=\"twitter:card\" content=\"summary_large_image\" \/>\n\t\t<meta name=\"twitter:title\" content=\"Canvas Shopper bedrucken France Garantie Baumwolle One-size\" \/>\n\t\t<meta name=\"twitter:description\" content=\"Gefertigt in Frankreich mit Origine France Garantie: Du l\u00e4sst hier Baumwolltaschen bedrucken und verwandelst sie in Stofftaschen mit Logo f\u00fcr Events &amp; Alltag. Wir bringen dein Logo pr\u00e4zise auf robustes Canvas. One-size, w\u00e4hlbar in Navy, Natural oder Red.\" \/>\n\t\t<meta name=\"twitter:image\" content=\"https:\/\/shop.hidalgo.nl\/wp-content\/uploads\/2025\/11\/cropped-Hidalgo-est1993.png\" \/>\n\t\t<script type=\"application\/ld+json\" class=\"aioseo-schema\">\n\t\t\t{\"@context\":\"https:\\\/\\\/schema.org\",\"@graph\":[{\"@type\":\"BreadcrumbList\",\"@id\":\"https:\\\/\\\/hidalgo.nl\\\/de\\\/product\\\/78835\\\/canvas-shopper-bedrucken-france-garantie-baumwolle-one-size\\\/#breadcrumblist\",\"itemListElement\":[{\"@type\":\"ListItem\",\"@id\":\"https:\\\/\\\/hidalgo.nl\\\/de\\\/#listItem\",\"position\":1,\"name\":\"Home\",\"item\":\"https:\\\/\\\/hidalgo.nl\\\/de\\\/\",\"nextItem\":{\"@type\":\"ListItem\",\"@id\":\"https:\\\/\\\/hidalgo.nl\\\/example\\\/#listItem\",\"name\":\"example\"}},{\"@type\":\"ListItem\",\"@id\":\"https:\\\/\\\/hidalgo.nl\\\/example\\\/#listItem\",\"position\":2,\"name\":\"example\",\"item\":\"https:\\\/\\\/hidalgo.nl\\\/example\\\/\",\"nextItem\":{\"@type\":\"ListItem\",\"@id\":\"https:\\\/\\\/hidalgo.nl\\\/en\\\/product-supplier\\\/a403\\\/#listItem\",\"name\":\"A403\"},\"previousItem\":{\"@type\":\"ListItem\",\"@id\":\"https:\\\/\\\/hidalgo.nl\\\/de\\\/#listItem\",\"name\":\"Home\"}},{\"@type\":\"ListItem\",\"@id\":\"https:\\\/\\\/hidalgo.nl\\\/en\\\/product-supplier\\\/a403\\\/#listItem\",\"position\":3,\"name\":\"A403\",\"item\":\"https:\\\/\\\/hidalgo.nl\\\/en\\\/product-supplier\\\/a403\\\/\",\"nextItem\":{\"@type\":\"ListItem\",\"@id\":\"https:\\\/\\\/hidalgo.nl\\\/de\\\/product\\\/78835\\\/canvas-shopper-bedrucken-france-garantie-baumwolle-one-size\\\/#listItem\",\"name\":\"KI3205 &#8211; Shopper in drie kleuren-Origine France Garantie\"},\"previousItem\":{\"@type\":\"ListItem\",\"@id\":\"https:\\\/\\\/hidalgo.nl\\\/example\\\/#listItem\",\"name\":\"example\"}},{\"@type\":\"ListItem\",\"@id\":\"https:\\\/\\\/hidalgo.nl\\\/de\\\/product\\\/78835\\\/canvas-shopper-bedrucken-france-garantie-baumwolle-one-size\\\/#listItem\",\"position\":4,\"name\":\"KI3205 &#8211; Shopper in drie kleuren-Origine France Garantie\",\"previousItem\":{\"@type\":\"ListItem\",\"@id\":\"https:\\\/\\\/hidalgo.nl\\\/en\\\/product-supplier\\\/a403\\\/#listItem\",\"name\":\"A403\"}}]},{\"@type\":\"Organization\",\"@id\":\"https:\\\/\\\/hidalgo.nl\\\/de\\\/#organization\",\"name\":\"Hidalgo\",\"url\":\"https:\\\/\\\/hidalgo.nl\\\/de\\\/\",\"logo\":{\"@type\":\"ImageObject\",\"url\":\"https:\\\/\\\/shop.hidalgo.nl\\\/wp-content\\\/uploads\\\/2025\\\/11\\\/cropped-Hidalgo-est1993.png\",\"@id\":\"https:\\\/\\\/hidalgo.nl\\\/de\\\/product\\\/78835\\\/canvas-shopper-bedrucken-france-garantie-baumwolle-one-size\\\/#organizationLogo\",\"width\":585,\"height\":195},\"image\":{\"@id\":\"https:\\\/\\\/hidalgo.nl\\\/de\\\/product\\\/78835\\\/canvas-shopper-bedrucken-france-garantie-baumwolle-one-size\\\/#organizationLogo\"}},{\"@type\":\"ProductGroup\",\"@id\":\"https:\\\/\\\/hidalgo.nl\\\/de\\\/product\\\/78835\\\/canvas-shopper-bedrucken-france-garantie-baumwolle-one-size\\\/#wooCommerceProduct\",\"name\":\"Canvas Shopper bedrucken France Garantie Baumwolle One-size\",\"url\":\"https:\\\/\\\/hidalgo.nl\\\/de\\\/product\\\/78835\\\/canvas-shopper-bedrucken-france-garantie-baumwolle-one-size\\\/\",\"brand\":{\"@type\":\"Brand\",\"name\":\"Kimood\"},\"sku\":\"A403-KI3205\",\"image\":{\"@type\":\"ImageObject\",\"url\":\"https:\\\/\\\/shop.hidalgo.nl\\\/wp-content\\\/uploads\\\/2025\\\/07\\\/02b449d43994db90568c2e846b41f5c9a3dbc6f2df033819d66b101e884e2525.png\",\"@id\":\"https:\\\/\\\/hidalgo.nl\\\/de\\\/product\\\/78835\\\/canvas-shopper-bedrucken-france-garantie-baumwolle-one-size\\\/#productImage\",\"width\":1000,\"height\":934},\"productGroupID\":78835,\"hasVariant\":[{\"@type\":\"Product\",\"@id\":\"https:\\\/\\\/hidalgo.nl\\\/de\\\/product\\\/78835\\\/canvas-shopper-bedrucken-france-garantie-baumwolle-one-size\\\/#wooCommerceProduct\",\"name\":\"KI3205 - Shopper in drie kleuren-Origine France Garantie - , natural\",\"url\":\"https:\\\/\\\/hidalgo.nl\\\/de\\\/product\\\/78835\\\/canvas-shopper-bedrucken-france-garantie-baumwolle-one-size\\\/\",\"sku\":\"A403-KI3205_68291_68290\",\"gtin\":\"3663938243924\",\"image\":{\"@type\":\"ImageObject\",\"url\":\"https:\\\/\\\/shop.hidalgo.nl\\\/wp-content\\\/uploads\\\/2025\\\/07\\\/02b449d43994db90568c2e846b41f5c9a3dbc6f2df033819d66b101e884e2525.png\",\"@id\":\"https:\\\/\\\/hidalgo.nl\\\/de\\\/product\\\/78835\\\/canvas-shopper-bedrucken-france-garantie-baumwolle-one-size\\\/#productImage\",\"width\":1000,\"height\":934},\"offers\":{\"@type\":\"Offer\",\"url\":\"https:\\\/\\\/hidalgo.nl\\\/de\\\/product\\\/78835\\\/canvas-shopper-bedrucken-france-garantie-baumwolle-one-size\\\/#wooCommerceOffer\",\"price\":\"8.1\",\"priceCurrency\":\"EUR\",\"category\":\"Tassen\",\"availability\":\"https:\\\/\\\/schema.org\\\/InStock\",\"priceSpecification\":{\"@type\":\"PriceSpecification\",\"price\":8.1,\"priceCurrency\":\"EUR\",\"valueAddedTaxIncluded\":\"true\"}}},{\"@type\":\"Product\",\"@id\":\"https:\\\/\\\/hidalgo.nl\\\/de\\\/product\\\/78835\\\/canvas-shopper-bedrucken-france-garantie-baumwolle-one-size\\\/#wooCommerceProduct\",\"name\":\"KI3205 - Shopper in drie kleuren-Origine France Garantie - , navy\",\"url\":\"https:\\\/\\\/hidalgo.nl\\\/de\\\/product\\\/78835\\\/canvas-shopper-bedrucken-france-garantie-baumwolle-one-size\\\/\",\"sku\":\"A403-KI3205_68292_68290\",\"gtin\":\"3663938244099\",\"image\":{\"@type\":\"ImageObject\",\"url\":\"https:\\\/\\\/shop.hidalgo.nl\\\/wp-content\\\/uploads\\\/2025\\\/07\\\/591b0cef2b308fab52b356c046e5f03bd0c7503ce5e41542457b27c0368dd7ed.png\",\"@id\":\"https:\\\/\\\/hidalgo.nl\\\/de\\\/product\\\/78835\\\/canvas-shopper-bedrucken-france-garantie-baumwolle-one-size\\\/#productImage\",\"width\":1000,\"height\":934},\"offers\":{\"@type\":\"Offer\",\"url\":\"https:\\\/\\\/hidalgo.nl\\\/de\\\/product\\\/78835\\\/canvas-shopper-bedrucken-france-garantie-baumwolle-one-size\\\/#wooCommerceOffer\",\"price\":\"8.1\",\"priceCurrency\":\"EUR\",\"category\":\"Tassen\",\"availability\":\"https:\\\/\\\/schema.org\\\/InStock\",\"priceSpecification\":{\"@type\":\"PriceSpecification\",\"price\":8.1,\"priceCurrency\":\"EUR\",\"valueAddedTaxIncluded\":\"true\"}}},{\"@type\":\"Product\",\"@id\":\"https:\\\/\\\/hidalgo.nl\\\/de\\\/product\\\/78835\\\/canvas-shopper-bedrucken-france-garantie-baumwolle-one-size\\\/#wooCommerceProduct\",\"name\":\"KI3205 - Shopper in drie kleuren-Origine France Garantie - , red\",\"url\":\"https:\\\/\\\/hidalgo.nl\\\/de\\\/product\\\/78835\\\/canvas-shopper-bedrucken-france-garantie-baumwolle-one-size\\\/\",\"sku\":\"A403-KI3205_68293_68290\",\"gtin\":\"3663938244105\",\"image\":{\"@type\":\"ImageObject\",\"url\":\"https:\\\/\\\/shop.hidalgo.nl\\\/wp-content\\\/uploads\\\/2025\\\/07\\\/6d35b78fcbb53ff20cf773a91fd3b0929aa411ddf933fa8cb4fbb783afc80bcd.png\",\"@id\":\"https:\\\/\\\/hidalgo.nl\\\/de\\\/product\\\/78835\\\/canvas-shopper-bedrucken-france-garantie-baumwolle-one-size\\\/#productImage\",\"width\":1000,\"height\":934},\"offers\":{\"@type\":\"Offer\",\"url\":\"https:\\\/\\\/hidalgo.nl\\\/de\\\/product\\\/78835\\\/canvas-shopper-bedrucken-france-garantie-baumwolle-one-size\\\/#wooCommerceOffer\",\"price\":\"8.1\",\"priceCurrency\":\"EUR\",\"category\":\"Tassen\",\"availability\":\"https:\\\/\\\/schema.org\\\/InStock\",\"priceSpecification\":{\"@type\":\"PriceSpecification\",\"price\":8.1,\"priceCurrency\":\"EUR\",\"valueAddedTaxIncluded\":\"true\"}}}]},{\"@type\":\"WebPage\",\"@id\":\"https:\\\/\\\/hidalgo.nl\\\/de\\\/product\\\/78835\\\/canvas-shopper-bedrucken-france-garantie-baumwolle-one-size\\\/#webpage\",\"url\":\"https:\\\/\\\/hidalgo.nl\\\/de\\\/product\\\/78835\\\/canvas-shopper-bedrucken-france-garantie-baumwolle-one-size\\\/\",\"name\":\"Canvas Shopper bedrucken France Garantie Baumwolle One-size\",\"description\":\"Gefertigt in Frankreich mit Origine France Garantie: Du l\\u00e4sst hier Baumwolltaschen bedrucken und verwandelst sie in Stofftaschen mit Logo f\\u00fcr Events & Alltag. Wir bringen dein Logo pr\\u00e4zise auf robustes Canvas. One-size, w\\u00e4hlbar in Navy, Natural oder Red.\",\"inLanguage\":\"de-DE\",\"isPartOf\":{\"@id\":\"https:\\\/\\\/hidalgo.nl\\\/de\\\/#website\"},\"breadcrumb\":{\"@id\":\"https:\\\/\\\/hidalgo.nl\\\/de\\\/product\\\/78835\\\/canvas-shopper-bedrucken-france-garantie-baumwolle-one-size\\\/#breadcrumblist\"},\"image\":{\"@type\":\"ImageObject\",\"url\":\"https:\\\/\\\/shop.hidalgo.nl\\\/wp-content\\\/uploads\\\/2025\\\/07\\\/02b449d43994db90568c2e846b41f5c9a3dbc6f2df033819d66b101e884e2525.png\",\"@id\":\"https:\\\/\\\/hidalgo.nl\\\/de\\\/product\\\/78835\\\/canvas-shopper-bedrucken-france-garantie-baumwolle-one-size\\\/#mainImage\",\"width\":1000,\"height\":934},\"primaryImageOfPage\":{\"@id\":\"https:\\\/\\\/hidalgo.nl\\\/de\\\/product\\\/78835\\\/canvas-shopper-bedrucken-france-garantie-baumwolle-one-size\\\/#mainImage\"},\"datePublished\":\"2025-07-07T00:11:31+00:00\",\"dateModified\":\"2026-03-22T05:47:25+00:00\"},{\"@type\":\"WebSite\",\"@id\":\"https:\\\/\\\/hidalgo.nl\\\/de\\\/#website\",\"url\":\"https:\\\/\\\/hidalgo.nl\\\/de\\\/\",\"name\":\"Hidalgo\",\"inLanguage\":\"de-DE\",\"publisher\":{\"@id\":\"https:\\\/\\\/hidalgo.nl\\\/de\\\/#organization\"}}]}\n\t\t<\/script>\n\t\t<!-- All in One SEO Pro -->\r\n\t\t<title>Canvas Shopper bedrucken France Garantie Baumwolle One-size<\/title>\n\n","aioseo_head_json":{"title":"Canvas Shopper bedrucken France Garantie Baumwolle One-size","description":"Gefertigt in Frankreich mit Origine France Garantie: Du l\u00e4sst hier Baumwolltaschen bedrucken und verwandelst sie in Stofftaschen mit Logo f\u00fcr Events & Alltag. Wir bringen dein Logo pr\u00e4zise auf robustes Canvas. One-size, w\u00e4hlbar in Navy, Natural oder Red.","canonical_url":"https:\/\/hidalgo.nl\/de\/wp-json\/wp\/v2\/product\/78835","robots":"max-image-preview:large","keywords":"","webmasterTools":{"miscellaneous":""},"schema":{"@context":"https:\/\/schema.org","@graph":[{"@type":"BreadcrumbList","@id":"https:\/\/hidalgo.nl\/de\/product\/78835\/canvas-shopper-bedrucken-france-garantie-baumwolle-one-size\/#breadcrumblist","itemListElement":[{"@type":"ListItem","@id":"https:\/\/hidalgo.nl\/de\/#listItem","position":1,"name":"Home","item":"https:\/\/hidalgo.nl\/de\/","nextItem":{"@type":"ListItem","@id":"https:\/\/hidalgo.nl\/example\/#listItem","name":"example"}},{"@type":"ListItem","@id":"https:\/\/hidalgo.nl\/example\/#listItem","position":2,"name":"example","item":"https:\/\/hidalgo.nl\/example\/","nextItem":{"@type":"ListItem","@id":"https:\/\/hidalgo.nl\/en\/product-supplier\/a403\/#listItem","name":"A403"},"previousItem":{"@type":"ListItem","@id":"https:\/\/hidalgo.nl\/de\/#listItem","name":"Home"}},{"@type":"ListItem","@id":"https:\/\/hidalgo.nl\/en\/product-supplier\/a403\/#listItem","position":3,"name":"A403","item":"https:\/\/hidalgo.nl\/en\/product-supplier\/a403\/","nextItem":{"@type":"ListItem","@id":"https:\/\/hidalgo.nl\/de\/product\/78835\/canvas-shopper-bedrucken-france-garantie-baumwolle-one-size\/#listItem","name":"KI3205 &#8211; Shopper in drie kleuren-Origine France Garantie"},"previousItem":{"@type":"ListItem","@id":"https:\/\/hidalgo.nl\/example\/#listItem","name":"example"}},{"@type":"ListItem","@id":"https:\/\/hidalgo.nl\/de\/product\/78835\/canvas-shopper-bedrucken-france-garantie-baumwolle-one-size\/#listItem","position":4,"name":"KI3205 &#8211; Shopper in drie kleuren-Origine France Garantie","previousItem":{"@type":"ListItem","@id":"https:\/\/hidalgo.nl\/en\/product-supplier\/a403\/#listItem","name":"A403"}}]},{"@type":"Organization","@id":"https:\/\/hidalgo.nl\/de\/#organization","name":"Hidalgo","url":"https:\/\/hidalgo.nl\/de\/","logo":{"@type":"ImageObject","url":"https:\/\/shop.hidalgo.nl\/wp-content\/uploads\/2025\/11\/cropped-Hidalgo-est1993.png","@id":"https:\/\/hidalgo.nl\/de\/product\/78835\/canvas-shopper-bedrucken-france-garantie-baumwolle-one-size\/#organizationLogo","width":585,"height":195},"image":{"@id":"https:\/\/hidalgo.nl\/de\/product\/78835\/canvas-shopper-bedrucken-france-garantie-baumwolle-one-size\/#organizationLogo"}},{"@type":"ProductGroup","@id":"https:\/\/hidalgo.nl\/de\/product\/78835\/canvas-shopper-bedrucken-france-garantie-baumwolle-one-size\/#wooCommerceProduct","name":"Canvas Shopper bedrucken France Garantie Baumwolle One-size","url":"https:\/\/hidalgo.nl\/de\/product\/78835\/canvas-shopper-bedrucken-france-garantie-baumwolle-one-size\/","brand":{"@type":"Brand","name":"Kimood"},"sku":"A403-KI3205","image":{"@type":"ImageObject","url":"https:\/\/shop.hidalgo.nl\/wp-content\/uploads\/2025\/07\/02b449d43994db90568c2e846b41f5c9a3dbc6f2df033819d66b101e884e2525.png","@id":"https:\/\/hidalgo.nl\/de\/product\/78835\/canvas-shopper-bedrucken-france-garantie-baumwolle-one-size\/#productImage","width":1000,"height":934},"productGroupID":78835,"hasVariant":[{"@type":"Product","@id":"https:\/\/hidalgo.nl\/de\/product\/78835\/canvas-shopper-bedrucken-france-garantie-baumwolle-one-size\/#wooCommerceProduct","name":"KI3205 - Shopper in drie kleuren-Origine France Garantie - , natural","url":"https:\/\/hidalgo.nl\/de\/product\/78835\/canvas-shopper-bedrucken-france-garantie-baumwolle-one-size\/","sku":"A403-KI3205_68291_68290","gtin":"3663938243924","image":{"@type":"ImageObject","url":"https:\/\/shop.hidalgo.nl\/wp-content\/uploads\/2025\/07\/02b449d43994db90568c2e846b41f5c9a3dbc6f2df033819d66b101e884e2525.png","@id":"https:\/\/hidalgo.nl\/de\/product\/78835\/canvas-shopper-bedrucken-france-garantie-baumwolle-one-size\/#productImage","width":1000,"height":934},"offers":{"@type":"Offer","url":"https:\/\/hidalgo.nl\/de\/product\/78835\/canvas-shopper-bedrucken-france-garantie-baumwolle-one-size\/#wooCommerceOffer","price":"8.1","priceCurrency":"EUR","category":"Tassen","availability":"https:\/\/schema.org\/InStock","priceSpecification":{"@type":"PriceSpecification","price":8.1,"priceCurrency":"EUR","valueAddedTaxIncluded":"true"}}},{"@type":"Product","@id":"https:\/\/hidalgo.nl\/de\/product\/78835\/canvas-shopper-bedrucken-france-garantie-baumwolle-one-size\/#wooCommerceProduct","name":"KI3205 - Shopper in drie kleuren-Origine France Garantie - , navy","url":"https:\/\/hidalgo.nl\/de\/product\/78835\/canvas-shopper-bedrucken-france-garantie-baumwolle-one-size\/","sku":"A403-KI3205_68292_68290","gtin":"3663938244099","image":{"@type":"ImageObject","url":"https:\/\/shop.hidalgo.nl\/wp-content\/uploads\/2025\/07\/591b0cef2b308fab52b356c046e5f03bd0c7503ce5e41542457b27c0368dd7ed.png","@id":"https:\/\/hidalgo.nl\/de\/product\/78835\/canvas-shopper-bedrucken-france-garantie-baumwolle-one-size\/#productImage","width":1000,"height":934},"offers":{"@type":"Offer","url":"https:\/\/hidalgo.nl\/de\/product\/78835\/canvas-shopper-bedrucken-france-garantie-baumwolle-one-size\/#wooCommerceOffer","price":"8.1","priceCurrency":"EUR","category":"Tassen","availability":"https:\/\/schema.org\/InStock","priceSpecification":{"@type":"PriceSpecification","price":8.1,"priceCurrency":"EUR","valueAddedTaxIncluded":"true"}}},{"@type":"Product","@id":"https:\/\/hidalgo.nl\/de\/product\/78835\/canvas-shopper-bedrucken-france-garantie-baumwolle-one-size\/#wooCommerceProduct","name":"KI3205 - Shopper in drie kleuren-Origine France Garantie - , red","url":"https:\/\/hidalgo.nl\/de\/product\/78835\/canvas-shopper-bedrucken-france-garantie-baumwolle-one-size\/","sku":"A403-KI3205_68293_68290","gtin":"3663938244105","image":{"@type":"ImageObject","url":"https:\/\/shop.hidalgo.nl\/wp-content\/uploads\/2025\/07\/6d35b78fcbb53ff20cf773a91fd3b0929aa411ddf933fa8cb4fbb783afc80bcd.png","@id":"https:\/\/hidalgo.nl\/de\/product\/78835\/canvas-shopper-bedrucken-france-garantie-baumwolle-one-size\/#productImage","width":1000,"height":934},"offers":{"@type":"Offer","url":"https:\/\/hidalgo.nl\/de\/product\/78835\/canvas-shopper-bedrucken-france-garantie-baumwolle-one-size\/#wooCommerceOffer","price":"8.1","priceCurrency":"EUR","category":"Tassen","availability":"https:\/\/schema.org\/InStock","priceSpecification":{"@type":"PriceSpecification","price":8.1,"priceCurrency":"EUR","valueAddedTaxIncluded":"true"}}}]},{"@type":"WebPage","@id":"https:\/\/hidalgo.nl\/de\/product\/78835\/canvas-shopper-bedrucken-france-garantie-baumwolle-one-size\/#webpage","url":"https:\/\/hidalgo.nl\/de\/product\/78835\/canvas-shopper-bedrucken-france-garantie-baumwolle-one-size\/","name":"Canvas Shopper bedrucken France Garantie Baumwolle One-size","description":"Gefertigt in Frankreich mit Origine France Garantie: Du l\u00e4sst hier Baumwolltaschen bedrucken und verwandelst sie in Stofftaschen mit Logo f\u00fcr Events & Alltag. Wir bringen dein Logo pr\u00e4zise auf robustes Canvas. One-size, w\u00e4hlbar in Navy, Natural oder Red.","inLanguage":"de-DE","isPartOf":{"@id":"https:\/\/hidalgo.nl\/de\/#website"},"breadcrumb":{"@id":"https:\/\/hidalgo.nl\/de\/product\/78835\/canvas-shopper-bedrucken-france-garantie-baumwolle-one-size\/#breadcrumblist"},"image":{"@type":"ImageObject","url":"https:\/\/shop.hidalgo.nl\/wp-content\/uploads\/2025\/07\/02b449d43994db90568c2e846b41f5c9a3dbc6f2df033819d66b101e884e2525.png","@id":"https:\/\/hidalgo.nl\/de\/product\/78835\/canvas-shopper-bedrucken-france-garantie-baumwolle-one-size\/#mainImage","width":1000,"height":934},"primaryImageOfPage":{"@id":"https:\/\/hidalgo.nl\/de\/product\/78835\/canvas-shopper-bedrucken-france-garantie-baumwolle-one-size\/#mainImage"},"datePublished":"2025-07-07T00:11:31+00:00","dateModified":"2026-03-22T05:47:25+00:00"},{"@type":"WebSite","@id":"https:\/\/hidalgo.nl\/de\/#website","url":"https:\/\/hidalgo.nl\/de\/","name":"Hidalgo","inLanguage":"de-DE","publisher":{"@id":"https:\/\/hidalgo.nl\/de\/#organization"}}]},"og:locale":"de_DE","og:site_name":"Hidalgo -","og:type":"article","og:title":"Canvas Shopper bedrucken France Garantie Baumwolle One-size","og:description":"Gefertigt in Frankreich mit Origine France Garantie: Du l\u00e4sst hier Baumwolltaschen bedrucken und verwandelst sie in Stofftaschen mit Logo f\u00fcr Events &amp; Alltag. Wir bringen dein Logo pr\u00e4zise auf robustes Canvas. One-size, w\u00e4hlbar in Navy, Natural oder Red.","og:url":"https:\/\/hidalgo.nl\/de\/wp-json\/wp\/v2\/product\/78835","og:image":"https:\/\/shop.hidalgo.nl\/wp-content\/uploads\/2025\/11\/cropped-Hidalgo-est1993.png","og:image:secure_url":"https:\/\/shop.hidalgo.nl\/wp-content\/uploads\/2025\/11\/cropped-Hidalgo-est1993.png","article:published_time":"2025-07-07T00:11:31+00:00","article:modified_time":"2026-03-22T05:47:25+00:00","twitter:card":"summary_large_image","twitter:title":"Canvas Shopper bedrucken France Garantie Baumwolle One-size","twitter:description":"Gefertigt in Frankreich mit Origine France Garantie: Du l\u00e4sst hier Baumwolltaschen bedrucken und verwandelst sie in Stofftaschen mit Logo f\u00fcr Events &amp; Alltag. Wir bringen dein Logo pr\u00e4zise auf robustes Canvas. One-size, w\u00e4hlbar in Navy, Natural oder Red.","twitter:image":"https:\/\/shop.hidalgo.nl\/wp-content\/uploads\/2025\/11\/cropped-Hidalgo-est1993.png"},"aioseo_meta_data":{"post_id":"78835","title":null,"description":null,"keywords":null,"keyphrases":null,"primary_term":null,"canonical_url":null,"og_title":null,"og_description":null,"og_object_type":"default","og_image_type":"default","og_image_url":null,"og_image_width":null,"og_image_height":null,"og_image_custom_url":null,"og_image_custom_fields":null,"og_video":null,"og_custom_url":null,"og_article_section":null,"og_article_tags":null,"twitter_use_og":false,"twitter_card":"default","twitter_image_type":"default","twitter_image_url":null,"twitter_image_custom_url":null,"twitter_image_custom_fields":null,"twitter_title":null,"twitter_description":null,"schema":{"blockGraphs":[],"customGraphs":[],"default":{"data":{"Article":[],"Course":[],"Dataset":[],"FAQPage":[],"Movie":[],"Person":[],"Product":[],"ProductReview":[],"Car":[],"Recipe":[],"Service":[],"SoftwareApplication":[],"WebPage":[]},"graphName":"","isEnabled":true},"graphs":[]},"schema_type":"default","schema_type_options":null,"pillar_content":false,"robots_default":true,"robots_noindex":false,"robots_noarchive":false,"robots_nosnippet":false,"robots_nofollow":false,"robots_noimageindex":false,"robots_noodp":false,"robots_notranslate":false,"robots_max_snippet":null,"robots_max_videopreview":null,"robots_max_imagepreview":"large","priority":null,"frequency":null,"local_seo":null,"seo_analyzer_scan_date":"2026-01-20 15:46:12","breadcrumb_settings":null,"limit_modified_date":false,"reviewed_by":null,"open_ai":null,"ai":null,"created":"2026-01-14 06:25:29","updated":"2026-04-22 19:31:49"},"aioseo_breadcrumb":"<div class=\"aioseo-breadcrumbs\"><span class=\"aioseo-breadcrumb\">\n\t<a href=\"https:\/\/hidalgo.nl\/de\/\" title=\"Home\">Home<\/a>\n<\/span><span class=\"aioseo-breadcrumb-separator\">\u00bb<\/span><span class=\"aioseo-breadcrumb\">\n\t<a href=\"https:\/\/hidalgo.nl\/example\/\" title=\"example\">example<\/a>\n<\/span><span class=\"aioseo-breadcrumb-separator\">\u00bb<\/span><span class=\"aioseo-breadcrumb\">\n\t<a href=\"https:\/\/hidalgo.nl\/en\/product-supplier\/a403\/\" title=\"A403\">A403<\/a>\n<\/span><span class=\"aioseo-breadcrumb-separator\">\u00bb<\/span><span class=\"aioseo-breadcrumb\">\n\tKI3205 \u2013 Shopper in drie kleuren-Origine France Garantie\n<\/span><\/div>","aioseo_breadcrumb_json":[{"label":"Home","link":"https:\/\/hidalgo.nl\/de\/"},{"label":"example","link":"https:\/\/hidalgo.nl\/example\/"},{"label":"A403","link":"https:\/\/hidalgo.nl\/en\/product-supplier\/a403\/"},{"label":"KI3205 &#8211; Shopper in drie kleuren-Origine France Garantie","link":"https:\/\/hidalgo.nl\/de\/product\/78835\/canvas-shopper-bedrucken-france-garantie-baumwolle-one-size\/"}],"_links":{"self":[{"href":"https:\/\/hidalgo.nl\/de\/wp-json\/wp\/v2\/product\/78835","targetHints":{"allow":["GET"]}}],"collection":[{"href":"https:\/\/hidalgo.nl\/de\/wp-json\/wp\/v2\/product"}],"about":[{"href":"https:\/\/hidalgo.nl\/de\/wp-json\/wp\/v2\/types\/product"}],"wp:featuredmedia":[{"embeddable":true,"href":"https:\/\/hidalgo.nl\/de\/wp-json\/wp\/v2\/media\/78838"}],"wp:attachment":[{"href":"https:\/\/hidalgo.nl\/de\/wp-json\/wp\/v2\/media?parent=78835"}],"wp:term":[{"taxonomy":"product_brand","embeddable":true,"href":"https:\/\/hidalgo.nl\/de\/wp-json\/wp\/v2\/product_brand?post=78835"},{"taxonomy":"product_cat","embeddable":true,"href":"https:\/\/hidalgo.nl\/de\/wp-json\/wp\/v2\/product_cat?post=78835"},{"taxonomy":"product_tag","embeddable":true,"href":"https:\/\/hidalgo.nl\/de\/wp-json\/wp\/v2\/product_tag?post=78835"}],"curies":[{"name":"wp","href":"https:\/\/api.w.org\/{rel}","templated":true}]}}