{"id":78790,"date":"2025-07-07T00:10:30","date_gmt":"2025-07-07T00:10:30","guid":{"rendered":"http:\/\/bidonsenshakers.pim.hidalgo.nl\/product\/ki3001-wandelstok\/"},"modified":"2026-03-22T05:45:16","modified_gmt":"2026-03-22T05:45:16","slug":"ki3001-wandelstok","status":"publish","type":"product","link":"https:\/\/hidalgo.nl\/de\/product\/78790\/wanderstock-bedrucken-ki3001-anti-schock-aluminium-one-size\/","title":{"rendered":"KI3001 &#8211; Wandelstok"},"content":{"rendered":"<p>Wandelstok van aluminium 6061 extra licht, 3-delig met afneembare rubberen onderkant. KIMOOD heeft deze wandelstok voorzien van een anti-schok systeem waardoor de schokken die ontstaan wanneer de stok contact met de grond maakt worden geabsorbeerd. De KIMOOD wandelstok verlicht de druk op de schouders en de armen en draagt bij aan een betere stabiliteit tijdens het lopen.<\/p>\n","protected":false},"excerpt":{"rendered":"<p>Wandelstok van aluminium 6061 extra licht, 3-delig met afneembare rubberen onderkant. KIMOOD heeft deze wandelstok voorzien van een anti-schok systeem waardoor de schokken die ontstaan wanneer de stok contact met de grond maakt worden geabsorbeerd. De KIMOOD wandelstok verlicht de druk op de schouders en de armen en draagt bij aan een betere stabiliteit tijdens&hellip; <a class=\"more-link\" href=\"https:\/\/hidalgo.nl\/de\/product\/78790\/wanderstock-bedrucken-ki3001-anti-schock-aluminium-one-size\/\"><span class=\"screen-reader-text\">KI3001 &#8211; Wandelstok<\/span> weiterlesen<\/a><\/p>\n","protected":false},"featured_media":78791,"template":"","meta":{"_acf_changed":false,"om_disable_all_campaigns":false,"_monsterinsights_skip_tracking":false,"_monsterinsights_sitenote_active":false,"_monsterinsights_sitenote_note":"","_monsterinsights_sitenote_category":0},"product_brand":[43],"product_cat":[4948,4719,4754],"product_tag":[],"class_list":{"0":"post-78790","1":"product","2":"type-product","3":"status-publish","4":"has-post-thumbnail","6":"product_supplier-a403","7":"product_material-aluminium","8":"product_brand-kimood","9":"product_cat-sport-artikelen-fitness-uitrusting","10":"product_cat-promotionele-artikelen","11":"product_cat-sport-artikelen","12":"entry","14":"first","15":"instock","16":"taxable","17":"shipping-taxable","18":"purchasable","19":"product-type-variable"},"acf":{"imprint_cost":[{"imprint_cost_key":"33483b79de35c41f6a5968127e3727b83ce2fe0b","product_quantity_price_range":[{"imprint_cost_recommended_selling_price":"0","imprint_cost_recommended_selling_quantity":"1"}],"product_quantity_price_range_buying":false,"imprint_cost_setup_costs":"","imprint_cost_handling_costs":""}]},"aioseo_notices":[],"aioseo_head":"\n\t\t<!-- All in One SEO Pro 4.9.6.2 - aioseo.com -->\n\t<meta name=\"description\" content=\"Leicht, verstellbar und mit Anti-Schock-D\u00e4mpfung: Mit dem KI3001 w\u00e4hlst du ein Outdoor-Giveaway, das bei 20-40-J\u00e4hrigen ankommt. Lass deinen Wanderstock bedrucken - dein Logo kommt sauber auf den Schaft, ideal als Trekkingst\u00f6cke mit Logo f\u00fcr Events. One Size.\" \/>\n\t<meta name=\"robots\" content=\"max-image-preview:large\" \/>\n\t<link rel=\"canonical\" href=\"https:\/\/hidalgo.nl\/de\/wp-json\/wp\/v2\/product\/78790\" \/>\n\t<meta name=\"generator\" content=\"All in One SEO Pro (AIOSEO) 4.9.6.2\" \/>\n\t\t<meta property=\"og:locale\" content=\"de_DE\" \/>\n\t\t<meta property=\"og:site_name\" content=\"Hidalgo -\" \/>\n\t\t<meta property=\"og:type\" content=\"article\" \/>\n\t\t<meta property=\"og:title\" content=\"Wanderstock bedrucken KI3001 Anti-Schock Aluminium One-size\" \/>\n\t\t<meta property=\"og:description\" content=\"Leicht, verstellbar und mit Anti-Schock-D\u00e4mpfung: Mit dem KI3001 w\u00e4hlst du ein Outdoor-Giveaway, das bei 20-40-J\u00e4hrigen ankommt. Lass deinen Wanderstock bedrucken - dein Logo kommt sauber auf den Schaft, ideal als Trekkingst\u00f6cke mit Logo f\u00fcr Events. One Size.\" \/>\n\t\t<meta property=\"og:url\" content=\"https:\/\/hidalgo.nl\/de\/wp-json\/wp\/v2\/product\/78790\" \/>\n\t\t<meta property=\"og:image\" content=\"https:\/\/shop.hidalgo.nl\/wp-content\/uploads\/2025\/11\/cropped-Hidalgo-est1993.png\" \/>\n\t\t<meta property=\"og:image:secure_url\" content=\"https:\/\/shop.hidalgo.nl\/wp-content\/uploads\/2025\/11\/cropped-Hidalgo-est1993.png\" \/>\n\t\t<meta property=\"article:published_time\" content=\"2025-07-07T00:10:30+00:00\" \/>\n\t\t<meta property=\"article:modified_time\" content=\"2026-03-22T05:45:16+00:00\" \/>\n\t\t<meta name=\"twitter:card\" content=\"summary_large_image\" \/>\n\t\t<meta name=\"twitter:title\" content=\"Wanderstock bedrucken KI3001 Anti-Schock Aluminium One-size\" \/>\n\t\t<meta name=\"twitter:description\" content=\"Leicht, verstellbar und mit Anti-Schock-D\u00e4mpfung: Mit dem KI3001 w\u00e4hlst du ein Outdoor-Giveaway, das bei 20-40-J\u00e4hrigen ankommt. Lass deinen Wanderstock bedrucken - dein Logo kommt sauber auf den Schaft, ideal als Trekkingst\u00f6cke mit Logo f\u00fcr Events. One Size.\" \/>\n\t\t<meta name=\"twitter:image\" content=\"https:\/\/shop.hidalgo.nl\/wp-content\/uploads\/2025\/11\/cropped-Hidalgo-est1993.png\" \/>\n\t\t<script type=\"application\/ld+json\" class=\"aioseo-schema\">\n\t\t\t{\"@context\":\"https:\\\/\\\/schema.org\",\"@graph\":[{\"@type\":\"BreadcrumbList\",\"@id\":\"https:\\\/\\\/hidalgo.nl\\\/de\\\/product\\\/78790\\\/wanderstock-bedrucken-ki3001-anti-schock-aluminium-one-size\\\/#breadcrumblist\",\"itemListElement\":[{\"@type\":\"ListItem\",\"@id\":\"https:\\\/\\\/hidalgo.nl\\\/de\\\/#listItem\",\"position\":1,\"name\":\"Home\",\"item\":\"https:\\\/\\\/hidalgo.nl\\\/de\\\/\",\"nextItem\":{\"@type\":\"ListItem\",\"@id\":\"https:\\\/\\\/hidalgo.nl\\\/example\\\/#listItem\",\"name\":\"example\"}},{\"@type\":\"ListItem\",\"@id\":\"https:\\\/\\\/hidalgo.nl\\\/example\\\/#listItem\",\"position\":2,\"name\":\"example\",\"item\":\"https:\\\/\\\/hidalgo.nl\\\/example\\\/\",\"nextItem\":{\"@type\":\"ListItem\",\"@id\":\"https:\\\/\\\/hidalgo.nl\\\/en\\\/product-supplier\\\/a403\\\/#listItem\",\"name\":\"A403\"},\"previousItem\":{\"@type\":\"ListItem\",\"@id\":\"https:\\\/\\\/hidalgo.nl\\\/de\\\/#listItem\",\"name\":\"Home\"}},{\"@type\":\"ListItem\",\"@id\":\"https:\\\/\\\/hidalgo.nl\\\/en\\\/product-supplier\\\/a403\\\/#listItem\",\"position\":3,\"name\":\"A403\",\"item\":\"https:\\\/\\\/hidalgo.nl\\\/en\\\/product-supplier\\\/a403\\\/\",\"nextItem\":{\"@type\":\"ListItem\",\"@id\":\"https:\\\/\\\/hidalgo.nl\\\/de\\\/product\\\/78790\\\/wanderstock-bedrucken-ki3001-anti-schock-aluminium-one-size\\\/#listItem\",\"name\":\"KI3001 &#8211; Wandelstok\"},\"previousItem\":{\"@type\":\"ListItem\",\"@id\":\"https:\\\/\\\/hidalgo.nl\\\/example\\\/#listItem\",\"name\":\"example\"}},{\"@type\":\"ListItem\",\"@id\":\"https:\\\/\\\/hidalgo.nl\\\/de\\\/product\\\/78790\\\/wanderstock-bedrucken-ki3001-anti-schock-aluminium-one-size\\\/#listItem\",\"position\":4,\"name\":\"KI3001 &#8211; Wandelstok\",\"previousItem\":{\"@type\":\"ListItem\",\"@id\":\"https:\\\/\\\/hidalgo.nl\\\/en\\\/product-supplier\\\/a403\\\/#listItem\",\"name\":\"A403\"}}]},{\"@type\":\"Organization\",\"@id\":\"https:\\\/\\\/hidalgo.nl\\\/de\\\/#organization\",\"name\":\"Hidalgo\",\"url\":\"https:\\\/\\\/hidalgo.nl\\\/de\\\/\",\"logo\":{\"@type\":\"ImageObject\",\"url\":\"https:\\\/\\\/shop.hidalgo.nl\\\/wp-content\\\/uploads\\\/2025\\\/11\\\/cropped-Hidalgo-est1993.png\",\"@id\":\"https:\\\/\\\/hidalgo.nl\\\/de\\\/product\\\/78790\\\/wanderstock-bedrucken-ki3001-anti-schock-aluminium-one-size\\\/#organizationLogo\",\"width\":585,\"height\":195},\"image\":{\"@id\":\"https:\\\/\\\/hidalgo.nl\\\/de\\\/product\\\/78790\\\/wanderstock-bedrucken-ki3001-anti-schock-aluminium-one-size\\\/#organizationLogo\"}},{\"@type\":\"ProductGroup\",\"@id\":\"https:\\\/\\\/hidalgo.nl\\\/de\\\/product\\\/78790\\\/wanderstock-bedrucken-ki3001-anti-schock-aluminium-one-size\\\/#wooCommerceProduct\",\"name\":\"Wanderstock bedrucken KI3001 Anti-Schock Aluminium One-size\",\"url\":\"https:\\\/\\\/hidalgo.nl\\\/de\\\/product\\\/78790\\\/wanderstock-bedrucken-ki3001-anti-schock-aluminium-one-size\\\/\",\"brand\":{\"@type\":\"Brand\",\"name\":\"Kimood\"},\"sku\":\"A403-KI3001\",\"image\":{\"@type\":\"ImageObject\",\"url\":\"https:\\\/\\\/shop.hidalgo.nl\\\/wp-content\\\/uploads\\\/2025\\\/07\\\/832a5721b8f4857f906bad4b534701129f082041b98e3bf8dbfe9acc66690983.png\",\"@id\":\"https:\\\/\\\/hidalgo.nl\\\/de\\\/product\\\/78790\\\/wanderstock-bedrucken-ki3001-anti-schock-aluminium-one-size\\\/#productImage\",\"width\":1000,\"height\":933},\"productGroupID\":78790,\"hasVariant\":[{\"@type\":\"Product\",\"@id\":\"https:\\\/\\\/hidalgo.nl\\\/de\\\/product\\\/78790\\\/wanderstock-bedrucken-ki3001-anti-schock-aluminium-one-size\\\/#wooCommerceProduct\",\"name\":\"KI3001 - Wandelstok - , black\",\"url\":\"https:\\\/\\\/hidalgo.nl\\\/de\\\/product\\\/78790\\\/wanderstock-bedrucken-ki3001-anti-schock-aluminium-one-size\\\/\",\"sku\":\"A403-KI3001_40317_40316\",\"gtin\":\"3663639038591\",\"image\":{\"@type\":\"ImageObject\",\"url\":\"https:\\\/\\\/shop.hidalgo.nl\\\/wp-content\\\/uploads\\\/2025\\\/07\\\/832a5721b8f4857f906bad4b534701129f082041b98e3bf8dbfe9acc66690983.png\",\"@id\":\"https:\\\/\\\/hidalgo.nl\\\/de\\\/product\\\/78790\\\/wanderstock-bedrucken-ki3001-anti-schock-aluminium-one-size\\\/#productImage\",\"width\":1000,\"height\":933},\"offers\":{\"@type\":\"Offer\",\"url\":\"https:\\\/\\\/hidalgo.nl\\\/de\\\/product\\\/78790\\\/wanderstock-bedrucken-ki3001-anti-schock-aluminium-one-size\\\/#wooCommerceOffer\",\"price\":\"10.72\",\"priceCurrency\":\"EUR\",\"category\":\"Promotionele Artikelen\",\"availability\":\"https:\\\/\\\/schema.org\\\/InStock\",\"priceSpecification\":{\"@type\":\"PriceSpecification\",\"price\":10.72,\"priceCurrency\":\"EUR\",\"valueAddedTaxIncluded\":\"true\"}}}]},{\"@type\":\"WebPage\",\"@id\":\"https:\\\/\\\/hidalgo.nl\\\/de\\\/product\\\/78790\\\/wanderstock-bedrucken-ki3001-anti-schock-aluminium-one-size\\\/#webpage\",\"url\":\"https:\\\/\\\/hidalgo.nl\\\/de\\\/product\\\/78790\\\/wanderstock-bedrucken-ki3001-anti-schock-aluminium-one-size\\\/\",\"name\":\"Wanderstock bedrucken KI3001 Anti-Schock Aluminium One-size\",\"description\":\"Leicht, verstellbar und mit Anti-Schock-D\\u00e4mpfung: Mit dem KI3001 w\\u00e4hlst du ein Outdoor-Giveaway, das bei 20-40-J\\u00e4hrigen ankommt. Lass deinen Wanderstock bedrucken - dein Logo kommt sauber auf den Schaft, ideal als Trekkingst\\u00f6cke mit Logo f\\u00fcr Events. One Size.\",\"inLanguage\":\"de-DE\",\"isPartOf\":{\"@id\":\"https:\\\/\\\/hidalgo.nl\\\/de\\\/#website\"},\"breadcrumb\":{\"@id\":\"https:\\\/\\\/hidalgo.nl\\\/de\\\/product\\\/78790\\\/wanderstock-bedrucken-ki3001-anti-schock-aluminium-one-size\\\/#breadcrumblist\"},\"image\":{\"@type\":\"ImageObject\",\"url\":\"https:\\\/\\\/shop.hidalgo.nl\\\/wp-content\\\/uploads\\\/2025\\\/07\\\/832a5721b8f4857f906bad4b534701129f082041b98e3bf8dbfe9acc66690983.png\",\"@id\":\"https:\\\/\\\/hidalgo.nl\\\/de\\\/product\\\/78790\\\/wanderstock-bedrucken-ki3001-anti-schock-aluminium-one-size\\\/#mainImage\",\"width\":1000,\"height\":933},\"primaryImageOfPage\":{\"@id\":\"https:\\\/\\\/hidalgo.nl\\\/de\\\/product\\\/78790\\\/wanderstock-bedrucken-ki3001-anti-schock-aluminium-one-size\\\/#mainImage\"},\"datePublished\":\"2025-07-07T00:10:30+00:00\",\"dateModified\":\"2026-03-22T05:45:16+00:00\"},{\"@type\":\"WebSite\",\"@id\":\"https:\\\/\\\/hidalgo.nl\\\/de\\\/#website\",\"url\":\"https:\\\/\\\/hidalgo.nl\\\/de\\\/\",\"name\":\"Hidalgo\",\"inLanguage\":\"de-DE\",\"publisher\":{\"@id\":\"https:\\\/\\\/hidalgo.nl\\\/de\\\/#organization\"}}]}\n\t\t<\/script>\n\t\t<!-- All in One SEO Pro -->\r\n\t\t<title>Wanderstock bedrucken KI3001 Anti-Schock Aluminium One-size<\/title>\n\n","aioseo_head_json":{"title":"Wanderstock bedrucken KI3001 Anti-Schock Aluminium One-size","description":"Leicht, verstellbar und mit Anti-Schock-D\u00e4mpfung: Mit dem KI3001 w\u00e4hlst du ein Outdoor-Giveaway, das bei 20-40-J\u00e4hrigen ankommt. Lass deinen Wanderstock bedrucken - dein Logo kommt sauber auf den Schaft, ideal als Trekkingst\u00f6cke mit Logo f\u00fcr Events. One Size.","canonical_url":"https:\/\/hidalgo.nl\/de\/wp-json\/wp\/v2\/product\/78790","robots":"max-image-preview:large","keywords":"","webmasterTools":{"miscellaneous":""},"schema":{"@context":"https:\/\/schema.org","@graph":[{"@type":"BreadcrumbList","@id":"https:\/\/hidalgo.nl\/de\/product\/78790\/wanderstock-bedrucken-ki3001-anti-schock-aluminium-one-size\/#breadcrumblist","itemListElement":[{"@type":"ListItem","@id":"https:\/\/hidalgo.nl\/de\/#listItem","position":1,"name":"Home","item":"https:\/\/hidalgo.nl\/de\/","nextItem":{"@type":"ListItem","@id":"https:\/\/hidalgo.nl\/example\/#listItem","name":"example"}},{"@type":"ListItem","@id":"https:\/\/hidalgo.nl\/example\/#listItem","position":2,"name":"example","item":"https:\/\/hidalgo.nl\/example\/","nextItem":{"@type":"ListItem","@id":"https:\/\/hidalgo.nl\/en\/product-supplier\/a403\/#listItem","name":"A403"},"previousItem":{"@type":"ListItem","@id":"https:\/\/hidalgo.nl\/de\/#listItem","name":"Home"}},{"@type":"ListItem","@id":"https:\/\/hidalgo.nl\/en\/product-supplier\/a403\/#listItem","position":3,"name":"A403","item":"https:\/\/hidalgo.nl\/en\/product-supplier\/a403\/","nextItem":{"@type":"ListItem","@id":"https:\/\/hidalgo.nl\/de\/product\/78790\/wanderstock-bedrucken-ki3001-anti-schock-aluminium-one-size\/#listItem","name":"KI3001 &#8211; Wandelstok"},"previousItem":{"@type":"ListItem","@id":"https:\/\/hidalgo.nl\/example\/#listItem","name":"example"}},{"@type":"ListItem","@id":"https:\/\/hidalgo.nl\/de\/product\/78790\/wanderstock-bedrucken-ki3001-anti-schock-aluminium-one-size\/#listItem","position":4,"name":"KI3001 &#8211; Wandelstok","previousItem":{"@type":"ListItem","@id":"https:\/\/hidalgo.nl\/en\/product-supplier\/a403\/#listItem","name":"A403"}}]},{"@type":"Organization","@id":"https:\/\/hidalgo.nl\/de\/#organization","name":"Hidalgo","url":"https:\/\/hidalgo.nl\/de\/","logo":{"@type":"ImageObject","url":"https:\/\/shop.hidalgo.nl\/wp-content\/uploads\/2025\/11\/cropped-Hidalgo-est1993.png","@id":"https:\/\/hidalgo.nl\/de\/product\/78790\/wanderstock-bedrucken-ki3001-anti-schock-aluminium-one-size\/#organizationLogo","width":585,"height":195},"image":{"@id":"https:\/\/hidalgo.nl\/de\/product\/78790\/wanderstock-bedrucken-ki3001-anti-schock-aluminium-one-size\/#organizationLogo"}},{"@type":"ProductGroup","@id":"https:\/\/hidalgo.nl\/de\/product\/78790\/wanderstock-bedrucken-ki3001-anti-schock-aluminium-one-size\/#wooCommerceProduct","name":"Wanderstock bedrucken KI3001 Anti-Schock Aluminium One-size","url":"https:\/\/hidalgo.nl\/de\/product\/78790\/wanderstock-bedrucken-ki3001-anti-schock-aluminium-one-size\/","brand":{"@type":"Brand","name":"Kimood"},"sku":"A403-KI3001","image":{"@type":"ImageObject","url":"https:\/\/shop.hidalgo.nl\/wp-content\/uploads\/2025\/07\/832a5721b8f4857f906bad4b534701129f082041b98e3bf8dbfe9acc66690983.png","@id":"https:\/\/hidalgo.nl\/de\/product\/78790\/wanderstock-bedrucken-ki3001-anti-schock-aluminium-one-size\/#productImage","width":1000,"height":933},"productGroupID":78790,"hasVariant":[{"@type":"Product","@id":"https:\/\/hidalgo.nl\/de\/product\/78790\/wanderstock-bedrucken-ki3001-anti-schock-aluminium-one-size\/#wooCommerceProduct","name":"KI3001 - Wandelstok - , black","url":"https:\/\/hidalgo.nl\/de\/product\/78790\/wanderstock-bedrucken-ki3001-anti-schock-aluminium-one-size\/","sku":"A403-KI3001_40317_40316","gtin":"3663639038591","image":{"@type":"ImageObject","url":"https:\/\/shop.hidalgo.nl\/wp-content\/uploads\/2025\/07\/832a5721b8f4857f906bad4b534701129f082041b98e3bf8dbfe9acc66690983.png","@id":"https:\/\/hidalgo.nl\/de\/product\/78790\/wanderstock-bedrucken-ki3001-anti-schock-aluminium-one-size\/#productImage","width":1000,"height":933},"offers":{"@type":"Offer","url":"https:\/\/hidalgo.nl\/de\/product\/78790\/wanderstock-bedrucken-ki3001-anti-schock-aluminium-one-size\/#wooCommerceOffer","price":"10.72","priceCurrency":"EUR","category":"Promotionele Artikelen","availability":"https:\/\/schema.org\/InStock","priceSpecification":{"@type":"PriceSpecification","price":10.72,"priceCurrency":"EUR","valueAddedTaxIncluded":"true"}}}]},{"@type":"WebPage","@id":"https:\/\/hidalgo.nl\/de\/product\/78790\/wanderstock-bedrucken-ki3001-anti-schock-aluminium-one-size\/#webpage","url":"https:\/\/hidalgo.nl\/de\/product\/78790\/wanderstock-bedrucken-ki3001-anti-schock-aluminium-one-size\/","name":"Wanderstock bedrucken KI3001 Anti-Schock Aluminium One-size","description":"Leicht, verstellbar und mit Anti-Schock-D\u00e4mpfung: Mit dem KI3001 w\u00e4hlst du ein Outdoor-Giveaway, das bei 20-40-J\u00e4hrigen ankommt. Lass deinen Wanderstock bedrucken - dein Logo kommt sauber auf den Schaft, ideal als Trekkingst\u00f6cke mit Logo f\u00fcr Events. One Size.","inLanguage":"de-DE","isPartOf":{"@id":"https:\/\/hidalgo.nl\/de\/#website"},"breadcrumb":{"@id":"https:\/\/hidalgo.nl\/de\/product\/78790\/wanderstock-bedrucken-ki3001-anti-schock-aluminium-one-size\/#breadcrumblist"},"image":{"@type":"ImageObject","url":"https:\/\/shop.hidalgo.nl\/wp-content\/uploads\/2025\/07\/832a5721b8f4857f906bad4b534701129f082041b98e3bf8dbfe9acc66690983.png","@id":"https:\/\/hidalgo.nl\/de\/product\/78790\/wanderstock-bedrucken-ki3001-anti-schock-aluminium-one-size\/#mainImage","width":1000,"height":933},"primaryImageOfPage":{"@id":"https:\/\/hidalgo.nl\/de\/product\/78790\/wanderstock-bedrucken-ki3001-anti-schock-aluminium-one-size\/#mainImage"},"datePublished":"2025-07-07T00:10:30+00:00","dateModified":"2026-03-22T05:45:16+00:00"},{"@type":"WebSite","@id":"https:\/\/hidalgo.nl\/de\/#website","url":"https:\/\/hidalgo.nl\/de\/","name":"Hidalgo","inLanguage":"de-DE","publisher":{"@id":"https:\/\/hidalgo.nl\/de\/#organization"}}]},"og:locale":"de_DE","og:site_name":"Hidalgo -","og:type":"article","og:title":"Wanderstock bedrucken KI3001 Anti-Schock Aluminium One-size","og:description":"Leicht, verstellbar und mit Anti-Schock-D\u00e4mpfung: Mit dem KI3001 w\u00e4hlst du ein Outdoor-Giveaway, das bei 20-40-J\u00e4hrigen ankommt. Lass deinen Wanderstock bedrucken - dein Logo kommt sauber auf den Schaft, ideal als Trekkingst\u00f6cke mit Logo f\u00fcr Events. One Size.","og:url":"https:\/\/hidalgo.nl\/de\/wp-json\/wp\/v2\/product\/78790","og:image":"https:\/\/shop.hidalgo.nl\/wp-content\/uploads\/2025\/11\/cropped-Hidalgo-est1993.png","og:image:secure_url":"https:\/\/shop.hidalgo.nl\/wp-content\/uploads\/2025\/11\/cropped-Hidalgo-est1993.png","article:published_time":"2025-07-07T00:10:30+00:00","article:modified_time":"2026-03-22T05:45:16+00:00","twitter:card":"summary_large_image","twitter:title":"Wanderstock bedrucken KI3001 Anti-Schock Aluminium One-size","twitter:description":"Leicht, verstellbar und mit Anti-Schock-D\u00e4mpfung: Mit dem KI3001 w\u00e4hlst du ein Outdoor-Giveaway, das bei 20-40-J\u00e4hrigen ankommt. Lass deinen Wanderstock bedrucken - dein Logo kommt sauber auf den Schaft, ideal als Trekkingst\u00f6cke mit Logo f\u00fcr Events. One Size.","twitter:image":"https:\/\/shop.hidalgo.nl\/wp-content\/uploads\/2025\/11\/cropped-Hidalgo-est1993.png"},"aioseo_meta_data":{"post_id":"78790","title":null,"description":null,"keywords":null,"keyphrases":null,"primary_term":null,"canonical_url":null,"og_title":null,"og_description":null,"og_object_type":"default","og_image_type":"default","og_image_url":null,"og_image_width":null,"og_image_height":null,"og_image_custom_url":null,"og_image_custom_fields":null,"og_video":null,"og_custom_url":null,"og_article_section":null,"og_article_tags":null,"twitter_use_og":false,"twitter_card":"default","twitter_image_type":"default","twitter_image_url":null,"twitter_image_custom_url":null,"twitter_image_custom_fields":null,"twitter_title":null,"twitter_description":null,"schema":{"blockGraphs":[],"customGraphs":[],"default":{"data":{"Article":[],"Course":[],"Dataset":[],"FAQPage":[],"Movie":[],"Person":[],"Product":[],"ProductReview":[],"Car":[],"Recipe":[],"Service":[],"SoftwareApplication":[],"WebPage":[]},"graphName":"","isEnabled":true},"graphs":[]},"schema_type":"default","schema_type_options":null,"pillar_content":false,"robots_default":true,"robots_noindex":false,"robots_noarchive":false,"robots_nosnippet":false,"robots_nofollow":false,"robots_noimageindex":false,"robots_noodp":false,"robots_notranslate":false,"robots_max_snippet":null,"robots_max_videopreview":null,"robots_max_imagepreview":"large","priority":null,"frequency":null,"local_seo":null,"seo_analyzer_scan_date":"2026-01-20 15:46:12","breadcrumb_settings":null,"limit_modified_date":false,"reviewed_by":null,"open_ai":null,"ai":null,"created":"2026-01-14 06:25:29","updated":"2026-04-22 19:31:49"},"aioseo_breadcrumb":"<div class=\"aioseo-breadcrumbs\"><span class=\"aioseo-breadcrumb\">\n\t<a href=\"https:\/\/hidalgo.nl\/de\/\" title=\"Home\">Home<\/a>\n<\/span><span class=\"aioseo-breadcrumb-separator\">\u00bb<\/span><span class=\"aioseo-breadcrumb\">\n\t<a href=\"https:\/\/hidalgo.nl\/example\/\" title=\"example\">example<\/a>\n<\/span><span class=\"aioseo-breadcrumb-separator\">\u00bb<\/span><span class=\"aioseo-breadcrumb\">\n\t<a href=\"https:\/\/hidalgo.nl\/en\/product-supplier\/a403\/\" title=\"A403\">A403<\/a>\n<\/span><span class=\"aioseo-breadcrumb-separator\">\u00bb<\/span><span class=\"aioseo-breadcrumb\">\n\tKI3001 \u2013 Wandelstok\n<\/span><\/div>","aioseo_breadcrumb_json":[{"label":"Home","link":"https:\/\/hidalgo.nl\/de\/"},{"label":"example","link":"https:\/\/hidalgo.nl\/example\/"},{"label":"A403","link":"https:\/\/hidalgo.nl\/en\/product-supplier\/a403\/"},{"label":"KI3001 &#8211; Wandelstok","link":"https:\/\/hidalgo.nl\/de\/product\/78790\/wanderstock-bedrucken-ki3001-anti-schock-aluminium-one-size\/"}],"_links":{"self":[{"href":"https:\/\/hidalgo.nl\/de\/wp-json\/wp\/v2\/product\/78790","targetHints":{"allow":["GET"]}}],"collection":[{"href":"https:\/\/hidalgo.nl\/de\/wp-json\/wp\/v2\/product"}],"about":[{"href":"https:\/\/hidalgo.nl\/de\/wp-json\/wp\/v2\/types\/product"}],"wp:featuredmedia":[{"embeddable":true,"href":"https:\/\/hidalgo.nl\/de\/wp-json\/wp\/v2\/media\/78791"}],"wp:attachment":[{"href":"https:\/\/hidalgo.nl\/de\/wp-json\/wp\/v2\/media?parent=78790"}],"wp:term":[{"taxonomy":"product_brand","embeddable":true,"href":"https:\/\/hidalgo.nl\/de\/wp-json\/wp\/v2\/product_brand?post=78790"},{"taxonomy":"product_cat","embeddable":true,"href":"https:\/\/hidalgo.nl\/de\/wp-json\/wp\/v2\/product_cat?post=78790"},{"taxonomy":"product_tag","embeddable":true,"href":"https:\/\/hidalgo.nl\/de\/wp-json\/wp\/v2\/product_tag?post=78790"}],"curies":[{"name":"wp","href":"https:\/\/api.w.org\/{rel}","templated":true}]}}