{"id":786,"date":"2025-05-16T13:04:54","date_gmt":"2025-05-16T13:04:54","guid":{"rendered":"https:\/\/bidonsenshakers.pim.hidalgo.nl\/product\/wyatttrail-grs-rpet-backpack-rugzak\/"},"modified":"2026-03-21T00:21:25","modified_gmt":"2026-03-21T00:21:25","slug":"wyatttrail-grs-rpet-backpack-rugzak","status":"publish","type":"product","link":"https:\/\/hidalgo.nl\/de\/product\/wyatttrail-grs-rpet-backpack-rugzak\/","title":{"rendered":"WyattTrail GRS RPET Backpack rugzak"},"content":{"rendered":"<p>Rugzak van stevig RPET polyester. Een smal model met een royaal compartiment met ruimte voor het veilig vervoeren van een laptop tot 15,6 inch. Met extra ritsvak aan de voorzijde en een meshvak aan beide zijdes. De verstelbare schouderriemen en het achterpaneel zijn bekleed met mesh stof en voorzien van foam voor extra draagcomfort. De verstelbare schouderriemen hebben extra lussen en een band om de riemen op hun plaats te houden tijdens het dragen. Met stevige ritsen, volledig gevoerd en keurig afgewerkt. Een compacte rugzak met verrassend veel ruimte. GRS-gecertificeerd. Totaal gerecycled materiaal: 92%. Inhoud ca. 12 liter.<\/p>\n","protected":false},"excerpt":{"rendered":"<p>Rugzak van stevig RPET polyester. Een smal model met een royaal compartiment met ruimte voor het veilig vervoeren van een laptop tot 15,6 inch. Met extra ritsvak aan de voorzijde en een meshvak aan beide zijdes. De verstelbare schouderriemen en het achterpaneel zijn bekleed met mesh stof en voorzien van foam voor extra draagcomfort. De&hellip; <a class=\"more-link\" href=\"https:\/\/hidalgo.nl\/de\/product\/wyatttrail-grs-rpet-backpack-rugzak\/\"><span class=\"screen-reader-text\">WyattTrail GRS RPET Backpack rugzak<\/span> weiterlesen<\/a><\/p>\n","protected":false},"featured_media":787,"template":"","meta":{"_acf_changed":false,"om_disable_all_campaigns":false,"_monsterinsights_skip_tracking":false,"_monsterinsights_sitenote_active":false,"_monsterinsights_sitenote_note":"","_monsterinsights_sitenote_category":0},"product_brand":[],"product_cat":[4795,4796,4713],"product_tag":[],"class_list":{"0":"post-786","1":"product","2":"type-product","3":"status-publish","4":"has-post-thumbnail","6":"product_supplier-a24","7":"product_material-gerecycled-polyester","8":"product_cat-rugtassen","9":"product_cat-rugzakken","10":"product_cat-tassen","11":"entry","13":"first","14":"instock","15":"taxable","16":"shipping-taxable","17":"purchasable","18":"product-type-variable"},"acf":{"imprint_cost":[{"imprint_cost_key":"edea3c7c0e0bb50e2eeacf9b8c84c4aa6b7a8763","product_quantity_price_range":[{"imprint_cost_recommended_selling_price":"2.34","imprint_cost_recommended_selling_quantity":"1"},{"imprint_cost_recommended_selling_price":"2.07","imprint_cost_recommended_selling_quantity":"25"},{"imprint_cost_recommended_selling_price":"1.44","imprint_cost_recommended_selling_quantity":"50"},{"imprint_cost_recommended_selling_price":"0.96","imprint_cost_recommended_selling_quantity":"100"},{"imprint_cost_recommended_selling_price":"0.75","imprint_cost_recommended_selling_quantity":"250"},{"imprint_cost_recommended_selling_price":"0.63","imprint_cost_recommended_selling_quantity":"500"},{"imprint_cost_recommended_selling_price":"0.57","imprint_cost_recommended_selling_quantity":"1000"},{"imprint_cost_recommended_selling_price":"0.465","imprint_cost_recommended_selling_quantity":"2500"},{"imprint_cost_recommended_selling_price":"0.435","imprint_cost_recommended_selling_quantity":"5000"}],"product_quantity_price_range_buying":[{"imprint_cost_general_buying_price":"1.56","imprint_cost_general_buying_quantity":"1"},{"imprint_cost_general_buying_price":"1.38","imprint_cost_general_buying_quantity":"25"},{"imprint_cost_general_buying_price":"0.96","imprint_cost_general_buying_quantity":"50"},{"imprint_cost_general_buying_price":"0.64","imprint_cost_general_buying_quantity":"100"},{"imprint_cost_general_buying_price":"0.5","imprint_cost_general_buying_quantity":"250"},{"imprint_cost_general_buying_price":"0.42","imprint_cost_general_buying_quantity":"500"},{"imprint_cost_general_buying_price":"0.38","imprint_cost_general_buying_quantity":"1000"},{"imprint_cost_general_buying_price":"0.31","imprint_cost_general_buying_quantity":"2500"},{"imprint_cost_general_buying_price":"0.29","imprint_cost_general_buying_quantity":"5000"}],"imprint_cost_setup_costs":"45","imprint_cost_handling_costs":"0.09"},{"imprint_cost_key":"22a5522210201cb65e61ef7ce11412771e0beae4","product_quantity_price_range":[{"imprint_cost_recommended_selling_price":"1.875","imprint_cost_recommended_selling_quantity":"1"},{"imprint_cost_recommended_selling_price":"1.725","imprint_cost_recommended_selling_quantity":"25"},{"imprint_cost_recommended_selling_price":"1.575","imprint_cost_recommended_selling_quantity":"50"},{"imprint_cost_recommended_selling_price":"1.5","imprint_cost_recommended_selling_quantity":"100"},{"imprint_cost_recommended_selling_price":"1.425","imprint_cost_recommended_selling_quantity":"250"},{"imprint_cost_recommended_selling_price":"1.35","imprint_cost_recommended_selling_quantity":"500"},{"imprint_cost_recommended_selling_price":"1.275","imprint_cost_recommended_selling_quantity":"1000"},{"imprint_cost_recommended_selling_price":"1.23","imprint_cost_recommended_selling_quantity":"2500"},{"imprint_cost_recommended_selling_price":"1.2","imprint_cost_recommended_selling_quantity":"5000"}],"product_quantity_price_range_buying":[{"imprint_cost_general_buying_price":"1.25","imprint_cost_general_buying_quantity":"1"},{"imprint_cost_general_buying_price":"1.15","imprint_cost_general_buying_quantity":"25"},{"imprint_cost_general_buying_price":"1.05","imprint_cost_general_buying_quantity":"50"},{"imprint_cost_general_buying_price":"1","imprint_cost_general_buying_quantity":"100"},{"imprint_cost_general_buying_price":"0.95","imprint_cost_general_buying_quantity":"250"},{"imprint_cost_general_buying_price":"0.9","imprint_cost_general_buying_quantity":"500"},{"imprint_cost_general_buying_price":"0.85","imprint_cost_general_buying_quantity":"1000"},{"imprint_cost_general_buying_price":"0.82","imprint_cost_general_buying_quantity":"2500"},{"imprint_cost_general_buying_price":"0.8","imprint_cost_general_buying_quantity":"5000"}],"imprint_cost_setup_costs":"52.5","imprint_cost_handling_costs":"0.03"}]},"aioseo_notices":[],"aioseo_head":"\n\t\t<!-- All in One SEO Pro 4.9.6.2 - aioseo.com -->\n\t<meta name=\"description\" content=\"Du transportierst deine Technik sicher im kompakten RPET-Rucksack mit gepolstertem Fach f\u00fcr 15,6 Zoll und 12 Litern Stauraum - ideal f\u00fcr Alltag und Office. Bei Hidalgo l\u00e4sst du dein Logo pr\u00e4zise aufdrucken, damit dein Auftritt unterwegs professionell wirkt.\" \/>\n\t<meta name=\"robots\" content=\"max-image-preview:large\" \/>\n\t<link rel=\"canonical\" href=\"https:\/\/hidalgo.nl\/de\/wp-json\/wp\/v2\/product\/786\" \/>\n\t<meta name=\"generator\" content=\"All in One SEO Pro (AIOSEO) 4.9.6.2\" \/>\n\t\t<meta property=\"og:locale\" content=\"de_DE\" \/>\n\t\t<meta property=\"og:site_name\" content=\"Hidalgo -\" \/>\n\t\t<meta property=\"og:type\" content=\"article\" \/>\n\t\t<meta property=\"og:title\" content=\"WyattTrail GRS RPET Backpack rugzak\" \/>\n\t\t<meta property=\"og:description\" content=\"Du transportierst deine Technik sicher im kompakten RPET-Rucksack mit gepolstertem Fach f\u00fcr 15,6 Zoll und 12 Litern Stauraum - ideal f\u00fcr Alltag und Office. Bei Hidalgo l\u00e4sst du dein Logo pr\u00e4zise aufdrucken, damit dein Auftritt unterwegs professionell wirkt.\" \/>\n\t\t<meta property=\"og:url\" content=\"https:\/\/hidalgo.nl\/de\/wp-json\/wp\/v2\/product\/786\" \/>\n\t\t<meta property=\"og:image\" content=\"https:\/\/shop.hidalgo.nl\/wp-content\/uploads\/2025\/11\/cropped-Hidalgo-est1993.png\" \/>\n\t\t<meta property=\"og:image:secure_url\" content=\"https:\/\/shop.hidalgo.nl\/wp-content\/uploads\/2025\/11\/cropped-Hidalgo-est1993.png\" \/>\n\t\t<meta property=\"article:published_time\" content=\"2025-05-16T13:04:54+00:00\" \/>\n\t\t<meta property=\"article:modified_time\" content=\"2026-03-21T00:21:25+00:00\" \/>\n\t\t<meta name=\"twitter:card\" content=\"summary_large_image\" \/>\n\t\t<meta name=\"twitter:title\" content=\"WyattTrail GRS RPET Backpack rugzak\" \/>\n\t\t<meta name=\"twitter:description\" content=\"Du transportierst deine Technik sicher im kompakten RPET-Rucksack mit gepolstertem Fach f\u00fcr 15,6 Zoll und 12 Litern Stauraum - ideal f\u00fcr Alltag und Office. Bei Hidalgo l\u00e4sst du dein Logo pr\u00e4zise aufdrucken, damit dein Auftritt unterwegs professionell wirkt.\" \/>\n\t\t<meta name=\"twitter:image\" content=\"https:\/\/shop.hidalgo.nl\/wp-content\/uploads\/2025\/11\/cropped-Hidalgo-est1993.png\" \/>\n\t\t<script type=\"application\/ld+json\" class=\"aioseo-schema\">\n\t\t\t{\"@context\":\"https:\\\/\\\/schema.org\",\"@graph\":[{\"@type\":\"BreadcrumbList\",\"@id\":\"https:\\\/\\\/hidalgo.nl\\\/de\\\/product\\\/wyatttrail-grs-rpet-backpack-rugzak\\\/#breadcrumblist\",\"itemListElement\":[{\"@type\":\"ListItem\",\"@id\":\"https:\\\/\\\/hidalgo.nl\\\/de\\\/#listItem\",\"position\":1,\"name\":\"Home\",\"item\":\"https:\\\/\\\/hidalgo.nl\\\/de\\\/\",\"nextItem\":{\"@type\":\"ListItem\",\"@id\":\"https:\\\/\\\/hidalgo.nl\\\/example\\\/#listItem\",\"name\":\"example\"}},{\"@type\":\"ListItem\",\"@id\":\"https:\\\/\\\/hidalgo.nl\\\/example\\\/#listItem\",\"position\":2,\"name\":\"example\",\"item\":\"https:\\\/\\\/hidalgo.nl\\\/example\\\/\",\"nextItem\":{\"@type\":\"ListItem\",\"@id\":\"https:\\\/\\\/hidalgo.nl\\\/en\\\/product-supplier\\\/a24\\\/#listItem\",\"name\":\"A24\"},\"previousItem\":{\"@type\":\"ListItem\",\"@id\":\"https:\\\/\\\/hidalgo.nl\\\/de\\\/#listItem\",\"name\":\"Home\"}},{\"@type\":\"ListItem\",\"@id\":\"https:\\\/\\\/hidalgo.nl\\\/en\\\/product-supplier\\\/a24\\\/#listItem\",\"position\":3,\"name\":\"A24\",\"item\":\"https:\\\/\\\/hidalgo.nl\\\/en\\\/product-supplier\\\/a24\\\/\",\"nextItem\":{\"@type\":\"ListItem\",\"@id\":\"https:\\\/\\\/hidalgo.nl\\\/de\\\/product\\\/wyatttrail-grs-rpet-backpack-rugzak\\\/#listItem\",\"name\":\"WyattTrail GRS RPET Backpack rugzak\"},\"previousItem\":{\"@type\":\"ListItem\",\"@id\":\"https:\\\/\\\/hidalgo.nl\\\/example\\\/#listItem\",\"name\":\"example\"}},{\"@type\":\"ListItem\",\"@id\":\"https:\\\/\\\/hidalgo.nl\\\/de\\\/product\\\/wyatttrail-grs-rpet-backpack-rugzak\\\/#listItem\",\"position\":4,\"name\":\"WyattTrail GRS RPET Backpack rugzak\",\"previousItem\":{\"@type\":\"ListItem\",\"@id\":\"https:\\\/\\\/hidalgo.nl\\\/en\\\/product-supplier\\\/a24\\\/#listItem\",\"name\":\"A24\"}}]},{\"@type\":\"Organization\",\"@id\":\"https:\\\/\\\/hidalgo.nl\\\/de\\\/#organization\",\"name\":\"Hidalgo\",\"url\":\"https:\\\/\\\/hidalgo.nl\\\/de\\\/\",\"logo\":{\"@type\":\"ImageObject\",\"url\":\"https:\\\/\\\/shop.hidalgo.nl\\\/wp-content\\\/uploads\\\/2025\\\/11\\\/cropped-Hidalgo-est1993.png\",\"@id\":\"https:\\\/\\\/hidalgo.nl\\\/de\\\/product\\\/wyatttrail-grs-rpet-backpack-rugzak\\\/#organizationLogo\",\"width\":585,\"height\":195},\"image\":{\"@id\":\"https:\\\/\\\/hidalgo.nl\\\/de\\\/product\\\/wyatttrail-grs-rpet-backpack-rugzak\\\/#organizationLogo\"}},{\"@type\":\"ProductGroup\",\"@id\":\"https:\\\/\\\/hidalgo.nl\\\/de\\\/product\\\/wyatttrail-grs-rpet-backpack-rugzak\\\/#wooCommerceProduct\",\"name\":\"WyattTrail GRS RPET Backpack rugzak\",\"url\":\"https:\\\/\\\/hidalgo.nl\\\/de\\\/product\\\/wyatttrail-grs-rpet-backpack-rugzak\\\/\",\"sku\":\"A24-6529\",\"image\":{\"@type\":\"ImageObject\",\"url\":\"https:\\\/\\\/shop.hidalgo.nl\\\/wp-content\\\/uploads\\\/2025\\\/04\\\/4f9be0001d6e78a568d56a6c64359000f8e7ed0c21f70dc1c40ea82052dbd6cd.jpg\",\"@id\":\"https:\\\/\\\/hidalgo.nl\\\/de\\\/product\\\/wyatttrail-grs-rpet-backpack-rugzak\\\/#productImage\"},\"productGroupID\":786,\"hasVariant\":[{\"@type\":\"Product\",\"@id\":\"https:\\\/\\\/hidalgo.nl\\\/de\\\/product\\\/wyatttrail-grs-rpet-backpack-rugzak\\\/#wooCommerceProduct\",\"name\":\"WyattTrail GRS RPET Backpack rugzak - zwart\",\"url\":\"https:\\\/\\\/hidalgo.nl\\\/de\\\/product\\\/wyatttrail-grs-rpet-backpack-rugzak\\\/\",\"sku\":\"A24-652998\",\"image\":{\"@type\":\"ImageObject\",\"url\":\"https:\\\/\\\/shop.hidalgo.nl\\\/wp-content\\\/uploads\\\/2025\\\/04\\\/4f9be0001d6e78a568d56a6c64359000f8e7ed0c21f70dc1c40ea82052dbd6cd.jpg\",\"@id\":\"https:\\\/\\\/hidalgo.nl\\\/de\\\/product\\\/wyatttrail-grs-rpet-backpack-rugzak\\\/#productImage\"},\"offers\":{\"@type\":\"Offer\",\"url\":\"https:\\\/\\\/hidalgo.nl\\\/de\\\/product\\\/wyatttrail-grs-rpet-backpack-rugzak\\\/#wooCommerceOffer\",\"price\":\"14.95\",\"priceCurrency\":\"EUR\",\"category\":\"Tassen\",\"availability\":\"https:\\\/\\\/schema.org\\\/InStock\",\"priceSpecification\":{\"@type\":\"PriceSpecification\",\"price\":14.95,\"priceCurrency\":\"EUR\",\"valueAddedTaxIncluded\":\"true\"}}},{\"@type\":\"Product\",\"@id\":\"https:\\\/\\\/hidalgo.nl\\\/de\\\/product\\\/wyatttrail-grs-rpet-backpack-rugzak\\\/#wooCommerceProduct\",\"name\":\"WyattTrail GRS RPET Backpack rugzak - navy\",\"url\":\"https:\\\/\\\/hidalgo.nl\\\/de\\\/product\\\/wyatttrail-grs-rpet-backpack-rugzak\\\/\",\"sku\":\"A24-652932\",\"image\":{\"@type\":\"ImageObject\",\"url\":\"https:\\\/\\\/shop.hidalgo.nl\\\/wp-content\\\/uploads\\\/2025\\\/04\\\/62b4009136ac0d14c13d5040915bfbc79fac9301cf91dfe53ea55c4838dbbb61.jpg\",\"@id\":\"https:\\\/\\\/hidalgo.nl\\\/de\\\/product\\\/wyatttrail-grs-rpet-backpack-rugzak\\\/#productImage\"},\"offers\":{\"@type\":\"Offer\",\"url\":\"https:\\\/\\\/hidalgo.nl\\\/de\\\/product\\\/wyatttrail-grs-rpet-backpack-rugzak\\\/#wooCommerceOffer\",\"price\":\"14.95\",\"priceCurrency\":\"EUR\",\"category\":\"Tassen\",\"availability\":\"https:\\\/\\\/schema.org\\\/InStock\",\"priceSpecification\":{\"@type\":\"PriceSpecification\",\"price\":14.95,\"priceCurrency\":\"EUR\",\"valueAddedTaxIncluded\":\"true\"}}}]},{\"@type\":\"WebPage\",\"@id\":\"https:\\\/\\\/hidalgo.nl\\\/de\\\/product\\\/wyatttrail-grs-rpet-backpack-rugzak\\\/#webpage\",\"url\":\"https:\\\/\\\/hidalgo.nl\\\/de\\\/product\\\/wyatttrail-grs-rpet-backpack-rugzak\\\/\",\"name\":\"WyattTrail GRS RPET Backpack rugzak\",\"description\":\"Du transportierst deine Technik sicher im kompakten RPET-Rucksack mit gepolstertem Fach f\\u00fcr 15,6 Zoll und 12 Litern Stauraum - ideal f\\u00fcr Alltag und Office. Bei Hidalgo l\\u00e4sst du dein Logo pr\\u00e4zise aufdrucken, damit dein Auftritt unterwegs professionell wirkt.\",\"inLanguage\":\"de-DE\",\"isPartOf\":{\"@id\":\"https:\\\/\\\/hidalgo.nl\\\/de\\\/#website\"},\"breadcrumb\":{\"@id\":\"https:\\\/\\\/hidalgo.nl\\\/de\\\/product\\\/wyatttrail-grs-rpet-backpack-rugzak\\\/#breadcrumblist\"},\"image\":{\"@type\":\"ImageObject\",\"url\":\"https:\\\/\\\/shop.hidalgo.nl\\\/wp-content\\\/uploads\\\/2025\\\/04\\\/4f9be0001d6e78a568d56a6c64359000f8e7ed0c21f70dc1c40ea82052dbd6cd.jpg\",\"@id\":\"https:\\\/\\\/hidalgo.nl\\\/de\\\/product\\\/wyatttrail-grs-rpet-backpack-rugzak\\\/#mainImage\"},\"primaryImageOfPage\":{\"@id\":\"https:\\\/\\\/hidalgo.nl\\\/de\\\/product\\\/wyatttrail-grs-rpet-backpack-rugzak\\\/#mainImage\"},\"datePublished\":\"2025-05-16T13:04:54+00:00\",\"dateModified\":\"2026-03-21T00:21:25+00:00\"},{\"@type\":\"WebSite\",\"@id\":\"https:\\\/\\\/hidalgo.nl\\\/de\\\/#website\",\"url\":\"https:\\\/\\\/hidalgo.nl\\\/de\\\/\",\"name\":\"Hidalgo\",\"inLanguage\":\"de-DE\",\"publisher\":{\"@id\":\"https:\\\/\\\/hidalgo.nl\\\/de\\\/#organization\"}}]}\n\t\t<\/script>\n\t\t<!-- All in One SEO Pro -->\r\n\t\t<title>WyattTrail GRS RPET Backpack rugzak<\/title>\n\n","aioseo_head_json":{"title":"WyattTrail GRS RPET Backpack rugzak","description":"Du transportierst deine Technik sicher im kompakten RPET-Rucksack mit gepolstertem Fach f\u00fcr 15,6 Zoll und 12 Litern Stauraum - ideal f\u00fcr Alltag und Office. Bei Hidalgo l\u00e4sst du dein Logo pr\u00e4zise aufdrucken, damit dein Auftritt unterwegs professionell wirkt.","canonical_url":"https:\/\/hidalgo.nl\/de\/wp-json\/wp\/v2\/product\/786","robots":"max-image-preview:large","keywords":"","webmasterTools":{"miscellaneous":""},"schema":{"@context":"https:\/\/schema.org","@graph":[{"@type":"BreadcrumbList","@id":"https:\/\/hidalgo.nl\/de\/product\/wyatttrail-grs-rpet-backpack-rugzak\/#breadcrumblist","itemListElement":[{"@type":"ListItem","@id":"https:\/\/hidalgo.nl\/de\/#listItem","position":1,"name":"Home","item":"https:\/\/hidalgo.nl\/de\/","nextItem":{"@type":"ListItem","@id":"https:\/\/hidalgo.nl\/example\/#listItem","name":"example"}},{"@type":"ListItem","@id":"https:\/\/hidalgo.nl\/example\/#listItem","position":2,"name":"example","item":"https:\/\/hidalgo.nl\/example\/","nextItem":{"@type":"ListItem","@id":"https:\/\/hidalgo.nl\/en\/product-supplier\/a24\/#listItem","name":"A24"},"previousItem":{"@type":"ListItem","@id":"https:\/\/hidalgo.nl\/de\/#listItem","name":"Home"}},{"@type":"ListItem","@id":"https:\/\/hidalgo.nl\/en\/product-supplier\/a24\/#listItem","position":3,"name":"A24","item":"https:\/\/hidalgo.nl\/en\/product-supplier\/a24\/","nextItem":{"@type":"ListItem","@id":"https:\/\/hidalgo.nl\/de\/product\/wyatttrail-grs-rpet-backpack-rugzak\/#listItem","name":"WyattTrail GRS RPET Backpack rugzak"},"previousItem":{"@type":"ListItem","@id":"https:\/\/hidalgo.nl\/example\/#listItem","name":"example"}},{"@type":"ListItem","@id":"https:\/\/hidalgo.nl\/de\/product\/wyatttrail-grs-rpet-backpack-rugzak\/#listItem","position":4,"name":"WyattTrail GRS RPET Backpack rugzak","previousItem":{"@type":"ListItem","@id":"https:\/\/hidalgo.nl\/en\/product-supplier\/a24\/#listItem","name":"A24"}}]},{"@type":"Organization","@id":"https:\/\/hidalgo.nl\/de\/#organization","name":"Hidalgo","url":"https:\/\/hidalgo.nl\/de\/","logo":{"@type":"ImageObject","url":"https:\/\/shop.hidalgo.nl\/wp-content\/uploads\/2025\/11\/cropped-Hidalgo-est1993.png","@id":"https:\/\/hidalgo.nl\/de\/product\/wyatttrail-grs-rpet-backpack-rugzak\/#organizationLogo","width":585,"height":195},"image":{"@id":"https:\/\/hidalgo.nl\/de\/product\/wyatttrail-grs-rpet-backpack-rugzak\/#organizationLogo"}},{"@type":"ProductGroup","@id":"https:\/\/hidalgo.nl\/de\/product\/wyatttrail-grs-rpet-backpack-rugzak\/#wooCommerceProduct","name":"WyattTrail GRS RPET Backpack rugzak","url":"https:\/\/hidalgo.nl\/de\/product\/wyatttrail-grs-rpet-backpack-rugzak\/","sku":"A24-6529","image":{"@type":"ImageObject","url":"https:\/\/shop.hidalgo.nl\/wp-content\/uploads\/2025\/04\/4f9be0001d6e78a568d56a6c64359000f8e7ed0c21f70dc1c40ea82052dbd6cd.jpg","@id":"https:\/\/hidalgo.nl\/de\/product\/wyatttrail-grs-rpet-backpack-rugzak\/#productImage"},"productGroupID":786,"hasVariant":[{"@type":"Product","@id":"https:\/\/hidalgo.nl\/de\/product\/wyatttrail-grs-rpet-backpack-rugzak\/#wooCommerceProduct","name":"WyattTrail GRS RPET Backpack rugzak - zwart","url":"https:\/\/hidalgo.nl\/de\/product\/wyatttrail-grs-rpet-backpack-rugzak\/","sku":"A24-652998","image":{"@type":"ImageObject","url":"https:\/\/shop.hidalgo.nl\/wp-content\/uploads\/2025\/04\/4f9be0001d6e78a568d56a6c64359000f8e7ed0c21f70dc1c40ea82052dbd6cd.jpg","@id":"https:\/\/hidalgo.nl\/de\/product\/wyatttrail-grs-rpet-backpack-rugzak\/#productImage"},"offers":{"@type":"Offer","url":"https:\/\/hidalgo.nl\/de\/product\/wyatttrail-grs-rpet-backpack-rugzak\/#wooCommerceOffer","price":"14.95","priceCurrency":"EUR","category":"Tassen","availability":"https:\/\/schema.org\/InStock","priceSpecification":{"@type":"PriceSpecification","price":14.95,"priceCurrency":"EUR","valueAddedTaxIncluded":"true"}}},{"@type":"Product","@id":"https:\/\/hidalgo.nl\/de\/product\/wyatttrail-grs-rpet-backpack-rugzak\/#wooCommerceProduct","name":"WyattTrail GRS RPET Backpack rugzak - navy","url":"https:\/\/hidalgo.nl\/de\/product\/wyatttrail-grs-rpet-backpack-rugzak\/","sku":"A24-652932","image":{"@type":"ImageObject","url":"https:\/\/shop.hidalgo.nl\/wp-content\/uploads\/2025\/04\/62b4009136ac0d14c13d5040915bfbc79fac9301cf91dfe53ea55c4838dbbb61.jpg","@id":"https:\/\/hidalgo.nl\/de\/product\/wyatttrail-grs-rpet-backpack-rugzak\/#productImage"},"offers":{"@type":"Offer","url":"https:\/\/hidalgo.nl\/de\/product\/wyatttrail-grs-rpet-backpack-rugzak\/#wooCommerceOffer","price":"14.95","priceCurrency":"EUR","category":"Tassen","availability":"https:\/\/schema.org\/InStock","priceSpecification":{"@type":"PriceSpecification","price":14.95,"priceCurrency":"EUR","valueAddedTaxIncluded":"true"}}}]},{"@type":"WebPage","@id":"https:\/\/hidalgo.nl\/de\/product\/wyatttrail-grs-rpet-backpack-rugzak\/#webpage","url":"https:\/\/hidalgo.nl\/de\/product\/wyatttrail-grs-rpet-backpack-rugzak\/","name":"WyattTrail GRS RPET Backpack rugzak","description":"Du transportierst deine Technik sicher im kompakten RPET-Rucksack mit gepolstertem Fach f\u00fcr 15,6 Zoll und 12 Litern Stauraum - ideal f\u00fcr Alltag und Office. Bei Hidalgo l\u00e4sst du dein Logo pr\u00e4zise aufdrucken, damit dein Auftritt unterwegs professionell wirkt.","inLanguage":"de-DE","isPartOf":{"@id":"https:\/\/hidalgo.nl\/de\/#website"},"breadcrumb":{"@id":"https:\/\/hidalgo.nl\/de\/product\/wyatttrail-grs-rpet-backpack-rugzak\/#breadcrumblist"},"image":{"@type":"ImageObject","url":"https:\/\/shop.hidalgo.nl\/wp-content\/uploads\/2025\/04\/4f9be0001d6e78a568d56a6c64359000f8e7ed0c21f70dc1c40ea82052dbd6cd.jpg","@id":"https:\/\/hidalgo.nl\/de\/product\/wyatttrail-grs-rpet-backpack-rugzak\/#mainImage"},"primaryImageOfPage":{"@id":"https:\/\/hidalgo.nl\/de\/product\/wyatttrail-grs-rpet-backpack-rugzak\/#mainImage"},"datePublished":"2025-05-16T13:04:54+00:00","dateModified":"2026-03-21T00:21:25+00:00"},{"@type":"WebSite","@id":"https:\/\/hidalgo.nl\/de\/#website","url":"https:\/\/hidalgo.nl\/de\/","name":"Hidalgo","inLanguage":"de-DE","publisher":{"@id":"https:\/\/hidalgo.nl\/de\/#organization"}}]},"og:locale":"de_DE","og:site_name":"Hidalgo -","og:type":"article","og:title":"WyattTrail GRS RPET Backpack rugzak","og:description":"Du transportierst deine Technik sicher im kompakten RPET-Rucksack mit gepolstertem Fach f\u00fcr 15,6 Zoll und 12 Litern Stauraum - ideal f\u00fcr Alltag und Office. Bei Hidalgo l\u00e4sst du dein Logo pr\u00e4zise aufdrucken, damit dein Auftritt unterwegs professionell wirkt.","og:url":"https:\/\/hidalgo.nl\/de\/wp-json\/wp\/v2\/product\/786","og:image":"https:\/\/shop.hidalgo.nl\/wp-content\/uploads\/2025\/11\/cropped-Hidalgo-est1993.png","og:image:secure_url":"https:\/\/shop.hidalgo.nl\/wp-content\/uploads\/2025\/11\/cropped-Hidalgo-est1993.png","article:published_time":"2025-05-16T13:04:54+00:00","article:modified_time":"2026-03-21T00:21:25+00:00","twitter:card":"summary_large_image","twitter:title":"WyattTrail GRS RPET Backpack rugzak","twitter:description":"Du transportierst deine Technik sicher im kompakten RPET-Rucksack mit gepolstertem Fach f\u00fcr 15,6 Zoll und 12 Litern Stauraum - ideal f\u00fcr Alltag und Office. Bei Hidalgo l\u00e4sst du dein Logo pr\u00e4zise aufdrucken, damit dein Auftritt unterwegs professionell wirkt.","twitter:image":"https:\/\/shop.hidalgo.nl\/wp-content\/uploads\/2025\/11\/cropped-Hidalgo-est1993.png"},"aioseo_meta_data":{"post_id":"786","title":null,"description":null,"keywords":null,"keyphrases":null,"primary_term":null,"canonical_url":null,"og_title":null,"og_description":null,"og_object_type":"default","og_image_type":"default","og_image_url":null,"og_image_width":null,"og_image_height":null,"og_image_custom_url":null,"og_image_custom_fields":null,"og_video":null,"og_custom_url":null,"og_article_section":null,"og_article_tags":null,"twitter_use_og":false,"twitter_card":"default","twitter_image_type":"default","twitter_image_url":null,"twitter_image_custom_url":null,"twitter_image_custom_fields":null,"twitter_title":null,"twitter_description":null,"schema":{"blockGraphs":[],"customGraphs":[],"default":{"data":{"Article":[],"Course":[],"Dataset":[],"FAQPage":[],"Movie":[],"Person":[],"Product":[],"ProductReview":[],"Car":[],"Recipe":[],"Service":[],"SoftwareApplication":[],"WebPage":[]},"graphName":"","isEnabled":true},"graphs":[]},"schema_type":"default","schema_type_options":null,"pillar_content":false,"robots_default":true,"robots_noindex":false,"robots_noarchive":false,"robots_nosnippet":false,"robots_nofollow":false,"robots_noimageindex":false,"robots_noodp":false,"robots_notranslate":false,"robots_max_snippet":null,"robots_max_videopreview":null,"robots_max_imagepreview":"large","priority":null,"frequency":null,"local_seo":null,"seo_analyzer_scan_date":"2026-01-15 16:54:33","breadcrumb_settings":null,"limit_modified_date":false,"reviewed_by":null,"open_ai":null,"ai":null,"created":"2026-01-14 06:17:37","updated":"2026-04-22 15:41:50"},"aioseo_breadcrumb":"<div class=\"aioseo-breadcrumbs\"><span class=\"aioseo-breadcrumb\">\n\t<a href=\"https:\/\/hidalgo.nl\/de\/\" title=\"Home\">Home<\/a>\n<\/span><span class=\"aioseo-breadcrumb-separator\">\u00bb<\/span><span class=\"aioseo-breadcrumb\">\n\t<a href=\"https:\/\/hidalgo.nl\/example\/\" title=\"example\">example<\/a>\n<\/span><span class=\"aioseo-breadcrumb-separator\">\u00bb<\/span><span class=\"aioseo-breadcrumb\">\n\t<a href=\"https:\/\/hidalgo.nl\/en\/product-supplier\/a24\/\" title=\"A24\">A24<\/a>\n<\/span><span class=\"aioseo-breadcrumb-separator\">\u00bb<\/span><span class=\"aioseo-breadcrumb\">\n\tWyattTrail GRS RPET Backpack rugzak\n<\/span><\/div>","aioseo_breadcrumb_json":[{"label":"Home","link":"https:\/\/hidalgo.nl\/de\/"},{"label":"example","link":"https:\/\/hidalgo.nl\/example\/"},{"label":"A24","link":"https:\/\/hidalgo.nl\/en\/product-supplier\/a24\/"},{"label":"WyattTrail GRS RPET Backpack rugzak","link":"https:\/\/hidalgo.nl\/de\/product\/wyatttrail-grs-rpet-backpack-rugzak\/"}],"_links":{"self":[{"href":"https:\/\/hidalgo.nl\/de\/wp-json\/wp\/v2\/product\/786","targetHints":{"allow":["GET"]}}],"collection":[{"href":"https:\/\/hidalgo.nl\/de\/wp-json\/wp\/v2\/product"}],"about":[{"href":"https:\/\/hidalgo.nl\/de\/wp-json\/wp\/v2\/types\/product"}],"wp:featuredmedia":[{"embeddable":true,"href":"https:\/\/hidalgo.nl\/de\/wp-json\/wp\/v2\/media\/787"}],"wp:attachment":[{"href":"https:\/\/hidalgo.nl\/de\/wp-json\/wp\/v2\/media?parent=786"}],"wp:term":[{"taxonomy":"product_brand","embeddable":true,"href":"https:\/\/hidalgo.nl\/de\/wp-json\/wp\/v2\/product_brand?post=786"},{"taxonomy":"product_cat","embeddable":true,"href":"https:\/\/hidalgo.nl\/de\/wp-json\/wp\/v2\/product_cat?post=786"},{"taxonomy":"product_tag","embeddable":true,"href":"https:\/\/hidalgo.nl\/de\/wp-json\/wp\/v2\/product_tag?post=786"}],"curies":[{"name":"wp","href":"https:\/\/api.w.org\/{rel}","templated":true}]}}