{"id":78566,"date":"2025-07-07T00:04:57","date_gmt":"2025-07-07T00:04:57","guid":{"rendered":"http:\/\/bidonsenshakers.pim.hidalgo.nl\/product\/ki0936-business-rugzak-met-plaats-voor-een-laptop\/"},"modified":"2026-03-22T05:34:55","modified_gmt":"2026-03-22T05:34:55","slug":"ki0936-business-rugzak-met-plaats-voor-een-laptop","status":"publish","type":"product","link":"https:\/\/hidalgo.nl\/de\/product\/78566\/business-rucksack-bedrucken-ki0936-laptop-trolley-one-size\/","title":{"rendered":"KI0936 &#8211; Business rugzak met plaats voor een laptop"},"content":{"rendered":"<p>100% polyester. Werkrugzak met contrasterende materialen. Groot hoofdvak voor documenten met een grote meshzak met rits. Vak voor een laptop (max. 15\u00a0inch) en tablet.  Dubbele ritszak aan de voorkant. Twee symmetrische zijzakken met rits. Klittenbandriem op de achterkant om de rugzak te bevestigen aan de handgreep van een trolley. Gewatteerde en ademende achterzijde en schouderriemen.<\/p>\n","protected":false},"excerpt":{"rendered":"<p>100% polyester. Werkrugzak met contrasterende materialen. Groot hoofdvak voor documenten met een grote meshzak met rits. Vak voor een laptop (max. 15\u00a0inch) en tablet. Dubbele ritszak aan de voorkant. Twee symmetrische zijzakken met rits. Klittenbandriem op de achterkant om de rugzak te bevestigen aan de handgreep van een trolley. Gewatteerde en ademende achterzijde en schouderriemen.<\/p>\n","protected":false},"featured_media":78569,"template":"","meta":{"_acf_changed":false,"om_disable_all_campaigns":false,"_monsterinsights_skip_tracking":false,"_monsterinsights_sitenote_active":false,"_monsterinsights_sitenote_note":"","_monsterinsights_sitenote_category":0},"product_brand":[43],"product_cat":[4760,4932,4713],"product_tag":[],"class_list":{"0":"post-78566","1":"product","2":"type-product","3":"status-publish","4":"has-post-thumbnail","6":"product_supplier-a403","7":"product_material-polyester","8":"product_brand-kimood","9":"product_cat-document-tassen","10":"product_cat-document-tassen-laptop-rugtassen","11":"product_cat-tassen","12":"entry","14":"first","15":"instock","16":"taxable","17":"shipping-taxable","18":"purchasable","19":"product-type-variable"},"acf":{"imprint_cost":[{"imprint_cost_key":"33483b79de35c41f6a5968127e3727b83ce2fe0b","product_quantity_price_range":[{"imprint_cost_recommended_selling_price":"0","imprint_cost_recommended_selling_quantity":"1"}],"product_quantity_price_range_buying":false,"imprint_cost_setup_costs":"","imprint_cost_handling_costs":""}]},"aioseo_notices":[],"aioseo_head":"\n\t\t<!-- All in One SEO Pro 4.9.6.2 - aioseo.com -->\n\t<meta name=\"description\" content=\"F\u00fcr Meetings &amp; Reisen: gepolstertes 15 Zoll Laptopfach, viele Rei\u00dfverschlussf\u00e4cher und Trolleyband geben dir Struktur unterwegs. Du kannst den KI0936 als Business Rucksack bedrucken; als Laptop Rucksack mit Logo veredelt Hidalgo dein Branding. One-size.\" \/>\n\t<meta name=\"robots\" content=\"max-image-preview:large\" \/>\n\t<link rel=\"canonical\" href=\"https:\/\/hidalgo.nl\/de\/wp-json\/wp\/v2\/product\/78566\" \/>\n\t<meta name=\"generator\" content=\"All in One SEO Pro (AIOSEO) 4.9.6.2\" \/>\n\t\t<meta property=\"og:locale\" content=\"de_DE\" \/>\n\t\t<meta property=\"og:site_name\" content=\"Hidalgo -\" \/>\n\t\t<meta property=\"og:type\" content=\"article\" \/>\n\t\t<meta property=\"og:title\" content=\"Business Rucksack bedrucken KI0936 Laptop Trolley One-size\" \/>\n\t\t<meta property=\"og:description\" content=\"F\u00fcr Meetings &amp; Reisen: gepolstertes 15 Zoll Laptopfach, viele Rei\u00dfverschlussf\u00e4cher und Trolleyband geben dir Struktur unterwegs. Du kannst den KI0936 als Business Rucksack bedrucken; als Laptop Rucksack mit Logo veredelt Hidalgo dein Branding. One-size.\" \/>\n\t\t<meta property=\"og:url\" content=\"https:\/\/hidalgo.nl\/de\/wp-json\/wp\/v2\/product\/78566\" \/>\n\t\t<meta property=\"og:image\" content=\"https:\/\/shop.hidalgo.nl\/wp-content\/uploads\/2025\/11\/cropped-Hidalgo-est1993.png\" \/>\n\t\t<meta property=\"og:image:secure_url\" content=\"https:\/\/shop.hidalgo.nl\/wp-content\/uploads\/2025\/11\/cropped-Hidalgo-est1993.png\" \/>\n\t\t<meta property=\"article:published_time\" content=\"2025-07-07T00:04:57+00:00\" \/>\n\t\t<meta property=\"article:modified_time\" content=\"2026-03-22T05:34:55+00:00\" \/>\n\t\t<meta name=\"twitter:card\" content=\"summary_large_image\" \/>\n\t\t<meta name=\"twitter:title\" content=\"Business Rucksack bedrucken KI0936 Laptop Trolley One-size\" \/>\n\t\t<meta name=\"twitter:description\" content=\"F\u00fcr Meetings &amp; Reisen: gepolstertes 15 Zoll Laptopfach, viele Rei\u00dfverschlussf\u00e4cher und Trolleyband geben dir Struktur unterwegs. Du kannst den KI0936 als Business Rucksack bedrucken; als Laptop Rucksack mit Logo veredelt Hidalgo dein Branding. One-size.\" \/>\n\t\t<meta name=\"twitter:image\" content=\"https:\/\/shop.hidalgo.nl\/wp-content\/uploads\/2025\/11\/cropped-Hidalgo-est1993.png\" \/>\n\t\t<script type=\"application\/ld+json\" class=\"aioseo-schema\">\n\t\t\t{\"@context\":\"https:\\\/\\\/schema.org\",\"@graph\":[{\"@type\":\"BreadcrumbList\",\"@id\":\"https:\\\/\\\/hidalgo.nl\\\/de\\\/product\\\/78566\\\/business-rucksack-bedrucken-ki0936-laptop-trolley-one-size\\\/#breadcrumblist\",\"itemListElement\":[{\"@type\":\"ListItem\",\"@id\":\"https:\\\/\\\/hidalgo.nl\\\/de\\\/#listItem\",\"position\":1,\"name\":\"Home\",\"item\":\"https:\\\/\\\/hidalgo.nl\\\/de\\\/\",\"nextItem\":{\"@type\":\"ListItem\",\"@id\":\"https:\\\/\\\/hidalgo.nl\\\/example\\\/#listItem\",\"name\":\"example\"}},{\"@type\":\"ListItem\",\"@id\":\"https:\\\/\\\/hidalgo.nl\\\/example\\\/#listItem\",\"position\":2,\"name\":\"example\",\"item\":\"https:\\\/\\\/hidalgo.nl\\\/example\\\/\",\"nextItem\":{\"@type\":\"ListItem\",\"@id\":\"https:\\\/\\\/hidalgo.nl\\\/en\\\/product-supplier\\\/a403\\\/#listItem\",\"name\":\"A403\"},\"previousItem\":{\"@type\":\"ListItem\",\"@id\":\"https:\\\/\\\/hidalgo.nl\\\/de\\\/#listItem\",\"name\":\"Home\"}},{\"@type\":\"ListItem\",\"@id\":\"https:\\\/\\\/hidalgo.nl\\\/en\\\/product-supplier\\\/a403\\\/#listItem\",\"position\":3,\"name\":\"A403\",\"item\":\"https:\\\/\\\/hidalgo.nl\\\/en\\\/product-supplier\\\/a403\\\/\",\"nextItem\":{\"@type\":\"ListItem\",\"@id\":\"https:\\\/\\\/hidalgo.nl\\\/de\\\/product\\\/78566\\\/business-rucksack-bedrucken-ki0936-laptop-trolley-one-size\\\/#listItem\",\"name\":\"KI0936 &#8211; Business rugzak met plaats voor een laptop\"},\"previousItem\":{\"@type\":\"ListItem\",\"@id\":\"https:\\\/\\\/hidalgo.nl\\\/example\\\/#listItem\",\"name\":\"example\"}},{\"@type\":\"ListItem\",\"@id\":\"https:\\\/\\\/hidalgo.nl\\\/de\\\/product\\\/78566\\\/business-rucksack-bedrucken-ki0936-laptop-trolley-one-size\\\/#listItem\",\"position\":4,\"name\":\"KI0936 &#8211; Business rugzak met plaats voor een laptop\",\"previousItem\":{\"@type\":\"ListItem\",\"@id\":\"https:\\\/\\\/hidalgo.nl\\\/en\\\/product-supplier\\\/a403\\\/#listItem\",\"name\":\"A403\"}}]},{\"@type\":\"Organization\",\"@id\":\"https:\\\/\\\/hidalgo.nl\\\/de\\\/#organization\",\"name\":\"Hidalgo\",\"url\":\"https:\\\/\\\/hidalgo.nl\\\/de\\\/\",\"logo\":{\"@type\":\"ImageObject\",\"url\":\"https:\\\/\\\/shop.hidalgo.nl\\\/wp-content\\\/uploads\\\/2025\\\/11\\\/cropped-Hidalgo-est1993.png\",\"@id\":\"https:\\\/\\\/hidalgo.nl\\\/de\\\/product\\\/78566\\\/business-rucksack-bedrucken-ki0936-laptop-trolley-one-size\\\/#organizationLogo\",\"width\":585,\"height\":195},\"image\":{\"@id\":\"https:\\\/\\\/hidalgo.nl\\\/de\\\/product\\\/78566\\\/business-rucksack-bedrucken-ki0936-laptop-trolley-one-size\\\/#organizationLogo\"}},{\"@type\":\"ProductGroup\",\"@id\":\"https:\\\/\\\/hidalgo.nl\\\/de\\\/product\\\/78566\\\/business-rucksack-bedrucken-ki0936-laptop-trolley-one-size\\\/#wooCommerceProduct\",\"name\":\"Business Rucksack bedrucken KI0936 Laptop Trolley One-size\",\"url\":\"https:\\\/\\\/hidalgo.nl\\\/de\\\/product\\\/78566\\\/business-rucksack-bedrucken-ki0936-laptop-trolley-one-size\\\/\",\"brand\":{\"@type\":\"Brand\",\"name\":\"Kimood\"},\"sku\":\"A403-KI0936\",\"image\":{\"@type\":\"ImageObject\",\"url\":\"https:\\\/\\\/shop.hidalgo.nl\\\/wp-content\\\/uploads\\\/2025\\\/07\\\/9b685282635b8f5a80ace93961f25d8b964dbf4bae65ba3c5127d7568b60795c.png\",\"@id\":\"https:\\\/\\\/hidalgo.nl\\\/de\\\/product\\\/78566\\\/business-rucksack-bedrucken-ki0936-laptop-trolley-one-size\\\/#productImage\",\"width\":1000,\"height\":1000},\"productGroupID\":78566,\"hasVariant\":[{\"@type\":\"Product\",\"@id\":\"https:\\\/\\\/hidalgo.nl\\\/de\\\/product\\\/78566\\\/business-rucksack-bedrucken-ki0936-laptop-trolley-one-size\\\/#wooCommerceProduct\",\"name\":\"KI0936 - Business rugzak met plaats voor een laptop - , black\",\"url\":\"https:\\\/\\\/hidalgo.nl\\\/de\\\/product\\\/78566\\\/business-rucksack-bedrucken-ki0936-laptop-trolley-one-size\\\/\",\"sku\":\"A403-KI0936_85606_85605\",\"gtin\":\"3663639129527\",\"image\":{\"@type\":\"ImageObject\",\"url\":\"https:\\\/\\\/shop.hidalgo.nl\\\/wp-content\\\/uploads\\\/2025\\\/07\\\/9b685282635b8f5a80ace93961f25d8b964dbf4bae65ba3c5127d7568b60795c.png\",\"@id\":\"https:\\\/\\\/hidalgo.nl\\\/de\\\/product\\\/78566\\\/business-rucksack-bedrucken-ki0936-laptop-trolley-one-size\\\/#productImage\",\"width\":1000,\"height\":1000},\"offers\":{\"@type\":\"Offer\",\"url\":\"https:\\\/\\\/hidalgo.nl\\\/de\\\/product\\\/78566\\\/business-rucksack-bedrucken-ki0936-laptop-trolley-one-size\\\/#wooCommerceOffer\",\"price\":\"24.58\",\"priceCurrency\":\"EUR\",\"category\":\"Tassen\",\"availability\":\"https:\\\/\\\/schema.org\\\/InStock\",\"priceSpecification\":{\"@type\":\"PriceSpecification\",\"price\":24.58,\"priceCurrency\":\"EUR\",\"valueAddedTaxIncluded\":\"true\"}}}]},{\"@type\":\"WebPage\",\"@id\":\"https:\\\/\\\/hidalgo.nl\\\/de\\\/product\\\/78566\\\/business-rucksack-bedrucken-ki0936-laptop-trolley-one-size\\\/#webpage\",\"url\":\"https:\\\/\\\/hidalgo.nl\\\/de\\\/product\\\/78566\\\/business-rucksack-bedrucken-ki0936-laptop-trolley-one-size\\\/\",\"name\":\"Business Rucksack bedrucken KI0936 Laptop Trolley One-size\",\"description\":\"F\\u00fcr Meetings & Reisen: gepolstertes 15 Zoll Laptopfach, viele Rei\\u00dfverschlussf\\u00e4cher und Trolleyband geben dir Struktur unterwegs. Du kannst den KI0936 als Business Rucksack bedrucken; als Laptop Rucksack mit Logo veredelt Hidalgo dein Branding. One-size.\",\"inLanguage\":\"de-DE\",\"isPartOf\":{\"@id\":\"https:\\\/\\\/hidalgo.nl\\\/de\\\/#website\"},\"breadcrumb\":{\"@id\":\"https:\\\/\\\/hidalgo.nl\\\/de\\\/product\\\/78566\\\/business-rucksack-bedrucken-ki0936-laptop-trolley-one-size\\\/#breadcrumblist\"},\"image\":{\"@type\":\"ImageObject\",\"url\":\"https:\\\/\\\/shop.hidalgo.nl\\\/wp-content\\\/uploads\\\/2025\\\/07\\\/9b685282635b8f5a80ace93961f25d8b964dbf4bae65ba3c5127d7568b60795c.png\",\"@id\":\"https:\\\/\\\/hidalgo.nl\\\/de\\\/product\\\/78566\\\/business-rucksack-bedrucken-ki0936-laptop-trolley-one-size\\\/#mainImage\",\"width\":1000,\"height\":1000},\"primaryImageOfPage\":{\"@id\":\"https:\\\/\\\/hidalgo.nl\\\/de\\\/product\\\/78566\\\/business-rucksack-bedrucken-ki0936-laptop-trolley-one-size\\\/#mainImage\"},\"datePublished\":\"2025-07-07T00:04:57+00:00\",\"dateModified\":\"2026-03-22T05:34:55+00:00\"},{\"@type\":\"WebSite\",\"@id\":\"https:\\\/\\\/hidalgo.nl\\\/de\\\/#website\",\"url\":\"https:\\\/\\\/hidalgo.nl\\\/de\\\/\",\"name\":\"Hidalgo\",\"inLanguage\":\"de-DE\",\"publisher\":{\"@id\":\"https:\\\/\\\/hidalgo.nl\\\/de\\\/#organization\"}}]}\n\t\t<\/script>\n\t\t<!-- All in One SEO Pro -->\r\n\t\t<title>Business Rucksack bedrucken KI0936 Laptop Trolley One-size<\/title>\n\n","aioseo_head_json":{"title":"Business Rucksack bedrucken KI0936 Laptop Trolley One-size","description":"F\u00fcr Meetings & Reisen: gepolstertes 15 Zoll Laptopfach, viele Rei\u00dfverschlussf\u00e4cher und Trolleyband geben dir Struktur unterwegs. Du kannst den KI0936 als Business Rucksack bedrucken; als Laptop Rucksack mit Logo veredelt Hidalgo dein Branding. One-size.","canonical_url":"https:\/\/hidalgo.nl\/de\/wp-json\/wp\/v2\/product\/78566","robots":"max-image-preview:large","keywords":"","webmasterTools":{"miscellaneous":""},"schema":{"@context":"https:\/\/schema.org","@graph":[{"@type":"BreadcrumbList","@id":"https:\/\/hidalgo.nl\/de\/product\/78566\/business-rucksack-bedrucken-ki0936-laptop-trolley-one-size\/#breadcrumblist","itemListElement":[{"@type":"ListItem","@id":"https:\/\/hidalgo.nl\/de\/#listItem","position":1,"name":"Home","item":"https:\/\/hidalgo.nl\/de\/","nextItem":{"@type":"ListItem","@id":"https:\/\/hidalgo.nl\/example\/#listItem","name":"example"}},{"@type":"ListItem","@id":"https:\/\/hidalgo.nl\/example\/#listItem","position":2,"name":"example","item":"https:\/\/hidalgo.nl\/example\/","nextItem":{"@type":"ListItem","@id":"https:\/\/hidalgo.nl\/en\/product-supplier\/a403\/#listItem","name":"A403"},"previousItem":{"@type":"ListItem","@id":"https:\/\/hidalgo.nl\/de\/#listItem","name":"Home"}},{"@type":"ListItem","@id":"https:\/\/hidalgo.nl\/en\/product-supplier\/a403\/#listItem","position":3,"name":"A403","item":"https:\/\/hidalgo.nl\/en\/product-supplier\/a403\/","nextItem":{"@type":"ListItem","@id":"https:\/\/hidalgo.nl\/de\/product\/78566\/business-rucksack-bedrucken-ki0936-laptop-trolley-one-size\/#listItem","name":"KI0936 &#8211; Business rugzak met plaats voor een laptop"},"previousItem":{"@type":"ListItem","@id":"https:\/\/hidalgo.nl\/example\/#listItem","name":"example"}},{"@type":"ListItem","@id":"https:\/\/hidalgo.nl\/de\/product\/78566\/business-rucksack-bedrucken-ki0936-laptop-trolley-one-size\/#listItem","position":4,"name":"KI0936 &#8211; Business rugzak met plaats voor een laptop","previousItem":{"@type":"ListItem","@id":"https:\/\/hidalgo.nl\/en\/product-supplier\/a403\/#listItem","name":"A403"}}]},{"@type":"Organization","@id":"https:\/\/hidalgo.nl\/de\/#organization","name":"Hidalgo","url":"https:\/\/hidalgo.nl\/de\/","logo":{"@type":"ImageObject","url":"https:\/\/shop.hidalgo.nl\/wp-content\/uploads\/2025\/11\/cropped-Hidalgo-est1993.png","@id":"https:\/\/hidalgo.nl\/de\/product\/78566\/business-rucksack-bedrucken-ki0936-laptop-trolley-one-size\/#organizationLogo","width":585,"height":195},"image":{"@id":"https:\/\/hidalgo.nl\/de\/product\/78566\/business-rucksack-bedrucken-ki0936-laptop-trolley-one-size\/#organizationLogo"}},{"@type":"ProductGroup","@id":"https:\/\/hidalgo.nl\/de\/product\/78566\/business-rucksack-bedrucken-ki0936-laptop-trolley-one-size\/#wooCommerceProduct","name":"Business Rucksack bedrucken KI0936 Laptop Trolley One-size","url":"https:\/\/hidalgo.nl\/de\/product\/78566\/business-rucksack-bedrucken-ki0936-laptop-trolley-one-size\/","brand":{"@type":"Brand","name":"Kimood"},"sku":"A403-KI0936","image":{"@type":"ImageObject","url":"https:\/\/shop.hidalgo.nl\/wp-content\/uploads\/2025\/07\/9b685282635b8f5a80ace93961f25d8b964dbf4bae65ba3c5127d7568b60795c.png","@id":"https:\/\/hidalgo.nl\/de\/product\/78566\/business-rucksack-bedrucken-ki0936-laptop-trolley-one-size\/#productImage","width":1000,"height":1000},"productGroupID":78566,"hasVariant":[{"@type":"Product","@id":"https:\/\/hidalgo.nl\/de\/product\/78566\/business-rucksack-bedrucken-ki0936-laptop-trolley-one-size\/#wooCommerceProduct","name":"KI0936 - Business rugzak met plaats voor een laptop - , black","url":"https:\/\/hidalgo.nl\/de\/product\/78566\/business-rucksack-bedrucken-ki0936-laptop-trolley-one-size\/","sku":"A403-KI0936_85606_85605","gtin":"3663639129527","image":{"@type":"ImageObject","url":"https:\/\/shop.hidalgo.nl\/wp-content\/uploads\/2025\/07\/9b685282635b8f5a80ace93961f25d8b964dbf4bae65ba3c5127d7568b60795c.png","@id":"https:\/\/hidalgo.nl\/de\/product\/78566\/business-rucksack-bedrucken-ki0936-laptop-trolley-one-size\/#productImage","width":1000,"height":1000},"offers":{"@type":"Offer","url":"https:\/\/hidalgo.nl\/de\/product\/78566\/business-rucksack-bedrucken-ki0936-laptop-trolley-one-size\/#wooCommerceOffer","price":"24.58","priceCurrency":"EUR","category":"Tassen","availability":"https:\/\/schema.org\/InStock","priceSpecification":{"@type":"PriceSpecification","price":24.58,"priceCurrency":"EUR","valueAddedTaxIncluded":"true"}}}]},{"@type":"WebPage","@id":"https:\/\/hidalgo.nl\/de\/product\/78566\/business-rucksack-bedrucken-ki0936-laptop-trolley-one-size\/#webpage","url":"https:\/\/hidalgo.nl\/de\/product\/78566\/business-rucksack-bedrucken-ki0936-laptop-trolley-one-size\/","name":"Business Rucksack bedrucken KI0936 Laptop Trolley One-size","description":"F\u00fcr Meetings & Reisen: gepolstertes 15 Zoll Laptopfach, viele Rei\u00dfverschlussf\u00e4cher und Trolleyband geben dir Struktur unterwegs. Du kannst den KI0936 als Business Rucksack bedrucken; als Laptop Rucksack mit Logo veredelt Hidalgo dein Branding. One-size.","inLanguage":"de-DE","isPartOf":{"@id":"https:\/\/hidalgo.nl\/de\/#website"},"breadcrumb":{"@id":"https:\/\/hidalgo.nl\/de\/product\/78566\/business-rucksack-bedrucken-ki0936-laptop-trolley-one-size\/#breadcrumblist"},"image":{"@type":"ImageObject","url":"https:\/\/shop.hidalgo.nl\/wp-content\/uploads\/2025\/07\/9b685282635b8f5a80ace93961f25d8b964dbf4bae65ba3c5127d7568b60795c.png","@id":"https:\/\/hidalgo.nl\/de\/product\/78566\/business-rucksack-bedrucken-ki0936-laptop-trolley-one-size\/#mainImage","width":1000,"height":1000},"primaryImageOfPage":{"@id":"https:\/\/hidalgo.nl\/de\/product\/78566\/business-rucksack-bedrucken-ki0936-laptop-trolley-one-size\/#mainImage"},"datePublished":"2025-07-07T00:04:57+00:00","dateModified":"2026-03-22T05:34:55+00:00"},{"@type":"WebSite","@id":"https:\/\/hidalgo.nl\/de\/#website","url":"https:\/\/hidalgo.nl\/de\/","name":"Hidalgo","inLanguage":"de-DE","publisher":{"@id":"https:\/\/hidalgo.nl\/de\/#organization"}}]},"og:locale":"de_DE","og:site_name":"Hidalgo -","og:type":"article","og:title":"Business Rucksack bedrucken KI0936 Laptop Trolley One-size","og:description":"F\u00fcr Meetings &amp; Reisen: gepolstertes 15 Zoll Laptopfach, viele Rei\u00dfverschlussf\u00e4cher und Trolleyband geben dir Struktur unterwegs. Du kannst den KI0936 als Business Rucksack bedrucken; als Laptop Rucksack mit Logo veredelt Hidalgo dein Branding. One-size.","og:url":"https:\/\/hidalgo.nl\/de\/wp-json\/wp\/v2\/product\/78566","og:image":"https:\/\/shop.hidalgo.nl\/wp-content\/uploads\/2025\/11\/cropped-Hidalgo-est1993.png","og:image:secure_url":"https:\/\/shop.hidalgo.nl\/wp-content\/uploads\/2025\/11\/cropped-Hidalgo-est1993.png","article:published_time":"2025-07-07T00:04:57+00:00","article:modified_time":"2026-03-22T05:34:55+00:00","twitter:card":"summary_large_image","twitter:title":"Business Rucksack bedrucken KI0936 Laptop Trolley One-size","twitter:description":"F\u00fcr Meetings &amp; Reisen: gepolstertes 15 Zoll Laptopfach, viele Rei\u00dfverschlussf\u00e4cher und Trolleyband geben dir Struktur unterwegs. Du kannst den KI0936 als Business Rucksack bedrucken; als Laptop Rucksack mit Logo veredelt Hidalgo dein Branding. One-size.","twitter:image":"https:\/\/shop.hidalgo.nl\/wp-content\/uploads\/2025\/11\/cropped-Hidalgo-est1993.png"},"aioseo_meta_data":{"post_id":"78566","title":null,"description":null,"keywords":null,"keyphrases":null,"primary_term":null,"canonical_url":null,"og_title":null,"og_description":null,"og_object_type":"default","og_image_type":"default","og_image_url":null,"og_image_width":null,"og_image_height":null,"og_image_custom_url":null,"og_image_custom_fields":null,"og_video":null,"og_custom_url":null,"og_article_section":null,"og_article_tags":null,"twitter_use_og":false,"twitter_card":"default","twitter_image_type":"default","twitter_image_url":null,"twitter_image_custom_url":null,"twitter_image_custom_fields":null,"twitter_title":null,"twitter_description":null,"schema":{"blockGraphs":[],"customGraphs":[],"default":{"data":{"Article":[],"Course":[],"Dataset":[],"FAQPage":[],"Movie":[],"Person":[],"Product":[],"ProductReview":[],"Car":[],"Recipe":[],"Service":[],"SoftwareApplication":[],"WebPage":[]},"graphName":"","isEnabled":true},"graphs":[]},"schema_type":"default","schema_type_options":null,"pillar_content":false,"robots_default":true,"robots_noindex":false,"robots_noarchive":false,"robots_nosnippet":false,"robots_nofollow":false,"robots_noimageindex":false,"robots_noodp":false,"robots_notranslate":false,"robots_max_snippet":null,"robots_max_videopreview":null,"robots_max_imagepreview":"large","priority":null,"frequency":null,"local_seo":null,"seo_analyzer_scan_date":"2026-01-20 15:43:49","breadcrumb_settings":null,"limit_modified_date":false,"reviewed_by":null,"open_ai":null,"ai":null,"created":"2026-01-14 06:25:29","updated":"2026-04-22 19:27:53"},"aioseo_breadcrumb":"<div class=\"aioseo-breadcrumbs\"><span class=\"aioseo-breadcrumb\">\n\t<a href=\"https:\/\/hidalgo.nl\/de\/\" title=\"Home\">Home<\/a>\n<\/span><span class=\"aioseo-breadcrumb-separator\">\u00bb<\/span><span class=\"aioseo-breadcrumb\">\n\t<a href=\"https:\/\/hidalgo.nl\/example\/\" title=\"example\">example<\/a>\n<\/span><span class=\"aioseo-breadcrumb-separator\">\u00bb<\/span><span class=\"aioseo-breadcrumb\">\n\t<a href=\"https:\/\/hidalgo.nl\/en\/product-supplier\/a403\/\" title=\"A403\">A403<\/a>\n<\/span><span class=\"aioseo-breadcrumb-separator\">\u00bb<\/span><span class=\"aioseo-breadcrumb\">\n\tKI0936 \u2013 Business rugzak met plaats voor een laptop\n<\/span><\/div>","aioseo_breadcrumb_json":[{"label":"Home","link":"https:\/\/hidalgo.nl\/de\/"},{"label":"example","link":"https:\/\/hidalgo.nl\/example\/"},{"label":"A403","link":"https:\/\/hidalgo.nl\/en\/product-supplier\/a403\/"},{"label":"KI0936 &#8211; Business rugzak met plaats voor een laptop","link":"https:\/\/hidalgo.nl\/de\/product\/78566\/business-rucksack-bedrucken-ki0936-laptop-trolley-one-size\/"}],"_links":{"self":[{"href":"https:\/\/hidalgo.nl\/de\/wp-json\/wp\/v2\/product\/78566","targetHints":{"allow":["GET"]}}],"collection":[{"href":"https:\/\/hidalgo.nl\/de\/wp-json\/wp\/v2\/product"}],"about":[{"href":"https:\/\/hidalgo.nl\/de\/wp-json\/wp\/v2\/types\/product"}],"wp:featuredmedia":[{"embeddable":true,"href":"https:\/\/hidalgo.nl\/de\/wp-json\/wp\/v2\/media\/78569"}],"wp:attachment":[{"href":"https:\/\/hidalgo.nl\/de\/wp-json\/wp\/v2\/media?parent=78566"}],"wp:term":[{"taxonomy":"product_brand","embeddable":true,"href":"https:\/\/hidalgo.nl\/de\/wp-json\/wp\/v2\/product_brand?post=78566"},{"taxonomy":"product_cat","embeddable":true,"href":"https:\/\/hidalgo.nl\/de\/wp-json\/wp\/v2\/product_cat?post=78566"},{"taxonomy":"product_tag","embeddable":true,"href":"https:\/\/hidalgo.nl\/de\/wp-json\/wp\/v2\/product_tag?post=78566"}],"curies":[{"name":"wp","href":"https:\/\/api.w.org\/{rel}","templated":true}]}}