{"id":78548,"date":"2025-07-07T00:04:20","date_gmt":"2025-07-07T00:04:20","guid":{"rendered":"http:\/\/bidonsenshakers.pim.hidalgo.nl\/product\/ki0933-business-rugzak-met-plaats-voor-een-laptop\/"},"modified":"2026-03-22T05:33:19","modified_gmt":"2026-03-22T05:33:19","slug":"ki0933-business-rugzak-met-plaats-voor-een-laptop","status":"publish","type":"product","link":"https:\/\/hidalgo.nl\/de\/product\/78548\/laptop-rucksack-bedrucken-15-zoll-usb-c-gepolstert-one-size\/","title":{"rendered":"KI0933 &#8211; Business rugzak met plaats voor een laptop"},"content":{"rendered":"<p>100% polyester. Werkrugzak in polyester, met contrasterende materialen. Grote ritszak aan de voorkant. Groot hoofdvak voor documenten met twee meshzakken. Achteraan een gewatteerd vak voor een laptop (max. 15\u00a0inch) en een tablet. Zijtasje voor een bidon. Externe type C-connector met interne kabel voor de powerbank. Klittenbandriem op de achterkant om de rugzak te bevestigen aan de handgreep van een koffer. Gewatteerde en ademende achterkant en schouderriemen.<\/p>\n","protected":false},"excerpt":{"rendered":"<p>100% polyester. Werkrugzak in polyester, met contrasterende materialen. Grote ritszak aan de voorkant. Groot hoofdvak voor documenten met twee meshzakken. Achteraan een gewatteerd vak voor een laptop (max. 15\u00a0inch) en een tablet. Zijtasje voor een bidon. Externe type C-connector met interne kabel voor de powerbank. Klittenbandriem op de achterkant om de rugzak te bevestigen aan&hellip; <a class=\"more-link\" href=\"https:\/\/hidalgo.nl\/de\/product\/78548\/laptop-rucksack-bedrucken-15-zoll-usb-c-gepolstert-one-size\/\"><span class=\"screen-reader-text\">KI0933 &#8211; Business rugzak met plaats voor een laptop<\/span> weiterlesen<\/a><\/p>\n","protected":false},"featured_media":78551,"template":"","meta":{"_acf_changed":false,"om_disable_all_campaigns":false,"_monsterinsights_skip_tracking":false,"_monsterinsights_sitenote_active":false,"_monsterinsights_sitenote_note":"","_monsterinsights_sitenote_category":0},"product_brand":[43],"product_cat":[4760,4932,4713],"product_tag":[],"class_list":{"0":"post-78548","1":"product","2":"type-product","3":"status-publish","4":"has-post-thumbnail","6":"product_supplier-a403","7":"product_material-polyester","8":"product_brand-kimood","9":"product_cat-document-tassen","10":"product_cat-document-tassen-laptop-rugtassen","11":"product_cat-tassen","12":"entry","14":"first","15":"instock","16":"taxable","17":"shipping-taxable","18":"purchasable","19":"product-type-variable"},"acf":{"imprint_cost":[{"imprint_cost_key":"33483b79de35c41f6a5968127e3727b83ce2fe0b","product_quantity_price_range":[{"imprint_cost_recommended_selling_price":"0","imprint_cost_recommended_selling_quantity":"1"}],"product_quantity_price_range_buying":false,"imprint_cost_setup_costs":"","imprint_cost_handling_costs":""}]},"aioseo_notices":[],"aioseo_head":"\n\t\t<!-- All in One SEO Pro 4.9.6.2 - aioseo.com -->\n\t<meta name=\"description\" content=\"Transportiere deinen 15-Zoll-Laptop sicher im gepolsterten Fach und lade unterwegs \u00fcber USB-C. Perfekt, wenn du einen Laptop Rucksack bedrucken und Rucks\u00e4cke mit Logo bestellen willst: Hidalgo setzt dein Branding pr\u00e4zise um, ideal f\u00fcr Teams und Events. Gr\u00f6\u00dfe: One-size.\" \/>\n\t<meta name=\"robots\" content=\"max-image-preview:large\" \/>\n\t<link rel=\"canonical\" href=\"https:\/\/hidalgo.nl\/de\/wp-json\/wp\/v2\/product\/78548\" \/>\n\t<meta name=\"generator\" content=\"All in One SEO Pro (AIOSEO) 4.9.6.2\" \/>\n\t\t<meta property=\"og:locale\" content=\"de_DE\" \/>\n\t\t<meta property=\"og:site_name\" content=\"Hidalgo -\" \/>\n\t\t<meta property=\"og:type\" content=\"article\" \/>\n\t\t<meta property=\"og:title\" content=\"Laptop Rucksack bedrucken 15 Zoll USB C gepolstert One-size\" \/>\n\t\t<meta property=\"og:description\" content=\"Transportiere deinen 15-Zoll-Laptop sicher im gepolsterten Fach und lade unterwegs \u00fcber USB-C. Perfekt, wenn du einen Laptop Rucksack bedrucken und Rucks\u00e4cke mit Logo bestellen willst: Hidalgo setzt dein Branding pr\u00e4zise um, ideal f\u00fcr Teams und Events. Gr\u00f6\u00dfe: One-size.\" \/>\n\t\t<meta property=\"og:url\" content=\"https:\/\/hidalgo.nl\/de\/wp-json\/wp\/v2\/product\/78548\" \/>\n\t\t<meta property=\"og:image\" content=\"https:\/\/shop.hidalgo.nl\/wp-content\/uploads\/2025\/11\/cropped-Hidalgo-est1993.png\" \/>\n\t\t<meta property=\"og:image:secure_url\" content=\"https:\/\/shop.hidalgo.nl\/wp-content\/uploads\/2025\/11\/cropped-Hidalgo-est1993.png\" \/>\n\t\t<meta property=\"article:published_time\" content=\"2025-07-07T00:04:20+00:00\" \/>\n\t\t<meta property=\"article:modified_time\" content=\"2026-03-22T05:33:19+00:00\" \/>\n\t\t<meta name=\"twitter:card\" content=\"summary_large_image\" \/>\n\t\t<meta name=\"twitter:title\" content=\"Laptop Rucksack bedrucken 15 Zoll USB C gepolstert One-size\" \/>\n\t\t<meta name=\"twitter:description\" content=\"Transportiere deinen 15-Zoll-Laptop sicher im gepolsterten Fach und lade unterwegs \u00fcber USB-C. Perfekt, wenn du einen Laptop Rucksack bedrucken und Rucks\u00e4cke mit Logo bestellen willst: Hidalgo setzt dein Branding pr\u00e4zise um, ideal f\u00fcr Teams und Events. Gr\u00f6\u00dfe: One-size.\" \/>\n\t\t<meta name=\"twitter:image\" content=\"https:\/\/shop.hidalgo.nl\/wp-content\/uploads\/2025\/11\/cropped-Hidalgo-est1993.png\" \/>\n\t\t<script type=\"application\/ld+json\" class=\"aioseo-schema\">\n\t\t\t{\"@context\":\"https:\\\/\\\/schema.org\",\"@graph\":[{\"@type\":\"BreadcrumbList\",\"@id\":\"https:\\\/\\\/hidalgo.nl\\\/de\\\/product\\\/78548\\\/laptop-rucksack-bedrucken-15-zoll-usb-c-gepolstert-one-size\\\/#breadcrumblist\",\"itemListElement\":[{\"@type\":\"ListItem\",\"@id\":\"https:\\\/\\\/hidalgo.nl\\\/de\\\/#listItem\",\"position\":1,\"name\":\"Home\",\"item\":\"https:\\\/\\\/hidalgo.nl\\\/de\\\/\",\"nextItem\":{\"@type\":\"ListItem\",\"@id\":\"https:\\\/\\\/hidalgo.nl\\\/example\\\/#listItem\",\"name\":\"example\"}},{\"@type\":\"ListItem\",\"@id\":\"https:\\\/\\\/hidalgo.nl\\\/example\\\/#listItem\",\"position\":2,\"name\":\"example\",\"item\":\"https:\\\/\\\/hidalgo.nl\\\/example\\\/\",\"nextItem\":{\"@type\":\"ListItem\",\"@id\":\"https:\\\/\\\/hidalgo.nl\\\/en\\\/product-supplier\\\/a403\\\/#listItem\",\"name\":\"A403\"},\"previousItem\":{\"@type\":\"ListItem\",\"@id\":\"https:\\\/\\\/hidalgo.nl\\\/de\\\/#listItem\",\"name\":\"Home\"}},{\"@type\":\"ListItem\",\"@id\":\"https:\\\/\\\/hidalgo.nl\\\/en\\\/product-supplier\\\/a403\\\/#listItem\",\"position\":3,\"name\":\"A403\",\"item\":\"https:\\\/\\\/hidalgo.nl\\\/en\\\/product-supplier\\\/a403\\\/\",\"nextItem\":{\"@type\":\"ListItem\",\"@id\":\"https:\\\/\\\/hidalgo.nl\\\/de\\\/product\\\/78548\\\/laptop-rucksack-bedrucken-15-zoll-usb-c-gepolstert-one-size\\\/#listItem\",\"name\":\"KI0933 &#8211; Business rugzak met plaats voor een laptop\"},\"previousItem\":{\"@type\":\"ListItem\",\"@id\":\"https:\\\/\\\/hidalgo.nl\\\/example\\\/#listItem\",\"name\":\"example\"}},{\"@type\":\"ListItem\",\"@id\":\"https:\\\/\\\/hidalgo.nl\\\/de\\\/product\\\/78548\\\/laptop-rucksack-bedrucken-15-zoll-usb-c-gepolstert-one-size\\\/#listItem\",\"position\":4,\"name\":\"KI0933 &#8211; Business rugzak met plaats voor een laptop\",\"previousItem\":{\"@type\":\"ListItem\",\"@id\":\"https:\\\/\\\/hidalgo.nl\\\/en\\\/product-supplier\\\/a403\\\/#listItem\",\"name\":\"A403\"}}]},{\"@type\":\"Organization\",\"@id\":\"https:\\\/\\\/hidalgo.nl\\\/de\\\/#organization\",\"name\":\"Hidalgo\",\"url\":\"https:\\\/\\\/hidalgo.nl\\\/de\\\/\",\"logo\":{\"@type\":\"ImageObject\",\"url\":\"https:\\\/\\\/shop.hidalgo.nl\\\/wp-content\\\/uploads\\\/2025\\\/11\\\/cropped-Hidalgo-est1993.png\",\"@id\":\"https:\\\/\\\/hidalgo.nl\\\/de\\\/product\\\/78548\\\/laptop-rucksack-bedrucken-15-zoll-usb-c-gepolstert-one-size\\\/#organizationLogo\",\"width\":585,\"height\":195},\"image\":{\"@id\":\"https:\\\/\\\/hidalgo.nl\\\/de\\\/product\\\/78548\\\/laptop-rucksack-bedrucken-15-zoll-usb-c-gepolstert-one-size\\\/#organizationLogo\"}},{\"@type\":\"ProductGroup\",\"@id\":\"https:\\\/\\\/hidalgo.nl\\\/de\\\/product\\\/78548\\\/laptop-rucksack-bedrucken-15-zoll-usb-c-gepolstert-one-size\\\/#wooCommerceProduct\",\"name\":\"Laptop Rucksack bedrucken 15 Zoll USB C gepolstert One-size\",\"url\":\"https:\\\/\\\/hidalgo.nl\\\/de\\\/product\\\/78548\\\/laptop-rucksack-bedrucken-15-zoll-usb-c-gepolstert-one-size\\\/\",\"brand\":{\"@type\":\"Brand\",\"name\":\"Kimood\"},\"sku\":\"A403-KI0933\",\"image\":{\"@type\":\"ImageObject\",\"url\":\"https:\\\/\\\/shop.hidalgo.nl\\\/wp-content\\\/uploads\\\/2025\\\/07\\\/12599195f2a17d0b34719370022d1115caaba4e3685f903e05b75e6ac0431562.png\",\"@id\":\"https:\\\/\\\/hidalgo.nl\\\/de\\\/product\\\/78548\\\/laptop-rucksack-bedrucken-15-zoll-usb-c-gepolstert-one-size\\\/#productImage\",\"width\":1000,\"height\":1000},\"productGroupID\":78548,\"hasVariant\":[{\"@type\":\"Product\",\"@id\":\"https:\\\/\\\/hidalgo.nl\\\/de\\\/product\\\/78548\\\/laptop-rucksack-bedrucken-15-zoll-usb-c-gepolstert-one-size\\\/#wooCommerceProduct\",\"name\":\"KI0933 - Business rugzak met plaats voor een laptop - , black\",\"url\":\"https:\\\/\\\/hidalgo.nl\\\/de\\\/product\\\/78548\\\/laptop-rucksack-bedrucken-15-zoll-usb-c-gepolstert-one-size\\\/\",\"sku\":\"A403-KI0933_85601_85600\",\"gtin\":\"3663639128711\",\"image\":{\"@type\":\"ImageObject\",\"url\":\"https:\\\/\\\/shop.hidalgo.nl\\\/wp-content\\\/uploads\\\/2025\\\/07\\\/12599195f2a17d0b34719370022d1115caaba4e3685f903e05b75e6ac0431562.png\",\"@id\":\"https:\\\/\\\/hidalgo.nl\\\/de\\\/product\\\/78548\\\/laptop-rucksack-bedrucken-15-zoll-usb-c-gepolstert-one-size\\\/#productImage\",\"width\":1000,\"height\":1000},\"offers\":{\"@type\":\"Offer\",\"url\":\"https:\\\/\\\/hidalgo.nl\\\/de\\\/product\\\/78548\\\/laptop-rucksack-bedrucken-15-zoll-usb-c-gepolstert-one-size\\\/#wooCommerceOffer\",\"price\":\"27.88\",\"priceCurrency\":\"EUR\",\"category\":\"Tassen\",\"availability\":\"https:\\\/\\\/schema.org\\\/InStock\",\"priceSpecification\":{\"@type\":\"PriceSpecification\",\"price\":27.88,\"priceCurrency\":\"EUR\",\"valueAddedTaxIncluded\":\"true\"}}}]},{\"@type\":\"WebPage\",\"@id\":\"https:\\\/\\\/hidalgo.nl\\\/de\\\/product\\\/78548\\\/laptop-rucksack-bedrucken-15-zoll-usb-c-gepolstert-one-size\\\/#webpage\",\"url\":\"https:\\\/\\\/hidalgo.nl\\\/de\\\/product\\\/78548\\\/laptop-rucksack-bedrucken-15-zoll-usb-c-gepolstert-one-size\\\/\",\"name\":\"Laptop Rucksack bedrucken 15 Zoll USB C gepolstert One-size\",\"description\":\"Transportiere deinen 15-Zoll-Laptop sicher im gepolsterten Fach und lade unterwegs \\u00fcber USB-C. Perfekt, wenn du einen Laptop Rucksack bedrucken und Rucks\\u00e4cke mit Logo bestellen willst: Hidalgo setzt dein Branding pr\\u00e4zise um, ideal f\\u00fcr Teams und Events. Gr\\u00f6\\u00dfe: One-size.\",\"inLanguage\":\"de-DE\",\"isPartOf\":{\"@id\":\"https:\\\/\\\/hidalgo.nl\\\/de\\\/#website\"},\"breadcrumb\":{\"@id\":\"https:\\\/\\\/hidalgo.nl\\\/de\\\/product\\\/78548\\\/laptop-rucksack-bedrucken-15-zoll-usb-c-gepolstert-one-size\\\/#breadcrumblist\"},\"image\":{\"@type\":\"ImageObject\",\"url\":\"https:\\\/\\\/shop.hidalgo.nl\\\/wp-content\\\/uploads\\\/2025\\\/07\\\/12599195f2a17d0b34719370022d1115caaba4e3685f903e05b75e6ac0431562.png\",\"@id\":\"https:\\\/\\\/hidalgo.nl\\\/de\\\/product\\\/78548\\\/laptop-rucksack-bedrucken-15-zoll-usb-c-gepolstert-one-size\\\/#mainImage\",\"width\":1000,\"height\":1000},\"primaryImageOfPage\":{\"@id\":\"https:\\\/\\\/hidalgo.nl\\\/de\\\/product\\\/78548\\\/laptop-rucksack-bedrucken-15-zoll-usb-c-gepolstert-one-size\\\/#mainImage\"},\"datePublished\":\"2025-07-07T00:04:20+00:00\",\"dateModified\":\"2026-03-22T05:33:19+00:00\"},{\"@type\":\"WebSite\",\"@id\":\"https:\\\/\\\/hidalgo.nl\\\/de\\\/#website\",\"url\":\"https:\\\/\\\/hidalgo.nl\\\/de\\\/\",\"name\":\"Hidalgo\",\"inLanguage\":\"de-DE\",\"publisher\":{\"@id\":\"https:\\\/\\\/hidalgo.nl\\\/de\\\/#organization\"}}]}\n\t\t<\/script>\n\t\t<!-- All in One SEO Pro -->\r\n\t\t<title>Laptop Rucksack bedrucken 15 Zoll USB C gepolstert One-size<\/title>\n\n","aioseo_head_json":{"title":"Laptop Rucksack bedrucken 15 Zoll USB C gepolstert One-size","description":"Transportiere deinen 15-Zoll-Laptop sicher im gepolsterten Fach und lade unterwegs \u00fcber USB-C. Perfekt, wenn du einen Laptop Rucksack bedrucken und Rucks\u00e4cke mit Logo bestellen willst: Hidalgo setzt dein Branding pr\u00e4zise um, ideal f\u00fcr Teams und Events. Gr\u00f6\u00dfe: One-size.","canonical_url":"https:\/\/hidalgo.nl\/de\/wp-json\/wp\/v2\/product\/78548","robots":"max-image-preview:large","keywords":"","webmasterTools":{"miscellaneous":""},"schema":{"@context":"https:\/\/schema.org","@graph":[{"@type":"BreadcrumbList","@id":"https:\/\/hidalgo.nl\/de\/product\/78548\/laptop-rucksack-bedrucken-15-zoll-usb-c-gepolstert-one-size\/#breadcrumblist","itemListElement":[{"@type":"ListItem","@id":"https:\/\/hidalgo.nl\/de\/#listItem","position":1,"name":"Home","item":"https:\/\/hidalgo.nl\/de\/","nextItem":{"@type":"ListItem","@id":"https:\/\/hidalgo.nl\/example\/#listItem","name":"example"}},{"@type":"ListItem","@id":"https:\/\/hidalgo.nl\/example\/#listItem","position":2,"name":"example","item":"https:\/\/hidalgo.nl\/example\/","nextItem":{"@type":"ListItem","@id":"https:\/\/hidalgo.nl\/en\/product-supplier\/a403\/#listItem","name":"A403"},"previousItem":{"@type":"ListItem","@id":"https:\/\/hidalgo.nl\/de\/#listItem","name":"Home"}},{"@type":"ListItem","@id":"https:\/\/hidalgo.nl\/en\/product-supplier\/a403\/#listItem","position":3,"name":"A403","item":"https:\/\/hidalgo.nl\/en\/product-supplier\/a403\/","nextItem":{"@type":"ListItem","@id":"https:\/\/hidalgo.nl\/de\/product\/78548\/laptop-rucksack-bedrucken-15-zoll-usb-c-gepolstert-one-size\/#listItem","name":"KI0933 &#8211; Business rugzak met plaats voor een laptop"},"previousItem":{"@type":"ListItem","@id":"https:\/\/hidalgo.nl\/example\/#listItem","name":"example"}},{"@type":"ListItem","@id":"https:\/\/hidalgo.nl\/de\/product\/78548\/laptop-rucksack-bedrucken-15-zoll-usb-c-gepolstert-one-size\/#listItem","position":4,"name":"KI0933 &#8211; Business rugzak met plaats voor een laptop","previousItem":{"@type":"ListItem","@id":"https:\/\/hidalgo.nl\/en\/product-supplier\/a403\/#listItem","name":"A403"}}]},{"@type":"Organization","@id":"https:\/\/hidalgo.nl\/de\/#organization","name":"Hidalgo","url":"https:\/\/hidalgo.nl\/de\/","logo":{"@type":"ImageObject","url":"https:\/\/shop.hidalgo.nl\/wp-content\/uploads\/2025\/11\/cropped-Hidalgo-est1993.png","@id":"https:\/\/hidalgo.nl\/de\/product\/78548\/laptop-rucksack-bedrucken-15-zoll-usb-c-gepolstert-one-size\/#organizationLogo","width":585,"height":195},"image":{"@id":"https:\/\/hidalgo.nl\/de\/product\/78548\/laptop-rucksack-bedrucken-15-zoll-usb-c-gepolstert-one-size\/#organizationLogo"}},{"@type":"ProductGroup","@id":"https:\/\/hidalgo.nl\/de\/product\/78548\/laptop-rucksack-bedrucken-15-zoll-usb-c-gepolstert-one-size\/#wooCommerceProduct","name":"Laptop Rucksack bedrucken 15 Zoll USB C gepolstert One-size","url":"https:\/\/hidalgo.nl\/de\/product\/78548\/laptop-rucksack-bedrucken-15-zoll-usb-c-gepolstert-one-size\/","brand":{"@type":"Brand","name":"Kimood"},"sku":"A403-KI0933","image":{"@type":"ImageObject","url":"https:\/\/shop.hidalgo.nl\/wp-content\/uploads\/2025\/07\/12599195f2a17d0b34719370022d1115caaba4e3685f903e05b75e6ac0431562.png","@id":"https:\/\/hidalgo.nl\/de\/product\/78548\/laptop-rucksack-bedrucken-15-zoll-usb-c-gepolstert-one-size\/#productImage","width":1000,"height":1000},"productGroupID":78548,"hasVariant":[{"@type":"Product","@id":"https:\/\/hidalgo.nl\/de\/product\/78548\/laptop-rucksack-bedrucken-15-zoll-usb-c-gepolstert-one-size\/#wooCommerceProduct","name":"KI0933 - Business rugzak met plaats voor een laptop - , black","url":"https:\/\/hidalgo.nl\/de\/product\/78548\/laptop-rucksack-bedrucken-15-zoll-usb-c-gepolstert-one-size\/","sku":"A403-KI0933_85601_85600","gtin":"3663639128711","image":{"@type":"ImageObject","url":"https:\/\/shop.hidalgo.nl\/wp-content\/uploads\/2025\/07\/12599195f2a17d0b34719370022d1115caaba4e3685f903e05b75e6ac0431562.png","@id":"https:\/\/hidalgo.nl\/de\/product\/78548\/laptop-rucksack-bedrucken-15-zoll-usb-c-gepolstert-one-size\/#productImage","width":1000,"height":1000},"offers":{"@type":"Offer","url":"https:\/\/hidalgo.nl\/de\/product\/78548\/laptop-rucksack-bedrucken-15-zoll-usb-c-gepolstert-one-size\/#wooCommerceOffer","price":"27.88","priceCurrency":"EUR","category":"Tassen","availability":"https:\/\/schema.org\/InStock","priceSpecification":{"@type":"PriceSpecification","price":27.88,"priceCurrency":"EUR","valueAddedTaxIncluded":"true"}}}]},{"@type":"WebPage","@id":"https:\/\/hidalgo.nl\/de\/product\/78548\/laptop-rucksack-bedrucken-15-zoll-usb-c-gepolstert-one-size\/#webpage","url":"https:\/\/hidalgo.nl\/de\/product\/78548\/laptop-rucksack-bedrucken-15-zoll-usb-c-gepolstert-one-size\/","name":"Laptop Rucksack bedrucken 15 Zoll USB C gepolstert One-size","description":"Transportiere deinen 15-Zoll-Laptop sicher im gepolsterten Fach und lade unterwegs \u00fcber USB-C. Perfekt, wenn du einen Laptop Rucksack bedrucken und Rucks\u00e4cke mit Logo bestellen willst: Hidalgo setzt dein Branding pr\u00e4zise um, ideal f\u00fcr Teams und Events. Gr\u00f6\u00dfe: One-size.","inLanguage":"de-DE","isPartOf":{"@id":"https:\/\/hidalgo.nl\/de\/#website"},"breadcrumb":{"@id":"https:\/\/hidalgo.nl\/de\/product\/78548\/laptop-rucksack-bedrucken-15-zoll-usb-c-gepolstert-one-size\/#breadcrumblist"},"image":{"@type":"ImageObject","url":"https:\/\/shop.hidalgo.nl\/wp-content\/uploads\/2025\/07\/12599195f2a17d0b34719370022d1115caaba4e3685f903e05b75e6ac0431562.png","@id":"https:\/\/hidalgo.nl\/de\/product\/78548\/laptop-rucksack-bedrucken-15-zoll-usb-c-gepolstert-one-size\/#mainImage","width":1000,"height":1000},"primaryImageOfPage":{"@id":"https:\/\/hidalgo.nl\/de\/product\/78548\/laptop-rucksack-bedrucken-15-zoll-usb-c-gepolstert-one-size\/#mainImage"},"datePublished":"2025-07-07T00:04:20+00:00","dateModified":"2026-03-22T05:33:19+00:00"},{"@type":"WebSite","@id":"https:\/\/hidalgo.nl\/de\/#website","url":"https:\/\/hidalgo.nl\/de\/","name":"Hidalgo","inLanguage":"de-DE","publisher":{"@id":"https:\/\/hidalgo.nl\/de\/#organization"}}]},"og:locale":"de_DE","og:site_name":"Hidalgo -","og:type":"article","og:title":"Laptop Rucksack bedrucken 15 Zoll USB C gepolstert One-size","og:description":"Transportiere deinen 15-Zoll-Laptop sicher im gepolsterten Fach und lade unterwegs \u00fcber USB-C. Perfekt, wenn du einen Laptop Rucksack bedrucken und Rucks\u00e4cke mit Logo bestellen willst: Hidalgo setzt dein Branding pr\u00e4zise um, ideal f\u00fcr Teams und Events. Gr\u00f6\u00dfe: One-size.","og:url":"https:\/\/hidalgo.nl\/de\/wp-json\/wp\/v2\/product\/78548","og:image":"https:\/\/shop.hidalgo.nl\/wp-content\/uploads\/2025\/11\/cropped-Hidalgo-est1993.png","og:image:secure_url":"https:\/\/shop.hidalgo.nl\/wp-content\/uploads\/2025\/11\/cropped-Hidalgo-est1993.png","article:published_time":"2025-07-07T00:04:20+00:00","article:modified_time":"2026-03-22T05:33:19+00:00","twitter:card":"summary_large_image","twitter:title":"Laptop Rucksack bedrucken 15 Zoll USB C gepolstert One-size","twitter:description":"Transportiere deinen 15-Zoll-Laptop sicher im gepolsterten Fach und lade unterwegs \u00fcber USB-C. Perfekt, wenn du einen Laptop Rucksack bedrucken und Rucks\u00e4cke mit Logo bestellen willst: Hidalgo setzt dein Branding pr\u00e4zise um, ideal f\u00fcr Teams und Events. Gr\u00f6\u00dfe: One-size.","twitter:image":"https:\/\/shop.hidalgo.nl\/wp-content\/uploads\/2025\/11\/cropped-Hidalgo-est1993.png"},"aioseo_meta_data":{"post_id":"78548","title":null,"description":null,"keywords":null,"keyphrases":null,"primary_term":null,"canonical_url":null,"og_title":null,"og_description":null,"og_object_type":"default","og_image_type":"default","og_image_url":null,"og_image_width":null,"og_image_height":null,"og_image_custom_url":null,"og_image_custom_fields":null,"og_video":null,"og_custom_url":null,"og_article_section":null,"og_article_tags":null,"twitter_use_og":false,"twitter_card":"default","twitter_image_type":"default","twitter_image_url":null,"twitter_image_custom_url":null,"twitter_image_custom_fields":null,"twitter_title":null,"twitter_description":null,"schema":{"blockGraphs":[],"customGraphs":[],"default":{"data":{"Article":[],"Course":[],"Dataset":[],"FAQPage":[],"Movie":[],"Person":[],"Product":[],"ProductReview":[],"Car":[],"Recipe":[],"Service":[],"SoftwareApplication":[],"WebPage":[]},"graphName":"","isEnabled":true},"graphs":[]},"schema_type":"default","schema_type_options":null,"pillar_content":false,"robots_default":true,"robots_noindex":false,"robots_noarchive":false,"robots_nosnippet":false,"robots_nofollow":false,"robots_noimageindex":false,"robots_noodp":false,"robots_notranslate":false,"robots_max_snippet":null,"robots_max_videopreview":null,"robots_max_imagepreview":"large","priority":null,"frequency":null,"local_seo":null,"seo_analyzer_scan_date":"2026-01-20 15:43:48","breadcrumb_settings":null,"limit_modified_date":false,"reviewed_by":null,"open_ai":null,"ai":null,"created":"2026-01-14 06:25:29","updated":"2026-04-22 19:27:53"},"aioseo_breadcrumb":"<div class=\"aioseo-breadcrumbs\"><span class=\"aioseo-breadcrumb\">\n\t<a href=\"https:\/\/hidalgo.nl\/de\/\" title=\"Home\">Home<\/a>\n<\/span><span class=\"aioseo-breadcrumb-separator\">\u00bb<\/span><span class=\"aioseo-breadcrumb\">\n\t<a href=\"https:\/\/hidalgo.nl\/example\/\" title=\"example\">example<\/a>\n<\/span><span class=\"aioseo-breadcrumb-separator\">\u00bb<\/span><span class=\"aioseo-breadcrumb\">\n\t<a href=\"https:\/\/hidalgo.nl\/en\/product-supplier\/a403\/\" title=\"A403\">A403<\/a>\n<\/span><span class=\"aioseo-breadcrumb-separator\">\u00bb<\/span><span class=\"aioseo-breadcrumb\">\n\tKI0933 \u2013 Business rugzak met plaats voor een laptop\n<\/span><\/div>","aioseo_breadcrumb_json":[{"label":"Home","link":"https:\/\/hidalgo.nl\/de\/"},{"label":"example","link":"https:\/\/hidalgo.nl\/example\/"},{"label":"A403","link":"https:\/\/hidalgo.nl\/en\/product-supplier\/a403\/"},{"label":"KI0933 &#8211; Business rugzak met plaats voor een laptop","link":"https:\/\/hidalgo.nl\/de\/product\/78548\/laptop-rucksack-bedrucken-15-zoll-usb-c-gepolstert-one-size\/"}],"_links":{"self":[{"href":"https:\/\/hidalgo.nl\/de\/wp-json\/wp\/v2\/product\/78548","targetHints":{"allow":["GET"]}}],"collection":[{"href":"https:\/\/hidalgo.nl\/de\/wp-json\/wp\/v2\/product"}],"about":[{"href":"https:\/\/hidalgo.nl\/de\/wp-json\/wp\/v2\/types\/product"}],"wp:featuredmedia":[{"embeddable":true,"href":"https:\/\/hidalgo.nl\/de\/wp-json\/wp\/v2\/media\/78551"}],"wp:attachment":[{"href":"https:\/\/hidalgo.nl\/de\/wp-json\/wp\/v2\/media?parent=78548"}],"wp:term":[{"taxonomy":"product_brand","embeddable":true,"href":"https:\/\/hidalgo.nl\/de\/wp-json\/wp\/v2\/product_brand?post=78548"},{"taxonomy":"product_cat","embeddable":true,"href":"https:\/\/hidalgo.nl\/de\/wp-json\/wp\/v2\/product_cat?post=78548"},{"taxonomy":"product_tag","embeddable":true,"href":"https:\/\/hidalgo.nl\/de\/wp-json\/wp\/v2\/product_tag?post=78548"}],"curies":[{"name":"wp","href":"https:\/\/api.w.org\/{rel}","templated":true}]}}