{"id":78510,"date":"2025-07-07T00:02:55","date_gmt":"2025-07-07T00:02:55","guid":{"rendered":"http:\/\/bidonsenshakers.pim.hidalgo.nl\/product\/ki0903-laptop-rugzak\/"},"modified":"2026-03-22T05:30:06","modified_gmt":"2026-03-22T05:30:06","slug":"ki0903-laptop-rugzak","status":"publish","type":"product","link":"https:\/\/hidalgo.nl\/de\/product\/78510\/laptop-rucksack-bedrucken-ki0903-15-zoll-recycelt-one-size\/","title":{"rendered":"KI0903 &#8211; Laptop Rugzak"},"content":{"rendered":"<p>Rugzak, tevens te gebruiken als computer- documententas van 1680D polyester gerecycled, verborgen schouderhengsels, gewatteerde met meshvoering afgewerkte rugzijde, ritssluiting aan de onderkant om tas op de trekstang te bevestigen,  afneembare en verstelbare schouderbandmet shouderstuk, dubbel verstevigde handvaten, voorvak met organizer, beschermd hoofdvak voor laptop tot 15&#8243; en documenten, doorsteekgat voor oortjes van tel\/mp3\/etc, sleutelring.<\/p>\n","protected":false},"excerpt":{"rendered":"<p>Rugzak, tevens te gebruiken als computer- documententas van 1680D polyester gerecycled, verborgen schouderhengsels, gewatteerde met meshvoering afgewerkte rugzijde, ritssluiting aan de onderkant om tas op de trekstang te bevestigen, afneembare en verstelbare schouderbandmet shouderstuk, dubbel verstevigde handvaten, voorvak met organizer, beschermd hoofdvak voor laptop tot 15&#8243; en documenten, doorsteekgat voor oortjes van tel\/mp3\/etc, sleutelring.<\/p>\n","protected":false},"featured_media":78511,"template":"","meta":{"_acf_changed":false,"om_disable_all_campaigns":false,"_monsterinsights_skip_tracking":false,"_monsterinsights_sitenote_active":false,"_monsterinsights_sitenote_note":"","_monsterinsights_sitenote_category":0},"product_brand":[43],"product_cat":[4795,4796,4713],"product_tag":[],"class_list":{"0":"post-78510","1":"product","2":"type-product","3":"status-publish","4":"has-post-thumbnail","6":"product_supplier-a403","7":"product_material-polyester","8":"product_brand-kimood","9":"product_cat-rugtassen","10":"product_cat-rugzakken","11":"product_cat-tassen","12":"entry","14":"first","15":"instock","16":"taxable","17":"shipping-taxable","18":"purchasable","19":"product-type-variable"},"acf":{"imprint_cost":[{"imprint_cost_key":"33483b79de35c41f6a5968127e3727b83ce2fe0b","product_quantity_price_range":[{"imprint_cost_recommended_selling_price":"0","imprint_cost_recommended_selling_quantity":"1"}],"product_quantity_price_range_buying":false,"imprint_cost_setup_costs":"","imprint_cost_handling_costs":""}]},"aioseo_notices":[],"aioseo_head":"\n\t\t<!-- All in One SEO Pro 4.9.6.2 - aioseo.com -->\n\t<meta name=\"description\" content=\"Du transportierst dein 15-Zoll-Notebook sicher und bequem; One-size passt allen. Der KI0903 besteht aus recyceltem 1680D-Polyester und ist ideal f\u00fcr Messen &amp; dein Team. Hidalgo personalisiert Rucks\u00e4cke mit Logo und kann deinen Laptop Rucksack 15 Zoll bedrucken - f\u00fcr sichtbare Markenpr\u00e4senz.\" \/>\n\t<meta name=\"robots\" content=\"max-image-preview:large\" \/>\n\t<link rel=\"canonical\" href=\"https:\/\/hidalgo.nl\/de\/wp-json\/wp\/v2\/product\/78510\" \/>\n\t<meta name=\"generator\" content=\"All in One SEO Pro (AIOSEO) 4.9.6.2\" \/>\n\t\t<meta property=\"og:locale\" content=\"de_DE\" \/>\n\t\t<meta property=\"og:site_name\" content=\"Hidalgo -\" \/>\n\t\t<meta property=\"og:type\" content=\"article\" \/>\n\t\t<meta property=\"og:title\" content=\"Laptop Rucksack bedrucken KI0903 15 Zoll Recycelt One-size\" \/>\n\t\t<meta property=\"og:description\" content=\"Du transportierst dein 15-Zoll-Notebook sicher und bequem; One-size passt allen. Der KI0903 besteht aus recyceltem 1680D-Polyester und ist ideal f\u00fcr Messen &amp; dein Team. Hidalgo personalisiert Rucks\u00e4cke mit Logo und kann deinen Laptop Rucksack 15 Zoll bedrucken - f\u00fcr sichtbare Markenpr\u00e4senz.\" \/>\n\t\t<meta property=\"og:url\" content=\"https:\/\/hidalgo.nl\/de\/wp-json\/wp\/v2\/product\/78510\" \/>\n\t\t<meta property=\"og:image\" content=\"https:\/\/shop.hidalgo.nl\/wp-content\/uploads\/2025\/11\/cropped-Hidalgo-est1993.png\" \/>\n\t\t<meta property=\"og:image:secure_url\" content=\"https:\/\/shop.hidalgo.nl\/wp-content\/uploads\/2025\/11\/cropped-Hidalgo-est1993.png\" \/>\n\t\t<meta property=\"article:published_time\" content=\"2025-07-07T00:02:55+00:00\" \/>\n\t\t<meta property=\"article:modified_time\" content=\"2026-03-22T05:30:06+00:00\" \/>\n\t\t<meta name=\"twitter:card\" content=\"summary_large_image\" \/>\n\t\t<meta name=\"twitter:title\" content=\"Laptop Rucksack bedrucken KI0903 15 Zoll Recycelt One-size\" \/>\n\t\t<meta name=\"twitter:description\" content=\"Du transportierst dein 15-Zoll-Notebook sicher und bequem; One-size passt allen. Der KI0903 besteht aus recyceltem 1680D-Polyester und ist ideal f\u00fcr Messen &amp; dein Team. Hidalgo personalisiert Rucks\u00e4cke mit Logo und kann deinen Laptop Rucksack 15 Zoll bedrucken - f\u00fcr sichtbare Markenpr\u00e4senz.\" \/>\n\t\t<meta name=\"twitter:image\" content=\"https:\/\/shop.hidalgo.nl\/wp-content\/uploads\/2025\/11\/cropped-Hidalgo-est1993.png\" \/>\n\t\t<script type=\"application\/ld+json\" class=\"aioseo-schema\">\n\t\t\t{\"@context\":\"https:\\\/\\\/schema.org\",\"@graph\":[{\"@type\":\"BreadcrumbList\",\"@id\":\"https:\\\/\\\/hidalgo.nl\\\/de\\\/product\\\/78510\\\/laptop-rucksack-bedrucken-ki0903-15-zoll-recycelt-one-size\\\/#breadcrumblist\",\"itemListElement\":[{\"@type\":\"ListItem\",\"@id\":\"https:\\\/\\\/hidalgo.nl\\\/de\\\/#listItem\",\"position\":1,\"name\":\"Home\",\"item\":\"https:\\\/\\\/hidalgo.nl\\\/de\\\/\",\"nextItem\":{\"@type\":\"ListItem\",\"@id\":\"https:\\\/\\\/hidalgo.nl\\\/example\\\/#listItem\",\"name\":\"example\"}},{\"@type\":\"ListItem\",\"@id\":\"https:\\\/\\\/hidalgo.nl\\\/example\\\/#listItem\",\"position\":2,\"name\":\"example\",\"item\":\"https:\\\/\\\/hidalgo.nl\\\/example\\\/\",\"nextItem\":{\"@type\":\"ListItem\",\"@id\":\"https:\\\/\\\/hidalgo.nl\\\/en\\\/product-supplier\\\/a403\\\/#listItem\",\"name\":\"A403\"},\"previousItem\":{\"@type\":\"ListItem\",\"@id\":\"https:\\\/\\\/hidalgo.nl\\\/de\\\/#listItem\",\"name\":\"Home\"}},{\"@type\":\"ListItem\",\"@id\":\"https:\\\/\\\/hidalgo.nl\\\/en\\\/product-supplier\\\/a403\\\/#listItem\",\"position\":3,\"name\":\"A403\",\"item\":\"https:\\\/\\\/hidalgo.nl\\\/en\\\/product-supplier\\\/a403\\\/\",\"nextItem\":{\"@type\":\"ListItem\",\"@id\":\"https:\\\/\\\/hidalgo.nl\\\/de\\\/product\\\/78510\\\/laptop-rucksack-bedrucken-ki0903-15-zoll-recycelt-one-size\\\/#listItem\",\"name\":\"KI0903 &#8211; Laptop Rugzak\"},\"previousItem\":{\"@type\":\"ListItem\",\"@id\":\"https:\\\/\\\/hidalgo.nl\\\/example\\\/#listItem\",\"name\":\"example\"}},{\"@type\":\"ListItem\",\"@id\":\"https:\\\/\\\/hidalgo.nl\\\/de\\\/product\\\/78510\\\/laptop-rucksack-bedrucken-ki0903-15-zoll-recycelt-one-size\\\/#listItem\",\"position\":4,\"name\":\"KI0903 &#8211; Laptop Rugzak\",\"previousItem\":{\"@type\":\"ListItem\",\"@id\":\"https:\\\/\\\/hidalgo.nl\\\/en\\\/product-supplier\\\/a403\\\/#listItem\",\"name\":\"A403\"}}]},{\"@type\":\"Organization\",\"@id\":\"https:\\\/\\\/hidalgo.nl\\\/de\\\/#organization\",\"name\":\"Hidalgo\",\"url\":\"https:\\\/\\\/hidalgo.nl\\\/de\\\/\",\"logo\":{\"@type\":\"ImageObject\",\"url\":\"https:\\\/\\\/shop.hidalgo.nl\\\/wp-content\\\/uploads\\\/2025\\\/11\\\/cropped-Hidalgo-est1993.png\",\"@id\":\"https:\\\/\\\/hidalgo.nl\\\/de\\\/product\\\/78510\\\/laptop-rucksack-bedrucken-ki0903-15-zoll-recycelt-one-size\\\/#organizationLogo\",\"width\":585,\"height\":195},\"image\":{\"@id\":\"https:\\\/\\\/hidalgo.nl\\\/de\\\/product\\\/78510\\\/laptop-rucksack-bedrucken-ki0903-15-zoll-recycelt-one-size\\\/#organizationLogo\"}},{\"@type\":\"ProductGroup\",\"@id\":\"https:\\\/\\\/hidalgo.nl\\\/de\\\/product\\\/78510\\\/laptop-rucksack-bedrucken-ki0903-15-zoll-recycelt-one-size\\\/#wooCommerceProduct\",\"name\":\"Laptop Rucksack bedrucken KI0903 15 Zoll Recycelt One-size\",\"url\":\"https:\\\/\\\/hidalgo.nl\\\/de\\\/product\\\/78510\\\/laptop-rucksack-bedrucken-ki0903-15-zoll-recycelt-one-size\\\/\",\"brand\":{\"@type\":\"Brand\",\"name\":\"Kimood\"},\"sku\":\"A403-KI0903\",\"image\":{\"@type\":\"ImageObject\",\"url\":\"https:\\\/\\\/shop.hidalgo.nl\\\/wp-content\\\/uploads\\\/2025\\\/07\\\/2ac13fbbe6e0cc1fb1ee25b89dc236206b14af3a7afb04504ad3432c62daf364.png\",\"@id\":\"https:\\\/\\\/hidalgo.nl\\\/de\\\/product\\\/78510\\\/laptop-rucksack-bedrucken-ki0903-15-zoll-recycelt-one-size\\\/#productImage\",\"width\":1000,\"height\":934},\"productGroupID\":78510,\"hasVariant\":[{\"@type\":\"Product\",\"@id\":\"https:\\\/\\\/hidalgo.nl\\\/de\\\/product\\\/78510\\\/laptop-rucksack-bedrucken-ki0903-15-zoll-recycelt-one-size\\\/#wooCommerceProduct\",\"name\":\"KI0903 - Laptop Rugzak - , black\",\"url\":\"https:\\\/\\\/hidalgo.nl\\\/de\\\/product\\\/78510\\\/laptop-rucksack-bedrucken-ki0903-15-zoll-recycelt-one-size\\\/\",\"sku\":\"A403-KI0903_32378_32377\",\"gtin\":\"3663639037471\",\"image\":{\"@type\":\"ImageObject\",\"url\":\"https:\\\/\\\/shop.hidalgo.nl\\\/wp-content\\\/uploads\\\/2025\\\/07\\\/2ac13fbbe6e0cc1fb1ee25b89dc236206b14af3a7afb04504ad3432c62daf364.png\",\"@id\":\"https:\\\/\\\/hidalgo.nl\\\/de\\\/product\\\/78510\\\/laptop-rucksack-bedrucken-ki0903-15-zoll-recycelt-one-size\\\/#productImage\",\"width\":1000,\"height\":934},\"offers\":{\"@type\":\"Offer\",\"url\":\"https:\\\/\\\/hidalgo.nl\\\/de\\\/product\\\/78510\\\/laptop-rucksack-bedrucken-ki0903-15-zoll-recycelt-one-size\\\/#wooCommerceOffer\",\"price\":\"37.48\",\"priceCurrency\":\"EUR\",\"category\":\"Tassen\",\"availability\":\"https:\\\/\\\/schema.org\\\/InStock\",\"priceSpecification\":{\"@type\":\"PriceSpecification\",\"price\":37.48,\"priceCurrency\":\"EUR\",\"valueAddedTaxIncluded\":\"true\"}}}]},{\"@type\":\"WebPage\",\"@id\":\"https:\\\/\\\/hidalgo.nl\\\/de\\\/product\\\/78510\\\/laptop-rucksack-bedrucken-ki0903-15-zoll-recycelt-one-size\\\/#webpage\",\"url\":\"https:\\\/\\\/hidalgo.nl\\\/de\\\/product\\\/78510\\\/laptop-rucksack-bedrucken-ki0903-15-zoll-recycelt-one-size\\\/\",\"name\":\"Laptop Rucksack bedrucken KI0903 15 Zoll Recycelt One-size\",\"description\":\"Du transportierst dein 15-Zoll-Notebook sicher und bequem; One-size passt allen. Der KI0903 besteht aus recyceltem 1680D-Polyester und ist ideal f\\u00fcr Messen & dein Team. Hidalgo personalisiert Rucks\\u00e4cke mit Logo und kann deinen Laptop Rucksack 15 Zoll bedrucken - f\\u00fcr sichtbare Markenpr\\u00e4senz.\",\"inLanguage\":\"de-DE\",\"isPartOf\":{\"@id\":\"https:\\\/\\\/hidalgo.nl\\\/de\\\/#website\"},\"breadcrumb\":{\"@id\":\"https:\\\/\\\/hidalgo.nl\\\/de\\\/product\\\/78510\\\/laptop-rucksack-bedrucken-ki0903-15-zoll-recycelt-one-size\\\/#breadcrumblist\"},\"image\":{\"@type\":\"ImageObject\",\"url\":\"https:\\\/\\\/shop.hidalgo.nl\\\/wp-content\\\/uploads\\\/2025\\\/07\\\/2ac13fbbe6e0cc1fb1ee25b89dc236206b14af3a7afb04504ad3432c62daf364.png\",\"@id\":\"https:\\\/\\\/hidalgo.nl\\\/de\\\/product\\\/78510\\\/laptop-rucksack-bedrucken-ki0903-15-zoll-recycelt-one-size\\\/#mainImage\",\"width\":1000,\"height\":934},\"primaryImageOfPage\":{\"@id\":\"https:\\\/\\\/hidalgo.nl\\\/de\\\/product\\\/78510\\\/laptop-rucksack-bedrucken-ki0903-15-zoll-recycelt-one-size\\\/#mainImage\"},\"datePublished\":\"2025-07-07T00:02:55+00:00\",\"dateModified\":\"2026-03-22T05:30:06+00:00\"},{\"@type\":\"WebSite\",\"@id\":\"https:\\\/\\\/hidalgo.nl\\\/de\\\/#website\",\"url\":\"https:\\\/\\\/hidalgo.nl\\\/de\\\/\",\"name\":\"Hidalgo\",\"inLanguage\":\"de-DE\",\"publisher\":{\"@id\":\"https:\\\/\\\/hidalgo.nl\\\/de\\\/#organization\"}}]}\n\t\t<\/script>\n\t\t<!-- All in One SEO Pro -->\r\n\t\t<title>Laptop Rucksack bedrucken KI0903 15 Zoll Recycelt One-size<\/title>\n\n","aioseo_head_json":{"title":"Laptop Rucksack bedrucken KI0903 15 Zoll Recycelt One-size","description":"Du transportierst dein 15-Zoll-Notebook sicher und bequem; One-size passt allen. Der KI0903 besteht aus recyceltem 1680D-Polyester und ist ideal f\u00fcr Messen & dein Team. Hidalgo personalisiert Rucks\u00e4cke mit Logo und kann deinen Laptop Rucksack 15 Zoll bedrucken - f\u00fcr sichtbare Markenpr\u00e4senz.","canonical_url":"https:\/\/hidalgo.nl\/de\/wp-json\/wp\/v2\/product\/78510","robots":"max-image-preview:large","keywords":"","webmasterTools":{"miscellaneous":""},"schema":{"@context":"https:\/\/schema.org","@graph":[{"@type":"BreadcrumbList","@id":"https:\/\/hidalgo.nl\/de\/product\/78510\/laptop-rucksack-bedrucken-ki0903-15-zoll-recycelt-one-size\/#breadcrumblist","itemListElement":[{"@type":"ListItem","@id":"https:\/\/hidalgo.nl\/de\/#listItem","position":1,"name":"Home","item":"https:\/\/hidalgo.nl\/de\/","nextItem":{"@type":"ListItem","@id":"https:\/\/hidalgo.nl\/example\/#listItem","name":"example"}},{"@type":"ListItem","@id":"https:\/\/hidalgo.nl\/example\/#listItem","position":2,"name":"example","item":"https:\/\/hidalgo.nl\/example\/","nextItem":{"@type":"ListItem","@id":"https:\/\/hidalgo.nl\/en\/product-supplier\/a403\/#listItem","name":"A403"},"previousItem":{"@type":"ListItem","@id":"https:\/\/hidalgo.nl\/de\/#listItem","name":"Home"}},{"@type":"ListItem","@id":"https:\/\/hidalgo.nl\/en\/product-supplier\/a403\/#listItem","position":3,"name":"A403","item":"https:\/\/hidalgo.nl\/en\/product-supplier\/a403\/","nextItem":{"@type":"ListItem","@id":"https:\/\/hidalgo.nl\/de\/product\/78510\/laptop-rucksack-bedrucken-ki0903-15-zoll-recycelt-one-size\/#listItem","name":"KI0903 &#8211; Laptop Rugzak"},"previousItem":{"@type":"ListItem","@id":"https:\/\/hidalgo.nl\/example\/#listItem","name":"example"}},{"@type":"ListItem","@id":"https:\/\/hidalgo.nl\/de\/product\/78510\/laptop-rucksack-bedrucken-ki0903-15-zoll-recycelt-one-size\/#listItem","position":4,"name":"KI0903 &#8211; Laptop Rugzak","previousItem":{"@type":"ListItem","@id":"https:\/\/hidalgo.nl\/en\/product-supplier\/a403\/#listItem","name":"A403"}}]},{"@type":"Organization","@id":"https:\/\/hidalgo.nl\/de\/#organization","name":"Hidalgo","url":"https:\/\/hidalgo.nl\/de\/","logo":{"@type":"ImageObject","url":"https:\/\/shop.hidalgo.nl\/wp-content\/uploads\/2025\/11\/cropped-Hidalgo-est1993.png","@id":"https:\/\/hidalgo.nl\/de\/product\/78510\/laptop-rucksack-bedrucken-ki0903-15-zoll-recycelt-one-size\/#organizationLogo","width":585,"height":195},"image":{"@id":"https:\/\/hidalgo.nl\/de\/product\/78510\/laptop-rucksack-bedrucken-ki0903-15-zoll-recycelt-one-size\/#organizationLogo"}},{"@type":"ProductGroup","@id":"https:\/\/hidalgo.nl\/de\/product\/78510\/laptop-rucksack-bedrucken-ki0903-15-zoll-recycelt-one-size\/#wooCommerceProduct","name":"Laptop Rucksack bedrucken KI0903 15 Zoll Recycelt One-size","url":"https:\/\/hidalgo.nl\/de\/product\/78510\/laptop-rucksack-bedrucken-ki0903-15-zoll-recycelt-one-size\/","brand":{"@type":"Brand","name":"Kimood"},"sku":"A403-KI0903","image":{"@type":"ImageObject","url":"https:\/\/shop.hidalgo.nl\/wp-content\/uploads\/2025\/07\/2ac13fbbe6e0cc1fb1ee25b89dc236206b14af3a7afb04504ad3432c62daf364.png","@id":"https:\/\/hidalgo.nl\/de\/product\/78510\/laptop-rucksack-bedrucken-ki0903-15-zoll-recycelt-one-size\/#productImage","width":1000,"height":934},"productGroupID":78510,"hasVariant":[{"@type":"Product","@id":"https:\/\/hidalgo.nl\/de\/product\/78510\/laptop-rucksack-bedrucken-ki0903-15-zoll-recycelt-one-size\/#wooCommerceProduct","name":"KI0903 - Laptop Rugzak - , black","url":"https:\/\/hidalgo.nl\/de\/product\/78510\/laptop-rucksack-bedrucken-ki0903-15-zoll-recycelt-one-size\/","sku":"A403-KI0903_32378_32377","gtin":"3663639037471","image":{"@type":"ImageObject","url":"https:\/\/shop.hidalgo.nl\/wp-content\/uploads\/2025\/07\/2ac13fbbe6e0cc1fb1ee25b89dc236206b14af3a7afb04504ad3432c62daf364.png","@id":"https:\/\/hidalgo.nl\/de\/product\/78510\/laptop-rucksack-bedrucken-ki0903-15-zoll-recycelt-one-size\/#productImage","width":1000,"height":934},"offers":{"@type":"Offer","url":"https:\/\/hidalgo.nl\/de\/product\/78510\/laptop-rucksack-bedrucken-ki0903-15-zoll-recycelt-one-size\/#wooCommerceOffer","price":"37.48","priceCurrency":"EUR","category":"Tassen","availability":"https:\/\/schema.org\/InStock","priceSpecification":{"@type":"PriceSpecification","price":37.48,"priceCurrency":"EUR","valueAddedTaxIncluded":"true"}}}]},{"@type":"WebPage","@id":"https:\/\/hidalgo.nl\/de\/product\/78510\/laptop-rucksack-bedrucken-ki0903-15-zoll-recycelt-one-size\/#webpage","url":"https:\/\/hidalgo.nl\/de\/product\/78510\/laptop-rucksack-bedrucken-ki0903-15-zoll-recycelt-one-size\/","name":"Laptop Rucksack bedrucken KI0903 15 Zoll Recycelt One-size","description":"Du transportierst dein 15-Zoll-Notebook sicher und bequem; One-size passt allen. Der KI0903 besteht aus recyceltem 1680D-Polyester und ist ideal f\u00fcr Messen & dein Team. Hidalgo personalisiert Rucks\u00e4cke mit Logo und kann deinen Laptop Rucksack 15 Zoll bedrucken - f\u00fcr sichtbare Markenpr\u00e4senz.","inLanguage":"de-DE","isPartOf":{"@id":"https:\/\/hidalgo.nl\/de\/#website"},"breadcrumb":{"@id":"https:\/\/hidalgo.nl\/de\/product\/78510\/laptop-rucksack-bedrucken-ki0903-15-zoll-recycelt-one-size\/#breadcrumblist"},"image":{"@type":"ImageObject","url":"https:\/\/shop.hidalgo.nl\/wp-content\/uploads\/2025\/07\/2ac13fbbe6e0cc1fb1ee25b89dc236206b14af3a7afb04504ad3432c62daf364.png","@id":"https:\/\/hidalgo.nl\/de\/product\/78510\/laptop-rucksack-bedrucken-ki0903-15-zoll-recycelt-one-size\/#mainImage","width":1000,"height":934},"primaryImageOfPage":{"@id":"https:\/\/hidalgo.nl\/de\/product\/78510\/laptop-rucksack-bedrucken-ki0903-15-zoll-recycelt-one-size\/#mainImage"},"datePublished":"2025-07-07T00:02:55+00:00","dateModified":"2026-03-22T05:30:06+00:00"},{"@type":"WebSite","@id":"https:\/\/hidalgo.nl\/de\/#website","url":"https:\/\/hidalgo.nl\/de\/","name":"Hidalgo","inLanguage":"de-DE","publisher":{"@id":"https:\/\/hidalgo.nl\/de\/#organization"}}]},"og:locale":"de_DE","og:site_name":"Hidalgo -","og:type":"article","og:title":"Laptop Rucksack bedrucken KI0903 15 Zoll Recycelt One-size","og:description":"Du transportierst dein 15-Zoll-Notebook sicher und bequem; One-size passt allen. Der KI0903 besteht aus recyceltem 1680D-Polyester und ist ideal f\u00fcr Messen &amp; dein Team. Hidalgo personalisiert Rucks\u00e4cke mit Logo und kann deinen Laptop Rucksack 15 Zoll bedrucken - f\u00fcr sichtbare Markenpr\u00e4senz.","og:url":"https:\/\/hidalgo.nl\/de\/wp-json\/wp\/v2\/product\/78510","og:image":"https:\/\/shop.hidalgo.nl\/wp-content\/uploads\/2025\/11\/cropped-Hidalgo-est1993.png","og:image:secure_url":"https:\/\/shop.hidalgo.nl\/wp-content\/uploads\/2025\/11\/cropped-Hidalgo-est1993.png","article:published_time":"2025-07-07T00:02:55+00:00","article:modified_time":"2026-03-22T05:30:06+00:00","twitter:card":"summary_large_image","twitter:title":"Laptop Rucksack bedrucken KI0903 15 Zoll Recycelt One-size","twitter:description":"Du transportierst dein 15-Zoll-Notebook sicher und bequem; One-size passt allen. Der KI0903 besteht aus recyceltem 1680D-Polyester und ist ideal f\u00fcr Messen &amp; dein Team. Hidalgo personalisiert Rucks\u00e4cke mit Logo und kann deinen Laptop Rucksack 15 Zoll bedrucken - f\u00fcr sichtbare Markenpr\u00e4senz.","twitter:image":"https:\/\/shop.hidalgo.nl\/wp-content\/uploads\/2025\/11\/cropped-Hidalgo-est1993.png"},"aioseo_meta_data":{"post_id":"78510","title":null,"description":null,"keywords":null,"keyphrases":null,"primary_term":null,"canonical_url":null,"og_title":null,"og_description":null,"og_object_type":"default","og_image_type":"default","og_image_url":null,"og_image_width":null,"og_image_height":null,"og_image_custom_url":null,"og_image_custom_fields":null,"og_video":null,"og_custom_url":null,"og_article_section":null,"og_article_tags":null,"twitter_use_og":false,"twitter_card":"default","twitter_image_type":"default","twitter_image_url":null,"twitter_image_custom_url":null,"twitter_image_custom_fields":null,"twitter_title":null,"twitter_description":null,"schema":{"blockGraphs":[],"customGraphs":[],"default":{"data":{"Article":[],"Course":[],"Dataset":[],"FAQPage":[],"Movie":[],"Person":[],"Product":[],"ProductReview":[],"Car":[],"Recipe":[],"Service":[],"SoftwareApplication":[],"WebPage":[]},"graphName":"","isEnabled":true},"graphs":[]},"schema_type":"default","schema_type_options":null,"pillar_content":false,"robots_default":true,"robots_noindex":false,"robots_noarchive":false,"robots_nosnippet":false,"robots_nofollow":false,"robots_noimageindex":false,"robots_noodp":false,"robots_notranslate":false,"robots_max_snippet":null,"robots_max_videopreview":null,"robots_max_imagepreview":"large","priority":null,"frequency":null,"local_seo":null,"seo_analyzer_scan_date":"2026-01-20 15:42:46","breadcrumb_settings":null,"limit_modified_date":false,"reviewed_by":null,"open_ai":null,"ai":null,"created":"2026-01-14 06:25:29","updated":"2026-04-22 19:26:03"},"aioseo_breadcrumb":"<div class=\"aioseo-breadcrumbs\"><span class=\"aioseo-breadcrumb\">\n\t<a href=\"https:\/\/hidalgo.nl\/de\/\" title=\"Home\">Home<\/a>\n<\/span><span class=\"aioseo-breadcrumb-separator\">\u00bb<\/span><span class=\"aioseo-breadcrumb\">\n\t<a href=\"https:\/\/hidalgo.nl\/example\/\" title=\"example\">example<\/a>\n<\/span><span class=\"aioseo-breadcrumb-separator\">\u00bb<\/span><span class=\"aioseo-breadcrumb\">\n\t<a href=\"https:\/\/hidalgo.nl\/en\/product-supplier\/a403\/\" title=\"A403\">A403<\/a>\n<\/span><span class=\"aioseo-breadcrumb-separator\">\u00bb<\/span><span class=\"aioseo-breadcrumb\">\n\tKI0903 \u2013 Laptop Rugzak\n<\/span><\/div>","aioseo_breadcrumb_json":[{"label":"Home","link":"https:\/\/hidalgo.nl\/de\/"},{"label":"example","link":"https:\/\/hidalgo.nl\/example\/"},{"label":"A403","link":"https:\/\/hidalgo.nl\/en\/product-supplier\/a403\/"},{"label":"KI0903 &#8211; Laptop Rugzak","link":"https:\/\/hidalgo.nl\/de\/product\/78510\/laptop-rucksack-bedrucken-ki0903-15-zoll-recycelt-one-size\/"}],"_links":{"self":[{"href":"https:\/\/hidalgo.nl\/de\/wp-json\/wp\/v2\/product\/78510","targetHints":{"allow":["GET"]}}],"collection":[{"href":"https:\/\/hidalgo.nl\/de\/wp-json\/wp\/v2\/product"}],"about":[{"href":"https:\/\/hidalgo.nl\/de\/wp-json\/wp\/v2\/types\/product"}],"wp:featuredmedia":[{"embeddable":true,"href":"https:\/\/hidalgo.nl\/de\/wp-json\/wp\/v2\/media\/78511"}],"wp:attachment":[{"href":"https:\/\/hidalgo.nl\/de\/wp-json\/wp\/v2\/media?parent=78510"}],"wp:term":[{"taxonomy":"product_brand","embeddable":true,"href":"https:\/\/hidalgo.nl\/de\/wp-json\/wp\/v2\/product_brand?post=78510"},{"taxonomy":"product_cat","embeddable":true,"href":"https:\/\/hidalgo.nl\/de\/wp-json\/wp\/v2\/product_cat?post=78510"},{"taxonomy":"product_tag","embeddable":true,"href":"https:\/\/hidalgo.nl\/de\/wp-json\/wp\/v2\/product_tag?post=78510"}],"curies":[{"name":"wp","href":"https:\/\/api.w.org\/{rel}","templated":true}]}}