{"id":78162,"date":"2025-07-06T23:53:56","date_gmt":"2025-07-06T23:53:56","guid":{"rendered":"http:\/\/bidonsenshakers.pim.hidalgo.nl\/product\/tas-van-mesh-met-een-koordje\/"},"modified":"2026-03-22T19:44:38","modified_gmt":"2026-03-22T19:44:38","slug":"tas-van-mesh-met-een-koordje","status":"publish","type":"product","link":"https:\/\/hidalgo.nl\/de\/product\/78162\/meshbeutel-bedrucken-atmungsaktiv-baumwolle-s-m-l\/","title":{"rendered":"&#8211; Tas van mesh met een koordje"},"content":{"rendered":"<p>100% katoen. Bestaat in verschillende formaten. De voorzijde is van mesh en de achterzijde van canvaskatoen.<\/p>\n","protected":false},"excerpt":{"rendered":"<p>100% katoen. Bestaat in verschillende formaten. De voorzijde is van mesh en de achterzijde van canvaskatoen.<\/p>\n","protected":false},"featured_media":78163,"template":"","meta":{"_acf_changed":false,"om_disable_all_campaigns":false,"_monsterinsights_skip_tracking":false,"_monsterinsights_sitenote_active":false,"_monsterinsights_sitenote_note":"","_monsterinsights_sitenote_category":0},"product_brand":[43],"product_cat":[4879,4713],"product_tag":[],"class_list":{"0":"post-78162","1":"product","2":"type-product","3":"status-publish","4":"has-post-thumbnail","6":"product_supplier-a403","7":"product_material-katoen","8":"product_brand-kimood","9":"product_cat-goodie-tasjes","10":"product_cat-tassen","11":"entry","13":"first","14":"instock","15":"taxable","16":"shipping-taxable","17":"purchasable","18":"product-type-variable"},"acf":{"imprint_cost":[{"imprint_cost_key":"33483b79de35c41f6a5968127e3727b83ce2fe0b","product_quantity_price_range":[{"imprint_cost_recommended_selling_price":"0","imprint_cost_recommended_selling_quantity":"1"}],"product_quantity_price_range_buying":false,"imprint_cost_setup_costs":"","imprint_cost_handling_costs":""}]},"aioseo_notices":[],"aioseo_head":"\n\t\t<!-- All in One SEO Pro 4.9.6.2 - aioseo.com -->\n\t<meta name=\"description\" content=\"Du personalisierst den atmungsaktiven Beutel aus Baumwoll-Mesh mit Zugband; Hidalgo druckt dein Logo pr\u00e4zise. Ideal f\u00fcr Events, Goodiebags &amp; Versand: Tasche mit Logo bedrucken oder Kordelzugbeutel bedrucken; Gr\u00f6\u00dfen M, S, L, M, Farbe Natural.\" \/>\n\t<meta name=\"robots\" content=\"max-image-preview:large\" \/>\n\t<link rel=\"canonical\" href=\"https:\/\/hidalgo.nl\/de\/wp-json\/wp\/v2\/product\/78162\" \/>\n\t<meta name=\"generator\" content=\"All in One SEO Pro (AIOSEO) 4.9.6.2\" \/>\n\t\t<meta property=\"og:locale\" content=\"de_DE\" \/>\n\t\t<meta property=\"og:site_name\" content=\"Hidalgo -\" \/>\n\t\t<meta property=\"og:type\" content=\"article\" \/>\n\t\t<meta property=\"og:title\" content=\"Meshbeutel bedrucken atmungsaktiv Baumwolle S M L\" \/>\n\t\t<meta property=\"og:description\" content=\"Du personalisierst den atmungsaktiven Beutel aus Baumwoll-Mesh mit Zugband; Hidalgo druckt dein Logo pr\u00e4zise. Ideal f\u00fcr Events, Goodiebags &amp; Versand: Tasche mit Logo bedrucken oder Kordelzugbeutel bedrucken; Gr\u00f6\u00dfen M, S, L, M, Farbe Natural.\" \/>\n\t\t<meta property=\"og:url\" content=\"https:\/\/hidalgo.nl\/de\/wp-json\/wp\/v2\/product\/78162\" \/>\n\t\t<meta property=\"og:image\" content=\"https:\/\/shop.hidalgo.nl\/wp-content\/uploads\/2025\/11\/cropped-Hidalgo-est1993.png\" \/>\n\t\t<meta property=\"og:image:secure_url\" content=\"https:\/\/shop.hidalgo.nl\/wp-content\/uploads\/2025\/11\/cropped-Hidalgo-est1993.png\" \/>\n\t\t<meta property=\"article:published_time\" content=\"2025-07-06T23:53:56+00:00\" \/>\n\t\t<meta property=\"article:modified_time\" content=\"2026-03-22T19:44:38+00:00\" \/>\n\t\t<meta name=\"twitter:card\" content=\"summary_large_image\" \/>\n\t\t<meta name=\"twitter:title\" content=\"Meshbeutel bedrucken atmungsaktiv Baumwolle S M L\" \/>\n\t\t<meta name=\"twitter:description\" content=\"Du personalisierst den atmungsaktiven Beutel aus Baumwoll-Mesh mit Zugband; Hidalgo druckt dein Logo pr\u00e4zise. Ideal f\u00fcr Events, Goodiebags &amp; Versand: Tasche mit Logo bedrucken oder Kordelzugbeutel bedrucken; Gr\u00f6\u00dfen M, S, L, M, Farbe Natural.\" \/>\n\t\t<meta name=\"twitter:image\" content=\"https:\/\/shop.hidalgo.nl\/wp-content\/uploads\/2025\/11\/cropped-Hidalgo-est1993.png\" \/>\n\t\t<script type=\"application\/ld+json\" class=\"aioseo-schema\">\n\t\t\t{\"@context\":\"https:\\\/\\\/schema.org\",\"@graph\":[{\"@type\":\"BreadcrumbList\",\"@id\":\"https:\\\/\\\/hidalgo.nl\\\/de\\\/product\\\/78162\\\/meshbeutel-bedrucken-atmungsaktiv-baumwolle-s-m-l\\\/#breadcrumblist\",\"itemListElement\":[{\"@type\":\"ListItem\",\"@id\":\"https:\\\/\\\/hidalgo.nl\\\/de\\\/#listItem\",\"position\":1,\"name\":\"Home\",\"item\":\"https:\\\/\\\/hidalgo.nl\\\/de\\\/\",\"nextItem\":{\"@type\":\"ListItem\",\"@id\":\"https:\\\/\\\/hidalgo.nl\\\/example\\\/#listItem\",\"name\":\"example\"}},{\"@type\":\"ListItem\",\"@id\":\"https:\\\/\\\/hidalgo.nl\\\/example\\\/#listItem\",\"position\":2,\"name\":\"example\",\"item\":\"https:\\\/\\\/hidalgo.nl\\\/example\\\/\",\"nextItem\":{\"@type\":\"ListItem\",\"@id\":\"https:\\\/\\\/hidalgo.nl\\\/en\\\/product-supplier\\\/a403\\\/#listItem\",\"name\":\"A403\"},\"previousItem\":{\"@type\":\"ListItem\",\"@id\":\"https:\\\/\\\/hidalgo.nl\\\/de\\\/#listItem\",\"name\":\"Home\"}},{\"@type\":\"ListItem\",\"@id\":\"https:\\\/\\\/hidalgo.nl\\\/en\\\/product-supplier\\\/a403\\\/#listItem\",\"position\":3,\"name\":\"A403\",\"item\":\"https:\\\/\\\/hidalgo.nl\\\/en\\\/product-supplier\\\/a403\\\/\",\"nextItem\":{\"@type\":\"ListItem\",\"@id\":\"https:\\\/\\\/hidalgo.nl\\\/de\\\/product\\\/78162\\\/meshbeutel-bedrucken-atmungsaktiv-baumwolle-s-m-l\\\/#listItem\",\"name\":\"&#8211; Tas van mesh met een koordje\"},\"previousItem\":{\"@type\":\"ListItem\",\"@id\":\"https:\\\/\\\/hidalgo.nl\\\/example\\\/#listItem\",\"name\":\"example\"}},{\"@type\":\"ListItem\",\"@id\":\"https:\\\/\\\/hidalgo.nl\\\/de\\\/product\\\/78162\\\/meshbeutel-bedrucken-atmungsaktiv-baumwolle-s-m-l\\\/#listItem\",\"position\":4,\"name\":\"&#8211; Tas van mesh met een koordje\",\"previousItem\":{\"@type\":\"ListItem\",\"@id\":\"https:\\\/\\\/hidalgo.nl\\\/en\\\/product-supplier\\\/a403\\\/#listItem\",\"name\":\"A403\"}}]},{\"@type\":\"Organization\",\"@id\":\"https:\\\/\\\/hidalgo.nl\\\/de\\\/#organization\",\"name\":\"Hidalgo\",\"url\":\"https:\\\/\\\/hidalgo.nl\\\/de\\\/\",\"logo\":{\"@type\":\"ImageObject\",\"url\":\"https:\\\/\\\/shop.hidalgo.nl\\\/wp-content\\\/uploads\\\/2025\\\/11\\\/cropped-Hidalgo-est1993.png\",\"@id\":\"https:\\\/\\\/hidalgo.nl\\\/de\\\/product\\\/78162\\\/meshbeutel-bedrucken-atmungsaktiv-baumwolle-s-m-l\\\/#organizationLogo\",\"width\":585,\"height\":195},\"image\":{\"@id\":\"https:\\\/\\\/hidalgo.nl\\\/de\\\/product\\\/78162\\\/meshbeutel-bedrucken-atmungsaktiv-baumwolle-s-m-l\\\/#organizationLogo\"}},{\"@type\":\"ProductGroup\",\"@id\":\"https:\\\/\\\/hidalgo.nl\\\/de\\\/product\\\/78162\\\/meshbeutel-bedrucken-atmungsaktiv-baumwolle-s-m-l\\\/#wooCommerceProduct\",\"name\":\"Meshbeutel bedrucken atmungsaktiv Baumwolle S M L\",\"url\":\"https:\\\/\\\/hidalgo.nl\\\/de\\\/product\\\/78162\\\/meshbeutel-bedrucken-atmungsaktiv-baumwolle-s-m-l\\\/\",\"brand\":{\"@type\":\"Brand\",\"name\":\"Kimood\"},\"sku\":\"A403-KI0734\",\"image\":{\"@type\":\"ImageObject\",\"url\":\"https:\\\/\\\/shop.hidalgo.nl\\\/wp-content\\\/uploads\\\/2025\\\/07\\\/0683b0fd5b42c2ff4cfa9ff38923f9a2ed6e9ba030753e7adae52c6c5230ff09.png\",\"@id\":\"https:\\\/\\\/hidalgo.nl\\\/de\\\/product\\\/78162\\\/meshbeutel-bedrucken-atmungsaktiv-baumwolle-s-m-l\\\/#productImage\",\"width\":1000,\"height\":934},\"productGroupID\":78162,\"hasVariant\":[{\"@type\":\"Product\",\"@id\":\"https:\\\/\\\/hidalgo.nl\\\/de\\\/product\\\/78162\\\/meshbeutel-bedrucken-atmungsaktiv-baumwolle-s-m-l\\\/#wooCommerceProduct\",\"name\":\"- Tas van mesh met een koordje - s, natural\",\"url\":\"https:\\\/\\\/hidalgo.nl\\\/de\\\/product\\\/78162\\\/meshbeutel-bedrucken-atmungsaktiv-baumwolle-s-m-l\\\/\",\"sku\":\"A403-KI0734S_64260_64255\",\"gtin\":\"3663639093316\",\"image\":{\"@type\":\"ImageObject\",\"url\":\"https:\\\/\\\/shop.hidalgo.nl\\\/wp-content\\\/uploads\\\/2025\\\/07\\\/0683b0fd5b42c2ff4cfa9ff38923f9a2ed6e9ba030753e7adae52c6c5230ff09.png\",\"@id\":\"https:\\\/\\\/hidalgo.nl\\\/de\\\/product\\\/78162\\\/meshbeutel-bedrucken-atmungsaktiv-baumwolle-s-m-l\\\/#productImage\",\"width\":1000,\"height\":934},\"offers\":{\"@type\":\"Offer\",\"url\":\"https:\\\/\\\/hidalgo.nl\\\/de\\\/product\\\/78162\\\/meshbeutel-bedrucken-atmungsaktiv-baumwolle-s-m-l\\\/#wooCommerceOffer\",\"price\":\"1.1\",\"priceCurrency\":\"EUR\",\"category\":\"Tassen\",\"availability\":\"https:\\\/\\\/schema.org\\\/InStock\",\"priceSpecification\":{\"@type\":\"PriceSpecification\",\"price\":1.1,\"priceCurrency\":\"EUR\",\"valueAddedTaxIncluded\":\"true\"}}},{\"@type\":\"Product\",\"@id\":\"https:\\\/\\\/hidalgo.nl\\\/de\\\/product\\\/78162\\\/meshbeutel-bedrucken-atmungsaktiv-baumwolle-s-m-l\\\/#wooCommerceProduct\",\"name\":\"- Tas van mesh met een koordje - m, natural\",\"url\":\"https:\\\/\\\/hidalgo.nl\\\/de\\\/product\\\/78162\\\/meshbeutel-bedrucken-atmungsaktiv-baumwolle-s-m-l\\\/\",\"sku\":\"A403-KI0734M_64259_64256\",\"gtin\":\"3663639093309\",\"image\":{\"@type\":\"ImageObject\",\"url\":\"https:\\\/\\\/shop.hidalgo.nl\\\/wp-content\\\/uploads\\\/2025\\\/07\\\/0683b0fd5b42c2ff4cfa9ff38923f9a2ed6e9ba030753e7adae52c6c5230ff09.png\",\"@id\":\"https:\\\/\\\/hidalgo.nl\\\/de\\\/product\\\/78162\\\/meshbeutel-bedrucken-atmungsaktiv-baumwolle-s-m-l\\\/#productImage\",\"width\":1000,\"height\":934},\"offers\":{\"@type\":\"Offer\",\"url\":\"https:\\\/\\\/hidalgo.nl\\\/de\\\/product\\\/78162\\\/meshbeutel-bedrucken-atmungsaktiv-baumwolle-s-m-l\\\/#wooCommerceOffer\",\"price\":\"1.18\",\"priceCurrency\":\"EUR\",\"category\":\"Tassen\",\"availability\":\"https:\\\/\\\/schema.org\\\/InStock\",\"priceSpecification\":{\"@type\":\"PriceSpecification\",\"price\":1.18,\"priceCurrency\":\"EUR\",\"valueAddedTaxIncluded\":\"true\"}}},{\"@type\":\"Product\",\"@id\":\"https:\\\/\\\/hidalgo.nl\\\/de\\\/product\\\/78162\\\/meshbeutel-bedrucken-atmungsaktiv-baumwolle-s-m-l\\\/#wooCommerceProduct\",\"name\":\"- Tas van mesh met een koordje - l, natural\",\"url\":\"https:\\\/\\\/hidalgo.nl\\\/de\\\/product\\\/78162\\\/meshbeutel-bedrucken-atmungsaktiv-baumwolle-s-m-l\\\/\",\"sku\":\"A403-KI0734L_64258_64257\",\"gtin\":\"3663639093293\",\"image\":{\"@type\":\"ImageObject\",\"url\":\"https:\\\/\\\/shop.hidalgo.nl\\\/wp-content\\\/uploads\\\/2025\\\/07\\\/0683b0fd5b42c2ff4cfa9ff38923f9a2ed6e9ba030753e7adae52c6c5230ff09.png\",\"@id\":\"https:\\\/\\\/hidalgo.nl\\\/de\\\/product\\\/78162\\\/meshbeutel-bedrucken-atmungsaktiv-baumwolle-s-m-l\\\/#productImage\",\"width\":1000,\"height\":934},\"offers\":{\"@type\":\"Offer\",\"url\":\"https:\\\/\\\/hidalgo.nl\\\/de\\\/product\\\/78162\\\/meshbeutel-bedrucken-atmungsaktiv-baumwolle-s-m-l\\\/#wooCommerceOffer\",\"price\":\"1.33\",\"priceCurrency\":\"EUR\",\"category\":\"Tassen\",\"availability\":\"https:\\\/\\\/schema.org\\\/InStock\",\"priceSpecification\":{\"@type\":\"PriceSpecification\",\"price\":1.33,\"priceCurrency\":\"EUR\",\"valueAddedTaxIncluded\":\"true\"}}}]},{\"@type\":\"WebPage\",\"@id\":\"https:\\\/\\\/hidalgo.nl\\\/de\\\/product\\\/78162\\\/meshbeutel-bedrucken-atmungsaktiv-baumwolle-s-m-l\\\/#webpage\",\"url\":\"https:\\\/\\\/hidalgo.nl\\\/de\\\/product\\\/78162\\\/meshbeutel-bedrucken-atmungsaktiv-baumwolle-s-m-l\\\/\",\"name\":\"Meshbeutel bedrucken atmungsaktiv Baumwolle S M L\",\"description\":\"Du personalisierst den atmungsaktiven Beutel aus Baumwoll-Mesh mit Zugband; Hidalgo druckt dein Logo pr\\u00e4zise. Ideal f\\u00fcr Events, Goodiebags & Versand: Tasche mit Logo bedrucken oder Kordelzugbeutel bedrucken; Gr\\u00f6\\u00dfen M, S, L, M, Farbe Natural.\",\"inLanguage\":\"de-DE\",\"isPartOf\":{\"@id\":\"https:\\\/\\\/hidalgo.nl\\\/de\\\/#website\"},\"breadcrumb\":{\"@id\":\"https:\\\/\\\/hidalgo.nl\\\/de\\\/product\\\/78162\\\/meshbeutel-bedrucken-atmungsaktiv-baumwolle-s-m-l\\\/#breadcrumblist\"},\"image\":{\"@type\":\"ImageObject\",\"url\":\"https:\\\/\\\/shop.hidalgo.nl\\\/wp-content\\\/uploads\\\/2025\\\/07\\\/0683b0fd5b42c2ff4cfa9ff38923f9a2ed6e9ba030753e7adae52c6c5230ff09.png\",\"@id\":\"https:\\\/\\\/hidalgo.nl\\\/de\\\/product\\\/78162\\\/meshbeutel-bedrucken-atmungsaktiv-baumwolle-s-m-l\\\/#mainImage\",\"width\":1000,\"height\":934},\"primaryImageOfPage\":{\"@id\":\"https:\\\/\\\/hidalgo.nl\\\/de\\\/product\\\/78162\\\/meshbeutel-bedrucken-atmungsaktiv-baumwolle-s-m-l\\\/#mainImage\"},\"datePublished\":\"2025-07-06T23:53:56+00:00\",\"dateModified\":\"2026-03-22T19:44:38+00:00\"},{\"@type\":\"WebSite\",\"@id\":\"https:\\\/\\\/hidalgo.nl\\\/de\\\/#website\",\"url\":\"https:\\\/\\\/hidalgo.nl\\\/de\\\/\",\"name\":\"Hidalgo\",\"inLanguage\":\"de-DE\",\"publisher\":{\"@id\":\"https:\\\/\\\/hidalgo.nl\\\/de\\\/#organization\"}}]}\n\t\t<\/script>\n\t\t<!-- All in One SEO Pro -->\r\n\t\t<title>Meshbeutel bedrucken atmungsaktiv Baumwolle S M L<\/title>\n\n","aioseo_head_json":{"title":"Meshbeutel bedrucken atmungsaktiv Baumwolle S M L","description":"Du personalisierst den atmungsaktiven Beutel aus Baumwoll-Mesh mit Zugband; Hidalgo druckt dein Logo pr\u00e4zise. Ideal f\u00fcr Events, Goodiebags & Versand: Tasche mit Logo bedrucken oder Kordelzugbeutel bedrucken; Gr\u00f6\u00dfen M, S, L, M, Farbe Natural.","canonical_url":"https:\/\/hidalgo.nl\/de\/wp-json\/wp\/v2\/product\/78162","robots":"max-image-preview:large","keywords":"","webmasterTools":{"miscellaneous":""},"schema":{"@context":"https:\/\/schema.org","@graph":[{"@type":"BreadcrumbList","@id":"https:\/\/hidalgo.nl\/de\/product\/78162\/meshbeutel-bedrucken-atmungsaktiv-baumwolle-s-m-l\/#breadcrumblist","itemListElement":[{"@type":"ListItem","@id":"https:\/\/hidalgo.nl\/de\/#listItem","position":1,"name":"Home","item":"https:\/\/hidalgo.nl\/de\/","nextItem":{"@type":"ListItem","@id":"https:\/\/hidalgo.nl\/example\/#listItem","name":"example"}},{"@type":"ListItem","@id":"https:\/\/hidalgo.nl\/example\/#listItem","position":2,"name":"example","item":"https:\/\/hidalgo.nl\/example\/","nextItem":{"@type":"ListItem","@id":"https:\/\/hidalgo.nl\/en\/product-supplier\/a403\/#listItem","name":"A403"},"previousItem":{"@type":"ListItem","@id":"https:\/\/hidalgo.nl\/de\/#listItem","name":"Home"}},{"@type":"ListItem","@id":"https:\/\/hidalgo.nl\/en\/product-supplier\/a403\/#listItem","position":3,"name":"A403","item":"https:\/\/hidalgo.nl\/en\/product-supplier\/a403\/","nextItem":{"@type":"ListItem","@id":"https:\/\/hidalgo.nl\/de\/product\/78162\/meshbeutel-bedrucken-atmungsaktiv-baumwolle-s-m-l\/#listItem","name":"&#8211; Tas van mesh met een koordje"},"previousItem":{"@type":"ListItem","@id":"https:\/\/hidalgo.nl\/example\/#listItem","name":"example"}},{"@type":"ListItem","@id":"https:\/\/hidalgo.nl\/de\/product\/78162\/meshbeutel-bedrucken-atmungsaktiv-baumwolle-s-m-l\/#listItem","position":4,"name":"&#8211; Tas van mesh met een koordje","previousItem":{"@type":"ListItem","@id":"https:\/\/hidalgo.nl\/en\/product-supplier\/a403\/#listItem","name":"A403"}}]},{"@type":"Organization","@id":"https:\/\/hidalgo.nl\/de\/#organization","name":"Hidalgo","url":"https:\/\/hidalgo.nl\/de\/","logo":{"@type":"ImageObject","url":"https:\/\/shop.hidalgo.nl\/wp-content\/uploads\/2025\/11\/cropped-Hidalgo-est1993.png","@id":"https:\/\/hidalgo.nl\/de\/product\/78162\/meshbeutel-bedrucken-atmungsaktiv-baumwolle-s-m-l\/#organizationLogo","width":585,"height":195},"image":{"@id":"https:\/\/hidalgo.nl\/de\/product\/78162\/meshbeutel-bedrucken-atmungsaktiv-baumwolle-s-m-l\/#organizationLogo"}},{"@type":"ProductGroup","@id":"https:\/\/hidalgo.nl\/de\/product\/78162\/meshbeutel-bedrucken-atmungsaktiv-baumwolle-s-m-l\/#wooCommerceProduct","name":"Meshbeutel bedrucken atmungsaktiv Baumwolle S M L","url":"https:\/\/hidalgo.nl\/de\/product\/78162\/meshbeutel-bedrucken-atmungsaktiv-baumwolle-s-m-l\/","brand":{"@type":"Brand","name":"Kimood"},"sku":"A403-KI0734","image":{"@type":"ImageObject","url":"https:\/\/shop.hidalgo.nl\/wp-content\/uploads\/2025\/07\/0683b0fd5b42c2ff4cfa9ff38923f9a2ed6e9ba030753e7adae52c6c5230ff09.png","@id":"https:\/\/hidalgo.nl\/de\/product\/78162\/meshbeutel-bedrucken-atmungsaktiv-baumwolle-s-m-l\/#productImage","width":1000,"height":934},"productGroupID":78162,"hasVariant":[{"@type":"Product","@id":"https:\/\/hidalgo.nl\/de\/product\/78162\/meshbeutel-bedrucken-atmungsaktiv-baumwolle-s-m-l\/#wooCommerceProduct","name":"- Tas van mesh met een koordje - s, natural","url":"https:\/\/hidalgo.nl\/de\/product\/78162\/meshbeutel-bedrucken-atmungsaktiv-baumwolle-s-m-l\/","sku":"A403-KI0734S_64260_64255","gtin":"3663639093316","image":{"@type":"ImageObject","url":"https:\/\/shop.hidalgo.nl\/wp-content\/uploads\/2025\/07\/0683b0fd5b42c2ff4cfa9ff38923f9a2ed6e9ba030753e7adae52c6c5230ff09.png","@id":"https:\/\/hidalgo.nl\/de\/product\/78162\/meshbeutel-bedrucken-atmungsaktiv-baumwolle-s-m-l\/#productImage","width":1000,"height":934},"offers":{"@type":"Offer","url":"https:\/\/hidalgo.nl\/de\/product\/78162\/meshbeutel-bedrucken-atmungsaktiv-baumwolle-s-m-l\/#wooCommerceOffer","price":"1.1","priceCurrency":"EUR","category":"Tassen","availability":"https:\/\/schema.org\/InStock","priceSpecification":{"@type":"PriceSpecification","price":1.1,"priceCurrency":"EUR","valueAddedTaxIncluded":"true"}}},{"@type":"Product","@id":"https:\/\/hidalgo.nl\/de\/product\/78162\/meshbeutel-bedrucken-atmungsaktiv-baumwolle-s-m-l\/#wooCommerceProduct","name":"- Tas van mesh met een koordje - m, natural","url":"https:\/\/hidalgo.nl\/de\/product\/78162\/meshbeutel-bedrucken-atmungsaktiv-baumwolle-s-m-l\/","sku":"A403-KI0734M_64259_64256","gtin":"3663639093309","image":{"@type":"ImageObject","url":"https:\/\/shop.hidalgo.nl\/wp-content\/uploads\/2025\/07\/0683b0fd5b42c2ff4cfa9ff38923f9a2ed6e9ba030753e7adae52c6c5230ff09.png","@id":"https:\/\/hidalgo.nl\/de\/product\/78162\/meshbeutel-bedrucken-atmungsaktiv-baumwolle-s-m-l\/#productImage","width":1000,"height":934},"offers":{"@type":"Offer","url":"https:\/\/hidalgo.nl\/de\/product\/78162\/meshbeutel-bedrucken-atmungsaktiv-baumwolle-s-m-l\/#wooCommerceOffer","price":"1.18","priceCurrency":"EUR","category":"Tassen","availability":"https:\/\/schema.org\/InStock","priceSpecification":{"@type":"PriceSpecification","price":1.18,"priceCurrency":"EUR","valueAddedTaxIncluded":"true"}}},{"@type":"Product","@id":"https:\/\/hidalgo.nl\/de\/product\/78162\/meshbeutel-bedrucken-atmungsaktiv-baumwolle-s-m-l\/#wooCommerceProduct","name":"- Tas van mesh met een koordje - l, natural","url":"https:\/\/hidalgo.nl\/de\/product\/78162\/meshbeutel-bedrucken-atmungsaktiv-baumwolle-s-m-l\/","sku":"A403-KI0734L_64258_64257","gtin":"3663639093293","image":{"@type":"ImageObject","url":"https:\/\/shop.hidalgo.nl\/wp-content\/uploads\/2025\/07\/0683b0fd5b42c2ff4cfa9ff38923f9a2ed6e9ba030753e7adae52c6c5230ff09.png","@id":"https:\/\/hidalgo.nl\/de\/product\/78162\/meshbeutel-bedrucken-atmungsaktiv-baumwolle-s-m-l\/#productImage","width":1000,"height":934},"offers":{"@type":"Offer","url":"https:\/\/hidalgo.nl\/de\/product\/78162\/meshbeutel-bedrucken-atmungsaktiv-baumwolle-s-m-l\/#wooCommerceOffer","price":"1.33","priceCurrency":"EUR","category":"Tassen","availability":"https:\/\/schema.org\/InStock","priceSpecification":{"@type":"PriceSpecification","price":1.33,"priceCurrency":"EUR","valueAddedTaxIncluded":"true"}}}]},{"@type":"WebPage","@id":"https:\/\/hidalgo.nl\/de\/product\/78162\/meshbeutel-bedrucken-atmungsaktiv-baumwolle-s-m-l\/#webpage","url":"https:\/\/hidalgo.nl\/de\/product\/78162\/meshbeutel-bedrucken-atmungsaktiv-baumwolle-s-m-l\/","name":"Meshbeutel bedrucken atmungsaktiv Baumwolle S M L","description":"Du personalisierst den atmungsaktiven Beutel aus Baumwoll-Mesh mit Zugband; Hidalgo druckt dein Logo pr\u00e4zise. Ideal f\u00fcr Events, Goodiebags & Versand: Tasche mit Logo bedrucken oder Kordelzugbeutel bedrucken; Gr\u00f6\u00dfen M, S, L, M, Farbe Natural.","inLanguage":"de-DE","isPartOf":{"@id":"https:\/\/hidalgo.nl\/de\/#website"},"breadcrumb":{"@id":"https:\/\/hidalgo.nl\/de\/product\/78162\/meshbeutel-bedrucken-atmungsaktiv-baumwolle-s-m-l\/#breadcrumblist"},"image":{"@type":"ImageObject","url":"https:\/\/shop.hidalgo.nl\/wp-content\/uploads\/2025\/07\/0683b0fd5b42c2ff4cfa9ff38923f9a2ed6e9ba030753e7adae52c6c5230ff09.png","@id":"https:\/\/hidalgo.nl\/de\/product\/78162\/meshbeutel-bedrucken-atmungsaktiv-baumwolle-s-m-l\/#mainImage","width":1000,"height":934},"primaryImageOfPage":{"@id":"https:\/\/hidalgo.nl\/de\/product\/78162\/meshbeutel-bedrucken-atmungsaktiv-baumwolle-s-m-l\/#mainImage"},"datePublished":"2025-07-06T23:53:56+00:00","dateModified":"2026-03-22T19:44:38+00:00"},{"@type":"WebSite","@id":"https:\/\/hidalgo.nl\/de\/#website","url":"https:\/\/hidalgo.nl\/de\/","name":"Hidalgo","inLanguage":"de-DE","publisher":{"@id":"https:\/\/hidalgo.nl\/de\/#organization"}}]},"og:locale":"de_DE","og:site_name":"Hidalgo -","og:type":"article","og:title":"Meshbeutel bedrucken atmungsaktiv Baumwolle S M L","og:description":"Du personalisierst den atmungsaktiven Beutel aus Baumwoll-Mesh mit Zugband; Hidalgo druckt dein Logo pr\u00e4zise. Ideal f\u00fcr Events, Goodiebags &amp; Versand: Tasche mit Logo bedrucken oder Kordelzugbeutel bedrucken; Gr\u00f6\u00dfen M, S, L, M, Farbe Natural.","og:url":"https:\/\/hidalgo.nl\/de\/wp-json\/wp\/v2\/product\/78162","og:image":"https:\/\/shop.hidalgo.nl\/wp-content\/uploads\/2025\/11\/cropped-Hidalgo-est1993.png","og:image:secure_url":"https:\/\/shop.hidalgo.nl\/wp-content\/uploads\/2025\/11\/cropped-Hidalgo-est1993.png","article:published_time":"2025-07-06T23:53:56+00:00","article:modified_time":"2026-03-22T19:44:38+00:00","twitter:card":"summary_large_image","twitter:title":"Meshbeutel bedrucken atmungsaktiv Baumwolle S M L","twitter:description":"Du personalisierst den atmungsaktiven Beutel aus Baumwoll-Mesh mit Zugband; Hidalgo druckt dein Logo pr\u00e4zise. Ideal f\u00fcr Events, Goodiebags &amp; Versand: Tasche mit Logo bedrucken oder Kordelzugbeutel bedrucken; Gr\u00f6\u00dfen M, S, L, M, Farbe Natural.","twitter:image":"https:\/\/shop.hidalgo.nl\/wp-content\/uploads\/2025\/11\/cropped-Hidalgo-est1993.png"},"aioseo_meta_data":{"post_id":"78162","title":null,"description":null,"keywords":null,"keyphrases":null,"primary_term":null,"canonical_url":null,"og_title":null,"og_description":null,"og_object_type":"default","og_image_type":"default","og_image_url":null,"og_image_width":null,"og_image_height":null,"og_image_custom_url":null,"og_image_custom_fields":null,"og_video":null,"og_custom_url":null,"og_article_section":null,"og_article_tags":null,"twitter_use_og":false,"twitter_card":"default","twitter_image_type":"default","twitter_image_url":null,"twitter_image_custom_url":null,"twitter_image_custom_fields":null,"twitter_title":null,"twitter_description":null,"schema":{"blockGraphs":[],"customGraphs":[],"default":{"data":{"Article":[],"Course":[],"Dataset":[],"FAQPage":[],"Movie":[],"Person":[],"Product":[],"ProductReview":[],"Car":[],"Recipe":[],"Service":[],"SoftwareApplication":[],"WebPage":[]},"graphName":"","isEnabled":true},"graphs":[]},"schema_type":"default","schema_type_options":null,"pillar_content":false,"robots_default":true,"robots_noindex":false,"robots_noarchive":false,"robots_nosnippet":false,"robots_nofollow":false,"robots_noimageindex":false,"robots_noodp":false,"robots_notranslate":false,"robots_max_snippet":null,"robots_max_videopreview":null,"robots_max_imagepreview":"large","priority":null,"frequency":null,"local_seo":null,"seo_analyzer_scan_date":"2026-01-20 15:39:40","breadcrumb_settings":null,"limit_modified_date":false,"reviewed_by":null,"open_ai":null,"ai":null,"created":"2026-01-14 06:25:29","updated":"2026-04-22 19:22:55"},"aioseo_breadcrumb":"<div class=\"aioseo-breadcrumbs\"><span class=\"aioseo-breadcrumb\">\n\t<a href=\"https:\/\/hidalgo.nl\/de\/\" title=\"Home\">Home<\/a>\n<\/span><span class=\"aioseo-breadcrumb-separator\">\u00bb<\/span><span class=\"aioseo-breadcrumb\">\n\t<a href=\"https:\/\/hidalgo.nl\/example\/\" title=\"example\">example<\/a>\n<\/span><span class=\"aioseo-breadcrumb-separator\">\u00bb<\/span><span class=\"aioseo-breadcrumb\">\n\t<a href=\"https:\/\/hidalgo.nl\/en\/product-supplier\/a403\/\" title=\"A403\">A403<\/a>\n<\/span><span class=\"aioseo-breadcrumb-separator\">\u00bb<\/span><span class=\"aioseo-breadcrumb\">\n\t\u2013 Tas van mesh met een koordje\n<\/span><\/div>","aioseo_breadcrumb_json":[{"label":"Home","link":"https:\/\/hidalgo.nl\/de\/"},{"label":"example","link":"https:\/\/hidalgo.nl\/example\/"},{"label":"A403","link":"https:\/\/hidalgo.nl\/en\/product-supplier\/a403\/"},{"label":"&#8211; Tas van mesh met een koordje","link":"https:\/\/hidalgo.nl\/de\/product\/78162\/meshbeutel-bedrucken-atmungsaktiv-baumwolle-s-m-l\/"}],"_links":{"self":[{"href":"https:\/\/hidalgo.nl\/de\/wp-json\/wp\/v2\/product\/78162","targetHints":{"allow":["GET"]}}],"collection":[{"href":"https:\/\/hidalgo.nl\/de\/wp-json\/wp\/v2\/product"}],"about":[{"href":"https:\/\/hidalgo.nl\/de\/wp-json\/wp\/v2\/types\/product"}],"wp:featuredmedia":[{"embeddable":true,"href":"https:\/\/hidalgo.nl\/de\/wp-json\/wp\/v2\/media\/78163"}],"wp:attachment":[{"href":"https:\/\/hidalgo.nl\/de\/wp-json\/wp\/v2\/media?parent=78162"}],"wp:term":[{"taxonomy":"product_brand","embeddable":true,"href":"https:\/\/hidalgo.nl\/de\/wp-json\/wp\/v2\/product_brand?post=78162"},{"taxonomy":"product_cat","embeddable":true,"href":"https:\/\/hidalgo.nl\/de\/wp-json\/wp\/v2\/product_cat?post=78162"},{"taxonomy":"product_tag","embeddable":true,"href":"https:\/\/hidalgo.nl\/de\/wp-json\/wp\/v2\/product_tag?post=78162"}],"curies":[{"name":"wp","href":"https:\/\/api.w.org\/{rel}","templated":true}]}}