{"id":77645,"date":"2025-07-06T23:42:17","date_gmt":"2025-07-06T23:42:17","guid":{"rendered":"http:\/\/bidonsenshakers.pim.hidalgo.nl\/product\/ki0517-organizer-tablet-voor-kabels-en-accessoires\/"},"modified":"2026-03-22T16:05:26","modified_gmt":"2026-03-22T16:05:26","slug":"ki0517-organizer-tablet-voor-kabels-en-accessoires","status":"publish","type":"product","link":"https:\/\/hidalgo.nl\/de\/product\/77645\/kabel-organizer-a4-bedrucken-elastikbaender-one-size\/","title":{"rendered":"KI0517 &#8211; Organizer-tablet voor kabels en accessoires"},"content":{"rendered":"<p>100% polyester. Tablet in polyester om kabels te vervoeren. Dankzij een systeem van gekruiste elastieken van verschillende lengtes kunnen alle kabels en accessoires van uw laptops, tablets, smartphones en elk ander elektronisch apparaat hierin worden opgeborgen. Gemakkelijk mee te nemen dankzij het A4-formaat. Past in de meeste rugzakken en werktassen. Achterzak met ritssluiting die gemakkelijk kan worden gepersonaliseerd, om kleine pasjes in te steken.<\/p>\n","protected":false},"excerpt":{"rendered":"<p>100% polyester. Tablet in polyester om kabels te vervoeren. Dankzij een systeem van gekruiste elastieken van verschillende lengtes kunnen alle kabels en accessoires van uw laptops, tablets, smartphones en elk ander elektronisch apparaat hierin worden opgeborgen. Gemakkelijk mee te nemen dankzij het A4-formaat. Past in de meeste rugzakken en werktassen. Achterzak met ritssluiting die gemakkelijk&hellip; <a class=\"more-link\" href=\"https:\/\/hidalgo.nl\/de\/product\/77645\/kabel-organizer-a4-bedrucken-elastikbaender-one-size\/\"><span class=\"screen-reader-text\">KI0517 &#8211; Organizer-tablet voor kabels en accessoires<\/span> weiterlesen<\/a><\/p>\n","protected":false},"featured_media":77646,"template":"","meta":{"_acf_changed":false,"om_disable_all_campaigns":false,"_monsterinsights_skip_tracking":false,"_monsterinsights_sitenote_active":false,"_monsterinsights_sitenote_note":"","_monsterinsights_sitenote_category":0},"product_brand":[43],"product_cat":[4719,4853,4774],"product_tag":[],"class_list":{"0":"post-77645","1":"product","2":"type-product","3":"status-publish","4":"has-post-thumbnail","6":"product_supplier-a403","7":"product_material-polyester","8":"product_brand-kimood","9":"product_cat-promotionele-artikelen","10":"product_cat-reis-accessoires","11":"product_cat-promotionele-artikelen-vrije-tijd","12":"entry","14":"first","15":"instock","16":"taxable","17":"shipping-taxable","18":"purchasable","19":"product-type-variable"},"acf":{"imprint_cost":[{"imprint_cost_key":"33483b79de35c41f6a5968127e3727b83ce2fe0b","product_quantity_price_range":[{"imprint_cost_recommended_selling_price":"0","imprint_cost_recommended_selling_quantity":"1"}],"product_quantity_price_range_buying":false,"imprint_cost_setup_costs":"","imprint_cost_handling_costs":""}]},"aioseo_notices":[],"aioseo_head":"\n\t\t<!-- All in One SEO Pro 4.9.6.2 - aioseo.com -->\n\t<meta name=\"description\" content=\"Bewahre Kabel, Ladeger\u00e4te und USB-Sticks im A4-Format mit internen Elastikb\u00e4ndern sicher auf - ideal f\u00fcr Rucksack, B\u00fcro und Gesch\u00e4ftsreise. Bei Hidalgo l\u00e4sst du den Kabel Organizer mit Logo als Tech Organizer personalisieren; Gr\u00f6\u00dfe One-size.\" \/>\n\t<meta name=\"robots\" content=\"max-image-preview:large\" \/>\n\t<link rel=\"canonical\" href=\"https:\/\/hidalgo.nl\/de\/wp-json\/wp\/v2\/product\/77645\" \/>\n\t<meta name=\"generator\" content=\"All in One SEO Pro (AIOSEO) 4.9.6.2\" \/>\n\t\t<meta property=\"og:locale\" content=\"de_DE\" \/>\n\t\t<meta property=\"og:site_name\" content=\"Hidalgo -\" \/>\n\t\t<meta property=\"og:type\" content=\"article\" \/>\n\t\t<meta property=\"og:title\" content=\"Kabel-Organizer A4 bedrucken Elastikb\u00e4nder One-size\" \/>\n\t\t<meta property=\"og:description\" content=\"Bewahre Kabel, Ladeger\u00e4te und USB-Sticks im A4-Format mit internen Elastikb\u00e4ndern sicher auf - ideal f\u00fcr Rucksack, B\u00fcro und Gesch\u00e4ftsreise. Bei Hidalgo l\u00e4sst du den Kabel Organizer mit Logo als Tech Organizer personalisieren; Gr\u00f6\u00dfe One-size.\" \/>\n\t\t<meta property=\"og:url\" content=\"https:\/\/hidalgo.nl\/de\/wp-json\/wp\/v2\/product\/77645\" \/>\n\t\t<meta property=\"og:image\" content=\"https:\/\/shop.hidalgo.nl\/wp-content\/uploads\/2025\/11\/cropped-Hidalgo-est1993.png\" \/>\n\t\t<meta property=\"og:image:secure_url\" content=\"https:\/\/shop.hidalgo.nl\/wp-content\/uploads\/2025\/11\/cropped-Hidalgo-est1993.png\" \/>\n\t\t<meta property=\"article:published_time\" content=\"2025-07-06T23:42:17+00:00\" \/>\n\t\t<meta property=\"article:modified_time\" content=\"2026-03-22T16:05:26+00:00\" \/>\n\t\t<meta name=\"twitter:card\" content=\"summary_large_image\" \/>\n\t\t<meta name=\"twitter:title\" content=\"Kabel-Organizer A4 bedrucken Elastikb\u00e4nder One-size\" \/>\n\t\t<meta name=\"twitter:description\" content=\"Bewahre Kabel, Ladeger\u00e4te und USB-Sticks im A4-Format mit internen Elastikb\u00e4ndern sicher auf - ideal f\u00fcr Rucksack, B\u00fcro und Gesch\u00e4ftsreise. Bei Hidalgo l\u00e4sst du den Kabel Organizer mit Logo als Tech Organizer personalisieren; Gr\u00f6\u00dfe One-size.\" \/>\n\t\t<meta name=\"twitter:image\" content=\"https:\/\/shop.hidalgo.nl\/wp-content\/uploads\/2025\/11\/cropped-Hidalgo-est1993.png\" \/>\n\t\t<script type=\"application\/ld+json\" class=\"aioseo-schema\">\n\t\t\t{\"@context\":\"https:\\\/\\\/schema.org\",\"@graph\":[{\"@type\":\"BreadcrumbList\",\"@id\":\"https:\\\/\\\/hidalgo.nl\\\/de\\\/product\\\/77645\\\/kabel-organizer-a4-bedrucken-elastikbaender-one-size\\\/#breadcrumblist\",\"itemListElement\":[{\"@type\":\"ListItem\",\"@id\":\"https:\\\/\\\/hidalgo.nl\\\/de\\\/#listItem\",\"position\":1,\"name\":\"Home\",\"item\":\"https:\\\/\\\/hidalgo.nl\\\/de\\\/\",\"nextItem\":{\"@type\":\"ListItem\",\"@id\":\"https:\\\/\\\/hidalgo.nl\\\/example\\\/#listItem\",\"name\":\"example\"}},{\"@type\":\"ListItem\",\"@id\":\"https:\\\/\\\/hidalgo.nl\\\/example\\\/#listItem\",\"position\":2,\"name\":\"example\",\"item\":\"https:\\\/\\\/hidalgo.nl\\\/example\\\/\",\"nextItem\":{\"@type\":\"ListItem\",\"@id\":\"https:\\\/\\\/hidalgo.nl\\\/en\\\/product-supplier\\\/a403\\\/#listItem\",\"name\":\"A403\"},\"previousItem\":{\"@type\":\"ListItem\",\"@id\":\"https:\\\/\\\/hidalgo.nl\\\/de\\\/#listItem\",\"name\":\"Home\"}},{\"@type\":\"ListItem\",\"@id\":\"https:\\\/\\\/hidalgo.nl\\\/en\\\/product-supplier\\\/a403\\\/#listItem\",\"position\":3,\"name\":\"A403\",\"item\":\"https:\\\/\\\/hidalgo.nl\\\/en\\\/product-supplier\\\/a403\\\/\",\"nextItem\":{\"@type\":\"ListItem\",\"@id\":\"https:\\\/\\\/hidalgo.nl\\\/de\\\/product\\\/77645\\\/kabel-organizer-a4-bedrucken-elastikbaender-one-size\\\/#listItem\",\"name\":\"KI0517 &#8211; Organizer-tablet voor kabels en accessoires\"},\"previousItem\":{\"@type\":\"ListItem\",\"@id\":\"https:\\\/\\\/hidalgo.nl\\\/example\\\/#listItem\",\"name\":\"example\"}},{\"@type\":\"ListItem\",\"@id\":\"https:\\\/\\\/hidalgo.nl\\\/de\\\/product\\\/77645\\\/kabel-organizer-a4-bedrucken-elastikbaender-one-size\\\/#listItem\",\"position\":4,\"name\":\"KI0517 &#8211; Organizer-tablet voor kabels en accessoires\",\"previousItem\":{\"@type\":\"ListItem\",\"@id\":\"https:\\\/\\\/hidalgo.nl\\\/en\\\/product-supplier\\\/a403\\\/#listItem\",\"name\":\"A403\"}}]},{\"@type\":\"Organization\",\"@id\":\"https:\\\/\\\/hidalgo.nl\\\/de\\\/#organization\",\"name\":\"Hidalgo\",\"url\":\"https:\\\/\\\/hidalgo.nl\\\/de\\\/\",\"logo\":{\"@type\":\"ImageObject\",\"url\":\"https:\\\/\\\/shop.hidalgo.nl\\\/wp-content\\\/uploads\\\/2025\\\/11\\\/cropped-Hidalgo-est1993.png\",\"@id\":\"https:\\\/\\\/hidalgo.nl\\\/de\\\/product\\\/77645\\\/kabel-organizer-a4-bedrucken-elastikbaender-one-size\\\/#organizationLogo\",\"width\":585,\"height\":195},\"image\":{\"@id\":\"https:\\\/\\\/hidalgo.nl\\\/de\\\/product\\\/77645\\\/kabel-organizer-a4-bedrucken-elastikbaender-one-size\\\/#organizationLogo\"}},{\"@type\":\"ProductGroup\",\"@id\":\"https:\\\/\\\/hidalgo.nl\\\/de\\\/product\\\/77645\\\/kabel-organizer-a4-bedrucken-elastikbaender-one-size\\\/#wooCommerceProduct\",\"name\":\"Kabel-Organizer A4 bedrucken Elastikb\\u00e4nder One-size\",\"url\":\"https:\\\/\\\/hidalgo.nl\\\/de\\\/product\\\/77645\\\/kabel-organizer-a4-bedrucken-elastikbaender-one-size\\\/\",\"brand\":{\"@type\":\"Brand\",\"name\":\"Kimood\"},\"sku\":\"A403-KI0517\",\"image\":{\"@type\":\"ImageObject\",\"url\":\"https:\\\/\\\/shop.hidalgo.nl\\\/wp-content\\\/uploads\\\/2025\\\/07\\\/bb4c0b7691cff742ed70646f099d9e6e54587022ad134521a89320aba4a7c411.png\",\"@id\":\"https:\\\/\\\/hidalgo.nl\\\/de\\\/product\\\/77645\\\/kabel-organizer-a4-bedrucken-elastikbaender-one-size\\\/#productImage\",\"width\":1000,\"height\":934},\"productGroupID\":77645,\"hasVariant\":[{\"@type\":\"Product\",\"@id\":\"https:\\\/\\\/hidalgo.nl\\\/de\\\/product\\\/77645\\\/kabel-organizer-a4-bedrucken-elastikbaender-one-size\\\/#wooCommerceProduct\",\"name\":\"KI0517 - Organizer-tablet voor kabels en accessoires - , black\",\"url\":\"https:\\\/\\\/hidalgo.nl\\\/de\\\/product\\\/77645\\\/kabel-organizer-a4-bedrucken-elastikbaender-one-size\\\/\",\"sku\":\"A403-KI0517_74200_74199\",\"gtin\":\"3663639113601\",\"image\":{\"@type\":\"ImageObject\",\"url\":\"https:\\\/\\\/shop.hidalgo.nl\\\/wp-content\\\/uploads\\\/2025\\\/07\\\/bb4c0b7691cff742ed70646f099d9e6e54587022ad134521a89320aba4a7c411.png\",\"@id\":\"https:\\\/\\\/hidalgo.nl\\\/de\\\/product\\\/77645\\\/kabel-organizer-a4-bedrucken-elastikbaender-one-size\\\/#productImage\",\"width\":1000,\"height\":934},\"offers\":{\"@type\":\"Offer\",\"url\":\"https:\\\/\\\/hidalgo.nl\\\/de\\\/product\\\/77645\\\/kabel-organizer-a4-bedrucken-elastikbaender-one-size\\\/#wooCommerceOffer\",\"price\":\"6.67\",\"priceCurrency\":\"EUR\",\"category\":\"Promotionele Artikelen\",\"availability\":\"https:\\\/\\\/schema.org\\\/InStock\",\"priceSpecification\":{\"@type\":\"PriceSpecification\",\"price\":6.67,\"priceCurrency\":\"EUR\",\"valueAddedTaxIncluded\":\"true\"}}}]},{\"@type\":\"WebPage\",\"@id\":\"https:\\\/\\\/hidalgo.nl\\\/de\\\/product\\\/77645\\\/kabel-organizer-a4-bedrucken-elastikbaender-one-size\\\/#webpage\",\"url\":\"https:\\\/\\\/hidalgo.nl\\\/de\\\/product\\\/77645\\\/kabel-organizer-a4-bedrucken-elastikbaender-one-size\\\/\",\"name\":\"Kabel-Organizer A4 bedrucken Elastikb\\u00e4nder One-size\",\"description\":\"Bewahre Kabel, Ladeger\\u00e4te und USB-Sticks im A4-Format mit internen Elastikb\\u00e4ndern sicher auf - ideal f\\u00fcr Rucksack, B\\u00fcro und Gesch\\u00e4ftsreise. Bei Hidalgo l\\u00e4sst du den Kabel Organizer mit Logo als Tech Organizer personalisieren; Gr\\u00f6\\u00dfe One-size.\",\"inLanguage\":\"de-DE\",\"isPartOf\":{\"@id\":\"https:\\\/\\\/hidalgo.nl\\\/de\\\/#website\"},\"breadcrumb\":{\"@id\":\"https:\\\/\\\/hidalgo.nl\\\/de\\\/product\\\/77645\\\/kabel-organizer-a4-bedrucken-elastikbaender-one-size\\\/#breadcrumblist\"},\"image\":{\"@type\":\"ImageObject\",\"url\":\"https:\\\/\\\/shop.hidalgo.nl\\\/wp-content\\\/uploads\\\/2025\\\/07\\\/bb4c0b7691cff742ed70646f099d9e6e54587022ad134521a89320aba4a7c411.png\",\"@id\":\"https:\\\/\\\/hidalgo.nl\\\/de\\\/product\\\/77645\\\/kabel-organizer-a4-bedrucken-elastikbaender-one-size\\\/#mainImage\",\"width\":1000,\"height\":934},\"primaryImageOfPage\":{\"@id\":\"https:\\\/\\\/hidalgo.nl\\\/de\\\/product\\\/77645\\\/kabel-organizer-a4-bedrucken-elastikbaender-one-size\\\/#mainImage\"},\"datePublished\":\"2025-07-06T23:42:17+00:00\",\"dateModified\":\"2026-03-22T16:05:26+00:00\"},{\"@type\":\"WebSite\",\"@id\":\"https:\\\/\\\/hidalgo.nl\\\/de\\\/#website\",\"url\":\"https:\\\/\\\/hidalgo.nl\\\/de\\\/\",\"name\":\"Hidalgo\",\"inLanguage\":\"de-DE\",\"publisher\":{\"@id\":\"https:\\\/\\\/hidalgo.nl\\\/de\\\/#organization\"}}]}\n\t\t<\/script>\n\t\t<!-- All in One SEO Pro -->\r\n\t\t<title>Kabel-Organizer A4 bedrucken Elastikb\u00e4nder One-size<\/title>\n\n","aioseo_head_json":{"title":"Kabel-Organizer A4 bedrucken Elastikb\u00e4nder One-size","description":"Bewahre Kabel, Ladeger\u00e4te und USB-Sticks im A4-Format mit internen Elastikb\u00e4ndern sicher auf - ideal f\u00fcr Rucksack, B\u00fcro und Gesch\u00e4ftsreise. Bei Hidalgo l\u00e4sst du den Kabel Organizer mit Logo als Tech Organizer personalisieren; Gr\u00f6\u00dfe One-size.","canonical_url":"https:\/\/hidalgo.nl\/de\/wp-json\/wp\/v2\/product\/77645","robots":"max-image-preview:large","keywords":"","webmasterTools":{"miscellaneous":""},"schema":{"@context":"https:\/\/schema.org","@graph":[{"@type":"BreadcrumbList","@id":"https:\/\/hidalgo.nl\/de\/product\/77645\/kabel-organizer-a4-bedrucken-elastikbaender-one-size\/#breadcrumblist","itemListElement":[{"@type":"ListItem","@id":"https:\/\/hidalgo.nl\/de\/#listItem","position":1,"name":"Home","item":"https:\/\/hidalgo.nl\/de\/","nextItem":{"@type":"ListItem","@id":"https:\/\/hidalgo.nl\/example\/#listItem","name":"example"}},{"@type":"ListItem","@id":"https:\/\/hidalgo.nl\/example\/#listItem","position":2,"name":"example","item":"https:\/\/hidalgo.nl\/example\/","nextItem":{"@type":"ListItem","@id":"https:\/\/hidalgo.nl\/en\/product-supplier\/a403\/#listItem","name":"A403"},"previousItem":{"@type":"ListItem","@id":"https:\/\/hidalgo.nl\/de\/#listItem","name":"Home"}},{"@type":"ListItem","@id":"https:\/\/hidalgo.nl\/en\/product-supplier\/a403\/#listItem","position":3,"name":"A403","item":"https:\/\/hidalgo.nl\/en\/product-supplier\/a403\/","nextItem":{"@type":"ListItem","@id":"https:\/\/hidalgo.nl\/de\/product\/77645\/kabel-organizer-a4-bedrucken-elastikbaender-one-size\/#listItem","name":"KI0517 &#8211; Organizer-tablet voor kabels en accessoires"},"previousItem":{"@type":"ListItem","@id":"https:\/\/hidalgo.nl\/example\/#listItem","name":"example"}},{"@type":"ListItem","@id":"https:\/\/hidalgo.nl\/de\/product\/77645\/kabel-organizer-a4-bedrucken-elastikbaender-one-size\/#listItem","position":4,"name":"KI0517 &#8211; Organizer-tablet voor kabels en accessoires","previousItem":{"@type":"ListItem","@id":"https:\/\/hidalgo.nl\/en\/product-supplier\/a403\/#listItem","name":"A403"}}]},{"@type":"Organization","@id":"https:\/\/hidalgo.nl\/de\/#organization","name":"Hidalgo","url":"https:\/\/hidalgo.nl\/de\/","logo":{"@type":"ImageObject","url":"https:\/\/shop.hidalgo.nl\/wp-content\/uploads\/2025\/11\/cropped-Hidalgo-est1993.png","@id":"https:\/\/hidalgo.nl\/de\/product\/77645\/kabel-organizer-a4-bedrucken-elastikbaender-one-size\/#organizationLogo","width":585,"height":195},"image":{"@id":"https:\/\/hidalgo.nl\/de\/product\/77645\/kabel-organizer-a4-bedrucken-elastikbaender-one-size\/#organizationLogo"}},{"@type":"ProductGroup","@id":"https:\/\/hidalgo.nl\/de\/product\/77645\/kabel-organizer-a4-bedrucken-elastikbaender-one-size\/#wooCommerceProduct","name":"Kabel-Organizer A4 bedrucken Elastikb\u00e4nder One-size","url":"https:\/\/hidalgo.nl\/de\/product\/77645\/kabel-organizer-a4-bedrucken-elastikbaender-one-size\/","brand":{"@type":"Brand","name":"Kimood"},"sku":"A403-KI0517","image":{"@type":"ImageObject","url":"https:\/\/shop.hidalgo.nl\/wp-content\/uploads\/2025\/07\/bb4c0b7691cff742ed70646f099d9e6e54587022ad134521a89320aba4a7c411.png","@id":"https:\/\/hidalgo.nl\/de\/product\/77645\/kabel-organizer-a4-bedrucken-elastikbaender-one-size\/#productImage","width":1000,"height":934},"productGroupID":77645,"hasVariant":[{"@type":"Product","@id":"https:\/\/hidalgo.nl\/de\/product\/77645\/kabel-organizer-a4-bedrucken-elastikbaender-one-size\/#wooCommerceProduct","name":"KI0517 - Organizer-tablet voor kabels en accessoires - , black","url":"https:\/\/hidalgo.nl\/de\/product\/77645\/kabel-organizer-a4-bedrucken-elastikbaender-one-size\/","sku":"A403-KI0517_74200_74199","gtin":"3663639113601","image":{"@type":"ImageObject","url":"https:\/\/shop.hidalgo.nl\/wp-content\/uploads\/2025\/07\/bb4c0b7691cff742ed70646f099d9e6e54587022ad134521a89320aba4a7c411.png","@id":"https:\/\/hidalgo.nl\/de\/product\/77645\/kabel-organizer-a4-bedrucken-elastikbaender-one-size\/#productImage","width":1000,"height":934},"offers":{"@type":"Offer","url":"https:\/\/hidalgo.nl\/de\/product\/77645\/kabel-organizer-a4-bedrucken-elastikbaender-one-size\/#wooCommerceOffer","price":"6.67","priceCurrency":"EUR","category":"Promotionele Artikelen","availability":"https:\/\/schema.org\/InStock","priceSpecification":{"@type":"PriceSpecification","price":6.67,"priceCurrency":"EUR","valueAddedTaxIncluded":"true"}}}]},{"@type":"WebPage","@id":"https:\/\/hidalgo.nl\/de\/product\/77645\/kabel-organizer-a4-bedrucken-elastikbaender-one-size\/#webpage","url":"https:\/\/hidalgo.nl\/de\/product\/77645\/kabel-organizer-a4-bedrucken-elastikbaender-one-size\/","name":"Kabel-Organizer A4 bedrucken Elastikb\u00e4nder One-size","description":"Bewahre Kabel, Ladeger\u00e4te und USB-Sticks im A4-Format mit internen Elastikb\u00e4ndern sicher auf - ideal f\u00fcr Rucksack, B\u00fcro und Gesch\u00e4ftsreise. Bei Hidalgo l\u00e4sst du den Kabel Organizer mit Logo als Tech Organizer personalisieren; Gr\u00f6\u00dfe One-size.","inLanguage":"de-DE","isPartOf":{"@id":"https:\/\/hidalgo.nl\/de\/#website"},"breadcrumb":{"@id":"https:\/\/hidalgo.nl\/de\/product\/77645\/kabel-organizer-a4-bedrucken-elastikbaender-one-size\/#breadcrumblist"},"image":{"@type":"ImageObject","url":"https:\/\/shop.hidalgo.nl\/wp-content\/uploads\/2025\/07\/bb4c0b7691cff742ed70646f099d9e6e54587022ad134521a89320aba4a7c411.png","@id":"https:\/\/hidalgo.nl\/de\/product\/77645\/kabel-organizer-a4-bedrucken-elastikbaender-one-size\/#mainImage","width":1000,"height":934},"primaryImageOfPage":{"@id":"https:\/\/hidalgo.nl\/de\/product\/77645\/kabel-organizer-a4-bedrucken-elastikbaender-one-size\/#mainImage"},"datePublished":"2025-07-06T23:42:17+00:00","dateModified":"2026-03-22T16:05:26+00:00"},{"@type":"WebSite","@id":"https:\/\/hidalgo.nl\/de\/#website","url":"https:\/\/hidalgo.nl\/de\/","name":"Hidalgo","inLanguage":"de-DE","publisher":{"@id":"https:\/\/hidalgo.nl\/de\/#organization"}}]},"og:locale":"de_DE","og:site_name":"Hidalgo -","og:type":"article","og:title":"Kabel-Organizer A4 bedrucken Elastikb\u00e4nder One-size","og:description":"Bewahre Kabel, Ladeger\u00e4te und USB-Sticks im A4-Format mit internen Elastikb\u00e4ndern sicher auf - ideal f\u00fcr Rucksack, B\u00fcro und Gesch\u00e4ftsreise. Bei Hidalgo l\u00e4sst du den Kabel Organizer mit Logo als Tech Organizer personalisieren; Gr\u00f6\u00dfe One-size.","og:url":"https:\/\/hidalgo.nl\/de\/wp-json\/wp\/v2\/product\/77645","og:image":"https:\/\/shop.hidalgo.nl\/wp-content\/uploads\/2025\/11\/cropped-Hidalgo-est1993.png","og:image:secure_url":"https:\/\/shop.hidalgo.nl\/wp-content\/uploads\/2025\/11\/cropped-Hidalgo-est1993.png","article:published_time":"2025-07-06T23:42:17+00:00","article:modified_time":"2026-03-22T16:05:26+00:00","twitter:card":"summary_large_image","twitter:title":"Kabel-Organizer A4 bedrucken Elastikb\u00e4nder One-size","twitter:description":"Bewahre Kabel, Ladeger\u00e4te und USB-Sticks im A4-Format mit internen Elastikb\u00e4ndern sicher auf - ideal f\u00fcr Rucksack, B\u00fcro und Gesch\u00e4ftsreise. Bei Hidalgo l\u00e4sst du den Kabel Organizer mit Logo als Tech Organizer personalisieren; Gr\u00f6\u00dfe One-size.","twitter:image":"https:\/\/shop.hidalgo.nl\/wp-content\/uploads\/2025\/11\/cropped-Hidalgo-est1993.png"},"aioseo_meta_data":{"post_id":"77645","title":null,"description":null,"keywords":null,"keyphrases":null,"primary_term":null,"canonical_url":null,"og_title":null,"og_description":null,"og_object_type":"default","og_image_type":"default","og_image_url":null,"og_image_width":null,"og_image_height":null,"og_image_custom_url":null,"og_image_custom_fields":null,"og_video":null,"og_custom_url":null,"og_article_section":null,"og_article_tags":null,"twitter_use_og":false,"twitter_card":"default","twitter_image_type":"default","twitter_image_url":null,"twitter_image_custom_url":null,"twitter_image_custom_fields":null,"twitter_title":null,"twitter_description":null,"schema":{"blockGraphs":[],"customGraphs":[],"default":{"data":{"Article":[],"Course":[],"Dataset":[],"FAQPage":[],"Movie":[],"Person":[],"Product":[],"ProductReview":[],"Car":[],"Recipe":[],"Service":[],"SoftwareApplication":[],"WebPage":[]},"graphName":"","isEnabled":true},"graphs":[]},"schema_type":"default","schema_type_options":null,"pillar_content":false,"robots_default":true,"robots_noindex":false,"robots_noarchive":false,"robots_nosnippet":false,"robots_nofollow":false,"robots_noimageindex":false,"robots_noodp":false,"robots_notranslate":false,"robots_max_snippet":null,"robots_max_videopreview":null,"robots_max_imagepreview":"large","priority":null,"frequency":null,"local_seo":null,"seo_analyzer_scan_date":"2026-01-20 15:34:23","breadcrumb_settings":null,"limit_modified_date":false,"reviewed_by":null,"open_ai":null,"ai":null,"created":"2026-01-14 06:25:29","updated":"2026-04-22 19:14:48"},"aioseo_breadcrumb":"<div class=\"aioseo-breadcrumbs\"><span class=\"aioseo-breadcrumb\">\n\t<a href=\"https:\/\/hidalgo.nl\/de\/\" title=\"Home\">Home<\/a>\n<\/span><span class=\"aioseo-breadcrumb-separator\">\u00bb<\/span><span class=\"aioseo-breadcrumb\">\n\t<a href=\"https:\/\/hidalgo.nl\/example\/\" title=\"example\">example<\/a>\n<\/span><span class=\"aioseo-breadcrumb-separator\">\u00bb<\/span><span class=\"aioseo-breadcrumb\">\n\t<a href=\"https:\/\/hidalgo.nl\/en\/product-supplier\/a403\/\" title=\"A403\">A403<\/a>\n<\/span><span class=\"aioseo-breadcrumb-separator\">\u00bb<\/span><span class=\"aioseo-breadcrumb\">\n\tKI0517 \u2013 Organizer-tablet voor kabels en accessoires\n<\/span><\/div>","aioseo_breadcrumb_json":[{"label":"Home","link":"https:\/\/hidalgo.nl\/de\/"},{"label":"example","link":"https:\/\/hidalgo.nl\/example\/"},{"label":"A403","link":"https:\/\/hidalgo.nl\/en\/product-supplier\/a403\/"},{"label":"KI0517 &#8211; Organizer-tablet voor kabels en accessoires","link":"https:\/\/hidalgo.nl\/de\/product\/77645\/kabel-organizer-a4-bedrucken-elastikbaender-one-size\/"}],"_links":{"self":[{"href":"https:\/\/hidalgo.nl\/de\/wp-json\/wp\/v2\/product\/77645","targetHints":{"allow":["GET"]}}],"collection":[{"href":"https:\/\/hidalgo.nl\/de\/wp-json\/wp\/v2\/product"}],"about":[{"href":"https:\/\/hidalgo.nl\/de\/wp-json\/wp\/v2\/types\/product"}],"wp:featuredmedia":[{"embeddable":true,"href":"https:\/\/hidalgo.nl\/de\/wp-json\/wp\/v2\/media\/77646"}],"wp:attachment":[{"href":"https:\/\/hidalgo.nl\/de\/wp-json\/wp\/v2\/media?parent=77645"}],"wp:term":[{"taxonomy":"product_brand","embeddable":true,"href":"https:\/\/hidalgo.nl\/de\/wp-json\/wp\/v2\/product_brand?post=77645"},{"taxonomy":"product_cat","embeddable":true,"href":"https:\/\/hidalgo.nl\/de\/wp-json\/wp\/v2\/product_cat?post=77645"},{"taxonomy":"product_tag","embeddable":true,"href":"https:\/\/hidalgo.nl\/de\/wp-json\/wp\/v2\/product_tag?post=77645"}],"curies":[{"name":"wp","href":"https:\/\/api.w.org\/{rel}","templated":true}]}}